{"id":6367,"date":"2026-03-20T17:27:41","date_gmt":"2026-03-20T10:27:41","guid":{"rendered":"https:\/\/vannangvn.123websitedev.com\/san-pham\/he-thong-saxs-waxs-anton-paar-model-saxspoint-700\/"},"modified":"2026-03-30T18:18:38","modified_gmt":"2026-03-30T11:18:38","slug":"he-thong-saxs-waxs-anton-paar-model-saxspoint-700","status":"publish","type":"product","link":"https:\/\/vannangvn.123websitedev.com\/en\/product\/he-thong-saxs-waxs-anton-paar-model-saxspoint-700\/","title":{"rendered":"H\u1ec6 TH\u1ed0NG SAXS\/WAXS ANTON PAAR MODEL SAXSPOINT 700"},"content":{"rendered":"<h1 style=\"color: red; font-weight: bold; font-size: 24px;\">T&#7893;ng quan s&#7843;n ph&#7849;m H&#7878; TH&#7888;NG SAXS\/WAXS ANTON PAAR MODEL SAXSPOINT 700<p>H&#7879; Th&#7889;ng SAXS\/WAXS (SAXS\/WAXS System) Anton Paar Model SAXSpoint 700<br>\nSAXSpoint 700 Anton Paar l&agrave; h&#7879; th&#7889;ng SAXS\/WAXS\/GISAXS\/USAXS\/RheoSAXS ti&ecirc;n ti&#7871;n, &#273;&#432;&#7907;c thi&#7871;t k&#7871; v&#7899;i c&ocirc;ng ngh&#7879; &#273;&#7847;u d&ograve; synchrotron nh&#7857;m mang l&#7841;i &#273;&#7897; ph&acirc;n gi&#7843;i v&#432;&#7907;t tr&#7897;i trong m&#7897;t thi&#7871;t b&#7883; nh&#7887; g&#7885;n. &#272;&acirc;y l&agrave; l&#7921;a ch&#7885;n l&yacute; t&#432;&#7903;ng cho c&aacute;c nghi&ecirc;n c&#7913;u chuy&ecirc;n s&acirc;u v&#7873; c&#7845;u tr&uacute;c nano, ph&ugrave; h&#7907;p v&#7899;i nhi&#7873;u l&#297;nh v&#7921;c nh&#432; v&#7853;t li&#7879;u, sinh h&#7885;c, d&#432;&#7907;c ph&#7849;m v&agrave; khoa h&#7885;c nano. H&atilde;y c&ugrave;ng V&#7841;n N&#259;ng t&igrave;m hi&#7875;u chi ti&#7871;t h&#417;n v&#7873; s&#7843;n ph&#7849;m th&ocirc;ng qua b&agrave;i vi&#7871;t d&#432;&#7899;i &#273;&acirc;y nh&eacute;!<\/p><p>Xem th&ecirc;m: M&aacute;y Ki&#7875;m Tra &#272;&#7897; Ph&#7845;n H&oacute;a NeurTek Instruments Model Chalking Tester<\/p><h2 style=\"color: #2e7d32; font-weight: bold; font-size: 20px;\">Nh&#7919;ng T&iacute;nh N&#259;ng N&#7893;i B&#7853;t C&#7911;a SAXSpoint 700<\/h2><p>Kh&ocirc;ng gi&#7899;i h&#7841;n v&#7873; m&ocirc;i tr&#432;&#7901;ng th&iacute; nghi&#7879;m<br>\nH&#7879; Th&#7889;ng Ph&acirc;n T&iacute;ch Cao C&#7845;p SAXSpoint 700 s&#7903; h&#7919;u bu&#7891;ng &#273;o r&#7897;ng r&atilde;i, &#273;&aacute;p &#7913;ng nhu c&#7847;u nghi&ecirc;n c&#7913;u &#273;a d&#7841;ng v&#7899;i kh&#7843; n&#259;ng ph&acirc;n t&iacute;ch m&#7851;u trong c&aacute;c &#273;i&#7873;u ki&#7879;n m&ocirc;i tr&#432;&#7901;ng kh&aacute;c nhau.<br>\n&#431;u &#273;i&#7875;m v&#432;&#7907;t tr&#7897;i:<\/p><p>Linh ho&#7841;t v&#7899;i nhi&#7873;u lo&#7841;i m&#7851;u: H&#7895; tr&#7907; ph&acirc;n t&iacute;ch v&#7853;t li&#7879;u r&#7855;n, l&#7887;ng v&agrave; kh&iacute;.<br>\nChuy&#7875;n &#273;&#7893;i m&#7851;u nhanh ch&oacute;ng: Nh&#7901; ph&#7847;n m&#7873;m SAXSdrive&trade;, ng&#432;&#7901;i d&ugrave;ng c&oacute; th&#7875; thay &#273;&#7893;i gi&#7919;a c&aacute;c ch&#7871; &#273;&#7897; th&#7917; nghi&#7879;m m&agrave; kh&ocirc;ng c&#7847;n c&#259;n ch&#7881;nh l&#7841;i h&#7879; th&#7889;ng.<br>\nD&#7843;i nhi&#7879;t &#273;&#7897; r&#7897;ng: SAXSpoint 700 System ho&#7841;t &#273;&#7897;ng &#7893;n &#273;&#7883;nh t&#7915; -150 &deg;C &#273;&#7871;n 500 &deg;C, th&iacute;ch h&#7907;p cho c&aacute;c nghi&ecirc;n c&#7913;u y&ecirc;u c&#7847;u ki&#7875;m so&aacute;t nhi&#7879;t &#273;&#7897; ch&iacute;nh x&aacute;c.<br>\nT&iacute;ch h&#7907;p RheoSAXS: K&#7871;t h&#7907;p nghi&ecirc;n c&#7913;u c&#7845;u tr&uacute;c nano v&agrave; t&iacute;nh ch&#7845;t l&#432;u bi&#7871;n c&#7911;a v&#7853;t li&#7879;u trong c&ugrave;ng m&#7897;t h&#7879; th&#7889;ng.<br>\nH&#7895; tr&#7907; ph&acirc;n t&iacute;ch t&#7921; &#273;&#7897;ng: B&#7897; l&#7845;y m&#7851;u ki&#7875;m so&aacute;t nhi&#7879;t &#273;&#7897; gi&uacute;p th&#7917; nghi&#7879;m hi&#7879;u qu&#7843; ngay c&#7843; trong &#273;i&#7873;u ki&#7879;n kh&ocirc;ng kh&iacute;.<\/p><p>H&#7879; th&#7889;ng ch&ugrave;m tia X ti&ecirc;n ti&#7871;n<br>\nAnton Paar SAXSpoint 700 s&#7917; d&#7909;ng h&#7879; th&#7889;ng ph&acirc;n ph&#7889;i tia X h&agrave;ng &#273;&#7847;u, gi&uacute;p c&#7843;i thi&#7879;n &#273;&#7897; ch&iacute;nh x&aacute;c d&#7919; li&#7879;u v&agrave; &#273;&#7843;m b&#7843;o k&#7871;t qu&#7843; &#273;&aacute;ng tin c&#7853;y nh&#7845;t.<\/p><p>&#272;&#7897; tinh khi&#7871;t ph&#7893; tia X &gt;99.9 % Cu K&alpha;: Gi&#7843;m thi&#7875;u nhi&#7877;u n&#7873;n v&agrave; t&#7889;i &#432;u h&oacute;a &#273;&#7897; ph&acirc;n gi&#7843;i.<br>\nChu&#7849;n tr&#7921;c ch&ugrave;m tia kh&ocirc;ng t&aacute;n x&#7841;: Lo&#7841;i b&#7887; hi&#7879;n t&#432;&#7907;ng nhi&#7877;u kh&ocirc;ng mong mu&#7889;n, t&#259;ng &#273;&#7897; ch&iacute;nh x&aacute;c ph&eacute;p &#273;o.<br>\nKh&#7843; n&#259;ng ph&acirc;n gi&#7843;i c&#7845;u tr&uacute;c nano l&ecirc;n &#273;&#7871;n 620 nm (USAXS m&#7903; r&#7897;ng &#273;&#7871;n c&#7845;p micromet).<\/p><p>V&#7899;i thi&#7871;t k&#7871; nh&#7887; g&#7885;n 3.6 m x 0.9 m, H&#7879; Th&#7889;ng SAXSpoint 700 mang l&#7841;i hi&#7879;u su&#7845;t v&#432;&#7907;t tr&#7897;i m&agrave; kh&ocirc;ng chi&#7871;m qu&aacute; nhi&#7873;u kh&ocirc;ng gian ph&ograve;ng th&iacute; nghi&#7879;m.<\/p><p>Ph&acirc;n t&iacute;ch SAXS v&agrave; WAXS &#273;&#7891;ng th&#7901;i<br>\nNh&#7901; c&ocirc;ng ngh&#7879; Slidemaster, H&#7879; Th&#7889;ng T&aacute;n T&#7841; Tia X SAXSpoint 700 cho ph&eacute;p thu th&#7853;p &#273;&#7891;ng th&#7901;i d&#7919; li&#7879;u SAXS v&agrave; WAXS ch&#7881; trong m&#7897;t l&#7847;n &#273;o m&agrave; kh&ocirc;ng c&#7847;n c&#259;n ch&#7881;nh l&#7841;i h&#7879; th&#7889;ng.<\/p><p>T&#7889;i &#432;u h&oacute;a th&#7901;i gian nghi&ecirc;n c&#7913;u: Lo&#7841;i b&#7887; c&aacute;c b&#432;&#7899;c c&agrave;i &#273;&#7863;t ph&#7913;c t&#7841;p gi&#7919;a c&aacute;c ph&eacute;p &#273;o.<br>\nD&#7843;i q linh ho&#7841;t: D&#7877; d&agrave;ng l&#7921;a ch&#7885;n ph&#7841;m vi q t&#7889;i &#432;u cho t&#7915;ng lo&#7841;i th&iacute; nghi&#7879;m.<br>\nT&#7921; &#273;&#7897;ng &#273;i&#7873;u ch&#7881;nh beamstop: Gi&uacute;p quy tr&igrave;nh th&#7917; nghi&#7879;m di&#7877;n ra m&#432;&#7907;t m&agrave;, ti&#7871;t ki&#7879;m c&ocirc;ng s&#7913;c.<br>\nH&#7895; tr&#7907; &#273;&#7847;u d&ograve; EIGER2 R: Cho ph&eacute;p th&#7921;c hi&#7879;n &#273;o kh&ocirc;ng c&#7847;n beamstop, mang l&#7841;i &#273;&#7897; ch&iacute;nh x&aacute;c cao h&#417;n.<\/p><p>Tr&iacute; tu&#7879; nh&acirc;n t&#7841;o h&#7895; tr&#7907; nghi&ecirc;n c&#7913;u<br>\nThi&#7871;t B&#7883; Ph&acirc;n T&iacute;ch SAXS\/WAXS SAXSpoint 700 &#273;i k&egrave;m v&#7899;i b&#7897; ph&#7847;n m&#7873;m ti&ecirc;n ti&#7871;n, gi&uacute;p t&#7921; &#273;&#7897;ng h&oacute;a v&agrave; t&#7889;i &#432;u h&oacute;a quy tr&igrave;nh ph&acirc;n t&iacute;ch:<\/p><p>SAXSdrive&trade;: Giao di&#7879;n tr&#7921;c quan, h&#7895; tr&#7907; t&#7921; &#273;&#7897;ng h&oacute;a to&agrave;n b&#7897; qu&aacute; tr&igrave;nh &#273;o &#273;&#7841;c.<\/p><h2 style=\"color: #2e7d32; font-weight: bold; font-size: 20px;\">SAXSanalysis&trade;: Ph&#7847;n m&#7873;m ph&acirc;n t&iacute;ch m&#7841;nh m&#7869; v&#7899;i nhi&#7873;u t&iacute;nh n&#259;ng chuy&ecirc;n s&acirc;u.<\/h2><h2 style=\"color: #2e7d32; font-weight: bold; font-size: 20px;\">T&iacute;nh n&#259;ng n&#7893;i b&#7853;t:<\/h2><p>T&#7841;o m&#7851;u ph&acirc;n t&iacute;ch t&ugrave;y ch&#7881;nh: T&#259;ng t&#7889;c &#273;&#7897; x&#7917; l&yacute; d&#7919; li&#7879;u nh&#7901; c&aacute;c template d&#7921;ng s&#7861;n.<\/p><h2 style=\"color: #0073aa; font-weight: bold; font-size: 20px;\">X&aacute;c &#273;&#7883;nh ch&iacute;nh x&aacute;c c&aacute;c th&ocirc;ng s&#7889; quan tr&#7885;ng:<\/h2><p>B&aacute;n k&iacute;nh h&#7891;i chuy&#7875;n (Rg)<br>\nK&iacute;ch th&#432;&#7899;c h&#7841;t nano<br>\nH&#7857;ng s&#7889; Porod<br>\nDi&#7879;n t&iacute;ch b&#7873; m&#7863;t ri&ecirc;ng<br>\n&#272;&#7891; th&#7883; Kratky<\/p><p>H&#7895; tr&#7907; xu&#7845;t d&#7919; li&#7879;u &#273;a &#273;&#7883;nh d&#7841;ng: Model SAXSpoint 700 d&#7877; d&agrave;ng chuy&#7875;n &#273;&#7893;i sang c&aacute;c ph&#7847;n m&#7873;m ph&acirc;n t&iacute;ch chuy&ecirc;n d&#7909;ng.<br>\nAPI Python &#273;&#7897;c quy&#7873;n: Cho ph&eacute;p l&#7853;p tr&igrave;nh &#273;i&#7873;u khi&#7875;n th&iacute; nghi&#7879;m linh ho&#7841;t, th&iacute;ch h&#7907;p cho c&aacute;c nghi&ecirc;n c&#7913;u chuy&ecirc;n s&acirc;u.<\/p><p>Xem th&ecirc;m: Thi&#7871;t B&#7883; Ki&#7875;m Tra &#272;&#7897; B&#7873;n S&#417;n B&#7857;ng Dung D&#7883;ch MEK (MEK Rub Test Machine) DJH Korea<\/p><p>&#7912;ng D&#7909;ng Th&#7921;c Ti&#7877;n C&#7911;a SAXSpoint 700<br>\nV&#7899;i kh&#7843; n&#259;ng ph&acirc;n t&iacute;ch linh ho&#7841;t v&agrave; ch&iacute;nh x&aacute;c, Thi&#7871;t B&#7883; T&aacute;n T&#7841; Tia X SAXSpoint 700 Anton Paar &#273;&#432;&#7907;c &#7913;ng d&#7909;ng trong nhi&#7873;u l&#297;nh v&#7921;c khoa h&#7885;c:<\/p><p>Nghi&ecirc;n c&#7913;u v&#7853;t li&#7879;u nano: X&aacute;c &#273;&#7883;nh c&#7845;u tr&uacute;c h&#7841;t nano trong v&#7853;t li&#7879;u ti&ecirc;n ti&#7871;n.<br>\nKhoa h&#7885;c sinh h&#7885;c: Ph&acirc;n t&iacute;ch c&#7845;u tr&uacute;c protein, polymer sinh h&#7885;c v&agrave; v&#7853;t li&#7879;u sinh h&#7885;c kh&aacute;c.<br>\nD&#432;&#7907;c ph&#7849;m: &#272;&aacute;nh gi&aacute; k&iacute;ch th&#432;&#7899;c v&agrave; h&igrave;nh th&aacute;i h&#7841;t nano trong thu&#7889;c v&agrave; h&#7879; ph&acirc;n ph&#7889;i d&#432;&#7907;c ph&#7849;m.<br>\nH&oacute;a h&#7885;c v&#7853;t li&#7879;u: SAXS System SAXSpoint 700 ki&#7875;m tra h&#7879; keo, dung d&#7883;ch polymer, v&#7853;t li&#7879;u lai h&#7919;u c&#417; &ndash; v&ocirc; c&#417;.<br>\nTh&#7921;c ph&#7849;m &amp; C&ocirc;ng ngh&#7879; sinh h&#7885;c: Nghi&ecirc;n c&#7913;u c&#7845;u tr&uacute;c vi m&ocirc; c&#7911;a protein, ch&#7845;t b&eacute;o v&agrave; c&aacute;c th&agrave;nh ph&#7847;n kh&aacute;c.<\/p><p>Nh&#7919;ng L&yacute; Do N&ecirc;n Mua H&#7879; Th&#7889;ng SAXS\/WAXS T&#7841;i V&#7841;n N&#259;ng<\/p><p>C&ocirc;ng ty Thi&#7871;t B&#7883; C&ocirc;ng Ngh&#7879; V&#7841;n N&#259;ng l&agrave; &#273;&#7889;i t&aacute;c ch&iacute;nh th&#7913;c ph&acirc;n ph&#7889;i H&#7879; Th&#7889;ng SAXS\/WAXS h&agrave;ng &#273;&#7847;u t&#7841;i Vi&#7879;t Nam, cam k&#7871;t cung c&#7845;p s&#7843;n ph&#7849;m ch&iacute;nh h&atilde;ng v&#7899;i gi&aacute; c&#7843; c&#7841;nh tranh nh&#7845;t th&#7883; tr&#432;&#7901;ng. V&#7899;i uy t&iacute;n tr&ecirc;n th&#7883; tr&#432;&#7901;ng v&agrave; ch&#7871; &#273;&#7897; h&#7851;u m&atilde;i t&#7889;t, Thi&#7871;t B&#7883; C&ocirc;ng Ngh&#7879; V&#7841;n N&#259;ng &#273;&atilde; nh&#7853;n &#273;&#432;&#7907;c s&#7921; tin t&#432;&#7903;ng t&#7915; kh&aacute;ch h&agrave;ng nh&#7901; v&agrave;o ch&#7845;t l&#432;&#7907;ng h&agrave;ng &#273;&#7847;u c&#7911;a c&aacute;c d&ograve;ng s&#7843;n ph&#7849;m.<br>\nS&#7843;n ph&#7849;m c&#7911;a ch&uacute;ng t&ocirc;i &#273;&#432;&#7907;c ki&#7875;m &#273;&#7883;nh ch&#7845;t l&#432;&#7907;ng, nh&#7853;p kh&#7849;u tr&#7921;c ti&#7871;p t&#7915; nh&agrave; m&aacute;y b&ecirc;n Ch&acirc;u &Acirc;u, M&#7929;, &Uacute;c, Nh&#7853;t B&#7843;n,&hellip; v&agrave; &#273;&aacute;p &#7913;ng nhu c&#7847;u &#273;a d&#7841;ng c&#7911;a th&#7883; tr&#432;&#7901;ng nh&#432;: M&aacute;y &#272;o &#272;&#7897; C&#7913;ng, M&aacute;y SPECTROMAXx, M&aacute;y Ki&#7875;m Tra &#272;&#432;&#7901;ng Gh&eacute;p M&iacute; Lon,&hellip; Ch&uacute;ng t&ocirc;i cam k&#7871;t cung c&#7845;p s&#7843;n ph&#7849;m n&agrave;y tr&ecirc;n to&agrave;n qu&#7889;c v&#7899;i gi&aacute; c&#7843; c&#7841;nh tranh nh&#7845;t.<br>\nCh&uacute;ng t&ocirc;i c&oacute; &#273;&#7897;i ng&#361; chuy&ecirc;n vi&ecirc;n t&#432; v&#7845;n chuy&ecirc;n s&acirc;u s&#7869; h&#7895; tr&#7907; kh&aacute;ch h&agrave;ng v&#7873; chi ti&#7871;t s&#7843;n ph&#7849;m, h&#432;&#7899;ng d&#7851;n s&#7917; d&#7909;ng hay nh&#7919;ng th&#7913; li&ecirc;n quan &#273;&#7871;n v&#7845;n &#273;&#7873; m&agrave; doanh nghi&#7879;p b&#7841;n &#273;ang g&#7863;p ph&#7843;i. Ch&uacute;ng t&ocirc;i s&#7869; cung c&#7845;p nh&#7919;ng gi&#7843;i ph&aacute;p t&#7889;i &#432;u nh&#7845;t!<br>\nNgo&agrave;i ra Thi&#7871;t B&#7883; C&ocirc;ng Ngh&#7879; V&#7841;n N&#259;ng Ch&uacute;ng T&ocirc;i lu&ocirc;n h&#432;&#7899;ng &#273;&#7871;n tr&#7843;i nghi&#7879;m kh&aacute;ch h&agrave;ng, v&igrave; v&#7853;y ch&uacute;ng t&ocirc;i c&oacute; nh&#7919;ng ch&iacute;nh s&aacute;ch b&#7843;o h&agrave;nh, b&#7843;o tr&igrave; &ndash; b&#7843;o d&#432;&#7905;ng, hi&#7879;u chu&#7849;n v&#7899;i t&#7845;t c&#7843; c&aacute;c thi&#7871;t b&#7883;, m&aacute;y m&oacute;c m&agrave; ch&uacute;ng t&ocirc;i cung c&#7845;p. &#272;&#7843;m b&#7843;o mang &#273;&#7871;n cho Kh&aacute;ch h&agrave;ng s&#7921; y&ecirc;n t&acirc;m tuy&#7879;t &#273;&#7889;i v&#7873; d&#7883;ch v&#7909; khi mua h&agrave;ng.<\/p><p>Xem th&ecirc;m: M&aacute;y &#272;o T&#7927; Tr&#7885;ng C&#7847;m Tay (Handheld Density Meter) Anton Paar DMA 35 Basic<\/p><p>T&#7893;ng K&#7871;t<br>\nV&#7899;i kh&#7843; n&#259;ng ph&acirc;n t&iacute;ch c&#7845;u tr&uacute;c l&ecirc;n &#273;&#7871;n 620 nm v&agrave; m&#7903; r&#7897;ng sang c&#7845;p &#273;&#7897; micromet nh&#7901; c&ocirc;ng ngh&#7879; USAXS, SAXSpoint 700 cung c&#7845;p d&#7919; li&#7879;u ch&iacute;nh x&aacute;c v&#7899;i ch&#7845;t l&#432;&#7907;ng t&#432;&#417;ng &#273;&#432;&#417;ng ph&ograve;ng th&iacute; nghi&#7879;m synchrotron. Nh&#7901; ph&#7847;n m&#7873;m &#273;i&#7873;u khi&#7875;n th&ocirc;ng minh v&agrave; kh&#7843; n&#259;ng t&#7921; &#273;&#7897;ng h&oacute;a cao, H&#7879; Th&#7889;ng Ti&ecirc;n Ti&#7871;n SAXSpoint 700 gi&uacute;p &#273;&#417;n gi&#7843;n h&oacute;a quy tr&igrave;nh th&#7917; nghi&#7879;m, ti&#7871;t ki&#7879;m th&#7901;i gian v&agrave; n&acirc;ng cao hi&#7879;u qu&#7843; nghi&ecirc;n c&#7913;u. H&atilde;y li&ecirc;n h&#7879; v&#7899;i V&#7841;n N&#259;ng ngay &#273;&#7875; &#273;&#432;&#7907;c t&#432; v&#7845;n chuy&ecirc;n s&acirc;u v&agrave; nh&#7853;n nh&#7919;ng &#432;u &#273;&atilde;i h&#7845;p d&#7851;n nh&#7845;t th&ocirc;ng qua hotline0903 991 335 !<\/p><div style=\"background-color: #f8fafc; border: 1px solid #e2e8f0; border-radius: 8px; padding: 25px; max-width: 800px; margin: 30px auto; color: #334155; line-height: 1.8; font-size: 17px; box-shadow: 0 4px 6px -1px rgba(0,0,0,0.05); text-align: left; clear: both;\">\nC&ocirc;ng ty TNHH Th&#432;&#417;ng M&#7841;i D&#7883;ch V&#7909; Thi&#7871;t B&#7883; C&ocirc;ng Ngh&#7879; V&#7841;n N&#259;ng\n<p style=\"margin: 0 0 10px 0;\">&#128205; <strong style=\"color: #1e293b;\">&#272;&#7883;a ch&#7881;:<\/strong> <a style=\"color: #059669; text-decoration: none; font-weight: bold;\" href=\"https:\/\/www.google.com\/maps\/search\/C%C3%B4ng+ty+TNHH+Th%C6%B0%C6%A1ng+M%E1%BA%A1i+D%E1%BB%8Bch+V%E1%BB%A5+Thi%E1%BA%BFt+B%E1%BB%8B+C%C3%B4ng+Ngh%E1%BB%87+V%E1%BA%A1n+N%C4%83ng+818+Tr%C6%B0%E1%BB%9Dng+Chinh\" target=\"_blank\" rel=\"noopener\">818 Tr&#432;&#7901;ng Chinh, Ph&#432;&#7901;ng T&acirc;n S&#417;n, Th&agrave;nh ph&#7889; H&#7891; Ch&iacute; Minh, Vi&#7879;t Nam<\/a><\/p>\n<p style=\"margin: 0 0 10px 0;\">&#128222; <strong style=\"color: #1e293b;\">S&#272;T &ndash; Zalo:<\/strong> <a style=\"color: #059669; text-decoration: none; font-weight: bold;\" href=\"https:\/\/zalo.me\/0903991335\" target=\"_blank\" rel=\"noopener\">0903 991 335<\/a> <span style=\"color: #64748b; font-style: italic;\">(Ms. H&#7841;nh &ndash; Gi&aacute;m &#272;&#7889;c Kinh Doanh)<\/span><\/p>\n<p style=\"margin: 0;\">&#9993;&#65039; <strong style=\"color: #1e293b;\">Email:<\/strong> <a style=\"color: #059669; text-decoration: none; font-weight: bold;\" href=\"mailto:hienhanh@vannangvn.com\">hienhanh@vannangvn.com<\/a><\/p>\n<\/div><\/h1>","protected":false},"excerpt":{"rendered":"<p><strong>Th&#432;&#417;ng hi&#7879;u:<\/strong> SAXSpoint 700 l&agrave; h&#7879; th&#7889;ng SAXS\/WAXS\/GISAXS\/USAXS\/RheoSAXS ti&ecirc;n ti&#7871;n, &#273;&#432;&#7907;c thi&#7871;t k&#7871; v&#7899;i c&ocirc;ng ngh&#7879; &#273;&#7847;u d&ograve; synchrotron nh&#7857;m mang l&#7841;i &#273;&#7897; ph&acirc;n gi&#7843;i v&#432;&#7907;t tr&#7897;i trong m&#7897;t thi&#7871;t b&#7883; nh&#7887; g&#7885;n. &#272;&acirc;y l&agrave; l&#7921;a ch&#7885;n l&yacute; t&#432;&#7903;ng cho c&aacute;c nghi&ecirc;n c&#7913;u chuy&ecirc;n s&acirc;u v&#7873; c&#7845;u tr&uacute;c nano, ph&ugrave; h&#7907;p nhi&#7873;u l&#297;nh v&#7921;c nh&#432; v&#7853;t li&#7879;u, sinh h&#7885;c, d&#432;&#7907;c ph&#7849;m v&agrave; khoa h&#7885;c nano.<br>\n<strong>Model:<\/strong> SAXSpoint 700<p>Product <strong>H&#7878; TH&#7888;NG SAXS\/WAXS ANTON PAAR MODEL SAXSPOINT 700<\/strong> ch&iacute;nh h&atilde;ng. SAXSpoint 700 l&agrave; h&#7879; th&#7889;ng SAXS\/WAXS\/GISAXS\/USAXS\/RheoSAXS ti&ecirc;n ti&#7871;n, &#273;&#432;&#7907;c thi&#7871;t k&#7871; v&#7899;i c&ocirc;ng ngh&#7879; &#273;&#7847;u d&ograve; synchrotron nh&#7857;m mang l&#7841;i &#273;&#7897; ph&acirc;n gi&#7843;i v&#432;&#7907;t tr&#7897;i trong m&#7897;t thi&#7871;t b&#7883; nh&#7887; g&#7885;n. &#272;&acirc;y l&agrave; l&#7921;a ch&#7885;n l&yacute; t&#432;&#7903;ng cho c&aacute;c nghi&ecirc;n c&#7913;u chuy&ecirc;n s&acirc;u v&#7873; c&#7845;u tr&uacute;c nano, ph&ugrave; h&#7907;p nhi&#7873;u l&#297;nh v&#7921;c nh&#432; v&#7853;t li&#7879;u, sinh h&#7885;c, d&#432;&#7907;c ph&#7849;m v&agrave; khoa h&#7885;c nano.<\/p><\/p>","protected":false},"featured_media":0,"comment_status":"open","ping_status":"closed","template":"","meta":[],"product_brand":[],"product_cat":[18],"product_tag":[116,464,465,938,1052,1205,1206,1207],"class_list":{"0":"post-6367","1":"product","2":"type-product","3":"status-publish","5":"product_cat-chua-phan-loai","6":"product_tag-model","7":"product_tag-anton","8":"product_tag-paar","9":"product_tag-thong","10":"product_tag-he","11":"product_tag-saxs-waxs","12":"product_tag-saxspoint","13":"product_tag-1207","15":"first","16":"instock","17":"shipping-taxable","18":"product-type-simple"},"yoast_head":"<!-- This site is optimized with the Yoast SEO Premium plugin v24.8 (Yoast SEO v24.8) - https:\/\/yoast.com\/wordpress\/plugins\/seo\/ -->\n<title>H\u1ec6 TH\u1ed0NG SAXS\/WAXS ANTON PAAR MODEL... ch\u00ednh h\u00e3ng | V\u1ea1n N\u0103ng<\/title>\n<meta name=\"description\" content=\"Mua ngay H\u1ec6 TH\u1ed0NG SAXS\/WAXS ANTON PAAR MODEL SAXSPOINT 700 ch\u00ednh h\u00e3ng. Gi\u00e1 t\u1ed1t!\" \/>\n<meta name=\"robots\" content=\"noindex, follow, max-snippet:-1, max-image-preview:large, max-video-preview:-1\" \/>\n<meta property=\"og:locale\" content=\"en_US\" \/>\n<meta property=\"og:type\" content=\"article\" \/>\n<meta property=\"og:title\" content=\"H\u1ec6 TH\u1ed0NG SAXS\/WAXS ANTON PAAR MODEL SAXSPOINT 700\" \/>\n<meta property=\"og:description\" content=\"Mua ngay H\u1ec6 TH\u1ed0NG SAXS\/WAXS ANTON PAAR MODEL SAXSPOINT 700 ch\u00ednh h\u00e3ng. Gi\u00e1 t\u1ed1t!\" \/>\n<meta property=\"og:url\" content=\"https:\/\/vannangvn.123websitedev.com\/en\/product\/he-thong-saxs-waxs-anton-paar-model-saxspoint-700\/\" \/>\n<meta property=\"og:site_name\" content=\"Vannang.vn\" \/>\n<meta property=\"article:modified_time\" content=\"2026-03-30T11:18:38+00:00\" \/>\n<meta name=\"twitter:card\" content=\"summary_large_image\" \/>\n<meta name=\"twitter:label1\" content=\"Est. reading time\" \/>\n\t<meta name=\"twitter:data1\" content=\"10 minutes\" \/>\n<script type=\"application\/ld+json\" class=\"yoast-schema-graph\">{\"@context\":\"https:\/\/schema.org\",\"@graph\":[{\"@type\":\"WebPage\",\"@id\":\"https:\/\/vannangvn.123websitedev.com\/san-pham\/he-thong-saxs-waxs-anton-paar-model-saxspoint-700\/\",\"url\":\"https:\/\/vannangvn.123websitedev.com\/san-pham\/he-thong-saxs-waxs-anton-paar-model-saxspoint-700\/\",\"name\":\"H\u1ec6 TH\u1ed0NG SAXS\/WAXS ANTON PAAR MODEL... ch\u00ednh h\u00e3ng | V\u1ea1n N\u0103ng\",\"isPartOf\":{\"@id\":\"https:\/\/vannangvn.123websitedev.com\/#website\"},\"datePublished\":\"2026-03-20T10:27:41+00:00\",\"dateModified\":\"2026-03-30T11:18:38+00:00\",\"description\":\"Mua ngay H\u1ec6 TH\u1ed0NG SAXS\/WAXS ANTON PAAR MODEL SAXSPOINT 700 ch\u00ednh h\u00e3ng. Gi\u00e1 t\u1ed1t!\",\"breadcrumb\":{\"@id\":\"https:\/\/vannangvn.123websitedev.com\/san-pham\/he-thong-saxs-waxs-anton-paar-model-saxspoint-700\/#breadcrumb\"},\"inLanguage\":\"en-US\",\"potentialAction\":[{\"@type\":\"ReadAction\",\"target\":[\"https:\/\/vannangvn.123websitedev.com\/san-pham\/he-thong-saxs-waxs-anton-paar-model-saxspoint-700\/\"]}]},{\"@type\":\"BreadcrumbList\",\"@id\":\"https:\/\/vannangvn.123websitedev.com\/san-pham\/he-thong-saxs-waxs-anton-paar-model-saxspoint-700\/#breadcrumb\",\"itemListElement\":[{\"@type\":\"ListItem\",\"position\":1,\"name\":\"Trang ch\u1ee7\",\"item\":\"https:\/\/vannangvn.123websitedev.com\/\"},{\"@type\":\"ListItem\",\"position\":2,\"name\":\"S\u1ea3n ph\u1ea9m\",\"item\":\"https:\/\/vannangvn.123websitedev.com\/cua-hang\/\"},{\"@type\":\"ListItem\",\"position\":3,\"name\":\"H\u1ec6 TH\u1ed0NG SAXS\/WAXS ANTON PAAR MODEL SAXSPOINT 700\"}]},{\"@type\":\"WebSite\",\"@id\":\"https:\/\/vannangvn.123websitedev.com\/#website\",\"url\":\"https:\/\/vannangvn.123websitedev.com\/\",\"name\":\"Vannang.vn\",\"description\":\"\",\"publisher\":{\"@id\":\"https:\/\/vannangvn.123websitedev.com\/#organization\"},\"potentialAction\":[{\"@type\":\"SearchAction\",\"target\":{\"@type\":\"EntryPoint\",\"urlTemplate\":\"https:\/\/vannangvn.123websitedev.com\/?s={search_term_string}\"},\"query-input\":{\"@type\":\"PropertyValueSpecification\",\"valueRequired\":true,\"valueName\":\"search_term_string\"}}],\"inLanguage\":\"en-US\"},{\"@type\":\"Organization\",\"@id\":\"https:\/\/vannangvn.123websitedev.com\/#organization\",\"name\":\"Vannang.vn\",\"url\":\"https:\/\/vannangvn.123websitedev.com\/\",\"logo\":{\"@type\":\"ImageObject\",\"inLanguage\":\"en-US\",\"@id\":\"https:\/\/vannangvn.123websitedev.com\/#\/schema\/logo\/image\/\",\"url\":\"https:\/\/vannangvn.123websitedev.com\/wp-content\/uploads\/2026\/02\/logo-van-nang-02.png\",\"contentUrl\":\"https:\/\/vannangvn.123websitedev.com\/wp-content\/uploads\/2026\/02\/logo-van-nang-02.png\",\"width\":448,\"height\":111,\"caption\":\"Vannang.vn\"},\"image\":{\"@id\":\"https:\/\/vannangvn.123websitedev.com\/#\/schema\/logo\/image\/\"}}]}<\/script>\n<!-- \/ Yoast SEO Premium plugin. -->","yoast_head_json":{"title":"H\u1ec6 TH\u1ed0NG SAXS\/WAXS ANTON PAAR MODEL... ch\u00ednh h\u00e3ng | V\u1ea1n N\u0103ng","description":"Mua ngay H\u1ec6 TH\u1ed0NG SAXS\/WAXS ANTON PAAR MODEL SAXSPOINT 700 ch\u00ednh h\u00e3ng. Gi\u00e1 t\u1ed1t!","robots":{"index":"noindex","follow":"follow","max-snippet":"max-snippet:-1","max-image-preview":"max-image-preview:large","max-video-preview":"max-video-preview:-1"},"og_locale":"en_US","og_type":"article","og_title":"H\u1ec6 TH\u1ed0NG SAXS\/WAXS ANTON PAAR MODEL SAXSPOINT 700","og_description":"Mua ngay H\u1ec6 TH\u1ed0NG SAXS\/WAXS ANTON PAAR MODEL SAXSPOINT 700 ch\u00ednh h\u00e3ng. Gi\u00e1 t\u1ed1t!","og_url":"https:\/\/vannangvn.123websitedev.com\/en\/product\/he-thong-saxs-waxs-anton-paar-model-saxspoint-700\/","og_site_name":"Vannang.vn","article_modified_time":"2026-03-30T11:18:38+00:00","twitter_card":"summary_large_image","twitter_misc":{"Est. reading time":"10 minutes"},"schema":{"@context":"https:\/\/schema.org","@graph":[{"@type":"WebPage","@id":"https:\/\/vannangvn.123websitedev.com\/san-pham\/he-thong-saxs-waxs-anton-paar-model-saxspoint-700\/","url":"https:\/\/vannangvn.123websitedev.com\/san-pham\/he-thong-saxs-waxs-anton-paar-model-saxspoint-700\/","name":"H\u1ec6 TH\u1ed0NG SAXS\/WAXS ANTON PAAR MODEL... ch\u00ednh h\u00e3ng | V\u1ea1n N\u0103ng","isPartOf":{"@id":"https:\/\/vannangvn.123websitedev.com\/#website"},"datePublished":"2026-03-20T10:27:41+00:00","dateModified":"2026-03-30T11:18:38+00:00","description":"Mua ngay H\u1ec6 TH\u1ed0NG SAXS\/WAXS ANTON PAAR MODEL SAXSPOINT 700 ch\u00ednh h\u00e3ng. Gi\u00e1 t\u1ed1t!","breadcrumb":{"@id":"https:\/\/vannangvn.123websitedev.com\/san-pham\/he-thong-saxs-waxs-anton-paar-model-saxspoint-700\/#breadcrumb"},"inLanguage":"en-US","potentialAction":[{"@type":"ReadAction","target":["https:\/\/vannangvn.123websitedev.com\/san-pham\/he-thong-saxs-waxs-anton-paar-model-saxspoint-700\/"]}]},{"@type":"BreadcrumbList","@id":"https:\/\/vannangvn.123websitedev.com\/san-pham\/he-thong-saxs-waxs-anton-paar-model-saxspoint-700\/#breadcrumb","itemListElement":[{"@type":"ListItem","position":1,"name":"Trang ch\u1ee7","item":"https:\/\/vannangvn.123websitedev.com\/"},{"@type":"ListItem","position":2,"name":"S\u1ea3n ph\u1ea9m","item":"https:\/\/vannangvn.123websitedev.com\/cua-hang\/"},{"@type":"ListItem","position":3,"name":"H\u1ec6 TH\u1ed0NG SAXS\/WAXS ANTON PAAR MODEL SAXSPOINT 700"}]},{"@type":"WebSite","@id":"https:\/\/vannangvn.123websitedev.com\/#website","url":"https:\/\/vannangvn.123websitedev.com\/","name":"Vannang.vn","description":"","publisher":{"@id":"https:\/\/vannangvn.123websitedev.com\/#organization"},"potentialAction":[{"@type":"SearchAction","target":{"@type":"EntryPoint","urlTemplate":"https:\/\/vannangvn.123websitedev.com\/?s={search_term_string}"},"query-input":{"@type":"PropertyValueSpecification","valueRequired":true,"valueName":"search_term_string"}}],"inLanguage":"en-US"},{"@type":"Organization","@id":"https:\/\/vannangvn.123websitedev.com\/#organization","name":"Vannang.vn","url":"https:\/\/vannangvn.123websitedev.com\/","logo":{"@type":"ImageObject","inLanguage":"en-US","@id":"https:\/\/vannangvn.123websitedev.com\/#\/schema\/logo\/image\/","url":"https:\/\/vannangvn.123websitedev.com\/wp-content\/uploads\/2026\/02\/logo-van-nang-02.png","contentUrl":"https:\/\/vannangvn.123websitedev.com\/wp-content\/uploads\/2026\/02\/logo-van-nang-02.png","width":448,"height":111,"caption":"Vannang.vn"},"image":{"@id":"https:\/\/vannangvn.123websitedev.com\/#\/schema\/logo\/image\/"}}]}},"_links":{"self":[{"href":"https:\/\/vannangvn.123websitedev.com\/en\/wp-json\/wp\/v2\/product\/6367","targetHints":{"allow":["GET"]}}],"collection":[{"href":"https:\/\/vannangvn.123websitedev.com\/en\/wp-json\/wp\/v2\/product"}],"about":[{"href":"https:\/\/vannangvn.123websitedev.com\/en\/wp-json\/wp\/v2\/types\/product"}],"replies":[{"embeddable":true,"href":"https:\/\/vannangvn.123websitedev.com\/en\/wp-json\/wp\/v2\/comments?post=6367"}],"wp:attachment":[{"href":"https:\/\/vannangvn.123websitedev.com\/en\/wp-json\/wp\/v2\/media?parent=6367"}],"wp:term":[{"taxonomy":"product_brand","embeddable":true,"href":"https:\/\/vannangvn.123websitedev.com\/en\/wp-json\/wp\/v2\/product_brand?post=6367"},{"taxonomy":"product_cat","embeddable":true,"href":"https:\/\/vannangvn.123websitedev.com\/en\/wp-json\/wp\/v2\/product_cat?post=6367"},{"taxonomy":"product_tag","embeddable":true,"href":"https:\/\/vannangvn.123websitedev.com\/en\/wp-json\/wp\/v2\/product_tag?post=6367"}],"curies":[{"name":"wp","href":"https:\/\/api.w.org\/{rel}","templated":true}]}}