{"id":6372,"date":"2026-03-20T17:27:46","date_gmt":"2026-03-20T10:27:46","guid":{"rendered":"https:\/\/vannangvn.123websitedev.com\/san-pham\/he-thong-thu-nghiem-keo-doc-truc-ket-hop-mo-men-xoan-step-lab-model-bv230\/"},"modified":"2026-03-30T18:18:45","modified_gmt":"2026-03-30T11:18:45","slug":"he-thong-thu-nghiem-keo-doc-truc-ket-hop-mo-men-xoan-step-lab-model-bv230","status":"publish","type":"product","link":"https:\/\/vannangvn.123websitedev.com\/en\/product\/he-thong-thu-nghiem-keo-doc-truc-ket-hop-mo-men-xoan-step-lab-model-bv230\/","title":{"rendered":"H\u1ec6 TH\u1ed0NG TH\u1eec NGHI\u1ec6M K\u00c9O D\u1eccC TR\u1ee4C K\u1ebeT H\u1ee2P M\u00d4 MEN XO\u1eaeN STEP LAB MODEL BV230"},"content":{"rendered":"<h1 style=\"color: red; font-weight: bold; font-size: 24px;\">T&#7893;ng quan s&#7843;n ph&#7849;m H&#7878; TH&#7888;NG TH&#7916; NGHI&#7878;M K&Eacute;O D&#7884;C TR&#7908;C K&#7870;T H&#7906;P M&Ocirc; MEN XO&#7854;N STEP LAB MODEL BV230<p>H&#7879; Th&#7889;ng Th&#7917; Nghi&#7879;m K&eacute;o D&#7885;c Tr&#7909;c K&#7871;t H&#7907;p M&ocirc; Men Xo&#7855;n (Axial Torsion Systems) STEP Lab Model BV230<\/p><p>Certified Standards BV230<br>\nPlastics<\/p><p>PROOF<br>\nMATERIAL<br>\nNORMA<br>\nDESCRIPTION<\/p><p>Static tests<br>\nPlastic<br>\nASTM D638<br>\nTensile properties of plastics<\/p><p>Static tests<br>\nPlastic<br>\nISO 527-1<br>\nISO 527-2<br>\nPlastics-Determination of Tensile Properties<\/p><p>Metal<\/p><p>PROOF<br>\nMATERIAL<br>\nNORMA<br>\nDESCRIPTION<\/p><p>Static tests<br>\nMetal<br>\nASTM E21<br>\nHigh-temperature tensile testing of metallic materials<\/p><p>Static tests<br>\nMetal<br>\nASTM E290<br>\nMaterial bending test for ductility<\/p><p>Static tests<br>\nMetal<br>\nASTM E517<br>\nPlastic deformation ratio r for sheet metal<\/p><p>Static tests<br>\nMetal<br>\nASTM E646<br>\nTensile hardening exponents (n-values) of sheet metal materials<\/p><p>Static tests<br>\nMetal<br>\nASTM E8M<br>\nTensile testing of metallic materials<\/p><p>Static tests<br>\nMetal<br>\nASTM E9<br>\nCompression testing of metallic materials at room temperature<\/p><p>Static tests<br>\nMetal<br>\nEN 10002-1:2001 (replaced by ISO EN 6892-1:2019)<br>\nTensile testing of metallic materials. Test method at room temperature<\/p><p>Static tests<br>\nMetal<br>\nISO 6892-1<br>\nMetallic materials &ndash; Tensile testing Part 1: Test method at room temperature<\/p><p>Static tests<br>\nMetal<br>\nISO 7438<br>\nMetallic materials. Proof of folding.<\/p><p>Static tests<br>\nMetal<br>\nISO 783<br>\nMetallic materials &ndash; Tensile test of steel at high temperature<\/p><p>Bikes<\/p><p>PROOF<br>\nMATERIAL<br>\nNORMA<br>\nDESCRIPTION<\/p><p>Static \/ Fatigue<br>\nBikes<br>\nEN 15194<br>\nElectrically assisted pedal cycles &ndash; EPAC Bicycles &ndash; test methods<\/p><p>Static \/ Fatigue<br>\nBikes<br>\nISO 4210-3<br>\nBicycle safety requirements &ndash; Part 3: Common test methods<\/p><p>Static \/ Fatigue<br>\nBikes<br>\nISO 4210-4<br>\nSafety requirements for bicycles &ndash; Part 4: Braking test methods<\/p><p>Static \/ Fatigue<br>\nBikes<br>\nISO 4210-5<br>\nBicycle safety requirements &ndash; Part 5: Steering test methods<\/p><p>Static \/ Fatigue<br>\nBikes<br>\nISO 4210-6<br>\nSafety requirements for bicycles &ndash; Part 6: Test methods for frame and fork<\/p><p>Static \/ Fatigue<br>\nBikes<br>\nISO 4210-7<br>\nBicycle safety requirements &ndash; Part 7: Test methods for wheels and rims<\/p><p>Static \/ Fatigue<br>\nBikes<br>\nISO 4210-8<br>\nSafety requirements for bicycles &ndash; Part 8: Pedal and drive system test methods<\/p><p>Static \/ Fatigue<br>\nBikes<br>\nISO 4210-9<br>\nBicycle safety requirements &ndash; Part 9: Test methods for saddles and seatposts<\/p><p>Biomedical<\/p><p>PROOF<br>\nMATERIAL<br>\nNORMA<br>\nDESCRIPTION<\/p><p>Static \/ Fatigue<br>\nBiomedical<br>\nASTM F1264<br>\nStandard Specifications and Test Methods for Intramedullary Fixation Devices<\/p><p>Static \/ Fatigue<br>\nBiomedical<br>\nASTM F1717<br>\nStandard test methods for spinal implant structures in a vertebrectomy model<\/p><p>Static \/ Fatigue<br>\nBiomedical<br>\nASTM F1798<br>\nStandard test method for the evaluation of static and fatigue properties of interconnection mechanisms and subassemblies used in spinal arthrodesis implants<\/p><p>Static \/ Fatigue<br>\nBiomedical<br>\nASTM F1800<br>\nStandard Practice for Cyclic Fatigue Testing of Metal Components of the Tibial Plateau of Total Knee Joint Prostheses<\/p><p>Static \/ Fatigue<br>\nBiomedical<br>\nASTM F2068<br>\nStandard specifications for femoral prostheses &ndash; metal implants<\/p><p>Static \/ Fatigue<br>\nBiomedical<br>\nASTM F2077<br>\nTest methods for intervertebral body fusion devices<\/p><p>Static \/ Fatigue<br>\nBiomedical<br>\nASTM F2193<br>\nStandard specifications and test methods for components used in surgical fixation of the spinal skeletal system<\/p><p>Static \/ Fatigue<br>\nBiomedical<br>\nASTM F2502<br>\nStandard specifications and test methods for resorbable plates and screws for internal fixation implants<\/p><p>Static \/ Fatigue<br>\nBiomedical<br>\nASTM F2580<br>\nStandard practice for evaluating the modular connection of a proximally fixed femoral hip prosthesis<\/p><p>Static \/ Fatigue<br>\nBiomedical<br>\nASTM F2706<br>\nStandard test methods for occipito-cervical and occipito-cervical-thoracic spinal implant constructions in a vertebrectomy model<\/p><p>Static \/ Fatigue<br>\nBiomedical<br>\nASTM F382<br>\nStandard Specifications and Test Method for Metal Bone Plates<\/p><p>Static \/ Fatigue<br>\nBiomedical<br>\nASTM F384<br>\nStandard specifications and test methods for angled metal devices for orthopaedic fracture fixation<\/p><p>Static \/ Fatigue<br>\nBiomedical<br>\nASTM F543<br>\nStandard Specifications and Test Methods for Metal Medical Bone Screws<\/p><p>Static \/ Fatigue<br>\nBiomedical<br>\nEN 843-1<br>\nMechanical properties of monolithic ceramics at room temperature &ndash; Determination of flexural strength<\/p><p>Static \/ Fatigue<br>\nBiomedical<br>\nISO 11405<br>\nTooth structure adhesion test<\/p><p>Static \/ Fatigue<br>\nBiomedical<br>\nISO 12189-8<br>\nMechanical testing of implantable spinal devices &ndash; Fatigue test method for spinal implant assemblies using anterior support<\/p><p>Static \/ Fatigue<br>\nBiomedical<br>\nISO 14801<br>\nDentistry &ndash; Implants &ndash; Dynamic load test for endosseous dental implants<\/p><p>Static \/ Fatigue<br>\nBiomedical<br>\nISO 14879-1<br>\nTotal knee joint replacement Determining the strength properties of tibial knee trays<\/p><p>Static \/ Fatigue<br>\nBiomedical<br>\nISO 6872<br>\nDentistry &ndash; Ceramic materials<\/p><p>Static \/ Fatigue<br>\nBiomedical<br>\nISO 7206<br>\nSurgical implants &ndash; Partial and total hip joint replacements<\/p><p>Static \/ Fatigue<br>\nBiomedical<br>\nISO 9585<br>\nSurgical implants &ndash; Determination of flexural strength and stiffness of bone plates<\/p><p>Rubber<\/p><p>PROOF<br>\nMATERIAL<br>\nNORMA<br>\nDESCRIPTION<\/p><p>Static tests<br>\nRubber<br>\nISO 2439<br>\nDetermination of hardness (indentation technique)<\/p><p>Static tests<br>\nRubber<br>\nISO 3386<br>\nDetermination of stress-strain characteristics in compression<\/p><p>H&atilde;y li&ecirc;n h&#7879; v&#7899;i V&#7841;n N&#259;ng Company ngay &#273;&#7875; &#273;&#432;&#7907;c t&#432; v&#7845;n chuy&ecirc;n s&acirc;u v&agrave; nh&#7853;n c&aacute;c &#432;u &#273;&atilde;i h&#7845;p d&#7851;n nh&#7845;t th&ocirc;ng qua hotline\/zalo: <a href=\"https:\/\/zalo.me\/0903991335\" target=\"_blank\" rel=\"noopener\" style=\"color: #059669; font-weight: bold; text-decoration: none;\">0903 991 335<\/a>!<\/p><div style=\"background-color: #f8fafc; border: 1px solid #e2e8f0; border-radius: 8px; padding: 25px; max-width: 800px; margin: 30px auto; color: #334155; line-height: 1.8; font-size: 17px; box-shadow: 0 4px 6px -1px rgba(0,0,0,0.05); text-align: left; clear: both;\">\nC&ocirc;ng ty TNHH Th&#432;&#417;ng M&#7841;i D&#7883;ch V&#7909; Thi&#7871;t B&#7883; C&ocirc;ng Ngh&#7879; V&#7841;n N&#259;ng\n<p style=\"margin: 0 0 10px 0;\">&#128205; <strong style=\"color: #1e293b;\">&#272;&#7883;a ch&#7881;:<\/strong> <a style=\"color: #059669; text-decoration: none; font-weight: bold;\" href=\"https:\/\/www.google.com\/maps\/search\/C%C3%B4ng+ty+TNHH+Th%C6%B0%C6%A1ng+M%E1%BA%A1i+D%E1%BB%8Bch+V%E1%BB%A5+Thi%E1%BA%BFt+B%E1%BB%8B+C%C3%B4ng+Ngh%E1%BB%87+V%E1%BA%A1n+N%C4%83ng+818+Tr%C6%B0%E1%BB%9Dng+Chinh\" target=\"_blank\" rel=\"noopener\">818 Tr&#432;&#7901;ng Chinh, Ph&#432;&#7901;ng T&acirc;n S&#417;n, Th&agrave;nh ph&#7889; H&#7891; Ch&iacute; Minh, Vi&#7879;t Nam<\/a><\/p>\n<p style=\"margin: 0 0 10px 0;\">&#128222; <strong style=\"color: #1e293b;\">S&#272;T &ndash; Zalo:<\/strong> <a style=\"color: #059669; text-decoration: none; font-weight: bold;\" href=\"https:\/\/zalo.me\/0903991335\" target=\"_blank\" rel=\"noopener\">0903 991 335<\/a> <span style=\"color: #64748b; font-style: italic;\">(Ms. H&#7841;nh &ndash; Gi&aacute;m &#272;&#7889;c Kinh Doanh)<\/span><\/p>\n<p style=\"margin: 0;\">&#9993;&#65039; <strong style=\"color: #1e293b;\">Email:<\/strong> <a style=\"color: #059669; text-decoration: none; font-weight: bold;\" href=\"mailto:hienhanh@vannangvn.com\">hienhanh@vannangvn.com<\/a><\/p>\n<\/div><\/h1>","protected":false},"excerpt":{"rendered":"<p><strong>Th&#432;&#417;ng hi&#7879;u:<\/strong> Axial Torsion Systems is the best solution for tensile and torsion testing. BV230 systems are available in a wide range of loads, with torque capacities up to 230 Nm, the compact design requires minimal space and offers a high level of rigidity and alignment. The torsional motor is coupled to every linear actuator series we manufacture, from electromechanical actuators, EA series and all UD, HUD and XUD series based on linear motors.<br>\n<strong>Model:<\/strong> Axial Torsion Systems<p>Product <strong>H&#7878; TH&#7888;NG TH&#7916; NGHI&#7878;M K&Eacute;O D&#7884;C TR&#7908;C K&#7870;T H&#7906;P M&Ocirc; MEN XO&#7854;N STEP LAB MODEL BV230<\/strong> ch&iacute;nh h&atilde;ng. Axial Torsion Systems is the best solution for tensile and torsion testing. BV230 systems are available in a wide range of loads, with torque capacities up to 230 Nm, the compact design requires minimal space and offers a high level of rigidity and alignment. The torsional motor is coupled to every linear actuator series we manufacture, from electromechanical actuators, EA series and all UD, HUD and XUD series based on linear motors.<\/p><\/p>","protected":false},"featured_media":9282,"comment_status":"open","ping_status":"closed","template":"","meta":[],"product_brand":[],"product_cat":[18],"product_tag":[116,120,176,287,454,462,527,883,938,1005,1052,1118,1149,1150,1214,1215],"class_list":{"0":"post-6372","1":"product","2":"type-product","3":"status-publish","4":"has-post-thumbnail","6":"product_cat-chua-phan-loai","7":"product_tag-model","8":"product_tag-thu","9":"product_tag-keo","10":"product_tag-men","11":"product_tag-doc","12":"product_tag-ket","13":"product_tag-nghiem","14":"product_tag-mo","15":"product_tag-thong","16":"product_tag-truc","17":"product_tag-he","18":"product_tag-xoan","19":"product_tag-step","20":"product_tag-lab","21":"product_tag-hop","22":"product_tag-bv230","24":"first","25":"instock","26":"shipping-taxable","27":"product-type-simple"},"yoast_head":"<!-- This site is optimized with the Yoast SEO Premium plugin v24.8 (Yoast SEO v24.8) - https:\/\/yoast.com\/wordpress\/plugins\/seo\/ -->\n<title>H\u1ec6 TH\u1ed0NG TH\u1eec NGHI\u1ec6M K\u00c9O D\u1eccC TR\u1ee4C K\u1ebe... ch\u00ednh h\u00e3ng | V\u1ea1n N\u0103ng<\/title>\n<meta name=\"description\" content=\"Mua ngay H\u1ec6 TH\u1ed0NG TH\u1eec NGHI\u1ec6M K\u00c9O D\u1eccC TR\u1ee4C K\u1ebeT H\u1ee2P M\u00d4 MEN XO\u1eaeN STEP LAB MODEL BV230 ch\u00ednh h\u00e3ng. Gi\u00e1 t\u1ed1t!\" \/>\n<meta name=\"robots\" content=\"noindex, follow, max-snippet:-1, max-image-preview:large, max-video-preview:-1\" \/>\n<meta property=\"og:locale\" content=\"en_US\" \/>\n<meta property=\"og:type\" content=\"article\" \/>\n<meta property=\"og:title\" content=\"H\u1ec6 TH\u1ed0NG TH\u1eec NGHI\u1ec6M K\u00c9O D\u1eccC TR\u1ee4C K\u1ebeT H\u1ee2P M\u00d4 MEN XO\u1eaeN STEP LAB MODEL BV230\" \/>\n<meta property=\"og:description\" content=\"Mua ngay H\u1ec6 TH\u1ed0NG TH\u1eec NGHI\u1ec6M K\u00c9O D\u1eccC TR\u1ee4C K\u1ebeT H\u1ee2P M\u00d4 MEN XO\u1eaeN STEP LAB MODEL BV230 ch\u00ednh h\u00e3ng. Gi\u00e1 t\u1ed1t!\" \/>\n<meta property=\"og:url\" content=\"https:\/\/vannangvn.123websitedev.com\/en\/product\/he-thong-thu-nghiem-keo-doc-truc-ket-hop-mo-men-xoan-step-lab-model-bv230\/\" \/>\n<meta property=\"og:site_name\" content=\"Vannang.vn\" \/>\n<meta property=\"article:modified_time\" content=\"2026-03-30T11:18:45+00:00\" \/>\n<meta property=\"og:image\" content=\"http:\/\/vannangvn.123websitedev.com\/wp-content\/uploads\/2026\/03\/BV230-768x576-copy.jpg\" \/>\n\t<meta property=\"og:image:width\" content=\"768\" \/>\n\t<meta property=\"og:image:height\" content=\"576\" \/>\n\t<meta property=\"og:image:type\" content=\"image\/jpeg\" \/>\n<meta name=\"twitter:card\" content=\"summary_large_image\" \/>\n<meta name=\"twitter:label1\" content=\"Est. reading time\" \/>\n\t<meta name=\"twitter:data1\" content=\"4 minutes\" \/>\n<script type=\"application\/ld+json\" class=\"yoast-schema-graph\">{\"@context\":\"https:\/\/schema.org\",\"@graph\":[{\"@type\":\"WebPage\",\"@id\":\"https:\/\/vannangvn.123websitedev.com\/san-pham\/he-thong-thu-nghiem-keo-doc-truc-ket-hop-mo-men-xoan-step-lab-model-bv230\/\",\"url\":\"https:\/\/vannangvn.123websitedev.com\/san-pham\/he-thong-thu-nghiem-keo-doc-truc-ket-hop-mo-men-xoan-step-lab-model-bv230\/\",\"name\":\"H\u1ec6 TH\u1ed0NG TH\u1eec NGHI\u1ec6M K\u00c9O D\u1eccC TR\u1ee4C K\u1ebe... ch\u00ednh h\u00e3ng | V\u1ea1n N\u0103ng\",\"isPartOf\":{\"@id\":\"https:\/\/vannangvn.123websitedev.com\/#website\"},\"primaryImageOfPage\":{\"@id\":\"https:\/\/vannangvn.123websitedev.com\/san-pham\/he-thong-thu-nghiem-keo-doc-truc-ket-hop-mo-men-xoan-step-lab-model-bv230\/#primaryimage\"},\"image\":{\"@id\":\"https:\/\/vannangvn.123websitedev.com\/san-pham\/he-thong-thu-nghiem-keo-doc-truc-ket-hop-mo-men-xoan-step-lab-model-bv230\/#primaryimage\"},\"thumbnailUrl\":\"https:\/\/vannangvn.123websitedev.com\/wp-content\/uploads\/2026\/03\/BV230-768x576-copy.jpg\",\"datePublished\":\"2026-03-20T10:27:46+00:00\",\"dateModified\":\"2026-03-30T11:18:45+00:00\",\"description\":\"Mua ngay H\u1ec6 TH\u1ed0NG TH\u1eec NGHI\u1ec6M K\u00c9O D\u1eccC TR\u1ee4C K\u1ebeT H\u1ee2P M\u00d4 MEN XO\u1eaeN STEP LAB MODEL BV230 ch\u00ednh h\u00e3ng. Gi\u00e1 t\u1ed1t!\",\"breadcrumb\":{\"@id\":\"https:\/\/vannangvn.123websitedev.com\/san-pham\/he-thong-thu-nghiem-keo-doc-truc-ket-hop-mo-men-xoan-step-lab-model-bv230\/#breadcrumb\"},\"inLanguage\":\"en-US\",\"potentialAction\":[{\"@type\":\"ReadAction\",\"target\":[\"https:\/\/vannangvn.123websitedev.com\/san-pham\/he-thong-thu-nghiem-keo-doc-truc-ket-hop-mo-men-xoan-step-lab-model-bv230\/\"]}]},{\"@type\":\"ImageObject\",\"inLanguage\":\"en-US\",\"@id\":\"https:\/\/vannangvn.123websitedev.com\/san-pham\/he-thong-thu-nghiem-keo-doc-truc-ket-hop-mo-men-xoan-step-lab-model-bv230\/#primaryimage\",\"url\":\"https:\/\/vannangvn.123websitedev.com\/wp-content\/uploads\/2026\/03\/BV230-768x576-copy.jpg\",\"contentUrl\":\"https:\/\/vannangvn.123websitedev.com\/wp-content\/uploads\/2026\/03\/BV230-768x576-copy.jpg\",\"width\":768,\"height\":576},{\"@type\":\"BreadcrumbList\",\"@id\":\"https:\/\/vannangvn.123websitedev.com\/san-pham\/he-thong-thu-nghiem-keo-doc-truc-ket-hop-mo-men-xoan-step-lab-model-bv230\/#breadcrumb\",\"itemListElement\":[{\"@type\":\"ListItem\",\"position\":1,\"name\":\"Trang ch\u1ee7\",\"item\":\"https:\/\/vannangvn.123websitedev.com\/\"},{\"@type\":\"ListItem\",\"position\":2,\"name\":\"S\u1ea3n ph\u1ea9m\",\"item\":\"https:\/\/vannangvn.123websitedev.com\/cua-hang\/\"},{\"@type\":\"ListItem\",\"position\":3,\"name\":\"H\u1ec6 TH\u1ed0NG TH\u1eec NGHI\u1ec6M K\u00c9O D\u1eccC TR\u1ee4C K\u1ebeT H\u1ee2P M\u00d4 MEN XO\u1eaeN STEP LAB MODEL BV230\"}]},{\"@type\":\"WebSite\",\"@id\":\"https:\/\/vannangvn.123websitedev.com\/#website\",\"url\":\"https:\/\/vannangvn.123websitedev.com\/\",\"name\":\"Vannang.vn\",\"description\":\"\",\"publisher\":{\"@id\":\"https:\/\/vannangvn.123websitedev.com\/#organization\"},\"potentialAction\":[{\"@type\":\"SearchAction\",\"target\":{\"@type\":\"EntryPoint\",\"urlTemplate\":\"https:\/\/vannangvn.123websitedev.com\/?s={search_term_string}\"},\"query-input\":{\"@type\":\"PropertyValueSpecification\",\"valueRequired\":true,\"valueName\":\"search_term_string\"}}],\"inLanguage\":\"en-US\"},{\"@type\":\"Organization\",\"@id\":\"https:\/\/vannangvn.123websitedev.com\/#organization\",\"name\":\"Vannang.vn\",\"url\":\"https:\/\/vannangvn.123websitedev.com\/\",\"logo\":{\"@type\":\"ImageObject\",\"inLanguage\":\"en-US\",\"@id\":\"https:\/\/vannangvn.123websitedev.com\/#\/schema\/logo\/image\/\",\"url\":\"https:\/\/vannangvn.123websitedev.com\/wp-content\/uploads\/2026\/02\/logo-van-nang-02.png\",\"contentUrl\":\"https:\/\/vannangvn.123websitedev.com\/wp-content\/uploads\/2026\/02\/logo-van-nang-02.png\",\"width\":448,\"height\":111,\"caption\":\"Vannang.vn\"},\"image\":{\"@id\":\"https:\/\/vannangvn.123websitedev.com\/#\/schema\/logo\/image\/\"}}]}<\/script>\n<!-- \/ Yoast SEO Premium plugin. -->","yoast_head_json":{"title":"H\u1ec6 TH\u1ed0NG TH\u1eec NGHI\u1ec6M K\u00c9O D\u1eccC TR\u1ee4C K\u1ebe... ch\u00ednh h\u00e3ng | V\u1ea1n N\u0103ng","description":"Mua ngay H\u1ec6 TH\u1ed0NG TH\u1eec NGHI\u1ec6M K\u00c9O D\u1eccC TR\u1ee4C K\u1ebeT H\u1ee2P M\u00d4 MEN XO\u1eaeN STEP LAB MODEL BV230 ch\u00ednh h\u00e3ng. Gi\u00e1 t\u1ed1t!","robots":{"index":"noindex","follow":"follow","max-snippet":"max-snippet:-1","max-image-preview":"max-image-preview:large","max-video-preview":"max-video-preview:-1"},"og_locale":"en_US","og_type":"article","og_title":"H\u1ec6 TH\u1ed0NG TH\u1eec NGHI\u1ec6M K\u00c9O D\u1eccC TR\u1ee4C K\u1ebeT H\u1ee2P M\u00d4 MEN XO\u1eaeN STEP LAB MODEL BV230","og_description":"Mua ngay H\u1ec6 TH\u1ed0NG TH\u1eec NGHI\u1ec6M K\u00c9O D\u1eccC TR\u1ee4C K\u1ebeT H\u1ee2P M\u00d4 MEN XO\u1eaeN STEP LAB MODEL BV230 ch\u00ednh h\u00e3ng. Gi\u00e1 t\u1ed1t!","og_url":"https:\/\/vannangvn.123websitedev.com\/en\/product\/he-thong-thu-nghiem-keo-doc-truc-ket-hop-mo-men-xoan-step-lab-model-bv230\/","og_site_name":"Vannang.vn","article_modified_time":"2026-03-30T11:18:45+00:00","og_image":[{"width":768,"height":576,"url":"http:\/\/vannangvn.123websitedev.com\/wp-content\/uploads\/2026\/03\/BV230-768x576-copy.jpg","type":"image\/jpeg"}],"twitter_card":"summary_large_image","twitter_misc":{"Est. reading time":"4 minutes"},"schema":{"@context":"https:\/\/schema.org","@graph":[{"@type":"WebPage","@id":"https:\/\/vannangvn.123websitedev.com\/san-pham\/he-thong-thu-nghiem-keo-doc-truc-ket-hop-mo-men-xoan-step-lab-model-bv230\/","url":"https:\/\/vannangvn.123websitedev.com\/san-pham\/he-thong-thu-nghiem-keo-doc-truc-ket-hop-mo-men-xoan-step-lab-model-bv230\/","name":"H\u1ec6 TH\u1ed0NG TH\u1eec NGHI\u1ec6M K\u00c9O D\u1eccC TR\u1ee4C K\u1ebe... ch\u00ednh h\u00e3ng | V\u1ea1n N\u0103ng","isPartOf":{"@id":"https:\/\/vannangvn.123websitedev.com\/#website"},"primaryImageOfPage":{"@id":"https:\/\/vannangvn.123websitedev.com\/san-pham\/he-thong-thu-nghiem-keo-doc-truc-ket-hop-mo-men-xoan-step-lab-model-bv230\/#primaryimage"},"image":{"@id":"https:\/\/vannangvn.123websitedev.com\/san-pham\/he-thong-thu-nghiem-keo-doc-truc-ket-hop-mo-men-xoan-step-lab-model-bv230\/#primaryimage"},"thumbnailUrl":"https:\/\/vannangvn.123websitedev.com\/wp-content\/uploads\/2026\/03\/BV230-768x576-copy.jpg","datePublished":"2026-03-20T10:27:46+00:00","dateModified":"2026-03-30T11:18:45+00:00","description":"Mua ngay H\u1ec6 TH\u1ed0NG TH\u1eec NGHI\u1ec6M K\u00c9O D\u1eccC TR\u1ee4C K\u1ebeT H\u1ee2P M\u00d4 MEN XO\u1eaeN STEP LAB MODEL BV230 ch\u00ednh h\u00e3ng. Gi\u00e1 t\u1ed1t!","breadcrumb":{"@id":"https:\/\/vannangvn.123websitedev.com\/san-pham\/he-thong-thu-nghiem-keo-doc-truc-ket-hop-mo-men-xoan-step-lab-model-bv230\/#breadcrumb"},"inLanguage":"en-US","potentialAction":[{"@type":"ReadAction","target":["https:\/\/vannangvn.123websitedev.com\/san-pham\/he-thong-thu-nghiem-keo-doc-truc-ket-hop-mo-men-xoan-step-lab-model-bv230\/"]}]},{"@type":"ImageObject","inLanguage":"en-US","@id":"https:\/\/vannangvn.123websitedev.com\/san-pham\/he-thong-thu-nghiem-keo-doc-truc-ket-hop-mo-men-xoan-step-lab-model-bv230\/#primaryimage","url":"https:\/\/vannangvn.123websitedev.com\/wp-content\/uploads\/2026\/03\/BV230-768x576-copy.jpg","contentUrl":"https:\/\/vannangvn.123websitedev.com\/wp-content\/uploads\/2026\/03\/BV230-768x576-copy.jpg","width":768,"height":576},{"@type":"BreadcrumbList","@id":"https:\/\/vannangvn.123websitedev.com\/san-pham\/he-thong-thu-nghiem-keo-doc-truc-ket-hop-mo-men-xoan-step-lab-model-bv230\/#breadcrumb","itemListElement":[{"@type":"ListItem","position":1,"name":"Trang ch\u1ee7","item":"https:\/\/vannangvn.123websitedev.com\/"},{"@type":"ListItem","position":2,"name":"S\u1ea3n ph\u1ea9m","item":"https:\/\/vannangvn.123websitedev.com\/cua-hang\/"},{"@type":"ListItem","position":3,"name":"H\u1ec6 TH\u1ed0NG TH\u1eec NGHI\u1ec6M K\u00c9O D\u1eccC TR\u1ee4C K\u1ebeT H\u1ee2P M\u00d4 MEN XO\u1eaeN STEP LAB MODEL BV230"}]},{"@type":"WebSite","@id":"https:\/\/vannangvn.123websitedev.com\/#website","url":"https:\/\/vannangvn.123websitedev.com\/","name":"Vannang.vn","description":"","publisher":{"@id":"https:\/\/vannangvn.123websitedev.com\/#organization"},"potentialAction":[{"@type":"SearchAction","target":{"@type":"EntryPoint","urlTemplate":"https:\/\/vannangvn.123websitedev.com\/?s={search_term_string}"},"query-input":{"@type":"PropertyValueSpecification","valueRequired":true,"valueName":"search_term_string"}}],"inLanguage":"en-US"},{"@type":"Organization","@id":"https:\/\/vannangvn.123websitedev.com\/#organization","name":"Vannang.vn","url":"https:\/\/vannangvn.123websitedev.com\/","logo":{"@type":"ImageObject","inLanguage":"en-US","@id":"https:\/\/vannangvn.123websitedev.com\/#\/schema\/logo\/image\/","url":"https:\/\/vannangvn.123websitedev.com\/wp-content\/uploads\/2026\/02\/logo-van-nang-02.png","contentUrl":"https:\/\/vannangvn.123websitedev.com\/wp-content\/uploads\/2026\/02\/logo-van-nang-02.png","width":448,"height":111,"caption":"Vannang.vn"},"image":{"@id":"https:\/\/vannangvn.123websitedev.com\/#\/schema\/logo\/image\/"}}]}},"_links":{"self":[{"href":"https:\/\/vannangvn.123websitedev.com\/en\/wp-json\/wp\/v2\/product\/6372","targetHints":{"allow":["GET"]}}],"collection":[{"href":"https:\/\/vannangvn.123websitedev.com\/en\/wp-json\/wp\/v2\/product"}],"about":[{"href":"https:\/\/vannangvn.123websitedev.com\/en\/wp-json\/wp\/v2\/types\/product"}],"replies":[{"embeddable":true,"href":"https:\/\/vannangvn.123websitedev.com\/en\/wp-json\/wp\/v2\/comments?post=6372"}],"wp:featuredmedia":[{"embeddable":true,"href":"https:\/\/vannangvn.123websitedev.com\/en\/wp-json\/wp\/v2\/media\/9282"}],"wp:attachment":[{"href":"https:\/\/vannangvn.123websitedev.com\/en\/wp-json\/wp\/v2\/media?parent=6372"}],"wp:term":[{"taxonomy":"product_brand","embeddable":true,"href":"https:\/\/vannangvn.123websitedev.com\/en\/wp-json\/wp\/v2\/product_brand?post=6372"},{"taxonomy":"product_cat","embeddable":true,"href":"https:\/\/vannangvn.123websitedev.com\/en\/wp-json\/wp\/v2\/product_cat?post=6372"},{"taxonomy":"product_tag","embeddable":true,"href":"https:\/\/vannangvn.123websitedev.com\/en\/wp-json\/wp\/v2\/product_tag?post=6372"}],"curies":[{"name":"wp","href":"https:\/\/api.w.org\/{rel}","templated":true}]}}