{"id":6377,"date":"2026-03-20T17:27:51","date_gmt":"2026-03-20T10:27:51","guid":{"rendered":"https:\/\/vannangvn.123websitedev.com\/san-pham\/khay-de-ban-harper-qd-proofer-roll-plate-cylinder-desk-tray\/"},"modified":"2026-03-30T18:18:51","modified_gmt":"2026-03-30T11:18:51","slug":"khay-de-ban-harper-qd-proofer-roll-plate-cylinder-desk-tray","status":"publish","type":"product","link":"https:\/\/vannangvn.123websitedev.com\/en\/product\/khay-de-ban-harper-qd-proofer-roll-plate-cylinder-desk-tray\/","title":{"rendered":"KHAY \u0110\u1ec2 B\u00c0N HARPER QD PROOFER ROLL &#038; PLATE CYLINDER DESK TRAY"},"content":{"rendered":"<h1 style=\"color: red; font-weight: bold; font-size: 24px;\">T&#7893;ng quan s&#7843;n ph&#7849;m KHAY &#272;&#7874; B&Agrave;N HARPER QD PROOFER ROLL &amp; PLATE CYLINDER DESK TRAY<p>Gi&aacute; &#272;&#7905; V&#7879; Sinh &#272;&#7847;u In Harper QD Proofer Roll &amp; Plate Cylinder Desk Tray<\/p><h2 style=\"color: #2e7d32; font-weight: bold; font-size: 20px;\">&#272;&#7863;c &#272;i&#7875;m C&#7911;a QD Proofer Roll &amp; Plate Cylinder Desk Tray<\/h2><p>QD Proofer Roll &amp; Plate Cylinder Desk Tray l&agrave; ph&#7909; ki&#7879;n chuy&ecirc;n d&#7909;ng thu&#7897;c h&#7879; QD Proofer System Accessories, gi&uacute;p s&#7855;p x&#7871;p v&agrave; b&#7843;o v&#7879; an to&agrave;n tr&#7909;c in QD&trade; Proofer trong qu&aacute; tr&igrave;nh s&#7917; d&#7909;ng v&agrave; l&#432;u tr&#7919;. Khay QD Proofer Roll &amp; Plate Cylinder Desk Tray c&oacute; kh&#7843; n&#259;ng gi&#7919; t&#7889;i &#273;a 10 tr&#7909;c in QD Proofer, trong khi Plate Cylinder Desk Tray ch&#7913;a &#273;&#432;&#7907;c 6 &#7889;ng tr&#7909; b&#7843;n in, h&#7841;n ch&#7871; l&#259;n tr&#432;&#7907;t v&agrave; gi&#7843;m nguy c&#417; va &#273;&#7853;p g&acirc;y h&#432; h&#7887;ng. S&#7843;n ph&#7849;m &#273;&#432;&#7907;c thi&#7871;t k&#7871; v&#7899;i hai t&ugrave;y ch&#7885;n chi&#7873;u r&#7897;ng Standard 3 inch v&agrave; Plus 5 inch, &#273;&aacute;p &#7913;ng linh ho&#7841;t nhu c&#7847;u c&#7911;a ph&ograve;ng proofing v&agrave; ph&ograve;ng th&iacute; nghi&#7879;m in &#7845;n gravure.<\/p><p>Nh&#7919;ng L&yacute; Do N&ecirc;n Mua Gi&aacute; &#272;&#7905; M&aacute;y In T&#7841;i Thi&#7871;t B&#7883; C&ocirc;ng Ngh&#7879; V&#7841;n N&#259;ng<\/p><p>C&ocirc;ng ty Thi&#7871;t B&#7883; C&ocirc;ng Ngh&#7879; V&#7841;n N&#259;ng l&agrave; &#273;&#7889;i t&aacute;c ch&iacute;nh th&#7913;c ph&acirc;n ph&#7889;i Gi&aacute; &#273;&#7905; m&aacute;y in h&agrave;ng &#273;&#7847;u t&#7841;i Vi&#7879;t Nam, cam k&#7871;t cung c&#7845;p s&#7843;n ph&#7849;m ch&iacute;nh h&atilde;ng v&#7899;i gi&aacute; c&#7843; c&#7841;nh tranh nh&#7845;t th&#7883; tr&#432;&#7901;ng. V&#7899;i uy t&iacute;n tr&ecirc;n th&#7883; tr&#432;&#7901;ng v&agrave; ch&#7871; &#273;&#7897; h&#7851;u m&atilde;i t&#7889;t, Thi&#7871;t B&#7883; C&ocirc;ng Ngh&#7879; V&#7841;n N&#259;ng &#273;&atilde; nh&#7853;n &#273;&#432;&#7907;c s&#7921; tin t&#432;&#7903;ng t&#7915; kh&aacute;ch h&agrave;ng nh&#7901; v&agrave;o ch&#7845;t l&#432;&#7907;ng h&agrave;ng &#273;&#7847;u c&#7911;a c&aacute;c d&ograve;ng s&#7843;n ph&#7849;m.<br>\nS&#7843;n ph&#7849;m c&#7911;a ch&uacute;ng t&ocirc;i &#273;&#432;&#7907;c ki&#7875;m &#273;&#7883;nh ch&#7845;t l&#432;&#7907;ng, nh&#7853;p kh&#7849;u tr&#7921;c ti&#7871;p t&#7915; nh&agrave; m&aacute;y b&ecirc;n Ch&acirc;u &Acirc;u, M&#7929;, &Uacute;c, Nh&#7853;t B&#7843;n,&hellip; v&agrave; &#273;&aacute;p &#7913;ng nhu c&#7847;u &#273;a d&#7841;ng c&#7911;a th&#7883; tr&#432;&#7901;ng nh&#432;: M&aacute;y &#272;o &#272;&#7897; C&#7913;ng, M&aacute;y SPECTROMAXx, M&aacute;y Ki&#7875;m Tra &#272;&#432;&#7901;ng Gh&eacute;p M&iacute; Lon,&hellip; Ch&uacute;ng t&ocirc;i cam k&#7871;t cung c&#7845;p s&#7843;n ph&#7849;m n&agrave;y tr&ecirc;n to&agrave;n qu&#7889;c v&#7899;i gi&aacute; c&#7843; c&#7841;nh tranh nh&#7845;t.<br>\nCh&uacute;ng t&ocirc;i c&oacute; &#273;&#7897;i ng&#361; chuy&ecirc;n vi&ecirc;n t&#432; v&#7845;n chuy&ecirc;n s&acirc;u s&#7869; h&#7895; tr&#7907; kh&aacute;ch h&agrave;ng v&#7873; chi ti&#7871;t s&#7843;n ph&#7849;m, h&#432;&#7899;ng d&#7851;n s&#7917; d&#7909;ng hay nh&#7919;ng th&#7913; li&ecirc;n quan &#273;&#7871;n v&#7845;n &#273;&#7873; m&agrave; doanh nghi&#7879;p b&#7841;n &#273;ang g&#7863;p ph&#7843;i. Ch&uacute;ng t&ocirc;i s&#7869; cung c&#7845;p nh&#7919;ng gi&#7843;i ph&aacute;p t&#7889;i &#432;u nh&#7845;t!<br>\nNgo&agrave;i ra Thi&#7871;t B&#7883; C&ocirc;ng Ngh&#7879; V&#7841;n N&#259;ng Ch&uacute;ng T&ocirc;i lu&ocirc;n h&#432;&#7899;ng &#273;&#7871;n tr&#7843;i nghi&#7879;m kh&aacute;ch h&agrave;ng, v&igrave; v&#7853;y ch&uacute;ng t&ocirc;i c&oacute; nh&#7919;ng ch&iacute;nh s&aacute;ch b&#7843;o h&agrave;nh, b&#7843;o tr&igrave; &ndash; b&#7843;o d&#432;&#7905;ng, hi&#7879;u chu&#7849;n v&#7899;i t&#7845;t c&#7843; c&aacute;c thi&#7871;t b&#7883;, m&aacute;y m&oacute;c m&agrave; ch&uacute;ng t&ocirc;i cung c&#7845;p. &#272;&#7843;m b&#7843;o mang &#273;&#7871;n cho Kh&aacute;ch h&agrave;ng s&#7921; y&ecirc;n t&acirc;m tuy&#7879;t &#273;&#7889;i v&#7873; d&#7883;ch v&#7909; khi mua h&agrave;ng.<\/p><p>H&atilde;y li&ecirc;n h&#7879; v&#7899;i V&#7841;n N&#259;ng Company &#273;&#7875; &#273;&#432;&#7907;c t&#432; v&#7845;n chi ti&#7871;t v&agrave; nh&#7853;n ngay &#432;u &#273;&atilde;i h&#7845;p d&#7851;n th&ocirc;ng qua hotline\/zalo: <a href=\"https:\/\/zalo.me\/0903991335\" target=\"_blank\" rel=\"noopener\" style=\"color: #059669; font-weight: bold; text-decoration: none;\">0903 991 335<\/a>!<\/p><div style=\"background-color: #f8fafc; border: 1px solid #e2e8f0; border-radius: 8px; padding: 25px; max-width: 800px; margin: 30px auto; color: #334155; line-height: 1.8; font-size: 17px; box-shadow: 0 4px 6px -1px rgba(0,0,0,0.05); text-align: left; clear: both;\">\nC&ocirc;ng ty TNHH Th&#432;&#417;ng M&#7841;i D&#7883;ch V&#7909; Thi&#7871;t B&#7883; C&ocirc;ng Ngh&#7879; V&#7841;n N&#259;ng\n<p style=\"margin: 0 0 10px 0;\">&#128205; <strong style=\"color: #1e293b;\">&#272;&#7883;a ch&#7881;:<\/strong> <a style=\"color: #059669; text-decoration: none; font-weight: bold;\" href=\"https:\/\/www.google.com\/maps\/search\/C%C3%B4ng+ty+TNHH+Th%C6%B0%C6%A1ng+M%E1%BA%A1i+D%E1%BB%8Bch+V%E1%BB%A5+Thi%E1%BA%BFt+B%E1%BB%8B+C%C3%B4ng+Ngh%E1%BB%87+V%E1%BA%A1n+N%C4%83ng+818+Tr%C6%B0%E1%BB%9Dng+Chinh\" target=\"_blank\" rel=\"noopener\">818 Tr&#432;&#7901;ng Chinh, Ph&#432;&#7901;ng T&acirc;n S&#417;n, Th&agrave;nh ph&#7889; H&#7891; Ch&iacute; Minh, Vi&#7879;t Nam<\/a><\/p>\n<p style=\"margin: 0 0 10px 0;\">&#128222; <strong style=\"color: #1e293b;\">S&#272;T &ndash; Zalo:<\/strong> <a style=\"color: #059669; text-decoration: none; font-weight: bold;\" href=\"https:\/\/zalo.me\/0903991335\" target=\"_blank\" rel=\"noopener\">0903 991 335<\/a> <span style=\"color: #64748b; font-style: italic;\">(Ms. H&#7841;nh &ndash; Gi&aacute;m &#272;&#7889;c Kinh Doanh)<\/span><\/p>\n<p style=\"margin: 0;\">&#9993;&#65039; <strong style=\"color: #1e293b;\">Email:<\/strong> <a style=\"color: #059669; text-decoration: none; font-weight: bold;\" href=\"mailto:hienhanh@vannangvn.com\">hienhanh@vannangvn.com<\/a><\/p>\n<\/div><\/h1>","protected":false},"excerpt":{"rendered":"<p><strong>Th&#432;&#417;ng hi&#7879;u:<\/strong> Harper<br>\n<strong>Model:<\/strong> QD Proofer Roll &amp; Plate Cylinder Desk Tray<p>Product <strong>KHAY &#272;&#7874; B&Agrave;N HARPER QD PROOFER ROLL &amp; PLATE CYLINDER DESK TRAY<\/strong> ch&iacute;nh h&atilde;ng. Harper (USA)<br>\nQD Proofer Roll &amp; Plate Cylinder Desk Tray l&agrave; ph&#7909; ki&#7879;n QD&trade; Proofer System gi&uacute;p l&#432;u tr&#7919; tr&#7909;c in v&agrave; &#7889;ng tr&#7909; b&#7843;n in an to&agrave;n, ch&#7889;ng l&#259;n tr&#432;&#7907;t, ph&ugrave; h&#7907;p cho ph&ograve;ng proofing gravure chuy&ecirc;n nghi&#7879;p.<\/p><\/p>","protected":false},"featured_media":8736,"comment_status":"open","ping_status":"closed","template":"","meta":[],"product_brand":[],"product_cat":[18],"product_tag":[118,123,125,214,256,413,975,1013,1241,1242,1243,1244],"class_list":{"0":"post-6377","1":"product","2":"type-product","3":"status-publish","4":"has-post-thumbnail","6":"product_cat-chua-phan-loai","7":"product_tag-ban","8":"product_tag-harper","9":"product_tag-proofer","10":"product_tag-214","11":"product_tag-de","12":"product_tag-qd","13":"product_tag-plate","14":"product_tag-cylinder","15":"product_tag-khay","16":"product_tag-roll","17":"product_tag-desk","18":"product_tag-tray","20":"first","21":"instock","22":"shipping-taxable","23":"product-type-simple"},"yoast_head":"<!-- This site is optimized with the Yoast SEO Premium plugin v24.8 (Yoast SEO v24.8) - https:\/\/yoast.com\/wordpress\/plugins\/seo\/ -->\n<title>KHAY \u0110\u1ec2 B\u00c0N HARPER QD PROOFER ROLL ... ch\u00ednh h\u00e3ng | V\u1ea1n N\u0103ng<\/title>\n<meta name=\"description\" content=\"Mua ngay KHAY \u0110\u1ec2 B\u00c0N HARPER QD PROOFER ROLL &amp; PLATE CYLINDER DESK TRAY ch\u00ednh h\u00e3ng. QD Proofer Roll &amp; Plate Cylinder Desk Tray l\u00e0 p... Gi\u00e1 t\u1ed1t!\" \/>\n<meta name=\"robots\" content=\"noindex, follow, max-snippet:-1, max-image-preview:large, max-video-preview:-1\" \/>\n<meta property=\"og:locale\" content=\"en_US\" \/>\n<meta property=\"og:type\" content=\"article\" \/>\n<meta property=\"og:title\" content=\"KHAY \u0110\u1ec2 B\u00c0N HARPER QD PROOFER ROLL &amp; PLATE CYLINDER DESK TRAY\" \/>\n<meta property=\"og:description\" content=\"Mua ngay KHAY \u0110\u1ec2 B\u00c0N HARPER QD PROOFER ROLL &amp; PLATE CYLINDER DESK TRAY ch\u00ednh h\u00e3ng. QD Proofer Roll &amp; Plate Cylinder Desk Tray l\u00e0 p... Gi\u00e1 t\u1ed1t!\" \/>\n<meta property=\"og:url\" content=\"https:\/\/vannangvn.123websitedev.com\/en\/product\/khay-de-ban-harper-qd-proofer-roll-plate-cylinder-desk-tray\/\" \/>\n<meta property=\"og:site_name\" content=\"Vannang.vn\" \/>\n<meta property=\"article:modified_time\" content=\"2026-03-30T11:18:51+00:00\" \/>\n<meta property=\"og:image\" content=\"http:\/\/vannangvn.123websitedev.com\/wp-content\/uploads\/2026\/03\/QD-Proofer-Roll-Plate-Cylinder-Desk-Tray-1-768x576-copy.jpg\" \/>\n\t<meta property=\"og:image:width\" content=\"768\" \/>\n\t<meta property=\"og:image:height\" content=\"576\" \/>\n\t<meta property=\"og:image:type\" content=\"image\/jpeg\" \/>\n<meta name=\"twitter:card\" content=\"summary_large_image\" \/>\n<meta name=\"twitter:label1\" content=\"Est. reading time\" \/>\n\t<meta name=\"twitter:data1\" content=\"4 minutes\" \/>\n<script type=\"application\/ld+json\" class=\"yoast-schema-graph\">{\"@context\":\"https:\/\/schema.org\",\"@graph\":[{\"@type\":\"WebPage\",\"@id\":\"https:\/\/vannangvn.123websitedev.com\/san-pham\/khay-de-ban-harper-qd-proofer-roll-plate-cylinder-desk-tray\/\",\"url\":\"https:\/\/vannangvn.123websitedev.com\/san-pham\/khay-de-ban-harper-qd-proofer-roll-plate-cylinder-desk-tray\/\",\"name\":\"KHAY \u0110\u1ec2 B\u00c0N HARPER QD PROOFER ROLL ... ch\u00ednh h\u00e3ng | V\u1ea1n N\u0103ng\",\"isPartOf\":{\"@id\":\"https:\/\/vannangvn.123websitedev.com\/#website\"},\"primaryImageOfPage\":{\"@id\":\"https:\/\/vannangvn.123websitedev.com\/san-pham\/khay-de-ban-harper-qd-proofer-roll-plate-cylinder-desk-tray\/#primaryimage\"},\"image\":{\"@id\":\"https:\/\/vannangvn.123websitedev.com\/san-pham\/khay-de-ban-harper-qd-proofer-roll-plate-cylinder-desk-tray\/#primaryimage\"},\"thumbnailUrl\":\"https:\/\/vannangvn.123websitedev.com\/wp-content\/uploads\/2026\/03\/QD-Proofer-Roll-Plate-Cylinder-Desk-Tray-1-768x576-copy.jpg\",\"datePublished\":\"2026-03-20T10:27:51+00:00\",\"dateModified\":\"2026-03-30T11:18:51+00:00\",\"description\":\"Mua ngay KHAY \u0110\u1ec2 B\u00c0N HARPER QD PROOFER ROLL &amp; PLATE CYLINDER DESK TRAY ch\u00ednh h\u00e3ng. QD Proofer Roll &amp; Plate Cylinder Desk Tray l\u00e0 p... Gi\u00e1 t\u1ed1t!\",\"breadcrumb\":{\"@id\":\"https:\/\/vannangvn.123websitedev.com\/san-pham\/khay-de-ban-harper-qd-proofer-roll-plate-cylinder-desk-tray\/#breadcrumb\"},\"inLanguage\":\"en-US\",\"potentialAction\":[{\"@type\":\"ReadAction\",\"target\":[\"https:\/\/vannangvn.123websitedev.com\/san-pham\/khay-de-ban-harper-qd-proofer-roll-plate-cylinder-desk-tray\/\"]}]},{\"@type\":\"ImageObject\",\"inLanguage\":\"en-US\",\"@id\":\"https:\/\/vannangvn.123websitedev.com\/san-pham\/khay-de-ban-harper-qd-proofer-roll-plate-cylinder-desk-tray\/#primaryimage\",\"url\":\"https:\/\/vannangvn.123websitedev.com\/wp-content\/uploads\/2026\/03\/QD-Proofer-Roll-Plate-Cylinder-Desk-Tray-1-768x576-copy.jpg\",\"contentUrl\":\"https:\/\/vannangvn.123websitedev.com\/wp-content\/uploads\/2026\/03\/QD-Proofer-Roll-Plate-Cylinder-Desk-Tray-1-768x576-copy.jpg\",\"width\":768,\"height\":576},{\"@type\":\"BreadcrumbList\",\"@id\":\"https:\/\/vannangvn.123websitedev.com\/san-pham\/khay-de-ban-harper-qd-proofer-roll-plate-cylinder-desk-tray\/#breadcrumb\",\"itemListElement\":[{\"@type\":\"ListItem\",\"position\":1,\"name\":\"Trang ch\u1ee7\",\"item\":\"https:\/\/vannangvn.123websitedev.com\/\"},{\"@type\":\"ListItem\",\"position\":2,\"name\":\"S\u1ea3n ph\u1ea9m\",\"item\":\"https:\/\/vannangvn.123websitedev.com\/cua-hang\/\"},{\"@type\":\"ListItem\",\"position\":3,\"name\":\"KHAY \u0110\u1ec2 B\u00c0N HARPER QD PROOFER ROLL &#038; PLATE CYLINDER DESK TRAY\"}]},{\"@type\":\"WebSite\",\"@id\":\"https:\/\/vannangvn.123websitedev.com\/#website\",\"url\":\"https:\/\/vannangvn.123websitedev.com\/\",\"name\":\"Vannang.vn\",\"description\":\"\",\"publisher\":{\"@id\":\"https:\/\/vannangvn.123websitedev.com\/#organization\"},\"potentialAction\":[{\"@type\":\"SearchAction\",\"target\":{\"@type\":\"EntryPoint\",\"urlTemplate\":\"https:\/\/vannangvn.123websitedev.com\/?s={search_term_string}\"},\"query-input\":{\"@type\":\"PropertyValueSpecification\",\"valueRequired\":true,\"valueName\":\"search_term_string\"}}],\"inLanguage\":\"en-US\"},{\"@type\":\"Organization\",\"@id\":\"https:\/\/vannangvn.123websitedev.com\/#organization\",\"name\":\"Vannang.vn\",\"url\":\"https:\/\/vannangvn.123websitedev.com\/\",\"logo\":{\"@type\":\"ImageObject\",\"inLanguage\":\"en-US\",\"@id\":\"https:\/\/vannangvn.123websitedev.com\/#\/schema\/logo\/image\/\",\"url\":\"https:\/\/vannangvn.123websitedev.com\/wp-content\/uploads\/2026\/02\/logo-van-nang-02.png\",\"contentUrl\":\"https:\/\/vannangvn.123websitedev.com\/wp-content\/uploads\/2026\/02\/logo-van-nang-02.png\",\"width\":448,\"height\":111,\"caption\":\"Vannang.vn\"},\"image\":{\"@id\":\"https:\/\/vannangvn.123websitedev.com\/#\/schema\/logo\/image\/\"}}]}<\/script>\n<!-- \/ Yoast SEO Premium plugin. -->","yoast_head_json":{"title":"KHAY \u0110\u1ec2 B\u00c0N HARPER QD PROOFER ROLL ... ch\u00ednh h\u00e3ng | V\u1ea1n N\u0103ng","description":"Mua ngay KHAY \u0110\u1ec2 B\u00c0N HARPER QD PROOFER ROLL &amp; PLATE CYLINDER DESK TRAY ch\u00ednh h\u00e3ng. QD Proofer Roll &amp; Plate Cylinder Desk Tray l\u00e0 p... Gi\u00e1 t\u1ed1t!","robots":{"index":"noindex","follow":"follow","max-snippet":"max-snippet:-1","max-image-preview":"max-image-preview:large","max-video-preview":"max-video-preview:-1"},"og_locale":"en_US","og_type":"article","og_title":"KHAY \u0110\u1ec2 B\u00c0N HARPER QD PROOFER ROLL & PLATE CYLINDER DESK TRAY","og_description":"Mua ngay KHAY \u0110\u1ec2 B\u00c0N HARPER QD PROOFER ROLL &amp; PLATE CYLINDER DESK TRAY ch\u00ednh h\u00e3ng. QD Proofer Roll &amp; Plate Cylinder Desk Tray l\u00e0 p... Gi\u00e1 t\u1ed1t!","og_url":"https:\/\/vannangvn.123websitedev.com\/en\/product\/khay-de-ban-harper-qd-proofer-roll-plate-cylinder-desk-tray\/","og_site_name":"Vannang.vn","article_modified_time":"2026-03-30T11:18:51+00:00","og_image":[{"width":768,"height":576,"url":"http:\/\/vannangvn.123websitedev.com\/wp-content\/uploads\/2026\/03\/QD-Proofer-Roll-Plate-Cylinder-Desk-Tray-1-768x576-copy.jpg","type":"image\/jpeg"}],"twitter_card":"summary_large_image","twitter_misc":{"Est. reading time":"4 minutes"},"schema":{"@context":"https:\/\/schema.org","@graph":[{"@type":"WebPage","@id":"https:\/\/vannangvn.123websitedev.com\/san-pham\/khay-de-ban-harper-qd-proofer-roll-plate-cylinder-desk-tray\/","url":"https:\/\/vannangvn.123websitedev.com\/san-pham\/khay-de-ban-harper-qd-proofer-roll-plate-cylinder-desk-tray\/","name":"KHAY \u0110\u1ec2 B\u00c0N HARPER QD PROOFER ROLL ... ch\u00ednh h\u00e3ng | V\u1ea1n N\u0103ng","isPartOf":{"@id":"https:\/\/vannangvn.123websitedev.com\/#website"},"primaryImageOfPage":{"@id":"https:\/\/vannangvn.123websitedev.com\/san-pham\/khay-de-ban-harper-qd-proofer-roll-plate-cylinder-desk-tray\/#primaryimage"},"image":{"@id":"https:\/\/vannangvn.123websitedev.com\/san-pham\/khay-de-ban-harper-qd-proofer-roll-plate-cylinder-desk-tray\/#primaryimage"},"thumbnailUrl":"https:\/\/vannangvn.123websitedev.com\/wp-content\/uploads\/2026\/03\/QD-Proofer-Roll-Plate-Cylinder-Desk-Tray-1-768x576-copy.jpg","datePublished":"2026-03-20T10:27:51+00:00","dateModified":"2026-03-30T11:18:51+00:00","description":"Mua ngay KHAY \u0110\u1ec2 B\u00c0N HARPER QD PROOFER ROLL &amp; PLATE CYLINDER DESK TRAY ch\u00ednh h\u00e3ng. QD Proofer Roll &amp; Plate Cylinder Desk Tray l\u00e0 p... Gi\u00e1 t\u1ed1t!","breadcrumb":{"@id":"https:\/\/vannangvn.123websitedev.com\/san-pham\/khay-de-ban-harper-qd-proofer-roll-plate-cylinder-desk-tray\/#breadcrumb"},"inLanguage":"en-US","potentialAction":[{"@type":"ReadAction","target":["https:\/\/vannangvn.123websitedev.com\/san-pham\/khay-de-ban-harper-qd-proofer-roll-plate-cylinder-desk-tray\/"]}]},{"@type":"ImageObject","inLanguage":"en-US","@id":"https:\/\/vannangvn.123websitedev.com\/san-pham\/khay-de-ban-harper-qd-proofer-roll-plate-cylinder-desk-tray\/#primaryimage","url":"https:\/\/vannangvn.123websitedev.com\/wp-content\/uploads\/2026\/03\/QD-Proofer-Roll-Plate-Cylinder-Desk-Tray-1-768x576-copy.jpg","contentUrl":"https:\/\/vannangvn.123websitedev.com\/wp-content\/uploads\/2026\/03\/QD-Proofer-Roll-Plate-Cylinder-Desk-Tray-1-768x576-copy.jpg","width":768,"height":576},{"@type":"BreadcrumbList","@id":"https:\/\/vannangvn.123websitedev.com\/san-pham\/khay-de-ban-harper-qd-proofer-roll-plate-cylinder-desk-tray\/#breadcrumb","itemListElement":[{"@type":"ListItem","position":1,"name":"Trang ch\u1ee7","item":"https:\/\/vannangvn.123websitedev.com\/"},{"@type":"ListItem","position":2,"name":"S\u1ea3n ph\u1ea9m","item":"https:\/\/vannangvn.123websitedev.com\/cua-hang\/"},{"@type":"ListItem","position":3,"name":"KHAY \u0110\u1ec2 B\u00c0N HARPER QD PROOFER ROLL &#038; PLATE CYLINDER DESK TRAY"}]},{"@type":"WebSite","@id":"https:\/\/vannangvn.123websitedev.com\/#website","url":"https:\/\/vannangvn.123websitedev.com\/","name":"Vannang.vn","description":"","publisher":{"@id":"https:\/\/vannangvn.123websitedev.com\/#organization"},"potentialAction":[{"@type":"SearchAction","target":{"@type":"EntryPoint","urlTemplate":"https:\/\/vannangvn.123websitedev.com\/?s={search_term_string}"},"query-input":{"@type":"PropertyValueSpecification","valueRequired":true,"valueName":"search_term_string"}}],"inLanguage":"en-US"},{"@type":"Organization","@id":"https:\/\/vannangvn.123websitedev.com\/#organization","name":"Vannang.vn","url":"https:\/\/vannangvn.123websitedev.com\/","logo":{"@type":"ImageObject","inLanguage":"en-US","@id":"https:\/\/vannangvn.123websitedev.com\/#\/schema\/logo\/image\/","url":"https:\/\/vannangvn.123websitedev.com\/wp-content\/uploads\/2026\/02\/logo-van-nang-02.png","contentUrl":"https:\/\/vannangvn.123websitedev.com\/wp-content\/uploads\/2026\/02\/logo-van-nang-02.png","width":448,"height":111,"caption":"Vannang.vn"},"image":{"@id":"https:\/\/vannangvn.123websitedev.com\/#\/schema\/logo\/image\/"}}]}},"_links":{"self":[{"href":"https:\/\/vannangvn.123websitedev.com\/en\/wp-json\/wp\/v2\/product\/6377","targetHints":{"allow":["GET"]}}],"collection":[{"href":"https:\/\/vannangvn.123websitedev.com\/en\/wp-json\/wp\/v2\/product"}],"about":[{"href":"https:\/\/vannangvn.123websitedev.com\/en\/wp-json\/wp\/v2\/types\/product"}],"replies":[{"embeddable":true,"href":"https:\/\/vannangvn.123websitedev.com\/en\/wp-json\/wp\/v2\/comments?post=6377"}],"wp:featuredmedia":[{"embeddable":true,"href":"https:\/\/vannangvn.123websitedev.com\/en\/wp-json\/wp\/v2\/media\/8736"}],"wp:attachment":[{"href":"https:\/\/vannangvn.123websitedev.com\/en\/wp-json\/wp\/v2\/media?parent=6377"}],"wp:term":[{"taxonomy":"product_brand","embeddable":true,"href":"https:\/\/vannangvn.123websitedev.com\/en\/wp-json\/wp\/v2\/product_brand?post=6377"},{"taxonomy":"product_cat","embeddable":true,"href":"https:\/\/vannangvn.123websitedev.com\/en\/wp-json\/wp\/v2\/product_cat?post=6377"},{"taxonomy":"product_tag","embeddable":true,"href":"https:\/\/vannangvn.123websitedev.com\/en\/wp-json\/wp\/v2\/product_tag?post=6377"}],"curies":[{"name":"wp","href":"https:\/\/api.w.org\/{rel}","templated":true}]}}