{"id":6384,"date":"2026-03-20T17:28:08","date_gmt":"2026-03-20T10:28:08","guid":{"rendered":"https:\/\/vannangvn.123websitedev.com\/san-pham\/kinh-hien-vi-dien-tu-quet-moi-truong-sem-quanta-feg-250-esem\/"},"modified":"2026-03-30T18:19:01","modified_gmt":"2026-03-30T11:19:01","slug":"kinh-hien-vi-dien-tu-quet-moi-truong-sem-quanta-feg-250-esem","status":"publish","type":"product","link":"https:\/\/vannangvn.123websitedev.com\/en\/product\/kinh-hien-vi-dien-tu-quet-moi-truong-sem-quanta-feg-250-esem\/","title":{"rendered":"K\u00cdNH HI\u1ec2N VI \u0110I\u1ec6N T\u1eec QU\u00c9T M\u00d4I TR\u01af\u1edcNG SEM-QUANTA FEG 250 (ESEM)"},"content":{"rendered":"<h1 style=\"color: red; font-weight: bold; font-size: 24px;\">T&#7893;ng quan s&#7843;n ph&#7849;m K&Iacute;NH HI&#7874;N VI &#272;I&#7878;N T&#7916; QU&Eacute;T M&Ocirc;I TR&#431;&#7900;NG SEM-QUANTA FEG 250 (ESEM)<p>K&iacute;nh Hi&#7875;n Vi &#272;i&#7879;n T&#7917; Qu&eacute;t M&ocirc;i Tr&#432;&#7901;ng SEM-Quanta FEG 250 (ESEM)<br>\nSEM-Quanta FEG 250 (ESEM) l&agrave; k&iacute;nh hi&#7875;n vi &#273;i&#7879;n t&#7917; qu&eacute;t m&ocirc;i tr&#432;&#7901;ng th&#7871; h&#7879; m&#7899;i, chuy&ecirc;n d&ugrave;ng &#273;&#7875; ch&#7909;p &#7843;nh &#273;&#7897; ph&acirc;n gi&#7843;i cao v&agrave; ph&acirc;n t&iacute;ch th&agrave;nh ph&#7847;n m&#7851;u v&#7853;t b&#7857;ng ph&#7893; t&aacute;n x&#7841; n&#259;ng l&#432;&#7907;ng tia X (EDS). Nh&#7901; c&ocirc;ng ngh&#7879; ph&aacute;t x&#7841; tr&#432;&#7901;ng FEG k&#7871;t h&#7907;p kh&#7843; n&#259;ng gi&#7843;m t&#7889;c ch&ugrave;m tia &#273;i&#7879;n t&#7917;, thi&#7871;t b&#7883; &#273;&#7841;t &#273;&#7897; ph&acirc;n gi&#7843;i t&#7899;i 1,4 nm ngay c&#7843; &#7903; &#273;i&#7879;n &aacute;p ch&#7881; 1 kV, cho ph&eacute;p quan s&aacute;t chi ti&#7871;t b&#7873; m&#7863;t m&agrave; kh&ocirc;ng g&acirc;y h&#432; h&#7841;i.<br>\nV&#7899;i ba ch&#7871; &#273;&#7897; &aacute;p su&#7845;t (High Vacuum, Low Vacuum, ESEM) v&agrave; &aacute;p su&#7845;t t&#7889;i &#273;a 2600 Pa, Quanta FEG 250 c&oacute; th&#7875; nghi&ecirc;n c&#7913;u m&#7851;u s&#7889;ng, m&#7851;u &#432;&#7899;t ho&#7863;c m&#7851;u kh&ocirc;ng d&#7851;n &#273;i&#7879;n m&agrave; kh&ocirc;ng c&#7847;n ph&#7911; kim lo&#7841;i.<br>\nThi&#7871;t b&#7883; h&#7895; tr&#7907; Wet-STEM &#273;&#7875; ki&#7875;m so&aacute;t nhi&#7879;t &#273;&#7897; &ndash; &#273;&#7897; &#7849;m khi quan s&aacute;t, c&oacute; th&#7875; gia nhi&#7879;t m&#7851;u &#273;&#7871;n 1000&deg;C, &#273;&#7891;ng th&#7901;i ph&ugrave; h&#7907;p cho nhi&#7873;u l&#297;nh v&#7921;c t&#7915; khoa h&#7885;c s&#7921; s&#7889;ng, v&#7853;t li&#7879;u &#273;&#7871;n c&ocirc;ng nghi&#7879;p ch&#7871; t&#7841;o. H&atilde;y c&ugrave;ng V&#7841;n N&#259;ng t&igrave;m hi&#7875;u chi ti&#7871;t h&#417;n v&#7873; s&#7843;n ph&#7849;m th&ocirc;ng qua b&agrave;i vi&#7871;t d&#432;&#7899;i &#273;&acirc;y nh&eacute;!<\/p><p>N&eacute;t &#272;&#7863;c Tr&#432;ng C&#7911;a Sem-Quanta Feg-250<br>\n&#272;&#7897; ph&acirc;n gi&#7843;i c&#7921;c cao<\/p><p>Nh&#7901; c&ocirc;ng ngh&#7879; FEG v&agrave; kh&#7843; n&#259;ng beam deceleration, k&iacute;nh hi&#7875;n vi c&oacute; th&#7875; &#273;&#7841;t &#273;&#7897; ph&acirc;n gi&#7843;i 1,4 nm, gi&uacute;p t&aacute;i hi&#7879;n h&igrave;nh &#7843;nh chi ti&#7871;t &#7903; c&#7845;p &#273;&#7897; nano.<br>\nH&#7895; tr&#7907; nghi&ecirc;n c&#7913;u b&#7873; m&#7863;t v&#7853;t li&#7879;u m&agrave; kh&ocirc;ng c&#7847;n t&#259;ng &aacute;p qu&aacute; cao, h&#7841;n ch&#7871; t&#7889;i &#273;a h&#432; h&#7841;i m&#7851;u.<\/p><p>Ho&#7841;t &#273;&#7897;ng trong nhi&#7873;u &#273;i&#7873;u ki&#7879;n &aacute;p su&#7845;t<\/p><p>Ch&#7871; &#273;&#7897; ch&acirc;n kh&ocirc;ng cao (High Vacuum): ph&ugrave; h&#7907;p cho m&#7851;u kh&ocirc;, d&#7851;n &#273;i&#7879;n t&#7889;t.<br>\nCh&#7871; &#273;&#7897; ch&acirc;n kh&ocirc;ng th&#7845;p (Low Vacuum): quan s&aacute;t &#273;&#432;&#7907;c c&#7843; m&#7851;u kh&ocirc;ng d&#7851;n &#273;i&#7879;n m&agrave; kh&ocirc;ng c&#7847;n x&#7917; l&yacute; ph&#7911; kim lo&#7841;i.<br>\nCh&#7871; &#273;&#7897; ESEM (Environmental SEM): quan s&aacute;t m&#7851;u &#432;&#7899;t, m&#7851;u sinh h&#7885;c ho&#7863;c m&#7851;u ch&#7913;a kh&iacute;, h&#417;i n&#432;&#7899;c trong &#273;i&#7873;u ki&#7879;n m&ocirc;i tr&#432;&#7901;ng t&#7921; nhi&ecirc;n.<\/p><p>Kh&#7843; n&#259;ng quan s&aacute;t m&#7851;u s&#7889;ng v&agrave; m&#7851;u nh&#7841;y c&#7843;m<\/p><p>Kh&ocirc;ng c&#7847;n chu&#7849;n b&#7883; m&#7851;u ph&#7913;c t&#7841;p.<br>\nGi&#7843;m nguy c&#417; bi&#7871;n d&#7841;ng b&#7873; m&#7863;t, &#273;&#7863;c bi&#7879;t v&#7899;i c&aacute;c m&#7851;u sinh h&#7885;c ho&#7863;c m&#7851;u polymer m&#7873;m.<\/p><p>H&#7879; th&#7889;ng ph&aacute;t hi&#7879;n h&igrave;nh &#7843;nh &amp; ph&acirc;n t&iacute;ch<br>\nQuanta FEG-250 &#273;&#432;&#7907;c trang b&#7883; nhi&#7873;u lo&#7841;i &#273;&#7847;u d&ograve; (detector) kh&aacute;c nhau, ph&#7909;c v&#7909; &#273;a d&#7841;ng nhu c&#7847;u ph&acirc;n t&iacute;ch:<\/p><p>H&igrave;nh &#7843;nh &#273;i&#7879;n t&#7917; th&#7913; c&#7845;p (Secondary Electrons &ndash; Topography)<\/p><p>S&#7917; d&#7909;ng &#273;&#7847;u d&ograve; ETD\/FLD (Everhart-Thornley Detector \/ Large Field Detector).<\/p><h2 style=\"color: #0073aa; font-weight: bold; font-size: 20px;\">Hi&#7875;n th&#7883; chi ti&#7871;t b&#7873; m&#7863;t m&#7851;u v&#7899;i &#273;&#7897; n&eacute;t cao.<\/h2><p>H&igrave;nh &#7843;nh &#273;i&#7879;n t&#7917; t&aacute;n x&#7841; ng&#432;&#7907;c (Backscattered Electrons &ndash; Composition)<\/p><p>S&#7917; d&#7909;ng &#273;&#7847;u d&ograve; GAD\/vCD (Gaseous Analytical Detector \/ Low Voltage High Contrast).<br>\nCho ph&eacute;p ph&acirc;n t&iacute;ch s&#7921; t&#432;&#417;ng ph&#7843;n th&agrave;nh ph&#7847;n v&#7853;t li&#7879;u.<\/p><p>H&igrave;nh &#7843;nh &#273;i&#7879;n t&#7917; th&#7913; c&#7845;p t&#7915; pha kh&iacute;<\/p><p>S&#7917; d&#7909;ng &#273;&#7847;u d&ograve; GSED\/GAD (Gaseous Secondary Electron Detector \/ Gaseous Analytical Detector).<br>\nPh&ugrave; h&#7907;p v&#7899;i m&#7851;u trong m&ocirc;i tr&#432;&#7901;ng c&oacute; kh&iacute; ho&#7863;c h&#417;i &#7849;m.<\/p><p>Ph&acirc;n t&iacute;ch th&agrave;nh ph&#7847;n h&oacute;a h&#7885;c nguy&ecirc;n t&#7889;<\/p><p>&#7912;ng d&#7909;ng Energy Dispersive X-ray Spectroscopy (EDS\/EDX).<br>\nX&aacute;c &#273;&#7883;nh nguy&ecirc;n t&#7889; c&#7845;u th&agrave;nh m&#7851;u v&agrave; t&#7927; l&#7879; ph&#7847;n tr&#259;m kh&#7889;i l&#432;&#7907;ng.<\/p><p>H&igrave;nh &#7843;nh STEM (Scanning Transmission Electron Microscopy)<\/p><p>S&#7917; d&#7909;ng &#273;&#7847;u d&ograve; STEM chuy&ecirc;n d&#7909;ng.<br>\nCho ph&eacute;p quan s&aacute;t c&#7845;u tr&uacute;c b&ecirc;n trong m&#7851;u m&#7887;ng.<\/p><p>Th&iacute; nghi&#7879;m in-situ (tr&#7921;c ti&#7871;p trong bu&#7891;ng k&iacute;nh)<br>\nQuanta FEG-250 kh&ocirc;ng ch&#7881; quan s&aacute;t m&agrave; c&ograve;n h&#7895; tr&#7907; th&#7921;c hi&#7879;n th&iacute; nghi&#7879;m ngay trong bu&#7891;ng k&iacute;nh hi&#7875;n vi, bao g&#7891;m:<\/p><p>Gia nhi&#7879;t m&#7851;u (Heating Stage)<\/p><p>Nhi&#7879;t &#273;&#7897; l&ecirc;n &#273;&#7871;n 1000&deg;C.<br>\nQuan s&aacute;t tr&#7921;c ti&#7871;p s&#7921; thay &#273;&#7893;i h&igrave;nh th&aacute;i c&#7911;a m&#7851;u khi nung.<\/p><p>B&#7879; Peltier (Peltier Stage)<\/p><p>&#272;i&#7873;u ch&#7881;nh &aacute;p su&#7845;t, nhi&#7879;t &#273;&#7897;, &#273;&#7897; &#7849;m c&#7911;a bu&#7891;ng.<br>\nQuan s&aacute;t bi&#7871;n &#273;&#7893;i m&#7851;u trong &#273;i&#7873;u ki&#7879;n kh&iacute; h&#7853;u m&ocirc; ph&#7887;ng.<\/p><p>Wet-STEM v&agrave; STEM kh&ocirc;<\/p><p>Quan s&aacute;t m&#7851;u trong m&ocirc;i tr&#432;&#7901;ng &#432;&#7899;t (Wet-STEM) ho&#7863;c m&#7851;u &#273;&atilde; s&#7845;y kh&ocirc; &#7903; ch&#7871; &#273;&#7897; ch&acirc;n kh&ocirc;ng cao.<\/p><p>Chu&#7849;n b&#7883; m&#7851;u v&agrave; &#273;i&#7873;u ki&#7879;n quan s&aacute;t<\/p><p>Ch&#7871; &#273;&#7897; ch&acirc;n kh&ocirc;ng cao: M&#7851;u l&#7887;ng ho&#7863;c kh&ocirc;ng d&#7851;n &#273;i&#7879;n c&#7847;n &#273;&#432;&#7907;c l&agrave;m kh&ocirc; v&agrave; ph&#7911; kim lo&#7841;i.<br>\nCh&#7871; &#273;&#7897; ch&acirc;n kh&ocirc;ng th&#7845;p \/ ESEM: M&#7851;u kh&ocirc;ng c&#7847;n x&#7917; l&yacute; tr&#432;&#7899;c, ti&#7871;t ki&#7879;m th&#7901;i gian chu&#7849;n b&#7883;.<br>\nK&iacute;ch th&#432;&#7899;c m&#7851;u:<\/p><p>Ch&acirc;n kh&ocirc;ng cao &amp; th&#7845;p: t&#7915; 0903 991 335 !<\/p><div style=\"background-color: #f8fafc; border: 1px solid #e2e8f0; border-radius: 8px; padding: 25px; max-width: 800px; margin: 30px auto; color: #334155; line-height: 1.8; font-size: 17px; box-shadow: 0 4px 6px -1px rgba(0,0,0,0.05); text-align: left; clear: both;\">\nC&ocirc;ng ty TNHH Th&#432;&#417;ng M&#7841;i D&#7883;ch V&#7909; Thi&#7871;t B&#7883; C&ocirc;ng Ngh&#7879; V&#7841;n N&#259;ng\n<p style=\"margin: 0 0 10px 0;\">&#128205; <strong style=\"color: #1e293b;\">&#272;&#7883;a ch&#7881;:<\/strong> <a style=\"color: #059669; text-decoration: none; font-weight: bold;\" href=\"https:\/\/www.google.com\/maps\/search\/C%C3%B4ng+ty+TNHH+Th%C6%B0%C6%A1ng+M%E1%BA%A1i+D%E1%BB%8Bch+V%E1%BB%A5+Thi%E1%BA%BFt+B%E1%BB%8B+C%C3%B4ng+Ngh%E1%BB%87+V%E1%BA%A1n+N%C4%83ng+818+Tr%C6%B0%E1%BB%9Dng+Chinh\" target=\"_blank\" rel=\"noopener\">818 Tr&#432;&#7901;ng Chinh, Ph&#432;&#7901;ng T&acirc;n S&#417;n, Th&agrave;nh ph&#7889; H&#7891; Ch&iacute; Minh, Vi&#7879;t Nam<\/a><\/p>\n<p style=\"margin: 0 0 10px 0;\">&#128222; <strong style=\"color: #1e293b;\">S&#272;T &ndash; Zalo:<\/strong> <a style=\"color: #059669; text-decoration: none; font-weight: bold;\" href=\"https:\/\/zalo.me\/0903991335\" target=\"_blank\" rel=\"noopener\">0903 991 335<\/a> <span style=\"color: #64748b; font-style: italic;\">(Ms. H&#7841;nh &ndash; Gi&aacute;m &#272;&#7889;c Kinh Doanh)<\/span><\/p>\n<p style=\"margin: 0;\">&#9993;&#65039; <strong style=\"color: #1e293b;\">Email:<\/strong> <a style=\"color: #059669; text-decoration: none; font-weight: bold;\" href=\"mailto:hienhanh@vannangvn.com\">hienhanh@vannangvn.com<\/a><\/p>\n<\/div><\/h1>","protected":false},"excerpt":{"rendered":"<p><strong>Th&#432;&#417;ng hi&#7879;u:<\/strong> K&iacute;nh Hi&#7875;n Vi &#272;i&#7879;n T&#7917; Qu&eacute;t M&ocirc;i Tr&#432;&#7901;ng SEM-Quanta FEG 250  l&agrave; c&ocirc;ng c&#7909; &#273;a n&#259;ng &ndash; linh ho&#7841;t &ndash; ch&iacute;nh x&aacute;c cao trong nghi&ecirc;n c&#7913;u v&agrave; c&ocirc;ng nghi&#7879;p. V&#7899;i:<br>\n<strong>Model:<\/strong> Quanta FEG 250<p>Product <strong>K&Iacute;NH HI&#7874;N VI &#272;I&#7878;N T&#7916; QU&Eacute;T M&Ocirc;I TR&#431;&#7900;NG SEM-QUANTA FEG 250 (ESEM)<\/strong> ch&iacute;nh h&atilde;ng. K&iacute;nh Hi&#7875;n Vi &#272;i&#7879;n T&#7917; Qu&eacute;t M&ocirc;i Tr&#432;&#7901;ng SEM-Quanta FEG 250 (ESEM) l&agrave; c&ocirc;ng c&#7909; &#273;a n&#259;ng &ndash; linh ho&#7841;t &ndash; ch&iacute;nh x&aacute;c cao trong nghi&ecirc;n c&#7913;u v&agrave; c&ocirc;ng nghi&#7879;p. V&#7899;i:<\/p><\/p>","protected":false},"featured_media":9584,"comment_status":"open","ping_status":"closed","template":"","meta":[],"product_brand":[],"product_cat":[18],"product_tag":[105,162,292,511,512,649,1091,1259,1260,1261,1262,1263],"class_list":{"0":"post-6384","1":"product","2":"type-product","3":"status-publish","4":"has-post-thumbnail","6":"product_cat-chua-phan-loai","7":"product_tag-dien","8":"product_tag-tu","9":"product_tag-hien","10":"product_tag-moi","11":"product_tag-truong","12":"product_tag-vi","13":"product_tag-kinh","14":"product_tag-quet","15":"product_tag-sem-quanta","16":"product_tag-feg","17":"product_tag-1262","18":"product_tag-esem","20":"first","21":"instock","22":"shipping-taxable","23":"product-type-simple"},"yoast_head":"<!-- This site is optimized with the Yoast SEO Premium plugin v24.8 (Yoast SEO v24.8) - https:\/\/yoast.com\/wordpress\/plugins\/seo\/ -->\n<title>K\u00cdNH HI\u1ec2N VI \u0110I\u1ec6N T\u1eec QU\u00c9T M\u00d4I TR\u01af\u1edcN... ch\u00ednh h\u00e3ng | V\u1ea1n N\u0103ng<\/title>\n<meta name=\"description\" content=\"Mua ngay K\u00cdNH HI\u1ec2N VI \u0110I\u1ec6N T\u1eec QU\u00c9T M\u00d4I TR\u01af\u1edcNG SEM-QUANTA FEG 250 (ESEM) ch\u00ednh h\u00e3ng. Gi\u00e1 t\u1ed1t!\" \/>\n<meta name=\"robots\" content=\"noindex, follow, max-snippet:-1, max-image-preview:large, max-video-preview:-1\" \/>\n<meta property=\"og:locale\" content=\"en_US\" \/>\n<meta property=\"og:type\" content=\"article\" \/>\n<meta property=\"og:title\" content=\"K\u00cdNH HI\u1ec2N VI \u0110I\u1ec6N T\u1eec QU\u00c9T M\u00d4I TR\u01af\u1edcNG SEM-QUANTA FEG 250 (ESEM)\" \/>\n<meta property=\"og:description\" content=\"Mua ngay K\u00cdNH HI\u1ec2N VI \u0110I\u1ec6N T\u1eec QU\u00c9T M\u00d4I TR\u01af\u1edcNG SEM-QUANTA FEG 250 (ESEM) ch\u00ednh h\u00e3ng. Gi\u00e1 t\u1ed1t!\" \/>\n<meta property=\"og:url\" content=\"https:\/\/vannangvn.123websitedev.com\/en\/product\/kinh-hien-vi-dien-tu-quet-moi-truong-sem-quanta-feg-250-esem\/\" \/>\n<meta property=\"og:site_name\" content=\"Vannang.vn\" \/>\n<meta property=\"article:modified_time\" content=\"2026-03-30T11:19:01+00:00\" \/>\n<meta property=\"og:image\" content=\"http:\/\/vannangvn.123websitedev.com\/wp-content\/uploads\/2026\/03\/FEG-250-768x576-copy.jpg\" \/>\n\t<meta property=\"og:image:width\" content=\"768\" \/>\n\t<meta property=\"og:image:height\" content=\"576\" \/>\n\t<meta property=\"og:image:type\" content=\"image\/jpeg\" \/>\n<meta name=\"twitter:card\" content=\"summary_large_image\" \/>\n<meta name=\"twitter:label1\" content=\"Est. reading time\" \/>\n\t<meta name=\"twitter:data1\" content=\"5 minutes\" \/>\n<script type=\"application\/ld+json\" class=\"yoast-schema-graph\">{\"@context\":\"https:\/\/schema.org\",\"@graph\":[{\"@type\":\"WebPage\",\"@id\":\"https:\/\/vannangvn.123websitedev.com\/san-pham\/kinh-hien-vi-dien-tu-quet-moi-truong-sem-quanta-feg-250-esem\/\",\"url\":\"https:\/\/vannangvn.123websitedev.com\/san-pham\/kinh-hien-vi-dien-tu-quet-moi-truong-sem-quanta-feg-250-esem\/\",\"name\":\"K\u00cdNH HI\u1ec2N VI \u0110I\u1ec6N T\u1eec QU\u00c9T M\u00d4I TR\u01af\u1edcN... ch\u00ednh h\u00e3ng | V\u1ea1n N\u0103ng\",\"isPartOf\":{\"@id\":\"https:\/\/vannangvn.123websitedev.com\/#website\"},\"primaryImageOfPage\":{\"@id\":\"https:\/\/vannangvn.123websitedev.com\/san-pham\/kinh-hien-vi-dien-tu-quet-moi-truong-sem-quanta-feg-250-esem\/#primaryimage\"},\"image\":{\"@id\":\"https:\/\/vannangvn.123websitedev.com\/san-pham\/kinh-hien-vi-dien-tu-quet-moi-truong-sem-quanta-feg-250-esem\/#primaryimage\"},\"thumbnailUrl\":\"https:\/\/vannangvn.123websitedev.com\/wp-content\/uploads\/2026\/03\/FEG-250-768x576-copy.jpg\",\"datePublished\":\"2026-03-20T10:28:08+00:00\",\"dateModified\":\"2026-03-30T11:19:01+00:00\",\"description\":\"Mua ngay K\u00cdNH HI\u1ec2N VI \u0110I\u1ec6N T\u1eec QU\u00c9T M\u00d4I TR\u01af\u1edcNG SEM-QUANTA FEG 250 (ESEM) ch\u00ednh h\u00e3ng. Gi\u00e1 t\u1ed1t!\",\"breadcrumb\":{\"@id\":\"https:\/\/vannangvn.123websitedev.com\/san-pham\/kinh-hien-vi-dien-tu-quet-moi-truong-sem-quanta-feg-250-esem\/#breadcrumb\"},\"inLanguage\":\"en-US\",\"potentialAction\":[{\"@type\":\"ReadAction\",\"target\":[\"https:\/\/vannangvn.123websitedev.com\/san-pham\/kinh-hien-vi-dien-tu-quet-moi-truong-sem-quanta-feg-250-esem\/\"]}]},{\"@type\":\"ImageObject\",\"inLanguage\":\"en-US\",\"@id\":\"https:\/\/vannangvn.123websitedev.com\/san-pham\/kinh-hien-vi-dien-tu-quet-moi-truong-sem-quanta-feg-250-esem\/#primaryimage\",\"url\":\"https:\/\/vannangvn.123websitedev.com\/wp-content\/uploads\/2026\/03\/FEG-250-768x576-copy.jpg\",\"contentUrl\":\"https:\/\/vannangvn.123websitedev.com\/wp-content\/uploads\/2026\/03\/FEG-250-768x576-copy.jpg\",\"width\":768,\"height\":576},{\"@type\":\"BreadcrumbList\",\"@id\":\"https:\/\/vannangvn.123websitedev.com\/san-pham\/kinh-hien-vi-dien-tu-quet-moi-truong-sem-quanta-feg-250-esem\/#breadcrumb\",\"itemListElement\":[{\"@type\":\"ListItem\",\"position\":1,\"name\":\"Trang ch\u1ee7\",\"item\":\"https:\/\/vannangvn.123websitedev.com\/\"},{\"@type\":\"ListItem\",\"position\":2,\"name\":\"S\u1ea3n ph\u1ea9m\",\"item\":\"https:\/\/vannangvn.123websitedev.com\/cua-hang\/\"},{\"@type\":\"ListItem\",\"position\":3,\"name\":\"K\u00cdNH HI\u1ec2N VI \u0110I\u1ec6N T\u1eec QU\u00c9T M\u00d4I TR\u01af\u1edcNG SEM-QUANTA FEG 250 (ESEM)\"}]},{\"@type\":\"WebSite\",\"@id\":\"https:\/\/vannangvn.123websitedev.com\/#website\",\"url\":\"https:\/\/vannangvn.123websitedev.com\/\",\"name\":\"Vannang.vn\",\"description\":\"\",\"publisher\":{\"@id\":\"https:\/\/vannangvn.123websitedev.com\/#organization\"},\"potentialAction\":[{\"@type\":\"SearchAction\",\"target\":{\"@type\":\"EntryPoint\",\"urlTemplate\":\"https:\/\/vannangvn.123websitedev.com\/?s={search_term_string}\"},\"query-input\":{\"@type\":\"PropertyValueSpecification\",\"valueRequired\":true,\"valueName\":\"search_term_string\"}}],\"inLanguage\":\"en-US\"},{\"@type\":\"Organization\",\"@id\":\"https:\/\/vannangvn.123websitedev.com\/#organization\",\"name\":\"Vannang.vn\",\"url\":\"https:\/\/vannangvn.123websitedev.com\/\",\"logo\":{\"@type\":\"ImageObject\",\"inLanguage\":\"en-US\",\"@id\":\"https:\/\/vannangvn.123websitedev.com\/#\/schema\/logo\/image\/\",\"url\":\"https:\/\/vannangvn.123websitedev.com\/wp-content\/uploads\/2026\/02\/logo-van-nang-02.png\",\"contentUrl\":\"https:\/\/vannangvn.123websitedev.com\/wp-content\/uploads\/2026\/02\/logo-van-nang-02.png\",\"width\":448,\"height\":111,\"caption\":\"Vannang.vn\"},\"image\":{\"@id\":\"https:\/\/vannangvn.123websitedev.com\/#\/schema\/logo\/image\/\"}}]}<\/script>\n<!-- \/ Yoast SEO Premium plugin. -->","yoast_head_json":{"title":"K\u00cdNH HI\u1ec2N VI \u0110I\u1ec6N T\u1eec QU\u00c9T M\u00d4I TR\u01af\u1edcN... ch\u00ednh h\u00e3ng | V\u1ea1n N\u0103ng","description":"Mua ngay K\u00cdNH HI\u1ec2N VI \u0110I\u1ec6N T\u1eec QU\u00c9T M\u00d4I TR\u01af\u1edcNG SEM-QUANTA FEG 250 (ESEM) ch\u00ednh h\u00e3ng. Gi\u00e1 t\u1ed1t!","robots":{"index":"noindex","follow":"follow","max-snippet":"max-snippet:-1","max-image-preview":"max-image-preview:large","max-video-preview":"max-video-preview:-1"},"og_locale":"en_US","og_type":"article","og_title":"K\u00cdNH HI\u1ec2N VI \u0110I\u1ec6N T\u1eec QU\u00c9T M\u00d4I TR\u01af\u1edcNG SEM-QUANTA FEG 250 (ESEM)","og_description":"Mua ngay K\u00cdNH HI\u1ec2N VI \u0110I\u1ec6N T\u1eec QU\u00c9T M\u00d4I TR\u01af\u1edcNG SEM-QUANTA FEG 250 (ESEM) ch\u00ednh h\u00e3ng. Gi\u00e1 t\u1ed1t!","og_url":"https:\/\/vannangvn.123websitedev.com\/en\/product\/kinh-hien-vi-dien-tu-quet-moi-truong-sem-quanta-feg-250-esem\/","og_site_name":"Vannang.vn","article_modified_time":"2026-03-30T11:19:01+00:00","og_image":[{"width":768,"height":576,"url":"http:\/\/vannangvn.123websitedev.com\/wp-content\/uploads\/2026\/03\/FEG-250-768x576-copy.jpg","type":"image\/jpeg"}],"twitter_card":"summary_large_image","twitter_misc":{"Est. reading time":"5 minutes"},"schema":{"@context":"https:\/\/schema.org","@graph":[{"@type":"WebPage","@id":"https:\/\/vannangvn.123websitedev.com\/san-pham\/kinh-hien-vi-dien-tu-quet-moi-truong-sem-quanta-feg-250-esem\/","url":"https:\/\/vannangvn.123websitedev.com\/san-pham\/kinh-hien-vi-dien-tu-quet-moi-truong-sem-quanta-feg-250-esem\/","name":"K\u00cdNH HI\u1ec2N VI \u0110I\u1ec6N T\u1eec QU\u00c9T M\u00d4I TR\u01af\u1edcN... ch\u00ednh h\u00e3ng | V\u1ea1n N\u0103ng","isPartOf":{"@id":"https:\/\/vannangvn.123websitedev.com\/#website"},"primaryImageOfPage":{"@id":"https:\/\/vannangvn.123websitedev.com\/san-pham\/kinh-hien-vi-dien-tu-quet-moi-truong-sem-quanta-feg-250-esem\/#primaryimage"},"image":{"@id":"https:\/\/vannangvn.123websitedev.com\/san-pham\/kinh-hien-vi-dien-tu-quet-moi-truong-sem-quanta-feg-250-esem\/#primaryimage"},"thumbnailUrl":"https:\/\/vannangvn.123websitedev.com\/wp-content\/uploads\/2026\/03\/FEG-250-768x576-copy.jpg","datePublished":"2026-03-20T10:28:08+00:00","dateModified":"2026-03-30T11:19:01+00:00","description":"Mua ngay K\u00cdNH HI\u1ec2N VI \u0110I\u1ec6N T\u1eec QU\u00c9T M\u00d4I TR\u01af\u1edcNG SEM-QUANTA FEG 250 (ESEM) ch\u00ednh h\u00e3ng. Gi\u00e1 t\u1ed1t!","breadcrumb":{"@id":"https:\/\/vannangvn.123websitedev.com\/san-pham\/kinh-hien-vi-dien-tu-quet-moi-truong-sem-quanta-feg-250-esem\/#breadcrumb"},"inLanguage":"en-US","potentialAction":[{"@type":"ReadAction","target":["https:\/\/vannangvn.123websitedev.com\/san-pham\/kinh-hien-vi-dien-tu-quet-moi-truong-sem-quanta-feg-250-esem\/"]}]},{"@type":"ImageObject","inLanguage":"en-US","@id":"https:\/\/vannangvn.123websitedev.com\/san-pham\/kinh-hien-vi-dien-tu-quet-moi-truong-sem-quanta-feg-250-esem\/#primaryimage","url":"https:\/\/vannangvn.123websitedev.com\/wp-content\/uploads\/2026\/03\/FEG-250-768x576-copy.jpg","contentUrl":"https:\/\/vannangvn.123websitedev.com\/wp-content\/uploads\/2026\/03\/FEG-250-768x576-copy.jpg","width":768,"height":576},{"@type":"BreadcrumbList","@id":"https:\/\/vannangvn.123websitedev.com\/san-pham\/kinh-hien-vi-dien-tu-quet-moi-truong-sem-quanta-feg-250-esem\/#breadcrumb","itemListElement":[{"@type":"ListItem","position":1,"name":"Trang ch\u1ee7","item":"https:\/\/vannangvn.123websitedev.com\/"},{"@type":"ListItem","position":2,"name":"S\u1ea3n ph\u1ea9m","item":"https:\/\/vannangvn.123websitedev.com\/cua-hang\/"},{"@type":"ListItem","position":3,"name":"K\u00cdNH HI\u1ec2N VI \u0110I\u1ec6N T\u1eec QU\u00c9T M\u00d4I TR\u01af\u1edcNG SEM-QUANTA FEG 250 (ESEM)"}]},{"@type":"WebSite","@id":"https:\/\/vannangvn.123websitedev.com\/#website","url":"https:\/\/vannangvn.123websitedev.com\/","name":"Vannang.vn","description":"","publisher":{"@id":"https:\/\/vannangvn.123websitedev.com\/#organization"},"potentialAction":[{"@type":"SearchAction","target":{"@type":"EntryPoint","urlTemplate":"https:\/\/vannangvn.123websitedev.com\/?s={search_term_string}"},"query-input":{"@type":"PropertyValueSpecification","valueRequired":true,"valueName":"search_term_string"}}],"inLanguage":"en-US"},{"@type":"Organization","@id":"https:\/\/vannangvn.123websitedev.com\/#organization","name":"Vannang.vn","url":"https:\/\/vannangvn.123websitedev.com\/","logo":{"@type":"ImageObject","inLanguage":"en-US","@id":"https:\/\/vannangvn.123websitedev.com\/#\/schema\/logo\/image\/","url":"https:\/\/vannangvn.123websitedev.com\/wp-content\/uploads\/2026\/02\/logo-van-nang-02.png","contentUrl":"https:\/\/vannangvn.123websitedev.com\/wp-content\/uploads\/2026\/02\/logo-van-nang-02.png","width":448,"height":111,"caption":"Vannang.vn"},"image":{"@id":"https:\/\/vannangvn.123websitedev.com\/#\/schema\/logo\/image\/"}}]}},"_links":{"self":[{"href":"https:\/\/vannangvn.123websitedev.com\/en\/wp-json\/wp\/v2\/product\/6384","targetHints":{"allow":["GET"]}}],"collection":[{"href":"https:\/\/vannangvn.123websitedev.com\/en\/wp-json\/wp\/v2\/product"}],"about":[{"href":"https:\/\/vannangvn.123websitedev.com\/en\/wp-json\/wp\/v2\/types\/product"}],"replies":[{"embeddable":true,"href":"https:\/\/vannangvn.123websitedev.com\/en\/wp-json\/wp\/v2\/comments?post=6384"}],"wp:featuredmedia":[{"embeddable":true,"href":"https:\/\/vannangvn.123websitedev.com\/en\/wp-json\/wp\/v2\/media\/9584"}],"wp:attachment":[{"href":"https:\/\/vannangvn.123websitedev.com\/en\/wp-json\/wp\/v2\/media?parent=6384"}],"wp:term":[{"taxonomy":"product_brand","embeddable":true,"href":"https:\/\/vannangvn.123websitedev.com\/en\/wp-json\/wp\/v2\/product_brand?post=6384"},{"taxonomy":"product_cat","embeddable":true,"href":"https:\/\/vannangvn.123websitedev.com\/en\/wp-json\/wp\/v2\/product_cat?post=6384"},{"taxonomy":"product_tag","embeddable":true,"href":"https:\/\/vannangvn.123websitedev.com\/en\/wp-json\/wp\/v2\/product_tag?post=6384"}],"curies":[{"name":"wp","href":"https:\/\/api.w.org\/{rel}","templated":true}]}}