{"id":6397,"date":"2026-03-20T17:28:21","date_gmt":"2026-03-20T10:28:21","guid":{"rendered":"https:\/\/vannangvn.123websitedev.com\/san-pham\/kurabo-quickgene-dna-tissue-kit\/"},"modified":"2026-03-30T18:19:17","modified_gmt":"2026-03-30T11:19:17","slug":"kurabo-quickgene-dna-tissue-kit","status":"publish","type":"product","link":"https:\/\/vannangvn.123websitedev.com\/en\/product\/kurabo-quickgene-dna-tissue-kit\/","title":{"rendered":"KURABO QUICKGENE DNA TISSUE KIT"},"content":{"rendered":"<h1 style=\"color: red; font-weight: bold; font-size: 24px;\">T&#7893;ng quan s&#7843;n ph&#7849;m KURABO QUICKGENE DNA TISSUE KIT<p>B&#7897; Kurabo QuickGene DNA Tissue Kit<br>\nB&#7897; kit QuickGene DNA Tissue &#273;&#7871;n t&#7915; Kurabo l&agrave; m&#7897;t gi&#7843;i ph&aacute;p t&#7889;i &#432;u cho vi&#7879;c chi&#7871;t xu&#7845;t DNA ch&#7845;t l&#432;&#7907;ng cao t&#7915; c&aacute;c m&#7851;u m&ocirc;, t&#7871; b&agrave;o nu&ocirc;i c&#7845;y v&agrave; vi khu&#7849;n. S&#7843;n ph&#7849;m n&agrave;y &#273;&#432;&#7907;c tinh ch&#7881;nh &#273;&#7875; ho&#7841;t &#273;&#7897;ng t&#7889;t nh&#7845;t v&#7899;i quy tr&igrave;nh t&#7921; &#273;&#7897;ng QuickGene-810 ho&#7863;c th&#7911; c&ocirc;ng QuickGene-Mini80, gi&uacute;p &#273;&#417;n gi&#7843;n h&oacute;a v&agrave; t&#259;ng c&#432;&#7901;ng hi&#7879;u su&#7845;t c&aacute;c quy tr&igrave;nh chi&#7871;t xu&#7845;t DNA.<\/p><h2 style=\"color: #2e7d32; font-weight: bold; font-size: 20px;\">T&iacute;nh n&#259;ng n&#7893;i b&#7853;t c&#7911;a QuickGene DNA Tissue Kit:<\/h2><p>C&ocirc;ng Ngh&#7879; M&agrave;ng Polymer Si&ecirc;u M&#7887;ng: B&#7897; kit s&#7917; d&#7909;ng c&ocirc;ng ngh&#7879; m&agrave;ng polymer si&ecirc;u m&#7887;ng ti&ecirc;n ti&#7871;n, lo&#7841;i b&#7887; nhu c&#7847;u s&#7917; d&#7909;ng m&aacute;y ly t&acirc;m ho&#7863;c m&aacute;y h&uacute;t ch&acirc;n kh&ocirc;ng. &#272;i&#7873;u n&agrave;y gi&uacute;p &#273;&#417;n gi&#7843;n h&oacute;a quy tr&igrave;nh chi&#7871;t xu&#7845;t DNA v&agrave; ti&#7871;t ki&#7879;m th&#7901;i gian cho c&aacute;c nh&agrave; nghi&ecirc;n c&#7913;u.<br>\nB&#7843;o T&#7893;n &#272;&#7897; D&agrave;i M&#7841;ch &#272;&#417;n Cao:V&#7899;i &aacute;p su&#7845;t kh&ocirc;ng kh&iacute; d&#432;&#417;ng nh&#7865; nh&agrave;ng, b&#7897; kit gi&#7843;m thi&#7875;u s&#7921; c&#7855;t g&atilde;y DNA, &#273;&#7843;m b&#7843;o DNA &#273;&#432;&#7907;c chi&#7871;t xu&#7845;t c&oacute; &#273;&#7897; d&agrave;i m&#7841;ch &#273;&#417;n cao, l&yacute; t&#432;&#7903;ng cho c&aacute;c &#7913;ng d&#7909;ng ph&acirc;n t&iacute;ch ti&#7871;p theo nh&#432; sequencing v&agrave; PCR.<br>\nQuy Tr&igrave;nh L&agrave;m Vi&#7879;c Nhanh Ch&oacute;ng: So v&#7899;i c&aacute;c ph&#432;&#417;ng ph&aacute;p th&#7911; c&ocirc;ng truy&#7873;n th&#7889;ng, QuickGene DNA Tissue Kit mang &#273;&#7871;n quy tr&igrave;nh chi&#7871;t xu&#7845;t nhanh h&#417;n &#273;&aacute;ng k&#7875;. &#272;i&#7873;u n&agrave;y gi&uacute;p t&#259;ng c&#432;&#7901;ng hi&#7879;u su&#7845;t v&agrave; &#273;&aacute;p &#7913;ng nhu c&#7847;u s&#7917; d&#7909;ng DNA trong th&#7901;i gian ng&#7855;n.<br>\nK&#7871;t Qu&#7843; Chu&#7849;n:K&#7871;t qu&#7843; cu&#7889;i c&ugrave;ng l&agrave; DNA genomic &#273;&#432;&#7907;c l&agrave;m s&#7841;ch v&agrave; c&oacute; ch&#7845;t l&#432;&#7907;ng cao, ph&ugrave; h&#7907;p cho m&#7885;i &#7913;ng d&#7909;ng ph&acirc;n t&iacute;ch ti&#7871;p theo nh&#432; genotyping, cloning v&agrave; nghi&ecirc;n c&#7913;u di truy&#7873;n.<\/p><p>T&#7893;ng k&#7871;t<br>\nQuickGene DNA Tissue Kit l&agrave; l&#7921;a ch&#7885;n l&yacute; t&#432;&#7903;ng cho c&aacute;c nh&agrave; nghi&ecirc;n c&#7913;u mu&#7889;n t&#7889;i &#432;u h&oacute;a quy tr&igrave;nh chi&#7871;t xu&#7845;t DNA m&#7897;t c&aacute;ch &#273;&#417;n gi&#7843;n v&agrave; &#273;&aacute;ng tin c&#7853;y. &#272;&acirc;y l&agrave; c&ocirc;ng ngh&#7879; ti&ecirc;n ti&#7871;n &#273;em l&#7841;i hi&#7879;u su&#7845;t cao v&agrave; k&#7871;t qu&#7843; ch&#7845;t l&#432;&#7907;ng, h&#7895; tr&#7907; nghi&ecirc;n c&#7913;u di truy&#7873;n v&agrave; ph&acirc;n t&iacute;ch DNA m&#7897;t c&aacute;ch hi&#7879;u qu&#7843;. &#272;&#7875; tr&#7843;i nghi&#7879;m b&#7897; Kit n&agrave;y nh&#7857;m th&uacute;c &#273;&#7849;y s&#7921; ti&#7871;n b&#7897; trong l&#297;nh v&#7921;c c&#7911;a b&#7841;n. H&atilde;y li&ecirc;n h&#7879; v&#7899;i V&#7841;n N&#259;ng ngay &#273;&#7875; &#273;&#432;&#7907;c t&#432; v&#7845;n chuy&ecirc;n s&acirc;u v&agrave; nh&#7853;n nh&#7919;ng &#432;u &#273;&atilde;i h&#7845;p d&#7851;n nh&#7845;t th&ocirc;ng qua hotline\/zalo0903 991 335!<\/p><div style=\"background-color: #f8fafc; border: 1px solid #e2e8f0; border-radius: 8px; padding: 25px; max-width: 800px; margin: 30px auto; color: #334155; line-height: 1.8; font-size: 17px; box-shadow: 0 4px 6px -1px rgba(0,0,0,0.05); text-align: left; clear: both;\">\nC&ocirc;ng ty TNHH Th&#432;&#417;ng M&#7841;i D&#7883;ch V&#7909; Thi&#7871;t B&#7883; C&ocirc;ng Ngh&#7879; V&#7841;n N&#259;ng\n<p style=\"margin: 0 0 10px 0;\">&#128205; <strong style=\"color: #1e293b;\">&#272;&#7883;a ch&#7881;:<\/strong> <a style=\"color: #059669; text-decoration: none; font-weight: bold;\" href=\"https:\/\/www.google.com\/maps\/search\/C%C3%B4ng+ty+TNHH+Th%C6%B0%C6%A1ng+M%E1%BA%A1i+D%E1%BB%8Bch+V%E1%BB%A5+Thi%E1%BA%BFt+B%E1%BB%8B+C%C3%B4ng+Ngh%E1%BB%87+V%E1%BA%A1n+N%C4%83ng+818+Tr%C6%B0%E1%BB%9Dng+Chinh\" target=\"_blank\" rel=\"noopener\">818 Tr&#432;&#7901;ng Chinh, Ph&#432;&#7901;ng T&acirc;n S&#417;n, Th&agrave;nh ph&#7889; H&#7891; Ch&iacute; Minh, Vi&#7879;t Nam<\/a><\/p>\n<p style=\"margin: 0 0 10px 0;\">&#128222; <strong style=\"color: #1e293b;\">S&#272;T &ndash; Zalo:<\/strong> <a style=\"color: #059669; text-decoration: none; font-weight: bold;\" href=\"https:\/\/zalo.me\/0903991335\" target=\"_blank\" rel=\"noopener\">0903 991 335<\/a> <span style=\"color: #64748b; font-style: italic;\">(Ms. H&#7841;nh &ndash; Gi&aacute;m &#272;&#7889;c Kinh Doanh)<\/span><\/p>\n<p style=\"margin: 0;\">&#9993;&#65039; <strong style=\"color: #1e293b;\">Email:<\/strong> <a style=\"color: #059669; text-decoration: none; font-weight: bold;\" href=\"mailto:hienhanh@vannangvn.com\">hienhanh@vannangvn.com<\/a><\/p>\n<\/div><\/h1>","protected":false},"excerpt":{"rendered":"<p><strong>Th&#432;&#417;ng hi&#7879;u:<\/strong> B&#7897; kit QuickGene DNA Tissue Kit c&#7911;a Kurabo, &#273;&#432;&#7907;c t&#7889;i &#432;u h&oacute;a &#273;&#7875; tr&iacute;ch xu&#7845;t DNA genomic ch&#7845;t l&#432;&#7907;ng cao, n&#259;ng su&#7845;t cao t&#7915; m&ocirc;, t&#7871; b&agrave;o nu&ocirc;i c&#7845;y v&agrave; vi khu&#7849;n, s&#7917; d&#7909;ng quy tr&igrave;nh l&agrave;m vi&#7879;c t&#7921; &#273;&#7897;ng QuickGene-810 ho&#7863;c th&#7911; c&ocirc;ng QuickGene-Mini80 c&#7911;a ch&uacute;ng t&ocirc;i.<br>\n<strong>Model:<\/strong> -12<p>Product <strong>KURABO QUICKGENE DNA TISSUE KIT<\/strong> ch&iacute;nh h&atilde;ng. B&#7897; kit QuickGene DNA Tissue Kit c&#7911;a Kurabo, &#273;&#432;&#7907;c t&#7889;i &#432;u h&oacute;a &#273;&#7875; tr&iacute;ch xu&#7845;t DNA genomic ch&#7845;t l&#432;&#7907;ng cao, n&#259;ng su&#7845;t cao t&#7915; m&ocirc;, t&#7871; b&agrave;o nu&ocirc;i c&#7845;y v&agrave; vi khu&#7849;n, s&#7917; d&#7909;ng quy tr&igrave;nh l&agrave;m vi&#7879;c t&#7921; &#273;&#7897;ng QuickGene-810 ho&#7863;c th&#7911; c&ocirc;ng QuickGene-Mini80 c&#7911;a ch&uacute;ng t&ocirc;i.<\/p><\/p>","protected":false},"featured_media":9266,"comment_status":"open","ping_status":"closed","template":"","meta":[],"product_brand":[],"product_cat":[18],"product_tag":[112,390,400,1271,1291],"class_list":{"0":"post-6397","1":"product","2":"type-product","3":"status-publish","4":"has-post-thumbnail","6":"product_cat-chua-phan-loai","7":"product_tag-kurabo","8":"product_tag-kit-2","9":"product_tag-dna","10":"product_tag-tissue","11":"product_tag-quickgene","13":"first","14":"instock","15":"shipping-taxable","16":"product-type-simple"},"yoast_head":"<!-- This site is optimized with the Yoast SEO Premium plugin v24.8 (Yoast SEO v24.8) - https:\/\/yoast.com\/wordpress\/plugins\/seo\/ -->\n<title>KURABO QUICKGENE DNA TISSUE KIT ch\u00ednh h\u00e3ng | V\u1ea1n N\u0103ng<\/title>\n<meta name=\"description\" content=\"Mua ngay KURABO QUICKGENE DNA TISSUE KIT ch\u00ednh h\u00e3ng. Gi\u00e1 t\u1ed1t!\" \/>\n<meta name=\"robots\" content=\"noindex, follow, max-snippet:-1, max-image-preview:large, max-video-preview:-1\" \/>\n<meta property=\"og:locale\" content=\"en_US\" \/>\n<meta property=\"og:type\" content=\"article\" \/>\n<meta property=\"og:title\" content=\"KURABO QUICKGENE DNA TISSUE KIT\" \/>\n<meta property=\"og:description\" content=\"Mua ngay KURABO QUICKGENE DNA TISSUE KIT ch\u00ednh h\u00e3ng. Gi\u00e1 t\u1ed1t!\" \/>\n<meta property=\"og:url\" content=\"https:\/\/vannangvn.123websitedev.com\/en\/product\/kurabo-quickgene-dna-tissue-kit\/\" \/>\n<meta property=\"og:site_name\" content=\"Vannang.vn\" \/>\n<meta property=\"article:modified_time\" content=\"2026-03-30T11:19:17+00:00\" \/>\n<meta property=\"og:image\" content=\"http:\/\/vannangvn.123websitedev.com\/wp-content\/uploads\/2026\/03\/Bo-Kurabo-QuickGene-DNA-Tissue-Kit-copy.jpg\" \/>\n\t<meta property=\"og:image:width\" content=\"768\" \/>\n\t<meta property=\"og:image:height\" content=\"576\" \/>\n\t<meta property=\"og:image:type\" content=\"image\/jpeg\" \/>\n<meta name=\"twitter:card\" content=\"summary_large_image\" \/>\n<meta name=\"twitter:label1\" content=\"Est. reading time\" \/>\n\t<meta name=\"twitter:data1\" content=\"3 minutes\" \/>\n<script type=\"application\/ld+json\" class=\"yoast-schema-graph\">{\"@context\":\"https:\/\/schema.org\",\"@graph\":[{\"@type\":\"WebPage\",\"@id\":\"https:\/\/vannangvn.123websitedev.com\/san-pham\/kurabo-quickgene-dna-tissue-kit\/\",\"url\":\"https:\/\/vannangvn.123websitedev.com\/san-pham\/kurabo-quickgene-dna-tissue-kit\/\",\"name\":\"KURABO QUICKGENE DNA TISSUE KIT ch\u00ednh h\u00e3ng | V\u1ea1n N\u0103ng\",\"isPartOf\":{\"@id\":\"https:\/\/vannangvn.123websitedev.com\/#website\"},\"primaryImageOfPage\":{\"@id\":\"https:\/\/vannangvn.123websitedev.com\/san-pham\/kurabo-quickgene-dna-tissue-kit\/#primaryimage\"},\"image\":{\"@id\":\"https:\/\/vannangvn.123websitedev.com\/san-pham\/kurabo-quickgene-dna-tissue-kit\/#primaryimage\"},\"thumbnailUrl\":\"https:\/\/vannangvn.123websitedev.com\/wp-content\/uploads\/2026\/03\/Bo-Kurabo-QuickGene-DNA-Tissue-Kit-copy.jpg\",\"datePublished\":\"2026-03-20T10:28:21+00:00\",\"dateModified\":\"2026-03-30T11:19:17+00:00\",\"description\":\"Mua ngay KURABO QUICKGENE DNA TISSUE KIT ch\u00ednh h\u00e3ng. Gi\u00e1 t\u1ed1t!\",\"breadcrumb\":{\"@id\":\"https:\/\/vannangvn.123websitedev.com\/san-pham\/kurabo-quickgene-dna-tissue-kit\/#breadcrumb\"},\"inLanguage\":\"en-US\",\"potentialAction\":[{\"@type\":\"ReadAction\",\"target\":[\"https:\/\/vannangvn.123websitedev.com\/san-pham\/kurabo-quickgene-dna-tissue-kit\/\"]}]},{\"@type\":\"ImageObject\",\"inLanguage\":\"en-US\",\"@id\":\"https:\/\/vannangvn.123websitedev.com\/san-pham\/kurabo-quickgene-dna-tissue-kit\/#primaryimage\",\"url\":\"https:\/\/vannangvn.123websitedev.com\/wp-content\/uploads\/2026\/03\/Bo-Kurabo-QuickGene-DNA-Tissue-Kit-copy.jpg\",\"contentUrl\":\"https:\/\/vannangvn.123websitedev.com\/wp-content\/uploads\/2026\/03\/Bo-Kurabo-QuickGene-DNA-Tissue-Kit-copy.jpg\",\"width\":768,\"height\":576},{\"@type\":\"BreadcrumbList\",\"@id\":\"https:\/\/vannangvn.123websitedev.com\/san-pham\/kurabo-quickgene-dna-tissue-kit\/#breadcrumb\",\"itemListElement\":[{\"@type\":\"ListItem\",\"position\":1,\"name\":\"Trang ch\u1ee7\",\"item\":\"https:\/\/vannangvn.123websitedev.com\/\"},{\"@type\":\"ListItem\",\"position\":2,\"name\":\"S\u1ea3n ph\u1ea9m\",\"item\":\"https:\/\/vannangvn.123websitedev.com\/cua-hang\/\"},{\"@type\":\"ListItem\",\"position\":3,\"name\":\"KURABO QUICKGENE DNA TISSUE KIT\"}]},{\"@type\":\"WebSite\",\"@id\":\"https:\/\/vannangvn.123websitedev.com\/#website\",\"url\":\"https:\/\/vannangvn.123websitedev.com\/\",\"name\":\"Vannang.vn\",\"description\":\"\",\"publisher\":{\"@id\":\"https:\/\/vannangvn.123websitedev.com\/#organization\"},\"potentialAction\":[{\"@type\":\"SearchAction\",\"target\":{\"@type\":\"EntryPoint\",\"urlTemplate\":\"https:\/\/vannangvn.123websitedev.com\/?s={search_term_string}\"},\"query-input\":{\"@type\":\"PropertyValueSpecification\",\"valueRequired\":true,\"valueName\":\"search_term_string\"}}],\"inLanguage\":\"en-US\"},{\"@type\":\"Organization\",\"@id\":\"https:\/\/vannangvn.123websitedev.com\/#organization\",\"name\":\"Vannang.vn\",\"url\":\"https:\/\/vannangvn.123websitedev.com\/\",\"logo\":{\"@type\":\"ImageObject\",\"inLanguage\":\"en-US\",\"@id\":\"https:\/\/vannangvn.123websitedev.com\/#\/schema\/logo\/image\/\",\"url\":\"https:\/\/vannangvn.123websitedev.com\/wp-content\/uploads\/2026\/02\/logo-van-nang-02.png\",\"contentUrl\":\"https:\/\/vannangvn.123websitedev.com\/wp-content\/uploads\/2026\/02\/logo-van-nang-02.png\",\"width\":448,\"height\":111,\"caption\":\"Vannang.vn\"},\"image\":{\"@id\":\"https:\/\/vannangvn.123websitedev.com\/#\/schema\/logo\/image\/\"}}]}<\/script>\n<!-- \/ Yoast SEO Premium plugin. -->","yoast_head_json":{"title":"KURABO QUICKGENE DNA TISSUE KIT ch\u00ednh h\u00e3ng | V\u1ea1n N\u0103ng","description":"Mua ngay KURABO QUICKGENE DNA TISSUE KIT ch\u00ednh h\u00e3ng. Gi\u00e1 t\u1ed1t!","robots":{"index":"noindex","follow":"follow","max-snippet":"max-snippet:-1","max-image-preview":"max-image-preview:large","max-video-preview":"max-video-preview:-1"},"og_locale":"en_US","og_type":"article","og_title":"KURABO QUICKGENE DNA TISSUE KIT","og_description":"Mua ngay KURABO QUICKGENE DNA TISSUE KIT ch\u00ednh h\u00e3ng. Gi\u00e1 t\u1ed1t!","og_url":"https:\/\/vannangvn.123websitedev.com\/en\/product\/kurabo-quickgene-dna-tissue-kit\/","og_site_name":"Vannang.vn","article_modified_time":"2026-03-30T11:19:17+00:00","og_image":[{"width":768,"height":576,"url":"http:\/\/vannangvn.123websitedev.com\/wp-content\/uploads\/2026\/03\/Bo-Kurabo-QuickGene-DNA-Tissue-Kit-copy.jpg","type":"image\/jpeg"}],"twitter_card":"summary_large_image","twitter_misc":{"Est. reading time":"3 minutes"},"schema":{"@context":"https:\/\/schema.org","@graph":[{"@type":"WebPage","@id":"https:\/\/vannangvn.123websitedev.com\/san-pham\/kurabo-quickgene-dna-tissue-kit\/","url":"https:\/\/vannangvn.123websitedev.com\/san-pham\/kurabo-quickgene-dna-tissue-kit\/","name":"KURABO QUICKGENE DNA TISSUE KIT ch\u00ednh h\u00e3ng | V\u1ea1n N\u0103ng","isPartOf":{"@id":"https:\/\/vannangvn.123websitedev.com\/#website"},"primaryImageOfPage":{"@id":"https:\/\/vannangvn.123websitedev.com\/san-pham\/kurabo-quickgene-dna-tissue-kit\/#primaryimage"},"image":{"@id":"https:\/\/vannangvn.123websitedev.com\/san-pham\/kurabo-quickgene-dna-tissue-kit\/#primaryimage"},"thumbnailUrl":"https:\/\/vannangvn.123websitedev.com\/wp-content\/uploads\/2026\/03\/Bo-Kurabo-QuickGene-DNA-Tissue-Kit-copy.jpg","datePublished":"2026-03-20T10:28:21+00:00","dateModified":"2026-03-30T11:19:17+00:00","description":"Mua ngay KURABO QUICKGENE DNA TISSUE KIT ch\u00ednh h\u00e3ng. Gi\u00e1 t\u1ed1t!","breadcrumb":{"@id":"https:\/\/vannangvn.123websitedev.com\/san-pham\/kurabo-quickgene-dna-tissue-kit\/#breadcrumb"},"inLanguage":"en-US","potentialAction":[{"@type":"ReadAction","target":["https:\/\/vannangvn.123websitedev.com\/san-pham\/kurabo-quickgene-dna-tissue-kit\/"]}]},{"@type":"ImageObject","inLanguage":"en-US","@id":"https:\/\/vannangvn.123websitedev.com\/san-pham\/kurabo-quickgene-dna-tissue-kit\/#primaryimage","url":"https:\/\/vannangvn.123websitedev.com\/wp-content\/uploads\/2026\/03\/Bo-Kurabo-QuickGene-DNA-Tissue-Kit-copy.jpg","contentUrl":"https:\/\/vannangvn.123websitedev.com\/wp-content\/uploads\/2026\/03\/Bo-Kurabo-QuickGene-DNA-Tissue-Kit-copy.jpg","width":768,"height":576},{"@type":"BreadcrumbList","@id":"https:\/\/vannangvn.123websitedev.com\/san-pham\/kurabo-quickgene-dna-tissue-kit\/#breadcrumb","itemListElement":[{"@type":"ListItem","position":1,"name":"Trang ch\u1ee7","item":"https:\/\/vannangvn.123websitedev.com\/"},{"@type":"ListItem","position":2,"name":"S\u1ea3n ph\u1ea9m","item":"https:\/\/vannangvn.123websitedev.com\/cua-hang\/"},{"@type":"ListItem","position":3,"name":"KURABO QUICKGENE DNA TISSUE KIT"}]},{"@type":"WebSite","@id":"https:\/\/vannangvn.123websitedev.com\/#website","url":"https:\/\/vannangvn.123websitedev.com\/","name":"Vannang.vn","description":"","publisher":{"@id":"https:\/\/vannangvn.123websitedev.com\/#organization"},"potentialAction":[{"@type":"SearchAction","target":{"@type":"EntryPoint","urlTemplate":"https:\/\/vannangvn.123websitedev.com\/?s={search_term_string}"},"query-input":{"@type":"PropertyValueSpecification","valueRequired":true,"valueName":"search_term_string"}}],"inLanguage":"en-US"},{"@type":"Organization","@id":"https:\/\/vannangvn.123websitedev.com\/#organization","name":"Vannang.vn","url":"https:\/\/vannangvn.123websitedev.com\/","logo":{"@type":"ImageObject","inLanguage":"en-US","@id":"https:\/\/vannangvn.123websitedev.com\/#\/schema\/logo\/image\/","url":"https:\/\/vannangvn.123websitedev.com\/wp-content\/uploads\/2026\/02\/logo-van-nang-02.png","contentUrl":"https:\/\/vannangvn.123websitedev.com\/wp-content\/uploads\/2026\/02\/logo-van-nang-02.png","width":448,"height":111,"caption":"Vannang.vn"},"image":{"@id":"https:\/\/vannangvn.123websitedev.com\/#\/schema\/logo\/image\/"}}]}},"_links":{"self":[{"href":"https:\/\/vannangvn.123websitedev.com\/en\/wp-json\/wp\/v2\/product\/6397","targetHints":{"allow":["GET"]}}],"collection":[{"href":"https:\/\/vannangvn.123websitedev.com\/en\/wp-json\/wp\/v2\/product"}],"about":[{"href":"https:\/\/vannangvn.123websitedev.com\/en\/wp-json\/wp\/v2\/types\/product"}],"replies":[{"embeddable":true,"href":"https:\/\/vannangvn.123websitedev.com\/en\/wp-json\/wp\/v2\/comments?post=6397"}],"wp:featuredmedia":[{"embeddable":true,"href":"https:\/\/vannangvn.123websitedev.com\/en\/wp-json\/wp\/v2\/media\/9266"}],"wp:attachment":[{"href":"https:\/\/vannangvn.123websitedev.com\/en\/wp-json\/wp\/v2\/media?parent=6397"}],"wp:term":[{"taxonomy":"product_brand","embeddable":true,"href":"https:\/\/vannangvn.123websitedev.com\/en\/wp-json\/wp\/v2\/product_brand?post=6397"},{"taxonomy":"product_cat","embeddable":true,"href":"https:\/\/vannangvn.123websitedev.com\/en\/wp-json\/wp\/v2\/product_cat?post=6397"},{"taxonomy":"product_tag","embeddable":true,"href":"https:\/\/vannangvn.123websitedev.com\/en\/wp-json\/wp\/v2\/product_tag?post=6397"}],"curies":[{"name":"wp","href":"https:\/\/api.w.org\/{rel}","templated":true}]}}