{"id":6401,"date":"2026-03-20T17:28:25","date_gmt":"2026-03-20T10:28:25","guid":{"rendered":"https:\/\/vannangvn.123websitedev.com\/san-pham\/lo-say-doi-luu-khong-khi-ngang-grieve-model-hx-550-electric\/"},"modified":"2026-03-30T18:19:24","modified_gmt":"2026-03-30T11:19:24","slug":"lo-say-doi-luu-khong-khi-ngang-grieve-model-hx-550-electric","status":"publish","type":"product","link":"https:\/\/vannangvn.123websitedev.com\/en\/product\/lo-say-doi-luu-khong-khi-ngang-grieve-model-hx-550-electric\/","title":{"rendered":"L\u00d2 S\u1ea4Y \u0110\u1ed0I L\u01afU KH\u00d4NG KH\u00cd NGANG GRIEVE MODEL HX-550 ELECTRIC"},"content":{"rendered":"<h1 style=\"color: red; font-weight: bold; font-size: 24px;\">T&#7893;ng quan s&#7843;n ph&#7849;m L&Ograve; S&#7844;Y &#272;&#7888;I L&#431;U KH&Ocirc;NG KH&Iacute; NGANG GRIEVE MODEL HX-550 ELECTRIC<p>L&ograve; S&#7845;y &#272;&#7889;i L&#432;u Kh&ocirc;ng Kh&iacute; Ngang (Horizontal Air Flow Cabinet Ovens) GRIEVE Model HX-550 ELECTRIC<br>\nL&ograve; S&#7845;y HX-550 ELECTRIC s&#7917; d&#7909;ng c&ocirc;ng ngh&#7879; lu&#7891;ng kh&iacute; &#273;&#7889;i l&#432;u ngang, gi&uacute;p ph&acirc;n b&#7893; nhi&#7879;t &#273;&#7891;ng &#273;&#7873;u tr&ecirc;n t&#7915;ng k&#7879;. Nh&#7901; &#273;&oacute;, s&#7843;n ph&#7849;m &#273;&#7843;m b&#7843;o ch&#7845;t l&#432;&#7907;ng s&#7845;y v&#432;&#7907;t tr&#7897;i v&agrave; t&#7889;i &#432;u h&oacute;a hi&#7879;u su&#7845;t n&#259;ng l&#432;&#7907;ng. HX-550 ELECTRIC kh&ocirc;ng ch&#7881; l&agrave; m&#7897;t thi&#7871;t b&#7883; m&agrave; c&ograve;n l&agrave; gi&#7843;i ph&aacute;p ho&agrave;n ch&#7881;nh, gi&uacute;p doanh nghi&#7879;p n&acirc;ng cao n&#259;ng su&#7845;t, ti&#7871;t ki&#7879;m chi ph&iacute; v&agrave; &#273;&#7843;m b&#7843;o ch&#7845;t l&#432;&#7907;ng s&#7843;n ph&#7849;m. H&atilde;y c&ugrave;ng V&#7841;n N&#259;ng t&igrave;m hi&#7875;u chi ti&#7871;t h&#417;n v&#7873; s&#7843;n ph&#7849;m th&ocirc;ng qua b&agrave;i vi&#7871;t d&#432;&#7899;i &#273;&acirc;y!<\/p><p>N&eacute;t &#272;&#7863;c Tr&#432;ng C&#7911;a L&ograve; S&#7845;y HX-550<br>\nL&#7921;a ch&#7885;n ngu&#7891;n nhi&#7879;t linh ho&#7841;t<\/p><p>Nhi&#7879;t &#273;i&#7879;n: Ph&ugrave; h&#7907;p v&#7899;i nhi&#7873;u m&ocirc;i tr&#432;&#7901;ng s&#7917; d&#7909;ng.<br>\nNhi&#7879;t gas: D&agrave;nh cho c&aacute;c &#7913;ng d&#7909;ng y&ecirc;u c&#7847;u n&#259;ng l&#432;&#7907;ng l&#7899;n v&agrave; v&#7853;n h&agrave;nh li&ecirc;n t&#7909;c.<\/p><p>C&#7845;u tr&uacute;c b&#7873;n v&#7919;ng<\/p><p>Khung th&eacute;p kh&ocirc;ng g&#7881;: M&aacute;y HX-550 ELECTRIC ch&#7883;u l&#7921;c t&#7889;t v&agrave; ch&#7889;ng &#259;n m&ograve;n.<br>\nL&#7899;p c&aacute;ch nhi&#7879;t &#273;&aacute; kho&aacute;ng: Gi&uacute;p duy tr&igrave; nhi&#7879;t &#273;&#7897; &#7893;n &#273;&#7883;nh v&agrave; ti&#7871;t ki&#7879;m n&#259;ng l&#432;&#7907;ng.<br>\nC&#7917;a l&ograve; ch&#7883;u l&#7921;c: Trang b&#7883; kh&oacute;a ch&#7889;ng n&#7893; v&agrave; gio&#259;ng c&#7917;a b&#7857;ng s&#7907;i th&#7911;y tinh, &#273;&#7843;m b&#7843;o an to&agrave;n t&#7889;i &#273;a.<\/p><p>H&#7879; th&#7889;ng ph&acirc;n ph&#7889;i nhi&#7879;t t&#7889;i &#432;u<\/p><p>Lu&#7891;ng kh&iacute; &#273;&#7889;i l&#432;u ngang: Ph&acirc;n ph&#7889;i nhi&#7879;t &#273;&#7873;u tr&ecirc;n to&agrave;n b&#7897; k&#7879;.<br>\n&#7888;ng d&#7851;n kh&iacute; &#273;i&#7873;u ch&#7881;nh: T&#7889;i &#432;u h&oacute;a l&#432;&#7907;ng kh&iacute; t&#432;&#417;i v&agrave; &#273;&#7843;m b&#7843;o tho&aacute;t kh&iacute; an to&agrave;n.<\/p><h2 style=\"color: #2e7d32; font-weight: bold; font-size: 20px;\">C&aacute;c T&iacute;nh N&#259;ng An To&agrave;n N&#7893;i B&#7853;t<\/h2><p>L&ograve; S&#7845;y &#272;&#7889;i L&#432;u Kh&ocirc;ng Kh&iacute; HX-550 ELECTRIC &#273;&#432;&#7907;c trang b&#7883; nhi&#7873;u t&iacute;nh n&#259;ng an to&agrave;n ti&ecirc;n ti&#7871;n nh&#7857;m b&#7843;o v&#7879; thi&#7871;t b&#7883; v&agrave; ng&#432;&#7901;i s&#7917; d&#7909;ng:<\/p><p>C&ocirc;ng t&#7855;c an to&agrave;n ng&#7855;t nhi&#7879;t th&#7911; c&ocirc;ng: T&#7921; &#273;&#7897;ng ng&#7855;t nhi&#7879;t khi x&#7843;y ra s&#7921; c&#7889; v&#7899;i b&#7897; &#273;i&#7873;u khi&#7875;n ch&iacute;nh.<br>\nC&ocirc;ng t&#7855;c lu&#7891;ng kh&iacute;: Ng&#7855;t nhi&#7879;t n&#7871;u m&#7845;t lu&#7891;ng kh&ocirc;ng kh&iacute; &#273;&#7889;i l&#432;u, ng&#259;n ch&#7863;n nguy c&#417; ch&aacute;y n&#7893;.<br>\nKh&oacute;a &#273;i&#7879;n t&#7921; &#273;&#7897;ng: Ng&#7855;t h&#7879; th&#7889;ng nhi&#7879;t n&#7871;u ngu&#7891;n &#273;i&#7879;n cung c&#7845;p cho qu&#7841;t &#273;&#7889;i l&#432;u b&#7883; gi&aacute;n &#273;o&#7841;n, &#273;&#7843;m b&#7843;o an to&agrave;n t&#7889;i &#273;a.<br>\nH&#7879; th&#7889;ng nhi&#7879;t v&#432;&#7907;t tr&#7897;i<\/p><p>Nhi&#7879;t &#273;i&#7879;n: B&#7897; ph&#7853;n gia nhi&#7879;t &#273;&#432;&#7907;c ki&#7875;m so&aacute;t ri&ecirc;ng l&#7867;, ng&#7855;t ho&#7841;t &#273;&#7897;ng khi g&#7863;p s&#7921; c&#7889;.<br>\nNhi&#7879;t gas: H&#7879; th&#7889;ng &#273;&#7889;t ch&aacute;y hi&#7879;n &#273;&#7841;i v&#7899;i kh&#7843; n&#259;ng &#273;i&#7873;u ch&#7881;nh &aacute;p su&#7845;t kh&iacute;. T&iacute;ch h&#7907;p h&#7879; th&#7889;ng &#273;&aacute;nh l&#7917;a t&#7921; &#273;&#7897;ng v&agrave; gi&aacute;m s&aacute;t ng&#7885;n l&#7917;a li&ecirc;n t&#7909;c, &#273;&#7843;m b&#7843;o kh&ocirc;ng x&#7843;y ra r&ograve; r&#7881; kh&iacute; gas.<\/p><p>H&#7879; Th&#7889;ng &#272;i&#7873;u Khi&#7875;n Hi&#7879;n &#272;&#7841;i<br>\nModel HX-550 ELECTRIC &#273;&#432;&#7907;c trang b&#7883; h&#7879; th&#7889;ng &#273;i&#7873;u khi&#7875;n ti&ecirc;n ti&#7871;n, d&#7877; s&#7917; d&#7909;ng v&agrave; hi&#7879;u qu&#7843;:<\/p><p>B&#7897; &#273;i&#7873;u khi&#7875;n nhi&#7879;t &#273;&#7897; k&#7929; thu&#7853;t s&#7889;: Cho ph&eacute;p &#273;i&#7873;u ch&#7881;nh v&agrave; ki&#7875;m so&aacute;t nhi&#7879;t &#273;&#7897; ch&iacute;nh x&aacute;c.<br>\n&#272;&egrave;n LED hi&#7875;n th&#7883; tr&#7841;ng th&aacute;i: Gi&uacute;p ng&#432;&#7901;i d&ugrave;ng d&#7877; d&agrave;ng theo d&otilde;i ho&#7841;t &#273;&#7897;ng c&#7911;a thi&#7871;t b&#7883;.<br>\nC&ocirc;ng t&#7855;c &#273;i&#7873;u khi&#7875;n ti&#7879;n l&#7907;i: N&uacute;t b&#7853;t\/t&#7855;t nhi&#7879;t v&agrave; &#273;i&#7873;u khi&#7875;n &#273;&#7897;ng c&#417; d&#7877; d&agrave;ng thao t&aacute;c.<\/p><p>H&#7879; th&#7889;ng &#273;i&#7873;u khi&#7875;n th&ocirc;ng minh kh&ocirc;ng ch&#7881; n&acirc;ng cao hi&#7879;u qu&#7843; s&#7917; d&#7909;ng m&agrave; c&ograve;n gi&#7843;m thi&#7875;u sai s&oacute;t trong v&#7853;n h&agrave;nh.<\/p><p>&#431;u &#272;i&#7875;m V&#432;&#7907;t Tr&#7897;i C&#7911;a L&ograve; S&#7845;y HX-550<\/p><p>Hi&#7879;u su&#7845;t v&#432;&#7907;t tr&#7897;i: Nhi&#7879;t &#273;&#7897; &#273;&#432;&#7907;c ki&#7875;m so&aacute;t ch&#7863;t ch&#7869;, &#273;&#7843;m b&#7843;o ch&#7845;t l&#432;&#7907;ng s&#7845;y &#273;&#7891;ng &#273;&#7873;u.<br>\nTi&#7871;t ki&#7879;m n&#259;ng l&#432;&#7907;ng: H&#7879; th&#7889;ng c&aacute;ch nhi&#7879;t v&agrave; ph&acirc;n ph&#7889;i kh&iacute; hi&#7879;u qu&#7843; gi&uacute;p gi&#7843;m chi ph&iacute; v&#7853;n h&agrave;nh.<\/p><h2 style=\"color: #2e7d32; font-weight: bold; font-size: 20px;\">&#272;&#7897; an to&agrave;n cao: T&iacute;ch h&#7907;p c&aacute;c t&iacute;nh n&#259;ng b&#7843;o v&#7879; hi&#7879;n &#273;&#7841;i, h&#7841;n ch&#7871; t&#7889;i &#273;a r&#7911;i ro ch&aacute;y n&#7893;.<\/h2><p>Tu&#7893;i th&#7885; l&acirc;u d&agrave;i: S&#7917; d&#7909;ng v&#7853;t li&#7879;u ch&#7845;t l&#432;&#7907;ng cao, &#273;&#7843;m b&#7843;o thi&#7871;t b&#7883; ho&#7841;t &#273;&#7897;ng b&#7873;n b&#7881; qua th&#7901;i gian.<\/p><p>Ch&#7913;ng Nh&#7853;n Qu&#7889;c T&#7871; V&agrave; Ti&ecirc;u Chu&#7849;n An To&agrave;n<br>\nL&ograve; HX-550 ELECTRIC &#273;&aacute;p &#7913;ng &#273;&#7847;y &#273;&#7911; c&aacute;c ti&ecirc;u chu&#7849;n an to&agrave;n v&agrave; ch&#7845;t l&#432;&#7907;ng kh&#7855;t khe nh&#7845;t:<\/p><p>Ch&#7913;ng nh&#7853;n UL cho b&#7843;ng &#273;i&#7873;u khi&#7875;n: &#272;&#7843;m b&#7843;o thi&#7871;t b&#7883; tu&acirc;n th&#7911; c&aacute;c y&ecirc;u c&#7847;u an to&agrave;n &#273;i&#7879;n.<br>\nTi&ecirc;u chu&#7849;n qu&#7889;c t&#7871;:<\/p><p>NFPA 86: Ti&ecirc;u chu&#7849;n v&#7873; l&ograve; s&#7845;y v&agrave; l&ograve; nung.<br>\nNFPA 70: Quy t&#7855;c &#273;i&#7879;n qu&#7889;c gia.<br>\nFM (Factory Mutual): &#272;&#7843;m b&#7843;o kh&#7843; n&#259;ng ch&#7889;ng ch&aacute;y n&#7893;.<br>\nOSHA: &#272;&aacute;p &#7913;ng ti&ecirc;u chu&#7849;n v&#7873; an to&agrave;n lao &#273;&#7897;ng.<\/p><p>L&#432;u &yacute; quan tr&#7885;ng:<\/p><p>Khi x&#7917; l&yacute; v&#7853;t li&#7879;u d&#7877; ch&aacute;y, c&#7847;n trang b&#7883; h&#7879; th&#7889;ng b&#7843;o v&#7879; ch&aacute;y n&#7893; ph&ugrave; h&#7907;p.<br>\n&#272;&#7889;i v&#7899;i c&aacute;c dung m&ocirc;i ho&#7863;c h&#417;i d&#7877; ch&aacute;y, h&#7879; th&#7889;ng tho&aacute;t kh&iacute; c&#432;&#7905;ng b&#7913;c l&agrave; y&ecirc;u c&#7847;u b&#7855;t bu&#7897;c &#273;&#7875; &#273;&#7843;m b&#7843;o an to&agrave;n v&#7853;n h&agrave;nh.<\/p><p>&#7912;ng D&#7909;ng &#272;a D&#7841;ng Trong C&ocirc;ng Nghi&#7879;p<br>\nCabinet Ovens HX-550 ELECTRIC l&agrave; thi&#7871;t b&#7883; kh&ocirc;ng th&#7875; thi&#7871;u trong c&aacute;c ng&agrave;nh:<\/p><p>C&ocirc;ng nghi&#7879;p s&#7843;n xu&#7845;t: X&#7917; l&yacute; v&#7853;t li&#7879;u v&agrave; linh ki&#7879;n c&ocirc;ng nghi&#7879;p.<br>\nNghi&ecirc;n c&#7913;u v&agrave; ph&aacute;t tri&#7875;n: S&#7917; d&#7909;ng trong ph&ograve;ng th&iacute; nghi&#7879;m &#273;&#7875; th&#7917; nghi&#7879;m s&#7843;n ph&#7849;m m&#7899;i.<br>\nNg&agrave;nh th&#7921;c ph&#7849;m: S&#7845;y v&agrave; b&#7843;o qu&#7843;n th&#7921;c ph&#7849;m v&#7899;i ti&ecirc;u chu&#7849;n v&#7879; sinh cao.<\/p><p>T&#7893;ng K&#7871;t<br>\nL&ograve; S&#7845;y &#272;&#7889;i L&#432;u HX-550 ELECTRIC l&agrave; gi&#7843;i ph&aacute;p t&#7889;i &#432;u cho m&#7885;i doanh nghi&#7879;p, mang l&#7841;i hi&#7879;u su&#7845;t v&#432;&#7907;t tr&#7897;i, an to&agrave;n tuy&#7879;t &#273;&#7889;i v&agrave; ti&#7871;t ki&#7879;m chi ph&iacute;. V&#7899;i thi&#7871;t k&#7871; b&#7873;n b&#7881; v&agrave; c&ocirc;ng ngh&#7879; hi&#7879;n &#273;&#7841;i, HX-550 ELECTRIC &#273;&aacute;p &#7913;ng m&#7885;i nhu c&#7847;u s&#7845;y c&ocirc;ng nghi&#7879;p, t&#7915; nh&#7887; l&#7867; &#273;&#7871;n quy m&ocirc; l&#7899;n. H&atilde;y li&ecirc;n h&#7879; v&#7899;i V&#7841;n N&#259;ng Company &#273;&#7875; &#273;&#432;&#7907;c t&#432; v&#7845;n chi ti&#7871;t v&agrave; nh&#7853;n ngay &#432;u &#273;&atilde;i h&#7845;p d&#7851;n th&ocirc;ng qua hotline\/zalo: <a href=\"https:\/\/zalo.me\/0903991335\" target=\"_blank\" rel=\"noopener\" style=\"color: #059669; font-weight: bold; text-decoration: none;\">0903 991 335<\/a>!<\/p><div style=\"background-color: #f8fafc; border: 1px solid #e2e8f0; border-radius: 8px; padding: 25px; max-width: 800px; margin: 30px auto; color: #334155; line-height: 1.8; font-size: 17px; box-shadow: 0 4px 6px -1px rgba(0,0,0,0.05); text-align: left; clear: both;\">\nC&ocirc;ng ty TNHH Th&#432;&#417;ng M&#7841;i D&#7883;ch V&#7909; Thi&#7871;t B&#7883; C&ocirc;ng Ngh&#7879; V&#7841;n N&#259;ng\n<p style=\"margin: 0 0 10px 0;\">&#128205; <strong style=\"color: #1e293b;\">&#272;&#7883;a ch&#7881;:<\/strong> <a style=\"color: #059669; text-decoration: none; font-weight: bold;\" href=\"https:\/\/www.google.com\/maps\/search\/C%C3%B4ng+ty+TNHH+Th%C6%B0%C6%A1ng+M%E1%BA%A1i+D%E1%BB%8Bch+V%E1%BB%A5+Thi%E1%BA%BFt+B%E1%BB%8B+C%C3%B4ng+Ngh%E1%BB%87+V%E1%BA%A1n+N%C4%83ng+818+Tr%C6%B0%E1%BB%9Dng+Chinh\" target=\"_blank\" rel=\"noopener\">818 Tr&#432;&#7901;ng Chinh, Ph&#432;&#7901;ng T&acirc;n S&#417;n, Th&agrave;nh ph&#7889; H&#7891; Ch&iacute; Minh, Vi&#7879;t Nam<\/a><\/p>\n<p style=\"margin: 0 0 10px 0;\">&#128222; <strong style=\"color: #1e293b;\">S&#272;T &ndash; Zalo:<\/strong> <a style=\"color: #059669; text-decoration: none; font-weight: bold;\" href=\"https:\/\/zalo.me\/0903991335\" target=\"_blank\" rel=\"noopener\">0903 991 335<\/a> <span style=\"color: #64748b; font-style: italic;\">(Ms. H&#7841;nh &ndash; Gi&aacute;m &#272;&#7889;c Kinh Doanh)<\/span><\/p>\n<p style=\"margin: 0;\">&#9993;&#65039; <strong style=\"color: #1e293b;\">Email:<\/strong> <a style=\"color: #059669; text-decoration: none; font-weight: bold;\" href=\"mailto:hienhanh@vannangvn.com\">hienhanh@vannangvn.com<\/a><\/p>\n<\/div><\/h1>","protected":false},"excerpt":{"rendered":"<p><strong>Th&#432;&#417;ng hi&#7879;u:<\/strong> L&ograve; S&#7845;y &#272;&#7889;i L&#432;u Kh&ocirc;ng Kh&iacute; Ngang HX-550 ELECTRIC&nbsp;l&agrave; l&#7921;a ch&#7885;n l&yacute; t&#432;&#7903;ng, &#273;&aacute;p &#7913;ng m&#7885;i y&ecirc;u c&#7847;u kh&#7855;t khe nh&#7845;t v&#7899;i t&iacute;nh n&#259;ng v&#432;&#7907;t tr&#7897;i, thi&#7871;t k&#7871; b&#7873;n b&#7881; v&agrave; &#273;&#7843;m b&#7843;o an to&agrave;n t&#7889;i &#273;a.<br>\n<strong>Model:<\/strong> HX-550<p>Product <strong>L&Ograve; S&#7844;Y &#272;&#7888;I L&#431;U KH&Ocirc;NG KH&Iacute; NGANG GRIEVE MODEL HX-550 ELECTRIC<\/strong> ch&iacute;nh h&atilde;ng. L&ograve; S&#7845;y &#272;&#7889;i L&#432;u Kh&ocirc;ng Kh&iacute; Ngang HX-550 ELECTRIC&nbsp;l&agrave; l&#7921;a ch&#7885;n l&yacute; t&#432;&#7903;ng, &#273;&aacute;p &#7913;ng m&#7885;i y&ecirc;u c&#7847;u kh&#7855;t khe nh&#7845;t v&#7899;i t&iacute;nh n&#259;ng v&#432;&#7907;t tr&#7897;i, thi&#7871;t k&#7871; b&#7873;n b&#7881; v&agrave; &#273;&#7843;m b&#7843;o an to&agrave;n t&#7889;i &#273;a.<\/p><\/p>","protected":false},"featured_media":8469,"comment_status":"open","ping_status":"closed","template":"","meta":[],"product_brand":[],"product_cat":[18],"product_tag":[116,268,285,361,411,539,702,1301,1302,1303,101],"class_list":{"0":"post-6401","1":"product","2":"type-product","3":"status-publish","4":"has-post-thumbnail","6":"product_cat-chua-phan-loai","7":"product_tag-model","8":"product_tag-say","9":"product_tag-khong","10":"product_tag-khi","11":"product_tag-lo","12":"product_tag-ngang","13":"product_tag-luu","14":"product_tag-grieve","15":"product_tag-hx-550","16":"product_tag-electric","17":"product_tag-doi","19":"first","20":"instock","21":"shipping-taxable","22":"product-type-simple"},"yoast_head":"<!-- This site is optimized with the Yoast SEO Premium plugin v24.8 (Yoast SEO v24.8) - https:\/\/yoast.com\/wordpress\/plugins\/seo\/ -->\n<title>L\u00d2 S\u1ea4Y \u0110\u1ed0I L\u01afU KH\u00d4NG KH\u00cd NGANG GRIE... ch\u00ednh h\u00e3ng | V\u1ea1n N\u0103ng<\/title>\n<meta name=\"description\" content=\"Mua ngay L\u00d2 S\u1ea4Y \u0110\u1ed0I L\u01afU KH\u00d4NG KH\u00cd NGANG GRIEVE MODEL HX-550 ELECTRIC ch\u00ednh h\u00e3ng. Gi\u00e1 t\u1ed1t!\" \/>\n<meta name=\"robots\" content=\"noindex, follow, max-snippet:-1, max-image-preview:large, max-video-preview:-1\" \/>\n<meta property=\"og:locale\" content=\"en_US\" \/>\n<meta property=\"og:type\" content=\"article\" \/>\n<meta property=\"og:title\" content=\"L\u00d2 S\u1ea4Y \u0110\u1ed0I L\u01afU KH\u00d4NG KH\u00cd NGANG GRIEVE MODEL HX-550 ELECTRIC\" \/>\n<meta property=\"og:description\" content=\"Mua ngay L\u00d2 S\u1ea4Y \u0110\u1ed0I L\u01afU KH\u00d4NG KH\u00cd NGANG GRIEVE MODEL HX-550 ELECTRIC ch\u00ednh h\u00e3ng. Gi\u00e1 t\u1ed1t!\" \/>\n<meta property=\"og:url\" content=\"https:\/\/vannangvn.123websitedev.com\/en\/product\/lo-say-doi-luu-khong-khi-ngang-grieve-model-hx-550-electric\/\" \/>\n<meta property=\"og:site_name\" content=\"Vannang.vn\" \/>\n<meta property=\"article:modified_time\" content=\"2026-03-30T11:19:24+00:00\" \/>\n<meta property=\"og:image\" content=\"http:\/\/vannangvn.123websitedev.com\/wp-content\/uploads\/2026\/03\/Lo-Say-Doi-Luu-Khong-Khi-Ngang-no.2-copy.jpg\" \/>\n\t<meta property=\"og:image:width\" content=\"768\" \/>\n\t<meta property=\"og:image:height\" content=\"576\" \/>\n\t<meta property=\"og:image:type\" content=\"image\/jpeg\" \/>\n<meta name=\"twitter:card\" content=\"summary_large_image\" \/>\n<meta name=\"twitter:label1\" content=\"Est. reading time\" \/>\n\t<meta name=\"twitter:data1\" content=\"7 minutes\" \/>\n<script type=\"application\/ld+json\" class=\"yoast-schema-graph\">{\"@context\":\"https:\/\/schema.org\",\"@graph\":[{\"@type\":\"WebPage\",\"@id\":\"https:\/\/vannangvn.123websitedev.com\/san-pham\/lo-say-doi-luu-khong-khi-ngang-grieve-model-hx-550-electric\/\",\"url\":\"https:\/\/vannangvn.123websitedev.com\/san-pham\/lo-say-doi-luu-khong-khi-ngang-grieve-model-hx-550-electric\/\",\"name\":\"L\u00d2 S\u1ea4Y \u0110\u1ed0I L\u01afU KH\u00d4NG KH\u00cd NGANG GRIE... ch\u00ednh h\u00e3ng | V\u1ea1n N\u0103ng\",\"isPartOf\":{\"@id\":\"https:\/\/vannangvn.123websitedev.com\/#website\"},\"primaryImageOfPage\":{\"@id\":\"https:\/\/vannangvn.123websitedev.com\/san-pham\/lo-say-doi-luu-khong-khi-ngang-grieve-model-hx-550-electric\/#primaryimage\"},\"image\":{\"@id\":\"https:\/\/vannangvn.123websitedev.com\/san-pham\/lo-say-doi-luu-khong-khi-ngang-grieve-model-hx-550-electric\/#primaryimage\"},\"thumbnailUrl\":\"https:\/\/vannangvn.123websitedev.com\/wp-content\/uploads\/2026\/03\/Lo-Say-Doi-Luu-Khong-Khi-Ngang-no.2-copy.jpg\",\"datePublished\":\"2026-03-20T10:28:25+00:00\",\"dateModified\":\"2026-03-30T11:19:24+00:00\",\"description\":\"Mua ngay L\u00d2 S\u1ea4Y \u0110\u1ed0I L\u01afU KH\u00d4NG KH\u00cd NGANG GRIEVE MODEL HX-550 ELECTRIC ch\u00ednh h\u00e3ng. Gi\u00e1 t\u1ed1t!\",\"breadcrumb\":{\"@id\":\"https:\/\/vannangvn.123websitedev.com\/san-pham\/lo-say-doi-luu-khong-khi-ngang-grieve-model-hx-550-electric\/#breadcrumb\"},\"inLanguage\":\"en-US\",\"potentialAction\":[{\"@type\":\"ReadAction\",\"target\":[\"https:\/\/vannangvn.123websitedev.com\/san-pham\/lo-say-doi-luu-khong-khi-ngang-grieve-model-hx-550-electric\/\"]}]},{\"@type\":\"ImageObject\",\"inLanguage\":\"en-US\",\"@id\":\"https:\/\/vannangvn.123websitedev.com\/san-pham\/lo-say-doi-luu-khong-khi-ngang-grieve-model-hx-550-electric\/#primaryimage\",\"url\":\"https:\/\/vannangvn.123websitedev.com\/wp-content\/uploads\/2026\/03\/Lo-Say-Doi-Luu-Khong-Khi-Ngang-no.2-copy.jpg\",\"contentUrl\":\"https:\/\/vannangvn.123websitedev.com\/wp-content\/uploads\/2026\/03\/Lo-Say-Doi-Luu-Khong-Khi-Ngang-no.2-copy.jpg\",\"width\":768,\"height\":576},{\"@type\":\"BreadcrumbList\",\"@id\":\"https:\/\/vannangvn.123websitedev.com\/san-pham\/lo-say-doi-luu-khong-khi-ngang-grieve-model-hx-550-electric\/#breadcrumb\",\"itemListElement\":[{\"@type\":\"ListItem\",\"position\":1,\"name\":\"Trang ch\u1ee7\",\"item\":\"https:\/\/vannangvn.123websitedev.com\/\"},{\"@type\":\"ListItem\",\"position\":2,\"name\":\"S\u1ea3n ph\u1ea9m\",\"item\":\"https:\/\/vannangvn.123websitedev.com\/cua-hang\/\"},{\"@type\":\"ListItem\",\"position\":3,\"name\":\"L\u00d2 S\u1ea4Y \u0110\u1ed0I L\u01afU KH\u00d4NG KH\u00cd NGANG GRIEVE MODEL HX-550 ELECTRIC\"}]},{\"@type\":\"WebSite\",\"@id\":\"https:\/\/vannangvn.123websitedev.com\/#website\",\"url\":\"https:\/\/vannangvn.123websitedev.com\/\",\"name\":\"Vannang.vn\",\"description\":\"\",\"publisher\":{\"@id\":\"https:\/\/vannangvn.123websitedev.com\/#organization\"},\"potentialAction\":[{\"@type\":\"SearchAction\",\"target\":{\"@type\":\"EntryPoint\",\"urlTemplate\":\"https:\/\/vannangvn.123websitedev.com\/?s={search_term_string}\"},\"query-input\":{\"@type\":\"PropertyValueSpecification\",\"valueRequired\":true,\"valueName\":\"search_term_string\"}}],\"inLanguage\":\"en-US\"},{\"@type\":\"Organization\",\"@id\":\"https:\/\/vannangvn.123websitedev.com\/#organization\",\"name\":\"Vannang.vn\",\"url\":\"https:\/\/vannangvn.123websitedev.com\/\",\"logo\":{\"@type\":\"ImageObject\",\"inLanguage\":\"en-US\",\"@id\":\"https:\/\/vannangvn.123websitedev.com\/#\/schema\/logo\/image\/\",\"url\":\"https:\/\/vannangvn.123websitedev.com\/wp-content\/uploads\/2026\/02\/logo-van-nang-02.png\",\"contentUrl\":\"https:\/\/vannangvn.123websitedev.com\/wp-content\/uploads\/2026\/02\/logo-van-nang-02.png\",\"width\":448,\"height\":111,\"caption\":\"Vannang.vn\"},\"image\":{\"@id\":\"https:\/\/vannangvn.123websitedev.com\/#\/schema\/logo\/image\/\"}}]}<\/script>\n<!-- \/ Yoast SEO Premium plugin. -->","yoast_head_json":{"title":"L\u00d2 S\u1ea4Y \u0110\u1ed0I L\u01afU KH\u00d4NG KH\u00cd NGANG GRIE... ch\u00ednh h\u00e3ng | V\u1ea1n N\u0103ng","description":"Mua ngay L\u00d2 S\u1ea4Y \u0110\u1ed0I L\u01afU KH\u00d4NG KH\u00cd NGANG GRIEVE MODEL HX-550 ELECTRIC ch\u00ednh h\u00e3ng. Gi\u00e1 t\u1ed1t!","robots":{"index":"noindex","follow":"follow","max-snippet":"max-snippet:-1","max-image-preview":"max-image-preview:large","max-video-preview":"max-video-preview:-1"},"og_locale":"en_US","og_type":"article","og_title":"L\u00d2 S\u1ea4Y \u0110\u1ed0I L\u01afU KH\u00d4NG KH\u00cd NGANG GRIEVE MODEL HX-550 ELECTRIC","og_description":"Mua ngay L\u00d2 S\u1ea4Y \u0110\u1ed0I L\u01afU KH\u00d4NG KH\u00cd NGANG GRIEVE MODEL HX-550 ELECTRIC ch\u00ednh h\u00e3ng. Gi\u00e1 t\u1ed1t!","og_url":"https:\/\/vannangvn.123websitedev.com\/en\/product\/lo-say-doi-luu-khong-khi-ngang-grieve-model-hx-550-electric\/","og_site_name":"Vannang.vn","article_modified_time":"2026-03-30T11:19:24+00:00","og_image":[{"width":768,"height":576,"url":"http:\/\/vannangvn.123websitedev.com\/wp-content\/uploads\/2026\/03\/Lo-Say-Doi-Luu-Khong-Khi-Ngang-no.2-copy.jpg","type":"image\/jpeg"}],"twitter_card":"summary_large_image","twitter_misc":{"Est. reading time":"7 minutes"},"schema":{"@context":"https:\/\/schema.org","@graph":[{"@type":"WebPage","@id":"https:\/\/vannangvn.123websitedev.com\/san-pham\/lo-say-doi-luu-khong-khi-ngang-grieve-model-hx-550-electric\/","url":"https:\/\/vannangvn.123websitedev.com\/san-pham\/lo-say-doi-luu-khong-khi-ngang-grieve-model-hx-550-electric\/","name":"L\u00d2 S\u1ea4Y \u0110\u1ed0I L\u01afU KH\u00d4NG KH\u00cd NGANG GRIE... ch\u00ednh h\u00e3ng | V\u1ea1n N\u0103ng","isPartOf":{"@id":"https:\/\/vannangvn.123websitedev.com\/#website"},"primaryImageOfPage":{"@id":"https:\/\/vannangvn.123websitedev.com\/san-pham\/lo-say-doi-luu-khong-khi-ngang-grieve-model-hx-550-electric\/#primaryimage"},"image":{"@id":"https:\/\/vannangvn.123websitedev.com\/san-pham\/lo-say-doi-luu-khong-khi-ngang-grieve-model-hx-550-electric\/#primaryimage"},"thumbnailUrl":"https:\/\/vannangvn.123websitedev.com\/wp-content\/uploads\/2026\/03\/Lo-Say-Doi-Luu-Khong-Khi-Ngang-no.2-copy.jpg","datePublished":"2026-03-20T10:28:25+00:00","dateModified":"2026-03-30T11:19:24+00:00","description":"Mua ngay L\u00d2 S\u1ea4Y \u0110\u1ed0I L\u01afU KH\u00d4NG KH\u00cd NGANG GRIEVE MODEL HX-550 ELECTRIC ch\u00ednh h\u00e3ng. Gi\u00e1 t\u1ed1t!","breadcrumb":{"@id":"https:\/\/vannangvn.123websitedev.com\/san-pham\/lo-say-doi-luu-khong-khi-ngang-grieve-model-hx-550-electric\/#breadcrumb"},"inLanguage":"en-US","potentialAction":[{"@type":"ReadAction","target":["https:\/\/vannangvn.123websitedev.com\/san-pham\/lo-say-doi-luu-khong-khi-ngang-grieve-model-hx-550-electric\/"]}]},{"@type":"ImageObject","inLanguage":"en-US","@id":"https:\/\/vannangvn.123websitedev.com\/san-pham\/lo-say-doi-luu-khong-khi-ngang-grieve-model-hx-550-electric\/#primaryimage","url":"https:\/\/vannangvn.123websitedev.com\/wp-content\/uploads\/2026\/03\/Lo-Say-Doi-Luu-Khong-Khi-Ngang-no.2-copy.jpg","contentUrl":"https:\/\/vannangvn.123websitedev.com\/wp-content\/uploads\/2026\/03\/Lo-Say-Doi-Luu-Khong-Khi-Ngang-no.2-copy.jpg","width":768,"height":576},{"@type":"BreadcrumbList","@id":"https:\/\/vannangvn.123websitedev.com\/san-pham\/lo-say-doi-luu-khong-khi-ngang-grieve-model-hx-550-electric\/#breadcrumb","itemListElement":[{"@type":"ListItem","position":1,"name":"Trang ch\u1ee7","item":"https:\/\/vannangvn.123websitedev.com\/"},{"@type":"ListItem","position":2,"name":"S\u1ea3n ph\u1ea9m","item":"https:\/\/vannangvn.123websitedev.com\/cua-hang\/"},{"@type":"ListItem","position":3,"name":"L\u00d2 S\u1ea4Y \u0110\u1ed0I L\u01afU KH\u00d4NG KH\u00cd NGANG GRIEVE MODEL HX-550 ELECTRIC"}]},{"@type":"WebSite","@id":"https:\/\/vannangvn.123websitedev.com\/#website","url":"https:\/\/vannangvn.123websitedev.com\/","name":"Vannang.vn","description":"","publisher":{"@id":"https:\/\/vannangvn.123websitedev.com\/#organization"},"potentialAction":[{"@type":"SearchAction","target":{"@type":"EntryPoint","urlTemplate":"https:\/\/vannangvn.123websitedev.com\/?s={search_term_string}"},"query-input":{"@type":"PropertyValueSpecification","valueRequired":true,"valueName":"search_term_string"}}],"inLanguage":"en-US"},{"@type":"Organization","@id":"https:\/\/vannangvn.123websitedev.com\/#organization","name":"Vannang.vn","url":"https:\/\/vannangvn.123websitedev.com\/","logo":{"@type":"ImageObject","inLanguage":"en-US","@id":"https:\/\/vannangvn.123websitedev.com\/#\/schema\/logo\/image\/","url":"https:\/\/vannangvn.123websitedev.com\/wp-content\/uploads\/2026\/02\/logo-van-nang-02.png","contentUrl":"https:\/\/vannangvn.123websitedev.com\/wp-content\/uploads\/2026\/02\/logo-van-nang-02.png","width":448,"height":111,"caption":"Vannang.vn"},"image":{"@id":"https:\/\/vannangvn.123websitedev.com\/#\/schema\/logo\/image\/"}}]}},"_links":{"self":[{"href":"https:\/\/vannangvn.123websitedev.com\/en\/wp-json\/wp\/v2\/product\/6401","targetHints":{"allow":["GET"]}}],"collection":[{"href":"https:\/\/vannangvn.123websitedev.com\/en\/wp-json\/wp\/v2\/product"}],"about":[{"href":"https:\/\/vannangvn.123websitedev.com\/en\/wp-json\/wp\/v2\/types\/product"}],"replies":[{"embeddable":true,"href":"https:\/\/vannangvn.123websitedev.com\/en\/wp-json\/wp\/v2\/comments?post=6401"}],"wp:featuredmedia":[{"embeddable":true,"href":"https:\/\/vannangvn.123websitedev.com\/en\/wp-json\/wp\/v2\/media\/8469"}],"wp:attachment":[{"href":"https:\/\/vannangvn.123websitedev.com\/en\/wp-json\/wp\/v2\/media?parent=6401"}],"wp:term":[{"taxonomy":"product_brand","embeddable":true,"href":"https:\/\/vannangvn.123websitedev.com\/en\/wp-json\/wp\/v2\/product_brand?post=6401"},{"taxonomy":"product_cat","embeddable":true,"href":"https:\/\/vannangvn.123websitedev.com\/en\/wp-json\/wp\/v2\/product_cat?post=6401"},{"taxonomy":"product_tag","embeddable":true,"href":"https:\/\/vannangvn.123websitedev.com\/en\/wp-json\/wp\/v2\/product_tag?post=6401"}],"curies":[{"name":"wp","href":"https:\/\/api.w.org\/{rel}","templated":true}]}}