{"id":6408,"date":"2026-03-20T17:28:37","date_gmt":"2026-03-20T10:28:37","guid":{"rendered":"https:\/\/vannangvn.123websitedev.com\/san-pham\/lo-vi-song-pha-mau-anton-paar-multiwave-5000\/"},"modified":"2026-03-30T18:19:33","modified_gmt":"2026-03-30T11:19:33","slug":"lo-vi-song-pha-mau-anton-paar-multiwave-5000","status":"publish","type":"product","link":"https:\/\/vannangvn.123websitedev.com\/en\/product\/lo-vi-song-pha-mau-anton-paar-multiwave-5000\/","title":{"rendered":"L\u00d2 VI S\u00d3NG PH\u00c1 M\u1eaaU ANTON PAAR MULTIWAVE 5000"},"content":{"rendered":"<h1 style=\"color: red; font-weight: bold; font-size: 24px;\">T&#7893;ng quan s&#7843;n ph&#7849;m L&Ograve; VI S&Oacute;NG PH&Aacute; M&#7850;U ANTON PAAR MULTIWAVE 5000<p>L&ograve; Vi S&oacute;ng Ph&aacute; M&#7851;u (Microwave Digestion Platform) Anton Paar Multiwave 5000<br>\nV&#7899;i chuy&ecirc;n m&ocirc;n h&#417;n 40 n&#259;m kinh nghi&#7879;m th&uacute;c &#273;&#7849;y h&#7879; th&#7889;ng ph&aacute; m&#7851;u b&#7857;ng vi s&oacute;ng th&acirc;n thi&#7879;n v&#7899;i ng&#432;&#7901;i d&ugrave;ng, Anton Paar ch&iacute;nh th&#7913;c ra m&#7855;t s&#7843;n ph&#7849;m L&ograve; Vi S&oacute;ng Ph&aacute; M&#7851;u Multiwave 5000 v&#7899;i nhi&#7873;u t&iacute;nh n&#259;ng &#432;u vi&#7879;t, &#273;&aacute;p &#7913;ng &#273;&#432;&#7907;c nhi&#7873;u ti&ecirc;u chu&#7849;n qu&#7889;c t&#7871;. Multiwave 5000 kh&ocirc;ng ch&#7881; &#273;&aacute;p &#7913;ng &#273;&#432;&#7907;c m&#7885;i y&ecirc;u c&#7847;u, m&agrave; c&ograve;n v&#432;&#7907;t xa mong &#273;&#7907;i v&#7873; t&#7889;c &#273;&#7897;, linh ho&#7841;t v&agrave; hi&#7879;u su&#7845;t. &#272;&#432;&#7907;c c&aacute;c nh&agrave; nghi&ecirc;n c&#7913;u v&iacute; nh&#432; &ldquo;b&#7843;o b&#7889;i&rdquo; &#273;a n&#259;ng &#273;&#7889;i v&#7899;i ph&ograve;ng th&iacute; nghi&#7879;m. H&atilde;y c&ugrave;ng V&#7841;n N&#259;ng t&igrave;m hi&#7875;u chi ti&#7871;t h&#417;n v&#7873; s&#7843;n ph&#7849;m th&ocirc;ng qua b&agrave;i vi&#7871;t d&#432;&#7899;i &#273;&acirc;y nh&eacute;!<\/p><p>&#272;&#7863;c Tr&#432;ng C&#7911;a L&ograve; Vi S&oacute;ng Multiwave 5000<br>\nHo&agrave;n H&#7843;o Trong M&#7885;i Kh&iacute;a C&#7841;nh<br>\nV&#7899;i c&#417; s&#7903; d&#7919; li&#7879;u g&#7891;m h&#417;n 500 ph&#432;&#417;ng ph&aacute;p, Multiwave 5000 h&#7895; tr&#7907; &#273;&#417;n gi&#7843;n h&oacute;a c&ocirc;ng vi&#7879;c, gi&uacute;p ng&#432;&#7901;i d&ugrave;ng ti&#7871;t ki&#7879;m th&#7901;i gian, t&#259;ng n&#259;ng su&#7845;t v&agrave; gi&#7843;m chi ph&iacute;, m&agrave; c&ograve;n mang l&#7841;i s&#7921; linh ho&#7841;t t&#7889;i &#273;a trong c&#7845;u h&igrave;nh v&agrave; v&#7853;n h&agrave;nh. S&#7917; d&#7909;ng th&#7867; m&#7851;u &#273;&#7875; t&igrave;m ki&#7871;m &#7913;ng d&#7909;ng c&#7847;n s&#7917; d&#7909;ng v&agrave; M&aacute;y Multiwave 5000 s&#7869; cung c&#7845;p chi ti&#7871;t ch&#432;&#417;ng tr&igrave;nh l&agrave;m vi&#7879;c tr&ecirc;n m&aacute;y v&agrave; th&#7853;m ch&iacute; &#273;&#7873; xu&#7845;t c&ocirc;ng th&#7913;c tr&#7921;c ti&#7871;p tr&ecirc;n thi&#7871;t b&#7883; m&agrave; kh&ocirc;ng c&#7847;n b&#7845;t k&#7923; gi&#7845;y t&#7901; r&#7855;c r&#7889;i n&agrave;o. M&#7885;i th&#7913; ng&#432;&#7901;i d&ugrave;ng c&#7847;n &#273;&#7873;u c&oacute; s&#7861;n s&agrave;ng &#7903; tr&ecirc;n m&aacute;y.<\/p><p>M&agrave;n h&igrave;nh c&#7843;m &#7913;ng &#273;&#7897; ph&acirc;n gi&#7843;i cao v&agrave; ph&#7847;n m&#7873;m giao di&#7879;n ng&#432;&#7901;i d&ugrave;ng gi&#7889;ng nh&#432; &#273;i&#7879;n tho&#7841;i th&ocirc;ng minh, SmartScreen cho ph&eacute;p ng&#432;&#7901;i d&ugrave;ng ch&#7881;nh c&#7845;u h&igrave;nh m&agrave;n h&igrave;nh ch&iacute;nh theo nhu c&#7847;u s&#7917; d&#7909;ng c&#7911;a m&igrave;nh nh&#432;: x&aacute;c &#273;&#7883;nh l&#7889;i t&#7855;t cho c&aacute;c ch&#432;&#417;ng tr&igrave;nh, li&ecirc;n k&#7871;t menu ho&#7863;c xem v&agrave; truy c&#7853;p d&#7919; li&#7879;u th&#7917; nghi&#7879;m th&#432;&#7901;ng &#273;&#432;&#7907;c s&#7917; d&#7909;ng.<\/p><p>&#272;i&#7875;m nh&#7845;n l&agrave; b&#7897; th&#432; vi&#7879;n video m&#7903; r&#7897;ng v&#7899;i c&aacute;c gi&#7843;i th&iacute;ch chuy&ecirc;n s&acirc;u &#273;&#432;&#7907;c t&iacute;ch h&#7907;p s&#7861;n trong m&aacute;y, h&#7895; tr&#7907; ng&#432;&#7901;i d&ugrave;ng trong t&#7915;ng ti&#7871;n tr&igrave;nh, c&oacute; h&#432;&#7899;ng d&#7851;n chi ti&#7871;t t&#7915;ng b&#432;&#7899;c m&#7897;t th&ocirc;ng qua video tr&ecirc;n m&agrave;n h&igrave;nh. &#272;em &#273;&#7871;n tr&#7843;i nghi&#7879;m m&#432;&#7907;t m&agrave; v&agrave; thu&#7853;n ti&#7879;n cho ng&#432;&#7901;i d&ugrave;ng, d&#7877; d&agrave;ng ti&#7871;p c&#7853;n v&#7899;i m&#7885;i &#273;&#7889;i t&#432;&#7907;ng ng&#432;&#7901;i d&ugrave;ng k&#7875; c&#7843; nh&#7919;ng ng&#432;&#7901;i m&#7899;i.<\/p><p>V&#7899;i kh&#7843; n&#259;ng m&#7903; c&#7917;a r&#7843;nh tay &#273;&#7897;c &#273;&aacute;o, t&#7845;t c&#7843; nh&#7919;ng g&igrave; c&#7847;n l&agrave;m l&agrave; &#273;&#7849;y nh&#7865; v&agrave;o c&#7917;a. Ng&#432;&#7901;i d&ugrave;ng c&oacute; th&#7875; th&#7921;c hi&#7879;n m&#7903; c&#7917;a b&#7857;ng khu&#7927;u tay m&agrave; kh&ocirc;ng c&#7847;n &#273;&#7863;t b&igrave;nh m&#7851;u ho&#7863;c r&ocirc;to sang m&#7897;t b&ecirc;n. Thu&#7853;n ti&#7879;n v&agrave; tinh t&#7871;, mang &#273;&#7871;n cho ng&#432;&#7901;i d&ugrave;ng c&#361;ng nh&#432; doanh nghi&#7879;p c&#7843;m gi&aacute;c c&#7911;a nh&#7919;ng d&ograve;ng m&aacute;y ph&acirc;n kh&uacute;c cao c&#7845;p.<\/p><p>&#272;&#7863;t S&#7921; Uy T&iacute;n L&ecirc;n H&agrave;ng &#272;&#7847;u<br>\nThi&#7871;t B&#7883; C&ocirc;ng Ngh&#7879; V&#7841;n N&#259;ng hi&#7875;u r&#7857;ng vi&#7879;c &#273;&#7843;m b&#7843;o s&#7921; tin c&#7853;y v&agrave; &#273;&#7897; ch&iacute;nh x&aacute;c trong k&#7871;t qu&#7843; l&agrave; v&ocirc; c&ugrave;ng quan tr&#7885;ng. V&igrave; v&#7853;y, Thi&#7871;t b&#7883; Multiwave 5000 kh&ocirc;ng ch&#7881; cung c&#7845;p s&#7921; linh ho&#7841;t trong vi&#7879;c x&#7917; l&yacute; c&aacute;c m&#7851;u v&#7899;i &#273;&#7897; ph&#7913;c t&#7841;p kh&aacute;c nhau, m&agrave; c&ograve;n &#273;&#7843;m b&#7843;o m&#7895;i k&#7871;t qu&#7843; &#273;&#7873;u &#273;&aacute;ng tin c&#7853;y v&agrave; ch&iacute;nh x&aacute;c. C&ocirc;ng ngh&#7879; c&#7843;m bi&#7871;n ti&ecirc;n ti&#7871;n v&agrave; ki&#7875;m so&aacute;t nhi&#7879;t &#273;&#7897; ch&iacute;nh x&aacute;c cho t&#7915;ng v&#7883; tr&iacute; &#273;&#7843;m b&#7843;o m&#7895;i l&#7847;n ti&ecirc;u h&oacute;a &#273;&#7873;u &#273;&#432;&#7907;c ki&#7875;m so&aacute;t ch&#7863;t ch&#7869; v&agrave; hi&#7879;u qu&#7843;.<\/p><p>S&#7921; Tinh T&#7871; V&agrave; K&#7871;t Qu&#7843; V&#432;&#7907;t Tr&#7897;i<br>\nKh&ocirc;ng ch&#7881; h&#432;&#7899;ng t&#7899;i vi&#7879;c &#273;&#7841;t &#273;&#432;&#7907;c k&#7871;t qu&#7843; t&#7889;t nh&#7845;t m&agrave; c&ograve;n t&#7889;i &#432;u h&oacute;a tr&#7843;i nghi&#7879;m ng&#432;&#7901;i d&ugrave;ng. T&#7915; vi&#7879;c m&#7903; c&#7917;a kh&ocirc;ng c&#7847;n d&ugrave;ng tay &#273;&#7871;n t&iacute;nh n&#259;ng th&ocirc;ng minh t&#7921; &#273;&#7897;ng, t&#7915; vi&#7879;c k&#7871;t n&#7889;i linh ho&#7841;t &#273;&#7871;n tu&acirc;n th&#7911; nghi&ecirc;m ng&#7863;t c&aacute;c ti&ecirc;u chu&#7849;n an to&agrave;n v&agrave; ti&ecirc;u chu&#7849;n qu&#7889;c t&#7871;, Multiwave 5000 Anton Paar kh&ocirc;ng ch&#7881; l&agrave; m&#7897;t thi&#7871;t b&#7883;, m&agrave; c&ograve;n l&agrave; ng&#432;&#7901;i b&#7841;n &#273;&#7891;ng h&agrave;nh &#273;&aacute;ng tin c&#7853;y c&#7911;a m&#7885;i nh&agrave; nghi&ecirc;n c&#7913;u v&agrave; nh&agrave; ph&acirc;n t&iacute;ch.<\/p><p>Nh&#7919;ng L&yacute; Do N&ecirc;n Mua L&ograve; Vi S&oacute;ng Ph&aacute; M&#7851;u T&#7841;i Thi&#7871;t B&#7883; C&ocirc;ng Ngh&#7879; V&#7841;n N&#259;ng<\/p><p>C&ocirc;ng ty Thi&#7871;t B&#7883; C&ocirc;ng Ngh&#7879; V&#7841;n N&#259;ng l&agrave; &#273;&#7889;i t&aacute;c ch&iacute;nh th&#7913;c ph&acirc;n ph&#7889;i L&ograve; Vi S&oacute;ng Ph&aacute; M&#7851;u h&agrave;ng &#273;&#7847;u t&#7841;i Vi&#7879;t Nam, cam k&#7871;t cung c&#7845;p s&#7843;n ph&#7849;m ch&iacute;nh h&atilde;ng v&#7899;i gi&aacute; c&#7843; c&#7841;nh tranh nh&#7845;t th&#7883; tr&#432;&#7901;ng. V&#7899;i uy t&iacute;n tr&ecirc;n th&#7883; tr&#432;&#7901;ng v&agrave; ch&#7871; &#273;&#7897; h&#7851;u m&atilde;i t&#7889;t, Thi&#7871;t B&#7883; C&ocirc;ng Ngh&#7879; V&#7841;n N&#259;ng &#273;&atilde; nh&#7853;n &#273;&#432;&#7907;c s&#7921; tin t&#432;&#7903;ng t&#7915; kh&aacute;ch h&agrave;ng nh&#7901; v&agrave;o ch&#7845;t l&#432;&#7907;ng h&agrave;ng &#273;&#7847;u c&#7911;a c&aacute;c d&ograve;ng s&#7843;n ph&#7849;m.<br>\nS&#7843;n ph&#7849;m c&#7911;a ch&uacute;ng t&ocirc;i &#273;&#432;&#7907;c ki&#7875;m &#273;&#7883;nh ch&#7845;t l&#432;&#7907;ng, nh&#7853;p kh&#7849;u tr&#7921;c ti&#7871;p t&#7915; nh&agrave; m&aacute;y b&ecirc;n Ch&acirc;u &Acirc;u, M&#7929;, &Uacute;c, Nh&#7853;t B&#7843;n,&hellip; v&agrave; &#273;&aacute;p &#7913;ng nhu c&#7847;u &#273;a d&#7841;ng c&#7911;a th&#7883; tr&#432;&#7901;ng nh&#432;: M&aacute;y &#272;o &#272;&#7897; C&#7913;ng, M&aacute;y Ki&#7875;m Tra Khuy&#7871;t T&#7853;t L&#7899;p Ph&#7911;, M&aacute;y Ki&#7875;m Tra &#272;&#7897; B&#7873;n S&#417;n,&hellip; Ch&uacute;ng t&ocirc;i cam k&#7871;t cung c&#7845;p s&#7843;n ph&#7849;m n&agrave;y tr&ecirc;n to&agrave;n qu&#7889;c v&#7899;i gi&aacute; c&#7843; c&#7841;nh tranh nh&#7845;t.<br>\nCh&uacute;ng t&ocirc;i c&oacute; &#273;&#7897;i ng&#361; chuy&ecirc;n vi&ecirc;n t&#432; v&#7845;n chuy&ecirc;n s&acirc;u s&#7869; h&#7895; tr&#7907; kh&aacute;ch h&agrave;ng v&#7873; chi ti&#7871;t s&#7843;n ph&#7849;m, h&#432;&#7899;ng d&#7851;n s&#7917; d&#7909;ng hay nh&#7919;ng th&#7913; li&ecirc;n quan &#273;&#7871;n v&#7845;n &#273;&#7873; m&agrave; doanh nghi&#7879;p b&#7841;n &#273;ang g&#7863;p ph&#7843;i. Ch&uacute;ng t&ocirc;i s&#7869; cung c&#7845;p nh&#7919;ng gi&#7843;i ph&aacute;p t&#7889;i &#432;u nh&#7845;t !!!<br>\nNgo&agrave;i ra Thi&#7871;t B&#7883; C&ocirc;ng Ngh&#7879; V&#7841;n N&#259;ng lu&ocirc;n h&#432;&#7899;ng &#273;&#7871;n tr&#7843;i nghi&#7879;m kh&aacute;ch h&agrave;ng, v&igrave; v&#7853;y ch&uacute;ng t&ocirc;i c&oacute; nh&#7919;ng ch&iacute;nh s&aacute;ch b&#7843;o h&agrave;nh, b&#7843;o tr&igrave; &ndash; b&#7843;o d&#432;&#7905;ng, hi&#7879;u chu&#7849;n v&#7899;i t&#7845;t c&#7843; c&aacute;c thi&#7871;t b&#7883;, m&aacute;y m&oacute;c m&agrave; ch&uacute;ng t&ocirc;i cung c&#7845;p. &#272;&#7843;m b&#7843;o mang &#273;&#7871;n cho Kh&aacute;ch h&agrave;ng s&#7921; y&ecirc;n t&acirc;m tuy&#7879;t &#273;&#7889;i v&#7873; d&#7883;ch v&#7909; khi mua h&agrave;ng.<\/p><p>T&#7893;ng K&#7871;t<br>\nV&#7899;i t&iacute;nh ch&iacute;nh x&aacute;c, t&iacute;nh t&#432;&#417;ng th&iacute;ch cao, v&agrave; &#273;&#7897; b&#7873;n b&#7881;, L&ograve; Vi S&oacute;ng Ph&aacute; M&#7851;u Multiwave 5000 l&agrave; m&#7897;t s&#7921; &#273;&#7847;u t&#432; &#273;&aacute;ng gi&aacute; cho b&#7845;t k&#7923; doanh nghi&#7879;p mu&#7889;n n&acirc;ng cao ch&#7845;t l&#432;&#7907;ng s&#7843;n ph&#7849;m v&agrave; t&#7889;i &#432;u h&oacute;a quy tr&igrave;nh s&#7843;n xu&#7845;t c&#7911;a m&igrave;nh. H&atilde;y li&ecirc;n h&#7879; v&#7899;i V&#7841;n N&#259;ng ngay &#273;&#7875; &#273;&#432;&#7907;c t&#432; v&#7845;n chuy&ecirc;n s&acirc;u v&agrave; nh&#7853;n nh&#7919;ng &#432;u &#273;&atilde;i h&#7845;p d&#7851;n nh&#7845;t th&ocirc;ng qua hotline0903 991 335  !<\/p><div style=\"background-color: #f8fafc; border: 1px solid #e2e8f0; border-radius: 8px; padding: 25px; max-width: 800px; margin: 30px auto; color: #334155; line-height: 1.8; font-size: 17px; box-shadow: 0 4px 6px -1px rgba(0,0,0,0.05); text-align: left; clear: both;\">\nC&ocirc;ng ty TNHH Th&#432;&#417;ng M&#7841;i D&#7883;ch V&#7909; Thi&#7871;t B&#7883; C&ocirc;ng Ngh&#7879; V&#7841;n N&#259;ng\n<p style=\"margin: 0 0 10px 0;\">&#128205; <strong style=\"color: #1e293b;\">&#272;&#7883;a ch&#7881;:<\/strong> <a style=\"color: #059669; text-decoration: none; font-weight: bold;\" href=\"https:\/\/www.google.com\/maps\/search\/C%C3%B4ng+ty+TNHH+Th%C6%B0%C6%A1ng+M%E1%BA%A1i+D%E1%BB%8Bch+V%E1%BB%A5+Thi%E1%BA%BFt+B%E1%BB%8B+C%C3%B4ng+Ngh%E1%BB%87+V%E1%BA%A1n+N%C4%83ng+818+Tr%C6%B0%E1%BB%9Dng+Chinh\" target=\"_blank\" rel=\"noopener\">818 Tr&#432;&#7901;ng Chinh, Ph&#432;&#7901;ng T&acirc;n S&#417;n, Th&agrave;nh ph&#7889; H&#7891; Ch&iacute; Minh, Vi&#7879;t Nam<\/a><\/p>\n<p style=\"margin: 0 0 10px 0;\">&#128222; <strong style=\"color: #1e293b;\">S&#272;T &ndash; Zalo:<\/strong> <a style=\"color: #059669; text-decoration: none; font-weight: bold;\" href=\"https:\/\/zalo.me\/0903991335\" target=\"_blank\" rel=\"noopener\">0903 991 335<\/a> <span style=\"color: #64748b; font-style: italic;\">(Ms. H&#7841;nh &ndash; Gi&aacute;m &#272;&#7889;c Kinh Doanh)<\/span><\/p>\n<p style=\"margin: 0;\">&#9993;&#65039; <strong style=\"color: #1e293b;\">Email:<\/strong> <a style=\"color: #059669; text-decoration: none; font-weight: bold;\" href=\"mailto:hienhanh@vannangvn.com\">hienhanh@vannangvn.com<\/a><\/p>\n<\/div><\/h1>","protected":false},"excerpt":{"rendered":"<p><strong>Th&#432;&#417;ng hi&#7879;u:<\/strong> Multiwave 5000 kh&ocirc;ng ch&#7881; &#273;&aacute;p &#7913;ng &#273;&#432;&#7907;c m&#7885;i y&ecirc;u c&#7847;u, m&agrave; c&ograve;n v&#432;&#7907;t xa mong &#273;&#7907;i v&#7873; t&#7889;c &#273;&#7897;, linh ho&#7841;t v&agrave; hi&#7879;u su&#7845;t. &#272;&#432;&#7907;c c&aacute;c nh&agrave; nghi&ecirc;n c&#7913;u v&iacute; nh&#432; &ldquo;b&#7843;o b&#7889;i&rdquo; &#273;a n&#259;ng &#273;&#7889;i v&#7899;i ph&ograve;ng th&iacute; nghi&#7879;m.<br>\n<strong>Model:<\/strong> Multiwave 5000<p>Product <strong>L&Ograve; VI S&Oacute;NG PH&Aacute; M&#7850;U ANTON PAAR MULTIWAVE 5000<\/strong> ch&iacute;nh h&atilde;ng. Multiwave 5000 kh&ocirc;ng ch&#7881; &#273;&aacute;p &#7913;ng &#273;&#432;&#7907;c m&#7885;i y&ecirc;u c&#7847;u, m&agrave; c&ograve;n v&#432;&#7907;t xa mong &#273;&#7907;i v&#7873; t&#7889;c &#273;&#7897;, linh ho&#7841;t v&agrave; hi&#7879;u su&#7845;t. &#272;&#432;&#7907;c c&aacute;c nh&agrave; nghi&ecirc;n c&#7913;u v&iacute; nh&#432; &ldquo;b&#7843;o b&#7889;i&rdquo; &#273;a n&#259;ng &#273;&#7889;i v&#7899;i ph&ograve;ng th&iacute; nghi&#7879;m.<\/p><\/p>","protected":false},"featured_media":10251,"comment_status":"open","ping_status":"closed","template":"","meta":[],"product_brand":[],"product_cat":[18],"product_tag":[130,345,411,464,465,649,896,1017,1168],"class_list":{"0":"post-6408","1":"product","2":"type-product","3":"status-publish","4":"has-post-thumbnail","6":"product_cat-chua-phan-loai","7":"product_tag-mau","8":"product_tag-pha","9":"product_tag-lo","10":"product_tag-anton","11":"product_tag-paar","12":"product_tag-vi","13":"product_tag-song","14":"product_tag-1017","15":"product_tag-multiwave","17":"first","18":"instock","19":"shipping-taxable","20":"product-type-simple"},"yoast_head":"<!-- This site is optimized with the Yoast SEO Premium plugin v24.8 (Yoast SEO v24.8) - https:\/\/yoast.com\/wordpress\/plugins\/seo\/ -->\n<title>L\u00d2 VI S\u00d3NG PH\u00c1 M\u1eaaU ANTON PAAR MULTI... ch\u00ednh h\u00e3ng | V\u1ea1n N\u0103ng<\/title>\n<meta name=\"description\" content=\"Mua ngay L\u00d2 VI S\u00d3NG PH\u00c1 M\u1eaaU ANTON PAAR MULTIWAVE 5000 ch\u00ednh h\u00e3ng. Gi\u00e1 t\u1ed1t!\" \/>\n<meta name=\"robots\" content=\"noindex, follow, max-snippet:-1, max-image-preview:large, max-video-preview:-1\" \/>\n<meta property=\"og:locale\" content=\"en_US\" \/>\n<meta property=\"og:type\" content=\"article\" \/>\n<meta property=\"og:title\" content=\"L\u00d2 VI S\u00d3NG PH\u00c1 M\u1eaaU ANTON PAAR MULTIWAVE 5000\" \/>\n<meta property=\"og:description\" content=\"Mua ngay L\u00d2 VI S\u00d3NG PH\u00c1 M\u1eaaU ANTON PAAR MULTIWAVE 5000 ch\u00ednh h\u00e3ng. Gi\u00e1 t\u1ed1t!\" \/>\n<meta property=\"og:url\" content=\"https:\/\/vannangvn.123websitedev.com\/en\/product\/lo-vi-song-pha-mau-anton-paar-multiwave-5000\/\" \/>\n<meta property=\"og:site_name\" content=\"Vannang.vn\" \/>\n<meta property=\"article:modified_time\" content=\"2026-03-30T11:19:33+00:00\" \/>\n<meta property=\"og:image\" content=\"http:\/\/vannangvn.123websitedev.com\/wp-content\/uploads\/2026\/03\/Multiwave-5000-copy.jpg\" \/>\n\t<meta property=\"og:image:width\" content=\"768\" \/>\n\t<meta property=\"og:image:height\" content=\"576\" \/>\n\t<meta property=\"og:image:type\" content=\"image\/jpeg\" \/>\n<meta name=\"twitter:card\" content=\"summary_large_image\" \/>\n<meta name=\"twitter:label1\" content=\"Est. reading time\" \/>\n\t<meta name=\"twitter:data1\" content=\"8 minutes\" \/>\n<script type=\"application\/ld+json\" class=\"yoast-schema-graph\">{\"@context\":\"https:\/\/schema.org\",\"@graph\":[{\"@type\":\"WebPage\",\"@id\":\"https:\/\/vannangvn.123websitedev.com\/san-pham\/lo-vi-song-pha-mau-anton-paar-multiwave-5000\/\",\"url\":\"https:\/\/vannangvn.123websitedev.com\/san-pham\/lo-vi-song-pha-mau-anton-paar-multiwave-5000\/\",\"name\":\"L\u00d2 VI S\u00d3NG PH\u00c1 M\u1eaaU ANTON PAAR MULTI... ch\u00ednh h\u00e3ng | V\u1ea1n N\u0103ng\",\"isPartOf\":{\"@id\":\"https:\/\/vannangvn.123websitedev.com\/#website\"},\"primaryImageOfPage\":{\"@id\":\"https:\/\/vannangvn.123websitedev.com\/san-pham\/lo-vi-song-pha-mau-anton-paar-multiwave-5000\/#primaryimage\"},\"image\":{\"@id\":\"https:\/\/vannangvn.123websitedev.com\/san-pham\/lo-vi-song-pha-mau-anton-paar-multiwave-5000\/#primaryimage\"},\"thumbnailUrl\":\"https:\/\/vannangvn.123websitedev.com\/wp-content\/uploads\/2026\/03\/Multiwave-5000-copy.jpg\",\"datePublished\":\"2026-03-20T10:28:37+00:00\",\"dateModified\":\"2026-03-30T11:19:33+00:00\",\"description\":\"Mua ngay L\u00d2 VI S\u00d3NG PH\u00c1 M\u1eaaU ANTON PAAR MULTIWAVE 5000 ch\u00ednh h\u00e3ng. Gi\u00e1 t\u1ed1t!\",\"breadcrumb\":{\"@id\":\"https:\/\/vannangvn.123websitedev.com\/san-pham\/lo-vi-song-pha-mau-anton-paar-multiwave-5000\/#breadcrumb\"},\"inLanguage\":\"en-US\",\"potentialAction\":[{\"@type\":\"ReadAction\",\"target\":[\"https:\/\/vannangvn.123websitedev.com\/san-pham\/lo-vi-song-pha-mau-anton-paar-multiwave-5000\/\"]}]},{\"@type\":\"ImageObject\",\"inLanguage\":\"en-US\",\"@id\":\"https:\/\/vannangvn.123websitedev.com\/san-pham\/lo-vi-song-pha-mau-anton-paar-multiwave-5000\/#primaryimage\",\"url\":\"https:\/\/vannangvn.123websitedev.com\/wp-content\/uploads\/2026\/03\/Multiwave-5000-copy.jpg\",\"contentUrl\":\"https:\/\/vannangvn.123websitedev.com\/wp-content\/uploads\/2026\/03\/Multiwave-5000-copy.jpg\",\"width\":768,\"height\":576},{\"@type\":\"BreadcrumbList\",\"@id\":\"https:\/\/vannangvn.123websitedev.com\/san-pham\/lo-vi-song-pha-mau-anton-paar-multiwave-5000\/#breadcrumb\",\"itemListElement\":[{\"@type\":\"ListItem\",\"position\":1,\"name\":\"Trang ch\u1ee7\",\"item\":\"https:\/\/vannangvn.123websitedev.com\/\"},{\"@type\":\"ListItem\",\"position\":2,\"name\":\"S\u1ea3n ph\u1ea9m\",\"item\":\"https:\/\/vannangvn.123websitedev.com\/cua-hang\/\"},{\"@type\":\"ListItem\",\"position\":3,\"name\":\"L\u00d2 VI S\u00d3NG PH\u00c1 M\u1eaaU ANTON PAAR MULTIWAVE 5000\"}]},{\"@type\":\"WebSite\",\"@id\":\"https:\/\/vannangvn.123websitedev.com\/#website\",\"url\":\"https:\/\/vannangvn.123websitedev.com\/\",\"name\":\"Vannang.vn\",\"description\":\"\",\"publisher\":{\"@id\":\"https:\/\/vannangvn.123websitedev.com\/#organization\"},\"potentialAction\":[{\"@type\":\"SearchAction\",\"target\":{\"@type\":\"EntryPoint\",\"urlTemplate\":\"https:\/\/vannangvn.123websitedev.com\/?s={search_term_string}\"},\"query-input\":{\"@type\":\"PropertyValueSpecification\",\"valueRequired\":true,\"valueName\":\"search_term_string\"}}],\"inLanguage\":\"en-US\"},{\"@type\":\"Organization\",\"@id\":\"https:\/\/vannangvn.123websitedev.com\/#organization\",\"name\":\"Vannang.vn\",\"url\":\"https:\/\/vannangvn.123websitedev.com\/\",\"logo\":{\"@type\":\"ImageObject\",\"inLanguage\":\"en-US\",\"@id\":\"https:\/\/vannangvn.123websitedev.com\/#\/schema\/logo\/image\/\",\"url\":\"https:\/\/vannangvn.123websitedev.com\/wp-content\/uploads\/2026\/02\/logo-van-nang-02.png\",\"contentUrl\":\"https:\/\/vannangvn.123websitedev.com\/wp-content\/uploads\/2026\/02\/logo-van-nang-02.png\",\"width\":448,\"height\":111,\"caption\":\"Vannang.vn\"},\"image\":{\"@id\":\"https:\/\/vannangvn.123websitedev.com\/#\/schema\/logo\/image\/\"}}]}<\/script>\n<!-- \/ Yoast SEO Premium plugin. -->","yoast_head_json":{"title":"L\u00d2 VI S\u00d3NG PH\u00c1 M\u1eaaU ANTON PAAR MULTI... ch\u00ednh h\u00e3ng | V\u1ea1n N\u0103ng","description":"Mua ngay L\u00d2 VI S\u00d3NG PH\u00c1 M\u1eaaU ANTON PAAR MULTIWAVE 5000 ch\u00ednh h\u00e3ng. Gi\u00e1 t\u1ed1t!","robots":{"index":"noindex","follow":"follow","max-snippet":"max-snippet:-1","max-image-preview":"max-image-preview:large","max-video-preview":"max-video-preview:-1"},"og_locale":"en_US","og_type":"article","og_title":"L\u00d2 VI S\u00d3NG PH\u00c1 M\u1eaaU ANTON PAAR MULTIWAVE 5000","og_description":"Mua ngay L\u00d2 VI S\u00d3NG PH\u00c1 M\u1eaaU ANTON PAAR MULTIWAVE 5000 ch\u00ednh h\u00e3ng. Gi\u00e1 t\u1ed1t!","og_url":"https:\/\/vannangvn.123websitedev.com\/en\/product\/lo-vi-song-pha-mau-anton-paar-multiwave-5000\/","og_site_name":"Vannang.vn","article_modified_time":"2026-03-30T11:19:33+00:00","og_image":[{"width":768,"height":576,"url":"http:\/\/vannangvn.123websitedev.com\/wp-content\/uploads\/2026\/03\/Multiwave-5000-copy.jpg","type":"image\/jpeg"}],"twitter_card":"summary_large_image","twitter_misc":{"Est. reading time":"8 minutes"},"schema":{"@context":"https:\/\/schema.org","@graph":[{"@type":"WebPage","@id":"https:\/\/vannangvn.123websitedev.com\/san-pham\/lo-vi-song-pha-mau-anton-paar-multiwave-5000\/","url":"https:\/\/vannangvn.123websitedev.com\/san-pham\/lo-vi-song-pha-mau-anton-paar-multiwave-5000\/","name":"L\u00d2 VI S\u00d3NG PH\u00c1 M\u1eaaU ANTON PAAR MULTI... ch\u00ednh h\u00e3ng | V\u1ea1n N\u0103ng","isPartOf":{"@id":"https:\/\/vannangvn.123websitedev.com\/#website"},"primaryImageOfPage":{"@id":"https:\/\/vannangvn.123websitedev.com\/san-pham\/lo-vi-song-pha-mau-anton-paar-multiwave-5000\/#primaryimage"},"image":{"@id":"https:\/\/vannangvn.123websitedev.com\/san-pham\/lo-vi-song-pha-mau-anton-paar-multiwave-5000\/#primaryimage"},"thumbnailUrl":"https:\/\/vannangvn.123websitedev.com\/wp-content\/uploads\/2026\/03\/Multiwave-5000-copy.jpg","datePublished":"2026-03-20T10:28:37+00:00","dateModified":"2026-03-30T11:19:33+00:00","description":"Mua ngay L\u00d2 VI S\u00d3NG PH\u00c1 M\u1eaaU ANTON PAAR MULTIWAVE 5000 ch\u00ednh h\u00e3ng. Gi\u00e1 t\u1ed1t!","breadcrumb":{"@id":"https:\/\/vannangvn.123websitedev.com\/san-pham\/lo-vi-song-pha-mau-anton-paar-multiwave-5000\/#breadcrumb"},"inLanguage":"en-US","potentialAction":[{"@type":"ReadAction","target":["https:\/\/vannangvn.123websitedev.com\/san-pham\/lo-vi-song-pha-mau-anton-paar-multiwave-5000\/"]}]},{"@type":"ImageObject","inLanguage":"en-US","@id":"https:\/\/vannangvn.123websitedev.com\/san-pham\/lo-vi-song-pha-mau-anton-paar-multiwave-5000\/#primaryimage","url":"https:\/\/vannangvn.123websitedev.com\/wp-content\/uploads\/2026\/03\/Multiwave-5000-copy.jpg","contentUrl":"https:\/\/vannangvn.123websitedev.com\/wp-content\/uploads\/2026\/03\/Multiwave-5000-copy.jpg","width":768,"height":576},{"@type":"BreadcrumbList","@id":"https:\/\/vannangvn.123websitedev.com\/san-pham\/lo-vi-song-pha-mau-anton-paar-multiwave-5000\/#breadcrumb","itemListElement":[{"@type":"ListItem","position":1,"name":"Trang ch\u1ee7","item":"https:\/\/vannangvn.123websitedev.com\/"},{"@type":"ListItem","position":2,"name":"S\u1ea3n ph\u1ea9m","item":"https:\/\/vannangvn.123websitedev.com\/cua-hang\/"},{"@type":"ListItem","position":3,"name":"L\u00d2 VI S\u00d3NG PH\u00c1 M\u1eaaU ANTON PAAR MULTIWAVE 5000"}]},{"@type":"WebSite","@id":"https:\/\/vannangvn.123websitedev.com\/#website","url":"https:\/\/vannangvn.123websitedev.com\/","name":"Vannang.vn","description":"","publisher":{"@id":"https:\/\/vannangvn.123websitedev.com\/#organization"},"potentialAction":[{"@type":"SearchAction","target":{"@type":"EntryPoint","urlTemplate":"https:\/\/vannangvn.123websitedev.com\/?s={search_term_string}"},"query-input":{"@type":"PropertyValueSpecification","valueRequired":true,"valueName":"search_term_string"}}],"inLanguage":"en-US"},{"@type":"Organization","@id":"https:\/\/vannangvn.123websitedev.com\/#organization","name":"Vannang.vn","url":"https:\/\/vannangvn.123websitedev.com\/","logo":{"@type":"ImageObject","inLanguage":"en-US","@id":"https:\/\/vannangvn.123websitedev.com\/#\/schema\/logo\/image\/","url":"https:\/\/vannangvn.123websitedev.com\/wp-content\/uploads\/2026\/02\/logo-van-nang-02.png","contentUrl":"https:\/\/vannangvn.123websitedev.com\/wp-content\/uploads\/2026\/02\/logo-van-nang-02.png","width":448,"height":111,"caption":"Vannang.vn"},"image":{"@id":"https:\/\/vannangvn.123websitedev.com\/#\/schema\/logo\/image\/"}}]}},"_links":{"self":[{"href":"https:\/\/vannangvn.123websitedev.com\/en\/wp-json\/wp\/v2\/product\/6408","targetHints":{"allow":["GET"]}}],"collection":[{"href":"https:\/\/vannangvn.123websitedev.com\/en\/wp-json\/wp\/v2\/product"}],"about":[{"href":"https:\/\/vannangvn.123websitedev.com\/en\/wp-json\/wp\/v2\/types\/product"}],"replies":[{"embeddable":true,"href":"https:\/\/vannangvn.123websitedev.com\/en\/wp-json\/wp\/v2\/comments?post=6408"}],"wp:featuredmedia":[{"embeddable":true,"href":"https:\/\/vannangvn.123websitedev.com\/en\/wp-json\/wp\/v2\/media\/10251"}],"wp:attachment":[{"href":"https:\/\/vannangvn.123websitedev.com\/en\/wp-json\/wp\/v2\/media?parent=6408"}],"wp:term":[{"taxonomy":"product_brand","embeddable":true,"href":"https:\/\/vannangvn.123websitedev.com\/en\/wp-json\/wp\/v2\/product_brand?post=6408"},{"taxonomy":"product_cat","embeddable":true,"href":"https:\/\/vannangvn.123websitedev.com\/en\/wp-json\/wp\/v2\/product_cat?post=6408"},{"taxonomy":"product_tag","embeddable":true,"href":"https:\/\/vannangvn.123websitedev.com\/en\/wp-json\/wp\/v2\/product_tag?post=6408"}],"curies":[{"name":"wp","href":"https:\/\/api.w.org\/{rel}","templated":true}]}}