{"id":6416,"date":"2026-03-20T17:28:45","date_gmt":"2026-03-20T10:28:45","guid":{"rendered":"https:\/\/vannangvn.123websitedev.com\/san-pham\/loi-loc-block-carbon-rewa-model-cto-11-inch\/"},"modified":"2026-03-30T18:19:41","modified_gmt":"2026-03-30T11:19:41","slug":"loi-loc-block-carbon-rewa-model-cto-11-inch","status":"publish","type":"product","link":"https:\/\/vannangvn.123websitedev.com\/en\/product\/loi-loc-block-carbon-rewa-model-cto-11-inch\/","title":{"rendered":"L\u00d5I L\u1eccC BLOCK CARBON REWA MODEL CTO 11 INCH"},"content":{"rendered":"<h1 style=\"color: red; font-weight: bold; font-size: 24px;\">T&#7893;ng quan s&#7843;n ph&#7849;m L&Otilde;I L&#7884;C BLOCK CARBON REWA MODEL CTO 11 INCH<p>L&otilde;i L&#7885;c Block Carbon (Block Carbon Filter) REWA Model CTO 11 Inch<br>\nL&otilde;i L&#7885;c Block Carbon REWA Model CTO 11 Inch l&agrave; l&otilde;i l&#7885;c s&#7889; 3 trong h&#7879; th&#7889;ng l&#7885;c n&#432;&#7899;c, &#273;&#7843;m nhi&#7879;m vai tr&ograve; quan tr&#7885;ng trong vi&#7879;c lo&#7841;i b&#7887; c&aacute;c t&#7841;p ch&#7845;t h&#7919;u c&#417;, h&oacute;a ch&#7845;t &#273;&#7897;c h&#7841;i v&agrave; m&ugrave;i kh&oacute; ch&#7883;u, gi&uacute;p n&#432;&#7899;c tr&#7903; n&ecirc;n tinh khi&#7871;t v&agrave; an to&agrave;n h&#417;n. V&#7899;i c&ocirc;ng ngh&#7879; than ho&#7841;t t&iacute;nh d&#7841;ng &eacute;p ti&ecirc;n ti&#7871;n, s&#7843;n ph&#7849;m mang l&#7841;i kh&#7843; n&#259;ng h&#7845;p th&#7909; v&#432;&#7907;t tr&#7897;i v&agrave; hi&#7879;u su&#7845;t l&#7885;c &#7893;n &#273;&#7883;nh. Nh&#7853;p kh&#7849;u ch&iacute;nh h&atilde;ng t&#7915; H&agrave;n Qu&#7889;c, l&otilde;i l&#7885;c n&agrave;y ph&ugrave; h&#7907;p cho nhi&#7873;u d&ograve;ng m&aacute;y l&#7885;c n&#432;&#7899;c cao c&#7845;p. H&atilde;y c&ugrave;ng V&#7841;n N&#259;ng t&igrave;m hi&#7875;u chi ti&#7871;t h&#417;n v&#7873; s&#7843;n ph&#7849;m th&ocirc;ng qua b&agrave;i vi&#7871;t d&#432;&#7899;i &#273;&acirc;y!<\/p><p>Xem th&ecirc;m: M&aacute;y &#272;o M&#7853;t &#272;&#7897; Th&ocirc;ng Minh (Smart Density Meter) Anton Paar EasyDens<\/p><p>N&eacute;t &#272;&#7863;c Tr&#432;ng C&#7911;a REWA CTO 11 Inch<br>\nC&ocirc;ng ngh&#7879; than ho&#7841;t t&iacute;nh &eacute;p ti&ecirc;n ti&#7871;n<br>\nL&otilde;i L&#7885;c REWA CTO 11 Inch &#273;&#432;&#7907;c c&#7845;u t&#7841;o t&#7915; than ho&#7841;t t&iacute;nh d&#7841;ng &eacute;p, gi&uacute;p t&#259;ng t&#7889;i &#273;a di&#7879;n t&iacute;ch ti&#7871;p x&uacute;c v&#7899;i n&#432;&#7899;c. Nh&#7901; &#273;&oacute;, l&otilde;i c&oacute; kh&#7843; n&#259;ng h&#7845;p th&#7909; m&#7841;nh c&aacute;c ch&#7845;t h&#7919;u c&#417;, d&#7847;u m&#7905;, thu&#7889;c tr&#7915; s&acirc;u, asen, th&#7911;y ng&acirc;n v&agrave; c&aacute;c h&oacute;a ch&#7845;t &#273;&#7897;c h&#7841;i kh&aacute;c, &#273;&#7843;m b&#7843;o ngu&#7891;n n&#432;&#7899;c tinh khi&#7871;t &#273;&#7841;t ti&ecirc;u chu&#7849;n cao.<br>\nK&iacute;ch th&#432;&#7899;c ti&ecirc;u chu&#7849;n 11 inch linh ho&#7841;t<br>\nS&#7843;n ph&#7849;m c&oacute; chi&#7873;u d&agrave;i 11 inch (27,94 cm) &ndash; k&iacute;ch th&#432;&#7899;c ph&#7893; bi&#7871;n t&#432;&#417;ng th&iacute;ch v&#7899;i h&#7847;u h&#7871;t c&aacute;c lo&#7841;i m&aacute;y l&#7885;c n&#432;&#7899;c nh&#7853;p kh&#7849;u s&#7917; d&#7909;ng l&otilde;i &#273;&uacute;c inline d&#7841;ng ch&#7919; &ldquo;I&rdquo;. Thi&#7871;t k&#7871; ti&ecirc;u chu&#7849;n n&agrave;y gi&uacute;p d&#7877; d&agrave;ng l&#7855;p &#273;&#7863;t v&agrave; thay th&#7871; m&agrave; kh&ocirc;ng c&#7847;n c&ocirc;ng c&#7909; h&#7895; tr&#7907; ph&#7913;c t&#7841;p.<br>\nHi&#7879;u qu&#7843; l&#7885;c m&#7841;nh m&#7869; v&agrave; &#7893;n &#273;&#7883;nh<br>\nV&#7899;i c&ocirc;ng su&#7845;t l&#7885;c l&ecirc;n &#273;&#7871;n 27.000 l&iacute;t, Block Carbon Filter CTO 11 Inch ho&#7841;t &#273;&#7897;ng &#7893;n &#273;&#7883;nh trong th&#7901;i gian d&agrave;i, lo&#7841;i b&#7887; t&#7889;i &#273;a c&aacute;c t&#7841;p ch&#7845;t g&acirc;y h&#7841;i m&agrave; kh&ocirc;ng l&agrave;m &#7843;nh h&#432;&#7903;ng &#273;&#7871;n l&#432;u l&#432;&#7907;ng n&#432;&#7899;c. &#272;&acirc;y l&agrave; l&#7921;a ch&#7885;n l&yacute; t&#432;&#7903;ng &#273;&#7875; duy tr&igrave; ch&#7845;t l&#432;&#7907;ng n&#432;&#7899;c &#273;&#7847;u ra lu&ocirc;n tinh khi&#7871;t v&agrave; trong l&agrave;nh.<\/p><p>H&agrave;ng nh&#7853;p kh&#7849;u ch&iacute;nh h&atilde;ng H&agrave;n Qu&#7889;c<br>\nHai &#273;&#7847;u l&otilde;i &#273;&#432;&#7907;c d&#7853;p n&#7893;i d&ograve;ng ch&#7919; &ldquo;MADE IN KOREA&rdquo;, kh&#7859;ng &#273;&#7883;nh r&otilde; ngu&#7891;n g&#7889;c xu&#7845;t x&#7913; v&agrave; ch&#7845;t l&#432;&#7907;ng &#273;&#7841;t chu&#7849;n qu&#7889;c t&#7871;. S&#7843;n ph&#7849;m &#273;&#432;&#7907;c s&#7843;n xu&#7845;t tr&#7921;c ti&#7871;p t&#7841;i H&agrave;n Qu&#7889;c, n&#417;i n&#7893;i ti&#7871;ng v&#7899;i c&ocirc;ng ngh&#7879; l&#7885;c n&#432;&#7899;c ti&ecirc;n ti&#7871;n v&agrave; ki&#7875;m &#273;&#7883;nh nghi&ecirc;m ng&#7863;t.<br>\nD&#7877; d&agrave;ng thay th&#7871;, s&#7917; d&#7909;ng ti&#7879;n l&#7907;i<br>\n&#273;&#432;&#7907;c thi&#7871;t k&#7871; th&acirc;n thi&#7879;n v&#7899;i ng&#432;&#7901;i d&ugrave;ng, d&#7877; th&aacute;o l&#7855;p v&agrave; b&#7843;o d&#432;&#7905;ng. Ng&#432;&#7901;i d&ugrave;ng ch&#7881; c&#7847;n thay l&otilde;i &#273;&#7883;nh k&#7923; t&#7915; 9&ndash;12 th&aacute;ng t&ugrave;y ch&#7845;t l&#432;&#7907;ng ngu&#7891;n n&#432;&#7899;c (9 th&aacute;ng &#273;&#7889;i v&#7899;i n&#432;&#7899;c gi&#7871;ng v&agrave; 12 th&aacute;ng &#273;&#7889;i v&#7899;i n&#432;&#7899;c m&aacute;y) &#273;&#7875; &#273;&#7843;m b&#7843;o hi&#7879;u qu&#7843; l&#7885;c t&#7889;i &#432;u.<\/p><p>Xem th&ecirc;m: M&aacute;y Ki&#7875;m Tra Th&#7911;y L&#7921;c T&#297;nh C&ocirc;ng Nghi&#7879;p (High Force Universal Testing Machines) Instron Model 1500KPX<\/p><p>&#431;u &#272;i&#7875;m V&#432;&#7907;t Tr&#7897;i C&#7911;a Model CTO 11 Inch<br>\nKh&#7843; n&#259;ng h&#7845;p th&#7909; v&#432;&#7907;t tr&#7897;i<br>\nC&#7845;u tr&uacute;c than ho&#7841;t t&iacute;nh &eacute;p ch&#7863;t gi&uacute;p l&otilde;i l&#7885;c t&#259;ng c&#432;&#7901;ng di&#7879;n t&iacute;ch ti&#7871;p x&uacute;c v&agrave; kh&#7843; n&#259;ng h&#7845;p th&#7909; cao g&#7845;p nhi&#7873;u l&#7847;n so v&#7899;i l&otilde;i than h&#7841;t th&ocirc;ng th&#432;&#7901;ng. Nh&#7901; v&#7853;y, n&#432;&#7899;c sau l&#7885;c c&oacute; ch&#7845;t l&#432;&#7907;ng t&#7889;t h&#417;n, trong v&agrave; kh&ocirc;ng c&ograve;n m&ugrave;i kh&oacute; ch&#7883;u.<br>\nLo&#7841;i b&#7887; hi&#7879;u qu&#7843; c&aacute;c ch&#7845;t &#273;&#7897;c h&#7841;i<br>\nL&otilde;i L&#7885;c Block Carbon CTO 11 Inch c&oacute; kh&#7843; n&#259;ng lo&#7841;i b&#7887; c&aacute;c kim lo&#7841;i n&#7863;ng, asen, th&#7911;y ng&acirc;n, ch&#7845;t ph&oacute;ng x&#7841;, clo d&#432;, thu&#7889;c tr&#7915; s&acirc;u v&agrave; c&aacute;c h&#7907;p ch&#7845;t h&#7919;u c&#417; d&#7877; bay h&#417;i (VOC). &#272;&acirc;y l&agrave; giai &#273;o&#7841;n quan tr&#7885;ng trong quy tr&igrave;nh l&#7885;c &#273;&#7875; &#273;&#7843;m b&#7843;o n&#432;&#7899;c &#273;&#7841;t ti&ecirc;u chu&#7849;n an to&agrave;n cho s&#7913;c kh&#7887;e.<\/p><p>&#272;&#7897; b&#7873;n cao, ti&#7871;t ki&#7879;m chi ph&iacute;<br>\nNh&#7901; v&#7853;t li&#7879;u b&#7873;n b&#7881; v&agrave; kh&#7843; n&#259;ng ho&#7841;t &#273;&#7897;ng &#7893;n &#273;&#7883;nh, l&otilde;i l&#7885;c c&oacute; tu&#7893;i th&#7885; d&agrave;i, gi&#7843;m t&#7847;n su&#7845;t thay th&#7871;. &#272;i&#7873;u n&agrave;y gi&uacute;p ng&#432;&#7901;i d&ugrave;ng ti&#7871;t ki&#7879;m chi ph&iacute; b&#7843;o tr&igrave; v&agrave; duy tr&igrave; hi&#7879;u su&#7845;t l&#7885;c &#7893;n &#273;&#7883;nh trong su&#7889;t th&#7901;i gian s&#7917; d&#7909;ng.<br>\nPh&ugrave; h&#7907;p cho nhi&#7873;u h&#7879; th&#7889;ng l&#7885;c n&#432;&#7899;c<br>\nS&#7843;n ph&#7849;m t&#432;&#417;ng th&iacute;ch v&#7899;i nhi&#7873;u th&#432;&#417;ng hi&#7879;u m&aacute;y l&#7885;c n&#432;&#7899;c ph&#7893; bi&#7871;n tr&ecirc;n th&#7883; tr&#432;&#7901;ng, &#273;&#7863;c bi&#7879;t l&agrave; c&aacute;c d&ograve;ng m&aacute;y nh&#7853;p kh&#7849;u d&ugrave;ng l&otilde;i inline. D&ugrave; l&agrave; m&aacute;y l&#7885;c n&#432;&#7899;c gia &#273;&igrave;nh hay c&ocirc;ng nghi&#7879;p, L&otilde;i Block Carbon REWA CTO 11 Inch &#273;&#7873;u &#273;&aacute;p &#7913;ng y&ecirc;u c&#7847;u k&#7929; thu&#7853;t kh&#7855;t khe.<br>\n&#272;&#7843;m b&#7843;o an to&agrave;n s&#7913;c kh&#7887;e ng&#432;&#7901;i d&ugrave;ng<br>\nTo&agrave;n b&#7897; v&#7853;t li&#7879;u c&#7845;u th&agrave;nh l&otilde;i l&#7885;c &#273;&#7873;u &#273;&#7841;t ti&ecirc;u chu&#7849;n an to&agrave;n th&#7921;c ph&#7849;m, kh&ocirc;ng g&acirc;y &#7843;nh h&#432;&#7903;ng &#273;&#7871;n ch&#7845;t l&#432;&#7907;ng n&#432;&#7899;c. N&#432;&#7899;c &#273;&#7847;u ra sau khi l&#7885;c qua l&otilde;i Block Carbon c&oacute; v&#7883; t&#7921; nhi&ecirc;n, d&#7877; u&#7889;ng, &#273;&#7843;m b&#7843;o s&#7913;c kh&#7887;e l&acirc;u d&agrave;i cho c&#7843; gia &#273;&igrave;nh.<\/p><p>Xem th&ecirc;m: Thi&#7871;t B&#7883; L&#7885;c D&#7847;u B&#7857;ng Ph&#432;&#417;ng Ph&aacute;p T&#297;nh &#272;i&#7879;n (Electrostatic Oil Cleaners) Kleentek Model EOC-R50A<\/p><p>&#7912;ng D&#7909;ng Trong Ng&agrave;nh C&ocirc;ng Nghi&#7879;p<br>\nL&otilde;i L&#7885;c Block Carbon Model CTO 11 Inch &#273;&#432;&#7907;c s&#7917; d&#7909;ng r&#7897;ng r&atilde;i trong:<\/p><p>H&#7879; th&#7889;ng m&aacute;y l&#7885;c n&#432;&#7899;c gia &#273;&igrave;nh v&agrave; v&#259;n ph&ograve;ng.<br>\nNh&agrave; m&aacute;y s&#7843;n xu&#7845;t n&#432;&#7899;c tinh khi&#7871;t &#273;&oacute;ng chai.<br>\nNg&agrave;nh ch&#7871; bi&#7871;n th&#7921;c ph&#7849;m, &#273;&#7891; u&#7889;ng.<br>\nC&aacute;c thi&#7871;t b&#7883; l&#7885;c n&#432;&#7899;c y t&#7871; v&agrave; ph&ograve;ng th&iacute; nghi&#7879;m.<br>\nH&#7879; th&#7889;ng x&#7917; l&yacute; n&#432;&#7899;c c&ocirc;ng nghi&#7879;p quy m&ocirc; nh&#7887;.<\/p><p>Nh&#7919;ng L&yacute; Do N&ecirc;n Mua L&otilde;i L&#7885;c Block Carbon T&#7841;i Thi&#7871;t B&#7883; C&ocirc;ng Ngh&#7879; V&#7841;n N&#259;ng<\/p><p>C&ocirc;ng ty Thi&#7871;t B&#7883; C&ocirc;ng Ngh&#7879; V&#7841;n N&#259;ng l&agrave; &#273;&#7889;i t&aacute;c ch&iacute;nh th&#7913;c ph&acirc;n ph&#7889;i L&otilde;i L&#7885;c Block Carbon h&agrave;ng &#273;&#7847;u t&#7841;i Vi&#7879;t Nam, cam k&#7871;t cung c&#7845;p s&#7843;n ph&#7849;m ch&iacute;nh h&atilde;ng v&#7899;i gi&aacute; c&#7843; c&#7841;nh tranh nh&#7845;t th&#7883; tr&#432;&#7901;ng. V&#7899;i uy t&iacute;n tr&ecirc;n th&#7883; tr&#432;&#7901;ng v&agrave; ch&#7871; &#273;&#7897; h&#7851;u m&atilde;i t&#7889;t, Thi&#7871;t B&#7883; C&ocirc;ng Ngh&#7879; V&#7841;n N&#259;ng &#273;&atilde; nh&#7853;n &#273;&#432;&#7907;c s&#7921; tin t&#432;&#7903;ng t&#7915; kh&aacute;ch h&agrave;ng nh&#7901; v&agrave;o ch&#7845;t l&#432;&#7907;ng h&agrave;ng &#273;&#7847;u c&#7911;a c&aacute;c d&ograve;ng s&#7843;n ph&#7849;m.<br>\nS&#7843;n ph&#7849;m c&#7911;a ch&uacute;ng t&ocirc;i &#273;&#432;&#7907;c ki&#7875;m &#273;&#7883;nh ch&#7845;t l&#432;&#7907;ng, nh&#7853;p kh&#7849;u tr&#7921;c ti&#7871;p t&#7915; nh&agrave; m&aacute;y b&ecirc;n Ch&acirc;u &Acirc;u, M&#7929;, &Uacute;c, Nh&#7853;t B&#7843;n,&hellip; v&agrave; &#273;&aacute;p &#7913;ng nhu c&#7847;u &#273;a d&#7841;ng c&#7911;a th&#7883; tr&#432;&#7901;ng nh&#432;: M&aacute;y &#272;o &#272;&#7897; C&#7913;ng, M&aacute;y SPECTROMAXx, M&aacute;y Ki&#7875;m Tra &#272;&#432;&#7901;ng Gh&eacute;p M&iacute; Lon,&hellip; Ch&uacute;ng t&ocirc;i cam k&#7871;t cung c&#7845;p s&#7843;n ph&#7849;m n&agrave;y tr&ecirc;n to&agrave;n qu&#7889;c v&#7899;i gi&aacute; c&#7843; c&#7841;nh tranh nh&#7845;t.<br>\nCh&uacute;ng t&ocirc;i c&oacute; &#273;&#7897;i ng&#361; chuy&ecirc;n vi&ecirc;n t&#432; v&#7845;n chuy&ecirc;n s&acirc;u s&#7869; h&#7895; tr&#7907; kh&aacute;ch h&agrave;ng v&#7873; chi ti&#7871;t s&#7843;n ph&#7849;m, h&#432;&#7899;ng d&#7851;n s&#7917; d&#7909;ng hay nh&#7919;ng th&#7913; li&ecirc;n quan &#273;&#7871;n v&#7845;n &#273;&#7873; m&agrave; doanh nghi&#7879;p b&#7841;n &#273;ang g&#7863;p ph&#7843;i. Ch&uacute;ng t&ocirc;i s&#7869; cung c&#7845;p nh&#7919;ng gi&#7843;i ph&aacute;p t&#7889;i &#432;u nh&#7845;t!<br>\nNgo&agrave;i ra Thi&#7871;t B&#7883; C&ocirc;ng Ngh&#7879; V&#7841;n N&#259;ng Ch&uacute;ng T&ocirc;i lu&ocirc;n h&#432;&#7899;ng &#273;&#7871;n tr&#7843;i nghi&#7879;m kh&aacute;ch h&agrave;ng, v&igrave; v&#7853;y ch&uacute;ng t&ocirc;i c&oacute; nh&#7919;ng ch&iacute;nh s&aacute;ch b&#7843;o h&agrave;nh, b&#7843;o tr&igrave; &ndash; b&#7843;o d&#432;&#7905;ng, hi&#7879;u chu&#7849;n v&#7899;i t&#7845;t c&#7843; c&aacute;c thi&#7871;t b&#7883;, m&aacute;y m&oacute;c m&agrave; ch&uacute;ng t&ocirc;i cung c&#7845;p. &#272;&#7843;m b&#7843;o mang &#273;&#7871;n cho Kh&aacute;ch h&agrave;ng s&#7921; y&ecirc;n t&acirc;m tuy&#7879;t &#273;&#7889;i v&#7873; d&#7883;ch v&#7909; khi mua h&agrave;ng.<\/p><p>Xem th&ecirc;m: M&aacute;y &#272;&oacute;ng L&#7889;c Chai (UniPak Applicators) PakTech Model UPA 100<\/p><p>T&#7893;ng K&#7871;t<br>\nL&otilde;i L&#7885;c Block Carbon (Block Carbon Filter) REWA Model CTO 11 Inch l&agrave; gi&#7843;i ph&aacute;p ho&agrave;n h&#7843;o gi&uacute;p c&#7843;i thi&#7879;n ch&#7845;t l&#432;&#7907;ng n&#432;&#7899;c sinh ho&#7841;t, lo&#7841;i b&#7887; t&#7841;p ch&#7845;t &#273;&#7897;c h&#7841;i v&agrave; mang &#273;&#7871;n ngu&#7891;n n&#432;&#7899;c trong l&agrave;nh, an to&agrave;n. V&#7899;i c&ocirc;ng ngh&#7879; than ho&#7841;t t&iacute;nh &eacute;p ti&ecirc;n ti&#7871;n, &#273;&#7897; b&#7873;n cao v&agrave; kh&#7843; n&#259;ng l&#7885;c v&#432;&#7907;t tr&#7897;i, s&#7843;n ph&#7849;m l&agrave; l&#7921;a ch&#7885;n &#273;&aacute;ng tin c&#7853;y cho m&#7885;i gia &#273;&igrave;nh v&agrave; doanh nghi&#7879;p. H&atilde;y li&ecirc;n h&#7879; ngay v&#7899;i V&#7841;n N&#259;ng Company &#273;&#7875; &#273;&#432;&#7907;c t&#432; v&#7845;n chi ti&#7871;t v&agrave; nh&#7853;n ngay nh&#7919;ng &#432;u &#273;&atilde;i h&#7845;p d&#7851;n th&ocirc;ng qua hotline\/zalo: <a href=\"https:\/\/zalo.me\/0903991335\" target=\"_blank\" rel=\"noopener\" style=\"color: #059669; font-weight: bold; text-decoration: none;\">0903 991 335<\/a> !<\/p><div style=\"background-color: #f8fafc; border: 1px solid #e2e8f0; border-radius: 8px; padding: 25px; max-width: 800px; margin: 30px auto; color: #334155; line-height: 1.8; font-size: 17px; box-shadow: 0 4px 6px -1px rgba(0,0,0,0.05); text-align: left; clear: both;\">\nC&ocirc;ng ty TNHH Th&#432;&#417;ng M&#7841;i D&#7883;ch V&#7909; Thi&#7871;t B&#7883; C&ocirc;ng Ngh&#7879; V&#7841;n N&#259;ng\n<p style=\"margin: 0 0 10px 0;\">&#128205; <strong style=\"color: #1e293b;\">&#272;&#7883;a ch&#7881;:<\/strong> <a style=\"color: #059669; text-decoration: none; font-weight: bold;\" href=\"https:\/\/www.google.com\/maps\/search\/C%C3%B4ng+ty+TNHH+Th%C6%B0%C6%A1ng+M%E1%BA%A1i+D%E1%BB%8Bch+V%E1%BB%A5+Thi%E1%BA%BFt+B%E1%BB%8B+C%C3%B4ng+Ngh%E1%BB%87+V%E1%BA%A1n+N%C4%83ng+818+Tr%C6%B0%E1%BB%9Dng+Chinh\" target=\"_blank\" rel=\"noopener\">818 Tr&#432;&#7901;ng Chinh, Ph&#432;&#7901;ng T&acirc;n S&#417;n, Th&agrave;nh ph&#7889; H&#7891; Ch&iacute; Minh, Vi&#7879;t Nam<\/a><\/p>\n<p style=\"margin: 0 0 10px 0;\">&#128222; <strong style=\"color: #1e293b;\">S&#272;T &ndash; Zalo:<\/strong> <a style=\"color: #059669; text-decoration: none; font-weight: bold;\" href=\"https:\/\/zalo.me\/0903991335\" target=\"_blank\" rel=\"noopener\">0903 991 335<\/a> <span style=\"color: #64748b; font-style: italic;\">(Ms. H&#7841;nh &ndash; Gi&aacute;m &#272;&#7889;c Kinh Doanh)<\/span><\/p>\n<p style=\"margin: 0;\">&#9993;&#65039; <strong style=\"color: #1e293b;\">Email:<\/strong> <a style=\"color: #059669; text-decoration: none; font-weight: bold;\" href=\"mailto:hienhanh@vannangvn.com\">hienhanh@vannangvn.com<\/a><\/p>\n<\/div><\/h1>","protected":false},"excerpt":{"rendered":"<p><strong>Th&#432;&#417;ng hi&#7879;u:<\/strong> REWA<br>\n<strong>Model:<\/strong> CTO<p>Product <strong>L&Otilde;I L&#7884;C BLOCK CARBON REWA MODEL CTO 11 INCH<\/strong> ch&iacute;nh h&atilde;ng. REWA (Korea)<br>\nL&otilde;i L&#7885;c Block Carbon REWA CTO 11 Inch l&agrave; l&otilde;i l&#7885;c s&#7889; 3 nh&#7853;p kh&#7849;u H&agrave;n Qu&#7889;c (11 inch), s&#7917; d&#7909;ng than ho&#7841;t t&iacute;nh d&#7841;ng &eacute;p &#273;&#7875; lo&#7841;i b&#7887; hi&#7879;u qu&#7843; c&aacute;c ch&#7845;t h&#7919;u c&#417;, h&oacute;a ch&#7845;t &#273;&#7897;c h&#7841;i (asen, th&#7911;y ng&acirc;n) v&agrave; m&ugrave;i kh&oacute; ch&#7883;u. L&otilde;i c&oacute; c&ocirc;ng su&#7845;t l&#7885;c 27.000 l&iacute;t, gi&uacute;p &#273;&#7843;m b&#7843;o ch&#7845;t l&#432;&#7907;ng n&#432;&#7899;c tinh khi&#7871;t tr&#432;&#7899;c khi qua l&otilde;i RO.<\/p><\/p>","protected":false},"featured_media":0,"comment_status":"open","ping_status":"closed","template":"","meta":[],"product_brand":[],"product_cat":[18],"product_tag":[116,416,825,1169,1319,1320,1321,1322,1323],"class_list":{"0":"post-6416","1":"product","2":"type-product","3":"status-publish","5":"product_cat-chua-phan-loai","6":"product_tag-model","7":"product_tag-loc","8":"product_tag-loi","9":"product_tag-carbon","10":"product_tag-rewa","11":"product_tag-block","12":"product_tag-cto","13":"product_tag-1322","14":"product_tag-inch","16":"first","17":"instock","18":"shipping-taxable","19":"product-type-simple"},"yoast_head":"<!-- This site is optimized with the Yoast SEO Premium plugin v24.8 (Yoast SEO v24.8) - https:\/\/yoast.com\/wordpress\/plugins\/seo\/ -->\n<title>L\u00d5I L\u1eccC BLOCK CARBON REWA MODEL CTO... ch\u00ednh h\u00e3ng | V\u1ea1n N\u0103ng<\/title>\n<meta name=\"description\" content=\"Mua ngay L\u00d5I L\u1eccC BLOCK CARBON REWA MODEL CTO 11 INCH ch\u00ednh h\u00e3ng. L\u00f5i L\u1ecdc Block Carbon REWA CTO 11 Inch l\u00e0 l\u00f5i l\u1ecdc s\u1ed1 3 nh\u1eadp kh\u1ea9u H... Gi\u00e1 t\u1ed1t!\" \/>\n<meta name=\"robots\" content=\"noindex, follow, max-snippet:-1, max-image-preview:large, max-video-preview:-1\" \/>\n<meta property=\"og:locale\" content=\"en_US\" \/>\n<meta property=\"og:type\" content=\"article\" \/>\n<meta property=\"og:title\" content=\"L\u00d5I L\u1eccC BLOCK CARBON REWA MODEL CTO 11 INCH\" \/>\n<meta property=\"og:description\" content=\"Mua ngay L\u00d5I L\u1eccC BLOCK CARBON REWA MODEL CTO 11 INCH ch\u00ednh h\u00e3ng. L\u00f5i L\u1ecdc Block Carbon REWA CTO 11 Inch l\u00e0 l\u00f5i l\u1ecdc s\u1ed1 3 nh\u1eadp kh\u1ea9u H... Gi\u00e1 t\u1ed1t!\" \/>\n<meta property=\"og:url\" content=\"https:\/\/vannangvn.123websitedev.com\/en\/product\/loi-loc-block-carbon-rewa-model-cto-11-inch\/\" \/>\n<meta property=\"og:site_name\" content=\"Vannang.vn\" \/>\n<meta property=\"article:modified_time\" content=\"2026-03-30T11:19:41+00:00\" \/>\n<meta name=\"twitter:card\" content=\"summary_large_image\" \/>\n<meta name=\"twitter:label1\" content=\"Est. reading time\" \/>\n\t<meta name=\"twitter:data1\" content=\"10 minutes\" \/>\n<script type=\"application\/ld+json\" class=\"yoast-schema-graph\">{\"@context\":\"https:\/\/schema.org\",\"@graph\":[{\"@type\":\"WebPage\",\"@id\":\"https:\/\/vannangvn.123websitedev.com\/san-pham\/loi-loc-block-carbon-rewa-model-cto-11-inch\/\",\"url\":\"https:\/\/vannangvn.123websitedev.com\/san-pham\/loi-loc-block-carbon-rewa-model-cto-11-inch\/\",\"name\":\"L\u00d5I L\u1eccC BLOCK CARBON REWA MODEL CTO... ch\u00ednh h\u00e3ng | V\u1ea1n N\u0103ng\",\"isPartOf\":{\"@id\":\"https:\/\/vannangvn.123websitedev.com\/#website\"},\"datePublished\":\"2026-03-20T10:28:45+00:00\",\"dateModified\":\"2026-03-30T11:19:41+00:00\",\"description\":\"Mua ngay L\u00d5I L\u1eccC BLOCK CARBON REWA MODEL CTO 11 INCH ch\u00ednh h\u00e3ng. L\u00f5i L\u1ecdc Block Carbon REWA CTO 11 Inch l\u00e0 l\u00f5i l\u1ecdc s\u1ed1 3 nh\u1eadp kh\u1ea9u H... Gi\u00e1 t\u1ed1t!\",\"breadcrumb\":{\"@id\":\"https:\/\/vannangvn.123websitedev.com\/san-pham\/loi-loc-block-carbon-rewa-model-cto-11-inch\/#breadcrumb\"},\"inLanguage\":\"en-US\",\"potentialAction\":[{\"@type\":\"ReadAction\",\"target\":[\"https:\/\/vannangvn.123websitedev.com\/san-pham\/loi-loc-block-carbon-rewa-model-cto-11-inch\/\"]}]},{\"@type\":\"BreadcrumbList\",\"@id\":\"https:\/\/vannangvn.123websitedev.com\/san-pham\/loi-loc-block-carbon-rewa-model-cto-11-inch\/#breadcrumb\",\"itemListElement\":[{\"@type\":\"ListItem\",\"position\":1,\"name\":\"Trang ch\u1ee7\",\"item\":\"https:\/\/vannangvn.123websitedev.com\/\"},{\"@type\":\"ListItem\",\"position\":2,\"name\":\"S\u1ea3n ph\u1ea9m\",\"item\":\"https:\/\/vannangvn.123websitedev.com\/cua-hang\/\"},{\"@type\":\"ListItem\",\"position\":3,\"name\":\"L\u00d5I L\u1eccC BLOCK CARBON REWA MODEL CTO 11 INCH\"}]},{\"@type\":\"WebSite\",\"@id\":\"https:\/\/vannangvn.123websitedev.com\/#website\",\"url\":\"https:\/\/vannangvn.123websitedev.com\/\",\"name\":\"Vannang.vn\",\"description\":\"\",\"publisher\":{\"@id\":\"https:\/\/vannangvn.123websitedev.com\/#organization\"},\"potentialAction\":[{\"@type\":\"SearchAction\",\"target\":{\"@type\":\"EntryPoint\",\"urlTemplate\":\"https:\/\/vannangvn.123websitedev.com\/?s={search_term_string}\"},\"query-input\":{\"@type\":\"PropertyValueSpecification\",\"valueRequired\":true,\"valueName\":\"search_term_string\"}}],\"inLanguage\":\"en-US\"},{\"@type\":\"Organization\",\"@id\":\"https:\/\/vannangvn.123websitedev.com\/#organization\",\"name\":\"Vannang.vn\",\"url\":\"https:\/\/vannangvn.123websitedev.com\/\",\"logo\":{\"@type\":\"ImageObject\",\"inLanguage\":\"en-US\",\"@id\":\"https:\/\/vannangvn.123websitedev.com\/#\/schema\/logo\/image\/\",\"url\":\"https:\/\/vannangvn.123websitedev.com\/wp-content\/uploads\/2026\/02\/logo-van-nang-02.png\",\"contentUrl\":\"https:\/\/vannangvn.123websitedev.com\/wp-content\/uploads\/2026\/02\/logo-van-nang-02.png\",\"width\":448,\"height\":111,\"caption\":\"Vannang.vn\"},\"image\":{\"@id\":\"https:\/\/vannangvn.123websitedev.com\/#\/schema\/logo\/image\/\"}}]}<\/script>\n<!-- \/ Yoast SEO Premium plugin. -->","yoast_head_json":{"title":"L\u00d5I L\u1eccC BLOCK CARBON REWA MODEL CTO... ch\u00ednh h\u00e3ng | V\u1ea1n N\u0103ng","description":"Mua ngay L\u00d5I L\u1eccC BLOCK CARBON REWA MODEL CTO 11 INCH ch\u00ednh h\u00e3ng. L\u00f5i L\u1ecdc Block Carbon REWA CTO 11 Inch l\u00e0 l\u00f5i l\u1ecdc s\u1ed1 3 nh\u1eadp kh\u1ea9u H... Gi\u00e1 t\u1ed1t!","robots":{"index":"noindex","follow":"follow","max-snippet":"max-snippet:-1","max-image-preview":"max-image-preview:large","max-video-preview":"max-video-preview:-1"},"og_locale":"en_US","og_type":"article","og_title":"L\u00d5I L\u1eccC BLOCK CARBON REWA MODEL CTO 11 INCH","og_description":"Mua ngay L\u00d5I L\u1eccC BLOCK CARBON REWA MODEL CTO 11 INCH ch\u00ednh h\u00e3ng. L\u00f5i L\u1ecdc Block Carbon REWA CTO 11 Inch l\u00e0 l\u00f5i l\u1ecdc s\u1ed1 3 nh\u1eadp kh\u1ea9u H... Gi\u00e1 t\u1ed1t!","og_url":"https:\/\/vannangvn.123websitedev.com\/en\/product\/loi-loc-block-carbon-rewa-model-cto-11-inch\/","og_site_name":"Vannang.vn","article_modified_time":"2026-03-30T11:19:41+00:00","twitter_card":"summary_large_image","twitter_misc":{"Est. reading time":"10 minutes"},"schema":{"@context":"https:\/\/schema.org","@graph":[{"@type":"WebPage","@id":"https:\/\/vannangvn.123websitedev.com\/san-pham\/loi-loc-block-carbon-rewa-model-cto-11-inch\/","url":"https:\/\/vannangvn.123websitedev.com\/san-pham\/loi-loc-block-carbon-rewa-model-cto-11-inch\/","name":"L\u00d5I L\u1eccC BLOCK CARBON REWA MODEL CTO... ch\u00ednh h\u00e3ng | V\u1ea1n N\u0103ng","isPartOf":{"@id":"https:\/\/vannangvn.123websitedev.com\/#website"},"datePublished":"2026-03-20T10:28:45+00:00","dateModified":"2026-03-30T11:19:41+00:00","description":"Mua ngay L\u00d5I L\u1eccC BLOCK CARBON REWA MODEL CTO 11 INCH ch\u00ednh h\u00e3ng. L\u00f5i L\u1ecdc Block Carbon REWA CTO 11 Inch l\u00e0 l\u00f5i l\u1ecdc s\u1ed1 3 nh\u1eadp kh\u1ea9u H... Gi\u00e1 t\u1ed1t!","breadcrumb":{"@id":"https:\/\/vannangvn.123websitedev.com\/san-pham\/loi-loc-block-carbon-rewa-model-cto-11-inch\/#breadcrumb"},"inLanguage":"en-US","potentialAction":[{"@type":"ReadAction","target":["https:\/\/vannangvn.123websitedev.com\/san-pham\/loi-loc-block-carbon-rewa-model-cto-11-inch\/"]}]},{"@type":"BreadcrumbList","@id":"https:\/\/vannangvn.123websitedev.com\/san-pham\/loi-loc-block-carbon-rewa-model-cto-11-inch\/#breadcrumb","itemListElement":[{"@type":"ListItem","position":1,"name":"Trang ch\u1ee7","item":"https:\/\/vannangvn.123websitedev.com\/"},{"@type":"ListItem","position":2,"name":"S\u1ea3n ph\u1ea9m","item":"https:\/\/vannangvn.123websitedev.com\/cua-hang\/"},{"@type":"ListItem","position":3,"name":"L\u00d5I L\u1eccC BLOCK CARBON REWA MODEL CTO 11 INCH"}]},{"@type":"WebSite","@id":"https:\/\/vannangvn.123websitedev.com\/#website","url":"https:\/\/vannangvn.123websitedev.com\/","name":"Vannang.vn","description":"","publisher":{"@id":"https:\/\/vannangvn.123websitedev.com\/#organization"},"potentialAction":[{"@type":"SearchAction","target":{"@type":"EntryPoint","urlTemplate":"https:\/\/vannangvn.123websitedev.com\/?s={search_term_string}"},"query-input":{"@type":"PropertyValueSpecification","valueRequired":true,"valueName":"search_term_string"}}],"inLanguage":"en-US"},{"@type":"Organization","@id":"https:\/\/vannangvn.123websitedev.com\/#organization","name":"Vannang.vn","url":"https:\/\/vannangvn.123websitedev.com\/","logo":{"@type":"ImageObject","inLanguage":"en-US","@id":"https:\/\/vannangvn.123websitedev.com\/#\/schema\/logo\/image\/","url":"https:\/\/vannangvn.123websitedev.com\/wp-content\/uploads\/2026\/02\/logo-van-nang-02.png","contentUrl":"https:\/\/vannangvn.123websitedev.com\/wp-content\/uploads\/2026\/02\/logo-van-nang-02.png","width":448,"height":111,"caption":"Vannang.vn"},"image":{"@id":"https:\/\/vannangvn.123websitedev.com\/#\/schema\/logo\/image\/"}}]}},"_links":{"self":[{"href":"https:\/\/vannangvn.123websitedev.com\/en\/wp-json\/wp\/v2\/product\/6416","targetHints":{"allow":["GET"]}}],"collection":[{"href":"https:\/\/vannangvn.123websitedev.com\/en\/wp-json\/wp\/v2\/product"}],"about":[{"href":"https:\/\/vannangvn.123websitedev.com\/en\/wp-json\/wp\/v2\/types\/product"}],"replies":[{"embeddable":true,"href":"https:\/\/vannangvn.123websitedev.com\/en\/wp-json\/wp\/v2\/comments?post=6416"}],"wp:attachment":[{"href":"https:\/\/vannangvn.123websitedev.com\/en\/wp-json\/wp\/v2\/media?parent=6416"}],"wp:term":[{"taxonomy":"product_brand","embeddable":true,"href":"https:\/\/vannangvn.123websitedev.com\/en\/wp-json\/wp\/v2\/product_brand?post=6416"},{"taxonomy":"product_cat","embeddable":true,"href":"https:\/\/vannangvn.123websitedev.com\/en\/wp-json\/wp\/v2\/product_cat?post=6416"},{"taxonomy":"product_tag","embeddable":true,"href":"https:\/\/vannangvn.123websitedev.com\/en\/wp-json\/wp\/v2\/product_tag?post=6416"}],"curies":[{"name":"wp","href":"https:\/\/api.w.org\/{rel}","templated":true}]}}