{"id":6433,"date":"2026-03-20T17:29:06","date_gmt":"2026-03-20T10:29:06","guid":{"rendered":"https:\/\/vannangvn.123websitedev.com\/san-pham\/mang-nano-rewa-model-nano-11-inch\/"},"modified":"2026-03-30T18:20:03","modified_gmt":"2026-03-30T11:20:03","slug":"mang-nano-rewa-model-nano-11-inch","status":"publish","type":"product","link":"https:\/\/vannangvn.123websitedev.com\/en\/product\/mang-nano-rewa-model-nano-11-inch\/","title":{"rendered":"M\u00c0NG NANO REWA MODEL NANO 11 INCH"},"content":{"rendered":"<h1 style=\"color: red; font-weight: bold; font-size: 24px;\">T&#7893;ng quan s&#7843;n ph&#7849;m M&Agrave;NG NANO REWA MODEL NANO 11 INCH<p>M&agrave;ng Nano (Nano Membrane Filter) REWA Model Nano 11 Inch<br>\nM&agrave;ng Nano REWA Model Nano 11 Inch l&agrave; m&#7897;t trong nh&#7919;ng c&ocirc;ng ngh&#7879; l&#7885;c ti&ecirc;n ti&#7871;n h&agrave;ng &#273;&#7847;u hi&#7879;n nay, gi&uacute;p lo&#7841;i b&#7887; ho&agrave;n to&agrave;n vi khu&#7849;n, kim lo&#7841;i n&#7863;ng v&agrave; c&aacute;c t&#7841;p ch&#7845;t &#273;&#7897;c h&#7841;i trong n&#432;&#7899;c, &#273;&#7891;ng th&#7901;i v&#7851;n gi&#7919; l&#7841;i c&aacute;c kho&aacute;ng ch&#7845;t t&#7921; nhi&ecirc;n c&oacute; l&#7907;i cho c&#417; th&#7875;. V&#7899;i c&ocirc;ng su&#7845;t l&#7885;c l&ecirc;n &#273;&#7871;n 90.000 l&iacute;t, s&#7843;n ph&#7849;m mang l&#7841;i ngu&#7891;n n&#432;&#7899;c s&#7841;ch, an to&agrave;n v&agrave; c&oacute; th&#7875; u&#7889;ng tr&#7921;c ti&#7871;p. H&atilde;y c&ugrave;ng V&#7841;n N&#259;ng t&igrave;m hi&#7875;u chi ti&#7871;t h&#417;n v&#7873; s&#7843;n ph&#7849;m th&ocirc;ng qua b&agrave;i vi&#7871;t d&#432;&#7899;i &#273;&acirc;y!<\/p><p>Xem th&ecirc;m: M&aacute;y &#272;o M&#7853;t &#272;&#7897; Th&ocirc;ng Minh (Smart Density Meter) Anton Paar EasyDens<\/p><p>N&eacute;t &#272;&#7863;c Tr&#432;ng C&#7911;a REWA Nano 11 Inch<br>\nC&ocirc;ng ngh&#7879; m&agrave;ng l&#7885;c Nano ti&ecirc;n ti&#7871;n t&#7915; H&agrave;n Qu&#7889;c<br>\nM&agrave;ng L&#7885;c Nano 11 Inch REWA &#273;&#432;&#7907;c s&#7843;n xu&#7845;t theo c&ocirc;ng ngh&#7879; l&#7885;c Nano hi&#7879;n &#273;&#7841;i, c&oacute; k&iacute;ch th&#432;&#7899;c l&#7895; l&#7885;c si&ecirc;u nh&#7887; gi&uacute;p lo&#7841;i b&#7887; hi&#7879;u qu&#7843; vi khu&#7849;n, virus, asen, amoni v&agrave; c&aacute;c kim lo&#7841;i n&#7863;ng trong n&#432;&#7899;c. C&ocirc;ng ngh&#7879; n&agrave;y kh&ocirc;ng s&#7917; d&#7909;ng &#273;i&#7879;n v&agrave; kh&ocirc;ng t&#7841;o n&#432;&#7899;c th&#7843;i, gi&uacute;p ti&#7871;t ki&#7879;m n&#259;ng l&#432;&#7907;ng v&agrave; th&acirc;n thi&#7879;n v&#7899;i m&ocirc;i tr&#432;&#7901;ng.<br>\nCh&#7889;ng t&aacute;i nhi&#7877;m khu&#7849;n hi&#7879;u qu&#7843;<br>\n&#272;&acirc;y kh&ocirc;ng ch&#7881; ti&ecirc;u di&#7879;t vi khu&#7849;n m&agrave; c&ograve;n ng&#259;n ch&#7863;n qu&aacute; tr&igrave;nh t&aacute;i nhi&#7877;m khu&#7849;n trong h&#7879; th&#7889;ng l&#432;u n&#432;&#7899;c. &#272;i&#7873;u n&agrave;y &#273;&#7843;m b&#7843;o ngu&#7891;n n&#432;&#7899;c &#273;&#7847;u ra lu&ocirc;n tinh khi&#7871;t, ngay c&#7843; khi l&#432;u tr&#7919; trong th&#7901;i gian d&agrave;i.<br>\nGi&#7919; l&#7841;i vi kho&aacute;ng t&#7921; nhi&ecirc;n c&oacute; l&#7907;i<br>\nKh&aacute;c v&#7899;i m&agrave;ng RO lo&#7841;i b&#7887; ho&agrave;n to&agrave;n kho&aacute;ng ch&#7845;t, M&agrave;ng Nano REWA Model Nano 11 Inch c&oacute; kh&#7843; n&#259;ng l&#7885;c ch&#7885;n l&#7885;c, ch&#7881; lo&#7841;i b&#7887; t&#7841;p ch&#7845;t g&acirc;y h&#7841;i m&agrave; v&#7851;n gi&#7919; l&#7841;i vi kho&aacute;ng c&#7847;n thi&#7871;t cho c&#417; th&#7875;. N&#432;&#7899;c sau l&#7885;c c&oacute; v&#7883; ng&#7885;t nh&#7865;, t&#7921; nhi&ecirc;n v&agrave; t&#7889;t cho s&#7913;c kh&#7887;e.<\/p><p>Hi&#7879;u su&#7845;t l&#7885;c cao, tu&#7893;i th&#7885; b&#7873;n b&#7881;<br>\nV&#7899;i c&ocirc;ng su&#7845;t l&#7885;c &#273;&#7841;t 90.000 l&iacute;t, s&#7843;n ph&#7849;m mang l&#7841;i hi&#7879;u qu&#7843; &#7893;n &#273;&#7883;nh trong th&#7901;i gian d&agrave;i. Th&#7901;i gian thay l&otilde;i &#273;&#432;&#7907;c khuy&#7871;n ngh&#7883; t&#7915; 12&ndash;18 th&aacute;ng t&ugrave;y ch&#7845;t l&#432;&#7907;ng ngu&#7891;n n&#432;&#7899;c (12 th&aacute;ng cho n&#432;&#7899;c gi&#7871;ng v&agrave; 18 th&aacute;ng cho n&#432;&#7899;c m&aacute;y), gi&uacute;p ti&#7871;t ki&#7879;m chi ph&iacute; v&#7853;n h&agrave;nh.<br>\nThi&#7871;t k&#7871; ti&ecirc;u chu&#7849;n, d&#7877; l&#7855;p &#273;&#7863;t<br>\nS&#7843;n ph&#7849;m c&oacute; k&iacute;ch th&#432;&#7899;c 11 inch (27,94 cm), t&#432;&#417;ng th&iacute;ch v&#7899;i h&#7847;u h&#7871;t c&aacute;c h&#7879; th&#7889;ng m&aacute;y l&#7885;c n&#432;&#7899;c hi&#7879;n nay. S&#7843;n ph&#7849;m &#273;&#432;&#7907;c thi&#7871;t k&#7871; ti&#7879;n l&#7907;i, d&#7877; th&aacute;o l&#7855;p v&agrave; thay th&#7871;, ph&ugrave; h&#7907;p cho c&#7843; ng&#432;&#7901;i d&ugrave;ng gia &#273;&igrave;nh l&#7851;n h&#7879; th&#7889;ng l&#7885;c c&ocirc;ng nghi&#7879;p.<\/p><p>Xem th&ecirc;m: M&aacute;y Ki&#7875;m Tra Th&#7911;y L&#7921;c T&#297;nh C&ocirc;ng Nghi&#7879;p (High Force Universal Testing Machines) Instron Model 1500KPX<\/p><p>&#431;u &#272;i&#7875;m V&#432;&#7907;t Tr&#7897;i C&#7911;a Model Nano 11 Inch<br>\nLo&#7841;i b&#7887; &#273;&#7871;n 99% vi khu&#7849;n v&agrave; t&#7841;p ch&#7845;t<br>\nV&#7899;i c&ocirc;ng ngh&#7879; l&#7885;c Nano ti&ecirc;n ti&#7871;n, M&agrave;ng Nano REWA Model Nano 11 Inch c&oacute; kh&#7843; n&#259;ng lo&#7841;i b&#7887; h&#7847;u h&#7871;t c&aacute;c vi sinh v&#7853;t g&acirc;y h&#7841;i, kim lo&#7841;i n&#7863;ng v&agrave; h&oacute;a ch&#7845;t &#273;&#7897;c h&#7841;i trong n&#432;&#7899;c, mang l&#7841;i ngu&#7891;n n&#432;&#7899;c an to&agrave;n &#273;&#7841;t chu&#7849;n u&#7889;ng tr&#7921;c ti&#7871;p.<br>\nKh&ocirc;ng d&ugrave;ng &#273;i&#7879;n, kh&ocirc;ng t&#7841;o n&#432;&#7899;c th&#7843;i<br>\nKh&ocirc;ng gi&#7889;ng nh&#432; c&aacute;c h&#7879; th&#7889;ng RO, m&agrave;ng l&#7885;c n&agrave;y ho&#7841;t &#273;&#7897;ng ho&agrave;n to&agrave;n b&#7857;ng &aacute;p l&#7921;c n&#432;&#7899;c, kh&ocirc;ng c&#7847;n &#273;i&#7879;n n&#259;ng v&agrave; kh&ocirc;ng th&#7843;i b&#7887; n&#432;&#7899;c d&#432;. &#272;i&#7873;u n&agrave;y gi&uacute;p ti&#7871;t ki&#7879;m chi ph&iacute; v&agrave; th&acirc;n thi&#7879;n h&#417;n v&#7899;i m&ocirc;i tr&#432;&#7901;ng.<\/p><p>N&#432;&#7899;c sau l&#7885;c gi&agrave;u kho&aacute;ng, v&#7883; ng&#7885;t t&#7921; nhi&ecirc;n<br>\nNh&#7901; c&#417; ch&#7871; l&#7885;c ch&#7885;n l&#7885;c th&ocirc;ng minh, n&#432;&#7899;c sau khi &#273;i qua m&agrave;ng l&#7885;c v&#7851;n gi&#7919; l&#7841;i c&aacute;c kho&aacute;ng ch&#7845;t c&#7847;n thi&#7871;t nh&#432; canxi, magie&hellip; gi&uacute;p t&#259;ng c&#432;&#7901;ng s&#7913;c kh&#7887;e, &#273;&#7891;ng th&#7901;i mang &#273;&#7871;n v&#7883; n&#432;&#7899;c thanh m&aacute;t, d&#7877; u&#7889;ng.<br>\nTu&#7893;i th&#7885; cao, ti&#7871;t ki&#7879;m chi ph&iacute; v&#7853;n h&agrave;nh<br>\nV&#7899;i &#273;&#7897; b&#7873;n v&#432;&#7907;t tr&#7897;i v&agrave; kh&#7843; n&#259;ng ho&#7841;t &#273;&#7897;ng &#7893;n &#273;&#7883;nh, s&#7843;n ph&#7849;m c&oacute; th&#7875; s&#7917; d&#7909;ng &#273;&#7871;n 18 th&aacute;ng tr&#432;&#7899;c khi c&#7847;n thay th&#7871;. Ng&#432;&#7901;i d&ugrave;ng ch&#7881; c&#7847;n tu&acirc;n th&#7911; l&#7883;ch b&#7843;o d&#432;&#7905;ng &#273;&#7883;nh k&#7923; &#273;&#7875; &#273;&#7843;m b&#7843;o hi&#7879;u qu&#7843; l&#7885;c t&#7889;i &#273;a.<br>\nH&agrave;ng nh&#7853;p kh&#7849;u ch&iacute;nh h&atilde;ng<br>\nM&agrave;ng Nano 11 Inch Filter REWA &#273;&#432;&#7907;c nh&#7853;p kh&#7849;u 100% t&#7915; H&agrave;n Qu&#7889;c, v&#7899;i hai &#273;&#7847;u m&agrave;ng &#273;&#432;&#7907;c d&#7853;p n&#7893;i &ldquo;MADE IN KOREA&rdquo;, ch&#7913;ng minh ngu&#7891;n g&#7889;c xu&#7845;t x&#7913; r&otilde; r&agrave;ng v&agrave; cam k&#7871;t v&#7873; ch&#7845;t l&#432;&#7907;ng v&#432;&#7907;t tr&#7897;i.<\/p><p>Xem th&ecirc;m: Thi&#7871;t B&#7883; L&#7885;c D&#7847;u B&#7857;ng Ph&#432;&#417;ng Ph&aacute;p T&#297;nh &#272;i&#7879;n (Electrostatic Oil Cleaners) Kleentek Model EOC-R50A<\/p><p>&#7912;ng D&#7909;ng Trong Ng&agrave;nh C&ocirc;ng Nghi&#7879;p<br>\nNh&#7901; hi&#7879;u su&#7845;t l&#7885;c m&#7841;nh m&#7869; v&agrave; kh&#7843; n&#259;ng v&#7853;n h&agrave;nh &#7893;n &#273;&#7883;nh, M&agrave;ng Nano Model Nano 11 Inch  &#273;&#432;&#7907;c &#7913;ng d&#7909;ng r&#7897;ng r&atilde;i trong nhi&#7873;u l&#297;nh v&#7921;c, bao g&#7891;m:<\/p><p>H&#7879; th&#7889;ng l&#7885;c n&#432;&#7899;c gia &#273;&igrave;nh, v&#259;n ph&ograve;ng v&agrave; tr&#432;&#7901;ng h&#7885;c.<br>\nNh&agrave; m&aacute;y s&#7843;n xu&#7845;t n&#432;&#7899;c tinh khi&#7871;t, n&#432;&#7899;c u&#7889;ng &#273;&oacute;ng chai.<br>\nNg&agrave;nh ch&#7871; bi&#7871;n th&#7921;c ph&#7849;m v&agrave; &#273;&#7891; u&#7889;ng.<br>\nD&acirc;y chuy&#7873;n x&#7917; l&yacute; n&#432;&#7899;c y t&#7871;, ph&ograve;ng th&iacute; nghi&#7879;m.<br>\nH&#7879; th&#7889;ng l&#7885;c n&#432;&#7899;c sinh ho&#7841;t quy m&ocirc; l&#7899;n t&#7841;i khu d&acirc;n c&#432;.<\/p><p>Nh&#7919;ng L&yacute; Do N&ecirc;n Mua M&agrave;ng L&#7885;c Nano T&#7841;i Thi&#7871;t B&#7883; C&ocirc;ng Ngh&#7879; V&#7841;n N&#259;ng<\/p><p>C&ocirc;ng ty Thi&#7871;t B&#7883; C&ocirc;ng Ngh&#7879; V&#7841;n N&#259;ng l&agrave; &#273;&#7889;i t&aacute;c ch&iacute;nh th&#7913;c ph&acirc;n ph&#7889;i M&agrave;ng L&#7885;c Nano h&agrave;ng &#273;&#7847;u t&#7841;i Vi&#7879;t Nam, cam k&#7871;t cung c&#7845;p s&#7843;n ph&#7849;m ch&iacute;nh h&atilde;ng v&#7899;i gi&aacute; c&#7843; c&#7841;nh tranh nh&#7845;t th&#7883; tr&#432;&#7901;ng. V&#7899;i uy t&iacute;n tr&ecirc;n th&#7883; tr&#432;&#7901;ng v&agrave; ch&#7871; &#273;&#7897; h&#7851;u m&atilde;i t&#7889;t, Thi&#7871;t B&#7883; C&ocirc;ng Ngh&#7879; V&#7841;n N&#259;ng &#273;&atilde; nh&#7853;n &#273;&#432;&#7907;c s&#7921; tin t&#432;&#7903;ng t&#7915; kh&aacute;ch h&agrave;ng nh&#7901; v&agrave;o ch&#7845;t l&#432;&#7907;ng h&agrave;ng &#273;&#7847;u c&#7911;a c&aacute;c d&ograve;ng s&#7843;n ph&#7849;m.<br>\nS&#7843;n ph&#7849;m c&#7911;a ch&uacute;ng t&ocirc;i &#273;&#432;&#7907;c ki&#7875;m &#273;&#7883;nh ch&#7845;t l&#432;&#7907;ng, nh&#7853;p kh&#7849;u tr&#7921;c ti&#7871;p t&#7915; nh&agrave; m&aacute;y b&ecirc;n Ch&acirc;u &Acirc;u, M&#7929;, &Uacute;c, Nh&#7853;t B&#7843;n,&hellip; v&agrave; &#273;&aacute;p &#7913;ng nhu c&#7847;u &#273;a d&#7841;ng c&#7911;a th&#7883; tr&#432;&#7901;ng nh&#432;: M&aacute;y &#272;o &#272;&#7897; C&#7913;ng, M&aacute;y SPECTROMAXx, M&aacute;y Ki&#7875;m Tra &#272;&#432;&#7901;ng Gh&eacute;p M&iacute; Lon,&hellip; Ch&uacute;ng t&ocirc;i cam k&#7871;t cung c&#7845;p s&#7843;n ph&#7849;m n&agrave;y tr&ecirc;n to&agrave;n qu&#7889;c v&#7899;i gi&aacute; c&#7843; c&#7841;nh tranh nh&#7845;t.<br>\nCh&uacute;ng t&ocirc;i c&oacute; &#273;&#7897;i ng&#361; chuy&ecirc;n vi&ecirc;n t&#432; v&#7845;n chuy&ecirc;n s&acirc;u s&#7869; h&#7895; tr&#7907; kh&aacute;ch h&agrave;ng v&#7873; chi ti&#7871;t s&#7843;n ph&#7849;m, h&#432;&#7899;ng d&#7851;n s&#7917; d&#7909;ng hay nh&#7919;ng th&#7913; li&ecirc;n quan &#273;&#7871;n v&#7845;n &#273;&#7873; m&agrave; doanh nghi&#7879;p b&#7841;n &#273;ang g&#7863;p ph&#7843;i. Ch&uacute;ng t&ocirc;i s&#7869; cung c&#7845;p nh&#7919;ng gi&#7843;i ph&aacute;p t&#7889;i &#432;u nh&#7845;t!<br>\nNgo&agrave;i ra Thi&#7871;t B&#7883; C&ocirc;ng Ngh&#7879; V&#7841;n N&#259;ng Ch&uacute;ng T&ocirc;i lu&ocirc;n h&#432;&#7899;ng &#273;&#7871;n tr&#7843;i nghi&#7879;m kh&aacute;ch h&agrave;ng, v&igrave; v&#7853;y ch&uacute;ng t&ocirc;i c&oacute; nh&#7919;ng ch&iacute;nh s&aacute;ch b&#7843;o h&agrave;nh, b&#7843;o tr&igrave; &ndash; b&#7843;o d&#432;&#7905;ng, hi&#7879;u chu&#7849;n v&#7899;i t&#7845;t c&#7843; c&aacute;c thi&#7871;t b&#7883;, m&aacute;y m&oacute;c m&agrave; ch&uacute;ng t&ocirc;i cung c&#7845;p. &#272;&#7843;m b&#7843;o mang &#273;&#7871;n cho Kh&aacute;ch h&agrave;ng s&#7921; y&ecirc;n t&acirc;m tuy&#7879;t &#273;&#7889;i v&#7873; d&#7883;ch v&#7909; khi mua h&agrave;ng.<\/p><p>Xem th&ecirc;m: M&aacute;y &#272;&oacute;ng L&#7889;c Chai (UniPak Applicators) PakTech Model UPA 100<\/p><p>T&#7893;ng K&#7871;t<br>\nM&agrave;ng Nano (Nano Membrane Filter) REWA Model Nano 11 Inch l&agrave; gi&#7843;i ph&aacute;p l&#7885;c n&#432;&#7899;c th&#7871; h&#7879; m&#7899;i, gi&uacute;p lo&#7841;i b&#7887; t&#7841;p ch&#7845;t, vi khu&#7849;n v&agrave; kim lo&#7841;i n&#7863;ng trong khi v&#7851;n gi&#7919; l&#7841;i c&aacute;c kho&aacute;ng ch&#7845;t t&#7889;t cho s&#7913;c kh&#7887;e. V&#7899;i c&ocirc;ng ngh&#7879; ti&ecirc;n ti&#7871;n, &#273;&#7897; b&#7873;n cao v&agrave; hi&#7879;u su&#7845;t v&#432;&#7907;t tr&#7897;i, s&#7843;n ph&#7849;m l&agrave; l&#7921;a ch&#7885;n ho&agrave;n h&#7843;o cho m&#7885;i gia &#273;&igrave;nh v&agrave; doanh nghi&#7879;p mong mu&#7889;n ngu&#7891;n n&#432;&#7899;c s&#7841;ch, an to&agrave;n v&agrave; t&#7921; nhi&ecirc;n nh&#7845;t. H&atilde;y li&ecirc;n h&#7879; ngay v&#7899;i V&#7841;n N&#259;ng Company &#273;&#7875; &#273;&#432;&#7907;c t&#432; v&#7845;n chi ti&#7871;t v&agrave; nh&#7853;n ngay nh&#7919;ng &#432;u &#273;&atilde;i h&#7845;p d&#7851;n th&ocirc;ng qua hotline\/zalo: <a href=\"https:\/\/zalo.me\/0903991335\" target=\"_blank\" rel=\"noopener\" style=\"color: #059669; font-weight: bold; text-decoration: none;\">0903 991 335<\/a> !<\/p><div style=\"background-color: #f8fafc; border: 1px solid #e2e8f0; border-radius: 8px; padding: 25px; max-width: 800px; margin: 30px auto; color: #334155; line-height: 1.8; font-size: 17px; box-shadow: 0 4px 6px -1px rgba(0,0,0,0.05); text-align: left; clear: both;\">\nC&ocirc;ng ty TNHH Th&#432;&#417;ng M&#7841;i D&#7883;ch V&#7909; Thi&#7871;t B&#7883; C&ocirc;ng Ngh&#7879; V&#7841;n N&#259;ng\n<p style=\"margin: 0 0 10px 0;\">&#128205; <strong style=\"color: #1e293b;\">&#272;&#7883;a ch&#7881;:<\/strong> <a style=\"color: #059669; text-decoration: none; font-weight: bold;\" href=\"https:\/\/www.google.com\/maps\/search\/C%C3%B4ng+ty+TNHH+Th%C6%B0%C6%A1ng+M%E1%BA%A1i+D%E1%BB%8Bch+V%E1%BB%A5+Thi%E1%BA%BFt+B%E1%BB%8B+C%C3%B4ng+Ngh%E1%BB%87+V%E1%BA%A1n+N%C4%83ng+818+Tr%C6%B0%E1%BB%9Dng+Chinh\" target=\"_blank\" rel=\"noopener\">818 Tr&#432;&#7901;ng Chinh, Ph&#432;&#7901;ng T&acirc;n S&#417;n, Th&agrave;nh ph&#7889; H&#7891; Ch&iacute; Minh, Vi&#7879;t Nam<\/a><\/p>\n<p style=\"margin: 0 0 10px 0;\">&#128222; <strong style=\"color: #1e293b;\">S&#272;T &ndash; Zalo:<\/strong> <a style=\"color: #059669; text-decoration: none; font-weight: bold;\" href=\"https:\/\/zalo.me\/0903991335\" target=\"_blank\" rel=\"noopener\">0903 991 335<\/a> <span style=\"color: #64748b; font-style: italic;\">(Ms. H&#7841;nh &ndash; Gi&aacute;m &#272;&#7889;c Kinh Doanh)<\/span><\/p>\n<p style=\"margin: 0;\">&#9993;&#65039; <strong style=\"color: #1e293b;\">Email:<\/strong> <a style=\"color: #059669; text-decoration: none; font-weight: bold;\" href=\"mailto:hienhanh@vannangvn.com\">hienhanh@vannangvn.com<\/a><\/p>\n<\/div><\/h1>","protected":false},"excerpt":{"rendered":"<p><strong>Th&#432;&#417;ng hi&#7879;u:<\/strong> REWA<br>\n<strong>Model:<\/strong> Nano<p>Product <strong>M&Agrave;NG NANO REWA MODEL NANO 11 INCH<\/strong> ch&iacute;nh h&atilde;ng. REWA (Korea)<br>\nM&agrave;ng Nano 11 Inch REWA l&agrave; m&agrave;ng l&#7885;c ti&ecirc;n ti&#7871;n nh&#7853;p kh&#7849;u H&agrave;n Qu&#7889;c, lo&#7841;i b&#7887; 99% vi khu&#7849;n, virus, v&agrave; kim lo&#7841;i n&#7863;ng m&agrave; kh&ocirc;ng c&#7847;n d&ugrave;ng &#273;i&#7879;n hay t&#7841;o n&#432;&#7899;c th&#7843;i. M&agrave;ng gi&#7919; l&#7841;i kho&aacute;ng ch&#7845;t t&#7921; nhi&ecirc;n, c&oacute; c&ocirc;ng su&#7845;t l&#7885;c 90.000 l&iacute;t v&agrave; tu&#7893;i th&#7885; 12&ndash;18 th&aacute;ng, ph&ugrave; h&#7907;p cho n&#432;&#7899;c u&#7889;ng tr&#7921;c ti&#7871;p.<\/p><\/p>","protected":false},"featured_media":0,"comment_status":"open","ping_status":"closed","template":"","meta":[],"product_brand":[],"product_cat":[18],"product_tag":[1319,1322,1323,1351,116,216],"class_list":{"0":"post-6433","1":"product","2":"type-product","3":"status-publish","5":"product_cat-chua-phan-loai","6":"product_tag-rewa","7":"product_tag-1322","8":"product_tag-inch","9":"product_tag-nano","10":"product_tag-model","11":"product_tag-mang","13":"first","14":"instock","15":"shipping-taxable","16":"product-type-simple"},"yoast_head":"<!-- This site is optimized with the Yoast SEO Premium plugin v24.8 (Yoast SEO v24.8) - https:\/\/yoast.com\/wordpress\/plugins\/seo\/ -->\n<title>M\u00c0NG NANO REWA MODEL NANO 11 INCH ch\u00ednh h\u00e3ng | V\u1ea1n N\u0103ng<\/title>\n<meta name=\"description\" content=\"Mua ngay M\u00c0NG NANO REWA MODEL NANO 11 INCH ch\u00ednh h\u00e3ng. M\u00e0ng Nano 11 Inch REWA l\u00e0 m\u00e0ng l\u1ecdc ti\u00ean ti\u1ebfn nh\u1eadp kh\u1ea9u H\u00e0n Qu\u1ed1c, lo\u1ea1i b\u1ecf 99... Gi\u00e1 t\u1ed1t!\" \/>\n<meta name=\"robots\" content=\"noindex, follow, max-snippet:-1, max-image-preview:large, max-video-preview:-1\" \/>\n<meta property=\"og:locale\" content=\"en_US\" \/>\n<meta property=\"og:type\" content=\"article\" \/>\n<meta property=\"og:title\" content=\"M\u00c0NG NANO REWA MODEL NANO 11 INCH\" \/>\n<meta property=\"og:description\" content=\"Mua ngay M\u00c0NG NANO REWA MODEL NANO 11 INCH ch\u00ednh h\u00e3ng. M\u00e0ng Nano 11 Inch REWA l\u00e0 m\u00e0ng l\u1ecdc ti\u00ean ti\u1ebfn nh\u1eadp kh\u1ea9u H\u00e0n Qu\u1ed1c, lo\u1ea1i b\u1ecf 99... Gi\u00e1 t\u1ed1t!\" \/>\n<meta property=\"og:url\" content=\"https:\/\/vannangvn.123websitedev.com\/en\/product\/mang-nano-rewa-model-nano-11-inch\/\" \/>\n<meta property=\"og:site_name\" content=\"Vannang.vn\" \/>\n<meta property=\"article:modified_time\" content=\"2026-03-30T11:20:03+00:00\" \/>\n<meta name=\"twitter:card\" content=\"summary_large_image\" \/>\n<meta name=\"twitter:label1\" content=\"Est. reading time\" \/>\n\t<meta name=\"twitter:data1\" content=\"10 minutes\" \/>\n<script type=\"application\/ld+json\" class=\"yoast-schema-graph\">{\"@context\":\"https:\/\/schema.org\",\"@graph\":[{\"@type\":\"WebPage\",\"@id\":\"https:\/\/vannangvn.123websitedev.com\/san-pham\/mang-nano-rewa-model-nano-11-inch\/\",\"url\":\"https:\/\/vannangvn.123websitedev.com\/san-pham\/mang-nano-rewa-model-nano-11-inch\/\",\"name\":\"M\u00c0NG NANO REWA MODEL NANO 11 INCH ch\u00ednh h\u00e3ng | V\u1ea1n N\u0103ng\",\"isPartOf\":{\"@id\":\"https:\/\/vannangvn.123websitedev.com\/#website\"},\"datePublished\":\"2026-03-20T10:29:06+00:00\",\"dateModified\":\"2026-03-30T11:20:03+00:00\",\"description\":\"Mua ngay M\u00c0NG NANO REWA MODEL NANO 11 INCH ch\u00ednh h\u00e3ng. M\u00e0ng Nano 11 Inch REWA l\u00e0 m\u00e0ng l\u1ecdc ti\u00ean ti\u1ebfn nh\u1eadp kh\u1ea9u H\u00e0n Qu\u1ed1c, lo\u1ea1i b\u1ecf 99... Gi\u00e1 t\u1ed1t!\",\"breadcrumb\":{\"@id\":\"https:\/\/vannangvn.123websitedev.com\/san-pham\/mang-nano-rewa-model-nano-11-inch\/#breadcrumb\"},\"inLanguage\":\"en-US\",\"potentialAction\":[{\"@type\":\"ReadAction\",\"target\":[\"https:\/\/vannangvn.123websitedev.com\/san-pham\/mang-nano-rewa-model-nano-11-inch\/\"]}]},{\"@type\":\"BreadcrumbList\",\"@id\":\"https:\/\/vannangvn.123websitedev.com\/san-pham\/mang-nano-rewa-model-nano-11-inch\/#breadcrumb\",\"itemListElement\":[{\"@type\":\"ListItem\",\"position\":1,\"name\":\"Trang ch\u1ee7\",\"item\":\"https:\/\/vannangvn.123websitedev.com\/\"},{\"@type\":\"ListItem\",\"position\":2,\"name\":\"S\u1ea3n ph\u1ea9m\",\"item\":\"https:\/\/vannangvn.123websitedev.com\/cua-hang\/\"},{\"@type\":\"ListItem\",\"position\":3,\"name\":\"M\u00c0NG NANO REWA MODEL NANO 11 INCH\"}]},{\"@type\":\"WebSite\",\"@id\":\"https:\/\/vannangvn.123websitedev.com\/#website\",\"url\":\"https:\/\/vannangvn.123websitedev.com\/\",\"name\":\"Vannang.vn\",\"description\":\"\",\"publisher\":{\"@id\":\"https:\/\/vannangvn.123websitedev.com\/#organization\"},\"potentialAction\":[{\"@type\":\"SearchAction\",\"target\":{\"@type\":\"EntryPoint\",\"urlTemplate\":\"https:\/\/vannangvn.123websitedev.com\/?s={search_term_string}\"},\"query-input\":{\"@type\":\"PropertyValueSpecification\",\"valueRequired\":true,\"valueName\":\"search_term_string\"}}],\"inLanguage\":\"en-US\"},{\"@type\":\"Organization\",\"@id\":\"https:\/\/vannangvn.123websitedev.com\/#organization\",\"name\":\"Vannang.vn\",\"url\":\"https:\/\/vannangvn.123websitedev.com\/\",\"logo\":{\"@type\":\"ImageObject\",\"inLanguage\":\"en-US\",\"@id\":\"https:\/\/vannangvn.123websitedev.com\/#\/schema\/logo\/image\/\",\"url\":\"https:\/\/vannangvn.123websitedev.com\/wp-content\/uploads\/2026\/02\/logo-van-nang-02.png\",\"contentUrl\":\"https:\/\/vannangvn.123websitedev.com\/wp-content\/uploads\/2026\/02\/logo-van-nang-02.png\",\"width\":448,\"height\":111,\"caption\":\"Vannang.vn\"},\"image\":{\"@id\":\"https:\/\/vannangvn.123websitedev.com\/#\/schema\/logo\/image\/\"}}]}<\/script>\n<!-- \/ Yoast SEO Premium plugin. -->","yoast_head_json":{"title":"M\u00c0NG NANO REWA MODEL NANO 11 INCH ch\u00ednh h\u00e3ng | V\u1ea1n N\u0103ng","description":"Mua ngay M\u00c0NG NANO REWA MODEL NANO 11 INCH ch\u00ednh h\u00e3ng. M\u00e0ng Nano 11 Inch REWA l\u00e0 m\u00e0ng l\u1ecdc ti\u00ean ti\u1ebfn nh\u1eadp kh\u1ea9u H\u00e0n Qu\u1ed1c, lo\u1ea1i b\u1ecf 99... Gi\u00e1 t\u1ed1t!","robots":{"index":"noindex","follow":"follow","max-snippet":"max-snippet:-1","max-image-preview":"max-image-preview:large","max-video-preview":"max-video-preview:-1"},"og_locale":"en_US","og_type":"article","og_title":"M\u00c0NG NANO REWA MODEL NANO 11 INCH","og_description":"Mua ngay M\u00c0NG NANO REWA MODEL NANO 11 INCH ch\u00ednh h\u00e3ng. M\u00e0ng Nano 11 Inch REWA l\u00e0 m\u00e0ng l\u1ecdc ti\u00ean ti\u1ebfn nh\u1eadp kh\u1ea9u H\u00e0n Qu\u1ed1c, lo\u1ea1i b\u1ecf 99... Gi\u00e1 t\u1ed1t!","og_url":"https:\/\/vannangvn.123websitedev.com\/en\/product\/mang-nano-rewa-model-nano-11-inch\/","og_site_name":"Vannang.vn","article_modified_time":"2026-03-30T11:20:03+00:00","twitter_card":"summary_large_image","twitter_misc":{"Est. reading time":"10 minutes"},"schema":{"@context":"https:\/\/schema.org","@graph":[{"@type":"WebPage","@id":"https:\/\/vannangvn.123websitedev.com\/san-pham\/mang-nano-rewa-model-nano-11-inch\/","url":"https:\/\/vannangvn.123websitedev.com\/san-pham\/mang-nano-rewa-model-nano-11-inch\/","name":"M\u00c0NG NANO REWA MODEL NANO 11 INCH ch\u00ednh h\u00e3ng | V\u1ea1n N\u0103ng","isPartOf":{"@id":"https:\/\/vannangvn.123websitedev.com\/#website"},"datePublished":"2026-03-20T10:29:06+00:00","dateModified":"2026-03-30T11:20:03+00:00","description":"Mua ngay M\u00c0NG NANO REWA MODEL NANO 11 INCH ch\u00ednh h\u00e3ng. M\u00e0ng Nano 11 Inch REWA l\u00e0 m\u00e0ng l\u1ecdc ti\u00ean ti\u1ebfn nh\u1eadp kh\u1ea9u H\u00e0n Qu\u1ed1c, lo\u1ea1i b\u1ecf 99... Gi\u00e1 t\u1ed1t!","breadcrumb":{"@id":"https:\/\/vannangvn.123websitedev.com\/san-pham\/mang-nano-rewa-model-nano-11-inch\/#breadcrumb"},"inLanguage":"en-US","potentialAction":[{"@type":"ReadAction","target":["https:\/\/vannangvn.123websitedev.com\/san-pham\/mang-nano-rewa-model-nano-11-inch\/"]}]},{"@type":"BreadcrumbList","@id":"https:\/\/vannangvn.123websitedev.com\/san-pham\/mang-nano-rewa-model-nano-11-inch\/#breadcrumb","itemListElement":[{"@type":"ListItem","position":1,"name":"Trang ch\u1ee7","item":"https:\/\/vannangvn.123websitedev.com\/"},{"@type":"ListItem","position":2,"name":"S\u1ea3n ph\u1ea9m","item":"https:\/\/vannangvn.123websitedev.com\/cua-hang\/"},{"@type":"ListItem","position":3,"name":"M\u00c0NG NANO REWA MODEL NANO 11 INCH"}]},{"@type":"WebSite","@id":"https:\/\/vannangvn.123websitedev.com\/#website","url":"https:\/\/vannangvn.123websitedev.com\/","name":"Vannang.vn","description":"","publisher":{"@id":"https:\/\/vannangvn.123websitedev.com\/#organization"},"potentialAction":[{"@type":"SearchAction","target":{"@type":"EntryPoint","urlTemplate":"https:\/\/vannangvn.123websitedev.com\/?s={search_term_string}"},"query-input":{"@type":"PropertyValueSpecification","valueRequired":true,"valueName":"search_term_string"}}],"inLanguage":"en-US"},{"@type":"Organization","@id":"https:\/\/vannangvn.123websitedev.com\/#organization","name":"Vannang.vn","url":"https:\/\/vannangvn.123websitedev.com\/","logo":{"@type":"ImageObject","inLanguage":"en-US","@id":"https:\/\/vannangvn.123websitedev.com\/#\/schema\/logo\/image\/","url":"https:\/\/vannangvn.123websitedev.com\/wp-content\/uploads\/2026\/02\/logo-van-nang-02.png","contentUrl":"https:\/\/vannangvn.123websitedev.com\/wp-content\/uploads\/2026\/02\/logo-van-nang-02.png","width":448,"height":111,"caption":"Vannang.vn"},"image":{"@id":"https:\/\/vannangvn.123websitedev.com\/#\/schema\/logo\/image\/"}}]}},"_links":{"self":[{"href":"https:\/\/vannangvn.123websitedev.com\/en\/wp-json\/wp\/v2\/product\/6433","targetHints":{"allow":["GET"]}}],"collection":[{"href":"https:\/\/vannangvn.123websitedev.com\/en\/wp-json\/wp\/v2\/product"}],"about":[{"href":"https:\/\/vannangvn.123websitedev.com\/en\/wp-json\/wp\/v2\/types\/product"}],"replies":[{"embeddable":true,"href":"https:\/\/vannangvn.123websitedev.com\/en\/wp-json\/wp\/v2\/comments?post=6433"}],"wp:attachment":[{"href":"https:\/\/vannangvn.123websitedev.com\/en\/wp-json\/wp\/v2\/media?parent=6433"}],"wp:term":[{"taxonomy":"product_brand","embeddable":true,"href":"https:\/\/vannangvn.123websitedev.com\/en\/wp-json\/wp\/v2\/product_brand?post=6433"},{"taxonomy":"product_cat","embeddable":true,"href":"https:\/\/vannangvn.123websitedev.com\/en\/wp-json\/wp\/v2\/product_cat?post=6433"},{"taxonomy":"product_tag","embeddable":true,"href":"https:\/\/vannangvn.123websitedev.com\/en\/wp-json\/wp\/v2\/product_tag?post=6433"}],"curies":[{"name":"wp","href":"https:\/\/api.w.org\/{rel}","templated":true}]}}