{"id":6435,"date":"2026-03-20T17:29:08","date_gmt":"2026-03-20T10:29:08","guid":{"rendered":"https:\/\/vannangvn.123websitedev.com\/san-pham\/mang-nuoc-anton-paar-brabender-aqua-trough\/"},"modified":"2026-03-30T18:20:06","modified_gmt":"2026-03-30T11:20:06","slug":"mang-nuoc-anton-paar-brabender-aqua-trough","status":"publish","type":"product","link":"https:\/\/vannangvn.123websitedev.com\/en\/product\/mang-nuoc-anton-paar-brabender-aqua-trough\/","title":{"rendered":"M\u00c1NG N\u01af\u1edaC ANTON PAAR BRABENDER AQUA TROUGH"},"content":{"rendered":"<h1 style=\"color: red; font-weight: bold; font-size: 24px;\">T&#7893;ng quan s&#7843;n ph&#7849;m M&Aacute;NG N&#431;&#7898;C ANTON PAAR BRABENDER AQUA TROUGH<p>M&aacute;ng N&#432;&#7899;c Anton Paar Brabender Aqua Trough<br>\nTrong l&#297;nh v&#7921;c s&#7843;n xu&#7845;t c&ocirc;ng nghi&#7879;p, vi&#7879;c s&#7917; d&#7909;ng thi&#7871;t b&#7883; l&agrave;m m&aacute;t ch&#7845;t l&#432;&#7907;ng cao v&agrave; linh ho&#7841;t l&agrave; y&#7871;u t&#7889; quan tr&#7885;ng, &#273;&#7863;c bi&#7879;t trong c&aacute;c &#7913;ng d&#7909;ng nh&#432; &eacute;p &#273;&ugrave;n v&agrave; t&#7841;o vi&ecirc;n. M&aacute;ng n&#432;&#7899;c Aqua Trough l&agrave; s&#7843;n ph&#7849;m &#273;&#432;&#7907;c thi&#7871;t k&#7871; &#273;&#7875; &#273;&aacute;p &#7913;ng y&ecirc;u c&#7847;u n&agrave;y m&#7897;t c&aacute;ch ho&agrave;n h&#7843;o. V&#7899;i thi&#7871;t k&#7871; th&ocirc;ng minh, ch&#7845;t li&#7879;u th&eacute;p kh&ocirc;ng g&#7881; 304 b&#7873;n b&#7881;, v&agrave; t&iacute;nh n&#259;ng &#273;i&#7873;u ch&#7881;nh chi&#7873;u cao th&#7911;y l&#7921;c, Aqua Trough gi&uacute;p t&#7889;i &#432;u h&oacute;a qu&aacute; tr&igrave;nh l&agrave;m m&aacute;t v&agrave; &#273;&#7843;m b&#7843;o hi&#7879;u qu&#7843; cao trong s&#7843;n xu&#7845;t. H&atilde;y c&ugrave;ng V&#7841;n N&#259;ng t&igrave;m hi&#7875;u chi ti&#7871;t h&#417;n v&#7873; s&#7843;n ph&#7849;m th&ocirc;ng qua b&agrave;i vi&#7871;t n&agrave;y!<\/p><p>T&#7841;i Sao N&ecirc;n S&#7917; D&#7909;ng M&aacute;ng N&#432;&#7899;c Aqua Trough?<br>\nAqua Trough Anton Paar l&agrave; l&#7921;a ch&#7885;n l&yacute; t&#432;&#7903;ng cho c&aacute;c &#7913;ng d&#7909;ng c&#7847;n l&agrave;m m&aacute;t trong qu&aacute; tr&igrave;nh s&#7843;n xu&#7845;t nh&#432; &eacute;p &#273;&ugrave;n, t&#7841;o vi&ecirc;n, v&agrave; c&#7843; c&aacute;c &#7913;ng d&#7909;ng &#273;&#7863;c th&ugrave; nh&#432; l&agrave;m m&aacute;t d&acirc;y v&agrave; &#7889;ng. V&#7899;i c&aacute;c t&iacute;nh n&#259;ng n&#7893;i b&#7853;t nh&#432; kh&#7843; n&#259;ng &#273;i&#7873;u ch&#7881;nh chi&#7873;u cao, thi&#7871;t k&#7871; b&#7873;n b&#7881; v&agrave; linh ho&#7841;t, Aqua Trough &#273;em l&#7841;i nhi&#7873;u l&#7907;i &iacute;ch cho c&aacute;c doanh nghi&#7879;p s&#7843;n xu&#7845;t v&agrave; c&aacute;c ng&agrave;nh c&ocirc;ng nghi&#7879;p kh&aacute;c.<br>\nL&#7907;i &iacute;ch ch&iacute;nh c&#7911;a Aqua Trough:<\/p><p>Ch&#7845;t li&#7879;u th&eacute;p kh&ocirc;ng g&#7881; 304: Aqua Trough &#273;&#432;&#7907;c l&agrave;m t&#7915; th&eacute;p kh&ocirc;ng g&#7881; 304 cao c&#7845;p, gi&uacute;p t&#259;ng tu&#7893;i th&#7885; v&agrave; &#273;&#7843;m b&#7843;o kh&#7843; n&#259;ng ch&#7889;ng &#259;n m&ograve;n, &#273;&aacute;p &#7913;ng y&ecirc;u c&#7847;u ho&#7841;t &#273;&#7897;ng trong m&ocirc;i tr&#432;&#7901;ng c&ocirc;ng nghi&#7879;p kh&#7855;c nghi&#7879;t.<br>\n&#272;i&#7873;u ch&#7881;nh chi&#7873;u cao th&#7911;y l&#7921;c: V&#7899;i t&iacute;nh n&#259;ng &#273;i&#7873;u ch&#7881;nh chi&#7873;u cao linh ho&#7841;t t&#7915; 36,5 inch &#273;&#7871;n 42,5 inch, Thi&#7871;t B&#7883; Aqua Trough ph&ugrave; h&#7907;p v&#7899;i nhi&#7873;u &#7913;ng d&#7909;ng kh&aacute;c nhau v&agrave; d&#7877; d&agrave;ng thay &#273;&#7893;i theo y&ecirc;u c&#7847;u s&#7843;n xu&#7845;t.<br>\nB&aacute;nh xe di chuy&#7875;n v&agrave; kh&oacute;a an to&agrave;n: Thi&#7871;t k&#7871; b&aacute;nh xe gi&uacute;p di chuy&#7875;n m&aacute;ng n&#432;&#7899;c d&#7877; d&agrave;ng trong kh&ocirc;ng gian l&agrave;m vi&#7879;c, v&agrave; t&iacute;nh n&#259;ng kh&oacute;a an to&agrave;n gi&#7919; cho m&aacute;ng &#273;&#7913;ng v&#7919;ng trong qu&aacute; tr&igrave;nh v&#7853;n h&agrave;nh.<\/p><h2 style=\"color: #2e7d32; font-weight: bold; font-size: 20px;\">C&#7845;u T&#7841;o v&agrave; T&iacute;nh N&#259;ng N&#7893;i B&#7853;t c&#7911;a Aqua Trough<\/h2><p>&#272;&#7843;m B&#7843;o B&#7873;n V&#7919;ng<br>\nM&aacute;ng Aqua Trough &#273;&#432;&#7907;c ch&#7871; t&#7841;o t&#7915; th&eacute;p kh&ocirc;ng g&#7881; 304, n&#7893;i ti&#7871;ng v&#7899;i kh&#7843; n&#259;ng ch&#7889;ng &#259;n m&ograve;n v&agrave; ch&#7883;u nhi&#7879;t cao, ph&ugrave; h&#7907;p trong nhi&#7873;u m&ocirc;i tr&#432;&#7901;ng l&agrave;m vi&#7879;c kh&aacute;c nhau. Nh&#7901; &#273;&oacute;, thi&#7871;t b&#7883; duy tr&igrave; &#273;&#432;&#7907;c hi&#7879;u qu&#7843; ho&#7841;t &#273;&#7897;ng l&acirc;u d&agrave;i, ngay c&#7843; trong &#273;i&#7873;u ki&#7879;n s&#7843;n xu&#7845;t kh&#7855;c nghi&#7879;t v&agrave; ti&#7871;p x&uacute;c li&ecirc;n t&#7909;c v&#7899;i n&#432;&#7899;c.<br>\nH&#7879; Th&#7889;ng &#272;i&#7873;u Ch&#7881;nh Chi&#7873;u Cao Th&#7911;y L&#7921;c<br>\nH&#7879; th&#7889;ng &#273;i&#7873;u ch&#7881;nh chi&#7873;u cao th&#7911;y l&#7921;c c&#7911;a Aqua Trough l&agrave; m&#7897;t t&iacute;nh n&#259;ng quan tr&#7885;ng gi&uacute;p ng&#432;&#7901;i d&ugrave;ng &#273;i&#7873;u ch&#7881;nh &#273;&#7897; cao c&#7911;a m&aacute;ng n&#432;&#7899;c m&#7897;t c&aacute;ch linh ho&#7841;t. V&#7899;i d&#7843;i &#273;i&#7873;u ch&#7881;nh t&#7915; 36,5 inch (t&#7889;i thi&#7875;u) &#273;&#7871;n 42,5 inch (t&#7889;i &#273;a), m&aacute;ng n&#432;&#7899;c n&agrave;y c&oacute; th&#7875; &#273;&aacute;p &#7913;ng m&#7885;i y&ecirc;u c&#7847;u v&#7873; chi&#7873;u cao kh&aacute;c nhau, gi&uacute;p ti&#7871;t ki&#7879;m th&#7901;i gian v&agrave; n&acirc;ng cao hi&#7879;u su&#7845;t s&#7843;n xu&#7845;t.<br>\nKhung &#272;&#7905; V&#7919;ng Ch&#7855;c v&#7899;i B&aacute;nh Xe Kh&oacute;a<br>\nKhung &#273;&#7905; c&#7911;a Model Aqua Trough &#273;&#432;&#7907;c thi&#7871;t k&#7871; t&#7915; nh&ocirc;m &#273;&#7883;nh h&igrave;nh ch&#7855;c ch&#7855;n, k&#7871;t h&#7907;p v&#7899;i b&aacute;nh xe di chuy&#7875;n c&oacute; kh&#7843; n&#259;ng kh&oacute;a l&#7841;i khi c&#7847;n thi&#7871;t, t&#7841;o s&#7921; linh ho&#7841;t t&#7889;i &#273;a cho vi&#7879;c di chuy&#7875;n m&aacute;ng n&#432;&#7899;c trong kh&ocirc;ng gian s&#7843;n xu&#7845;t. Ng&#432;&#7901;i d&ugrave;ng c&oacute; th&#7875; d&#7877; d&agrave;ng di chuy&#7875;n v&agrave; c&#7889; &#273;&#7883;nh m&aacute;ng &#7903; v&#7883; tr&iacute; mong mu&#7889;n m&agrave; kh&ocirc;ng lo ng&#7841;i v&#7873; &#273;&#7897; an to&agrave;n v&agrave; &#7893;n &#273;&#7883;nh.<\/p><p>&#7912;ng D&#7909;ng C&#7911;a Aqua Trough Trong C&ocirc;ng Nghi&#7879;p<br>\n&#7912;ng D&#7909;ng Trong Qu&aacute; Tr&igrave;nh &Eacute;p &#272;&ugrave;n v&agrave; T&#7841;o Vi&ecirc;n<br>\nTrong qu&aacute; tr&igrave;nh &eacute;p &#273;&ugrave;n v&agrave; t&#7841;o vi&ecirc;n, M&aacute;ng N&#432;&#7899;c Aqua Trough Anton Paar &#273;&oacute;ng vai tr&ograve; quan tr&#7885;ng trong vi&#7879;c l&agrave;m m&aacute;t c&aacute;c s&#7843;n ph&#7849;m ngay sau khi ch&uacute;ng &#273;&#432;&#7907;c t&#7841;o h&igrave;nh. B&#7857;ng c&aacute;ch &#273;i&#7873;u ch&#7881;nh m&aacute;ng n&#432;&#7899;c ph&ugrave; h&#7907;p, ng&#432;&#7901;i d&ugrave;ng c&oacute; th&#7875; &#273;&#7843;m b&#7843;o qu&aacute; tr&igrave;nh l&agrave;m m&aacute;t di&#7877;n ra &#273;&#7891;ng &#273;&#7873;u v&agrave; hi&#7879;u qu&#7843;, gi&uacute;p gi&#7843;m thi&#7875;u c&aacute;c bi&#7871;n d&#7841;ng v&agrave; sai s&oacute;t trong s&#7843;n ph&#7849;m.<br>\nL&agrave;m M&aacute;t &#7888;ng v&agrave; D&acirc;y<br>\nV&#7899;i kh&#7843; n&#259;ng &#273;i&#7873;u ch&#7881;nh linh ho&#7841;t c&#7911;a c&aacute;c t&#7845;m &#273;&#7847;u m&aacute;ng, Aqua Trough c&oacute; th&#7875; d&#7877; d&agrave;ng chuy&#7875;n &#273;&#7893;i &#273;&#7875; ph&ugrave; h&#7907;p v&#7899;i c&aacute;c s&#7843;n ph&#7849;m nh&#432; &#7889;ng, d&acirc;y ho&#7863;c c&aacute;c c&#7845;u tr&uacute;c kh&aacute;c. B&#7857;ng c&aacute;ch thay th&#7871; c&aacute;c t&#7845;m &#273;&#7847;u m&aacute;ng theo k&iacute;ch th&#432;&#7899;c c&#7909; th&#7875;, ng&#432;&#7901;i d&ugrave;ng c&oacute; th&#7875; t&ugrave;y ch&#7881;nh m&aacute;ng n&#432;&#7899;c cho c&aacute;c &#7913;ng d&#7909;ng l&agrave;m m&aacute;t &#273;&#7863;c th&ugrave;, ch&#7859;ng h&#7841;n nh&#432; d&acirc;y ph&#7911; l&#7899;p nh&#7921;a hay c&aacute;c &#7889;ng d&#7851;n.<br>\n&#7912;ng D&#7909;ng Trong C&aacute;c Ng&agrave;nh C&ocirc;ng Nghi&#7879;p &#272;&#7863;c Th&ugrave; Kh&aacute;c<br>\nKh&ocirc;ng ch&#7881; gi&#7899;i h&#7841;n trong ng&agrave;nh c&ocirc;ng nghi&#7879;p &eacute;p &#273;&ugrave;n v&agrave; t&#7841;o vi&ecirc;n, Aqua Trough c&ograve;n &#273;&#432;&#7907;c s&#7917; d&#7909;ng r&#7897;ng r&atilde;i trong c&aacute;c ng&agrave;nh c&ocirc;ng nghi&#7879;p kh&aacute;c y&ecirc;u c&#7847;u qu&aacute; tr&igrave;nh l&agrave;m m&aacute;t hi&#7879;u qu&#7843; v&agrave; linh ho&#7841;t, nh&#432; ng&agrave;nh nh&#7921;a, d&acirc;y d&#7851;n &#273;i&#7879;n, v&agrave; nhi&#7873;u l&#297;nh v&#7921;c c&ocirc;ng nghi&#7879;p kh&aacute;c. Aqua Trough gi&uacute;p t&#7889;i &#432;u h&oacute;a qu&aacute; tr&igrave;nh s&#7843;n xu&#7845;t, gi&#7843;m thi&#7875;u th&#7901;i gian v&agrave; chi ph&iacute; v&#7853;n h&agrave;nh.<\/p><p>Nh&#7919;ng L&yacute; Do N&ecirc;n Mua M&aacute;ng N&#432;&#7899;c T&#7841;i Thi&#7871;t B&#7883; C&ocirc;ng Ngh&#7879; V&#7841;n N&#259;ng<\/p><p>C&ocirc;ng ty Thi&#7871;t B&#7883; C&ocirc;ng Ngh&#7879; V&#7841;n N&#259;ng l&agrave; &#273;&#7889;i t&aacute;c ch&iacute;nh th&#7913;c ph&acirc;n ph&#7889;i M&aacute;ng N&#432;&#7899;c h&agrave;ng &#273;&#7847;u t&#7841;i Vi&#7879;t Nam, cam k&#7871;t cung c&#7845;p s&#7843;n ph&#7849;m ch&iacute;nh h&atilde;ng v&#7899;i gi&aacute; c&#7843; c&#7841;nh tranh nh&#7845;t th&#7883; tr&#432;&#7901;ng. V&#7899;i uy t&iacute;n tr&ecirc;n th&#7883; tr&#432;&#7901;ng v&agrave; ch&#7871; &#273;&#7897; h&#7851;u m&atilde;i t&#7889;t, Thi&#7871;t B&#7883; C&ocirc;ng Ngh&#7879; V&#7841;n N&#259;ng &#273;&atilde; nh&#7853;n &#273;&#432;&#7907;c s&#7921; tin t&#432;&#7903;ng t&#7915; kh&aacute;ch h&agrave;ng nh&#7901; v&agrave;o ch&#7845;t l&#432;&#7907;ng h&agrave;ng &#273;&#7847;u c&#7911;a c&aacute;c d&ograve;ng s&#7843;n ph&#7849;m.<br>\nS&#7843;n ph&#7849;m c&#7911;a ch&uacute;ng t&ocirc;i &#273;&#432;&#7907;c ki&#7875;m &#273;&#7883;nh ch&#7845;t l&#432;&#7907;ng, nh&#7853;p kh&#7849;u tr&#7921;c ti&#7871;p t&#7915; nh&agrave; m&aacute;y b&ecirc;n Ch&acirc;u &Acirc;u, M&#7929;, &Uacute;c, Nh&#7853;t B&#7843;n,&hellip; v&agrave; &#273;&aacute;p &#7913;ng nhu c&#7847;u &#273;a d&#7841;ng c&#7911;a th&#7883; tr&#432;&#7901;ng nh&#432;: M&aacute;y &#272;o &#272;&#7897; C&#7913;ng, M&aacute;y SPECTROMAXx, M&aacute;y Ki&#7875;m Tra &#272;&#432;&#7901;ng Gh&eacute;p M&iacute; Lon,&hellip; Ch&uacute;ng t&ocirc;i cam k&#7871;t cung c&#7845;p s&#7843;n ph&#7849;m n&agrave;y tr&ecirc;n to&agrave;n qu&#7889;c v&#7899;i gi&aacute; c&#7843; c&#7841;nh tranh nh&#7845;t.<br>\nCh&uacute;ng t&ocirc;i c&oacute; &#273;&#7897;i ng&#361; chuy&ecirc;n vi&ecirc;n t&#432; v&#7845;n chuy&ecirc;n s&acirc;u s&#7869; h&#7895; tr&#7907; kh&aacute;ch h&agrave;ng v&#7873; chi ti&#7871;t s&#7843;n ph&#7849;m, h&#432;&#7899;ng d&#7851;n s&#7917; d&#7909;ng hay nh&#7919;ng th&#7913; li&ecirc;n quan &#273;&#7871;n v&#7845;n &#273;&#7873; m&agrave; doanh nghi&#7879;p b&#7841;n &#273;ang g&#7863;p ph&#7843;i. Ch&uacute;ng t&ocirc;i s&#7869; cung c&#7845;p nh&#7919;ng gi&#7843;i ph&aacute;p t&#7889;i &#432;u nh&#7845;t!<br>\nNgo&agrave;i ra Thi&#7871;t B&#7883; C&ocirc;ng Ngh&#7879; V&#7841;n N&#259;ng Ch&uacute;ng T&ocirc;i lu&ocirc;n h&#432;&#7899;ng &#273;&#7871;n tr&#7843;i nghi&#7879;m kh&aacute;ch h&agrave;ng, v&igrave; v&#7853;y ch&uacute;ng t&ocirc;i c&oacute; nh&#7919;ng ch&iacute;nh s&aacute;ch b&#7843;o h&agrave;nh, b&#7843;o tr&igrave; &ndash; b&#7843;o d&#432;&#7905;ng, hi&#7879;u chu&#7849;n v&#7899;i t&#7845;t c&#7843; c&aacute;c thi&#7871;t b&#7883;, m&aacute;y m&oacute;c m&agrave; ch&uacute;ng t&ocirc;i cung c&#7845;p. &#272;&#7843;m b&#7843;o mang &#273;&#7871;n cho Kh&aacute;ch h&agrave;ng s&#7921; y&ecirc;n t&acirc;m tuy&#7879;t &#273;&#7889;i v&#7873; d&#7883;ch v&#7909; khi mua h&agrave;ng.<\/p><p>T&#7893;ng K&#7871;t<br>\nV&#7899;i c&#7845;u t&#7841;o t&#7915; th&eacute;p kh&ocirc;ng g&#7881; 304, t&iacute;nh n&#259;ng &#273;i&#7873;u ch&#7881;nh chi&#7873;u cao linh ho&#7841;t v&agrave; kh&#7843; n&#259;ng bi&#7871;n &#273;&#7893;i theo t&#7915;ng &#7913;ng d&#7909;ng kh&aacute;c nhau, Anton Paar Aqua Trough l&agrave; s&#7921; &#273;&#7847;u t&#432; l&yacute; t&#432;&#7903;ng cho c&aacute;c doanh nghi&#7879;p s&#7843;n xu&#7845;t hi&#7879;n &#273;&#7841;i. H&atilde;y li&ecirc;n h&#7879; ngay v&#7899;i V&#7841;n N&#259;ng Company &#273;&#7875; &#273;&#432;&#7907;c t&#432; v&#7845;n chi ti&#7871;t v&agrave; nh&#7853;n ngay nh&#7919;ng &#432;u &#273;&atilde;i h&#7845;p d&#7851;n th&ocirc;ng qua hotline\/zalo: <a href=\"https:\/\/zalo.me\/0903991335\" target=\"_blank\" rel=\"noopener\" style=\"color: #059669; font-weight: bold; text-decoration: none;\">0903 991 335<\/a> !<\/p><div style=\"background-color: #f8fafc; border: 1px solid #e2e8f0; border-radius: 8px; padding: 25px; max-width: 800px; margin: 30px auto; color: #334155; line-height: 1.8; font-size: 17px; box-shadow: 0 4px 6px -1px rgba(0,0,0,0.05); text-align: left; clear: both;\">\nC&ocirc;ng ty TNHH Th&#432;&#417;ng M&#7841;i D&#7883;ch V&#7909; Thi&#7871;t B&#7883; C&ocirc;ng Ngh&#7879; V&#7841;n N&#259;ng\n<p style=\"margin: 0 0 10px 0;\">&#128205; <strong style=\"color: #1e293b;\">&#272;&#7883;a ch&#7881;:<\/strong> <a style=\"color: #059669; text-decoration: none; font-weight: bold;\" href=\"https:\/\/www.google.com\/maps\/search\/C%C3%B4ng+ty+TNHH+Th%C6%B0%C6%A1ng+M%E1%BA%A1i+D%E1%BB%8Bch+V%E1%BB%A5+Thi%E1%BA%BFt+B%E1%BB%8B+C%C3%B4ng+Ngh%E1%BB%87+V%E1%BA%A1n+N%C4%83ng+818+Tr%C6%B0%E1%BB%9Dng+Chinh\" target=\"_blank\" rel=\"noopener\">818 Tr&#432;&#7901;ng Chinh, Ph&#432;&#7901;ng T&acirc;n S&#417;n, Th&agrave;nh ph&#7889; H&#7891; Ch&iacute; Minh, Vi&#7879;t Nam<\/a><\/p>\n<p style=\"margin: 0 0 10px 0;\">&#128222; <strong style=\"color: #1e293b;\">S&#272;T &ndash; Zalo:<\/strong> <a style=\"color: #059669; text-decoration: none; font-weight: bold;\" href=\"https:\/\/zalo.me\/0903991335\" target=\"_blank\" rel=\"noopener\">0903 991 335<\/a> <span style=\"color: #64748b; font-style: italic;\">(Ms. H&#7841;nh &ndash; Gi&aacute;m &#272;&#7889;c Kinh Doanh)<\/span><\/p>\n<p style=\"margin: 0;\">&#9993;&#65039; <strong style=\"color: #1e293b;\">Email:<\/strong> <a style=\"color: #059669; text-decoration: none; font-weight: bold;\" href=\"mailto:hienhanh@vannangvn.com\">hienhanh@vannangvn.com<\/a><\/p>\n<\/div><\/h1>","protected":false},"excerpt":{"rendered":"<p><strong>Th&#432;&#417;ng hi&#7879;u:<\/strong> Trong l&#297;nh v&#7921;c s&#7843;n xu&#7845;t c&ocirc;ng nghi&#7879;p, vi&#7879;c s&#7917; d&#7909;ng thi&#7871;t b&#7883; l&agrave;m m&aacute;t ch&#7845;t l&#432;&#7907;ng cao v&agrave; linh ho&#7841;t l&agrave; y&#7871;u t&#7889; quan tr&#7885;ng, &#273;&#7863;c bi&#7879;t trong c&aacute;c &#7913;ng d&#7909;ng nh&#432; &eacute;p &#273;&ugrave;n v&agrave; t&#7841;o vi&ecirc;n. M&aacute;ng n&#432;&#7899;c Aqua Trough l&agrave; s&#7843;n ph&#7849;m &#273;&#432;&#7907;c thi&#7871;t k&#7871; &#273;&#7875; &#273;&aacute;p &#7913;ng y&ecirc;u c&#7847;u n&agrave;y m&#7897;t c&aacute;ch ho&agrave;n h&#7843;o.<br>\n<strong>Model:<\/strong> Aqua Trough<p>Product <strong>M&Aacute;NG N&#431;&#7898;C ANTON PAAR BRABENDER AQUA TROUGH<\/strong> ch&iacute;nh h&atilde;ng. Trong l&#297;nh v&#7921;c s&#7843;n xu&#7845;t c&ocirc;ng nghi&#7879;p, vi&#7879;c s&#7917; d&#7909;ng thi&#7871;t b&#7883; l&agrave;m m&aacute;t ch&#7845;t l&#432;&#7907;ng cao v&agrave; linh ho&#7841;t l&agrave; y&#7871;u t&#7889; quan tr&#7885;ng, &#273;&#7863;c bi&#7879;t trong c&aacute;c &#7913;ng d&#7909;ng nh&#432; &eacute;p &#273;&ugrave;n v&agrave; t&#7841;o vi&ecirc;n. M&aacute;ng n&#432;&#7899;c Aqua Trough l&agrave; s&#7843;n ph&#7849;m &#273;&#432;&#7907;c thi&#7871;t k&#7871; &#273;&#7875; &#273;&aacute;p &#7913;ng y&ecirc;u c&#7847;u n&agrave;y m&#7897;t c&aacute;ch ho&agrave;n h&#7843;o.<\/p><\/p>","protected":false},"featured_media":0,"comment_status":"open","ping_status":"closed","template":"","meta":[],"product_brand":[],"product_cat":[18],"product_tag":[464,465,1352,1353,1354,216,417],"class_list":{"0":"post-6435","1":"product","2":"type-product","3":"status-publish","5":"product_cat-chua-phan-loai","6":"product_tag-anton","7":"product_tag-paar","8":"product_tag-brabender","9":"product_tag-aqua","10":"product_tag-trough","11":"product_tag-mang","12":"product_tag-nuoc","14":"first","15":"instock","16":"shipping-taxable","17":"product-type-simple"},"yoast_head":"<!-- This site is optimized with the Yoast SEO Premium plugin v24.8 (Yoast SEO v24.8) - https:\/\/yoast.com\/wordpress\/plugins\/seo\/ -->\n<title>M\u00c1NG N\u01af\u1edaC ANTON PAAR BRABENDER AQUA... ch\u00ednh h\u00e3ng | V\u1ea1n N\u0103ng<\/title>\n<meta name=\"description\" content=\"Mua ngay M\u00c1NG N\u01af\u1edaC ANTON PAAR BRABENDER AQUA TROUGH ch\u00ednh h\u00e3ng. Gi\u00e1 t\u1ed1t!\" \/>\n<meta name=\"robots\" content=\"noindex, follow, max-snippet:-1, max-image-preview:large, max-video-preview:-1\" \/>\n<meta property=\"og:locale\" content=\"en_US\" \/>\n<meta property=\"og:type\" content=\"article\" \/>\n<meta property=\"og:title\" content=\"M\u00c1NG N\u01af\u1edaC ANTON PAAR BRABENDER AQUA TROUGH\" \/>\n<meta property=\"og:description\" content=\"Mua ngay M\u00c1NG N\u01af\u1edaC ANTON PAAR BRABENDER AQUA TROUGH ch\u00ednh h\u00e3ng. Gi\u00e1 t\u1ed1t!\" \/>\n<meta property=\"og:url\" content=\"https:\/\/vannangvn.123websitedev.com\/en\/product\/mang-nuoc-anton-paar-brabender-aqua-trough\/\" \/>\n<meta property=\"og:site_name\" content=\"Vannang.vn\" \/>\n<meta property=\"article:modified_time\" content=\"2026-03-30T11:20:06+00:00\" \/>\n<meta name=\"twitter:card\" content=\"summary_large_image\" \/>\n<meta name=\"twitter:label1\" content=\"Est. reading time\" \/>\n\t<meta name=\"twitter:data1\" content=\"10 minutes\" \/>\n<script type=\"application\/ld+json\" class=\"yoast-schema-graph\">{\"@context\":\"https:\/\/schema.org\",\"@graph\":[{\"@type\":\"WebPage\",\"@id\":\"https:\/\/vannangvn.123websitedev.com\/san-pham\/mang-nuoc-anton-paar-brabender-aqua-trough\/\",\"url\":\"https:\/\/vannangvn.123websitedev.com\/san-pham\/mang-nuoc-anton-paar-brabender-aqua-trough\/\",\"name\":\"M\u00c1NG N\u01af\u1edaC ANTON PAAR BRABENDER AQUA... ch\u00ednh h\u00e3ng | V\u1ea1n N\u0103ng\",\"isPartOf\":{\"@id\":\"https:\/\/vannangvn.123websitedev.com\/#website\"},\"datePublished\":\"2026-03-20T10:29:08+00:00\",\"dateModified\":\"2026-03-30T11:20:06+00:00\",\"description\":\"Mua ngay M\u00c1NG N\u01af\u1edaC ANTON PAAR BRABENDER AQUA TROUGH ch\u00ednh h\u00e3ng. Gi\u00e1 t\u1ed1t!\",\"breadcrumb\":{\"@id\":\"https:\/\/vannangvn.123websitedev.com\/san-pham\/mang-nuoc-anton-paar-brabender-aqua-trough\/#breadcrumb\"},\"inLanguage\":\"en-US\",\"potentialAction\":[{\"@type\":\"ReadAction\",\"target\":[\"https:\/\/vannangvn.123websitedev.com\/san-pham\/mang-nuoc-anton-paar-brabender-aqua-trough\/\"]}]},{\"@type\":\"BreadcrumbList\",\"@id\":\"https:\/\/vannangvn.123websitedev.com\/san-pham\/mang-nuoc-anton-paar-brabender-aqua-trough\/#breadcrumb\",\"itemListElement\":[{\"@type\":\"ListItem\",\"position\":1,\"name\":\"Trang ch\u1ee7\",\"item\":\"https:\/\/vannangvn.123websitedev.com\/\"},{\"@type\":\"ListItem\",\"position\":2,\"name\":\"S\u1ea3n ph\u1ea9m\",\"item\":\"https:\/\/vannangvn.123websitedev.com\/cua-hang\/\"},{\"@type\":\"ListItem\",\"position\":3,\"name\":\"M\u00c1NG N\u01af\u1edaC ANTON PAAR BRABENDER AQUA TROUGH\"}]},{\"@type\":\"WebSite\",\"@id\":\"https:\/\/vannangvn.123websitedev.com\/#website\",\"url\":\"https:\/\/vannangvn.123websitedev.com\/\",\"name\":\"Vannang.vn\",\"description\":\"\",\"publisher\":{\"@id\":\"https:\/\/vannangvn.123websitedev.com\/#organization\"},\"potentialAction\":[{\"@type\":\"SearchAction\",\"target\":{\"@type\":\"EntryPoint\",\"urlTemplate\":\"https:\/\/vannangvn.123websitedev.com\/?s={search_term_string}\"},\"query-input\":{\"@type\":\"PropertyValueSpecification\",\"valueRequired\":true,\"valueName\":\"search_term_string\"}}],\"inLanguage\":\"en-US\"},{\"@type\":\"Organization\",\"@id\":\"https:\/\/vannangvn.123websitedev.com\/#organization\",\"name\":\"Vannang.vn\",\"url\":\"https:\/\/vannangvn.123websitedev.com\/\",\"logo\":{\"@type\":\"ImageObject\",\"inLanguage\":\"en-US\",\"@id\":\"https:\/\/vannangvn.123websitedev.com\/#\/schema\/logo\/image\/\",\"url\":\"https:\/\/vannangvn.123websitedev.com\/wp-content\/uploads\/2026\/02\/logo-van-nang-02.png\",\"contentUrl\":\"https:\/\/vannangvn.123websitedev.com\/wp-content\/uploads\/2026\/02\/logo-van-nang-02.png\",\"width\":448,\"height\":111,\"caption\":\"Vannang.vn\"},\"image\":{\"@id\":\"https:\/\/vannangvn.123websitedev.com\/#\/schema\/logo\/image\/\"}}]}<\/script>\n<!-- \/ Yoast SEO Premium plugin. -->","yoast_head_json":{"title":"M\u00c1NG N\u01af\u1edaC ANTON PAAR BRABENDER AQUA... ch\u00ednh h\u00e3ng | V\u1ea1n N\u0103ng","description":"Mua ngay M\u00c1NG N\u01af\u1edaC ANTON PAAR BRABENDER AQUA TROUGH ch\u00ednh h\u00e3ng. Gi\u00e1 t\u1ed1t!","robots":{"index":"noindex","follow":"follow","max-snippet":"max-snippet:-1","max-image-preview":"max-image-preview:large","max-video-preview":"max-video-preview:-1"},"og_locale":"en_US","og_type":"article","og_title":"M\u00c1NG N\u01af\u1edaC ANTON PAAR BRABENDER AQUA TROUGH","og_description":"Mua ngay M\u00c1NG N\u01af\u1edaC ANTON PAAR BRABENDER AQUA TROUGH ch\u00ednh h\u00e3ng. Gi\u00e1 t\u1ed1t!","og_url":"https:\/\/vannangvn.123websitedev.com\/en\/product\/mang-nuoc-anton-paar-brabender-aqua-trough\/","og_site_name":"Vannang.vn","article_modified_time":"2026-03-30T11:20:06+00:00","twitter_card":"summary_large_image","twitter_misc":{"Est. reading time":"10 minutes"},"schema":{"@context":"https:\/\/schema.org","@graph":[{"@type":"WebPage","@id":"https:\/\/vannangvn.123websitedev.com\/san-pham\/mang-nuoc-anton-paar-brabender-aqua-trough\/","url":"https:\/\/vannangvn.123websitedev.com\/san-pham\/mang-nuoc-anton-paar-brabender-aqua-trough\/","name":"M\u00c1NG N\u01af\u1edaC ANTON PAAR BRABENDER AQUA... ch\u00ednh h\u00e3ng | V\u1ea1n N\u0103ng","isPartOf":{"@id":"https:\/\/vannangvn.123websitedev.com\/#website"},"datePublished":"2026-03-20T10:29:08+00:00","dateModified":"2026-03-30T11:20:06+00:00","description":"Mua ngay M\u00c1NG N\u01af\u1edaC ANTON PAAR BRABENDER AQUA TROUGH ch\u00ednh h\u00e3ng. Gi\u00e1 t\u1ed1t!","breadcrumb":{"@id":"https:\/\/vannangvn.123websitedev.com\/san-pham\/mang-nuoc-anton-paar-brabender-aqua-trough\/#breadcrumb"},"inLanguage":"en-US","potentialAction":[{"@type":"ReadAction","target":["https:\/\/vannangvn.123websitedev.com\/san-pham\/mang-nuoc-anton-paar-brabender-aqua-trough\/"]}]},{"@type":"BreadcrumbList","@id":"https:\/\/vannangvn.123websitedev.com\/san-pham\/mang-nuoc-anton-paar-brabender-aqua-trough\/#breadcrumb","itemListElement":[{"@type":"ListItem","position":1,"name":"Trang ch\u1ee7","item":"https:\/\/vannangvn.123websitedev.com\/"},{"@type":"ListItem","position":2,"name":"S\u1ea3n ph\u1ea9m","item":"https:\/\/vannangvn.123websitedev.com\/cua-hang\/"},{"@type":"ListItem","position":3,"name":"M\u00c1NG N\u01af\u1edaC ANTON PAAR BRABENDER AQUA TROUGH"}]},{"@type":"WebSite","@id":"https:\/\/vannangvn.123websitedev.com\/#website","url":"https:\/\/vannangvn.123websitedev.com\/","name":"Vannang.vn","description":"","publisher":{"@id":"https:\/\/vannangvn.123websitedev.com\/#organization"},"potentialAction":[{"@type":"SearchAction","target":{"@type":"EntryPoint","urlTemplate":"https:\/\/vannangvn.123websitedev.com\/?s={search_term_string}"},"query-input":{"@type":"PropertyValueSpecification","valueRequired":true,"valueName":"search_term_string"}}],"inLanguage":"en-US"},{"@type":"Organization","@id":"https:\/\/vannangvn.123websitedev.com\/#organization","name":"Vannang.vn","url":"https:\/\/vannangvn.123websitedev.com\/","logo":{"@type":"ImageObject","inLanguage":"en-US","@id":"https:\/\/vannangvn.123websitedev.com\/#\/schema\/logo\/image\/","url":"https:\/\/vannangvn.123websitedev.com\/wp-content\/uploads\/2026\/02\/logo-van-nang-02.png","contentUrl":"https:\/\/vannangvn.123websitedev.com\/wp-content\/uploads\/2026\/02\/logo-van-nang-02.png","width":448,"height":111,"caption":"Vannang.vn"},"image":{"@id":"https:\/\/vannangvn.123websitedev.com\/#\/schema\/logo\/image\/"}}]}},"_links":{"self":[{"href":"https:\/\/vannangvn.123websitedev.com\/en\/wp-json\/wp\/v2\/product\/6435","targetHints":{"allow":["GET"]}}],"collection":[{"href":"https:\/\/vannangvn.123websitedev.com\/en\/wp-json\/wp\/v2\/product"}],"about":[{"href":"https:\/\/vannangvn.123websitedev.com\/en\/wp-json\/wp\/v2\/types\/product"}],"replies":[{"embeddable":true,"href":"https:\/\/vannangvn.123websitedev.com\/en\/wp-json\/wp\/v2\/comments?post=6435"}],"wp:attachment":[{"href":"https:\/\/vannangvn.123websitedev.com\/en\/wp-json\/wp\/v2\/media?parent=6435"}],"wp:term":[{"taxonomy":"product_brand","embeddable":true,"href":"https:\/\/vannangvn.123websitedev.com\/en\/wp-json\/wp\/v2\/product_brand?post=6435"},{"taxonomy":"product_cat","embeddable":true,"href":"https:\/\/vannangvn.123websitedev.com\/en\/wp-json\/wp\/v2\/product_cat?post=6435"},{"taxonomy":"product_tag","embeddable":true,"href":"https:\/\/vannangvn.123websitedev.com\/en\/wp-json\/wp\/v2\/product_tag?post=6435"}],"curies":[{"name":"wp","href":"https:\/\/api.w.org\/{rel}","templated":true}]}}