{"id":6445,"date":"2026-03-20T17:29:26","date_gmt":"2026-03-20T10:29:26","guid":{"rendered":"https:\/\/vannangvn.123websitedev.com\/san-pham\/may-can-mang-phong-thi-nghiem-de-ban-cheminstruments-model-ll-100\/"},"modified":"2026-03-30T18:20:19","modified_gmt":"2026-03-30T11:20:19","slug":"may-can-mang-phong-thi-nghiem-de-ban-cheminstruments-model-ll-100","status":"publish","type":"product","link":"https:\/\/vannangvn.123websitedev.com\/en\/product\/may-can-mang-phong-thi-nghiem-de-ban-cheminstruments-model-ll-100\/","title":{"rendered":"M\u00c1Y C\u00c1N M\u00c0NG PH\u00d2NG TH\u00cd NGHI\u1ec6M \u0110\u1ec2 B\u00c0N CHEMINSTRUMENTS MODEL LL-100"},"content":{"rendered":"<h1 style=\"color: red; font-weight: bold; font-size: 24px;\">T&#7893;ng quan s&#7843;n ph&#7849;m M&Aacute;Y C&Aacute;N M&Agrave;NG PH&Ograve;NG TH&Iacute; NGHI&#7878;M &#272;&#7874; B&Agrave;N CHEMINSTRUMENTS MODEL LL-100<p>M&aacute;y C&aacute;n M&agrave;ng Ph&ograve;ng Th&iacute; Nghi&#7879;m &#272;&#7875; B&agrave;n (Benchtop Laboratory Laminator) Cheminstruments Model LL-100<br>\nM&aacute;y C&aacute;n M&agrave;ng Ph&ograve;ng Th&iacute; Nghi&#7879;m &#272;&#7875; B&agrave;n LL-100 l&agrave; m&aacute;y c&aacute;n m&agrave;ng &#273;&#7867; b&agrave;n thi&#7871;t k&#7871; nh&#7887; g&#7885;n, v&#7853;n h&agrave;nh &#273;&#417;n gi&#7843;n nh&#432;ng c&oacute; &#273;&#7897; b&#7873;n cao, &#273;&aacute;p &#7913;ng t&#7889;t c&#7843; nhu c&#7847;u ph&ograve;ng th&iacute; nghi&#7879;m l&#7851;n m&ocirc;i tr&#432;&#7901;ng s&#7843;n xu&#7845;t. Thi&#7871;t b&#7883; cho kh&#7843; n&#259;ng t&aacute;i t&#7841;o m&#7851;u c&aacute;n &#7893;n &#273;&#7883;nh qua t&#7915;ng ng&agrave;y, gi&uacute;p c&aacute;c m&#7851;u s&#7861;n s&agrave;ng cho ki&#7875;m tra, th&#7917; nghi&#7879;m v&agrave; &#273;&aacute;nh gi&aacute; ch&#7845;t l&#432;&#7907;ng.<br>\nV&#7899;i d&#7843;i t&#7889;c &#273;&#7897; r&#7897;ng, ki&#7875;m so&aacute;t &aacute;p l&#7921;c ch&iacute;nh x&aacute;c v&agrave; kh&#7843; n&#259;ng l&agrave;m vi&#7879;c v&#7899;i nhi&#7873;u lo&#7841;i v&#7853;t li&#7879;u, Cheminstruments Model LL-100 l&agrave; l&#7921;a ch&#7885;n thi&#7871;t y&#7871;u cho ph&ograve;ng R&amp;D v&agrave; QC.  H&atilde;y c&ugrave;ng V&#7841;n N&#259;ng t&igrave;m hi&#7875;u chi ti&#7871;t h&#417;n v&#7873; s&#7843;n ph&#7849;m th&ocirc;ng qua b&agrave;i vi&#7871;t d&#432;&#7899;i &#273;&acirc;y!<\/p><h2 style=\"color: #2e7d32; font-weight: bold; font-size: 20px;\">&#272;&#7863;c &#272;i&#7875;m N&#7893;i B&#7853;t C&#7911;a Cheminstruments LL-100<\/h2><p>K&#7871;t c&#7845;u ch&#7855;c ch&#7855;n, b&#7873;n b&#7881;: M&aacute;y c&aacute;n m&agrave;ng &#273;&#7875; b&agrave;n Cheminstruments LL-100  s&#7903; h&#7919;u khung m&aacute;y c&#7913;ng c&aacute;p, thi&#7871;t k&#7871; c&ocirc;ng nghi&#7879;p, ch&#7883;u &#273;&#432;&#7907;c c&#432;&#7901;ng &#273;&#7897; v&#7853;n h&agrave;nh li&ecirc;n t&#7909;c trong m&ocirc;i tr&#432;&#7901;ng R&amp;D, QC v&agrave; khu v&#7921;c s&#7843;n xu&#7845;t th&#7917;.<\/p><p>Kh&#7893; c&aacute;n r&#7897;ng, chi&#7873;u d&agrave;i linh ho&#7841;t: C&aacute;n m&#7851;u kh&ocirc;ng gi&#7899;i h&#7841;n chi&#7873;u d&agrave;i, b&#7873; r&#7897;ng l&ecirc;n &#273;&#7871;n 23 inch (58 cm), ph&ugrave; h&#7907;p nhi&#7873;u &#7913;ng d&#7909;ng th&#7917; nghi&#7879;m.<br>\nH&#7879; tr&#7909;c c&aacute;n ch&#7845;t l&#432;&#7907;ng cao: Tr&#7909;c tr&ecirc;n v&agrave; d&#432;&#7899;i &#273;&#432;&#7901;ng k&iacute;nh 2 inch (5 cm), l&otilde;i th&eacute;p, ph&#7911; cao su silicone 80 durometer gi&uacute;p ph&acirc;n b&#7889; &aacute;p l&#7921;c &#273;&#7891;ng &#273;&#7873;u, b&#7873; m&#7863;t c&aacute;n &#7893;n &#273;&#7883;nh.<br>\nKi&#7875;m so&aacute;t &aacute;p l&#7921;c ch&iacute;nh x&aacute;c b&#7857;ng kh&iacute; n&eacute;n: D&#7843;i &aacute;p su&#7845;t 40&ndash;100 PSI, d&#7877; &#273;i&#7873;u ch&#7881;nh theo t&#7915;ng lo&#7841;i v&#7853;t li&#7879;u; h&#7895; tr&#7907; &#432;&#7899;c t&iacute;nh l&#7921;c c&aacute;n theo c&ocirc;ng th&#7913;c ti&ecirc;u chu&#7849;n.<\/p><p>&#272;&#7897;ng c&#417; bi&#7871;n t&#7847;n, t&#7889;c &#273;&#7897; linh ho&#7841;t: Cheminstruments LL-100 &#273;&#432;&#7907;c trang b&#7883; &#273;&#7897;ng c&#417; bi&#7871;n t&#7889;c cho d&#7843;i t&#7889;c &#273;&#7897; t&#7915; 6&ndash;150 inch\/ph&uacute;t (ho&#7863;c 15&ndash;375 cm\/ph&uacute;t), &#273;i&#7873;u ch&#7881;nh theo t&#7915;ng b&#432;&#7899;c nh&#7887;, gi&uacute;p t&#7889;i &#432;u ch&#7845;t l&#432;&#7907;ng m&#7851;u c&aacute;n trong c&aacute;c th&#7917; nghi&#7879;m kh&aacute;c nhau.<\/p><p>&#272;i&#7873;u khi&#7875;n s&#7889; ti&#7879;n l&#7907;i: M&agrave;n h&igrave;nh s&#7889; cho ph&eacute;p c&agrave;i &#273;&#7863;t t&#7889;c &#273;&#7897;, &#273;&#417;n v&#7883; &#273;o, ch&#7871; &#273;&#7897; ch&#7841;y li&ecirc;n t&#7909;c ho&#7863;c jog; &#273;o &#273;&#432;&#7907;c chi&#7873;u d&agrave;i c&aacute;n.<br>\nV&#7853;n h&agrave;nh an to&agrave;n: Trang b&#7883; che ch&#7855;n c&#7847;n thi&#7871;t v&agrave; n&uacute;t d&#7915;ng kh&#7849;n c&#7845;p; van ti&#7871;t l&#432;u gi&uacute;p &#273;&oacute;ng\/m&#7903; tr&#7909;c &ecirc;m &aacute;i.<br>\nNgu&#7891;n &#273;i&#7879;n linh ho&#7841;t: &#272;i&#7879;n &aacute;p v&agrave;o r&#7897;ng 85&ndash;265 VAC (50\/60 Hz), d&#7877; d&agrave;ng s&#7917; d&#7909;ng &#7903; nhi&#7873;u khu v&#7921;c.<\/p><p>&#7912;ng D&#7909;ng Th&#7921;c T&#7871;<\/p><p>Ph&ograve;ng R&amp;D v&agrave; QC: T&#7841;o m&#7851;u c&aacute;n &#7893;n &#273;&#7883;nh &#273;&#7875; ki&#7875;m tra &#273;&#7897; b&aacute;m d&iacute;nh, &#273;&#7897; b&#7873;n l&#7899;p ph&#7911;, th&#7917; nghi&#7879;m v&#7853;t li&#7879;u m&#7899;i tr&#432;&#7899;c khi s&#7843;n xu&#7845;t h&agrave;ng lo&#7841;t.<br>\nNg&agrave;nh in &#7845;n &ndash; bao b&igrave;: C&aacute;n gi&#7845;y, film, foil v&agrave; v&#7853;t li&#7879;u gh&eacute;p l&#7899;p &#273;&#7875; &#273;&aacute;nh gi&aacute; ch&#7845;t l&#432;&#7907;ng in, l&#7899;p keo v&agrave; c&#7845;u tr&uacute;c laminate.<\/p><p>V&#7853;t li&#7879;u k&#7929; thu&#7853;t &amp; &#273;i&#7879;n t&#7917;: Thi&#7871;t b&#7883; c&aacute;n m&agrave;ng Cheminstruments LL-100 ph&ugrave; h&#7907;p &#273;&#7875; chu&#7849;n b&#7883; m&#7851;u film k&#7929; thu&#7853;t, l&aacute; kim lo&#7841;i m&#7887;ng v&agrave; v&#7853;t li&#7879;u c&aacute;ch &#273;i&#7879;n cho c&aacute;c ph&eacute;p th&#7917; c&#417; l&yacute;, &#273;&#7897; b&#7873;n v&agrave; &#273;&#7897; tin c&#7853;y.<\/p><p>Th&#7917; nghi&#7879;m v&agrave; t&#7889;i &#432;u quy tr&igrave;nh s&#7843;n xu&#7845;t: V&#7899;i kh&#7843; n&#259;ng ki&#7875;m so&aacute;t ch&iacute;nh x&aacute;c &aacute;p l&#7921;c v&agrave; t&#7889;c &#273;&#7897;, Model LL-100 gi&uacute;p m&ocirc; ph&#7887;ng &#273;i&#7873;u ki&#7879;n c&aacute;n th&#7921;c t&#7871; trong s&#7843;n xu&#7845;t, t&#7915; &#273;&oacute; t&#7889;i &#432;u th&ocirc;ng s&#7889; tr&#432;&#7899;c khi tri&#7875;n khai tr&ecirc;n d&acirc;y chuy&#7873;n quy m&ocirc; l&#7899;n.<\/p><p>Nh&#7919;ng L&yacute; Do N&ecirc;n Mua M&aacute;y C&aacute;n M&agrave;ng T&#7841;i Thi&#7871;t B&#7883; C&ocirc;ng Ngh&#7879; V&#7841;n N&#259;ng<\/p><p>C&ocirc;ng ty Thi&#7871;t B&#7883; C&ocirc;ng Ngh&#7879; V&#7841;n N&#259;ng l&agrave; &#273;&#7889;i t&aacute;c ch&iacute;nh th&#7913;c ph&acirc;n ph&#7889;i M&aacute;y c&aacute;n m&agrave;ng h&agrave;ng &#273;&#7847;u t&#7841;i Vi&#7879;t Nam, cam k&#7871;t cung c&#7845;p s&#7843;n ph&#7849;m ch&iacute;nh h&atilde;ng v&#7899;i gi&aacute; c&#7843; c&#7841;nh tranh nh&#7845;t th&#7883; tr&#432;&#7901;ng. V&#7899;i uy t&iacute;n tr&ecirc;n th&#7883; tr&#432;&#7901;ng v&agrave; ch&#7871; &#273;&#7897; h&#7851;u m&atilde;i t&#7889;t, Thi&#7871;t B&#7883; C&ocirc;ng Ngh&#7879; V&#7841;n N&#259;ng &#273;&atilde; nh&#7853;n&#273;&#432;&#7907;c s&#7921; tin t&#432;&#7903;ng t&#7915; kh&aacute;ch h&agrave;ng nh&#7901; v&agrave;o ch&#7845;t l&#432;&#7907;ng h&agrave;ng &#273;&#7847;u c&#7911;a c&aacute;c d&ograve;ng s&#7843;n ph&#7849;m.<br>\nS&#7843;n ph&#7849;m c&#7911;a ch&uacute;ng t&ocirc;i &#273;&#432;&#7907;c ki&#7875;m &#273;&#7883;nh ch&#7845;t l&#432;&#7907;ng, nh&#7853;p kh&#7849;u tr&#7921;c ti&#7871;p t&#7915; nh&agrave; m&aacute;y b&ecirc;n Ch&acirc;u &Acirc;u, M&#7929;, &Uacute;c, Nh&#7853;t B&#7843;n,&hellip; v&agrave; &#273;&aacute;p &#7913;ng nhu c&#7847;u &#273;a d&#7841;ng c&#7911;a th&#7883; tr&#432;&#7901;ng nh&#432;: M&aacute;y &#272;o &#272;&#7897; C&#7913;ng, M&aacute;y SPECTROMAXx, M&aacute;y Ki&#7875;m Tra &#272;&#432;&#7901;ng Gh&eacute;p M&iacute; Lon,&hellip; Ch&uacute;ng t&ocirc;i cam k&#7871;t cung c&#7845;p s&#7843;n ph&#7849;m n&agrave;y tr&ecirc;n to&agrave;n qu&#7889;c v&#7899;i gi&aacute; c&#7843; c&#7841;nh tranh nh&#7845;t.<br>\nCh&uacute;ng t&ocirc;i c&oacute; &#273;&#7897;i ng&#361; chuy&ecirc;n vi&ecirc;n t&#432; v&#7845;n chuy&ecirc;n s&acirc;u s&#7869; h&#7895; tr&#7907; kh&aacute;ch h&agrave;ng v&#7873; chi ti&#7871;t s&#7843;n ph&#7849;m, h&#432;&#7899;ng d&#7851;n s&#7917; d&#7909;ng hay nh&#7919;ng th&#7913; li&ecirc;n quan &#273;&#7871;n v&#7845;n &#273;&#7873; m&agrave; doanh nghi&#7879;p b&#7841;n &#273;ang g&#7863;p ph&#7843;i. Ch&uacute;ng t&ocirc;i s&#7869; cung c&#7845;p nh&#7919;ng gi&#7843;i ph&aacute;p t&#7889;i &#432;u nh&#7845;t!<br>\nNgo&agrave;i ra Thi&#7871;t B&#7883; C&ocirc;ng Ngh&#7879; V&#7841;n N&#259;ng Ch&uacute;ng T&ocirc;i lu&ocirc;n h&#432;&#7899;ng &#273;&#7871;n tr&#7843;i nghi&#7879;m kh&aacute;ch h&agrave;ng, v&igrave; v&#7853;y ch&uacute;ng t&ocirc;i c&oacute; nh&#7919;ng ch&iacute;nh s&aacute;ch b&#7843;o h&agrave;nh, b&#7843;o tr&igrave; &ndash; b&#7843;o d&#432;&#7905;ng, hi&#7879;u chu&#7849;n v&#7899;i t&#7845;t c&#7843; c&aacute;c thi&#7871;t b&#7883;, m&aacute;y m&oacute;c m&agrave; ch&uacute;ng t&ocirc;i cung c&#7845;p. &#272;&#7843;m b&#7843;o mang &#273;&#7871;n cho Kh&aacute;ch h&agrave;ng s&#7921; y&ecirc;n t&acirc;m tuy&#7879;t &#273;&#7889;i v&#7873; d&#7883;ch v&#7909; khi mua h&agrave;ng.<\/p><p>H&atilde;y li&ecirc;n h&#7879; v&#7899;i V&#7841;n N&#259;ng Company &#273;&#7875; &#273;&#432;&#7907;c t&#432; v&#7845;n chi ti&#7871;t v&agrave; nh&#7853;n ngay &#432;u &#273;&atilde;i h&#7845;p d&#7851;n th&ocirc;ng qua hotline\/zalo: <a href=\"https:\/\/zalo.me\/0903991335\" target=\"_blank\" rel=\"noopener\" style=\"color: #059669; font-weight: bold; text-decoration: none;\">0903 991 335<\/a>!<\/p><div style=\"background-color: #f8fafc; border: 1px solid #e2e8f0; border-radius: 8px; padding: 25px; max-width: 800px; margin: 30px auto; color: #334155; line-height: 1.8; font-size: 17px; box-shadow: 0 4px 6px -1px rgba(0,0,0,0.05); text-align: left; clear: both;\">\nC&ocirc;ng ty TNHH Th&#432;&#417;ng M&#7841;i D&#7883;ch V&#7909; Thi&#7871;t B&#7883; C&ocirc;ng Ngh&#7879; V&#7841;n N&#259;ng\n<p style=\"margin: 0 0 10px 0;\">&#128205; <strong style=\"color: #1e293b;\">&#272;&#7883;a ch&#7881;:<\/strong> <a style=\"color: #059669; text-decoration: none; font-weight: bold;\" href=\"https:\/\/www.google.com\/maps\/search\/C%C3%B4ng+ty+TNHH+Th%C6%B0%C6%A1ng+M%E1%BA%A1i+D%E1%BB%8Bch+V%E1%BB%A5+Thi%E1%BA%BFt+B%E1%BB%8B+C%C3%B4ng+Ngh%E1%BB%87+V%E1%BA%A1n+N%C4%83ng+818+Tr%C6%B0%E1%BB%9Dng+Chinh\" target=\"_blank\" rel=\"noopener\">818 Tr&#432;&#7901;ng Chinh, Ph&#432;&#7901;ng T&acirc;n S&#417;n, Th&agrave;nh ph&#7889; H&#7891; Ch&iacute; Minh, Vi&#7879;t Nam<\/a><\/p>\n<p style=\"margin: 0 0 10px 0;\">&#128222; <strong style=\"color: #1e293b;\">S&#272;T &ndash; Zalo:<\/strong> <a style=\"color: #059669; text-decoration: none; font-weight: bold;\" href=\"https:\/\/zalo.me\/0903991335\" target=\"_blank\" rel=\"noopener\">0903 991 335<\/a> <span style=\"color: #64748b; font-style: italic;\">(Ms. H&#7841;nh &ndash; Gi&aacute;m &#272;&#7889;c Kinh Doanh)<\/span><\/p>\n<p style=\"margin: 0;\">&#9993;&#65039; <strong style=\"color: #1e293b;\">Email:<\/strong> <a style=\"color: #059669; text-decoration: none; font-weight: bold;\" href=\"mailto:hienhanh@vannangvn.com\">hienhanh@vannangvn.com<\/a><\/p>\n<\/div><\/h1>","protected":false},"excerpt":{"rendered":"<p><strong>Th&#432;&#417;ng hi&#7879;u:<\/strong> Cheminstruments<br>\n<strong>Model:<\/strong> LL-100<p>Product <strong>M&Aacute;Y C&Aacute;N M&Agrave;NG PH&Ograve;NG TH&Iacute; NGHI&#7878;M &#272;&#7874; B&Agrave;N CHEMINSTRUMENTS MODEL LL-100<\/strong> ch&iacute;nh h&atilde;ng. Cheminstruments (USA)<br>\nM&aacute;y C&aacute;n M&agrave;ng Ph&ograve;ng Th&iacute; Nghi&#7879;m &#272;&#7875; B&agrave;n Cheminstruments Model LL-100 nh&#7887; g&#7885;n, b&#7873;n b&#7881;, ki&#7875;m so&aacute;t &aacute;p l&#7921;c ch&iacute;nh x&aacute;c, ph&ugrave; h&#7907;p QC &amp; R&amp;D. C&aacute;n gi&#7845;y, film, foil &#7893;n &#273;&#7883;nh, chu&#7849;n th&#7917; nghi&#7879;m.<\/p><\/p>","protected":false},"featured_media":8465,"comment_status":"open","ping_status":"closed","template":"","meta":[],"product_brand":[],"product_cat":[18],"product_tag":[1366,1367,109,116,118,179,216,256,316,527,884],"class_list":{"0":"post-6445","1":"product","2":"type-product","3":"status-publish","4":"has-post-thumbnail","6":"product_cat-chua-phan-loai","7":"product_tag-thi","8":"product_tag-ll-100","9":"product_tag-may","10":"product_tag-model","11":"product_tag-ban","12":"product_tag-cheminstruments","13":"product_tag-mang","14":"product_tag-de","15":"product_tag-can","16":"product_tag-nghiem","17":"product_tag-phong","19":"first","20":"instock","21":"shipping-taxable","22":"product-type-simple"},"yoast_head":"<!-- This site is optimized with the Yoast SEO Premium plugin v24.8 (Yoast SEO v24.8) - https:\/\/yoast.com\/wordpress\/plugins\/seo\/ -->\n<title>M\u00c1Y C\u00c1N M\u00c0NG PH\u00d2NG TH\u00cd NGHI\u1ec6M \u0110\u1ec2 B\u00c0... ch\u00ednh h\u00e3ng | V\u1ea1n N\u0103ng<\/title>\n<meta name=\"description\" content=\"Mua ngay M\u00c1Y C\u00c1N M\u00c0NG PH\u00d2NG TH\u00cd NGHI\u1ec6M \u0110\u1ec2 B\u00c0N CHEMINSTRUMENTS MODEL LL-100 ch\u00ednh h\u00e3ng. M\u00e1y C\u00e1n M\u00e0ng Ph\u00f2ng Th\u00ed Nghi\u1ec7m \u0110\u1ec3 B\u00e0n Chemin... Gi\u00e1 t\u1ed1t!\" \/>\n<meta name=\"robots\" content=\"noindex, follow, max-snippet:-1, max-image-preview:large, max-video-preview:-1\" \/>\n<meta property=\"og:locale\" content=\"en_US\" \/>\n<meta property=\"og:type\" content=\"article\" \/>\n<meta property=\"og:title\" content=\"M\u00c1Y C\u00c1N M\u00c0NG PH\u00d2NG TH\u00cd NGHI\u1ec6M \u0110\u1ec2 B\u00c0N CHEMINSTRUMENTS MODEL LL-100\" \/>\n<meta property=\"og:description\" content=\"Mua ngay M\u00c1Y C\u00c1N M\u00c0NG PH\u00d2NG TH\u00cd NGHI\u1ec6M \u0110\u1ec2 B\u00c0N CHEMINSTRUMENTS MODEL LL-100 ch\u00ednh h\u00e3ng. M\u00e1y C\u00e1n M\u00e0ng Ph\u00f2ng Th\u00ed Nghi\u1ec7m \u0110\u1ec3 B\u00e0n Chemin... Gi\u00e1 t\u1ed1t!\" \/>\n<meta property=\"og:url\" content=\"https:\/\/vannangvn.123websitedev.com\/en\/product\/may-can-mang-phong-thi-nghiem-de-ban-cheminstruments-model-ll-100\/\" \/>\n<meta property=\"og:site_name\" content=\"Vannang.vn\" \/>\n<meta property=\"article:modified_time\" content=\"2026-03-30T11:20:19+00:00\" \/>\n<meta property=\"og:image\" content=\"http:\/\/vannangvn.123websitedev.com\/wp-content\/uploads\/2026\/03\/LL-100-2-768x576-copy.jpg\" \/>\n\t<meta property=\"og:image:width\" content=\"768\" \/>\n\t<meta property=\"og:image:height\" content=\"576\" \/>\n\t<meta property=\"og:image:type\" content=\"image\/jpeg\" \/>\n<meta name=\"twitter:card\" content=\"summary_large_image\" \/>\n<meta name=\"twitter:label1\" content=\"Est. reading time\" \/>\n\t<meta name=\"twitter:data1\" content=\"7 minutes\" \/>\n<script type=\"application\/ld+json\" class=\"yoast-schema-graph\">{\"@context\":\"https:\/\/schema.org\",\"@graph\":[{\"@type\":\"WebPage\",\"@id\":\"https:\/\/vannangvn.123websitedev.com\/san-pham\/may-can-mang-phong-thi-nghiem-de-ban-cheminstruments-model-ll-100\/\",\"url\":\"https:\/\/vannangvn.123websitedev.com\/san-pham\/may-can-mang-phong-thi-nghiem-de-ban-cheminstruments-model-ll-100\/\",\"name\":\"M\u00c1Y C\u00c1N M\u00c0NG PH\u00d2NG TH\u00cd NGHI\u1ec6M \u0110\u1ec2 B\u00c0... ch\u00ednh h\u00e3ng | V\u1ea1n N\u0103ng\",\"isPartOf\":{\"@id\":\"https:\/\/vannangvn.123websitedev.com\/#website\"},\"primaryImageOfPage\":{\"@id\":\"https:\/\/vannangvn.123websitedev.com\/san-pham\/may-can-mang-phong-thi-nghiem-de-ban-cheminstruments-model-ll-100\/#primaryimage\"},\"image\":{\"@id\":\"https:\/\/vannangvn.123websitedev.com\/san-pham\/may-can-mang-phong-thi-nghiem-de-ban-cheminstruments-model-ll-100\/#primaryimage\"},\"thumbnailUrl\":\"https:\/\/vannangvn.123websitedev.com\/wp-content\/uploads\/2026\/03\/LL-100-2-768x576-copy.jpg\",\"datePublished\":\"2026-03-20T10:29:26+00:00\",\"dateModified\":\"2026-03-30T11:20:19+00:00\",\"description\":\"Mua ngay M\u00c1Y C\u00c1N M\u00c0NG PH\u00d2NG TH\u00cd NGHI\u1ec6M \u0110\u1ec2 B\u00c0N CHEMINSTRUMENTS MODEL LL-100 ch\u00ednh h\u00e3ng. M\u00e1y C\u00e1n M\u00e0ng Ph\u00f2ng Th\u00ed Nghi\u1ec7m \u0110\u1ec3 B\u00e0n Chemin... Gi\u00e1 t\u1ed1t!\",\"breadcrumb\":{\"@id\":\"https:\/\/vannangvn.123websitedev.com\/san-pham\/may-can-mang-phong-thi-nghiem-de-ban-cheminstruments-model-ll-100\/#breadcrumb\"},\"inLanguage\":\"en-US\",\"potentialAction\":[{\"@type\":\"ReadAction\",\"target\":[\"https:\/\/vannangvn.123websitedev.com\/san-pham\/may-can-mang-phong-thi-nghiem-de-ban-cheminstruments-model-ll-100\/\"]}]},{\"@type\":\"ImageObject\",\"inLanguage\":\"en-US\",\"@id\":\"https:\/\/vannangvn.123websitedev.com\/san-pham\/may-can-mang-phong-thi-nghiem-de-ban-cheminstruments-model-ll-100\/#primaryimage\",\"url\":\"https:\/\/vannangvn.123websitedev.com\/wp-content\/uploads\/2026\/03\/LL-100-2-768x576-copy.jpg\",\"contentUrl\":\"https:\/\/vannangvn.123websitedev.com\/wp-content\/uploads\/2026\/03\/LL-100-2-768x576-copy.jpg\",\"width\":768,\"height\":576},{\"@type\":\"BreadcrumbList\",\"@id\":\"https:\/\/vannangvn.123websitedev.com\/san-pham\/may-can-mang-phong-thi-nghiem-de-ban-cheminstruments-model-ll-100\/#breadcrumb\",\"itemListElement\":[{\"@type\":\"ListItem\",\"position\":1,\"name\":\"Trang ch\u1ee7\",\"item\":\"https:\/\/vannangvn.123websitedev.com\/\"},{\"@type\":\"ListItem\",\"position\":2,\"name\":\"S\u1ea3n ph\u1ea9m\",\"item\":\"https:\/\/vannangvn.123websitedev.com\/cua-hang\/\"},{\"@type\":\"ListItem\",\"position\":3,\"name\":\"M\u00c1Y C\u00c1N M\u00c0NG PH\u00d2NG TH\u00cd NGHI\u1ec6M \u0110\u1ec2 B\u00c0N CHEMINSTRUMENTS MODEL LL-100\"}]},{\"@type\":\"WebSite\",\"@id\":\"https:\/\/vannangvn.123websitedev.com\/#website\",\"url\":\"https:\/\/vannangvn.123websitedev.com\/\",\"name\":\"Vannang.vn\",\"description\":\"\",\"publisher\":{\"@id\":\"https:\/\/vannangvn.123websitedev.com\/#organization\"},\"potentialAction\":[{\"@type\":\"SearchAction\",\"target\":{\"@type\":\"EntryPoint\",\"urlTemplate\":\"https:\/\/vannangvn.123websitedev.com\/?s={search_term_string}\"},\"query-input\":{\"@type\":\"PropertyValueSpecification\",\"valueRequired\":true,\"valueName\":\"search_term_string\"}}],\"inLanguage\":\"en-US\"},{\"@type\":\"Organization\",\"@id\":\"https:\/\/vannangvn.123websitedev.com\/#organization\",\"name\":\"Vannang.vn\",\"url\":\"https:\/\/vannangvn.123websitedev.com\/\",\"logo\":{\"@type\":\"ImageObject\",\"inLanguage\":\"en-US\",\"@id\":\"https:\/\/vannangvn.123websitedev.com\/#\/schema\/logo\/image\/\",\"url\":\"https:\/\/vannangvn.123websitedev.com\/wp-content\/uploads\/2026\/02\/logo-van-nang-02.png\",\"contentUrl\":\"https:\/\/vannangvn.123websitedev.com\/wp-content\/uploads\/2026\/02\/logo-van-nang-02.png\",\"width\":448,\"height\":111,\"caption\":\"Vannang.vn\"},\"image\":{\"@id\":\"https:\/\/vannangvn.123websitedev.com\/#\/schema\/logo\/image\/\"}}]}<\/script>\n<!-- \/ Yoast SEO Premium plugin. -->","yoast_head_json":{"title":"M\u00c1Y C\u00c1N M\u00c0NG PH\u00d2NG TH\u00cd NGHI\u1ec6M \u0110\u1ec2 B\u00c0... ch\u00ednh h\u00e3ng | V\u1ea1n N\u0103ng","description":"Mua ngay M\u00c1Y C\u00c1N M\u00c0NG PH\u00d2NG TH\u00cd NGHI\u1ec6M \u0110\u1ec2 B\u00c0N CHEMINSTRUMENTS MODEL LL-100 ch\u00ednh h\u00e3ng. M\u00e1y C\u00e1n M\u00e0ng Ph\u00f2ng Th\u00ed Nghi\u1ec7m \u0110\u1ec3 B\u00e0n Chemin... Gi\u00e1 t\u1ed1t!","robots":{"index":"noindex","follow":"follow","max-snippet":"max-snippet:-1","max-image-preview":"max-image-preview:large","max-video-preview":"max-video-preview:-1"},"og_locale":"en_US","og_type":"article","og_title":"M\u00c1Y C\u00c1N M\u00c0NG PH\u00d2NG TH\u00cd NGHI\u1ec6M \u0110\u1ec2 B\u00c0N CHEMINSTRUMENTS MODEL LL-100","og_description":"Mua ngay M\u00c1Y C\u00c1N M\u00c0NG PH\u00d2NG TH\u00cd NGHI\u1ec6M \u0110\u1ec2 B\u00c0N CHEMINSTRUMENTS MODEL LL-100 ch\u00ednh h\u00e3ng. M\u00e1y C\u00e1n M\u00e0ng Ph\u00f2ng Th\u00ed Nghi\u1ec7m \u0110\u1ec3 B\u00e0n Chemin... Gi\u00e1 t\u1ed1t!","og_url":"https:\/\/vannangvn.123websitedev.com\/en\/product\/may-can-mang-phong-thi-nghiem-de-ban-cheminstruments-model-ll-100\/","og_site_name":"Vannang.vn","article_modified_time":"2026-03-30T11:20:19+00:00","og_image":[{"width":768,"height":576,"url":"http:\/\/vannangvn.123websitedev.com\/wp-content\/uploads\/2026\/03\/LL-100-2-768x576-copy.jpg","type":"image\/jpeg"}],"twitter_card":"summary_large_image","twitter_misc":{"Est. reading time":"7 minutes"},"schema":{"@context":"https:\/\/schema.org","@graph":[{"@type":"WebPage","@id":"https:\/\/vannangvn.123websitedev.com\/san-pham\/may-can-mang-phong-thi-nghiem-de-ban-cheminstruments-model-ll-100\/","url":"https:\/\/vannangvn.123websitedev.com\/san-pham\/may-can-mang-phong-thi-nghiem-de-ban-cheminstruments-model-ll-100\/","name":"M\u00c1Y C\u00c1N M\u00c0NG PH\u00d2NG TH\u00cd NGHI\u1ec6M \u0110\u1ec2 B\u00c0... ch\u00ednh h\u00e3ng | V\u1ea1n N\u0103ng","isPartOf":{"@id":"https:\/\/vannangvn.123websitedev.com\/#website"},"primaryImageOfPage":{"@id":"https:\/\/vannangvn.123websitedev.com\/san-pham\/may-can-mang-phong-thi-nghiem-de-ban-cheminstruments-model-ll-100\/#primaryimage"},"image":{"@id":"https:\/\/vannangvn.123websitedev.com\/san-pham\/may-can-mang-phong-thi-nghiem-de-ban-cheminstruments-model-ll-100\/#primaryimage"},"thumbnailUrl":"https:\/\/vannangvn.123websitedev.com\/wp-content\/uploads\/2026\/03\/LL-100-2-768x576-copy.jpg","datePublished":"2026-03-20T10:29:26+00:00","dateModified":"2026-03-30T11:20:19+00:00","description":"Mua ngay M\u00c1Y C\u00c1N M\u00c0NG PH\u00d2NG TH\u00cd NGHI\u1ec6M \u0110\u1ec2 B\u00c0N CHEMINSTRUMENTS MODEL LL-100 ch\u00ednh h\u00e3ng. M\u00e1y C\u00e1n M\u00e0ng Ph\u00f2ng Th\u00ed Nghi\u1ec7m \u0110\u1ec3 B\u00e0n Chemin... Gi\u00e1 t\u1ed1t!","breadcrumb":{"@id":"https:\/\/vannangvn.123websitedev.com\/san-pham\/may-can-mang-phong-thi-nghiem-de-ban-cheminstruments-model-ll-100\/#breadcrumb"},"inLanguage":"en-US","potentialAction":[{"@type":"ReadAction","target":["https:\/\/vannangvn.123websitedev.com\/san-pham\/may-can-mang-phong-thi-nghiem-de-ban-cheminstruments-model-ll-100\/"]}]},{"@type":"ImageObject","inLanguage":"en-US","@id":"https:\/\/vannangvn.123websitedev.com\/san-pham\/may-can-mang-phong-thi-nghiem-de-ban-cheminstruments-model-ll-100\/#primaryimage","url":"https:\/\/vannangvn.123websitedev.com\/wp-content\/uploads\/2026\/03\/LL-100-2-768x576-copy.jpg","contentUrl":"https:\/\/vannangvn.123websitedev.com\/wp-content\/uploads\/2026\/03\/LL-100-2-768x576-copy.jpg","width":768,"height":576},{"@type":"BreadcrumbList","@id":"https:\/\/vannangvn.123websitedev.com\/san-pham\/may-can-mang-phong-thi-nghiem-de-ban-cheminstruments-model-ll-100\/#breadcrumb","itemListElement":[{"@type":"ListItem","position":1,"name":"Trang ch\u1ee7","item":"https:\/\/vannangvn.123websitedev.com\/"},{"@type":"ListItem","position":2,"name":"S\u1ea3n ph\u1ea9m","item":"https:\/\/vannangvn.123websitedev.com\/cua-hang\/"},{"@type":"ListItem","position":3,"name":"M\u00c1Y C\u00c1N M\u00c0NG PH\u00d2NG TH\u00cd NGHI\u1ec6M \u0110\u1ec2 B\u00c0N CHEMINSTRUMENTS MODEL LL-100"}]},{"@type":"WebSite","@id":"https:\/\/vannangvn.123websitedev.com\/#website","url":"https:\/\/vannangvn.123websitedev.com\/","name":"Vannang.vn","description":"","publisher":{"@id":"https:\/\/vannangvn.123websitedev.com\/#organization"},"potentialAction":[{"@type":"SearchAction","target":{"@type":"EntryPoint","urlTemplate":"https:\/\/vannangvn.123websitedev.com\/?s={search_term_string}"},"query-input":{"@type":"PropertyValueSpecification","valueRequired":true,"valueName":"search_term_string"}}],"inLanguage":"en-US"},{"@type":"Organization","@id":"https:\/\/vannangvn.123websitedev.com\/#organization","name":"Vannang.vn","url":"https:\/\/vannangvn.123websitedev.com\/","logo":{"@type":"ImageObject","inLanguage":"en-US","@id":"https:\/\/vannangvn.123websitedev.com\/#\/schema\/logo\/image\/","url":"https:\/\/vannangvn.123websitedev.com\/wp-content\/uploads\/2026\/02\/logo-van-nang-02.png","contentUrl":"https:\/\/vannangvn.123websitedev.com\/wp-content\/uploads\/2026\/02\/logo-van-nang-02.png","width":448,"height":111,"caption":"Vannang.vn"},"image":{"@id":"https:\/\/vannangvn.123websitedev.com\/#\/schema\/logo\/image\/"}}]}},"_links":{"self":[{"href":"https:\/\/vannangvn.123websitedev.com\/en\/wp-json\/wp\/v2\/product\/6445","targetHints":{"allow":["GET"]}}],"collection":[{"href":"https:\/\/vannangvn.123websitedev.com\/en\/wp-json\/wp\/v2\/product"}],"about":[{"href":"https:\/\/vannangvn.123websitedev.com\/en\/wp-json\/wp\/v2\/types\/product"}],"replies":[{"embeddable":true,"href":"https:\/\/vannangvn.123websitedev.com\/en\/wp-json\/wp\/v2\/comments?post=6445"}],"wp:featuredmedia":[{"embeddable":true,"href":"https:\/\/vannangvn.123websitedev.com\/en\/wp-json\/wp\/v2\/media\/8465"}],"wp:attachment":[{"href":"https:\/\/vannangvn.123websitedev.com\/en\/wp-json\/wp\/v2\/media?parent=6445"}],"wp:term":[{"taxonomy":"product_brand","embeddable":true,"href":"https:\/\/vannangvn.123websitedev.com\/en\/wp-json\/wp\/v2\/product_brand?post=6445"},{"taxonomy":"product_cat","embeddable":true,"href":"https:\/\/vannangvn.123websitedev.com\/en\/wp-json\/wp\/v2\/product_cat?post=6445"},{"taxonomy":"product_tag","embeddable":true,"href":"https:\/\/vannangvn.123websitedev.com\/en\/wp-json\/wp\/v2\/product_tag?post=6445"}],"curies":[{"name":"wp","href":"https:\/\/api.w.org\/{rel}","templated":true}]}}