{"id":6458,"date":"2026-03-20T17:29:39","date_gmt":"2026-03-20T10:29:39","guid":{"rendered":"https:\/\/vannangvn.123websitedev.com\/san-pham\/may-cat-mi-lon-thuc-pham-thu-cong-industrial-physics-model-tbs-4m\/"},"modified":"2026-03-30T18:20:38","modified_gmt":"2026-03-30T11:20:38","slug":"may-cat-mi-lon-thuc-pham-thu-cong-industrial-physics-model-tbs-4m","status":"publish","type":"product","link":"https:\/\/vannangvn.123websitedev.com\/en\/product\/may-cat-mi-lon-thuc-pham-thu-cong-industrial-physics-model-tbs-4m\/","title":{"rendered":"M\u00c1Y C\u1eaeT M\u00cd LON TH\u1ef0C PH\u1ea8M TH\u1ee6 C\u00d4NG INDUSTRIAL PHYSICS MODEL TBS-4M"},"content":{"rendered":"<h1 style=\"color: red; font-weight: bold; font-size: 24px;\">T&#7893;ng quan s&#7843;n ph&#7849;m M&Aacute;Y C&#7854;T M&Iacute; LON TH&#7920;C PH&#7848;M TH&#7910; C&Ocirc;NG INDUSTRIAL PHYSICS MODEL TBS-4M<p>M&aacute;y C&#7855;t M&iacute; Lon Th&#7921;c Ph&#7849;m Th&#7911; C&ocirc;ng Industrial Physics (Manual Seam Saw) Model TBS-4M<br>\nM&aacute;y C&#7855;t M&iacute; Lon Th&#7921;c Ph&#7849;m Th&#7911; C&ocirc;ng Industrial Physics Model TBS-4M l&agrave; thi&#7871;t b&#7883; c&#7855;t m&iacute; lon th&#7921;c ph&#7849;m th&#7911; c&ocirc;ng chuy&ecirc;n d&#7909;ng cho ki&#7875;m tra m&iacute; gh&eacute;p theo ph&#432;&#417;ng ph&aacute;p ph&aacute; h&#7911;y.<br>\nThi&#7871;t b&#7883; &#273;&#432;&#7907;c thi&#7871;t k&#7871; v&#7899;i c&#417; c&#7845;u k&#7865;p ch&#7855;c ch&#7855;n v&agrave; c&#7847;n k&eacute;o v&#7853;n h&agrave;nh &#273;&#417;n gi&#7843;n, gi&uacute;p t&#7841;o &#273;&#432;&#7901;ng c&#7855;t vu&ocirc;ng g&oacute;c ch&iacute;nh x&aacute;c 90 &#273;&#7897; v&#7899;i m&eacute;p lon, ph&#7909;c v&#7909; ph&acirc;n t&iacute;ch m&iacute; gh&eacute;p b&#7857;ng h&#7879; th&#7889;ng &#273;o seam ho&#7863;c k&iacute;nh hi&#7875;n vi c&ocirc;ng nghi&#7879;p. H&atilde;y c&ugrave;ng V&#7841;n N&#259;ng t&igrave;m hi&#7875;u chi ti&#7871;t h&#417;n v&#7873; s&#7843;n ph&#7849;m th&ocirc;ng qua b&agrave;i vi&#7871;t d&#432;&#7899;i &#273;&acirc;y nh&eacute;!<\/p><p>N&eacute;t &#272;&#7863;c Tr&#432;ng C&#7911;a TBS-4M<br>\nC&#417; ch&#7871; c&#7855;t th&#7911; c&ocirc;ng ch&iacute;nh x&aacute;c<br>\nManual Seam Saw TBS-4M s&#7917; d&#7909;ng c&#417; ch&#7871; c&#7855;t th&#7911; c&ocirc;ng v&#7899;i l&#432;&#7905;i c&#432;a t&#7889;c &#273;&#7897; cao, gi&uacute;p t&#7841;o &#273;&#432;&#7901;ng c&#7855;t s&#7841;ch v&agrave; gi&#7843;m bi&#7871;n d&#7841;ng lon trong qu&aacute; tr&igrave;nh l&#7845;y m&#7851;u ki&#7875;m tra.<br>\nH&#7879; th&#7889;ng k&#7865;p v&agrave; &#273;&#7883;nh t&acirc;m ch&#7855;c ch&#7855;n<br>\nThi&#7871;t b&#7883; &#273;&#432;&#7907;c trang b&#7883; h&#7879; th&#7889;ng k&#7865;p trung t&acirc;m, &#273;&#7843;m b&#7843;o lon &#273;&#432;&#7907;c c&#7889; &#273;&#7883;nh ch&iacute;nh x&aacute;c, gi&uacute;p &#273;&#432;&#7901;ng c&#7855;t vu&ocirc;ng g&oacute;c 90 &#273;&#7897; v&#7899;i m&eacute;p lon v&agrave; ph&ugrave; h&#7907;p cho ph&acirc;n t&iacute;ch m&iacute; gh&eacute;p.<br>\nL&#432;&#7905;i c&#432;a c&ocirc;ng nghi&#7879;p HSS\/TiN<br>\nM&aacute;y c&#7855;t m&iacute; lon TBS-4M s&#7917; d&#7909;ng hai l&#432;&#7905;i c&#432;a HSS ho&#7863;c ph&#7911; TiN k&iacute;ch th&#432;&#7899;c 100 x 22 x 0,5 mm v&#7899;i 300 r&#259;ng, &#273;&#7843;m b&#7843;o tu&#7893;i th&#7885; cao v&agrave; ch&#7845;t l&#432;&#7907;ng c&#7855;t &#7893;n &#273;&#7883;nh.<br>\nThi&#7871;t k&#7871; an to&agrave;n v&agrave; b&#7873;n b&#7881;<br>\nC&#7843;m bi&#7871;n ti&#7879;m c&#7853;n gi&uacute;p l&#432;&#7905;i c&#432;a ch&#7881; ho&#7841;t &#273;&#7897;ng khi ph&aacute;t hi&#7879;n lon kim lo&#7841;i, t&#259;ng &#273;&#7897; an to&agrave;n v&#7853;n h&agrave;nh. V&#7887; th&eacute;p kh&ocirc;ng g&#7881; ch&#7889;ng &#259;n m&ograve;n ph&ugrave; h&#7907;p m&ocirc;i tr&#432;&#7901;ng th&#7921;c ph&#7849;m v&agrave; &#273;&#7891; u&#7889;ng.<br>\nH&#7895; tr&#7907; &#273;a d&#7841;ng k&iacute;ch th&#432;&#7899;c lon<br>\nThi&#7871;t b&#7883; h&#7895; tr&#7907; lon tr&ograve;n &#273;&#432;&#7901;ng k&iacute;nh 50&ndash;250 mm v&agrave; c&oacute; th&#7875; t&ugrave;y ch&#7881;nh cho lon oval, ch&#7919; nh&#7853;t ho&#7863;c d&#7841;ng &#273;&#7863;c bi&#7879;t theo y&ecirc;u c&#7847;u. T&ugrave;y ch&#7885;n h&#7897;p gi&#7843;m &#7891;n gi&uacute;p gi&#7843;m m&#7913;c ti&#7871;ng &#7891;n khi v&#7853;n h&agrave;nh.<\/p><p>&#431;u &#273;i&#7875;m C&#7911;a Manual Seam Saw TBS-4M<\/p><p>&#272;&#7897; ch&iacute;nh x&aacute;c cao cho ki&#7875;m tra m&iacute; gh&eacute;p: M&aacute;y c&#7855;t m&iacute; th&#7911; c&ocirc;ng TBS-4M t&#7841;o &#273;&#432;&#7901;ng c&#7855;t s&#7841;ch v&agrave; &iacute;t bi&#7871;n d&#7841;ng, gi&uacute;p k&#7871;t qu&#7843; &#273;o m&iacute; gh&eacute;p ch&iacute;nh x&aacute;c h&#417;n khi k&#7871;t h&#7907;p v&#7899;i h&#7879; th&#7889;ng SEAMetal ho&#7863;c k&iacute;nh hi&#7875;n vi c&ocirc;ng nghi&#7879;p.<br>\nV&#7853;n h&agrave;nh &#273;&#417;n gi&#7843;n, &iacute;t b&#7843;o tr&igrave;: C&#417; ch&#7871; v&#7853;n h&agrave;nh b&#7857;ng tay gi&uacute;p thao t&aacute;c nhanh, kh&ocirc;ng c&#7847;n &#273;&agrave;o t&#7841;o ph&#7913;c t&#7841;p. Thi&#7871;t b&#7883; c&oacute; c&#7845;u tr&uacute;c c&#417; kh&iacute; b&#7873;n b&#7881;, &iacute;t thay th&#7871; linh ki&#7879;n v&agrave; tu&#7893;i th&#7885; s&#7917; d&#7909;ng l&acirc;u d&agrave;i.<br>\nAn to&agrave;n cho ng&#432;&#7901;i v&#7853;n h&agrave;nh: C&#7843;m bi&#7871;n kim lo&#7841;i v&agrave; c&#417; c&#7845;u b&#7843;o v&#7879; gi&uacute;p gi&#7843;m nguy c&#417; tai n&#7841;n trong qu&aacute; tr&igrave;nh c&#7855;t m&#7851;u, ph&ugrave; h&#7907;p cho m&ocirc;i tr&#432;&#7901;ng ph&ograve;ng th&iacute; nghi&#7879;m v&agrave; nh&agrave; m&aacute;y.<br>\nT&#7889;i &#432;u cho ph&ograve;ng QC v&agrave; R&amp;D: Thi&#7871;t b&#7883; gi&uacute;p l&#7845;y m&#7851;u nhanh, t&#259;ng t&#7889;c &#273;&#7897; ki&#7875;m tra ch&#7845;t l&#432;&#7907;ng, h&#7895; tr&#7907; c&#7843;i ti&#7871;n quy tr&igrave;nh &#273;&oacute;ng g&oacute;i v&agrave; ph&aacute;t tri&#7875;n bao b&igrave; kim lo&#7841;i.<\/p><p>&#7912;ng D&#7909;ng Th&#7921;c T&#7871;<\/p><p>Ng&agrave;nh th&#7921;c ph&#7849;m v&agrave; &#273;&#7891; u&#7889;ng &#273;&oacute;ng h&#7897;p: Model TBS-4M &#273;&#432;&#7907;c s&#7917; d&#7909;ng &#273;&#7875; c&#7855;t m&#7851;u lon th&#7921;c ph&#7849;m v&agrave; &#273;&#7891; u&#7889;ng nh&#7857;m ki&#7875;m tra c&#7845;u tr&uacute;c m&iacute; gh&eacute;p, &#273;&#7843;m b&#7843;o &#273;&#7897; k&iacute;n ch&acirc;n kh&ocirc;ng v&agrave; an to&agrave;n s&#7843;n ph&#7849;m.<br>\nNg&agrave;nh ki&#7875;m so&aacute;t ch&#7845;t l&#432;&#7907;ng v&agrave; ph&ograve;ng th&iacute; nghi&#7879;m: Thi&#7871;t b&#7883; l&agrave; c&ocirc;ng c&#7909; quan tr&#7885;ng trong ph&ograve;ng QC v&agrave; ph&ograve;ng R&amp;D &#273;&#7875; ph&acirc;n t&iacute;ch ch&#7845;t l&#432;&#7907;ng m&iacute; lon, ph&#7909;c v&#7909; &#273;&aacute;nh gi&aacute; quy tr&igrave;nh &#273;&oacute;ng g&oacute;i v&agrave; c&#7843;i ti&#7871;n s&#7843;n xu&#7845;t.<br>\nNg&agrave;nh bao b&igrave; kim lo&#7841;i: Industrial Physics TBS-4M h&#7895; tr&#7907; nh&agrave; s&#7843;n xu&#7845;t bao b&igrave; kim lo&#7841;i trong ki&#7875;m tra c&#7845;u tr&uacute;c m&iacute; gh&eacute;p, gi&uacute;p t&#7889;i &#432;u thi&#7871;t k&#7871; v&agrave; &#273;&#7843;m b&#7843;o ti&ecirc;u chu&#7849;n qu&#7889;c t&#7871;.<br>\nNg&agrave;nh s&#7843;n xu&#7845;t c&ocirc;ng nghi&#7879;p v&agrave; d&acirc;y chuy&#7873;n &#273;&oacute;ng g&oacute;i: Thi&#7871;t b&#7883; ph&ugrave; h&#7907;p cho d&acirc;y chuy&#7873;n s&#7843;n xu&#7845;t &#273;&#7891; h&#7897;p c&ocirc;ng nghi&#7879;p, gi&uacute;p doanh nghi&#7879;p ki&#7875;m so&aacute;t ch&#7845;t l&#432;&#7907;ng &#273;&#7847;u ra v&agrave; gi&#7843;m r&#7911;i ro l&#7895;i s&#7843;n ph&#7849;m.<\/p><p>Nh&#7919;ng L&yacute; Do N&ecirc;n Mua M&aacute;y C&#7855;t M&iacute; Lon T&#7841;i V&#7841;n N&#259;ng<\/p><p>C&ocirc;ng ty Thi&#7871;t B&#7883; C&ocirc;ng Ngh&#7879; V&#7841;n N&#259;ng l&agrave; &#273;&#7889;i t&aacute;c ch&iacute;nh th&#7913;c ph&acirc;n ph&#7889;i M&aacute;y C&#7855;t M&iacute; Lon h&agrave;ng &#273;&#7847;u t&#7841;i Vi&#7879;t Nam, cam k&#7871;t cung c&#7845;p s&#7843;n ph&#7849;m ch&iacute;nh h&atilde;ng v&#7899;i gi&aacute; c&#7843; c&#7841;nh tranh nh&#7845;t th&#7883; tr&#432;&#7901;ng. V&#7899;i uy t&iacute;n tr&ecirc;n th&#7883; tr&#432;&#7901;ng v&agrave; ch&#7871; &#273;&#7897; h&#7851;u m&atilde;i t&#7889;t, Thi&#7871;t B&#7883; C&ocirc;ng Ngh&#7879; V&#7841;n N&#259;ng &#273;&atilde; nh&#7853;n &#273;&#432;&#7907;c s&#7921; tin t&#432;&#7903;ng t&#7915; kh&aacute;ch h&agrave;ng nh&#7901; v&agrave;o ch&#7845;t l&#432;&#7907;ng h&agrave;ng &#273;&#7847;u c&#7911;a c&aacute;c d&ograve;ng s&#7843;n ph&#7849;m.<br>\nS&#7843;n ph&#7849;m c&#7911;a ch&uacute;ng t&ocirc;i &#273;&#432;&#7907;c ki&#7875;m &#273;&#7883;nh ch&#7845;t l&#432;&#7907;ng, nh&#7853;p kh&#7849;u tr&#7921;c ti&#7871;p t&#7915; nh&agrave; m&aacute;y b&ecirc;n Ch&acirc;u &Acirc;u, M&#7929;, &Uacute;c, Nh&#7853;t B&#7843;n,&hellip; v&agrave; &#273;&aacute;p &#7913;ng nhu c&#7847;u &#273;a d&#7841;ng c&#7911;a th&#7883; tr&#432;&#7901;ng nh&#432;: M&aacute;y &#272;o &#272;&#7897; C&#7913;ng, M&aacute;y SPECTROMAXx, M&aacute;y Ki&#7875;m Tra &#272;&#432;&#7901;ng Gh&eacute;p M&iacute; Lon,&hellip; Ch&uacute;ng t&ocirc;i cam k&#7871;t cung c&#7845;p s&#7843;n ph&#7849;m n&agrave;y tr&ecirc;n to&agrave;n qu&#7889;c v&#7899;i gi&aacute; c&#7843; c&#7841;nh tranh nh&#7845;t.<br>\nCh&uacute;ng t&ocirc;i c&oacute; &#273;&#7897;i ng&#361; chuy&ecirc;n vi&ecirc;n t&#432; v&#7845;n chuy&ecirc;n s&acirc;u s&#7869; h&#7895; tr&#7907; kh&aacute;ch h&agrave;ng v&#7873; chi ti&#7871;t s&#7843;n ph&#7849;m, h&#432;&#7899;ng d&#7851;n s&#7917; d&#7909;ng hay nh&#7919;ng th&#7913; li&ecirc;n quan &#273;&#7871;n v&#7845;n &#273;&#7873; m&agrave; doanh nghi&#7879;p b&#7841;n &#273;ang g&#7863;p ph&#7843;i. Ch&uacute;ng t&ocirc;i s&#7869; cung c&#7845;p nh&#7919;ng gi&#7843;i ph&aacute;p t&#7889;i &#432;u nh&#7845;t!<br>\nNgo&agrave;i ra Thi&#7871;t B&#7883; C&ocirc;ng Ngh&#7879; V&#7841;n N&#259;ng Ch&uacute;ng T&ocirc;i lu&ocirc;n h&#432;&#7899;ng &#273;&#7871;n tr&#7843;i nghi&#7879;m kh&aacute;ch h&agrave;ng, v&igrave; v&#7853;y ch&uacute;ng t&ocirc;i c&oacute; nh&#7919;ng ch&iacute;nh s&aacute;ch b&#7843;o h&agrave;nh, b&#7843;o tr&igrave; &ndash; b&#7843;o d&#432;&#7905;ng, hi&#7879;u chu&#7849;n v&#7899;i t&#7845;t c&#7843; c&aacute;c thi&#7871;t b&#7883;, m&aacute;y m&oacute;c m&agrave; ch&uacute;ng t&ocirc;i cung c&#7845;p. &#272;&#7843;m b&#7843;o mang &#273;&#7871;n cho Kh&aacute;ch h&agrave;ng s&#7921; y&ecirc;n t&acirc;m tuy&#7879;t &#273;&#7889;i v&#7873; d&#7883;ch v&#7909; khi mua h&agrave;ng.<\/p><p>T&#7893;ng K&#7871;t<br>\nV&#7899;i kh&#7843; n&#259;ng t&#7841;o &#273;&#432;&#7901;ng c&#7855;t s&#7841;ch, gi&#7843;m bi&#7871;n d&#7841;ng lon v&agrave; h&#7895; tr&#7907; nhi&#7873;u lo&#7841;i lon kh&aacute;c nhau, Manual Seam Saw Industrial Physics TBS-4M l&agrave; gi&#7843;i ph&aacute;p l&yacute; t&#432;&#7903;ng cho ki&#7875;m tra m&iacute; gh&eacute;p ph&aacute; h&#7911;y trong ng&agrave;nh th&#7921;c ph&#7849;m, &#273;&#7891; u&#7889;ng v&agrave; bao b&igrave; kim lo&#7841;i. H&atilde;y li&ecirc;n h&#7879; v&#7899;i V&#7841;n N&#259;ng ngay &#273;&#7875; &#273;&#432;&#7907;c t&#432; v&#7845;n chuy&ecirc;n s&acirc;u v&agrave; nh&#7853;n nh&#7919;ng &#432;u &#273;&atilde;i h&#7845;p d&#7851;n nh&#7845;t th&ocirc;ng qua hotline0903 991 335!<\/p><div style=\"background-color: #f8fafc; border: 1px solid #e2e8f0; border-radius: 8px; padding: 25px; max-width: 800px; margin: 30px auto; color: #334155; line-height: 1.8; font-size: 17px; box-shadow: 0 4px 6px -1px rgba(0,0,0,0.05); text-align: left; clear: both;\">\nC&ocirc;ng ty TNHH Th&#432;&#417;ng M&#7841;i D&#7883;ch V&#7909; Thi&#7871;t B&#7883; C&ocirc;ng Ngh&#7879; V&#7841;n N&#259;ng\n<p style=\"margin: 0 0 10px 0;\">&#128205; <strong style=\"color: #1e293b;\">&#272;&#7883;a ch&#7881;:<\/strong> <a style=\"color: #059669; text-decoration: none; font-weight: bold;\" href=\"https:\/\/www.google.com\/maps\/search\/C%C3%B4ng+ty+TNHH+Th%C6%B0%C6%A1ng+M%E1%BA%A1i+D%E1%BB%8Bch+V%E1%BB%A5+Thi%E1%BA%BFt+B%E1%BB%8B+C%C3%B4ng+Ngh%E1%BB%87+V%E1%BA%A1n+N%C4%83ng+818+Tr%C6%B0%E1%BB%9Dng+Chinh\" target=\"_blank\" rel=\"noopener\">818 Tr&#432;&#7901;ng Chinh, Ph&#432;&#7901;ng T&acirc;n S&#417;n, Th&agrave;nh ph&#7889; H&#7891; Ch&iacute; Minh, Vi&#7879;t Nam<\/a><\/p>\n<p style=\"margin: 0 0 10px 0;\">&#128222; <strong style=\"color: #1e293b;\">S&#272;T &ndash; Zalo:<\/strong> <a style=\"color: #059669; text-decoration: none; font-weight: bold;\" href=\"https:\/\/zalo.me\/0903991335\" target=\"_blank\" rel=\"noopener\">0903 991 335<\/a> <span style=\"color: #64748b; font-style: italic;\">(Ms. H&#7841;nh &ndash; Gi&aacute;m &#272;&#7889;c Kinh Doanh)<\/span><\/p>\n<p style=\"margin: 0;\">&#9993;&#65039; <strong style=\"color: #1e293b;\">Email:<\/strong> <a style=\"color: #059669; text-decoration: none; font-weight: bold;\" href=\"mailto:hienhanh@vannangvn.com\">hienhanh@vannangvn.com<\/a><\/p>\n<\/div><\/h1>","protected":false},"excerpt":{"rendered":"<p><strong>Th&#432;&#417;ng hi&#7879;u:<\/strong> Industrial Physics<br>\n<strong>Model:<\/strong> TBS-4M<p>Product <strong>M&Aacute;Y C&#7854;T M&Iacute; LON TH&#7920;C PH&#7848;M TH&#7910; C&Ocirc;NG INDUSTRIAL PHYSICS MODEL TBS-4M<\/strong> ch&iacute;nh h&atilde;ng. Industrial Physics&nbsp;(USA)<br>\nM&aacute;y C&#7855;t M&iacute; Lon Th&#7921;c Ph&#7849;m Th&#7911; C&ocirc;ng Industrial Physics Model TBS-4M l&agrave; m&aacute;y c&#7855;t m&iacute; lon th&#7921;c ph&#7849;m th&#7911; c&ocirc;ng ch&iacute;nh x&aacute;c cao, d&ugrave;ng cho ki&#7875;m tra m&iacute; gh&eacute;p ph&aacute; h&#7911;y trong ng&agrave;nh &#273;&#7891; h&#7897;p, bao b&igrave; kim lo&#7841;i v&agrave; ph&ograve;ng QC c&ocirc;ng nghi&#7879;p.<\/p><\/p>","protected":false},"featured_media":0,"comment_status":"open","ping_status":"closed","template":"","meta":[],"product_brand":[],"product_cat":[18],"product_tag":[109,116,120,127,332,335,336,826,827,1383,1384,1385],"class_list":{"0":"post-6458","1":"product","2":"type-product","3":"status-publish","5":"product_cat-chua-phan-loai","6":"product_tag-may","7":"product_tag-model","8":"product_tag-thu","9":"product_tag-cong","10":"product_tag-cat","11":"product_tag-mi","12":"product_tag-lon","13":"product_tag-thuc","14":"product_tag-pham","15":"product_tag-industrial","16":"product_tag-physics","17":"product_tag-tbs-4m","19":"first","20":"instock","21":"shipping-taxable","22":"product-type-simple"},"yoast_head":"<!-- This site is optimized with the Yoast SEO Premium plugin v24.8 (Yoast SEO v24.8) - https:\/\/yoast.com\/wordpress\/plugins\/seo\/ -->\n<title>M\u00c1Y C\u1eaeT M\u00cd LON TH\u1ef0C PH\u1ea8M TH\u1ee6 C\u00d4NG I... ch\u00ednh h\u00e3ng | V\u1ea1n N\u0103ng<\/title>\n<meta name=\"description\" content=\"Mua ngay M\u00c1Y C\u1eaeT M\u00cd LON TH\u1ef0C PH\u1ea8M TH\u1ee6 C\u00d4NG INDUSTRIAL PHYSICS MODEL TBS-4M ch\u00ednh h\u00e3ng. M\u00e1y C\u1eaft M\u00ed Lon Th\u1ef1c Ph\u1ea9m Th\u1ee7 C\u00f4ng Industria... Gi\u00e1 t\u1ed1t!\" \/>\n<meta name=\"robots\" content=\"noindex, follow, max-snippet:-1, max-image-preview:large, max-video-preview:-1\" \/>\n<meta property=\"og:locale\" content=\"en_US\" \/>\n<meta property=\"og:type\" content=\"article\" \/>\n<meta property=\"og:title\" content=\"M\u00c1Y C\u1eaeT M\u00cd LON TH\u1ef0C PH\u1ea8M TH\u1ee6 C\u00d4NG INDUSTRIAL PHYSICS MODEL TBS-4M\" \/>\n<meta property=\"og:description\" content=\"Mua ngay M\u00c1Y C\u1eaeT M\u00cd LON TH\u1ef0C PH\u1ea8M TH\u1ee6 C\u00d4NG INDUSTRIAL PHYSICS MODEL TBS-4M ch\u00ednh h\u00e3ng. M\u00e1y C\u1eaft M\u00ed Lon Th\u1ef1c Ph\u1ea9m Th\u1ee7 C\u00f4ng Industria... Gi\u00e1 t\u1ed1t!\" \/>\n<meta property=\"og:url\" content=\"https:\/\/vannangvn.123websitedev.com\/en\/product\/may-cat-mi-lon-thuc-pham-thu-cong-industrial-physics-model-tbs-4m\/\" \/>\n<meta property=\"og:site_name\" content=\"Vannang.vn\" \/>\n<meta property=\"article:modified_time\" content=\"2026-03-30T11:20:38+00:00\" \/>\n<meta name=\"twitter:card\" content=\"summary_large_image\" \/>\n<meta name=\"twitter:label1\" content=\"Est. reading time\" \/>\n\t<meta name=\"twitter:data1\" content=\"8 minutes\" \/>\n<script type=\"application\/ld+json\" class=\"yoast-schema-graph\">{\"@context\":\"https:\/\/schema.org\",\"@graph\":[{\"@type\":\"WebPage\",\"@id\":\"https:\/\/vannangvn.123websitedev.com\/san-pham\/may-cat-mi-lon-thuc-pham-thu-cong-industrial-physics-model-tbs-4m\/\",\"url\":\"https:\/\/vannangvn.123websitedev.com\/san-pham\/may-cat-mi-lon-thuc-pham-thu-cong-industrial-physics-model-tbs-4m\/\",\"name\":\"M\u00c1Y C\u1eaeT M\u00cd LON TH\u1ef0C PH\u1ea8M TH\u1ee6 C\u00d4NG I... ch\u00ednh h\u00e3ng | V\u1ea1n N\u0103ng\",\"isPartOf\":{\"@id\":\"https:\/\/vannangvn.123websitedev.com\/#website\"},\"datePublished\":\"2026-03-20T10:29:39+00:00\",\"dateModified\":\"2026-03-30T11:20:38+00:00\",\"description\":\"Mua ngay M\u00c1Y C\u1eaeT M\u00cd LON TH\u1ef0C PH\u1ea8M TH\u1ee6 C\u00d4NG INDUSTRIAL PHYSICS MODEL TBS-4M ch\u00ednh h\u00e3ng. M\u00e1y C\u1eaft M\u00ed Lon Th\u1ef1c Ph\u1ea9m Th\u1ee7 C\u00f4ng Industria... Gi\u00e1 t\u1ed1t!\",\"breadcrumb\":{\"@id\":\"https:\/\/vannangvn.123websitedev.com\/san-pham\/may-cat-mi-lon-thuc-pham-thu-cong-industrial-physics-model-tbs-4m\/#breadcrumb\"},\"inLanguage\":\"en-US\",\"potentialAction\":[{\"@type\":\"ReadAction\",\"target\":[\"https:\/\/vannangvn.123websitedev.com\/san-pham\/may-cat-mi-lon-thuc-pham-thu-cong-industrial-physics-model-tbs-4m\/\"]}]},{\"@type\":\"BreadcrumbList\",\"@id\":\"https:\/\/vannangvn.123websitedev.com\/san-pham\/may-cat-mi-lon-thuc-pham-thu-cong-industrial-physics-model-tbs-4m\/#breadcrumb\",\"itemListElement\":[{\"@type\":\"ListItem\",\"position\":1,\"name\":\"Trang ch\u1ee7\",\"item\":\"https:\/\/vannangvn.123websitedev.com\/\"},{\"@type\":\"ListItem\",\"position\":2,\"name\":\"S\u1ea3n ph\u1ea9m\",\"item\":\"https:\/\/vannangvn.123websitedev.com\/cua-hang\/\"},{\"@type\":\"ListItem\",\"position\":3,\"name\":\"M\u00c1Y C\u1eaeT M\u00cd LON TH\u1ef0C PH\u1ea8M TH\u1ee6 C\u00d4NG INDUSTRIAL PHYSICS MODEL TBS-4M\"}]},{\"@type\":\"WebSite\",\"@id\":\"https:\/\/vannangvn.123websitedev.com\/#website\",\"url\":\"https:\/\/vannangvn.123websitedev.com\/\",\"name\":\"Vannang.vn\",\"description\":\"\",\"publisher\":{\"@id\":\"https:\/\/vannangvn.123websitedev.com\/#organization\"},\"potentialAction\":[{\"@type\":\"SearchAction\",\"target\":{\"@type\":\"EntryPoint\",\"urlTemplate\":\"https:\/\/vannangvn.123websitedev.com\/?s={search_term_string}\"},\"query-input\":{\"@type\":\"PropertyValueSpecification\",\"valueRequired\":true,\"valueName\":\"search_term_string\"}}],\"inLanguage\":\"en-US\"},{\"@type\":\"Organization\",\"@id\":\"https:\/\/vannangvn.123websitedev.com\/#organization\",\"name\":\"Vannang.vn\",\"url\":\"https:\/\/vannangvn.123websitedev.com\/\",\"logo\":{\"@type\":\"ImageObject\",\"inLanguage\":\"en-US\",\"@id\":\"https:\/\/vannangvn.123websitedev.com\/#\/schema\/logo\/image\/\",\"url\":\"https:\/\/vannangvn.123websitedev.com\/wp-content\/uploads\/2026\/02\/logo-van-nang-02.png\",\"contentUrl\":\"https:\/\/vannangvn.123websitedev.com\/wp-content\/uploads\/2026\/02\/logo-van-nang-02.png\",\"width\":448,\"height\":111,\"caption\":\"Vannang.vn\"},\"image\":{\"@id\":\"https:\/\/vannangvn.123websitedev.com\/#\/schema\/logo\/image\/\"}}]}<\/script>\n<!-- \/ Yoast SEO Premium plugin. -->","yoast_head_json":{"title":"M\u00c1Y C\u1eaeT M\u00cd LON TH\u1ef0C PH\u1ea8M TH\u1ee6 C\u00d4NG I... ch\u00ednh h\u00e3ng | V\u1ea1n N\u0103ng","description":"Mua ngay M\u00c1Y C\u1eaeT M\u00cd LON TH\u1ef0C PH\u1ea8M TH\u1ee6 C\u00d4NG INDUSTRIAL PHYSICS MODEL TBS-4M ch\u00ednh h\u00e3ng. M\u00e1y C\u1eaft M\u00ed Lon Th\u1ef1c Ph\u1ea9m Th\u1ee7 C\u00f4ng Industria... Gi\u00e1 t\u1ed1t!","robots":{"index":"noindex","follow":"follow","max-snippet":"max-snippet:-1","max-image-preview":"max-image-preview:large","max-video-preview":"max-video-preview:-1"},"og_locale":"en_US","og_type":"article","og_title":"M\u00c1Y C\u1eaeT M\u00cd LON TH\u1ef0C PH\u1ea8M TH\u1ee6 C\u00d4NG INDUSTRIAL PHYSICS MODEL TBS-4M","og_description":"Mua ngay M\u00c1Y C\u1eaeT M\u00cd LON TH\u1ef0C PH\u1ea8M TH\u1ee6 C\u00d4NG INDUSTRIAL PHYSICS MODEL TBS-4M ch\u00ednh h\u00e3ng. M\u00e1y C\u1eaft M\u00ed Lon Th\u1ef1c Ph\u1ea9m Th\u1ee7 C\u00f4ng Industria... Gi\u00e1 t\u1ed1t!","og_url":"https:\/\/vannangvn.123websitedev.com\/en\/product\/may-cat-mi-lon-thuc-pham-thu-cong-industrial-physics-model-tbs-4m\/","og_site_name":"Vannang.vn","article_modified_time":"2026-03-30T11:20:38+00:00","twitter_card":"summary_large_image","twitter_misc":{"Est. reading time":"8 minutes"},"schema":{"@context":"https:\/\/schema.org","@graph":[{"@type":"WebPage","@id":"https:\/\/vannangvn.123websitedev.com\/san-pham\/may-cat-mi-lon-thuc-pham-thu-cong-industrial-physics-model-tbs-4m\/","url":"https:\/\/vannangvn.123websitedev.com\/san-pham\/may-cat-mi-lon-thuc-pham-thu-cong-industrial-physics-model-tbs-4m\/","name":"M\u00c1Y C\u1eaeT M\u00cd LON TH\u1ef0C PH\u1ea8M TH\u1ee6 C\u00d4NG I... ch\u00ednh h\u00e3ng | V\u1ea1n N\u0103ng","isPartOf":{"@id":"https:\/\/vannangvn.123websitedev.com\/#website"},"datePublished":"2026-03-20T10:29:39+00:00","dateModified":"2026-03-30T11:20:38+00:00","description":"Mua ngay M\u00c1Y C\u1eaeT M\u00cd LON TH\u1ef0C PH\u1ea8M TH\u1ee6 C\u00d4NG INDUSTRIAL PHYSICS MODEL TBS-4M ch\u00ednh h\u00e3ng. M\u00e1y C\u1eaft M\u00ed Lon Th\u1ef1c Ph\u1ea9m Th\u1ee7 C\u00f4ng Industria... Gi\u00e1 t\u1ed1t!","breadcrumb":{"@id":"https:\/\/vannangvn.123websitedev.com\/san-pham\/may-cat-mi-lon-thuc-pham-thu-cong-industrial-physics-model-tbs-4m\/#breadcrumb"},"inLanguage":"en-US","potentialAction":[{"@type":"ReadAction","target":["https:\/\/vannangvn.123websitedev.com\/san-pham\/may-cat-mi-lon-thuc-pham-thu-cong-industrial-physics-model-tbs-4m\/"]}]},{"@type":"BreadcrumbList","@id":"https:\/\/vannangvn.123websitedev.com\/san-pham\/may-cat-mi-lon-thuc-pham-thu-cong-industrial-physics-model-tbs-4m\/#breadcrumb","itemListElement":[{"@type":"ListItem","position":1,"name":"Trang ch\u1ee7","item":"https:\/\/vannangvn.123websitedev.com\/"},{"@type":"ListItem","position":2,"name":"S\u1ea3n ph\u1ea9m","item":"https:\/\/vannangvn.123websitedev.com\/cua-hang\/"},{"@type":"ListItem","position":3,"name":"M\u00c1Y C\u1eaeT M\u00cd LON TH\u1ef0C PH\u1ea8M TH\u1ee6 C\u00d4NG INDUSTRIAL PHYSICS MODEL TBS-4M"}]},{"@type":"WebSite","@id":"https:\/\/vannangvn.123websitedev.com\/#website","url":"https:\/\/vannangvn.123websitedev.com\/","name":"Vannang.vn","description":"","publisher":{"@id":"https:\/\/vannangvn.123websitedev.com\/#organization"},"potentialAction":[{"@type":"SearchAction","target":{"@type":"EntryPoint","urlTemplate":"https:\/\/vannangvn.123websitedev.com\/?s={search_term_string}"},"query-input":{"@type":"PropertyValueSpecification","valueRequired":true,"valueName":"search_term_string"}}],"inLanguage":"en-US"},{"@type":"Organization","@id":"https:\/\/vannangvn.123websitedev.com\/#organization","name":"Vannang.vn","url":"https:\/\/vannangvn.123websitedev.com\/","logo":{"@type":"ImageObject","inLanguage":"en-US","@id":"https:\/\/vannangvn.123websitedev.com\/#\/schema\/logo\/image\/","url":"https:\/\/vannangvn.123websitedev.com\/wp-content\/uploads\/2026\/02\/logo-van-nang-02.png","contentUrl":"https:\/\/vannangvn.123websitedev.com\/wp-content\/uploads\/2026\/02\/logo-van-nang-02.png","width":448,"height":111,"caption":"Vannang.vn"},"image":{"@id":"https:\/\/vannangvn.123websitedev.com\/#\/schema\/logo\/image\/"}}]}},"_links":{"self":[{"href":"https:\/\/vannangvn.123websitedev.com\/en\/wp-json\/wp\/v2\/product\/6458","targetHints":{"allow":["GET"]}}],"collection":[{"href":"https:\/\/vannangvn.123websitedev.com\/en\/wp-json\/wp\/v2\/product"}],"about":[{"href":"https:\/\/vannangvn.123websitedev.com\/en\/wp-json\/wp\/v2\/types\/product"}],"replies":[{"embeddable":true,"href":"https:\/\/vannangvn.123websitedev.com\/en\/wp-json\/wp\/v2\/comments?post=6458"}],"wp:attachment":[{"href":"https:\/\/vannangvn.123websitedev.com\/en\/wp-json\/wp\/v2\/media?parent=6458"}],"wp:term":[{"taxonomy":"product_brand","embeddable":true,"href":"https:\/\/vannangvn.123websitedev.com\/en\/wp-json\/wp\/v2\/product_brand?post=6458"},{"taxonomy":"product_cat","embeddable":true,"href":"https:\/\/vannangvn.123websitedev.com\/en\/wp-json\/wp\/v2\/product_cat?post=6458"},{"taxonomy":"product_tag","embeddable":true,"href":"https:\/\/vannangvn.123websitedev.com\/en\/wp-json\/wp\/v2\/product_tag?post=6458"}],"curies":[{"name":"wp","href":"https:\/\/api.w.org\/{rel}","templated":true}]}}