{"id":6484,"date":"2026-03-20T17:30:14","date_gmt":"2026-03-20T10:30:14","guid":{"rendered":"https:\/\/vannangvn.123websitedev.com\/san-pham\/may-do-bui-min-mirico-model-mr-2540pm\/"},"modified":"2026-03-30T18:21:15","modified_gmt":"2026-03-30T11:21:15","slug":"may-do-bui-min-mirico-model-mr-2540pm","status":"publish","type":"product","link":"https:\/\/vannangvn.123websitedev.com\/en\/product\/may-do-bui-min-mirico-model-mr-2540pm\/","title":{"rendered":"M\u00c1Y \u0110O B\u1ee4I M\u1ecaN MIRICO MODEL MR-2540PM"},"content":{"rendered":"<h1 style=\"color: red; font-weight: bold; font-size: 24px;\">T&#7893;ng quan s&#7843;n ph&#7849;m M&Aacute;Y &#272;O B&#7908;I M&#7882;N MIRICO MODEL MR-2540PM<p>M&aacute;y &#272;o B&#7909;i M&#7883;n (Fine Dust Meter) MIRICO Model MR-2540PM<br>\nM&aacute;y &#272;o B&#7909;i M&#7883;n MIRICO MR-2540PM l&agrave; thi&#7871;t b&#7883; &#273;o b&#7909;i th&#7871; h&#7879; m&#7899;i, &#273;&#432;&#7907;c thi&#7871;t k&#7871; &#273;&#7875; ph&aacute;t hi&#7879;n v&agrave; ph&acirc;n t&iacute;ch &#273;&#7891;ng th&#7901;i ba lo&#7841;i h&#7841;t b&#7909;i m&#7883;n trong kh&ocirc;ng kh&iacute; &ndash; PM1, PM2.5 v&agrave; PM10 &ndash; v&#7899;i &#273;&#7897; ch&iacute;nh x&aacute;c cao, &#273;&aacute;p &#7913;ng c&aacute;c ti&ecirc;u chu&#7849;n qu&#7889;c t&#7871; v&#7873; gi&aacute;m s&aacute;t m&ocirc;i tr&#432;&#7901;ng. Thi&#7871;t b&#7883; &#273;&#432;&#7907;c ch&#7913;ng nh&#7853;n hi&#7879;u n&#259;ng C&#7845;p 1 t&#7915; B&#7897; M&ocirc;i Tr&#432;&#7901;ng H&agrave;n Qu&#7889;c, th&#7875; hi&#7879;n ch&#7845;t l&#432;&#7907;ng v&#432;&#7907;t tr&#7897;i v&agrave; kh&#7843; n&#259;ng &#273;o l&#432;&#7901;ng &#7893;n &#273;&#7883;nh ngay c&#7843; trong &#273;i&#7873;u ki&#7879;n m&ocirc;i tr&#432;&#7901;ng kh&#7855;c nghi&#7879;t. H&atilde;y c&ugrave;ng V&#7841;n N&#259;ng t&igrave;m hi&#7875;u chi ti&#7871;t h&#417;n v&#7873; s&#7843;n ph&#7849;m th&ocirc;ng qua b&agrave;i vi&#7871;t d&#432;&#7899;i &#273;&acirc;y nh&eacute;!<\/p><p>Xem th&ecirc;m: M&aacute;y Ki&#7875;m Tra &#272;&#7897; M&agrave;i M&ograve;n Tuy&#7871;n T&iacute;nh (Linear Abrasion Tester) Gester Model GT-KC45<\/p><p>N&eacute;t &#272;&#7863;c Tr&#432;ng C&#7911;a MIRICO MR-2540PM<br>\nC&ocirc;ng ngh&#7879; quang t&aacute;n x&#7841; hi&#7879;n &#273;&#7841;i<br>\nMIRICO MR-2540PM s&#7917; d&#7909;ng ph&#432;&#417;ng ph&aacute;p quang t&aacute;n x&#7841; (Optical Scattering) &#273;&#7875; x&aacute;c &#273;&#7883;nh m&#7853;t &#273;&#7897; b&#7909;i m&#7883;n trong kh&ocirc;ng kh&iacute;. Nh&#7901; c&ocirc;ng ngh&#7879; n&agrave;y, thi&#7871;t b&#7883; c&oacute; th&#7875; ph&aacute;t hi&#7879;n h&#7841;t b&#7909;i c&oacute; k&iacute;ch th&#432;&#7899;c ch&#7881; t&#7915; 0.3 &#273;&#7871;n 10 &micro;m, &#273;&#7843;m b&#7843;o k&#7871;t qu&#7843; &#273;o c&oacute; &#273;&#7897; ch&iacute;nh x&aacute;c cao v&agrave; ph&#7843;n h&#7891;i c&#7921;c nhanh ch&#7881; trong 1 gi&acirc;y.<br>\n&#272;o &#273;&#7891;ng th&#7901;i ba lo&#7841;i b&#7909;i m&#7883;n<br>\nKh&#7843; n&#259;ng &#273;o &#273;&#7891;ng th&#7901;i nhi&#7873;u lo&#7841;i h&#7841;t b&#7909;i PM1, PM2.5 v&agrave; PM10 gi&uacute;p ng&#432;&#7901;i d&ugrave;ng c&oacute; c&aacute;i nh&igrave;n to&agrave;n di&#7879;n v&#7873; t&igrave;nh tr&#7841;ng &ocirc; nhi&#7877;m kh&ocirc;ng kh&iacute;. D&#7919; li&#7879;u thu &#273;&#432;&#7907;c gi&uacute;p x&aacute;c &#273;&#7883;nh ngu&#7891;n ph&aacute;t th&#7843;i v&agrave; t&#7889;i &#432;u h&oacute;a gi&#7843;i ph&aacute;p l&#7885;c kh&iacute; trong t&#7915;ng khu v&#7921;c c&#7909; th&#7875;.<br>\nK&#7871;t n&#7889;i IoT th&ocirc;ng minh, gi&aacute;m s&aacute;t t&#7915; xa<br>\nThi&#7871;t b&#7883; h&#7895; tr&#7907; t&iacute;ch h&#7907;p IoT, cho ph&eacute;p k&#7871;t n&#7889;i tr&#7921;c ti&#7871;p v&#7899;i m&aacute;y l&#7885;c kh&ocirc;ng kh&iacute;, m&aacute;y ch&#7911; Internet, m&aacute;y t&iacute;nh ho&#7863;c smartphone. Th&ocirc;ng qua ph&#7847;n m&#7873;m gi&aacute;m s&aacute;t, ng&#432;&#7901;i d&ugrave;ng c&oacute; th&#7875; theo d&otilde;i d&#7919; li&#7879;u b&#7909;i m&#7883;n theo th&#7901;i gian th&#7921;c, &#273;&#7891;ng th&#7901;i c&agrave;i &#273;&#7863;t ch&#7871; &#273;&#7897; t&#7921; &#273;&#7897;ng k&iacute;ch ho&#7841;t m&aacute;y l&#7885;c kh&ocirc;ng kh&iacute; khi n&#7891;ng &#273;&#7897; b&#7909;i v&#432;&#7907;t ng&#432;&#7905;ng an to&agrave;n.<\/p><p>Thi&#7871;t k&#7871; nh&#7887; g&#7885;n, ti&#7879;n d&#7909;ng v&agrave; b&#7873;n b&#7881;<br>\nV&#7899;i k&iacute;ch th&#432;&#7899;c 140(W) &times; 228(L) &times; 80(H) mm, tr&#7885;ng l&#432;&#7907;ng 693 g, v&#7887; ngo&agrave;i ABS ch&#7889;ng ch&aacute;y cao c&#7845;p, thi&#7871;t b&#7883; d&#7877; d&agrave;ng l&#7855;p &#273;&#7863;t &#7903; m&#7885;i kh&ocirc;ng gian &ndash; t&#7915; l&#7899;p h&#7885;c, ph&ograve;ng t&#7853;p, &#273;&#7871;n trung t&acirc;m th&#432;&#417;ng m&#7841;i ho&#7863;c khu d&acirc;n c&#432;. Thi&#7871;t k&#7871; &#273;&#417;n gi&#7843;n nh&#432;ng tinh t&#7871; gi&uacute;p thi&#7871;t b&#7883; ho&#7841;t &#273;&#7897;ng &#7893;n &#273;&#7883;nh trong th&#7901;i gian d&agrave;i.<br>\nCh&#7913;ng nh&#7853;n hi&#7879;u n&#259;ng C&#7845;p 1<br>\nM&aacute;y &#272;o B&#7909;i M&#7883;n MR-2540PM &#273;&#432;&#7907;c B&#7897; M&ocirc;i Tr&#432;&#7901;ng H&agrave;n Qu&#7889;c ch&#7913;ng nh&#7853;n hi&#7879;u n&#259;ng c&#7845;p 1, kh&#7859;ng &#273;&#7883;nh kh&#7843; n&#259;ng &#273;o l&#432;&#7901;ng ch&iacute;nh x&aacute;c, &#273;&#7897; tin c&#7853;y cao v&agrave; s&#7921; ph&ugrave; h&#7907;p cho c&aacute;c ch&#432;&#417;ng tr&igrave;nh gi&aacute;m s&aacute;t kh&ocirc;ng kh&iacute; chuy&ecirc;n nghi&#7879;p.<\/p><p>Xem th&ecirc;m: M&aacute;y &#272;&#7871;m H&#7841;t B&#7909;i C&#7847;m Tay Beckman Coulter (MET ONE) Model HHPC 3+<\/p><p>&#431;u &#272;i&#7875;m V&#432;&#7907;t Tr&#7897;i C&#7911;a ModeL MR-2540PM<br>\n&#272;&#7897; ch&iacute;nh x&aacute;c cao, ph&#7843;n h&#7891;i c&#7921;c nhanh<br>\nThi&#7871;t b&#7883; c&oacute; &#273;&#7897; tuy&#7871;n t&iacute;nh R&sup2; = 0.9914 v&agrave; sai s&#7889; ch&#7881; &plusmn;10 &micro;g\/m&sup3; trong d&#7843;i &#273;o &le;100 &micro;g\/m&sup3;. Th&#7901;i gian ph&#7843;n h&#7891;i 1 gi&acirc;y gi&uacute;p ng&#432;&#7901;i d&ugrave;ng c&#7853;p nh&#7853;t t&igrave;nh tr&#7841;ng b&#7909;i m&#7883;n g&#7847;n nh&#432; t&#7913;c th&igrave; &ndash; m&#7897;t l&#7907;i th&#7871; l&#7899;n trong vi&#7879;c c&#7843;nh b&aacute;o v&agrave; ki&#7875;m so&aacute;t ch&#7845;t l&#432;&#7907;ng kh&ocirc;ng kh&iacute;.<br>\nKh&#7843; n&#259;ng l&#432;u tr&#7919; v&agrave; x&#7917; l&yacute; d&#7919; li&#7879;u m&#7841;nh m&#7869;<br>\nV&#7899;i dung l&#432;&#7907;ng l&#432;u tr&#7919; l&ecirc;n &#273;&#7871;n 128.800 gi&#7901;, MR-2540PM cho ph&eacute;p ghi nh&#7853;n d&#7919; li&#7879;u li&ecirc;n t&#7909;c v&agrave; ph&acirc;n t&iacute;ch xu h&#432;&#7899;ng bi&#7871;n &#273;&#7897;ng c&#7911;a b&#7909;i m&#7883;n trong th&#7901;i gian d&agrave;i. Ng&#432;&#7901;i d&ugrave;ng c&oacute; th&#7875; t&ugrave;y ch&#7885;n chu k&#7923; &#273;o linh ho&#7841;t: 1 gi&acirc;y, 1 ph&uacute;t, 5 ph&uacute;t ho&#7863;c 1 gi&#7901;.<br>\nT&#7921; &#273;&#7897;ng h&oacute;a to&agrave;n di&#7879;n qua h&#7879; th&#7889;ng IoT<br>\nNh&#7901; kh&#7843; n&#259;ng k&#7871;t n&#7889;i Internet v&#7841;n v&#7853;t (IoT), thi&#7871;t b&#7883; kh&ocirc;ng ch&#7881; &#273;o v&agrave; l&#432;u tr&#7919; d&#7919; li&#7879;u m&agrave; c&ograve;n c&oacute; th&#7875; &#273;i&#7873;u khi&#7875;n c&aacute;c thi&#7871;t b&#7883; l&#7885;c kh&iacute; t&#7921; &#273;&#7897;ng khi ch&#7845;t l&#432;&#7907;ng kh&ocirc;ng kh&iacute; xu&#7889;ng th&#7845;p. H&#7879; th&#7889;ng t&#7841;o th&agrave;nh chu tr&igrave;nh kh&eacute;p k&iacute;n &ndash; &#273;o, ph&acirc;n t&iacute;ch v&agrave; x&#7917; l&yacute; &ndash; m&agrave; kh&ocirc;ng c&#7847;n can thi&#7879;p th&#7911; c&ocirc;ng.<br>\nHo&#7841;t &#273;&#7897;ng &#7893;n &#273;&#7883;nh trong m&ocirc;i tr&#432;&#7901;ng kh&#7855;c nghi&#7879;t<br>\nModel MR-2540PM v&#7851;n duy tr&igrave; hi&#7879;u n&#259;ng ch&iacute;nh x&aacute;c trong d&#7843;i nhi&#7879;t &#273;&#7897; t&#7915; -20&deg;C &#273;&#7871;n +60&deg;C v&agrave; &#273;&#7897; &#7849;m 0&ndash;95% RH, ph&ugrave; h&#7907;p v&#7899;i &#273;i&#7873;u ki&#7879;n kh&iacute; h&#7853;u nhi&#7879;t &#273;&#7899;i, n&#417;i nhi&#7879;t &#273;&#7897; v&agrave; &#273;&#7897; &#7849;m th&#432;&#7901;ng bi&#7871;n &#273;&#7897;ng l&#7899;n.<br>\nTi&ecirc;u th&#7909; &#273;i&#7879;n n&#259;ng th&#7845;p, th&acirc;n thi&#7879;n m&ocirc;i tr&#432;&#7901;ng<br>\nV&#7853;n h&agrave;nh b&#7857;ng ngu&#7891;n AC 220V, thi&#7871;t b&#7883; ti&ecirc;u th&#7909; &#273;i&#7879;n n&#259;ng t&#7889;i thi&#7875;u, gi&uacute;p ti&#7871;t ki&#7879;m chi ph&iacute; v&#7853;n h&agrave;nh l&acirc;u d&agrave;i v&agrave; &#273;&#7843;m b&#7843;o &#273;&#7897; b&#7873;n linh ki&#7879;n. &#272;&#7891;ng th&#7901;i, vi&#7879;c &#273;&#7841;t ch&#7913;ng nh&#7853;n ISO 14001 th&#7875; hi&#7879;n cam k&#7871;t c&#7911;a MIRICO v&#7899;i m&#7909;c ti&ecirc;u b&#7843;o v&#7879; m&ocirc;i tr&#432;&#7901;ng.<\/p><p>Xem th&ecirc;m: M&aacute;y &#272;o B&#7909;i Trong Kh&ocirc;ng Kh&iacute; (Dust Particle Measuring Device) PCE Instruments Model PCE-MPC 10<\/p><p>&#7912;ng D&#7909;ng Trong Ng&agrave;nh C&ocirc;ng Nghi&#7879;p<br>\nM&aacute;y &#272;o B&#7909;i M&#7883;n Model MR-2540PM &#273;&#432;&#7907;c s&#7917; d&#7909;ng r&#7897;ng r&atilde;i trong c&aacute;c l&#297;nh v&#7921;c:<\/p><p>Gi&aacute;o d&#7909;c: Nh&agrave; tr&#7867;, l&#7899;p h&#7885;c, gi&#7843;ng &#273;&#432;&#7901;ng, th&#432; vi&#7879;n<br>\nY t&#7871;: B&#7879;nh vi&#7879;n, vi&#7879;n d&#432;&#7905;ng l&atilde;o, ph&ograve;ng kh&aacute;m<br>\nTh&#432;&#417;ng m&#7841;i &ndash; d&#7883;ch v&#7909;: Si&ecirc;u th&#7883;, c&#7917;a h&agrave;ng, trung t&acirc;m th&#432;&#417;ng m&#7841;i<br>\nTh&#7875; thao &amp; c&#7897;ng &#273;&#7891;ng: Ph&ograve;ng t&#7853;p th&#7875; d&#7909;c, trung t&acirc;m sinh ho&#7841;t c&#7897;ng &#273;&#7891;ng<br>\nC&ocirc;ng nghi&#7879;p nh&#7865;: C&#417; s&#7903; ch&#7871; bi&#7871;n th&#7921;c ph&#7849;m, khu s&#7843;n xu&#7845;t nh&#7887;, nh&agrave; m&aacute;y &#273;&oacute;ng g&oacute;i<\/p><p>Nh&#7901; kh&#7843; n&#259;ng &#273;o ch&iacute;nh x&aacute;c v&agrave; k&#7871;t n&#7889;i linh ho&#7841;t, thi&#7871;t b&#7883; tr&#7903; th&agrave;nh c&ocirc;ng c&#7909; quan tr&#7885;ng trong h&#7879; th&#7889;ng qu&#7843;n l&yacute; ch&#7845;t l&#432;&#7907;ng kh&ocirc;ng kh&iacute; th&ocirc;ng minh.<\/p><p>Nh&#7919;ng L&yacute; Do N&ecirc;n Mua M&aacute;y &#272;o B&#7909;i M&#7883;n T&#7841;i V&#7841;n N&#259;ng<\/p><p>C&ocirc;ng ty Thi&#7871;t B&#7883; C&ocirc;ng Ngh&#7879; V&#7841;n N&#259;ng l&agrave; &#273;&#7889;i t&aacute;c ch&iacute;nh th&#7913;c ph&acirc;n ph&#7889;i M&aacute;y &#272;o B&#7909;i M&#7883;n h&agrave;ng &#273;&#7847;u t&#7841;i Vi&#7879;t Nam, cam k&#7871;t cung c&#7845;p s&#7843;n ph&#7849;m ch&iacute;nh h&atilde;ng v&#7899;i gi&aacute; c&#7843; c&#7841;nh tranh nh&#7845;t th&#7883; tr&#432;&#7901;ng. V&#7899;i uy t&iacute;n tr&ecirc;n th&#7883; tr&#432;&#7901;ng v&agrave; ch&#7871; &#273;&#7897; h&#7851;u m&atilde;i t&#7889;t, Thi&#7871;t B&#7883; C&ocirc;ng Ngh&#7879; V&#7841;n N&#259;ng &#273;&atilde; nh&#7853;n &#273;&#432;&#7907;c s&#7921; tin t&#432;&#7903;ng t&#7915; kh&aacute;ch h&agrave;ng nh&#7901; v&agrave;o ch&#7845;t l&#432;&#7907;ng h&agrave;ng &#273;&#7847;u c&#7911;a c&aacute;c d&ograve;ng s&#7843;n ph&#7849;m.<br>\nS&#7843;n ph&#7849;m c&#7911;a ch&uacute;ng t&ocirc;i &#273;&#432;&#7907;c ki&#7875;m &#273;&#7883;nh ch&#7845;t l&#432;&#7907;ng, nh&#7853;p kh&#7849;u tr&#7921;c ti&#7871;p t&#7915; nh&agrave; m&aacute;y b&ecirc;n Ch&acirc;u &Acirc;u, M&#7929;, &Uacute;c, Nh&#7853;t B&#7843;n,&hellip; v&agrave; &#273;&aacute;p &#7913;ng nhu c&#7847;u &#273;a d&#7841;ng c&#7911;a th&#7883; tr&#432;&#7901;ng nh&#432;: M&aacute;y &#272;o &#272;&#7897; C&#7913;ng, M&aacute;y SPECTROMAXx, M&aacute;y Ki&#7875;m Tra &#272;&#432;&#7901;ng Gh&eacute;p M&iacute; Lon,&hellip; Ch&uacute;ng t&ocirc;i cam k&#7871;t cung c&#7845;p s&#7843;n ph&#7849;m n&agrave;y tr&ecirc;n to&agrave;n qu&#7889;c v&#7899;i gi&aacute; c&#7843; c&#7841;nh tranh nh&#7845;t.<br>\nCh&uacute;ng t&ocirc;i c&oacute; &#273;&#7897;i ng&#361; chuy&ecirc;n vi&ecirc;n t&#432; v&#7845;n chuy&ecirc;n s&acirc;u s&#7869; h&#7895; tr&#7907; kh&aacute;ch h&agrave;ng v&#7873; chi ti&#7871;t s&#7843;n ph&#7849;m, h&#432;&#7899;ng d&#7851;n s&#7917; d&#7909;ng hay nh&#7919;ng th&#7913; li&ecirc;n quan &#273;&#7871;n v&#7845;n &#273;&#7873; m&agrave; doanh nghi&#7879;p b&#7841;n &#273;ang g&#7863;p ph&#7843;i. Ch&uacute;ng t&ocirc;i s&#7869; cung c&#7845;p nh&#7919;ng gi&#7843;i ph&aacute;p t&#7889;i &#432;u nh&#7845;t!<br>\nNgo&agrave;i ra Thi&#7871;t B&#7883; C&ocirc;ng Ngh&#7879; V&#7841;n N&#259;ng Ch&uacute;ng T&ocirc;i lu&ocirc;n h&#432;&#7899;ng &#273;&#7871;n tr&#7843;i nghi&#7879;m kh&aacute;ch h&agrave;ng, v&igrave; v&#7853;y ch&uacute;ng t&ocirc;i c&oacute; nh&#7919;ng ch&iacute;nh s&aacute;ch b&#7843;o h&agrave;nh, b&#7843;o tr&igrave; &ndash; b&#7843;o d&#432;&#7905;ng, hi&#7879;u chu&#7849;n v&#7899;i t&#7845;t c&#7843; c&aacute;c thi&#7871;t b&#7883;, m&aacute;y m&oacute;c m&agrave; ch&uacute;ng t&ocirc;i cung c&#7845;p. &#272;&#7843;m b&#7843;o mang &#273;&#7871;n cho Kh&aacute;ch h&agrave;ng s&#7921; y&ecirc;n t&acirc;m tuy&#7879;t &#273;&#7889;i v&#7873; d&#7883;ch v&#7909; khi mua h&agrave;ng.<\/p><p>Xem th&ecirc;m: M&aacute;y D&ograve; XRD (XRD Detection Units) Anton Paar Model Pixos 2000<\/p><p>T&#7893;ng K&#7871;t<br>\nM&aacute;y &#272;o B&#7909;i M&#7883;n MIRICO Model MR-2540PM l&agrave; gi&#7843;i ph&aacute;p to&agrave;n di&#7879;n cho nhu c&#7847;u gi&aacute;m s&aacute;t kh&ocirc;ng kh&iacute; hi&#7879;n &#273;&#7841;i &ndash; ch&iacute;nh x&aacute;c, nhanh ch&oacute;ng v&agrave; d&#7877; t&iacute;ch h&#7907;p. V&#7899;i ch&#7913;ng nh&#7853;n hi&#7879;u n&#259;ng c&#7845;p 1, c&ocirc;ng ngh&#7879; quang t&aacute;n x&#7841; ti&ecirc;n ti&#7871;n v&agrave; kh&#7843; n&#259;ng k&#7871;t n&#7889;i IoT m&#7841;nh m&#7869;, s&#7843;n ph&#7849;m mang &#273;&#7871;n s&#7921; an t&acirc;m tuy&#7879;t &#273;&#7889;i trong qu&#7843;n l&yacute; ch&#7845;t l&#432;&#7907;ng kh&ocirc;ng kh&iacute; cho m&#7885;i m&ocirc;i tr&#432;&#7901;ng s&#7889;ng v&agrave; l&agrave;m vi&#7879;c. H&atilde;y li&ecirc;n h&#7879; v&#7899;i V&#7841;n N&#259;ng ngay &#273;&#7875; &#273;&#432;&#7907;c t&#432; v&#7845;n chuy&ecirc;n s&acirc;u v&agrave; nh&#7853;n nh&#7919;ng &#432;u &#273;&atilde;i h&#7845;p d&#7851;n nh&#7845;t th&ocirc;ng qua hotline0903 991 335 !<\/p><div style=\"background-color: #f8fafc; border: 1px solid #e2e8f0; border-radius: 8px; padding: 25px; max-width: 800px; margin: 30px auto; color: #334155; line-height: 1.8; font-size: 17px; box-shadow: 0 4px 6px -1px rgba(0,0,0,0.05); text-align: left; clear: both;\">\nC&ocirc;ng ty TNHH Th&#432;&#417;ng M&#7841;i D&#7883;ch V&#7909; Thi&#7871;t B&#7883; C&ocirc;ng Ngh&#7879; V&#7841;n N&#259;ng\n<p style=\"margin: 0 0 10px 0;\">&#128205; <strong style=\"color: #1e293b;\">&#272;&#7883;a ch&#7881;:<\/strong> <a style=\"color: #059669; text-decoration: none; font-weight: bold;\" href=\"https:\/\/www.google.com\/maps\/search\/C%C3%B4ng+ty+TNHH+Th%C6%B0%C6%A1ng+M%E1%BA%A1i+D%E1%BB%8Bch+V%E1%BB%A5+Thi%E1%BA%BFt+B%E1%BB%8B+C%C3%B4ng+Ngh%E1%BB%87+V%E1%BA%A1n+N%C4%83ng+818+Tr%C6%B0%E1%BB%9Dng+Chinh\" target=\"_blank\" rel=\"noopener\">818 Tr&#432;&#7901;ng Chinh, Ph&#432;&#7901;ng T&acirc;n S&#417;n, Th&agrave;nh ph&#7889; H&#7891; Ch&iacute; Minh, Vi&#7879;t Nam<\/a><\/p>\n<p style=\"margin: 0 0 10px 0;\">&#128222; <strong style=\"color: #1e293b;\">S&#272;T &ndash; Zalo:<\/strong> <a style=\"color: #059669; text-decoration: none; font-weight: bold;\" href=\"https:\/\/zalo.me\/0903991335\" target=\"_blank\" rel=\"noopener\">0903 991 335<\/a> <span style=\"color: #64748b; font-style: italic;\">(Ms. H&#7841;nh &ndash; Gi&aacute;m &#272;&#7889;c Kinh Doanh)<\/span><\/p>\n<p style=\"margin: 0;\">&#9993;&#65039; <strong style=\"color: #1e293b;\">Email:<\/strong> <a style=\"color: #059669; text-decoration: none; font-weight: bold;\" href=\"mailto:hienhanh@vannangvn.com\">hienhanh@vannangvn.com<\/a><\/p>\n<\/div><\/h1>","protected":false},"excerpt":{"rendered":"<p><strong>Th&#432;&#417;ng hi&#7879;u:<\/strong> MIRICO<br>\n<strong>Model:<\/strong> MR-2540PM<p>Product <strong>M&Aacute;Y &#272;O B&#7908;I M&#7882;N MIRICO MODEL MR-2540PM<\/strong> ch&iacute;nh h&atilde;ng. MIRICO (Korea)<br>\nMIRICO MR-2540PM l&agrave; m&aacute;y &#273;o b&#7909;i m&#7883;n s&#7917; d&#7909;ng c&ocirc;ng ngh&#7879; quang t&aacute;n x&#7841; (Optical Scattering) &#273;&#7875; &#273;o PM1, PM2.5, PM10 &#273;&#7891;ng th&#7901;i v&#7899;i &#273;&#7897; ch&iacute;nh x&aacute;c cao. Thi&#7871;t b&#7883; &#273;&#7841;t Ch&#7913;ng nh&#7853;n C&#7845;p 1 t&#7915; B&#7897; M&ocirc;i Tr&#432;&#7901;ng H&agrave;n Qu&#7889;c, l&yacute; t&#432;&#7903;ng cho gi&aacute;m s&aacute;t ch&#7845;t l&#432;&#7907;ng kh&ocirc;ng kh&iacute; trong tr&#432;&#7901;ng h&#7885;c, b&#7879;nh vi&#7879;n v&agrave; trung t&acirc;m th&#432;&#417;ng m&#7841;i.<\/p><\/p>","protected":false},"featured_media":0,"comment_status":"open","ping_status":"closed","template":"","meta":[],"product_brand":[],"product_cat":[18],"product_tag":[1434,109,116,181,211,363,1433],"class_list":{"0":"post-6484","1":"product","2":"type-product","3":"status-publish","5":"product_cat-chua-phan-loai","6":"product_tag-mr-2540pm","7":"product_tag-may","8":"product_tag-model","9":"product_tag-do","10":"product_tag-bui","11":"product_tag-mirico","12":"product_tag-min","14":"first","15":"instock","16":"shipping-taxable","17":"product-type-simple"},"yoast_head":"<!-- This site is optimized with the Yoast SEO Premium plugin v24.8 (Yoast SEO v24.8) - https:\/\/yoast.com\/wordpress\/plugins\/seo\/ -->\n<title>M\u00c1Y \u0110O B\u1ee4I M\u1ecaN MIRICO MODEL MR-2540PM ch\u00ednh h\u00e3ng | V\u1ea1n N\u0103ng<\/title>\n<meta name=\"description\" content=\"Mua ngay M\u00c1Y \u0110O B\u1ee4I M\u1ecaN MIRICO MODEL MR-2540PM ch\u00ednh h\u00e3ng. MIRICO MR-2540PM l\u00e0 m\u00e1y \u0111o b\u1ee5i m\u1ecbn s\u1eed d\u1ee5ng c\u00f4ng ngh\u1ec7 quang t\u00e1n x\u1ea1 (Opti... Gi\u00e1 t\u1ed1t!\" \/>\n<meta name=\"robots\" content=\"noindex, follow, max-snippet:-1, max-image-preview:large, max-video-preview:-1\" \/>\n<meta property=\"og:locale\" content=\"en_US\" \/>\n<meta property=\"og:type\" content=\"article\" \/>\n<meta property=\"og:title\" content=\"M\u00c1Y \u0110O B\u1ee4I M\u1ecaN MIRICO MODEL MR-2540PM\" \/>\n<meta property=\"og:description\" content=\"Mua ngay M\u00c1Y \u0110O B\u1ee4I M\u1ecaN MIRICO MODEL MR-2540PM ch\u00ednh h\u00e3ng. MIRICO MR-2540PM l\u00e0 m\u00e1y \u0111o b\u1ee5i m\u1ecbn s\u1eed d\u1ee5ng c\u00f4ng ngh\u1ec7 quang t\u00e1n x\u1ea1 (Opti... Gi\u00e1 t\u1ed1t!\" \/>\n<meta property=\"og:url\" content=\"https:\/\/vannangvn.123websitedev.com\/en\/product\/may-do-bui-min-mirico-model-mr-2540pm\/\" \/>\n<meta property=\"og:site_name\" content=\"Vannang.vn\" \/>\n<meta property=\"article:modified_time\" content=\"2026-03-30T11:21:15+00:00\" \/>\n<meta name=\"twitter:card\" content=\"summary_large_image\" \/>\n<meta name=\"twitter:label1\" content=\"Est. reading time\" \/>\n\t<meta name=\"twitter:data1\" content=\"10 minutes\" \/>\n<script type=\"application\/ld+json\" class=\"yoast-schema-graph\">{\"@context\":\"https:\/\/schema.org\",\"@graph\":[{\"@type\":\"WebPage\",\"@id\":\"https:\/\/vannangvn.123websitedev.com\/san-pham\/may-do-bui-min-mirico-model-mr-2540pm\/\",\"url\":\"https:\/\/vannangvn.123websitedev.com\/san-pham\/may-do-bui-min-mirico-model-mr-2540pm\/\",\"name\":\"M\u00c1Y \u0110O B\u1ee4I M\u1ecaN MIRICO MODEL MR-2540PM ch\u00ednh h\u00e3ng | V\u1ea1n N\u0103ng\",\"isPartOf\":{\"@id\":\"https:\/\/vannangvn.123websitedev.com\/#website\"},\"datePublished\":\"2026-03-20T10:30:14+00:00\",\"dateModified\":\"2026-03-30T11:21:15+00:00\",\"description\":\"Mua ngay M\u00c1Y \u0110O B\u1ee4I M\u1ecaN MIRICO MODEL MR-2540PM ch\u00ednh h\u00e3ng. MIRICO MR-2540PM l\u00e0 m\u00e1y \u0111o b\u1ee5i m\u1ecbn s\u1eed d\u1ee5ng c\u00f4ng ngh\u1ec7 quang t\u00e1n x\u1ea1 (Opti... Gi\u00e1 t\u1ed1t!\",\"breadcrumb\":{\"@id\":\"https:\/\/vannangvn.123websitedev.com\/san-pham\/may-do-bui-min-mirico-model-mr-2540pm\/#breadcrumb\"},\"inLanguage\":\"en-US\",\"potentialAction\":[{\"@type\":\"ReadAction\",\"target\":[\"https:\/\/vannangvn.123websitedev.com\/san-pham\/may-do-bui-min-mirico-model-mr-2540pm\/\"]}]},{\"@type\":\"BreadcrumbList\",\"@id\":\"https:\/\/vannangvn.123websitedev.com\/san-pham\/may-do-bui-min-mirico-model-mr-2540pm\/#breadcrumb\",\"itemListElement\":[{\"@type\":\"ListItem\",\"position\":1,\"name\":\"Trang ch\u1ee7\",\"item\":\"https:\/\/vannangvn.123websitedev.com\/\"},{\"@type\":\"ListItem\",\"position\":2,\"name\":\"S\u1ea3n ph\u1ea9m\",\"item\":\"https:\/\/vannangvn.123websitedev.com\/cua-hang\/\"},{\"@type\":\"ListItem\",\"position\":3,\"name\":\"M\u00c1Y \u0110O B\u1ee4I M\u1ecaN MIRICO MODEL MR-2540PM\"}]},{\"@type\":\"WebSite\",\"@id\":\"https:\/\/vannangvn.123websitedev.com\/#website\",\"url\":\"https:\/\/vannangvn.123websitedev.com\/\",\"name\":\"Vannang.vn\",\"description\":\"\",\"publisher\":{\"@id\":\"https:\/\/vannangvn.123websitedev.com\/#organization\"},\"potentialAction\":[{\"@type\":\"SearchAction\",\"target\":{\"@type\":\"EntryPoint\",\"urlTemplate\":\"https:\/\/vannangvn.123websitedev.com\/?s={search_term_string}\"},\"query-input\":{\"@type\":\"PropertyValueSpecification\",\"valueRequired\":true,\"valueName\":\"search_term_string\"}}],\"inLanguage\":\"en-US\"},{\"@type\":\"Organization\",\"@id\":\"https:\/\/vannangvn.123websitedev.com\/#organization\",\"name\":\"Vannang.vn\",\"url\":\"https:\/\/vannangvn.123websitedev.com\/\",\"logo\":{\"@type\":\"ImageObject\",\"inLanguage\":\"en-US\",\"@id\":\"https:\/\/vannangvn.123websitedev.com\/#\/schema\/logo\/image\/\",\"url\":\"https:\/\/vannangvn.123websitedev.com\/wp-content\/uploads\/2026\/02\/logo-van-nang-02.png\",\"contentUrl\":\"https:\/\/vannangvn.123websitedev.com\/wp-content\/uploads\/2026\/02\/logo-van-nang-02.png\",\"width\":448,\"height\":111,\"caption\":\"Vannang.vn\"},\"image\":{\"@id\":\"https:\/\/vannangvn.123websitedev.com\/#\/schema\/logo\/image\/\"}}]}<\/script>\n<!-- \/ Yoast SEO Premium plugin. -->","yoast_head_json":{"title":"M\u00c1Y \u0110O B\u1ee4I M\u1ecaN MIRICO MODEL MR-2540PM ch\u00ednh h\u00e3ng | V\u1ea1n N\u0103ng","description":"Mua ngay M\u00c1Y \u0110O B\u1ee4I M\u1ecaN MIRICO MODEL MR-2540PM ch\u00ednh h\u00e3ng. MIRICO MR-2540PM l\u00e0 m\u00e1y \u0111o b\u1ee5i m\u1ecbn s\u1eed d\u1ee5ng c\u00f4ng ngh\u1ec7 quang t\u00e1n x\u1ea1 (Opti... Gi\u00e1 t\u1ed1t!","robots":{"index":"noindex","follow":"follow","max-snippet":"max-snippet:-1","max-image-preview":"max-image-preview:large","max-video-preview":"max-video-preview:-1"},"og_locale":"en_US","og_type":"article","og_title":"M\u00c1Y \u0110O B\u1ee4I M\u1ecaN MIRICO MODEL MR-2540PM","og_description":"Mua ngay M\u00c1Y \u0110O B\u1ee4I M\u1ecaN MIRICO MODEL MR-2540PM ch\u00ednh h\u00e3ng. MIRICO MR-2540PM l\u00e0 m\u00e1y \u0111o b\u1ee5i m\u1ecbn s\u1eed d\u1ee5ng c\u00f4ng ngh\u1ec7 quang t\u00e1n x\u1ea1 (Opti... Gi\u00e1 t\u1ed1t!","og_url":"https:\/\/vannangvn.123websitedev.com\/en\/product\/may-do-bui-min-mirico-model-mr-2540pm\/","og_site_name":"Vannang.vn","article_modified_time":"2026-03-30T11:21:15+00:00","twitter_card":"summary_large_image","twitter_misc":{"Est. reading time":"10 minutes"},"schema":{"@context":"https:\/\/schema.org","@graph":[{"@type":"WebPage","@id":"https:\/\/vannangvn.123websitedev.com\/san-pham\/may-do-bui-min-mirico-model-mr-2540pm\/","url":"https:\/\/vannangvn.123websitedev.com\/san-pham\/may-do-bui-min-mirico-model-mr-2540pm\/","name":"M\u00c1Y \u0110O B\u1ee4I M\u1ecaN MIRICO MODEL MR-2540PM ch\u00ednh h\u00e3ng | V\u1ea1n N\u0103ng","isPartOf":{"@id":"https:\/\/vannangvn.123websitedev.com\/#website"},"datePublished":"2026-03-20T10:30:14+00:00","dateModified":"2026-03-30T11:21:15+00:00","description":"Mua ngay M\u00c1Y \u0110O B\u1ee4I M\u1ecaN MIRICO MODEL MR-2540PM ch\u00ednh h\u00e3ng. MIRICO MR-2540PM l\u00e0 m\u00e1y \u0111o b\u1ee5i m\u1ecbn s\u1eed d\u1ee5ng c\u00f4ng ngh\u1ec7 quang t\u00e1n x\u1ea1 (Opti... Gi\u00e1 t\u1ed1t!","breadcrumb":{"@id":"https:\/\/vannangvn.123websitedev.com\/san-pham\/may-do-bui-min-mirico-model-mr-2540pm\/#breadcrumb"},"inLanguage":"en-US","potentialAction":[{"@type":"ReadAction","target":["https:\/\/vannangvn.123websitedev.com\/san-pham\/may-do-bui-min-mirico-model-mr-2540pm\/"]}]},{"@type":"BreadcrumbList","@id":"https:\/\/vannangvn.123websitedev.com\/san-pham\/may-do-bui-min-mirico-model-mr-2540pm\/#breadcrumb","itemListElement":[{"@type":"ListItem","position":1,"name":"Trang ch\u1ee7","item":"https:\/\/vannangvn.123websitedev.com\/"},{"@type":"ListItem","position":2,"name":"S\u1ea3n ph\u1ea9m","item":"https:\/\/vannangvn.123websitedev.com\/cua-hang\/"},{"@type":"ListItem","position":3,"name":"M\u00c1Y \u0110O B\u1ee4I M\u1ecaN MIRICO MODEL MR-2540PM"}]},{"@type":"WebSite","@id":"https:\/\/vannangvn.123websitedev.com\/#website","url":"https:\/\/vannangvn.123websitedev.com\/","name":"Vannang.vn","description":"","publisher":{"@id":"https:\/\/vannangvn.123websitedev.com\/#organization"},"potentialAction":[{"@type":"SearchAction","target":{"@type":"EntryPoint","urlTemplate":"https:\/\/vannangvn.123websitedev.com\/?s={search_term_string}"},"query-input":{"@type":"PropertyValueSpecification","valueRequired":true,"valueName":"search_term_string"}}],"inLanguage":"en-US"},{"@type":"Organization","@id":"https:\/\/vannangvn.123websitedev.com\/#organization","name":"Vannang.vn","url":"https:\/\/vannangvn.123websitedev.com\/","logo":{"@type":"ImageObject","inLanguage":"en-US","@id":"https:\/\/vannangvn.123websitedev.com\/#\/schema\/logo\/image\/","url":"https:\/\/vannangvn.123websitedev.com\/wp-content\/uploads\/2026\/02\/logo-van-nang-02.png","contentUrl":"https:\/\/vannangvn.123websitedev.com\/wp-content\/uploads\/2026\/02\/logo-van-nang-02.png","width":448,"height":111,"caption":"Vannang.vn"},"image":{"@id":"https:\/\/vannangvn.123websitedev.com\/#\/schema\/logo\/image\/"}}]}},"_links":{"self":[{"href":"https:\/\/vannangvn.123websitedev.com\/en\/wp-json\/wp\/v2\/product\/6484","targetHints":{"allow":["GET"]}}],"collection":[{"href":"https:\/\/vannangvn.123websitedev.com\/en\/wp-json\/wp\/v2\/product"}],"about":[{"href":"https:\/\/vannangvn.123websitedev.com\/en\/wp-json\/wp\/v2\/types\/product"}],"replies":[{"embeddable":true,"href":"https:\/\/vannangvn.123websitedev.com\/en\/wp-json\/wp\/v2\/comments?post=6484"}],"wp:attachment":[{"href":"https:\/\/vannangvn.123websitedev.com\/en\/wp-json\/wp\/v2\/media?parent=6484"}],"wp:term":[{"taxonomy":"product_brand","embeddable":true,"href":"https:\/\/vannangvn.123websitedev.com\/en\/wp-json\/wp\/v2\/product_brand?post=6484"},{"taxonomy":"product_cat","embeddable":true,"href":"https:\/\/vannangvn.123websitedev.com\/en\/wp-json\/wp\/v2\/product_cat?post=6484"},{"taxonomy":"product_tag","embeddable":true,"href":"https:\/\/vannangvn.123websitedev.com\/en\/wp-json\/wp\/v2\/product_tag?post=6484"}],"curies":[{"name":"wp","href":"https:\/\/api.w.org\/{rel}","templated":true}]}}