{"id":6491,"date":"2026-03-20T17:30:21","date_gmt":"2026-03-20T10:30:21","guid":{"rendered":"https:\/\/vannangvn.123websitedev.com\/san-pham\/may-do-chat-luong-khong-khi-pce-instruments-model-pce-pth-10\/"},"modified":"2026-03-30T18:21:25","modified_gmt":"2026-03-30T11:21:25","slug":"may-do-chat-luong-khong-khi-pce-instruments-model-pce-pth-10","status":"publish","type":"product","link":"https:\/\/vannangvn.123websitedev.com\/en\/product\/may-do-chat-luong-khong-khi-pce-instruments-model-pce-pth-10\/","title":{"rendered":"M\u00c1Y \u0110O CH\u1ea4T L\u01af\u1ee2NG KH\u00d4NG KH\u00cd PCE INSTRUMENTS MODEL PCE-PTH 10"},"content":{"rendered":"<h1 style=\"color: red; font-weight: bold; font-size: 24px;\">T&#7893;ng quan s&#7843;n ph&#7849;m M&Aacute;Y &#272;O CH&#7844;T L&#431;&#7906;NG KH&Ocirc;NG KH&Iacute; PCE INSTRUMENTS MODEL PCE-PTH 10<p>M&aacute;y &#272;o Ch&#7845;t L&#432;&#7907;ng Kh&ocirc;ng Kh&iacute; (Air Quality Meter) PCE Instruments Model PCE-PTH 10<br>\nThi&#7871;t B&#7883; &#272;o Ch&#7845;t L&#432;&#7907;ng Kh&ocirc;ng Kh&iacute; PCE-PTH 10 l&agrave; thi&#7871;t b&#7883; &#273;o l&#432;&#7901;ng chuy&ecirc;n d&#7909;ng &#273;&#432;&#7907;c thi&#7871;t k&#7871; &#273;&#7875; &#273;o nhi&#7879;t &#273;&#7897; v&agrave; &#273;&#7897; &#7849;m t&#432;&#417;ng &#273;&#7889;i. V&#7899;i k&iacute;ch th&#432;&#7899;c nh&#7887; g&#7885;n, m&agrave;n h&igrave;nh hi&#7875;n th&#7883; r&otilde; n&eacute;t v&agrave; nhi&#7873;u t&iacute;nh n&#259;ng n&#7893;i b&#7853;t, thi&#7871;t b&#7883; n&agrave;y l&agrave; s&#7921; l&#7921;a ch&#7885;n l&yacute; t&#432;&#7903;ng cho c&aacute;c &#7913;ng d&#7909;ng gi&aacute;m s&aacute;t &#273;i&#7873;u ki&#7879;n kh&iacute; h&#7853;u trong nhi&#7873;u m&ocirc;i tr&#432;&#7901;ng kh&aacute;c nhau. H&atilde;y c&ugrave;ng V&#7841;n N&#259;ng t&igrave;m hi&#7875;u chi ti&#7871;t h&#417;n v&#7873; s&#7843;n ph&#7849;m th&ocirc;ng qua b&agrave;i vi&#7871;t d&#432;&#7899;i &#273;&acirc;y!<\/p><h2 style=\"color: #2e7d32; font-weight: bold; font-size: 20px;\">&#272;&#7863;c &#272;i&#7875;m N&#7893;i B&#7853;t C&#7911;a PCE-PTH 10<\/h2><p>Thi&#7871;t k&#7871; nh&#7887; g&#7885;n v&agrave; ti&#7879;n l&#7907;i<br>\nM&aacute;y &#272;o PCE-PTH 10 c&oacute; k&iacute;ch th&#432;&#7899;c nh&#7887;, d&#7877; d&agrave;ng mang theo, ph&ugrave; h&#7907;p cho c&aacute;c c&ocirc;ng vi&#7879;c &#273;o l&#432;&#7901;ng c&#7847;n t&iacute;nh linh ho&#7841;t cao. Thi&#7871;t k&#7871; t&#7889;i gi&#7843;n nh&#432;ng kh&ocirc;ng k&eacute;m ph&#7847;n hi&#7879;n &#273;&#7841;i gi&uacute;p ng&#432;&#7901;i d&ugrave;ng d&#7877; d&agrave;ng s&#7917; d&#7909;ng v&agrave; &#273;&#7885;c k&#7871;t qu&#7843;.<br>\nD&#7843;i &#273;o r&#7897;ng<\/p><p>Nhi&#7879;t &#273;&#7897;: t&#7915; -10&deg;C &#273;&#7871;n 50&deg;C (14&deg;F &#273;&#7871;n 122&deg;F), ph&ugrave; h&#7907;p &#273;&#7875; &#273;o l&#432;&#7901;ng trong c&aacute;c &#273;i&#7873;u ki&#7879;n m&ocirc;i tr&#432;&#7901;ng kh&aacute;c nhau, t&#7915; v&#259;n ph&ograve;ng, nh&agrave; kho &#273;&#7871;n m&ocirc;i tr&#432;&#7901;ng l&#7841;nh.<br>\n&#272;&#7897; &#7849;m: t&#7915; 20% &#273;&#7871;n 90% RH, PCE PTH10 gi&uacute;p &#273;&aacute;nh gi&aacute; &#273;&#7897; &#7849;m kh&ocirc;ng kh&iacute; hi&#7879;u qu&#7843; trong nhi&#7873;u &#7913;ng d&#7909;ng nh&#432; kho b&#7843;o qu&#7843;n hay ph&ograve;ng s&#7841;ch.<\/p><p>Ch&#7913;c n&#259;ng MIN\/MAX<br>\nThi&#7871;t B&#7883; &#272;o Ch&#7845;t L&#432;&#7907;ng Kh&ocirc;ng Kh&iacute; PCE-PTH 10 t&iacute;ch h&#7907;p ch&#7913;c n&#259;ng MIN\/MAX, cho ph&eacute;p ghi l&#7841;i gi&aacute; tr&#7883; &#273;o nh&#7887; nh&#7845;t v&agrave; l&#7899;n nh&#7845;t trong su&#7889;t qu&aacute; tr&igrave;nh &#273;o. T&iacute;nh n&#259;ng n&agrave;y &#273;&#7863;c bi&#7879;t h&#7919;u &iacute;ch trong vi&#7879;c theo d&otilde;i s&#7921; thay &#273;&#7893;i c&#7911;a &#273;i&#7873;u ki&#7879;n m&ocirc;i tr&#432;&#7901;ng theo th&#7901;i gian.<\/p><p>Ti&#7871;t ki&#7879;m n&#259;ng l&#432;&#7907;ng<br>\nV&#7899;i m&#7913;c ti&ecirc;u th&#7909; &#273;i&#7879;n n&#259;ng c&#7921;c th&#7845;p (0903 991 335 !<\/p><div style=\"background-color: #f8fafc; border: 1px solid #e2e8f0; border-radius: 8px; padding: 25px; max-width: 800px; margin: 30px auto; color: #334155; line-height: 1.8; font-size: 17px; box-shadow: 0 4px 6px -1px rgba(0,0,0,0.05); text-align: left; clear: both;\">\nC&ocirc;ng ty TNHH Th&#432;&#417;ng M&#7841;i D&#7883;ch V&#7909; Thi&#7871;t B&#7883; C&ocirc;ng Ngh&#7879; V&#7841;n N&#259;ng\n<p style=\"margin: 0 0 10px 0;\">&#128205; <strong style=\"color: #1e293b;\">&#272;&#7883;a ch&#7881;:<\/strong> <a style=\"color: #059669; text-decoration: none; font-weight: bold;\" href=\"https:\/\/www.google.com\/maps\/search\/C%C3%B4ng+ty+TNHH+Th%C6%B0%C6%A1ng+M%E1%BA%A1i+D%E1%BB%8Bch+V%E1%BB%A5+Thi%E1%BA%BFt+B%E1%BB%8B+C%C3%B4ng+Ngh%E1%BB%87+V%E1%BA%A1n+N%C4%83ng+818+Tr%C6%B0%E1%BB%9Dng+Chinh\" target=\"_blank\" rel=\"noopener\">818 Tr&#432;&#7901;ng Chinh, Ph&#432;&#7901;ng T&acirc;n S&#417;n, Th&agrave;nh ph&#7889; H&#7891; Ch&iacute; Minh, Vi&#7879;t Nam<\/a><\/p>\n<p style=\"margin: 0 0 10px 0;\">&#128222; <strong style=\"color: #1e293b;\">S&#272;T &ndash; Zalo:<\/strong> <a style=\"color: #059669; text-decoration: none; font-weight: bold;\" href=\"https:\/\/zalo.me\/0903991335\" target=\"_blank\" rel=\"noopener\">0903 991 335<\/a> <span style=\"color: #64748b; font-style: italic;\">(Ms. H&#7841;nh &ndash; Gi&aacute;m &#272;&#7889;c Kinh Doanh)<\/span><\/p>\n<p style=\"margin: 0;\">&#9993;&#65039; <strong style=\"color: #1e293b;\">Email:<\/strong> <a style=\"color: #059669; text-decoration: none; font-weight: bold;\" href=\"mailto:hienhanh@vannangvn.com\">hienhanh@vannangvn.com<\/a><\/p>\n<\/div><\/h1>","protected":false},"excerpt":{"rendered":"<p><strong>Th&#432;&#417;ng hi&#7879;u:<\/strong> Thi&#7871;t B&#7883; &#272;o Ch&#7845;t L&#432;&#7907;ng Kh&ocirc;ng Kh&iacute; PCE-PTH 10 l&agrave; thi&#7871;t b&#7883; &#273;o l&#432;&#7901;ng chuy&ecirc;n d&#7909;ng &#273;&#432;&#7907;c thi&#7871;t k&#7871; &#273;&#7875; &#273;o nhi&#7879;t &#273;&#7897; v&agrave; &#273;&#7897; &#7849;m t&#432;&#417;ng &#273;&#7889;i. V&#7899;i k&iacute;ch th&#432;&#7899;c nh&#7887; g&#7885;n, m&agrave;n h&igrave;nh hi&#7875;n th&#7883; r&otilde; n&eacute;t v&agrave; nhi&#7873;u t&iacute;nh n&#259;ng n&#7893;i b&#7853;t, thi&#7871;t b&#7883; n&agrave;y l&agrave; s&#7921; l&#7921;a ch&#7885;n l&yacute; t&#432;&#7903;ng cho c&aacute;c &#7913;ng d&#7909;ng gi&aacute;m s&aacute;t &#273;i&#7873;u ki&#7879;n kh&iacute; h&#7853;u trong nhi&#7873;u m&ocirc;i tr&#432;&#7901;ng kh&aacute;c nhau.<br>\n<strong>Model:<\/strong> PCE-PTH 10<p>Product <strong>M&Aacute;Y &#272;O CH&#7844;T L&#431;&#7906;NG KH&Ocirc;NG KH&Iacute; PCE INSTRUMENTS MODEL PCE-PTH 10<\/strong> ch&iacute;nh h&atilde;ng. Thi&#7871;t B&#7883; &#272;o Ch&#7845;t L&#432;&#7907;ng Kh&ocirc;ng Kh&iacute; PCE-PTH 10 l&agrave; thi&#7871;t b&#7883; &#273;o l&#432;&#7901;ng chuy&ecirc;n d&#7909;ng &#273;&#432;&#7907;c thi&#7871;t k&#7871; &#273;&#7875; &#273;o nhi&#7879;t &#273;&#7897; v&agrave; &#273;&#7897; &#7849;m t&#432;&#417;ng &#273;&#7889;i. V&#7899;i k&iacute;ch th&#432;&#7899;c nh&#7887; g&#7885;n, m&agrave;n h&igrave;nh hi&#7875;n th&#7883; r&otilde; n&eacute;t v&agrave; nhi&#7873;u t&iacute;nh n&#259;ng n&#7893;i b&#7853;t, thi&#7871;t b&#7883; n&agrave;y l&agrave; s&#7921; l&#7921;a ch&#7885;n l&yacute; t&#432;&#7903;ng cho c&aacute;c &#7913;ng d&#7909;ng gi&aacute;m s&aacute;t &#273;i&#7873;u ki&#7879;n kh&iacute; h&#7853;u trong nhi&#7873;u m&ocirc;i tr&#432;&#7901;ng kh&aacute;c nhau.<\/p><\/p>","protected":false},"featured_media":10459,"comment_status":"open","ping_status":"closed","template":"","meta":[],"product_brand":[],"product_cat":[18],"product_tag":[181,285,320,346,361,581,590,930,1446,109,116],"class_list":{"0":"post-6491","1":"product","2":"type-product","3":"status-publish","4":"has-post-thumbnail","6":"product_cat-chua-phan-loai","7":"product_tag-do","8":"product_tag-khong","9":"product_tag-luong","10":"product_tag-pce","11":"product_tag-khi","12":"product_tag-instruments","13":"product_tag-chat","14":"product_tag-930","15":"product_tag-pce-pth","16":"product_tag-may","17":"product_tag-model","19":"first","20":"instock","21":"shipping-taxable","22":"product-type-simple"},"yoast_head":"<!-- This site is optimized with the Yoast SEO Premium plugin v24.8 (Yoast SEO v24.8) - https:\/\/yoast.com\/wordpress\/plugins\/seo\/ -->\n<title>M\u00c1Y \u0110O CH\u1ea4T L\u01af\u1ee2NG KH\u00d4NG KH\u00cd PCE INS... ch\u00ednh h\u00e3ng | V\u1ea1n N\u0103ng<\/title>\n<meta name=\"description\" content=\"Mua ngay M\u00c1Y \u0110O CH\u1ea4T L\u01af\u1ee2NG KH\u00d4NG KH\u00cd PCE INSTRUMENTS MODEL PCE-PTH 10 ch\u00ednh h\u00e3ng. Gi\u00e1 t\u1ed1t!\" \/>\n<meta name=\"robots\" content=\"noindex, follow, max-snippet:-1, max-image-preview:large, max-video-preview:-1\" \/>\n<meta property=\"og:locale\" content=\"en_US\" \/>\n<meta property=\"og:type\" content=\"article\" \/>\n<meta property=\"og:title\" content=\"M\u00c1Y \u0110O CH\u1ea4T L\u01af\u1ee2NG KH\u00d4NG KH\u00cd PCE INSTRUMENTS MODEL PCE-PTH 10\" \/>\n<meta property=\"og:description\" content=\"Mua ngay M\u00c1Y \u0110O CH\u1ea4T L\u01af\u1ee2NG KH\u00d4NG KH\u00cd PCE INSTRUMENTS MODEL PCE-PTH 10 ch\u00ednh h\u00e3ng. Gi\u00e1 t\u1ed1t!\" \/>\n<meta property=\"og:url\" content=\"https:\/\/vannangvn.123websitedev.com\/en\/product\/may-do-chat-luong-khong-khi-pce-instruments-model-pce-pth-10\/\" \/>\n<meta property=\"og:site_name\" content=\"Vannang.vn\" \/>\n<meta property=\"article:modified_time\" content=\"2026-03-30T11:21:25+00:00\" \/>\n<meta property=\"og:image\" content=\"http:\/\/vannangvn.123websitedev.com\/wp-content\/uploads\/2026\/03\/PCE-PTH-10-NO.1-copy.jpg\" \/>\n\t<meta property=\"og:image:width\" content=\"768\" \/>\n\t<meta property=\"og:image:height\" content=\"576\" \/>\n\t<meta property=\"og:image:type\" content=\"image\/jpeg\" \/>\n<meta name=\"twitter:card\" content=\"summary_large_image\" \/>\n<meta name=\"twitter:label1\" content=\"Est. reading time\" \/>\n\t<meta name=\"twitter:data1\" content=\"2 minutes\" \/>\n<script type=\"application\/ld+json\" class=\"yoast-schema-graph\">{\"@context\":\"https:\/\/schema.org\",\"@graph\":[{\"@type\":\"WebPage\",\"@id\":\"https:\/\/vannangvn.123websitedev.com\/san-pham\/may-do-chat-luong-khong-khi-pce-instruments-model-pce-pth-10\/\",\"url\":\"https:\/\/vannangvn.123websitedev.com\/san-pham\/may-do-chat-luong-khong-khi-pce-instruments-model-pce-pth-10\/\",\"name\":\"M\u00c1Y \u0110O CH\u1ea4T L\u01af\u1ee2NG KH\u00d4NG KH\u00cd PCE INS... ch\u00ednh h\u00e3ng | V\u1ea1n N\u0103ng\",\"isPartOf\":{\"@id\":\"https:\/\/vannangvn.123websitedev.com\/#website\"},\"primaryImageOfPage\":{\"@id\":\"https:\/\/vannangvn.123websitedev.com\/san-pham\/may-do-chat-luong-khong-khi-pce-instruments-model-pce-pth-10\/#primaryimage\"},\"image\":{\"@id\":\"https:\/\/vannangvn.123websitedev.com\/san-pham\/may-do-chat-luong-khong-khi-pce-instruments-model-pce-pth-10\/#primaryimage\"},\"thumbnailUrl\":\"https:\/\/vannangvn.123websitedev.com\/wp-content\/uploads\/2026\/03\/PCE-PTH-10-NO.1-copy.jpg\",\"datePublished\":\"2026-03-20T10:30:21+00:00\",\"dateModified\":\"2026-03-30T11:21:25+00:00\",\"description\":\"Mua ngay M\u00c1Y \u0110O CH\u1ea4T L\u01af\u1ee2NG KH\u00d4NG KH\u00cd PCE INSTRUMENTS MODEL PCE-PTH 10 ch\u00ednh h\u00e3ng. Gi\u00e1 t\u1ed1t!\",\"breadcrumb\":{\"@id\":\"https:\/\/vannangvn.123websitedev.com\/san-pham\/may-do-chat-luong-khong-khi-pce-instruments-model-pce-pth-10\/#breadcrumb\"},\"inLanguage\":\"en-US\",\"potentialAction\":[{\"@type\":\"ReadAction\",\"target\":[\"https:\/\/vannangvn.123websitedev.com\/san-pham\/may-do-chat-luong-khong-khi-pce-instruments-model-pce-pth-10\/\"]}]},{\"@type\":\"ImageObject\",\"inLanguage\":\"en-US\",\"@id\":\"https:\/\/vannangvn.123websitedev.com\/san-pham\/may-do-chat-luong-khong-khi-pce-instruments-model-pce-pth-10\/#primaryimage\",\"url\":\"https:\/\/vannangvn.123websitedev.com\/wp-content\/uploads\/2026\/03\/PCE-PTH-10-NO.1-copy.jpg\",\"contentUrl\":\"https:\/\/vannangvn.123websitedev.com\/wp-content\/uploads\/2026\/03\/PCE-PTH-10-NO.1-copy.jpg\",\"width\":768,\"height\":576},{\"@type\":\"BreadcrumbList\",\"@id\":\"https:\/\/vannangvn.123websitedev.com\/san-pham\/may-do-chat-luong-khong-khi-pce-instruments-model-pce-pth-10\/#breadcrumb\",\"itemListElement\":[{\"@type\":\"ListItem\",\"position\":1,\"name\":\"Trang ch\u1ee7\",\"item\":\"https:\/\/vannangvn.123websitedev.com\/\"},{\"@type\":\"ListItem\",\"position\":2,\"name\":\"S\u1ea3n ph\u1ea9m\",\"item\":\"https:\/\/vannangvn.123websitedev.com\/cua-hang\/\"},{\"@type\":\"ListItem\",\"position\":3,\"name\":\"M\u00c1Y \u0110O CH\u1ea4T L\u01af\u1ee2NG KH\u00d4NG KH\u00cd PCE INSTRUMENTS MODEL PCE-PTH 10\"}]},{\"@type\":\"WebSite\",\"@id\":\"https:\/\/vannangvn.123websitedev.com\/#website\",\"url\":\"https:\/\/vannangvn.123websitedev.com\/\",\"name\":\"Vannang.vn\",\"description\":\"\",\"publisher\":{\"@id\":\"https:\/\/vannangvn.123websitedev.com\/#organization\"},\"potentialAction\":[{\"@type\":\"SearchAction\",\"target\":{\"@type\":\"EntryPoint\",\"urlTemplate\":\"https:\/\/vannangvn.123websitedev.com\/?s={search_term_string}\"},\"query-input\":{\"@type\":\"PropertyValueSpecification\",\"valueRequired\":true,\"valueName\":\"search_term_string\"}}],\"inLanguage\":\"en-US\"},{\"@type\":\"Organization\",\"@id\":\"https:\/\/vannangvn.123websitedev.com\/#organization\",\"name\":\"Vannang.vn\",\"url\":\"https:\/\/vannangvn.123websitedev.com\/\",\"logo\":{\"@type\":\"ImageObject\",\"inLanguage\":\"en-US\",\"@id\":\"https:\/\/vannangvn.123websitedev.com\/#\/schema\/logo\/image\/\",\"url\":\"https:\/\/vannangvn.123websitedev.com\/wp-content\/uploads\/2026\/02\/logo-van-nang-02.png\",\"contentUrl\":\"https:\/\/vannangvn.123websitedev.com\/wp-content\/uploads\/2026\/02\/logo-van-nang-02.png\",\"width\":448,\"height\":111,\"caption\":\"Vannang.vn\"},\"image\":{\"@id\":\"https:\/\/vannangvn.123websitedev.com\/#\/schema\/logo\/image\/\"}}]}<\/script>\n<!-- \/ Yoast SEO Premium plugin. -->","yoast_head_json":{"title":"M\u00c1Y \u0110O CH\u1ea4T L\u01af\u1ee2NG KH\u00d4NG KH\u00cd PCE INS... ch\u00ednh h\u00e3ng | V\u1ea1n N\u0103ng","description":"Mua ngay M\u00c1Y \u0110O CH\u1ea4T L\u01af\u1ee2NG KH\u00d4NG KH\u00cd PCE INSTRUMENTS MODEL PCE-PTH 10 ch\u00ednh h\u00e3ng. Gi\u00e1 t\u1ed1t!","robots":{"index":"noindex","follow":"follow","max-snippet":"max-snippet:-1","max-image-preview":"max-image-preview:large","max-video-preview":"max-video-preview:-1"},"og_locale":"en_US","og_type":"article","og_title":"M\u00c1Y \u0110O CH\u1ea4T L\u01af\u1ee2NG KH\u00d4NG KH\u00cd PCE INSTRUMENTS MODEL PCE-PTH 10","og_description":"Mua ngay M\u00c1Y \u0110O CH\u1ea4T L\u01af\u1ee2NG KH\u00d4NG KH\u00cd PCE INSTRUMENTS MODEL PCE-PTH 10 ch\u00ednh h\u00e3ng. Gi\u00e1 t\u1ed1t!","og_url":"https:\/\/vannangvn.123websitedev.com\/en\/product\/may-do-chat-luong-khong-khi-pce-instruments-model-pce-pth-10\/","og_site_name":"Vannang.vn","article_modified_time":"2026-03-30T11:21:25+00:00","og_image":[{"width":768,"height":576,"url":"http:\/\/vannangvn.123websitedev.com\/wp-content\/uploads\/2026\/03\/PCE-PTH-10-NO.1-copy.jpg","type":"image\/jpeg"}],"twitter_card":"summary_large_image","twitter_misc":{"Est. reading time":"2 minutes"},"schema":{"@context":"https:\/\/schema.org","@graph":[{"@type":"WebPage","@id":"https:\/\/vannangvn.123websitedev.com\/san-pham\/may-do-chat-luong-khong-khi-pce-instruments-model-pce-pth-10\/","url":"https:\/\/vannangvn.123websitedev.com\/san-pham\/may-do-chat-luong-khong-khi-pce-instruments-model-pce-pth-10\/","name":"M\u00c1Y \u0110O CH\u1ea4T L\u01af\u1ee2NG KH\u00d4NG KH\u00cd PCE INS... ch\u00ednh h\u00e3ng | V\u1ea1n N\u0103ng","isPartOf":{"@id":"https:\/\/vannangvn.123websitedev.com\/#website"},"primaryImageOfPage":{"@id":"https:\/\/vannangvn.123websitedev.com\/san-pham\/may-do-chat-luong-khong-khi-pce-instruments-model-pce-pth-10\/#primaryimage"},"image":{"@id":"https:\/\/vannangvn.123websitedev.com\/san-pham\/may-do-chat-luong-khong-khi-pce-instruments-model-pce-pth-10\/#primaryimage"},"thumbnailUrl":"https:\/\/vannangvn.123websitedev.com\/wp-content\/uploads\/2026\/03\/PCE-PTH-10-NO.1-copy.jpg","datePublished":"2026-03-20T10:30:21+00:00","dateModified":"2026-03-30T11:21:25+00:00","description":"Mua ngay M\u00c1Y \u0110O CH\u1ea4T L\u01af\u1ee2NG KH\u00d4NG KH\u00cd PCE INSTRUMENTS MODEL PCE-PTH 10 ch\u00ednh h\u00e3ng. Gi\u00e1 t\u1ed1t!","breadcrumb":{"@id":"https:\/\/vannangvn.123websitedev.com\/san-pham\/may-do-chat-luong-khong-khi-pce-instruments-model-pce-pth-10\/#breadcrumb"},"inLanguage":"en-US","potentialAction":[{"@type":"ReadAction","target":["https:\/\/vannangvn.123websitedev.com\/san-pham\/may-do-chat-luong-khong-khi-pce-instruments-model-pce-pth-10\/"]}]},{"@type":"ImageObject","inLanguage":"en-US","@id":"https:\/\/vannangvn.123websitedev.com\/san-pham\/may-do-chat-luong-khong-khi-pce-instruments-model-pce-pth-10\/#primaryimage","url":"https:\/\/vannangvn.123websitedev.com\/wp-content\/uploads\/2026\/03\/PCE-PTH-10-NO.1-copy.jpg","contentUrl":"https:\/\/vannangvn.123websitedev.com\/wp-content\/uploads\/2026\/03\/PCE-PTH-10-NO.1-copy.jpg","width":768,"height":576},{"@type":"BreadcrumbList","@id":"https:\/\/vannangvn.123websitedev.com\/san-pham\/may-do-chat-luong-khong-khi-pce-instruments-model-pce-pth-10\/#breadcrumb","itemListElement":[{"@type":"ListItem","position":1,"name":"Trang ch\u1ee7","item":"https:\/\/vannangvn.123websitedev.com\/"},{"@type":"ListItem","position":2,"name":"S\u1ea3n ph\u1ea9m","item":"https:\/\/vannangvn.123websitedev.com\/cua-hang\/"},{"@type":"ListItem","position":3,"name":"M\u00c1Y \u0110O CH\u1ea4T L\u01af\u1ee2NG KH\u00d4NG KH\u00cd PCE INSTRUMENTS MODEL PCE-PTH 10"}]},{"@type":"WebSite","@id":"https:\/\/vannangvn.123websitedev.com\/#website","url":"https:\/\/vannangvn.123websitedev.com\/","name":"Vannang.vn","description":"","publisher":{"@id":"https:\/\/vannangvn.123websitedev.com\/#organization"},"potentialAction":[{"@type":"SearchAction","target":{"@type":"EntryPoint","urlTemplate":"https:\/\/vannangvn.123websitedev.com\/?s={search_term_string}"},"query-input":{"@type":"PropertyValueSpecification","valueRequired":true,"valueName":"search_term_string"}}],"inLanguage":"en-US"},{"@type":"Organization","@id":"https:\/\/vannangvn.123websitedev.com\/#organization","name":"Vannang.vn","url":"https:\/\/vannangvn.123websitedev.com\/","logo":{"@type":"ImageObject","inLanguage":"en-US","@id":"https:\/\/vannangvn.123websitedev.com\/#\/schema\/logo\/image\/","url":"https:\/\/vannangvn.123websitedev.com\/wp-content\/uploads\/2026\/02\/logo-van-nang-02.png","contentUrl":"https:\/\/vannangvn.123websitedev.com\/wp-content\/uploads\/2026\/02\/logo-van-nang-02.png","width":448,"height":111,"caption":"Vannang.vn"},"image":{"@id":"https:\/\/vannangvn.123websitedev.com\/#\/schema\/logo\/image\/"}}]}},"_links":{"self":[{"href":"https:\/\/vannangvn.123websitedev.com\/en\/wp-json\/wp\/v2\/product\/6491","targetHints":{"allow":["GET"]}}],"collection":[{"href":"https:\/\/vannangvn.123websitedev.com\/en\/wp-json\/wp\/v2\/product"}],"about":[{"href":"https:\/\/vannangvn.123websitedev.com\/en\/wp-json\/wp\/v2\/types\/product"}],"replies":[{"embeddable":true,"href":"https:\/\/vannangvn.123websitedev.com\/en\/wp-json\/wp\/v2\/comments?post=6491"}],"wp:featuredmedia":[{"embeddable":true,"href":"https:\/\/vannangvn.123websitedev.com\/en\/wp-json\/wp\/v2\/media\/10459"}],"wp:attachment":[{"href":"https:\/\/vannangvn.123websitedev.com\/en\/wp-json\/wp\/v2\/media?parent=6491"}],"wp:term":[{"taxonomy":"product_brand","embeddable":true,"href":"https:\/\/vannangvn.123websitedev.com\/en\/wp-json\/wp\/v2\/product_brand?post=6491"},{"taxonomy":"product_cat","embeddable":true,"href":"https:\/\/vannangvn.123websitedev.com\/en\/wp-json\/wp\/v2\/product_cat?post=6491"},{"taxonomy":"product_tag","embeddable":true,"href":"https:\/\/vannangvn.123websitedev.com\/en\/wp-json\/wp\/v2\/product_tag?post=6491"}],"curies":[{"name":"wp","href":"https:\/\/api.w.org\/{rel}","templated":true}]}}