{"id":6504,"date":"2026-03-20T17:30:38","date_gmt":"2026-03-20T10:30:38","guid":{"rendered":"https:\/\/vannangvn.123websitedev.com\/san-pham\/may-do-con-cam-tay-anton-paar-snap-41\/"},"modified":"2026-03-30T18:21:44","modified_gmt":"2026-03-30T11:21:44","slug":"may-do-con-cam-tay-anton-paar-snap-41","status":"publish","type":"product","link":"https:\/\/vannangvn.123websitedev.com\/en\/product\/may-do-con-cam-tay-anton-paar-snap-41\/","title":{"rendered":"M\u00c1Y \u0110O C\u1ed2N C\u1ea6M TAY ANTON PAAR SNAP 41"},"content":{"rendered":"<h1 style=\"color: red; font-weight: bold; font-size: 24px;\">T&#7893;ng quan s&#7843;n ph&#7849;m M&Aacute;Y &#272;O C&#7890;N C&#7846;M TAY ANTON PAAR SNAP 41<p>M&aacute;y &#272;o C&#7891;n C&#7847;m Tay (Handheld Alcohol Meter) Anton Paar Snap 41<br>\nSnap 41 l&agrave; m&#7897;t c&ocirc;ng c&#7909; &#273;o n&#7891;ng &#273;&#7897; c&#7891;n c&#7847;m tay hi&#7879;n &#273;&#7841;i, thay th&#7871; ho&agrave;n to&agrave;n c&aacute;c m&aacute;y &#273;o c&#7891;n th&#7911;y tinh. Thi&#7871;t b&#7883; n&agrave;y gi&uacute;p &#273;&#417;n gi&#7843;n h&oacute;a qu&aacute; tr&igrave;nh &#273;o l&#432;&#7901;ng, lo&#7841;i b&#7887; sai s&#7889; v&agrave; mang &#273;&#7871;n k&#7871;t qu&#7843; nhanh ch&oacute;ng, ch&iacute;nh x&aacute;c cho c&aacute;c nh&agrave; s&#7843;n xu&#7845;t r&#432;&#7907;u. Snap 41 kh&ocirc;ng ch&#7881; ti&#7871;t ki&#7879;m th&#7901;i gian m&agrave; c&ograve;n t&#259;ng hi&#7879;u su&#7845;t l&agrave;m vi&#7879;c trong to&agrave;n b&#7897; quy tr&igrave;nh s&#7843;n xu&#7845;t. H&atilde;y c&ugrave;ng V&#7841;n N&#259;ng t&igrave;m hi&#7875;u chi ti&#7871;t h&#417;n v&#7873; s&#7843;n ph&#7849;m th&ocirc;ng qua b&agrave;i vi&#7871;t d&#432;&#7899;i &#273;&acirc;y!<\/p><p>N&eacute;t &#272;&#7863;c Tr&#432;ng C&#7911;a Snap 41<br>\n&#272;o c&#7891;n ch&iacute;nh x&aacute;c, nhanh ch&oacute;ng v&agrave; ti&#7879;n l&#7907;i<\/p><p>Ch&#7913;c n&#259;ng &#273;o c&#7891;n ch&iacute;nh x&aacute;c, d&#7877; d&agrave;ng th&#7921;c hi&#7879;n: Snap 41 Anton Paar &#273;&#7843;m b&#7843;o k&#7871;t qu&#7843; &#273;o nhanh ch&oacute;ng v&agrave; ch&iacute;nh x&aacute;c, v&#7899;i &#273;&#7897; ch&iacute;nh x&aacute;c l&ecirc;n t&#7899;i &plusmn;0,2 %v\/v. Thi&#7871;t b&#7883; t&#7921; &#273;&#7897;ng hi&#7879;u ch&#7881;nh k&#7871;t qu&#7843; theo nhi&#7879;t &#273;&#7897;, kh&ocirc;ng c&#7847;n b&#7843;ng hi&#7879;u ch&#7881;nh ph&#7913;c t&#7841;p, gi&uacute;p ng&#432;&#7901;i d&ugrave;ng tr&aacute;nh &#273;&#432;&#7907;c sai s&oacute;t do y&#7871;u t&#7889; nhi&#7879;t &#273;&#7897; g&acirc;y ra.<br>\nHi&#7879;u ch&#7881;nh &#273;&#7897; nh&#7899;t t&#7921; &#273;&#7897;ng: Khi &#273;o n&#7891;ng &#273;&#7897; c&#7891;n, &#273;&#7897; nh&#7899;t c&#7911;a ch&#7845;t l&#7887;ng c&oacute; th&#7875; &#7843;nh h&#432;&#7903;ng &#273;&#7871;n k&#7871;t qu&#7843;. M&aacute;y Snap 41 &#273;&atilde; t&iacute;ch h&#7907;p ch&#7913;c n&#259;ng t&#7921; &#273;&#7897;ng hi&#7879;u ch&#7881;nh &#273;&#7897; nh&#7899;t, &#273;&#7843;m b&#7843;o &#273;&#7897; ch&iacute;nh x&aacute;c cao d&ugrave; m&#7851;u th&#7917; c&oacute; &#273;&#7863;c &#273;i&#7875;m ph&#7913;c t&#7841;p.<br>\nT&#7921; &#273;&#7897;ng hi&#7879;u chu&#7849;n v&agrave; &#273;i&#7873;u ch&#7881;nh: Model Snap 41 cho ph&eacute;p d&#7877; d&agrave;ng hi&#7879;u chu&#7849;n ch&#7881; v&#7899;i n&#432;&#7899;c c&#7845;t, gi&uacute;p ti&#7871;t ki&#7879;m chi ph&iacute; v&agrave; gi&#7843;m thi&#7875;u sai l&#7879;ch &#273;o.<\/p><p>&#272;&#7897; b&#7873;n v&agrave; thi&#7871;t k&#7871; ph&ugrave; h&#7907;p cho m&ocirc;i tr&#432;&#7901;ng s&#7843;n xu&#7845;t kh&#7855;c nghi&#7879;t<br>\nThi&#7871;t B&#7883; Snap 41 &#273;&#432;&#7907;c ch&#7871; t&#7841;o v&#7899;i m&#7897;t c&#7845;u tr&uacute;c b&#7873;n b&#7881;, ch&#7855;c ch&#7855;n &#273;&#7875; &#273;&aacute;p &#7913;ng nhu c&#7847;u s&#7917; d&#7909;ng tr&#7921;c ti&#7871;p trong m&ocirc;i tr&#432;&#7901;ng s&#7843;n xu&#7845;t:<\/p><p>V&#7853;t li&#7879;u ch&#7871; t&#7841;o cao c&#7845;p: Bu&#7891;ng &#273;o l&agrave;m t&#7915; h&#7907;p kim Inconel, ch&#7889;ng &#259;n m&ograve;n v&agrave; ch&#7883;u nhi&#7879;t t&#7889;t, gi&uacute;p M&aacute;y &#272;o C&#7891;n Snap 41 ho&#7841;t &#273;&#7897;ng &#7893;n &#273;&#7883;nh trong m&#7885;i &#273;i&#7873;u ki&#7879;n kh&#7855;c nghi&#7879;t.<br>\nThi&#7871;t k&#7871; ch&#7883;u l&#7921;c, ch&#7889;ng s&#7889;c: Snap 41 &#273;&#432;&#7907;c trang b&#7883; m&#7897;t l&#7899;p v&#7887; ch&#7889;ng va &#273;&#7853;p, c&ugrave;ng v&#7899;i n&#7855;p b&#7843;o v&#7879; b&#7857;ng cao su &#273;&#7875; b&#7843;o v&#7879; bu&#7891;ng &#273;o kh&#7887;i c&aacute;c t&aacute;c &#273;&#7897;ng m&#7841;nh trong qu&aacute; tr&igrave;nh s&#7917; d&#7909;ng h&agrave;ng ng&agrave;y.<br>\nThao t&aacute;c ti&#7879;n l&#7907;i: V&#7899;i c&aacute;c ph&iacute;m c&#7843;m &#7913;ng c&oacute; &#273;&#7897; nh&#7841;y cao, Anton Paar Snap 41 d&#7877; d&agrave;ng s&#7917; d&#7909;ng ngay c&#7843; khi &#273;eo g&#259;ng tay. M&aacute;y c&#361;ng cho ph&eacute;p ng&#432;&#7901;i d&ugrave;ng d&#7877; d&agrave;ng thao t&aacute;c b&#7857;ng c&#7843; tay tr&aacute;i v&agrave; tay ph&#7843;i, t&#259;ng th&ecirc;m s&#7921; linh ho&#7841;t v&agrave; thu&#7853;n ti&#7879;n.<\/p><p>C&ocirc;ng ngh&#7879; &#273;o ti&ecirc;n ti&#7871;n v&#7899;i nguy&ecirc;n l&yacute; dao &#273;&#7897;ng U<\/p><p>C&ocirc;ng ngh&#7879; dao &#273;&#7897;ng U l&agrave; c&ocirc;ng ngh&#7879; &#273;o m&#7853;t &#273;&#7897; c&#7921;c k&#7923; ch&iacute;nh x&aacute;c, &#273;&#432;&#7907;c &#7913;ng d&#7909;ng r&#7897;ng r&atilde;i trong c&aacute;c m&aacute;y &#273;o c&#7891;n k&#7929; thu&#7853;t s&#7889; c&#7911;a Thi&#7871;t B&#7883; &#272;o N&#7891;ng &#272;&#7897; C&#7891;n Snap 41. Nguy&ecirc;n l&yacute; n&agrave;y gi&uacute;p thi&#7871;t b&#7883; &#273;o &#273;&#432;&#7907;c &#273;&#7897; c&#7891;n m&#7897;t c&aacute;ch &#273;&aacute;ng tin c&#7853;y v&agrave; ch&iacute;nh x&aacute;c, &#273;&aacute;p &#7913;ng ti&ecirc;u chu&#7849;n cao c&#7911;a ng&agrave;nh s&#7843;n xu&#7845;t r&#432;&#7907;u.<\/p><p>&#431;u &#272;i&#7875;m V&#432;&#7907;t Tr&#7897;i C&#7911;a Snap 41<\/p><p>N&acirc;ng cao ch&#7845;t l&#432;&#7907;ng s&#7843;n ph&#7849;m: Snap Anton Paar gi&uacute;p c&aacute;c nh&agrave; s&#7843;n xu&#7845;t ki&#7875;m so&aacute;t ch&iacute;nh x&aacute;c n&#7891;ng &#273;&#7897; c&#7891;n, &#273;&#7843;m b&#7843;o s&#7843;n ph&#7849;m cu&#7889;i c&ugrave;ng &#273;&#7841;t ti&ecirc;u chu&#7849;n nh&#432; cam k&#7871;t tr&ecirc;n nh&atilde;n m&aacute;c. &#272;i&#7873;u n&agrave;y gi&uacute;p t&#7841;o ni&#7873;m tin cho kh&aacute;ch h&agrave;ng v&agrave; duy tr&igrave; uy t&iacute;n th&#432;&#417;ng hi&#7879;u.<br>\nT&#259;ng hi&#7879;u qu&#7843; v&agrave; gi&#7843;m thi&#7875;u chi ph&iacute;: V&#7899;i M&aacute;y Snap-41, vi&#7879;c &#273;o n&#7891;ng &#273;&#7897; c&#7891;n tr&#7903; n&ecirc;n d&#7877; d&agrave;ng h&#417;n bao gi&#7901; h&#7871;t. Thi&#7871;t b&#7883; n&agrave;y lo&#7841;i b&#7887; s&#7921; c&#7847;n thi&#7871;t c&#7911;a c&aacute;c m&aacute;y &#273;o th&#7911;y tinh ph&#7913;c t&#7841;p v&agrave; gi&#7843;m chi ph&iacute; b&#7843;o tr&igrave;.<br>\nLinh ho&#7841;t trong &#7913;ng d&#7909;ng: M&aacute;y Snap c&oacute; th&#7875; s&#7917; d&#7909;ng &#7903; m&#7885;i giai &#273;o&#7841;n c&#7911;a quy tr&igrave;nh s&#7843;n xu&#7845;t r&#432;&#7907;u, t&#7915; giai &#273;o&#7841;n ch&#432;ng c&#7845;t &#273;&#7871;n ki&#7875;m tra th&agrave;nh ph&#7849;m cu&#7889;i c&ugrave;ng, mang &#273;&#7871;n s&#7921; linh ho&#7841;t v&agrave; hi&#7879;u qu&#7843; cao trong quy tr&igrave;nh s&#7843;n xu&#7845;t.<\/p><p>&#7912;ng D&#7909;ng C&#7911;a Snap 41 Trong To&agrave;n B&#7897; Qu&aacute; Tr&igrave;nh S&#7843;n Xu&#7845;t R&#432;&#7907;u M&#7841;nh<br>\nM&aacute;y &#272;o N&#7891;ng &#272;&#7897; C&#7891;n Snap 41 &#273;&#432;&#7907;c thi&#7871;t k&#7871; &#273;&#7875; s&#7917; d&#7909;ng linh ho&#7841;t trong su&#7889;t quy tr&igrave;nh s&#7843;n xu&#7845;t r&#432;&#7907;u, t&#7915; giai &#273;o&#7841;n ch&#432;ng c&#7845;t ban &#273;&#7847;u &#273;&#7871;n kh&acirc;u ki&#7875;m tra s&#7843;n ph&#7849;m cu&#7889;i c&ugrave;ng.<\/p><p>&#272;o nhanh nh&#7845;t tr&ecirc;n th&#7883; tr&#432;&#7901;ng: Ch&#7881; v&#7899;i m&#7897;t l&#432;&#7907;ng m&#7851;u nh&#7887; (kho&#7843;ng 2 mL) v&agrave; thao t&aacute;c &#273;&#417;n gi&#7843;n, Snap c&oacute; th&#7875; &#273;o n&#7891;ng &#273;&#7897; c&#7891;n ngay t&#7841;i n&#417;i s&#7843;n xu&#7845;t ch&#7881; trong 30 gi&acirc;y. M&aacute;y b&#417;m t&iacute;ch h&#7907;p gi&uacute;p l&#7845;y m&#7851;u d&#7877; d&agrave;ng, v&agrave; m&agrave;n h&igrave;nh xoay t&#7921; &#273;&#7897;ng &#273;&#7843;m b&#7843;o k&#7871;t qu&#7843; c&oacute; th&#7875; &#273;&#7885;c &#273;&#432;&#7907;c &#7903; m&#7885;i v&#7883; tr&iacute;.<br>\nThay th&#7871; c&aacute;c m&aacute;y &#273;o th&#7911;y tinh: Snap Anton Paar t&iacute;ch h&#7907;p &#273;&#7847;y &#273;&#7911; ch&#7913;c n&#259;ng c&#7911;a m&#7897;t m&aacute;y &#273;o th&#7911;y tinh, gi&uacute;p lo&#7841;i b&#7887; nh&#7919;ng h&#7841;n ch&#7871; trong qu&aacute; tr&igrave;nh s&#7917; d&#7909;ng th&#7911;y tinh v&agrave; mang l&#7841;i s&#7921; thu&#7853;n ti&#7879;n t&#7889;i &#273;a.<\/p><p>Nh&#7919;ng L&yacute; Do N&ecirc;n Mua M&aacute;y &#272;o N&#7891;ng &#272;&#7897; C&#7891;n C&#7847;m Tay T&#7841;i Thi&#7871;t B&#7883; C&ocirc;ng Ngh&#7879; V&#7841;n N&#259;ng<\/p><p>C&ocirc;ng ty Thi&#7871;t B&#7883; C&ocirc;ng Ngh&#7879; V&#7841;n N&#259;ng l&agrave; &#273;&#7889;i t&aacute;c ch&iacute;nh th&#7913;c ph&acirc;n ph&#7889;i M&aacute;y &#272;o N&#7891;ng &#272;&#7897; C&#7891;n C&#7847;m Tay h&agrave;ng &#273;&#7847;u t&#7841;i Vi&#7879;t Nam, cam k&#7871;t cung c&#7845;p s&#7843;n ph&#7849;m ch&iacute;nh h&atilde;ng v&#7899;i gi&aacute; c&#7843; c&#7841;nh tranh nh&#7845;t th&#7883; tr&#432;&#7901;ng. V&#7899;i uy t&iacute;n tr&ecirc;n th&#7883; tr&#432;&#7901;ng v&agrave; ch&#7871; &#273;&#7897; h&#7851;u m&atilde;i t&#7889;t, V&#7841;n N&#259;ng &#273;&atilde; nh&#7853;n &#273;&#432;&#7907;c s&#7921; tin t&#432;&#7903;ng t&#7915; kh&aacute;ch h&agrave;ng nh&#7901; v&agrave;o ch&#7845;t l&#432;&#7907;ng h&agrave;ng &#273;&#7847;u c&#7911;a c&aacute;c d&ograve;ng s&#7843;n ph&#7849;m.<br>\nS&#7843;n ph&#7849;m c&#7911;a ch&uacute;ng t&ocirc;i &#273;&#432;&#7907;c ki&#7875;m &#273;&#7883;nh ch&#7845;t l&#432;&#7907;ng, nh&#7853;p kh&#7849;u tr&#7921;c ti&#7871;p t&#7915; nh&agrave; m&aacute;y b&ecirc;n Ch&acirc;u &Acirc;u, M&#7929;, &Uacute;c, Nh&#7853;t B&#7843;n,&hellip; v&agrave; &#273;&aacute;p &#7913;ng nhu c&#7847;u &#273;a d&#7841;ng c&#7911;a th&#7883; tr&#432;&#7901;ng nh&#432;: M&aacute;y &#272;o &#272;&#7897; C&#7913;ng, M&aacute;y SPECTROMAXx, M&aacute;y Ki&#7875;m Tra &#272;&#432;&#7901;ng Gh&eacute;p M&iacute; Lon,&hellip; Ch&uacute;ng t&ocirc;i cam k&#7871;t cung c&#7845;p s&#7843;n ph&#7849;m n&agrave;y tr&ecirc;n to&agrave;n qu&#7889;c v&#7899;i gi&aacute; c&#7843; c&#7841;nh tranh nh&#7845;t.<br>\nCh&uacute;ng t&ocirc;i c&oacute; &#273;&#7897;i ng&#361; chuy&ecirc;n vi&ecirc;n t&#432; v&#7845;n chuy&ecirc;n s&acirc;u s&#7869; h&#7895; tr&#7907; kh&aacute;ch h&agrave;ng v&#7873; chi ti&#7871;t s&#7843;n ph&#7849;m, h&#432;&#7899;ng d&#7851;n s&#7917; d&#7909;ng hay nh&#7919;ng th&#7913; li&ecirc;n quan &#273;&#7871;n v&#7845;n &#273;&#7873; m&agrave; doanh nghi&#7879;p b&#7841;n &#273;ang g&#7863;p ph&#7843;i. Ch&uacute;ng t&ocirc;i s&#7869; cung c&#7845;p nh&#7919;ng gi&#7843;i ph&aacute;p t&#7889;i &#432;u nh&#7845;t!<br>\nNgo&agrave;i ra Thi&#7871;t B&#7883; C&ocirc;ng Ngh&#7879; V&#7841;n N&#259;ng Ch&uacute;ng T&ocirc;i lu&ocirc;n h&#432;&#7899;ng &#273;&#7871;n tr&#7843;i nghi&#7879;m kh&aacute;ch h&agrave;ng, v&igrave; v&#7853;y ch&uacute;ng t&ocirc;i c&oacute; nh&#7919;ng ch&iacute;nh s&aacute;ch b&#7843;o h&agrave;nh, b&#7843;o tr&igrave; &ndash; b&#7843;o d&#432;&#7905;ng, hi&#7879;u chu&#7849;n v&#7899;i t&#7845;t c&#7843; c&aacute;c thi&#7871;t b&#7883;, m&aacute;y m&oacute;c m&agrave; ch&uacute;ng t&ocirc;i cung c&#7845;p. &#272;&#7843;m b&#7843;o mang &#273;&#7871;n cho Kh&aacute;ch h&agrave;ng s&#7921; y&ecirc;n t&acirc;m tuy&#7879;t &#273;&#7889;i v&#7873; d&#7883;ch v&#7909; khi mua h&agrave;ng.<\/p><p>T&#7893;ng K&#7871;t<br>\nThi&#7871;t B&#7883; &#272;o C&#7891;n Snap 41 kh&ocirc;ng ch&#7881; l&agrave; m&#7897;t thi&#7871;t b&#7883; &#273;o c&#7891;n &#273;&#417;n thu&#7847;n m&agrave; c&ograve;n l&agrave; m&#7897;t gi&#7843;i ph&aacute;p t&#7889;i &#432;u gi&uacute;p n&acirc;ng cao ch&#7845;t l&#432;&#7907;ng v&agrave; hi&#7879;u su&#7845;t trong s&#7843;n xu&#7845;t r&#432;&#7907;u. V&#7899;i nh&#7919;ng t&iacute;nh n&#259;ng v&#432;&#7907;t tr&#7897;i, &#273;&#7897; ch&iacute;nh x&aacute;c cao, v&agrave; thi&#7871;t k&#7871; b&#7873;n b&#7881;, Snap-41 l&agrave; s&#7921; l&#7921;a ch&#7885;n ho&agrave;n h&#7843;o cho c&aacute;c nh&agrave; s&#7843;n xu&#7845;t r&#432;&#7907;u mu&#7889;n mang &#273;&#7871;n s&#7843;n ph&#7849;m c&oacute; ch&#7845;t l&#432;&#7907;ng cao nh&#7845;t cho th&#7883; tr&#432;&#7901;ng. H&atilde;y li&ecirc;n h&#7879; v&#7899;i V&#7841;n N&#259;ng Company ngay &#273;&#7875; &#273;&#432;&#7907;c t&#432; v&#7845;n chuy&ecirc;n s&acirc;u v&agrave; nh&#7853;n c&aacute;c &#432;u &#273;&atilde;i h&#7845;p d&#7851;n nh&#7845;t th&ocirc;ng qua hotline\/zalo: <a href=\"https:\/\/zalo.me\/0903991335\" target=\"_blank\" rel=\"noopener\" style=\"color: #059669; font-weight: bold; text-decoration: none;\">0903 991 335<\/a>!<\/p><div style=\"background-color: #f8fafc; border: 1px solid #e2e8f0; border-radius: 8px; padding: 25px; max-width: 800px; margin: 30px auto; color: #334155; line-height: 1.8; font-size: 17px; box-shadow: 0 4px 6px -1px rgba(0,0,0,0.05); text-align: left; clear: both;\">\nC&ocirc;ng ty TNHH Th&#432;&#417;ng M&#7841;i D&#7883;ch V&#7909; Thi&#7871;t B&#7883; C&ocirc;ng Ngh&#7879; V&#7841;n N&#259;ng\n<p style=\"margin: 0 0 10px 0;\">&#128205; <strong style=\"color: #1e293b;\">&#272;&#7883;a ch&#7881;:<\/strong> <a style=\"color: #059669; text-decoration: none; font-weight: bold;\" href=\"https:\/\/www.google.com\/maps\/search\/C%C3%B4ng+ty+TNHH+Th%C6%B0%C6%A1ng+M%E1%BA%A1i+D%E1%BB%8Bch+V%E1%BB%A5+Thi%E1%BA%BFt+B%E1%BB%8B+C%C3%B4ng+Ngh%E1%BB%87+V%E1%BA%A1n+N%C4%83ng+818+Tr%C6%B0%E1%BB%9Dng+Chinh\" target=\"_blank\" rel=\"noopener\">818 Tr&#432;&#7901;ng Chinh, Ph&#432;&#7901;ng T&acirc;n S&#417;n, Th&agrave;nh ph&#7889; H&#7891; Ch&iacute; Minh, Vi&#7879;t Nam<\/a><\/p>\n<p style=\"margin: 0 0 10px 0;\">&#128222; <strong style=\"color: #1e293b;\">S&#272;T &ndash; Zalo:<\/strong> <a style=\"color: #059669; text-decoration: none; font-weight: bold;\" href=\"https:\/\/zalo.me\/0903991335\" target=\"_blank\" rel=\"noopener\">0903 991 335<\/a> <span style=\"color: #64748b; font-style: italic;\">(Ms. H&#7841;nh &ndash; Gi&aacute;m &#272;&#7889;c Kinh Doanh)<\/span><\/p>\n<p style=\"margin: 0;\">&#9993;&#65039; <strong style=\"color: #1e293b;\">Email:<\/strong> <a style=\"color: #059669; text-decoration: none; font-weight: bold;\" href=\"mailto:hienhanh@vannangvn.com\">hienhanh@vannangvn.com<\/a><\/p>\n<\/div><\/h1>","protected":false},"excerpt":{"rendered":"<p><strong>Th&#432;&#417;ng hi&#7879;u:<\/strong> Snap 41 l&agrave; thi&#7871;t b&#7883; &#273;o c&#7891;n k&#7929; thu&#7853;t s&#7889; c&#7847;m tay gi&uacute;p ki&#7875;m tra nhanh ch&oacute;ng, ch&iacute;nh x&aacute;c n&#7891;ng &#273;&#7897; c&#7891;n trong c&aacute;c lo&#7841;i r&#432;&#7907;u m&#7841;nh kh&ocirc;ng &#273;&#432;&#7901;ng, ph&#7909;c v&#7909; cho vi&#7879;c ki&#7875;m so&aacute;t ch&#7845;t l&#432;&#7907;ng v&agrave; duy tr&igrave; ti&ecirc;u chu&#7849;n s&#7843;n ph&#7849;m. Hi&#7879;n t&#7841;i &#273;ang c&oacute; m&#7913;c gi&aacute; c&#7921;c &#432;u &#273;&atilde;i t&#7841;i V&#7841;n N&#259;ng.<br>\n<strong>Model:<\/strong> Snap<p>Product <strong>M&Aacute;Y &#272;O C&#7890;N C&#7846;M TAY ANTON PAAR SNAP 41<\/strong> ch&iacute;nh h&atilde;ng. Snap 41 l&agrave; thi&#7871;t b&#7883; &#273;o c&#7891;n k&#7929; thu&#7853;t s&#7889; c&#7847;m tay gi&uacute;p ki&#7875;m tra nhanh ch&oacute;ng, ch&iacute;nh x&aacute;c n&#7891;ng &#273;&#7897; c&#7891;n trong c&aacute;c lo&#7841;i r&#432;&#7907;u m&#7841;nh kh&ocirc;ng &#273;&#432;&#7901;ng, ph&#7909;c v&#7909; cho vi&#7879;c ki&#7875;m so&aacute;t ch&#7845;t l&#432;&#7907;ng v&agrave; duy tr&igrave; ti&ecirc;u chu&#7849;n s&#7843;n ph&#7849;m. Hi&#7879;n t&#7841;i &#273;ang c&oacute; m&#7913;c gi&aacute; c&#7921;c &#432;u &#273;&atilde;i t&#7841;i V&#7841;n N&#259;ng.<\/p><\/p>","protected":false},"featured_media":0,"comment_status":"open","ping_status":"closed","template":"","meta":[],"product_brand":[],"product_cat":[18],"product_tag":[109,181,349,424,464,465,857,1465,1466],"class_list":{"0":"post-6504","1":"product","2":"type-product","3":"status-publish","5":"product_cat-chua-phan-loai","6":"product_tag-may","7":"product_tag-do","8":"product_tag-con","9":"product_tag-cam","10":"product_tag-anton","11":"product_tag-paar","12":"product_tag-tay","13":"product_tag-snap","14":"product_tag-1466","16":"first","17":"instock","18":"shipping-taxable","19":"product-type-simple"},"yoast_head":"<!-- This site is optimized with the Yoast SEO Premium plugin v24.8 (Yoast SEO v24.8) - https:\/\/yoast.com\/wordpress\/plugins\/seo\/ -->\n<title>M\u00c1Y \u0110O C\u1ed2N C\u1ea6M TAY ANTON PAAR SNAP 41 ch\u00ednh h\u00e3ng | V\u1ea1n N\u0103ng<\/title>\n<meta name=\"description\" content=\"Mua ngay M\u00c1Y \u0110O C\u1ed2N C\u1ea6M TAY ANTON PAAR SNAP 41 ch\u00ednh h\u00e3ng. Gi\u00e1 t\u1ed1t!\" \/>\n<meta name=\"robots\" content=\"noindex, follow, max-snippet:-1, max-image-preview:large, max-video-preview:-1\" \/>\n<meta property=\"og:locale\" content=\"en_US\" \/>\n<meta property=\"og:type\" content=\"article\" \/>\n<meta property=\"og:title\" content=\"M\u00c1Y \u0110O C\u1ed2N C\u1ea6M TAY ANTON PAAR SNAP 41\" \/>\n<meta property=\"og:description\" content=\"Mua ngay M\u00c1Y \u0110O C\u1ed2N C\u1ea6M TAY ANTON PAAR SNAP 41 ch\u00ednh h\u00e3ng. Gi\u00e1 t\u1ed1t!\" \/>\n<meta property=\"og:url\" content=\"https:\/\/vannangvn.123websitedev.com\/en\/product\/may-do-con-cam-tay-anton-paar-snap-41\/\" \/>\n<meta property=\"og:site_name\" content=\"Vannang.vn\" \/>\n<meta property=\"article:modified_time\" content=\"2026-03-30T11:21:44+00:00\" \/>\n<meta name=\"twitter:card\" content=\"summary_large_image\" \/>\n<meta name=\"twitter:label1\" content=\"Est. reading time\" \/>\n\t<meta name=\"twitter:data1\" content=\"10 minutes\" \/>\n<script type=\"application\/ld+json\" class=\"yoast-schema-graph\">{\"@context\":\"https:\/\/schema.org\",\"@graph\":[{\"@type\":\"WebPage\",\"@id\":\"https:\/\/vannangvn.123websitedev.com\/san-pham\/may-do-con-cam-tay-anton-paar-snap-41\/\",\"url\":\"https:\/\/vannangvn.123websitedev.com\/san-pham\/may-do-con-cam-tay-anton-paar-snap-41\/\",\"name\":\"M\u00c1Y \u0110O C\u1ed2N C\u1ea6M TAY ANTON PAAR SNAP 41 ch\u00ednh h\u00e3ng | V\u1ea1n N\u0103ng\",\"isPartOf\":{\"@id\":\"https:\/\/vannangvn.123websitedev.com\/#website\"},\"datePublished\":\"2026-03-20T10:30:38+00:00\",\"dateModified\":\"2026-03-30T11:21:44+00:00\",\"description\":\"Mua ngay M\u00c1Y \u0110O C\u1ed2N C\u1ea6M TAY ANTON PAAR SNAP 41 ch\u00ednh h\u00e3ng. Gi\u00e1 t\u1ed1t!\",\"breadcrumb\":{\"@id\":\"https:\/\/vannangvn.123websitedev.com\/san-pham\/may-do-con-cam-tay-anton-paar-snap-41\/#breadcrumb\"},\"inLanguage\":\"en-US\",\"potentialAction\":[{\"@type\":\"ReadAction\",\"target\":[\"https:\/\/vannangvn.123websitedev.com\/san-pham\/may-do-con-cam-tay-anton-paar-snap-41\/\"]}]},{\"@type\":\"BreadcrumbList\",\"@id\":\"https:\/\/vannangvn.123websitedev.com\/san-pham\/may-do-con-cam-tay-anton-paar-snap-41\/#breadcrumb\",\"itemListElement\":[{\"@type\":\"ListItem\",\"position\":1,\"name\":\"Trang ch\u1ee7\",\"item\":\"https:\/\/vannangvn.123websitedev.com\/\"},{\"@type\":\"ListItem\",\"position\":2,\"name\":\"S\u1ea3n ph\u1ea9m\",\"item\":\"https:\/\/vannangvn.123websitedev.com\/cua-hang\/\"},{\"@type\":\"ListItem\",\"position\":3,\"name\":\"M\u00c1Y \u0110O C\u1ed2N C\u1ea6M TAY ANTON PAAR SNAP 41\"}]},{\"@type\":\"WebSite\",\"@id\":\"https:\/\/vannangvn.123websitedev.com\/#website\",\"url\":\"https:\/\/vannangvn.123websitedev.com\/\",\"name\":\"Vannang.vn\",\"description\":\"\",\"publisher\":{\"@id\":\"https:\/\/vannangvn.123websitedev.com\/#organization\"},\"potentialAction\":[{\"@type\":\"SearchAction\",\"target\":{\"@type\":\"EntryPoint\",\"urlTemplate\":\"https:\/\/vannangvn.123websitedev.com\/?s={search_term_string}\"},\"query-input\":{\"@type\":\"PropertyValueSpecification\",\"valueRequired\":true,\"valueName\":\"search_term_string\"}}],\"inLanguage\":\"en-US\"},{\"@type\":\"Organization\",\"@id\":\"https:\/\/vannangvn.123websitedev.com\/#organization\",\"name\":\"Vannang.vn\",\"url\":\"https:\/\/vannangvn.123websitedev.com\/\",\"logo\":{\"@type\":\"ImageObject\",\"inLanguage\":\"en-US\",\"@id\":\"https:\/\/vannangvn.123websitedev.com\/#\/schema\/logo\/image\/\",\"url\":\"https:\/\/vannangvn.123websitedev.com\/wp-content\/uploads\/2026\/02\/logo-van-nang-02.png\",\"contentUrl\":\"https:\/\/vannangvn.123websitedev.com\/wp-content\/uploads\/2026\/02\/logo-van-nang-02.png\",\"width\":448,\"height\":111,\"caption\":\"Vannang.vn\"},\"image\":{\"@id\":\"https:\/\/vannangvn.123websitedev.com\/#\/schema\/logo\/image\/\"}}]}<\/script>\n<!-- \/ Yoast SEO Premium plugin. -->","yoast_head_json":{"title":"M\u00c1Y \u0110O C\u1ed2N C\u1ea6M TAY ANTON PAAR SNAP 41 ch\u00ednh h\u00e3ng | V\u1ea1n N\u0103ng","description":"Mua ngay M\u00c1Y \u0110O C\u1ed2N C\u1ea6M TAY ANTON PAAR SNAP 41 ch\u00ednh h\u00e3ng. Gi\u00e1 t\u1ed1t!","robots":{"index":"noindex","follow":"follow","max-snippet":"max-snippet:-1","max-image-preview":"max-image-preview:large","max-video-preview":"max-video-preview:-1"},"og_locale":"en_US","og_type":"article","og_title":"M\u00c1Y \u0110O C\u1ed2N C\u1ea6M TAY ANTON PAAR SNAP 41","og_description":"Mua ngay M\u00c1Y \u0110O C\u1ed2N C\u1ea6M TAY ANTON PAAR SNAP 41 ch\u00ednh h\u00e3ng. Gi\u00e1 t\u1ed1t!","og_url":"https:\/\/vannangvn.123websitedev.com\/en\/product\/may-do-con-cam-tay-anton-paar-snap-41\/","og_site_name":"Vannang.vn","article_modified_time":"2026-03-30T11:21:44+00:00","twitter_card":"summary_large_image","twitter_misc":{"Est. reading time":"10 minutes"},"schema":{"@context":"https:\/\/schema.org","@graph":[{"@type":"WebPage","@id":"https:\/\/vannangvn.123websitedev.com\/san-pham\/may-do-con-cam-tay-anton-paar-snap-41\/","url":"https:\/\/vannangvn.123websitedev.com\/san-pham\/may-do-con-cam-tay-anton-paar-snap-41\/","name":"M\u00c1Y \u0110O C\u1ed2N C\u1ea6M TAY ANTON PAAR SNAP 41 ch\u00ednh h\u00e3ng | V\u1ea1n N\u0103ng","isPartOf":{"@id":"https:\/\/vannangvn.123websitedev.com\/#website"},"datePublished":"2026-03-20T10:30:38+00:00","dateModified":"2026-03-30T11:21:44+00:00","description":"Mua ngay M\u00c1Y \u0110O C\u1ed2N C\u1ea6M TAY ANTON PAAR SNAP 41 ch\u00ednh h\u00e3ng. Gi\u00e1 t\u1ed1t!","breadcrumb":{"@id":"https:\/\/vannangvn.123websitedev.com\/san-pham\/may-do-con-cam-tay-anton-paar-snap-41\/#breadcrumb"},"inLanguage":"en-US","potentialAction":[{"@type":"ReadAction","target":["https:\/\/vannangvn.123websitedev.com\/san-pham\/may-do-con-cam-tay-anton-paar-snap-41\/"]}]},{"@type":"BreadcrumbList","@id":"https:\/\/vannangvn.123websitedev.com\/san-pham\/may-do-con-cam-tay-anton-paar-snap-41\/#breadcrumb","itemListElement":[{"@type":"ListItem","position":1,"name":"Trang ch\u1ee7","item":"https:\/\/vannangvn.123websitedev.com\/"},{"@type":"ListItem","position":2,"name":"S\u1ea3n ph\u1ea9m","item":"https:\/\/vannangvn.123websitedev.com\/cua-hang\/"},{"@type":"ListItem","position":3,"name":"M\u00c1Y \u0110O C\u1ed2N C\u1ea6M TAY ANTON PAAR SNAP 41"}]},{"@type":"WebSite","@id":"https:\/\/vannangvn.123websitedev.com\/#website","url":"https:\/\/vannangvn.123websitedev.com\/","name":"Vannang.vn","description":"","publisher":{"@id":"https:\/\/vannangvn.123websitedev.com\/#organization"},"potentialAction":[{"@type":"SearchAction","target":{"@type":"EntryPoint","urlTemplate":"https:\/\/vannangvn.123websitedev.com\/?s={search_term_string}"},"query-input":{"@type":"PropertyValueSpecification","valueRequired":true,"valueName":"search_term_string"}}],"inLanguage":"en-US"},{"@type":"Organization","@id":"https:\/\/vannangvn.123websitedev.com\/#organization","name":"Vannang.vn","url":"https:\/\/vannangvn.123websitedev.com\/","logo":{"@type":"ImageObject","inLanguage":"en-US","@id":"https:\/\/vannangvn.123websitedev.com\/#\/schema\/logo\/image\/","url":"https:\/\/vannangvn.123websitedev.com\/wp-content\/uploads\/2026\/02\/logo-van-nang-02.png","contentUrl":"https:\/\/vannangvn.123websitedev.com\/wp-content\/uploads\/2026\/02\/logo-van-nang-02.png","width":448,"height":111,"caption":"Vannang.vn"},"image":{"@id":"https:\/\/vannangvn.123websitedev.com\/#\/schema\/logo\/image\/"}}]}},"_links":{"self":[{"href":"https:\/\/vannangvn.123websitedev.com\/en\/wp-json\/wp\/v2\/product\/6504","targetHints":{"allow":["GET"]}}],"collection":[{"href":"https:\/\/vannangvn.123websitedev.com\/en\/wp-json\/wp\/v2\/product"}],"about":[{"href":"https:\/\/vannangvn.123websitedev.com\/en\/wp-json\/wp\/v2\/types\/product"}],"replies":[{"embeddable":true,"href":"https:\/\/vannangvn.123websitedev.com\/en\/wp-json\/wp\/v2\/comments?post=6504"}],"wp:attachment":[{"href":"https:\/\/vannangvn.123websitedev.com\/en\/wp-json\/wp\/v2\/media?parent=6504"}],"wp:term":[{"taxonomy":"product_brand","embeddable":true,"href":"https:\/\/vannangvn.123websitedev.com\/en\/wp-json\/wp\/v2\/product_brand?post=6504"},{"taxonomy":"product_cat","embeddable":true,"href":"https:\/\/vannangvn.123websitedev.com\/en\/wp-json\/wp\/v2\/product_cat?post=6504"},{"taxonomy":"product_tag","embeddable":true,"href":"https:\/\/vannangvn.123websitedev.com\/en\/wp-json\/wp\/v2\/product_tag?post=6504"}],"curies":[{"name":"wp","href":"https:\/\/api.w.org\/{rel}","templated":true}]}}