{"id":6527,"date":"2026-03-20T17:31:11","date_gmt":"2026-03-20T10:31:11","guid":{"rendered":"https:\/\/vannangvn.123websitedev.com\/san-pham\/may-do-dien-tro-be-mat-acl-staticide-model-acl-395\/"},"modified":"2026-03-30T18:22:16","modified_gmt":"2026-03-30T11:22:16","slug":"may-do-dien-tro-be-mat-acl-staticide-model-acl-395","status":"publish","type":"product","link":"https:\/\/vannangvn.123websitedev.com\/en\/product\/may-do-dien-tro-be-mat-acl-staticide-model-acl-395\/","title":{"rendered":"M\u00c1Y \u0110O \u0110I\u1ec6N TR\u1ede B\u1ec0 M\u1eb6T ACL STATICIDE MODEL ACL 395"},"content":{"rendered":"<h1 style=\"color: red; font-weight: bold; font-size: 24px;\">T&#7893;ng quan s&#7843;n ph&#7849;m M&Aacute;Y &#272;O &#272;I&#7878;N TR&#7902; B&#7872; M&#7862;T ACL STATICIDE MODEL ACL 395<p>M&aacute;y &#272;o &#272;i&#7879;n Tr&#7903; B&#7873; M&#7863;t (Resistivity Meter) ACL Staticide Model ACL 395<br>\nACL 395 Resistivity Meter l&agrave; m&aacute;y &#273;o &#273;i&#7879;n tr&#7903; b&#7873; m&#7863;t c&#7847;m tay chuy&ecirc;n d&#7909;ng trong ki&#7875;m so&aacute;t t&#297;nh &#273;i&#7879;n (ESD), &#273;&#432;&#7907;c thi&#7871;t k&#7871; &#273;&#7875; &#273;&aacute;nh gi&aacute; nhanh v&agrave; ch&iacute;nh x&aacute;c &#273;i&#7879;n tr&#7903; su&#7845;t v&#7853;t li&#7879;u trong khu v&#7921;c s&#7843;n xu&#7845;t linh ki&#7879;n &#273;i&#7879;n t&#7917;.<br>\nThi&#7871;t b&#7883; cung c&#7845;p thang &#273;o n&#7917;a th&#7853;p k&#7927; gi&uacute;p hi&#7875;n th&#7883; gi&aacute; tr&#7883; chi ti&#7871;t h&#417;n so v&#7899;i c&aacute;c m&aacute;y b&#7887; t&uacute;i s&#7917; d&#7909;ng thang logarit th&ocirc;ng th&#432;&#7901;ng, ph&ugrave; h&#7907;p cho ki&#7875;m tra ch&#7845;t l&#432;&#7907;ng v&agrave; &#273;&aacute;nh gi&aacute; tu&acirc;n th&#7911; ti&ecirc;u chu&#7849;n ESD. H&atilde;y c&ugrave;ng V&#7841;n N&#259;ng t&igrave;m hi&#7875;u chi ti&#7871;t h&#417;n v&#7873; s&#7843;n ph&#7849;m th&ocirc;ng qua b&agrave;i vi&#7871;t d&#432;&#7899;i &#273;&acirc;y nh&eacute;!<\/p><p>N&eacute;t &#272;&#7863;c Tr&#432;ng C&#7911;a ACL 395<br>\nThi&#7871;t k&#7871; c&#7847;m tay v&#7899;i thang &#273;o n&#7917;a th&#7853;p k&#7927;<br>\nACL 395 t&iacute;ch h&#7907;p m&#7841;ch &#273;i&#7879;n t&#7917; c&oacute; &#273;&#7897; ch&iacute;nh x&aacute;c cao, hi&#7875;n th&#7883; k&#7871;t qu&#7843; theo t&#7915;ng n&#7917;a th&#7853;p k&#7927;, gi&uacute;p x&aacute;c &#273;&#7883;nh v&#7883; tr&iacute; gi&aacute; tr&#7883; &#273;o trong t&#7915;ng d&#7843;i &#273;i&#7879;n tr&#7903; m&#7897;t c&aacute;ch chi ti&#7871;t h&#417;n, mang l&#7841;i kh&#7843; n&#259;ng &#273;&aacute;nh gi&aacute; s&aacute;t v&#7899;i gi&aacute; tr&#7883; th&#7921;c t&#7871;, &#273;&#7863;c bi&#7879;t quan tr&#7885;ng trong v&ugrave;ng &#273;i&#7879;n tr&#7903; ti&ecirc;u t&aacute;n.<br>\nH&#7879; th&#7889;ng LED ph&acirc;n v&ugrave;ng m&agrave;u tr&#7921;c quan<br>\nThi&#7871;t b&#7883; s&#7917; d&#7909;ng thang LED m&atilde; m&agrave;u gi&uacute;p ng&#432;&#7901;i d&ugrave;ng d&#7877; d&agrave;ng &#273;&#7885;c v&agrave; ph&acirc;n t&iacute;ch k&#7871;t qu&#7843;:<\/p><p>Xanh l&aacute;: 10&sup3; &ndash; 10&#8310; ohms<br>\nV&agrave;ng: 3 &times; 10&#8310; &ndash; 10&#8313; ohms<br>\nCam: 3 &times; 10&#8313; &ndash; 10&sup1;&#8304; ohms (v&ugrave;ng c&#7843;nh b&aacute;o)<br>\n&#272;&#7887;: 10&sup1;&sup1; &ndash; 10&sup1;&sup2; ohms<\/p><p>V&ugrave;ng cam &#273;&oacute;ng vai tr&ograve; c&#7843;nh b&aacute;o khi v&#7853;t li&#7879;u ti&#7871;n g&#7847;n gi&#7899;i h&#7841;n tr&ecirc;n c&#7911;a d&#7843;i ti&ecirc;u t&aacute;n, h&#7895; tr&#7907; ki&#7875;m to&aacute;n vi&ecirc;n x&aacute;c &#273;&#7883;nh nguy c&#417; v&#432;&#7907;t chu&#7849;n.<br>\n&#272;i&#7879;n c&#7921;c cao su d&#7851;n &#273;i&#7879;n t&iacute;ch h&#7907;p<br>\nKh&aacute;c v&#7899;i nhi&#7873;u m&aacute;y &#273;o b&#7887; t&uacute;i kh&aacute;c, M&aacute;y &#273;o &#273;i&#7879;n tr&#7903; ACL 395 &#273;&#432;&#7907;c trang b&#7883; thanh ray cao su d&#7851;n &#273;i&#7879;n song song gi&uacute;p ti&#7871;p x&uacute;c b&#7873; m&#7863;t t&#7889;i &#432;u. Ph&#432;&#417;ng ph&aacute;p &#273;o song song theo ASTM D257 h&#7895; tr&#7907; ki&#7875;m tra nhanh tr&ecirc;n d&acirc;y chuy&#7873;n s&#7843;n xu&#7845;t v&agrave; bao b&igrave; linh ki&#7879;n.<br>\nT&#432;&#417;ng th&iacute;ch &#273;&#7847;u d&ograve; ngo&agrave;i ti&ecirc;u chu&#7849;n<br>\nKhi s&#7917; d&#7909;ng &#273;&#7847;u d&ograve; ngo&agrave;i 5 lb t&ugrave;y ch&#7885;n, thi&#7871;t b&#7883; c&oacute; th&#7875; ho&#7841;t &#273;&#7897;ng nh&#432; m&#7897;t megohmmeter, &#273;&aacute;p &#7913;ng c&aacute;c ph&#432;&#417;ng ph&aacute;p th&#7917; nghi&#7879;m theo:<\/p><p>IEC 61340-4-1<br>\nANSI\/ESDA S4.1<br>\nANSI\/ESDA S7.1<\/p><p>Thi&#7871;t b&#7883; cho ph&eacute;p &#273;o &#273;i&#7879;n tr&#7903; su&#7845;t (ohms\/square) b&#7857;ng &#273;i&#7879;n c&#7921;c t&iacute;ch h&#7907;p ho&#7863;c &#273;o &#273;i&#7879;n tr&#7903; (ohms) b&#7857;ng &#273;&#7847;u d&ograve; ngo&agrave;i.<\/p><p>&#431;u &#272;i&#7875;m V&#432;&#7907;t Tr&#7897;i C&#7911;a ACL 395<br>\n&#272;&#7897; ch&iacute;nh x&aacute;c cao trong d&#7843;i ti&ecirc;u t&aacute;n<br>\nACL 395 &#273;&#7841;t &#273;&#7897; ch&iacute;nh x&aacute;c &plusmn;0.25 decade trong d&#7843;i ti&ecirc;u t&aacute;n, gi&uacute;p n&acirc;ng cao &#273;&#7897; tin c&#7853;y khi &#273;&aacute;nh gi&aacute; v&#7853;t li&#7879;u ESD nh&#432; th&#7843;m ch&#7889;ng t&#297;nh &#273;i&#7879;n, s&agrave;n, s&#417;n ph&#7911; v&agrave; bao b&igrave;.<br>\nHai m&#7913;c &#273;i&#7879;n &aacute;p th&#7917; nghi&#7879;m t&#7921; &#273;&#7897;ng<\/p><p>10V v&#7899;i gi&aacute; tr&#7883; nh&#7887; h&#417;n 10&#8310; ohms<br>\n100V v&#7899;i gi&aacute; tr&#7883; t&#7915; 10&#8310; ohms tr&#7903; l&ecirc;n<\/p><p>C&#417; ch&#7871; n&agrave;y &#273;&#7843;m b&#7843;o ph&eacute;p &#273;o ph&ugrave; h&#7907;p v&#7899;i &#273;&#7863;c t&iacute;nh &#273;i&#7879;n tr&#7903; c&#7911;a t&#7915;ng lo&#7841;i v&#7853;t li&#7879;u.<br>\nD&#7843;i &#273;o r&#7897;ng<\/p><p>&#272;i&#7879;n tr&#7903; su&#7845;t: 10&sup3; &ndash; 10&sup1;&sup2; ohms\/square<br>\n&#272;i&#7879;n tr&#7903; (khi d&ugrave;ng &#273;&#7847;u d&ograve; ngo&agrave;i): 10&sup3; &ndash; 10&sup1;&sup2; ohms<\/p><p>D&#7843;i &#273;o r&#7897;ng gi&uacute;p thi&#7871;t b&#7883; &#273;&aacute;p &#7913;ng c&#7843; v&#7853;t li&#7879;u d&#7851;n &#273;i&#7879;n, ti&ecirc;u t&aacute;n v&agrave; c&aacute;ch &#273;i&#7879;n.<br>\nThi&#7871;t k&#7871; b&#7873;n b&#7881;, d&#7877; s&#7917; d&#7909;ng<br>\nThi&#7871;t b&#7883; c&oacute; k&iacute;ch th&#432;&#7899;c nh&#7887; g&#7885;n 5 &frac14;&rdquo; &times; 1 &#8540;&rdquo; &times; 3&rdquo;, tr&#7885;ng l&#432;&#7907;ng 8.9 ounces, s&#7917; d&#7909;ng pin 9V alkaline. M&#7863;t tr&#432;&#7899;c ph&#7859;ng t&iacute;ch h&#7907;p n&uacute;t nh&#7845;n v&agrave; b&#7843;o v&#7879; thang LED gi&uacute;p h&#7841;n ch&#7871; h&#432; h&#7887;ng do va &#273;&#7853;p ho&#7863;c r&ograve; r&#7881; pin.<\/p><p>&#7912;ng D&#7909;ng Th&#7921;c T&#7871; C&#7911;a ACL 395<\/p><p>Ng&agrave;nh s&#7843;n xu&#7845;t linh ki&#7879;n &#273;i&#7879;n t&#7917;: Model ACL 395 &#273;&#432;&#7907;c s&#7917; d&#7909;ng &#273;&#7875; ki&#7875;m tra th&#7843;m ESD, s&agrave;n ch&#7889;ng t&#297;nh &#273;i&#7879;n, v&ograve;ng &#273;eo tay, &aacute;o ch&#7889;ng t&#297;nh &#273;i&#7879;n v&agrave; b&#7873; m&#7863;t l&agrave;m vi&#7879;c trong d&acirc;y chuy&#7873;n l&#7855;p r&aacute;p, &#273;&#7843;m b&#7843;o tu&acirc;n th&#7911; ti&ecirc;u chu&#7849;n ki&#7875;m so&aacute;t ESD.<br>\nNg&agrave;nh ki&#7875;m so&aacute;t ch&#7845;t l&#432;&#7907;ng v&agrave; b&#7843;o tr&igrave;: Thi&#7871;t b&#7883; ph&ugrave; h&#7907;p cho b&#7897; ph&#7853;n QA\/QC v&agrave; b&#7843;o tr&igrave; n&#7897;i b&#7897; nh&#7857;m &#273;&aacute;nh gi&aacute; &#273;&#7883;nh k&#7923; khu v&#7921;c s&#7843;n xu&#7845;t, kho l&#432;u tr&#7919; v&agrave; khu v&#7921;c ki&#7875;m tra &#273;&#7847;u v&agrave;o.<br>\nPh&ograve;ng th&iacute; nghi&#7879;m v&agrave; trung t&acirc;m ki&#7875;m &#273;&#7883;nh: ACL 395 h&#7895; tr&#7907; th&#7917; nghi&#7879;m v&#7853;t li&#7879;u bao b&igrave;, t&uacute;i ch&#7889;ng t&#297;nh &#273;i&#7879;n, th&ugrave;ng ch&#7913;a v&agrave; l&#7899;p ph&#7911; b&#7873; m&#7863;t theo ti&ecirc;u chu&#7849;n qu&#7889;c t&#7871;, &#273;&#7843;m b&#7843;o v&#7853;t li&#7879;u &#273;&#7841;t y&ecirc;u c&#7847;u tr&#432;&#7899;c khi &#273;&#432;a v&agrave;o s&#7843;n xu&#7845;t.<\/p><p>Nh&#7919;ng L&yacute; Do N&ecirc;n Mua M&aacute;y &#272;i&#7879;n Tr&#7903; T&#7841;i V&#7841;n N&#259;ng<\/p><p>C&ocirc;ng ty Thi&#7871;t B&#7883; C&ocirc;ng Ngh&#7879; V&#7841;n N&#259;ng l&agrave; &#273;&#7889;i t&aacute;c ch&iacute;nh th&#7913;c ph&acirc;n ph&#7889;i M&aacute;y &#273;o &#273;i&#7879;n tr&#7903; h&agrave;ng &#273;&#7847;u t&#7841;i Vi&#7879;t Nam, cam k&#7871;t cung c&#7845;p s&#7843;n ph&#7849;m ch&iacute;nh h&atilde;ng v&#7899;i gi&aacute; c&#7843; c&#7841;nh tranh nh&#7845;t th&#7883; tr&#432;&#7901;ng. V&#7899;i uy t&iacute;n tr&ecirc;n th&#7883; tr&#432;&#7901;ng v&agrave; ch&#7871; &#273;&#7897; h&#7851;u m&atilde;i t&#7889;t, Thi&#7871;t B&#7883; C&ocirc;ng Ngh&#7879; V&#7841;n N&#259;ng &#273;&atilde; nh&#7853;n &#273;&#432;&#7907;c s&#7921; tin t&#432;&#7903;ng t&#7915; kh&aacute;ch h&agrave;ng nh&#7901; v&agrave;o ch&#7845;t l&#432;&#7907;ng h&agrave;ng &#273;&#7847;u c&#7911;a c&aacute;c d&ograve;ng s&#7843;n ph&#7849;m.<br>\nS&#7843;n ph&#7849;m c&#7911;a ch&uacute;ng t&ocirc;i &#273;&#432;&#7907;c ki&#7875;m &#273;&#7883;nh ch&#7845;t l&#432;&#7907;ng, nh&#7853;p kh&#7849;u tr&#7921;c ti&#7871;p t&#7915; nh&agrave; m&aacute;y b&ecirc;n Ch&acirc;u &Acirc;u, M&#7929;, &Uacute;c, Nh&#7853;t B&#7843;n,&hellip; v&agrave; &#273;&aacute;p &#7913;ng nhu c&#7847;u &#273;a d&#7841;ng c&#7911;a th&#7883; tr&#432;&#7901;ng nh&#432;: M&aacute;y &#272;o &#272;&#7897; C&#7913;ng, M&aacute;y SPECTROMAXx, M&aacute;y Ki&#7875;m Tra &#272;&#432;&#7901;ng Gh&eacute;p M&iacute; Lon,&hellip; Ch&uacute;ng t&ocirc;i cam k&#7871;t cung c&#7845;p s&#7843;n ph&#7849;m n&agrave;y tr&ecirc;n to&agrave;n qu&#7889;c v&#7899;i gi&aacute; c&#7843; c&#7841;nh tranh nh&#7845;t.<br>\nCh&uacute;ng t&ocirc;i c&oacute; &#273;&#7897;i ng&#361; chuy&ecirc;n vi&ecirc;n t&#432; v&#7845;n chuy&ecirc;n s&acirc;u s&#7869; h&#7895; tr&#7907; kh&aacute;ch h&agrave;ng v&#7873; chi ti&#7871;t s&#7843;n ph&#7849;m, h&#432;&#7899;ng d&#7851;n s&#7917; d&#7909;ng hay nh&#7919;ng th&#7913; li&ecirc;n quan &#273;&#7871;n v&#7845;n &#273;&#7873; m&agrave; doanh nghi&#7879;p b&#7841;n &#273;ang g&#7863;p ph&#7843;i. Ch&uacute;ng t&ocirc;i s&#7869; cung c&#7845;p nh&#7919;ng gi&#7843;i ph&aacute;p t&#7889;i &#432;u nh&#7845;t!<br>\nNgo&agrave;i ra Thi&#7871;t B&#7883; C&ocirc;ng Ngh&#7879; V&#7841;n N&#259;ng Ch&uacute;ng T&ocirc;i lu&ocirc;n h&#432;&#7899;ng &#273;&#7871;n tr&#7843;i nghi&#7879;m kh&aacute;ch h&agrave;ng, v&igrave; v&#7853;y ch&uacute;ng t&ocirc;i c&oacute; nh&#7919;ng ch&iacute;nh s&aacute;ch b&#7843;o h&agrave;nh, b&#7843;o tr&igrave; &ndash; b&#7843;o d&#432;&#7905;ng, hi&#7879;u chu&#7849;n v&#7899;i t&#7845;t c&#7843; c&aacute;c thi&#7871;t b&#7883;, m&aacute;y m&oacute;c m&agrave; ch&uacute;ng t&ocirc;i cung c&#7845;p. &#272;&#7843;m b&#7843;o mang &#273;&#7871;n cho Kh&aacute;ch h&agrave;ng s&#7921; y&ecirc;n t&acirc;m tuy&#7879;t &#273;&#7889;i v&#7873; d&#7883;ch v&#7909; khi mua h&agrave;ng.<\/p><p>T&#7893;ng K&#7871;t<br>\nV&#7899;i thang &#273;o n&#7917;a th&#7853;p k&#7927;, h&#7879; th&#7889;ng LED ph&acirc;n v&ugrave;ng m&agrave;u tr&#7921;c quan, d&#7843;i &#273;o r&#7897;ng v&agrave; kh&#7843; n&#259;ng &#273;&aacute;p &#7913;ng ti&ecirc;u chu&#7849;n IEC v&agrave; ANSI\/ESDA, Thi&#7871;t b&#7883; &#273;i&#7879;n tr&#7903; Model ACL 395 l&agrave; gi&#7843;i ph&aacute;p &#273;o &#273;i&#7879;n tr&#7903; b&#7873; m&#7863;t ESD c&#7847;m tay ch&iacute;nh x&aacute;c, d&#7877; s&#7917; d&#7909;ng v&agrave; kinh t&#7871;. H&atilde;y li&ecirc;n h&#7879; v&#7899;i V&#7841;n N&#259;ng ngay &#273;&#7875; &#273;&#432;&#7907;c t&#432; v&#7845;n chuy&ecirc;n s&acirc;u v&agrave; nh&#7853;n nh&#7919;ng &#432;u &#273;&atilde;i h&#7845;p d&#7851;n nh&#7845;t th&ocirc;ng qua hotline0903 991 335 !<\/p><div style=\"background-color: #f8fafc; border: 1px solid #e2e8f0; border-radius: 8px; padding: 25px; max-width: 800px; margin: 30px auto; color: #334155; line-height: 1.8; font-size: 17px; box-shadow: 0 4px 6px -1px rgba(0,0,0,0.05); text-align: left; clear: both;\">\nC&ocirc;ng ty TNHH Th&#432;&#417;ng M&#7841;i D&#7883;ch V&#7909; Thi&#7871;t B&#7883; C&ocirc;ng Ngh&#7879; V&#7841;n N&#259;ng\n<p style=\"margin: 0 0 10px 0;\">&#128205; <strong style=\"color: #1e293b;\">&#272;&#7883;a ch&#7881;:<\/strong> <a style=\"color: #059669; text-decoration: none; font-weight: bold;\" href=\"https:\/\/www.google.com\/maps\/search\/C%C3%B4ng+ty+TNHH+Th%C6%B0%C6%A1ng+M%E1%BA%A1i+D%E1%BB%8Bch+V%E1%BB%A5+Thi%E1%BA%BFt+B%E1%BB%8B+C%C3%B4ng+Ngh%E1%BB%87+V%E1%BA%A1n+N%C4%83ng+818+Tr%C6%B0%E1%BB%9Dng+Chinh\" target=\"_blank\" rel=\"noopener\">818 Tr&#432;&#7901;ng Chinh, Ph&#432;&#7901;ng T&acirc;n S&#417;n, Th&agrave;nh ph&#7889; H&#7891; Ch&iacute; Minh, Vi&#7879;t Nam<\/a><\/p>\n<p style=\"margin: 0 0 10px 0;\">&#128222; <strong style=\"color: #1e293b;\">S&#272;T &ndash; Zalo:<\/strong> <a style=\"color: #059669; text-decoration: none; font-weight: bold;\" href=\"https:\/\/zalo.me\/0903991335\" target=\"_blank\" rel=\"noopener\">0903 991 335<\/a> <span style=\"color: #64748b; font-style: italic;\">(Ms. H&#7841;nh &ndash; Gi&aacute;m &#272;&#7889;c Kinh Doanh)<\/span><\/p>\n<p style=\"margin: 0;\">&#9993;&#65039; <strong style=\"color: #1e293b;\">Email:<\/strong> <a style=\"color: #059669; text-decoration: none; font-weight: bold;\" href=\"mailto:hienhanh@vannangvn.com\">hienhanh@vannangvn.com<\/a><\/p>\n<\/div><\/h1>","protected":false},"excerpt":{"rendered":"<p><strong>Th&#432;&#417;ng hi&#7879;u:<\/strong> ACL Staticide<br>\n<strong>Model:<\/strong> ACL 395<p>Product <strong>M&Aacute;Y &#272;O &#272;I&#7878;N TR&#7902; B&#7872; M&#7862;T ACL STATICIDE MODEL ACL 395<\/strong> ch&iacute;nh h&atilde;ng. ACL Staticide (USA)<br>\nM&aacute;y &#272;o &#272;i&#7879;n Tr&#7903; B&#7873; M&#7863;t ACL Staticide Model ACL 395 l&agrave; m&aacute;y &#273;o &#273;i&#7879;n tr&#7903; b&#7873; m&#7863;t ESD c&#7847;m tay ch&iacute;nh x&aacute;c cao, thang LED m&atilde; m&agrave;u, d&#7843;i &#273;o 10&sup3;&ndash;10&sup1;&sup2; ohms, &#273;&aacute;p &#7913;ng ti&ecirc;u chu&#7849;n IEC v&agrave; ANSI\/ESDA, ph&ugrave; h&#7907;p ki&#7875;m so&aacute;t t&#297;nh &#273;i&#7879;n trong s&#7843;n xu&#7845;t &#273;i&#7879;n t&#7917;.<\/p><\/p>","protected":false},"featured_media":9836,"comment_status":"open","ping_status":"closed","template":"","meta":[],"product_brand":[],"product_cat":[18],"product_tag":[105,109,116,178,181,183,1011,1492,1493,1498],"class_list":{"0":"post-6527","1":"product","2":"type-product","3":"status-publish","4":"has-post-thumbnail","6":"product_cat-chua-phan-loai","7":"product_tag-dien","8":"product_tag-may","9":"product_tag-model","10":"product_tag-mat","11":"product_tag-do","12":"product_tag-be","13":"product_tag-tro","14":"product_tag-acl","15":"product_tag-staticide","16":"product_tag-1498","18":"first","19":"instock","20":"shipping-taxable","21":"product-type-simple"},"yoast_head":"<!-- This site is optimized with the Yoast SEO Premium plugin v24.8 (Yoast SEO v24.8) - https:\/\/yoast.com\/wordpress\/plugins\/seo\/ -->\n<title>M\u00c1Y \u0110O \u0110I\u1ec6N TR\u1ede B\u1ec0 M\u1eb6T ACL STATICID... ch\u00ednh h\u00e3ng | V\u1ea1n N\u0103ng<\/title>\n<meta name=\"description\" content=\"Mua ngay M\u00c1Y \u0110O \u0110I\u1ec6N TR\u1ede B\u1ec0 M\u1eb6T ACL STATICIDE MODEL ACL 395 ch\u00ednh h\u00e3ng. M\u00e1y \u0110o \u0110i\u1ec7n Tr\u1edf B\u1ec1 M\u1eb7t ACL Staticide Model ACL 395 l\u00e0 m\u00e1y... Gi\u00e1 t\u1ed1t!\" \/>\n<meta name=\"robots\" content=\"noindex, follow, max-snippet:-1, max-image-preview:large, max-video-preview:-1\" \/>\n<meta property=\"og:locale\" content=\"en_US\" \/>\n<meta property=\"og:type\" content=\"article\" \/>\n<meta property=\"og:title\" content=\"M\u00c1Y \u0110O \u0110I\u1ec6N TR\u1ede B\u1ec0 M\u1eb6T ACL STATICIDE MODEL ACL 395\" \/>\n<meta property=\"og:description\" content=\"Mua ngay M\u00c1Y \u0110O \u0110I\u1ec6N TR\u1ede B\u1ec0 M\u1eb6T ACL STATICIDE MODEL ACL 395 ch\u00ednh h\u00e3ng. M\u00e1y \u0110o \u0110i\u1ec7n Tr\u1edf B\u1ec1 M\u1eb7t ACL Staticide Model ACL 395 l\u00e0 m\u00e1y... Gi\u00e1 t\u1ed1t!\" \/>\n<meta property=\"og:url\" content=\"https:\/\/vannangvn.123websitedev.com\/en\/product\/may-do-dien-tro-be-mat-acl-staticide-model-acl-395\/\" \/>\n<meta property=\"og:site_name\" content=\"Vannang.vn\" \/>\n<meta property=\"article:modified_time\" content=\"2026-03-30T11:22:16+00:00\" \/>\n<meta property=\"og:image\" content=\"http:\/\/vannangvn.123websitedev.com\/wp-content\/uploads\/2026\/03\/10-768x576-copy.jpg\" \/>\n\t<meta property=\"og:image:width\" content=\"768\" \/>\n\t<meta property=\"og:image:height\" content=\"576\" \/>\n\t<meta property=\"og:image:type\" content=\"image\/jpeg\" \/>\n<meta name=\"twitter:card\" content=\"summary_large_image\" \/>\n<meta name=\"twitter:label1\" content=\"Est. reading time\" \/>\n\t<meta name=\"twitter:data1\" content=\"8 minutes\" \/>\n<script type=\"application\/ld+json\" class=\"yoast-schema-graph\">{\"@context\":\"https:\/\/schema.org\",\"@graph\":[{\"@type\":\"WebPage\",\"@id\":\"https:\/\/vannangvn.123websitedev.com\/san-pham\/may-do-dien-tro-be-mat-acl-staticide-model-acl-395\/\",\"url\":\"https:\/\/vannangvn.123websitedev.com\/san-pham\/may-do-dien-tro-be-mat-acl-staticide-model-acl-395\/\",\"name\":\"M\u00c1Y \u0110O \u0110I\u1ec6N TR\u1ede B\u1ec0 M\u1eb6T ACL STATICID... ch\u00ednh h\u00e3ng | V\u1ea1n N\u0103ng\",\"isPartOf\":{\"@id\":\"https:\/\/vannangvn.123websitedev.com\/#website\"},\"primaryImageOfPage\":{\"@id\":\"https:\/\/vannangvn.123websitedev.com\/san-pham\/may-do-dien-tro-be-mat-acl-staticide-model-acl-395\/#primaryimage\"},\"image\":{\"@id\":\"https:\/\/vannangvn.123websitedev.com\/san-pham\/may-do-dien-tro-be-mat-acl-staticide-model-acl-395\/#primaryimage\"},\"thumbnailUrl\":\"https:\/\/vannangvn.123websitedev.com\/wp-content\/uploads\/2026\/03\/10-768x576-copy.jpg\",\"datePublished\":\"2026-03-20T10:31:11+00:00\",\"dateModified\":\"2026-03-30T11:22:16+00:00\",\"description\":\"Mua ngay M\u00c1Y \u0110O \u0110I\u1ec6N TR\u1ede B\u1ec0 M\u1eb6T ACL STATICIDE MODEL ACL 395 ch\u00ednh h\u00e3ng. M\u00e1y \u0110o \u0110i\u1ec7n Tr\u1edf B\u1ec1 M\u1eb7t ACL Staticide Model ACL 395 l\u00e0 m\u00e1y... Gi\u00e1 t\u1ed1t!\",\"breadcrumb\":{\"@id\":\"https:\/\/vannangvn.123websitedev.com\/san-pham\/may-do-dien-tro-be-mat-acl-staticide-model-acl-395\/#breadcrumb\"},\"inLanguage\":\"en-US\",\"potentialAction\":[{\"@type\":\"ReadAction\",\"target\":[\"https:\/\/vannangvn.123websitedev.com\/san-pham\/may-do-dien-tro-be-mat-acl-staticide-model-acl-395\/\"]}]},{\"@type\":\"ImageObject\",\"inLanguage\":\"en-US\",\"@id\":\"https:\/\/vannangvn.123websitedev.com\/san-pham\/may-do-dien-tro-be-mat-acl-staticide-model-acl-395\/#primaryimage\",\"url\":\"https:\/\/vannangvn.123websitedev.com\/wp-content\/uploads\/2026\/03\/10-768x576-copy.jpg\",\"contentUrl\":\"https:\/\/vannangvn.123websitedev.com\/wp-content\/uploads\/2026\/03\/10-768x576-copy.jpg\",\"width\":768,\"height\":576},{\"@type\":\"BreadcrumbList\",\"@id\":\"https:\/\/vannangvn.123websitedev.com\/san-pham\/may-do-dien-tro-be-mat-acl-staticide-model-acl-395\/#breadcrumb\",\"itemListElement\":[{\"@type\":\"ListItem\",\"position\":1,\"name\":\"Trang ch\u1ee7\",\"item\":\"https:\/\/vannangvn.123websitedev.com\/\"},{\"@type\":\"ListItem\",\"position\":2,\"name\":\"S\u1ea3n ph\u1ea9m\",\"item\":\"https:\/\/vannangvn.123websitedev.com\/cua-hang\/\"},{\"@type\":\"ListItem\",\"position\":3,\"name\":\"M\u00c1Y \u0110O \u0110I\u1ec6N TR\u1ede B\u1ec0 M\u1eb6T ACL STATICIDE MODEL ACL 395\"}]},{\"@type\":\"WebSite\",\"@id\":\"https:\/\/vannangvn.123websitedev.com\/#website\",\"url\":\"https:\/\/vannangvn.123websitedev.com\/\",\"name\":\"Vannang.vn\",\"description\":\"\",\"publisher\":{\"@id\":\"https:\/\/vannangvn.123websitedev.com\/#organization\"},\"potentialAction\":[{\"@type\":\"SearchAction\",\"target\":{\"@type\":\"EntryPoint\",\"urlTemplate\":\"https:\/\/vannangvn.123websitedev.com\/?s={search_term_string}\"},\"query-input\":{\"@type\":\"PropertyValueSpecification\",\"valueRequired\":true,\"valueName\":\"search_term_string\"}}],\"inLanguage\":\"en-US\"},{\"@type\":\"Organization\",\"@id\":\"https:\/\/vannangvn.123websitedev.com\/#organization\",\"name\":\"Vannang.vn\",\"url\":\"https:\/\/vannangvn.123websitedev.com\/\",\"logo\":{\"@type\":\"ImageObject\",\"inLanguage\":\"en-US\",\"@id\":\"https:\/\/vannangvn.123websitedev.com\/#\/schema\/logo\/image\/\",\"url\":\"https:\/\/vannangvn.123websitedev.com\/wp-content\/uploads\/2026\/02\/logo-van-nang-02.png\",\"contentUrl\":\"https:\/\/vannangvn.123websitedev.com\/wp-content\/uploads\/2026\/02\/logo-van-nang-02.png\",\"width\":448,\"height\":111,\"caption\":\"Vannang.vn\"},\"image\":{\"@id\":\"https:\/\/vannangvn.123websitedev.com\/#\/schema\/logo\/image\/\"}}]}<\/script>\n<!-- \/ Yoast SEO Premium plugin. -->","yoast_head_json":{"title":"M\u00c1Y \u0110O \u0110I\u1ec6N TR\u1ede B\u1ec0 M\u1eb6T ACL STATICID... ch\u00ednh h\u00e3ng | V\u1ea1n N\u0103ng","description":"Mua ngay M\u00c1Y \u0110O \u0110I\u1ec6N TR\u1ede B\u1ec0 M\u1eb6T ACL STATICIDE MODEL ACL 395 ch\u00ednh h\u00e3ng. M\u00e1y \u0110o \u0110i\u1ec7n Tr\u1edf B\u1ec1 M\u1eb7t ACL Staticide Model ACL 395 l\u00e0 m\u00e1y... Gi\u00e1 t\u1ed1t!","robots":{"index":"noindex","follow":"follow","max-snippet":"max-snippet:-1","max-image-preview":"max-image-preview:large","max-video-preview":"max-video-preview:-1"},"og_locale":"en_US","og_type":"article","og_title":"M\u00c1Y \u0110O \u0110I\u1ec6N TR\u1ede B\u1ec0 M\u1eb6T ACL STATICIDE MODEL ACL 395","og_description":"Mua ngay M\u00c1Y \u0110O \u0110I\u1ec6N TR\u1ede B\u1ec0 M\u1eb6T ACL STATICIDE MODEL ACL 395 ch\u00ednh h\u00e3ng. M\u00e1y \u0110o \u0110i\u1ec7n Tr\u1edf B\u1ec1 M\u1eb7t ACL Staticide Model ACL 395 l\u00e0 m\u00e1y... Gi\u00e1 t\u1ed1t!","og_url":"https:\/\/vannangvn.123websitedev.com\/en\/product\/may-do-dien-tro-be-mat-acl-staticide-model-acl-395\/","og_site_name":"Vannang.vn","article_modified_time":"2026-03-30T11:22:16+00:00","og_image":[{"width":768,"height":576,"url":"http:\/\/vannangvn.123websitedev.com\/wp-content\/uploads\/2026\/03\/10-768x576-copy.jpg","type":"image\/jpeg"}],"twitter_card":"summary_large_image","twitter_misc":{"Est. reading time":"8 minutes"},"schema":{"@context":"https:\/\/schema.org","@graph":[{"@type":"WebPage","@id":"https:\/\/vannangvn.123websitedev.com\/san-pham\/may-do-dien-tro-be-mat-acl-staticide-model-acl-395\/","url":"https:\/\/vannangvn.123websitedev.com\/san-pham\/may-do-dien-tro-be-mat-acl-staticide-model-acl-395\/","name":"M\u00c1Y \u0110O \u0110I\u1ec6N TR\u1ede B\u1ec0 M\u1eb6T ACL STATICID... ch\u00ednh h\u00e3ng | V\u1ea1n N\u0103ng","isPartOf":{"@id":"https:\/\/vannangvn.123websitedev.com\/#website"},"primaryImageOfPage":{"@id":"https:\/\/vannangvn.123websitedev.com\/san-pham\/may-do-dien-tro-be-mat-acl-staticide-model-acl-395\/#primaryimage"},"image":{"@id":"https:\/\/vannangvn.123websitedev.com\/san-pham\/may-do-dien-tro-be-mat-acl-staticide-model-acl-395\/#primaryimage"},"thumbnailUrl":"https:\/\/vannangvn.123websitedev.com\/wp-content\/uploads\/2026\/03\/10-768x576-copy.jpg","datePublished":"2026-03-20T10:31:11+00:00","dateModified":"2026-03-30T11:22:16+00:00","description":"Mua ngay M\u00c1Y \u0110O \u0110I\u1ec6N TR\u1ede B\u1ec0 M\u1eb6T ACL STATICIDE MODEL ACL 395 ch\u00ednh h\u00e3ng. M\u00e1y \u0110o \u0110i\u1ec7n Tr\u1edf B\u1ec1 M\u1eb7t ACL Staticide Model ACL 395 l\u00e0 m\u00e1y... Gi\u00e1 t\u1ed1t!","breadcrumb":{"@id":"https:\/\/vannangvn.123websitedev.com\/san-pham\/may-do-dien-tro-be-mat-acl-staticide-model-acl-395\/#breadcrumb"},"inLanguage":"en-US","potentialAction":[{"@type":"ReadAction","target":["https:\/\/vannangvn.123websitedev.com\/san-pham\/may-do-dien-tro-be-mat-acl-staticide-model-acl-395\/"]}]},{"@type":"ImageObject","inLanguage":"en-US","@id":"https:\/\/vannangvn.123websitedev.com\/san-pham\/may-do-dien-tro-be-mat-acl-staticide-model-acl-395\/#primaryimage","url":"https:\/\/vannangvn.123websitedev.com\/wp-content\/uploads\/2026\/03\/10-768x576-copy.jpg","contentUrl":"https:\/\/vannangvn.123websitedev.com\/wp-content\/uploads\/2026\/03\/10-768x576-copy.jpg","width":768,"height":576},{"@type":"BreadcrumbList","@id":"https:\/\/vannangvn.123websitedev.com\/san-pham\/may-do-dien-tro-be-mat-acl-staticide-model-acl-395\/#breadcrumb","itemListElement":[{"@type":"ListItem","position":1,"name":"Trang ch\u1ee7","item":"https:\/\/vannangvn.123websitedev.com\/"},{"@type":"ListItem","position":2,"name":"S\u1ea3n ph\u1ea9m","item":"https:\/\/vannangvn.123websitedev.com\/cua-hang\/"},{"@type":"ListItem","position":3,"name":"M\u00c1Y \u0110O \u0110I\u1ec6N TR\u1ede B\u1ec0 M\u1eb6T ACL STATICIDE MODEL ACL 395"}]},{"@type":"WebSite","@id":"https:\/\/vannangvn.123websitedev.com\/#website","url":"https:\/\/vannangvn.123websitedev.com\/","name":"Vannang.vn","description":"","publisher":{"@id":"https:\/\/vannangvn.123websitedev.com\/#organization"},"potentialAction":[{"@type":"SearchAction","target":{"@type":"EntryPoint","urlTemplate":"https:\/\/vannangvn.123websitedev.com\/?s={search_term_string}"},"query-input":{"@type":"PropertyValueSpecification","valueRequired":true,"valueName":"search_term_string"}}],"inLanguage":"en-US"},{"@type":"Organization","@id":"https:\/\/vannangvn.123websitedev.com\/#organization","name":"Vannang.vn","url":"https:\/\/vannangvn.123websitedev.com\/","logo":{"@type":"ImageObject","inLanguage":"en-US","@id":"https:\/\/vannangvn.123websitedev.com\/#\/schema\/logo\/image\/","url":"https:\/\/vannangvn.123websitedev.com\/wp-content\/uploads\/2026\/02\/logo-van-nang-02.png","contentUrl":"https:\/\/vannangvn.123websitedev.com\/wp-content\/uploads\/2026\/02\/logo-van-nang-02.png","width":448,"height":111,"caption":"Vannang.vn"},"image":{"@id":"https:\/\/vannangvn.123websitedev.com\/#\/schema\/logo\/image\/"}}]}},"_links":{"self":[{"href":"https:\/\/vannangvn.123websitedev.com\/en\/wp-json\/wp\/v2\/product\/6527","targetHints":{"allow":["GET"]}}],"collection":[{"href":"https:\/\/vannangvn.123websitedev.com\/en\/wp-json\/wp\/v2\/product"}],"about":[{"href":"https:\/\/vannangvn.123websitedev.com\/en\/wp-json\/wp\/v2\/types\/product"}],"replies":[{"embeddable":true,"href":"https:\/\/vannangvn.123websitedev.com\/en\/wp-json\/wp\/v2\/comments?post=6527"}],"wp:featuredmedia":[{"embeddable":true,"href":"https:\/\/vannangvn.123websitedev.com\/en\/wp-json\/wp\/v2\/media\/9836"}],"wp:attachment":[{"href":"https:\/\/vannangvn.123websitedev.com\/en\/wp-json\/wp\/v2\/media?parent=6527"}],"wp:term":[{"taxonomy":"product_brand","embeddable":true,"href":"https:\/\/vannangvn.123websitedev.com\/en\/wp-json\/wp\/v2\/product_brand?post=6527"},{"taxonomy":"product_cat","embeddable":true,"href":"https:\/\/vannangvn.123websitedev.com\/en\/wp-json\/wp\/v2\/product_cat?post=6527"},{"taxonomy":"product_tag","embeddable":true,"href":"https:\/\/vannangvn.123websitedev.com\/en\/wp-json\/wp\/v2\/product_tag?post=6527"}],"curies":[{"name":"wp","href":"https:\/\/api.w.org\/{rel}","templated":true}]}}