{"id":6541,"date":"2026-03-20T17:31:29","date_gmt":"2026-03-20T10:31:29","guid":{"rendered":"https:\/\/vannangvn.123websitedev.com\/san-pham\/may-do-do-am-tuyet-doi-pce-instruments-model-fmd-6\/"},"modified":"2026-03-30T18:22:35","modified_gmt":"2026-03-30T11:22:35","slug":"may-do-do-am-tuyet-doi-pce-instruments-model-fmd-6","status":"publish","type":"product","link":"https:\/\/vannangvn.123websitedev.com\/en\/product\/may-do-do-am-tuyet-doi-pce-instruments-model-fmd-6\/","title":{"rendered":"M\u00c1Y \u0110O \u0110\u1ed8 \u1ea8M TUY\u1ec6T \u0110\u1ed0I PCE INSTRUMENTS MODEL FMD 6"},"content":{"rendered":"<h1 style=\"color: red; font-weight: bold; font-size: 24px;\">T&#7893;ng quan s&#7843;n ph&#7849;m M&Aacute;Y &#272;O &#272;&#7896; &#7848;M TUY&#7878;T &#272;&#7888;I PCE INSTRUMENTS MODEL FMD 6<p>M&aacute;y &#272;o &#272;&#7897; &#7848;m Tuy&#7879;t &#272;&#7889;i (Multifunction Moisture Meter) PCE Instruments Model FMD 6<br>\nM&aacute;y &#272;o &#272;&#7897; &#7848;m Tuy&#7879;t &#272;&#7889;i FMD 6 l&agrave; thi&#7871;t b&#7883; c&#7847;m tay hi&#7879;n &#273;&#7841;i, &#273;&#432;&#7907;c thi&#7871;t k&#7871; &#273;&#7875; &#273;o ch&iacute;nh x&aacute;c &#273;&#7897; &#7849;m c&#7911;a gi&#7845;y, g&#7895; v&agrave; c&aacute;c v&#7853;t li&#7879;u x&acirc;y d&#7921;ng. V&#7899;i kh&#7843; n&#259;ng l&#432;u tr&#7919; &#273;&#7871;n 1.000 k&#7871;t qu&#7843; &#273;o, FMD 6 cho ph&eacute;p ng&#432;&#7901;i d&ugrave;ng d&#7877; d&agrave;ng chuy&#7875;n d&#7919; li&#7879;u sang m&aacute;y t&iacute;nh th&ocirc;ng qua ph&#7847;n m&#7873;m &#273;i k&egrave;m.<br>\nM&aacute;y FMD 6 cung c&#7845;p c&aacute;c &#273;&#432;&#7901;ng cong &#273;&#7863;c tr&#432;ng &#273;&#432;&#7907;c c&agrave;i &#273;&#7863;t s&#7861;n, ph&ugrave; h&#7907;p v&#7899;i t&#7915;ng lo&#7841;i v&#7853;t li&#7879;u, gi&uacute;p &#273;o l&#432;&#7901;ng nhanh ch&oacute;ng v&agrave; ch&iacute;nh x&aacute;c. H&atilde;y c&ugrave;ng V&#7841;n N&#259;ng t&igrave;m hi&#7875;u chi ti&#7871;t h&#417;n v&#7873; s&#7843;n ph&#7849;m th&ocirc;ng qua b&agrave;i vi&#7871;t d&#432;&#7899;i &#273;&acirc;y!<\/p><h2 style=\"color: #2e7d32; font-weight: bold; font-size: 20px;\">&#272;&#7863;c &#272;i&#7875;m N&#7893;i B&#7853;t C&#7911;a FMD 6<\/h2><p>D&#7877; d&agrave;ng s&#7917; d&#7909;ng v&#7899;i giao di&#7879;n th&acirc;n thi&#7879;n.<br>\n&#272;&#7897; ch&iacute;nh x&aacute;c cao, h&#7895; tr&#7907; ki&#7875;m tra ch&#7845;t l&#432;&#7907;ng v&#7853;t li&#7879;u m&#7897;t c&aacute;ch hi&#7879;u qu&#7843;.<br>\nCh&#7871; &#273;&#7897; t&#7855;t ngu&#7891;n t&#7921; &#273;&#7897;ng gi&uacute;p ti&#7871;t ki&#7879;m pin, c&oacute; th&#7875; t&#7855;t n&#7871;u c&#7847;n.<br>\nL&#432;u tr&#7919; k&#7871;t qu&#7843; &#273;o l&#7899;n, t&#7889;i &#273;a l&ecirc;n &#273;&#7871;n 1.000 gi&aacute; tr&#7883;.<br>\nH&#7895; tr&#7907; c&#7843;m bi&#7871;n ngo&agrave;i (mua ri&ecirc;ng), cho ph&eacute;p &#273;o linh ho&#7841;t c&#7843; theo ph&#432;&#417;ng ph&aacute;p ph&aacute; h&#7911;y v&agrave; kh&ocirc;ng ph&aacute; h&#7911;y.<\/p><p>Danh M&#7909;c V&#7853;t Li&#7879;u &#272;o Ph&#7893; Bi&#7871;n<br>\nV&#7853;t li&#7879;u x&acirc;y d&#7921;ng<\/p><p>B&ecirc; t&ocirc;ng (200 kg\/m&sup3;, 350 kg\/m&sup3;, 500 kg\/m&sup3;).<br>\nG&#7841;ch, v&#7919;a v&ocirc;i, MDF, th&#7841;ch cao.<br>\nS&agrave;n xi m&#259;ng, s&agrave;n th&#7841;ch cao.<\/p><p>Gi&#7845;y:<\/p><p>Gi&#7845;y Kraft, gi&#7845;y SC, gi&#7845;y PWA.<\/p><p>G&#7895;:<\/p><p>C&aacute;c lo&#7841;i g&#7895; qu&yacute;: g&#7895; s&#7891;i, g&#7895; &oacute;c ch&oacute;, g&#7895; th&ocirc;ng, g&#7895; lim, g&#7895; d&#432;&#417;ng.<br>\nG&#7895; c&ocirc;ng nghi&#7879;p v&agrave; t&#7921; nhi&ecirc;n: t&#7915; Abachi, Abarco &#273;&#7871;n Redwood (Californian).<\/p><p>&#7912;ng D&#7909;ng &#272;a D&#7841;ng C&#7911;a FMD 6<br>\nM&aacute;y &#272;o &#272;&#7897; &#7848;m FMD 6 ph&ugrave; h&#7907;p cho nhi&#7873;u lo&#7841;i v&#7853;t li&#7879;u kh&aacute;c nhau, t&#7915; gi&#7845;y, g&#7895; &#273;&#7871;n c&aacute;c lo&#7841;i v&#7853;t li&#7879;u x&acirc;y d&#7921;ng nh&#432; b&ecirc; t&ocirc;ng, v&#7919;a, g&#7841;ch v&agrave; th&#7841;ch cao. PCE FMD6 l&yacute; t&#432;&#7903;ng cho c&#7843; nh&agrave; m&aacute;y s&#7843;n xu&#7845;t l&#7851;n c&ocirc;ng tr&igrave;nh x&acirc;y d&#7921;ng, &#273;&#7843;m b&#7843;o &#273;&#7897; ch&iacute;nh x&aacute;c trong c&aacute;c kh&acirc;u gi&aacute;m s&aacute;t &#273;&#7897; &#7849;m c&#7911;a t&#432;&#7901;ng, s&agrave;n, ho&#7863;c g&#7895; c&ocirc;ng nghi&#7879;p.<\/p><p>&#431;u &#272;i&#7875;m V&#432;&#7907;t Tr&#7897;i C&#7911;a FMD 6<\/p><p>&#272;&#432;&#7901;ng cong &#273;&#7863;c tr&#432;ng cho t&#7915;ng lo&#7841;i v&#7853;t li&#7879;u: V&#7899;i h&#417;n 500 &#273;&#432;&#7901;ng cong &#273;&#7863;c tr&#432;ng, M&aacute;y &#272;o &#272;&#7897; &#7848;m C&#7847;m Tay FMD 6 cho ph&eacute;p &#273;o l&#432;&#7901;ng ch&iacute;nh x&aacute;c &#273;&#7897; &#7849;m cho t&#7915;ng lo&#7841;i v&#7853;t li&#7879;u c&#7909; th&#7875;.<br>\nT&iacute;ch h&#7907;p ph&#7847;n m&#7873;m qu&#7843;n l&yacute; d&#7919; li&#7879;u: D&#7877; d&agrave;ng chuy&#7875;n k&#7871;t qu&#7843; &#273;o sang m&aacute;y t&iacute;nh &#273;&#7875; ph&acirc;n t&iacute;ch v&agrave; b&aacute;o c&aacute;o.<br>\nThi&#7871;t k&#7871; nh&#7887; g&#7885;n: Ti&#7879;n l&#7907;i cho vi&#7879;c mang theo v&agrave; s&#7917; d&#7909;ng linh ho&#7841;t t&#7841;i hi&#7879;n tr&#432;&#7901;ng.<\/p><p>Ph&#7909; Ki&#7879;n V&agrave; T&ugrave;y Ch&#7885;n C&#7843;m Bi&#7871;n<br>\nThi&#7871;t B&#7883; &#272;o &#272;&#7897; &#7848;m FMD 6 h&#7895; tr&#7907; nhi&#7873;u lo&#7841;i c&#7843;m bi&#7871;n ph&ugrave; h&#7907;p v&#7899;i t&#7915;ng lo&#7841;i v&#7853;t li&#7879;u v&agrave; &#7913;ng d&#7909;ng c&#7909; th&#7875;. Ng&#432;&#7901;i d&ugrave;ng c&oacute; th&#7875; ch&#7885;n c&#7843;m bi&#7871;n &#273;&#7875; &#273;o &#273;&#7897; &#7849;m b&#7873; m&#7863;t ho&#7863;c c&#7843;m bi&#7871;n ch&egrave;n s&acirc;u cho ph&#432;&#417;ng ph&aacute;p &#273;o ph&aacute; h&#7911;y.<\/p><p>Creation of Custom Characteristic Curve FMD6-PROG<br>\nRam Sensor Probe REHB<br>\nHandheld Sensor Probe HEHB<br>\nAutomatic Temperature Compensation Sensor Probe FKT<br>\nUniversal Holder for Sensor Probes UFH<br>\nReplacement Measuring Pins (60 mm, Insulated, 10-Pack) ENS-60<br>\nReplacement Measuring Pins (45 mm, Insulated, 10-Pack) ENS-45<br>\nFour-Pin Sensor Probe (1.5 mm) NF4-15<\/p><p>Dual-Pin Sensor Probe (175 mm) SNF-175<br>\nRoller Sensor Probe BH-RF<br>\nChamber Sensor Probe Connection Cable BH-KF-K<br>\nChamber Sensor Probe BH-KF<br>\nDual-Pin Sensor Probe (100 mm)<br>\nFour-Pin Sensor Probe (17 mm)<br>\nSurface Sensor Probe BH-OFF<br>\nConcrete Sensor Probe Set BFS<br>\nReplacement Measuring Pins (30 mm, Non-Insulated, 10-Pack) ENS-30<\/p><p>Nh&#7919;ng L&yacute; Do N&ecirc;n Mua M&aacute;y &#272;o &#272;&#7897; &#7848;m Tuy&#7879;t &#272;&#7889;i T&#7841;i Thi&#7871;t B&#7883; C&ocirc;ng Ngh&#7879; V&#7841;n N&#259;ng<\/p><p>C&ocirc;ng ty Thi&#7871;t B&#7883; C&ocirc;ng Ngh&#7879; V&#7841;n N&#259;ng l&agrave; &#273;&#7889;i t&aacute;c ch&iacute;nh th&#7913;c ph&acirc;n ph&#7889;i M&aacute;y &#272;o &#272;&#7897; &#7848;m Tuy&#7879;t &#272;&#7889;i h&agrave;ng &#273;&#7847;u t&#7841;i Vi&#7879;t Nam, cam k&#7871;t cung c&#7845;p s&#7843;n ph&#7849;m ch&iacute;nh h&atilde;ng v&#7899;i gi&aacute; c&#7843; c&#7841;nh tranh nh&#7845;t th&#7883; tr&#432;&#7901;ng. V&#7899;i uy t&iacute;n tr&ecirc;n th&#7883; tr&#432;&#7901;ng v&agrave; ch&#7871; &#273;&#7897; h&#7851;u m&atilde;i t&#7889;t, Thi&#7871;t B&#7883; C&ocirc;ng Ngh&#7879; V&#7841;n N&#259;ng &#273;&atilde; nh&#7853;n &#273;&#432;&#7907;c s&#7921; tin t&#432;&#7903;ng t&#7915; kh&aacute;ch h&agrave;ng nh&#7901; v&agrave;o ch&#7845;t l&#432;&#7907;ng h&agrave;ng &#273;&#7847;u c&#7911;a c&aacute;c d&ograve;ng s&#7843;n ph&#7849;m.<br>\nS&#7843;n ph&#7849;m c&#7911;a ch&uacute;ng t&ocirc;i &#273;&#432;&#7907;c ki&#7875;m &#273;&#7883;nh ch&#7845;t l&#432;&#7907;ng, nh&#7853;p kh&#7849;u tr&#7921;c ti&#7871;p t&#7915; nh&agrave; m&aacute;y b&ecirc;n Ch&acirc;u &Acirc;u, M&#7929;, &Uacute;c, Nh&#7853;t B&#7843;n,&hellip; v&agrave; &#273;&aacute;p &#7913;ng nhu c&#7847;u &#273;a d&#7841;ng c&#7911;a th&#7883; tr&#432;&#7901;ng nh&#432;: M&aacute;y &#272;o &#272;&#7897; C&#7913;ng, M&aacute;y SPECTROMAXx, M&aacute;y Ki&#7875;m Tra &#272;&#432;&#7901;ng Gh&eacute;p M&iacute; Lon,&hellip; Ch&uacute;ng t&ocirc;i cam k&#7871;t cung c&#7845;p s&#7843;n ph&#7849;m n&agrave;y tr&ecirc;n to&agrave;n qu&#7889;c v&#7899;i gi&aacute; c&#7843; c&#7841;nh tranh nh&#7845;t.<br>\nCh&uacute;ng t&ocirc;i c&oacute; &#273;&#7897;i ng&#361; chuy&ecirc;n vi&ecirc;n t&#432; v&#7845;n chuy&ecirc;n s&acirc;u s&#7869; h&#7895; tr&#7907; kh&aacute;ch h&agrave;ng v&#7873; chi ti&#7871;t s&#7843;n ph&#7849;m, h&#432;&#7899;ng d&#7851;n s&#7917; d&#7909;ng hay nh&#7919;ng th&#7913; li&ecirc;n quan &#273;&#7871;n v&#7845;n &#273;&#7873; m&agrave; doanh nghi&#7879;p b&#7841;n &#273;ang g&#7863;p ph&#7843;i. Ch&uacute;ng t&ocirc;i s&#7869; cung c&#7845;p nh&#7919;ng gi&#7843;i ph&aacute;p t&#7889;i &#432;u nh&#7845;t!<br>\nNgo&agrave;i ra Thi&#7871;t B&#7883; C&ocirc;ng Ngh&#7879; V&#7841;n N&#259;ng Ch&uacute;ng T&ocirc;i lu&ocirc;n h&#432;&#7899;ng &#273;&#7871;n tr&#7843;i nghi&#7879;m kh&aacute;ch h&agrave;ng, v&igrave; v&#7853;y ch&uacute;ng t&ocirc;i c&oacute; nh&#7919;ng ch&iacute;nh s&aacute;ch b&#7843;o h&agrave;nh, b&#7843;o tr&igrave; &ndash; b&#7843;o d&#432;&#7905;ng, hi&#7879;u chu&#7849;n v&#7899;i t&#7845;t c&#7843; c&aacute;c thi&#7871;t b&#7883;, m&aacute;y m&oacute;c m&agrave; ch&uacute;ng t&ocirc;i cung c&#7845;p. &#272;&#7843;m b&#7843;o mang &#273;&#7871;n cho Kh&aacute;ch h&agrave;ng s&#7921; y&ecirc;n t&acirc;m tuy&#7879;t &#273;&#7889;i v&#7873; d&#7883;ch v&#7909; khi mua h&agrave;ng.<\/p><p>T&#7893;ng K&#7871;t<br>\nPCE Instruments FMD6 l&agrave; l&#7921;a ch&#7885;n h&agrave;ng &#273;&#7847;u cho c&aacute;c chuy&ecirc;n gia trong ng&agrave;nh x&acirc;y d&#7921;ng v&agrave; s&#7843;n xu&#7845;t. V&#7899;i kh&#7843; n&#259;ng &#273;o l&#432;&#7901;ng ch&iacute;nh x&aacute;c v&agrave; &#273;a d&#7841;ng, M&aacute;y &#272;o FMD6 &#273;&#7843;m b&#7843;o ch&#7845;t l&#432;&#7907;ng c&ocirc;ng tr&igrave;nh v&agrave; s&#7843;n ph&#7849;m lu&ocirc;n &#273;&#432;&#7907;c ki&#7875;m so&aacute;t ch&#7863;t ch&#7869;. H&atilde;y li&ecirc;n h&#7879; ngay v&#7899;i V&#7841;n N&#259;ng Company &#273;&#7875; &#273;&#432;&#7907;c t&#432; v&#7845;n chi ti&#7871;t v&agrave; nh&#7853;n ngay nh&#7919;ng &#432;u &#273;&atilde;i h&#7845;p d&#7851;n th&ocirc;ng qua hotline\/zalo: <a href=\"https:\/\/zalo.me\/0903991335\" target=\"_blank\" rel=\"noopener\" style=\"color: #059669; font-weight: bold; text-decoration: none;\">0903 991 335<\/a> !<\/p><div style=\"background-color: #f8fafc; border: 1px solid #e2e8f0; border-radius: 8px; padding: 25px; max-width: 800px; margin: 30px auto; color: #334155; line-height: 1.8; font-size: 17px; box-shadow: 0 4px 6px -1px rgba(0,0,0,0.05); text-align: left; clear: both;\">\nC&ocirc;ng ty TNHH Th&#432;&#417;ng M&#7841;i D&#7883;ch V&#7909; Thi&#7871;t B&#7883; C&ocirc;ng Ngh&#7879; V&#7841;n N&#259;ng\n<p style=\"margin: 0 0 10px 0;\">&#128205; <strong style=\"color: #1e293b;\">&#272;&#7883;a ch&#7881;:<\/strong> <a style=\"color: #059669; text-decoration: none; font-weight: bold;\" href=\"https:\/\/www.google.com\/maps\/search\/C%C3%B4ng+ty+TNHH+Th%C6%B0%C6%A1ng+M%E1%BA%A1i+D%E1%BB%8Bch+V%E1%BB%A5+Thi%E1%BA%BFt+B%E1%BB%8B+C%C3%B4ng+Ngh%E1%BB%87+V%E1%BA%A1n+N%C4%83ng+818+Tr%C6%B0%E1%BB%9Dng+Chinh\" target=\"_blank\" rel=\"noopener\">818 Tr&#432;&#7901;ng Chinh, Ph&#432;&#7901;ng T&acirc;n S&#417;n, Th&agrave;nh ph&#7889; H&#7891; Ch&iacute; Minh, Vi&#7879;t Nam<\/a><\/p>\n<p style=\"margin: 0 0 10px 0;\">&#128222; <strong style=\"color: #1e293b;\">S&#272;T &ndash; Zalo:<\/strong> <a style=\"color: #059669; text-decoration: none; font-weight: bold;\" href=\"https:\/\/zalo.me\/0903991335\" target=\"_blank\" rel=\"noopener\">0903 991 335<\/a> <span style=\"color: #64748b; font-style: italic;\">(Ms. H&#7841;nh &ndash; Gi&aacute;m &#272;&#7889;c Kinh Doanh)<\/span><\/p>\n<p style=\"margin: 0;\">&#9993;&#65039; <strong style=\"color: #1e293b;\">Email:<\/strong> <a style=\"color: #059669; text-decoration: none; font-weight: bold;\" href=\"mailto:hienhanh@vannangvn.com\">hienhanh@vannangvn.com<\/a><\/p>\n<\/div><\/h1>","protected":false},"excerpt":{"rendered":"<p><strong>Th&#432;&#417;ng hi&#7879;u:<\/strong> M&aacute;y &#272;o &#272;&#7897; &#7848;m Tuy&#7879;t &#272;&#7889;i FMD 6 l&agrave; thi&#7871;t b&#7883; c&#7847;m tay hi&#7879;n &#273;&#7841;i, &#273;&#432;&#7907;c thi&#7871;t k&#7871; &#273;&#7875; &#273;o ch&iacute;nh x&aacute;c &#273;&#7897; &#7849;m c&#7911;a gi&#7845;y, g&#7895; v&agrave; c&aacute;c v&#7853;t li&#7879;u x&acirc;y d&#7921;ng. V&#7899;i kh&#7843; n&#259;ng l&#432;u tr&#7919; &#273;&#7871;n 1.000 k&#7871;t qu&#7843; &#273;o, FMD 6 cho ph&eacute;p ng&#432;&#7901;i d&ugrave;ng d&#7877; d&agrave;ng chuy&#7875;n d&#7919; li&#7879;u sang m&aacute;y t&iacute;nh th&ocirc;ng qua ph&#7847;n m&#7873;m &#273;i k&egrave;m.<br>\n<strong>Model:<\/strong> FMD 6<p>Product <strong>M&Aacute;Y &#272;O &#272;&#7896; &#7848;M TUY&#7878;T &#272;&#7888;I PCE INSTRUMENTS MODEL FMD 6<\/strong> ch&iacute;nh h&atilde;ng. M&aacute;y &#272;o &#272;&#7897; &#7848;m Tuy&#7879;t &#272;&#7889;i FMD 6 l&agrave; thi&#7871;t b&#7883; c&#7847;m tay hi&#7879;n &#273;&#7841;i, &#273;&#432;&#7907;c thi&#7871;t k&#7871; &#273;&#7875; &#273;o ch&iacute;nh x&aacute;c &#273;&#7897; &#7849;m c&#7911;a gi&#7845;y, g&#7895; v&agrave; c&aacute;c v&#7853;t li&#7879;u x&acirc;y d&#7921;ng. V&#7899;i kh&#7843; n&#259;ng l&#432;u tr&#7919; &#273;&#7871;n 1.000 k&#7871;t qu&#7843; &#273;o, FMD 6 cho ph&eacute;p ng&#432;&#7901;i d&ugrave;ng d&#7877; d&agrave;ng chuy&#7875;n d&#7919; li&#7879;u sang m&aacute;y t&iacute;nh th&ocirc;ng qua ph&#7847;n m&#7873;m &#273;i k&egrave;m.<\/p><\/p>","protected":false},"featured_media":10248,"comment_status":"open","ping_status":"closed","template":"","meta":[],"product_brand":[],"product_cat":[18],"product_tag":[101,109,116,181,346,498,580,581,678,1518],"class_list":{"0":"post-6541","1":"product","2":"type-product","3":"status-publish","4":"has-post-thumbnail","6":"product_cat-chua-phan-loai","7":"product_tag-doi","8":"product_tag-may","9":"product_tag-model","10":"product_tag-do","11":"product_tag-pce","12":"product_tag-am","13":"product_tag-tuyet","14":"product_tag-instruments","15":"product_tag-678","16":"product_tag-fmd","18":"first","19":"instock","20":"shipping-taxable","21":"product-type-simple"},"yoast_head":"<!-- This site is optimized with the Yoast SEO Premium plugin v24.8 (Yoast SEO v24.8) - https:\/\/yoast.com\/wordpress\/plugins\/seo\/ -->\n<title>M\u00c1Y \u0110O \u0110\u1ed8 \u1ea8M TUY\u1ec6T \u0110\u1ed0I PCE INSTRUME... ch\u00ednh h\u00e3ng | V\u1ea1n N\u0103ng<\/title>\n<meta name=\"description\" content=\"Mua ngay M\u00c1Y \u0110O \u0110\u1ed8 \u1ea8M TUY\u1ec6T \u0110\u1ed0I PCE INSTRUMENTS MODEL FMD 6 ch\u00ednh h\u00e3ng. Gi\u00e1 t\u1ed1t!\" \/>\n<meta name=\"robots\" content=\"noindex, follow, max-snippet:-1, max-image-preview:large, max-video-preview:-1\" \/>\n<meta property=\"og:locale\" content=\"en_US\" \/>\n<meta property=\"og:type\" content=\"article\" \/>\n<meta property=\"og:title\" content=\"M\u00c1Y \u0110O \u0110\u1ed8 \u1ea8M TUY\u1ec6T \u0110\u1ed0I PCE INSTRUMENTS MODEL FMD 6\" \/>\n<meta property=\"og:description\" content=\"Mua ngay M\u00c1Y \u0110O \u0110\u1ed8 \u1ea8M TUY\u1ec6T \u0110\u1ed0I PCE INSTRUMENTS MODEL FMD 6 ch\u00ednh h\u00e3ng. Gi\u00e1 t\u1ed1t!\" \/>\n<meta property=\"og:url\" content=\"https:\/\/vannangvn.123websitedev.com\/en\/product\/may-do-do-am-tuyet-doi-pce-instruments-model-fmd-6\/\" \/>\n<meta property=\"og:site_name\" content=\"Vannang.vn\" \/>\n<meta property=\"article:modified_time\" content=\"2026-03-30T11:22:35+00:00\" \/>\n<meta property=\"og:image\" content=\"http:\/\/vannangvn.123websitedev.com\/wp-content\/uploads\/2026\/03\/Multifunction-Moisture-Meter-FMD-6-NO.1-copy.jpg\" \/>\n\t<meta property=\"og:image:width\" content=\"768\" \/>\n\t<meta property=\"og:image:height\" content=\"576\" \/>\n\t<meta property=\"og:image:type\" content=\"image\/jpeg\" \/>\n<meta name=\"twitter:card\" content=\"summary_large_image\" \/>\n<meta name=\"twitter:label1\" content=\"Est. reading time\" \/>\n\t<meta name=\"twitter:data1\" content=\"7 minutes\" \/>\n<script type=\"application\/ld+json\" class=\"yoast-schema-graph\">{\"@context\":\"https:\/\/schema.org\",\"@graph\":[{\"@type\":\"WebPage\",\"@id\":\"https:\/\/vannangvn.123websitedev.com\/san-pham\/may-do-do-am-tuyet-doi-pce-instruments-model-fmd-6\/\",\"url\":\"https:\/\/vannangvn.123websitedev.com\/san-pham\/may-do-do-am-tuyet-doi-pce-instruments-model-fmd-6\/\",\"name\":\"M\u00c1Y \u0110O \u0110\u1ed8 \u1ea8M TUY\u1ec6T \u0110\u1ed0I PCE INSTRUME... ch\u00ednh h\u00e3ng | V\u1ea1n N\u0103ng\",\"isPartOf\":{\"@id\":\"https:\/\/vannangvn.123websitedev.com\/#website\"},\"primaryImageOfPage\":{\"@id\":\"https:\/\/vannangvn.123websitedev.com\/san-pham\/may-do-do-am-tuyet-doi-pce-instruments-model-fmd-6\/#primaryimage\"},\"image\":{\"@id\":\"https:\/\/vannangvn.123websitedev.com\/san-pham\/may-do-do-am-tuyet-doi-pce-instruments-model-fmd-6\/#primaryimage\"},\"thumbnailUrl\":\"https:\/\/vannangvn.123websitedev.com\/wp-content\/uploads\/2026\/03\/Multifunction-Moisture-Meter-FMD-6-NO.1-copy.jpg\",\"datePublished\":\"2026-03-20T10:31:29+00:00\",\"dateModified\":\"2026-03-30T11:22:35+00:00\",\"description\":\"Mua ngay M\u00c1Y \u0110O \u0110\u1ed8 \u1ea8M TUY\u1ec6T \u0110\u1ed0I PCE INSTRUMENTS MODEL FMD 6 ch\u00ednh h\u00e3ng. Gi\u00e1 t\u1ed1t!\",\"breadcrumb\":{\"@id\":\"https:\/\/vannangvn.123websitedev.com\/san-pham\/may-do-do-am-tuyet-doi-pce-instruments-model-fmd-6\/#breadcrumb\"},\"inLanguage\":\"en-US\",\"potentialAction\":[{\"@type\":\"ReadAction\",\"target\":[\"https:\/\/vannangvn.123websitedev.com\/san-pham\/may-do-do-am-tuyet-doi-pce-instruments-model-fmd-6\/\"]}]},{\"@type\":\"ImageObject\",\"inLanguage\":\"en-US\",\"@id\":\"https:\/\/vannangvn.123websitedev.com\/san-pham\/may-do-do-am-tuyet-doi-pce-instruments-model-fmd-6\/#primaryimage\",\"url\":\"https:\/\/vannangvn.123websitedev.com\/wp-content\/uploads\/2026\/03\/Multifunction-Moisture-Meter-FMD-6-NO.1-copy.jpg\",\"contentUrl\":\"https:\/\/vannangvn.123websitedev.com\/wp-content\/uploads\/2026\/03\/Multifunction-Moisture-Meter-FMD-6-NO.1-copy.jpg\",\"width\":768,\"height\":576},{\"@type\":\"BreadcrumbList\",\"@id\":\"https:\/\/vannangvn.123websitedev.com\/san-pham\/may-do-do-am-tuyet-doi-pce-instruments-model-fmd-6\/#breadcrumb\",\"itemListElement\":[{\"@type\":\"ListItem\",\"position\":1,\"name\":\"Trang ch\u1ee7\",\"item\":\"https:\/\/vannangvn.123websitedev.com\/\"},{\"@type\":\"ListItem\",\"position\":2,\"name\":\"S\u1ea3n ph\u1ea9m\",\"item\":\"https:\/\/vannangvn.123websitedev.com\/cua-hang\/\"},{\"@type\":\"ListItem\",\"position\":3,\"name\":\"M\u00c1Y \u0110O \u0110\u1ed8 \u1ea8M TUY\u1ec6T \u0110\u1ed0I PCE INSTRUMENTS MODEL FMD 6\"}]},{\"@type\":\"WebSite\",\"@id\":\"https:\/\/vannangvn.123websitedev.com\/#website\",\"url\":\"https:\/\/vannangvn.123websitedev.com\/\",\"name\":\"Vannang.vn\",\"description\":\"\",\"publisher\":{\"@id\":\"https:\/\/vannangvn.123websitedev.com\/#organization\"},\"potentialAction\":[{\"@type\":\"SearchAction\",\"target\":{\"@type\":\"EntryPoint\",\"urlTemplate\":\"https:\/\/vannangvn.123websitedev.com\/?s={search_term_string}\"},\"query-input\":{\"@type\":\"PropertyValueSpecification\",\"valueRequired\":true,\"valueName\":\"search_term_string\"}}],\"inLanguage\":\"en-US\"},{\"@type\":\"Organization\",\"@id\":\"https:\/\/vannangvn.123websitedev.com\/#organization\",\"name\":\"Vannang.vn\",\"url\":\"https:\/\/vannangvn.123websitedev.com\/\",\"logo\":{\"@type\":\"ImageObject\",\"inLanguage\":\"en-US\",\"@id\":\"https:\/\/vannangvn.123websitedev.com\/#\/schema\/logo\/image\/\",\"url\":\"https:\/\/vannangvn.123websitedev.com\/wp-content\/uploads\/2026\/02\/logo-van-nang-02.png\",\"contentUrl\":\"https:\/\/vannangvn.123websitedev.com\/wp-content\/uploads\/2026\/02\/logo-van-nang-02.png\",\"width\":448,\"height\":111,\"caption\":\"Vannang.vn\"},\"image\":{\"@id\":\"https:\/\/vannangvn.123websitedev.com\/#\/schema\/logo\/image\/\"}}]}<\/script>\n<!-- \/ Yoast SEO Premium plugin. -->","yoast_head_json":{"title":"M\u00c1Y \u0110O \u0110\u1ed8 \u1ea8M TUY\u1ec6T \u0110\u1ed0I PCE INSTRUME... ch\u00ednh h\u00e3ng | V\u1ea1n N\u0103ng","description":"Mua ngay M\u00c1Y \u0110O \u0110\u1ed8 \u1ea8M TUY\u1ec6T \u0110\u1ed0I PCE INSTRUMENTS MODEL FMD 6 ch\u00ednh h\u00e3ng. Gi\u00e1 t\u1ed1t!","robots":{"index":"noindex","follow":"follow","max-snippet":"max-snippet:-1","max-image-preview":"max-image-preview:large","max-video-preview":"max-video-preview:-1"},"og_locale":"en_US","og_type":"article","og_title":"M\u00c1Y \u0110O \u0110\u1ed8 \u1ea8M TUY\u1ec6T \u0110\u1ed0I PCE INSTRUMENTS MODEL FMD 6","og_description":"Mua ngay M\u00c1Y \u0110O \u0110\u1ed8 \u1ea8M TUY\u1ec6T \u0110\u1ed0I PCE INSTRUMENTS MODEL FMD 6 ch\u00ednh h\u00e3ng. Gi\u00e1 t\u1ed1t!","og_url":"https:\/\/vannangvn.123websitedev.com\/en\/product\/may-do-do-am-tuyet-doi-pce-instruments-model-fmd-6\/","og_site_name":"Vannang.vn","article_modified_time":"2026-03-30T11:22:35+00:00","og_image":[{"width":768,"height":576,"url":"http:\/\/vannangvn.123websitedev.com\/wp-content\/uploads\/2026\/03\/Multifunction-Moisture-Meter-FMD-6-NO.1-copy.jpg","type":"image\/jpeg"}],"twitter_card":"summary_large_image","twitter_misc":{"Est. reading time":"7 minutes"},"schema":{"@context":"https:\/\/schema.org","@graph":[{"@type":"WebPage","@id":"https:\/\/vannangvn.123websitedev.com\/san-pham\/may-do-do-am-tuyet-doi-pce-instruments-model-fmd-6\/","url":"https:\/\/vannangvn.123websitedev.com\/san-pham\/may-do-do-am-tuyet-doi-pce-instruments-model-fmd-6\/","name":"M\u00c1Y \u0110O \u0110\u1ed8 \u1ea8M TUY\u1ec6T \u0110\u1ed0I PCE INSTRUME... ch\u00ednh h\u00e3ng | V\u1ea1n N\u0103ng","isPartOf":{"@id":"https:\/\/vannangvn.123websitedev.com\/#website"},"primaryImageOfPage":{"@id":"https:\/\/vannangvn.123websitedev.com\/san-pham\/may-do-do-am-tuyet-doi-pce-instruments-model-fmd-6\/#primaryimage"},"image":{"@id":"https:\/\/vannangvn.123websitedev.com\/san-pham\/may-do-do-am-tuyet-doi-pce-instruments-model-fmd-6\/#primaryimage"},"thumbnailUrl":"https:\/\/vannangvn.123websitedev.com\/wp-content\/uploads\/2026\/03\/Multifunction-Moisture-Meter-FMD-6-NO.1-copy.jpg","datePublished":"2026-03-20T10:31:29+00:00","dateModified":"2026-03-30T11:22:35+00:00","description":"Mua ngay M\u00c1Y \u0110O \u0110\u1ed8 \u1ea8M TUY\u1ec6T \u0110\u1ed0I PCE INSTRUMENTS MODEL FMD 6 ch\u00ednh h\u00e3ng. Gi\u00e1 t\u1ed1t!","breadcrumb":{"@id":"https:\/\/vannangvn.123websitedev.com\/san-pham\/may-do-do-am-tuyet-doi-pce-instruments-model-fmd-6\/#breadcrumb"},"inLanguage":"en-US","potentialAction":[{"@type":"ReadAction","target":["https:\/\/vannangvn.123websitedev.com\/san-pham\/may-do-do-am-tuyet-doi-pce-instruments-model-fmd-6\/"]}]},{"@type":"ImageObject","inLanguage":"en-US","@id":"https:\/\/vannangvn.123websitedev.com\/san-pham\/may-do-do-am-tuyet-doi-pce-instruments-model-fmd-6\/#primaryimage","url":"https:\/\/vannangvn.123websitedev.com\/wp-content\/uploads\/2026\/03\/Multifunction-Moisture-Meter-FMD-6-NO.1-copy.jpg","contentUrl":"https:\/\/vannangvn.123websitedev.com\/wp-content\/uploads\/2026\/03\/Multifunction-Moisture-Meter-FMD-6-NO.1-copy.jpg","width":768,"height":576},{"@type":"BreadcrumbList","@id":"https:\/\/vannangvn.123websitedev.com\/san-pham\/may-do-do-am-tuyet-doi-pce-instruments-model-fmd-6\/#breadcrumb","itemListElement":[{"@type":"ListItem","position":1,"name":"Trang ch\u1ee7","item":"https:\/\/vannangvn.123websitedev.com\/"},{"@type":"ListItem","position":2,"name":"S\u1ea3n ph\u1ea9m","item":"https:\/\/vannangvn.123websitedev.com\/cua-hang\/"},{"@type":"ListItem","position":3,"name":"M\u00c1Y \u0110O \u0110\u1ed8 \u1ea8M TUY\u1ec6T \u0110\u1ed0I PCE INSTRUMENTS MODEL FMD 6"}]},{"@type":"WebSite","@id":"https:\/\/vannangvn.123websitedev.com\/#website","url":"https:\/\/vannangvn.123websitedev.com\/","name":"Vannang.vn","description":"","publisher":{"@id":"https:\/\/vannangvn.123websitedev.com\/#organization"},"potentialAction":[{"@type":"SearchAction","target":{"@type":"EntryPoint","urlTemplate":"https:\/\/vannangvn.123websitedev.com\/?s={search_term_string}"},"query-input":{"@type":"PropertyValueSpecification","valueRequired":true,"valueName":"search_term_string"}}],"inLanguage":"en-US"},{"@type":"Organization","@id":"https:\/\/vannangvn.123websitedev.com\/#organization","name":"Vannang.vn","url":"https:\/\/vannangvn.123websitedev.com\/","logo":{"@type":"ImageObject","inLanguage":"en-US","@id":"https:\/\/vannangvn.123websitedev.com\/#\/schema\/logo\/image\/","url":"https:\/\/vannangvn.123websitedev.com\/wp-content\/uploads\/2026\/02\/logo-van-nang-02.png","contentUrl":"https:\/\/vannangvn.123websitedev.com\/wp-content\/uploads\/2026\/02\/logo-van-nang-02.png","width":448,"height":111,"caption":"Vannang.vn"},"image":{"@id":"https:\/\/vannangvn.123websitedev.com\/#\/schema\/logo\/image\/"}}]}},"_links":{"self":[{"href":"https:\/\/vannangvn.123websitedev.com\/en\/wp-json\/wp\/v2\/product\/6541","targetHints":{"allow":["GET"]}}],"collection":[{"href":"https:\/\/vannangvn.123websitedev.com\/en\/wp-json\/wp\/v2\/product"}],"about":[{"href":"https:\/\/vannangvn.123websitedev.com\/en\/wp-json\/wp\/v2\/types\/product"}],"replies":[{"embeddable":true,"href":"https:\/\/vannangvn.123websitedev.com\/en\/wp-json\/wp\/v2\/comments?post=6541"}],"wp:featuredmedia":[{"embeddable":true,"href":"https:\/\/vannangvn.123websitedev.com\/en\/wp-json\/wp\/v2\/media\/10248"}],"wp:attachment":[{"href":"https:\/\/vannangvn.123websitedev.com\/en\/wp-json\/wp\/v2\/media?parent=6541"}],"wp:term":[{"taxonomy":"product_brand","embeddable":true,"href":"https:\/\/vannangvn.123websitedev.com\/en\/wp-json\/wp\/v2\/product_brand?post=6541"},{"taxonomy":"product_cat","embeddable":true,"href":"https:\/\/vannangvn.123websitedev.com\/en\/wp-json\/wp\/v2\/product_cat?post=6541"},{"taxonomy":"product_tag","embeddable":true,"href":"https:\/\/vannangvn.123websitedev.com\/en\/wp-json\/wp\/v2\/product_tag?post=6541"}],"curies":[{"name":"wp","href":"https:\/\/api.w.org\/{rel}","templated":true}]}}