{"id":6555,"date":"2026-03-20T17:31:44","date_gmt":"2026-03-20T10:31:44","guid":{"rendered":"https:\/\/vannangvn.123websitedev.com\/san-pham\/may-do-do-bam-dinh-tu-dong-pubtester-model-bld-01\/"},"modified":"2026-03-30T18:22:54","modified_gmt":"2026-03-30T11:22:54","slug":"may-do-do-bam-dinh-tu-dong-pubtester-model-bld-01","status":"publish","type":"product","link":"https:\/\/vannangvn.123websitedev.com\/en\/product\/may-do-do-bam-dinh-tu-dong-pubtester-model-bld-01\/","title":{"rendered":"M\u00c1Y \u0110O \u0110\u1ed8 B\u00c1M D\u00cdNH T\u1ef0 \u0110\u1ed8NG PUBTESTER MODEL BLD-01"},"content":{"rendered":"<h1 style=\"color: red; font-weight: bold; font-size: 24px;\">T&#7893;ng quan s&#7843;n ph&#7849;m M&Aacute;Y &#272;O &#272;&#7896; B&Aacute;M D&Iacute;NH T&#7920; &#272;&#7896;NG PUBTESTER MODEL BLD-01<p>M&aacute;y &#272;o &#272;&#7897; B&aacute;m D&iacute;nh T&#7921; &#272;&#7897;ng (Auto Stripping Tester) Pubtester Model BLD-01<br>\nM&aacute;y &#272;o &#272;&#7897; B&aacute;m D&iacute;nh T&#7921; &#272;&#7897;ng Pubtester BLD-01 l&agrave; thi&#7871;t b&#7883; chuy&ecirc;n d&#7909;ng cho c&aacute;c b&agrave;i ki&#7875;m tra b&oacute;c t&aacute;ch, &#273;o l&#7921;c b&aacute;m d&iacute;nh, th&#7917; &#273;&#7897; b&#7873;n k&eacute;o, &#273;&#7897; b&#7873;n h&agrave;n nhi&#7879;t v&agrave; nhi&#7873;u ph&eacute;p th&#7917; li&ecirc;n quan &#273;&#7871;n b&#259;ng d&iacute;nh, phim b&#7843;o v&#7879;, m&agrave;ng &eacute;p, gi&#7845;y nh&#7843;, b&#259;ng keo y t&#7871;, t&uacute;i d&#7879;t v&agrave; v&#7853;t li&#7879;u &#273;&oacute;ng g&oacute;i. &#272;&acirc;y l&agrave; gi&#7843;i ph&aacute;p l&yacute; t&#432;&#7903;ng cho c&aacute;c ph&ograve;ng th&iacute; nghi&#7879;m QC, nh&agrave; s&#7843;n xu&#7845;t bao b&igrave;, b&#259;ng keo v&agrave; ng&agrave;nh c&ocirc;ng nghi&#7879;p s&#417;n ph&#7911; c&#7847;n &#273;o l&#7921;c b&aacute;m d&iacute;nh ch&iacute;nh x&aacute;c v&agrave; nh&#7845;t qu&aacute;n. H&atilde;y c&ugrave;ng V&#7841;n N&#259;ng t&igrave;m hi&#7875;u chi ti&#7871;t h&#417;n v&#7873; s&#7843;n ph&#7849;m th&ocirc;ng qua b&agrave;i vi&#7871;t d&#432;&#7899;i &#273;&acirc;y nh&eacute;!<\/p><p>Xem th&ecirc;m: Thi&#7871;t B&#7883; &#272;o &#272;&#7897; B&oacute;ng G&oacute;c 60&ordm; (Single Angle Gloss Meter) BYK Model micro-gloss 60&ordm; XS Cat No.4569<\/p><p>N&eacute;t &#272;&#7863;c Tr&#432;ng C&#7911;a Model BLD-01<br>\n&#272;&#7897; ch&iacute;nh x&aacute;c cao v&#7899;i load cell &plusmn;0,5%<br>\nPubtester BLD-01 &#273;&#432;&#7907;c trang b&#7883; c&#7843;m bi&#7871;n l&#7921;c c&oacute; &#273;&#7897; ch&iacute;nh x&aacute;c 0,5% to&agrave;n thang &#273;o, &#273;&#7843;m b&#7843;o k&#7871;t qu&#7843; l&#7863;p l&#7841;i v&agrave; tin c&#7853;y ngay c&#7843; trong &#273;i&#7873;u ki&#7879;n s&#7843;n xu&#7845;t h&agrave;ng lo&#7841;t ho&#7863;c m&ocirc;i tr&#432;&#7901;ng ki&#7875;m tra nghi&ecirc;m ng&#7863;t.<br>\nH&#7879; th&#7889;ng &#273;i&#7873;u khi&#7875;n d&#7883;ch chuy&#7875;n th&ocirc;ng minh<br>\nThi&#7871;t b&#7883; s&#7917; d&#7909;ng h&#7879; th&#7889;ng &#273;i&#7873;u khi&#7875;n d&#7883;ch chuy&#7875;n t&#7921; &#273;&#7897;ng v&#7899;i &#273;&#7897; ch&iacute;nh x&aacute;c 0,1 mm, gi&uacute;p theo d&otilde;i ch&iacute;nh x&aacute;c bi&#7871;n d&#7841;ng c&#7911;a m&#7851;u trong su&#7889;t qu&aacute; tr&igrave;nh ki&#7875;m tra.<br>\nTruy&#7873;n &#273;&#7897;ng servo hi&#7879;n &#273;&#7841;i<br>\nH&#7879; th&#7889;ng truy&#7873;n &#273;&#7897;ng servo ti&ecirc;n ti&#7871;n cho ph&eacute;p &#273;i&#7873;u ch&#7881;nh t&#7889;c &#273;&#7897; v&ocirc; c&#7845;p trong d&#7843;i 0,05 &ndash; 500 mm\/ph&uacute;t, &#273;&aacute;p &#7913;ng &#273;a d&#7841;ng nhu c&#7847;u t&#7915; c&aacute;c ph&eacute;p th&#7917; b&oacute;c t&aacute;ch t&#7889;c &#273;&#7897; th&#7845;p &#273;&#7871;n c&aacute;c ph&eacute;p th&#7917; l&#7921;c k&eacute;o t&#7889;c &#273;&#7897; cao.<\/p><p>M&agrave;n h&igrave;nh c&#7843;m &#7913;ng 7 inch tr&#7921;c quan<br>\nM&agrave;n h&igrave;nh m&agrave;u 7 inch t&iacute;ch h&#7907;p c&aacute;c ch&#7913;c n&#259;ng x&#7917; l&yacute; d&#7919; li&#7879;u th&ocirc;ng minh, hi&#7875;n th&#7883; &#273;&#7891;ng th&#7901;i gi&aacute; tr&#7883; Max, Min, Average cho t&#7915;ng b&agrave;i test v&agrave; cho ph&eacute;p in d&#7919; li&#7879;u tr&#7921;c ti&#7871;p qua m&aacute;y in t&iacute;ch h&#7907;p.<br>\nTh&#432; vi&#7879;n ti&ecirc;u chu&#7849;n qu&#7889;c t&#7871; t&iacute;ch h&#7907;p<br>\nThi&#7871;t b&#7883; &#273;i k&egrave;m th&#432; vi&#7879;n ti&ecirc;u chu&#7849;n th&#7917; nghi&#7879;m phong ph&uacute; (ASTM D3330, GB\/T 2790, GB\/T 4850, FINAT&hellip;), gi&uacute;p ng&#432;&#7901;i d&ugrave;ng d&#7877; d&agrave;ng ch&#7885;n v&agrave; th&#7921;c hi&#7879;n b&agrave;i ki&#7875;m tra &#273;&uacute;ng quy chu&#7849;n.<br>\nB&#7843;o v&#7879; v&agrave; an to&agrave;n v&#432;&#7907;t tr&#7897;i<br>\nBLD-01 &#273;&#432;&#7907;c trang b&#7883; b&#7843;o v&#7879; qu&aacute; t&#7843;i, gi&#7899;i h&#7841;n h&agrave;nh tr&igrave;nh &#273;i&#7879;n t&#7917;, t&#7921; &#273;&#7897;ng tr&#7843; v&#7873; v&#7883; tr&iacute; ban &#273;&#7847;u v&agrave; ch&#7913;c n&#259;ng l&#432;u b&#7897; nh&#7899; khi m&#7845;t &#273;i&#7879;n, &#273;&#7843;m b&#7843;o an to&agrave;n cho ng&#432;&#7901;i v&#7853;n h&agrave;nh v&agrave; c&#7843;m bi&#7871;n.<\/p><p>Xem th&ecirc;m: Thi&#7871;t B&#7883; K&eacute;o &#272;&#7849;y &#272;i&#7879;n MasterMover Model MT200<\/p><p>&#431;u &#272;i&#7875;m V&#432;&#7907;t Tr&#7897;i C&#7911;a Pubtester BLD-01<br>\nPh&acirc;n t&iacute;ch d&#7919; li&#7879;u th&ocirc;ng minh<br>\nThi&#7871;t B&#7883; Ki&#7875;m Tra &#272;&#7897; B&oacute;c T&aacute;ch T&#7921; &#272;&#7897;ng BLD-01 cung c&#7845;p th&#7889;ng k&ecirc; theo nh&oacute;m, in nhi&#7873;u k&#7871;t qu&#7843; c&ugrave;ng l&uacute;c, l&#432;u d&#7919; li&#7879;u cho m&#7909;c &#273;&iacute;ch truy xu&#7845;t, gi&uacute;p gi&#7843;m sai s&oacute;t trong qu&aacute; tr&igrave;nh ki&#7875;m so&aacute;t ch&#7845;t l&#432;&#7907;ng.<br>\nKh&#7843; n&#259;ng t&ugrave;y bi&#7871;n linh ho&#7841;t<br>\nH&#7895; tr&#7907; nhi&#7873;u d&#7843;i load cell t&#7915; 30N &#273;&#7871;n 500N, nhi&#7873;u lo&#7841;i k&#7865;p m&#7851;u t&ugrave;y ch&#7881;nh, ph&#7847;n m&#7873;m v&agrave; ph&#7909; ki&#7879;n t&ugrave;y bi&#7871;n &#273;&#7875; ph&ugrave; h&#7907;p v&#7899;i h&agrave;ng ng&agrave;n v&#7853;t li&#7879;u kh&aacute;c nhau.<\/p><p>K&#7871;t n&#7889;i v&agrave; truy&#7873;n d&#7919; li&#7879;u d&#7877; d&agrave;ng<br>\nC&#7893;ng RS232 ti&ecirc;u chu&#7849;n gi&uacute;p k&#7871;t n&#7889;i nhanh v&#7899;i m&aacute;y t&iacute;nh, ph&#7847;n m&#7873;m chuy&ecirc;n d&#7909;ng h&#7895; tr&#7907; l&#432;u tr&#7919; v&agrave; xu&#7845;t b&aacute;o c&aacute;o k&#7871;t qu&#7843; chuy&ecirc;n nghi&#7879;p.<br>\n&#272;&aacute;p &#7913;ng nhi&#7873;u ph&#432;&#417;ng ph&aacute;p th&#7917;<br>\nT&#7915; c&aacute;c b&agrave;i ki&#7875;m tra b&oacute;c t&aacute;ch 90&deg;\/180&deg;, &#273;o l&#7921;c h&agrave;n nhi&#7879;t, l&#7921;c x&eacute; r&aacute;ch, &#273;&#7871;n l&#7921;c m&#7903; n&#7855;p chai, Model BLD-01 c&oacute; th&#7875; x&#7917; l&yacute; g&#7847;n nh&#432; m&#7885;i &#7913;ng d&#7909;ng &#273;o l&#7921;c trong l&#297;nh v&#7921;c bao b&igrave;, b&#259;ng d&iacute;nh v&agrave; v&#7853;t li&#7879;u gh&eacute;p.<br>\nThi&#7871;t k&#7871; b&#7873;n b&#7881; v&agrave; g&#7885;n g&agrave;ng<br>\nKhung m&aacute;y ch&#7855;c ch&#7855;n, k&iacute;ch th&#432;&#7899;c 800&times;320&times;300 mm, tr&#7885;ng l&#432;&#7907;ng ch&#7881; kho&#7843;ng 35&ndash;50 kg, ph&ugrave; h&#7907;p c&#7843; ph&ograve;ng th&iacute; nghi&#7879;m v&agrave; d&acirc;y chuy&#7873;n s&#7843;n xu&#7845;t.<\/p><p>Xem th&ecirc;m: T&#7911; H&uacute;t Kh&iacute; &#272;&#7897;c (Specialized High Performance Fume Hood) ESCO Model EFQ-4UDPVW-8<\/p><p>&#7912;ng D&#7909;ng Trong Ng&agrave;nh C&ocirc;ng Nghi&#7879;p<br>\nM&aacute;y &#272;o &#272;&#7897; B&aacute;m D&iacute;nh T&#7921; &#272;&#7897;ng Model BLD-01 &#273;&#432;&#7907;c &#7913;ng d&#7909;ng r&#7897;ng r&atilde;i trong:<\/p><p>Ng&agrave;nh s&#7843;n xu&#7845;t b&#259;ng d&iacute;nh, b&#259;ng keo c&ocirc;ng nghi&#7879;p, keo d&aacute;n.<br>\nBao b&igrave; th&#7921;c ph&#7849;m, d&#432;&#7907;c ph&#7849;m v&agrave; bao b&igrave; gh&eacute;p m&agrave;ng ph&#7913;c h&#7907;p.<br>\nC&ocirc;ng nghi&#7879;p y t&#7871; (b&#259;ng d&aacute;n, b&#259;ng y t&#7871;, v&#7853;t li&#7879;u d&aacute;n sinh h&#7885;c).<br>\nNg&agrave;nh &#273;i&#7879;n t&#7917; (b&#259;ng d&iacute;nh &#273;i&#7879;n, phim b&#7843;o v&#7879; m&agrave;n h&igrave;nh).<br>\nKi&#7875;m tra v&#7853;t li&#7879;u &#273;&oacute;ng g&oacute;i, t&uacute;i d&#7879;t, m&agrave;ng nh&#7921;a.<br>\nKi&#7875;m so&aacute;t ch&#7845;t l&#432;&#7907;ng l&#7899;p ph&#7911; b&#7843;o v&#7879;, gi&#7845;y nh&#7843;, m&agrave;ng ph&#7911; ch&#7913;c n&#259;ng.<\/p><p>Nh&#7919;ng L&yacute; Do N&ecirc;n Mua M&aacute;y &#272;o &#272;&#7897; B&aacute;m D&iacute;nh T&#7921; &#272;&#7897;ng T&#7841;i V&#7841;n N&#259;ng<\/p><p>C&ocirc;ng ty Thi&#7871;t B&#7883; C&ocirc;ng Ngh&#7879; V&#7841;n N&#259;ng l&agrave; &#273;&#7889;i t&aacute;c ch&iacute;nh th&#7913;c ph&acirc;n ph&#7889;i M&aacute;y &#272;o &#272;&#7897; B&aacute;m D&iacute;nh T&#7921; &#272;&#7897;ng h&agrave;ng &#273;&#7847;u t&#7841;i Vi&#7879;t Nam, cam k&#7871;t cung c&#7845;p s&#7843;n ph&#7849;m ch&iacute;nh h&atilde;ng v&#7899;i gi&aacute; c&#7843; c&#7841;nh tranh nh&#7845;t th&#7883; tr&#432;&#7901;ng. V&#7899;i uy t&iacute;n tr&ecirc;n th&#7883; tr&#432;&#7901;ng v&agrave; ch&#7871; &#273;&#7897; h&#7851;u m&atilde;i t&#7889;t, Thi&#7871;t B&#7883; C&ocirc;ng Ngh&#7879; V&#7841;n N&#259;ng &#273;&atilde; nh&#7853;n &#273;&#432;&#7907;c s&#7921; tin t&#432;&#7903;ng t&#7915; kh&aacute;ch h&agrave;ng nh&#7901; v&agrave;o ch&#7845;t l&#432;&#7907;ng h&agrave;ng &#273;&#7847;u c&#7911;a c&aacute;c d&ograve;ng s&#7843;n ph&#7849;m.<br>\nS&#7843;n ph&#7849;m c&#7911;a ch&uacute;ng t&ocirc;i &#273;&#432;&#7907;c ki&#7875;m &#273;&#7883;nh ch&#7845;t l&#432;&#7907;ng, nh&#7853;p kh&#7849;u tr&#7921;c ti&#7871;p t&#7915; nh&agrave; m&aacute;y b&ecirc;n Ch&acirc;u &Acirc;u, M&#7929;, &Uacute;c, Nh&#7853;t B&#7843;n,&hellip; v&agrave; &#273;&aacute;p &#7913;ng nhu c&#7847;u &#273;a d&#7841;ng c&#7911;a th&#7883; tr&#432;&#7901;ng nh&#432;: M&aacute;y &#272;o &#272;&#7897; C&#7913;ng, M&aacute;y SPECTROMAXx, M&aacute;y Ki&#7875;m Tra &#272;&#432;&#7901;ng Gh&eacute;p M&iacute; Lon,&hellip; Ch&uacute;ng t&ocirc;i cam k&#7871;t cung c&#7845;p s&#7843;n ph&#7849;m n&agrave;y tr&ecirc;n to&agrave;n qu&#7889;c v&#7899;i gi&aacute; c&#7843; c&#7841;nh tranh nh&#7845;t.<br>\nCh&uacute;ng t&ocirc;i c&oacute; &#273;&#7897;i ng&#361; chuy&ecirc;n vi&ecirc;n t&#432; v&#7845;n chuy&ecirc;n s&acirc;u s&#7869; h&#7895; tr&#7907; kh&aacute;ch h&agrave;ng v&#7873; chi ti&#7871;t s&#7843;n ph&#7849;m, h&#432;&#7899;ng d&#7851;n s&#7917; d&#7909;ng hay nh&#7919;ng th&#7913; li&ecirc;n quan &#273;&#7871;n v&#7845;n &#273;&#7873; m&agrave; doanh nghi&#7879;p b&#7841;n &#273;ang g&#7863;p ph&#7843;i. Ch&uacute;ng t&ocirc;i s&#7869; cung c&#7845;p nh&#7919;ng gi&#7843;i ph&aacute;p t&#7889;i &#432;u nh&#7845;t!<br>\nNgo&agrave;i ra Thi&#7871;t B&#7883; C&ocirc;ng Ngh&#7879; V&#7841;n N&#259;ng Ch&uacute;ng T&ocirc;i lu&ocirc;n h&#432;&#7899;ng &#273;&#7871;n tr&#7843;i nghi&#7879;m kh&aacute;ch h&agrave;ng, v&igrave; v&#7853;y ch&uacute;ng t&ocirc;i c&oacute; nh&#7919;ng ch&iacute;nh s&aacute;ch b&#7843;o h&agrave;nh, b&#7843;o tr&igrave; &ndash; b&#7843;o d&#432;&#7905;ng, hi&#7879;u chu&#7849;n v&#7899;i t&#7845;t c&#7843; c&aacute;c thi&#7871;t b&#7883;, m&aacute;y m&oacute;c m&agrave; ch&uacute;ng t&ocirc;i cung c&#7845;p. &#272;&#7843;m b&#7843;o mang &#273;&#7871;n cho Kh&aacute;ch h&agrave;ng s&#7921; y&ecirc;n t&acirc;m tuy&#7879;t &#273;&#7889;i v&#7873; d&#7883;ch v&#7909; khi mua h&agrave;ng.<\/p><p>Xem th&ecirc;m: M&aacute;y &#272;o &#272;&#7897; D&agrave;y L&#7899;p Ph&#7911; (Modern Coating Thickness Gauge With Backlit Display) Phynix Model Surfix easy X<\/p><p>T&#7893;ng K&#7871;t<br>\nM&aacute;y &#272;o &#272;&#7897; B&aacute;m D&iacute;nh T&#7921; &#272;&#7897;ng Pubtester Model BLD-01 l&agrave; gi&#7843;i ph&aacute;p to&agrave;n di&#7879;n, &#273;&aacute;p &#7913;ng m&#7885;i nhu c&#7847;u ki&#7875;m tra b&oacute;c t&aacute;ch, l&#7921;c b&aacute;m d&iacute;nh, l&#7921;c h&agrave;n nhi&#7879;t v&agrave; c&aacute;c b&agrave;i th&#7917; li&ecirc;n quan &#273;&#7871;n v&#7853;t li&#7879;u m&agrave;ng, b&#259;ng keo v&agrave; bao b&igrave;. H&atilde;y li&ecirc;n h&#7879; v&#7899;i V&#7841;n N&#259;ng ngay &#273;&#7875; &#273;&#432;&#7907;c t&#432; v&#7845;n chuy&ecirc;n s&acirc;u v&agrave; nh&#7853;n nh&#7919;ng &#432;u &#273;&atilde;i h&#7845;p d&#7851;n nh&#7845;t th&ocirc;ng qua hotline0903 991 335 !<\/p><div style=\"background-color: #f8fafc; border: 1px solid #e2e8f0; border-radius: 8px; padding: 25px; max-width: 800px; margin: 30px auto; color: #334155; line-height: 1.8; font-size: 17px; box-shadow: 0 4px 6px -1px rgba(0,0,0,0.05); text-align: left; clear: both;\">\nC&ocirc;ng ty TNHH Th&#432;&#417;ng M&#7841;i D&#7883;ch V&#7909; Thi&#7871;t B&#7883; C&ocirc;ng Ngh&#7879; V&#7841;n N&#259;ng\n<p style=\"margin: 0 0 10px 0;\">&#128205; <strong style=\"color: #1e293b;\">&#272;&#7883;a ch&#7881;:<\/strong> <a style=\"color: #059669; text-decoration: none; font-weight: bold;\" href=\"https:\/\/www.google.com\/maps\/search\/C%C3%B4ng+ty+TNHH+Th%C6%B0%C6%A1ng+M%E1%BA%A1i+D%E1%BB%8Bch+V%E1%BB%A5+Thi%E1%BA%BFt+B%E1%BB%8B+C%C3%B4ng+Ngh%E1%BB%87+V%E1%BA%A1n+N%C4%83ng+818+Tr%C6%B0%E1%BB%9Dng+Chinh\" target=\"_blank\" rel=\"noopener\">818 Tr&#432;&#7901;ng Chinh, Ph&#432;&#7901;ng T&acirc;n S&#417;n, Th&agrave;nh ph&#7889; H&#7891; Ch&iacute; Minh, Vi&#7879;t Nam<\/a><\/p>\n<p style=\"margin: 0 0 10px 0;\">&#128222; <strong style=\"color: #1e293b;\">S&#272;T &ndash; Zalo:<\/strong> <a style=\"color: #059669; text-decoration: none; font-weight: bold;\" href=\"https:\/\/zalo.me\/0903991335\" target=\"_blank\" rel=\"noopener\">0903 991 335<\/a> <span style=\"color: #64748b; font-style: italic;\">(Ms. H&#7841;nh &ndash; Gi&aacute;m &#272;&#7889;c Kinh Doanh)<\/span><\/p>\n<p style=\"margin: 0;\">&#9993;&#65039; <strong style=\"color: #1e293b;\">Email:<\/strong> <a style=\"color: #059669; text-decoration: none; font-weight: bold;\" href=\"mailto:hienhanh@vannangvn.com\">hienhanh@vannangvn.com<\/a><\/p>\n<\/div><\/h1>","protected":false},"excerpt":{"rendered":"<p><strong>Th&#432;&#417;ng hi&#7879;u:<\/strong> Pubtester<br>\n<strong>Model:<\/strong> BLD-01<p>Product <strong>M&Aacute;Y &#272;O &#272;&#7896; B&Aacute;M D&Iacute;NH T&#7920; &#272;&#7896;NG PUBTESTER MODEL BLD-01<\/strong> ch&iacute;nh h&atilde;ng. Pubtester (China)<br>\nPubtester BLD-01 l&agrave; m&aacute;y &#273;o &#273;&#7897; b&aacute;m d&iacute;nh t&#7921; &#273;&#7897;ng chuy&ecirc;n d&#7909;ng &#273;&#7875; ki&#7875;m tra l&#7921;c b&oacute;c t&aacute;ch v&agrave; l&#7921;c h&agrave;n nhi&#7879;t c&#7911;a b&#259;ng d&iacute;nh, bao b&igrave;. M&aacute;y c&oacute; load cell ch&iacute;nh x&aacute;c &plusmn;0,5% v&agrave; t&#7889;c &#273;&#7897; thay &#273;&#7893;i v&ocirc; c&#7845;p, &#273;&aacute;p &#7913;ng nhi&#7873;u ti&ecirc;u chu&#7849;n qu&#7889;c t&#7871; nh&#432; ASTM v&agrave; FINAT.<\/p><\/p>","protected":false},"featured_media":0,"comment_status":"open","ping_status":"closed","template":"","meta":[],"product_brand":[],"product_cat":[18],"product_tag":[109,116,162,163,181,210,378,1533,1534],"class_list":{"0":"post-6555","1":"product","2":"type-product","3":"status-publish","5":"product_cat-chua-phan-loai","6":"product_tag-may","7":"product_tag-model","8":"product_tag-tu","9":"product_tag-dong","10":"product_tag-do","11":"product_tag-dinh","12":"product_tag-bam","13":"product_tag-pubtester","14":"product_tag-bld-01","16":"first","17":"instock","18":"shipping-taxable","19":"product-type-simple"},"yoast_head":"<!-- This site is optimized with the Yoast SEO Premium plugin v24.8 (Yoast SEO v24.8) - https:\/\/yoast.com\/wordpress\/plugins\/seo\/ -->\n<title>M\u00c1Y \u0110O \u0110\u1ed8 B\u00c1M D\u00cdNH T\u1ef0 \u0110\u1ed8NG PUBTESTE... ch\u00ednh h\u00e3ng | V\u1ea1n N\u0103ng<\/title>\n<meta name=\"description\" content=\"Mua ngay M\u00c1Y \u0110O \u0110\u1ed8 B\u00c1M D\u00cdNH T\u1ef0 \u0110\u1ed8NG PUBTESTER MODEL BLD-01 ch\u00ednh h\u00e3ng. Pubtester BLD-01 l\u00e0 m\u00e1y \u0111o \u0111\u1ed9 b\u00e1m d\u00ednh t\u1ef1 \u0111\u1ed9ng chuy\u00ean d\u1ee5ng... Gi\u00e1 t\u1ed1t!\" \/>\n<meta name=\"robots\" content=\"noindex, follow, max-snippet:-1, max-image-preview:large, max-video-preview:-1\" \/>\n<meta property=\"og:locale\" content=\"en_US\" \/>\n<meta property=\"og:type\" content=\"article\" \/>\n<meta property=\"og:title\" content=\"M\u00c1Y \u0110O \u0110\u1ed8 B\u00c1M D\u00cdNH T\u1ef0 \u0110\u1ed8NG PUBTESTER MODEL BLD-01\" \/>\n<meta property=\"og:description\" content=\"Mua ngay M\u00c1Y \u0110O \u0110\u1ed8 B\u00c1M D\u00cdNH T\u1ef0 \u0110\u1ed8NG PUBTESTER MODEL BLD-01 ch\u00ednh h\u00e3ng. Pubtester BLD-01 l\u00e0 m\u00e1y \u0111o \u0111\u1ed9 b\u00e1m d\u00ednh t\u1ef1 \u0111\u1ed9ng chuy\u00ean d\u1ee5ng... Gi\u00e1 t\u1ed1t!\" \/>\n<meta property=\"og:url\" content=\"https:\/\/vannangvn.123websitedev.com\/en\/product\/may-do-do-bam-dinh-tu-dong-pubtester-model-bld-01\/\" \/>\n<meta property=\"og:site_name\" content=\"Vannang.vn\" \/>\n<meta property=\"article:modified_time\" content=\"2026-03-30T11:22:54+00:00\" \/>\n<meta name=\"twitter:card\" content=\"summary_large_image\" \/>\n<meta name=\"twitter:label1\" content=\"Est. reading time\" \/>\n\t<meta name=\"twitter:data1\" content=\"9 minutes\" \/>\n<script type=\"application\/ld+json\" class=\"yoast-schema-graph\">{\"@context\":\"https:\/\/schema.org\",\"@graph\":[{\"@type\":\"WebPage\",\"@id\":\"https:\/\/vannangvn.123websitedev.com\/san-pham\/may-do-do-bam-dinh-tu-dong-pubtester-model-bld-01\/\",\"url\":\"https:\/\/vannangvn.123websitedev.com\/san-pham\/may-do-do-bam-dinh-tu-dong-pubtester-model-bld-01\/\",\"name\":\"M\u00c1Y \u0110O \u0110\u1ed8 B\u00c1M D\u00cdNH T\u1ef0 \u0110\u1ed8NG PUBTESTE... ch\u00ednh h\u00e3ng | V\u1ea1n N\u0103ng\",\"isPartOf\":{\"@id\":\"https:\/\/vannangvn.123websitedev.com\/#website\"},\"datePublished\":\"2026-03-20T10:31:44+00:00\",\"dateModified\":\"2026-03-30T11:22:54+00:00\",\"description\":\"Mua ngay M\u00c1Y \u0110O \u0110\u1ed8 B\u00c1M D\u00cdNH T\u1ef0 \u0110\u1ed8NG PUBTESTER MODEL BLD-01 ch\u00ednh h\u00e3ng. Pubtester BLD-01 l\u00e0 m\u00e1y \u0111o \u0111\u1ed9 b\u00e1m d\u00ednh t\u1ef1 \u0111\u1ed9ng chuy\u00ean d\u1ee5ng... Gi\u00e1 t\u1ed1t!\",\"breadcrumb\":{\"@id\":\"https:\/\/vannangvn.123websitedev.com\/san-pham\/may-do-do-bam-dinh-tu-dong-pubtester-model-bld-01\/#breadcrumb\"},\"inLanguage\":\"en-US\",\"potentialAction\":[{\"@type\":\"ReadAction\",\"target\":[\"https:\/\/vannangvn.123websitedev.com\/san-pham\/may-do-do-bam-dinh-tu-dong-pubtester-model-bld-01\/\"]}]},{\"@type\":\"BreadcrumbList\",\"@id\":\"https:\/\/vannangvn.123websitedev.com\/san-pham\/may-do-do-bam-dinh-tu-dong-pubtester-model-bld-01\/#breadcrumb\",\"itemListElement\":[{\"@type\":\"ListItem\",\"position\":1,\"name\":\"Trang ch\u1ee7\",\"item\":\"https:\/\/vannangvn.123websitedev.com\/\"},{\"@type\":\"ListItem\",\"position\":2,\"name\":\"S\u1ea3n ph\u1ea9m\",\"item\":\"https:\/\/vannangvn.123websitedev.com\/cua-hang\/\"},{\"@type\":\"ListItem\",\"position\":3,\"name\":\"M\u00c1Y \u0110O \u0110\u1ed8 B\u00c1M D\u00cdNH T\u1ef0 \u0110\u1ed8NG PUBTESTER MODEL BLD-01\"}]},{\"@type\":\"WebSite\",\"@id\":\"https:\/\/vannangvn.123websitedev.com\/#website\",\"url\":\"https:\/\/vannangvn.123websitedev.com\/\",\"name\":\"Vannang.vn\",\"description\":\"\",\"publisher\":{\"@id\":\"https:\/\/vannangvn.123websitedev.com\/#organization\"},\"potentialAction\":[{\"@type\":\"SearchAction\",\"target\":{\"@type\":\"EntryPoint\",\"urlTemplate\":\"https:\/\/vannangvn.123websitedev.com\/?s={search_term_string}\"},\"query-input\":{\"@type\":\"PropertyValueSpecification\",\"valueRequired\":true,\"valueName\":\"search_term_string\"}}],\"inLanguage\":\"en-US\"},{\"@type\":\"Organization\",\"@id\":\"https:\/\/vannangvn.123websitedev.com\/#organization\",\"name\":\"Vannang.vn\",\"url\":\"https:\/\/vannangvn.123websitedev.com\/\",\"logo\":{\"@type\":\"ImageObject\",\"inLanguage\":\"en-US\",\"@id\":\"https:\/\/vannangvn.123websitedev.com\/#\/schema\/logo\/image\/\",\"url\":\"https:\/\/vannangvn.123websitedev.com\/wp-content\/uploads\/2026\/02\/logo-van-nang-02.png\",\"contentUrl\":\"https:\/\/vannangvn.123websitedev.com\/wp-content\/uploads\/2026\/02\/logo-van-nang-02.png\",\"width\":448,\"height\":111,\"caption\":\"Vannang.vn\"},\"image\":{\"@id\":\"https:\/\/vannangvn.123websitedev.com\/#\/schema\/logo\/image\/\"}}]}<\/script>\n<!-- \/ Yoast SEO Premium plugin. -->","yoast_head_json":{"title":"M\u00c1Y \u0110O \u0110\u1ed8 B\u00c1M D\u00cdNH T\u1ef0 \u0110\u1ed8NG PUBTESTE... ch\u00ednh h\u00e3ng | V\u1ea1n N\u0103ng","description":"Mua ngay M\u00c1Y \u0110O \u0110\u1ed8 B\u00c1M D\u00cdNH T\u1ef0 \u0110\u1ed8NG PUBTESTER MODEL BLD-01 ch\u00ednh h\u00e3ng. Pubtester BLD-01 l\u00e0 m\u00e1y \u0111o \u0111\u1ed9 b\u00e1m d\u00ednh t\u1ef1 \u0111\u1ed9ng chuy\u00ean d\u1ee5ng... Gi\u00e1 t\u1ed1t!","robots":{"index":"noindex","follow":"follow","max-snippet":"max-snippet:-1","max-image-preview":"max-image-preview:large","max-video-preview":"max-video-preview:-1"},"og_locale":"en_US","og_type":"article","og_title":"M\u00c1Y \u0110O \u0110\u1ed8 B\u00c1M D\u00cdNH T\u1ef0 \u0110\u1ed8NG PUBTESTER MODEL BLD-01","og_description":"Mua ngay M\u00c1Y \u0110O \u0110\u1ed8 B\u00c1M D\u00cdNH T\u1ef0 \u0110\u1ed8NG PUBTESTER MODEL BLD-01 ch\u00ednh h\u00e3ng. Pubtester BLD-01 l\u00e0 m\u00e1y \u0111o \u0111\u1ed9 b\u00e1m d\u00ednh t\u1ef1 \u0111\u1ed9ng chuy\u00ean d\u1ee5ng... Gi\u00e1 t\u1ed1t!","og_url":"https:\/\/vannangvn.123websitedev.com\/en\/product\/may-do-do-bam-dinh-tu-dong-pubtester-model-bld-01\/","og_site_name":"Vannang.vn","article_modified_time":"2026-03-30T11:22:54+00:00","twitter_card":"summary_large_image","twitter_misc":{"Est. reading time":"9 minutes"},"schema":{"@context":"https:\/\/schema.org","@graph":[{"@type":"WebPage","@id":"https:\/\/vannangvn.123websitedev.com\/san-pham\/may-do-do-bam-dinh-tu-dong-pubtester-model-bld-01\/","url":"https:\/\/vannangvn.123websitedev.com\/san-pham\/may-do-do-bam-dinh-tu-dong-pubtester-model-bld-01\/","name":"M\u00c1Y \u0110O \u0110\u1ed8 B\u00c1M D\u00cdNH T\u1ef0 \u0110\u1ed8NG PUBTESTE... ch\u00ednh h\u00e3ng | V\u1ea1n N\u0103ng","isPartOf":{"@id":"https:\/\/vannangvn.123websitedev.com\/#website"},"datePublished":"2026-03-20T10:31:44+00:00","dateModified":"2026-03-30T11:22:54+00:00","description":"Mua ngay M\u00c1Y \u0110O \u0110\u1ed8 B\u00c1M D\u00cdNH T\u1ef0 \u0110\u1ed8NG PUBTESTER MODEL BLD-01 ch\u00ednh h\u00e3ng. Pubtester BLD-01 l\u00e0 m\u00e1y \u0111o \u0111\u1ed9 b\u00e1m d\u00ednh t\u1ef1 \u0111\u1ed9ng chuy\u00ean d\u1ee5ng... Gi\u00e1 t\u1ed1t!","breadcrumb":{"@id":"https:\/\/vannangvn.123websitedev.com\/san-pham\/may-do-do-bam-dinh-tu-dong-pubtester-model-bld-01\/#breadcrumb"},"inLanguage":"en-US","potentialAction":[{"@type":"ReadAction","target":["https:\/\/vannangvn.123websitedev.com\/san-pham\/may-do-do-bam-dinh-tu-dong-pubtester-model-bld-01\/"]}]},{"@type":"BreadcrumbList","@id":"https:\/\/vannangvn.123websitedev.com\/san-pham\/may-do-do-bam-dinh-tu-dong-pubtester-model-bld-01\/#breadcrumb","itemListElement":[{"@type":"ListItem","position":1,"name":"Trang ch\u1ee7","item":"https:\/\/vannangvn.123websitedev.com\/"},{"@type":"ListItem","position":2,"name":"S\u1ea3n ph\u1ea9m","item":"https:\/\/vannangvn.123websitedev.com\/cua-hang\/"},{"@type":"ListItem","position":3,"name":"M\u00c1Y \u0110O \u0110\u1ed8 B\u00c1M D\u00cdNH T\u1ef0 \u0110\u1ed8NG PUBTESTER MODEL BLD-01"}]},{"@type":"WebSite","@id":"https:\/\/vannangvn.123websitedev.com\/#website","url":"https:\/\/vannangvn.123websitedev.com\/","name":"Vannang.vn","description":"","publisher":{"@id":"https:\/\/vannangvn.123websitedev.com\/#organization"},"potentialAction":[{"@type":"SearchAction","target":{"@type":"EntryPoint","urlTemplate":"https:\/\/vannangvn.123websitedev.com\/?s={search_term_string}"},"query-input":{"@type":"PropertyValueSpecification","valueRequired":true,"valueName":"search_term_string"}}],"inLanguage":"en-US"},{"@type":"Organization","@id":"https:\/\/vannangvn.123websitedev.com\/#organization","name":"Vannang.vn","url":"https:\/\/vannangvn.123websitedev.com\/","logo":{"@type":"ImageObject","inLanguage":"en-US","@id":"https:\/\/vannangvn.123websitedev.com\/#\/schema\/logo\/image\/","url":"https:\/\/vannangvn.123websitedev.com\/wp-content\/uploads\/2026\/02\/logo-van-nang-02.png","contentUrl":"https:\/\/vannangvn.123websitedev.com\/wp-content\/uploads\/2026\/02\/logo-van-nang-02.png","width":448,"height":111,"caption":"Vannang.vn"},"image":{"@id":"https:\/\/vannangvn.123websitedev.com\/#\/schema\/logo\/image\/"}}]}},"_links":{"self":[{"href":"https:\/\/vannangvn.123websitedev.com\/en\/wp-json\/wp\/v2\/product\/6555","targetHints":{"allow":["GET"]}}],"collection":[{"href":"https:\/\/vannangvn.123websitedev.com\/en\/wp-json\/wp\/v2\/product"}],"about":[{"href":"https:\/\/vannangvn.123websitedev.com\/en\/wp-json\/wp\/v2\/types\/product"}],"replies":[{"embeddable":true,"href":"https:\/\/vannangvn.123websitedev.com\/en\/wp-json\/wp\/v2\/comments?post=6555"}],"wp:attachment":[{"href":"https:\/\/vannangvn.123websitedev.com\/en\/wp-json\/wp\/v2\/media?parent=6555"}],"wp:term":[{"taxonomy":"product_brand","embeddable":true,"href":"https:\/\/vannangvn.123websitedev.com\/en\/wp-json\/wp\/v2\/product_brand?post=6555"},{"taxonomy":"product_cat","embeddable":true,"href":"https:\/\/vannangvn.123websitedev.com\/en\/wp-json\/wp\/v2\/product_cat?post=6555"},{"taxonomy":"product_tag","embeddable":true,"href":"https:\/\/vannangvn.123websitedev.com\/en\/wp-json\/wp\/v2\/product_tag?post=6555"}],"curies":[{"name":"wp","href":"https:\/\/api.w.org\/{rel}","templated":true}]}}