{"id":6571,"date":"2026-03-20T17:32:10","date_gmt":"2026-03-20T10:32:10","guid":{"rendered":"https:\/\/vannangvn.123websitedev.com\/san-pham\/may-do-do-ben-mau-cho-kinh-bang-tia-cuc-tim-suga-test-model-h75\/"},"modified":"2026-03-30T18:23:16","modified_gmt":"2026-03-30T11:23:16","slug":"may-do-do-ben-mau-cho-kinh-bang-tia-cuc-tim-suga-test-model-h75","status":"publish","type":"product","link":"https:\/\/vannangvn.123websitedev.com\/en\/product\/may-do-do-ben-mau-cho-kinh-bang-tia-cuc-tim-suga-test-model-h75\/","title":{"rendered":"M\u00c1Y \u0110O \u0110\u1ed8 B\u1ec0N M\u00c0U CHO K\u00cdNH B\u1eb0NG TIA C\u1ef0C T\u00cdM SUGA TEST MODEL H75"},"content":{"rendered":"<h1 style=\"color: red; font-weight: bold; font-size: 24px;\">T&#7893;ng quan s&#7843;n ph&#7849;m M&Aacute;Y &#272;O &#272;&#7896; B&#7872;N M&Agrave;U CHO K&Iacute;NH B&#7856;NG TIA C&#7920;C T&Iacute;M SUGA TEST MODEL H75<p>M&aacute;y &#272;o &#272;&#7897; B&#7873;n M&agrave;u Cho K&iacute;nh B&#7857;ng Tia C&#7921;c T&iacute;m H75 l&agrave; m&#7897;t thi&#7871;t b&#7883; ti&ecirc;n ti&#7871;n, &#273;&#432;&#7907;c thi&#7871;t k&#7871; &#273;&#7863;c bi&#7879;t &#273;&#7875; ki&#7875;m tra s&#7921; suy gi&#7843;m c&#7911;a k&iacute;nh nhi&#7873;u l&#7899;p d&#432;&#7899;i t&aacute;c &#273;&#7897;ng c&#7911;a tia c&#7921;c t&iacute;m. V&#7899;i ngu&#7891;n s&aacute;ng m&#7841;nh m&#7869; t&#7915; &#273;&egrave;n h&#417;i th&#7911;y ng&acirc;n 750W, H75 kh&ocirc;ng ch&#7881; &#273;&#7843;m b&#7843;o t&iacute;nh ch&iacute;nh x&aacute;c trong c&aacute;c ph&eacute;p &#273;o m&agrave; c&ograve;n gi&uacute;p t&#7889;i &#432;u h&oacute;a quy tr&igrave;nh ki&#7875;m tra ch&#7845;t l&#432;&#7907;ng k&iacute;nh, ph&ugrave; h&#7907;p cho nhi&#7873;u &#7913;ng d&#7909;ng kh&aacute;c nhau nh&#432; c&#7917;a s&#7893; &ocirc; t&ocirc;, &#273;&#432;&#7901;ng s&#7855;t, t&ograve;a nh&agrave; v&agrave; t&agrave;u th&#7911;y. H&atilde;y c&ugrave;ng Thi&#7871;t B&#7883; C&ocirc;ng Ngh&#7879; V&#7841;n N&#259;ng Company t&igrave;m hi&#7875;u chi ti&#7871;t h&#417;n v&#7873; s&#7843;n ph&#7849;m th&ocirc;ng qua b&agrave;i vi&#7871;t d&#432;&#7899;i &#273;&acirc;y nh&eacute;!<\/p><h2 style=\"color: #2e7d32; font-weight: bold; font-size: 20px;\">T&iacute;nh N&#259;ng N&#7893;i B&#7853;t C&#7911;a H75<\/h2><p>Ngu&#7891;n s&aacute;ng m&#7841;nh m&#7869; v&agrave; hi&#7879;u qu&#7843;<br>\nSuga Test H75 s&#7917; d&#7909;ng &#273;&egrave;n h&#417;i th&#7911;y ng&acirc;n 750W, t&#7841;o ra &aacute;nh s&aacute;ng c&#7921;c t&iacute;m c&#432;&#7901;ng &#273;&#7897; cao. &#272;i&#7873;u n&agrave;y gi&uacute;p thi&#7871;t b&#7883; th&#7921;c hi&#7879;n c&aacute;c th&#7917; nghi&#7879;m nhanh ch&oacute;ng v&agrave; hi&#7879;u qu&#7843;, &#273;&#7843;m b&#7843;o k&#7871;t qu&#7843; ch&iacute;nh x&aacute;c v&agrave; &#273;&aacute;ng tin c&#7853;y.<br>\n&#272;o l&#432;&#7901;ng ch&iacute;nh x&aacute;c v&agrave; &#7893;n &#273;&#7883;nh<br>\nM&aacute;y H75 &#273;&#432;&#7907;c thi&#7871;t k&#7871; v&#7899;i c&ocirc;ng ngh&#7879; ti&ecirc;n ti&#7871;n, cung c&#7845;p c&aacute;c ph&eacute;p &#273;o ch&iacute;nh x&aacute;c v&agrave; &#7893;n &#273;&#7883;nh. Kh&#7843; n&#259;ng &#273;o l&#432;&#7901;ng ch&iacute;nh x&aacute;c c&#7911;a Model H75 gi&uacute;p c&aacute;c nh&agrave; s&#7843;n xu&#7845;t v&agrave; c&aacute;c t&#7893; ch&#7913;c ki&#7875;m &#273;&#7883;nh c&oacute; th&#7875; &#273;&aacute;nh gi&aacute; ch&iacute;nh x&aacute;c m&#7913;c &#273;&#7897; suy gi&#7843;m c&#7911;a k&iacute;nh nhi&#7873;u l&#7899;p, &#273;&#7843;m b&#7843;o s&#7843;n ph&#7849;m lu&ocirc;n &#273;&#7841;t ti&ecirc;u chu&#7849;n ch&#7845;t l&#432;&#7907;ng cao nh&#7845;t.<br>\n&#7912;ng d&#7909;ng &#273;a d&#7841;ng trong nhi&#7873;u l&#297;nh v&#7921;c<br>\nM&aacute;y H75 c&#7911;a Suga Test kh&ocirc;ng ch&#7881; gi&#7899;i h&#7841;n trong vi&#7879;c ki&#7875;m tra k&iacute;nh &ocirc; t&ocirc; m&agrave; c&ograve;n m&#7903; r&#7897;ng &#7913;ng d&#7909;ng sang c&aacute;c l&#297;nh v&#7921;c kh&aacute;c nh&#432; &#273;&#432;&#7901;ng s&#7855;t, x&acirc;y d&#7921;ng v&agrave; h&agrave;ng h&#7843;i. Thi&#7871;t b&#7883; n&agrave;y &#273;&#7843;m b&#7843;o r&#7857;ng k&iacute;nh s&#7917; d&#7909;ng trong c&aacute;c l&#297;nh v&#7921;c n&agrave;y &#273;&#7873;u &#273;&aacute;p &#7913;ng &#273;&#432;&#7907;c c&aacute;c ti&ecirc;u chu&#7849;n an to&agrave;n v&agrave; ch&#7845;t l&#432;&#7907;ng qu&#7889;c t&#7871;.<\/p><p>&#431;u &#272;i&#7875;m V&#432;&#7907;t Tr&#7897;i C&#7911;a H75<br>\n&#272;&#7897; b&#7873;n v&agrave; hi&#7879;u su&#7845;t v&#432;&#7907;t tr&#7897;i<br>\nModel H75 Suga Test &#273;&#432;&#7907;c ch&#7871; t&#7841;o t&#7915; c&aacute;c v&#7853;t li&#7879;u ch&#7845;t l&#432;&#7907;ng cao, &#273;&#7843;m b&#7843;o &#273;&#7897; b&#7873;n v&#432;&#7907;t tr&#7897;i v&agrave; hi&#7879;u su&#7845;t &#7893;n &#273;&#7883;nh trong su&#7889;t qu&aacute; tr&igrave;nh s&#7917; d&#7909;ng. &#272;i&#7873;u n&agrave;y kh&ocirc;ng ch&#7881; gi&#7843;m thi&#7875;u chi ph&iacute; b&#7843;o tr&igrave; m&agrave; c&ograve;n t&#259;ng c&#432;&#7901;ng hi&#7879;u su&#7845;t l&agrave;m vi&#7879;c c&#7911;a thi&#7871;t b&#7883;.<br>\nTi&#7871;t ki&#7879;m th&#7901;i gian v&agrave; chi ph&iacute; cho doanh nghi&#7879;p<br>\nV&#7899;i kh&#7843; n&#259;ng th&#7921;c hi&#7879;n c&aacute;c ph&eacute;p &#273;o nhanh ch&oacute;ng v&agrave; ch&iacute;nh x&aacute;c, Model H75 Suga gi&uacute;p ti&#7871;t ki&#7879;m th&#7901;i gian v&agrave; chi ph&iacute; cho qu&aacute; tr&igrave;nh ki&#7875;m tra ch&#7845;t l&#432;&#7907;ng k&iacute;nh. Doanh nghi&#7879;p c&oacute; th&#7875; gi&#7843;m thi&#7875;u th&#7901;i gian ch&#7901; &#273;&#7907;i v&agrave; t&#7889;i &#432;u h&oacute;a quy tr&igrave;nh s&#7843;n xu&#7845;t, t&#7915; &#273;&oacute; n&acirc;ng cao hi&#7879;u qu&#7843; kinh doanh.<br>\nD&#7877; d&agrave;ng v&#7853;n h&agrave;nh v&agrave; s&#7917; d&#7909;ng<br>\nH75 Suga &#273;&#432;&#7907;c thi&#7871;t k&#7871; v&#7899;i giao di&#7879;n ng&#432;&#7901;i d&ugrave;ng th&acirc;n thi&#7879;n, d&#7877; d&agrave;ng v&#7853;n h&agrave;nh ngay c&#7843; &#273;&#7889;i v&#7899;i nh&#7919;ng ng&#432;&#7901;i d&ugrave;ng kh&ocirc;ng chuy&ecirc;n. H&#7879; th&#7889;ng &#273;i&#7873;u khi&#7875;n th&ocirc;ng minh c&ugrave;ng c&aacute;c h&#432;&#7899;ng d&#7851;n chi ti&#7871;t gi&uacute;p ng&#432;&#7901;i d&ugrave;ng nhanh ch&oacute;ng l&agrave;m quen v&agrave; s&#7917; d&#7909;ng thi&#7871;t b&#7883; m&#7897;t c&aacute;ch hi&#7879;u qu&#7843;.<\/p><p>&#272;&aacute;p &#7912;ng Ti&ecirc;u Chu&#7849;n Qu&#7889;c T&#7871;<br>\nISO 3917<br>\nPh&#432;&#417;ng ph&aacute;p th&#7917; nghi&#7879;m &#273;&#7897; b&#7873;n v&#7853;t li&#7879;u k&iacute;nh an to&agrave;n cho ph&#432;&#417;ng ti&#7879;n giao th&ocirc;ng &#273;&#432;&#7901;ng b&#7897;. &#272;&acirc;y l&agrave; ti&ecirc;u chu&#7849;n quan tr&#7885;ng gi&uacute;p &#273;&#7843;m b&#7843;o k&iacute;nh &ocirc; t&ocirc; &#273;&#7841;t ch&#7845;t l&#432;&#7907;ng v&agrave; an to&agrave;n khi s&#7917; d&#7909;ng.<br>\nISO 12543<br>\nTi&ecirc;u chu&#7849;n v&#7873; k&iacute;nh trong x&acirc;y d&#7921;ng, &#273;&#7863;c bi&#7879;t l&agrave; k&iacute;nh nhi&#7873;u l&#7899;p v&agrave; k&iacute;nh an to&agrave;n nhi&#7873;u l&#7899;p. ISO 12543 part 1 &#273;&#7883;nh ngh&#297;a v&agrave; m&ocirc; t&#7843; c&aacute;c th&agrave;nh ph&#7847;n c&#7911;a k&iacute;nh nhi&#7873;u l&#7899;p, gi&uacute;p &#273;&#7843;m b&#7843;o ch&#7845;t l&#432;&#7907;ng v&agrave; an to&agrave;n trong x&acirc;y d&#7921;ng.<br>\nJIS H 8685-1<br>\nPh&#432;&#417;ng ph&aacute;p th&#7917; nghi&#7879;m t&#259;ng t&#7889;c &#273;&#7897; b&#7873;n &aacute;nh s&aacute;ng c&#7911;a l&#7899;p oxit m&agrave;u anod h&oacute;a tr&ecirc;n nh&ocirc;m v&agrave; h&#7907;p kim c&#7911;a n&oacute; s&#7917; d&#7909;ng &aacute;nh s&aacute;ng nh&acirc;n t&#7841;o. Ti&ecirc;u chu&#7849;n n&agrave;y &#273;&#7843;m b&#7843;o r&#7857;ng c&aacute;c l&#7899;p ph&#7911; oxit tr&ecirc;n nh&ocirc;m v&agrave; h&#7907;p kim c&oacute; kh&#7843; n&#259;ng ch&#7883;u &#273;&#7921;ng t&#7889;t d&#432;&#7899;i t&aacute;c &#273;&#7897;ng c&#7911;a &aacute;nh s&aacute;ng nh&acirc;n t&#7841;o.<br>\nJIS R 3212<br>\nPh&#432;&#417;ng ph&aacute;p th&#7917; nghi&#7879;m v&#7853;t li&#7879;u k&iacute;nh an to&agrave;n cho ph&#432;&#417;ng ti&#7879;n giao th&ocirc;ng &#273;&#432;&#7901;ng b&#7897;. &#272;&acirc;y l&agrave; ti&ecirc;u chu&#7849;n quan tr&#7885;ng &#273;&#7875; &#273;&aacute;nh gi&aacute; &#273;&#7897; b&#7873;n v&agrave; an to&agrave;n c&#7911;a k&iacute;nh s&#7917; d&#7909;ng trong &ocirc; t&ocirc;.<br>\nJIS R 3205<br>\nTi&ecirc;u chu&#7849;n v&#7873; k&iacute;nh nhi&#7873;u l&#7899;p, &#273;&#7843;m b&#7843;o r&#7857;ng c&aacute;c lo&#7841;i k&iacute;nh n&agrave;y &#273;&aacute;p &#7913;ng &#273;&#432;&#7907;c c&aacute;c y&ecirc;u c&#7847;u v&#7873; an to&agrave;n v&agrave; ch&#7845;t l&#432;&#7907;ng trong c&aacute;c &#7913;ng d&#7909;ng kh&aacute;c nhau.<\/p><p>Nh&#7919;ng L&yacute; Do N&ecirc;n M&aacute;y &#272;o &#272;&#7897; b&#7873;n M&agrave;u Cho K&iacute;nh T&#7841;i Thi&#7871;t B&#7883; C&ocirc;ng Ngh&#7879; V&#7841;n N&#259;ng<\/p><p>C&ocirc;ng ty Thi&#7871;t B&#7883; C&ocirc;ng Ngh&#7879; V&#7841;n N&#259;ng l&agrave; &#273;&#7889;i t&aacute;c ch&iacute;nh th&#7913;c ph&acirc;n ph&#7889;i M&aacute;y &#272;o &#272;&#7897; B&#7873;n M&agrave;u B&#7857;ng K&iacute;nh h&agrave;ng &#273;&#7847;u t&#7841;i Vi&#7879;t Nam, cam k&#7871;t cung c&#7845;p s&#7843;n ph&#7849;m ch&iacute;nh h&atilde;ng v&#7899;i gi&aacute; c&#7843; c&#7841;nh tranh nh&#7845;t th&#7883; tr&#432;&#7901;ng. V&#7899;i uy t&iacute;n tr&ecirc;n th&#7883; tr&#432;&#7901;ng v&agrave; ch&#7871; &#273;&#7897; h&#7851;u m&atilde;i t&#7889;t, Thi&#7871;t B&#7883; C&ocirc;ng Ngh&#7879; V&#7841;n N&#259;ng &#273;&atilde; nh&#7853;n &#273;&#432;&#7907;c s&#7921; tin t&#432;&#7903;ng t&#7915; kh&aacute;ch h&agrave;ng nh&#7901; v&agrave;o ch&#7845;t l&#432;&#7907;ng h&agrave;ng &#273;&#7847;u c&#7911;a c&aacute;c d&ograve;ng s&#7843;n ph&#7849;m.<br>\nS&#7843;n ph&#7849;m c&#7911;a ch&uacute;ng t&ocirc;i &#273;&#432;&#7907;c ki&#7875;m &#273;&#7883;nh ch&#7845;t l&#432;&#7907;ng, nh&#7853;p kh&#7849;u tr&#7921;c ti&#7871;p t&#7915; nh&agrave; m&aacute;y b&ecirc;n Ch&acirc;u &Acirc;u, M&#7929;, &Uacute;c, Nh&#7853;t B&#7843;n,&hellip; v&agrave; &#273;&aacute;p &#7913;ng nhu c&#7847;u &#273;a d&#7841;ng c&#7911;a th&#7883; tr&#432;&#7901;ng nh&#432;: M&aacute;y &#272;o &#272;&#7897; C&#7913;ng, M&aacute;y SpectroMaxx, M&aacute;y Ki&#7875;m Tra &#272;&#7897; B&#7873;n S&#417;n,&hellip; Ch&uacute;ng t&ocirc;i cam k&#7871;t cung c&#7845;p s&#7843;n ph&#7849;m n&agrave;y tr&ecirc;n to&agrave;n qu&#7889;c v&#7899;i gi&aacute; c&#7843; c&#7841;nh tranh nh&#7845;t.<br>\nCh&uacute;ng t&ocirc;i c&oacute; &#273;&#7897;i ng&#361; chuy&ecirc;n vi&ecirc;n t&#432; v&#7845;n chuy&ecirc;n s&acirc;u s&#7869; h&#7895; tr&#7907; kh&aacute;ch h&agrave;ng v&#7873; chi ti&#7871;t s&#7843;n ph&#7849;m, h&#432;&#7899;ng d&#7851;n s&#7917; d&#7909;ng hay nh&#7919;ng th&#7913; li&ecirc;n quan &#273;&#7871;n v&#7845;n &#273;&#7873; m&agrave; doanh nghi&#7879;p b&#7841;n &#273;ang g&#7863;p ph&#7843;i. Ch&uacute;ng t&ocirc;i s&#7869; cung c&#7845;p nh&#7919;ng gi&#7843;i ph&aacute;p t&#7889;i &#432;u nh&#7845;t !!!<br>\nNgo&agrave;i ra V&#7841;n N&#259;ng Company lu&ocirc;n h&#432;&#7899;ng &#273;&#7871;n tr&#7843;i nghi&#7879;m kh&aacute;ch h&agrave;ng, v&igrave; v&#7853;y ch&uacute;ng t&ocirc;i c&oacute; nh&#7919;ng ch&iacute;nh s&aacute;ch b&#7843;o h&agrave;nh, b&#7843;o tr&igrave; &ndash; b&#7843;o d&#432;&#7905;ng, hi&#7879;u chu&#7849;n v&#7899;i t&#7845;t c&#7843; c&aacute;c thi&#7871;t b&#7883;, m&aacute;y m&oacute;c m&agrave; ch&uacute;ng t&ocirc;i cung c&#7845;p. &#272;&#7843;m b&#7843;o mang &#273;&#7871;n cho Kh&aacute;ch h&agrave;ng s&#7921; y&ecirc;n t&acirc;m tuy&#7879;t &#273;&#7889;i v&#7873; d&#7883;ch v&#7909; khi mua h&agrave;ng.<\/p><p>T&#7893;ng K&#7871;t<br>\nM&aacute;y &#273;o &#273;&#7897; b&#7873;n m&agrave;u cho k&iacute;nh b&#7857;ng tia c&#7921;c t&iacute;m H75 Suga Test l&agrave; m&#7897;t c&ocirc;ng c&#7909; kh&ocirc;ng th&#7875; thi&#7871;u cho c&aacute;c nh&agrave; s&#7843;n xu&#7845;t v&agrave; ki&#7875;m &#273;&#7883;nh k&iacute;nh ch&#7845;t l&#432;&#7907;ng cao. V&#7899;i c&aacute;c t&iacute;nh n&#259;ng n&#7893;i b&#7853;t nh&#432; ngu&#7891;n s&aacute;ng m&#7841;nh m&#7869;, &#273;o l&#432;&#7901;ng ch&iacute;nh x&aacute;c, &#7913;ng d&#7909;ng &#273;a d&#7841;ng v&agrave; &#273;&aacute;p &#7913;ng c&aacute;c ti&ecirc;u chu&#7849;n qu&#7889;c t&#7871;, H75 Suga gi&uacute;p c&#7843;i thi&#7879;n ch&#7845;t l&#432;&#7907;ng s&#7843;n ph&#7849;m, t&#259;ng c&#432;&#7901;ng hi&#7879;u qu&#7843; s&#7843;n xu&#7845;t v&agrave; ti&#7871;t ki&#7879;m chi ph&iacute; cho doanh nghi&#7879;p. H&atilde;y li&ecirc;n h&#7879; v&#7899;i Thi&#7871;t B&#7883; C&ocirc;ng Ngh&#7879; V&#7841;n N&#259;ng ngay &#273;&#7875; &#273;&#432;&#7907;c t&#432; v&#7845;n chuy&ecirc;n s&acirc;u v&agrave; nh&#7853;n nh&#7919;ng &#432;u &#273;&atilde;i h&#7845;p d&#7851;n nh&#7845;t th&ocirc;ng qua hotline0903 991 335 !<\/p><div style=\"background-color: #f8fafc; border: 1px solid #e2e8f0; border-radius: 8px; padding: 25px; max-width: 800px; margin: 30px auto; color: #334155; line-height: 1.8; font-size: 17px; box-shadow: 0 4px 6px -1px rgba(0,0,0,0.05); text-align: left; clear: both;\">\nC&ocirc;ng ty TNHH Th&#432;&#417;ng M&#7841;i D&#7883;ch V&#7909; Thi&#7871;t B&#7883; C&ocirc;ng Ngh&#7879; V&#7841;n N&#259;ng\n<p style=\"margin: 0 0 10px 0;\">&#128205; <strong style=\"color: #1e293b;\">&#272;&#7883;a ch&#7881;:<\/strong> <a style=\"color: #059669; text-decoration: none; font-weight: bold;\" href=\"https:\/\/www.google.com\/maps\/search\/C%C3%B4ng+ty+TNHH+Th%C6%B0%C6%A1ng+M%E1%BA%A1i+D%E1%BB%8Bch+V%E1%BB%A5+Thi%E1%BA%BFt+B%E1%BB%8B+C%C3%B4ng+Ngh%E1%BB%87+V%E1%BA%A1n+N%C4%83ng+818+Tr%C6%B0%E1%BB%9Dng+Chinh\" target=\"_blank\" rel=\"noopener\">818 Tr&#432;&#7901;ng Chinh, Ph&#432;&#7901;ng T&acirc;n S&#417;n, Th&agrave;nh ph&#7889; H&#7891; Ch&iacute; Minh, Vi&#7879;t Nam<\/a><\/p>\n<p style=\"margin: 0 0 10px 0;\">&#128222; <strong style=\"color: #1e293b;\">S&#272;T &ndash; Zalo:<\/strong> <a style=\"color: #059669; text-decoration: none; font-weight: bold;\" href=\"https:\/\/zalo.me\/0903991335\" target=\"_blank\" rel=\"noopener\">0903 991 335<\/a> <span style=\"color: #64748b; font-style: italic;\">(Ms. H&#7841;nh &ndash; Gi&aacute;m &#272;&#7889;c Kinh Doanh)<\/span><\/p>\n<p style=\"margin: 0;\">&#9993;&#65039; <strong style=\"color: #1e293b;\">Email:<\/strong> <a style=\"color: #059669; text-decoration: none; font-weight: bold;\" href=\"mailto:hienhanh@vannangvn.com\">hienhanh@vannangvn.com<\/a><\/p>\n<\/div><\/h1>","protected":false},"excerpt":{"rendered":"<p><strong>Th&#432;&#417;ng hi&#7879;u:<\/strong> OEM<br>\n<strong>Model:<\/strong> H75<p>Product <strong>M&Aacute;Y &#272;O &#272;&#7896; B&#7872;N M&Agrave;U CHO K&Iacute;NH B&#7856;NG TIA C&#7920;C T&Iacute;M SUGA TEST MODEL H75<\/strong> ch&iacute;nh h&atilde;ng. <\/p><\/p>","protected":false},"featured_media":0,"comment_status":"open","ping_status":"closed","template":"","meta":[],"product_brand":[],"product_cat":[18],"product_tag":[109,116,130,166,181,426,471,472,514,519,543,1091,1557,108],"class_list":{"0":"post-6571","1":"product","2":"type-product","3":"status-publish","5":"product_cat-chua-phan-loai","6":"product_tag-may","7":"product_tag-model","8":"product_tag-mau","9":"product_tag-bang","10":"product_tag-do","11":"product_tag-test","12":"product_tag-cuc","13":"product_tag-tim","14":"product_tag-suga","15":"product_tag-ben","16":"product_tag-tia","17":"product_tag-kinh","18":"product_tag-h75","19":"product_tag-cho","21":"first","22":"instock","23":"shipping-taxable","24":"product-type-simple"},"yoast_head":"<!-- This site is optimized with the Yoast SEO Premium plugin v24.8 (Yoast SEO v24.8) - https:\/\/yoast.com\/wordpress\/plugins\/seo\/ -->\n<title>M\u00c1Y \u0110O \u0110\u1ed8 B\u1ec0N M\u00c0U CHO K\u00cdNH B\u1eb0NG TIA... ch\u00ednh h\u00e3ng | V\u1ea1n N\u0103ng<\/title>\n<meta name=\"description\" content=\"Mua ngay M\u00c1Y \u0110O \u0110\u1ed8 B\u1ec0N M\u00c0U CHO K\u00cdNH B\u1eb0NG TIA C\u1ef0C T\u00cdM SUGA TEST MODEL H75 ch\u00ednh h\u00e3ng. Gi\u00e1 t\u1ed1t!\" \/>\n<meta name=\"robots\" content=\"noindex, follow, max-snippet:-1, max-image-preview:large, max-video-preview:-1\" \/>\n<meta property=\"og:locale\" content=\"en_US\" \/>\n<meta property=\"og:type\" content=\"article\" \/>\n<meta property=\"og:title\" content=\"M\u00c1Y \u0110O \u0110\u1ed8 B\u1ec0N M\u00c0U CHO K\u00cdNH B\u1eb0NG TIA C\u1ef0C T\u00cdM SUGA TEST MODEL H75\" \/>\n<meta property=\"og:description\" content=\"Mua ngay M\u00c1Y \u0110O \u0110\u1ed8 B\u1ec0N M\u00c0U CHO K\u00cdNH B\u1eb0NG TIA C\u1ef0C T\u00cdM SUGA TEST MODEL H75 ch\u00ednh h\u00e3ng. Gi\u00e1 t\u1ed1t!\" \/>\n<meta property=\"og:url\" content=\"https:\/\/vannangvn.123websitedev.com\/en\/product\/may-do-do-ben-mau-cho-kinh-bang-tia-cuc-tim-suga-test-model-h75\/\" \/>\n<meta property=\"og:site_name\" content=\"Vannang.vn\" \/>\n<meta property=\"article:modified_time\" content=\"2026-03-30T11:23:16+00:00\" \/>\n<meta name=\"twitter:card\" content=\"summary_large_image\" \/>\n<meta name=\"twitter:label1\" content=\"Est. reading time\" \/>\n\t<meta name=\"twitter:data1\" content=\"9 minutes\" \/>\n<script type=\"application\/ld+json\" class=\"yoast-schema-graph\">{\"@context\":\"https:\/\/schema.org\",\"@graph\":[{\"@type\":\"WebPage\",\"@id\":\"https:\/\/vannangvn.123websitedev.com\/san-pham\/may-do-do-ben-mau-cho-kinh-bang-tia-cuc-tim-suga-test-model-h75\/\",\"url\":\"https:\/\/vannangvn.123websitedev.com\/san-pham\/may-do-do-ben-mau-cho-kinh-bang-tia-cuc-tim-suga-test-model-h75\/\",\"name\":\"M\u00c1Y \u0110O \u0110\u1ed8 B\u1ec0N M\u00c0U CHO K\u00cdNH B\u1eb0NG TIA... ch\u00ednh h\u00e3ng | V\u1ea1n N\u0103ng\",\"isPartOf\":{\"@id\":\"https:\/\/vannangvn.123websitedev.com\/#website\"},\"datePublished\":\"2026-03-20T10:32:10+00:00\",\"dateModified\":\"2026-03-30T11:23:16+00:00\",\"description\":\"Mua ngay M\u00c1Y \u0110O \u0110\u1ed8 B\u1ec0N M\u00c0U CHO K\u00cdNH B\u1eb0NG TIA C\u1ef0C T\u00cdM SUGA TEST MODEL H75 ch\u00ednh h\u00e3ng. Gi\u00e1 t\u1ed1t!\",\"breadcrumb\":{\"@id\":\"https:\/\/vannangvn.123websitedev.com\/san-pham\/may-do-do-ben-mau-cho-kinh-bang-tia-cuc-tim-suga-test-model-h75\/#breadcrumb\"},\"inLanguage\":\"en-US\",\"potentialAction\":[{\"@type\":\"ReadAction\",\"target\":[\"https:\/\/vannangvn.123websitedev.com\/san-pham\/may-do-do-ben-mau-cho-kinh-bang-tia-cuc-tim-suga-test-model-h75\/\"]}]},{\"@type\":\"BreadcrumbList\",\"@id\":\"https:\/\/vannangvn.123websitedev.com\/san-pham\/may-do-do-ben-mau-cho-kinh-bang-tia-cuc-tim-suga-test-model-h75\/#breadcrumb\",\"itemListElement\":[{\"@type\":\"ListItem\",\"position\":1,\"name\":\"Trang ch\u1ee7\",\"item\":\"https:\/\/vannangvn.123websitedev.com\/\"},{\"@type\":\"ListItem\",\"position\":2,\"name\":\"S\u1ea3n ph\u1ea9m\",\"item\":\"https:\/\/vannangvn.123websitedev.com\/cua-hang\/\"},{\"@type\":\"ListItem\",\"position\":3,\"name\":\"M\u00c1Y \u0110O \u0110\u1ed8 B\u1ec0N M\u00c0U CHO K\u00cdNH B\u1eb0NG TIA C\u1ef0C T\u00cdM SUGA TEST MODEL H75\"}]},{\"@type\":\"WebSite\",\"@id\":\"https:\/\/vannangvn.123websitedev.com\/#website\",\"url\":\"https:\/\/vannangvn.123websitedev.com\/\",\"name\":\"Vannang.vn\",\"description\":\"\",\"publisher\":{\"@id\":\"https:\/\/vannangvn.123websitedev.com\/#organization\"},\"potentialAction\":[{\"@type\":\"SearchAction\",\"target\":{\"@type\":\"EntryPoint\",\"urlTemplate\":\"https:\/\/vannangvn.123websitedev.com\/?s={search_term_string}\"},\"query-input\":{\"@type\":\"PropertyValueSpecification\",\"valueRequired\":true,\"valueName\":\"search_term_string\"}}],\"inLanguage\":\"en-US\"},{\"@type\":\"Organization\",\"@id\":\"https:\/\/vannangvn.123websitedev.com\/#organization\",\"name\":\"Vannang.vn\",\"url\":\"https:\/\/vannangvn.123websitedev.com\/\",\"logo\":{\"@type\":\"ImageObject\",\"inLanguage\":\"en-US\",\"@id\":\"https:\/\/vannangvn.123websitedev.com\/#\/schema\/logo\/image\/\",\"url\":\"https:\/\/vannangvn.123websitedev.com\/wp-content\/uploads\/2026\/02\/logo-van-nang-02.png\",\"contentUrl\":\"https:\/\/vannangvn.123websitedev.com\/wp-content\/uploads\/2026\/02\/logo-van-nang-02.png\",\"width\":448,\"height\":111,\"caption\":\"Vannang.vn\"},\"image\":{\"@id\":\"https:\/\/vannangvn.123websitedev.com\/#\/schema\/logo\/image\/\"}}]}<\/script>\n<!-- \/ Yoast SEO Premium plugin. -->","yoast_head_json":{"title":"M\u00c1Y \u0110O \u0110\u1ed8 B\u1ec0N M\u00c0U CHO K\u00cdNH B\u1eb0NG TIA... ch\u00ednh h\u00e3ng | V\u1ea1n N\u0103ng","description":"Mua ngay M\u00c1Y \u0110O \u0110\u1ed8 B\u1ec0N M\u00c0U CHO K\u00cdNH B\u1eb0NG TIA C\u1ef0C T\u00cdM SUGA TEST MODEL H75 ch\u00ednh h\u00e3ng. Gi\u00e1 t\u1ed1t!","robots":{"index":"noindex","follow":"follow","max-snippet":"max-snippet:-1","max-image-preview":"max-image-preview:large","max-video-preview":"max-video-preview:-1"},"og_locale":"en_US","og_type":"article","og_title":"M\u00c1Y \u0110O \u0110\u1ed8 B\u1ec0N M\u00c0U CHO K\u00cdNH B\u1eb0NG TIA C\u1ef0C T\u00cdM SUGA TEST MODEL H75","og_description":"Mua ngay M\u00c1Y \u0110O \u0110\u1ed8 B\u1ec0N M\u00c0U CHO K\u00cdNH B\u1eb0NG TIA C\u1ef0C T\u00cdM SUGA TEST MODEL H75 ch\u00ednh h\u00e3ng. Gi\u00e1 t\u1ed1t!","og_url":"https:\/\/vannangvn.123websitedev.com\/en\/product\/may-do-do-ben-mau-cho-kinh-bang-tia-cuc-tim-suga-test-model-h75\/","og_site_name":"Vannang.vn","article_modified_time":"2026-03-30T11:23:16+00:00","twitter_card":"summary_large_image","twitter_misc":{"Est. reading time":"9 minutes"},"schema":{"@context":"https:\/\/schema.org","@graph":[{"@type":"WebPage","@id":"https:\/\/vannangvn.123websitedev.com\/san-pham\/may-do-do-ben-mau-cho-kinh-bang-tia-cuc-tim-suga-test-model-h75\/","url":"https:\/\/vannangvn.123websitedev.com\/san-pham\/may-do-do-ben-mau-cho-kinh-bang-tia-cuc-tim-suga-test-model-h75\/","name":"M\u00c1Y \u0110O \u0110\u1ed8 B\u1ec0N M\u00c0U CHO K\u00cdNH B\u1eb0NG TIA... ch\u00ednh h\u00e3ng | V\u1ea1n N\u0103ng","isPartOf":{"@id":"https:\/\/vannangvn.123websitedev.com\/#website"},"datePublished":"2026-03-20T10:32:10+00:00","dateModified":"2026-03-30T11:23:16+00:00","description":"Mua ngay M\u00c1Y \u0110O \u0110\u1ed8 B\u1ec0N M\u00c0U CHO K\u00cdNH B\u1eb0NG TIA C\u1ef0C T\u00cdM SUGA TEST MODEL H75 ch\u00ednh h\u00e3ng. Gi\u00e1 t\u1ed1t!","breadcrumb":{"@id":"https:\/\/vannangvn.123websitedev.com\/san-pham\/may-do-do-ben-mau-cho-kinh-bang-tia-cuc-tim-suga-test-model-h75\/#breadcrumb"},"inLanguage":"en-US","potentialAction":[{"@type":"ReadAction","target":["https:\/\/vannangvn.123websitedev.com\/san-pham\/may-do-do-ben-mau-cho-kinh-bang-tia-cuc-tim-suga-test-model-h75\/"]}]},{"@type":"BreadcrumbList","@id":"https:\/\/vannangvn.123websitedev.com\/san-pham\/may-do-do-ben-mau-cho-kinh-bang-tia-cuc-tim-suga-test-model-h75\/#breadcrumb","itemListElement":[{"@type":"ListItem","position":1,"name":"Trang ch\u1ee7","item":"https:\/\/vannangvn.123websitedev.com\/"},{"@type":"ListItem","position":2,"name":"S\u1ea3n ph\u1ea9m","item":"https:\/\/vannangvn.123websitedev.com\/cua-hang\/"},{"@type":"ListItem","position":3,"name":"M\u00c1Y \u0110O \u0110\u1ed8 B\u1ec0N M\u00c0U CHO K\u00cdNH B\u1eb0NG TIA C\u1ef0C T\u00cdM SUGA TEST MODEL H75"}]},{"@type":"WebSite","@id":"https:\/\/vannangvn.123websitedev.com\/#website","url":"https:\/\/vannangvn.123websitedev.com\/","name":"Vannang.vn","description":"","publisher":{"@id":"https:\/\/vannangvn.123websitedev.com\/#organization"},"potentialAction":[{"@type":"SearchAction","target":{"@type":"EntryPoint","urlTemplate":"https:\/\/vannangvn.123websitedev.com\/?s={search_term_string}"},"query-input":{"@type":"PropertyValueSpecification","valueRequired":true,"valueName":"search_term_string"}}],"inLanguage":"en-US"},{"@type":"Organization","@id":"https:\/\/vannangvn.123websitedev.com\/#organization","name":"Vannang.vn","url":"https:\/\/vannangvn.123websitedev.com\/","logo":{"@type":"ImageObject","inLanguage":"en-US","@id":"https:\/\/vannangvn.123websitedev.com\/#\/schema\/logo\/image\/","url":"https:\/\/vannangvn.123websitedev.com\/wp-content\/uploads\/2026\/02\/logo-van-nang-02.png","contentUrl":"https:\/\/vannangvn.123websitedev.com\/wp-content\/uploads\/2026\/02\/logo-van-nang-02.png","width":448,"height":111,"caption":"Vannang.vn"},"image":{"@id":"https:\/\/vannangvn.123websitedev.com\/#\/schema\/logo\/image\/"}}]}},"_links":{"self":[{"href":"https:\/\/vannangvn.123websitedev.com\/en\/wp-json\/wp\/v2\/product\/6571","targetHints":{"allow":["GET"]}}],"collection":[{"href":"https:\/\/vannangvn.123websitedev.com\/en\/wp-json\/wp\/v2\/product"}],"about":[{"href":"https:\/\/vannangvn.123websitedev.com\/en\/wp-json\/wp\/v2\/types\/product"}],"replies":[{"embeddable":true,"href":"https:\/\/vannangvn.123websitedev.com\/en\/wp-json\/wp\/v2\/comments?post=6571"}],"wp:attachment":[{"href":"https:\/\/vannangvn.123websitedev.com\/en\/wp-json\/wp\/v2\/media?parent=6571"}],"wp:term":[{"taxonomy":"product_brand","embeddable":true,"href":"https:\/\/vannangvn.123websitedev.com\/en\/wp-json\/wp\/v2\/product_brand?post=6571"},{"taxonomy":"product_cat","embeddable":true,"href":"https:\/\/vannangvn.123websitedev.com\/en\/wp-json\/wp\/v2\/product_cat?post=6571"},{"taxonomy":"product_tag","embeddable":true,"href":"https:\/\/vannangvn.123websitedev.com\/en\/wp-json\/wp\/v2\/product_tag?post=6571"}],"curies":[{"name":"wp","href":"https:\/\/api.w.org\/{rel}","templated":true}]}}