{"id":6583,"date":"2026-03-20T17:32:27","date_gmt":"2026-03-20T10:32:27","guid":{"rendered":"https:\/\/vannangvn.123websitedev.com\/san-pham\/may-do-do-ben-uon-nhiet-do-thap-gester-model-gt-kc10b\/"},"modified":"2026-03-30T18:23:34","modified_gmt":"2026-03-30T11:23:34","slug":"may-do-do-ben-uon-nhiet-do-thap-gester-model-gt-kc10b","status":"publish","type":"product","link":"https:\/\/vannangvn.123websitedev.com\/en\/product\/may-do-do-ben-uon-nhiet-do-thap-gester-model-gt-kc10b\/","title":{"rendered":"M\u00c1Y \u0110O \u0110\u1ed8 B\u1ec0N U\u1ed0N NHI\u1ec6T \u0110\u1ed8 TH\u1ea4P GESTER MODEL GT-KC10B"},"content":{"rendered":"<h1 style=\"color: red; font-weight: bold; font-size: 24px;\">T&#7893;ng quan s&#7843;n ph&#7849;m M&Aacute;Y &#272;O &#272;&#7896; B&#7872;N U&#7888;N NHI&#7878;T &#272;&#7896; TH&#7844;P GESTER MODEL GT-KC10B<p>M&aacute;y &#272;o &#272;&#7897; B&#7873;n U&#7889;n Nhi&#7879;t &#272;&#7897; Th&#7845;p (Low Temperature Bally Resistance Flexing Tester) Gester Model GT-KC10B<\/p><p>Application of GT-KC10B<br>\nBally Resistance Flexing Tester is used to determine the resistance of a material to cracking or other types of failure at flexing creases. The method is applicable to all flexible materials and in particular leathers, coated fabrics and textiles used in footwear uppers.<br>\nStandards:<\/p><p>SATRA TM 55; IULTCS\/IUP 20-1;<br>\nISO 17694 ; EN 13512 ;<br>\nEN344-1 section 5.13.1.3 and annex C;<br>\nEN ISO 20344 section 6.6.2.8;<br>\nGB\/T20991 section 6.6.2.8;<br>\nAS\/NZS 2210.2 section 6.6.2.8;<br>\nJIS-K6545; BS 3144 Clause 13<br>\nEquipped with A type of upper grips.<\/p><p>ISO 32100 ; DIN53351;<br>\nGE-24;ASTM D 6182<br>\nEN ISO 20344-2020 section 6.6.3<br>\nEquipped with B type of upper grips.<\/p><p>Feature<\/p><p>Materials of outer chamber: 2mm Double-sided color coated steel with power coated surface.<br>\nMaterials of inner chamber: using SUS304 stainless steel, seamless welded. Beside, the outer structure of the inner chamber is reinforced with 10mm steel plates to meet the structural strength requirements of the bending test.<br>\nLow Temperature Bally Resistance Flexing Tester With vacuum glass observation window, more effective to observe the testing situation.<br>\nTemperature control: adopt 7inch color touch screen with Chinese and English version, easy to operate.<br>\nLow Temperature Bally Resistance Flexing Tester Equipped with 2 sets of mechanical compressor, two-stage compression refrigeration cycle can quick cooling up to specified inner temperature in the case of various fixture group.<br>\nThe flexing system has separate controller with function of power off memory and automatically stop when test done.<br>\nAll the testing fixtures are made of SUS304 stainless steel or aluminum, have a good corrosion resistance and anti-rust property.<\/p><p>Principle<br>\nThe test specimen is folded in half then one end is secured in a clamp. The test specimen is then turned inside out and the free end secured in a second clamp at 90 degrees to the first. The first clamp is repeatedly oscillated through a fixed angle at a defined rate causing the test specimen to flex. At set intervals the number of flexing cycles is recorded and the damage to the test specimen is visually assessed. The test can be carried out with wet or dry test specimens at ambient or sub-zero temperatures.<br>\nH&atilde;y li&ecirc;n h&#7879; v&#7899;i V&#7841;n N&#259;ng Company ngay &#273;&#7875; &#273;&#432;&#7907;c t&#432; v&#7845;n chuy&ecirc;n s&acirc;u v&agrave; nh&#7853;n c&aacute;c &#432;u &#273;&atilde;i h&#7845;p d&#7851;n nh&#7845;t th&ocirc;ng qua hotline\/zalo: <a href=\"https:\/\/zalo.me\/0903991335\" target=\"_blank\" rel=\"noopener\" style=\"color: #059669; font-weight: bold; text-decoration: none;\">0903 991 335<\/a>!<\/p><div style=\"background-color: #f8fafc; border: 1px solid #e2e8f0; border-radius: 8px; padding: 25px; max-width: 800px; margin: 30px auto; color: #334155; line-height: 1.8; font-size: 17px; box-shadow: 0 4px 6px -1px rgba(0,0,0,0.05); text-align: left; clear: both;\">\nC&ocirc;ng ty TNHH Th&#432;&#417;ng M&#7841;i D&#7883;ch V&#7909; Thi&#7871;t B&#7883; C&ocirc;ng Ngh&#7879; V&#7841;n N&#259;ng\n<p style=\"margin: 0 0 10px 0;\">&#128205; <strong style=\"color: #1e293b;\">&#272;&#7883;a ch&#7881;:<\/strong> <a style=\"color: #059669; text-decoration: none; font-weight: bold;\" href=\"https:\/\/www.google.com\/maps\/search\/C%C3%B4ng+ty+TNHH+Th%C6%B0%C6%A1ng+M%E1%BA%A1i+D%E1%BB%8Bch+V%E1%BB%A5+Thi%E1%BA%BFt+B%E1%BB%8B+C%C3%B4ng+Ngh%E1%BB%87+V%E1%BA%A1n+N%C4%83ng+818+Tr%C6%B0%E1%BB%9Dng+Chinh\" target=\"_blank\" rel=\"noopener\">818 Tr&#432;&#7901;ng Chinh, Ph&#432;&#7901;ng T&acirc;n S&#417;n, Th&agrave;nh ph&#7889; H&#7891; Ch&iacute; Minh, Vi&#7879;t Nam<\/a><\/p>\n<p style=\"margin: 0 0 10px 0;\">&#128222; <strong style=\"color: #1e293b;\">S&#272;T &ndash; Zalo:<\/strong> <a style=\"color: #059669; text-decoration: none; font-weight: bold;\" href=\"https:\/\/zalo.me\/0903991335\" target=\"_blank\" rel=\"noopener\">0903 991 335<\/a> <span style=\"color: #64748b; font-style: italic;\">(Ms. H&#7841;nh &ndash; Gi&aacute;m &#272;&#7889;c Kinh Doanh)<\/span><\/p>\n<p style=\"margin: 0;\">&#9993;&#65039; <strong style=\"color: #1e293b;\">Email:<\/strong> <a style=\"color: #059669; text-decoration: none; font-weight: bold;\" href=\"mailto:hienhanh@vannangvn.com\">hienhanh@vannangvn.com<\/a><\/p>\n<\/div><\/h1>","protected":false},"excerpt":{"rendered":"<p><strong>Th&#432;&#417;ng hi&#7879;u:<\/strong> M&aacute;y &#272;o &#272;&#7897; B&#7873;n U&#7889;n Nhi&#7879;t &#272;&#7897; Th&#7845;p  Gester Model GT-KC10B<br>\n<strong>Model:<\/strong> GT-KC10B<p>Product <strong>M&Aacute;Y &#272;O &#272;&#7896; B&#7872;N U&#7888;N NHI&#7878;T &#272;&#7896; TH&#7844;P GESTER MODEL GT-KC10B<\/strong> ch&iacute;nh h&atilde;ng. M&aacute;y &#272;o &#272;&#7897; B&#7873;n U&#7889;n Nhi&#7879;t &#272;&#7897; Th&#7845;p (Low Temperature Bally Resistance Flexing Tester) Gester Model GT-KC10B<\/p><\/p>","protected":false},"featured_media":9646,"comment_status":"open","ping_status":"closed","template":"","meta":[],"product_brand":[],"product_cat":[18],"product_tag":[301,367,496,519,977,1576,109,116,181],"class_list":{"0":"post-6583","1":"product","2":"type-product","3":"status-publish","4":"has-post-thumbnail","6":"product_cat-chua-phan-loai","7":"product_tag-nhiet","8":"product_tag-thap","9":"product_tag-gester","10":"product_tag-ben","11":"product_tag-uon","12":"product_tag-gt-kc10b","13":"product_tag-may","14":"product_tag-model","15":"product_tag-do","17":"first","18":"instock","19":"shipping-taxable","20":"product-type-simple"},"yoast_head":"<!-- This site is optimized with the Yoast SEO Premium plugin v24.8 (Yoast SEO v24.8) - https:\/\/yoast.com\/wordpress\/plugins\/seo\/ -->\n<title>M\u00c1Y \u0110O \u0110\u1ed8 B\u1ec0N U\u1ed0N NHI\u1ec6T \u0110\u1ed8 TH\u1ea4P GES... ch\u00ednh h\u00e3ng | V\u1ea1n N\u0103ng<\/title>\n<meta name=\"description\" content=\"Mua ngay M\u00c1Y \u0110O \u0110\u1ed8 B\u1ec0N U\u1ed0N NHI\u1ec6T \u0110\u1ed8 TH\u1ea4P GESTER MODEL GT-KC10B ch\u00ednh h\u00e3ng. Gi\u00e1 t\u1ed1t!\" \/>\n<meta name=\"robots\" content=\"noindex, follow, max-snippet:-1, max-image-preview:large, max-video-preview:-1\" \/>\n<meta property=\"og:locale\" content=\"en_US\" \/>\n<meta property=\"og:type\" content=\"article\" \/>\n<meta property=\"og:title\" content=\"M\u00c1Y \u0110O \u0110\u1ed8 B\u1ec0N U\u1ed0N NHI\u1ec6T \u0110\u1ed8 TH\u1ea4P GESTER MODEL GT-KC10B\" \/>\n<meta property=\"og:description\" content=\"Mua ngay M\u00c1Y \u0110O \u0110\u1ed8 B\u1ec0N U\u1ed0N NHI\u1ec6T \u0110\u1ed8 TH\u1ea4P GESTER MODEL GT-KC10B ch\u00ednh h\u00e3ng. Gi\u00e1 t\u1ed1t!\" \/>\n<meta property=\"og:url\" content=\"https:\/\/vannangvn.123websitedev.com\/en\/product\/may-do-do-ben-uon-nhiet-do-thap-gester-model-gt-kc10b\/\" \/>\n<meta property=\"og:site_name\" content=\"Vannang.vn\" \/>\n<meta property=\"article:modified_time\" content=\"2026-03-30T11:23:34+00:00\" \/>\n<meta property=\"og:image\" content=\"http:\/\/vannangvn.123websitedev.com\/wp-content\/uploads\/2026\/03\/GT-KC10B-768x576-copy.jpg\" \/>\n\t<meta property=\"og:image:width\" content=\"768\" \/>\n\t<meta property=\"og:image:height\" content=\"576\" \/>\n\t<meta property=\"og:image:type\" content=\"image\/jpeg\" \/>\n<meta name=\"twitter:card\" content=\"summary_large_image\" \/>\n<meta name=\"twitter:label1\" content=\"Est. reading time\" \/>\n\t<meta name=\"twitter:data1\" content=\"2 minutes\" \/>\n<script type=\"application\/ld+json\" class=\"yoast-schema-graph\">{\"@context\":\"https:\/\/schema.org\",\"@graph\":[{\"@type\":\"WebPage\",\"@id\":\"https:\/\/vannangvn.123websitedev.com\/san-pham\/may-do-do-ben-uon-nhiet-do-thap-gester-model-gt-kc10b\/\",\"url\":\"https:\/\/vannangvn.123websitedev.com\/san-pham\/may-do-do-ben-uon-nhiet-do-thap-gester-model-gt-kc10b\/\",\"name\":\"M\u00c1Y \u0110O \u0110\u1ed8 B\u1ec0N U\u1ed0N NHI\u1ec6T \u0110\u1ed8 TH\u1ea4P GES... ch\u00ednh h\u00e3ng | V\u1ea1n N\u0103ng\",\"isPartOf\":{\"@id\":\"https:\/\/vannangvn.123websitedev.com\/#website\"},\"primaryImageOfPage\":{\"@id\":\"https:\/\/vannangvn.123websitedev.com\/san-pham\/may-do-do-ben-uon-nhiet-do-thap-gester-model-gt-kc10b\/#primaryimage\"},\"image\":{\"@id\":\"https:\/\/vannangvn.123websitedev.com\/san-pham\/may-do-do-ben-uon-nhiet-do-thap-gester-model-gt-kc10b\/#primaryimage\"},\"thumbnailUrl\":\"https:\/\/vannangvn.123websitedev.com\/wp-content\/uploads\/2026\/03\/GT-KC10B-768x576-copy.jpg\",\"datePublished\":\"2026-03-20T10:32:27+00:00\",\"dateModified\":\"2026-03-30T11:23:34+00:00\",\"description\":\"Mua ngay M\u00c1Y \u0110O \u0110\u1ed8 B\u1ec0N U\u1ed0N NHI\u1ec6T \u0110\u1ed8 TH\u1ea4P GESTER MODEL GT-KC10B ch\u00ednh h\u00e3ng. Gi\u00e1 t\u1ed1t!\",\"breadcrumb\":{\"@id\":\"https:\/\/vannangvn.123websitedev.com\/san-pham\/may-do-do-ben-uon-nhiet-do-thap-gester-model-gt-kc10b\/#breadcrumb\"},\"inLanguage\":\"en-US\",\"potentialAction\":[{\"@type\":\"ReadAction\",\"target\":[\"https:\/\/vannangvn.123websitedev.com\/san-pham\/may-do-do-ben-uon-nhiet-do-thap-gester-model-gt-kc10b\/\"]}]},{\"@type\":\"ImageObject\",\"inLanguage\":\"en-US\",\"@id\":\"https:\/\/vannangvn.123websitedev.com\/san-pham\/may-do-do-ben-uon-nhiet-do-thap-gester-model-gt-kc10b\/#primaryimage\",\"url\":\"https:\/\/vannangvn.123websitedev.com\/wp-content\/uploads\/2026\/03\/GT-KC10B-768x576-copy.jpg\",\"contentUrl\":\"https:\/\/vannangvn.123websitedev.com\/wp-content\/uploads\/2026\/03\/GT-KC10B-768x576-copy.jpg\",\"width\":768,\"height\":576},{\"@type\":\"BreadcrumbList\",\"@id\":\"https:\/\/vannangvn.123websitedev.com\/san-pham\/may-do-do-ben-uon-nhiet-do-thap-gester-model-gt-kc10b\/#breadcrumb\",\"itemListElement\":[{\"@type\":\"ListItem\",\"position\":1,\"name\":\"Trang ch\u1ee7\",\"item\":\"https:\/\/vannangvn.123websitedev.com\/\"},{\"@type\":\"ListItem\",\"position\":2,\"name\":\"S\u1ea3n ph\u1ea9m\",\"item\":\"https:\/\/vannangvn.123websitedev.com\/cua-hang\/\"},{\"@type\":\"ListItem\",\"position\":3,\"name\":\"M\u00c1Y \u0110O \u0110\u1ed8 B\u1ec0N U\u1ed0N NHI\u1ec6T \u0110\u1ed8 TH\u1ea4P GESTER MODEL GT-KC10B\"}]},{\"@type\":\"WebSite\",\"@id\":\"https:\/\/vannangvn.123websitedev.com\/#website\",\"url\":\"https:\/\/vannangvn.123websitedev.com\/\",\"name\":\"Vannang.vn\",\"description\":\"\",\"publisher\":{\"@id\":\"https:\/\/vannangvn.123websitedev.com\/#organization\"},\"potentialAction\":[{\"@type\":\"SearchAction\",\"target\":{\"@type\":\"EntryPoint\",\"urlTemplate\":\"https:\/\/vannangvn.123websitedev.com\/?s={search_term_string}\"},\"query-input\":{\"@type\":\"PropertyValueSpecification\",\"valueRequired\":true,\"valueName\":\"search_term_string\"}}],\"inLanguage\":\"en-US\"},{\"@type\":\"Organization\",\"@id\":\"https:\/\/vannangvn.123websitedev.com\/#organization\",\"name\":\"Vannang.vn\",\"url\":\"https:\/\/vannangvn.123websitedev.com\/\",\"logo\":{\"@type\":\"ImageObject\",\"inLanguage\":\"en-US\",\"@id\":\"https:\/\/vannangvn.123websitedev.com\/#\/schema\/logo\/image\/\",\"url\":\"https:\/\/vannangvn.123websitedev.com\/wp-content\/uploads\/2026\/02\/logo-van-nang-02.png\",\"contentUrl\":\"https:\/\/vannangvn.123websitedev.com\/wp-content\/uploads\/2026\/02\/logo-van-nang-02.png\",\"width\":448,\"height\":111,\"caption\":\"Vannang.vn\"},\"image\":{\"@id\":\"https:\/\/vannangvn.123websitedev.com\/#\/schema\/logo\/image\/\"}}]}<\/script>\n<!-- \/ Yoast SEO Premium plugin. -->","yoast_head_json":{"title":"M\u00c1Y \u0110O \u0110\u1ed8 B\u1ec0N U\u1ed0N NHI\u1ec6T \u0110\u1ed8 TH\u1ea4P GES... ch\u00ednh h\u00e3ng | V\u1ea1n N\u0103ng","description":"Mua ngay M\u00c1Y \u0110O \u0110\u1ed8 B\u1ec0N U\u1ed0N NHI\u1ec6T \u0110\u1ed8 TH\u1ea4P GESTER MODEL GT-KC10B ch\u00ednh h\u00e3ng. Gi\u00e1 t\u1ed1t!","robots":{"index":"noindex","follow":"follow","max-snippet":"max-snippet:-1","max-image-preview":"max-image-preview:large","max-video-preview":"max-video-preview:-1"},"og_locale":"en_US","og_type":"article","og_title":"M\u00c1Y \u0110O \u0110\u1ed8 B\u1ec0N U\u1ed0N NHI\u1ec6T \u0110\u1ed8 TH\u1ea4P GESTER MODEL GT-KC10B","og_description":"Mua ngay M\u00c1Y \u0110O \u0110\u1ed8 B\u1ec0N U\u1ed0N NHI\u1ec6T \u0110\u1ed8 TH\u1ea4P GESTER MODEL GT-KC10B ch\u00ednh h\u00e3ng. Gi\u00e1 t\u1ed1t!","og_url":"https:\/\/vannangvn.123websitedev.com\/en\/product\/may-do-do-ben-uon-nhiet-do-thap-gester-model-gt-kc10b\/","og_site_name":"Vannang.vn","article_modified_time":"2026-03-30T11:23:34+00:00","og_image":[{"width":768,"height":576,"url":"http:\/\/vannangvn.123websitedev.com\/wp-content\/uploads\/2026\/03\/GT-KC10B-768x576-copy.jpg","type":"image\/jpeg"}],"twitter_card":"summary_large_image","twitter_misc":{"Est. reading time":"2 minutes"},"schema":{"@context":"https:\/\/schema.org","@graph":[{"@type":"WebPage","@id":"https:\/\/vannangvn.123websitedev.com\/san-pham\/may-do-do-ben-uon-nhiet-do-thap-gester-model-gt-kc10b\/","url":"https:\/\/vannangvn.123websitedev.com\/san-pham\/may-do-do-ben-uon-nhiet-do-thap-gester-model-gt-kc10b\/","name":"M\u00c1Y \u0110O \u0110\u1ed8 B\u1ec0N U\u1ed0N NHI\u1ec6T \u0110\u1ed8 TH\u1ea4P GES... ch\u00ednh h\u00e3ng | V\u1ea1n N\u0103ng","isPartOf":{"@id":"https:\/\/vannangvn.123websitedev.com\/#website"},"primaryImageOfPage":{"@id":"https:\/\/vannangvn.123websitedev.com\/san-pham\/may-do-do-ben-uon-nhiet-do-thap-gester-model-gt-kc10b\/#primaryimage"},"image":{"@id":"https:\/\/vannangvn.123websitedev.com\/san-pham\/may-do-do-ben-uon-nhiet-do-thap-gester-model-gt-kc10b\/#primaryimage"},"thumbnailUrl":"https:\/\/vannangvn.123websitedev.com\/wp-content\/uploads\/2026\/03\/GT-KC10B-768x576-copy.jpg","datePublished":"2026-03-20T10:32:27+00:00","dateModified":"2026-03-30T11:23:34+00:00","description":"Mua ngay M\u00c1Y \u0110O \u0110\u1ed8 B\u1ec0N U\u1ed0N NHI\u1ec6T \u0110\u1ed8 TH\u1ea4P GESTER MODEL GT-KC10B ch\u00ednh h\u00e3ng. Gi\u00e1 t\u1ed1t!","breadcrumb":{"@id":"https:\/\/vannangvn.123websitedev.com\/san-pham\/may-do-do-ben-uon-nhiet-do-thap-gester-model-gt-kc10b\/#breadcrumb"},"inLanguage":"en-US","potentialAction":[{"@type":"ReadAction","target":["https:\/\/vannangvn.123websitedev.com\/san-pham\/may-do-do-ben-uon-nhiet-do-thap-gester-model-gt-kc10b\/"]}]},{"@type":"ImageObject","inLanguage":"en-US","@id":"https:\/\/vannangvn.123websitedev.com\/san-pham\/may-do-do-ben-uon-nhiet-do-thap-gester-model-gt-kc10b\/#primaryimage","url":"https:\/\/vannangvn.123websitedev.com\/wp-content\/uploads\/2026\/03\/GT-KC10B-768x576-copy.jpg","contentUrl":"https:\/\/vannangvn.123websitedev.com\/wp-content\/uploads\/2026\/03\/GT-KC10B-768x576-copy.jpg","width":768,"height":576},{"@type":"BreadcrumbList","@id":"https:\/\/vannangvn.123websitedev.com\/san-pham\/may-do-do-ben-uon-nhiet-do-thap-gester-model-gt-kc10b\/#breadcrumb","itemListElement":[{"@type":"ListItem","position":1,"name":"Trang ch\u1ee7","item":"https:\/\/vannangvn.123websitedev.com\/"},{"@type":"ListItem","position":2,"name":"S\u1ea3n ph\u1ea9m","item":"https:\/\/vannangvn.123websitedev.com\/cua-hang\/"},{"@type":"ListItem","position":3,"name":"M\u00c1Y \u0110O \u0110\u1ed8 B\u1ec0N U\u1ed0N NHI\u1ec6T \u0110\u1ed8 TH\u1ea4P GESTER MODEL GT-KC10B"}]},{"@type":"WebSite","@id":"https:\/\/vannangvn.123websitedev.com\/#website","url":"https:\/\/vannangvn.123websitedev.com\/","name":"Vannang.vn","description":"","publisher":{"@id":"https:\/\/vannangvn.123websitedev.com\/#organization"},"potentialAction":[{"@type":"SearchAction","target":{"@type":"EntryPoint","urlTemplate":"https:\/\/vannangvn.123websitedev.com\/?s={search_term_string}"},"query-input":{"@type":"PropertyValueSpecification","valueRequired":true,"valueName":"search_term_string"}}],"inLanguage":"en-US"},{"@type":"Organization","@id":"https:\/\/vannangvn.123websitedev.com\/#organization","name":"Vannang.vn","url":"https:\/\/vannangvn.123websitedev.com\/","logo":{"@type":"ImageObject","inLanguage":"en-US","@id":"https:\/\/vannangvn.123websitedev.com\/#\/schema\/logo\/image\/","url":"https:\/\/vannangvn.123websitedev.com\/wp-content\/uploads\/2026\/02\/logo-van-nang-02.png","contentUrl":"https:\/\/vannangvn.123websitedev.com\/wp-content\/uploads\/2026\/02\/logo-van-nang-02.png","width":448,"height":111,"caption":"Vannang.vn"},"image":{"@id":"https:\/\/vannangvn.123websitedev.com\/#\/schema\/logo\/image\/"}}]}},"_links":{"self":[{"href":"https:\/\/vannangvn.123websitedev.com\/en\/wp-json\/wp\/v2\/product\/6583","targetHints":{"allow":["GET"]}}],"collection":[{"href":"https:\/\/vannangvn.123websitedev.com\/en\/wp-json\/wp\/v2\/product"}],"about":[{"href":"https:\/\/vannangvn.123websitedev.com\/en\/wp-json\/wp\/v2\/types\/product"}],"replies":[{"embeddable":true,"href":"https:\/\/vannangvn.123websitedev.com\/en\/wp-json\/wp\/v2\/comments?post=6583"}],"wp:featuredmedia":[{"embeddable":true,"href":"https:\/\/vannangvn.123websitedev.com\/en\/wp-json\/wp\/v2\/media\/9646"}],"wp:attachment":[{"href":"https:\/\/vannangvn.123websitedev.com\/en\/wp-json\/wp\/v2\/media?parent=6583"}],"wp:term":[{"taxonomy":"product_brand","embeddable":true,"href":"https:\/\/vannangvn.123websitedev.com\/en\/wp-json\/wp\/v2\/product_brand?post=6583"},{"taxonomy":"product_cat","embeddable":true,"href":"https:\/\/vannangvn.123websitedev.com\/en\/wp-json\/wp\/v2\/product_cat?post=6583"},{"taxonomy":"product_tag","embeddable":true,"href":"https:\/\/vannangvn.123websitedev.com\/en\/wp-json\/wp\/v2\/product_tag?post=6583"}],"curies":[{"name":"wp","href":"https:\/\/api.w.org\/{rel}","templated":true}]}}