{"id":6616,"date":"2026-03-20T17:33:09","date_gmt":"2026-03-20T10:33:09","guid":{"rendered":"https:\/\/vannangvn.123websitedev.com\/san-pham\/may-do-do-cang-day-dai-pce-instruments-model-pce-btm-2000a\/"},"modified":"2026-03-30T18:24:25","modified_gmt":"2026-03-30T11:24:25","slug":"may-do-do-cang-day-dai-pce-instruments-model-pce-btm-2000a","status":"publish","type":"product","link":"https:\/\/vannangvn.123websitedev.com\/en\/product\/may-do-do-cang-day-dai-pce-instruments-model-pce-btm-2000a\/","title":{"rendered":"M\u00c1Y \u0110O \u0110\u1ed8 C\u0102NG D\u00c2Y \u0110AI PCE INSTRUMENTS MODEL PCE-BTM 2000A"},"content":{"rendered":"<h1 style=\"color: red; font-weight: bold; font-size: 24px;\">T&#7893;ng quan s&#7843;n ph&#7849;m M&Aacute;Y &#272;O &#272;&#7896; C&#258;NG D&Acirc;Y &#272;AI PCE INSTRUMENTS MODEL PCE-BTM 2000A<p>M&aacute;y &#272;o &#272;&#7897; C&#259;ng D&acirc;y &#272;ai (Belt Tension Meter) PCE Instruments Model PCE-BTM 2000A<br>\nM&aacute;y &#272;o &#272;&#7897; C&#259;ng D&acirc;y &#272;ai PCE-BTM 2000A l&agrave; c&ocirc;ng c&#7909; &#273;o l&#432;&#7901;ng hi&#7879;n &#273;&#7841;i, mang l&#7841;i kh&#7843; n&#259;ng &#273;o ch&iacute;nh x&aacute;c v&agrave; nhanh ch&oacute;ng &#273;&#7897; c&#259;ng d&acirc;y &#273;ai trong c&aacute;c h&#7879; th&#7889;ng truy&#7873;n &#273;&#7897;ng. V&#7899;i thi&#7871;t k&#7871; linh ho&#7841;t c&ugrave;ng c&aacute;c t&iacute;nh n&#259;ng ti&ecirc;n ti&#7871;n, PCE-BTM 2000A kh&ocirc;ng ch&#7881; gi&uacute;p b&#7843;o tr&igrave; v&agrave; s&#7917;a ch&#7919;a hi&#7879;u qu&#7843; m&agrave; c&ograve;n &#273;&#7843;m b&#7843;o tu&#7893;i th&#7885; d&agrave;i l&acirc;u cho m&aacute;y m&oacute;c. H&atilde;y c&ugrave;ng V&#7841;n N&#259;ng t&igrave;m hi&#7875;u chi ti&#7871;t h&#417;n v&#7873; s&#7843;n ph&#7849;m th&ocirc;ng qua b&agrave;i vi&#7871;t d&#432;&#7899;i &#273;&acirc;y!<\/p><p>Nguy&ecirc;n L&yacute; Ho&#7841;t &#272;&#7897;ng C&#7911;a PCE-BTM 2000A<\/p><p>M&aacute;y &#272;o &#272;&#7897; C&#259;ng PCE-BTM 2000A ho&#7841;t &#273;&#7897;ng d&#7921;a tr&ecirc;n nguy&ecirc;n l&yacute; &#273;o t&#7847;n s&#7889; dao &#273;&#7897;ng t&#7921; nhi&ecirc;n c&#7911;a d&acirc;y &#273;ai khi ch&#7883;u t&aacute;c &#273;&#7897;ng t&#7915; b&ecirc;n ngo&agrave;i. Quy tr&igrave;nh c&#7911;a Belt Tension Meter BTM2000A g&#7891;m:<\/p><p>K&iacute;ch th&iacute;ch dao &#273;&#7897;ng: Ch&#7881; c&#7847;n m&#7897;t xung l&#7921;c nh&#7865; &#273;&#7875; t&#7841;o dao &#273;&#7897;ng cho d&acirc;y &#273;ai.<br>\nThu t&iacute;n hi&#7879;u dao &#273;&#7897;ng: C&#7843;m bi&#7871;n quang h&#7885;c &#273;o t&#7847;n s&#7889; dao &#273;&#7897;ng c&#7911;a d&acirc;y &#273;ai.<br>\nX&#7917; l&yacute; v&agrave; hi&#7875;n th&#7883;: D&#7919; li&#7879;u &#273;&#432;&#7907;c x&#7917; l&yacute; v&agrave; hi&#7875;n th&#7883; tr&ecirc;n m&agrave;n h&igrave;nh v&#7899;i &#273;&#417;n v&#7883; N ho&#7863;c Hz, t&ugrave;y thu&#7897;c v&agrave;o c&agrave;i &#273;&#7863;t.<\/p><p>N&eacute;t &#272;&#7863;c Tr&#432;ng C&#7911;a PCE-BTM 2000A<\/p><p>&#272;o t&#7847;n s&#7889; dao &#273;&#7897;ng d&acirc;y &#273;ai: Thi&#7871;t b&#7883; PCE-BTM 2000A &#273;o dao &#273;&#7897;ng t&#7921; nhi&ecirc;n c&#7911;a d&acirc;y &#273;ai v&agrave; hi&#7875;n th&#7883; k&#7871;t qu&#7843; d&#432;&#7899;i d&#7841;ng t&#7847;n s&#7889; (Hz).<br>\nT&iacute;nh to&aacute;n l&#7921;c c&#259;ng: T&#7921; &#273;&#7897;ng chuy&#7875;n &#273;&#7893;i t&#7847;n s&#7889; &#273;o &#273;&#432;&#7907;c th&agrave;nh l&#7921;c c&#259;ng (N) khi nh&#7853;p th&ecirc;m th&ocirc;ng tin chi&#7873;u d&agrave;i v&agrave; kh&#7889;i l&#432;&#7907;ng d&acirc;y &#273;ai.<br>\nGiao di&#7879;n th&acirc;n thi&#7879;n: Thi&#7871;t B&#7883; &#272;o &#272;&#7897; C&#259;ng D&acirc;y &#272;ai PCE-BTM 2000A s&#7903; h&#7919;u menu tr&#7921;c quan, h&#7895; tr&#7907; 6 ng&ocirc;n ng&#7919; gi&uacute;p d&#7877; d&agrave;ng s&#7917; d&#7909;ng cho m&#7885;i &#273;&#7889;i t&#432;&#7907;ng.<\/p><p>L&#432;u tr&#7919; d&#7919; li&#7879;u l&#7899;n: B&#7897; nh&#7899; c&#7911;a PCE BTM2000A c&oacute; kh&#7843; n&#259;ng l&#432;u tr&#7919; l&ecirc;n t&#7899;i 750 gi&aacute; tr&#7883; &#273;o.<br>\nC&#7843;m bi&#7871;n linh ho&#7841;t: &#272;&#7847;u c&#7843;m bi&#7871;n g&#7855;n tr&ecirc;n c&#7847;n c&#7893; ng&#7895;ng linh ho&#7841;t, d&#7877; d&agrave;ng &#273;o trong c&aacute;c khu v&#7921;c kh&oacute; ti&#7871;p c&#7853;n.<br>\nT&ugrave;y ch&#7885;n &#273;a d&#7841;ng: Thi&#7871;t B&#7883; &#272;o L&#7921;c C&#259;ng &#272;ai PCE BTM2000A h&#7895; tr&#7907; c&aacute;c ph&#7909; ki&#7879;n t&ugrave;y ch&#7885;n nh&#432; &#273;&#7847;u c&#7843;m bi&#7871;n ngo&agrave;i, h&#7897;p &#273;&#7921;ng c&#7913;ng, b&uacute;a t&#7847;n s&#7889; v&agrave; gi&aacute; &#273;&#7905;.<\/p><p>T&#7841;i Sao C&#7847;n &#272;o &#272;&#7897; C&#259;ng D&acirc;y &#272;ai?<\/p><p>&#272;&#7843;m b&#7843;o hi&#7879;u su&#7845;t ho&#7841;t &#273;&#7897;ng: &#272;&#7897; c&#259;ng d&acirc;y &#273;ai &#7843;nh h&#432;&#7903;ng tr&#7921;c ti&#7871;p &#273;&#7871;n hi&#7879;u su&#7845;t truy&#7873;n &#273;&#7897;ng v&agrave; tu&#7893;i th&#7885; m&aacute;y m&oacute;c.<br>\nPh&ograve;ng ng&#7915;a s&#7921; c&#7889; h&#432; h&#7887;ng d&acirc;y &#273;ai: &#272;&#7897; c&#259;ng qu&aacute; cao c&oacute; th&#7875; g&acirc;y m&agrave;i m&ograve;n d&acirc;y &#273;ai v&agrave; h&#7887;ng v&ograve;ng bi, trong khi &#273;&#7897; c&#259;ng qu&aacute; th&#7845;p d&#7877; d&#7851;n &#273;&#7871;n tr&#432;&#7907;t ho&#7863;c nh&#7843;y r&#259;ng.<br>\nGi&#7843;m chi ph&iacute; b&#7843;o tr&igrave;: Vi&#7879;c ki&#7875;m tra &#273;&#7883;nh k&#7923; gi&uacute;p gi&#7843;m thi&#7875;u th&#7901;i gian ng&#7915;ng m&aacute;y kh&ocirc;ng mong mu&#7889;n v&agrave; c&aacute;c chi ph&iacute; s&#7917;a ch&#7919;a kh&ocirc;ng c&#7847;n thi&#7871;t.<br>\nT&#259;ng &#273;&#7897; ch&iacute;nh x&aacute;c: S&#7917; d&#7909;ng m&aacute;y &#273;o chuy&ecirc;n d&#7909;ng thay v&igrave; ki&#7875;m tra th&#7911; c&ocirc;ng gi&uacute;p x&aacute;c &#273;&#7883;nh ch&iacute;nh x&aacute;c &#273;&#7897; c&#259;ng, &#273;&#7843;m b&#7843;o an to&agrave;n v&agrave; hi&#7879;u qu&#7843;.<\/p><p>&#431;u &#272;i&#7875;m V&#432;&#7907;t Tr&#7897;i C&#7911;a PCE-BTM 2000A<\/p><p>Ch&iacute;nh x&aacute;c cao: M&aacute;y &#272;o L&#7921;c C&#259;ng &#272;ai PCE BTM2000A T&iacute;nh to&aacute;n l&#7921;c c&#259;ng d&#7921;a tr&ecirc;n th&ocirc;ng s&#7889; v&#7853;t l&yacute; c&#7911;a d&acirc;y &#273;ai, &#273;&#7843;m b&#7843;o k&#7871;t qu&#7843; &#273;&aacute;ng tin c&#7853;y.<br>\nLinh ho&#7841;t v&agrave; d&#7877; s&#7917; d&#7909;ng: C&#7843;m bi&#7871;n c&#7893; ng&#7895;ng v&agrave; menu tr&#7921;c quan gi&uacute;p thao t&aacute;c d&#7877; d&agrave;ng ngay c&#7843; trong kh&ocirc;ng gian h&#7865;p.<br>\nTi&#7879;n l&#7907;i cho b&#7843;o tr&igrave;: M&aacute;y PCE BTM2000A l&#432;u tr&#7919; d&#7919; li&#7879;u gi&uacute;p so s&aacute;nh v&agrave; theo d&otilde;i l&#7883;ch s&#7917; &#273;o l&#432;&#7901;ng &#273;&#7875; t&#7889;i &#432;u h&oacute;a qu&aacute; tr&igrave;nh b&#7843;o tr&igrave;.<\/p><p>&#7912;ng D&#7909;ng Th&#7921;c T&#7871; C&#7911;a PCE-BTM 2000A<br>\nM&aacute;y &#272;o &#272;&#7897; C&#259;ng &#272;ai PCE-BTM 2000A &#273;&#432;&#7907;c thi&#7871;t k&#7871; &#273;&#7875; &#273;o &#273;&#7897; c&#259;ng c&#7911;a c&aacute;c lo&#7841;i d&acirc;y &#273;ai nh&#432; d&acirc;y &#273;ai r&#259;ng, d&acirc;y &#273;ai d&#7865;t v&agrave; d&acirc;y &#273;ai V. &#272;&acirc;y l&agrave; c&ocirc;ng c&#7909; quan tr&#7885;ng trong vi&#7879;c:<\/p><p>B&#7843;o tr&igrave; &#273;&#7883;nh k&#7923;: &#272;&#7843;m b&#7843;o c&aacute;c d&acirc;y &#273;ai duy tr&igrave; &#273;&#7897; c&#259;ng t&#7889;i &#432;u su&#7889;t v&ograve;ng &#273;&#7901;i ho&#7841;t &#273;&#7897;ng.<br>\nL&#7855;p &#273;&#7863;t v&agrave; &#273;i&#7873;u ch&#7881;nh: Ki&#7875;m tra &#273;&#7897; ch&iacute;nh x&aacute;c c&#7911;a &#273;&#7897; c&#259;ng d&acirc;y &#273;ai sau khi l&#7855;p &#273;&#7863;t tr&#432;&#7899;c khi v&#7853;n h&agrave;nh h&#7879; th&#7889;ng.<br>\nNg&agrave;nh c&ocirc;ng nghi&#7879;p: S&#7917; d&#7909;ng r&#7897;ng r&atilde;i trong s&#7843;n xu&#7845;t c&ocirc;ng nghi&#7879;p, &ocirc; t&ocirc;, &#273;&#7897;ng c&#417; b&#432;&#7899;c, m&aacute;y m&oacute;c n&ocirc;ng nghi&#7879;p, v&agrave; c&aacute;c h&#7879; th&#7889;ng truy&#7873;n &#273;&#7897;ng b&#259;ng t&#7843;i.<\/p><p>Nh&#7919;ng L&yacute; Do N&ecirc;n Mua M&aacute;y &#272;o &#272;&#7897; C&#259;ng D&acirc;y &#272;ai T&#7841;i Thi&#7871;t B&#7883; C&ocirc;ng Ngh&#7879; V&#7841;n N&#259;ng<\/p><p>C&ocirc;ng ty Thi&#7871;t B&#7883; C&ocirc;ng Ngh&#7879; V&#7841;n N&#259;ng l&agrave; &#273;&#7889;i t&aacute;c ch&iacute;nh th&#7913;c ph&acirc;n ph&#7889;i M&aacute;y &#272;o &#272;&#7897; C&#259;ng D&acirc;y &#272;ai h&agrave;ng &#273;&#7847;u t&#7841;i Vi&#7879;t Nam, cam k&#7871;t cung c&#7845;p s&#7843;n ph&#7849;m ch&iacute;nh h&atilde;ng v&#7899;i gi&aacute; c&#7843; c&#7841;nh tranh nh&#7845;t th&#7883; tr&#432;&#7901;ng. V&#7899;i uy t&iacute;n tr&ecirc;n th&#7883; tr&#432;&#7901;ng v&agrave; ch&#7871; &#273;&#7897; h&#7851;u m&atilde;i t&#7889;t, Thi&#7871;t B&#7883; C&ocirc;ng Ngh&#7879; V&#7841;n N&#259;ng &#273;&atilde; nh&#7853;n &#273;&#432;&#7907;c s&#7921; tin t&#432;&#7903;ng t&#7915; kh&aacute;ch h&agrave;ng nh&#7901; v&agrave;o ch&#7845;t l&#432;&#7907;ng h&agrave;ng &#273;&#7847;u c&#7911;a c&aacute;c d&ograve;ng s&#7843;n ph&#7849;m.<br>\nS&#7843;n ph&#7849;m c&#7911;a ch&uacute;ng t&ocirc;i &#273;&#432;&#7907;c ki&#7875;m &#273;&#7883;nh ch&#7845;t l&#432;&#7907;ng, nh&#7853;p kh&#7849;u tr&#7921;c ti&#7871;p t&#7915; nh&agrave; m&aacute;y b&ecirc;n Ch&acirc;u &Acirc;u, M&#7929;, &Uacute;c, Nh&#7853;t B&#7843;n,&hellip; v&agrave; &#273;&aacute;p &#7913;ng nhu c&#7847;u &#273;a d&#7841;ng c&#7911;a th&#7883; tr&#432;&#7901;ng nh&#432;: M&aacute;y &#272;o &#272;&#7897; C&#7913;ng, M&aacute;y SPECTROMAXx, M&aacute;y Ki&#7875;m Tra &#272;&#432;&#7901;ng Gh&eacute;p M&iacute; Lon,&hellip; Ch&uacute;ng t&ocirc;i cam k&#7871;t cung c&#7845;p s&#7843;n ph&#7849;m n&agrave;y tr&ecirc;n to&agrave;n qu&#7889;c v&#7899;i gi&aacute; c&#7843; c&#7841;nh tranh nh&#7845;t.<br>\nCh&uacute;ng t&ocirc;i c&oacute; &#273;&#7897;i ng&#361; chuy&ecirc;n vi&ecirc;n t&#432; v&#7845;n chuy&ecirc;n s&acirc;u s&#7869; h&#7895; tr&#7907; kh&aacute;ch h&agrave;ng v&#7873; chi ti&#7871;t s&#7843;n ph&#7849;m, h&#432;&#7899;ng d&#7851;n s&#7917; d&#7909;ng hay nh&#7919;ng th&#7913; li&ecirc;n quan &#273;&#7871;n v&#7845;n &#273;&#7873; m&agrave; doanh nghi&#7879;p b&#7841;n &#273;ang g&#7863;p ph&#7843;i. Ch&uacute;ng t&ocirc;i s&#7869; cung c&#7845;p nh&#7919;ng gi&#7843;i ph&aacute;p t&#7889;i &#432;u nh&#7845;t!<br>\nNgo&agrave;i ra Thi&#7871;t B&#7883; C&ocirc;ng Ngh&#7879; V&#7841;n N&#259;ng Ch&uacute;ng T&ocirc;i lu&ocirc;n h&#432;&#7899;ng &#273;&#7871;n tr&#7843;i nghi&#7879;m kh&aacute;ch h&agrave;ng, v&igrave; v&#7853;y ch&uacute;ng t&ocirc;i c&oacute; nh&#7919;ng ch&iacute;nh s&aacute;ch b&#7843;o h&agrave;nh, b&#7843;o tr&igrave; &ndash; b&#7843;o d&#432;&#7905;ng, hi&#7879;u chu&#7849;n v&#7899;i t&#7845;t c&#7843; c&aacute;c thi&#7871;t b&#7883;, m&aacute;y m&oacute;c m&agrave; ch&uacute;ng t&ocirc;i cung c&#7845;p. &#272;&#7843;m b&#7843;o mang &#273;&#7871;n cho Kh&aacute;ch h&agrave;ng s&#7921; y&ecirc;n t&acirc;m tuy&#7879;t &#273;&#7889;i v&#7873; d&#7883;ch v&#7909; khi mua h&agrave;ng.<\/p><p>T&#7893;ng K&#7871;t<br>\nM&aacute;y &#272;o L&#7921;c C&#259;ng D&acirc;y &#272;ai PCE-BTM 2000A l&agrave; thi&#7871;t b&#7883; kh&ocirc;ng th&#7875; thi&#7871;u &#273;&#7875; &#273;&#7843;m b&#7843;o ho&#7841;t &#273;&#7897;ng t&#7889;i &#432;u cho c&aacute;c h&#7879; th&#7889;ng truy&#7873;n &#273;&#7897;ng. V&#7899;i c&aacute;c t&iacute;nh n&#259;ng v&#432;&#7907;t tr&#7897;i, thi&#7871;t b&#7883; n&agrave;y gi&uacute;p t&#259;ng &#273;&#7897; ch&iacute;nh x&aacute;c, gi&#7843;m thi&#7875;u r&#7911;i ro v&agrave; t&#7889;i &#432;u h&oacute;a chi ph&iacute; b&#7843;o tr&igrave; cho doanh nghi&#7879;p. H&atilde;y li&ecirc;n h&#7879; ngay v&#7899;i V&#7841;n N&#259;ng Company &#273;&#7875; &#273;&#432;&#7907;c t&#432; v&#7845;n chi ti&#7871;t v&agrave; nh&#7853;n ngay nh&#7919;ng &#432;u &#273;&atilde;i h&#7845;p d&#7851;n th&ocirc;ng qua hotline\/zalo: <a href=\"https:\/\/zalo.me\/0903991335\" target=\"_blank\" rel=\"noopener\" style=\"color: #059669; font-weight: bold; text-decoration: none;\">0903 991 335<\/a> !<\/p><div style=\"background-color: #f8fafc; border: 1px solid #e2e8f0; border-radius: 8px; padding: 25px; max-width: 800px; margin: 30px auto; color: #334155; line-height: 1.8; font-size: 17px; box-shadow: 0 4px 6px -1px rgba(0,0,0,0.05); text-align: left; clear: both;\">\nC&ocirc;ng ty TNHH Th&#432;&#417;ng M&#7841;i D&#7883;ch V&#7909; Thi&#7871;t B&#7883; C&ocirc;ng Ngh&#7879; V&#7841;n N&#259;ng\n<p style=\"margin: 0 0 10px 0;\">&#128205; <strong style=\"color: #1e293b;\">&#272;&#7883;a ch&#7881;:<\/strong> <a style=\"color: #059669; text-decoration: none; font-weight: bold;\" href=\"https:\/\/www.google.com\/maps\/search\/C%C3%B4ng+ty+TNHH+Th%C6%B0%C6%A1ng+M%E1%BA%A1i+D%E1%BB%8Bch+V%E1%BB%A5+Thi%E1%BA%BFt+B%E1%BB%8B+C%C3%B4ng+Ngh%E1%BB%87+V%E1%BA%A1n+N%C4%83ng+818+Tr%C6%B0%E1%BB%9Dng+Chinh\" target=\"_blank\" rel=\"noopener\">818 Tr&#432;&#7901;ng Chinh, Ph&#432;&#7901;ng T&acirc;n S&#417;n, Th&agrave;nh ph&#7889; H&#7891; Ch&iacute; Minh, Vi&#7879;t Nam<\/a><\/p>\n<p style=\"margin: 0 0 10px 0;\">&#128222; <strong style=\"color: #1e293b;\">S&#272;T &ndash; Zalo:<\/strong> <a style=\"color: #059669; text-decoration: none; font-weight: bold;\" href=\"https:\/\/zalo.me\/0903991335\" target=\"_blank\" rel=\"noopener\">0903 991 335<\/a> <span style=\"color: #64748b; font-style: italic;\">(Ms. H&#7841;nh &ndash; Gi&aacute;m &#272;&#7889;c Kinh Doanh)<\/span><\/p>\n<p style=\"margin: 0;\">&#9993;&#65039; <strong style=\"color: #1e293b;\">Email:<\/strong> <a style=\"color: #059669; text-decoration: none; font-weight: bold;\" href=\"mailto:hienhanh@vannangvn.com\">hienhanh@vannangvn.com<\/a><\/p>\n<\/div><\/h1>","protected":false},"excerpt":{"rendered":"<p><strong>Th&#432;&#417;ng hi&#7879;u:<\/strong> M&aacute;y &#272;o &#272;&#7897; C&#259;ng &#272;ai PCE-BTM 2000A l&agrave; c&ocirc;ng c&#7909; &#273;o l&#432;&#7901;ng hi&#7879;n &#273;&#7841;i, mang l&#7841;i kh&#7843; n&#259;ng &#273;o ch&iacute;nh x&aacute;c v&agrave; nhanh ch&oacute;ng &#273;&#7897; c&#259;ng d&acirc;y &#273;ai trong h&#7879; th&#7889;ng truy&#7873;n &#273;&#7897;ng.<br>\n<strong>Model:<\/strong> PCE-BTM 2000A<p>Product <strong>M&Aacute;Y &#272;O &#272;&#7896; C&#258;NG D&Acirc;Y &#272;AI PCE INSTRUMENTS MODEL PCE-BTM 2000A<\/strong> ch&iacute;nh h&atilde;ng. M&aacute;y &#272;o &#272;&#7897; C&#259;ng &#272;ai PCE-BTM 2000A l&agrave; c&ocirc;ng c&#7909; &#273;o l&#432;&#7901;ng hi&#7879;n &#273;&#7841;i, mang l&#7841;i kh&#7843; n&#259;ng &#273;o ch&iacute;nh x&aacute;c v&agrave; nhanh ch&oacute;ng &#273;&#7897; c&#259;ng d&acirc;y &#273;ai trong h&#7879; th&#7889;ng truy&#7873;n &#273;&#7897;ng.<\/p><\/p>","protected":false},"featured_media":10379,"comment_status":"open","ping_status":"closed","template":"","meta":[],"product_brand":[],"product_cat":[18],"product_tag":[103,109,116,181,346,393,573,581,1624,1625],"class_list":{"0":"post-6616","1":"product","2":"type-product","3":"status-publish","4":"has-post-thumbnail","6":"product_cat-chua-phan-loai","7":"product_tag-day","8":"product_tag-may","9":"product_tag-model","10":"product_tag-do","11":"product_tag-pce","12":"product_tag-dai","13":"product_tag-cang","14":"product_tag-instruments","15":"product_tag-pce-btm","16":"product_tag-2000a","18":"first","19":"instock","20":"shipping-taxable","21":"product-type-simple"},"yoast_head":"<!-- This site is optimized with the Yoast SEO Premium plugin v24.8 (Yoast SEO v24.8) - https:\/\/yoast.com\/wordpress\/plugins\/seo\/ -->\n<title>M\u00c1Y \u0110O \u0110\u1ed8 C\u0102NG D\u00c2Y \u0110AI PCE INSTRUME... ch\u00ednh h\u00e3ng | V\u1ea1n N\u0103ng<\/title>\n<meta name=\"description\" content=\"Mua ngay M\u00c1Y \u0110O \u0110\u1ed8 C\u0102NG D\u00c2Y \u0110AI PCE INSTRUMENTS MODEL PCE-BTM 2000A ch\u00ednh h\u00e3ng. Gi\u00e1 t\u1ed1t!\" \/>\n<meta name=\"robots\" content=\"noindex, follow, max-snippet:-1, max-image-preview:large, max-video-preview:-1\" \/>\n<meta property=\"og:locale\" content=\"en_US\" \/>\n<meta property=\"og:type\" content=\"article\" \/>\n<meta property=\"og:title\" content=\"M\u00c1Y \u0110O \u0110\u1ed8 C\u0102NG D\u00c2Y \u0110AI PCE INSTRUMENTS MODEL PCE-BTM 2000A\" \/>\n<meta property=\"og:description\" content=\"Mua ngay M\u00c1Y \u0110O \u0110\u1ed8 C\u0102NG D\u00c2Y \u0110AI PCE INSTRUMENTS MODEL PCE-BTM 2000A ch\u00ednh h\u00e3ng. Gi\u00e1 t\u1ed1t!\" \/>\n<meta property=\"og:url\" content=\"https:\/\/vannangvn.123websitedev.com\/en\/product\/may-do-do-cang-day-dai-pce-instruments-model-pce-btm-2000a\/\" \/>\n<meta property=\"og:site_name\" content=\"Vannang.vn\" \/>\n<meta property=\"article:modified_time\" content=\"2026-03-30T11:24:25+00:00\" \/>\n<meta property=\"og:image\" content=\"http:\/\/vannangvn.123websitedev.com\/wp-content\/uploads\/2026\/03\/PCE-BTM-2000A-NO.1-copy.jpg\" \/>\n\t<meta property=\"og:image:width\" content=\"768\" \/>\n\t<meta property=\"og:image:height\" content=\"576\" \/>\n\t<meta property=\"og:image:type\" content=\"image\/jpeg\" \/>\n<meta name=\"twitter:card\" content=\"summary_large_image\" \/>\n<meta name=\"twitter:label1\" content=\"Est. reading time\" \/>\n\t<meta name=\"twitter:data1\" content=\"9 minutes\" \/>\n<script type=\"application\/ld+json\" class=\"yoast-schema-graph\">{\"@context\":\"https:\/\/schema.org\",\"@graph\":[{\"@type\":\"WebPage\",\"@id\":\"https:\/\/vannangvn.123websitedev.com\/san-pham\/may-do-do-cang-day-dai-pce-instruments-model-pce-btm-2000a\/\",\"url\":\"https:\/\/vannangvn.123websitedev.com\/san-pham\/may-do-do-cang-day-dai-pce-instruments-model-pce-btm-2000a\/\",\"name\":\"M\u00c1Y \u0110O \u0110\u1ed8 C\u0102NG D\u00c2Y \u0110AI PCE INSTRUME... ch\u00ednh h\u00e3ng | V\u1ea1n N\u0103ng\",\"isPartOf\":{\"@id\":\"https:\/\/vannangvn.123websitedev.com\/#website\"},\"primaryImageOfPage\":{\"@id\":\"https:\/\/vannangvn.123websitedev.com\/san-pham\/may-do-do-cang-day-dai-pce-instruments-model-pce-btm-2000a\/#primaryimage\"},\"image\":{\"@id\":\"https:\/\/vannangvn.123websitedev.com\/san-pham\/may-do-do-cang-day-dai-pce-instruments-model-pce-btm-2000a\/#primaryimage\"},\"thumbnailUrl\":\"https:\/\/vannangvn.123websitedev.com\/wp-content\/uploads\/2026\/03\/PCE-BTM-2000A-NO.1-copy.jpg\",\"datePublished\":\"2026-03-20T10:33:09+00:00\",\"dateModified\":\"2026-03-30T11:24:25+00:00\",\"description\":\"Mua ngay M\u00c1Y \u0110O \u0110\u1ed8 C\u0102NG D\u00c2Y \u0110AI PCE INSTRUMENTS MODEL PCE-BTM 2000A ch\u00ednh h\u00e3ng. Gi\u00e1 t\u1ed1t!\",\"breadcrumb\":{\"@id\":\"https:\/\/vannangvn.123websitedev.com\/san-pham\/may-do-do-cang-day-dai-pce-instruments-model-pce-btm-2000a\/#breadcrumb\"},\"inLanguage\":\"en-US\",\"potentialAction\":[{\"@type\":\"ReadAction\",\"target\":[\"https:\/\/vannangvn.123websitedev.com\/san-pham\/may-do-do-cang-day-dai-pce-instruments-model-pce-btm-2000a\/\"]}]},{\"@type\":\"ImageObject\",\"inLanguage\":\"en-US\",\"@id\":\"https:\/\/vannangvn.123websitedev.com\/san-pham\/may-do-do-cang-day-dai-pce-instruments-model-pce-btm-2000a\/#primaryimage\",\"url\":\"https:\/\/vannangvn.123websitedev.com\/wp-content\/uploads\/2026\/03\/PCE-BTM-2000A-NO.1-copy.jpg\",\"contentUrl\":\"https:\/\/vannangvn.123websitedev.com\/wp-content\/uploads\/2026\/03\/PCE-BTM-2000A-NO.1-copy.jpg\",\"width\":768,\"height\":576},{\"@type\":\"BreadcrumbList\",\"@id\":\"https:\/\/vannangvn.123websitedev.com\/san-pham\/may-do-do-cang-day-dai-pce-instruments-model-pce-btm-2000a\/#breadcrumb\",\"itemListElement\":[{\"@type\":\"ListItem\",\"position\":1,\"name\":\"Trang ch\u1ee7\",\"item\":\"https:\/\/vannangvn.123websitedev.com\/\"},{\"@type\":\"ListItem\",\"position\":2,\"name\":\"S\u1ea3n ph\u1ea9m\",\"item\":\"https:\/\/vannangvn.123websitedev.com\/cua-hang\/\"},{\"@type\":\"ListItem\",\"position\":3,\"name\":\"M\u00c1Y \u0110O \u0110\u1ed8 C\u0102NG D\u00c2Y \u0110AI PCE INSTRUMENTS MODEL PCE-BTM 2000A\"}]},{\"@type\":\"WebSite\",\"@id\":\"https:\/\/vannangvn.123websitedev.com\/#website\",\"url\":\"https:\/\/vannangvn.123websitedev.com\/\",\"name\":\"Vannang.vn\",\"description\":\"\",\"publisher\":{\"@id\":\"https:\/\/vannangvn.123websitedev.com\/#organization\"},\"potentialAction\":[{\"@type\":\"SearchAction\",\"target\":{\"@type\":\"EntryPoint\",\"urlTemplate\":\"https:\/\/vannangvn.123websitedev.com\/?s={search_term_string}\"},\"query-input\":{\"@type\":\"PropertyValueSpecification\",\"valueRequired\":true,\"valueName\":\"search_term_string\"}}],\"inLanguage\":\"en-US\"},{\"@type\":\"Organization\",\"@id\":\"https:\/\/vannangvn.123websitedev.com\/#organization\",\"name\":\"Vannang.vn\",\"url\":\"https:\/\/vannangvn.123websitedev.com\/\",\"logo\":{\"@type\":\"ImageObject\",\"inLanguage\":\"en-US\",\"@id\":\"https:\/\/vannangvn.123websitedev.com\/#\/schema\/logo\/image\/\",\"url\":\"https:\/\/vannangvn.123websitedev.com\/wp-content\/uploads\/2026\/02\/logo-van-nang-02.png\",\"contentUrl\":\"https:\/\/vannangvn.123websitedev.com\/wp-content\/uploads\/2026\/02\/logo-van-nang-02.png\",\"width\":448,\"height\":111,\"caption\":\"Vannang.vn\"},\"image\":{\"@id\":\"https:\/\/vannangvn.123websitedev.com\/#\/schema\/logo\/image\/\"}}]}<\/script>\n<!-- \/ Yoast SEO Premium plugin. -->","yoast_head_json":{"title":"M\u00c1Y \u0110O \u0110\u1ed8 C\u0102NG D\u00c2Y \u0110AI PCE INSTRUME... ch\u00ednh h\u00e3ng | V\u1ea1n N\u0103ng","description":"Mua ngay M\u00c1Y \u0110O \u0110\u1ed8 C\u0102NG D\u00c2Y \u0110AI PCE INSTRUMENTS MODEL PCE-BTM 2000A ch\u00ednh h\u00e3ng. Gi\u00e1 t\u1ed1t!","robots":{"index":"noindex","follow":"follow","max-snippet":"max-snippet:-1","max-image-preview":"max-image-preview:large","max-video-preview":"max-video-preview:-1"},"og_locale":"en_US","og_type":"article","og_title":"M\u00c1Y \u0110O \u0110\u1ed8 C\u0102NG D\u00c2Y \u0110AI PCE INSTRUMENTS MODEL PCE-BTM 2000A","og_description":"Mua ngay M\u00c1Y \u0110O \u0110\u1ed8 C\u0102NG D\u00c2Y \u0110AI PCE INSTRUMENTS MODEL PCE-BTM 2000A ch\u00ednh h\u00e3ng. Gi\u00e1 t\u1ed1t!","og_url":"https:\/\/vannangvn.123websitedev.com\/en\/product\/may-do-do-cang-day-dai-pce-instruments-model-pce-btm-2000a\/","og_site_name":"Vannang.vn","article_modified_time":"2026-03-30T11:24:25+00:00","og_image":[{"width":768,"height":576,"url":"http:\/\/vannangvn.123websitedev.com\/wp-content\/uploads\/2026\/03\/PCE-BTM-2000A-NO.1-copy.jpg","type":"image\/jpeg"}],"twitter_card":"summary_large_image","twitter_misc":{"Est. reading time":"9 minutes"},"schema":{"@context":"https:\/\/schema.org","@graph":[{"@type":"WebPage","@id":"https:\/\/vannangvn.123websitedev.com\/san-pham\/may-do-do-cang-day-dai-pce-instruments-model-pce-btm-2000a\/","url":"https:\/\/vannangvn.123websitedev.com\/san-pham\/may-do-do-cang-day-dai-pce-instruments-model-pce-btm-2000a\/","name":"M\u00c1Y \u0110O \u0110\u1ed8 C\u0102NG D\u00c2Y \u0110AI PCE INSTRUME... ch\u00ednh h\u00e3ng | V\u1ea1n N\u0103ng","isPartOf":{"@id":"https:\/\/vannangvn.123websitedev.com\/#website"},"primaryImageOfPage":{"@id":"https:\/\/vannangvn.123websitedev.com\/san-pham\/may-do-do-cang-day-dai-pce-instruments-model-pce-btm-2000a\/#primaryimage"},"image":{"@id":"https:\/\/vannangvn.123websitedev.com\/san-pham\/may-do-do-cang-day-dai-pce-instruments-model-pce-btm-2000a\/#primaryimage"},"thumbnailUrl":"https:\/\/vannangvn.123websitedev.com\/wp-content\/uploads\/2026\/03\/PCE-BTM-2000A-NO.1-copy.jpg","datePublished":"2026-03-20T10:33:09+00:00","dateModified":"2026-03-30T11:24:25+00:00","description":"Mua ngay M\u00c1Y \u0110O \u0110\u1ed8 C\u0102NG D\u00c2Y \u0110AI PCE INSTRUMENTS MODEL PCE-BTM 2000A ch\u00ednh h\u00e3ng. Gi\u00e1 t\u1ed1t!","breadcrumb":{"@id":"https:\/\/vannangvn.123websitedev.com\/san-pham\/may-do-do-cang-day-dai-pce-instruments-model-pce-btm-2000a\/#breadcrumb"},"inLanguage":"en-US","potentialAction":[{"@type":"ReadAction","target":["https:\/\/vannangvn.123websitedev.com\/san-pham\/may-do-do-cang-day-dai-pce-instruments-model-pce-btm-2000a\/"]}]},{"@type":"ImageObject","inLanguage":"en-US","@id":"https:\/\/vannangvn.123websitedev.com\/san-pham\/may-do-do-cang-day-dai-pce-instruments-model-pce-btm-2000a\/#primaryimage","url":"https:\/\/vannangvn.123websitedev.com\/wp-content\/uploads\/2026\/03\/PCE-BTM-2000A-NO.1-copy.jpg","contentUrl":"https:\/\/vannangvn.123websitedev.com\/wp-content\/uploads\/2026\/03\/PCE-BTM-2000A-NO.1-copy.jpg","width":768,"height":576},{"@type":"BreadcrumbList","@id":"https:\/\/vannangvn.123websitedev.com\/san-pham\/may-do-do-cang-day-dai-pce-instruments-model-pce-btm-2000a\/#breadcrumb","itemListElement":[{"@type":"ListItem","position":1,"name":"Trang ch\u1ee7","item":"https:\/\/vannangvn.123websitedev.com\/"},{"@type":"ListItem","position":2,"name":"S\u1ea3n ph\u1ea9m","item":"https:\/\/vannangvn.123websitedev.com\/cua-hang\/"},{"@type":"ListItem","position":3,"name":"M\u00c1Y \u0110O \u0110\u1ed8 C\u0102NG D\u00c2Y \u0110AI PCE INSTRUMENTS MODEL PCE-BTM 2000A"}]},{"@type":"WebSite","@id":"https:\/\/vannangvn.123websitedev.com\/#website","url":"https:\/\/vannangvn.123websitedev.com\/","name":"Vannang.vn","description":"","publisher":{"@id":"https:\/\/vannangvn.123websitedev.com\/#organization"},"potentialAction":[{"@type":"SearchAction","target":{"@type":"EntryPoint","urlTemplate":"https:\/\/vannangvn.123websitedev.com\/?s={search_term_string}"},"query-input":{"@type":"PropertyValueSpecification","valueRequired":true,"valueName":"search_term_string"}}],"inLanguage":"en-US"},{"@type":"Organization","@id":"https:\/\/vannangvn.123websitedev.com\/#organization","name":"Vannang.vn","url":"https:\/\/vannangvn.123websitedev.com\/","logo":{"@type":"ImageObject","inLanguage":"en-US","@id":"https:\/\/vannangvn.123websitedev.com\/#\/schema\/logo\/image\/","url":"https:\/\/vannangvn.123websitedev.com\/wp-content\/uploads\/2026\/02\/logo-van-nang-02.png","contentUrl":"https:\/\/vannangvn.123websitedev.com\/wp-content\/uploads\/2026\/02\/logo-van-nang-02.png","width":448,"height":111,"caption":"Vannang.vn"},"image":{"@id":"https:\/\/vannangvn.123websitedev.com\/#\/schema\/logo\/image\/"}}]}},"_links":{"self":[{"href":"https:\/\/vannangvn.123websitedev.com\/en\/wp-json\/wp\/v2\/product\/6616","targetHints":{"allow":["GET"]}}],"collection":[{"href":"https:\/\/vannangvn.123websitedev.com\/en\/wp-json\/wp\/v2\/product"}],"about":[{"href":"https:\/\/vannangvn.123websitedev.com\/en\/wp-json\/wp\/v2\/types\/product"}],"replies":[{"embeddable":true,"href":"https:\/\/vannangvn.123websitedev.com\/en\/wp-json\/wp\/v2\/comments?post=6616"}],"wp:featuredmedia":[{"embeddable":true,"href":"https:\/\/vannangvn.123websitedev.com\/en\/wp-json\/wp\/v2\/media\/10379"}],"wp:attachment":[{"href":"https:\/\/vannangvn.123websitedev.com\/en\/wp-json\/wp\/v2\/media?parent=6616"}],"wp:term":[{"taxonomy":"product_brand","embeddable":true,"href":"https:\/\/vannangvn.123websitedev.com\/en\/wp-json\/wp\/v2\/product_brand?post=6616"},{"taxonomy":"product_cat","embeddable":true,"href":"https:\/\/vannangvn.123websitedev.com\/en\/wp-json\/wp\/v2\/product_cat?post=6616"},{"taxonomy":"product_tag","embeddable":true,"href":"https:\/\/vannangvn.123websitedev.com\/en\/wp-json\/wp\/v2\/product_tag?post=6616"}],"curies":[{"name":"wp","href":"https:\/\/api.w.org\/{rel}","templated":true}]}}