{"id":6622,"date":"2026-03-20T17:33:15","date_gmt":"2026-03-20T10:33:15","guid":{"rendered":"https:\/\/vannangvn.123websitedev.com\/san-pham\/may-do-do-cung-brinell-mikrosize-model-ubrin-3000e\/"},"modified":"2026-03-30T18:24:34","modified_gmt":"2026-03-30T11:24:34","slug":"may-do-do-cung-brinell-mikrosize-model-ubrin-3000e","status":"publish","type":"product","link":"https:\/\/vannangvn.123websitedev.com\/en\/product\/may-do-do-cung-brinell-mikrosize-model-ubrin-3000e\/","title":{"rendered":"M\u00c1Y \u0110O \u0110\u1ed8 C\u1ee8NG BRINELL MIKROSIZE MODEL UBRIN-3000E"},"content":{"rendered":"<h1 style=\"color: red; font-weight: bold; font-size: 24px;\">T&#7893;ng quan s&#7843;n ph&#7849;m M&Aacute;Y &#272;O &#272;&#7896; C&#7912;NG BRINELL MIKROSIZE MODEL UBRIN-3000E<p>M&aacute;y &#272;o &#272;&#7897; C&#7913;ng Brinell (Electronic Touch Screen Brinell Hardness Tester) Mikrosize uBrin-3000E<br>\nThi&#7871;t B&#7883; Ki&#7875;m Tra &#272;&#7897; C&#7913;ng Brinell uBrin-3000E, kh&ocirc;ng ch&#7881; l&agrave; m&#7897;t c&ocirc;ng c&#7909; &#273;o l&#432;&#7901;ng m&agrave; c&ograve;n l&agrave; m&#7897;t &#273;&#7889;i t&aacute;c &#273;&aacute;ng tin c&#7853;y cho c&aacute;c &#7913;ng d&#7909;ng c&ocirc;ng nghi&#7879;p &#273;&ograve;i h&#7887;i s&#7921; ch&iacute;nh x&aacute;c v&agrave; hi&#7879;u su&#7845;t &#273;&#7871;n t&#7915; h&atilde;ng l&#7899;n Mikrosize. H&atilde;y c&ugrave;ng V&#7841;n N&#259;ng t&igrave;m hi&#7875;u chi ti&#7871;t s&#7843;n ph&#7849;m th&ocirc;ng qua b&agrave;i vi&#7871;t d&#432;&#7899;i &#273;&acirc;y nh&eacute;!<\/p><p>&#272;&#7863;c Tr&#432;ng C&#7911;a uBrin-3000E<\/p><h2 style=\"color: #2e7d32; font-weight: bold; font-size: 20px;\">uBrin-3000E c&oacute; nh&#7919;ng t&iacute;nh n&#259;ng n&#7893;i b&#7853;t sau:<\/h2><p>&#272;i&#7873;u Khi&#7875;n V&ograve;ng L&#7863;p &#272;&oacute;ng: &#272;&#7843;m b&#7843;o &#273;&#7897; ch&iacute;nh x&aacute;c cao v&#7899;i h&#7879; th&#7889;ng &#273;i&#7873;u khi&#7875;n v&ograve;ng l&#7863;p &#273;&oacute;ng v&agrave; c&#7843;m bi&#7871;n t&#7843;i t&#7915; 62.5kgf &#273;&#7871;n 3000kgf.<br>\nK&iacute;nh Hi&#7875;n Vi &#272;o Brinell 20x &#272;i K&egrave;m: Cho ph&eacute;p &#273;o k&iacute;ch th&#432;&#7899;c l&#7895; khoan Brinell m&#7897;t c&aacute;ch ch&iacute;nh x&aacute;c.<br>\nT&#7921; &#272;&#7897;ng T&#7843;i Tr&#7885;ng &ndash; L&#432;u &ndash; Gi&#7843;m T&#7843;i: Th&#7921;c hi&#7879;n qu&aacute; tr&igrave;nh ki&#7875;m tra t&#7921; &#273;&#7897;ng t&#7915; t&#7843;i tr&#7885;ng, l&#432;u &#273;&#7897; l&#7921;c v&agrave; gi&#7843;m t&#7843;i.<br>\nPh&#432;&#417;ng Ph&aacute;p &#272;o &#272;&#7897; S&acirc;u: X&aacute;c &#273;&#7883;nh nhanh &#273;&#7897; c&#7913;ng v&agrave; hi&#7875;n th&#7883; gi&aacute; tr&#7883; tr&ecirc;n m&agrave;n h&igrave;nh c&#7843;m &#7913;ng sau khi khoan l&#7895;.<br>\n&#272;&#7897; Ch&iacute;nh X&aacute;c L&#7921;c Th&#7917;: &#272;&#7841;t &#273;&#7897; ch&iacute;nh x&aacute;c cao, ph&ugrave; h&#7907;p v&#7899;i c&aacute;c ti&ecirc;u chu&#7849;n ASTM E-10-08 v&agrave; GB\/T231.2.<br>\nT&iacute;nh N&#259;ng T&iacute;nh To&aacute;n Gi&aacute; Tr&#7883; &#272;&#7897; C&#7913;ng T&#7921; &#272;&#7897;ng: T&iacute;ch h&#7907;p h&#7879; th&#7889;ng t&iacute;nh to&aacute;n gi&aacute; tr&#7883; &#273;&#7897; c&#7913;ng, ti&#7871;t ki&#7879;m th&#7901;i gian v&agrave; c&ocirc;ng s&#7913;c.<\/p><h2 style=\"color: #0073aa; font-weight: bold; font-size: 20px;\">Chi Ti&#7871;t Th&ocirc;ng S&#7889;<\/h2><p>L&#7921;c Ki&#7875;m Tra: &#272;a d&#7841;ng t&#7915; 62.5kgf &#273;&#7871;n 3000kgf, &#273;&#7843;m b&#7843;o t&iacute;nh linh ho&#7841;t cho c&aacute;c &#7913;ng d&#7909;ng ki&#7875;m tra kh&aacute;c nhau.<br>\nQuy M&ocirc;: HBW2.5\/62.5 &#273;&#7871;n HBW10\/3000, bao g&#7891;m c&#7843; nh&#7919;ng l&#7921;c ki&#7875;m tra nh&#7887; nh&#7845;t v&agrave; l&#7899;n nh&#7845;t cho c&aacute;c lo&#7841;i v&#7853;t li&#7879;u &#273;a d&#7841;ng.<br>\n&#272;&#7897; Ch&iacute;nh X&aacute;c L&#7921;c Th&#7917;: &#272;&#7841;t &le;1% (62.5 ~ 250Kgf) v&agrave; &le;0.5% (500 ~ 3000Kgf), cung c&#7845;p k&#7871;t qu&#7843; &#273;o ch&iacute;nh x&aacute;c v&agrave; &#273;&aacute;ng tin c&#7853;y.<br>\nK&iacute;nh Hi&#7875;n Vi &#272;&#7885;c S&#7889;: &#272;&#7897; ph&oacute;ng &#273;&#7841;i 20X, &#273;&#7897; ph&acirc;n gi&#7843;i 0.01 mm, gi&uacute;p &#273;o k&iacute;ch th&#432;&#7899;c l&#7895; khoan Brinell m&#7897;t c&aacute;ch ch&iacute;nh x&aacute;c v&agrave; d&#7877; d&agrave;ng.<br>\nPh&#432;&#417;ng Ph&aacute;p T&#7843;i Tr&#7885;ng: T&#7921; &#273;&#7897;ng (Loading, Dwelling, Unloading), t&#259;ng t&iacute;nh ti&#7879;n l&#7907;i v&agrave; t&#7921; &#273;&#7897;ng h&oacute;a trong qu&aacute; tr&igrave;nh ki&#7875;m tra.<br>\nTh&#7901;i Gian D&#7915;ng L&#432;u: Cho ph&eacute;p c&agrave;i &#273;&#7863;t linh ho&#7841;t t&#7915; 1 &#273;&#7871;n 99 gi&acirc;y, &#273;i&#7873;u ch&#7881;nh th&#7901;i gian d&#7915;ng l&#432;u ph&ugrave; h&#7907;p v&#7899;i t&#7915;ng lo&#7841;i m&#7851;u ki&#7875;m tra.<\/p><h2 style=\"color: #0073aa; font-weight: bold; font-size: 20px;\">&#272;&#7897; Ph&acirc;n Gi&#7843;i &#272;&#7897; C&#7913;ng: 0.1 HBW, &#273;o l&#432;&#7901;ng ch&iacute;nh x&aacute;c v&agrave; chi ti&#7871;t v&#7873; &#273;&#7897; c&#7913;ng c&#7911;a c&aacute;c v&#7853;t li&#7879;u.<\/h2><p>D&#7843;i Ki&#7875;m Tra &#272;&#7897; C&#7913;ng: T&#7915; 3.18 &#273;&#7871;n 653 HBW, cho ph&eacute;p ki&#7875;m tra &#273;&#7897; c&#7913;ng c&#7911;a nhi&#7873;u lo&#7841;i v&#7853;t li&#7879;u kh&aacute;c nhau.<br>\nNgu&#7891;n Cung C&#7845;p: AC220V+5%, 50-60Hz, &#273;&#7843;m b&#7843;o t&iacute;nh &#7893;n &#273;&#7883;nh v&agrave; &#273;&aacute;ng tin c&#7853;y c&#7911;a m&aacute;y trong qu&aacute; tr&igrave;nh s&#7917; d&#7909;ng.<br>\nHi&#7875;n Th&#7883;: M&agrave;n h&igrave;nh c&#7843;m &#7913;ng LCD v&#7899;i thi&#7871;t k&#7871; hi&#7879;n &#273;&#7841;i v&agrave; c&#7845;u tr&uacute;c menu &#273;&#417;n gi&#7843;n, d&#7877; d&agrave;ng v&#7853;n h&agrave;nh.<br>\nK&iacute;ch Th&#432;&#7899;c: M&aacute;y (540190750mm), C&#7843; Th&ugrave;ng (730450980mm), thi&#7871;t k&#7871; nh&#7887; g&#7885;n v&agrave; ti&#7879;n l&#7907;i cho vi&#7879;c di chuy&#7875;n v&agrave; l&#432;u tr&#7919;.<br>\nTr&#7885;ng L&#432;&#7907;ng: M&aacute;y-100kg, C&#7843; Th&ugrave;ng-130kg, &#273;&aacute;p &#7913;ng c&aacute;c y&ecirc;u c&#7847;u v&#7873; &#273;&#7897; b&#7873;n v&agrave; &#7893;n &#273;&#7883;nh c&#7911;a thi&#7871;t b&#7883;.<br>\nTi&ecirc;u Chu&#7849;n: BSEN 6506, ISO 6506, ASTM E10, GB\/T231, &#273;&#7843;m b&#7843;o t&iacute;nh chu&#7849;n x&aacute;c v&agrave; th&#7889;ng nh&#7845;t v&#7873; quy tr&igrave;nh ki&#7875;m tra.<\/p><p>&#7912;ng D&#7909;ng C&#7911;a uBrin-3000E<br>\nM&aacute;y Ki&#7875;m Tra &#272;&#7897; C&#7913;ng Brinell uBrin-3000E &#273;&#432;&#7907;c s&#7917; d&#7909;ng r&#7897;ng r&atilde;i trong c&aacute;c l&#297;nh v&#7921;c sau:<\/p><p>Ki&#7875;m so&aacute;t ch&#7845;t l&#432;&#7907;ng trong s&#7843;n xu&#7845;t c&ocirc;ng nghi&#7879;p (c&aacute;c nh&agrave; m&aacute;y ch&#7871; t&#7841;o m&aacute;y m&oacute;c, luy&#7879;n kim, vv.).<br>\nNghi&ecirc;n c&#7913;u v&agrave; ki&#7875;m tra t&#7841;i c&aacute;c c&#417; quan ki&#7875;m &#273;&#7883;nh v&agrave; ph&ograve;ng th&iacute; nghi&#7879;m c&#7911;a c&aacute;c tr&#432;&#7901;ng &#273;&#7841;i h&#7885;c.<br>\nKi&#7875;m tra &#273;&#7897; c&#7913;ng c&#7911;a c&aacute;c lo&#7841;i kim lo&#7841;i s&#7855;t v&agrave; kh&ocirc;ng s&#7855;t, th&eacute;p c&#7913;ng, th&eacute;p &#273;&atilde; &#273;&#432;&#7907;c l&agrave;m m&#7873;m, th&eacute;p &#273;&atilde; &#273;&#432;&#7907;c l&agrave;m c&#7913;ng l&#7841;i, t&#7845;m th&eacute;p &#273;a d&#7841;ng &#273;&#7897; d&agrave;y, v&#7853;t li&#7879;u h&#7907;p kim b&#7897;t, vv.<\/p><p>B&#7897; S&#7843;n Ph&#7849;m Bao G&#7891;m<\/p><p>Item<br>\nQuantity<br>\nItem<br>\nQuantity<\/p><p>BRM-3 Reading microscope with light source<br>\n1 pc<br>\n&Phi;200mm test anvil<br>\n1 pc<\/p><p>Brinell Ball Indentor &Phi;2.5mm<br>\n1 pc<br>\n&Phi;60mm test anvil<br>\n1 pc<\/p><p>Brinell Ball Indentor &Phi;5mm<br>\n1 pc<br>\n&Phi;80mm V-shaped test anvil<br>\n1 pc<\/p><p>Brinell Ball Indentor &Phi;10mm<br>\n1 pc<br>\nProduct qualification certificate<br>\n1 Copy<\/p><p>Brinell Hardness Block HBW10\/3000<br>\n1 pc<br>\nWarranty card<br>\n1 Copy<\/p><p>Brinell Hardness Block HBW10\/1000<br>\n1 pc<br>\nInstruction manual<br>\n1 Copy<\/p><p>Brinell Hardness Block HBW2.5\/187.5<br>\n1 pc<br>\nPower cord\/ Dust proof cover<br>\nEach 1 pc<\/p><p>uVision-PB Portable Automatic Brinell Hardness Measurement System (without computer) ( uBrin-3000EV)<br>\n1 pc<br>\nTouch screen pen \/ Fuses 2A<br>\n1 pc<\/p><p>Nh&#7919;ng L&yacute; Do N&ecirc;n Mua M&aacute;y &#272;o &#272;&#7897; C&#7913;ng T&#7841;i Thi&#7871;t B&#7883; C&ocirc;ng Ngh&#7879; V&#7841;n N&#259;ng<\/p><p>C&ocirc;ng ty Thi&#7871;t B&#7883; C&ocirc;ng Ngh&#7879; V&#7841;n N&#259;ng l&agrave; &#273;&#7889;i t&aacute;c ch&iacute;nh th&#7913;c ph&acirc;n ph&#7889;i M&aacute;y &#272;o &#272;&#7897; C&#7913;ng h&agrave;ng &#273;&#7847;u t&#7841;i Vi&#7879;t Nam, cam k&#7871;t cung c&#7845;p s&#7843;n ph&#7849;m ch&iacute;nh h&atilde;ng v&#7899;i gi&aacute; c&#7843; c&#7841;nh tranh nh&#7845;t th&#7883; tr&#432;&#7901;ng. V&#7899;i uy t&iacute;n tr&ecirc;n th&#7883; tr&#432;&#7901;ng v&agrave; ch&#7871; &#273;&#7897; h&#7851;u m&atilde;i t&#7889;t, Thi&#7871;t B&#7883; C&ocirc;ng Ngh&#7879; V&#7841;n N&#259;ng &#273;&atilde; nh&#7853;n &#273;&#432;&#7907;c s&#7921; tin t&#432;&#7903;ng t&#7915; kh&aacute;ch h&agrave;ng nh&#7901; v&agrave;o ch&#7845;t l&#432;&#7907;ng h&agrave;ng &#273;&#7847;u c&#7911;a c&aacute;c d&ograve;ng s&#7843;n ph&#7849;m.<br>\nS&#7843;n ph&#7849;m c&#7911;a ch&uacute;ng t&ocirc;i &#273;&#432;&#7907;c ki&#7875;m &#273;&#7883;nh ch&#7845;t l&#432;&#7907;ng, nh&#7853;p kh&#7849;u tr&#7921;c ti&#7871;p t&#7915; nh&agrave; m&aacute;y b&ecirc;n Ch&acirc;u &Acirc;u, M&#7929;, &Uacute;c, Nh&#7853;t B&#7843;n,&hellip; v&agrave; &#273;&aacute;p &#7913;ng nhu c&#7847;u &#273;a d&#7841;ng c&#7911;a th&#7883; tr&#432;&#7901;ng nh&#432;: M&aacute;y &#272;o &#272;&#7897; C&#7913;ng, M&aacute;y SPECTROMAXx, M&aacute;y Ki&#7875;m Tra &#272;&#7897; B&#7873;n S&#417;n,&hellip; Ch&uacute;ng t&ocirc;i cam k&#7871;t cung c&#7845;p s&#7843;n ph&#7849;m n&agrave;y tr&ecirc;n to&agrave;n qu&#7889;c v&#7899;i gi&aacute; c&#7843; c&#7841;nh tranh nh&#7845;t.<br>\nCh&uacute;ng t&ocirc;i c&oacute; &#273;&#7897;i ng&#361; chuy&ecirc;n vi&ecirc;n t&#432; v&#7845;n chuy&ecirc;n s&acirc;u s&#7869; h&#7895; tr&#7907; kh&aacute;ch h&agrave;ng v&#7873; chi ti&#7871;t s&#7843;n ph&#7849;m, h&#432;&#7899;ng d&#7851;n s&#7917; d&#7909;ng hay nh&#7919;ng th&#7913; li&ecirc;n quan &#273;&#7871;n v&#7845;n &#273;&#7873; m&agrave; doanh nghi&#7879;p b&#7841;n &#273;ang g&#7863;p ph&#7843;i. Ch&uacute;ng t&ocirc;i s&#7869; cung c&#7845;p nh&#7919;ng gi&#7843;i ph&aacute;p t&#7889;i &#432;u nh&#7845;t!<br>\nNgo&agrave;i ra Thi&#7871;t B&#7883; C&ocirc;ng Ngh&#7879; V&#7841;n N&#259;ng Ch&uacute;ng T&ocirc;i lu&ocirc;n h&#432;&#7899;ng &#273;&#7871;n tr&#7843;i nghi&#7879;m kh&aacute;ch h&agrave;ng, v&igrave; v&#7853;y ch&uacute;ng t&ocirc;i c&oacute; nh&#7919;ng ch&iacute;nh s&aacute;ch b&#7843;o h&agrave;nh, b&#7843;o tr&igrave; &ndash; b&#7843;o d&#432;&#7905;ng, hi&#7879;u chu&#7849;n v&#7899;i t&#7845;t c&#7843; c&aacute;c thi&#7871;t b&#7883;, m&aacute;y m&oacute;c m&agrave; ch&uacute;ng t&ocirc;i cung c&#7845;p. &#272;&#7843;m b&#7843;o mang &#273;&#7871;n cho Kh&aacute;ch h&agrave;ng s&#7921; y&ecirc;n t&acirc;m tuy&#7879;t &#273;&#7889;i v&#7873; d&#7883;ch v&#7909; khi mua h&agrave;ng.<\/p><p>T&#7893;ng K&#7871;t<br>\nM&aacute;y Ki&#7875;m Tra &#272;&#7897; C&#7913;ng Brinell uBrin-3000E l&agrave; m&#7897;t gi&#7843;i ph&aacute;p chuy&ecirc;n nghi&#7879;p v&agrave; ti&ecirc;n ti&#7871;n cho c&aacute;c &#7913;ng d&#7909;ng ki&#7875;m tra &#273;&#7897; c&#7913;ng v&#7853;t li&#7879;u trong ng&agrave;nh c&ocirc;ng nghi&#7879;p v&agrave; nghi&ecirc;n c&#7913;u khoa h&#7885;c. H&atilde;y li&ecirc;n h&#7879; v&#7899;i V&#7841;n N&#259;ng Company &#273;&#7875; &#273;&#432;&#7907;c t&#432; v&#7845;n chuy&ecirc;n s&acirc;u v&agrave; nh&#7853;n ngay m&#7913;c gi&aacute; h&#7845;p d&#7851;n nh&#7845;t qua hotline\/zalo: <a href=\"https:\/\/zalo.me\/0903991335\" target=\"_blank\" rel=\"noopener\" style=\"color: #059669; font-weight: bold; text-decoration: none;\">0903 991 335<\/a>!<\/p><div style=\"background-color: #f8fafc; border: 1px solid #e2e8f0; border-radius: 8px; padding: 25px; max-width: 800px; margin: 30px auto; color: #334155; line-height: 1.8; font-size: 17px; box-shadow: 0 4px 6px -1px rgba(0,0,0,0.05); text-align: left; clear: both;\">\nC&ocirc;ng ty TNHH Th&#432;&#417;ng M&#7841;i D&#7883;ch V&#7909; Thi&#7871;t B&#7883; C&ocirc;ng Ngh&#7879; V&#7841;n N&#259;ng\n<p style=\"margin: 0 0 10px 0;\">&#128205; <strong style=\"color: #1e293b;\">&#272;&#7883;a ch&#7881;:<\/strong> <a style=\"color: #059669; text-decoration: none; font-weight: bold;\" href=\"https:\/\/www.google.com\/maps\/search\/C%C3%B4ng+ty+TNHH+Th%C6%B0%C6%A1ng+M%E1%BA%A1i+D%E1%BB%8Bch+V%E1%BB%A5+Thi%E1%BA%BFt+B%E1%BB%8B+C%C3%B4ng+Ngh%E1%BB%87+V%E1%BA%A1n+N%C4%83ng+818+Tr%C6%B0%E1%BB%9Dng+Chinh\" target=\"_blank\" rel=\"noopener\">818 Tr&#432;&#7901;ng Chinh, Ph&#432;&#7901;ng T&acirc;n S&#417;n, Th&agrave;nh ph&#7889; H&#7891; Ch&iacute; Minh, Vi&#7879;t Nam<\/a><\/p>\n<p style=\"margin: 0 0 10px 0;\">&#128222; <strong style=\"color: #1e293b;\">S&#272;T &ndash; Zalo:<\/strong> <a style=\"color: #059669; text-decoration: none; font-weight: bold;\" href=\"https:\/\/zalo.me\/0903991335\" target=\"_blank\" rel=\"noopener\">0903 991 335<\/a> <span style=\"color: #64748b; font-style: italic;\">(Ms. H&#7841;nh &ndash; Gi&aacute;m &#272;&#7889;c Kinh Doanh)<\/span><\/p>\n<p style=\"margin: 0;\">&#9993;&#65039; <strong style=\"color: #1e293b;\">Email:<\/strong> <a style=\"color: #059669; text-decoration: none; font-weight: bold;\" href=\"mailto:hienhanh@vannangvn.com\">hienhanh@vannangvn.com<\/a><\/p>\n<\/div><\/h1>","protected":false},"excerpt":{"rendered":"<p><strong>Th&#432;&#417;ng hi&#7879;u:<\/strong> OEM<br>\n<strong>Model:<\/strong> uBrin-3000E<p>Product <strong>M&Aacute;Y &#272;O &#272;&#7896; C&#7912;NG BRINELL MIKROSIZE MODEL UBRIN-3000E<\/strong> ch&iacute;nh h&atilde;ng. <\/p><\/p>","protected":false},"featured_media":10177,"comment_status":"open","ping_status":"closed","template":"","meta":[],"product_brand":[],"product_cat":[18],"product_tag":[109,116,181,567,1637,1638,1639],"class_list":{"0":"post-6622","1":"product","2":"type-product","3":"status-publish","4":"has-post-thumbnail","6":"product_cat-chua-phan-loai","7":"product_tag-may","8":"product_tag-model","9":"product_tag-do","10":"product_tag-cung","11":"product_tag-brinell","12":"product_tag-mikrosize","13":"product_tag-ubrin-3000e","15":"first","16":"instock","17":"shipping-taxable","18":"product-type-simple"},"yoast_head":"<!-- This site is optimized with the Yoast SEO Premium plugin v24.8 (Yoast SEO v24.8) - https:\/\/yoast.com\/wordpress\/plugins\/seo\/ -->\n<title>M\u00c1Y \u0110O \u0110\u1ed8 C\u1ee8NG BRINELL MIKROSIZE MO... ch\u00ednh h\u00e3ng | V\u1ea1n N\u0103ng<\/title>\n<meta name=\"description\" content=\"Mua ngay M\u00c1Y \u0110O \u0110\u1ed8 C\u1ee8NG BRINELL MIKROSIZE MODEL UBRIN-3000E ch\u00ednh h\u00e3ng. Gi\u00e1 t\u1ed1t!\" \/>\n<meta name=\"robots\" content=\"noindex, follow, max-snippet:-1, max-image-preview:large, max-video-preview:-1\" \/>\n<meta property=\"og:locale\" content=\"en_US\" \/>\n<meta property=\"og:type\" content=\"article\" \/>\n<meta property=\"og:title\" content=\"M\u00c1Y \u0110O \u0110\u1ed8 C\u1ee8NG BRINELL MIKROSIZE MODEL UBRIN-3000E\" \/>\n<meta property=\"og:description\" content=\"Mua ngay M\u00c1Y \u0110O \u0110\u1ed8 C\u1ee8NG BRINELL MIKROSIZE MODEL UBRIN-3000E ch\u00ednh h\u00e3ng. Gi\u00e1 t\u1ed1t!\" \/>\n<meta property=\"og:url\" content=\"https:\/\/vannangvn.123websitedev.com\/en\/product\/may-do-do-cung-brinell-mikrosize-model-ubrin-3000e\/\" \/>\n<meta property=\"og:site_name\" content=\"Vannang.vn\" \/>\n<meta property=\"article:modified_time\" content=\"2026-03-30T11:24:34+00:00\" \/>\n<meta property=\"og:image\" content=\"http:\/\/vannangvn.123websitedev.com\/wp-content\/uploads\/2026\/03\/48-copy.jpg\" \/>\n\t<meta property=\"og:image:width\" content=\"768\" \/>\n\t<meta property=\"og:image:height\" content=\"576\" \/>\n\t<meta property=\"og:image:type\" content=\"image\/jpeg\" \/>\n<meta name=\"twitter:card\" content=\"summary_large_image\" \/>\n<meta name=\"twitter:label1\" content=\"Est. reading time\" \/>\n\t<meta name=\"twitter:data1\" content=\"8 minutes\" \/>\n<script type=\"application\/ld+json\" class=\"yoast-schema-graph\">{\"@context\":\"https:\/\/schema.org\",\"@graph\":[{\"@type\":\"WebPage\",\"@id\":\"https:\/\/vannangvn.123websitedev.com\/san-pham\/may-do-do-cung-brinell-mikrosize-model-ubrin-3000e\/\",\"url\":\"https:\/\/vannangvn.123websitedev.com\/san-pham\/may-do-do-cung-brinell-mikrosize-model-ubrin-3000e\/\",\"name\":\"M\u00c1Y \u0110O \u0110\u1ed8 C\u1ee8NG BRINELL MIKROSIZE MO... ch\u00ednh h\u00e3ng | V\u1ea1n N\u0103ng\",\"isPartOf\":{\"@id\":\"https:\/\/vannangvn.123websitedev.com\/#website\"},\"primaryImageOfPage\":{\"@id\":\"https:\/\/vannangvn.123websitedev.com\/san-pham\/may-do-do-cung-brinell-mikrosize-model-ubrin-3000e\/#primaryimage\"},\"image\":{\"@id\":\"https:\/\/vannangvn.123websitedev.com\/san-pham\/may-do-do-cung-brinell-mikrosize-model-ubrin-3000e\/#primaryimage\"},\"thumbnailUrl\":\"https:\/\/vannangvn.123websitedev.com\/wp-content\/uploads\/2026\/03\/48-copy.jpg\",\"datePublished\":\"2026-03-20T10:33:15+00:00\",\"dateModified\":\"2026-03-30T11:24:34+00:00\",\"description\":\"Mua ngay M\u00c1Y \u0110O \u0110\u1ed8 C\u1ee8NG BRINELL MIKROSIZE MODEL UBRIN-3000E ch\u00ednh h\u00e3ng. Gi\u00e1 t\u1ed1t!\",\"breadcrumb\":{\"@id\":\"https:\/\/vannangvn.123websitedev.com\/san-pham\/may-do-do-cung-brinell-mikrosize-model-ubrin-3000e\/#breadcrumb\"},\"inLanguage\":\"en-US\",\"potentialAction\":[{\"@type\":\"ReadAction\",\"target\":[\"https:\/\/vannangvn.123websitedev.com\/san-pham\/may-do-do-cung-brinell-mikrosize-model-ubrin-3000e\/\"]}]},{\"@type\":\"ImageObject\",\"inLanguage\":\"en-US\",\"@id\":\"https:\/\/vannangvn.123websitedev.com\/san-pham\/may-do-do-cung-brinell-mikrosize-model-ubrin-3000e\/#primaryimage\",\"url\":\"https:\/\/vannangvn.123websitedev.com\/wp-content\/uploads\/2026\/03\/48-copy.jpg\",\"contentUrl\":\"https:\/\/vannangvn.123websitedev.com\/wp-content\/uploads\/2026\/03\/48-copy.jpg\",\"width\":768,\"height\":576},{\"@type\":\"BreadcrumbList\",\"@id\":\"https:\/\/vannangvn.123websitedev.com\/san-pham\/may-do-do-cung-brinell-mikrosize-model-ubrin-3000e\/#breadcrumb\",\"itemListElement\":[{\"@type\":\"ListItem\",\"position\":1,\"name\":\"Trang ch\u1ee7\",\"item\":\"https:\/\/vannangvn.123websitedev.com\/\"},{\"@type\":\"ListItem\",\"position\":2,\"name\":\"S\u1ea3n ph\u1ea9m\",\"item\":\"https:\/\/vannangvn.123websitedev.com\/cua-hang\/\"},{\"@type\":\"ListItem\",\"position\":3,\"name\":\"M\u00c1Y \u0110O \u0110\u1ed8 C\u1ee8NG BRINELL MIKROSIZE MODEL UBRIN-3000E\"}]},{\"@type\":\"WebSite\",\"@id\":\"https:\/\/vannangvn.123websitedev.com\/#website\",\"url\":\"https:\/\/vannangvn.123websitedev.com\/\",\"name\":\"Vannang.vn\",\"description\":\"\",\"publisher\":{\"@id\":\"https:\/\/vannangvn.123websitedev.com\/#organization\"},\"potentialAction\":[{\"@type\":\"SearchAction\",\"target\":{\"@type\":\"EntryPoint\",\"urlTemplate\":\"https:\/\/vannangvn.123websitedev.com\/?s={search_term_string}\"},\"query-input\":{\"@type\":\"PropertyValueSpecification\",\"valueRequired\":true,\"valueName\":\"search_term_string\"}}],\"inLanguage\":\"en-US\"},{\"@type\":\"Organization\",\"@id\":\"https:\/\/vannangvn.123websitedev.com\/#organization\",\"name\":\"Vannang.vn\",\"url\":\"https:\/\/vannangvn.123websitedev.com\/\",\"logo\":{\"@type\":\"ImageObject\",\"inLanguage\":\"en-US\",\"@id\":\"https:\/\/vannangvn.123websitedev.com\/#\/schema\/logo\/image\/\",\"url\":\"https:\/\/vannangvn.123websitedev.com\/wp-content\/uploads\/2026\/02\/logo-van-nang-02.png\",\"contentUrl\":\"https:\/\/vannangvn.123websitedev.com\/wp-content\/uploads\/2026\/02\/logo-van-nang-02.png\",\"width\":448,\"height\":111,\"caption\":\"Vannang.vn\"},\"image\":{\"@id\":\"https:\/\/vannangvn.123websitedev.com\/#\/schema\/logo\/image\/\"}}]}<\/script>\n<!-- \/ Yoast SEO Premium plugin. -->","yoast_head_json":{"title":"M\u00c1Y \u0110O \u0110\u1ed8 C\u1ee8NG BRINELL MIKROSIZE MO... ch\u00ednh h\u00e3ng | V\u1ea1n N\u0103ng","description":"Mua ngay M\u00c1Y \u0110O \u0110\u1ed8 C\u1ee8NG BRINELL MIKROSIZE MODEL UBRIN-3000E ch\u00ednh h\u00e3ng. Gi\u00e1 t\u1ed1t!","robots":{"index":"noindex","follow":"follow","max-snippet":"max-snippet:-1","max-image-preview":"max-image-preview:large","max-video-preview":"max-video-preview:-1"},"og_locale":"en_US","og_type":"article","og_title":"M\u00c1Y \u0110O \u0110\u1ed8 C\u1ee8NG BRINELL MIKROSIZE MODEL UBRIN-3000E","og_description":"Mua ngay M\u00c1Y \u0110O \u0110\u1ed8 C\u1ee8NG BRINELL MIKROSIZE MODEL UBRIN-3000E ch\u00ednh h\u00e3ng. Gi\u00e1 t\u1ed1t!","og_url":"https:\/\/vannangvn.123websitedev.com\/en\/product\/may-do-do-cung-brinell-mikrosize-model-ubrin-3000e\/","og_site_name":"Vannang.vn","article_modified_time":"2026-03-30T11:24:34+00:00","og_image":[{"width":768,"height":576,"url":"http:\/\/vannangvn.123websitedev.com\/wp-content\/uploads\/2026\/03\/48-copy.jpg","type":"image\/jpeg"}],"twitter_card":"summary_large_image","twitter_misc":{"Est. reading time":"8 minutes"},"schema":{"@context":"https:\/\/schema.org","@graph":[{"@type":"WebPage","@id":"https:\/\/vannangvn.123websitedev.com\/san-pham\/may-do-do-cung-brinell-mikrosize-model-ubrin-3000e\/","url":"https:\/\/vannangvn.123websitedev.com\/san-pham\/may-do-do-cung-brinell-mikrosize-model-ubrin-3000e\/","name":"M\u00c1Y \u0110O \u0110\u1ed8 C\u1ee8NG BRINELL MIKROSIZE MO... ch\u00ednh h\u00e3ng | V\u1ea1n N\u0103ng","isPartOf":{"@id":"https:\/\/vannangvn.123websitedev.com\/#website"},"primaryImageOfPage":{"@id":"https:\/\/vannangvn.123websitedev.com\/san-pham\/may-do-do-cung-brinell-mikrosize-model-ubrin-3000e\/#primaryimage"},"image":{"@id":"https:\/\/vannangvn.123websitedev.com\/san-pham\/may-do-do-cung-brinell-mikrosize-model-ubrin-3000e\/#primaryimage"},"thumbnailUrl":"https:\/\/vannangvn.123websitedev.com\/wp-content\/uploads\/2026\/03\/48-copy.jpg","datePublished":"2026-03-20T10:33:15+00:00","dateModified":"2026-03-30T11:24:34+00:00","description":"Mua ngay M\u00c1Y \u0110O \u0110\u1ed8 C\u1ee8NG BRINELL MIKROSIZE MODEL UBRIN-3000E ch\u00ednh h\u00e3ng. Gi\u00e1 t\u1ed1t!","breadcrumb":{"@id":"https:\/\/vannangvn.123websitedev.com\/san-pham\/may-do-do-cung-brinell-mikrosize-model-ubrin-3000e\/#breadcrumb"},"inLanguage":"en-US","potentialAction":[{"@type":"ReadAction","target":["https:\/\/vannangvn.123websitedev.com\/san-pham\/may-do-do-cung-brinell-mikrosize-model-ubrin-3000e\/"]}]},{"@type":"ImageObject","inLanguage":"en-US","@id":"https:\/\/vannangvn.123websitedev.com\/san-pham\/may-do-do-cung-brinell-mikrosize-model-ubrin-3000e\/#primaryimage","url":"https:\/\/vannangvn.123websitedev.com\/wp-content\/uploads\/2026\/03\/48-copy.jpg","contentUrl":"https:\/\/vannangvn.123websitedev.com\/wp-content\/uploads\/2026\/03\/48-copy.jpg","width":768,"height":576},{"@type":"BreadcrumbList","@id":"https:\/\/vannangvn.123websitedev.com\/san-pham\/may-do-do-cung-brinell-mikrosize-model-ubrin-3000e\/#breadcrumb","itemListElement":[{"@type":"ListItem","position":1,"name":"Trang ch\u1ee7","item":"https:\/\/vannangvn.123websitedev.com\/"},{"@type":"ListItem","position":2,"name":"S\u1ea3n ph\u1ea9m","item":"https:\/\/vannangvn.123websitedev.com\/cua-hang\/"},{"@type":"ListItem","position":3,"name":"M\u00c1Y \u0110O \u0110\u1ed8 C\u1ee8NG BRINELL MIKROSIZE MODEL UBRIN-3000E"}]},{"@type":"WebSite","@id":"https:\/\/vannangvn.123websitedev.com\/#website","url":"https:\/\/vannangvn.123websitedev.com\/","name":"Vannang.vn","description":"","publisher":{"@id":"https:\/\/vannangvn.123websitedev.com\/#organization"},"potentialAction":[{"@type":"SearchAction","target":{"@type":"EntryPoint","urlTemplate":"https:\/\/vannangvn.123websitedev.com\/?s={search_term_string}"},"query-input":{"@type":"PropertyValueSpecification","valueRequired":true,"valueName":"search_term_string"}}],"inLanguage":"en-US"},{"@type":"Organization","@id":"https:\/\/vannangvn.123websitedev.com\/#organization","name":"Vannang.vn","url":"https:\/\/vannangvn.123websitedev.com\/","logo":{"@type":"ImageObject","inLanguage":"en-US","@id":"https:\/\/vannangvn.123websitedev.com\/#\/schema\/logo\/image\/","url":"https:\/\/vannangvn.123websitedev.com\/wp-content\/uploads\/2026\/02\/logo-van-nang-02.png","contentUrl":"https:\/\/vannangvn.123websitedev.com\/wp-content\/uploads\/2026\/02\/logo-van-nang-02.png","width":448,"height":111,"caption":"Vannang.vn"},"image":{"@id":"https:\/\/vannangvn.123websitedev.com\/#\/schema\/logo\/image\/"}}]}},"_links":{"self":[{"href":"https:\/\/vannangvn.123websitedev.com\/en\/wp-json\/wp\/v2\/product\/6622","targetHints":{"allow":["GET"]}}],"collection":[{"href":"https:\/\/vannangvn.123websitedev.com\/en\/wp-json\/wp\/v2\/product"}],"about":[{"href":"https:\/\/vannangvn.123websitedev.com\/en\/wp-json\/wp\/v2\/types\/product"}],"replies":[{"embeddable":true,"href":"https:\/\/vannangvn.123websitedev.com\/en\/wp-json\/wp\/v2\/comments?post=6622"}],"wp:featuredmedia":[{"embeddable":true,"href":"https:\/\/vannangvn.123websitedev.com\/en\/wp-json\/wp\/v2\/media\/10177"}],"wp:attachment":[{"href":"https:\/\/vannangvn.123websitedev.com\/en\/wp-json\/wp\/v2\/media?parent=6622"}],"wp:term":[{"taxonomy":"product_brand","embeddable":true,"href":"https:\/\/vannangvn.123websitedev.com\/en\/wp-json\/wp\/v2\/product_brand?post=6622"},{"taxonomy":"product_cat","embeddable":true,"href":"https:\/\/vannangvn.123websitedev.com\/en\/wp-json\/wp\/v2\/product_cat?post=6622"},{"taxonomy":"product_tag","embeddable":true,"href":"https:\/\/vannangvn.123websitedev.com\/en\/wp-json\/wp\/v2\/product_tag?post=6622"}],"curies":[{"name":"wp","href":"https:\/\/api.w.org\/{rel}","templated":true}]}}