{"id":6624,"date":"2026-03-20T17:33:17","date_gmt":"2026-03-20T10:33:17","guid":{"rendered":"https:\/\/vannangvn.123websitedev.com\/san-pham\/may-do-do-cung-brinell-tu-dong-mikrosize-model-mbrin-3000a\/"},"modified":"2026-03-30T18:24:35","modified_gmt":"2026-03-30T11:24:35","slug":"may-do-do-cung-brinell-tu-dong-mikrosize-model-mbrin-3000a","status":"publish","type":"product","link":"https:\/\/vannangvn.123websitedev.com\/en\/product\/may-do-do-cung-brinell-tu-dong-mikrosize-model-mbrin-3000a\/","title":{"rendered":"M\u00c1Y \u0110O \u0110\u1ed8 C\u1ee8NG BRINELL T\u1ef0 \u0110\u1ed8NG MIKROSIZE MODEL MBRIN-3000A"},"content":{"rendered":"<h1 style=\"color: red; font-weight: bold; font-size: 24px;\">T&#7893;ng quan s&#7843;n ph&#7849;m M&Aacute;Y &#272;O &#272;&#7896; C&#7912;NG BRINELL T&#7920; &#272;&#7896;NG MIKROSIZE MODEL MBRIN-3000A<p>M&aacute;y &#272;o &#272;&#7897; C&#7913;ng Brinell T&#7921; &#272;&#7897;ng (Intelligent Fully Automatic Brinell Hardness Tester) Mikrosize Model MBrin-3000A<br>\nMBrin-3000A l&agrave; m&#7897;t thi&#7871;t b&#7883; &#273;o &#273;&#7897; c&#7913;ng Brinell t&#7921; &#273;&#7897;ng ho&agrave;n to&agrave;n th&ocirc;ng minh, mang &#273;&#7871;n s&#7921; ti&#7879;n l&#7907;i v&agrave; &#273;&#7897; ch&iacute;nh x&aacute;c cao trong vi&#7879;c &#273;o &#273;&#7897; c&#7913;ng c&#7911;a v&#7853;t li&#7879;u. V&#7899;i nh&#7919;ng t&iacute;nh n&#259;ng v&agrave; c&ocirc;ng ngh&#7879; ti&ecirc;n ti&#7871;n, M&aacute;y &#272;o &#272;&#7897; C&#7913;ng MBrin-3000A kh&ocirc;ng ch&#7881; l&agrave; m&#7897;t c&ocirc;ng c&#7909; &#273;o l&#432;&#7901;ng m&agrave; c&ograve;n l&agrave; m&#7897;t &#273;&#7889;i t&aacute;c &#273;&aacute;ng tin c&#7853;y cho c&aacute;c &#7913;ng d&#7909;ng c&ocirc;ng nghi&#7879;p &#273;&ograve;i h&#7887;i s&#7921; ch&iacute;nh x&aacute;c v&agrave; hi&#7879;u su&#7845;t.<\/p><p>&#272;&#7863;c Tr&#432;ng C&#7911;a M&aacute;y MBrin-3000A<br>\nC&ocirc;ng Ngh&#7879; Hi&#7879;n &#272;&#7841;i Cho S&#7921; Ch&iacute;nh X&aacute;c T&#7889;i &#272;a<br>\nModel MBrin-3000A &#273;&#432;&#7907;c trang b&#7883; h&#7879; th&#7889;ng v&ograve;ng tua t&#7921; &#273;&#7897;ng &#273;&#7897;c &#273;&aacute;o, cho ph&eacute;p ng&#432;&#7901;i d&ugrave;ng d&#7877; d&agrave;ng t&ugrave;y ch&#7881;nh c&aacute;c th&ocirc;ng s&#7889; &#273;o l&#432;&#7901;ng nh&#432; l&#7921;c ki&#7875;m tra, v&agrave; th&#7901;i gian gi&#7919; tr&#432;&#7899;c khi b&#7855;t &#273;&#7847;u ki&#7875;m tra. &#272;&#7863;c bi&#7879;t, sau khi &#273;o, kh&ocirc;ng c&#7847;n di chuy&#7875;n v&#7853;t ph&#7849;m v&igrave; CMOS s&#7869; tr&#7921;c ti&#7871;p ch&#7909;p h&igrave;nh &#7843;nh d&#7845;u l&otilde;m, gi&uacute;p ti&#7871;t ki&#7879;m th&#7901;i gian v&agrave; t&#259;ng t&iacute;nh hi&#7879;u qu&#7843;.<br>\n&#272;&#7897; Ch&iacute;nh X&aacute;c V&#432;&#7907;t Tr&#7897;i V&#7899;i C&ocirc;ng Ngh&#7879; &#7842;nh S&#7889;<br>\nThi&#7871;t b&#7883; s&#7917; d&#7909;ng c&ocirc;ng ngh&#7879; h&igrave;nh &#7843;nh k&#7929; thu&#7853;t s&#7889; ti&ecirc;n ti&#7871;n &#273;&#7875; t&#7921; &#273;&#7897;ng ph&acirc;n t&iacute;ch d&#7845;u l&otilde;m, &#273;&#7885;c v&agrave; hi&#7875;n th&#7883; k&#7871;t qu&#7843; &#273;&#7897; c&#7913;ng m&#7897;t c&aacute;ch ch&iacute;nh x&aacute;c nh&#7845;t. C&aacute;c th&ocirc;ng s&#7889; nh&#432; chi&#7873;u d&agrave;i d&#7845;u l&otilde;m, gi&aacute; tr&#7883; &#273;&#7897; c&#7913;ng, v&agrave; t&#7847;n su&#7845;t &#273;o l&#432;&#7901;ng &#273;&#432;&#7907;c hi&#7875;n th&#7883; tr&#7921;c quan tr&ecirc;n m&agrave;n h&igrave;nh c&#7843;m &#7913;ng c&ocirc;ng nghi&#7879;p 12.1&Prime;, &#273;&#7843;m b&#7843;o ng&#432;&#7901;i d&ugrave;ng c&oacute; th&#7875; theo d&otilde;i v&agrave; qu&#7843;n l&yacute; d&#7919; li&#7879;u m&#7897;t c&aacute;ch d&#7877; d&agrave;ng.<br>\n&#272;a D&#7841;ng T&ugrave;y Ch&#7885;n &#272;o L&#432;&#7901;ng<br>\nM&aacute;y MBrin-3000A &#273;&#432;&#7907;c trang b&#7883; 12 c&#7845;p l&#7921;c ki&#7875;m tra v&agrave; 16 m&#7913;c &#273;&#7897; &#273;o &#273;&#7897; c&#7913;ng Brinell kh&aacute;c nhau, cung c&#7845;p s&#7921; linh ho&#7841;t cho ng&#432;&#7901;i d&ugrave;ng trong vi&#7879;c l&#7921;a ch&#7885;n ph&ugrave; h&#7907;p v&#7899;i nhu c&#7847;u &#273;o l&#432;&#7901;ng c&#7911;a h&#7885;. Vi&#7879;c t&#7921; &#273;&#7897;ng chuy&#7875;n &#273;&#7893;i theo t&#7881; l&#7879; &#273;o l&#432;&#7901;ng &#273;&atilde; &#273;&#432;&#7907;c t&iacute;ch h&#7907;p, &#273;&#7843;m b&#7843;o s&#7921; ch&iacute;nh x&aacute;c v&agrave; hi&#7879;u qu&#7843; c&#7911;a m&#7895;i l&#7847;n &#273;o.<br>\nTi&#7879;n &Iacute;ch v&agrave; Hi&#7879;u Su&#7845;t Cao<br>\nThi&#7871;t b&#7883; c&oacute; th&#7875; t&#7921; &#273;&#7897;ng &#273;o c&aacute;c lo&#7841;i d&#7845;u l&otilde;m kh&aacute;c nhau nh&#432; d&#7845;u l&otilde;m chu&#7849;n, d&#7845;u l&otilde;m b&#7883; l&agrave;m m&#7901;, d&#7845;u l&otilde;m n&#7873;n m&#7901;, v&agrave; d&#7845;u l&otilde;m h&igrave;nh b&#7847;u d&#7909;c. T&iacute;nh n&#259;ng v&#7853;n h&agrave;nh m&#7897;t ph&iacute;m v&agrave; &#273;o b&#7857;ng CMOS t&#7921; &#273;&#7897;ng gi&uacute;p ti&#7871;t ki&#7879;m th&#7901;i gian v&agrave; n&acirc;ng cao hi&#7879;u su&#7845;t l&agrave;m vi&#7879;c.<\/p><h2 style=\"color: #0073aa; font-weight: bold; font-size: 20px;\">Th&ocirc;ng S&#7889; K&#7929; Thu&#7853;t V&#432;&#7907;t Tr&#7897;i<\/h2><p>V&#7899;i c&aacute;c th&ocirc;ng s&#7889; k&#7929; thu&#7853;t nh&#432; l&#7921;c ki&#7875;m tra l&ecirc;n &#273;&#7871;n 3000kg, ph&#7841;m vi &#273;o t&#7915; 8 &#273;&#7871;n 650HBW, v&agrave; th&#7901;i gian t&#7843;i tr&#7885;ng ch&iacute;nh ch&#7881; t&#7915; 5 &#273;&#7871;n 8 gi&acirc;y, M&aacute;y ki&#7875;m tra &#273;&#7897; c&#7913;ng Brinell MBrin-3000A &#273;&aacute;p &#7913;ng &#273;&#432;&#7907;c nhu c&#7847;u &#273;o &#273;&#7897; c&#7913;ng c&#7911;a nhi&#7873;u lo&#7841;i v&#7853;t li&#7879;u v&agrave; &#7913;ng d&#7909;ng c&ocirc;ng nghi&#7879;p.<br>\nS&#7921; Ti&#7879;n D&#7909;ng<br>\nV&#7899;i s&#7921; k&#7871;t h&#7907;p ho&agrave;n h&#7843;o gi&#7919;a c&ocirc;ng ngh&#7879; hi&#7879;n &#273;&#7841;i v&agrave; t&iacute;nh n&#259;ng th&ocirc;ng minh, MBrin-3000A l&agrave; s&#7921; l&#7921;a ch&#7885;n h&agrave;ng &#273;&#7847;u cho c&aacute;c &#7913;ng d&#7909;ng &#273;o &#273;&#7897; c&#7913;ng trong ng&agrave;nh c&ocirc;ng nghi&#7879;p. &#272;&#7875; bi&#7871;t th&ecirc;m th&ocirc;ng tin chi ti&#7871;t v&agrave; &#273;&#7863;t h&agrave;ng, vui l&ograve;ng li&ecirc;n h&#7879; v&#7899;i ch&uacute;ng t&ocirc;i ngay h&ocirc;m nay.<\/p><p>B&#7897; S&#7843;n Ph&#7849;m Bao G&#7891;m<\/p><p>Name<br>\nSpecification<br>\nUnit<br>\nQuantity<\/p><p>Machine mainframe<\/p><p>pc<br>\n1<\/p><p>Ball indentor<br>\n&phi;10, &phi;5, &phi;2.5, &phi;1<br>\npc<br>\n4<\/p><p>Objective lens<br>\n1X, 2X<br>\npc<br>\n2<\/p><p>Accessory case<\/p><p>pc<br>\n1<\/p><p>Reading microscope<br>\n20X<br>\npc<br>\n1<\/p><p>V-shape test anvil<\/p><p>pc<br>\n1<\/p><p>Big test anvil<\/p><p>pc<br>\n1<\/p><p>Small test anvil<\/p><p>pc<br>\n1<\/p><p>Anti-dust cover<\/p><p>pc<br>\n1<\/p><p>Hex wrench<\/p><p>pc<br>\n1<\/p><p>Power line<\/p><p>pc<br>\n1<\/p><p>Fuse<br>\n2A<br>\npc<br>\n2<\/p><p>Brinell block<br>\n(150&#65374;250&#65289;HBW3000\/10<br>\npc<br>\n1<\/p><p>Brinell block<br>\n(150&#65374;250&#65289;HBW750\/5<br>\npc<br>\n1<\/p><p>Brinell testing system<br>\nInstalled in mainframe<br>\nset<br>\n1<\/p><p>Product certificate<\/p><p>pc<br>\n1<\/p><p>Instruction manual<\/p><p>pc<br>\n1<\/p><p>Nh&#7919;ng L&yacute; Do N&ecirc;n Mua M&aacute;y &#272;o &#272;&#7897; C&#7913;ng T&#7841;i Thi&#7871;t B&#7883; C&ocirc;ng Ngh&#7879; V&#7841;n N&#259;ng<\/p><p>C&ocirc;ng ty Thi&#7871;t B&#7883; C&ocirc;ng Ngh&#7879; V&#7841;n N&#259;ng l&agrave; &#273;&#7889;i t&aacute;c ch&iacute;nh th&#7913;c ph&acirc;n ph&#7889;i M&aacute;y &#272;o &#272;&#7897; C&#7913;ng h&agrave;ng &#273;&#7847;u t&#7841;i Vi&#7879;t Nam, cam k&#7871;t cung c&#7845;p s&#7843;n ph&#7849;m ch&iacute;nh h&atilde;ng v&#7899;i gi&aacute; c&#7843; c&#7841;nh tranh nh&#7845;t th&#7883; tr&#432;&#7901;ng. V&#7899;i uy t&iacute;n tr&ecirc;n th&#7883; tr&#432;&#7901;ng v&agrave; ch&#7871; &#273;&#7897; h&#7851;u m&atilde;i t&#7889;t, Thi&#7871;t B&#7883; C&ocirc;ng Ngh&#7879; V&#7841;n N&#259;ng &#273;&atilde; nh&#7853;n &#273;&#432;&#7907;c s&#7921; tin t&#432;&#7903;ng t&#7915; kh&aacute;ch h&agrave;ng nh&#7901; v&agrave;o ch&#7845;t l&#432;&#7907;ng h&agrave;ng &#273;&#7847;u c&#7911;a c&aacute;c d&ograve;ng s&#7843;n ph&#7849;m.<br>\nS&#7843;n ph&#7849;m c&#7911;a ch&uacute;ng t&ocirc;i &#273;&#432;&#7907;c ki&#7875;m &#273;&#7883;nh ch&#7845;t l&#432;&#7907;ng, nh&#7853;p kh&#7849;u tr&#7921;c ti&#7871;p t&#7915; nh&agrave; m&aacute;y b&ecirc;n Ch&acirc;u &Acirc;u, M&#7929;, &Uacute;c, Nh&#7853;t B&#7843;n,&hellip; v&agrave; &#273;&aacute;p &#7913;ng nhu c&#7847;u &#273;a d&#7841;ng c&#7911;a th&#7883; tr&#432;&#7901;ng nh&#432;: M&aacute;y &#272;o &#272;&#7897; C&#7913;ng, M&aacute;y SPECTROMAXx, M&aacute;y Ki&#7875;m Tra &#272;&#7897; B&#7873;n S&#417;n,&hellip; Ch&uacute;ng t&ocirc;i cam k&#7871;t cung c&#7845;p s&#7843;n ph&#7849;m n&agrave;y tr&ecirc;n to&agrave;n qu&#7889;c v&#7899;i gi&aacute; c&#7843; c&#7841;nh tranh nh&#7845;t.<br>\nCh&uacute;ng t&ocirc;i c&oacute; &#273;&#7897;i ng&#361; chuy&ecirc;n vi&ecirc;n t&#432; v&#7845;n chuy&ecirc;n s&acirc;u s&#7869; h&#7895; tr&#7907; kh&aacute;ch h&agrave;ng v&#7873; chi ti&#7871;t s&#7843;n ph&#7849;m, h&#432;&#7899;ng d&#7851;n s&#7917; d&#7909;ng hay nh&#7919;ng th&#7913; li&ecirc;n quan &#273;&#7871;n v&#7845;n &#273;&#7873; m&agrave; doanh nghi&#7879;p b&#7841;n &#273;ang g&#7863;p ph&#7843;i. Ch&uacute;ng t&ocirc;i s&#7869; cung c&#7845;p nh&#7919;ng gi&#7843;i ph&aacute;p t&#7889;i &#432;u nh&#7845;t!<br>\nNgo&agrave;i ra Thi&#7871;t B&#7883; C&ocirc;ng Ngh&#7879; V&#7841;n N&#259;ng Ch&uacute;ng T&ocirc;i lu&ocirc;n h&#432;&#7899;ng &#273;&#7871;n tr&#7843;i nghi&#7879;m kh&aacute;ch h&agrave;ng, v&igrave; v&#7853;y ch&uacute;ng t&ocirc;i c&oacute; nh&#7919;ng ch&iacute;nh s&aacute;ch b&#7843;o h&agrave;nh, b&#7843;o tr&igrave; &ndash; b&#7843;o d&#432;&#7905;ng, hi&#7879;u chu&#7849;n v&#7899;i t&#7845;t c&#7843; c&aacute;c thi&#7871;t b&#7883;, m&aacute;y m&oacute;c m&agrave; ch&uacute;ng t&ocirc;i cung c&#7845;p. &#272;&#7843;m b&#7843;o mang &#273;&#7871;n cho Kh&aacute;ch h&agrave;ng s&#7921; y&ecirc;n t&acirc;m tuy&#7879;t &#273;&#7889;i v&#7873; d&#7883;ch v&#7909; khi mua h&agrave;ng.<\/p><p>T&#7893;ng K&#7871;t<br>\nV&#7899;i s&#7921; k&#7871;t h&#7907;p ho&agrave;n h&#7843;o gi&#7919;a c&ocirc;ng ngh&#7879; hi&#7879;n &#273;&#7841;i v&agrave; t&iacute;nh n&#259;ng th&ocirc;ng minh, Thi&#7871;t b&#7883; &#273;o &#273;&#7897; c&#7913;ng Brinell MBrin-3000A l&agrave; gi&#7843;i ph&aacute;p &#273;o &#273;&#7897; c&#7913;ng h&agrave;ng &#273;&#7847;u cho c&aacute;c &#7913;ng d&#7909;ng c&ocirc;ng nghi&#7879;p. H&atilde;y li&ecirc;n h&#7879; ngay v&#7899;i V&#7841;n N&#259;ng &#273;&#7875; &#273;&#432;&#7907;c t&#432; v&#7845;n chuy&ecirc;n s&acirc;u v&agrave; nh&#7853;n ngay nh&#7919;ng &#432;u &#273;&atilde;i h&#7845;p d&#7851;n nh&#7845;t &#273;&#7871;n t&#7915; th&#432;&#417;ng hi&#7879;u Mikrosize qua hotline0903 991 335!<\/p><div style=\"background-color: #f8fafc; border: 1px solid #e2e8f0; border-radius: 8px; padding: 25px; max-width: 800px; margin: 30px auto; color: #334155; line-height: 1.8; font-size: 17px; box-shadow: 0 4px 6px -1px rgba(0,0,0,0.05); text-align: left; clear: both;\">\nC&ocirc;ng ty TNHH Th&#432;&#417;ng M&#7841;i D&#7883;ch V&#7909; Thi&#7871;t B&#7883; C&ocirc;ng Ngh&#7879; V&#7841;n N&#259;ng\n<p style=\"margin: 0 0 10px 0;\">&#128205; <strong style=\"color: #1e293b;\">&#272;&#7883;a ch&#7881;:<\/strong> <a style=\"color: #059669; text-decoration: none; font-weight: bold;\" href=\"https:\/\/www.google.com\/maps\/search\/C%C3%B4ng+ty+TNHH+Th%C6%B0%C6%A1ng+M%E1%BA%A1i+D%E1%BB%8Bch+V%E1%BB%A5+Thi%E1%BA%BFt+B%E1%BB%8B+C%C3%B4ng+Ngh%E1%BB%87+V%E1%BA%A1n+N%C4%83ng+818+Tr%C6%B0%E1%BB%9Dng+Chinh\" target=\"_blank\" rel=\"noopener\">818 Tr&#432;&#7901;ng Chinh, Ph&#432;&#7901;ng T&acirc;n S&#417;n, Th&agrave;nh ph&#7889; H&#7891; Ch&iacute; Minh, Vi&#7879;t Nam<\/a><\/p>\n<p style=\"margin: 0 0 10px 0;\">&#128222; <strong style=\"color: #1e293b;\">S&#272;T &ndash; Zalo:<\/strong> <a style=\"color: #059669; text-decoration: none; font-weight: bold;\" href=\"https:\/\/zalo.me\/0903991335\" target=\"_blank\" rel=\"noopener\">0903 991 335<\/a> <span style=\"color: #64748b; font-style: italic;\">(Ms. H&#7841;nh &ndash; Gi&aacute;m &#272;&#7889;c Kinh Doanh)<\/span><\/p>\n<p style=\"margin: 0;\">&#9993;&#65039; <strong style=\"color: #1e293b;\">Email:<\/strong> <a style=\"color: #059669; text-decoration: none; font-weight: bold;\" href=\"mailto:hienhanh@vannangvn.com\">hienhanh@vannangvn.com<\/a><\/p>\n<\/div><\/h1>","protected":false},"excerpt":{"rendered":"<p><strong>Th&#432;&#417;ng hi&#7879;u:<\/strong> OEM<br>\n<strong>Model:<\/strong> MBrin-3000A<p>Product <strong>M&Aacute;Y &#272;O &#272;&#7896; C&#7912;NG BRINELL T&#7920; &#272;&#7896;NG MIKROSIZE MODEL MBRIN-3000A<\/strong> ch&iacute;nh h&atilde;ng. <\/p><\/p>","protected":false},"featured_media":0,"comment_status":"open","ping_status":"closed","template":"","meta":[],"product_brand":[],"product_cat":[18],"product_tag":[109,116,162,163,181,567,1637,1638,1641],"class_list":{"0":"post-6624","1":"product","2":"type-product","3":"status-publish","5":"product_cat-chua-phan-loai","6":"product_tag-may","7":"product_tag-model","8":"product_tag-tu","9":"product_tag-dong","10":"product_tag-do","11":"product_tag-cung","12":"product_tag-brinell","13":"product_tag-mikrosize","14":"product_tag-mbrin-3000a","16":"first","17":"instock","18":"shipping-taxable","19":"product-type-simple"},"yoast_head":"<!-- This site is optimized with the Yoast SEO Premium plugin v24.8 (Yoast SEO v24.8) - https:\/\/yoast.com\/wordpress\/plugins\/seo\/ -->\n<title>M\u00c1Y \u0110O \u0110\u1ed8 C\u1ee8NG BRINELL T\u1ef0 \u0110\u1ed8NG MIKR... ch\u00ednh h\u00e3ng | V\u1ea1n N\u0103ng<\/title>\n<meta name=\"description\" content=\"Mua ngay M\u00c1Y \u0110O \u0110\u1ed8 C\u1ee8NG BRINELL T\u1ef0 \u0110\u1ed8NG MIKROSIZE MODEL MBRIN-3000A ch\u00ednh h\u00e3ng. Gi\u00e1 t\u1ed1t!\" \/>\n<meta name=\"robots\" content=\"noindex, follow, max-snippet:-1, max-image-preview:large, max-video-preview:-1\" \/>\n<meta property=\"og:locale\" content=\"en_US\" \/>\n<meta property=\"og:type\" content=\"article\" \/>\n<meta property=\"og:title\" content=\"M\u00c1Y \u0110O \u0110\u1ed8 C\u1ee8NG BRINELL T\u1ef0 \u0110\u1ed8NG MIKROSIZE MODEL MBRIN-3000A\" \/>\n<meta property=\"og:description\" content=\"Mua ngay M\u00c1Y \u0110O \u0110\u1ed8 C\u1ee8NG BRINELL T\u1ef0 \u0110\u1ed8NG MIKROSIZE MODEL MBRIN-3000A ch\u00ednh h\u00e3ng. Gi\u00e1 t\u1ed1t!\" \/>\n<meta property=\"og:url\" content=\"https:\/\/vannangvn.123websitedev.com\/en\/product\/may-do-do-cung-brinell-tu-dong-mikrosize-model-mbrin-3000a\/\" \/>\n<meta property=\"og:site_name\" content=\"Vannang.vn\" \/>\n<meta property=\"article:modified_time\" content=\"2026-03-30T11:24:35+00:00\" \/>\n<meta name=\"twitter:card\" content=\"summary_large_image\" \/>\n<meta name=\"twitter:label1\" content=\"Est. reading time\" \/>\n\t<meta name=\"twitter:data1\" content=\"7 minutes\" \/>\n<script type=\"application\/ld+json\" class=\"yoast-schema-graph\">{\"@context\":\"https:\/\/schema.org\",\"@graph\":[{\"@type\":\"WebPage\",\"@id\":\"https:\/\/vannangvn.123websitedev.com\/san-pham\/may-do-do-cung-brinell-tu-dong-mikrosize-model-mbrin-3000a\/\",\"url\":\"https:\/\/vannangvn.123websitedev.com\/san-pham\/may-do-do-cung-brinell-tu-dong-mikrosize-model-mbrin-3000a\/\",\"name\":\"M\u00c1Y \u0110O \u0110\u1ed8 C\u1ee8NG BRINELL T\u1ef0 \u0110\u1ed8NG MIKR... ch\u00ednh h\u00e3ng | V\u1ea1n N\u0103ng\",\"isPartOf\":{\"@id\":\"https:\/\/vannangvn.123websitedev.com\/#website\"},\"datePublished\":\"2026-03-20T10:33:17+00:00\",\"dateModified\":\"2026-03-30T11:24:35+00:00\",\"description\":\"Mua ngay M\u00c1Y \u0110O \u0110\u1ed8 C\u1ee8NG BRINELL T\u1ef0 \u0110\u1ed8NG MIKROSIZE MODEL MBRIN-3000A ch\u00ednh h\u00e3ng. Gi\u00e1 t\u1ed1t!\",\"breadcrumb\":{\"@id\":\"https:\/\/vannangvn.123websitedev.com\/san-pham\/may-do-do-cung-brinell-tu-dong-mikrosize-model-mbrin-3000a\/#breadcrumb\"},\"inLanguage\":\"en-US\",\"potentialAction\":[{\"@type\":\"ReadAction\",\"target\":[\"https:\/\/vannangvn.123websitedev.com\/san-pham\/may-do-do-cung-brinell-tu-dong-mikrosize-model-mbrin-3000a\/\"]}]},{\"@type\":\"BreadcrumbList\",\"@id\":\"https:\/\/vannangvn.123websitedev.com\/san-pham\/may-do-do-cung-brinell-tu-dong-mikrosize-model-mbrin-3000a\/#breadcrumb\",\"itemListElement\":[{\"@type\":\"ListItem\",\"position\":1,\"name\":\"Trang ch\u1ee7\",\"item\":\"https:\/\/vannangvn.123websitedev.com\/\"},{\"@type\":\"ListItem\",\"position\":2,\"name\":\"S\u1ea3n ph\u1ea9m\",\"item\":\"https:\/\/vannangvn.123websitedev.com\/cua-hang\/\"},{\"@type\":\"ListItem\",\"position\":3,\"name\":\"M\u00c1Y \u0110O \u0110\u1ed8 C\u1ee8NG BRINELL T\u1ef0 \u0110\u1ed8NG MIKROSIZE MODEL MBRIN-3000A\"}]},{\"@type\":\"WebSite\",\"@id\":\"https:\/\/vannangvn.123websitedev.com\/#website\",\"url\":\"https:\/\/vannangvn.123websitedev.com\/\",\"name\":\"Vannang.vn\",\"description\":\"\",\"publisher\":{\"@id\":\"https:\/\/vannangvn.123websitedev.com\/#organization\"},\"potentialAction\":[{\"@type\":\"SearchAction\",\"target\":{\"@type\":\"EntryPoint\",\"urlTemplate\":\"https:\/\/vannangvn.123websitedev.com\/?s={search_term_string}\"},\"query-input\":{\"@type\":\"PropertyValueSpecification\",\"valueRequired\":true,\"valueName\":\"search_term_string\"}}],\"inLanguage\":\"en-US\"},{\"@type\":\"Organization\",\"@id\":\"https:\/\/vannangvn.123websitedev.com\/#organization\",\"name\":\"Vannang.vn\",\"url\":\"https:\/\/vannangvn.123websitedev.com\/\",\"logo\":{\"@type\":\"ImageObject\",\"inLanguage\":\"en-US\",\"@id\":\"https:\/\/vannangvn.123websitedev.com\/#\/schema\/logo\/image\/\",\"url\":\"https:\/\/vannangvn.123websitedev.com\/wp-content\/uploads\/2026\/02\/logo-van-nang-02.png\",\"contentUrl\":\"https:\/\/vannangvn.123websitedev.com\/wp-content\/uploads\/2026\/02\/logo-van-nang-02.png\",\"width\":448,\"height\":111,\"caption\":\"Vannang.vn\"},\"image\":{\"@id\":\"https:\/\/vannangvn.123websitedev.com\/#\/schema\/logo\/image\/\"}}]}<\/script>\n<!-- \/ Yoast SEO Premium plugin. -->","yoast_head_json":{"title":"M\u00c1Y \u0110O \u0110\u1ed8 C\u1ee8NG BRINELL T\u1ef0 \u0110\u1ed8NG MIKR... ch\u00ednh h\u00e3ng | V\u1ea1n N\u0103ng","description":"Mua ngay M\u00c1Y \u0110O \u0110\u1ed8 C\u1ee8NG BRINELL T\u1ef0 \u0110\u1ed8NG MIKROSIZE MODEL MBRIN-3000A ch\u00ednh h\u00e3ng. Gi\u00e1 t\u1ed1t!","robots":{"index":"noindex","follow":"follow","max-snippet":"max-snippet:-1","max-image-preview":"max-image-preview:large","max-video-preview":"max-video-preview:-1"},"og_locale":"en_US","og_type":"article","og_title":"M\u00c1Y \u0110O \u0110\u1ed8 C\u1ee8NG BRINELL T\u1ef0 \u0110\u1ed8NG MIKROSIZE MODEL MBRIN-3000A","og_description":"Mua ngay M\u00c1Y \u0110O \u0110\u1ed8 C\u1ee8NG BRINELL T\u1ef0 \u0110\u1ed8NG MIKROSIZE MODEL MBRIN-3000A ch\u00ednh h\u00e3ng. Gi\u00e1 t\u1ed1t!","og_url":"https:\/\/vannangvn.123websitedev.com\/en\/product\/may-do-do-cung-brinell-tu-dong-mikrosize-model-mbrin-3000a\/","og_site_name":"Vannang.vn","article_modified_time":"2026-03-30T11:24:35+00:00","twitter_card":"summary_large_image","twitter_misc":{"Est. reading time":"7 minutes"},"schema":{"@context":"https:\/\/schema.org","@graph":[{"@type":"WebPage","@id":"https:\/\/vannangvn.123websitedev.com\/san-pham\/may-do-do-cung-brinell-tu-dong-mikrosize-model-mbrin-3000a\/","url":"https:\/\/vannangvn.123websitedev.com\/san-pham\/may-do-do-cung-brinell-tu-dong-mikrosize-model-mbrin-3000a\/","name":"M\u00c1Y \u0110O \u0110\u1ed8 C\u1ee8NG BRINELL T\u1ef0 \u0110\u1ed8NG MIKR... ch\u00ednh h\u00e3ng | V\u1ea1n N\u0103ng","isPartOf":{"@id":"https:\/\/vannangvn.123websitedev.com\/#website"},"datePublished":"2026-03-20T10:33:17+00:00","dateModified":"2026-03-30T11:24:35+00:00","description":"Mua ngay M\u00c1Y \u0110O \u0110\u1ed8 C\u1ee8NG BRINELL T\u1ef0 \u0110\u1ed8NG MIKROSIZE MODEL MBRIN-3000A ch\u00ednh h\u00e3ng. Gi\u00e1 t\u1ed1t!","breadcrumb":{"@id":"https:\/\/vannangvn.123websitedev.com\/san-pham\/may-do-do-cung-brinell-tu-dong-mikrosize-model-mbrin-3000a\/#breadcrumb"},"inLanguage":"en-US","potentialAction":[{"@type":"ReadAction","target":["https:\/\/vannangvn.123websitedev.com\/san-pham\/may-do-do-cung-brinell-tu-dong-mikrosize-model-mbrin-3000a\/"]}]},{"@type":"BreadcrumbList","@id":"https:\/\/vannangvn.123websitedev.com\/san-pham\/may-do-do-cung-brinell-tu-dong-mikrosize-model-mbrin-3000a\/#breadcrumb","itemListElement":[{"@type":"ListItem","position":1,"name":"Trang ch\u1ee7","item":"https:\/\/vannangvn.123websitedev.com\/"},{"@type":"ListItem","position":2,"name":"S\u1ea3n ph\u1ea9m","item":"https:\/\/vannangvn.123websitedev.com\/cua-hang\/"},{"@type":"ListItem","position":3,"name":"M\u00c1Y \u0110O \u0110\u1ed8 C\u1ee8NG BRINELL T\u1ef0 \u0110\u1ed8NG MIKROSIZE MODEL MBRIN-3000A"}]},{"@type":"WebSite","@id":"https:\/\/vannangvn.123websitedev.com\/#website","url":"https:\/\/vannangvn.123websitedev.com\/","name":"Vannang.vn","description":"","publisher":{"@id":"https:\/\/vannangvn.123websitedev.com\/#organization"},"potentialAction":[{"@type":"SearchAction","target":{"@type":"EntryPoint","urlTemplate":"https:\/\/vannangvn.123websitedev.com\/?s={search_term_string}"},"query-input":{"@type":"PropertyValueSpecification","valueRequired":true,"valueName":"search_term_string"}}],"inLanguage":"en-US"},{"@type":"Organization","@id":"https:\/\/vannangvn.123websitedev.com\/#organization","name":"Vannang.vn","url":"https:\/\/vannangvn.123websitedev.com\/","logo":{"@type":"ImageObject","inLanguage":"en-US","@id":"https:\/\/vannangvn.123websitedev.com\/#\/schema\/logo\/image\/","url":"https:\/\/vannangvn.123websitedev.com\/wp-content\/uploads\/2026\/02\/logo-van-nang-02.png","contentUrl":"https:\/\/vannangvn.123websitedev.com\/wp-content\/uploads\/2026\/02\/logo-van-nang-02.png","width":448,"height":111,"caption":"Vannang.vn"},"image":{"@id":"https:\/\/vannangvn.123websitedev.com\/#\/schema\/logo\/image\/"}}]}},"_links":{"self":[{"href":"https:\/\/vannangvn.123websitedev.com\/en\/wp-json\/wp\/v2\/product\/6624","targetHints":{"allow":["GET"]}}],"collection":[{"href":"https:\/\/vannangvn.123websitedev.com\/en\/wp-json\/wp\/v2\/product"}],"about":[{"href":"https:\/\/vannangvn.123websitedev.com\/en\/wp-json\/wp\/v2\/types\/product"}],"replies":[{"embeddable":true,"href":"https:\/\/vannangvn.123websitedev.com\/en\/wp-json\/wp\/v2\/comments?post=6624"}],"wp:attachment":[{"href":"https:\/\/vannangvn.123websitedev.com\/en\/wp-json\/wp\/v2\/media?parent=6624"}],"wp:term":[{"taxonomy":"product_brand","embeddable":true,"href":"https:\/\/vannangvn.123websitedev.com\/en\/wp-json\/wp\/v2\/product_brand?post=6624"},{"taxonomy":"product_cat","embeddable":true,"href":"https:\/\/vannangvn.123websitedev.com\/en\/wp-json\/wp\/v2\/product_cat?post=6624"},{"taxonomy":"product_tag","embeddable":true,"href":"https:\/\/vannangvn.123websitedev.com\/en\/wp-json\/wp\/v2\/product_tag?post=6624"}],"curies":[{"name":"wp","href":"https:\/\/api.w.org\/{rel}","templated":true}]}}