{"id":6632,"date":"2026-03-20T17:33:32","date_gmt":"2026-03-20T10:33:32","guid":{"rendered":"https:\/\/vannangvn.123websitedev.com\/san-pham\/may-do-do-cung-da-nang-ky-thuat-so-mikrosize-ubrv-187-5\/"},"modified":"2026-03-30T18:24:47","modified_gmt":"2026-03-30T11:24:47","slug":"may-do-do-cung-da-nang-ky-thuat-so-mikrosize-ubrv-187-5","status":"publish","type":"product","link":"https:\/\/vannangvn.123websitedev.com\/en\/product\/may-do-do-cung-da-nang-ky-thuat-so-mikrosize-ubrv-187-5\/","title":{"rendered":"M\u00c1Y \u0110O \u0110\u1ed8 C\u1ee8NG \u0110A N\u0102NG K\u1ef8 THU\u1eacT S\u1ed0 MIKROSIZE UBRV-187.5"},"content":{"rendered":"<h1 style=\"color: red; font-weight: bold; font-size: 24px;\">T&#7893;ng quan s&#7843;n ph&#7849;m M&Aacute;Y &#272;O &#272;&#7896; C&#7912;NG &#272;A N&#258;NG K&#7928; THU&#7852;T S&#7888; MIKROSIZE UBRV-187.5<p>M&aacute;y &#272;o &#272;&#7897; C&#7913;ng &#272;a N&#259;ng K&#7929; Thu&#7853;t S&#7889; Mikrosize uBRV-187.5<br>\nM&aacute;y ki&#7875;m tra &#273;&#7897; c&#7913;ng &#273;a n&#259;ng k&#7929; thu&#7853;t s&#7889; uBRV-187.5 l&agrave; m&#7897;t s&#7843;n ph&#7849;m chuy&ecirc;n d&#7909;ng &#273;&#432;&#7907;c trang b&#7883; c&aacute;c ph&#432;&#417;ng ph&aacute;p ki&#7875;m tra Brinell, Rockwell v&agrave; Macro Vickers, cho ph&eacute;p &#273;o tr&ecirc;n nhi&#7873;u thang &#273;&#7897; c&#7913;ng kh&aacute;c nhau. V&#7899;i h&#7879; th&#7889;ng &#273;i&#7873;u khi&#7875;n l&#7863;p l&#7841;i &#273;&oacute;ng m&#7841;ch v&agrave; c&#7843;m bi&#7871;n t&#7843;i tr&#7885;ng ch&iacute;nh x&aacute;c cao, m&aacute;y kh&ocirc;ng c&#7847;n ph&#7843;i l&#7855;p tr&#7885;ng l&#432;&#7907;ng th&#7917; nghi&#7879;m, mang l&#7841;i s&#7921; ti&#7879;n l&#7907;i v&agrave; &#273;&#7897; ch&iacute;nh x&aacute;c trong qu&aacute; tr&igrave;nh ki&#7875;m tra. H&atilde;y c&ugrave;ng V&#7841;n N&#259;ng t&igrave;m hi&#7875;u chi ti&#7871;t v&#7873; thi&#7871;t b&#7883; uBRV-187.5 th&ocirc;ng qua b&agrave;i vi&#7871;t d&#432;&#7899;i &#273;&acirc;y.<\/p><h2 style=\"color: #2e7d32; font-weight: bold; font-size: 20px;\">&#272;&#7863;c &#272;i&#7875;m N&#7893;i B&#7853;t C&#7911;a M&aacute;y &#272;o &#272;&#7897; C&#7913;ng uBRV-187.5<\/h2><p>Trang b&#7883; m&agrave;n h&igrave;nh c&#7843;m &#7913;ng 8 inch, gi&uacute;p thao t&aacute;c d&#7877; d&agrave;ng v&agrave; thu&#7853;n ti&#7879;n.<br>\n&#272;&#7847;u ng&#7855;m k&iacute;nh hi&#7875;n vi v&#7899;i b&#7897; m&atilde; h&oacute;a s&#7889;, &#273;o v&agrave; hi&#7875;n th&#7883; tr&#7921;c ti&#7871;p c&aacute;c gi&aacute; tr&#7883; D1, D2 v&agrave; &#273;&#7897; c&#7913;ng tr&ecirc;n m&agrave;n h&igrave;nh LCD.<\/p><h2 style=\"color: #0073aa; font-weight: bold; font-size: 20px;\">L&#7921;a ch&#7885;n tr&#7921;c ti&#7871;p thang &#273;&#7897; c&#7913;ng, l&#7921;c th&#7917; t&#7921; &#273;&#7897;ng thay &#273;&#7893;i theo th&ocirc;ng s&#7889; th&#7917; nghi&#7879;m.<\/h2><p>T&#7921; &#273;&#7897;ng hi&#7879;u ch&#7881;nh l&#7921;c th&#7917;, t&#7921; &#273;&#7897;ng b&ugrave; l&#7921;c th&#7917;, t&#259;ng &#273;&aacute;ng k&#7875; &#273;&#7897; ch&iacute;nh x&aacute;c c&#7911;a l&#7921;c th&#7917;.<br>\nC&oacute; th&#7875; hi&#7879;u chu&#7849;n theo ti&ecirc;u chu&#7849;n kh&#7889;i &#273;&#7897; c&#7913;ng ho&#7863;c th&#432;&#7899;c &#273;o &#273;&#7897; c&#7913;ng.<br>\nChuy&#7875;n &#273;&#7893;i t&#7921; &#273;&#7897;ng gi&aacute; tr&#7883; &#273;&#7897; c&#7913;ng Brinell, Rockwell v&agrave; Vickers theo ti&ecirc;u chu&#7849;n GB\/ASTM.<\/p><h2 style=\"color: #0073aa; font-weight: bold; font-size: 20px;\">B&#7843;o v&#7879; b&#7857;ng m&#7853;t kh&#7849;u cho c&aacute;c th&ocirc;ng s&#7889; thi&#7871;t l&#7853;p, l&#432;u tr&#7919; nhi&#7873;u m&#7851;u v&agrave; th&ocirc;ng tin ki&#7875;m tra.<\/h2><p>&#7912;ng D&#7909;ng M&aacute;y &#272;o &#272;&#7897; C&#7913;ng uBRV-187.5<\/p><p>M&aacute;y ki&#7875;m tra &#273;&#7897; c&#7913;ng uBRV-187.5 &#273;&#432;&#7907;c s&#7917; d&#7909;ng r&#7897;ng r&atilde;i trong c&aacute;c ng&agrave;nh c&ocirc;ng nghi&#7879;p gia c&ocirc;ng c&#417; kh&iacute;, s&#7843;n xu&#7845;t kim lo&#7841;i, &#273;&#7863;c bi&#7879;t l&agrave;:<\/p><p>Th&eacute;p &#273;&atilde; &#273;&#432;&#7907;c l&agrave;m c&#7913;ng v&agrave; x&#7917; l&yacute; b&#7873; m&#7863;t.<br>\nH&#7907;p kim th&eacute;p.<\/p><h2 style=\"color: #0073aa; font-weight: bold; font-size: 20px;\">C&aacute;c chi ti&#7871;t &#273;&uacute;c.<\/h2><p>C&aacute;c lo&#7841;i th&eacute;p r&egrave;n v&agrave; t&ocirc;i luy&#7879;n.<br>\nT&#7845;m th&eacute;p carburized.<br>\nC&aacute;c lo&#7841;i kim lo&#7841;i m&#7873;m.<br>\nC&aacute;c v&#7853;t li&#7879;u x&#7917; l&yacute; nhi&#7879;t b&#7873; m&#7863;t v&agrave; h&oacute;a h&#7885;c kh&aacute;c.<\/p><p>B&#7897; M&aacute;y &#272;o &#272;&#7897; C&#7913;ng uBRV-187.5 Bao G&#7891;m<\/p><p>Item<br>\nQuantity<br>\nItem<br>\nQuantity<\/p><p>Lighting (Internal Lighting, External Lighting)<br>\nEach 1 pc<br>\nHardness Test block(HRC High,HRC Low,HRB ,HBW2.5\/187.5, HV30)<br>\nEach 1 pc<\/p><p>Rockwell Diamond Indenter<br>\n1 pc<br>\nBrinell Carbide<br>\nBall Indenter(2.5&#12289;5mm)<br>\nEach 1 pc<\/p><p>Vickers Diamond Indenter<br>\n1 pc<br>\nRockwell Carbide Ball Indentor<br>\n1.5875mm<br>\n1pc<\/p><p>Eyepiece 15X<br>\n1 pc<br>\nObjective&#65288;2.5X&#12289;5X&#65289;<br>\nEach 1 pc<\/p><p>Sliding Test Table<br>\n1pc<br>\nLarge, Medium, V-shape Test Anvil<br>\nEach 1 pc<\/p><p>U-disk, Touch Pen<br>\nEach 1pc<br>\nFuse 2A<br>\n2pcs<\/p><p>Level<br>\n1pc<br>\nAdjusting Level Screw<br>\n4pcs<\/p><p>Power Cable<br>\n1pc<br>\nDust-proof Cover<br>\n1pc<\/p><p>Certificate, Warranty Card<br>\n1copy<br>\nInstruction Manual<br>\n1copy<\/p><p>Ph&#7909; Ki&#7879;n C&#7911;a M&aacute;y<\/p><p>Rockwell Diamond Indenter<\/p><p>Vickers Diamond Indenter<\/p><p>HRB Rockwell Block<\/p><p>HRC High Rockwell Block<\/p><p>HRC Low Rockwell Block<\/p><p>HBW Brinell Block<\/p><p>HV30 Vickers Block<\/p><p>Brinell Ball Indentor<\/p><p>Rockwell 1.5875mm Indentor<\/p><p>Large Test Anvil<\/p><p>Medium Test Anvil<\/p><p>V-shape Test Anvil<\/p><p>Nh&#7919;ng L&yacute; Do N&ecirc;n Mua M&aacute;y &#272;o &#272;&#7897; C&#7913;ng T&#7841;i Thi&#7871;t B&#7883; C&ocirc;ng Ngh&#7879; V&#7841;n N&#259;ng<\/p><p>C&ocirc;ng ty Thi&#7871;t B&#7883; C&ocirc;ng Ngh&#7879; V&#7841;n N&#259;ng l&agrave; &#273;&#7889;i t&aacute;c ch&iacute;nh th&#7913;c ph&acirc;n ph&#7889;i M&aacute;y &#272;o &#272;&#7897; C&#7913;ng h&agrave;ng &#273;&#7847;u t&#7841;i Vi&#7879;t Nam, cam k&#7871;t cung c&#7845;p s&#7843;n ph&#7849;m ch&iacute;nh h&atilde;ng v&#7899;i gi&aacute; c&#7843; c&#7841;nh tranh nh&#7845;t th&#7883; tr&#432;&#7901;ng. V&#7899;i uy t&iacute;n tr&ecirc;n th&#7883; tr&#432;&#7901;ng v&agrave; ch&#7871; &#273;&#7897; h&#7851;u m&atilde;i t&#7889;t, Thi&#7871;t B&#7883; C&ocirc;ng Ngh&#7879; V&#7841;n N&#259;ng &#273;&atilde; nh&#7853;n &#273;&#432;&#7907;c s&#7921; tin t&#432;&#7903;ng t&#7915; kh&aacute;ch h&agrave;ng nh&#7901; v&agrave;o ch&#7845;t l&#432;&#7907;ng h&agrave;ng &#273;&#7847;u c&#7911;a c&aacute;c d&ograve;ng s&#7843;n ph&#7849;m.<br>\nS&#7843;n ph&#7849;m c&#7911;a ch&uacute;ng t&ocirc;i &#273;&#432;&#7907;c ki&#7875;m &#273;&#7883;nh ch&#7845;t l&#432;&#7907;ng, nh&#7853;p kh&#7849;u tr&#7921;c ti&#7871;p t&#7915; nh&agrave; m&aacute;y b&ecirc;n Ch&acirc;u &Acirc;u, M&#7929;, &Uacute;c, Nh&#7853;t B&#7843;n,&hellip; v&agrave; &#273;&aacute;p &#7913;ng nhu c&#7847;u &#273;a d&#7841;ng c&#7911;a th&#7883; tr&#432;&#7901;ng nh&#432;: M&aacute;y &#272;o &#272;&#7897; C&#7913;ng, M&aacute;y SPECTROMAXx, M&aacute;y Ki&#7875;m Tra &#272;&#7897; B&#7873;n S&#417;n,&hellip; Ch&uacute;ng t&ocirc;i cam k&#7871;t cung c&#7845;p s&#7843;n ph&#7849;m n&agrave;y tr&ecirc;n to&agrave;n qu&#7889;c v&#7899;i gi&aacute; c&#7843; c&#7841;nh tranh nh&#7845;t.<br>\nCh&uacute;ng t&ocirc;i c&oacute; &#273;&#7897;i ng&#361; chuy&ecirc;n vi&ecirc;n t&#432; v&#7845;n chuy&ecirc;n s&acirc;u s&#7869; h&#7895; tr&#7907; kh&aacute;ch h&agrave;ng v&#7873; chi ti&#7871;t s&#7843;n ph&#7849;m, h&#432;&#7899;ng d&#7851;n s&#7917; d&#7909;ng hay nh&#7919;ng th&#7913; li&ecirc;n quan &#273;&#7871;n v&#7845;n &#273;&#7873; m&agrave; doanh nghi&#7879;p b&#7841;n &#273;ang g&#7863;p ph&#7843;i. Ch&uacute;ng t&ocirc;i s&#7869; cung c&#7845;p nh&#7919;ng gi&#7843;i ph&aacute;p t&#7889;i &#432;u nh&#7845;t!<br>\nNgo&agrave;i ra Thi&#7871;t B&#7883; C&ocirc;ng Ngh&#7879; V&#7841;n N&#259;ng Ch&uacute;ng T&ocirc;i lu&ocirc;n h&#432;&#7899;ng &#273;&#7871;n tr&#7843;i nghi&#7879;m kh&aacute;ch h&agrave;ng, v&igrave; v&#7853;y ch&uacute;ng t&ocirc;i c&oacute; nh&#7919;ng ch&iacute;nh s&aacute;ch b&#7843;o h&agrave;nh, b&#7843;o tr&igrave; &ndash; b&#7843;o d&#432;&#7905;ng, hi&#7879;u chu&#7849;n v&#7899;i t&#7845;t c&#7843; c&aacute;c thi&#7871;t b&#7883;, m&aacute;y m&oacute;c m&agrave; ch&uacute;ng t&ocirc;i cung c&#7845;p. &#272;&#7843;m b&#7843;o mang &#273;&#7871;n cho Kh&aacute;ch h&agrave;ng s&#7921; y&ecirc;n t&acirc;m tuy&#7879;t &#273;&#7889;i v&#7873; d&#7883;ch v&#7909; khi mua h&agrave;ng.<\/p><p>T&#7893;ng K&#7871;t<br>\nM&aacute;y ki&#7875;m tra &#273;&#7897; c&#7913;ng &#273;a n&#259;ng k&#7929; thu&#7853;t s&#7889; uBRV-187.5 l&agrave; m&#7897;t gi&#7843;i ph&aacute;p ho&agrave;n h&#7843;o cho c&aacute;c c&ocirc;ng vi&#7879;c ki&#7875;m tra &#273;&#7897; c&#7913;ng kim lo&#7841;i v&agrave; v&#7853;t li&#7879;u x&#7917; l&yacute; b&#7873; m&#7863;t. V&#7899;i t&iacute;nh linh ho&#7841;t cao, &#273;&#7897; ch&iacute;nh x&aacute;c v&agrave; c&aacute;c t&iacute;nh n&#259;ng th&ocirc;ng minh, s&#7843;n ph&#7849;m n&agrave;y s&#7869; mang l&#7841;i hi&#7879;u su&#7845;t v&agrave; &#273;&#7897; tin c&#7853;y cao cho c&aacute;c &#7913;ng d&#7909;ng trong ng&agrave;nh c&ocirc;ng nghi&#7879;p v&agrave; nghi&ecirc;n c&#7913;u. H&atilde;y li&ecirc;n h&#7879; v&#7899;i V&#7841;n N&#259;ng Company ngay &#273;&#7875; &#273;&#432;&#7907;c t&#432; v&#7845;n chuy&ecirc;n s&acirc;u v&agrave; nh&#7853;n c&aacute;c &#432;u &#273;&atilde;i h&#7845;p d&#7851;n nh&#7845;t th&ocirc;ng qua hotline\/zalo: <a href=\"https:\/\/zalo.me\/0903991335\" target=\"_blank\" rel=\"noopener\" style=\"color: #059669; font-weight: bold; text-decoration: none;\">0903 991 335<\/a>!<\/p><div style=\"background-color: #f8fafc; border: 1px solid #e2e8f0; border-radius: 8px; padding: 25px; max-width: 800px; margin: 30px auto; color: #334155; line-height: 1.8; font-size: 17px; box-shadow: 0 4px 6px -1px rgba(0,0,0,0.05); text-align: left; clear: both;\">\nC&ocirc;ng ty TNHH Th&#432;&#417;ng M&#7841;i D&#7883;ch V&#7909; Thi&#7871;t B&#7883; C&ocirc;ng Ngh&#7879; V&#7841;n N&#259;ng\n<p style=\"margin: 0 0 10px 0;\">&#128205; <strong style=\"color: #1e293b;\">&#272;&#7883;a ch&#7881;:<\/strong> <a style=\"color: #059669; text-decoration: none; font-weight: bold;\" href=\"https:\/\/www.google.com\/maps\/search\/C%C3%B4ng+ty+TNHH+Th%C6%B0%C6%A1ng+M%E1%BA%A1i+D%E1%BB%8Bch+V%E1%BB%A5+Thi%E1%BA%BFt+B%E1%BB%8B+C%C3%B4ng+Ngh%E1%BB%87+V%E1%BA%A1n+N%C4%83ng+818+Tr%C6%B0%E1%BB%9Dng+Chinh\" target=\"_blank\" rel=\"noopener\">818 Tr&#432;&#7901;ng Chinh, Ph&#432;&#7901;ng T&acirc;n S&#417;n, Th&agrave;nh ph&#7889; H&#7891; Ch&iacute; Minh, Vi&#7879;t Nam<\/a><\/p>\n<p style=\"margin: 0 0 10px 0;\">&#128222; <strong style=\"color: #1e293b;\">S&#272;T &ndash; Zalo:<\/strong> <a style=\"color: #059669; text-decoration: none; font-weight: bold;\" href=\"https:\/\/zalo.me\/0903991335\" target=\"_blank\" rel=\"noopener\">0903 991 335<\/a> <span style=\"color: #64748b; font-style: italic;\">(Ms. H&#7841;nh &ndash; Gi&aacute;m &#272;&#7889;c Kinh Doanh)<\/span><\/p>\n<p style=\"margin: 0;\">&#9993;&#65039; <strong style=\"color: #1e293b;\">Email:<\/strong> <a style=\"color: #059669; text-decoration: none; font-weight: bold;\" href=\"mailto:hienhanh@vannangvn.com\">hienhanh@vannangvn.com<\/a><\/p>\n<\/div><\/h1>","protected":false},"excerpt":{"rendered":"<p><strong>Th&#432;&#417;ng hi&#7879;u:<\/strong> OEM<br>\n<strong>Model:<\/strong> uBRV<p>Product <strong>M&Aacute;Y &#272;O &#272;&#7896; C&#7912;NG &#272;A N&#258;NG K&#7928; THU&#7852;T S&#7888; MIKROSIZE UBRV-187.5<\/strong> ch&iacute;nh h&atilde;ng. <\/p><\/p>","protected":false},"featured_media":8535,"comment_status":"open","ping_status":"closed","template":"","meta":[],"product_brand":[],"product_cat":[18],"product_tag":[181,222,223,567,892,1247,1638,1655,109,129],"class_list":{"0":"post-6632","1":"product","2":"type-product","3":"status-publish","4":"has-post-thumbnail","6":"product_cat-chua-phan-loai","7":"product_tag-do","8":"product_tag-da","9":"product_tag-nang","10":"product_tag-cung","11":"product_tag-ky","12":"product_tag-thuat","13":"product_tag-mikrosize","14":"product_tag-ubrv-187-5","15":"product_tag-may","16":"product_tag-so","18":"first","19":"instock","20":"shipping-taxable","21":"product-type-simple"},"yoast_head":"<!-- This site is optimized with the Yoast SEO Premium plugin v24.8 (Yoast SEO v24.8) - https:\/\/yoast.com\/wordpress\/plugins\/seo\/ -->\n<title>M\u00c1Y \u0110O \u0110\u1ed8 C\u1ee8NG \u0110A N\u0102NG K\u1ef8 THU\u1eacT S\u1ed0 ... ch\u00ednh h\u00e3ng | V\u1ea1n N\u0103ng<\/title>\n<meta name=\"description\" content=\"Mua ngay M\u00c1Y \u0110O \u0110\u1ed8 C\u1ee8NG \u0110A N\u0102NG K\u1ef8 THU\u1eacT S\u1ed0 MIKROSIZE UBRV-187.5 ch\u00ednh h\u00e3ng. Gi\u00e1 t\u1ed1t!\" \/>\n<meta name=\"robots\" content=\"noindex, follow, max-snippet:-1, max-image-preview:large, max-video-preview:-1\" \/>\n<meta property=\"og:locale\" content=\"en_US\" \/>\n<meta property=\"og:type\" content=\"article\" \/>\n<meta property=\"og:title\" content=\"M\u00c1Y \u0110O \u0110\u1ed8 C\u1ee8NG \u0110A N\u0102NG K\u1ef8 THU\u1eacT S\u1ed0 MIKROSIZE UBRV-187.5\" \/>\n<meta property=\"og:description\" content=\"Mua ngay M\u00c1Y \u0110O \u0110\u1ed8 C\u1ee8NG \u0110A N\u0102NG K\u1ef8 THU\u1eacT S\u1ed0 MIKROSIZE UBRV-187.5 ch\u00ednh h\u00e3ng. Gi\u00e1 t\u1ed1t!\" \/>\n<meta property=\"og:url\" content=\"https:\/\/vannangvn.123websitedev.com\/en\/product\/may-do-do-cung-da-nang-ky-thuat-so-mikrosize-ubrv-187-5\/\" \/>\n<meta property=\"og:site_name\" content=\"Vannang.vn\" \/>\n<meta property=\"article:modified_time\" content=\"2026-03-30T11:24:47+00:00\" \/>\n<meta property=\"og:image\" content=\"http:\/\/vannangvn.123websitedev.com\/wp-content\/uploads\/2026\/03\/May-Do-Do-Cung-Da-Nang-Ky-Thuat-So-Mikrosize-uBRV-187.5250-3_2-copy.jpg\" \/>\n\t<meta property=\"og:image:width\" content=\"768\" \/>\n\t<meta property=\"og:image:height\" content=\"576\" \/>\n\t<meta property=\"og:image:type\" content=\"image\/jpeg\" \/>\n<meta name=\"twitter:card\" content=\"summary_large_image\" \/>\n<meta name=\"twitter:label1\" content=\"Est. reading time\" \/>\n\t<meta name=\"twitter:data1\" content=\"7 minutes\" \/>\n<script type=\"application\/ld+json\" class=\"yoast-schema-graph\">{\"@context\":\"https:\/\/schema.org\",\"@graph\":[{\"@type\":\"WebPage\",\"@id\":\"https:\/\/vannangvn.123websitedev.com\/san-pham\/may-do-do-cung-da-nang-ky-thuat-so-mikrosize-ubrv-187-5\/\",\"url\":\"https:\/\/vannangvn.123websitedev.com\/san-pham\/may-do-do-cung-da-nang-ky-thuat-so-mikrosize-ubrv-187-5\/\",\"name\":\"M\u00c1Y \u0110O \u0110\u1ed8 C\u1ee8NG \u0110A N\u0102NG K\u1ef8 THU\u1eacT S\u1ed0 ... ch\u00ednh h\u00e3ng | V\u1ea1n N\u0103ng\",\"isPartOf\":{\"@id\":\"https:\/\/vannangvn.123websitedev.com\/#website\"},\"primaryImageOfPage\":{\"@id\":\"https:\/\/vannangvn.123websitedev.com\/san-pham\/may-do-do-cung-da-nang-ky-thuat-so-mikrosize-ubrv-187-5\/#primaryimage\"},\"image\":{\"@id\":\"https:\/\/vannangvn.123websitedev.com\/san-pham\/may-do-do-cung-da-nang-ky-thuat-so-mikrosize-ubrv-187-5\/#primaryimage\"},\"thumbnailUrl\":\"https:\/\/vannangvn.123websitedev.com\/wp-content\/uploads\/2026\/03\/May-Do-Do-Cung-Da-Nang-Ky-Thuat-So-Mikrosize-uBRV-187.5250-3_2-copy.jpg\",\"datePublished\":\"2026-03-20T10:33:32+00:00\",\"dateModified\":\"2026-03-30T11:24:47+00:00\",\"description\":\"Mua ngay M\u00c1Y \u0110O \u0110\u1ed8 C\u1ee8NG \u0110A N\u0102NG K\u1ef8 THU\u1eacT S\u1ed0 MIKROSIZE UBRV-187.5 ch\u00ednh h\u00e3ng. Gi\u00e1 t\u1ed1t!\",\"breadcrumb\":{\"@id\":\"https:\/\/vannangvn.123websitedev.com\/san-pham\/may-do-do-cung-da-nang-ky-thuat-so-mikrosize-ubrv-187-5\/#breadcrumb\"},\"inLanguage\":\"en-US\",\"potentialAction\":[{\"@type\":\"ReadAction\",\"target\":[\"https:\/\/vannangvn.123websitedev.com\/san-pham\/may-do-do-cung-da-nang-ky-thuat-so-mikrosize-ubrv-187-5\/\"]}]},{\"@type\":\"ImageObject\",\"inLanguage\":\"en-US\",\"@id\":\"https:\/\/vannangvn.123websitedev.com\/san-pham\/may-do-do-cung-da-nang-ky-thuat-so-mikrosize-ubrv-187-5\/#primaryimage\",\"url\":\"https:\/\/vannangvn.123websitedev.com\/wp-content\/uploads\/2026\/03\/May-Do-Do-Cung-Da-Nang-Ky-Thuat-So-Mikrosize-uBRV-187.5250-3_2-copy.jpg\",\"contentUrl\":\"https:\/\/vannangvn.123websitedev.com\/wp-content\/uploads\/2026\/03\/May-Do-Do-Cung-Da-Nang-Ky-Thuat-So-Mikrosize-uBRV-187.5250-3_2-copy.jpg\",\"width\":768,\"height\":576},{\"@type\":\"BreadcrumbList\",\"@id\":\"https:\/\/vannangvn.123websitedev.com\/san-pham\/may-do-do-cung-da-nang-ky-thuat-so-mikrosize-ubrv-187-5\/#breadcrumb\",\"itemListElement\":[{\"@type\":\"ListItem\",\"position\":1,\"name\":\"Trang ch\u1ee7\",\"item\":\"https:\/\/vannangvn.123websitedev.com\/\"},{\"@type\":\"ListItem\",\"position\":2,\"name\":\"S\u1ea3n ph\u1ea9m\",\"item\":\"https:\/\/vannangvn.123websitedev.com\/cua-hang\/\"},{\"@type\":\"ListItem\",\"position\":3,\"name\":\"M\u00c1Y \u0110O \u0110\u1ed8 C\u1ee8NG \u0110A N\u0102NG K\u1ef8 THU\u1eacT S\u1ed0 MIKROSIZE UBRV-187.5\"}]},{\"@type\":\"WebSite\",\"@id\":\"https:\/\/vannangvn.123websitedev.com\/#website\",\"url\":\"https:\/\/vannangvn.123websitedev.com\/\",\"name\":\"Vannang.vn\",\"description\":\"\",\"publisher\":{\"@id\":\"https:\/\/vannangvn.123websitedev.com\/#organization\"},\"potentialAction\":[{\"@type\":\"SearchAction\",\"target\":{\"@type\":\"EntryPoint\",\"urlTemplate\":\"https:\/\/vannangvn.123websitedev.com\/?s={search_term_string}\"},\"query-input\":{\"@type\":\"PropertyValueSpecification\",\"valueRequired\":true,\"valueName\":\"search_term_string\"}}],\"inLanguage\":\"en-US\"},{\"@type\":\"Organization\",\"@id\":\"https:\/\/vannangvn.123websitedev.com\/#organization\",\"name\":\"Vannang.vn\",\"url\":\"https:\/\/vannangvn.123websitedev.com\/\",\"logo\":{\"@type\":\"ImageObject\",\"inLanguage\":\"en-US\",\"@id\":\"https:\/\/vannangvn.123websitedev.com\/#\/schema\/logo\/image\/\",\"url\":\"https:\/\/vannangvn.123websitedev.com\/wp-content\/uploads\/2026\/02\/logo-van-nang-02.png\",\"contentUrl\":\"https:\/\/vannangvn.123websitedev.com\/wp-content\/uploads\/2026\/02\/logo-van-nang-02.png\",\"width\":448,\"height\":111,\"caption\":\"Vannang.vn\"},\"image\":{\"@id\":\"https:\/\/vannangvn.123websitedev.com\/#\/schema\/logo\/image\/\"}}]}<\/script>\n<!-- \/ Yoast SEO Premium plugin. -->","yoast_head_json":{"title":"M\u00c1Y \u0110O \u0110\u1ed8 C\u1ee8NG \u0110A N\u0102NG K\u1ef8 THU\u1eacT S\u1ed0 ... ch\u00ednh h\u00e3ng | V\u1ea1n N\u0103ng","description":"Mua ngay M\u00c1Y \u0110O \u0110\u1ed8 C\u1ee8NG \u0110A N\u0102NG K\u1ef8 THU\u1eacT S\u1ed0 MIKROSIZE UBRV-187.5 ch\u00ednh h\u00e3ng. Gi\u00e1 t\u1ed1t!","robots":{"index":"noindex","follow":"follow","max-snippet":"max-snippet:-1","max-image-preview":"max-image-preview:large","max-video-preview":"max-video-preview:-1"},"og_locale":"en_US","og_type":"article","og_title":"M\u00c1Y \u0110O \u0110\u1ed8 C\u1ee8NG \u0110A N\u0102NG K\u1ef8 THU\u1eacT S\u1ed0 MIKROSIZE UBRV-187.5","og_description":"Mua ngay M\u00c1Y \u0110O \u0110\u1ed8 C\u1ee8NG \u0110A N\u0102NG K\u1ef8 THU\u1eacT S\u1ed0 MIKROSIZE UBRV-187.5 ch\u00ednh h\u00e3ng. Gi\u00e1 t\u1ed1t!","og_url":"https:\/\/vannangvn.123websitedev.com\/en\/product\/may-do-do-cung-da-nang-ky-thuat-so-mikrosize-ubrv-187-5\/","og_site_name":"Vannang.vn","article_modified_time":"2026-03-30T11:24:47+00:00","og_image":[{"width":768,"height":576,"url":"http:\/\/vannangvn.123websitedev.com\/wp-content\/uploads\/2026\/03\/May-Do-Do-Cung-Da-Nang-Ky-Thuat-So-Mikrosize-uBRV-187.5250-3_2-copy.jpg","type":"image\/jpeg"}],"twitter_card":"summary_large_image","twitter_misc":{"Est. reading time":"7 minutes"},"schema":{"@context":"https:\/\/schema.org","@graph":[{"@type":"WebPage","@id":"https:\/\/vannangvn.123websitedev.com\/san-pham\/may-do-do-cung-da-nang-ky-thuat-so-mikrosize-ubrv-187-5\/","url":"https:\/\/vannangvn.123websitedev.com\/san-pham\/may-do-do-cung-da-nang-ky-thuat-so-mikrosize-ubrv-187-5\/","name":"M\u00c1Y \u0110O \u0110\u1ed8 C\u1ee8NG \u0110A N\u0102NG K\u1ef8 THU\u1eacT S\u1ed0 ... ch\u00ednh h\u00e3ng | V\u1ea1n N\u0103ng","isPartOf":{"@id":"https:\/\/vannangvn.123websitedev.com\/#website"},"primaryImageOfPage":{"@id":"https:\/\/vannangvn.123websitedev.com\/san-pham\/may-do-do-cung-da-nang-ky-thuat-so-mikrosize-ubrv-187-5\/#primaryimage"},"image":{"@id":"https:\/\/vannangvn.123websitedev.com\/san-pham\/may-do-do-cung-da-nang-ky-thuat-so-mikrosize-ubrv-187-5\/#primaryimage"},"thumbnailUrl":"https:\/\/vannangvn.123websitedev.com\/wp-content\/uploads\/2026\/03\/May-Do-Do-Cung-Da-Nang-Ky-Thuat-So-Mikrosize-uBRV-187.5250-3_2-copy.jpg","datePublished":"2026-03-20T10:33:32+00:00","dateModified":"2026-03-30T11:24:47+00:00","description":"Mua ngay M\u00c1Y \u0110O \u0110\u1ed8 C\u1ee8NG \u0110A N\u0102NG K\u1ef8 THU\u1eacT S\u1ed0 MIKROSIZE UBRV-187.5 ch\u00ednh h\u00e3ng. Gi\u00e1 t\u1ed1t!","breadcrumb":{"@id":"https:\/\/vannangvn.123websitedev.com\/san-pham\/may-do-do-cung-da-nang-ky-thuat-so-mikrosize-ubrv-187-5\/#breadcrumb"},"inLanguage":"en-US","potentialAction":[{"@type":"ReadAction","target":["https:\/\/vannangvn.123websitedev.com\/san-pham\/may-do-do-cung-da-nang-ky-thuat-so-mikrosize-ubrv-187-5\/"]}]},{"@type":"ImageObject","inLanguage":"en-US","@id":"https:\/\/vannangvn.123websitedev.com\/san-pham\/may-do-do-cung-da-nang-ky-thuat-so-mikrosize-ubrv-187-5\/#primaryimage","url":"https:\/\/vannangvn.123websitedev.com\/wp-content\/uploads\/2026\/03\/May-Do-Do-Cung-Da-Nang-Ky-Thuat-So-Mikrosize-uBRV-187.5250-3_2-copy.jpg","contentUrl":"https:\/\/vannangvn.123websitedev.com\/wp-content\/uploads\/2026\/03\/May-Do-Do-Cung-Da-Nang-Ky-Thuat-So-Mikrosize-uBRV-187.5250-3_2-copy.jpg","width":768,"height":576},{"@type":"BreadcrumbList","@id":"https:\/\/vannangvn.123websitedev.com\/san-pham\/may-do-do-cung-da-nang-ky-thuat-so-mikrosize-ubrv-187-5\/#breadcrumb","itemListElement":[{"@type":"ListItem","position":1,"name":"Trang ch\u1ee7","item":"https:\/\/vannangvn.123websitedev.com\/"},{"@type":"ListItem","position":2,"name":"S\u1ea3n ph\u1ea9m","item":"https:\/\/vannangvn.123websitedev.com\/cua-hang\/"},{"@type":"ListItem","position":3,"name":"M\u00c1Y \u0110O \u0110\u1ed8 C\u1ee8NG \u0110A N\u0102NG K\u1ef8 THU\u1eacT S\u1ed0 MIKROSIZE UBRV-187.5"}]},{"@type":"WebSite","@id":"https:\/\/vannangvn.123websitedev.com\/#website","url":"https:\/\/vannangvn.123websitedev.com\/","name":"Vannang.vn","description":"","publisher":{"@id":"https:\/\/vannangvn.123websitedev.com\/#organization"},"potentialAction":[{"@type":"SearchAction","target":{"@type":"EntryPoint","urlTemplate":"https:\/\/vannangvn.123websitedev.com\/?s={search_term_string}"},"query-input":{"@type":"PropertyValueSpecification","valueRequired":true,"valueName":"search_term_string"}}],"inLanguage":"en-US"},{"@type":"Organization","@id":"https:\/\/vannangvn.123websitedev.com\/#organization","name":"Vannang.vn","url":"https:\/\/vannangvn.123websitedev.com\/","logo":{"@type":"ImageObject","inLanguage":"en-US","@id":"https:\/\/vannangvn.123websitedev.com\/#\/schema\/logo\/image\/","url":"https:\/\/vannangvn.123websitedev.com\/wp-content\/uploads\/2026\/02\/logo-van-nang-02.png","contentUrl":"https:\/\/vannangvn.123websitedev.com\/wp-content\/uploads\/2026\/02\/logo-van-nang-02.png","width":448,"height":111,"caption":"Vannang.vn"},"image":{"@id":"https:\/\/vannangvn.123websitedev.com\/#\/schema\/logo\/image\/"}}]}},"_links":{"self":[{"href":"https:\/\/vannangvn.123websitedev.com\/en\/wp-json\/wp\/v2\/product\/6632","targetHints":{"allow":["GET"]}}],"collection":[{"href":"https:\/\/vannangvn.123websitedev.com\/en\/wp-json\/wp\/v2\/product"}],"about":[{"href":"https:\/\/vannangvn.123websitedev.com\/en\/wp-json\/wp\/v2\/types\/product"}],"replies":[{"embeddable":true,"href":"https:\/\/vannangvn.123websitedev.com\/en\/wp-json\/wp\/v2\/comments?post=6632"}],"wp:featuredmedia":[{"embeddable":true,"href":"https:\/\/vannangvn.123websitedev.com\/en\/wp-json\/wp\/v2\/media\/8535"}],"wp:attachment":[{"href":"https:\/\/vannangvn.123websitedev.com\/en\/wp-json\/wp\/v2\/media?parent=6632"}],"wp:term":[{"taxonomy":"product_brand","embeddable":true,"href":"https:\/\/vannangvn.123websitedev.com\/en\/wp-json\/wp\/v2\/product_brand?post=6632"},{"taxonomy":"product_cat","embeddable":true,"href":"https:\/\/vannangvn.123websitedev.com\/en\/wp-json\/wp\/v2\/product_cat?post=6632"},{"taxonomy":"product_tag","embeddable":true,"href":"https:\/\/vannangvn.123websitedev.com\/en\/wp-json\/wp\/v2\/product_tag?post=6632"}],"curies":[{"name":"wp","href":"https:\/\/api.w.org\/{rel}","templated":true}]}}