{"id":6648,"date":"2026-03-20T17:33:48","date_gmt":"2026-03-20T10:33:48","guid":{"rendered":"https:\/\/vannangvn.123websitedev.com\/san-pham\/may-do-do-cung-ky-thuat-so-twin-rockwell-mikrosize-urocky-150-45\/"},"modified":"2026-03-30T18:25:10","modified_gmt":"2026-03-30T11:25:10","slug":"may-do-do-cung-ky-thuat-so-twin-rockwell-mikrosize-urocky-150-45","status":"publish","type":"product","link":"https:\/\/vannangvn.123websitedev.com\/en\/product\/may-do-do-cung-ky-thuat-so-twin-rockwell-mikrosize-urocky-150-45\/","title":{"rendered":"M\u00c1Y \u0110O \u0110\u1ed8 C\u1ee8NG K\u1ef8 THU\u1eacT S\u1ed0 TWIN ROCKWELL MIKROSIZE UROCKY-150\/45"},"content":{"rendered":"<h1 style=\"color: red; font-weight: bold; font-size: 24px;\">T&#7893;ng quan s&#7843;n ph&#7849;m M&Aacute;Y &#272;O &#272;&#7896; C&#7912;NG K&#7928; THU&#7852;T S&#7888; TWIN ROCKWELL MIKROSIZE UROCKY-150\/45<p>M&aacute;y &#272;o &#272;&#7897; C&#7913;ng K&#7929; Thu&#7853;t S&#7889; Twin Rockwell (Digital Twin Rockwell Hardness Tester) Mikrosize uRocky-150\/45<br>\nB&#7841;n &#273;ang t&igrave;m ki&#7871;m m&#7897;t thi&#7871;t b&#7883; &#273;o &#273;&#7897; c&#7913;ng ch&iacute;nh x&aacute;c v&agrave; &#273;&aacute;ng tin c&#7853;y? Thi&#7871;t b&#7883; &#273;o &#273;&#7897; c&#7913;ng Rockwell K&#7929; thu&#7853;t s&#7889; uRocky-150\/45 l&agrave; l&#7921;a ch&#7885;n ho&agrave;n h&#7843;o &#273;&#7875; &#273;&aacute;p &#7913;ng nhu c&#7847;u c&#7911;a b&#7841;n. Thi&#7871;t b&#7883; c&oacute; kh&#7843; n&#259;ng &#273;o &#273;&#7897; c&#7913;ng c&#7911;a c&aacute;c v&#7853;t li&#7879;u &#273;a d&#7841;ng, t&#7915; kim lo&#7841;i &#273;&#7871;n c&aacute;c v&#7853;t li&#7879;u h&#7907;p kim, &#273;&#7843;m b&#7843;o t&iacute;nh ch&iacute;nh x&aacute;c v&agrave; &#273;&aacute;ng tin c&#7853;y trong qu&aacute; tr&igrave;nh ki&#7875;m tra v&agrave; s&#7843;n xu&#7845;t.<\/p><h2 style=\"color: #2e7d32; font-weight: bold; font-size: 20px;\">&#272;&#7863;c Tr&#432;ng N&#7893;i B&#7853;t C&#7911;a uRocky-150\/45<\/h2><p>&#272;&#7897; Ch&iacute;nh X&aacute;c Cao: Thi&#7871;t b&#7883; &#273;o &#273;&#7897; c&#7913;ng Rockwell K&#7929; thu&#7853;t s&#7889; uRocky-150\/4 &#273;&#432;&#7907;c trang b&#7883; s&#7913;c &#273;o &#273;&#7841;c ch&iacute;nh x&aacute;c v&#7899;i l&#7921;c ki&#7875;m tra ban &#273;&#7847;u t&#7915; 10Kgf (98.07N) v&agrave; l&#7921;c ki&#7875;m tra t&#7893;ng c&#7897;ng l&ecirc;n &#273;&#7871;n 150kgf (1471N), cung c&#7845;p k&#7871;t qu&#7843; &#273;o ch&iacute;nh x&aacute;c v&agrave; &#273;&aacute;ng tin c&#7853;y.<br>\nPh&#7841;m Vi &#272;o &#272;&#7897; C&#7913;ng &#272;a D&#7841;ng: Thi&#7871;t b&#7883; h&#7895; tr&#7907; nhi&#7873;u quy m&ocirc; &#273;&#7897; c&#7913;ng bao g&#7891;m HRA, HRB, HRC, HRD, HRE, HRG, v&agrave; nhi&#7873;u h&#417;n n&#7919;a, t&#7915; 20 &#273;&#7871;n 120 HR.<br>\nThi&#7871;t K&#7871; Th&ocirc;ng Minh: S&#7917; d&#7909;ng c&ocirc;ng ngh&#7879; m&agrave;n h&igrave;nh c&#7843;m &#7913;ng LCD v&agrave; kh&#7843; n&#259;ng l&#432;u tr&#7919; d&#7919; li&#7879;u tr&ecirc;n USB flash drive v&#7899;i &#273;&#7883;nh d&#7841;ng Excel, gi&uacute;p b&#7841;n d&#7877; d&agrave;ng qu&#7843;n l&yacute; v&agrave; chia s&#7867; d&#7919; li&#7879;u ki&#7875;m tra.<br>\n&#272;&#7897; Tin C&#7853;y Cao: Model Rocky-150\/45 tu&acirc;n th&#7911; c&aacute;c ti&ecirc;u chu&#7849;n k&#7929; thu&#7853;t cao nh&#432; BSEN 6508, ISO 6508, ASTM E18, GB\/T230, &#273;&#7843;m b&#7843;o t&iacute;nh chu&#7849;n x&aacute;c v&agrave; &#273;&aacute;ng tin c&#7853;y c&#7911;a qu&aacute; tr&igrave;nh &#273;o.<br>\nThi&#7871;t K&#7871; Ti&#7879;n D&#7909;ng: K&iacute;ch th&#432;&#7899;c nh&#7887; g&#7885;n (560 * 220 * 800 mm) v&agrave; tr&#7885;ng l&#432;&#7907;ng (75kg), thu&#7853;n ti&#7879;n cho vi&#7879;c di chuy&#7875;n v&agrave; s&#7917; d&#7909;ng trong nhi&#7873;u m&ocirc;i tr&#432;&#7901;ng l&agrave;m vi&#7879;c.<\/p><h2 style=\"color: #2e7d32; font-weight: bold; font-size: 20px;\">T&iacute;nh N&#259;ng V&#432;&#7907;t Tr&#7897;i C&#7911;a uRocky-150\/45<\/h2><p>Ph&#432;&#417;ng Ph&aacute;p T&#7843;i Tr&#7885;ng T&#7921; &#272;&#7897;ng: Thi&#7871;t b&#7883; &#273;o &#273;&#7897; c&#7913;ng Rockwell K&#7929; thu&#7853;t s&#7889; uRocky-150\/45 t&#7921; &#273;&#7897;ng t&#7843;i tr&#7885;ng\/d&#7915;ng\/&#273;&#7891;ng b&#7897; h&oacute;a (Loading, Dwelling, UnLoading), &#273;&#7843;m b&#7843;o t&iacute;nh ch&iacute;nh x&aacute;c v&agrave; &#273;&#7891;ng nh&#7845;t c&#7911;a c&aacute;c th&#7917; nghi&#7879;m.<br>\nThang &#272;o R&#7897;ng: H&#7895; tr&#7907; c&aacute;c thang &#273;o &#273;&#7897; c&#7913;ng nh&#432; Rockwell, Brinell v&agrave; Vickers, Thi&#7871;t b&#7883; uRocky-150\/45 &#273;&aacute;p &#7913;ng nhi&#7873;u y&ecirc;u c&#7847;u &#273;o &#273;&#7897; c&#7913;ng kh&aacute;c nhau.<\/p><p>&#7912;ng D&#7909;ng Th&#7921;c T&#7871; C&#7911;a uRocky-150\/45<br>\nModel Mikrosize uRocky-150\/45 &#273;&#432;&#7907;c s&#7917; d&#7909;ng r&#7897;ng r&atilde;i trong c&aacute;c l&#297;nh v&#7921;c:<br>\nS&#7843;n Xu&#7845;t C&ocirc;ng Nghi&#7879;p: &#272;o &#273;&#7897; c&#7913;ng v&agrave; ki&#7875;m tra ch&#7845;t l&#432;&#7907;ng s&#7843;n ph&#7849;m trong qu&aacute; tr&igrave;nh s&#7843;n xu&#7845;t c&ocirc;ng nghi&#7879;p.<br>\nKi&#7875;m Tra Ch&#7845;t L&#432;&#7907;ng S&#7843;n Ph&#7849;m: D&ugrave;ng &#273;&#7875; ki&#7875;m tra ch&#7845;t l&#432;&#7907;ng v&agrave; &#273;&#7897; c&#7913;ng c&#7911;a c&aacute;c lo&#7841;i kim lo&#7841;i s&#7855;t v&agrave; kh&ocirc;ng s&#7855;t, th&eacute;p &#273;&atilde; &#273;&#432;&#7907;c t&ocirc;i, th&eacute;p &#273;&atilde; &#273;&#432;&#7907;c r&egrave;n n&oacute;ng, t&#7845;m th&eacute;p c&oacute; &#273;&#7897; d&agrave;y kh&aacute;c nhau, v&#7853;t li&#7879;u cacbua, v&#7853;t li&#7879;u metal b&#7897;t, v&#7853;t li&#7879;u ph&#7911; nhi&#7879;t v&agrave; &#273;&#7897; c&#7913;ng.<\/p><p>B&#7897; S&#7843;n Ph&#7849;m Bao G&#7891;m:<\/p><p>Item<br>\nQuantity<br>\nItem<br>\nQuantity<\/p><p>&#272;&#7847;u d&ograve; kim c&#432;&#417;ng Rockwell<br>\n1<br>\n&#272;&#7847;u d&ograve; bi 1.5875mm<br>\n1<\/p><p>Kh&#7889;i c&#7913;ng (HRC cao v&agrave; th&#7845;p, HRB, HR15N, HR30N, HR30T)<br>\n6<br>\nM&acirc;m th&#7917; nghi&#7879;m l&#7899;n, trung b&igrave;nh<br>\nEach 1<\/p><p>D&acirc;y ch&igrave; d&#7921; ph&ograve;ng (2A)<br>\n2<br>\nM&acirc;m th&#7917; nghi&#7879;m h&igrave;nh ch&#7919; V<br>\n1<\/p><p>&#272;&#297;a USB<br>\n1<br>\nV&#7887; nh&#7921;a ch&#7889;ng b&#7909;i<br>\n1<\/p><p>D&acirc;y ngu&#7891;n<br>\n1<br>\nGi&#7845;y ch&#7913;ng nh&#7853;n &#273;&#7911; &#273;i&#7873;u ki&#7879;n s&#7843;n ph&#7849;m<br>\n1<\/p><p>B&uacute;t c&#7843;m &#7913;ng<br>\n1<br>\nH&#432;&#7899;ng d&#7851;n s&#7917; d&#7909;ng<br>\n1<\/p><p>Nh&#7919;ng L&yacute; Do N&ecirc;n Mua M&aacute;y &#272;o &#272;&#7897; C&#7913;ng K&#7929; Thu&#7853;t S&#7889; T&#7841;i Thi&#7871;t B&#7883; C&ocirc;ng Ngh&#7879; V&#7841;n N&#259;ng<\/p><p>C&ocirc;ng ty Thi&#7871;t B&#7883; C&ocirc;ng Ngh&#7879; V&#7841;n N&#259;ng l&agrave; &#273;&#7889;i t&aacute;c ch&iacute;nh th&#7913;c ph&acirc;n ph&#7889;i M&aacute;y &#272;o &#272;&#7897; C&#7913;ng K&#7929; Thu&#7853;t S&#7889; h&agrave;ng &#273;&#7847;u t&#7841;i Vi&#7879;t Nam, cam k&#7871;t cung c&#7845;p s&#7843;n ph&#7849;m ch&iacute;nh h&atilde;ng v&#7899;i gi&aacute; c&#7843; c&#7841;nh tranh nh&#7845;t th&#7883; tr&#432;&#7901;ng. V&#7899;i uy t&iacute;n tr&ecirc;n th&#7883; tr&#432;&#7901;ng v&agrave; ch&#7871; &#273;&#7897; h&#7851;u m&atilde;i t&#7889;t, Thi&#7871;t B&#7883; C&ocirc;ng Ngh&#7879; V&#7841;n N&#259;ng &#273;&atilde; nh&#7853;n &#273;&#432;&#7907;c s&#7921; tin t&#432;&#7903;ng t&#7915; kh&aacute;ch h&agrave;ng nh&#7901; v&agrave;o ch&#7845;t l&#432;&#7907;ng h&agrave;ng &#273;&#7847;u c&#7911;a c&aacute;c d&ograve;ng s&#7843;n ph&#7849;m.<br>\nS&#7843;n ph&#7849;m c&#7911;a ch&uacute;ng t&ocirc;i &#273;&#432;&#7907;c ki&#7875;m &#273;&#7883;nh ch&#7845;t l&#432;&#7907;ng, nh&#7853;p kh&#7849;u tr&#7921;c ti&#7871;p t&#7915; nh&agrave; m&aacute;y b&ecirc;n Ch&acirc;u &Acirc;u, M&#7929;, &Uacute;c, Nh&#7853;t B&#7843;n,&hellip; v&agrave; &#273;&aacute;p &#7913;ng nhu c&#7847;u &#273;a d&#7841;ng c&#7911;a th&#7883; tr&#432;&#7901;ng nh&#432;: M&aacute;y &#272;o &#272;&#7897; C&#7913;ng, M&aacute;y SpectroMaxx, M&aacute;y Ki&#7875;m Tra &#272;&#7897; B&#7873;n S&#417;n,&hellip; Ch&uacute;ng t&ocirc;i cam k&#7871;t cung c&#7845;p s&#7843;n ph&#7849;m n&agrave;y tr&ecirc;n to&agrave;n qu&#7889;c v&#7899;i gi&aacute; c&#7843; c&#7841;nh tranh nh&#7845;t.<br>\nCh&uacute;ng t&ocirc;i c&oacute; &#273;&#7897;i ng&#361; chuy&ecirc;n vi&ecirc;n t&#432; v&#7845;n chuy&ecirc;n s&acirc;u s&#7869; h&#7895; tr&#7907; kh&aacute;ch h&agrave;ng v&#7873; chi ti&#7871;t s&#7843;n ph&#7849;m, h&#432;&#7899;ng d&#7851;n s&#7917; d&#7909;ng hay nh&#7919;ng th&#7913; li&ecirc;n quan &#273;&#7871;n v&#7845;n &#273;&#7873; m&agrave; doanh nghi&#7879;p b&#7841;n &#273;ang g&#7863;p ph&#7843;i. Ch&uacute;ng t&ocirc;i s&#7869; cung c&#7845;p nh&#7919;ng gi&#7843;i ph&aacute;p t&#7889;i &#432;u nh&#7845;t!<br>\nNgo&agrave;i ra V&#7841;n N&#259;ng Company lu&ocirc;n h&#432;&#7899;ng &#273;&#7871;n tr&#7843;i nghi&#7879;m kh&aacute;ch h&agrave;ng, v&igrave; v&#7853;y ch&uacute;ng t&ocirc;i c&oacute; nh&#7919;ng ch&iacute;nh s&aacute;ch b&#7843;o h&agrave;nh, b&#7843;o tr&igrave; &ndash; b&#7843;o d&#432;&#7905;ng, hi&#7879;u chu&#7849;n v&#7899;i t&#7845;t c&#7843; c&aacute;c thi&#7871;t b&#7883;, m&aacute;y m&oacute;c m&agrave; ch&uacute;ng t&ocirc;i cung c&#7845;p. &#272;&#7843;m b&#7843;o mang &#273;&#7871;n cho Kh&aacute;ch h&agrave;ng s&#7921; y&ecirc;n t&acirc;m tuy&#7879;t &#273;&#7889;i v&#7873; d&#7883;ch v&#7909; khi mua h&agrave;ng.<\/p><p>T&#7893;ng K&#7871;t<br>\nV&#7899;i thi&#7871;t k&#7871; th&ocirc;ng minh, t&iacute;nh n&#259;ng &#273;a d&#7841;ng v&agrave; &#273;&#7897; ch&iacute;nh x&aacute;c cao, M&aacute;y &#273;o &#273;&#7897; c&#7913;ng Rockwell K&#7929; thu&#7853;t s&#7889; &ndash; Model uRocky-150\/45 l&agrave; s&#7921; l&#7921;a ch&#7885;n l&yacute; t&#432;&#7903;ng &#273;&#7875; n&acirc;ng cao hi&#7879;u su&#7845;t ki&#7875;m tra &#273;&#7897; c&#7913;ng v&#7853;t li&#7879;u c&#7911;a b&#7841;n. H&atilde;y li&ecirc;n h&#7879; v&#7899;i Thi&#7871;t B&#7883; C&ocirc;ng Ngh&#7879; V&#7841;n N&#259;ng ngay &#273;&#7875; &#273;&#432;&#7907;c t&#432; v&#7845;n chuy&ecirc;n s&acirc;u v&agrave; nh&#7853;n nh&#7919;ng &#432;u &#273;&atilde;i h&#7845;p d&#7851;n nh&#7845;t th&ocirc;ng qua hotline\/zalo: <a href=\"https:\/\/zalo.me\/0903991335\" target=\"_blank\" rel=\"noopener\" style=\"color: #059669; font-weight: bold; text-decoration: none;\">0903 991 335<\/a>!<\/p><div style=\"background-color: #f8fafc; border: 1px solid #e2e8f0; border-radius: 8px; padding: 25px; max-width: 800px; margin: 30px auto; color: #334155; line-height: 1.8; font-size: 17px; box-shadow: 0 4px 6px -1px rgba(0,0,0,0.05); text-align: left; clear: both;\">\nC&ocirc;ng ty TNHH Th&#432;&#417;ng M&#7841;i D&#7883;ch V&#7909; Thi&#7871;t B&#7883; C&ocirc;ng Ngh&#7879; V&#7841;n N&#259;ng\n<p style=\"margin: 0 0 10px 0;\">&#128205; <strong style=\"color: #1e293b;\">&#272;&#7883;a ch&#7881;:<\/strong> <a style=\"color: #059669; text-decoration: none; font-weight: bold;\" href=\"https:\/\/www.google.com\/maps\/search\/C%C3%B4ng+ty+TNHH+Th%C6%B0%C6%A1ng+M%E1%BA%A1i+D%E1%BB%8Bch+V%E1%BB%A5+Thi%E1%BA%BFt+B%E1%BB%8B+C%C3%B4ng+Ngh%E1%BB%87+V%E1%BA%A1n+N%C4%83ng+818+Tr%C6%B0%E1%BB%9Dng+Chinh\" target=\"_blank\" rel=\"noopener\">818 Tr&#432;&#7901;ng Chinh, Ph&#432;&#7901;ng T&acirc;n S&#417;n, Th&agrave;nh ph&#7889; H&#7891; Ch&iacute; Minh, Vi&#7879;t Nam<\/a><\/p>\n<p style=\"margin: 0 0 10px 0;\">&#128222; <strong style=\"color: #1e293b;\">S&#272;T &ndash; Zalo:<\/strong> <a style=\"color: #059669; text-decoration: none; font-weight: bold;\" href=\"https:\/\/zalo.me\/0903991335\" target=\"_blank\" rel=\"noopener\">0903 991 335<\/a> <span style=\"color: #64748b; font-style: italic;\">(Ms. H&#7841;nh &ndash; Gi&aacute;m &#272;&#7889;c Kinh Doanh)<\/span><\/p>\n<p style=\"margin: 0;\">&#9993;&#65039; <strong style=\"color: #1e293b;\">Email:<\/strong> <a style=\"color: #059669; text-decoration: none; font-weight: bold;\" href=\"mailto:hienhanh@vannangvn.com\">hienhanh@vannangvn.com<\/a><\/p>\n<\/div><\/h1>","protected":false},"excerpt":{"rendered":"<p><strong>Th&#432;&#417;ng hi&#7879;u:<\/strong> OEM<br>\n<strong>Model:<\/strong> uRocky-150\/45<p>Product <strong>M&Aacute;Y &#272;O &#272;&#7896; C&#7912;NG K&#7928; THU&#7852;T S&#7888; TWIN ROCKWELL MIKROSIZE UROCKY-150\/45<\/strong> ch&iacute;nh h&atilde;ng. <\/p><\/p>","protected":false},"featured_media":10220,"comment_status":"open","ping_status":"closed","template":"","meta":[],"product_brand":[],"product_cat":[18],"product_tag":[1677,1678,109,129,181,567,892,1247,1638,1676],"class_list":{"0":"post-6648","1":"product","2":"type-product","3":"status-publish","4":"has-post-thumbnail","6":"product_cat-chua-phan-loai","7":"product_tag-rockwell","8":"product_tag-urocky-150-45","9":"product_tag-may","10":"product_tag-so","11":"product_tag-do","12":"product_tag-cung","13":"product_tag-ky","14":"product_tag-thuat","15":"product_tag-mikrosize","16":"product_tag-twin","18":"first","19":"instock","20":"shipping-taxable","21":"product-type-simple"},"yoast_head":"<!-- This site is optimized with the Yoast SEO Premium plugin v24.8 (Yoast SEO v24.8) - https:\/\/yoast.com\/wordpress\/plugins\/seo\/ -->\n<title>M\u00c1Y \u0110O \u0110\u1ed8 C\u1ee8NG K\u1ef8 THU\u1eacT S\u1ed0 TWIN ROC... ch\u00ednh h\u00e3ng | V\u1ea1n N\u0103ng<\/title>\n<meta name=\"description\" content=\"Mua ngay M\u00c1Y \u0110O \u0110\u1ed8 C\u1ee8NG K\u1ef8 THU\u1eacT S\u1ed0 TWIN ROCKWELL MIKROSIZE UROCKY-150\/45 ch\u00ednh h\u00e3ng. Gi\u00e1 t\u1ed1t!\" \/>\n<meta name=\"robots\" content=\"noindex, follow, max-snippet:-1, max-image-preview:large, max-video-preview:-1\" \/>\n<meta property=\"og:locale\" content=\"en_US\" \/>\n<meta property=\"og:type\" content=\"article\" \/>\n<meta property=\"og:title\" content=\"M\u00c1Y \u0110O \u0110\u1ed8 C\u1ee8NG K\u1ef8 THU\u1eacT S\u1ed0 TWIN ROCKWELL MIKROSIZE UROCKY-150\/45\" \/>\n<meta property=\"og:description\" content=\"Mua ngay M\u00c1Y \u0110O \u0110\u1ed8 C\u1ee8NG K\u1ef8 THU\u1eacT S\u1ed0 TWIN ROCKWELL MIKROSIZE UROCKY-150\/45 ch\u00ednh h\u00e3ng. Gi\u00e1 t\u1ed1t!\" \/>\n<meta property=\"og:url\" content=\"https:\/\/vannangvn.123websitedev.com\/en\/product\/may-do-do-cung-ky-thuat-so-twin-rockwell-mikrosize-urocky-150-45\/\" \/>\n<meta property=\"og:site_name\" content=\"Vannang.vn\" \/>\n<meta property=\"article:modified_time\" content=\"2026-03-30T11:25:10+00:00\" \/>\n<meta property=\"og:image\" content=\"http:\/\/vannangvn.123websitedev.com\/wp-content\/uploads\/2026\/03\/microsize-urocky-copy.jpg\" \/>\n\t<meta property=\"og:image:width\" content=\"768\" \/>\n\t<meta property=\"og:image:height\" content=\"576\" \/>\n\t<meta property=\"og:image:type\" content=\"image\/jpeg\" \/>\n<meta name=\"twitter:card\" content=\"summary_large_image\" \/>\n<meta name=\"twitter:label1\" content=\"Est. reading time\" \/>\n\t<meta name=\"twitter:data1\" content=\"7 minutes\" \/>\n<script type=\"application\/ld+json\" class=\"yoast-schema-graph\">{\"@context\":\"https:\/\/schema.org\",\"@graph\":[{\"@type\":\"WebPage\",\"@id\":\"https:\/\/vannangvn.123websitedev.com\/san-pham\/may-do-do-cung-ky-thuat-so-twin-rockwell-mikrosize-urocky-150-45\/\",\"url\":\"https:\/\/vannangvn.123websitedev.com\/san-pham\/may-do-do-cung-ky-thuat-so-twin-rockwell-mikrosize-urocky-150-45\/\",\"name\":\"M\u00c1Y \u0110O \u0110\u1ed8 C\u1ee8NG K\u1ef8 THU\u1eacT S\u1ed0 TWIN ROC... ch\u00ednh h\u00e3ng | V\u1ea1n N\u0103ng\",\"isPartOf\":{\"@id\":\"https:\/\/vannangvn.123websitedev.com\/#website\"},\"primaryImageOfPage\":{\"@id\":\"https:\/\/vannangvn.123websitedev.com\/san-pham\/may-do-do-cung-ky-thuat-so-twin-rockwell-mikrosize-urocky-150-45\/#primaryimage\"},\"image\":{\"@id\":\"https:\/\/vannangvn.123websitedev.com\/san-pham\/may-do-do-cung-ky-thuat-so-twin-rockwell-mikrosize-urocky-150-45\/#primaryimage\"},\"thumbnailUrl\":\"https:\/\/vannangvn.123websitedev.com\/wp-content\/uploads\/2026\/03\/microsize-urocky-copy.jpg\",\"datePublished\":\"2026-03-20T10:33:48+00:00\",\"dateModified\":\"2026-03-30T11:25:10+00:00\",\"description\":\"Mua ngay M\u00c1Y \u0110O \u0110\u1ed8 C\u1ee8NG K\u1ef8 THU\u1eacT S\u1ed0 TWIN ROCKWELL MIKROSIZE UROCKY-150\/45 ch\u00ednh h\u00e3ng. Gi\u00e1 t\u1ed1t!\",\"breadcrumb\":{\"@id\":\"https:\/\/vannangvn.123websitedev.com\/san-pham\/may-do-do-cung-ky-thuat-so-twin-rockwell-mikrosize-urocky-150-45\/#breadcrumb\"},\"inLanguage\":\"en-US\",\"potentialAction\":[{\"@type\":\"ReadAction\",\"target\":[\"https:\/\/vannangvn.123websitedev.com\/san-pham\/may-do-do-cung-ky-thuat-so-twin-rockwell-mikrosize-urocky-150-45\/\"]}]},{\"@type\":\"ImageObject\",\"inLanguage\":\"en-US\",\"@id\":\"https:\/\/vannangvn.123websitedev.com\/san-pham\/may-do-do-cung-ky-thuat-so-twin-rockwell-mikrosize-urocky-150-45\/#primaryimage\",\"url\":\"https:\/\/vannangvn.123websitedev.com\/wp-content\/uploads\/2026\/03\/microsize-urocky-copy.jpg\",\"contentUrl\":\"https:\/\/vannangvn.123websitedev.com\/wp-content\/uploads\/2026\/03\/microsize-urocky-copy.jpg\",\"width\":768,\"height\":576},{\"@type\":\"BreadcrumbList\",\"@id\":\"https:\/\/vannangvn.123websitedev.com\/san-pham\/may-do-do-cung-ky-thuat-so-twin-rockwell-mikrosize-urocky-150-45\/#breadcrumb\",\"itemListElement\":[{\"@type\":\"ListItem\",\"position\":1,\"name\":\"Trang ch\u1ee7\",\"item\":\"https:\/\/vannangvn.123websitedev.com\/\"},{\"@type\":\"ListItem\",\"position\":2,\"name\":\"S\u1ea3n ph\u1ea9m\",\"item\":\"https:\/\/vannangvn.123websitedev.com\/cua-hang\/\"},{\"@type\":\"ListItem\",\"position\":3,\"name\":\"M\u00c1Y \u0110O \u0110\u1ed8 C\u1ee8NG K\u1ef8 THU\u1eacT S\u1ed0 TWIN ROCKWELL MIKROSIZE UROCKY-150\/45\"}]},{\"@type\":\"WebSite\",\"@id\":\"https:\/\/vannangvn.123websitedev.com\/#website\",\"url\":\"https:\/\/vannangvn.123websitedev.com\/\",\"name\":\"Vannang.vn\",\"description\":\"\",\"publisher\":{\"@id\":\"https:\/\/vannangvn.123websitedev.com\/#organization\"},\"potentialAction\":[{\"@type\":\"SearchAction\",\"target\":{\"@type\":\"EntryPoint\",\"urlTemplate\":\"https:\/\/vannangvn.123websitedev.com\/?s={search_term_string}\"},\"query-input\":{\"@type\":\"PropertyValueSpecification\",\"valueRequired\":true,\"valueName\":\"search_term_string\"}}],\"inLanguage\":\"en-US\"},{\"@type\":\"Organization\",\"@id\":\"https:\/\/vannangvn.123websitedev.com\/#organization\",\"name\":\"Vannang.vn\",\"url\":\"https:\/\/vannangvn.123websitedev.com\/\",\"logo\":{\"@type\":\"ImageObject\",\"inLanguage\":\"en-US\",\"@id\":\"https:\/\/vannangvn.123websitedev.com\/#\/schema\/logo\/image\/\",\"url\":\"https:\/\/vannangvn.123websitedev.com\/wp-content\/uploads\/2026\/02\/logo-van-nang-02.png\",\"contentUrl\":\"https:\/\/vannangvn.123websitedev.com\/wp-content\/uploads\/2026\/02\/logo-van-nang-02.png\",\"width\":448,\"height\":111,\"caption\":\"Vannang.vn\"},\"image\":{\"@id\":\"https:\/\/vannangvn.123websitedev.com\/#\/schema\/logo\/image\/\"}}]}<\/script>\n<!-- \/ Yoast SEO Premium plugin. -->","yoast_head_json":{"title":"M\u00c1Y \u0110O \u0110\u1ed8 C\u1ee8NG K\u1ef8 THU\u1eacT S\u1ed0 TWIN ROC... ch\u00ednh h\u00e3ng | V\u1ea1n N\u0103ng","description":"Mua ngay M\u00c1Y \u0110O \u0110\u1ed8 C\u1ee8NG K\u1ef8 THU\u1eacT S\u1ed0 TWIN ROCKWELL MIKROSIZE UROCKY-150\/45 ch\u00ednh h\u00e3ng. Gi\u00e1 t\u1ed1t!","robots":{"index":"noindex","follow":"follow","max-snippet":"max-snippet:-1","max-image-preview":"max-image-preview:large","max-video-preview":"max-video-preview:-1"},"og_locale":"en_US","og_type":"article","og_title":"M\u00c1Y \u0110O \u0110\u1ed8 C\u1ee8NG K\u1ef8 THU\u1eacT S\u1ed0 TWIN ROCKWELL MIKROSIZE UROCKY-150\/45","og_description":"Mua ngay M\u00c1Y \u0110O \u0110\u1ed8 C\u1ee8NG K\u1ef8 THU\u1eacT S\u1ed0 TWIN ROCKWELL MIKROSIZE UROCKY-150\/45 ch\u00ednh h\u00e3ng. Gi\u00e1 t\u1ed1t!","og_url":"https:\/\/vannangvn.123websitedev.com\/en\/product\/may-do-do-cung-ky-thuat-so-twin-rockwell-mikrosize-urocky-150-45\/","og_site_name":"Vannang.vn","article_modified_time":"2026-03-30T11:25:10+00:00","og_image":[{"width":768,"height":576,"url":"http:\/\/vannangvn.123websitedev.com\/wp-content\/uploads\/2026\/03\/microsize-urocky-copy.jpg","type":"image\/jpeg"}],"twitter_card":"summary_large_image","twitter_misc":{"Est. reading time":"7 minutes"},"schema":{"@context":"https:\/\/schema.org","@graph":[{"@type":"WebPage","@id":"https:\/\/vannangvn.123websitedev.com\/san-pham\/may-do-do-cung-ky-thuat-so-twin-rockwell-mikrosize-urocky-150-45\/","url":"https:\/\/vannangvn.123websitedev.com\/san-pham\/may-do-do-cung-ky-thuat-so-twin-rockwell-mikrosize-urocky-150-45\/","name":"M\u00c1Y \u0110O \u0110\u1ed8 C\u1ee8NG K\u1ef8 THU\u1eacT S\u1ed0 TWIN ROC... ch\u00ednh h\u00e3ng | V\u1ea1n N\u0103ng","isPartOf":{"@id":"https:\/\/vannangvn.123websitedev.com\/#website"},"primaryImageOfPage":{"@id":"https:\/\/vannangvn.123websitedev.com\/san-pham\/may-do-do-cung-ky-thuat-so-twin-rockwell-mikrosize-urocky-150-45\/#primaryimage"},"image":{"@id":"https:\/\/vannangvn.123websitedev.com\/san-pham\/may-do-do-cung-ky-thuat-so-twin-rockwell-mikrosize-urocky-150-45\/#primaryimage"},"thumbnailUrl":"https:\/\/vannangvn.123websitedev.com\/wp-content\/uploads\/2026\/03\/microsize-urocky-copy.jpg","datePublished":"2026-03-20T10:33:48+00:00","dateModified":"2026-03-30T11:25:10+00:00","description":"Mua ngay M\u00c1Y \u0110O \u0110\u1ed8 C\u1ee8NG K\u1ef8 THU\u1eacT S\u1ed0 TWIN ROCKWELL MIKROSIZE UROCKY-150\/45 ch\u00ednh h\u00e3ng. Gi\u00e1 t\u1ed1t!","breadcrumb":{"@id":"https:\/\/vannangvn.123websitedev.com\/san-pham\/may-do-do-cung-ky-thuat-so-twin-rockwell-mikrosize-urocky-150-45\/#breadcrumb"},"inLanguage":"en-US","potentialAction":[{"@type":"ReadAction","target":["https:\/\/vannangvn.123websitedev.com\/san-pham\/may-do-do-cung-ky-thuat-so-twin-rockwell-mikrosize-urocky-150-45\/"]}]},{"@type":"ImageObject","inLanguage":"en-US","@id":"https:\/\/vannangvn.123websitedev.com\/san-pham\/may-do-do-cung-ky-thuat-so-twin-rockwell-mikrosize-urocky-150-45\/#primaryimage","url":"https:\/\/vannangvn.123websitedev.com\/wp-content\/uploads\/2026\/03\/microsize-urocky-copy.jpg","contentUrl":"https:\/\/vannangvn.123websitedev.com\/wp-content\/uploads\/2026\/03\/microsize-urocky-copy.jpg","width":768,"height":576},{"@type":"BreadcrumbList","@id":"https:\/\/vannangvn.123websitedev.com\/san-pham\/may-do-do-cung-ky-thuat-so-twin-rockwell-mikrosize-urocky-150-45\/#breadcrumb","itemListElement":[{"@type":"ListItem","position":1,"name":"Trang ch\u1ee7","item":"https:\/\/vannangvn.123websitedev.com\/"},{"@type":"ListItem","position":2,"name":"S\u1ea3n ph\u1ea9m","item":"https:\/\/vannangvn.123websitedev.com\/cua-hang\/"},{"@type":"ListItem","position":3,"name":"M\u00c1Y \u0110O \u0110\u1ed8 C\u1ee8NG K\u1ef8 THU\u1eacT S\u1ed0 TWIN ROCKWELL MIKROSIZE UROCKY-150\/45"}]},{"@type":"WebSite","@id":"https:\/\/vannangvn.123websitedev.com\/#website","url":"https:\/\/vannangvn.123websitedev.com\/","name":"Vannang.vn","description":"","publisher":{"@id":"https:\/\/vannangvn.123websitedev.com\/#organization"},"potentialAction":[{"@type":"SearchAction","target":{"@type":"EntryPoint","urlTemplate":"https:\/\/vannangvn.123websitedev.com\/?s={search_term_string}"},"query-input":{"@type":"PropertyValueSpecification","valueRequired":true,"valueName":"search_term_string"}}],"inLanguage":"en-US"},{"@type":"Organization","@id":"https:\/\/vannangvn.123websitedev.com\/#organization","name":"Vannang.vn","url":"https:\/\/vannangvn.123websitedev.com\/","logo":{"@type":"ImageObject","inLanguage":"en-US","@id":"https:\/\/vannangvn.123websitedev.com\/#\/schema\/logo\/image\/","url":"https:\/\/vannangvn.123websitedev.com\/wp-content\/uploads\/2026\/02\/logo-van-nang-02.png","contentUrl":"https:\/\/vannangvn.123websitedev.com\/wp-content\/uploads\/2026\/02\/logo-van-nang-02.png","width":448,"height":111,"caption":"Vannang.vn"},"image":{"@id":"https:\/\/vannangvn.123websitedev.com\/#\/schema\/logo\/image\/"}}]}},"_links":{"self":[{"href":"https:\/\/vannangvn.123websitedev.com\/en\/wp-json\/wp\/v2\/product\/6648","targetHints":{"allow":["GET"]}}],"collection":[{"href":"https:\/\/vannangvn.123websitedev.com\/en\/wp-json\/wp\/v2\/product"}],"about":[{"href":"https:\/\/vannangvn.123websitedev.com\/en\/wp-json\/wp\/v2\/types\/product"}],"replies":[{"embeddable":true,"href":"https:\/\/vannangvn.123websitedev.com\/en\/wp-json\/wp\/v2\/comments?post=6648"}],"wp:featuredmedia":[{"embeddable":true,"href":"https:\/\/vannangvn.123websitedev.com\/en\/wp-json\/wp\/v2\/media\/10220"}],"wp:attachment":[{"href":"https:\/\/vannangvn.123websitedev.com\/en\/wp-json\/wp\/v2\/media?parent=6648"}],"wp:term":[{"taxonomy":"product_brand","embeddable":true,"href":"https:\/\/vannangvn.123websitedev.com\/en\/wp-json\/wp\/v2\/product_brand?post=6648"},{"taxonomy":"product_cat","embeddable":true,"href":"https:\/\/vannangvn.123websitedev.com\/en\/wp-json\/wp\/v2\/product_cat?post=6648"},{"taxonomy":"product_tag","embeddable":true,"href":"https:\/\/vannangvn.123websitedev.com\/en\/wp-json\/wp\/v2\/product_tag?post=6648"}],"curies":[{"name":"wp","href":"https:\/\/api.w.org\/{rel}","templated":true}]}}