{"id":6682,"date":"2026-03-20T17:34:31","date_gmt":"2026-03-20T10:34:31","guid":{"rendered":"https:\/\/vannangvn.123websitedev.com\/san-pham\/may-do-do-cung-vien-nang-bareiss-model-tht500\/"},"modified":"2026-03-30T18:25:54","modified_gmt":"2026-03-30T11:25:54","slug":"may-do-do-cung-vien-nang-bareiss-model-tht500","status":"publish","type":"product","link":"https:\/\/vannangvn.123websitedev.com\/en\/product\/may-do-do-cung-vien-nang-bareiss-model-tht500\/","title":{"rendered":"M\u00c1Y \u0110O \u0110\u1ed8 C\u1ee8NG VI\u00caN NANG BAREISS MODEL THT500"},"content":{"rendered":"<h1 style=\"color: red; font-weight: bold; font-size: 24px;\">T&#7893;ng quan s&#7843;n ph&#7849;m M&Aacute;Y &#272;O &#272;&#7896; C&#7912;NG VI&Ecirc;N NANG BAREISS MODEL THT500<p>M&aacute;y &#272;o &#272;&#7897; C&#7913;ng Vi&ecirc;n Nang (Tablet Hardness Tester) Bareiss Model THT500<br>\nM&aacute;y &#272;o &#272;&#7897; C&#7913;ng Vi&ecirc;n Nang Bareiss THT500 l&agrave; thi&#7871;t b&#7883; ph&acirc;n t&iacute;ch l&#7921;c b&#7867; g&atilde;y vi&ecirc;n n&eacute;n v&#7899;i c&ocirc;ng ngh&#7879; &#273;o ti&ecirc;n ti&#7871;n v&agrave; &#273;&#7897; ch&iacute;nh x&aacute;c v&#432;&#7907;t tr&#7897;i. &#272;&acirc;y l&agrave; gi&#7843;i ph&aacute;p to&agrave;n di&#7879;n gi&uacute;p c&aacute;c ph&ograve;ng th&iacute; nghi&#7879;m d&#432;&#7907;c ph&#7849;m ki&#7875;m so&aacute;t ch&#7845;t l&#432;&#7907;ng s&#7843;n ph&#7849;m, &#273;&#7843;m b&#7843;o t&iacute;nh &#273;&#7891;ng nh&#7845;t v&#7873; &#273;&#7897; c&#7913;ng, k&iacute;ch th&#432;&#7899;c v&agrave; kh&#7889;i l&#432;&#7907;ng. V&#7899;i thi&#7871;t k&#7871; nh&#7887; g&#7885;n, th&acirc;n thi&#7879;n v&agrave; &#273;&#7841;t chu&#7849;n 21 CFR Part 11, THT500 l&agrave; l&#7921;a ch&#7885;n l&yacute; t&#432;&#7903;ng cho c&aacute;c ph&ograve;ng QC, R&amp;D trong ng&agrave;nh d&#432;&#7907;c ph&#7849;m. H&atilde;y c&ugrave;ng V&#7841;n N&#259;ng t&igrave;m hi&#7875;u chi ti&#7871;t h&#417;n v&#7873; s&#7843;n ph&#7849;m th&ocirc;ng qua b&agrave;i vi&#7871;t d&#432;&#7899;i &#273;&acirc;y nh&eacute;!<\/p><p>Xem th&ecirc;m: M&aacute;y Ph&acirc;n T&iacute;ch K&iacute;ch Th&#432;&#7899;c H&#7841;t Malvern Panalytical Model Mastersizer 3000+ Pro<\/p><p>N&eacute;t &#272;&#7863;c Tr&#432;ng C&#7911;a Model THT500<\/p><h2 style=\"color: #0073aa; font-weight: bold; font-size: 20px;\">&#272;o l&#432;&#7901;ng ch&iacute;nh x&aacute;c nhi&#7873;u th&ocirc;ng s&#7889;<\/h2><p>Bareiss THT500 &#273;o l&#7921;c b&#7867; g&atilde;y trong d&#7843;i 3 &ndash; 500 N v&#7899;i &#273;&#7897; ch&iacute;nh x&aacute;c &plusmn;1N. Ngo&agrave;i ra, m&aacute;y c&ograve;n &#273;o &#273;&#432;&#7907;c &#273;&#432;&#7901;ng k&iacute;nh, chi&#7873;u d&agrave;i, b&#7873; r&#7897;ng, v&agrave; chi&#7873;u d&agrave;y v&#7899;i &#273;&#7897; ph&acirc;n gi&#7843;i 0.01 mm, gi&uacute;p ki&#7875;m so&aacute;t ch&#7845;t l&#432;&#7907;ng to&agrave;n di&#7879;n.<br>\nHai ph&#432;&#417;ng ph&aacute;p ki&#7875;m tra linh ho&#7841;t<br>\nNg&#432;&#7901;i d&ugrave;ng c&oacute; th&#7875; l&#7921;a ch&#7885;n ch&#7871; &#273;&#7897; l&#7921;c h&#7857;ng s&#7889; (10 &ndash; 200 N\/sec) ho&#7863;c ch&#7871; &#273;&#7897; t&#7889;c &#273;&#7897; h&#7857;ng s&#7889; (0.1 &ndash; 3 mm\/sec), ph&ugrave; h&#7907;p cho nhi&#7873;u lo&#7841;i vi&ecirc;n kh&aacute;c nhau, t&#7915; vi&ecirc;n nh&#7887; &#273;&#7871;n vi&ecirc;n &#273;&#7863;c bi&#7879;t c&#7913;ng ho&#7863;c m&#7873;m.<br>\nK&#7871;t n&#7889;i v&agrave; &#273;&#7891;ng b&#7897; d&#7919; li&#7879;u th&ocirc;ng minh<br>\nM&aacute;y h&#7895; tr&#7907; c&#7893;ng RS232 v&agrave; 2 c&#7893;ng USB 2.0, d&#7877; d&agrave;ng k&#7871;t n&#7889;i v&#7899;i c&acirc;n &#273;i&#7879;n t&#7917; &#273;&#7875; &#273;o tr&#7885;ng l&#432;&#7907;ng vi&ecirc;n n&eacute;n v&agrave; &#273;&#7891;ng b&#7897; d&#7919; li&#7879;u theo th&#7901;i gian th&#7921;c.<\/p><p>Ph&#7847;n m&#7873;m Celeste chu&#7849;n 21 CFR Part 11<br>\nPh&#7847;n m&#7873;m Celeste gi&uacute;p thu th&#7853;p, ph&acirc;n t&iacute;ch, ph&ecirc; duy&#7879;t v&agrave; b&aacute;o c&aacute;o d&#7919; li&#7879;u, c&oacute; ch&#7913;c n&#259;ng qu&#7843;n l&yacute; ng&#432;&#7901;i d&ugrave;ng n&acirc;ng cao, l&#432;u v&#7871;t ho&#7841;t &#273;&#7897;ng (audit trail) v&agrave; ch&#7919; k&yacute; &#273;i&#7879;n t&#7917;, &#273;&aacute;p &#7913;ng &#273;&#7847;y &#273;&#7911; y&ecirc;u c&#7847;u c&#7911;a FDA.<br>\nThi&#7871;t k&#7871; nh&#7887; g&#7885;n v&agrave; th&acirc;n thi&#7879;n<br>\nV&#7899;i 26 chi ti&#7871;t c&#417; kh&iacute;, Model THT500 ch&#7881; n&#7863;ng kho&#7843;ng 9,5 kg v&agrave; c&oacute; tay c&#7847;m l&otilde;m gi&uacute;p d&#7877; d&agrave;ng di chuy&#7875;n gi&#7919;a c&aacute;c ph&ograve;ng th&iacute; nghi&#7879;m. Giao di&#7879;n m&agrave;n h&igrave;nh tr&#7921;c quan, d&#7877; s&#7917; d&#7909;ng cho c&#7843; ng&#432;&#7901;i m&#7899;i.<br>\nV&#7853;t li&#7879;u b&#7873;n v&#7919;ng, th&acirc;n thi&#7879;n m&ocirc;i tr&#432;&#7901;ng<br>\n95% th&acirc;n m&aacute;y &#273;&#432;&#7907;c l&agrave;m t&#7915; nh&ocirc;m t&aacute;i ch&#7871;, g&oacute;p ph&#7847;n gi&#7843;m thi&#7875;u t&aacute;c &#273;&#7897;ng m&ocirc;i tr&#432;&#7901;ng v&agrave; h&#432;&#7899;ng &#273;&#7871;n ph&aacute;t tri&#7875;n b&#7873;n v&#7919;ng.<\/p><p>Xem th&ecirc;m: T&#7911; Phun Mu&#7889;i (Salt Spray Tester\/CAS Tester) Itabashi Rika Kogyo Model SQ-800-ST<\/p><p>&#431;u &#272;i&#7875;m V&#432;&#7907;t Tr&#7897;i C&#7911;a Bareiss THT500<br>\n&#272;&#7843;m b&#7843;o &#273;&#7897; tin c&#7853;y trong ki&#7875;m so&aacute;t ch&#7845;t l&#432;&#7907;ng<br>\nNh&#7901; kh&#7843; n&#259;ng &#273;o ch&iacute;nh x&aacute;c v&agrave; &#273;a th&ocirc;ng s&#7889;, M&aacute;y &#272;o &#272;&#7897; C&#7913;ng Vi&ecirc;n Nang THT500 &#273;&#7843;m b&#7843;o m&#7895;i vi&ecirc;n thu&#7889;c &#273;&#7873;u &#273;&#7841;t ti&ecirc;u chu&#7849;n ch&#7845;t l&#432;&#7907;ng tr&#432;&#7899;c khi &#273;&#432;a ra th&#7883; tr&#432;&#7901;ng.<br>\nTi&#7871;t ki&#7879;m th&#7901;i gian v&agrave; nh&acirc;n l&#7921;c<br>\nCh&#7871; &#273;&#7897; &#273;o t&#7921; &#273;&#7897;ng, k&#7871;t n&#7889;i d&#7919; li&#7879;u tr&#7921;c ti&#7871;p v&#7899;i ph&#7847;n m&#7873;m gi&uacute;p gi&#7843;m thi&#7875;u thao t&aacute;c th&#7911; c&ocirc;ng, t&#7889;i &#432;u n&#259;ng su&#7845;t l&agrave;m vi&#7879;c trong ph&ograve;ng th&iacute; nghi&#7879;m.<br>\nTu&acirc;n th&#7911; ti&ecirc;u chu&#7849;n qu&#7889;c t&#7871;<br>\n&#272;&aacute;p &#7913;ng ti&ecirc;u chu&#7849;n 21 CFR Part 11, M&aacute;y &#272;o &#272;&#7897; C&#7913;ng Bareiss THT500 ph&ugrave; h&#7907;p v&#7899;i y&ecirc;u c&#7847;u GMP, GLP v&agrave; c&aacute;c quy &#273;&#7883;nh nghi&ecirc;m ng&#7863;t c&#7911;a ng&agrave;nh d&#432;&#7907;c ph&#7849;m.<\/p><p>D&#7877; b&#7843;o tr&igrave; v&agrave; n&acirc;ng c&#7845;p<br>\nC&aacute;c t&#7845;m d&#7851;n h&#432;&#7899;ng v&agrave; c&#7843;m bi&#7871;n c&oacute; th&#7875; th&aacute;o l&#7855;p d&#7877; d&agrave;ng, cho ph&eacute;p thay th&#7871; nhanh ch&oacute;ng v&agrave; gi&#7843;m th&#7901;i gian ng&#7915;ng m&aacute;y. Ph&#7847;n m&#7873;m c&oacute; th&#7875; n&acirc;ng c&#7845;p &#273;&#7875; b&#7893; sung t&iacute;nh n&#259;ng m&#7899;i.<br>\nH&#7895; tr&#7907; ph&acirc;n t&iacute;ch d&#7919; li&#7879;u chuy&ecirc;n s&acirc;u<br>\nPh&#7847;n m&#7873;m &#273;i k&egrave;m cung c&#7845;p bi&#7875;u &#273;&#7891; l&#7921;c &ndash; th&#7901;i gian, l&#7921;c &ndash; bi&#7871;n d&#7841;ng theo th&#7901;i gian th&#7921;c, h&#7895; tr&#7907; &#273;&aacute;nh gi&aacute; ch&#7845;t l&#432;&#7907;ng vi&ecirc;n thu&#7889;c m&#7897;t c&aacute;ch tr&#7921;c quan v&agrave; khoa h&#7885;c.<\/p><p>Xem th&ecirc;m: M&aacute;y Th&#7917; U&#7889;n &#272;&#7871; Nhi&#7879;t &#272;&#7897; Th&#7845;p (Low Temperature EN Sole Flexing Tester) Gester Model GT-KB06C<\/p><p>&#7912;ng D&#7909;ng Trong Ng&agrave;nh C&ocirc;ng Nghi&#7879;p<br>\nM&aacute;y &#272;o &#272;&#7897; C&#7913;ng Vi&ecirc;n Nang Model THT500 l&agrave; thi&#7871;t b&#7883; quan tr&#7885;ng trong ng&agrave;nh d&#432;&#7907;c ph&#7849;m, gi&uacute;p ki&#7875;m so&aacute;t ch&#7845;t l&#432;&#7907;ng &#7903; c&aacute;c giai &#273;o&#7841;n s&#7843;n xu&#7845;t v&agrave; nghi&ecirc;n c&#7913;u ph&aacute;t tri&#7875;n s&#7843;n ph&#7849;m m&#7899;i. Ngo&agrave;i ra, m&aacute;y c&ograve;n &#273;&#432;&#7907;c &#7913;ng d&#7909;ng trong:<\/p><p>Ph&ograve;ng QC c&#7911;a c&aacute;c nh&agrave; m&aacute;y s&#7843;n xu&#7845;t thu&#7889;c<br>\nPh&ograve;ng R&amp;D &#273;&#7875; ph&aacute;t tri&#7875;n c&ocirc;ng th&#7913;c b&agrave;o ch&#7871; m&#7899;i<br>\nC&aacute;c trung t&acirc;m ki&#7875;m nghi&#7879;m thu&#7889;c &#273;&#7841;t chu&#7849;n GLP<br>\nTr&#432;&#7901;ng &#273;&#7841;i h&#7885;c, vi&#7879;n nghi&ecirc;n c&#7913;u ng&agrave;nh d&#432;&#7907;c<\/p><p>Nh&#7919;ng L&yacute; Do N&ecirc;n Mua M&aacute;y &#272;o &#272;&#7897; C&#7913;ng Vi&ecirc;n Nang T&#7841;i V&#7841;n N&#259;ng<\/p><p>C&ocirc;ng ty Thi&#7871;t B&#7883; C&ocirc;ng Ngh&#7879; V&#7841;n N&#259;ng l&agrave; &#273;&#7889;i t&aacute;c ch&iacute;nh th&#7913;c ph&acirc;n ph&#7889;i M&aacute;y &#272;o &#272;&#7897; C&#7913;ng Vi&ecirc;n Nang h&agrave;ng &#273;&#7847;u t&#7841;i Vi&#7879;t Nam, cam k&#7871;t cung c&#7845;p s&#7843;n ph&#7849;m ch&iacute;nh h&atilde;ng v&#7899;i gi&aacute; c&#7843; c&#7841;nh tranh nh&#7845;t th&#7883; tr&#432;&#7901;ng. V&#7899;i uy t&iacute;n tr&ecirc;n th&#7883; tr&#432;&#7901;ng v&agrave; ch&#7871; &#273;&#7897; h&#7851;u m&atilde;i t&#7889;t, Thi&#7871;t B&#7883; C&ocirc;ng Ngh&#7879; V&#7841;n N&#259;ng &#273;&atilde; nh&#7853;n &#273;&#432;&#7907;c s&#7921; tin t&#432;&#7903;ng t&#7915; kh&aacute;ch h&agrave;ng nh&#7901; v&agrave;o ch&#7845;t l&#432;&#7907;ng h&agrave;ng &#273;&#7847;u c&#7911;a c&aacute;c d&ograve;ng s&#7843;n ph&#7849;m.<br>\nS&#7843;n ph&#7849;m c&#7911;a ch&uacute;ng t&ocirc;i &#273;&#432;&#7907;c ki&#7875;m &#273;&#7883;nh ch&#7845;t l&#432;&#7907;ng, nh&#7853;p kh&#7849;u tr&#7921;c ti&#7871;p t&#7915; nh&agrave; m&aacute;y b&ecirc;n Ch&acirc;u &Acirc;u, M&#7929;, &Uacute;c, Nh&#7853;t B&#7843;n,&hellip; v&agrave; &#273;&aacute;p &#7913;ng nhu c&#7847;u &#273;a d&#7841;ng c&#7911;a th&#7883; tr&#432;&#7901;ng nh&#432;: M&aacute;y &#272;o &#272;&#7897; C&#7913;ng, M&aacute;y SPECTROMAXx, M&aacute;y Ki&#7875;m Tra &#272;&#432;&#7901;ng Gh&eacute;p M&iacute; Lon,&hellip; Ch&uacute;ng t&ocirc;i cam k&#7871;t cung c&#7845;p s&#7843;n ph&#7849;m n&agrave;y tr&ecirc;n to&agrave;n qu&#7889;c v&#7899;i gi&aacute; c&#7843; c&#7841;nh tranh nh&#7845;t.<br>\nCh&uacute;ng t&ocirc;i c&oacute; &#273;&#7897;i ng&#361; chuy&ecirc;n vi&ecirc;n t&#432; v&#7845;n chuy&ecirc;n s&acirc;u s&#7869; h&#7895; tr&#7907; kh&aacute;ch h&agrave;ng v&#7873; chi ti&#7871;t s&#7843;n ph&#7849;m, h&#432;&#7899;ng d&#7851;n s&#7917; d&#7909;ng hay nh&#7919;ng th&#7913; li&ecirc;n quan &#273;&#7871;n v&#7845;n &#273;&#7873; m&agrave; doanh nghi&#7879;p b&#7841;n &#273;ang g&#7863;p ph&#7843;i. Ch&uacute;ng t&ocirc;i s&#7869; cung c&#7845;p nh&#7919;ng gi&#7843;i ph&aacute;p t&#7889;i &#432;u nh&#7845;t!<br>\nNgo&agrave;i ra Thi&#7871;t B&#7883; C&ocirc;ng Ngh&#7879; V&#7841;n N&#259;ng Ch&uacute;ng T&ocirc;i lu&ocirc;n h&#432;&#7899;ng &#273;&#7871;n tr&#7843;i nghi&#7879;m kh&aacute;ch h&agrave;ng, v&igrave; v&#7853;y ch&uacute;ng t&ocirc;i c&oacute; nh&#7919;ng ch&iacute;nh s&aacute;ch b&#7843;o h&agrave;nh, b&#7843;o tr&igrave; &ndash; b&#7843;o d&#432;&#7905;ng, hi&#7879;u chu&#7849;n v&#7899;i t&#7845;t c&#7843; c&aacute;c thi&#7871;t b&#7883;, m&aacute;y m&oacute;c m&agrave; ch&uacute;ng t&ocirc;i cung c&#7845;p. &#272;&#7843;m b&#7843;o mang &#273;&#7871;n cho Kh&aacute;ch h&agrave;ng s&#7921; y&ecirc;n t&acirc;m tuy&#7879;t &#273;&#7889;i v&#7873; d&#7883;ch v&#7909; khi mua h&agrave;ng.<\/p><p>Xem th&ecirc;m: M&aacute;y &#272;o T&#7927; Tr&#7885;ng Ch&#7845;t R&#7855;n V&agrave; B&aacute;n R&#7855;n Anton Paar Model Ultrapyc 5000 Micro<\/p><p>T&#7893;ng K&#7871;t<br>\nM&aacute;y &#272;o &#272;&#7897; C&#7913;ng Vi&ecirc;n Nang Bareiss Model THT500 l&agrave; gi&#7843;i ph&aacute;p t&#7889;i &#432;u cho ki&#7875;m tra &#273;&#7897; c&#7913;ng, k&iacute;ch th&#432;&#7899;c v&agrave; tr&#7885;ng l&#432;&#7907;ng vi&ecirc;n n&eacute;n v&#7899;i &#273;&#7897; ch&iacute;nh x&aacute;c cao, thi&#7871;t k&#7871; hi&#7879;n &#273;&#7841;i v&agrave; kh&#7843; n&#259;ng ph&acirc;n t&iacute;ch d&#7919; li&#7879;u chuy&ecirc;n s&acirc;u. &#272;&acirc;y l&agrave; l&#7921;a ch&#7885;n &#273;&aacute;ng tin c&#7853;y cho c&aacute;c nh&agrave; s&#7843;n xu&#7845;t v&agrave; ph&ograve;ng th&iacute; nghi&#7879;m d&#432;&#7907;c ph&#7849;m mu&#7889;n n&acirc;ng cao ch&#7845;t l&#432;&#7907;ng s&#7843;n ph&#7849;m v&agrave; t&#7889;i &#432;u quy tr&igrave;nh ki&#7875;m so&aacute;t. H&atilde;y li&ecirc;n h&#7879; v&#7899;i V&#7841;n N&#259;ng ngay &#273;&#7875; &#273;&#432;&#7907;c t&#432; v&#7845;n chuy&ecirc;n s&acirc;u v&agrave; nh&#7853;n nh&#7919;ng &#432;u &#273;&atilde;i h&#7845;p d&#7851;n nh&#7845;t th&ocirc;ng qua hotline0903 991 335 !<\/p><div style=\"background-color: #f8fafc; border: 1px solid #e2e8f0; border-radius: 8px; padding: 25px; max-width: 800px; margin: 30px auto; color: #334155; line-height: 1.8; font-size: 17px; box-shadow: 0 4px 6px -1px rgba(0,0,0,0.05); text-align: left; clear: both;\">\nC&ocirc;ng ty TNHH Th&#432;&#417;ng M&#7841;i D&#7883;ch V&#7909; Thi&#7871;t B&#7883; C&ocirc;ng Ngh&#7879; V&#7841;n N&#259;ng\n<p style=\"margin: 0 0 10px 0;\">&#128205; <strong style=\"color: #1e293b;\">&#272;&#7883;a ch&#7881;:<\/strong> <a style=\"color: #059669; text-decoration: none; font-weight: bold;\" href=\"https:\/\/www.google.com\/maps\/search\/C%C3%B4ng+ty+TNHH+Th%C6%B0%C6%A1ng+M%E1%BA%A1i+D%E1%BB%8Bch+V%E1%BB%A5+Thi%E1%BA%BFt+B%E1%BB%8B+C%C3%B4ng+Ngh%E1%BB%87+V%E1%BA%A1n+N%C4%83ng+818+Tr%C6%B0%E1%BB%9Dng+Chinh\" target=\"_blank\" rel=\"noopener\">818 Tr&#432;&#7901;ng Chinh, Ph&#432;&#7901;ng T&acirc;n S&#417;n, Th&agrave;nh ph&#7889; H&#7891; Ch&iacute; Minh, Vi&#7879;t Nam<\/a><\/p>\n<p style=\"margin: 0 0 10px 0;\">&#128222; <strong style=\"color: #1e293b;\">S&#272;T &ndash; Zalo:<\/strong> <a style=\"color: #059669; text-decoration: none; font-weight: bold;\" href=\"https:\/\/zalo.me\/0903991335\" target=\"_blank\" rel=\"noopener\">0903 991 335<\/a> <span style=\"color: #64748b; font-style: italic;\">(Ms. H&#7841;nh &ndash; Gi&aacute;m &#272;&#7889;c Kinh Doanh)<\/span><\/p>\n<p style=\"margin: 0;\">&#9993;&#65039; <strong style=\"color: #1e293b;\">Email:<\/strong> <a style=\"color: #059669; text-decoration: none; font-weight: bold;\" href=\"mailto:hienhanh@vannangvn.com\">hienhanh@vannangvn.com<\/a><\/p>\n<\/div><\/h1>","protected":false},"excerpt":{"rendered":"<p><strong>Th&#432;&#417;ng hi&#7879;u:<\/strong> Bareiss<br>\n<strong>Model:<\/strong> THT500<p>Product <strong>M&Aacute;Y &#272;O &#272;&#7896; C&#7912;NG VI&Ecirc;N NANG BAREISS MODEL THT500<\/strong> ch&iacute;nh h&atilde;ng. Bareiss (Germany)<br>\nBareiss THT500 l&agrave; m&aacute;y &#273;o &#273;&#7897; c&#7913;ng vi&ecirc;n nang to&agrave;n di&#7879;n &#273;&#7875; ph&acirc;n t&iacute;ch l&#7921;c b&#7867; g&atilde;y, k&iacute;ch th&#432;&#7899;c v&agrave; tr&#7885;ng l&#432;&#7907;ng vi&ecirc;n n&eacute;n. V&#7899;i &#273;&#7897; ch&iacute;nh x&aacute;c &plusmn;1N, hai ch&#7871; &#273;&#7897; ki&#7875;m tra linh ho&#7841;t v&agrave; ph&#7847;n m&#7873;m Celeste tu&acirc;n th&#7911; 21 CFR Part 11, m&aacute;y l&agrave; l&#7921;a ch&#7885;n l&yacute; t&#432;&#7903;ng cho c&aacute;c ph&ograve;ng th&iacute; nghi&#7879;m d&#432;&#7907;c ph&#7849;m.<\/p><\/p>","protected":false},"featured_media":0,"comment_status":"open","ping_status":"closed","template":"","meta":[],"product_brand":[],"product_cat":[18],"product_tag":[109,116,181,223,567,919,1723,1725],"class_list":{"0":"post-6682","1":"product","2":"type-product","3":"status-publish","5":"product_cat-chua-phan-loai","6":"product_tag-may","7":"product_tag-model","8":"product_tag-do","9":"product_tag-nang","10":"product_tag-cung","11":"product_tag-bareiss","12":"product_tag-vien","13":"product_tag-tht500","15":"first","16":"instock","17":"shipping-taxable","18":"product-type-simple"},"yoast_head":"<!-- This site is optimized with the Yoast SEO Premium plugin v24.8 (Yoast SEO v24.8) - https:\/\/yoast.com\/wordpress\/plugins\/seo\/ -->\n<title>M\u00c1Y \u0110O \u0110\u1ed8 C\u1ee8NG VI\u00caN NANG BAREISS MO... ch\u00ednh h\u00e3ng | V\u1ea1n N\u0103ng<\/title>\n<meta name=\"description\" content=\"Mua ngay M\u00c1Y \u0110O \u0110\u1ed8 C\u1ee8NG VI\u00caN NANG BAREISS MODEL THT500 ch\u00ednh h\u00e3ng. Bareiss THT500 l\u00e0 m\u00e1y \u0111o \u0111\u1ed9 c\u1ee9ng vi\u00ean nang to\u00e0n di\u1ec7n \u0111\u1ec3 ph\u00e2n t\u00ed... Gi\u00e1 t\u1ed1t!\" \/>\n<meta name=\"robots\" content=\"noindex, follow, max-snippet:-1, max-image-preview:large, max-video-preview:-1\" \/>\n<meta property=\"og:locale\" content=\"en_US\" \/>\n<meta property=\"og:type\" content=\"article\" \/>\n<meta property=\"og:title\" content=\"M\u00c1Y \u0110O \u0110\u1ed8 C\u1ee8NG VI\u00caN NANG BAREISS MODEL THT500\" \/>\n<meta property=\"og:description\" content=\"Mua ngay M\u00c1Y \u0110O \u0110\u1ed8 C\u1ee8NG VI\u00caN NANG BAREISS MODEL THT500 ch\u00ednh h\u00e3ng. Bareiss THT500 l\u00e0 m\u00e1y \u0111o \u0111\u1ed9 c\u1ee9ng vi\u00ean nang to\u00e0n di\u1ec7n \u0111\u1ec3 ph\u00e2n t\u00ed... Gi\u00e1 t\u1ed1t!\" \/>\n<meta property=\"og:url\" content=\"https:\/\/vannangvn.123websitedev.com\/en\/product\/may-do-do-cung-vien-nang-bareiss-model-tht500\/\" \/>\n<meta property=\"og:site_name\" content=\"Vannang.vn\" \/>\n<meta property=\"article:modified_time\" content=\"2026-03-30T11:25:54+00:00\" \/>\n<meta name=\"twitter:card\" content=\"summary_large_image\" \/>\n<meta name=\"twitter:label1\" content=\"Est. reading time\" \/>\n\t<meta name=\"twitter:data1\" content=\"9 minutes\" \/>\n<script type=\"application\/ld+json\" class=\"yoast-schema-graph\">{\"@context\":\"https:\/\/schema.org\",\"@graph\":[{\"@type\":\"WebPage\",\"@id\":\"https:\/\/vannangvn.123websitedev.com\/san-pham\/may-do-do-cung-vien-nang-bareiss-model-tht500\/\",\"url\":\"https:\/\/vannangvn.123websitedev.com\/san-pham\/may-do-do-cung-vien-nang-bareiss-model-tht500\/\",\"name\":\"M\u00c1Y \u0110O \u0110\u1ed8 C\u1ee8NG VI\u00caN NANG BAREISS MO... ch\u00ednh h\u00e3ng | V\u1ea1n N\u0103ng\",\"isPartOf\":{\"@id\":\"https:\/\/vannangvn.123websitedev.com\/#website\"},\"datePublished\":\"2026-03-20T10:34:31+00:00\",\"dateModified\":\"2026-03-30T11:25:54+00:00\",\"description\":\"Mua ngay M\u00c1Y \u0110O \u0110\u1ed8 C\u1ee8NG VI\u00caN NANG BAREISS MODEL THT500 ch\u00ednh h\u00e3ng. Bareiss THT500 l\u00e0 m\u00e1y \u0111o \u0111\u1ed9 c\u1ee9ng vi\u00ean nang to\u00e0n di\u1ec7n \u0111\u1ec3 ph\u00e2n t\u00ed... Gi\u00e1 t\u1ed1t!\",\"breadcrumb\":{\"@id\":\"https:\/\/vannangvn.123websitedev.com\/san-pham\/may-do-do-cung-vien-nang-bareiss-model-tht500\/#breadcrumb\"},\"inLanguage\":\"en-US\",\"potentialAction\":[{\"@type\":\"ReadAction\",\"target\":[\"https:\/\/vannangvn.123websitedev.com\/san-pham\/may-do-do-cung-vien-nang-bareiss-model-tht500\/\"]}]},{\"@type\":\"BreadcrumbList\",\"@id\":\"https:\/\/vannangvn.123websitedev.com\/san-pham\/may-do-do-cung-vien-nang-bareiss-model-tht500\/#breadcrumb\",\"itemListElement\":[{\"@type\":\"ListItem\",\"position\":1,\"name\":\"Trang ch\u1ee7\",\"item\":\"https:\/\/vannangvn.123websitedev.com\/\"},{\"@type\":\"ListItem\",\"position\":2,\"name\":\"S\u1ea3n ph\u1ea9m\",\"item\":\"https:\/\/vannangvn.123websitedev.com\/cua-hang\/\"},{\"@type\":\"ListItem\",\"position\":3,\"name\":\"M\u00c1Y \u0110O \u0110\u1ed8 C\u1ee8NG VI\u00caN NANG BAREISS MODEL THT500\"}]},{\"@type\":\"WebSite\",\"@id\":\"https:\/\/vannangvn.123websitedev.com\/#website\",\"url\":\"https:\/\/vannangvn.123websitedev.com\/\",\"name\":\"Vannang.vn\",\"description\":\"\",\"publisher\":{\"@id\":\"https:\/\/vannangvn.123websitedev.com\/#organization\"},\"potentialAction\":[{\"@type\":\"SearchAction\",\"target\":{\"@type\":\"EntryPoint\",\"urlTemplate\":\"https:\/\/vannangvn.123websitedev.com\/?s={search_term_string}\"},\"query-input\":{\"@type\":\"PropertyValueSpecification\",\"valueRequired\":true,\"valueName\":\"search_term_string\"}}],\"inLanguage\":\"en-US\"},{\"@type\":\"Organization\",\"@id\":\"https:\/\/vannangvn.123websitedev.com\/#organization\",\"name\":\"Vannang.vn\",\"url\":\"https:\/\/vannangvn.123websitedev.com\/\",\"logo\":{\"@type\":\"ImageObject\",\"inLanguage\":\"en-US\",\"@id\":\"https:\/\/vannangvn.123websitedev.com\/#\/schema\/logo\/image\/\",\"url\":\"https:\/\/vannangvn.123websitedev.com\/wp-content\/uploads\/2026\/02\/logo-van-nang-02.png\",\"contentUrl\":\"https:\/\/vannangvn.123websitedev.com\/wp-content\/uploads\/2026\/02\/logo-van-nang-02.png\",\"width\":448,\"height\":111,\"caption\":\"Vannang.vn\"},\"image\":{\"@id\":\"https:\/\/vannangvn.123websitedev.com\/#\/schema\/logo\/image\/\"}}]}<\/script>\n<!-- \/ Yoast SEO Premium plugin. -->","yoast_head_json":{"title":"M\u00c1Y \u0110O \u0110\u1ed8 C\u1ee8NG VI\u00caN NANG BAREISS MO... ch\u00ednh h\u00e3ng | V\u1ea1n N\u0103ng","description":"Mua ngay M\u00c1Y \u0110O \u0110\u1ed8 C\u1ee8NG VI\u00caN NANG BAREISS MODEL THT500 ch\u00ednh h\u00e3ng. Bareiss THT500 l\u00e0 m\u00e1y \u0111o \u0111\u1ed9 c\u1ee9ng vi\u00ean nang to\u00e0n di\u1ec7n \u0111\u1ec3 ph\u00e2n t\u00ed... Gi\u00e1 t\u1ed1t!","robots":{"index":"noindex","follow":"follow","max-snippet":"max-snippet:-1","max-image-preview":"max-image-preview:large","max-video-preview":"max-video-preview:-1"},"og_locale":"en_US","og_type":"article","og_title":"M\u00c1Y \u0110O \u0110\u1ed8 C\u1ee8NG VI\u00caN NANG BAREISS MODEL THT500","og_description":"Mua ngay M\u00c1Y \u0110O \u0110\u1ed8 C\u1ee8NG VI\u00caN NANG BAREISS MODEL THT500 ch\u00ednh h\u00e3ng. Bareiss THT500 l\u00e0 m\u00e1y \u0111o \u0111\u1ed9 c\u1ee9ng vi\u00ean nang to\u00e0n di\u1ec7n \u0111\u1ec3 ph\u00e2n t\u00ed... Gi\u00e1 t\u1ed1t!","og_url":"https:\/\/vannangvn.123websitedev.com\/en\/product\/may-do-do-cung-vien-nang-bareiss-model-tht500\/","og_site_name":"Vannang.vn","article_modified_time":"2026-03-30T11:25:54+00:00","twitter_card":"summary_large_image","twitter_misc":{"Est. reading time":"9 minutes"},"schema":{"@context":"https:\/\/schema.org","@graph":[{"@type":"WebPage","@id":"https:\/\/vannangvn.123websitedev.com\/san-pham\/may-do-do-cung-vien-nang-bareiss-model-tht500\/","url":"https:\/\/vannangvn.123websitedev.com\/san-pham\/may-do-do-cung-vien-nang-bareiss-model-tht500\/","name":"M\u00c1Y \u0110O \u0110\u1ed8 C\u1ee8NG VI\u00caN NANG BAREISS MO... ch\u00ednh h\u00e3ng | V\u1ea1n N\u0103ng","isPartOf":{"@id":"https:\/\/vannangvn.123websitedev.com\/#website"},"datePublished":"2026-03-20T10:34:31+00:00","dateModified":"2026-03-30T11:25:54+00:00","description":"Mua ngay M\u00c1Y \u0110O \u0110\u1ed8 C\u1ee8NG VI\u00caN NANG BAREISS MODEL THT500 ch\u00ednh h\u00e3ng. Bareiss THT500 l\u00e0 m\u00e1y \u0111o \u0111\u1ed9 c\u1ee9ng vi\u00ean nang to\u00e0n di\u1ec7n \u0111\u1ec3 ph\u00e2n t\u00ed... Gi\u00e1 t\u1ed1t!","breadcrumb":{"@id":"https:\/\/vannangvn.123websitedev.com\/san-pham\/may-do-do-cung-vien-nang-bareiss-model-tht500\/#breadcrumb"},"inLanguage":"en-US","potentialAction":[{"@type":"ReadAction","target":["https:\/\/vannangvn.123websitedev.com\/san-pham\/may-do-do-cung-vien-nang-bareiss-model-tht500\/"]}]},{"@type":"BreadcrumbList","@id":"https:\/\/vannangvn.123websitedev.com\/san-pham\/may-do-do-cung-vien-nang-bareiss-model-tht500\/#breadcrumb","itemListElement":[{"@type":"ListItem","position":1,"name":"Trang ch\u1ee7","item":"https:\/\/vannangvn.123websitedev.com\/"},{"@type":"ListItem","position":2,"name":"S\u1ea3n ph\u1ea9m","item":"https:\/\/vannangvn.123websitedev.com\/cua-hang\/"},{"@type":"ListItem","position":3,"name":"M\u00c1Y \u0110O \u0110\u1ed8 C\u1ee8NG VI\u00caN NANG BAREISS MODEL THT500"}]},{"@type":"WebSite","@id":"https:\/\/vannangvn.123websitedev.com\/#website","url":"https:\/\/vannangvn.123websitedev.com\/","name":"Vannang.vn","description":"","publisher":{"@id":"https:\/\/vannangvn.123websitedev.com\/#organization"},"potentialAction":[{"@type":"SearchAction","target":{"@type":"EntryPoint","urlTemplate":"https:\/\/vannangvn.123websitedev.com\/?s={search_term_string}"},"query-input":{"@type":"PropertyValueSpecification","valueRequired":true,"valueName":"search_term_string"}}],"inLanguage":"en-US"},{"@type":"Organization","@id":"https:\/\/vannangvn.123websitedev.com\/#organization","name":"Vannang.vn","url":"https:\/\/vannangvn.123websitedev.com\/","logo":{"@type":"ImageObject","inLanguage":"en-US","@id":"https:\/\/vannangvn.123websitedev.com\/#\/schema\/logo\/image\/","url":"https:\/\/vannangvn.123websitedev.com\/wp-content\/uploads\/2026\/02\/logo-van-nang-02.png","contentUrl":"https:\/\/vannangvn.123websitedev.com\/wp-content\/uploads\/2026\/02\/logo-van-nang-02.png","width":448,"height":111,"caption":"Vannang.vn"},"image":{"@id":"https:\/\/vannangvn.123websitedev.com\/#\/schema\/logo\/image\/"}}]}},"_links":{"self":[{"href":"https:\/\/vannangvn.123websitedev.com\/en\/wp-json\/wp\/v2\/product\/6682","targetHints":{"allow":["GET"]}}],"collection":[{"href":"https:\/\/vannangvn.123websitedev.com\/en\/wp-json\/wp\/v2\/product"}],"about":[{"href":"https:\/\/vannangvn.123websitedev.com\/en\/wp-json\/wp\/v2\/types\/product"}],"replies":[{"embeddable":true,"href":"https:\/\/vannangvn.123websitedev.com\/en\/wp-json\/wp\/v2\/comments?post=6682"}],"wp:attachment":[{"href":"https:\/\/vannangvn.123websitedev.com\/en\/wp-json\/wp\/v2\/media?parent=6682"}],"wp:term":[{"taxonomy":"product_brand","embeddable":true,"href":"https:\/\/vannangvn.123websitedev.com\/en\/wp-json\/wp\/v2\/product_brand?post=6682"},{"taxonomy":"product_cat","embeddable":true,"href":"https:\/\/vannangvn.123websitedev.com\/en\/wp-json\/wp\/v2\/product_cat?post=6682"},{"taxonomy":"product_tag","embeddable":true,"href":"https:\/\/vannangvn.123websitedev.com\/en\/wp-json\/wp\/v2\/product_tag?post=6682"}],"curies":[{"name":"wp","href":"https:\/\/api.w.org\/{rel}","templated":true}]}}