{"id":6693,"date":"2026-03-20T17:34:47","date_gmt":"2026-03-20T10:34:47","guid":{"rendered":"https:\/\/vannangvn.123websitedev.com\/san-pham\/may-do-do-day-lop-phu-elcometer-model-456\/"},"modified":"2026-03-30T18:26:11","modified_gmt":"2026-03-30T11:26:11","slug":"may-do-do-day-lop-phu-elcometer-model-456","status":"publish","type":"product","link":"https:\/\/vannangvn.123websitedev.com\/en\/product\/may-do-do-day-lop-phu-elcometer-model-456\/","title":{"rendered":"M\u00c1Y \u0110O \u0110\u1ed8 D\u00c0Y L\u1edaP PH\u1ee6 ELCOMETER MODEL 456"},"content":{"rendered":"<h1 style=\"color: red; font-weight: bold; font-size: 24px;\">T&#7893;ng quan s&#7843;n ph&#7849;m M&Aacute;Y &#272;O &#272;&#7896; D&Agrave;Y L&#7898;P PH&#7910; ELCOMETER MODEL 456<p>M&aacute;y &#272;o &#272;&#7897; D&agrave;y L&#7899;p Ph&#7911; S&#417;n (Coating Thickness Gauge) Elcometer Model 456<br>\nM&aacute;y &#272;o &#272;&#7897; D&agrave;y L&#7899;p Ph&#7911; S&#417;n Elcometer Model 456 l&agrave; thi&#7871;t b&#7883; &#273;o &#273;&#7897; d&agrave;y l&#7899;p ph&#7911; kh&ocirc; (DFT) chuy&ecirc;n nghi&#7879;p, t&iacute;ch h&#7907;p &#273;&#7847;u d&ograve; li&#7873;n th&acirc;n gi&uacute;p thao t&aacute;c m&#7897;t tay d&#7877; d&agrave;ng, cho k&#7871;t qu&#7843; &#7893;n &#273;&#7883;nh v&agrave; l&#7863;p l&#7841;i cao.<br>\nThi&#7871;t b&#7883; &#273;&#432;&#7907;c hi&#7879;u chu&#7849;n s&#7861;n t&#7841;i nh&agrave; m&aacute;y, s&#7861;n s&agrave;ng s&#7917; d&#7909;ng ngay khi m&#7903; h&#7897;p, &#273;&aacute;p &#7913;ng nhu c&#7847;u ki&#7875;m tra &#273;&#7897; d&agrave;y s&#417;n trong c&ocirc;ng nghi&#7879;p n&#7863;ng, d&#7847;u kh&iacute;, k&#7871;t c&#7845;u th&eacute;p v&agrave; s&#7843;n xu&#7845;t c&#417; kh&iacute;. H&atilde;y c&ugrave;ng V&#7841;n N&#259;ng t&igrave;m hi&#7875;u chi ti&#7871;t h&#417;n v&#7873; s&#7843;n ph&#7849;m th&ocirc;ng qua b&agrave;i vi&#7871;t d&#432;&#7899;i &#273;&acirc;y nh&eacute;!<\/p><p>N&eacute;t &#272;&#7863;c Tr&#432;ng C&#7911;a Elcometer Model 456<br>\n&#272;&#7847;u d&ograve; li&#7873;n th&acirc;n Bigfoot&trade; &#7893;n &#273;&#7883;nh cao<br>\nThi&#7871;t k&#7871; &#273;&#7847;u d&ograve; t&iacute;ch h&#7907;p c&oacute; di&#7879;n t&iacute;ch ti&#7871;p x&uacute;c l&#7899;n gi&uacute;p t&#259;ng &#273;&#7897; &#7893;n &#273;&#7883;nh khi &#273;&#7863;t tr&ecirc;n b&#7873; m&#7863;t, &#273;&#7863;c bi&#7879;t h&#7919;u &iacute;ch khi &#273;o tr&ecirc;n b&#7873; m&#7863;t cong, nh&aacute;m ho&#7863;c kh&ocirc;ng &#273;&#7891;ng &#273;&#7873;u. C&#7845;u tr&uacute;c n&agrave;y gi&uacute;p &#273;&#7843;m b&#7843;o t&iacute;nh nh&#7845;t qu&aacute;n v&agrave; &#273;&#7897; l&#7863;p l&#7841;i c&#7911;a ph&eacute;p &#273;o &#273;&#7897; d&agrave;y l&#7899;p ph&#7911;.<br>\n&#272;&#7897; ch&iacute;nh x&aacute;c v&agrave; &#273;&#7897; ph&acirc;n gi&#7843;i cao<br>\nElcometer 456 &#273;&#7841;t &#273;&#7897; ch&iacute;nh x&aacute;c &plusmn;1% gi&aacute; tr&#7883; &#273;o, cho ph&eacute;p &#273;o &#273;&#7897; d&agrave;y l&#7899;p ph&#7911; l&ecirc;n &#273;&#7871;n 13 mm (500 mils) tr&ecirc;n n&#7873;n kim lo&#7841;i. Kh&#7843; n&#259;ng &#7893;n &#273;&#7883;nh nhi&#7879;t t&#7889;t gi&uacute;p gi&#7843;m sai l&#7879;ch trong m&ocirc;i tr&#432;&#7901;ng thi c&ocirc;ng ngo&agrave;i hi&#7879;n tr&#432;&#7901;ng.<br>\nHi&#7879;u chu&#7849;n s&#7861;n &ndash; s&#7917; d&#7909;ng ngay<br>\nM&aacute;y &#273;&#432;&#7907;c hi&#7879;u chu&#7849;n t&#7841;i nh&agrave; m&aacute;y, s&#7861;n s&agrave;ng ho&#7841;t &#273;&#7897;ng m&agrave; kh&ocirc;ng c&#7847;n c&agrave;i &#273;&#7863;t ph&#7913;c t&#7841;p. Giao di&#7879;n menu tr&#7921;c quan, n&uacute;t b&#7845;m l&#7899;n v&agrave; m&agrave;n h&igrave;nh LCD m&agrave;u t&#7921; &#273;&#7897;ng xoay gi&uacute;p t&#7889;i &#432;u thao t&aacute;c trong qu&aacute; tr&igrave;nh ki&#7875;m tra.<\/p><p>B&#7897; nh&#7899; l&#7899;n v&agrave; qu&#7843;n l&yacute; d&#7919; li&#7879;u chuy&ecirc;n nghi&#7879;p<br>\nModel 456 l&#432;u tr&#7919; &#273;&#7871;n 150.000 k&#7871;t qu&#7843; &#273;o trong 2.500 l&ocirc; d&#7919; li&#7879;u. D&#7919; li&#7879;u c&oacute; th&#7875; truy&#7873;n qua USB ho&#7863;c Bluetooth&reg; &#273;&#7875; ph&acirc;n t&iacute;ch v&agrave; l&#7853;p b&aacute;o c&aacute;o b&#7857;ng ph&#7847;n m&#7873;m ElcoMaster&reg; ho&#7863;c &#7913;ng d&#7909;ng di &#273;&#7897;ng t&#432;&#417;ng th&iacute;ch.<br>\nThi&#7871;t k&#7871; b&#7873;n b&#7881; cho m&ocirc;i tr&#432;&#7901;ng kh&#7855;c nghi&#7879;t<br>\nM&aacute;y c&oacute; k&#7871;t c&#7845;u k&iacute;n, ch&#7883;u va &#273;&#7853;p, ch&#7889;ng b&#7909;i v&agrave; ch&#7889;ng n&#432;&#7899;c t&#432;&#417;ng &#273;&#432;&#417;ng IP64, ph&ugrave; h&#7907;p s&#7917; d&#7909;ng t&#7841;i c&ocirc;ng tr&#432;&#7901;ng, nh&agrave; m&aacute;y s&#7843;n xu&#7845;t v&agrave; m&ocirc;i tr&#432;&#7901;ng c&ocirc;ng nghi&#7879;p n&#7863;ng.<\/p><p>&#431;u &#272;i&#7875;m V&#432;&#7907;t Tr&#7897;i<\/p><p>&#272;&#7843;m b&#7843;o &#273;&#7897; tin c&#7853;y trong ki&#7875;m tra l&#7899;p ph&#7911;: Thi&#7871;t b&#7883; ki&#7875;m tra &#273;&#7897; d&agrave;y l&#7899;p s&#417;n Elcometer 456 cho k&#7871;t qu&#7843; &#273;o l&#7863;p l&#7841;i v&agrave; t&aacute;i l&#7853;p cao, &#273;&aacute;p &#7913;ng y&ecirc;u c&#7847;u ki&#7875;m so&aacute;t ch&#7845;t l&#432;&#7907;ng l&#7899;p ph&#7911; trong c&aacute;c d&#7921; &aacute;n k&#7929; thu&#7853;t quan tr&#7885;ng.<br>\nT&#7889;i &#432;u cho thao t&aacute;c m&#7897;t tay: Thi&#7871;t k&#7871; &#273;&#7847;u d&ograve; li&#7873;n th&acirc;n gi&uacute;p k&#7929; thu&#7853;t vi&ecirc;n d&#7877; d&agrave;ng &#273;o tr&ecirc;n cao, tr&ecirc;n k&#7871;t c&#7845;u th&eacute;p l&#7899;n ho&#7863;c trong kh&ocirc;ng gian h&#7841;n ch&#7871;.<br>\nQu&#7843;n l&yacute; d&#7919; li&#7879;u v&agrave; b&aacute;o c&aacute;o nhanh ch&oacute;ng: Kh&#7843; n&#259;ng k&#7871;t n&#7889;i PC v&agrave; thi&#7871;t b&#7883; di &#273;&#7897;ng gi&uacute;p xu&#7845;t b&aacute;o c&aacute;o chuy&ecirc;n nghi&#7879;p, h&#7895; tr&#7907; nghi&#7879;m thu v&agrave; l&#432;u tr&#7919; h&#7891; s&#417; k&#7929; thu&#7853;t.<br>\n&#272;a phi&ecirc;n b&#7843;n ph&ugrave; h&#7907;p nhu c&#7847;u: Elcometer 456 c&oacute; nhi&#7873;u phi&ecirc;n b&#7843;n t&#7915; Model B &#273;&#7871;n Model T, &#273;&aacute;p &#7913;ng t&#7915; nhu c&#7847;u c&#417; b&#7843;n &#273;&#7871;n ph&acirc;n t&iacute;ch d&#7919; li&#7879;u n&acirc;ng cao.<\/p><p>&#7912;ng D&#7909;ng Th&#7921;c T&#7871; C&#7911;a Elcometer Model 456<\/p><p>Ng&agrave;nh s&#417;n ph&#7911; v&agrave; ch&#7889;ng &#259;n m&ograve;n: Ki&#7875;m tra &#273;&#7897; d&agrave;y l&#7899;p s&#417;n b&#7843;o v&#7879; tr&ecirc;n k&#7871;t c&#7845;u th&eacute;p, b&#7891;n ch&#7913;a, &#273;&#432;&#7901;ng &#7889;ng v&agrave; c&ocirc;ng tr&igrave;nh ngo&agrave;i kh&#417;i, &#273;&#7843;m b&#7843;o l&#7899;p ph&#7911; &#273;&#7841;t ti&ecirc;u chu&#7849;n k&#7929; thu&#7853;t.<br>\nNg&agrave;nh d&#7847;u kh&iacute; v&agrave; c&ocirc;ng nghi&#7879;p n&#7863;ng: &#272;o &#273;&#7897; d&agrave;y l&#7899;p ph&#7911; tr&ecirc;n thi&#7871;t b&#7883;, gi&agrave;n khoan, nh&agrave; m&aacute;y l&#7885;c h&oacute;a d&#7847;u nh&#7857;m ki&#7875;m so&aacute;t ch&#7845;t l&#432;&#7907;ng v&agrave; tu&#7893;i th&#7885; c&ocirc;ng tr&igrave;nh.<br>\nNg&agrave;nh c&#417; kh&iacute; ch&#7871; t&#7841;o v&agrave; s&#7843;n xu&#7845;t: Ki&#7875;m so&aacute;t &#273;&#7897; d&agrave;y l&#7899;p s&#417;n ho&#7863;c l&#7899;p m&#7841; tr&ecirc;n linh ki&#7879;n kim lo&#7841;i, &#273;&#7843;m b&#7843;o tu&acirc;n th&#7911; y&ecirc;u c&#7847;u thi&#7871;t k&#7871; v&agrave; ti&ecirc;u chu&#7849;n s&#7843;n xu&#7845;t.<br>\nNg&agrave;nh ki&#7875;m &#273;&#7883;nh v&agrave; QA\/QC: H&#7895; tr&#7907; thanh tra k&#7929; thu&#7853;t, nghi&#7879;m thu d&#7921; &aacute;n v&agrave; l&#432;u tr&#7919; d&#7919; li&#7879;u ph&#7909;c v&#7909; &#273;&aacute;nh gi&aacute; ch&#7845;t l&#432;&#7907;ng l&acirc;u d&agrave;i.<\/p><p>Nh&#7919;ng L&yacute; Do N&ecirc;n Mua M&aacute;y &#272;o &#272;&#7897; D&agrave;y L&#7899;p Ph&#7911; T&#7841;i V&#7841;n N&#259;ng<\/p><p>C&ocirc;ng ty Thi&#7871;t B&#7883; C&ocirc;ng Ngh&#7879; V&#7841;n N&#259;ng l&agrave; &#273;&#7889;i t&aacute;c ch&iacute;nh th&#7913;c ph&acirc;n ph&#7889;i M&aacute;y &#273;o &#273;&#7897; d&agrave;y l&#7899;p ph&#7911; h&agrave;ng &#273;&#7847;u t&#7841;i Vi&#7879;t Nam, cam k&#7871;t cung c&#7845;p s&#7843;n ph&#7849;m ch&iacute;nh h&atilde;ng v&#7899;i gi&aacute; c&#7843; c&#7841;nh tranh nh&#7845;t th&#7883; tr&#432;&#7901;ng. V&#7899;i uy t&iacute;n tr&ecirc;n th&#7883; tr&#432;&#7901;ng v&agrave; ch&#7871; &#273;&#7897; h&#7851;u m&atilde;i t&#7889;t, Thi&#7871;t B&#7883; C&ocirc;ng Ngh&#7879; V&#7841;n N&#259;ng &#273;&atilde; nh&#7853;n &#273;&#432;&#7907;c s&#7921; tin t&#432;&#7903;ng t&#7915; kh&aacute;ch h&agrave;ng nh&#7901; v&agrave;o ch&#7845;t l&#432;&#7907;ng h&agrave;ng &#273;&#7847;u c&#7911;a c&aacute;c d&ograve;ng s&#7843;n ph&#7849;m.<br>\nS&#7843;n ph&#7849;m c&#7911;a ch&uacute;ng t&ocirc;i &#273;&#432;&#7907;c ki&#7875;m &#273;&#7883;nh ch&#7845;t l&#432;&#7907;ng, nh&#7853;p kh&#7849;u tr&#7921;c ti&#7871;p t&#7915; nh&agrave; m&aacute;y b&ecirc;n Ch&acirc;u &Acirc;u, M&#7929;, &Uacute;c, Nh&#7853;t B&#7843;n,&hellip; v&agrave; &#273;&aacute;p &#7913;ng nhu c&#7847;u &#273;a d&#7841;ng c&#7911;a th&#7883; tr&#432;&#7901;ng nh&#432;: M&aacute;y &#272;o &#272;&#7897; C&#7913;ng, M&aacute;y SPECTROMAXx, M&aacute;y Ki&#7875;m Tra &#272;&#432;&#7901;ng Gh&eacute;p M&iacute; Lon,&hellip; Ch&uacute;ng t&ocirc;i cam k&#7871;t cung c&#7845;p s&#7843;n ph&#7849;m n&agrave;y tr&ecirc;n to&agrave;n qu&#7889;c v&#7899;i gi&aacute; c&#7843; c&#7841;nh tranh nh&#7845;t.<br>\nCh&uacute;ng t&ocirc;i c&oacute; &#273;&#7897;i ng&#361; chuy&ecirc;n vi&ecirc;n t&#432; v&#7845;n chuy&ecirc;n s&acirc;u s&#7869; h&#7895; tr&#7907; kh&aacute;ch h&agrave;ng v&#7873; chi ti&#7871;t s&#7843;n ph&#7849;m, h&#432;&#7899;ng d&#7851;n s&#7917; d&#7909;ng hay nh&#7919;ng th&#7913; li&ecirc;n quan &#273;&#7871;n v&#7845;n &#273;&#7873; m&agrave; doanh nghi&#7879;p b&#7841;n &#273;ang g&#7863;p ph&#7843;i. Ch&uacute;ng t&ocirc;i s&#7869; cung c&#7845;p nh&#7919;ng gi&#7843;i ph&aacute;p t&#7889;i &#432;u nh&#7845;t!<br>\nNgo&agrave;i ra Thi&#7871;t B&#7883; C&ocirc;ng Ngh&#7879; V&#7841;n N&#259;ng Ch&uacute;ng T&ocirc;i lu&ocirc;n h&#432;&#7899;ng &#273;&#7871;n tr&#7843;i nghi&#7879;m kh&aacute;ch h&agrave;ng, v&igrave; v&#7853;y ch&uacute;ng t&ocirc;i c&oacute; nh&#7919;ng ch&iacute;nh s&aacute;ch b&#7843;o h&agrave;nh, b&#7843;o tr&igrave; &ndash; b&#7843;o d&#432;&#7905;ng, hi&#7879;u chu&#7849;n v&#7899;i t&#7845;t c&#7843; c&aacute;c thi&#7871;t b&#7883;, m&aacute;y m&oacute;c m&agrave; ch&uacute;ng t&ocirc;i cung c&#7845;p. &#272;&#7843;m b&#7843;o mang &#273;&#7871;n cho Kh&aacute;ch h&agrave;ng s&#7921; y&ecirc;n t&acirc;m tuy&#7879;t &#273;&#7889;i v&#7873; d&#7883;ch v&#7909; khi mua h&agrave;ng.<\/p><p>T&#7893;ng K&#7871;t<br>\nM&aacute;y Elcometer 456 l&agrave; m&aacute;y &#273;o &#273;&#7897; d&agrave;y l&#7899;p ph&#7911; kh&ocirc; chuy&ecirc;n nghi&#7879;p, t&iacute;ch h&#7907;p &#273;&#7847;u d&ograve; li&#7873;n th&acirc;n &#7893;n &#273;&#7883;nh, ph&ugrave; h&#7907;p cho ki&#7875;m tra s&#417;n c&ocirc;ng nghi&#7879;p, ch&#7889;ng &#259;n m&ograve;n v&agrave; qu&#7843;n l&yacute; ch&#7845;t l&#432;&#7907;ng l&#7899;p ph&#7911; trong m&ocirc;i tr&#432;&#7901;ng kh&#7855;c nghi&#7879;t. H&atilde;y li&ecirc;n h&#7879; v&#7899;i V&#7841;n N&#259;ng ngay &#273;&#7875; &#273;&#432;&#7907;c t&#432; v&#7845;n chuy&ecirc;n s&acirc;u v&agrave; nh&#7853;n nh&#7919;ng &#432;u &#273;&atilde;i h&#7845;p d&#7851;n nh&#7845;t th&ocirc;ng qua hotline0903 991 335 !<\/p><div style=\"background-color: #f8fafc; border: 1px solid #e2e8f0; border-radius: 8px; padding: 25px; max-width: 800px; margin: 30px auto; color: #334155; line-height: 1.8; font-size: 17px; box-shadow: 0 4px 6px -1px rgba(0,0,0,0.05); text-align: left; clear: both;\">\nC&ocirc;ng ty TNHH Th&#432;&#417;ng M&#7841;i D&#7883;ch V&#7909; Thi&#7871;t B&#7883; C&ocirc;ng Ngh&#7879; V&#7841;n N&#259;ng\n<p style=\"margin: 0 0 10px 0;\">&#128205; <strong style=\"color: #1e293b;\">&#272;&#7883;a ch&#7881;:<\/strong> <a style=\"color: #059669; text-decoration: none; font-weight: bold;\" href=\"https:\/\/www.google.com\/maps\/search\/C%C3%B4ng+ty+TNHH+Th%C6%B0%C6%A1ng+M%E1%BA%A1i+D%E1%BB%8Bch+V%E1%BB%A5+Thi%E1%BA%BFt+B%E1%BB%8B+C%C3%B4ng+Ngh%E1%BB%87+V%E1%BA%A1n+N%C4%83ng+818+Tr%C6%B0%E1%BB%9Dng+Chinh\" target=\"_blank\" rel=\"noopener\">818 Tr&#432;&#7901;ng Chinh, Ph&#432;&#7901;ng T&acirc;n S&#417;n, Th&agrave;nh ph&#7889; H&#7891; Ch&iacute; Minh, Vi&#7879;t Nam<\/a><\/p>\n<p style=\"margin: 0 0 10px 0;\">&#128222; <strong style=\"color: #1e293b;\">S&#272;T &ndash; Zalo:<\/strong> <a style=\"color: #059669; text-decoration: none; font-weight: bold;\" href=\"https:\/\/zalo.me\/0903991335\" target=\"_blank\" rel=\"noopener\">0903 991 335<\/a> <span style=\"color: #64748b; font-style: italic;\">(Ms. H&#7841;nh &ndash; Gi&aacute;m &#272;&#7889;c Kinh Doanh)<\/span><\/p>\n<p style=\"margin: 0;\">&#9993;&#65039; <strong style=\"color: #1e293b;\">Email:<\/strong> <a style=\"color: #059669; text-decoration: none; font-weight: bold;\" href=\"mailto:hienhanh@vannangvn.com\">hienhanh@vannangvn.com<\/a><\/p>\n<\/div><\/h1>","protected":false},"excerpt":{"rendered":"<p><strong>Th&#432;&#417;ng hi&#7879;u:<\/strong> Elcometer<br>\n<strong>Model:<\/strong> Elcometer 456<p>Product <strong>M&Aacute;Y &#272;O &#272;&#7896; D&Agrave;Y L&#7898;P PH&#7910; ELCOMETER MODEL 456<\/strong> ch&iacute;nh h&atilde;ng. Elcometer (V&#432;&#417;ng Qu&#7889;c Anh)<br>\nM&aacute;y &#272;o &#272;&#7897; D&agrave;y L&#7899;p Ph&#7911; Elcometer Model 456 l&agrave; m&aacute;y &#273;o &#273;&#7897; d&agrave;y l&#7899;p ph&#7911; kh&ocirc; ch&iacute;nh x&aacute;c &plusmn;1%, &#273;o &#273;&#7871;n 13mm, l&#432;u 150.000 k&#7871;t qu&#7843;, ch&#7889;ng b&#7909;i n&#432;&#7899;c IP64, ph&ugrave; h&#7907;p ki&#7875;m tra s&#417;n c&ocirc;ng nghi&#7879;p v&agrave; ch&#7889;ng &#259;n m&ograve;n.<\/p><\/p>","protected":false},"featured_media":9866,"comment_status":"open","ping_status":"closed","template":"","meta":[],"product_brand":[],"product_cat":[18],"product_tag":[103,109,116,181,184,221,409,1744],"class_list":{"0":"post-6693","1":"product","2":"type-product","3":"status-publish","4":"has-post-thumbnail","6":"product_cat-chua-phan-loai","7":"product_tag-day","8":"product_tag-may","9":"product_tag-model","10":"product_tag-do","11":"product_tag-elcometer","12":"product_tag-phu","13":"product_tag-lop","14":"product_tag-1744","16":"first","17":"instock","18":"shipping-taxable","19":"product-type-simple"},"yoast_head":"<!-- This site is optimized with the Yoast SEO Premium plugin v24.8 (Yoast SEO v24.8) - https:\/\/yoast.com\/wordpress\/plugins\/seo\/ -->\n<title>M\u00c1Y \u0110O \u0110\u1ed8 D\u00c0Y L\u1edaP PH\u1ee6 ELCOMETER MOD... ch\u00ednh h\u00e3ng | V\u1ea1n N\u0103ng<\/title>\n<meta name=\"description\" content=\"Mua ngay M\u00c1Y \u0110O \u0110\u1ed8 D\u00c0Y L\u1edaP PH\u1ee6 ELCOMETER MODEL 456 ch\u00ednh h\u00e3ng. M\u00e1y \u0110o \u0110\u1ed9 D\u00e0y L\u1edbp Ph\u1ee7 Elcometer Model 456 l\u00e0 m\u00e1y \u0111o \u0111\u1ed9 d\u00e0y l\u1edbp ph\u1ee7... Gi\u00e1 t\u1ed1t!\" \/>\n<meta name=\"robots\" content=\"noindex, follow, max-snippet:-1, max-image-preview:large, max-video-preview:-1\" \/>\n<meta property=\"og:locale\" content=\"en_US\" \/>\n<meta property=\"og:type\" content=\"article\" \/>\n<meta property=\"og:title\" content=\"M\u00c1Y \u0110O \u0110\u1ed8 D\u00c0Y L\u1edaP PH\u1ee6 ELCOMETER MODEL 456\" \/>\n<meta property=\"og:description\" content=\"Mua ngay M\u00c1Y \u0110O \u0110\u1ed8 D\u00c0Y L\u1edaP PH\u1ee6 ELCOMETER MODEL 456 ch\u00ednh h\u00e3ng. M\u00e1y \u0110o \u0110\u1ed9 D\u00e0y L\u1edbp Ph\u1ee7 Elcometer Model 456 l\u00e0 m\u00e1y \u0111o \u0111\u1ed9 d\u00e0y l\u1edbp ph\u1ee7... Gi\u00e1 t\u1ed1t!\" \/>\n<meta property=\"og:url\" content=\"https:\/\/vannangvn.123websitedev.com\/en\/product\/may-do-do-day-lop-phu-elcometer-model-456\/\" \/>\n<meta property=\"og:site_name\" content=\"Vannang.vn\" \/>\n<meta property=\"article:modified_time\" content=\"2026-03-30T11:26:11+00:00\" \/>\n<meta property=\"og:image\" content=\"http:\/\/vannangvn.123websitedev.com\/wp-content\/uploads\/2026\/03\/13-3-768x576-copy.jpg\" \/>\n\t<meta property=\"og:image:width\" content=\"768\" \/>\n\t<meta property=\"og:image:height\" content=\"576\" \/>\n\t<meta property=\"og:image:type\" content=\"image\/jpeg\" \/>\n<meta name=\"twitter:card\" content=\"summary_large_image\" \/>\n<meta name=\"twitter:label1\" content=\"Est. reading time\" \/>\n\t<meta name=\"twitter:data1\" content=\"8 minutes\" \/>\n<script type=\"application\/ld+json\" class=\"yoast-schema-graph\">{\"@context\":\"https:\/\/schema.org\",\"@graph\":[{\"@type\":\"WebPage\",\"@id\":\"https:\/\/vannangvn.123websitedev.com\/san-pham\/may-do-do-day-lop-phu-elcometer-model-456\/\",\"url\":\"https:\/\/vannangvn.123websitedev.com\/san-pham\/may-do-do-day-lop-phu-elcometer-model-456\/\",\"name\":\"M\u00c1Y \u0110O \u0110\u1ed8 D\u00c0Y L\u1edaP PH\u1ee6 ELCOMETER MOD... ch\u00ednh h\u00e3ng | V\u1ea1n N\u0103ng\",\"isPartOf\":{\"@id\":\"https:\/\/vannangvn.123websitedev.com\/#website\"},\"primaryImageOfPage\":{\"@id\":\"https:\/\/vannangvn.123websitedev.com\/san-pham\/may-do-do-day-lop-phu-elcometer-model-456\/#primaryimage\"},\"image\":{\"@id\":\"https:\/\/vannangvn.123websitedev.com\/san-pham\/may-do-do-day-lop-phu-elcometer-model-456\/#primaryimage\"},\"thumbnailUrl\":\"https:\/\/vannangvn.123websitedev.com\/wp-content\/uploads\/2026\/03\/13-3-768x576-copy.jpg\",\"datePublished\":\"2026-03-20T10:34:47+00:00\",\"dateModified\":\"2026-03-30T11:26:11+00:00\",\"description\":\"Mua ngay M\u00c1Y \u0110O \u0110\u1ed8 D\u00c0Y L\u1edaP PH\u1ee6 ELCOMETER MODEL 456 ch\u00ednh h\u00e3ng. M\u00e1y \u0110o \u0110\u1ed9 D\u00e0y L\u1edbp Ph\u1ee7 Elcometer Model 456 l\u00e0 m\u00e1y \u0111o \u0111\u1ed9 d\u00e0y l\u1edbp ph\u1ee7... Gi\u00e1 t\u1ed1t!\",\"breadcrumb\":{\"@id\":\"https:\/\/vannangvn.123websitedev.com\/san-pham\/may-do-do-day-lop-phu-elcometer-model-456\/#breadcrumb\"},\"inLanguage\":\"en-US\",\"potentialAction\":[{\"@type\":\"ReadAction\",\"target\":[\"https:\/\/vannangvn.123websitedev.com\/san-pham\/may-do-do-day-lop-phu-elcometer-model-456\/\"]}]},{\"@type\":\"ImageObject\",\"inLanguage\":\"en-US\",\"@id\":\"https:\/\/vannangvn.123websitedev.com\/san-pham\/may-do-do-day-lop-phu-elcometer-model-456\/#primaryimage\",\"url\":\"https:\/\/vannangvn.123websitedev.com\/wp-content\/uploads\/2026\/03\/13-3-768x576-copy.jpg\",\"contentUrl\":\"https:\/\/vannangvn.123websitedev.com\/wp-content\/uploads\/2026\/03\/13-3-768x576-copy.jpg\",\"width\":768,\"height\":576},{\"@type\":\"BreadcrumbList\",\"@id\":\"https:\/\/vannangvn.123websitedev.com\/san-pham\/may-do-do-day-lop-phu-elcometer-model-456\/#breadcrumb\",\"itemListElement\":[{\"@type\":\"ListItem\",\"position\":1,\"name\":\"Trang ch\u1ee7\",\"item\":\"https:\/\/vannangvn.123websitedev.com\/\"},{\"@type\":\"ListItem\",\"position\":2,\"name\":\"S\u1ea3n ph\u1ea9m\",\"item\":\"https:\/\/vannangvn.123websitedev.com\/cua-hang\/\"},{\"@type\":\"ListItem\",\"position\":3,\"name\":\"M\u00c1Y \u0110O \u0110\u1ed8 D\u00c0Y L\u1edaP PH\u1ee6 ELCOMETER MODEL 456\"}]},{\"@type\":\"WebSite\",\"@id\":\"https:\/\/vannangvn.123websitedev.com\/#website\",\"url\":\"https:\/\/vannangvn.123websitedev.com\/\",\"name\":\"Vannang.vn\",\"description\":\"\",\"publisher\":{\"@id\":\"https:\/\/vannangvn.123websitedev.com\/#organization\"},\"potentialAction\":[{\"@type\":\"SearchAction\",\"target\":{\"@type\":\"EntryPoint\",\"urlTemplate\":\"https:\/\/vannangvn.123websitedev.com\/?s={search_term_string}\"},\"query-input\":{\"@type\":\"PropertyValueSpecification\",\"valueRequired\":true,\"valueName\":\"search_term_string\"}}],\"inLanguage\":\"en-US\"},{\"@type\":\"Organization\",\"@id\":\"https:\/\/vannangvn.123websitedev.com\/#organization\",\"name\":\"Vannang.vn\",\"url\":\"https:\/\/vannangvn.123websitedev.com\/\",\"logo\":{\"@type\":\"ImageObject\",\"inLanguage\":\"en-US\",\"@id\":\"https:\/\/vannangvn.123websitedev.com\/#\/schema\/logo\/image\/\",\"url\":\"https:\/\/vannangvn.123websitedev.com\/wp-content\/uploads\/2026\/02\/logo-van-nang-02.png\",\"contentUrl\":\"https:\/\/vannangvn.123websitedev.com\/wp-content\/uploads\/2026\/02\/logo-van-nang-02.png\",\"width\":448,\"height\":111,\"caption\":\"Vannang.vn\"},\"image\":{\"@id\":\"https:\/\/vannangvn.123websitedev.com\/#\/schema\/logo\/image\/\"}}]}<\/script>\n<!-- \/ Yoast SEO Premium plugin. -->","yoast_head_json":{"title":"M\u00c1Y \u0110O \u0110\u1ed8 D\u00c0Y L\u1edaP PH\u1ee6 ELCOMETER MOD... ch\u00ednh h\u00e3ng | V\u1ea1n N\u0103ng","description":"Mua ngay M\u00c1Y \u0110O \u0110\u1ed8 D\u00c0Y L\u1edaP PH\u1ee6 ELCOMETER MODEL 456 ch\u00ednh h\u00e3ng. M\u00e1y \u0110o \u0110\u1ed9 D\u00e0y L\u1edbp Ph\u1ee7 Elcometer Model 456 l\u00e0 m\u00e1y \u0111o \u0111\u1ed9 d\u00e0y l\u1edbp ph\u1ee7... Gi\u00e1 t\u1ed1t!","robots":{"index":"noindex","follow":"follow","max-snippet":"max-snippet:-1","max-image-preview":"max-image-preview:large","max-video-preview":"max-video-preview:-1"},"og_locale":"en_US","og_type":"article","og_title":"M\u00c1Y \u0110O \u0110\u1ed8 D\u00c0Y L\u1edaP PH\u1ee6 ELCOMETER MODEL 456","og_description":"Mua ngay M\u00c1Y \u0110O \u0110\u1ed8 D\u00c0Y L\u1edaP PH\u1ee6 ELCOMETER MODEL 456 ch\u00ednh h\u00e3ng. M\u00e1y \u0110o \u0110\u1ed9 D\u00e0y L\u1edbp Ph\u1ee7 Elcometer Model 456 l\u00e0 m\u00e1y \u0111o \u0111\u1ed9 d\u00e0y l\u1edbp ph\u1ee7... Gi\u00e1 t\u1ed1t!","og_url":"https:\/\/vannangvn.123websitedev.com\/en\/product\/may-do-do-day-lop-phu-elcometer-model-456\/","og_site_name":"Vannang.vn","article_modified_time":"2026-03-30T11:26:11+00:00","og_image":[{"width":768,"height":576,"url":"http:\/\/vannangvn.123websitedev.com\/wp-content\/uploads\/2026\/03\/13-3-768x576-copy.jpg","type":"image\/jpeg"}],"twitter_card":"summary_large_image","twitter_misc":{"Est. reading time":"8 minutes"},"schema":{"@context":"https:\/\/schema.org","@graph":[{"@type":"WebPage","@id":"https:\/\/vannangvn.123websitedev.com\/san-pham\/may-do-do-day-lop-phu-elcometer-model-456\/","url":"https:\/\/vannangvn.123websitedev.com\/san-pham\/may-do-do-day-lop-phu-elcometer-model-456\/","name":"M\u00c1Y \u0110O \u0110\u1ed8 D\u00c0Y L\u1edaP PH\u1ee6 ELCOMETER MOD... ch\u00ednh h\u00e3ng | V\u1ea1n N\u0103ng","isPartOf":{"@id":"https:\/\/vannangvn.123websitedev.com\/#website"},"primaryImageOfPage":{"@id":"https:\/\/vannangvn.123websitedev.com\/san-pham\/may-do-do-day-lop-phu-elcometer-model-456\/#primaryimage"},"image":{"@id":"https:\/\/vannangvn.123websitedev.com\/san-pham\/may-do-do-day-lop-phu-elcometer-model-456\/#primaryimage"},"thumbnailUrl":"https:\/\/vannangvn.123websitedev.com\/wp-content\/uploads\/2026\/03\/13-3-768x576-copy.jpg","datePublished":"2026-03-20T10:34:47+00:00","dateModified":"2026-03-30T11:26:11+00:00","description":"Mua ngay M\u00c1Y \u0110O \u0110\u1ed8 D\u00c0Y L\u1edaP PH\u1ee6 ELCOMETER MODEL 456 ch\u00ednh h\u00e3ng. M\u00e1y \u0110o \u0110\u1ed9 D\u00e0y L\u1edbp Ph\u1ee7 Elcometer Model 456 l\u00e0 m\u00e1y \u0111o \u0111\u1ed9 d\u00e0y l\u1edbp ph\u1ee7... Gi\u00e1 t\u1ed1t!","breadcrumb":{"@id":"https:\/\/vannangvn.123websitedev.com\/san-pham\/may-do-do-day-lop-phu-elcometer-model-456\/#breadcrumb"},"inLanguage":"en-US","potentialAction":[{"@type":"ReadAction","target":["https:\/\/vannangvn.123websitedev.com\/san-pham\/may-do-do-day-lop-phu-elcometer-model-456\/"]}]},{"@type":"ImageObject","inLanguage":"en-US","@id":"https:\/\/vannangvn.123websitedev.com\/san-pham\/may-do-do-day-lop-phu-elcometer-model-456\/#primaryimage","url":"https:\/\/vannangvn.123websitedev.com\/wp-content\/uploads\/2026\/03\/13-3-768x576-copy.jpg","contentUrl":"https:\/\/vannangvn.123websitedev.com\/wp-content\/uploads\/2026\/03\/13-3-768x576-copy.jpg","width":768,"height":576},{"@type":"BreadcrumbList","@id":"https:\/\/vannangvn.123websitedev.com\/san-pham\/may-do-do-day-lop-phu-elcometer-model-456\/#breadcrumb","itemListElement":[{"@type":"ListItem","position":1,"name":"Trang ch\u1ee7","item":"https:\/\/vannangvn.123websitedev.com\/"},{"@type":"ListItem","position":2,"name":"S\u1ea3n ph\u1ea9m","item":"https:\/\/vannangvn.123websitedev.com\/cua-hang\/"},{"@type":"ListItem","position":3,"name":"M\u00c1Y \u0110O \u0110\u1ed8 D\u00c0Y L\u1edaP PH\u1ee6 ELCOMETER MODEL 456"}]},{"@type":"WebSite","@id":"https:\/\/vannangvn.123websitedev.com\/#website","url":"https:\/\/vannangvn.123websitedev.com\/","name":"Vannang.vn","description":"","publisher":{"@id":"https:\/\/vannangvn.123websitedev.com\/#organization"},"potentialAction":[{"@type":"SearchAction","target":{"@type":"EntryPoint","urlTemplate":"https:\/\/vannangvn.123websitedev.com\/?s={search_term_string}"},"query-input":{"@type":"PropertyValueSpecification","valueRequired":true,"valueName":"search_term_string"}}],"inLanguage":"en-US"},{"@type":"Organization","@id":"https:\/\/vannangvn.123websitedev.com\/#organization","name":"Vannang.vn","url":"https:\/\/vannangvn.123websitedev.com\/","logo":{"@type":"ImageObject","inLanguage":"en-US","@id":"https:\/\/vannangvn.123websitedev.com\/#\/schema\/logo\/image\/","url":"https:\/\/vannangvn.123websitedev.com\/wp-content\/uploads\/2026\/02\/logo-van-nang-02.png","contentUrl":"https:\/\/vannangvn.123websitedev.com\/wp-content\/uploads\/2026\/02\/logo-van-nang-02.png","width":448,"height":111,"caption":"Vannang.vn"},"image":{"@id":"https:\/\/vannangvn.123websitedev.com\/#\/schema\/logo\/image\/"}}]}},"_links":{"self":[{"href":"https:\/\/vannangvn.123websitedev.com\/en\/wp-json\/wp\/v2\/product\/6693","targetHints":{"allow":["GET"]}}],"collection":[{"href":"https:\/\/vannangvn.123websitedev.com\/en\/wp-json\/wp\/v2\/product"}],"about":[{"href":"https:\/\/vannangvn.123websitedev.com\/en\/wp-json\/wp\/v2\/types\/product"}],"replies":[{"embeddable":true,"href":"https:\/\/vannangvn.123websitedev.com\/en\/wp-json\/wp\/v2\/comments?post=6693"}],"wp:featuredmedia":[{"embeddable":true,"href":"https:\/\/vannangvn.123websitedev.com\/en\/wp-json\/wp\/v2\/media\/9866"}],"wp:attachment":[{"href":"https:\/\/vannangvn.123websitedev.com\/en\/wp-json\/wp\/v2\/media?parent=6693"}],"wp:term":[{"taxonomy":"product_brand","embeddable":true,"href":"https:\/\/vannangvn.123websitedev.com\/en\/wp-json\/wp\/v2\/product_brand?post=6693"},{"taxonomy":"product_cat","embeddable":true,"href":"https:\/\/vannangvn.123websitedev.com\/en\/wp-json\/wp\/v2\/product_cat?post=6693"},{"taxonomy":"product_tag","embeddable":true,"href":"https:\/\/vannangvn.123websitedev.com\/en\/wp-json\/wp\/v2\/product_tag?post=6693"}],"curies":[{"name":"wp","href":"https:\/\/api.w.org\/{rel}","templated":true}]}}