{"id":6694,"date":"2026-03-20T17:34:48","date_gmt":"2026-03-20T10:34:48","guid":{"rendered":"https:\/\/vannangvn.123websitedev.com\/san-pham\/may-do-do-day-lop-phu-elcometer-model-500\/"},"modified":"2026-03-30T18:26:13","modified_gmt":"2026-03-30T11:26:13","slug":"may-do-do-day-lop-phu-elcometer-model-500","status":"publish","type":"product","link":"https:\/\/vannangvn.123websitedev.com\/en\/product\/may-do-do-day-lop-phu-elcometer-model-500\/","title":{"rendered":"M\u00c1Y \u0110O \u0110\u1ed8 D\u00c0Y L\u1edaP PH\u1ee6 ELCOMETER MODEL 500"},"content":{"rendered":"<h1 style=\"color: red; font-weight: bold; font-size: 24px;\">T&#7893;ng quan s&#7843;n ph&#7849;m M&Aacute;Y &#272;O &#272;&#7896; D&Agrave;Y L&#7898;P PH&#7910; ELCOMETER MODEL 500<p>M&aacute;y &#272;o &#272;&#7897; D&agrave;y L&#7899;p Ph&#7911; Tr&ecirc;n B&ecirc; T&ocirc;ng (Coating Thickness Gauge) Elcometer Model 500<br>\nM&aacute;y &#272;o &#272;&#7897; D&agrave;y L&#7899;p Ph&#7911; Tr&ecirc;n B&ecirc; T&ocirc;ng Elcometer Model 500 l&agrave; thi&#7871;t b&#7883; chuy&ecirc;n d&#7909;ng &#273;&#7875; &#273;o &#273;&#7897; d&agrave;y l&#7899;p ph&#7911; kh&ocirc; (DFT) tr&ecirc;n b&ecirc; t&ocirc;ng v&agrave; c&aacute;c b&#7873; m&#7863;t g&#7889;c xi m&#259;ng nh&#432; t&#432;&#7901;ng th&#7841;ch cao, g&#7841;ch, block&hellip;., ho&#7841;t &#273;&#7897;ng theo ph&#432;&#417;ng ph&aacute;p si&ecirc;u &acirc;m ti&ecirc;n ti&#7871;n, cho ph&eacute;p &#273;o ch&iacute;nh x&aacute;c l&#7899;p ph&#7911; d&agrave;y &#273;&#7871;n 10 mm m&agrave; kh&ocirc;ng g&acirc;y h&#432; h&#7841;i b&#7873; m&#7863;t.<br>\nS&#7843;n ph&#7849;m &#273;&#432;&#7907;c thi&#7871;t k&#7871; cho m&ocirc;i tr&#432;&#7901;ng thi c&ocirc;ng v&agrave; ki&#7875;m &#273;&#7883;nh th&#7921;c t&#7871;, &#273;&aacute;p &#7913;ng c&aacute;c ti&ecirc;u chu&#7849;n ASTM D6132, SSPC PA9 v&agrave; ISO 2808 Method 10. H&atilde;y c&ugrave;ng V&#7841;n N&#259;ng t&igrave;m hi&#7875;u chi ti&#7871;t h&#417;n v&#7873; s&#7843;n ph&#7849;m th&ocirc;ng qua b&agrave;i vi&#7871;t d&#432;&#7899;i &#273;&acirc;y nh&eacute;!<\/p><p>N&eacute;t &#272;&#7863;c Tr&#432;ng C&#7911;a Elcometer 500<br>\nC&ocirc;ng ngh&#7879; &#273;o si&ecirc;u &acirc;m kh&ocirc;ng ph&aacute; h&#7911;y<br>\nElcometer 500 s&#7917; d&#7909;ng c&ocirc;ng ngh&#7879; si&ecirc;u &acirc;m &#273;&#7875; x&aacute;c &#273;&#7883;nh &#273;&#7897; d&agrave;y l&#7899;p ph&#7911; tr&ecirc;n n&#7873;n b&ecirc; t&ocirc;ng m&agrave; kh&ocirc;ng c&#7847;n c&#7855;t m&#7851;u ho&#7863;c l&agrave;m h&#7887;ng b&#7873; m&#7863;t.<br>\nT&#7889;c &#273;&#7897; &#273;o cao<\/p><p>H&#417;n 60 ph&eacute;p &#273;o\/ph&uacute;t &#7903; ch&#7871; &#273;&#7897; ti&ecirc;u chu&#7849;n<br>\nTr&ecirc;n 140 ph&eacute;p &#273;o\/ph&uacute;t &#7903; ch&#7871; &#273;&#7897; qu&eacute;t (Scan Mode)<br>\nGi&uacute;p r&uacute;t ng&#7855;n &#273;&aacute;ng k&#7875; th&#7901;i gian ki&#7875;m tra c&ocirc;ng tr&igrave;nh di&#7879;n t&iacute;ch l&#7899;n.<\/p><p>&#272;&#7847;u d&ograve; th&ocirc;ng minh thay th&#7871; &#273;&#432;&#7907;c<br>\n&#272;&#7847;u d&ograve; c&oacute; thi&#7871;t k&#7871; th&ocirc;ng minh, cho ph&eacute;p thay th&#7871; &#273;&#7847;u tip t&#7841;i hi&#7879;n tr&#432;&#7901;ng. M&aacute;y t&#7921; &#273;&#7897;ng c&#7843;nh b&aacute;o khi tip m&ograve;n ho&#7863;c c&#7847;n thay m&#7899;i, t&#7889;i &#273;a h&oacute;a th&#7901;i gian l&agrave;m vi&#7879;c.<\/p><p>Ch&#7881; b&aacute;o c&#432;&#7901;ng &#273;&#7897; t&iacute;n hi&#7879;u<br>\nElcometer Model 500 ch&#7881; hi&#7875;n th&#7883; k&#7871;t qu&#7843; khi t&iacute;n hi&#7879;u &#273;&#7841;t m&#7913;c &#7893;n &#273;&#7883;nh (m&agrave;u xanh), gi&uacute;p lo&#7841;i b&#7887; sai s&#7889; v&agrave; ng&#259;n ng&#7915;a k&#7871;t qu&#7843; &#273;o kh&ocirc;ng ch&iacute;nh x&aacute;c.<br>\nTh&#432; vi&#7879;n v&#7853;t li&#7879;u t&iacute;ch h&#7907;p<br>\nKh&ocirc;ng c&#7847;n c&agrave;i &#273;&#7863;t gate hay bi&#7871;t tr&#432;&#7899;c &#273;&#7897; d&agrave;y l&#7899;p ph&#7911;. Ch&#7881; c&#7847;n ch&#7885;n lo&#7841;i v&#7853;t li&#7879;u t&#7915; th&#432; vi&#7879;n t&iacute;ch h&#7907;p v&agrave; ti&#7871;n h&agrave;nh &#273;o.<\/p><p>&#431;u &#272;i&#7875;m V&#432;&#7907;t Tr&#7897;i Elcometer Model 500<\/p><p>T&#7889;c &#273;&#7897; &#273;o cao, t&#7889;i &#432;u n&#259;ng su&#7845;t: Elcometer 500 th&#7921;c hi&#7879;n h&#417;n 60 ph&eacute;p &#273;o\/ph&uacute;t &#7903; ch&#7871; &#273;&#7897; ti&ecirc;u chu&#7849;n v&agrave; tr&ecirc;n 140 ph&eacute;p &#273;o\/ph&uacute;t &#7903; ch&#7871; &#273;&#7897; qu&eacute;t, gi&uacute;p r&uacute;t ng&#7855;n th&#7901;i gian ki&#7875;m tra c&ocirc;ng tr&igrave;nh di&#7879;n t&iacute;ch l&#7899;n.<br>\n&#272;&#7897; ch&iacute;nh x&aacute;c v&agrave; &#273;&#7897; l&#7863;p l&#7841;i cao: Thi&#7871;t b&#7883; ch&#7881; hi&#7875;n th&#7883; k&#7871;t qu&#7843; khi c&#432;&#7901;ng &#273;&#7897; t&iacute;n hi&#7879;u &#273;&#7841;t m&#7913;c &#7893;n &#273;&#7883;nh, h&#7841;n ch&#7871; sai s&#7889; v&agrave; ng&#259;n ch&#7863;n k&#7871;t qu&#7843; &#273;o kh&ocirc;ng h&#7907;p l&#7879;. &#272;o &#273;&#432;&#7907;c l&#7899;p ph&#7911; d&agrave;y &#273;&#7871;n 10 mm tr&ecirc;n b&ecirc; t&ocirc;ng.<br>\n&#272;o kh&ocirc;ng ph&aacute; h&#7911;y: &#7912;ng d&#7909;ng c&ocirc;ng ngh&#7879; si&ecirc;u &acirc;m, kh&ocirc;ng c&#7847;n c&#7855;t m&#7851;u hay l&agrave;m h&#432; h&#7841;i b&#7873; m&#7863;t, &#273;&#7843;m b&#7843;o gi&#7919; nguy&ecirc;n hi&#7879;n tr&#7841;ng c&ocirc;ng tr&igrave;nh.<\/p><p>D&#7877; s&#7917; d&#7909;ng v&agrave; hi&#7879;u chu&#7849;n linh ho&#7841;t: T&iacute;ch h&#7907;p th&#432; vi&#7879;n v&#7853;t li&#7879;u, kh&ocirc;ng c&#7847;n c&agrave;i &#273;&#7863;t ph&#7913;c t&#7841;p. H&#7895; tr&#7907; hi&#7879;u chu&#7849;n theo m&#7851;u chu&#7849;n, theo v&#7853;n t&#7889;c truy&#7873;n &acirc;m ho&#7863;c khu&ocirc;n t&#7841;o m&#7851;u truy xu&#7845;t ti&ecirc;u chu&#7849;n qu&#7889;c t&#7871;.<br>\nThi&#7871;t k&#7871; b&#7873;n b&#7881;, ph&ugrave; h&#7907;p hi&#7879;n tr&#432;&#7901;ng: C&ocirc;ng th&aacute;i h&#7885;c t&#7889;i &#432;u cho thao t&aacute;c li&ecirc;n t&#7909;c, &#273;&#7847;u d&ograve; thay th&#7871; &#273;&#432;&#7907;c t&#7841;i ch&#7895;, v&#7887; m&aacute;y &#273;&#7841;t chu&#7849;n IP54 ch&#7889;ng b&#7909;i v&agrave; n&#432;&#7899;c, &#273;&aacute;p &#7913;ng m&ocirc;i tr&#432;&#7901;ng c&ocirc;ng tr&#432;&#7901;ng v&agrave; nh&agrave; m&aacute;y kh&#7855;c nghi&#7879;t.<\/p><p>&#7912;ng D&#7909;ng Th&#7921;c T&#7871;<\/p><p>X&acirc;y d&#7921;ng v&agrave; c&ocirc;ng nghi&#7879;p: Elcometer 500 Coating Thickness Gauge d&ugrave;ng &#273;&#7875; &#273;o &#273;&#7897; d&agrave;y s&#417;n epoxy, l&#7899;p ph&#7911; ch&#7889;ng th&#7845;m v&agrave; b&#7843;o v&#7879; b&ecirc; t&ocirc;ng trong nh&agrave; x&#432;&#7903;ng, t&#7847;ng h&#7847;m, b&atilde;i &#273;&#7895; xe, h&#7895; tr&#7907; nghi&#7879;m thu nhanh v&agrave; ch&iacute;nh x&aacute;c.<br>\nD&#7847;u kh&iacute; &ndash; h&oacute;a ch&#7845;t: Thi&#7871;t b&#7883; gi&uacute;p ki&#7875;m tra l&#7899;p ph&#7911; ch&#7889;ng &#259;n m&ograve;n tr&ecirc;n b&#7873; m&#7863;t b&ecirc; t&ocirc;ng b&#7891;n b&#7875;, khu x&#7917; l&yacute; h&oacute;a ch&#7845;t v&agrave; n&#432;&#7899;c th&#7843;i m&agrave; kh&ocirc;ng l&agrave;m h&#432; h&#7841;i k&#7871;t c&#7845;u.<br>\nH&#7841; t&#7847;ng giao th&ocirc;ng: &#7912;ng d&#7909;ng trong ki&#7875;m tra l&#7899;p ph&#7911; c&#7847;u, h&#7847;m, nh&agrave; ga v&agrave; c&ocirc;ng tr&igrave;nh ngo&agrave;i tr&#7901;i, &#273;&#7843;m b&#7843;o &#273;&#7897; b&#7873;n v&agrave; kh&#7843; n&#259;ng b&#7843;o v&#7879; c&#7911;a l&#7899;p ph&#7911; theo ti&ecirc;u chu&#7849;n.<br>\nKi&#7875;m &#273;&#7883;nh v&agrave; QA\/QC: Ph&ugrave; h&#7907;p cho &#273;&#417;n v&#7883; gi&aacute;m s&aacute;t, t&#432; v&#7845;n k&#7929; thu&#7853;t khi &#273;o l&#432;&#7901;ng, l&#432;u tr&#7919; d&#7919; li&#7879;u v&agrave; l&#7853;p b&aacute;o c&aacute;o nghi&#7879;m thu ch&#7845;t l&#432;&#7907;ng l&#7899;p ph&#7911;.<\/p><p>Nh&#7919;ng L&yacute; Do N&ecirc;n Mua M&aacute;y &#272;o &#272;&#7897; D&agrave;y L&#7899;p Ph&#7911; T&#7841;i V&#7841;n N&#259;ng<\/p><p>C&ocirc;ng ty Thi&#7871;t B&#7883; C&ocirc;ng Ngh&#7879; V&#7841;n N&#259;ng l&agrave; &#273;&#7889;i t&aacute;c ch&iacute;nh th&#7913;c ph&acirc;n ph&#7889;i M&aacute;y &#273;o &#273;&#7897; d&agrave;y l&#7899;p ph&#7911; h&agrave;ng &#273;&#7847;u t&#7841;i Vi&#7879;t Nam, cam k&#7871;t cung c&#7845;p s&#7843;n ph&#7849;m ch&iacute;nh h&atilde;ng v&#7899;i gi&aacute; c&#7843; c&#7841;nh tranh nh&#7845;t th&#7883; tr&#432;&#7901;ng. V&#7899;i uy t&iacute;n tr&ecirc;n th&#7883; tr&#432;&#7901;ng v&agrave; ch&#7871; &#273;&#7897; h&#7851;u m&atilde;i t&#7889;t, Thi&#7871;t B&#7883; C&ocirc;ng Ngh&#7879; V&#7841;n N&#259;ng &#273;&atilde; nh&#7853;n &#273;&#432;&#7907;c s&#7921; tin t&#432;&#7903;ng t&#7915; kh&aacute;ch h&agrave;ng nh&#7901; v&agrave;o ch&#7845;t l&#432;&#7907;ng h&agrave;ng &#273;&#7847;u c&#7911;a c&aacute;c d&ograve;ng s&#7843;n ph&#7849;m.<br>\nS&#7843;n ph&#7849;m c&#7911;a ch&uacute;ng t&ocirc;i &#273;&#432;&#7907;c ki&#7875;m &#273;&#7883;nh ch&#7845;t l&#432;&#7907;ng, nh&#7853;p kh&#7849;u tr&#7921;c ti&#7871;p t&#7915; nh&agrave; m&aacute;y b&ecirc;n Ch&acirc;u &Acirc;u, M&#7929;, &Uacute;c, Nh&#7853;t B&#7843;n,&hellip; v&agrave; &#273;&aacute;p &#7913;ng nhu c&#7847;u &#273;a d&#7841;ng c&#7911;a th&#7883; tr&#432;&#7901;ng nh&#432;: M&aacute;y &#272;o &#272;&#7897; C&#7913;ng, M&aacute;y SPECTROMAXx, M&aacute;y Ki&#7875;m Tra &#272;&#432;&#7901;ng Gh&eacute;p M&iacute; Lon,&hellip; Ch&uacute;ng t&ocirc;i cam k&#7871;t cung c&#7845;p s&#7843;n ph&#7849;m n&agrave;y tr&ecirc;n to&agrave;n qu&#7889;c v&#7899;i gi&aacute; c&#7843; c&#7841;nh tranh nh&#7845;t.<br>\nCh&uacute;ng t&ocirc;i c&oacute; &#273;&#7897;i ng&#361; chuy&ecirc;n vi&ecirc;n t&#432; v&#7845;n chuy&ecirc;n s&acirc;u s&#7869; h&#7895; tr&#7907; kh&aacute;ch h&agrave;ng v&#7873; chi ti&#7871;t s&#7843;n ph&#7849;m, h&#432;&#7899;ng d&#7851;n s&#7917; d&#7909;ng hay nh&#7919;ng th&#7913; li&ecirc;n quan &#273;&#7871;n v&#7845;n &#273;&#7873; m&agrave; doanh nghi&#7879;p b&#7841;n &#273;ang g&#7863;p ph&#7843;i. Ch&uacute;ng t&ocirc;i s&#7869; cung c&#7845;p nh&#7919;ng gi&#7843;i ph&aacute;p t&#7889;i &#432;u nh&#7845;t!<br>\nNgo&agrave;i ra Thi&#7871;t B&#7883; C&ocirc;ng Ngh&#7879; V&#7841;n N&#259;ng Ch&uacute;ng T&ocirc;i lu&ocirc;n h&#432;&#7899;ng &#273;&#7871;n tr&#7843;i nghi&#7879;m kh&aacute;ch h&agrave;ng, v&igrave; v&#7853;y ch&uacute;ng t&ocirc;i c&oacute; nh&#7919;ng ch&iacute;nh s&aacute;ch b&#7843;o h&agrave;nh, b&#7843;o tr&igrave; &ndash; b&#7843;o d&#432;&#7905;ng, hi&#7879;u chu&#7849;n v&#7899;i t&#7845;t c&#7843; c&aacute;c thi&#7871;t b&#7883;, m&aacute;y m&oacute;c m&agrave; ch&uacute;ng t&ocirc;i cung c&#7845;p. &#272;&#7843;m b&#7843;o mang &#273;&#7871;n cho Kh&aacute;ch h&agrave;ng s&#7921; y&ecirc;n t&acirc;m tuy&#7879;t &#273;&#7889;i v&#7873; d&#7883;ch v&#7909; khi mua h&agrave;ng.<\/p><p>T&#7893;ng K&#7871;t<br>\nElcometer 500  l&agrave; gi&#7843;i ph&aacute;p &#273;o &#273;&#7897; d&agrave;y l&#7899;p ph&#7911; tr&ecirc;n b&ecirc; t&ocirc;ng nhanh, ch&iacute;nh x&aacute;c v&agrave; kh&ocirc;ng ph&aacute; h&#7911;y. V&#7899;i t&#7889;c &#273;&#7897; &#273;o cao, &#273;&#7847;u d&ograve; th&ocirc;ng minh, th&#432; vi&#7879;n v&#7853;t li&#7879;u t&iacute;ch h&#7907;p v&agrave; kh&#7843; n&#259;ng t&#7841;o b&aacute;o c&aacute;o t&#7913;c th&igrave;, thi&#7871;t b&#7883; &#273;&aacute;p &#7913;ng to&agrave;n di&#7879;n nhu c&#7847;u ki&#7875;m &#273;&#7883;nh trong x&acirc;y d&#7921;ng, c&ocirc;ng nghi&#7879;p v&agrave; h&#7841; t&#7847;ng. H&atilde;y li&ecirc;n h&#7879; v&#7899;i V&#7841;n N&#259;ng ngay &#273;&#7875; &#273;&#432;&#7907;c t&#432; v&#7845;n chuy&ecirc;n s&acirc;u v&agrave; nh&#7853;n nh&#7919;ng &#432;u &#273;&atilde;i h&#7845;p d&#7851;n nh&#7845;t th&ocirc;ng qua hotline0903 991 335 !<\/p><div style=\"background-color: #f8fafc; border: 1px solid #e2e8f0; border-radius: 8px; padding: 25px; max-width: 800px; margin: 30px auto; color: #334155; line-height: 1.8; font-size: 17px; box-shadow: 0 4px 6px -1px rgba(0,0,0,0.05); text-align: left; clear: both;\">\nC&ocirc;ng ty TNHH Th&#432;&#417;ng M&#7841;i D&#7883;ch V&#7909; Thi&#7871;t B&#7883; C&ocirc;ng Ngh&#7879; V&#7841;n N&#259;ng\n<p style=\"margin: 0 0 10px 0;\">&#128205; <strong style=\"color: #1e293b;\">&#272;&#7883;a ch&#7881;:<\/strong> <a style=\"color: #059669; text-decoration: none; font-weight: bold;\" href=\"https:\/\/www.google.com\/maps\/search\/C%C3%B4ng+ty+TNHH+Th%C6%B0%C6%A1ng+M%E1%BA%A1i+D%E1%BB%8Bch+V%E1%BB%A5+Thi%E1%BA%BFt+B%E1%BB%8B+C%C3%B4ng+Ngh%E1%BB%87+V%E1%BA%A1n+N%C4%83ng+818+Tr%C6%B0%E1%BB%9Dng+Chinh\" target=\"_blank\" rel=\"noopener\">818 Tr&#432;&#7901;ng Chinh, Ph&#432;&#7901;ng T&acirc;n S&#417;n, Th&agrave;nh ph&#7889; H&#7891; Ch&iacute; Minh, Vi&#7879;t Nam<\/a><\/p>\n<p style=\"margin: 0 0 10px 0;\">&#128222; <strong style=\"color: #1e293b;\">S&#272;T &ndash; Zalo:<\/strong> <a style=\"color: #059669; text-decoration: none; font-weight: bold;\" href=\"https:\/\/zalo.me\/0903991335\" target=\"_blank\" rel=\"noopener\">0903 991 335<\/a> <span style=\"color: #64748b; font-style: italic;\">(Ms. H&#7841;nh &ndash; Gi&aacute;m &#272;&#7889;c Kinh Doanh)<\/span><\/p>\n<p style=\"margin: 0;\">&#9993;&#65039; <strong style=\"color: #1e293b;\">Email:<\/strong> <a style=\"color: #059669; text-decoration: none; font-weight: bold;\" href=\"mailto:hienhanh@vannangvn.com\">hienhanh@vannangvn.com<\/a><\/p>\n<\/div><\/h1>","protected":false},"excerpt":{"rendered":"<p><strong>Th&#432;&#417;ng hi&#7879;u:<\/strong> Elcometer<br>\n<strong>Model:<\/strong> Elcometer 500<p>Product <strong>M&Aacute;Y &#272;O &#272;&#7896; D&Agrave;Y L&#7898;P PH&#7910; ELCOMETER MODEL 500<\/strong> ch&iacute;nh h&atilde;ng. Elcometer (V&#432;&#417;ng Qu&#7889;c Anh)<br>\nM&aacute;y &#272;o &#272;&#7897; D&agrave;y L&#7899;p Ph&#7911; Tr&ecirc;n B&ecirc; T&ocirc;ng Elcometer Model 500 l&agrave; m&aacute;y &#273;o &#273;&#7897; d&agrave;y l&#7899;p ph&#7911; tr&ecirc;n b&ecirc; t&ocirc;ng kh&ocirc;ng ph&aacute; h&#7911;y, &#273;o nhanh &#273;&#7871;n 140 ph&eacute;p &#273;o\/ph&uacute;t, ch&iacute;nh x&aacute;c cao, chu&#7849;n ASTM v&agrave; ISO, t&iacute;ch h&#7907;p th&#432; vi&#7879;n v&#7853;t li&#7879;u v&agrave; xu&#7845;t b&aacute;o c&aacute;o chuy&ecirc;n nghi&#7879;p.<\/p><\/p>","protected":false},"featured_media":9895,"comment_status":"open","ping_status":"closed","template":"","meta":[],"product_brand":[],"product_cat":[18],"product_tag":[109,116,181,184,221,409,1475,103],"class_list":{"0":"post-6694","1":"product","2":"type-product","3":"status-publish","4":"has-post-thumbnail","6":"product_cat-chua-phan-loai","7":"product_tag-may","8":"product_tag-model","9":"product_tag-do","10":"product_tag-elcometer","11":"product_tag-phu","12":"product_tag-lop","13":"product_tag-1475","14":"product_tag-day","16":"first","17":"instock","18":"shipping-taxable","19":"product-type-simple"},"yoast_head":"<!-- This site is optimized with the Yoast SEO Premium plugin v24.8 (Yoast SEO v24.8) - https:\/\/yoast.com\/wordpress\/plugins\/seo\/ -->\n<title>M\u00c1Y \u0110O \u0110\u1ed8 D\u00c0Y L\u1edaP PH\u1ee6 ELCOMETER MOD... ch\u00ednh h\u00e3ng | V\u1ea1n N\u0103ng<\/title>\n<meta name=\"description\" content=\"Mua ngay M\u00c1Y \u0110O \u0110\u1ed8 D\u00c0Y L\u1edaP PH\u1ee6 ELCOMETER MODEL 500 ch\u00ednh h\u00e3ng. M\u00e1y \u0110o \u0110\u1ed9 D\u00e0y L\u1edbp Ph\u1ee7 Tr\u00ean B\u00ea T\u00f4ng Elcometer Model 500 l\u00e0 m\u00e1y \u0111o \u0111\u1ed9... Gi\u00e1 t\u1ed1t!\" \/>\n<meta name=\"robots\" content=\"noindex, follow, max-snippet:-1, max-image-preview:large, max-video-preview:-1\" \/>\n<meta property=\"og:locale\" content=\"en_US\" \/>\n<meta property=\"og:type\" content=\"article\" \/>\n<meta property=\"og:title\" content=\"M\u00c1Y \u0110O \u0110\u1ed8 D\u00c0Y L\u1edaP PH\u1ee6 ELCOMETER MODEL 500\" \/>\n<meta property=\"og:description\" content=\"Mua ngay M\u00c1Y \u0110O \u0110\u1ed8 D\u00c0Y L\u1edaP PH\u1ee6 ELCOMETER MODEL 500 ch\u00ednh h\u00e3ng. M\u00e1y \u0110o \u0110\u1ed9 D\u00e0y L\u1edbp Ph\u1ee7 Tr\u00ean B\u00ea T\u00f4ng Elcometer Model 500 l\u00e0 m\u00e1y \u0111o \u0111\u1ed9... Gi\u00e1 t\u1ed1t!\" \/>\n<meta property=\"og:url\" content=\"https:\/\/vannangvn.123websitedev.com\/en\/product\/may-do-do-day-lop-phu-elcometer-model-500\/\" \/>\n<meta property=\"og:site_name\" content=\"Vannang.vn\" \/>\n<meta property=\"article:modified_time\" content=\"2026-03-30T11:26:13+00:00\" \/>\n<meta property=\"og:image\" content=\"http:\/\/vannangvn.123websitedev.com\/wp-content\/uploads\/2026\/03\/17-1-768x576-copy.jpg\" \/>\n\t<meta property=\"og:image:width\" content=\"768\" \/>\n\t<meta property=\"og:image:height\" content=\"576\" \/>\n\t<meta property=\"og:image:type\" content=\"image\/jpeg\" \/>\n<meta name=\"twitter:card\" content=\"summary_large_image\" \/>\n<meta name=\"twitter:label1\" content=\"Est. reading time\" \/>\n\t<meta name=\"twitter:data1\" content=\"8 minutes\" \/>\n<script type=\"application\/ld+json\" class=\"yoast-schema-graph\">{\"@context\":\"https:\/\/schema.org\",\"@graph\":[{\"@type\":\"WebPage\",\"@id\":\"https:\/\/vannangvn.123websitedev.com\/san-pham\/may-do-do-day-lop-phu-elcometer-model-500\/\",\"url\":\"https:\/\/vannangvn.123websitedev.com\/san-pham\/may-do-do-day-lop-phu-elcometer-model-500\/\",\"name\":\"M\u00c1Y \u0110O \u0110\u1ed8 D\u00c0Y L\u1edaP PH\u1ee6 ELCOMETER MOD... ch\u00ednh h\u00e3ng | V\u1ea1n N\u0103ng\",\"isPartOf\":{\"@id\":\"https:\/\/vannangvn.123websitedev.com\/#website\"},\"primaryImageOfPage\":{\"@id\":\"https:\/\/vannangvn.123websitedev.com\/san-pham\/may-do-do-day-lop-phu-elcometer-model-500\/#primaryimage\"},\"image\":{\"@id\":\"https:\/\/vannangvn.123websitedev.com\/san-pham\/may-do-do-day-lop-phu-elcometer-model-500\/#primaryimage\"},\"thumbnailUrl\":\"https:\/\/vannangvn.123websitedev.com\/wp-content\/uploads\/2026\/03\/17-1-768x576-copy.jpg\",\"datePublished\":\"2026-03-20T10:34:48+00:00\",\"dateModified\":\"2026-03-30T11:26:13+00:00\",\"description\":\"Mua ngay M\u00c1Y \u0110O \u0110\u1ed8 D\u00c0Y L\u1edaP PH\u1ee6 ELCOMETER MODEL 500 ch\u00ednh h\u00e3ng. M\u00e1y \u0110o \u0110\u1ed9 D\u00e0y L\u1edbp Ph\u1ee7 Tr\u00ean B\u00ea T\u00f4ng Elcometer Model 500 l\u00e0 m\u00e1y \u0111o \u0111\u1ed9... Gi\u00e1 t\u1ed1t!\",\"breadcrumb\":{\"@id\":\"https:\/\/vannangvn.123websitedev.com\/san-pham\/may-do-do-day-lop-phu-elcometer-model-500\/#breadcrumb\"},\"inLanguage\":\"en-US\",\"potentialAction\":[{\"@type\":\"ReadAction\",\"target\":[\"https:\/\/vannangvn.123websitedev.com\/san-pham\/may-do-do-day-lop-phu-elcometer-model-500\/\"]}]},{\"@type\":\"ImageObject\",\"inLanguage\":\"en-US\",\"@id\":\"https:\/\/vannangvn.123websitedev.com\/san-pham\/may-do-do-day-lop-phu-elcometer-model-500\/#primaryimage\",\"url\":\"https:\/\/vannangvn.123websitedev.com\/wp-content\/uploads\/2026\/03\/17-1-768x576-copy.jpg\",\"contentUrl\":\"https:\/\/vannangvn.123websitedev.com\/wp-content\/uploads\/2026\/03\/17-1-768x576-copy.jpg\",\"width\":768,\"height\":576},{\"@type\":\"BreadcrumbList\",\"@id\":\"https:\/\/vannangvn.123websitedev.com\/san-pham\/may-do-do-day-lop-phu-elcometer-model-500\/#breadcrumb\",\"itemListElement\":[{\"@type\":\"ListItem\",\"position\":1,\"name\":\"Trang ch\u1ee7\",\"item\":\"https:\/\/vannangvn.123websitedev.com\/\"},{\"@type\":\"ListItem\",\"position\":2,\"name\":\"S\u1ea3n ph\u1ea9m\",\"item\":\"https:\/\/vannangvn.123websitedev.com\/cua-hang\/\"},{\"@type\":\"ListItem\",\"position\":3,\"name\":\"M\u00c1Y \u0110O \u0110\u1ed8 D\u00c0Y L\u1edaP PH\u1ee6 ELCOMETER MODEL 500\"}]},{\"@type\":\"WebSite\",\"@id\":\"https:\/\/vannangvn.123websitedev.com\/#website\",\"url\":\"https:\/\/vannangvn.123websitedev.com\/\",\"name\":\"Vannang.vn\",\"description\":\"\",\"publisher\":{\"@id\":\"https:\/\/vannangvn.123websitedev.com\/#organization\"},\"potentialAction\":[{\"@type\":\"SearchAction\",\"target\":{\"@type\":\"EntryPoint\",\"urlTemplate\":\"https:\/\/vannangvn.123websitedev.com\/?s={search_term_string}\"},\"query-input\":{\"@type\":\"PropertyValueSpecification\",\"valueRequired\":true,\"valueName\":\"search_term_string\"}}],\"inLanguage\":\"en-US\"},{\"@type\":\"Organization\",\"@id\":\"https:\/\/vannangvn.123websitedev.com\/#organization\",\"name\":\"Vannang.vn\",\"url\":\"https:\/\/vannangvn.123websitedev.com\/\",\"logo\":{\"@type\":\"ImageObject\",\"inLanguage\":\"en-US\",\"@id\":\"https:\/\/vannangvn.123websitedev.com\/#\/schema\/logo\/image\/\",\"url\":\"https:\/\/vannangvn.123websitedev.com\/wp-content\/uploads\/2026\/02\/logo-van-nang-02.png\",\"contentUrl\":\"https:\/\/vannangvn.123websitedev.com\/wp-content\/uploads\/2026\/02\/logo-van-nang-02.png\",\"width\":448,\"height\":111,\"caption\":\"Vannang.vn\"},\"image\":{\"@id\":\"https:\/\/vannangvn.123websitedev.com\/#\/schema\/logo\/image\/\"}}]}<\/script>\n<!-- \/ Yoast SEO Premium plugin. -->","yoast_head_json":{"title":"M\u00c1Y \u0110O \u0110\u1ed8 D\u00c0Y L\u1edaP PH\u1ee6 ELCOMETER MOD... ch\u00ednh h\u00e3ng | V\u1ea1n N\u0103ng","description":"Mua ngay M\u00c1Y \u0110O \u0110\u1ed8 D\u00c0Y L\u1edaP PH\u1ee6 ELCOMETER MODEL 500 ch\u00ednh h\u00e3ng. M\u00e1y \u0110o \u0110\u1ed9 D\u00e0y L\u1edbp Ph\u1ee7 Tr\u00ean B\u00ea T\u00f4ng Elcometer Model 500 l\u00e0 m\u00e1y \u0111o \u0111\u1ed9... Gi\u00e1 t\u1ed1t!","robots":{"index":"noindex","follow":"follow","max-snippet":"max-snippet:-1","max-image-preview":"max-image-preview:large","max-video-preview":"max-video-preview:-1"},"og_locale":"en_US","og_type":"article","og_title":"M\u00c1Y \u0110O \u0110\u1ed8 D\u00c0Y L\u1edaP PH\u1ee6 ELCOMETER MODEL 500","og_description":"Mua ngay M\u00c1Y \u0110O \u0110\u1ed8 D\u00c0Y L\u1edaP PH\u1ee6 ELCOMETER MODEL 500 ch\u00ednh h\u00e3ng. M\u00e1y \u0110o \u0110\u1ed9 D\u00e0y L\u1edbp Ph\u1ee7 Tr\u00ean B\u00ea T\u00f4ng Elcometer Model 500 l\u00e0 m\u00e1y \u0111o \u0111\u1ed9... Gi\u00e1 t\u1ed1t!","og_url":"https:\/\/vannangvn.123websitedev.com\/en\/product\/may-do-do-day-lop-phu-elcometer-model-500\/","og_site_name":"Vannang.vn","article_modified_time":"2026-03-30T11:26:13+00:00","og_image":[{"width":768,"height":576,"url":"http:\/\/vannangvn.123websitedev.com\/wp-content\/uploads\/2026\/03\/17-1-768x576-copy.jpg","type":"image\/jpeg"}],"twitter_card":"summary_large_image","twitter_misc":{"Est. reading time":"8 minutes"},"schema":{"@context":"https:\/\/schema.org","@graph":[{"@type":"WebPage","@id":"https:\/\/vannangvn.123websitedev.com\/san-pham\/may-do-do-day-lop-phu-elcometer-model-500\/","url":"https:\/\/vannangvn.123websitedev.com\/san-pham\/may-do-do-day-lop-phu-elcometer-model-500\/","name":"M\u00c1Y \u0110O \u0110\u1ed8 D\u00c0Y L\u1edaP PH\u1ee6 ELCOMETER MOD... ch\u00ednh h\u00e3ng | V\u1ea1n N\u0103ng","isPartOf":{"@id":"https:\/\/vannangvn.123websitedev.com\/#website"},"primaryImageOfPage":{"@id":"https:\/\/vannangvn.123websitedev.com\/san-pham\/may-do-do-day-lop-phu-elcometer-model-500\/#primaryimage"},"image":{"@id":"https:\/\/vannangvn.123websitedev.com\/san-pham\/may-do-do-day-lop-phu-elcometer-model-500\/#primaryimage"},"thumbnailUrl":"https:\/\/vannangvn.123websitedev.com\/wp-content\/uploads\/2026\/03\/17-1-768x576-copy.jpg","datePublished":"2026-03-20T10:34:48+00:00","dateModified":"2026-03-30T11:26:13+00:00","description":"Mua ngay M\u00c1Y \u0110O \u0110\u1ed8 D\u00c0Y L\u1edaP PH\u1ee6 ELCOMETER MODEL 500 ch\u00ednh h\u00e3ng. M\u00e1y \u0110o \u0110\u1ed9 D\u00e0y L\u1edbp Ph\u1ee7 Tr\u00ean B\u00ea T\u00f4ng Elcometer Model 500 l\u00e0 m\u00e1y \u0111o \u0111\u1ed9... Gi\u00e1 t\u1ed1t!","breadcrumb":{"@id":"https:\/\/vannangvn.123websitedev.com\/san-pham\/may-do-do-day-lop-phu-elcometer-model-500\/#breadcrumb"},"inLanguage":"en-US","potentialAction":[{"@type":"ReadAction","target":["https:\/\/vannangvn.123websitedev.com\/san-pham\/may-do-do-day-lop-phu-elcometer-model-500\/"]}]},{"@type":"ImageObject","inLanguage":"en-US","@id":"https:\/\/vannangvn.123websitedev.com\/san-pham\/may-do-do-day-lop-phu-elcometer-model-500\/#primaryimage","url":"https:\/\/vannangvn.123websitedev.com\/wp-content\/uploads\/2026\/03\/17-1-768x576-copy.jpg","contentUrl":"https:\/\/vannangvn.123websitedev.com\/wp-content\/uploads\/2026\/03\/17-1-768x576-copy.jpg","width":768,"height":576},{"@type":"BreadcrumbList","@id":"https:\/\/vannangvn.123websitedev.com\/san-pham\/may-do-do-day-lop-phu-elcometer-model-500\/#breadcrumb","itemListElement":[{"@type":"ListItem","position":1,"name":"Trang ch\u1ee7","item":"https:\/\/vannangvn.123websitedev.com\/"},{"@type":"ListItem","position":2,"name":"S\u1ea3n ph\u1ea9m","item":"https:\/\/vannangvn.123websitedev.com\/cua-hang\/"},{"@type":"ListItem","position":3,"name":"M\u00c1Y \u0110O \u0110\u1ed8 D\u00c0Y L\u1edaP PH\u1ee6 ELCOMETER MODEL 500"}]},{"@type":"WebSite","@id":"https:\/\/vannangvn.123websitedev.com\/#website","url":"https:\/\/vannangvn.123websitedev.com\/","name":"Vannang.vn","description":"","publisher":{"@id":"https:\/\/vannangvn.123websitedev.com\/#organization"},"potentialAction":[{"@type":"SearchAction","target":{"@type":"EntryPoint","urlTemplate":"https:\/\/vannangvn.123websitedev.com\/?s={search_term_string}"},"query-input":{"@type":"PropertyValueSpecification","valueRequired":true,"valueName":"search_term_string"}}],"inLanguage":"en-US"},{"@type":"Organization","@id":"https:\/\/vannangvn.123websitedev.com\/#organization","name":"Vannang.vn","url":"https:\/\/vannangvn.123websitedev.com\/","logo":{"@type":"ImageObject","inLanguage":"en-US","@id":"https:\/\/vannangvn.123websitedev.com\/#\/schema\/logo\/image\/","url":"https:\/\/vannangvn.123websitedev.com\/wp-content\/uploads\/2026\/02\/logo-van-nang-02.png","contentUrl":"https:\/\/vannangvn.123websitedev.com\/wp-content\/uploads\/2026\/02\/logo-van-nang-02.png","width":448,"height":111,"caption":"Vannang.vn"},"image":{"@id":"https:\/\/vannangvn.123websitedev.com\/#\/schema\/logo\/image\/"}}]}},"_links":{"self":[{"href":"https:\/\/vannangvn.123websitedev.com\/en\/wp-json\/wp\/v2\/product\/6694","targetHints":{"allow":["GET"]}}],"collection":[{"href":"https:\/\/vannangvn.123websitedev.com\/en\/wp-json\/wp\/v2\/product"}],"about":[{"href":"https:\/\/vannangvn.123websitedev.com\/en\/wp-json\/wp\/v2\/types\/product"}],"replies":[{"embeddable":true,"href":"https:\/\/vannangvn.123websitedev.com\/en\/wp-json\/wp\/v2\/comments?post=6694"}],"wp:featuredmedia":[{"embeddable":true,"href":"https:\/\/vannangvn.123websitedev.com\/en\/wp-json\/wp\/v2\/media\/9895"}],"wp:attachment":[{"href":"https:\/\/vannangvn.123websitedev.com\/en\/wp-json\/wp\/v2\/media?parent=6694"}],"wp:term":[{"taxonomy":"product_brand","embeddable":true,"href":"https:\/\/vannangvn.123websitedev.com\/en\/wp-json\/wp\/v2\/product_brand?post=6694"},{"taxonomy":"product_cat","embeddable":true,"href":"https:\/\/vannangvn.123websitedev.com\/en\/wp-json\/wp\/v2\/product_cat?post=6694"},{"taxonomy":"product_tag","embeddable":true,"href":"https:\/\/vannangvn.123websitedev.com\/en\/wp-json\/wp\/v2\/product_tag?post=6694"}],"curies":[{"name":"wp","href":"https:\/\/api.w.org\/{rel}","templated":true}]}}