{"id":6719,"date":"2026-03-20T17:35:18","date_gmt":"2026-03-20T10:35:18","guid":{"rendered":"https:\/\/vannangvn.123websitedev.com\/san-pham\/may-do-do-day-mang-son-byk-model-byko-test-fe-nfe-cat-no-3790\/"},"modified":"2026-03-30T18:26:46","modified_gmt":"2026-03-30T11:26:46","slug":"may-do-do-day-mang-son-byk-model-byko-test-fe-nfe-cat-no-3790","status":"publish","type":"product","link":"https:\/\/vannangvn.123websitedev.com\/en\/product\/may-do-do-day-mang-son-byk-model-byko-test-fe-nfe-cat-no-3790\/","title":{"rendered":"M\u00c1Y \u0110O \u0110\u1ed8 D\u00c0Y M\u00c0NG S\u01a0N BYK MODEL BYKO-TEST FE\/NFE CAT NO.3790"},"content":{"rendered":"<h1 style=\"color: red; font-weight: bold; font-size: 24px;\">T&#7893;ng quan s&#7843;n ph&#7849;m M&Aacute;Y &#272;O &#272;&#7896; D&Agrave;Y M&Agrave;NG S&#416;N BYK MODEL BYKO-TEST FE\/NFE CAT NO.3790<p>M&aacute;y &#272;o &#272;&#7897; D&agrave;y M&agrave;ng S&#417;n (Dry Film Thickness Gauge With Fixed Sensor) BYK Model byko-test Fe\/NFe Cat No. 3790<br>\nM&aacute;y &#272;o &#272;&#7897; D&agrave;y M&agrave;ng S&#417;n BYK byko-test Fe\/NFe l&agrave; thi&#7871;t b&#7883; &#273;o &#273;&#7897; d&agrave;y l&#7899;p s&#417;n kh&ocirc;ng ph&aacute; h&#7911;y, t&iacute;ch h&#7907;p &#273;&#7891;ng th&#7901;i b&#7889;n ph&eacute;p &#273;o trong m&#7897;t thi&#7871;t b&#7883;: &#273;&#7897; d&agrave;y m&agrave;ng s&#417;n tr&ecirc;n n&#7873;n t&#7915; t&iacute;nh v&agrave; kh&ocirc;ng t&#7915; t&iacute;nh, nhi&#7879;t &#273;&#7897; kh&ocirc;ng kh&iacute;, &#273;&#7897; &#7849;m t&#432;&#417;ng &#273;&#7889;i v&agrave; &#273;i&#7875;m s&#432;&#417;ng. H&atilde;y c&ugrave;ng V&#7841;n N&#259;ng t&igrave;m hi&#7875;u chi ti&#7871;t h&#417;n v&#7873; s&#7843;n ph&#7849;m th&ocirc;ng qua b&agrave;i vi&#7871;t d&#432;&#7899;i &#273;&acirc;y nh&eacute;!<\/p><p>Xem th&ecirc;m: Thi&#7871;t B&#7883; Robot Ki&#7875;m Tra B&#7873; M&#7863;t T&#7921; &#272;&#7897;ng Rhopoint Model RoboTAMS<\/p><p>N&eacute;t &#272;&#7863;c Tr&#432;ng C&#7911;a Model Byko-test Fe\/NFe<\/p><h2 style=\"color: #0073aa; font-weight: bold; font-size: 20px;\">&#272;o b&#7889;n th&ocirc;ng s&#7889; trong m&#7897;t thi&#7871;t b&#7883;<\/h2><p>BYK byko-test Fe\/NFe kh&ocirc;ng ch&#7881; &#273;o &#273;&#7897; d&agrave;y m&agrave;ng s&#417;n tr&ecirc;n n&#7873;n th&eacute;p (Fe) v&agrave; kim lo&#7841;i kh&ocirc;ng t&#7915; t&iacute;nh (NFe) m&agrave; c&ograve;n &#273;o nhi&#7879;t &#273;&#7897; m&ocirc;i tr&#432;&#7901;ng, &#273;&#7897; &#7849;m v&agrave; &#273;i&#7875;m s&#432;&#417;ng. T&iacute;nh n&#259;ng n&agrave;y cho ph&eacute;p &#273;&aacute;nh gi&aacute; &#273;&#7847;y &#273;&#7911; &#273;i&#7873;u ki&#7879;n s&#417;n ph&#7911;, gi&uacute;p &#273;&#7843;m b&#7843;o quy tr&igrave;nh thi c&ocirc;ng &#273;&#7841;t chu&#7849;n.<br>\nNh&#7853;n di&#7879;n t&#7921; &#273;&#7897;ng lo&#7841;i n&#7873;n<br>\nThi&#7871;t b&#7883; c&oacute; kh&#7843; n&#259;ng t&#7921; &#273;&#7897;ng nh&#7853;n di&#7879;n lo&#7841;i n&#7873;n (t&#7915; t&iacute;nh hay kh&ocirc;ng t&#7915; t&iacute;nh) m&agrave; kh&ocirc;ng c&#7847;n &#273;i&#7873;u ch&#7881;nh th&#7911; c&ocirc;ng, gi&uacute;p r&uacute;t ng&#7855;n th&#7901;i gian &#273;o v&agrave; h&#7841;n ch&#7871; sai s&#7889; c&#7911;a ng&#432;&#7901;i v&#7853;n h&agrave;nh.<\/p><p>&#272;&#7847;u &#273;o ruby ch&#7889;ng m&agrave;i m&ograve;n<br>\n&#272;&#7847;u &#273;o b&#7857;ng ruby c&oacute; &#273;&#7897; b&#7873;n cao, ch&#7889;ng tr&#7847;y x&#432;&#7899;c, &#273;&#7843;m b&#7843;o tu&#7893;i th&#7885; l&acirc;u d&agrave;i v&agrave; &#273;&#7897; ch&iacute;nh x&aacute;c &#7893;n &#273;&#7883;nh ngay c&#7843; khi s&#7917; d&#7909;ng li&ecirc;n t&#7909;c trong m&ocirc;i tr&#432;&#7901;ng c&ocirc;ng nghi&#7879;p.<br>\nThi&#7871;t k&#7871; nh&#7887; g&#7885;n, ti&#7879;n d&#7909;ng<br>\nV&#7899;i tr&#7885;ng l&#432;&#7907;ng ch&#7881; 0,16 kg, k&iacute;ch th&#432;&#7899;c 11,5 x 6,7 x 4,4 cm, byko-test Fe\/NFe c&oacute; th&#7875; c&#7847;m b&#7857;ng m&#7897;t tay, thao t&aacute;c d&#7877; d&agrave;ng &#7903; c&#7843; khu v&#7921;c kh&oacute; ti&#7871;p c&#7853;n. M&agrave;n h&igrave;nh m&agrave;u hi&#7875;n th&#7883; r&otilde; r&agrave;ng, h&#7895; tr&#7907; xoay &#273;&#7875; &#273;&#7885;c k&#7871;t qu&#7843; &#7903; nhi&#7873;u g&oacute;c nh&igrave;n.<br>\nB&#7897; nh&#7899; v&agrave; ch&#7871; &#273;&#7897; th&#7889;ng k&ecirc;<br>\nThi&#7871;t b&#7883; l&#432;u tr&#7919; t&#7899;i 1000 ph&eacute;p &#273;o, t&iacute;ch h&#7907;p ch&#7871; &#273;&#7897; th&#7889;ng k&ecirc; cho ph&eacute;p ph&acirc;n t&iacute;ch nhanh d&#7919; li&#7879;u &#273;o, c&#7843;nh b&aacute;o v&#432;&#7907;t ng&#432;&#7905;ng v&#7899;i c&agrave;i &#273;&#7863;t Hi\/Low tolerance, h&#7895; tr&#7907; &#273;&aacute;nh gi&aacute; ch&#7845;t l&#432;&#7907;ng theo ti&ecirc;u chu&#7849;n SSPC.<\/p><p>Xem th&ecirc;m: M&aacute;y Ki&#7875;m Tra Th&#7901;i Gian Kh&ocirc; M&agrave;ng S&#417;n (Intelligent Line Drying Time Recorder) Biuged Model BGD 262<\/p><p>&#431;u &#272;i&#7875;m V&#432;&#7907;t Tr&#7897;i C&#7911;a Byko-test Fe\/NFe<br>\n&#272;&#7897; ch&iacute;nh x&aacute;c cao v&agrave; hi&#7879;u chu&#7849;n linh ho&#7841;t<br>\nModel byko-test Fe\/NFe h&#7895; tr&#7907; hi&#7879;u chu&#7849;n zero, m&#7897;t &#273;i&#7875;m v&agrave; hai &#273;i&#7875;m, &#273;&#7843;m b&#7843;o &#273;&#7897; ch&iacute;nh x&aacute;c &plusmn;2 &mu;m + 3% gi&aacute; tr&#7883; &#273;o. &#272;i&#7873;u n&agrave;y gi&uacute;p ng&#432;&#7901;i d&ugrave;ng y&ecirc;n t&acirc;m khi ki&#7875;m tra l&#7899;p ph&#7911; &#7903; nhi&#7873;u &#273;i&#7873;u ki&#7879;n b&#7873; m&#7863;t kh&aacute;c nhau.<br>\nCh&#7871; &#273;&#7897; &#273;o li&ecirc;n t&#7909;c v&agrave; c&#7843;nh b&aacute;o nghi&ecirc;ng<br>\nCh&#7871; &#273;&#7897; &#273;o li&ecirc;n t&#7909;c gi&uacute;p ki&#7875;m tra nhanh tr&ecirc;n di&#7879;n t&iacute;ch l&#7899;n. Ch&#7913;c n&#259;ng Stability Mode c&#7843;nh b&aacute;o khi thi&#7871;t b&#7883; b&#7883; nghi&ecirc;ng, ng&#259;n ng&#7915;a sai s&#7889; do thao t&aacute;c.<br>\nChu&#7849;n SSPC t&iacute;ch h&#7907;p<br>\nM&aacute;y &#272;o byko-test Fe\/NFe h&#7895; tr&#7907; c&aacute;c quy tr&igrave;nh &#273;o v&agrave; hi&#7879;u chu&#7849;n theo ti&ecirc;u chu&#7849;n SSPC, gi&uacute;p c&aacute;c &#273;&#417;n v&#7883; thi c&ocirc;ng s&#417;n &#273;&aacute;p &#7913;ng y&ecirc;u c&#7847;u ch&#7913;ng nh&#7853;n ch&#7845;t l&#432;&#7907;ng qu&#7889;c t&#7871;.<\/p><p>&#272;o &#273;i&#7873;u ki&#7879;n m&ocirc;i tr&#432;&#7901;ng t&#7913;c th&#7901;i<br>\nB&#7857;ng c&aacute;ch &#273;o nhi&#7879;t &#273;&#7897;, &#273;&#7897; &#7849;m v&agrave; &#273;i&#7875;m s&#432;&#417;ng, ng&#432;&#7901;i d&ugrave;ng c&oacute; th&#7875; x&aacute;c &#273;&#7883;nh &#273;i&#7873;u ki&#7879;n thi c&ocirc;ng s&#417;n c&oacute; ph&ugrave; h&#7907;p hay kh&ocirc;ng, tr&aacute;nh hi&#7879;n t&#432;&#7907;ng s&#417;n bong tr&oacute;c ho&#7863;c khuy&#7871;t t&#7853;t do b&#7873; m&#7863;t kh&ocirc;ng kh&ocirc; ho&agrave;n to&agrave;n.<br>\nHi&#7875;n th&#7883; m&agrave;u s&#7855;c tr&#7921;c quan<br>\nM&agrave;n h&igrave;nh m&agrave;u gi&uacute;p ng&#432;&#7901;i v&#7853;n h&agrave;nh d&#7877; d&agrave;ng &#273;&#7885;c v&agrave; so s&aacute;nh k&#7871;t qu&#7843; &#273;o, h&#7895; tr&#7907; l&agrave;m vi&#7879;c trong &#273;i&#7873;u ki&#7879;n &aacute;nh s&aacute;ng y&#7871;u.<\/p><p>Xem th&ecirc;m: Gi&#7845;y K&eacute;o M&agrave;ng S&#417;n (Plain White Drawdown Charts)  Biuged Instruments Model BGD 1132<\/p><p>&#7912;ng D&#7909;ng Trong Ng&agrave;nh C&ocirc;ng Nghi&#7879;p<br>\nM&aacute;y &#272;o &#272;&#7897; D&agrave;y M&agrave;ng S&#417;n Model byko-test Fe\/NFe &#273;&#432;&#7907;c s&#7917; d&#7909;ng r&#7897;ng r&atilde;i trong:<\/p><p>Ng&agrave;nh s&#417;n ph&#7911; v&agrave; b&#7843;o v&#7879; b&#7873; m&#7863;t (s&#417;n c&ocirc;ng nghi&#7879;p, s&#417;n t&agrave;u bi&#7875;n, s&#417;n k&#7871;t c&#7845;u th&eacute;p).<br>\nNg&agrave;nh s&#7843;n xu&#7845;t &ocirc; t&ocirc; v&agrave; xe m&aacute;y (ki&#7875;m tra l&#7899;p s&#417;n th&acirc;n v&#7887;).<br>\nNg&agrave;nh k&#7871;t c&#7845;u th&eacute;p v&agrave; ch&#7871; t&#7841;o c&#417; kh&iacute; (ki&#7875;m so&aacute;t l&#7899;p m&#7841; k&#7869;m, s&#417;n t&#297;nh &#273;i&#7879;n).<br>\nNh&agrave; m&aacute;y ch&#7871; bi&#7871;n th&#7921;c ph&#7849;m, d&#432;&#7907;c ph&#7849;m (ki&#7875;m tra l&#7899;p ph&#7911; b&#7843;o v&#7879; b&#7891;n b&#7875;).<br>\nPh&ograve;ng th&iacute; nghi&#7879;m v&agrave; &#273;&#417;n v&#7883; ki&#7875;m &#273;&#7883;nh ch&#7845;t l&#432;&#7907;ng s&#417;n ph&#7911;.<\/p><p>Vi&#7879;c ki&#7875;m tra &#273;&#7883;nh k&#7923; gi&uacute;p &#273;&#7843;m b&#7843;o tu&#7893;i th&#7885; l&#7899;p ph&#7911;, gi&#7843;m chi ph&iacute; b&#7843;o tr&igrave;, &#273;&#7891;ng th&#7901;i &#273;&aacute;p &#7913;ng y&ecirc;u c&#7847;u kh&#7855;t khe v&#7873; ch&#7845;t l&#432;&#7907;ng c&#7911;a kh&aacute;ch h&agrave;ng v&agrave; ti&ecirc;u chu&#7849;n qu&#7889;c t&#7871;.<\/p><p>Nh&#7919;ng L&yacute; Do N&ecirc;n Mua M&aacute;y &#272;o &#272;&#7897; D&agrave;y M&agrave;ng S&#417;n T&#7841;i V&#7841;n N&#259;ng<\/p><p>C&ocirc;ng ty Thi&#7871;t B&#7883; C&ocirc;ng Ngh&#7879; V&#7841;n N&#259;ng l&agrave; &#273;&#7889;i t&aacute;c ch&iacute;nh th&#7913;c ph&acirc;n ph&#7889;i M&aacute;y &#272;o &#272;&#7897; D&agrave;y M&agrave;ng S&#417;n h&agrave;ng &#273;&#7847;u t&#7841;i Vi&#7879;t Nam, cam k&#7871;t cung c&#7845;p s&#7843;n ph&#7849;m ch&iacute;nh h&atilde;ng v&#7899;i gi&aacute; c&#7843; c&#7841;nh tranh nh&#7845;t th&#7883; tr&#432;&#7901;ng. V&#7899;i uy t&iacute;n tr&ecirc;n th&#7883; tr&#432;&#7901;ng v&agrave; ch&#7871; &#273;&#7897; h&#7851;u m&atilde;i t&#7889;t, Thi&#7871;t B&#7883; C&ocirc;ng Ngh&#7879; V&#7841;n N&#259;ng &#273;&atilde; nh&#7853;n &#273;&#432;&#7907;c s&#7921; tin t&#432;&#7903;ng t&#7915; kh&aacute;ch h&agrave;ng nh&#7901; v&agrave;o ch&#7845;t l&#432;&#7907;ng h&agrave;ng &#273;&#7847;u c&#7911;a c&aacute;c d&ograve;ng s&#7843;n ph&#7849;m.<br>\nS&#7843;n ph&#7849;m c&#7911;a ch&uacute;ng t&ocirc;i &#273;&#432;&#7907;c ki&#7875;m &#273;&#7883;nh ch&#7845;t l&#432;&#7907;ng, nh&#7853;p kh&#7849;u tr&#7921;c ti&#7871;p t&#7915; nh&agrave; m&aacute;y b&ecirc;n Ch&acirc;u &Acirc;u, M&#7929;, &Uacute;c, Nh&#7853;t B&#7843;n,&hellip; v&agrave; &#273;&aacute;p &#7913;ng nhu c&#7847;u &#273;a d&#7841;ng c&#7911;a th&#7883; tr&#432;&#7901;ng nh&#432;: M&aacute;y &#272;o &#272;&#7897; C&#7913;ng, M&aacute;y SPECTROMAXx, M&aacute;y Ki&#7875;m Tra &#272;&#432;&#7901;ng Gh&eacute;p M&iacute; Lon,&hellip; Ch&uacute;ng t&ocirc;i cam k&#7871;t cung c&#7845;p s&#7843;n ph&#7849;m n&agrave;y tr&ecirc;n to&agrave;n qu&#7889;c v&#7899;i gi&aacute; c&#7843; c&#7841;nh tranh nh&#7845;t.<br>\nCh&uacute;ng t&ocirc;i c&oacute; &#273;&#7897;i ng&#361; chuy&ecirc;n vi&ecirc;n t&#432; v&#7845;n chuy&ecirc;n s&acirc;u s&#7869; h&#7895; tr&#7907; kh&aacute;ch h&agrave;ng v&#7873; chi ti&#7871;t s&#7843;n ph&#7849;m, h&#432;&#7899;ng d&#7851;n s&#7917; d&#7909;ng hay nh&#7919;ng th&#7913; li&ecirc;n quan &#273;&#7871;n v&#7845;n &#273;&#7873; m&agrave; doanh nghi&#7879;p b&#7841;n &#273;ang g&#7863;p ph&#7843;i. Ch&uacute;ng t&ocirc;i s&#7869; cung c&#7845;p nh&#7919;ng gi&#7843;i ph&aacute;p t&#7889;i &#432;u nh&#7845;t!<br>\nNgo&agrave;i ra Thi&#7871;t B&#7883; C&ocirc;ng Ngh&#7879; V&#7841;n N&#259;ng Ch&uacute;ng T&ocirc;i lu&ocirc;n h&#432;&#7899;ng &#273;&#7871;n tr&#7843;i nghi&#7879;m kh&aacute;ch h&agrave;ng, v&igrave; v&#7853;y ch&uacute;ng t&ocirc;i c&oacute; nh&#7919;ng ch&iacute;nh s&aacute;ch b&#7843;o h&agrave;nh, b&#7843;o tr&igrave; &ndash; b&#7843;o d&#432;&#7905;ng, hi&#7879;u chu&#7849;n v&#7899;i t&#7845;t c&#7843; c&aacute;c thi&#7871;t b&#7883;, m&aacute;y m&oacute;c m&agrave; ch&uacute;ng t&ocirc;i cung c&#7845;p. &#272;&#7843;m b&#7843;o mang &#273;&#7871;n cho Kh&aacute;ch h&agrave;ng s&#7921; y&ecirc;n t&acirc;m tuy&#7879;t &#273;&#7889;i v&#7873; d&#7883;ch v&#7909; khi mua h&agrave;ng.<\/p><p>Xem th&ecirc;m: Thi&#7871;t B&#7883; &#272;o &#272;&#7897; D&agrave;y L&#7899;p Ph&#7911; (Coating Thickness Measurement) Anton Paar Model Calotest Series Compact (CAT2c)<\/p><p>T&#7893;ng K&#7871;t<br>\nM&aacute;y &#272;o &#272;&#7897; D&agrave;y M&agrave;ng S&#417;n BYK Model byko-test Fe\/NFe l&agrave; gi&#7843;i ph&aacute;p &#273;o &#273;&#7897; d&agrave;y l&#7899;p s&#417;n kh&ocirc;ng ph&aacute; h&#7911;y, &#273;a n&#259;ng, g&#7885;n nh&#7865; v&agrave; ch&iacute;nh x&aacute;c cao. V&#7899;i kh&#7843; n&#259;ng &#273;o b&#7889;n th&ocirc;ng s&#7889; trong m&#7897;t thi&#7871;t b&#7883;, nh&#7853;n di&#7879;n n&#7873;n t&#7921; &#273;&#7897;ng v&agrave; b&#7897; nh&#7899; l&#7899;n, &#273;&acirc;y l&agrave; c&ocirc;ng c&#7909; l&yacute; t&#432;&#7903;ng cho c&aacute;c k&#7929; s&#432; QC, QA v&agrave; &#273;&#7897;i thi c&ocirc;ng c&#7847;n ki&#7875;m so&aacute;t ch&#7845;t l&#432;&#7907;ng l&#7899;p ph&#7911; nhanh ch&oacute;ng v&agrave; hi&#7879;u qu&#7843;. H&atilde;y li&ecirc;n h&#7879; v&#7899;i V&#7841;n N&#259;ng ngay &#273;&#7875; &#273;&#432;&#7907;c t&#432; v&#7845;n chuy&ecirc;n s&acirc;u v&agrave; nh&#7853;n nh&#7919;ng &#432;u &#273;&atilde;i h&#7845;p d&#7851;n nh&#7845;t th&ocirc;ng qua hotline0903 991 335 !<\/p><div style=\"background-color: #f8fafc; border: 1px solid #e2e8f0; border-radius: 8px; padding: 25px; max-width: 800px; margin: 30px auto; color: #334155; line-height: 1.8; font-size: 17px; box-shadow: 0 4px 6px -1px rgba(0,0,0,0.05); text-align: left; clear: both;\">\nC&ocirc;ng ty TNHH Th&#432;&#417;ng M&#7841;i D&#7883;ch V&#7909; Thi&#7871;t B&#7883; C&ocirc;ng Ngh&#7879; V&#7841;n N&#259;ng\n<p style=\"margin: 0 0 10px 0;\">&#128205; <strong style=\"color: #1e293b;\">&#272;&#7883;a ch&#7881;:<\/strong> <a style=\"color: #059669; text-decoration: none; font-weight: bold;\" href=\"https:\/\/www.google.com\/maps\/search\/C%C3%B4ng+ty+TNHH+Th%C6%B0%C6%A1ng+M%E1%BA%A1i+D%E1%BB%8Bch+V%E1%BB%A5+Thi%E1%BA%BFt+B%E1%BB%8B+C%C3%B4ng+Ngh%E1%BB%87+V%E1%BA%A1n+N%C4%83ng+818+Tr%C6%B0%E1%BB%9Dng+Chinh\" target=\"_blank\" rel=\"noopener\">818 Tr&#432;&#7901;ng Chinh, Ph&#432;&#7901;ng T&acirc;n S&#417;n, Th&agrave;nh ph&#7889; H&#7891; Ch&iacute; Minh, Vi&#7879;t Nam<\/a><\/p>\n<p style=\"margin: 0 0 10px 0;\">&#128222; <strong style=\"color: #1e293b;\">S&#272;T &ndash; Zalo:<\/strong> <a style=\"color: #059669; text-decoration: none; font-weight: bold;\" href=\"https:\/\/zalo.me\/0903991335\" target=\"_blank\" rel=\"noopener\">0903 991 335<\/a> <span style=\"color: #64748b; font-style: italic;\">(Ms. H&#7841;nh &ndash; Gi&aacute;m &#272;&#7889;c Kinh Doanh)<\/span><\/p>\n<p style=\"margin: 0;\">&#9993;&#65039; <strong style=\"color: #1e293b;\">Email:<\/strong> <a style=\"color: #059669; text-decoration: none; font-weight: bold;\" href=\"mailto:hienhanh@vannangvn.com\">hienhanh@vannangvn.com<\/a><\/p>\n<\/div><\/h1>","protected":false},"excerpt":{"rendered":"<p><strong>Th&#432;&#417;ng hi&#7879;u:<\/strong> BYK<br>\n<strong>Model:<\/strong> byko-test Fe\/NFe<p>Product <strong>M&Aacute;Y &#272;O &#272;&#7896; D&Agrave;Y M&Agrave;NG S&#416;N BYK MODEL BYKO-TEST FE\/NFE CAT NO.3790<\/strong> ch&iacute;nh h&atilde;ng. BYK (Germany)<br>\nM&aacute;y &#272;o &#272;&#7897; D&agrave;y M&agrave;n S&#417;n BYK byko-test Fe\/NFe l&agrave; thi&#7871;t b&#7883; 4 trong 1, &#273;o &#273;&#7891;ng th&#7901;i &#273;&#7897; d&agrave;y s&#417;n tr&ecirc;n n&#7873;n t&#7915; t&iacute;nh\/kh&ocirc;ng t&#7915; t&iacute;nh, nhi&#7879;t &#273;&#7897; kh&ocirc;ng kh&iacute;, &#273;&#7897; &#7849;m v&agrave; &#273;i&#7875;m s&#432;&#417;ng. Thi&#7871;t b&#7883; gi&uacute;p ki&#7875;m so&aacute;t ch&#7845;t l&#432;&#7907;ng s&#417;n ph&#7911; v&agrave; &#273;i&#7873;u ki&#7879;n thi c&ocirc;ng m&#7897;t c&aacute;ch to&agrave;n di&#7879;n, &#273;&aacute;p &#7913;ng ti&ecirc;u chu&#7849;n SSPC.<\/p><\/p>","protected":false},"featured_media":0,"comment_status":"open","ping_status":"closed","template":"","meta":[],"product_brand":[],"product_cat":[18],"product_tag":[216,217,332,489,1769,1774,1775,103,109,116,181],"class_list":{"0":"post-6719","1":"product","2":"type-product","3":"status-publish","5":"product_cat-chua-phan-loai","6":"product_tag-mang","7":"product_tag-son","8":"product_tag-cat","9":"product_tag-byk","10":"product_tag-byko-test","11":"product_tag-fe-nfe","12":"product_tag-no-3790","13":"product_tag-day","14":"product_tag-may","15":"product_tag-model","16":"product_tag-do","18":"first","19":"instock","20":"shipping-taxable","21":"product-type-simple"},"yoast_head":"<!-- This site is optimized with the Yoast SEO Premium plugin v24.8 (Yoast SEO v24.8) - https:\/\/yoast.com\/wordpress\/plugins\/seo\/ -->\n<title>M\u00c1Y \u0110O \u0110\u1ed8 D\u00c0Y M\u00c0NG S\u01a0N BYK MODEL BY... ch\u00ednh h\u00e3ng | V\u1ea1n N\u0103ng<\/title>\n<meta name=\"description\" content=\"Mua ngay M\u00c1Y \u0110O \u0110\u1ed8 D\u00c0Y M\u00c0NG S\u01a0N BYK MODEL BYKO-TEST FE\/NFE CAT NO.3790 ch\u00ednh h\u00e3ng. M\u00e1y \u0110o \u0110\u1ed9 D\u00e0y M\u00e0n S\u01a1n BYK byko-test Fe\/NFe l\u00e0 t... Gi\u00e1 t\u1ed1t!\" \/>\n<meta name=\"robots\" content=\"noindex, follow, max-snippet:-1, max-image-preview:large, max-video-preview:-1\" \/>\n<meta property=\"og:locale\" content=\"en_US\" \/>\n<meta property=\"og:type\" content=\"article\" \/>\n<meta property=\"og:title\" content=\"M\u00c1Y \u0110O \u0110\u1ed8 D\u00c0Y M\u00c0NG S\u01a0N BYK MODEL BYKO-TEST FE\/NFE CAT NO.3790\" \/>\n<meta property=\"og:description\" content=\"Mua ngay M\u00c1Y \u0110O \u0110\u1ed8 D\u00c0Y M\u00c0NG S\u01a0N BYK MODEL BYKO-TEST FE\/NFE CAT NO.3790 ch\u00ednh h\u00e3ng. M\u00e1y \u0110o \u0110\u1ed9 D\u00e0y M\u00e0n S\u01a1n BYK byko-test Fe\/NFe l\u00e0 t... Gi\u00e1 t\u1ed1t!\" \/>\n<meta property=\"og:url\" content=\"https:\/\/vannangvn.123websitedev.com\/en\/product\/may-do-do-day-mang-son-byk-model-byko-test-fe-nfe-cat-no-3790\/\" \/>\n<meta property=\"og:site_name\" content=\"Vannang.vn\" \/>\n<meta property=\"article:modified_time\" content=\"2026-03-30T11:26:46+00:00\" \/>\n<meta name=\"twitter:card\" content=\"summary_large_image\" \/>\n<meta name=\"twitter:label1\" content=\"Est. reading time\" \/>\n\t<meta name=\"twitter:data1\" content=\"9 minutes\" \/>\n<script type=\"application\/ld+json\" class=\"yoast-schema-graph\">{\"@context\":\"https:\/\/schema.org\",\"@graph\":[{\"@type\":\"WebPage\",\"@id\":\"https:\/\/vannangvn.123websitedev.com\/san-pham\/may-do-do-day-mang-son-byk-model-byko-test-fe-nfe-cat-no-3790\/\",\"url\":\"https:\/\/vannangvn.123websitedev.com\/san-pham\/may-do-do-day-mang-son-byk-model-byko-test-fe-nfe-cat-no-3790\/\",\"name\":\"M\u00c1Y \u0110O \u0110\u1ed8 D\u00c0Y M\u00c0NG S\u01a0N BYK MODEL BY... ch\u00ednh h\u00e3ng | V\u1ea1n N\u0103ng\",\"isPartOf\":{\"@id\":\"https:\/\/vannangvn.123websitedev.com\/#website\"},\"datePublished\":\"2026-03-20T10:35:18+00:00\",\"dateModified\":\"2026-03-30T11:26:46+00:00\",\"description\":\"Mua ngay M\u00c1Y \u0110O \u0110\u1ed8 D\u00c0Y M\u00c0NG S\u01a0N BYK MODEL BYKO-TEST FE\/NFE CAT NO.3790 ch\u00ednh h\u00e3ng. M\u00e1y \u0110o \u0110\u1ed9 D\u00e0y M\u00e0n S\u01a1n BYK byko-test Fe\/NFe l\u00e0 t... Gi\u00e1 t\u1ed1t!\",\"breadcrumb\":{\"@id\":\"https:\/\/vannangvn.123websitedev.com\/san-pham\/may-do-do-day-mang-son-byk-model-byko-test-fe-nfe-cat-no-3790\/#breadcrumb\"},\"inLanguage\":\"en-US\",\"potentialAction\":[{\"@type\":\"ReadAction\",\"target\":[\"https:\/\/vannangvn.123websitedev.com\/san-pham\/may-do-do-day-mang-son-byk-model-byko-test-fe-nfe-cat-no-3790\/\"]}]},{\"@type\":\"BreadcrumbList\",\"@id\":\"https:\/\/vannangvn.123websitedev.com\/san-pham\/may-do-do-day-mang-son-byk-model-byko-test-fe-nfe-cat-no-3790\/#breadcrumb\",\"itemListElement\":[{\"@type\":\"ListItem\",\"position\":1,\"name\":\"Trang ch\u1ee7\",\"item\":\"https:\/\/vannangvn.123websitedev.com\/\"},{\"@type\":\"ListItem\",\"position\":2,\"name\":\"S\u1ea3n ph\u1ea9m\",\"item\":\"https:\/\/vannangvn.123websitedev.com\/cua-hang\/\"},{\"@type\":\"ListItem\",\"position\":3,\"name\":\"M\u00c1Y \u0110O \u0110\u1ed8 D\u00c0Y M\u00c0NG S\u01a0N BYK MODEL BYKO-TEST FE\/NFE CAT NO.3790\"}]},{\"@type\":\"WebSite\",\"@id\":\"https:\/\/vannangvn.123websitedev.com\/#website\",\"url\":\"https:\/\/vannangvn.123websitedev.com\/\",\"name\":\"Vannang.vn\",\"description\":\"\",\"publisher\":{\"@id\":\"https:\/\/vannangvn.123websitedev.com\/#organization\"},\"potentialAction\":[{\"@type\":\"SearchAction\",\"target\":{\"@type\":\"EntryPoint\",\"urlTemplate\":\"https:\/\/vannangvn.123websitedev.com\/?s={search_term_string}\"},\"query-input\":{\"@type\":\"PropertyValueSpecification\",\"valueRequired\":true,\"valueName\":\"search_term_string\"}}],\"inLanguage\":\"en-US\"},{\"@type\":\"Organization\",\"@id\":\"https:\/\/vannangvn.123websitedev.com\/#organization\",\"name\":\"Vannang.vn\",\"url\":\"https:\/\/vannangvn.123websitedev.com\/\",\"logo\":{\"@type\":\"ImageObject\",\"inLanguage\":\"en-US\",\"@id\":\"https:\/\/vannangvn.123websitedev.com\/#\/schema\/logo\/image\/\",\"url\":\"https:\/\/vannangvn.123websitedev.com\/wp-content\/uploads\/2026\/02\/logo-van-nang-02.png\",\"contentUrl\":\"https:\/\/vannangvn.123websitedev.com\/wp-content\/uploads\/2026\/02\/logo-van-nang-02.png\",\"width\":448,\"height\":111,\"caption\":\"Vannang.vn\"},\"image\":{\"@id\":\"https:\/\/vannangvn.123websitedev.com\/#\/schema\/logo\/image\/\"}}]}<\/script>\n<!-- \/ Yoast SEO Premium plugin. -->","yoast_head_json":{"title":"M\u00c1Y \u0110O \u0110\u1ed8 D\u00c0Y M\u00c0NG S\u01a0N BYK MODEL BY... ch\u00ednh h\u00e3ng | V\u1ea1n N\u0103ng","description":"Mua ngay M\u00c1Y \u0110O \u0110\u1ed8 D\u00c0Y M\u00c0NG S\u01a0N BYK MODEL BYKO-TEST FE\/NFE CAT NO.3790 ch\u00ednh h\u00e3ng. M\u00e1y \u0110o \u0110\u1ed9 D\u00e0y M\u00e0n S\u01a1n BYK byko-test Fe\/NFe l\u00e0 t... Gi\u00e1 t\u1ed1t!","robots":{"index":"noindex","follow":"follow","max-snippet":"max-snippet:-1","max-image-preview":"max-image-preview:large","max-video-preview":"max-video-preview:-1"},"og_locale":"en_US","og_type":"article","og_title":"M\u00c1Y \u0110O \u0110\u1ed8 D\u00c0Y M\u00c0NG S\u01a0N BYK MODEL BYKO-TEST FE\/NFE CAT NO.3790","og_description":"Mua ngay M\u00c1Y \u0110O \u0110\u1ed8 D\u00c0Y M\u00c0NG S\u01a0N BYK MODEL BYKO-TEST FE\/NFE CAT NO.3790 ch\u00ednh h\u00e3ng. M\u00e1y \u0110o \u0110\u1ed9 D\u00e0y M\u00e0n S\u01a1n BYK byko-test Fe\/NFe l\u00e0 t... Gi\u00e1 t\u1ed1t!","og_url":"https:\/\/vannangvn.123websitedev.com\/en\/product\/may-do-do-day-mang-son-byk-model-byko-test-fe-nfe-cat-no-3790\/","og_site_name":"Vannang.vn","article_modified_time":"2026-03-30T11:26:46+00:00","twitter_card":"summary_large_image","twitter_misc":{"Est. reading time":"9 minutes"},"schema":{"@context":"https:\/\/schema.org","@graph":[{"@type":"WebPage","@id":"https:\/\/vannangvn.123websitedev.com\/san-pham\/may-do-do-day-mang-son-byk-model-byko-test-fe-nfe-cat-no-3790\/","url":"https:\/\/vannangvn.123websitedev.com\/san-pham\/may-do-do-day-mang-son-byk-model-byko-test-fe-nfe-cat-no-3790\/","name":"M\u00c1Y \u0110O \u0110\u1ed8 D\u00c0Y M\u00c0NG S\u01a0N BYK MODEL BY... ch\u00ednh h\u00e3ng | V\u1ea1n N\u0103ng","isPartOf":{"@id":"https:\/\/vannangvn.123websitedev.com\/#website"},"datePublished":"2026-03-20T10:35:18+00:00","dateModified":"2026-03-30T11:26:46+00:00","description":"Mua ngay M\u00c1Y \u0110O \u0110\u1ed8 D\u00c0Y M\u00c0NG S\u01a0N BYK MODEL BYKO-TEST FE\/NFE CAT NO.3790 ch\u00ednh h\u00e3ng. M\u00e1y \u0110o \u0110\u1ed9 D\u00e0y M\u00e0n S\u01a1n BYK byko-test Fe\/NFe l\u00e0 t... Gi\u00e1 t\u1ed1t!","breadcrumb":{"@id":"https:\/\/vannangvn.123websitedev.com\/san-pham\/may-do-do-day-mang-son-byk-model-byko-test-fe-nfe-cat-no-3790\/#breadcrumb"},"inLanguage":"en-US","potentialAction":[{"@type":"ReadAction","target":["https:\/\/vannangvn.123websitedev.com\/san-pham\/may-do-do-day-mang-son-byk-model-byko-test-fe-nfe-cat-no-3790\/"]}]},{"@type":"BreadcrumbList","@id":"https:\/\/vannangvn.123websitedev.com\/san-pham\/may-do-do-day-mang-son-byk-model-byko-test-fe-nfe-cat-no-3790\/#breadcrumb","itemListElement":[{"@type":"ListItem","position":1,"name":"Trang ch\u1ee7","item":"https:\/\/vannangvn.123websitedev.com\/"},{"@type":"ListItem","position":2,"name":"S\u1ea3n ph\u1ea9m","item":"https:\/\/vannangvn.123websitedev.com\/cua-hang\/"},{"@type":"ListItem","position":3,"name":"M\u00c1Y \u0110O \u0110\u1ed8 D\u00c0Y M\u00c0NG S\u01a0N BYK MODEL BYKO-TEST FE\/NFE CAT NO.3790"}]},{"@type":"WebSite","@id":"https:\/\/vannangvn.123websitedev.com\/#website","url":"https:\/\/vannangvn.123websitedev.com\/","name":"Vannang.vn","description":"","publisher":{"@id":"https:\/\/vannangvn.123websitedev.com\/#organization"},"potentialAction":[{"@type":"SearchAction","target":{"@type":"EntryPoint","urlTemplate":"https:\/\/vannangvn.123websitedev.com\/?s={search_term_string}"},"query-input":{"@type":"PropertyValueSpecification","valueRequired":true,"valueName":"search_term_string"}}],"inLanguage":"en-US"},{"@type":"Organization","@id":"https:\/\/vannangvn.123websitedev.com\/#organization","name":"Vannang.vn","url":"https:\/\/vannangvn.123websitedev.com\/","logo":{"@type":"ImageObject","inLanguage":"en-US","@id":"https:\/\/vannangvn.123websitedev.com\/#\/schema\/logo\/image\/","url":"https:\/\/vannangvn.123websitedev.com\/wp-content\/uploads\/2026\/02\/logo-van-nang-02.png","contentUrl":"https:\/\/vannangvn.123websitedev.com\/wp-content\/uploads\/2026\/02\/logo-van-nang-02.png","width":448,"height":111,"caption":"Vannang.vn"},"image":{"@id":"https:\/\/vannangvn.123websitedev.com\/#\/schema\/logo\/image\/"}}]}},"_links":{"self":[{"href":"https:\/\/vannangvn.123websitedev.com\/en\/wp-json\/wp\/v2\/product\/6719","targetHints":{"allow":["GET"]}}],"collection":[{"href":"https:\/\/vannangvn.123websitedev.com\/en\/wp-json\/wp\/v2\/product"}],"about":[{"href":"https:\/\/vannangvn.123websitedev.com\/en\/wp-json\/wp\/v2\/types\/product"}],"replies":[{"embeddable":true,"href":"https:\/\/vannangvn.123websitedev.com\/en\/wp-json\/wp\/v2\/comments?post=6719"}],"wp:attachment":[{"href":"https:\/\/vannangvn.123websitedev.com\/en\/wp-json\/wp\/v2\/media?parent=6719"}],"wp:term":[{"taxonomy":"product_brand","embeddable":true,"href":"https:\/\/vannangvn.123websitedev.com\/en\/wp-json\/wp\/v2\/product_brand?post=6719"},{"taxonomy":"product_cat","embeddable":true,"href":"https:\/\/vannangvn.123websitedev.com\/en\/wp-json\/wp\/v2\/product_cat?post=6719"},{"taxonomy":"product_tag","embeddable":true,"href":"https:\/\/vannangvn.123websitedev.com\/en\/wp-json\/wp\/v2\/product_tag?post=6719"}],"curies":[{"name":"wp","href":"https:\/\/api.w.org\/{rel}","templated":true}]}}