{"id":6726,"date":"2026-03-20T17:35:29","date_gmt":"2026-03-20T10:35:29","guid":{"rendered":"https:\/\/vannangvn.123websitedev.com\/san-pham\/may-do-do-day-tuy-chinh-luc-rhopoint-model-ft3-v\/"},"modified":"2026-03-30T18:26:56","modified_gmt":"2026-03-30T11:26:56","slug":"may-do-do-day-tuy-chinh-luc-rhopoint-model-ft3-v","status":"publish","type":"product","link":"https:\/\/vannangvn.123websitedev.com\/en\/product\/may-do-do-day-tuy-chinh-luc-rhopoint-model-ft3-v\/","title":{"rendered":"M\u00c1Y \u0110O \u0110\u1ed8 D\u00c0Y T\u00d9Y CH\u1ec8NH L\u1ef0C RHOPOINT MODEL FT3-V"},"content":{"rendered":"<h1 style=\"color: red; font-weight: bold; font-size: 24px;\">T&#7893;ng quan s&#7843;n ph&#7849;m M&Aacute;Y &#272;O &#272;&#7896; D&Agrave;Y T&Ugrave;Y CH&#7880;NH L&#7920;C RHOPOINT MODEL FT3-V<p>M&aacute;y &#272;o &#272;&#7897; D&agrave;y T&ugrave;y Ch&#7881;nh L&#7921;c (Hanatek Variable Force Precision Thickness Gauge) Rhopoint Model FT3-V<br>\nM&aacute;y &#272;o &#272;&#7897; D&agrave;y T&ugrave;y Ch&#7881;nh L&#7921;c Rhopoint FT3-V l&agrave; thi&#7871;t b&#7883; chuy&ecirc;n d&#7909;ng trong vi&#7879;c &#273;o &#273;&#7897; d&agrave;y c&#7911;a nhi&#7873;u lo&#7841;i v&#7853;t li&#7879;u nh&#432; gi&#7845;y, m&agrave;ng nh&#7921;a, b&igrave;a carton, d&#7879;t may, bao b&igrave; linh ho&#7841;t, b&#259;ng d&iacute;nh, m&agrave;ng &#273;&#7883;a k&#7929; thu&#7853;t v&agrave; nhi&#7873;u ch&#7845;t li&#7879;u kh&aacute;c.<br>\n&#272;&#432;&#7907;c s&#7843;n xu&#7845;t b&#7903;i Hanatek &ndash; th&#432;&#417;ng hi&#7879;u uy t&iacute;n thu&#7897;c Rhopoint, FT3-V mang &#273;&#7871;n kh&#7843; n&#259;ng &#273;o ch&iacute;nh x&aacute;c &#273;&#7871;n 0,1 &mu;m c&ugrave;ng sai s&#7889; c&#7921;c th&#7845;p, gi&uacute;p ki&#7875;m so&aacute;t ch&#7845;t l&#432;&#7907;ng s&#7843;n ph&#7849;m v&agrave; t&#7889;i &#432;u chi ph&iacute; nguy&ecirc;n li&#7879;u. H&atilde;y c&ugrave;ng V&#7841;n N&#259;ng t&igrave;m hi&#7875;u chi ti&#7871;t h&#417;n v&#7873; s&#7843;n ph&#7849;m th&ocirc;ng qua b&agrave;i vi&#7871;t d&#432;&#7899;i &#273;&acirc;y!<\/p><p>Xem th&ecirc;m: M&aacute;y &#272;o T&#7927; Tr&#7885;ng (Modular Benchtop Density Meter) Anton Paar Model DMA 4002<\/p><p>N&eacute;t &#272;&#7863;c Tr&#432;ng C&#7911;a Rhopoint FT3-V<br>\nKh&#7843; n&#259;ng &#273;o linh ho&#7841;t theo ti&ecirc;u chu&#7849;n<br>\nHanatek FT3-V &#273;&#432;&#7907;c thi&#7871;t k&#7871; &#273;&#7875; &#273;&aacute;p &#7913;ng nhi&#7873;u ti&ecirc;u chu&#7849;n &#273;o l&#432;&#7901;ng kh&aacute;c nhau nh&#432; ISO 534, TAPPI T411 hay ASTM D6988. Ng&#432;&#7901;i d&ugrave;ng c&oacute; th&#7875; d&#7877; d&agrave;ng thay &#273;&#7893;i l&#7921;c &#273;o b&#7857;ng c&aacute;ch th&ecirc;m c&aacute;c qu&#7843; c&acirc;n b&ecirc;n ngo&agrave;i, ph&ugrave; h&#7907;p cho vi&#7879;c &#273;&aacute;nh gi&aacute; &#273;&#7897; n&eacute;n ho&#7863;c &#273;&#7897; bi&#7871;n d&#7841;ng c&#7911;a v&#7853;t li&#7879;u.<br>\n&#272;&#7897; ch&iacute;nh x&aacute;c cao v&#7899;i &#273;&#7897; ph&acirc;n gi&#7843;i si&ecirc;u nh&#7887;<br>\nThi&#7871;t b&#7883; cho ph&eacute;p &#273;o v&#7899;i &#273;&#7897; ph&acirc;n gi&#7843;i 0,1 &mu;m v&agrave; &#273;&#7897; ch&iacute;nh x&aacute;c &plusmn;0,4 &mu;m, gi&uacute;p &#273;&#7843;m b&#7843;o k&#7871;t qu&#7843; tin c&#7853;y ngay c&#7843; khi ki&#7875;m tra c&aacute;c v&#7853;t li&#7879;u si&ecirc;u m&#7887;ng. &#272;i&#7873;u n&agrave;y &#273;&#7863;c bi&#7879;t h&#7919;u &iacute;ch trong ng&agrave;nh s&#7843;n xu&#7845;t bao b&igrave;, phim nh&#7921;a v&agrave; m&agrave;ng b&#7843;o v&#7879;.<br>\nT&ugrave;y ch&#7881;nh th&#7901;i gian gi&#7919; v&agrave; t&#7889;c &#273;&#7897; &#273;o<br>\nNg&#432;&#7901;i d&ugrave;ng c&oacute; th&#7875; l&#7853;p tr&igrave;nh th&#7901;i gian ti&#7871;p x&uacute;c (dwell time) v&agrave; t&#7889;c &#273;&#7897; h&#7841; &#273;&#7847;u &#273;o ph&ugrave; h&#7907;p v&#7899;i t&#7915;ng lo&#7841;i m&#7851;u, &#273;&#7863;c bi&#7879;t quan tr&#7885;ng khi &#273;o c&aacute;c v&#7853;t li&#7879;u m&#7873;m ho&#7863;c d&#7877; bi&#7871;n d&#7841;ng nh&#432; v&#7843;i, gi&#7845;y tissue, hay m&agrave;ng m&#7887;ng.<\/p><p>C&#7845;u tr&uacute;c &#273;&#7847;u &#273;o v&agrave; b&#7879; &#273;&#7905; ch&iacute;nh x&aacute;c cao<br>\n&#272;&#7847;u &#273;o v&agrave; b&#7879; &#273;&#7905; c&#7911;a Rhopoint Model FT3-V &#273;&#7841;t &#273;&#7897; ph&#7859;ng 0903 991 335!<\/p><div style=\"background-color: #f8fafc; border: 1px solid #e2e8f0; border-radius: 8px; padding: 25px; max-width: 800px; margin: 30px auto; color: #334155; line-height: 1.8; font-size: 17px; box-shadow: 0 4px 6px -1px rgba(0,0,0,0.05); text-align: left; clear: both;\">\nC&ocirc;ng ty TNHH Th&#432;&#417;ng M&#7841;i D&#7883;ch V&#7909; Thi&#7871;t B&#7883; C&ocirc;ng Ngh&#7879; V&#7841;n N&#259;ng\n<p style=\"margin: 0 0 10px 0;\">&#128205; <strong style=\"color: #1e293b;\">&#272;&#7883;a ch&#7881;:<\/strong> <a style=\"color: #059669; text-decoration: none; font-weight: bold;\" href=\"https:\/\/www.google.com\/maps\/search\/C%C3%B4ng+ty+TNHH+Th%C6%B0%C6%A1ng+M%E1%BA%A1i+D%E1%BB%8Bch+V%E1%BB%A5+Thi%E1%BA%BFt+B%E1%BB%8B+C%C3%B4ng+Ngh%E1%BB%87+V%E1%BA%A1n+N%C4%83ng+818+Tr%C6%B0%E1%BB%9Dng+Chinh\" target=\"_blank\" rel=\"noopener\">818 Tr&#432;&#7901;ng Chinh, Ph&#432;&#7901;ng T&acirc;n S&#417;n, Th&agrave;nh ph&#7889; H&#7891; Ch&iacute; Minh, Vi&#7879;t Nam<\/a><\/p>\n<p style=\"margin: 0 0 10px 0;\">&#128222; <strong style=\"color: #1e293b;\">S&#272;T &ndash; Zalo:<\/strong> <a style=\"color: #059669; text-decoration: none; font-weight: bold;\" href=\"https:\/\/zalo.me\/0903991335\" target=\"_blank\" rel=\"noopener\">0903 991 335<\/a> <span style=\"color: #64748b; font-style: italic;\">(Ms. H&#7841;nh &ndash; Gi&aacute;m &#272;&#7889;c Kinh Doanh)<\/span><\/p>\n<p style=\"margin: 0;\">&#9993;&#65039; <strong style=\"color: #1e293b;\">Email:<\/strong> <a style=\"color: #059669; text-decoration: none; font-weight: bold;\" href=\"mailto:hienhanh@vannangvn.com\">hienhanh@vannangvn.com<\/a><\/p>\n<\/div><\/h1>","protected":false},"excerpt":{"rendered":"<p><strong>Th&#432;&#417;ng hi&#7879;u:<\/strong> Rhopoint Instruments<br>\n<strong>Model:<\/strong> FT3-V<p>Product <strong>M&Aacute;Y &#272;O &#272;&#7896; D&Agrave;Y T&Ugrave;Y CH&#7880;NH L&#7920;C RHOPOINT MODEL FT3-V<\/strong> ch&iacute;nh h&atilde;ng. Rhopoint Instruments (UK)<br>\nRhopoint FT3-V l&agrave; thi&#7871;t b&#7883; chuy&ecirc;n d&#7909;ng &#273;o &#273;&#7897; d&agrave;y c&#7911;a gi&#7845;y, m&agrave;ng nh&#7921;a, b&igrave;a carton v&#7899;i &#273;&#7897; ch&iacute;nh x&aacute;c &#273;&#7871;n 0.1 &mu;m. Thi&#7871;t b&#7883; cho ph&eacute;p t&ugrave;y ch&#7881;nh l&#7921;c &#273;o linh ho&#7841;t b&#7857;ng c&aacute;ch th&ecirc;m tr&#7885;ng l&#432;&#7907;ng, &#273;&aacute;p &#7913;ng nhi&#7873;u ti&ecirc;u chu&#7849;n qu&#7889;c t&#7871; nh&#432; ISO, ASTM, TAPPI.<\/p><\/p>","protected":false},"featured_media":8545,"comment_status":"open","ping_status":"closed","template":"","meta":[],"product_brand":[],"product_cat":[18],"product_tag":[116,181,317,437,698,964,1787,103,109],"class_list":{"0":"post-6726","1":"product","2":"type-product","3":"status-publish","4":"has-post-thumbnail","6":"product_cat-chua-phan-loai","7":"product_tag-model","8":"product_tag-do","9":"product_tag-tuy","10":"product_tag-luc","11":"product_tag-rhopoint","12":"product_tag-chinh","13":"product_tag-ft3-v","14":"product_tag-day","15":"product_tag-may","17":"first","18":"instock","19":"shipping-taxable","20":"product-type-simple"},"yoast_head":"<!-- This site is optimized with the Yoast SEO Premium plugin v24.8 (Yoast SEO v24.8) - https:\/\/yoast.com\/wordpress\/plugins\/seo\/ -->\n<title>M\u00c1Y \u0110O \u0110\u1ed8 D\u00c0Y T\u00d9Y CH\u1ec8NH L\u1ef0C RHOPOIN... ch\u00ednh h\u00e3ng | V\u1ea1n N\u0103ng<\/title>\n<meta name=\"description\" content=\"Mua ngay M\u00c1Y \u0110O \u0110\u1ed8 D\u00c0Y T\u00d9Y CH\u1ec8NH L\u1ef0C RHOPOINT MODEL FT3-V ch\u00ednh h\u00e3ng. Rhopoint FT3-V l\u00e0 thi\u1ebft b\u1ecb chuy\u00ean d\u1ee5ng \u0111o \u0111\u1ed9 d\u00e0y c\u1ee7a gi\u1ea5y, m... Gi\u00e1 t\u1ed1t!\" \/>\n<meta name=\"robots\" content=\"noindex, follow, max-snippet:-1, max-image-preview:large, max-video-preview:-1\" \/>\n<meta property=\"og:locale\" content=\"en_US\" \/>\n<meta property=\"og:type\" content=\"article\" \/>\n<meta property=\"og:title\" content=\"M\u00c1Y \u0110O \u0110\u1ed8 D\u00c0Y T\u00d9Y CH\u1ec8NH L\u1ef0C RHOPOINT MODEL FT3-V\" \/>\n<meta property=\"og:description\" content=\"Mua ngay M\u00c1Y \u0110O \u0110\u1ed8 D\u00c0Y T\u00d9Y CH\u1ec8NH L\u1ef0C RHOPOINT MODEL FT3-V ch\u00ednh h\u00e3ng. Rhopoint FT3-V l\u00e0 thi\u1ebft b\u1ecb chuy\u00ean d\u1ee5ng \u0111o \u0111\u1ed9 d\u00e0y c\u1ee7a gi\u1ea5y, m... Gi\u00e1 t\u1ed1t!\" \/>\n<meta property=\"og:url\" content=\"https:\/\/vannangvn.123websitedev.com\/en\/product\/may-do-do-day-tuy-chinh-luc-rhopoint-model-ft3-v\/\" \/>\n<meta property=\"og:site_name\" content=\"Vannang.vn\" \/>\n<meta property=\"article:modified_time\" content=\"2026-03-30T11:26:56+00:00\" \/>\n<meta property=\"og:image\" content=\"http:\/\/vannangvn.123websitedev.com\/wp-content\/uploads\/2026\/03\/May-Do-Do-Day-Tuy-Chinh-Luc-Hanatek-Variable-Force-Precision-Thickness-Gauge-Rhopoint-Model-FT3-V-768x576-copy.jpg\" \/>\n\t<meta property=\"og:image:width\" content=\"768\" \/>\n\t<meta property=\"og:image:height\" content=\"576\" \/>\n\t<meta property=\"og:image:type\" content=\"image\/jpeg\" \/>\n<meta name=\"twitter:card\" content=\"summary_large_image\" \/>\n<meta name=\"twitter:label1\" content=\"Est. reading time\" \/>\n\t<meta name=\"twitter:data1\" content=\"9 minutes\" \/>\n<script type=\"application\/ld+json\" class=\"yoast-schema-graph\">{\"@context\":\"https:\/\/schema.org\",\"@graph\":[{\"@type\":\"WebPage\",\"@id\":\"https:\/\/vannangvn.123websitedev.com\/san-pham\/may-do-do-day-tuy-chinh-luc-rhopoint-model-ft3-v\/\",\"url\":\"https:\/\/vannangvn.123websitedev.com\/san-pham\/may-do-do-day-tuy-chinh-luc-rhopoint-model-ft3-v\/\",\"name\":\"M\u00c1Y \u0110O \u0110\u1ed8 D\u00c0Y T\u00d9Y CH\u1ec8NH L\u1ef0C RHOPOIN... ch\u00ednh h\u00e3ng | V\u1ea1n N\u0103ng\",\"isPartOf\":{\"@id\":\"https:\/\/vannangvn.123websitedev.com\/#website\"},\"primaryImageOfPage\":{\"@id\":\"https:\/\/vannangvn.123websitedev.com\/san-pham\/may-do-do-day-tuy-chinh-luc-rhopoint-model-ft3-v\/#primaryimage\"},\"image\":{\"@id\":\"https:\/\/vannangvn.123websitedev.com\/san-pham\/may-do-do-day-tuy-chinh-luc-rhopoint-model-ft3-v\/#primaryimage\"},\"thumbnailUrl\":\"https:\/\/vannangvn.123websitedev.com\/wp-content\/uploads\/2026\/03\/May-Do-Do-Day-Tuy-Chinh-Luc-Hanatek-Variable-Force-Precision-Thickness-Gauge-Rhopoint-Model-FT3-V-768x576-copy.jpg\",\"datePublished\":\"2026-03-20T10:35:29+00:00\",\"dateModified\":\"2026-03-30T11:26:56+00:00\",\"description\":\"Mua ngay M\u00c1Y \u0110O \u0110\u1ed8 D\u00c0Y T\u00d9Y CH\u1ec8NH L\u1ef0C RHOPOINT MODEL FT3-V ch\u00ednh h\u00e3ng. Rhopoint FT3-V l\u00e0 thi\u1ebft b\u1ecb chuy\u00ean d\u1ee5ng \u0111o \u0111\u1ed9 d\u00e0y c\u1ee7a gi\u1ea5y, m... Gi\u00e1 t\u1ed1t!\",\"breadcrumb\":{\"@id\":\"https:\/\/vannangvn.123websitedev.com\/san-pham\/may-do-do-day-tuy-chinh-luc-rhopoint-model-ft3-v\/#breadcrumb\"},\"inLanguage\":\"en-US\",\"potentialAction\":[{\"@type\":\"ReadAction\",\"target\":[\"https:\/\/vannangvn.123websitedev.com\/san-pham\/may-do-do-day-tuy-chinh-luc-rhopoint-model-ft3-v\/\"]}]},{\"@type\":\"ImageObject\",\"inLanguage\":\"en-US\",\"@id\":\"https:\/\/vannangvn.123websitedev.com\/san-pham\/may-do-do-day-tuy-chinh-luc-rhopoint-model-ft3-v\/#primaryimage\",\"url\":\"https:\/\/vannangvn.123websitedev.com\/wp-content\/uploads\/2026\/03\/May-Do-Do-Day-Tuy-Chinh-Luc-Hanatek-Variable-Force-Precision-Thickness-Gauge-Rhopoint-Model-FT3-V-768x576-copy.jpg\",\"contentUrl\":\"https:\/\/vannangvn.123websitedev.com\/wp-content\/uploads\/2026\/03\/May-Do-Do-Day-Tuy-Chinh-Luc-Hanatek-Variable-Force-Precision-Thickness-Gauge-Rhopoint-Model-FT3-V-768x576-copy.jpg\",\"width\":768,\"height\":576},{\"@type\":\"BreadcrumbList\",\"@id\":\"https:\/\/vannangvn.123websitedev.com\/san-pham\/may-do-do-day-tuy-chinh-luc-rhopoint-model-ft3-v\/#breadcrumb\",\"itemListElement\":[{\"@type\":\"ListItem\",\"position\":1,\"name\":\"Trang ch\u1ee7\",\"item\":\"https:\/\/vannangvn.123websitedev.com\/\"},{\"@type\":\"ListItem\",\"position\":2,\"name\":\"S\u1ea3n ph\u1ea9m\",\"item\":\"https:\/\/vannangvn.123websitedev.com\/cua-hang\/\"},{\"@type\":\"ListItem\",\"position\":3,\"name\":\"M\u00c1Y \u0110O \u0110\u1ed8 D\u00c0Y T\u00d9Y CH\u1ec8NH L\u1ef0C RHOPOINT MODEL FT3-V\"}]},{\"@type\":\"WebSite\",\"@id\":\"https:\/\/vannangvn.123websitedev.com\/#website\",\"url\":\"https:\/\/vannangvn.123websitedev.com\/\",\"name\":\"Vannang.vn\",\"description\":\"\",\"publisher\":{\"@id\":\"https:\/\/vannangvn.123websitedev.com\/#organization\"},\"potentialAction\":[{\"@type\":\"SearchAction\",\"target\":{\"@type\":\"EntryPoint\",\"urlTemplate\":\"https:\/\/vannangvn.123websitedev.com\/?s={search_term_string}\"},\"query-input\":{\"@type\":\"PropertyValueSpecification\",\"valueRequired\":true,\"valueName\":\"search_term_string\"}}],\"inLanguage\":\"en-US\"},{\"@type\":\"Organization\",\"@id\":\"https:\/\/vannangvn.123websitedev.com\/#organization\",\"name\":\"Vannang.vn\",\"url\":\"https:\/\/vannangvn.123websitedev.com\/\",\"logo\":{\"@type\":\"ImageObject\",\"inLanguage\":\"en-US\",\"@id\":\"https:\/\/vannangvn.123websitedev.com\/#\/schema\/logo\/image\/\",\"url\":\"https:\/\/vannangvn.123websitedev.com\/wp-content\/uploads\/2026\/02\/logo-van-nang-02.png\",\"contentUrl\":\"https:\/\/vannangvn.123websitedev.com\/wp-content\/uploads\/2026\/02\/logo-van-nang-02.png\",\"width\":448,\"height\":111,\"caption\":\"Vannang.vn\"},\"image\":{\"@id\":\"https:\/\/vannangvn.123websitedev.com\/#\/schema\/logo\/image\/\"}}]}<\/script>\n<!-- \/ Yoast SEO Premium plugin. -->","yoast_head_json":{"title":"M\u00c1Y \u0110O \u0110\u1ed8 D\u00c0Y T\u00d9Y CH\u1ec8NH L\u1ef0C RHOPOIN... ch\u00ednh h\u00e3ng | V\u1ea1n N\u0103ng","description":"Mua ngay M\u00c1Y \u0110O \u0110\u1ed8 D\u00c0Y T\u00d9Y CH\u1ec8NH L\u1ef0C RHOPOINT MODEL FT3-V ch\u00ednh h\u00e3ng. Rhopoint FT3-V l\u00e0 thi\u1ebft b\u1ecb chuy\u00ean d\u1ee5ng \u0111o \u0111\u1ed9 d\u00e0y c\u1ee7a gi\u1ea5y, m... Gi\u00e1 t\u1ed1t!","robots":{"index":"noindex","follow":"follow","max-snippet":"max-snippet:-1","max-image-preview":"max-image-preview:large","max-video-preview":"max-video-preview:-1"},"og_locale":"en_US","og_type":"article","og_title":"M\u00c1Y \u0110O \u0110\u1ed8 D\u00c0Y T\u00d9Y CH\u1ec8NH L\u1ef0C RHOPOINT MODEL FT3-V","og_description":"Mua ngay M\u00c1Y \u0110O \u0110\u1ed8 D\u00c0Y T\u00d9Y CH\u1ec8NH L\u1ef0C RHOPOINT MODEL FT3-V ch\u00ednh h\u00e3ng. Rhopoint FT3-V l\u00e0 thi\u1ebft b\u1ecb chuy\u00ean d\u1ee5ng \u0111o \u0111\u1ed9 d\u00e0y c\u1ee7a gi\u1ea5y, m... Gi\u00e1 t\u1ed1t!","og_url":"https:\/\/vannangvn.123websitedev.com\/en\/product\/may-do-do-day-tuy-chinh-luc-rhopoint-model-ft3-v\/","og_site_name":"Vannang.vn","article_modified_time":"2026-03-30T11:26:56+00:00","og_image":[{"width":768,"height":576,"url":"http:\/\/vannangvn.123websitedev.com\/wp-content\/uploads\/2026\/03\/May-Do-Do-Day-Tuy-Chinh-Luc-Hanatek-Variable-Force-Precision-Thickness-Gauge-Rhopoint-Model-FT3-V-768x576-copy.jpg","type":"image\/jpeg"}],"twitter_card":"summary_large_image","twitter_misc":{"Est. reading time":"9 minutes"},"schema":{"@context":"https:\/\/schema.org","@graph":[{"@type":"WebPage","@id":"https:\/\/vannangvn.123websitedev.com\/san-pham\/may-do-do-day-tuy-chinh-luc-rhopoint-model-ft3-v\/","url":"https:\/\/vannangvn.123websitedev.com\/san-pham\/may-do-do-day-tuy-chinh-luc-rhopoint-model-ft3-v\/","name":"M\u00c1Y \u0110O \u0110\u1ed8 D\u00c0Y T\u00d9Y CH\u1ec8NH L\u1ef0C RHOPOIN... ch\u00ednh h\u00e3ng | V\u1ea1n N\u0103ng","isPartOf":{"@id":"https:\/\/vannangvn.123websitedev.com\/#website"},"primaryImageOfPage":{"@id":"https:\/\/vannangvn.123websitedev.com\/san-pham\/may-do-do-day-tuy-chinh-luc-rhopoint-model-ft3-v\/#primaryimage"},"image":{"@id":"https:\/\/vannangvn.123websitedev.com\/san-pham\/may-do-do-day-tuy-chinh-luc-rhopoint-model-ft3-v\/#primaryimage"},"thumbnailUrl":"https:\/\/vannangvn.123websitedev.com\/wp-content\/uploads\/2026\/03\/May-Do-Do-Day-Tuy-Chinh-Luc-Hanatek-Variable-Force-Precision-Thickness-Gauge-Rhopoint-Model-FT3-V-768x576-copy.jpg","datePublished":"2026-03-20T10:35:29+00:00","dateModified":"2026-03-30T11:26:56+00:00","description":"Mua ngay M\u00c1Y \u0110O \u0110\u1ed8 D\u00c0Y T\u00d9Y CH\u1ec8NH L\u1ef0C RHOPOINT MODEL FT3-V ch\u00ednh h\u00e3ng. Rhopoint FT3-V l\u00e0 thi\u1ebft b\u1ecb chuy\u00ean d\u1ee5ng \u0111o \u0111\u1ed9 d\u00e0y c\u1ee7a gi\u1ea5y, m... Gi\u00e1 t\u1ed1t!","breadcrumb":{"@id":"https:\/\/vannangvn.123websitedev.com\/san-pham\/may-do-do-day-tuy-chinh-luc-rhopoint-model-ft3-v\/#breadcrumb"},"inLanguage":"en-US","potentialAction":[{"@type":"ReadAction","target":["https:\/\/vannangvn.123websitedev.com\/san-pham\/may-do-do-day-tuy-chinh-luc-rhopoint-model-ft3-v\/"]}]},{"@type":"ImageObject","inLanguage":"en-US","@id":"https:\/\/vannangvn.123websitedev.com\/san-pham\/may-do-do-day-tuy-chinh-luc-rhopoint-model-ft3-v\/#primaryimage","url":"https:\/\/vannangvn.123websitedev.com\/wp-content\/uploads\/2026\/03\/May-Do-Do-Day-Tuy-Chinh-Luc-Hanatek-Variable-Force-Precision-Thickness-Gauge-Rhopoint-Model-FT3-V-768x576-copy.jpg","contentUrl":"https:\/\/vannangvn.123websitedev.com\/wp-content\/uploads\/2026\/03\/May-Do-Do-Day-Tuy-Chinh-Luc-Hanatek-Variable-Force-Precision-Thickness-Gauge-Rhopoint-Model-FT3-V-768x576-copy.jpg","width":768,"height":576},{"@type":"BreadcrumbList","@id":"https:\/\/vannangvn.123websitedev.com\/san-pham\/may-do-do-day-tuy-chinh-luc-rhopoint-model-ft3-v\/#breadcrumb","itemListElement":[{"@type":"ListItem","position":1,"name":"Trang ch\u1ee7","item":"https:\/\/vannangvn.123websitedev.com\/"},{"@type":"ListItem","position":2,"name":"S\u1ea3n ph\u1ea9m","item":"https:\/\/vannangvn.123websitedev.com\/cua-hang\/"},{"@type":"ListItem","position":3,"name":"M\u00c1Y \u0110O \u0110\u1ed8 D\u00c0Y T\u00d9Y CH\u1ec8NH L\u1ef0C RHOPOINT MODEL FT3-V"}]},{"@type":"WebSite","@id":"https:\/\/vannangvn.123websitedev.com\/#website","url":"https:\/\/vannangvn.123websitedev.com\/","name":"Vannang.vn","description":"","publisher":{"@id":"https:\/\/vannangvn.123websitedev.com\/#organization"},"potentialAction":[{"@type":"SearchAction","target":{"@type":"EntryPoint","urlTemplate":"https:\/\/vannangvn.123websitedev.com\/?s={search_term_string}"},"query-input":{"@type":"PropertyValueSpecification","valueRequired":true,"valueName":"search_term_string"}}],"inLanguage":"en-US"},{"@type":"Organization","@id":"https:\/\/vannangvn.123websitedev.com\/#organization","name":"Vannang.vn","url":"https:\/\/vannangvn.123websitedev.com\/","logo":{"@type":"ImageObject","inLanguage":"en-US","@id":"https:\/\/vannangvn.123websitedev.com\/#\/schema\/logo\/image\/","url":"https:\/\/vannangvn.123websitedev.com\/wp-content\/uploads\/2026\/02\/logo-van-nang-02.png","contentUrl":"https:\/\/vannangvn.123websitedev.com\/wp-content\/uploads\/2026\/02\/logo-van-nang-02.png","width":448,"height":111,"caption":"Vannang.vn"},"image":{"@id":"https:\/\/vannangvn.123websitedev.com\/#\/schema\/logo\/image\/"}}]}},"_links":{"self":[{"href":"https:\/\/vannangvn.123websitedev.com\/en\/wp-json\/wp\/v2\/product\/6726","targetHints":{"allow":["GET"]}}],"collection":[{"href":"https:\/\/vannangvn.123websitedev.com\/en\/wp-json\/wp\/v2\/product"}],"about":[{"href":"https:\/\/vannangvn.123websitedev.com\/en\/wp-json\/wp\/v2\/types\/product"}],"replies":[{"embeddable":true,"href":"https:\/\/vannangvn.123websitedev.com\/en\/wp-json\/wp\/v2\/comments?post=6726"}],"wp:featuredmedia":[{"embeddable":true,"href":"https:\/\/vannangvn.123websitedev.com\/en\/wp-json\/wp\/v2\/media\/8545"}],"wp:attachment":[{"href":"https:\/\/vannangvn.123websitedev.com\/en\/wp-json\/wp\/v2\/media?parent=6726"}],"wp:term":[{"taxonomy":"product_brand","embeddable":true,"href":"https:\/\/vannangvn.123websitedev.com\/en\/wp-json\/wp\/v2\/product_brand?post=6726"},{"taxonomy":"product_cat","embeddable":true,"href":"https:\/\/vannangvn.123websitedev.com\/en\/wp-json\/wp\/v2\/product_cat?post=6726"},{"taxonomy":"product_tag","embeddable":true,"href":"https:\/\/vannangvn.123websitedev.com\/en\/wp-json\/wp\/v2\/product_tag?post=6726"}],"curies":[{"name":"wp","href":"https:\/\/api.w.org\/{rel}","templated":true}]}}