{"id":6727,"date":"2026-03-20T17:35:30","date_gmt":"2026-03-20T10:35:30","guid":{"rendered":"https:\/\/vannangvn.123websitedev.com\/san-pham\/may-do-do-day-va-khoi-luong-lop-phu-industrial-physics-model-stannometal-9000\/"},"modified":"2026-03-30T18:26:56","modified_gmt":"2026-03-30T11:26:56","slug":"may-do-do-day-va-khoi-luong-lop-phu-industrial-physics-model-stannometal-9000","status":"publish","type":"product","link":"https:\/\/vannangvn.123websitedev.com\/en\/product\/may-do-do-day-va-khoi-luong-lop-phu-industrial-physics-model-stannometal-9000\/","title":{"rendered":"M\u00c1Y \u0110O \u0110\u1ed8 D\u00c0Y V\u00c0 KH\u1ed0I L\u01af\u1ee2NG L\u1edaP PH\u1ee6 INDUSTRIAL PHYSICS MODEL STANNOMETAL 9000"},"content":{"rendered":"<h1 style=\"color: red; font-weight: bold; font-size: 24px;\">T&#7893;ng quan s&#7843;n ph&#7849;m M&Aacute;Y &#272;O &#272;&#7896; D&Agrave;Y V&Agrave; KH&#7888;I L&#431;&#7906;NG L&#7898;P PH&#7910; INDUSTRIAL PHYSICS MODEL STANNOMETAL 9000<p>M&aacute;y &#272;o &#272;&#7897; D&agrave;y V&agrave; Kh&#7889;i L&#432;&#7907;ng L&#7899;p Ph&#7911; Industrial Physics Model STANNOMetal 9000<br>\nSTANNOMetal 9000 l&agrave; h&#7879; th&#7889;ng &#273;o &#273;&#7897; d&agrave;y v&agrave; kh&#7889;i l&#432;&#7907;ng l&#7899;p ph&#7911; thi&#7871;c v&agrave; crom d&#7921;a tr&ecirc;n ph&#432;&#417;ng ph&aacute;p Stannomatic &ndash; ph&#432;&#417;ng ph&aacute;p &#273;&atilde; &#273;&#432;&#7907;c c&aacute;c nh&agrave; m&aacute;y c&aacute;n thi&#7871;c, nh&agrave; s&#7843;n xu&#7845;t lon kim lo&#7841;i v&agrave; ph&ograve;ng th&iacute; nghi&#7879;m nghi&ecirc;n c&#7913;u s&#7917; d&#7909;ng h&#417;n 30 n&#259;m.<br>\nM&aacute;y &#273;o &#273;&#7897; d&agrave;y STANNOMetal 9000 l&agrave; l&agrave; th&#7871; h&#7879; m&#7899;i nh&#7845;t c&#7911;a d&ograve;ng Stannomatic, &#273;&atilde; &#273;&#432;&#7907;c tin d&ugrave;ng h&#417;n 30 n&#259;m t&#7841;i c&aacute;c nh&agrave; m&aacute;y th&eacute;p, nh&agrave; s&#7843;n xu&#7845;t lon v&agrave; ph&ograve;ng th&iacute; nghi&#7879;m nghi&ecirc;n c&#7913;u tr&ecirc;n to&agrave;n th&#7871; gi&#7899;i. Hi&#7879;n nay, STANNOMetal 9000 &#273;&#432;&#7907;c xem l&agrave; chu&#7849;n &#273;o th&#7921;c t&#7871; (de facto standard) cho ki&#7875;m tra l&#7899;p m&#7841; thi&#7871;c. H&atilde;y c&ugrave;ng V&#7841;n N&#259;ng t&igrave;m hi&#7875;u chi ti&#7871;t h&#417;n v&#7873; s&#7843;n ph&#7849;m th&ocirc;ng qua b&agrave;i vi&#7871;t d&#432;&#7899;i &#273;&acirc;y!<\/p><p>N&eacute;t &#272;&#7863;c Tr&#432;ng C&#7911;a STANNOMetal 9000<br>\nC&ocirc;ng ngh&#7879; &#273;o coulometric chu&#7849;n ASTM A630<br>\nModel STANNOMetal 9000 s&#7917; d&#7909;ng ph&#432;&#417;ng ph&aacute;p &#273;i&#7879;n ph&acirc;n coulometric theo ASTM A630 Method B, cho ph&eacute;p x&aacute;c &#273;&#7883;nh ch&iacute;nh x&aacute;c &#273;&#7897; d&agrave;y l&#7899;p thi&#7871;c, l&#7899;p h&#7907;p kim v&agrave; t&#7893;ng l&#7899;p ph&#7911; tr&ecirc;n th&eacute;p m&#7841;. D&ograve;ng &#273;i&#7879;n &#273;&#432;&#7907;c ki&#7875;m so&aacute;t ch&iacute;nh x&aacute;c &#273;&#7875; h&ograve;a tan l&#7899;p kim lo&#7841;i tr&ecirc;n m&#7897;t di&#7879;n t&iacute;ch x&aacute;c &#273;&#7883;nh, t&#7915; &#273;&oacute; t&iacute;nh to&aacute;n &#273;&#7897; d&agrave;y l&#7899;p ph&#7911; v&#7899;i &#273;&#7897; tin c&#7853;y cao.<br>\nN&#7873;n t&#7843;ng Windows hi&#7879;n &#273;&#7841;i, d&#7877; v&#7853;n h&agrave;nh<br>\n&#272;&acirc;y l&agrave; h&#7879; th&#7889;ng &#273;&#7847;u ti&ecirc;n trong ph&acirc;n kh&uacute;c &#273;o thi&#7871;c v&agrave; cr&ocirc;m ho&#7841;t &#273;&#7897;ng ho&agrave;n to&agrave;n tr&ecirc;n Windows, thay th&#7871; c&aacute;c h&#7879; th&#7889;ng DOS c&#361;. Giao di&#7879;n tr&#7921;c quan, thao t&aacute;c &#273;&#417;n gi&#7843;n, gi&uacute;p ng&#432;&#7901;i v&#7853;n h&agrave;nh nhanh ch&oacute;ng l&agrave;m quen v&agrave; s&#7917; d&#7909;ng hi&#7879;u qu&#7843; m&agrave; kh&ocirc;ng c&#7847;n &#273;&agrave;o t&#7841;o ph&#7913;c t&#7841;p.<br>\nPh&acirc;n t&iacute;ch &#273;&#7891; th&#7883; t&aacute;ch l&#7899;p ch&iacute;nh x&aacute;c<br>\nSau khi qu&aacute; tr&igrave;nh deplating ho&agrave;n t&#7845;t, ph&#7847;n m&#7873;m t&#7921; &#273;&#7897;ng ph&acirc;n t&iacute;ch &#273;&#7891; th&#7883; &#273;&#7875; x&aacute;c &#273;&#7883;nh ranh gi&#7899;i t&#7915;ng l&#7899;p ph&#7911;. Ng&#432;&#7901;i d&ugrave;ng c&oacute; th&#7875; ph&oacute;ng to, hi&#7879;u ch&#7881;nh &#273;i&#7875;m chuy&#7875;n l&#7899;p, l&#432;u h&#7891; s&#417; &#273;&#7891; th&#7883; v&agrave; t&aacute;i s&#7917; d&#7909;ng cho c&aacute;c ph&eacute;p &#273;o ti&#7871;p theo ho&#7863;c b&aacute;o c&aacute;o ch&#7845;t l&#432;&#7907;ng.<br>\n&#431;u &#272;i&#7875;m V&#432;&#7907;t Tr&#7897;i<\/p><p>&#272;&#7897; ch&iacute;nh x&aacute;c v&agrave; &#273;&#7897; l&#7863;p l&#7841;i cao: Thi&#7871;t b&#7883; &#273;&#7841;t &#273;&#7897; ch&iacute;nh x&aacute;c &#273;&#7871;n &plusmn;1% ho&#7863;c t&#7889;t h&#417;n, c&#7843;i thi&#7879;n r&otilde; r&#7879;t v&#7873; &#273;&#7897; l&#7863;p l&#7841;i v&agrave; kh&#7843; n&#259;ng x&#7917; l&yacute; &ldquo;ghost layer&rdquo; so v&#7899;i c&aacute;c h&#7879; th&#7889;ng Stannomatic tr&#432;&#7899;c &#273;&acirc;y.<br>\nT&#7889;i &#432;u cho th&eacute;p m&#7841; thi&#7871;c v&agrave; TFS: STANNOMetal 9000 &#273;&#432;&#7907;c thi&#7871;t k&#7871; chuy&ecirc;n bi&#7879;t cho tinplate v&agrave; tin free steel (TFS), &#273;o ch&iacute;nh x&aacute;c l&#7899;p thi&#7871;c, l&#7899;p h&#7907;p kim v&agrave; h&#7895; tr&#7907; m&#7903; r&#7897;ng sang ph&acirc;n t&iacute;ch l&#7899;p cr&ocirc;m khi c&#7847;n.<br>\nLinh ho&#7841;t ti&ecirc;u chu&#7849;n &#273;o: H&#7879; th&#7889;ng t&iacute;ch h&#7907;p s&#7861;n c&aacute;c ti&ecirc;u chu&#7849;n qu&#7889;c t&#7871; nh&#432; ASTM, ISO, EURONORM, BSI, &#273;&#7891;ng th&#7901;i cho ph&eacute;p ng&#432;&#7901;i d&ugrave;ng t&#7921; t&#7841;o ti&ecirc;u chu&#7849;n ri&ecirc;ng theo y&ecirc;u c&#7847;u ki&#7875;m so&aacute;t n&#7897;i b&#7897;.<br>\nQu&#7843;n l&yacute; d&#7919; li&#7879;u v&agrave; b&aacute;o c&aacute;o to&agrave;n di&#7879;n: Cho ph&eacute;p l&#432;u tr&#7919;, truy xu&#7845;t, ph&acirc;n lo&#7841;i b&aacute;o c&aacute;o; xu&#7845;t d&#7919; li&#7879;u sang c&aacute;c ph&#7847;n m&#7873;m b&ecirc;n ngo&agrave;i; theo d&otilde;i m&#7913;c ti&ecirc;u hao dung d&#7883;ch &#273;i&#7879;n ph&acirc;n; sao l&#432;u d&#7919; li&#7879;u v&agrave; th&#7921;c hi&#7879;n c&aacute;c ki&#7875;m tra hi&#7879;u chu&#7849;n &#273;&#7883;nh k&#7923;.<br>\nCh&#7871; &#273;&#7897; &#273;o &#273;a t&#7889;c &#273;&#7897;: H&#7895; tr&#7907; nhi&#7873;u ch&#432;&#417;ng tr&igrave;nh &#273;o &#7903; c&aacute;c m&#7913;c nhanh &ndash; trung b&igrave;nh &ndash; ch&#7853;m &ndash; k&#7871;t h&#7907;p, ph&ugrave; h&#7907;p v&#7899;i c&#7843; l&#7899;p ph&#7911; m&#7887;ng l&#7851;n d&agrave;y, &#273;&#7843;m b&#7843;o k&#7871;t qu&#7843; ch&iacute;nh x&aacute;c trong m&#7885;i &#273;i&#7873;u ki&#7879;n s&#7843;n xu&#7845;t.<\/p><p>&#7912;ng D&#7909;ng Th&#7921;c T&#7871; C&#7911;a STANNOMetal 9000<\/p><p>Ng&agrave;nh th&eacute;p m&#7841; v&agrave; luy&#7879;n kim: Ki&#7875;m tra &#273;&#7897; d&agrave;y l&#7899;p thi&#7871;c v&agrave; cr&ocirc;m tr&ecirc;n th&eacute;p m&#7841;, &#273;&#7843;m b&#7843;o s&#7843;n ph&#7849;m &#273;&aacute;p &#7913;ng &#273;&uacute;ng ti&ecirc;u chu&#7849;n k&#7929; thu&#7853;t v&agrave; y&ecirc;u c&#7847;u kh&aacute;ch h&agrave;ng.<br>\nNg&agrave;nh s&#7843;n xu&#7845;t lon v&agrave; bao b&igrave; kim lo&#7841;i: Ki&#7875;m so&aacute;t ch&#7845;t l&#432;&#7907;ng l&#7899;p ph&#7911; tr&ecirc;n v&#7887; lon th&#7921;c ph&#7849;m, &#273;&#7891; u&#7889;ng v&agrave; bao b&igrave; kim lo&#7841;i, gi&uacute;p t&#7889;i &#432;u chi ph&iacute; m&#7841; v&agrave; &#273;&#7843;m b&#7843;o an to&agrave;n s&#7843;n ph&#7849;m.<br>\nPh&ograve;ng th&iacute; nghi&#7879;m ki&#7875;m &#273;&#7883;nh v&agrave; R&amp;D: Ph&#7909;c v&#7909; nghi&ecirc;n c&#7913;u v&#7853;t li&#7879;u, ph&aacute;t tri&#7875;n s&#7843;n ph&#7849;m m&#7899;i, &#273;&aacute;nh gi&aacute; quy tr&igrave;nh m&#7841; v&agrave; x&aacute;c nh&#7853;n &#273;&#7897; &#7893;n &#273;&#7883;nh c&#7911;a l&#7899;p ph&#7911;.<br>\nB&#7897; ph&#7853;n QA\/QC trong s&#7843;n xu&#7845;t c&ocirc;ng nghi&#7879;p: H&#7895; tr&#7907; ki&#7875;m so&aacute;t ch&#7845;t l&#432;&#7907;ng &#273;&#7847;u v&agrave;o &ndash; &#273;&#7847;u ra, gi&#7843;m sai l&#7879;ch l&#7899;p ph&#7911;, h&#7841;n ch&#7871; ph&#7871; ph&#7849;m v&agrave; n&acirc;ng cao t&iacute;nh nh&#7845;t qu&aacute;n trong s&#7843;n xu&#7845;t.<\/p><p>Nh&#7919;ng L&yacute; Do N&ecirc;n Mua M&aacute;y &#272;o &#272;&#7897; D&agrave;y T&#7841;i V&#7841;n N&#259;ng<\/p><p>C&ocirc;ng ty Thi&#7871;t B&#7883; C&ocirc;ng Ngh&#7879; V&#7841;n N&#259;ng l&agrave; &#273;&#7889;i t&aacute;c ch&iacute;nh th&#7913;c ph&acirc;n ph&#7889;i M&aacute;y &#272;o &#272;&#7897; D&agrave;y h&agrave;ng &#273;&#7847;u t&#7841;i Vi&#7879;t Nam, cam k&#7871;t cung c&#7845;p s&#7843;n ph&#7849;m ch&iacute;nh h&atilde;ng v&#7899;i gi&aacute; c&#7843; c&#7841;nh tranh nh&#7845;t th&#7883; tr&#432;&#7901;ng. V&#7899;i uy t&iacute;n tr&ecirc;n th&#7883; tr&#432;&#7901;ng v&agrave; ch&#7871; &#273;&#7897; h&#7851;u m&atilde;i t&#7889;t, Thi&#7871;t B&#7883; C&ocirc;ng Ngh&#7879; V&#7841;n N&#259;ng &#273;&atilde; nh&#7853;n &#273;&#432;&#7907;c s&#7921; tin t&#432;&#7903;ng t&#7915; kh&aacute;ch h&agrave;ng nh&#7901; v&agrave;o ch&#7845;t l&#432;&#7907;ng h&agrave;ng &#273;&#7847;u c&#7911;a c&aacute;c d&ograve;ng s&#7843;n ph&#7849;m.<br>\nS&#7843;n ph&#7849;m c&#7911;a ch&uacute;ng t&ocirc;i &#273;&#432;&#7907;c ki&#7875;m &#273;&#7883;nh ch&#7845;t l&#432;&#7907;ng, nh&#7853;p kh&#7849;u tr&#7921;c ti&#7871;p t&#7915; nh&agrave; m&aacute;y b&ecirc;n Ch&acirc;u &Acirc;u, M&#7929;, &Uacute;c, Nh&#7853;t B&#7843;n,&hellip; v&agrave; &#273;&aacute;p &#7913;ng nhu c&#7847;u &#273;a d&#7841;ng c&#7911;a th&#7883; tr&#432;&#7901;ng nh&#432;: M&aacute;y &#272;o &#272;&#7897; C&#7913;ng, M&aacute;y SPECTROMAXx, M&aacute;y Ki&#7875;m Tra &#272;&#432;&#7901;ng Gh&eacute;p M&iacute; Lon,&hellip; Ch&uacute;ng t&ocirc;i cam k&#7871;t cung c&#7845;p s&#7843;n ph&#7849;m n&agrave;y tr&ecirc;n to&agrave;n qu&#7889;c v&#7899;i gi&aacute; c&#7843; c&#7841;nh tranh nh&#7845;t.<br>\nCh&uacute;ng t&ocirc;i c&oacute; &#273;&#7897;i ng&#361; chuy&ecirc;n vi&ecirc;n t&#432; v&#7845;n chuy&ecirc;n s&acirc;u s&#7869; h&#7895; tr&#7907; kh&aacute;ch h&agrave;ng v&#7873; chi ti&#7871;t s&#7843;n ph&#7849;m, h&#432;&#7899;ng d&#7851;n s&#7917; d&#7909;ng hay nh&#7919;ng th&#7913; li&ecirc;n quan &#273;&#7871;n v&#7845;n &#273;&#7873; m&agrave; doanh nghi&#7879;p b&#7841;n &#273;ang g&#7863;p ph&#7843;i. Ch&uacute;ng t&ocirc;i s&#7869; cung c&#7845;p nh&#7919;ng gi&#7843;i ph&aacute;p t&#7889;i &#432;u nh&#7845;t!<br>\nNgo&agrave;i ra Thi&#7871;t B&#7883; C&ocirc;ng Ngh&#7879; V&#7841;n N&#259;ng Ch&uacute;ng T&ocirc;i lu&ocirc;n h&#432;&#7899;ng &#273;&#7871;n tr&#7843;i nghi&#7879;m kh&aacute;ch h&agrave;ng, v&igrave; v&#7853;y ch&uacute;ng t&ocirc;i c&oacute; nh&#7919;ng ch&iacute;nh s&aacute;ch b&#7843;o h&agrave;nh, b&#7843;o tr&igrave; &ndash; b&#7843;o d&#432;&#7905;ng, hi&#7879;u chu&#7849;n v&#7899;i t&#7845;t c&#7843; c&aacute;c thi&#7871;t b&#7883;, m&aacute;y m&oacute;c m&agrave; ch&uacute;ng t&ocirc;i cung c&#7845;p. &#272;&#7843;m b&#7843;o mang &#273;&#7871;n cho Kh&aacute;ch h&agrave;ng s&#7921; y&ecirc;n t&acirc;m tuy&#7879;t &#273;&#7889;i v&#7873; d&#7883;ch v&#7909; khi mua h&agrave;ng.<\/p><p>T&#7893;ng K&#7871;t<br>\nV&#7899;i n&#7873;n t&#7843;ng Windows hi&#7879;n &#273;&#7841;i v&agrave; ph&#432;&#417;ng ph&aacute;p Stannomatic &#273;&atilde; &#273;&#432;&#7907;c ki&#7875;m ch&#7913;ng to&agrave;n c&#7847;u, STANNOMetal 9000 &#273;&aacute;p &#7913;ng ho&agrave;n h&#7843;o nhu c&#7847;u ki&#7875;m so&aacute;t ch&#7845;t l&#432;&#7907;ng trong c&#7843; m&ocirc;i tr&#432;&#7901;ng ph&ograve;ng th&iacute; nghi&#7879;m l&#7851;n s&#7843;n xu&#7845;t c&ocirc;ng nghi&#7879;p. H&atilde;y li&ecirc;n h&#7879; v&#7899;i V&#7841;n N&#259;ng ngay &#273;&#7875; &#273;&#432;&#7907;c t&#432; v&#7845;n chuy&ecirc;n s&acirc;u v&agrave; nh&#7853;n nh&#7919;ng &#432;u &#273;&atilde;i h&#7845;p d&#7851;n nh&#7845;t th&ocirc;ng qua hotline0903 991 335!<\/p><div style=\"background-color: #f8fafc; border: 1px solid #e2e8f0; border-radius: 8px; padding: 25px; max-width: 800px; margin: 30px auto; color: #334155; line-height: 1.8; font-size: 17px; box-shadow: 0 4px 6px -1px rgba(0,0,0,0.05); text-align: left; clear: both;\">\nC&ocirc;ng ty TNHH Th&#432;&#417;ng M&#7841;i D&#7883;ch V&#7909; Thi&#7871;t B&#7883; C&ocirc;ng Ngh&#7879; V&#7841;n N&#259;ng\n<p style=\"margin: 0 0 10px 0;\">&#128205; <strong style=\"color: #1e293b;\">&#272;&#7883;a ch&#7881;:<\/strong> <a style=\"color: #059669; text-decoration: none; font-weight: bold;\" href=\"https:\/\/www.google.com\/maps\/search\/C%C3%B4ng+ty+TNHH+Th%C6%B0%C6%A1ng+M%E1%BA%A1i+D%E1%BB%8Bch+V%E1%BB%A5+Thi%E1%BA%BFt+B%E1%BB%8B+C%C3%B4ng+Ngh%E1%BB%87+V%E1%BA%A1n+N%C4%83ng+818+Tr%C6%B0%E1%BB%9Dng+Chinh\" target=\"_blank\" rel=\"noopener\">818 Tr&#432;&#7901;ng Chinh, Ph&#432;&#7901;ng T&acirc;n S&#417;n, Th&agrave;nh ph&#7889; H&#7891; Ch&iacute; Minh, Vi&#7879;t Nam<\/a><\/p>\n<p style=\"margin: 0 0 10px 0;\">&#128222; <strong style=\"color: #1e293b;\">S&#272;T &ndash; Zalo:<\/strong> <a style=\"color: #059669; text-decoration: none; font-weight: bold;\" href=\"https:\/\/zalo.me\/0903991335\" target=\"_blank\" rel=\"noopener\">0903 991 335<\/a> <span style=\"color: #64748b; font-style: italic;\">(Ms. H&#7841;nh &ndash; Gi&aacute;m &#272;&#7889;c Kinh Doanh)<\/span><\/p>\n<p style=\"margin: 0;\">&#9993;&#65039; <strong style=\"color: #1e293b;\">Email:<\/strong> <a style=\"color: #059669; text-decoration: none; font-weight: bold;\" href=\"mailto:hienhanh@vannangvn.com\">hienhanh@vannangvn.com<\/a><\/p>\n<\/div><\/h1>","protected":false},"excerpt":{"rendered":"<p><strong>Th&#432;&#417;ng hi&#7879;u:<\/strong> Industrial Physics<br>\n<strong>Model:<\/strong> STANNOMetal 9000<p>Product <strong>M&Aacute;Y &#272;O &#272;&#7896; D&Agrave;Y V&Agrave; KH&#7888;I L&#431;&#7906;NG L&#7898;P PH&#7910; INDUSTRIAL PHYSICS MODEL STANNOMETAL 9000<\/strong> ch&iacute;nh h&atilde;ng. Industrial Physics&nbsp;(USA)<br>\nM&aacute;y &#272;o &#272;&#7897; D&agrave;y V&agrave; Kh&#7889;i L&#432;&#7907;ng L&#7899;p Ph&#7911; Industrial Physics Model STANNOMetal 9000 l&agrave; h&#7879; th&#7889;ng &#273;o kh&#7889;i l&#432;&#7907;ng v&agrave; &#273;&#7897; d&agrave;y l&#7899;p ph&#7911; thi&#7871;c, crom theo ASTM A630 Method B, v&#7853;n h&agrave;nh tr&ecirc;n n&#7873;n t&#7843;ng Windows, &#273;&#7897; ch&iacute;nh x&aacute;c cao, d&#7877; s&#7917; d&#7909;ng, ph&ugrave; h&#7907;p nh&agrave; m&aacute;y c&aacute;n thi&#7871;c, s&#7843;n xu&#7845;t lon v&agrave; ph&ograve;ng th&iacute; nghi&#7879;m.<\/p><\/p>","protected":false},"featured_media":0,"comment_status":"open","ping_status":"closed","template":"","meta":[],"product_brand":[],"product_cat":[18],"product_tag":[1788,102,103,109,116,181,221,320,409,552,931,1383,1384],"class_list":{"0":"post-6727","1":"product","2":"type-product","3":"status-publish","5":"product_cat-chua-phan-loai","6":"product_tag-stannometal","7":"product_tag-va","8":"product_tag-day","9":"product_tag-may","10":"product_tag-model","11":"product_tag-do","12":"product_tag-phu","13":"product_tag-luong","14":"product_tag-lop","15":"product_tag-552","16":"product_tag-khoi","17":"product_tag-industrial","18":"product_tag-physics","20":"first","21":"instock","22":"shipping-taxable","23":"product-type-simple"},"yoast_head":"<!-- This site is optimized with the Yoast SEO Premium plugin v24.8 (Yoast SEO v24.8) - https:\/\/yoast.com\/wordpress\/plugins\/seo\/ -->\n<title>M\u00c1Y \u0110O \u0110\u1ed8 D\u00c0Y V\u00c0 KH\u1ed0I L\u01af\u1ee2NG L\u1edaP PH\u1ee6... ch\u00ednh h\u00e3ng | V\u1ea1n N\u0103ng<\/title>\n<meta name=\"description\" content=\"Mua ngay M\u00c1Y \u0110O \u0110\u1ed8 D\u00c0Y V\u00c0 KH\u1ed0I L\u01af\u1ee2NG L\u1edaP PH\u1ee6 INDUSTRIAL PHYSICS MODEL STANNOMETAL 9000 ch\u00ednh h\u00e3ng. M\u00e1y \u0110o \u0110\u1ed9 D\u00e0y V\u00e0 Kh\u1ed1i L\u01b0\u1ee3ng L\u1edbp... Gi\u00e1 t\u1ed1t!\" \/>\n<meta name=\"robots\" content=\"noindex, follow, max-snippet:-1, max-image-preview:large, max-video-preview:-1\" \/>\n<meta property=\"og:locale\" content=\"en_US\" \/>\n<meta property=\"og:type\" content=\"article\" \/>\n<meta property=\"og:title\" content=\"M\u00c1Y \u0110O \u0110\u1ed8 D\u00c0Y V\u00c0 KH\u1ed0I L\u01af\u1ee2NG L\u1edaP PH\u1ee6 INDUSTRIAL PHYSICS MODEL STANNOMETAL 9000\" \/>\n<meta property=\"og:description\" content=\"Mua ngay M\u00c1Y \u0110O \u0110\u1ed8 D\u00c0Y V\u00c0 KH\u1ed0I L\u01af\u1ee2NG L\u1edaP PH\u1ee6 INDUSTRIAL PHYSICS MODEL STANNOMETAL 9000 ch\u00ednh h\u00e3ng. M\u00e1y \u0110o \u0110\u1ed9 D\u00e0y V\u00e0 Kh\u1ed1i L\u01b0\u1ee3ng L\u1edbp... Gi\u00e1 t\u1ed1t!\" \/>\n<meta property=\"og:url\" content=\"https:\/\/vannangvn.123websitedev.com\/en\/product\/may-do-do-day-va-khoi-luong-lop-phu-industrial-physics-model-stannometal-9000\/\" \/>\n<meta property=\"og:site_name\" content=\"Vannang.vn\" \/>\n<meta property=\"article:modified_time\" content=\"2026-03-30T11:26:56+00:00\" \/>\n<meta name=\"twitter:card\" content=\"summary_large_image\" \/>\n<meta name=\"twitter:label1\" content=\"Est. reading time\" \/>\n\t<meta name=\"twitter:data1\" content=\"8 minutes\" \/>\n<script type=\"application\/ld+json\" class=\"yoast-schema-graph\">{\"@context\":\"https:\/\/schema.org\",\"@graph\":[{\"@type\":\"WebPage\",\"@id\":\"https:\/\/vannangvn.123websitedev.com\/san-pham\/may-do-do-day-va-khoi-luong-lop-phu-industrial-physics-model-stannometal-9000\/\",\"url\":\"https:\/\/vannangvn.123websitedev.com\/san-pham\/may-do-do-day-va-khoi-luong-lop-phu-industrial-physics-model-stannometal-9000\/\",\"name\":\"M\u00c1Y \u0110O \u0110\u1ed8 D\u00c0Y V\u00c0 KH\u1ed0I L\u01af\u1ee2NG L\u1edaP PH\u1ee6... ch\u00ednh h\u00e3ng | V\u1ea1n N\u0103ng\",\"isPartOf\":{\"@id\":\"https:\/\/vannangvn.123websitedev.com\/#website\"},\"datePublished\":\"2026-03-20T10:35:30+00:00\",\"dateModified\":\"2026-03-30T11:26:56+00:00\",\"description\":\"Mua ngay M\u00c1Y \u0110O \u0110\u1ed8 D\u00c0Y V\u00c0 KH\u1ed0I L\u01af\u1ee2NG L\u1edaP PH\u1ee6 INDUSTRIAL PHYSICS MODEL STANNOMETAL 9000 ch\u00ednh h\u00e3ng. M\u00e1y \u0110o \u0110\u1ed9 D\u00e0y V\u00e0 Kh\u1ed1i L\u01b0\u1ee3ng L\u1edbp... Gi\u00e1 t\u1ed1t!\",\"breadcrumb\":{\"@id\":\"https:\/\/vannangvn.123websitedev.com\/san-pham\/may-do-do-day-va-khoi-luong-lop-phu-industrial-physics-model-stannometal-9000\/#breadcrumb\"},\"inLanguage\":\"en-US\",\"potentialAction\":[{\"@type\":\"ReadAction\",\"target\":[\"https:\/\/vannangvn.123websitedev.com\/san-pham\/may-do-do-day-va-khoi-luong-lop-phu-industrial-physics-model-stannometal-9000\/\"]}]},{\"@type\":\"BreadcrumbList\",\"@id\":\"https:\/\/vannangvn.123websitedev.com\/san-pham\/may-do-do-day-va-khoi-luong-lop-phu-industrial-physics-model-stannometal-9000\/#breadcrumb\",\"itemListElement\":[{\"@type\":\"ListItem\",\"position\":1,\"name\":\"Trang ch\u1ee7\",\"item\":\"https:\/\/vannangvn.123websitedev.com\/\"},{\"@type\":\"ListItem\",\"position\":2,\"name\":\"S\u1ea3n ph\u1ea9m\",\"item\":\"https:\/\/vannangvn.123websitedev.com\/cua-hang\/\"},{\"@type\":\"ListItem\",\"position\":3,\"name\":\"M\u00c1Y \u0110O \u0110\u1ed8 D\u00c0Y V\u00c0 KH\u1ed0I L\u01af\u1ee2NG L\u1edaP PH\u1ee6 INDUSTRIAL PHYSICS MODEL STANNOMETAL 9000\"}]},{\"@type\":\"WebSite\",\"@id\":\"https:\/\/vannangvn.123websitedev.com\/#website\",\"url\":\"https:\/\/vannangvn.123websitedev.com\/\",\"name\":\"Vannang.vn\",\"description\":\"\",\"publisher\":{\"@id\":\"https:\/\/vannangvn.123websitedev.com\/#organization\"},\"potentialAction\":[{\"@type\":\"SearchAction\",\"target\":{\"@type\":\"EntryPoint\",\"urlTemplate\":\"https:\/\/vannangvn.123websitedev.com\/?s={search_term_string}\"},\"query-input\":{\"@type\":\"PropertyValueSpecification\",\"valueRequired\":true,\"valueName\":\"search_term_string\"}}],\"inLanguage\":\"en-US\"},{\"@type\":\"Organization\",\"@id\":\"https:\/\/vannangvn.123websitedev.com\/#organization\",\"name\":\"Vannang.vn\",\"url\":\"https:\/\/vannangvn.123websitedev.com\/\",\"logo\":{\"@type\":\"ImageObject\",\"inLanguage\":\"en-US\",\"@id\":\"https:\/\/vannangvn.123websitedev.com\/#\/schema\/logo\/image\/\",\"url\":\"https:\/\/vannangvn.123websitedev.com\/wp-content\/uploads\/2026\/02\/logo-van-nang-02.png\",\"contentUrl\":\"https:\/\/vannangvn.123websitedev.com\/wp-content\/uploads\/2026\/02\/logo-van-nang-02.png\",\"width\":448,\"height\":111,\"caption\":\"Vannang.vn\"},\"image\":{\"@id\":\"https:\/\/vannangvn.123websitedev.com\/#\/schema\/logo\/image\/\"}}]}<\/script>\n<!-- \/ Yoast SEO Premium plugin. -->","yoast_head_json":{"title":"M\u00c1Y \u0110O \u0110\u1ed8 D\u00c0Y V\u00c0 KH\u1ed0I L\u01af\u1ee2NG L\u1edaP PH\u1ee6... ch\u00ednh h\u00e3ng | V\u1ea1n N\u0103ng","description":"Mua ngay M\u00c1Y \u0110O \u0110\u1ed8 D\u00c0Y V\u00c0 KH\u1ed0I L\u01af\u1ee2NG L\u1edaP PH\u1ee6 INDUSTRIAL PHYSICS MODEL STANNOMETAL 9000 ch\u00ednh h\u00e3ng. M\u00e1y \u0110o \u0110\u1ed9 D\u00e0y V\u00e0 Kh\u1ed1i L\u01b0\u1ee3ng L\u1edbp... Gi\u00e1 t\u1ed1t!","robots":{"index":"noindex","follow":"follow","max-snippet":"max-snippet:-1","max-image-preview":"max-image-preview:large","max-video-preview":"max-video-preview:-1"},"og_locale":"en_US","og_type":"article","og_title":"M\u00c1Y \u0110O \u0110\u1ed8 D\u00c0Y V\u00c0 KH\u1ed0I L\u01af\u1ee2NG L\u1edaP PH\u1ee6 INDUSTRIAL PHYSICS MODEL STANNOMETAL 9000","og_description":"Mua ngay M\u00c1Y \u0110O \u0110\u1ed8 D\u00c0Y V\u00c0 KH\u1ed0I L\u01af\u1ee2NG L\u1edaP PH\u1ee6 INDUSTRIAL PHYSICS MODEL STANNOMETAL 9000 ch\u00ednh h\u00e3ng. M\u00e1y \u0110o \u0110\u1ed9 D\u00e0y V\u00e0 Kh\u1ed1i L\u01b0\u1ee3ng L\u1edbp... Gi\u00e1 t\u1ed1t!","og_url":"https:\/\/vannangvn.123websitedev.com\/en\/product\/may-do-do-day-va-khoi-luong-lop-phu-industrial-physics-model-stannometal-9000\/","og_site_name":"Vannang.vn","article_modified_time":"2026-03-30T11:26:56+00:00","twitter_card":"summary_large_image","twitter_misc":{"Est. reading time":"8 minutes"},"schema":{"@context":"https:\/\/schema.org","@graph":[{"@type":"WebPage","@id":"https:\/\/vannangvn.123websitedev.com\/san-pham\/may-do-do-day-va-khoi-luong-lop-phu-industrial-physics-model-stannometal-9000\/","url":"https:\/\/vannangvn.123websitedev.com\/san-pham\/may-do-do-day-va-khoi-luong-lop-phu-industrial-physics-model-stannometal-9000\/","name":"M\u00c1Y \u0110O \u0110\u1ed8 D\u00c0Y V\u00c0 KH\u1ed0I L\u01af\u1ee2NG L\u1edaP PH\u1ee6... ch\u00ednh h\u00e3ng | V\u1ea1n N\u0103ng","isPartOf":{"@id":"https:\/\/vannangvn.123websitedev.com\/#website"},"datePublished":"2026-03-20T10:35:30+00:00","dateModified":"2026-03-30T11:26:56+00:00","description":"Mua ngay M\u00c1Y \u0110O \u0110\u1ed8 D\u00c0Y V\u00c0 KH\u1ed0I L\u01af\u1ee2NG L\u1edaP PH\u1ee6 INDUSTRIAL PHYSICS MODEL STANNOMETAL 9000 ch\u00ednh h\u00e3ng. M\u00e1y \u0110o \u0110\u1ed9 D\u00e0y V\u00e0 Kh\u1ed1i L\u01b0\u1ee3ng L\u1edbp... Gi\u00e1 t\u1ed1t!","breadcrumb":{"@id":"https:\/\/vannangvn.123websitedev.com\/san-pham\/may-do-do-day-va-khoi-luong-lop-phu-industrial-physics-model-stannometal-9000\/#breadcrumb"},"inLanguage":"en-US","potentialAction":[{"@type":"ReadAction","target":["https:\/\/vannangvn.123websitedev.com\/san-pham\/may-do-do-day-va-khoi-luong-lop-phu-industrial-physics-model-stannometal-9000\/"]}]},{"@type":"BreadcrumbList","@id":"https:\/\/vannangvn.123websitedev.com\/san-pham\/may-do-do-day-va-khoi-luong-lop-phu-industrial-physics-model-stannometal-9000\/#breadcrumb","itemListElement":[{"@type":"ListItem","position":1,"name":"Trang ch\u1ee7","item":"https:\/\/vannangvn.123websitedev.com\/"},{"@type":"ListItem","position":2,"name":"S\u1ea3n ph\u1ea9m","item":"https:\/\/vannangvn.123websitedev.com\/cua-hang\/"},{"@type":"ListItem","position":3,"name":"M\u00c1Y \u0110O \u0110\u1ed8 D\u00c0Y V\u00c0 KH\u1ed0I L\u01af\u1ee2NG L\u1edaP PH\u1ee6 INDUSTRIAL PHYSICS MODEL STANNOMETAL 9000"}]},{"@type":"WebSite","@id":"https:\/\/vannangvn.123websitedev.com\/#website","url":"https:\/\/vannangvn.123websitedev.com\/","name":"Vannang.vn","description":"","publisher":{"@id":"https:\/\/vannangvn.123websitedev.com\/#organization"},"potentialAction":[{"@type":"SearchAction","target":{"@type":"EntryPoint","urlTemplate":"https:\/\/vannangvn.123websitedev.com\/?s={search_term_string}"},"query-input":{"@type":"PropertyValueSpecification","valueRequired":true,"valueName":"search_term_string"}}],"inLanguage":"en-US"},{"@type":"Organization","@id":"https:\/\/vannangvn.123websitedev.com\/#organization","name":"Vannang.vn","url":"https:\/\/vannangvn.123websitedev.com\/","logo":{"@type":"ImageObject","inLanguage":"en-US","@id":"https:\/\/vannangvn.123websitedev.com\/#\/schema\/logo\/image\/","url":"https:\/\/vannangvn.123websitedev.com\/wp-content\/uploads\/2026\/02\/logo-van-nang-02.png","contentUrl":"https:\/\/vannangvn.123websitedev.com\/wp-content\/uploads\/2026\/02\/logo-van-nang-02.png","width":448,"height":111,"caption":"Vannang.vn"},"image":{"@id":"https:\/\/vannangvn.123websitedev.com\/#\/schema\/logo\/image\/"}}]}},"_links":{"self":[{"href":"https:\/\/vannangvn.123websitedev.com\/en\/wp-json\/wp\/v2\/product\/6727","targetHints":{"allow":["GET"]}}],"collection":[{"href":"https:\/\/vannangvn.123websitedev.com\/en\/wp-json\/wp\/v2\/product"}],"about":[{"href":"https:\/\/vannangvn.123websitedev.com\/en\/wp-json\/wp\/v2\/types\/product"}],"replies":[{"embeddable":true,"href":"https:\/\/vannangvn.123websitedev.com\/en\/wp-json\/wp\/v2\/comments?post=6727"}],"wp:attachment":[{"href":"https:\/\/vannangvn.123websitedev.com\/en\/wp-json\/wp\/v2\/media?parent=6727"}],"wp:term":[{"taxonomy":"product_brand","embeddable":true,"href":"https:\/\/vannangvn.123websitedev.com\/en\/wp-json\/wp\/v2\/product_brand?post=6727"},{"taxonomy":"product_cat","embeddable":true,"href":"https:\/\/vannangvn.123websitedev.com\/en\/wp-json\/wp\/v2\/product_cat?post=6727"},{"taxonomy":"product_tag","embeddable":true,"href":"https:\/\/vannangvn.123websitedev.com\/en\/wp-json\/wp\/v2\/product_tag?post=6727"}],"curies":[{"name":"wp","href":"https:\/\/api.w.org\/{rel}","templated":true}]}}