{"id":6735,"date":"2026-03-20T17:35:38","date_gmt":"2026-03-20T10:35:38","guid":{"rendered":"https:\/\/vannangvn.123websitedev.com\/san-pham\/may-do-do-duc-cam-tay-neon-portable-turbidity-meter-aqualabo-model-neon\/"},"modified":"2026-03-30T18:27:09","modified_gmt":"2026-03-30T11:27:09","slug":"may-do-do-duc-cam-tay-neon-portable-turbidity-meter-aqualabo-model-neon","status":"publish","type":"product","link":"https:\/\/vannangvn.123websitedev.com\/en\/product\/may-do-do-duc-cam-tay-neon-portable-turbidity-meter-aqualabo-model-neon\/","title":{"rendered":"M\u00c1Y \u0110O \u0110\u1ed8 \u0110\u1ee4C C\u1ea6M TAY (NEON PORTABLE TURBIDITY METER)\u00a0AQUALABO MODEL NEON"},"content":{"rendered":"<h1 style=\"color: red; font-weight: bold; font-size: 24px;\">T&#7893;ng quan s&#7843;n ph&#7849;m M&Aacute;Y &#272;O &#272;&#7896; &#272;&#7908;C C&#7846;M TAY (NEON PORTABLE TURBIDITY METER)&nbsp;AQUALABO MODEL NEON<p>M&aacute;y &#272;o &#272;&#7897; &#272;&#7909;c C&#7847;m Tay (NEON Portable Turbidity Meter) Aqualabo Model NEON<br>\nM&aacute;y &#272;o &#272;&#7897; &#272;&#7909;c NEON kh&ocirc;ng ch&#7881; &#273;o &#273;&#432;&#7907;c &#273;&#7897; &#273;&#7909;c (NTU) m&agrave; c&ograve;n cung c&#7845;p gi&aacute; tr&#7883; TSS (T&#7893;ng ch&#7845;t r&#7855;n l&#417; l&#7917;ng mg\/L) v&agrave; nhi&#7879;t &#273;&#7897; n&#432;&#7899;c m&#7897;t c&aacute;ch &#273;&#7891;ng th&#7901;i. &#272;&acirc;y l&agrave; thi&#7871;t b&#7883; l&yacute; t&#432;&#7903;ng cho c&aacute;c &#7913;ng d&#7909;ng ki&#7875;m tra nhanh hi&#7879;n tr&#432;&#7901;ng, ph&#7909;c v&#7909; &#273;a d&#7841;ng l&#297;nh v&#7921;c t&#7915; x&#7917; l&yacute; n&#432;&#7899;c th&#7843;i, gi&aacute;m s&aacute;t ngu&#7891;n n&#432;&#7899;c m&#7863;t, &#273;&#7871;n c&aacute;c ng&agrave;nh c&ocirc;ng nghi&#7879;p c&oacute; li&ecirc;n quan &#273;&#7871;n qu&#7843;n l&yacute; n&#432;&#7899;c. H&atilde;y c&ugrave;ng V&#7841;n N&#259;ng t&igrave;m hi&#7875;u chi ti&#7871;t h&#417;n v&#7873; s&#7843;n ph&#7849;m th&ocirc;ng qua b&agrave;i vi&#7871;t d&#432;&#7899;i &#273;&acirc;y nh&eacute;!<\/p><p>Xem th&ecirc;m: M&#361;i Khoan &#272;o &#272;&#7897; D&agrave;y S&#417;n (Coating Drill) DJH Model S-BIT-CCS (New 2025)<\/p><p>N&eacute;t &#272;&#7863;c Tr&#432;ng C&#7911;a Aqualabo NEON<br>\nThi&#7871;t K&#7871; G&#7885;n Nh&#7865;, C&#7913;ng C&aacute;p V&agrave; D&#7877; S&#7917; D&#7909;ng<br>\nModel NEON s&#7903; h&#7919;u thi&#7871;t k&#7871; nh&#7887; g&#7885;n, tr&#7885;ng l&#432;&#7907;ng nh&#7865; ch&#7881; kho&#7843;ng 880 g, d&#7877; d&agrave;ng mang theo &#273;&#7871;n hi&#7879;n tr&#432;&#7901;ng. L&#7899;p v&#7887; &#273;&#432;&#7907;c ch&#7871; t&#7841;o b&#7857;ng v&#7853;t li&#7879;u ABS ch&#7855;c ch&#7855;n, &#273;&aacute;p &#7913;ng ti&ecirc;u chu&#7849;n ch&#7889;ng n&#432;&#7899;c v&agrave; ch&#7889;ng b&#7909;i IP67, cho ph&eacute;p s&#7917; d&#7909;ng ngay c&#7843; trong m&ocirc;i tr&#432;&#7901;ng &#7849;m &#432;&#7899;t, kh&#7855;c nghi&#7879;t.<br>\nTo&agrave;n b&#7897; Thi&#7871;t B&#7883; &#272;o &#272;&#7897; &#272;&#7909;c N&#432;&#7899;c NEON &#273;&#432;&#7907;c t&#7889;i &#432;u h&oacute;a &#273;&#7875; d&#7877; s&#7917; d&#7909;ng, giao di&#7879;n tr&#7921;c quan v&#7899;i m&agrave;n h&igrave;nh LCD &#273;&#7891; h&#7885;a c&oacute; &#273;&egrave;n n&#7873;n, gi&uacute;p hi&#7875;n th&#7883; r&otilde; r&agrave;ng th&ocirc;ng s&#7889; ngay c&#7843; d&#432;&#7899;i &aacute;nh s&aacute;ng m&#7841;nh ho&#7863;c ban &#273;&ecirc;m.<br>\nC&ocirc;ng Ngh&#7879; C&#7843;m Bi&#7871;n Quang H&#7885;c IR Hi&#7879;n &#272;&#7841;i<br>\nC&#7843;m bi&#7871;n &#273;o &#273;&#7897; &#273;&#7909;c &#273;&#432;&#7907;c thi&#7871;t k&#7871; d&#7921;a tr&ecirc;n nguy&ecirc;n l&yacute; Nephelometry s&#7917; d&#7909;ng &aacute;nh s&aacute;ng h&#7891;ng ngo&#7841;i IR 850 nm &ndash; m&#7897;t trong nh&#7919;ng ph&#432;&#417;ng ph&aacute;p &#273;o ch&iacute;nh x&aacute;c v&agrave; ph&#7893; bi&#7871;n nh&#7845;t hi&#7879;n nay. C&#7843;m bi&#7871;n n&agrave;y cho ph&eacute;p hi&#7879;u chu&#7849;n d&#7877; d&agrave;ng b&#7857;ng dung d&#7883;ch chu&#7849;n Formazin, &#273;&#7891;ng th&#7901;i &#273;&#7843;m b&#7843;o &#273;&#7897; ch&iacute;nh x&aacute;c cao v&agrave; &#273;&#7897; l&#7863;p l&#7841;i &#7893;n &#273;&#7883;nh.<br>\nC&#7843;m bi&#7871;n c&ograve;n t&iacute;ch h&#7907;p b&#7897; khu&#7871;ch &#273;&#7841;i t&iacute;n hi&#7879;u v&agrave; x&#7917; l&yacute; k&#7929; thu&#7853;t s&#7889; ngay trong th&acirc;n, gi&uacute;p gi&#7843;m thi&#7875;u nhi&#7877;u v&agrave; cho k&#7871;t qu&#7843; &#273;&aacute;ng tin c&#7853;y ngay c&#7843; khi &#273;o t&#7841;i ch&#7895;.<br>\nKh&#7843; N&#259;ng Ghi D&#7919; Li&#7879;u V&agrave; K&#7871;t N&#7889;i Kh&ocirc;ng D&acirc;y Qua Wifi<br>\nM&#7897;t trong nh&#7919;ng &#273;i&#7875;m n&#7893;i b&#7853;t c&#7911;a M&aacute;y &#272;o &#272;&#7897; &#272;&#7909;c N&#432;&#7899;c NEON l&agrave; kh&#7843; n&#259;ng ghi nh&#7899; t&#7899;i 30.000 &#273;i&#7875;m d&#7919; li&#7879;u v&agrave; cho ph&eacute;p l&#7921;a ch&#7885;n nhi&#7873;u ch&#7871; &#273;&#7897; ghi kh&aacute;c nhau nh&#432; ghi t&#7841;i ch&#7895;, ghi theo kho&#7843;ng th&#7901;i gian (theo ph&uacute;t, gi&#7901;), r&#7845;t thu&#7853;n ti&#7879;n cho c&aacute;c &#7913;ng d&#7909;ng gi&aacute;m s&aacute;t li&ecirc;n t&#7909;c.<br>\nAqualabo Turbidity Meter kh&ocirc;ng c&#7847;n s&#7917; d&#7909;ng c&aacute;p k&#7871;t n&#7889;i ph&#7913;c t&#7841;p, t&iacute;nh n&#259;ng truy&#7873;n d&#7919; li&#7879;u qua WiFi cho ph&eacute;p ng&#432;&#7901;i d&ugrave;ng d&#7877; d&agrave;ng xu&#7845;t d&#7919; li&#7879;u sang m&aacute;y t&iacute;nh ho&#7863;c ph&#7847;n m&#7873;m x&#7917; l&yacute;, r&uacute;t ng&#7855;n th&#7901;i gian v&agrave; &#273;&#417;n gi&#7843;n h&oacute;a qu&aacute; tr&igrave;nh thu th&#7853;p &ndash; ph&acirc;n t&iacute;ch d&#7919; li&#7879;u.<\/p><p>Xem th&ecirc;m: M&aacute;y &#272;o &#272;&#7897; Nh&#7899;t L&#432;u Bi&#7871;n (Rheometer) Lamy Rheology Model RM 200 PLUS<\/p><p>C&#7845;u T&#7841;o Thi&#7871;t B&#7883;<br>\nB&#7897; &#273;i&#7873;u khi&#7875;n ch&iacute;nh (NEON)<\/p><p>K&iacute;ch th&#432;&#7899;c: 146 x 88 x 33 mm<br>\nTr&#7885;ng l&#432;&#7907;ng: 880 g<br>\nCh&#7845;t li&#7879;u: ABS<br>\nNhi&#7879;t &#273;&#7897; v&#7853;n h&agrave;nh: -5&deg;C &#273;&#7871;n 50&deg;C<br>\nNhi&#7879;t &#273;&#7897; l&#432;u tr&#7919;: -10&deg;C &#273;&#7871;n 60&deg;C<br>\nChu&#7849;n ch&#7889;ng n&#432;&#7899;c\/b&#7909;i: IP67<\/p><p>C&#7843;m bi&#7871;n NTU<\/p><p>C&#7843;m bi&#7871;n quang h&#7885;c IR 850 nm<br>\nV&#7853;t li&#7879;u: POM-C<br>\nTr&#7885;ng l&#432;&#7907;ng: 300 g (bao g&#7891;m c&aacute;p 3 m)<br>\nNhi&#7879;t &#273;&#7897; ho&#7841;t &#273;&#7897;ng: 0&deg;C &ndash; 50&deg;C<br>\nNhi&#7879;t &#273;&#7897; l&#432;u tr&#7919;: -10&deg;C &ndash; 60&deg;C<br>\n&Aacute;p su&#7845;t t&#7889;i &#273;a: 5 bar<br>\nChu&#7849;n ch&#7889;ng n&#432;&#7899;c: IP68<br>\nT&ugrave;y ch&#7885;n &#273;&#7897; d&agrave;i c&aacute;p: 3m, 7m ho&#7863;c 15m<br>\nK&#7871;t n&#7889;i: lo&#7841;i PG9<\/p><p>&#7912;ng D&#7909;ng C&#7911;a M&aacute;y &#272;o &#272;&#7897; &#272;&#7909;c NEON<br>\nM&aacute;y &#272;o &#272;&#7897; &#272;&#7909;c Aqualabo NEON &#273;&#432;&#7907;c thi&#7871;t k&#7871; &#273;&#7875; ho&#7841;t &#273;&#7897;ng hi&#7879;u qu&#7843; trong nhi&#7873;u l&#297;nh v&#7921;c kh&aacute;c nhau:<\/p><p>X&#7917; l&yacute; n&#432;&#7899;c th&#7843;i &#273;&ocirc; th&#7883;: &#272;&#432;&#7907;c s&#7917; d&#7909;ng &#273;&#7875; ki&#7875;m so&aacute;t &#273;&#7847;u v&agrave;o v&agrave; &#273;&#7847;u ra c&#7911;a n&#432;&#7899;c th&#7843;i, &#273;&#7843;m b&#7843;o tu&acirc;n th&#7911; c&aacute;c ti&ecirc;u chu&#7849;n x&#7843; th&#7843;i.<br>\nH&#7879; th&#7889;ng v&#7879; sinh c&ocirc;ng c&#7897;ng: Ph&aacute;t hi&#7879;n nhanh c&aacute;c thay &#273;&#7893;i v&#7873; ch&#7845;t l&#432;&#7907;ng n&#432;&#7899;c trong h&#7879; th&#7889;ng tho&aacute;t n&#432;&#7899;c ho&#7863;c b&#7875; l&#7855;ng.<br>\nGi&aacute;m s&aacute;t n&#432;&#7899;c m&#7863;t: M&aacute;y &#272;o &#272;&#7897; &#272;&#7909;c N&#432;&#7899;c Aqualabo NEON ph&ugrave; h&#7907;p v&#7899;i c&aacute;c ch&#432;&#417;ng tr&igrave;nh quan tr&#7855;c m&ocirc;i tr&#432;&#7901;ng &#273;&#7875; theo d&otilde;i ch&#7845;t l&#432;&#7907;ng n&#432;&#7899;c s&ocirc;ng, h&#7891;, ao ho&#7863;c k&ecirc;nh r&#7841;ch.<br>\nX&#7917; l&yacute; n&#432;&#7899;c th&#7843;i c&ocirc;ng nghi&#7879;p: Cung c&#7845;p d&#7919; li&#7879;u ch&iacute;nh x&aacute;c trong c&aacute;c qu&aacute; tr&igrave;nh ki&#7875;m so&aacute;t &ocirc; nhi&#7877;m c&#7911;a doanh nghi&#7879;p s&#7843;n xu&#7845;t, ch&#7871; bi&#7871;n.<\/p><p>Xem th&ecirc;m: M&aacute;y &#272;o &#272;&#7897; B&oacute;ng G&oacute;c 60&deg; (60&deg; Microporous Precision Gloss Meter) 3NH Model NHG60<\/p><p>&#431;u &#272;i&#7875;m V&#432;&#7907;t Tr&#7897;i C&#7911;a Aqualabo NEON<\/p><p>Ti&#7871;t ki&#7879;m th&#7901;i gian: thao t&aacute;c nhanh, kh&ocirc;ng c&#7847;n chu&#7849;n b&#7883; ph&#7913;c t&#7841;p.<br>\nD&#7877; d&agrave;ng di chuy&#7875;n: l&yacute; t&#432;&#7903;ng cho c&aacute;c k&#7929; thu&#7853;t vi&ecirc;n m&ocirc;i tr&#432;&#7901;ng, nh&agrave; m&aacute;y, vi&#7879;n nghi&ecirc;n c&#7913;u.<br>\n&#272;&#7897; ch&iacute;nh x&aacute;c cao: &#273;o &#273;&#7841;c chu&#7849;n x&aacute;c nh&#7901; c&ocirc;ng ngh&#7879; c&#7843;m bi&#7871;n quang k&#7929; thu&#7853;t s&#7889;.<br>\nChi ph&iacute; v&#7853;n h&agrave;nh th&#7845;p: kh&ocirc;ng y&ecirc;u c&#7847;u h&oacute;a ch&#7845;t ti&ecirc;u hao, b&#7843;o tr&igrave; &iacute;t.<br>\nTh&acirc;n thi&#7879;n ng&#432;&#7901;i d&ugrave;ng: giao di&#7879;n d&#7877; hi&#7875;u, menu r&otilde; r&agrave;ng, ph&ugrave; h&#7907;p c&#7843; v&#7899;i ng&#432;&#7901;i ch&#432;a c&oacute; kinh nghi&#7879;m.<br>\nPh&ugrave; h&#7907;p nhi&#7873;u l&#297;nh v&#7921;c: t&#7915; gi&aacute;m s&aacute;t m&ocirc;i tr&#432;&#7901;ng t&#7921; nhi&ecirc;n &#273;&#7871;n h&#7879; th&#7889;ng x&#7917; l&yacute; n&#432;&#7899;c c&ocirc;ng nghi&#7879;p ph&#7913;c t&#7841;p.<\/p><p>Nh&#7919;ng L&yacute; Do N&ecirc;n Mua M&aacute;y &#272;o &#272;&#7897; &#272;&#7909;c C&#7847;m Tay T&#7841;i V&#7841;n N&#259;ng<\/p><p>C&ocirc;ng ty Thi&#7871;t B&#7883; C&ocirc;ng Ngh&#7879; V&#7841;n N&#259;ng l&agrave; &#273;&#7889;i t&aacute;c ch&iacute;nh th&#7913;c ph&acirc;n ph&#7889;i M&aacute;y &#272;o &#272;&#7897; &#272;&#7909;c h&agrave;ng &#273;&#7847;u t&#7841;i Vi&#7879;t Nam, cam k&#7871;t cung c&#7845;p s&#7843;n ph&#7849;m ch&iacute;nh h&atilde;ng v&#7899;i gi&aacute; c&#7843; c&#7841;nh tranh nh&#7845;t th&#7883; tr&#432;&#7901;ng. V&#7899;i uy t&iacute;n tr&ecirc;n th&#7883; tr&#432;&#7901;ng v&agrave; ch&#7871; &#273;&#7897; h&#7851;u m&atilde;i t&#7889;t, Thi&#7871;t B&#7883; C&ocirc;ng Ngh&#7879; V&#7841;n N&#259;ng &#273;&atilde; nh&#7853;n &#273;&#432;&#7907;c s&#7921; tin t&#432;&#7903;ng t&#7915; kh&aacute;ch h&agrave;ng nh&#7901; v&agrave;o ch&#7845;t l&#432;&#7907;ng h&agrave;ng &#273;&#7847;u c&#7911;a c&aacute;c d&ograve;ng s&#7843;n ph&#7849;m.<br>\nS&#7843;n ph&#7849;m c&#7911;a ch&uacute;ng t&ocirc;i &#273;&#432;&#7907;c ki&#7875;m &#273;&#7883;nh ch&#7845;t l&#432;&#7907;ng, nh&#7853;p kh&#7849;u tr&#7921;c ti&#7871;p t&#7915; nh&agrave; m&aacute;y b&ecirc;n Ch&acirc;u &Acirc;u, M&#7929;, &Uacute;c, Nh&#7853;t B&#7843;n,&hellip; v&agrave; &#273;&aacute;p &#7913;ng nhu c&#7847;u &#273;a d&#7841;ng c&#7911;a th&#7883; tr&#432;&#7901;ng nh&#432;: M&aacute;y &#272;o &#272;&#7897; C&#7913;ng, M&aacute;y SPECTROMAXx, M&aacute;y Ki&#7875;m Tra &#272;&#432;&#7901;ng Gh&eacute;p M&iacute; Lon,&hellip; Ch&uacute;ng t&ocirc;i cam k&#7871;t cung c&#7845;p s&#7843;n ph&#7849;m n&agrave;y tr&ecirc;n to&agrave;n qu&#7889;c v&#7899;i gi&aacute; c&#7843; c&#7841;nh tranh nh&#7845;t.<br>\nCh&uacute;ng t&ocirc;i c&oacute; &#273;&#7897;i ng&#361; chuy&ecirc;n vi&ecirc;n t&#432; v&#7845;n chuy&ecirc;n s&acirc;u s&#7869; h&#7895; tr&#7907; kh&aacute;ch h&agrave;ng v&#7873; chi ti&#7871;t s&#7843;n ph&#7849;m, h&#432;&#7899;ng d&#7851;n s&#7917; d&#7909;ng hay nh&#7919;ng th&#7913; li&ecirc;n quan &#273;&#7871;n v&#7845;n &#273;&#7873; m&agrave; doanh nghi&#7879;p b&#7841;n &#273;ang g&#7863;p ph&#7843;i. Ch&uacute;ng t&ocirc;i s&#7869; cung c&#7845;p nh&#7919;ng gi&#7843;i ph&aacute;p t&#7889;i &#432;u nh&#7845;t!<br>\nNgo&agrave;i ra Thi&#7871;t B&#7883; C&ocirc;ng Ngh&#7879; V&#7841;n N&#259;ng Ch&uacute;ng T&ocirc;i lu&ocirc;n h&#432;&#7899;ng &#273;&#7871;n tr&#7843;i nghi&#7879;m kh&aacute;ch h&agrave;ng, v&igrave; v&#7853;y ch&uacute;ng t&ocirc;i c&oacute; nh&#7919;ng ch&iacute;nh s&aacute;ch b&#7843;o h&agrave;nh, b&#7843;o tr&igrave; &ndash; b&#7843;o d&#432;&#7905;ng, hi&#7879;u chu&#7849;n v&#7899;i t&#7845;t c&#7843; c&aacute;c thi&#7871;t b&#7883;, m&aacute;y m&oacute;c m&agrave; ch&uacute;ng t&ocirc;i cung c&#7845;p. &#272;&#7843;m b&#7843;o mang &#273;&#7871;n cho Kh&aacute;ch h&agrave;ng s&#7921; y&ecirc;n t&acirc;m tuy&#7879;t &#273;&#7889;i v&#7873; d&#7883;ch v&#7909; khi mua h&agrave;ng.<\/p><p>Xem th&ecirc;m: M&aacute;y &#272;o T&#7927; Tr&#7885;ng C&#7847;m Tay (Handheld Density Meter) Anton Paar DMA 35 Basic<\/p><p>T&#7893;ng K&#7871;t<br>\nThi&#7871;t B&#7883; &#272;o &#272;&#7897; &#272;&#7909;c Aqualabo NEON s&#7903; h&#7919;u h&agrave;ng lo&#7841;t &#432;u &#273;i&#7875;m nh&#432; thi&#7871;t k&#7871; nh&#7887; g&#7885;n, c&#7843;m bi&#7871;n k&#7929; thu&#7853;t s&#7889; th&ocirc;ng minh, kh&#7843; n&#259;ng ghi d&#7919; li&#7879;u kh&#7893;ng l&#7891; v&agrave; truy&#7873;n d&#7919; li&#7879;u kh&ocirc;ng d&acirc;y qua WiFi, Turbidity Meter NEON th&#7921;c s&#7921; l&agrave; c&ocirc;ng c&#7909; kh&ocirc;ng th&#7875; thi&#7871;u trong c&ocirc;ng t&aacute;c gi&aacute;m s&aacute;t v&agrave; ki&#7875;m tra ch&#7845;t l&#432;&#7907;ng n&#432;&#7899;c t&#7841;i hi&#7879;n tr&#432;&#7901;ng. H&atilde;y li&ecirc;n h&#7879; v&#7899;i V&#7841;n N&#259;ng ngay &#273;&#7875; &#273;&#432;&#7907;c t&#432; v&#7845;n chuy&ecirc;n s&acirc;u v&agrave; nh&#7853;n nh&#7919;ng &#432;u &#273;&atilde;i h&#7845;p d&#7851;n nh&#7845;t th&ocirc;ng qua hotline0903 991 335 !<\/p><div style=\"background-color: #f8fafc; border: 1px solid #e2e8f0; border-radius: 8px; padding: 25px; max-width: 800px; margin: 30px auto; color: #334155; line-height: 1.8; font-size: 17px; box-shadow: 0 4px 6px -1px rgba(0,0,0,0.05); text-align: left; clear: both;\">\nC&ocirc;ng ty TNHH Th&#432;&#417;ng M&#7841;i D&#7883;ch V&#7909; Thi&#7871;t B&#7883; C&ocirc;ng Ngh&#7879; V&#7841;n N&#259;ng\n<p style=\"margin: 0 0 10px 0;\">&#128205; <strong style=\"color: #1e293b;\">&#272;&#7883;a ch&#7881;:<\/strong> <a style=\"color: #059669; text-decoration: none; font-weight: bold;\" href=\"https:\/\/www.google.com\/maps\/search\/C%C3%B4ng+ty+TNHH+Th%C6%B0%C6%A1ng+M%E1%BA%A1i+D%E1%BB%8Bch+V%E1%BB%A5+Thi%E1%BA%BFt+B%E1%BB%8B+C%C3%B4ng+Ngh%E1%BB%87+V%E1%BA%A1n+N%C4%83ng+818+Tr%C6%B0%E1%BB%9Dng+Chinh\" target=\"_blank\" rel=\"noopener\">818 Tr&#432;&#7901;ng Chinh, Ph&#432;&#7901;ng T&acirc;n S&#417;n, Th&agrave;nh ph&#7889; H&#7891; Ch&iacute; Minh, Vi&#7879;t Nam<\/a><\/p>\n<p style=\"margin: 0 0 10px 0;\">&#128222; <strong style=\"color: #1e293b;\">S&#272;T &ndash; Zalo:<\/strong> <a style=\"color: #059669; text-decoration: none; font-weight: bold;\" href=\"https:\/\/zalo.me\/0903991335\" target=\"_blank\" rel=\"noopener\">0903 991 335<\/a> <span style=\"color: #64748b; font-style: italic;\">(Ms. H&#7841;nh &ndash; Gi&aacute;m &#272;&#7889;c Kinh Doanh)<\/span><\/p>\n<p style=\"margin: 0;\">&#9993;&#65039; <strong style=\"color: #1e293b;\">Email:<\/strong> <a style=\"color: #059669; text-decoration: none; font-weight: bold;\" href=\"mailto:hienhanh@vannangvn.com\">hienhanh@vannangvn.com<\/a><\/p>\n<\/div><\/h1>","protected":false},"excerpt":{"rendered":"<p><strong>Th&#432;&#417;ng hi&#7879;u:<\/strong> Aqualabo<br>\n<strong>Model:<\/strong> NEON<p>Product <strong>M&Aacute;Y &#272;O &#272;&#7896; &#272;&#7908;C C&#7846;M TAY (NEON PORTABLE TURBIDITY METER)&nbsp;AQUALABO MODEL NEON<\/strong> ch&iacute;nh h&atilde;ng. Aqualabo (Ph&aacute;p)<br>\nM&aacute;y &#272;o &#272;&#7897; &#272;&#7909;c C&#7847;m Tay NEON &#273;o &#273;&#7897; &#273;&#7909;c c&#7911;a n&#432;&#7899;c ch&iacute;nh x&aacute;c trong nhi&#7873;u &#7913;ng d&#7909;ng kh&aacute;c nhau. &#272;&acirc;y l&agrave; m&#7897;t thi&#7871;t b&#7883; hi&#7879;n &#273;&#7841;i, tr&#7921;c quan v&agrave; di &#273;&#7897;ng, c&oacute; th&#7875; ghi l&#7841;i t&#7899;i 30.000 &#273;i&#7875;m d&#7919; li&#7879;u v&agrave; t&#7843;i xu&#7889;ng qua WiFi.<\/p><\/p>","protected":false},"featured_media":0,"comment_status":"open","ping_status":"closed","template":"","meta":[],"product_brand":[],"product_cat":[18],"product_tag":[109,116,181,424,584,586,857,1006,1797,1798,1799],"class_list":{"0":"post-6735","1":"product","2":"type-product","3":"status-publish","5":"product_cat-chua-phan-loai","6":"product_tag-may","7":"product_tag-model","8":"product_tag-do","9":"product_tag-cam","10":"product_tag-duc","11":"product_tag-turbidity","12":"product_tag-tay","13":"product_tag-portable","14":"product_tag-neon","15":"product_tag-meter-aqualabo","16":"product_tag-neon-2","18":"first","19":"instock","20":"shipping-taxable","21":"product-type-simple"},"yoast_head":"<!-- This site is optimized with the Yoast SEO Premium plugin v24.8 (Yoast SEO v24.8) - https:\/\/yoast.com\/wordpress\/plugins\/seo\/ -->\n<title>M\u00c1Y \u0110O \u0110\u1ed8 \u0110\u1ee4C C\u1ea6M TAY (NEON PORTABL... ch\u00ednh h\u00e3ng | V\u1ea1n N\u0103ng<\/title>\n<meta name=\"description\" content=\"Mua ngay M\u00c1Y \u0110O \u0110\u1ed8 \u0110\u1ee4C C\u1ea6M TAY (NEON PORTABLE TURBIDITY METER)\u00a0AQUALABO MODEL NEON ch\u00ednh h\u00e3ng. M\u00e1y \u0110o \u0110\u1ed9 \u0110\u1ee5c C\u1ea7m Tay NEON \u0111o \u0111\u1ed9 \u0111\u1ee5... Gi\u00e1 t\u1ed1t!\" \/>\n<meta name=\"robots\" content=\"noindex, follow, max-snippet:-1, max-image-preview:large, max-video-preview:-1\" \/>\n<meta property=\"og:locale\" content=\"en_US\" \/>\n<meta property=\"og:type\" content=\"article\" \/>\n<meta property=\"og:title\" content=\"M\u00c1Y \u0110O \u0110\u1ed8 \u0110\u1ee4C C\u1ea6M TAY (NEON PORTABLE TURBIDITY METER)\u00a0AQUALABO MODEL NEON\" \/>\n<meta property=\"og:description\" content=\"Mua ngay M\u00c1Y \u0110O \u0110\u1ed8 \u0110\u1ee4C C\u1ea6M TAY (NEON PORTABLE TURBIDITY METER)\u00a0AQUALABO MODEL NEON ch\u00ednh h\u00e3ng. M\u00e1y \u0110o \u0110\u1ed9 \u0110\u1ee5c C\u1ea7m Tay NEON \u0111o \u0111\u1ed9 \u0111\u1ee5... Gi\u00e1 t\u1ed1t!\" \/>\n<meta property=\"og:url\" content=\"https:\/\/vannangvn.123websitedev.com\/en\/product\/may-do-do-duc-cam-tay-neon-portable-turbidity-meter-aqualabo-model-neon\/\" \/>\n<meta property=\"og:site_name\" content=\"Vannang.vn\" \/>\n<meta property=\"article:modified_time\" content=\"2026-03-30T11:27:09+00:00\" \/>\n<meta name=\"twitter:card\" content=\"summary_large_image\" \/>\n<meta name=\"twitter:label1\" content=\"Est. reading time\" \/>\n\t<meta name=\"twitter:data1\" content=\"10 minutes\" \/>\n<script type=\"application\/ld+json\" class=\"yoast-schema-graph\">{\"@context\":\"https:\/\/schema.org\",\"@graph\":[{\"@type\":\"WebPage\",\"@id\":\"https:\/\/vannangvn.123websitedev.com\/san-pham\/may-do-do-duc-cam-tay-neon-portable-turbidity-meter-aqualabo-model-neon\/\",\"url\":\"https:\/\/vannangvn.123websitedev.com\/san-pham\/may-do-do-duc-cam-tay-neon-portable-turbidity-meter-aqualabo-model-neon\/\",\"name\":\"M\u00c1Y \u0110O \u0110\u1ed8 \u0110\u1ee4C C\u1ea6M TAY (NEON PORTABL... ch\u00ednh h\u00e3ng | V\u1ea1n N\u0103ng\",\"isPartOf\":{\"@id\":\"https:\/\/vannangvn.123websitedev.com\/#website\"},\"datePublished\":\"2026-03-20T10:35:38+00:00\",\"dateModified\":\"2026-03-30T11:27:09+00:00\",\"description\":\"Mua ngay M\u00c1Y \u0110O \u0110\u1ed8 \u0110\u1ee4C C\u1ea6M TAY (NEON PORTABLE TURBIDITY METER)\u00a0AQUALABO MODEL NEON ch\u00ednh h\u00e3ng. M\u00e1y \u0110o \u0110\u1ed9 \u0110\u1ee5c C\u1ea7m Tay NEON \u0111o \u0111\u1ed9 \u0111\u1ee5... Gi\u00e1 t\u1ed1t!\",\"breadcrumb\":{\"@id\":\"https:\/\/vannangvn.123websitedev.com\/san-pham\/may-do-do-duc-cam-tay-neon-portable-turbidity-meter-aqualabo-model-neon\/#breadcrumb\"},\"inLanguage\":\"en-US\",\"potentialAction\":[{\"@type\":\"ReadAction\",\"target\":[\"https:\/\/vannangvn.123websitedev.com\/san-pham\/may-do-do-duc-cam-tay-neon-portable-turbidity-meter-aqualabo-model-neon\/\"]}]},{\"@type\":\"BreadcrumbList\",\"@id\":\"https:\/\/vannangvn.123websitedev.com\/san-pham\/may-do-do-duc-cam-tay-neon-portable-turbidity-meter-aqualabo-model-neon\/#breadcrumb\",\"itemListElement\":[{\"@type\":\"ListItem\",\"position\":1,\"name\":\"Trang ch\u1ee7\",\"item\":\"https:\/\/vannangvn.123websitedev.com\/\"},{\"@type\":\"ListItem\",\"position\":2,\"name\":\"S\u1ea3n ph\u1ea9m\",\"item\":\"https:\/\/vannangvn.123websitedev.com\/cua-hang\/\"},{\"@type\":\"ListItem\",\"position\":3,\"name\":\"M\u00c1Y \u0110O \u0110\u1ed8 \u0110\u1ee4C C\u1ea6M TAY (NEON PORTABLE TURBIDITY METER)\u00a0AQUALABO MODEL NEON\"}]},{\"@type\":\"WebSite\",\"@id\":\"https:\/\/vannangvn.123websitedev.com\/#website\",\"url\":\"https:\/\/vannangvn.123websitedev.com\/\",\"name\":\"Vannang.vn\",\"description\":\"\",\"publisher\":{\"@id\":\"https:\/\/vannangvn.123websitedev.com\/#organization\"},\"potentialAction\":[{\"@type\":\"SearchAction\",\"target\":{\"@type\":\"EntryPoint\",\"urlTemplate\":\"https:\/\/vannangvn.123websitedev.com\/?s={search_term_string}\"},\"query-input\":{\"@type\":\"PropertyValueSpecification\",\"valueRequired\":true,\"valueName\":\"search_term_string\"}}],\"inLanguage\":\"en-US\"},{\"@type\":\"Organization\",\"@id\":\"https:\/\/vannangvn.123websitedev.com\/#organization\",\"name\":\"Vannang.vn\",\"url\":\"https:\/\/vannangvn.123websitedev.com\/\",\"logo\":{\"@type\":\"ImageObject\",\"inLanguage\":\"en-US\",\"@id\":\"https:\/\/vannangvn.123websitedev.com\/#\/schema\/logo\/image\/\",\"url\":\"https:\/\/vannangvn.123websitedev.com\/wp-content\/uploads\/2026\/02\/logo-van-nang-02.png\",\"contentUrl\":\"https:\/\/vannangvn.123websitedev.com\/wp-content\/uploads\/2026\/02\/logo-van-nang-02.png\",\"width\":448,\"height\":111,\"caption\":\"Vannang.vn\"},\"image\":{\"@id\":\"https:\/\/vannangvn.123websitedev.com\/#\/schema\/logo\/image\/\"}}]}<\/script>\n<!-- \/ Yoast SEO Premium plugin. -->","yoast_head_json":{"title":"M\u00c1Y \u0110O \u0110\u1ed8 \u0110\u1ee4C C\u1ea6M TAY (NEON PORTABL... ch\u00ednh h\u00e3ng | V\u1ea1n N\u0103ng","description":"Mua ngay M\u00c1Y \u0110O \u0110\u1ed8 \u0110\u1ee4C C\u1ea6M TAY (NEON PORTABLE TURBIDITY METER)\u00a0AQUALABO MODEL NEON ch\u00ednh h\u00e3ng. M\u00e1y \u0110o \u0110\u1ed9 \u0110\u1ee5c C\u1ea7m Tay NEON \u0111o \u0111\u1ed9 \u0111\u1ee5... Gi\u00e1 t\u1ed1t!","robots":{"index":"noindex","follow":"follow","max-snippet":"max-snippet:-1","max-image-preview":"max-image-preview:large","max-video-preview":"max-video-preview:-1"},"og_locale":"en_US","og_type":"article","og_title":"M\u00c1Y \u0110O \u0110\u1ed8 \u0110\u1ee4C C\u1ea6M TAY (NEON PORTABLE TURBIDITY METER)\u00a0AQUALABO MODEL NEON","og_description":"Mua ngay M\u00c1Y \u0110O \u0110\u1ed8 \u0110\u1ee4C C\u1ea6M TAY (NEON PORTABLE TURBIDITY METER)\u00a0AQUALABO MODEL NEON ch\u00ednh h\u00e3ng. M\u00e1y \u0110o \u0110\u1ed9 \u0110\u1ee5c C\u1ea7m Tay NEON \u0111o \u0111\u1ed9 \u0111\u1ee5... Gi\u00e1 t\u1ed1t!","og_url":"https:\/\/vannangvn.123websitedev.com\/en\/product\/may-do-do-duc-cam-tay-neon-portable-turbidity-meter-aqualabo-model-neon\/","og_site_name":"Vannang.vn","article_modified_time":"2026-03-30T11:27:09+00:00","twitter_card":"summary_large_image","twitter_misc":{"Est. reading time":"10 minutes"},"schema":{"@context":"https:\/\/schema.org","@graph":[{"@type":"WebPage","@id":"https:\/\/vannangvn.123websitedev.com\/san-pham\/may-do-do-duc-cam-tay-neon-portable-turbidity-meter-aqualabo-model-neon\/","url":"https:\/\/vannangvn.123websitedev.com\/san-pham\/may-do-do-duc-cam-tay-neon-portable-turbidity-meter-aqualabo-model-neon\/","name":"M\u00c1Y \u0110O \u0110\u1ed8 \u0110\u1ee4C C\u1ea6M TAY (NEON PORTABL... ch\u00ednh h\u00e3ng | V\u1ea1n N\u0103ng","isPartOf":{"@id":"https:\/\/vannangvn.123websitedev.com\/#website"},"datePublished":"2026-03-20T10:35:38+00:00","dateModified":"2026-03-30T11:27:09+00:00","description":"Mua ngay M\u00c1Y \u0110O \u0110\u1ed8 \u0110\u1ee4C C\u1ea6M TAY (NEON PORTABLE TURBIDITY METER)\u00a0AQUALABO MODEL NEON ch\u00ednh h\u00e3ng. M\u00e1y \u0110o \u0110\u1ed9 \u0110\u1ee5c C\u1ea7m Tay NEON \u0111o \u0111\u1ed9 \u0111\u1ee5... Gi\u00e1 t\u1ed1t!","breadcrumb":{"@id":"https:\/\/vannangvn.123websitedev.com\/san-pham\/may-do-do-duc-cam-tay-neon-portable-turbidity-meter-aqualabo-model-neon\/#breadcrumb"},"inLanguage":"en-US","potentialAction":[{"@type":"ReadAction","target":["https:\/\/vannangvn.123websitedev.com\/san-pham\/may-do-do-duc-cam-tay-neon-portable-turbidity-meter-aqualabo-model-neon\/"]}]},{"@type":"BreadcrumbList","@id":"https:\/\/vannangvn.123websitedev.com\/san-pham\/may-do-do-duc-cam-tay-neon-portable-turbidity-meter-aqualabo-model-neon\/#breadcrumb","itemListElement":[{"@type":"ListItem","position":1,"name":"Trang ch\u1ee7","item":"https:\/\/vannangvn.123websitedev.com\/"},{"@type":"ListItem","position":2,"name":"S\u1ea3n ph\u1ea9m","item":"https:\/\/vannangvn.123websitedev.com\/cua-hang\/"},{"@type":"ListItem","position":3,"name":"M\u00c1Y \u0110O \u0110\u1ed8 \u0110\u1ee4C C\u1ea6M TAY (NEON PORTABLE TURBIDITY METER)\u00a0AQUALABO MODEL NEON"}]},{"@type":"WebSite","@id":"https:\/\/vannangvn.123websitedev.com\/#website","url":"https:\/\/vannangvn.123websitedev.com\/","name":"Vannang.vn","description":"","publisher":{"@id":"https:\/\/vannangvn.123websitedev.com\/#organization"},"potentialAction":[{"@type":"SearchAction","target":{"@type":"EntryPoint","urlTemplate":"https:\/\/vannangvn.123websitedev.com\/?s={search_term_string}"},"query-input":{"@type":"PropertyValueSpecification","valueRequired":true,"valueName":"search_term_string"}}],"inLanguage":"en-US"},{"@type":"Organization","@id":"https:\/\/vannangvn.123websitedev.com\/#organization","name":"Vannang.vn","url":"https:\/\/vannangvn.123websitedev.com\/","logo":{"@type":"ImageObject","inLanguage":"en-US","@id":"https:\/\/vannangvn.123websitedev.com\/#\/schema\/logo\/image\/","url":"https:\/\/vannangvn.123websitedev.com\/wp-content\/uploads\/2026\/02\/logo-van-nang-02.png","contentUrl":"https:\/\/vannangvn.123websitedev.com\/wp-content\/uploads\/2026\/02\/logo-van-nang-02.png","width":448,"height":111,"caption":"Vannang.vn"},"image":{"@id":"https:\/\/vannangvn.123websitedev.com\/#\/schema\/logo\/image\/"}}]}},"_links":{"self":[{"href":"https:\/\/vannangvn.123websitedev.com\/en\/wp-json\/wp\/v2\/product\/6735","targetHints":{"allow":["GET"]}}],"collection":[{"href":"https:\/\/vannangvn.123websitedev.com\/en\/wp-json\/wp\/v2\/product"}],"about":[{"href":"https:\/\/vannangvn.123websitedev.com\/en\/wp-json\/wp\/v2\/types\/product"}],"replies":[{"embeddable":true,"href":"https:\/\/vannangvn.123websitedev.com\/en\/wp-json\/wp\/v2\/comments?post=6735"}],"wp:attachment":[{"href":"https:\/\/vannangvn.123websitedev.com\/en\/wp-json\/wp\/v2\/media?parent=6735"}],"wp:term":[{"taxonomy":"product_brand","embeddable":true,"href":"https:\/\/vannangvn.123websitedev.com\/en\/wp-json\/wp\/v2\/product_brand?post=6735"},{"taxonomy":"product_cat","embeddable":true,"href":"https:\/\/vannangvn.123websitedev.com\/en\/wp-json\/wp\/v2\/product_cat?post=6735"},{"taxonomy":"product_tag","embeddable":true,"href":"https:\/\/vannangvn.123websitedev.com\/en\/wp-json\/wp\/v2\/product_tag?post=6735"}],"curies":[{"name":"wp","href":"https:\/\/api.w.org\/{rel}","templated":true}]}}