{"id":6736,"date":"2026-03-20T17:35:39","date_gmt":"2026-03-20T10:35:39","guid":{"rendered":"https:\/\/vannangvn.123websitedev.com\/san-pham\/may-do-do-duc-cam-tay-theo-tieu-chuan-epa-hanna-instruments-model-hi98703-02\/"},"modified":"2026-03-30T18:27:12","modified_gmt":"2026-03-30T11:27:12","slug":"may-do-do-duc-cam-tay-theo-tieu-chuan-epa-hanna-instruments-model-hi98703-02","status":"publish","type":"product","link":"https:\/\/vannangvn.123websitedev.com\/en\/product\/may-do-do-duc-cam-tay-theo-tieu-chuan-epa-hanna-instruments-model-hi98703-02\/","title":{"rendered":"M\u00c1Y \u0110O \u0110\u1ed8 \u0110\u1ee4C C\u1ea6M TAY THEO TI\u00caU CHU\u1ea8N EPA HANNA INSTRUMENTS MODEL HI98703-02"},"content":{"rendered":"<h1 style=\"color: red; font-weight: bold; font-size: 24px;\">T&#7893;ng quan s&#7843;n ph&#7849;m M&Aacute;Y &#272;O &#272;&#7896; &#272;&#7908;C C&#7846;M TAY THEO TI&Ecirc;U CHU&#7848;N EPA HANNA INSTRUMENTS MODEL HI98703-02<p>M&aacute;y &#272;o &#272;&#7897; &#272;&#7909;c C&#7847;m Tay Theo Ti&ecirc;u Chu&#7849;n EPA (Turbidity Portable Meter) Hanna Instruments Model HI98703-02<br>\nM&aacute;y &#272;o &#272;&#7897; &#272;&#7909;c Theo Ti&ecirc;u Chu&#7849;n EPA HI98703-02 l&agrave; thi&#7871;t b&#7883; c&#7847;m tay cao c&#7845;p &#273;&#432;&#7907;c s&#7843;n xu&#7845;t b&#7903;i Hanna Instruments, &#273;&aacute;p &#7913;ng ti&ecirc;u chu&#7849;n EPA trong &#273;o l&#432;&#7901;ng ch&#7845;t l&#432;&#7907;ng n&#432;&#7899;c. V&#7899;i &#273;&#7897; ch&iacute;nh x&aacute;c cao, d&#7843;i &#273;o r&#7897;ng t&#7915; 0.00 &#273;&#7871;n 1000 NTU, c&ugrave;ng nhi&#7873;u t&iacute;nh n&#259;ng &#432;u vi&#7879;t nh&#432; ghi d&#7919; li&#7879;u t&#7921; &#273;&#7897;ng, hi&#7879;u chu&#7849;n t&#7921; &#273;&#7897;ng, k&#7871;t n&#7889;i USB v&agrave; RS232. H&atilde;y c&ugrave;ng V&#7841;n N&#259;ng t&igrave;m hi&#7875;u chi ti&#7871;t h&#417;n v&#7873; s&#7843;n ph&#7849;m th&ocirc;ng qua b&agrave;i vi&#7871;t d&#432;&#7899;i &#273;&acirc;y nh&eacute;!<\/p><p>Xem th&ecirc;m: M&aacute;y &#272;o N&#7891;ng &#272;&#7897; C&#7891;n K&#7929; Thu&#7853;t S&#7889; (Digital Alcohol Meter) Anton Paar Alcolyzer M Beer<\/p><p>T&#7847;m Quan Tr&#7885;ng C&#7911;a Vi&#7879;c &#272;o &#272;&#7897; &#272;&#7909;c Trong N&#432;&#7899;c<br>\n&#272;&#7897; &#273;&#7909;c l&agrave; m&#7897;t trong nh&#7919;ng th&ocirc;ng s&#7889; quan tr&#7885;ng nh&#7845;t khi &#273;&aacute;nh gi&aacute; ch&#7845;t l&#432;&#7907;ng n&#432;&#7899;c. N&oacute; gi&uacute;p x&aacute;c &#273;&#7883;nh m&#7913;c &#273;&#7897; &ocirc; nhi&#7877;m v&agrave; s&#7921; hi&#7879;n di&#7879;n c&#7911;a vi sinh v&#7853;t, b&#7909;i b&#7849;n, t&#7841;p ch&#7845;t trong n&#432;&#7899;c u&#7889;ng, n&#432;&#7899;c th&#7843;i, n&#432;&#7899;c t&#7921; nhi&ecirc;n&hellip;<br>\nTheo ti&ecirc;u chu&#7849;n EPA Method 180.1, c&aacute;c m&aacute;y &#273;o &#273;&#7897; &#273;&#7909;c d&ugrave;ng &#273;&#7875; ki&#7875;m tra n&#432;&#7899;c u&#7889;ng ph&#7843;i &#273;&aacute;p &#7913;ng c&aacute;c y&ecirc;u c&#7847;u sau:<\/p><p>Thang &#273;o: 0 &ndash; 40 NTU<br>\nNgu&#7891;n s&aacute;ng: &#272;&egrave;n tungsten 2200 &ndash; 3000&deg;K<br>\nKho&#7843;ng c&aacute;ch truy&#7873;n s&aacute;ng t&#7889;i &#273;a: 10 cm<br>\n&#272;&#7897; nh&#7841;y: Ph&aacute;t hi&#7879;n s&#7921; kh&aacute;c bi&#7879;t 0.02 NTU<\/p><p>M&aacute;y &#272;o &#272;&#7897; &#272;&#7909;c HANNA HI98703-02 &#273;&#432;&#7907;c thi&#7871;t k&#7871; &#273;&#7875; &#273;&aacute;p &#7913;ng ho&agrave;n to&agrave;n c&aacute;c y&ecirc;u c&#7847;u tr&ecirc;n, gi&uacute;p &#273;&#7843;m b&#7843;o ch&#7845;t l&#432;&#7907;ng n&#432;&#7899;c u&#7889;ng theo ti&ecirc;u chu&#7849;n qu&#7889;c t&#7871;.<\/p><p>N&eacute;t &#272;&#7863;c Tr&#432;ng C&#7911;a M&aacute;y HI98703-02<br>\nNhi&#7873;u ch&#7871; &#273;&#7897; &#273;o ti&#7879;n d&#7909;ng<br>\nM&aacute;y &#272;o &#272;&#7897; &#272;&#7909;c HI98703-02 cung c&#7845;p ba ch&#7871; &#273;&#7897; &#273;o linh ho&#7841;t ph&ugrave; h&#7907;p v&#7899;i nhi&#7873;u nhu c&#7847;u:<\/p><p>&#272;o b&igrave;nh th&#432;&#7901;ng: &#272;&#7885;c k&#7871;t qu&#7843; ngay l&#7853;p t&#7913;c sau khi l&#7845;y m&#7851;u.<br>\n&#272;o li&ecirc;n t&#7909;c: Theo d&otilde;i bi&#7871;n &#273;&#7897;ng &#273;&#7897; &#273;&#7909;c theo th&#7901;i gian.<br>\n&#272;o trung b&igrave;nh: L&#7845;y gi&aacute; tr&#7883; trung b&igrave;nh t&#7915; nhi&#7873;u ph&eacute;p &#273;o li&ecirc;n ti&#7871;p, gi&uacute;p t&#259;ng &#273;&#7897; ch&iacute;nh x&aacute;c.<\/p><p>Cuvet quang h&#7885;c 25mm<br>\nHanna Instruments HI98703-02 s&#7917; d&#7909;ng cuvet th&#7911;y tinh 25mm ch&#7845;t l&#432;&#7907;ng cao, &#273;&#7843;m b&#7843;o &#273;&#7897; l&#7863;p l&#7841;i c&#7911;a ph&eacute;p &#273;o v&agrave; gi&#7843;m thi&#7875;u sai s&#7889;.<\/p><p>&#272;&#7841;t ti&ecirc;u chu&#7849;n EPA<br>\nThi&#7871;t B&#7883; &#272;o &#272;&#7897; &#272;&#7909;c HI98703-02 tu&acirc;n th&#7911; nghi&ecirc;m ng&#7863;t ti&ecirc;u chu&#7849;n EPA, &#273;&#7843;m b&#7843;o k&#7871;t qu&#7843; &#273;o &#273;&#7897; &#273;&#7909;c ch&iacute;nh x&aacute;c, &#273;&aacute;ng tin c&#7853;y cho c&aacute;c &#7913;ng d&#7909;ng gi&aacute;m s&aacute;t ch&#7845;t l&#432;&#7907;ng n&#432;&#7899;c. Khi ho&#7841;t &#273;&#7897;ng &#7903; ch&#7871; &#273;&#7897; EPA, m&aacute;y s&#7869; t&#7921; &#273;&#7897;ng l&agrave;m tr&ograve;n k&#7871;t qu&#7843; &#273;o theo quy &#273;&#7883;nh b&aacute;o c&aacute;o.<br>\nC&ocirc;ng ngh&#7879; chu&#7849;n &#273;&#7897; &#273;&#7909;c AMCO AEPA-1<br>\nM&aacute;y s&#7917; d&#7909;ng dung d&#7883;ch chu&#7849;n AMCO AEPA-1, &#273;&#7841;t ch&#7913;ng nh&#7853;n USEPA v&#7873; &#273;&#7897; ch&iacute;nh x&aacute;c v&agrave; &#273;&#7897; &#7893;n &#273;&#7883;nh. &#272;&#432;&#7907;c l&agrave;m t&#7915; polymer styrene divinylbenzene, dung d&#7883;ch n&agrave;y c&oacute; k&iacute;ch th&#432;&#7899;c h&#7841;t &#273;&#7891;ng &#273;&#7873;u, kh&ocirc;ng &#273;&#7897;c h&#7841;i v&agrave; c&oacute; th&#7875; t&aacute;i s&#7917; d&#7909;ng nhi&#7873;u l&#7847;n tr&#432;&#7899;c khi h&#7871;t h&#7841;n.<\/p><p>K&#7871;t n&#7889;i USB &amp; RS232<br>\nHI98703-02 Hanna Instruments h&#7895; tr&#7907; k&#7871;t n&#7889;i v&#7899;i m&aacute;y t&iacute;nh qua c&#7893;ng USB ho&#7863;c RS232, gi&uacute;p ng&#432;&#7901;i d&ugrave;ng d&#7877; d&agrave;ng xu&#7845;t d&#7919; li&#7879;u &#273;&#7875; l&#432;u tr&#7919; ho&#7863;c ph&acirc;n t&iacute;ch b&#7857;ng ph&#7847;n m&#7873;m HI 92000 tr&ecirc;n Windows.<br>\nC&ocirc;ng ngh&#7879; Fast Tracker<br>\nHI98703-02 HANNA &#273;&#432;&#7907;c trang b&#7883; h&#7879; th&#7889;ng Fast Tracker (T.I.S.), gi&uacute;p ghi nh&#7853;n v&#7883; tr&iacute; v&agrave; th&#7901;i gian c&#7911;a t&#7915;ng ph&eacute;p &#273;o th&ocirc;ng qua th&#7867; iButton&reg;. C&aacute;c th&#7867; n&agrave;y c&oacute; chip nh&#7853;n d&#7841;ng duy nh&#7845;t, gi&uacute;p vi&#7879;c thu th&#7853;p d&#7919; li&#7879;u t&#7841;i hi&#7879;n tr&#432;&#7901;ng tr&#7903; n&ecirc;n nhanh ch&oacute;ng, ch&iacute;nh x&aacute;c v&agrave; d&#7877; d&agrave;ng h&#417;n.<\/p><p>Xem th&ecirc;m: M&aacute;y Ph&acirc;n T&iacute;ch &#272;&#7891; U&#7889;ng Inline Anton Paar Beer Monitor 5500\/5600<\/p><p>&#431;u &#272;i&#7875;m V&#432;&#7907;t Tr&#7897;i C&#7911;a HI98703-02<br>\nThi&#7871;t k&#7871; c&#7847;m tay linh ho&#7841;t, d&#7877; d&agrave;ng s&#7917; d&#7909;ng<br>\nM&aacute;y &#272;o &#272;&#7897; &#272;&#7909;c C&#7847;m Tay HI98703-02 c&oacute; thi&#7871;t k&#7871; nh&#7887; g&#7885;n, tr&#7885;ng l&#432;&#7907;ng nh&#7865;, gi&uacute;p ng&#432;&#7901;i d&ugrave;ng d&#7877; d&agrave;ng mang theo khi c&#7847;n &#273;o t&#7841;i hi&#7879;n tr&#432;&#7901;ng. Vali &#273;&#7921;ng chuy&ecirc;n d&#7909;ng gi&uacute;p b&#7843;o qu&#7843;n thi&#7871;t b&#7883; t&#7889;t h&#417;n, tr&aacute;nh va &#273;&#7853;p v&agrave; h&#432; h&#7887;ng trong qu&aacute; tr&igrave;nh di chuy&#7875;n.<br>\nHi&#7879;u chu&#7849;n t&#7921; &#273;&#7897;ng<br>\nM&aacute;y c&oacute; h&#7879; th&#7889;ng hi&#7879;u chu&#7849;n t&#7921; &#273;&#7897;ng v&#7899;i 2, 3 ho&#7863;c 4 &#273;i&#7875;m b&#7857;ng dung d&#7883;ch chu&#7849;n c&oacute; s&#7861;n (\nC&ocirc;ng ty TNHH Th&#432;&#417;ng M&#7841;i D&#7883;ch V&#7909; Thi&#7871;t B&#7883; C&ocirc;ng Ngh&#7879; V&#7841;n N&#259;ng<\/p><p style=\"margin: 0 0 10px 0;\">&#128205; <strong style=\"color: #1e293b;\">&#272;&#7883;a ch&#7881;:<\/strong> <a style=\"color: #059669; text-decoration: none; font-weight: bold;\" href=\"https:\/\/www.google.com\/maps\/search\/C%C3%B4ng+ty+TNHH+Th%C6%B0%C6%A1ng+M%E1%BA%A1i+D%E1%BB%8Bch+V%E1%BB%A5+Thi%E1%BA%BFt+B%E1%BB%8B+C%C3%B4ng+Ngh%E1%BB%87+V%E1%BA%A1n+N%C4%83ng+818+Tr%C6%B0%E1%BB%9Dng+Chinh\" target=\"_blank\" rel=\"noopener\">818 Tr&#432;&#7901;ng Chinh, Ph&#432;&#7901;ng T&acirc;n S&#417;n, Th&agrave;nh ph&#7889; H&#7891; Ch&iacute; Minh, Vi&#7879;t Nam<\/a><\/p><p style=\"margin: 0 0 10px 0;\">&#128222; <strong style=\"color: #1e293b;\">S&#272;T &ndash; Zalo:<\/strong> <a style=\"color: #059669; text-decoration: none; font-weight: bold;\" href=\"https:\/\/zalo.me\/0903991335\" target=\"_blank\" rel=\"noopener\">0903 991 335<\/a> <span style=\"color: #64748b; font-style: italic;\">(Ms. H&#7841;nh &ndash; Gi&aacute;m &#272;&#7889;c Kinh Doanh)<\/span><\/p><p style=\"margin: 0;\">&#9993;&#65039; <strong style=\"color: #1e293b;\">Email:<\/strong> <a style=\"color: #059669; text-decoration: none; font-weight: bold;\" href=\"mailto:hienhanh@vannangvn.com\">hienhanh@vannangvn.com<\/a><\/p><\/h1>","protected":false},"excerpt":{"rendered":"<p><strong>Th&#432;&#417;ng hi&#7879;u:<\/strong> M&aacute;y &#272;o &#272;&#7897; &#272;&#7909;c HI98703-02 l&agrave; thi&#7871;t b&#7883; c&#7847;m tay cao c&#7845;p &#273;&#432;&#7907;c s&#7843;n xu&#7845;t b&#7903;i Hanna Instruments, &#273;&aacute;p &#7913;ng ti&ecirc;u chu&#7849;n EPA trong &#273;o l&#432;&#7901;ng ch&#7845;t l&#432;&#7907;ng n&#432;&#7899;c. V&#7899;i &#273;&#7897; ch&iacute;nh x&aacute;c cao, d&#7843;i &#273;o r&#7897;ng t&#7915; 0.00 &#273;&#7871;n 1000 NTU, c&ugrave;ng nhi&#7873;u t&iacute;nh n&#259;ng &#432;u vi&#7879;t nh&#432; ghi d&#7919; li&#7879;u t&#7921; &#273;&#7897;ng, hi&#7879;u chu&#7849;n t&#7921; &#273;&#7897;ng, k&#7871;t n&#7889;i USB v&agrave; RS232.<br>\n<strong>Model:<\/strong> HI98703-02<p>Product <strong>M&Aacute;Y &#272;O &#272;&#7896; &#272;&#7908;C C&#7846;M TAY THEO TI&Ecirc;U CHU&#7848;N EPA HANNA INSTRUMENTS MODEL HI98703-02<\/strong> ch&iacute;nh h&atilde;ng. M&aacute;y &#272;o &#272;&#7897; &#272;&#7909;c HI98703-02 l&agrave; thi&#7871;t b&#7883; c&#7847;m tay cao c&#7845;p &#273;&#432;&#7907;c s&#7843;n xu&#7845;t b&#7903;i Hanna Instruments, &#273;&aacute;p &#7913;ng ti&ecirc;u chu&#7849;n EPA trong &#273;o l&#432;&#7901;ng ch&#7845;t l&#432;&#7907;ng n&#432;&#7899;c. V&#7899;i &#273;&#7897; ch&iacute;nh x&aacute;c cao, d&#7843;i &#273;o r&#7897;ng t&#7915; 0.00 &#273;&#7871;n 1000 NTU, c&ugrave;ng nhi&#7873;u t&iacute;nh n&#259;ng &#432;u vi&#7879;t nh&#432; ghi d&#7919; li&#7879;u t&#7921; &#273;&#7897;ng, hi&#7879;u chu&#7849;n t&#7921; &#273;&#7897;ng, k&#7871;t n&#7889;i USB v&agrave; RS232.<\/p><\/p>","protected":false},"featured_media":9672,"comment_status":"open","ping_status":"closed","template":"","meta":[],"product_brand":[],"product_cat":[18],"product_tag":[116,181,408,424,581,584,707,847,857,1800,1801,1802,109],"class_list":{"0":"post-6736","1":"product","2":"type-product","3":"status-publish","4":"has-post-thumbnail","6":"product_cat-chua-phan-loai","7":"product_tag-model","8":"product_tag-do","9":"product_tag-chuan","10":"product_tag-cam","11":"product_tag-instruments","12":"product_tag-duc","13":"product_tag-hanna","14":"product_tag-tieu","15":"product_tag-tay","16":"product_tag-theo","17":"product_tag-epa","18":"product_tag-hi98703-02","19":"product_tag-may","21":"first","22":"instock","23":"shipping-taxable","24":"product-type-simple"},"yoast_head":"<!-- This site is optimized with the Yoast SEO Premium plugin v24.8 (Yoast SEO v24.8) - https:\/\/yoast.com\/wordpress\/plugins\/seo\/ -->\n<title>M\u00c1Y \u0110O \u0110\u1ed8 \u0110\u1ee4C C\u1ea6M TAY THEO TI\u00caU CHU... ch\u00ednh h\u00e3ng | V\u1ea1n N\u0103ng<\/title>\n<meta name=\"description\" content=\"Mua ngay M\u00c1Y \u0110O \u0110\u1ed8 \u0110\u1ee4C C\u1ea6M TAY THEO TI\u00caU CHU\u1ea8N EPA HANNA INSTRUMENTS MODEL HI98703-02 ch\u00ednh h\u00e3ng. Gi\u00e1 t\u1ed1t!\" \/>\n<meta name=\"robots\" content=\"noindex, follow, max-snippet:-1, max-image-preview:large, max-video-preview:-1\" \/>\n<meta property=\"og:locale\" content=\"en_US\" \/>\n<meta property=\"og:type\" content=\"article\" \/>\n<meta property=\"og:title\" content=\"M\u00c1Y \u0110O \u0110\u1ed8 \u0110\u1ee4C C\u1ea6M TAY THEO TI\u00caU CHU\u1ea8N EPA HANNA INSTRUMENTS MODEL HI98703-02\" \/>\n<meta property=\"og:description\" content=\"Mua ngay M\u00c1Y \u0110O \u0110\u1ed8 \u0110\u1ee4C C\u1ea6M TAY THEO TI\u00caU CHU\u1ea8N EPA HANNA INSTRUMENTS MODEL HI98703-02 ch\u00ednh h\u00e3ng. Gi\u00e1 t\u1ed1t!\" \/>\n<meta property=\"og:url\" content=\"https:\/\/vannangvn.123websitedev.com\/en\/product\/may-do-do-duc-cam-tay-theo-tieu-chuan-epa-hanna-instruments-model-hi98703-02\/\" \/>\n<meta property=\"og:site_name\" content=\"Vannang.vn\" \/>\n<meta property=\"article:modified_time\" content=\"2026-03-30T11:27:12+00:00\" \/>\n<meta property=\"og:image\" content=\"http:\/\/vannangvn.123websitedev.com\/wp-content\/uploads\/2026\/03\/Hanna-Instruments-Model-HI98703-02-no.1-copy.jpg\" \/>\n\t<meta property=\"og:image:width\" content=\"768\" \/>\n\t<meta property=\"og:image:height\" content=\"576\" \/>\n\t<meta property=\"og:image:type\" content=\"image\/jpeg\" \/>\n<meta name=\"twitter:card\" content=\"summary_large_image\" \/>\n<meta name=\"twitter:label1\" content=\"Est. reading time\" \/>\n\t<meta name=\"twitter:data1\" content=\"5 minutes\" \/>\n<script type=\"application\/ld+json\" class=\"yoast-schema-graph\">{\"@context\":\"https:\/\/schema.org\",\"@graph\":[{\"@type\":\"WebPage\",\"@id\":\"https:\/\/vannangvn.123websitedev.com\/san-pham\/may-do-do-duc-cam-tay-theo-tieu-chuan-epa-hanna-instruments-model-hi98703-02\/\",\"url\":\"https:\/\/vannangvn.123websitedev.com\/san-pham\/may-do-do-duc-cam-tay-theo-tieu-chuan-epa-hanna-instruments-model-hi98703-02\/\",\"name\":\"M\u00c1Y \u0110O \u0110\u1ed8 \u0110\u1ee4C C\u1ea6M TAY THEO TI\u00caU CHU... ch\u00ednh h\u00e3ng | V\u1ea1n N\u0103ng\",\"isPartOf\":{\"@id\":\"https:\/\/vannangvn.123websitedev.com\/#website\"},\"primaryImageOfPage\":{\"@id\":\"https:\/\/vannangvn.123websitedev.com\/san-pham\/may-do-do-duc-cam-tay-theo-tieu-chuan-epa-hanna-instruments-model-hi98703-02\/#primaryimage\"},\"image\":{\"@id\":\"https:\/\/vannangvn.123websitedev.com\/san-pham\/may-do-do-duc-cam-tay-theo-tieu-chuan-epa-hanna-instruments-model-hi98703-02\/#primaryimage\"},\"thumbnailUrl\":\"https:\/\/vannangvn.123websitedev.com\/wp-content\/uploads\/2026\/03\/Hanna-Instruments-Model-HI98703-02-no.1-copy.jpg\",\"datePublished\":\"2026-03-20T10:35:39+00:00\",\"dateModified\":\"2026-03-30T11:27:12+00:00\",\"description\":\"Mua ngay M\u00c1Y \u0110O \u0110\u1ed8 \u0110\u1ee4C C\u1ea6M TAY THEO TI\u00caU CHU\u1ea8N EPA HANNA INSTRUMENTS MODEL HI98703-02 ch\u00ednh h\u00e3ng. Gi\u00e1 t\u1ed1t!\",\"breadcrumb\":{\"@id\":\"https:\/\/vannangvn.123websitedev.com\/san-pham\/may-do-do-duc-cam-tay-theo-tieu-chuan-epa-hanna-instruments-model-hi98703-02\/#breadcrumb\"},\"inLanguage\":\"en-US\",\"potentialAction\":[{\"@type\":\"ReadAction\",\"target\":[\"https:\/\/vannangvn.123websitedev.com\/san-pham\/may-do-do-duc-cam-tay-theo-tieu-chuan-epa-hanna-instruments-model-hi98703-02\/\"]}]},{\"@type\":\"ImageObject\",\"inLanguage\":\"en-US\",\"@id\":\"https:\/\/vannangvn.123websitedev.com\/san-pham\/may-do-do-duc-cam-tay-theo-tieu-chuan-epa-hanna-instruments-model-hi98703-02\/#primaryimage\",\"url\":\"https:\/\/vannangvn.123websitedev.com\/wp-content\/uploads\/2026\/03\/Hanna-Instruments-Model-HI98703-02-no.1-copy.jpg\",\"contentUrl\":\"https:\/\/vannangvn.123websitedev.com\/wp-content\/uploads\/2026\/03\/Hanna-Instruments-Model-HI98703-02-no.1-copy.jpg\",\"width\":768,\"height\":576},{\"@type\":\"BreadcrumbList\",\"@id\":\"https:\/\/vannangvn.123websitedev.com\/san-pham\/may-do-do-duc-cam-tay-theo-tieu-chuan-epa-hanna-instruments-model-hi98703-02\/#breadcrumb\",\"itemListElement\":[{\"@type\":\"ListItem\",\"position\":1,\"name\":\"Trang ch\u1ee7\",\"item\":\"https:\/\/vannangvn.123websitedev.com\/\"},{\"@type\":\"ListItem\",\"position\":2,\"name\":\"S\u1ea3n ph\u1ea9m\",\"item\":\"https:\/\/vannangvn.123websitedev.com\/cua-hang\/\"},{\"@type\":\"ListItem\",\"position\":3,\"name\":\"M\u00c1Y \u0110O \u0110\u1ed8 \u0110\u1ee4C C\u1ea6M TAY THEO TI\u00caU CHU\u1ea8N EPA HANNA INSTRUMENTS MODEL HI98703-02\"}]},{\"@type\":\"WebSite\",\"@id\":\"https:\/\/vannangvn.123websitedev.com\/#website\",\"url\":\"https:\/\/vannangvn.123websitedev.com\/\",\"name\":\"Vannang.vn\",\"description\":\"\",\"publisher\":{\"@id\":\"https:\/\/vannangvn.123websitedev.com\/#organization\"},\"potentialAction\":[{\"@type\":\"SearchAction\",\"target\":{\"@type\":\"EntryPoint\",\"urlTemplate\":\"https:\/\/vannangvn.123websitedev.com\/?s={search_term_string}\"},\"query-input\":{\"@type\":\"PropertyValueSpecification\",\"valueRequired\":true,\"valueName\":\"search_term_string\"}}],\"inLanguage\":\"en-US\"},{\"@type\":\"Organization\",\"@id\":\"https:\/\/vannangvn.123websitedev.com\/#organization\",\"name\":\"Vannang.vn\",\"url\":\"https:\/\/vannangvn.123websitedev.com\/\",\"logo\":{\"@type\":\"ImageObject\",\"inLanguage\":\"en-US\",\"@id\":\"https:\/\/vannangvn.123websitedev.com\/#\/schema\/logo\/image\/\",\"url\":\"https:\/\/vannangvn.123websitedev.com\/wp-content\/uploads\/2026\/02\/logo-van-nang-02.png\",\"contentUrl\":\"https:\/\/vannangvn.123websitedev.com\/wp-content\/uploads\/2026\/02\/logo-van-nang-02.png\",\"width\":448,\"height\":111,\"caption\":\"Vannang.vn\"},\"image\":{\"@id\":\"https:\/\/vannangvn.123websitedev.com\/#\/schema\/logo\/image\/\"}}]}<\/script>\n<!-- \/ Yoast SEO Premium plugin. -->","yoast_head_json":{"title":"M\u00c1Y \u0110O \u0110\u1ed8 \u0110\u1ee4C C\u1ea6M TAY THEO TI\u00caU CHU... ch\u00ednh h\u00e3ng | V\u1ea1n N\u0103ng","description":"Mua ngay M\u00c1Y \u0110O \u0110\u1ed8 \u0110\u1ee4C C\u1ea6M TAY THEO TI\u00caU CHU\u1ea8N EPA HANNA INSTRUMENTS MODEL HI98703-02 ch\u00ednh h\u00e3ng. Gi\u00e1 t\u1ed1t!","robots":{"index":"noindex","follow":"follow","max-snippet":"max-snippet:-1","max-image-preview":"max-image-preview:large","max-video-preview":"max-video-preview:-1"},"og_locale":"en_US","og_type":"article","og_title":"M\u00c1Y \u0110O \u0110\u1ed8 \u0110\u1ee4C C\u1ea6M TAY THEO TI\u00caU CHU\u1ea8N EPA HANNA INSTRUMENTS MODEL HI98703-02","og_description":"Mua ngay M\u00c1Y \u0110O \u0110\u1ed8 \u0110\u1ee4C C\u1ea6M TAY THEO TI\u00caU CHU\u1ea8N EPA HANNA INSTRUMENTS MODEL HI98703-02 ch\u00ednh h\u00e3ng. Gi\u00e1 t\u1ed1t!","og_url":"https:\/\/vannangvn.123websitedev.com\/en\/product\/may-do-do-duc-cam-tay-theo-tieu-chuan-epa-hanna-instruments-model-hi98703-02\/","og_site_name":"Vannang.vn","article_modified_time":"2026-03-30T11:27:12+00:00","og_image":[{"width":768,"height":576,"url":"http:\/\/vannangvn.123websitedev.com\/wp-content\/uploads\/2026\/03\/Hanna-Instruments-Model-HI98703-02-no.1-copy.jpg","type":"image\/jpeg"}],"twitter_card":"summary_large_image","twitter_misc":{"Est. reading time":"5 minutes"},"schema":{"@context":"https:\/\/schema.org","@graph":[{"@type":"WebPage","@id":"https:\/\/vannangvn.123websitedev.com\/san-pham\/may-do-do-duc-cam-tay-theo-tieu-chuan-epa-hanna-instruments-model-hi98703-02\/","url":"https:\/\/vannangvn.123websitedev.com\/san-pham\/may-do-do-duc-cam-tay-theo-tieu-chuan-epa-hanna-instruments-model-hi98703-02\/","name":"M\u00c1Y \u0110O \u0110\u1ed8 \u0110\u1ee4C C\u1ea6M TAY THEO TI\u00caU CHU... ch\u00ednh h\u00e3ng | V\u1ea1n N\u0103ng","isPartOf":{"@id":"https:\/\/vannangvn.123websitedev.com\/#website"},"primaryImageOfPage":{"@id":"https:\/\/vannangvn.123websitedev.com\/san-pham\/may-do-do-duc-cam-tay-theo-tieu-chuan-epa-hanna-instruments-model-hi98703-02\/#primaryimage"},"image":{"@id":"https:\/\/vannangvn.123websitedev.com\/san-pham\/may-do-do-duc-cam-tay-theo-tieu-chuan-epa-hanna-instruments-model-hi98703-02\/#primaryimage"},"thumbnailUrl":"https:\/\/vannangvn.123websitedev.com\/wp-content\/uploads\/2026\/03\/Hanna-Instruments-Model-HI98703-02-no.1-copy.jpg","datePublished":"2026-03-20T10:35:39+00:00","dateModified":"2026-03-30T11:27:12+00:00","description":"Mua ngay M\u00c1Y \u0110O \u0110\u1ed8 \u0110\u1ee4C C\u1ea6M TAY THEO TI\u00caU CHU\u1ea8N EPA HANNA INSTRUMENTS MODEL HI98703-02 ch\u00ednh h\u00e3ng. Gi\u00e1 t\u1ed1t!","breadcrumb":{"@id":"https:\/\/vannangvn.123websitedev.com\/san-pham\/may-do-do-duc-cam-tay-theo-tieu-chuan-epa-hanna-instruments-model-hi98703-02\/#breadcrumb"},"inLanguage":"en-US","potentialAction":[{"@type":"ReadAction","target":["https:\/\/vannangvn.123websitedev.com\/san-pham\/may-do-do-duc-cam-tay-theo-tieu-chuan-epa-hanna-instruments-model-hi98703-02\/"]}]},{"@type":"ImageObject","inLanguage":"en-US","@id":"https:\/\/vannangvn.123websitedev.com\/san-pham\/may-do-do-duc-cam-tay-theo-tieu-chuan-epa-hanna-instruments-model-hi98703-02\/#primaryimage","url":"https:\/\/vannangvn.123websitedev.com\/wp-content\/uploads\/2026\/03\/Hanna-Instruments-Model-HI98703-02-no.1-copy.jpg","contentUrl":"https:\/\/vannangvn.123websitedev.com\/wp-content\/uploads\/2026\/03\/Hanna-Instruments-Model-HI98703-02-no.1-copy.jpg","width":768,"height":576},{"@type":"BreadcrumbList","@id":"https:\/\/vannangvn.123websitedev.com\/san-pham\/may-do-do-duc-cam-tay-theo-tieu-chuan-epa-hanna-instruments-model-hi98703-02\/#breadcrumb","itemListElement":[{"@type":"ListItem","position":1,"name":"Trang ch\u1ee7","item":"https:\/\/vannangvn.123websitedev.com\/"},{"@type":"ListItem","position":2,"name":"S\u1ea3n ph\u1ea9m","item":"https:\/\/vannangvn.123websitedev.com\/cua-hang\/"},{"@type":"ListItem","position":3,"name":"M\u00c1Y \u0110O \u0110\u1ed8 \u0110\u1ee4C C\u1ea6M TAY THEO TI\u00caU CHU\u1ea8N EPA HANNA INSTRUMENTS MODEL HI98703-02"}]},{"@type":"WebSite","@id":"https:\/\/vannangvn.123websitedev.com\/#website","url":"https:\/\/vannangvn.123websitedev.com\/","name":"Vannang.vn","description":"","publisher":{"@id":"https:\/\/vannangvn.123websitedev.com\/#organization"},"potentialAction":[{"@type":"SearchAction","target":{"@type":"EntryPoint","urlTemplate":"https:\/\/vannangvn.123websitedev.com\/?s={search_term_string}"},"query-input":{"@type":"PropertyValueSpecification","valueRequired":true,"valueName":"search_term_string"}}],"inLanguage":"en-US"},{"@type":"Organization","@id":"https:\/\/vannangvn.123websitedev.com\/#organization","name":"Vannang.vn","url":"https:\/\/vannangvn.123websitedev.com\/","logo":{"@type":"ImageObject","inLanguage":"en-US","@id":"https:\/\/vannangvn.123websitedev.com\/#\/schema\/logo\/image\/","url":"https:\/\/vannangvn.123websitedev.com\/wp-content\/uploads\/2026\/02\/logo-van-nang-02.png","contentUrl":"https:\/\/vannangvn.123websitedev.com\/wp-content\/uploads\/2026\/02\/logo-van-nang-02.png","width":448,"height":111,"caption":"Vannang.vn"},"image":{"@id":"https:\/\/vannangvn.123websitedev.com\/#\/schema\/logo\/image\/"}}]}},"_links":{"self":[{"href":"https:\/\/vannangvn.123websitedev.com\/en\/wp-json\/wp\/v2\/product\/6736","targetHints":{"allow":["GET"]}}],"collection":[{"href":"https:\/\/vannangvn.123websitedev.com\/en\/wp-json\/wp\/v2\/product"}],"about":[{"href":"https:\/\/vannangvn.123websitedev.com\/en\/wp-json\/wp\/v2\/types\/product"}],"replies":[{"embeddable":true,"href":"https:\/\/vannangvn.123websitedev.com\/en\/wp-json\/wp\/v2\/comments?post=6736"}],"wp:featuredmedia":[{"embeddable":true,"href":"https:\/\/vannangvn.123websitedev.com\/en\/wp-json\/wp\/v2\/media\/9672"}],"wp:attachment":[{"href":"https:\/\/vannangvn.123websitedev.com\/en\/wp-json\/wp\/v2\/media?parent=6736"}],"wp:term":[{"taxonomy":"product_brand","embeddable":true,"href":"https:\/\/vannangvn.123websitedev.com\/en\/wp-json\/wp\/v2\/product_brand?post=6736"},{"taxonomy":"product_cat","embeddable":true,"href":"https:\/\/vannangvn.123websitedev.com\/en\/wp-json\/wp\/v2\/product_cat?post=6736"},{"taxonomy":"product_tag","embeddable":true,"href":"https:\/\/vannangvn.123websitedev.com\/en\/wp-json\/wp\/v2\/product_tag?post=6736"}],"curies":[{"name":"wp","href":"https:\/\/api.w.org\/{rel}","templated":true}]}}