{"id":6753,"date":"2026-03-20T17:36:02","date_gmt":"2026-03-20T10:36:02","guid":{"rendered":"https:\/\/vannangvn.123websitedev.com\/san-pham\/may-do-do-mo-atac-7612\/"},"modified":"2026-03-30T18:27:34","modified_gmt":"2026-03-30T11:27:34","slug":"may-do-do-mo-atac-7612","status":"publish","type":"product","link":"https:\/\/vannangvn.123websitedev.com\/en\/product\/may-do-do-mo-atac-7612\/","title":{"rendered":"M\u00c1Y \u0110O \u0110\u1ed8 M\u1edc ATAC 7612"},"content":{"rendered":"<h1 style=\"color: red; font-weight: bold; font-size: 24px;\">T&#7893;ng quan s&#7843;n ph&#7849;m M&Aacute;Y &#272;O &#272;&#7896; M&#7900; ATAC 7612<p>M&aacute;y &#272;o &#272;&#7897; M&#7901; ATAC Model 7612 (Opacity Monitor)<br>\nM&aacute;y &#273;o &#273;&#7897; m&#7901; ATAC 7612 l&agrave; m&#7897;t thi&#7871;t b&#7883; ti&ecirc;n ti&#7871;n, &#273;&#432;&#7907;c thi&#7871;t k&#7871; &#273;&#7875; theo d&otilde;i &#273;&#7897; m&#7901; c&#7911;a d&ograve;ng x&#7917; l&yacute; ho&agrave;n to&agrave;n t&#7921; &#273;&#7897;ng. Thi&#7871;t b&#7883; n&agrave;y &#273;&oacute;ng vai tr&ograve; quan tr&#7885;ng trong vi&#7879;c &#273;o l&#432;&#7901;ng &#273;&#7897; m&#7901; do b&#7909;i b&#7849;n v&agrave; s&#432;&#417;ng m&ugrave; trong c&aacute;c d&ograve;ng ch&#7845;t l&#7887;ng, mang l&#7841;i s&#7921; ki&#7875;m so&aacute;t ch&#7845;t l&#432;&#7907;ng v&#432;&#7907;t tr&#7897;i cho c&aacute;c ng&agrave;nh c&ocirc;ng nghi&#7879;p. V&#7899;i ATAC 7612, doanh nghi&#7879;p c&oacute; th&#7875; &#273;&#7843;m b&#7843;o ch&#7845;t l&#432;&#7907;ng s&#7843;n ph&#7849;m, t&#7889;i &#432;u h&oacute;a quy tr&igrave;nh s&#7843;n xu&#7845;t v&agrave; gi&#7843;m thi&#7875;u r&#7911;i ro. H&atilde;y c&ugrave;ng V&#7841;n N&#259;ng t&igrave;m hi&#7875;u chi ti&#7871;t h&#417;n v&#7873; s&#7843;n ph&#7849;m th&ocirc;ng qua b&agrave;i vi&#7871;t d&#432;&#7899;i &#273;&acirc;y nh&eacute;!<\/p><h2 style=\"color: #2e7d32; font-weight: bold; font-size: 20px;\">T&iacute;nh N&#259;ng N&#7893;i B&#7853;t C&#7911;a M&aacute;y &#272;o &#272;&#7897; M&#7901; ATAC 7612<\/h2><p>T&#7871; B&agrave;o Th&eacute;p Kh&ocirc;ng G&#7881; Ch&#7883;u Nhi&#7879;t V&agrave; &Aacute;p Su&#7845;t Cao<br>\nThi&#7871;t b&#7883; &#273;o &#273;&#7897; m&#7901; ATAC 7612 &#273;&#432;&#7907;c trang b&#7883; t&#7871; b&agrave;o th&eacute;p kh&ocirc;ng g&#7881;, gi&uacute;p thi&#7871;t b&#7883; ho&#7841;t &#273;&#7897;ng &#7893;n &#273;&#7883;nh trong m&ocirc;i tr&#432;&#7901;ng c&oacute; nhi&#7879;t &#273;&#7897; v&agrave; &aacute;p su&#7845;t cao. &#272;i&#7873;u n&agrave;y kh&ocirc;ng ch&#7881; n&acirc;ng cao &#273;&#7897; b&#7873;n c&#7911;a thi&#7871;t b&#7883; m&agrave; c&ograve;n &#273;&#7843;m b&#7843;o r&#7857;ng c&aacute;c quy tr&igrave;nh s&#7843;n xu&#7845;t kh&ocirc;ng b&#7883; gi&aacute;n &#273;o&#7841;n do c&aacute;c y&#7871;u t&#7889; m&ocirc;i tr&#432;&#7901;ng kh&#7855;c nghi&#7879;t.<br>\nX&aacute;c Nh&#7853;n Nhanh Ch&oacute;ng<br>\nThi&#7871;t b&#7883; ATAC 7612 &#273;&#432;&#7907;c thi&#7871;t k&#7871; v&#7899;i c&#417; s&#7903; x&aacute;c nh&#7853;n nhanh ch&oacute;ng, gi&uacute;p ki&#7875;m tra ho&#7841;t &#273;&#7897;ng m&#7897;t c&aacute;ch &#273;&#417;n gi&#7843;n v&agrave; hi&#7879;u qu&#7843;. T&iacute;nh n&#259;ng n&agrave;y kh&ocirc;ng ch&#7881; ti&#7871;t ki&#7879;m th&#7901;i gian v&agrave; chi ph&iacute; b&#7843;o tr&igrave; m&agrave; c&ograve;n &#273;&#7843;m b&#7843;o r&#7857;ng thi&#7871;t b&#7883; lu&ocirc;n ho&#7841;t &#273;&#7897;ng v&#7899;i hi&#7879;u su&#7845;t cao, gi&uacute;p doanh nghi&#7879;p duy tr&igrave; s&#7921; &#7893;n &#273;&#7883;nh trong s&#7843;n xu&#7845;t.<\/p><p>C&ocirc;ng Ngh&#7879; S&#7907;i Quang C&#7843;i Ti&#7871;n<br>\nS&#7917; d&#7909;ng c&ocirc;ng ngh&#7879; s&#7907;i quang, ATAC 7612 c&#7843;i thi&#7879;n &#273;&#7897; ch&iacute;nh x&aacute;c trong vi&#7879;c &#273;o l&#432;&#7901;ng &#273;&#7897; m&#7901;. C&ocirc;ng ngh&#7879; n&agrave;y gi&uacute;p gi&#7843;m thi&#7875;u c&aacute;c sai s&#7889; v&agrave; &#273;&#7843;m b&#7843;o r&#7857;ng c&aacute;c ph&eacute;p &#273;o &#273;&#432;&#7907;c th&#7921;c hi&#7879;n m&#7897;t c&aacute;ch ch&iacute;nh x&aacute;c v&agrave; nh&#7845;t qu&aacute;n, &#273;i&#7873;u n&agrave;y &#273;&#7863;c bi&#7879;t quan tr&#7885;ng trong c&aacute;c &#7913;ng d&#7909;ng y&ecirc;u c&#7847;u &#273;&#7897; ch&iacute;nh x&aacute;c cao.<br>\nH&#7845;p Th&#7909; &Aacute;nh S&aacute;ng Kh&aacute;c Nhau Kh&ocirc;ng B&#7883; &#7842;nh H&#432;&#7903;ng B&#7903;i &#272;&#7897; M&#7901;<br>\nThi&#7871;t k&#7871; c&#7911;a ATAC model 7612 cho ph&eacute;p thi&#7871;t b&#7883; h&#7845;p th&#7909; &aacute;nh s&aacute;ng kh&aacute;c nhau m&agrave; kh&ocirc;ng b&#7883; &#7843;nh h&#432;&#7903;ng b&#7903;i &#273;&#7897; m&#7901; c&#7911;a ch&#7845;t l&#7887;ng. &#272;i&#7873;u n&agrave;y gi&uacute;p c&#7843;i thi&#7879;n &#273;&#7897; ch&iacute;nh x&aacute;c c&#7911;a k&#7871;t qu&#7843; &#273;o l&#432;&#7901;ng v&agrave; &#273;&#7843;m b&#7843;o r&#7857;ng c&aacute;c d&#7919; li&#7879;u thu th&#7853;p &#273;&#432;&#7907;c l&agrave; &#273;&aacute;ng tin c&#7853;y v&agrave; c&oacute; th&#7875; s&#7917; d&#7909;ng &#273;&#7875; &#273;&#432;a ra c&aacute;c quy&#7871;t &#273;&#7883;nh quan tr&#7885;ng trong quy tr&igrave;nh s&#7843;n xu&#7845;t.<br>\nC&agrave;i &#272;&#7863;t &#272;&#417;n Gi&#7843;n<br>\nM&aacute;y &#273;o &#273;&#7897; m&#7901; ATAC 7612 kh&ocirc;ng y&ecirc;u c&#7847;u b&#7897; &#273;i&#7873;u khi&#7875;n khu v&#7921;c an to&agrave;n ri&ecirc;ng bi&#7879;t, gi&uacute;p qu&aacute; tr&igrave;nh c&agrave;i &#273;&#7863;t tr&#7903; n&ecirc;n d&#7877; d&agrave;ng v&agrave; nhanh ch&oacute;ng. T&iacute;nh n&#259;ng n&agrave;y gi&uacute;p gi&#7843;m thi&#7875;u chi ph&iacute; l&#7855;p &#273;&#7863;t v&agrave; b&#7843;o tr&igrave;, &#273;&#7891;ng th&#7901;i t&#259;ng hi&#7879;u su&#7845;t ho&#7841;t &#273;&#7897;ng c&#7911;a thi&#7871;t b&#7883;.<br>\nCh&#7913;ng Nh&#7853;n ATEX<br>\nModel 7612 ATAC &#273;&#432;&#7907;c ch&#7913;ng nh&#7853;n ATEX, &#273;&#7843;m b&#7843;o an to&agrave;n khi l&#7855;p &#273;&#7863;t trong c&aacute;c khu v&#7921;c nguy hi&#7875;m. Ch&#7913;ng nh&#7853;n n&agrave;y kh&ocirc;ng ch&#7881; b&#7843;o v&#7879; thi&#7871;t b&#7883; v&agrave; ng&#432;&#7901;i s&#7917; d&#7909;ng m&agrave; c&ograve;n &#273;&aacute;p &#7913;ng c&aacute;c ti&ecirc;u chu&#7849;n an to&agrave;n qu&#7889;c t&#7871;, gi&uacute;p doanh nghi&#7879;p tu&acirc;n th&#7911; c&aacute;c quy &#273;&#7883;nh v&agrave; tr&aacute;nh c&aacute;c r&#7911;i ro li&ecirc;n quan &#273;&#7871;n an to&agrave;n lao &#273;&#7897;ng.<\/p><p>&#7912;ng D&#7909;ng C&#7911;a M&aacute;y &#272;o &#272;&#7897; M&#7901; ATAC 7612<br>\nGi&aacute;m S&aacute;t N&#432;&#7899;c Trong D&ograve;ng X&#7917; L&yacute; Ch&#7845;t L&#7887;ng<br>\nThi&#7871;t b&#7883; ATAC 7612 l&agrave; gi&#7843;i ph&aacute;p l&yacute; t&#432;&#7903;ng &#273;&#7875; gi&aacute;m s&aacute;t &#273;&#7897; m&#7901; c&#7911;a n&#432;&#7899;c trong c&aacute;c d&ograve;ng x&#7917; l&yacute; ch&#7845;t l&#7887;ng. Thi&#7871;t b&#7883; n&agrave;y gi&uacute;p ph&aacute;t hi&#7879;n k&#7883;p th&#7901;i c&aacute;c v&#7845;n &#273;&#7873; v&#7873; ch&#7845;t l&#432;&#7907;ng n&#432;&#7899;c, &#273;&#7843;m b&#7843;o r&#7857;ng quy tr&igrave;nh s&#7843;n xu&#7845;t kh&ocirc;ng b&#7883; gi&aacute;n &#273;o&#7841;n v&agrave; s&#7843;n ph&#7849;m cu&#7889;i c&ugrave;ng lu&ocirc;n &#273;&#7841;t ti&ecirc;u chu&#7849;n ch&#7845;t l&#432;&#7907;ng cao.<br>\nPh&aacute;t Hi&#7879;n R&ograve; R&#7881; &#7902; C&aacute;c Thi&#7871;t B&#7883; Trao &#272;&#7893;i Nhi&#7879;t L&#7899;n<br>\nATAC 7612 M&aacute;y &#273;o &#273;&#7897; m&#7901; c&#361;ng &#273;&#432;&#7907;c s&#7917; d&#7909;ng &#273;&#7875; ph&aacute;t hi&#7879;n r&ograve; r&#7881; &#7903; c&aacute;c thi&#7871;t b&#7883; trao &#273;&#7893;i nhi&#7879;t l&#7899;n. T&iacute;nh n&#259;ng n&agrave;y gi&uacute;p ng&#259;n ch&#7863;n k&#7883;p th&#7901;i c&aacute;c s&#7921; c&#7889; c&oacute; th&#7875; g&acirc;y &#7843;nh h&#432;&#7903;ng &#273;&#7871;n hi&#7879;u su&#7845;t v&agrave; an to&agrave;n c&#7911;a h&#7879; th&#7889;ng, b&#7843;o v&#7879; thi&#7871;t b&#7883; v&agrave; k&eacute;o d&agrave;i tu&#7893;i th&#7885; c&#7911;a ch&uacute;ng.<br>\n&#7912;ng D&#7909;ng Trong C&aacute;c Ng&agrave;nh C&ocirc;ng Nghi&#7879;p Kh&aacute;c<br>\nNgo&agrave;i c&aacute;c &#7913;ng d&#7909;ng tr&ecirc;n, M&aacute;y ATAC 7612 c&ograve;n &#273;&#432;&#7907;c s&#7917; d&#7909;ng trong nhi&#7873;u ng&agrave;nh c&ocirc;ng nghi&#7879;p kh&aacute;c nh&#432; s&#7843;n xu&#7845;t th&#7921;c ph&#7849;m v&agrave; &#273;&#7891; u&#7889;ng, h&oacute;a ch&#7845;t, d&#7847;u kh&iacute; v&agrave; nhi&#7873;u l&#297;nh v&#7921;c kh&aacute;c. Thi&#7871;t b&#7883; 7612 ATAC gi&uacute;p &#273;&#7843;m b&#7843;o r&#7857;ng c&aacute;c quy tr&igrave;nh s&#7843;n xu&#7845;t di&#7877;n ra m&#7897;t c&aacute;ch m&#432;&#7907;t m&agrave; v&agrave; hi&#7879;u qu&#7843;, &#273;&#7891;ng th&#7901;i gi&#7843;m thi&#7875;u c&aacute;c r&#7911;i ro li&ecirc;n quan &#273;&#7871;n ch&#7845;t l&#432;&#7907;ng s&#7843;n ph&#7849;m v&agrave; an to&agrave;n lao &#273;&#7897;ng.<\/p><p>L&#7907;i &Iacute;ch Khi S&#7917; D&#7909;ng M&aacute;y &#272;o &#272;&#7897; M&#7901; ATAC 7612<br>\nT&#7889;i &#431;u H&oacute;a Quy Tr&igrave;nh S&#7843;n Xu&#7845;t<br>\nV&#7899;i kh&#7843; n&#259;ng &#273;o l&#432;&#7901;ng ch&iacute;nh x&aacute;c v&agrave; &#273;&aacute;ng tin c&#7853;y, ATAC 7612 gi&uacute;p doanh nghi&#7879;p t&#7889;i &#432;u h&oacute;a quy tr&igrave;nh s&#7843;n xu&#7845;t, gi&#7843;m thi&#7875;u l&atilde;ng ph&iacute; v&agrave; n&acirc;ng cao hi&#7879;u su&#7845;t ho&#7841;t &#273;&#7897;ng. &#272;i&#7873;u n&agrave;y kh&ocirc;ng ch&#7881; gi&uacute;p ti&#7871;t ki&#7879;m chi ph&iacute; m&agrave; c&ograve;n t&#259;ng c&#432;&#7901;ng kh&#7843; n&#259;ng c&#7841;nh tranh c&#7911;a doanh nghi&#7879;p tr&ecirc;n th&#7883; tr&#432;&#7901;ng.<br>\nN&acirc;ng Cao Ch&#7845;t L&#432;&#7907;ng S&#7843;n Ph&#7849;m<br>\nVi&#7879;c s&#7917; d&#7909;ng ATAC M&aacute;y &#273;o &#273;&#7897; m&#7901; 7612 gi&uacute;p &#273;&#7843;m b&#7843;o r&#7857;ng ch&#7845;t l&#432;&#7907;ng s&#7843;n ph&#7849;m lu&ocirc;n &#273;&#7841;t ti&ecirc;u chu&#7849;n cao nh&#7845;t. Thi&#7871;t b&#7883; n&agrave;y gi&uacute;p ph&aacute;t hi&#7879;n k&#7883;p th&#7901;i c&aacute;c v&#7845;n &#273;&#7873; v&#7873; ch&#7845;t l&#432;&#7907;ng, cho ph&eacute;p doanh nghi&#7879;p th&#7921;c hi&#7879;n c&aacute;c bi&#7879;n ph&aacute;p kh&#7855;c ph&#7909;c nhanh ch&oacute;ng v&agrave; hi&#7879;u qu&#7843;.<br>\n&#272;&#7843;m B&#7843;o An To&agrave;n Lao &#272;&#7897;ng<br>\nV&#7899;i ch&#7913;ng nh&#7853;n ATEX v&agrave; c&aacute;c t&iacute;nh n&#259;ng an to&agrave;n ti&ecirc;n ti&#7871;n, thi&#7871;t b&#7883; 7612 ATAC gi&uacute;p &#273;&#7843;m b&#7843;o an to&agrave;n cho ng&#432;&#7901;i s&#7917; d&#7909;ng v&agrave; thi&#7871;t b&#7883;. &#272;i&#7873;u n&agrave;y gi&uacute;p doanh nghi&#7879;p tu&acirc;n th&#7911; c&aacute;c quy &#273;&#7883;nh an to&agrave;n lao &#273;&#7897;ng v&agrave; gi&#7843;m thi&#7875;u c&aacute;c r&#7911;i ro li&ecirc;n quan &#273;&#7871;n an to&agrave;n.<\/p><p>Nh&#7919;ng L&yacute; Do N&ecirc;n Mua M&aacute;y &#272;o &#272;&#7897; M&#7901; T&#7841;i Thi&#7871;t B&#7883; C&ocirc;ng Ngh&#7879; V&#7841;n N&#259;ng<\/p><p>C&ocirc;ng ty Thi&#7871;t B&#7883; C&ocirc;ng Ngh&#7879; V&#7841;n N&#259;ng l&agrave; &#273;&#7889;i t&aacute;c ch&iacute;nh th&#7913;c ph&acirc;n ph&#7889;i M&aacute;y &#272;o &#272;&#7897; M&#7901; h&agrave;ng &#273;&#7847;u t&#7841;i Vi&#7879;t Nam, cam k&#7871;t cung c&#7845;p s&#7843;n ph&#7849;m ch&iacute;nh h&atilde;ng v&#7899;i gi&aacute; c&#7843; c&#7841;nh tranh nh&#7845;t th&#7883; tr&#432;&#7901;ng. V&#7899;i uy t&iacute;n tr&ecirc;n th&#7883; tr&#432;&#7901;ng v&agrave; ch&#7871; &#273;&#7897; h&#7851;u m&atilde;i t&#7889;t, V&#7841;n N&#259;ng &#273;&atilde; nh&#7853;n &#273;&#432;&#7907;c s&#7921; tin t&#432;&#7903;ng t&#7915; kh&aacute;ch h&agrave;ng nh&#7901; v&agrave;o ch&#7845;t l&#432;&#7907;ng h&agrave;ng &#273;&#7847;u c&#7911;a c&aacute;c d&ograve;ng s&#7843;n ph&#7849;m.<br>\nS&#7843;n ph&#7849;m c&#7911;a ch&uacute;ng t&ocirc;i &#273;&#432;&#7907;c ki&#7875;m &#273;&#7883;nh ch&#7845;t l&#432;&#7907;ng, nh&#7853;p kh&#7849;u tr&#7921;c ti&#7871;p t&#7915; nh&agrave; m&aacute;y b&ecirc;n Ch&acirc;u &Acirc;u, M&#7929;, &Uacute;c, Nh&#7853;t B&#7843;n,&hellip; v&agrave; &#273;&aacute;p &#7913;ng nhu c&#7847;u &#273;a d&#7841;ng c&#7911;a th&#7883; tr&#432;&#7901;ng nh&#432;: M&aacute;y &#272;o &#272;&#7897; C&#7913;ng, M&aacute;y SpectroMaxx, M&aacute;y Ki&#7875;m Tra &#272;&#432;&#7901;ng Gh&eacute;p M&iacute; Lon,&hellip; Ch&uacute;ng t&ocirc;i cam k&#7871;t cung c&#7845;p s&#7843;n ph&#7849;m n&agrave;y tr&ecirc;n to&agrave;n qu&#7889;c v&#7899;i gi&aacute; c&#7843; c&#7841;nh tranh nh&#7845;t.<br>\nCh&uacute;ng t&ocirc;i c&oacute; &#273;&#7897;i ng&#361; chuy&ecirc;n vi&ecirc;n t&#432; v&#7845;n chuy&ecirc;n s&acirc;u s&#7869; h&#7895; tr&#7907; kh&aacute;ch h&agrave;ng v&#7873; chi ti&#7871;t s&#7843;n ph&#7849;m, h&#432;&#7899;ng d&#7851;n s&#7917; d&#7909;ng hay nh&#7919;ng th&#7913; li&ecirc;n quan &#273;&#7871;n v&#7845;n &#273;&#7873; m&agrave; doanh nghi&#7879;p b&#7841;n &#273;ang g&#7863;p ph&#7843;i. Ch&uacute;ng t&ocirc;i s&#7869; cung c&#7845;p nh&#7919;ng gi&#7843;i ph&aacute;p t&#7889;i &#432;u nh&#7845;t !!!<br>\nNgo&agrave;i ra V&#7841;n N&#259;ng Company lu&ocirc;n h&#432;&#7899;ng &#273;&#7871;n tr&#7843;i nghi&#7879;m kh&aacute;ch h&agrave;ng, v&igrave; v&#7853;y ch&uacute;ng t&ocirc;i c&oacute; nh&#7919;ng ch&iacute;nh s&aacute;ch b&#7843;o h&agrave;nh, b&#7843;o tr&igrave; &ndash; b&#7843;o d&#432;&#7905;ng, hi&#7879;u chu&#7849;n v&#7899;i t&#7845;t c&#7843; c&aacute;c thi&#7871;t b&#7883;, m&aacute;y m&oacute;c m&agrave; ch&uacute;ng t&ocirc;i cung c&#7845;p. &#272;&#7843;m b&#7843;o mang &#273;&#7871;n cho Kh&aacute;ch h&agrave;ng s&#7921; y&ecirc;n t&acirc;m tuy&#7879;t &#273;&#7889;i v&#7873; d&#7883;ch v&#7909; khi mua h&agrave;ng.<\/p><p>T&#7893;ng K&#7871;t<br>\nM&aacute;y &#273;o &#273;&#7897; m&#7901; ATAC 7612 l&agrave; thi&#7871;t b&#7883; kh&ocirc;ng th&#7875; thi&#7871;u trong c&aacute;c quy tr&igrave;nh gi&aacute;m s&aacute;t ch&#7845;t l&#432;&#7907;ng ch&#7845;t l&#7887;ng. V&#7899;i c&aacute;c t&iacute;nh n&#259;ng v&#432;&#7907;t tr&#7897;i v&agrave; &#7913;ng d&#7909;ng &#273;a d&#7841;ng, Model 7612 ATAC gi&uacute;p doanh nghi&#7879;p n&acirc;ng cao hi&#7879;u qu&#7843; s&#7843;n xu&#7845;t, &#273;&#7843;m b&#7843;o ch&#7845;t l&#432;&#7907;ng s&#7843;n ph&#7849;m v&agrave; ti&#7871;t ki&#7879;m chi ph&iacute;. H&atilde;y li&ecirc;n h&#7879; v&#7899;i V&#7841;n N&#259;ng Company ngay &#273;&#7875; &#273;&#432;&#7907;c t&#432; v&#7845;n chuy&ecirc;n s&acirc;u v&agrave; nh&#7853;n c&aacute;c &#432;u &#273;&atilde;i h&#7845;p d&#7851;n nh&#7845;t th&ocirc;ng qua hotline\/zalo: <a href=\"https:\/\/zalo.me\/0903991335\" target=\"_blank\" rel=\"noopener\" style=\"color: #059669; font-weight: bold; text-decoration: none;\">0903 991 335<\/a>!<\/p><div style=\"background-color: #f8fafc; border: 1px solid #e2e8f0; border-radius: 8px; padding: 25px; max-width: 800px; margin: 30px auto; color: #334155; line-height: 1.8; font-size: 17px; box-shadow: 0 4px 6px -1px rgba(0,0,0,0.05); text-align: left; clear: both;\">\nC&ocirc;ng ty TNHH Th&#432;&#417;ng M&#7841;i D&#7883;ch V&#7909; Thi&#7871;t B&#7883; C&ocirc;ng Ngh&#7879; V&#7841;n N&#259;ng\n<p style=\"margin: 0 0 10px 0;\">&#128205; <strong style=\"color: #1e293b;\">&#272;&#7883;a ch&#7881;:<\/strong> <a style=\"color: #059669; text-decoration: none; font-weight: bold;\" href=\"https:\/\/www.google.com\/maps\/search\/C%C3%B4ng+ty+TNHH+Th%C6%B0%C6%A1ng+M%E1%BA%A1i+D%E1%BB%8Bch+V%E1%BB%A5+Thi%E1%BA%BFt+B%E1%BB%8B+C%C3%B4ng+Ngh%E1%BB%87+V%E1%BA%A1n+N%C4%83ng+818+Tr%C6%B0%E1%BB%9Dng+Chinh\" target=\"_blank\" rel=\"noopener\">818 Tr&#432;&#7901;ng Chinh, Ph&#432;&#7901;ng T&acirc;n S&#417;n, Th&agrave;nh ph&#7889; H&#7891; Ch&iacute; Minh, Vi&#7879;t Nam<\/a><\/p>\n<p style=\"margin: 0 0 10px 0;\">&#128222; <strong style=\"color: #1e293b;\">S&#272;T &ndash; Zalo:<\/strong> <a style=\"color: #059669; text-decoration: none; font-weight: bold;\" href=\"https:\/\/zalo.me\/0903991335\" target=\"_blank\" rel=\"noopener\">0903 991 335<\/a> <span style=\"color: #64748b; font-style: italic;\">(Ms. H&#7841;nh &ndash; Gi&aacute;m &#272;&#7889;c Kinh Doanh)<\/span><\/p>\n<p style=\"margin: 0;\">&#9993;&#65039; <strong style=\"color: #1e293b;\">Email:<\/strong> <a style=\"color: #059669; text-decoration: none; font-weight: bold;\" href=\"mailto:hienhanh@vannangvn.com\">hienhanh@vannangvn.com<\/a><\/p>\n<\/div><\/h1>","protected":false},"excerpt":{"rendered":"<p><strong>Th&#432;&#417;ng hi&#7879;u:<\/strong> OEM<br>\n<strong>Model:<\/strong> 7612<p>Product <strong>M&Aacute;Y &#272;O &#272;&#7896; M&#7900; ATAC 7612<\/strong> ch&iacute;nh h&atilde;ng. <\/p><\/p>","protected":false},"featured_media":0,"comment_status":"open","ping_status":"closed","template":"","meta":[],"product_brand":[],"product_cat":[18],"product_tag":[883,1425,1828,109,181],"class_list":{"0":"post-6753","1":"product","2":"type-product","3":"status-publish","5":"product_cat-chua-phan-loai","6":"product_tag-mo","7":"product_tag-atac","8":"product_tag-1828","9":"product_tag-may","10":"product_tag-do","12":"first","13":"instock","14":"shipping-taxable","15":"product-type-simple"},"yoast_head":"<!-- This site is optimized with the Yoast SEO Premium plugin v24.8 (Yoast SEO v24.8) - https:\/\/yoast.com\/wordpress\/plugins\/seo\/ -->\n<title>M\u00c1Y \u0110O \u0110\u1ed8 M\u1edc ATAC 7612 ch\u00ednh h\u00e3ng | V\u1ea1n N\u0103ng<\/title>\n<meta name=\"description\" content=\"Mua ngay M\u00c1Y \u0110O \u0110\u1ed8 M\u1edc ATAC 7612 ch\u00ednh h\u00e3ng. Gi\u00e1 t\u1ed1t!\" \/>\n<meta name=\"robots\" content=\"noindex, follow, max-snippet:-1, max-image-preview:large, max-video-preview:-1\" \/>\n<meta property=\"og:locale\" content=\"en_US\" \/>\n<meta property=\"og:type\" content=\"article\" \/>\n<meta property=\"og:title\" content=\"M\u00c1Y \u0110O \u0110\u1ed8 M\u1edc ATAC 7612\" \/>\n<meta property=\"og:description\" content=\"Mua ngay M\u00c1Y \u0110O \u0110\u1ed8 M\u1edc ATAC 7612 ch\u00ednh h\u00e3ng. Gi\u00e1 t\u1ed1t!\" \/>\n<meta property=\"og:url\" content=\"https:\/\/vannangvn.123websitedev.com\/en\/product\/may-do-do-mo-atac-7612\/\" \/>\n<meta property=\"og:site_name\" content=\"Vannang.vn\" \/>\n<meta property=\"article:modified_time\" content=\"2026-03-30T11:27:34+00:00\" \/>\n<meta name=\"twitter:card\" content=\"summary_large_image\" \/>\n<meta name=\"twitter:label1\" content=\"Est. reading time\" \/>\n\t<meta name=\"twitter:data1\" content=\"11 minutes\" \/>\n<script type=\"application\/ld+json\" class=\"yoast-schema-graph\">{\"@context\":\"https:\/\/schema.org\",\"@graph\":[{\"@type\":\"WebPage\",\"@id\":\"https:\/\/vannangvn.123websitedev.com\/san-pham\/may-do-do-mo-atac-7612\/\",\"url\":\"https:\/\/vannangvn.123websitedev.com\/san-pham\/may-do-do-mo-atac-7612\/\",\"name\":\"M\u00c1Y \u0110O \u0110\u1ed8 M\u1edc ATAC 7612 ch\u00ednh h\u00e3ng | V\u1ea1n N\u0103ng\",\"isPartOf\":{\"@id\":\"https:\/\/vannangvn.123websitedev.com\/#website\"},\"datePublished\":\"2026-03-20T10:36:02+00:00\",\"dateModified\":\"2026-03-30T11:27:34+00:00\",\"description\":\"Mua ngay M\u00c1Y \u0110O \u0110\u1ed8 M\u1edc ATAC 7612 ch\u00ednh h\u00e3ng. Gi\u00e1 t\u1ed1t!\",\"breadcrumb\":{\"@id\":\"https:\/\/vannangvn.123websitedev.com\/san-pham\/may-do-do-mo-atac-7612\/#breadcrumb\"},\"inLanguage\":\"en-US\",\"potentialAction\":[{\"@type\":\"ReadAction\",\"target\":[\"https:\/\/vannangvn.123websitedev.com\/san-pham\/may-do-do-mo-atac-7612\/\"]}]},{\"@type\":\"BreadcrumbList\",\"@id\":\"https:\/\/vannangvn.123websitedev.com\/san-pham\/may-do-do-mo-atac-7612\/#breadcrumb\",\"itemListElement\":[{\"@type\":\"ListItem\",\"position\":1,\"name\":\"Trang ch\u1ee7\",\"item\":\"https:\/\/vannangvn.123websitedev.com\/\"},{\"@type\":\"ListItem\",\"position\":2,\"name\":\"S\u1ea3n ph\u1ea9m\",\"item\":\"https:\/\/vannangvn.123websitedev.com\/cua-hang\/\"},{\"@type\":\"ListItem\",\"position\":3,\"name\":\"M\u00c1Y \u0110O \u0110\u1ed8 M\u1edc ATAC 7612\"}]},{\"@type\":\"WebSite\",\"@id\":\"https:\/\/vannangvn.123websitedev.com\/#website\",\"url\":\"https:\/\/vannangvn.123websitedev.com\/\",\"name\":\"Vannang.vn\",\"description\":\"\",\"publisher\":{\"@id\":\"https:\/\/vannangvn.123websitedev.com\/#organization\"},\"potentialAction\":[{\"@type\":\"SearchAction\",\"target\":{\"@type\":\"EntryPoint\",\"urlTemplate\":\"https:\/\/vannangvn.123websitedev.com\/?s={search_term_string}\"},\"query-input\":{\"@type\":\"PropertyValueSpecification\",\"valueRequired\":true,\"valueName\":\"search_term_string\"}}],\"inLanguage\":\"en-US\"},{\"@type\":\"Organization\",\"@id\":\"https:\/\/vannangvn.123websitedev.com\/#organization\",\"name\":\"Vannang.vn\",\"url\":\"https:\/\/vannangvn.123websitedev.com\/\",\"logo\":{\"@type\":\"ImageObject\",\"inLanguage\":\"en-US\",\"@id\":\"https:\/\/vannangvn.123websitedev.com\/#\/schema\/logo\/image\/\",\"url\":\"https:\/\/vannangvn.123websitedev.com\/wp-content\/uploads\/2026\/02\/logo-van-nang-02.png\",\"contentUrl\":\"https:\/\/vannangvn.123websitedev.com\/wp-content\/uploads\/2026\/02\/logo-van-nang-02.png\",\"width\":448,\"height\":111,\"caption\":\"Vannang.vn\"},\"image\":{\"@id\":\"https:\/\/vannangvn.123websitedev.com\/#\/schema\/logo\/image\/\"}}]}<\/script>\n<!-- \/ Yoast SEO Premium plugin. -->","yoast_head_json":{"title":"M\u00c1Y \u0110O \u0110\u1ed8 M\u1edc ATAC 7612 ch\u00ednh h\u00e3ng | V\u1ea1n N\u0103ng","description":"Mua ngay M\u00c1Y \u0110O \u0110\u1ed8 M\u1edc ATAC 7612 ch\u00ednh h\u00e3ng. Gi\u00e1 t\u1ed1t!","robots":{"index":"noindex","follow":"follow","max-snippet":"max-snippet:-1","max-image-preview":"max-image-preview:large","max-video-preview":"max-video-preview:-1"},"og_locale":"en_US","og_type":"article","og_title":"M\u00c1Y \u0110O \u0110\u1ed8 M\u1edc ATAC 7612","og_description":"Mua ngay M\u00c1Y \u0110O \u0110\u1ed8 M\u1edc ATAC 7612 ch\u00ednh h\u00e3ng. Gi\u00e1 t\u1ed1t!","og_url":"https:\/\/vannangvn.123websitedev.com\/en\/product\/may-do-do-mo-atac-7612\/","og_site_name":"Vannang.vn","article_modified_time":"2026-03-30T11:27:34+00:00","twitter_card":"summary_large_image","twitter_misc":{"Est. reading time":"11 minutes"},"schema":{"@context":"https:\/\/schema.org","@graph":[{"@type":"WebPage","@id":"https:\/\/vannangvn.123websitedev.com\/san-pham\/may-do-do-mo-atac-7612\/","url":"https:\/\/vannangvn.123websitedev.com\/san-pham\/may-do-do-mo-atac-7612\/","name":"M\u00c1Y \u0110O \u0110\u1ed8 M\u1edc ATAC 7612 ch\u00ednh h\u00e3ng | V\u1ea1n N\u0103ng","isPartOf":{"@id":"https:\/\/vannangvn.123websitedev.com\/#website"},"datePublished":"2026-03-20T10:36:02+00:00","dateModified":"2026-03-30T11:27:34+00:00","description":"Mua ngay M\u00c1Y \u0110O \u0110\u1ed8 M\u1edc ATAC 7612 ch\u00ednh h\u00e3ng. Gi\u00e1 t\u1ed1t!","breadcrumb":{"@id":"https:\/\/vannangvn.123websitedev.com\/san-pham\/may-do-do-mo-atac-7612\/#breadcrumb"},"inLanguage":"en-US","potentialAction":[{"@type":"ReadAction","target":["https:\/\/vannangvn.123websitedev.com\/san-pham\/may-do-do-mo-atac-7612\/"]}]},{"@type":"BreadcrumbList","@id":"https:\/\/vannangvn.123websitedev.com\/san-pham\/may-do-do-mo-atac-7612\/#breadcrumb","itemListElement":[{"@type":"ListItem","position":1,"name":"Trang ch\u1ee7","item":"https:\/\/vannangvn.123websitedev.com\/"},{"@type":"ListItem","position":2,"name":"S\u1ea3n ph\u1ea9m","item":"https:\/\/vannangvn.123websitedev.com\/cua-hang\/"},{"@type":"ListItem","position":3,"name":"M\u00c1Y \u0110O \u0110\u1ed8 M\u1edc ATAC 7612"}]},{"@type":"WebSite","@id":"https:\/\/vannangvn.123websitedev.com\/#website","url":"https:\/\/vannangvn.123websitedev.com\/","name":"Vannang.vn","description":"","publisher":{"@id":"https:\/\/vannangvn.123websitedev.com\/#organization"},"potentialAction":[{"@type":"SearchAction","target":{"@type":"EntryPoint","urlTemplate":"https:\/\/vannangvn.123websitedev.com\/?s={search_term_string}"},"query-input":{"@type":"PropertyValueSpecification","valueRequired":true,"valueName":"search_term_string"}}],"inLanguage":"en-US"},{"@type":"Organization","@id":"https:\/\/vannangvn.123websitedev.com\/#organization","name":"Vannang.vn","url":"https:\/\/vannangvn.123websitedev.com\/","logo":{"@type":"ImageObject","inLanguage":"en-US","@id":"https:\/\/vannangvn.123websitedev.com\/#\/schema\/logo\/image\/","url":"https:\/\/vannangvn.123websitedev.com\/wp-content\/uploads\/2026\/02\/logo-van-nang-02.png","contentUrl":"https:\/\/vannangvn.123websitedev.com\/wp-content\/uploads\/2026\/02\/logo-van-nang-02.png","width":448,"height":111,"caption":"Vannang.vn"},"image":{"@id":"https:\/\/vannangvn.123websitedev.com\/#\/schema\/logo\/image\/"}}]}},"_links":{"self":[{"href":"https:\/\/vannangvn.123websitedev.com\/en\/wp-json\/wp\/v2\/product\/6753","targetHints":{"allow":["GET"]}}],"collection":[{"href":"https:\/\/vannangvn.123websitedev.com\/en\/wp-json\/wp\/v2\/product"}],"about":[{"href":"https:\/\/vannangvn.123websitedev.com\/en\/wp-json\/wp\/v2\/types\/product"}],"replies":[{"embeddable":true,"href":"https:\/\/vannangvn.123websitedev.com\/en\/wp-json\/wp\/v2\/comments?post=6753"}],"wp:attachment":[{"href":"https:\/\/vannangvn.123websitedev.com\/en\/wp-json\/wp\/v2\/media?parent=6753"}],"wp:term":[{"taxonomy":"product_brand","embeddable":true,"href":"https:\/\/vannangvn.123websitedev.com\/en\/wp-json\/wp\/v2\/product_brand?post=6753"},{"taxonomy":"product_cat","embeddable":true,"href":"https:\/\/vannangvn.123websitedev.com\/en\/wp-json\/wp\/v2\/product_cat?post=6753"},{"taxonomy":"product_tag","embeddable":true,"href":"https:\/\/vannangvn.123websitedev.com\/en\/wp-json\/wp\/v2\/product_tag?post=6753"}],"curies":[{"name":"wp","href":"https:\/\/api.w.org\/{rel}","templated":true}]}}