{"id":6770,"date":"2026-03-20T17:36:26","date_gmt":"2026-03-20T10:36:26","guid":{"rendered":"https:\/\/vannangvn.123websitedev.com\/san-pham\/may-do-do-nhot-biuged-model-bgd-159\/"},"modified":"2026-03-30T18:27:58","modified_gmt":"2026-03-30T11:27:58","slug":"may-do-do-nhot-biuged-model-bgd-159","status":"publish","type":"product","link":"https:\/\/vannangvn.123websitedev.com\/en\/product\/may-do-do-nhot-biuged-model-bgd-159\/","title":{"rendered":"M\u00c1Y \u0110O \u0110\u1ed8 NH\u1edaT BIUGED MODEL BGD 159"},"content":{"rendered":"<h1 style=\"color: red; font-weight: bold; font-size: 24px;\">T&#7893;ng quan s&#7843;n ph&#7849;m M&Aacute;Y &#272;O &#272;&#7896; NH&#7898;T BIUGED MODEL BGD 159<p>M&aacute;y &#272;o &#272;&#7897; Nh&#7899;t (Cone and Plate Viscometers) Biuged Model BGD 159<br>\nM&aacute;y &#272;o &#272;&#7897; Nh&#7899;t Biuged BGD 159 l&agrave; thi&#7871;t b&#7883; &#273;o &#273;&#7897; nh&#7899;t d&#7841;ng h&igrave;nh n&oacute;n v&agrave; t&#7845;m, &#273;&#432;&#7907;c thi&#7871;t k&#7871; &#273;&#7863;c bi&#7879;t &#273;&#7875; ph&acirc;n t&iacute;ch &#273;&#7863;c t&iacute;nh l&#432;u bi&#7871;n c&#7911;a c&aacute;c ch&#7845;t l&#7887;ng phi Newton nh&#432; s&#417;n, ch&#7845;t ph&#7911;, m&#7921;c in, ch&#7845;t k&#7871;t d&iacute;nh v&agrave; c&aacute;c lo&#7841;i polymer kh&aacute;c. &#272;&#7897; nh&#7899;t c&#7911;a c&aacute;c ch&#7845;t n&agrave;y c&oacute; s&#7921; thay &#273;&#7893;i r&otilde; r&#7879;t khi &#273;&#432;&#7907;c thi c&ocirc;ng b&#7857;ng ch&#7893;i s&#417;n, con l&#259;n ho&#7863;c s&uacute;ng phun v&#7899;i t&#7889;c &#273;&#7897; c&#7855;t cao. H&atilde;y c&ugrave;ng V&#7841;n N&#259;ng t&igrave;m hi&#7875;u chi ti&#7871;t h&#417;n v&#7873; s&#7843;n ph&#7849;m th&ocirc;ng qua b&agrave;i vi&#7871;t d&#432;&#7899;i &#273;&acirc;y nh&eacute;!<\/p><p>Xem th&ecirc;m: Combo 4 M&aacute;y Ki&#7875;m Tra, &#272;&aacute;nh Gi&aacute; Ch&#7845;t L&#432;&#7907;ng Tinh B&#7897;t Chu&#7849;n Qu&#7889;c T&#7871;<\/p><p>N&eacute;t &#272;&#7863;c Tr&#432;ng C&#7911;a Biuged BGD 159<br>\nH&#7879; Th&#7889;ng N&oacute;n C&oacute; Th&#7875; Ho&aacute;n &#272;&#7893;i Linh Ho&#7841;t<br>\nM&aacute;y &#272;o &#272;&#7897; Nh&#7899;t BGD 159 &#273;&#432;&#7907;c thi&#7871;t k&#7871; v&#7899;i c&aacute;c n&oacute;n c&oacute; th&#7875; thay th&#7871; d&#7877; d&agrave;ng, gi&uacute;p &#273;&#417;n gi&#7843;n h&oacute;a qu&aacute; tr&igrave;nh l&#7855;p &#273;&#7863;t v&agrave; v&#7879; sinh. &#272;i&#7873;u n&agrave;y t&#7841;o &#273;i&#7873;u ki&#7879;n thu&#7853;n l&#7907;i cho vi&#7879;c &#273;o l&#432;&#7901;ng c&aacute;c m&#7851;u kh&aacute;c nhau v&#7899;i &#273;&#7897; ch&iacute;nh x&aacute;c cao.<br>\nL&#7921;a Ch&#7885;n T&#7889;c &#272;&#7897; C&#7855;t &#272;a D&#7841;ng<br>\nThi&#7871;t b&#7883; cho ph&eacute;p l&#7921;a ch&#7885;n t&#7889;c &#273;&#7897; c&#7855;t linh ho&#7841;t, v&#7899;i c&aacute;c t&#7889;c &#273;&#7897; ti&ecirc;u chu&#7849;n nh&#432; 750 v&ograve;ng\/ph&uacute;t v&agrave; 900 v&ograve;ng\/ph&uacute;t, gi&uacute;p t&#7841;o ra t&#7889;c &#273;&#7897; c&#7855;t l&ecirc;n &#273;&#7871;n 10.000 gi&acirc;y&#8315;&sup1;. &#272;i&#7873;u n&agrave;y &#273;&#7843;m b&#7843;o k&#7871;t qu&#7843; &#273;o ch&iacute;nh x&aacute;c trong nhi&#7873;u &#273;i&#7873;u ki&#7879;n th&#7917; nghi&#7879;m kh&aacute;c nhau.<br>\nTi&ecirc;u T&#7889;n L&#432;&#7907;ng M&#7851;u Nh&#7887; (\nC&ocirc;ng ty TNHH Th&#432;&#417;ng M&#7841;i D&#7883;ch V&#7909; Thi&#7871;t B&#7883; C&ocirc;ng Ngh&#7879; V&#7841;n N&#259;ng<\/p><p style=\"margin: 0 0 10px 0;\">&#128205; <strong style=\"color: #1e293b;\">&#272;&#7883;a ch&#7881;:<\/strong> <a style=\"color: #059669; text-decoration: none; font-weight: bold;\" href=\"https:\/\/www.google.com\/maps\/search\/C%C3%B4ng+ty+TNHH+Th%C6%B0%C6%A1ng+M%E1%BA%A1i+D%E1%BB%8Bch+V%E1%BB%A5+Thi%E1%BA%BFt+B%E1%BB%8B+C%C3%B4ng+Ngh%E1%BB%87+V%E1%BA%A1n+N%C4%83ng+818+Tr%C6%B0%E1%BB%9Dng+Chinh\" target=\"_blank\" rel=\"noopener\">818 Tr&#432;&#7901;ng Chinh, Ph&#432;&#7901;ng T&acirc;n S&#417;n, Th&agrave;nh ph&#7889; H&#7891; Ch&iacute; Minh, Vi&#7879;t Nam<\/a><\/p><p style=\"margin: 0 0 10px 0;\">&#128222; <strong style=\"color: #1e293b;\">S&#272;T &ndash; Zalo:<\/strong> <a style=\"color: #059669; text-decoration: none; font-weight: bold;\" href=\"https:\/\/zalo.me\/0903991335\" target=\"_blank\" rel=\"noopener\">0903 991 335<\/a> <span style=\"color: #64748b; font-style: italic;\">(Ms. H&#7841;nh &ndash; Gi&aacute;m &#272;&#7889;c Kinh Doanh)<\/span><\/p><p style=\"margin: 0;\">&#9993;&#65039; <strong style=\"color: #1e293b;\">Email:<\/strong> <a style=\"color: #059669; text-decoration: none; font-weight: bold;\" href=\"mailto:hienhanh@vannangvn.com\">hienhanh@vannangvn.com<\/a><\/p><\/h1>","protected":false},"excerpt":{"rendered":"<p><strong>Th&#432;&#417;ng hi&#7879;u:<\/strong> Biuged Laboratory Instruments<br>\n<strong>Model:<\/strong> BGD 159<p>Product <strong>M&Aacute;Y &#272;O &#272;&#7896; NH&#7898;T BIUGED MODEL BGD 159<\/strong> ch&iacute;nh h&atilde;ng. Biuged Laboratory Instruments (China)<br>\nBiuged BGD 159 kh&ocirc;ng ch&#7881; cung c&#7845;p k&#7871;t qu&#7843; ch&iacute;nh x&aacute;c m&agrave; c&ograve;n gi&uacute;p ki&#7875;m so&aacute;t ch&#7845;t l&#432;&#7907;ng s&#7843;n ph&#7849;m, &#273;&#7843;m b&#7843;o t&iacute;nh nh&#7845;t qu&aacute;n trong qu&aacute; tr&igrave;nh s&#7843;n xu&#7845;t. V&#7899;i thi&#7871;t k&#7871; ti&ecirc;n ti&#7871;n, m&agrave;n h&igrave;nh c&#7843;m &#7913;ng hi&#7879;n &#273;&#7841;i v&agrave; h&#7879; th&#7889;ng &#273;i&#7873;u khi&#7875;n nhi&#7879;t &#273;&#7897; t&iacute;ch h&#7907;p, &#273;&acirc;y l&agrave; l&#7921;a ch&#7885;n l&yacute; t&#432;&#7903;ng cho c&aacute;c ph&ograve;ng th&iacute; nghi&#7879;m, trung t&acirc;m nghi&ecirc;n c&#7913;u v&agrave; c&aacute;c &#273;&#417;n v&#7883; s&#7843;n xu&#7845;t.<\/p><\/p>","protected":false},"featured_media":9215,"comment_status":"open","ping_status":"closed","template":"","meta":[],"product_brand":[],"product_cat":[18],"product_tag":[218,219,366,1854,109,116,181],"class_list":{"0":"post-6770","1":"product","2":"type-product","3":"status-publish","4":"has-post-thumbnail","6":"product_cat-chua-phan-loai","7":"product_tag-biuged","8":"product_tag-bgd","9":"product_tag-nhot","10":"product_tag-1854","11":"product_tag-may","12":"product_tag-model","13":"product_tag-do","15":"first","16":"instock","17":"shipping-taxable","18":"product-type-simple"},"yoast_head":"<!-- This site is optimized with the Yoast SEO Premium plugin v24.8 (Yoast SEO v24.8) - https:\/\/yoast.com\/wordpress\/plugins\/seo\/ -->\n<title>M\u00c1Y \u0110O \u0110\u1ed8 NH\u1edaT BIUGED MODEL BGD 159 ch\u00ednh h\u00e3ng | V\u1ea1n N\u0103ng<\/title>\n<meta name=\"description\" content=\"Mua ngay M\u00c1Y \u0110O \u0110\u1ed8 NH\u1edaT BIUGED MODEL BGD 159 ch\u00ednh h\u00e3ng. Biuged BGD 159 kh\u00f4ng ch\u1ec9 cung c\u1ea5p k\u1ebft qu\u1ea3 ch\u00ednh x\u00e1c m\u00e0 c\u00f2n gi\u00fap ki\u1ec3m so\u00e1t... Gi\u00e1 t\u1ed1t!\" \/>\n<meta name=\"robots\" content=\"noindex, follow, max-snippet:-1, max-image-preview:large, max-video-preview:-1\" \/>\n<meta property=\"og:locale\" content=\"en_US\" \/>\n<meta property=\"og:type\" content=\"article\" \/>\n<meta property=\"og:title\" content=\"M\u00c1Y \u0110O \u0110\u1ed8 NH\u1edaT BIUGED MODEL BGD 159\" \/>\n<meta property=\"og:description\" content=\"Mua ngay M\u00c1Y \u0110O \u0110\u1ed8 NH\u1edaT BIUGED MODEL BGD 159 ch\u00ednh h\u00e3ng. Biuged BGD 159 kh\u00f4ng ch\u1ec9 cung c\u1ea5p k\u1ebft qu\u1ea3 ch\u00ednh x\u00e1c m\u00e0 c\u00f2n gi\u00fap ki\u1ec3m so\u00e1t... Gi\u00e1 t\u1ed1t!\" \/>\n<meta property=\"og:url\" content=\"https:\/\/vannangvn.123websitedev.com\/en\/product\/may-do-do-nhot-biuged-model-bgd-159\/\" \/>\n<meta property=\"og:site_name\" content=\"Vannang.vn\" \/>\n<meta property=\"article:modified_time\" content=\"2026-03-30T11:27:58+00:00\" \/>\n<meta property=\"og:image\" content=\"http:\/\/vannangvn.123websitedev.com\/wp-content\/uploads\/2026\/03\/Biuged-Model-BGD-159-no.2-copy.jpg\" \/>\n\t<meta property=\"og:image:width\" content=\"768\" \/>\n\t<meta property=\"og:image:height\" content=\"576\" \/>\n\t<meta property=\"og:image:type\" content=\"image\/jpeg\" \/>\n<meta name=\"twitter:card\" content=\"summary_large_image\" \/>\n<meta name=\"twitter:label1\" content=\"Est. reading time\" \/>\n\t<meta name=\"twitter:data1\" content=\"2 minutes\" \/>\n<script type=\"application\/ld+json\" class=\"yoast-schema-graph\">{\"@context\":\"https:\/\/schema.org\",\"@graph\":[{\"@type\":\"WebPage\",\"@id\":\"https:\/\/vannangvn.123websitedev.com\/san-pham\/may-do-do-nhot-biuged-model-bgd-159\/\",\"url\":\"https:\/\/vannangvn.123websitedev.com\/san-pham\/may-do-do-nhot-biuged-model-bgd-159\/\",\"name\":\"M\u00c1Y \u0110O \u0110\u1ed8 NH\u1edaT BIUGED MODEL BGD 159 ch\u00ednh h\u00e3ng | V\u1ea1n N\u0103ng\",\"isPartOf\":{\"@id\":\"https:\/\/vannangvn.123websitedev.com\/#website\"},\"primaryImageOfPage\":{\"@id\":\"https:\/\/vannangvn.123websitedev.com\/san-pham\/may-do-do-nhot-biuged-model-bgd-159\/#primaryimage\"},\"image\":{\"@id\":\"https:\/\/vannangvn.123websitedev.com\/san-pham\/may-do-do-nhot-biuged-model-bgd-159\/#primaryimage\"},\"thumbnailUrl\":\"https:\/\/vannangvn.123websitedev.com\/wp-content\/uploads\/2026\/03\/Biuged-Model-BGD-159-no.2-copy.jpg\",\"datePublished\":\"2026-03-20T10:36:26+00:00\",\"dateModified\":\"2026-03-30T11:27:58+00:00\",\"description\":\"Mua ngay M\u00c1Y \u0110O \u0110\u1ed8 NH\u1edaT BIUGED MODEL BGD 159 ch\u00ednh h\u00e3ng. Biuged BGD 159 kh\u00f4ng ch\u1ec9 cung c\u1ea5p k\u1ebft qu\u1ea3 ch\u00ednh x\u00e1c m\u00e0 c\u00f2n gi\u00fap ki\u1ec3m so\u00e1t... Gi\u00e1 t\u1ed1t!\",\"breadcrumb\":{\"@id\":\"https:\/\/vannangvn.123websitedev.com\/san-pham\/may-do-do-nhot-biuged-model-bgd-159\/#breadcrumb\"},\"inLanguage\":\"en-US\",\"potentialAction\":[{\"@type\":\"ReadAction\",\"target\":[\"https:\/\/vannangvn.123websitedev.com\/san-pham\/may-do-do-nhot-biuged-model-bgd-159\/\"]}]},{\"@type\":\"ImageObject\",\"inLanguage\":\"en-US\",\"@id\":\"https:\/\/vannangvn.123websitedev.com\/san-pham\/may-do-do-nhot-biuged-model-bgd-159\/#primaryimage\",\"url\":\"https:\/\/vannangvn.123websitedev.com\/wp-content\/uploads\/2026\/03\/Biuged-Model-BGD-159-no.2-copy.jpg\",\"contentUrl\":\"https:\/\/vannangvn.123websitedev.com\/wp-content\/uploads\/2026\/03\/Biuged-Model-BGD-159-no.2-copy.jpg\",\"width\":768,\"height\":576},{\"@type\":\"BreadcrumbList\",\"@id\":\"https:\/\/vannangvn.123websitedev.com\/san-pham\/may-do-do-nhot-biuged-model-bgd-159\/#breadcrumb\",\"itemListElement\":[{\"@type\":\"ListItem\",\"position\":1,\"name\":\"Trang ch\u1ee7\",\"item\":\"https:\/\/vannangvn.123websitedev.com\/\"},{\"@type\":\"ListItem\",\"position\":2,\"name\":\"S\u1ea3n ph\u1ea9m\",\"item\":\"https:\/\/vannangvn.123websitedev.com\/cua-hang\/\"},{\"@type\":\"ListItem\",\"position\":3,\"name\":\"M\u00c1Y \u0110O \u0110\u1ed8 NH\u1edaT BIUGED MODEL BGD 159\"}]},{\"@type\":\"WebSite\",\"@id\":\"https:\/\/vannangvn.123websitedev.com\/#website\",\"url\":\"https:\/\/vannangvn.123websitedev.com\/\",\"name\":\"Vannang.vn\",\"description\":\"\",\"publisher\":{\"@id\":\"https:\/\/vannangvn.123websitedev.com\/#organization\"},\"potentialAction\":[{\"@type\":\"SearchAction\",\"target\":{\"@type\":\"EntryPoint\",\"urlTemplate\":\"https:\/\/vannangvn.123websitedev.com\/?s={search_term_string}\"},\"query-input\":{\"@type\":\"PropertyValueSpecification\",\"valueRequired\":true,\"valueName\":\"search_term_string\"}}],\"inLanguage\":\"en-US\"},{\"@type\":\"Organization\",\"@id\":\"https:\/\/vannangvn.123websitedev.com\/#organization\",\"name\":\"Vannang.vn\",\"url\":\"https:\/\/vannangvn.123websitedev.com\/\",\"logo\":{\"@type\":\"ImageObject\",\"inLanguage\":\"en-US\",\"@id\":\"https:\/\/vannangvn.123websitedev.com\/#\/schema\/logo\/image\/\",\"url\":\"https:\/\/vannangvn.123websitedev.com\/wp-content\/uploads\/2026\/02\/logo-van-nang-02.png\",\"contentUrl\":\"https:\/\/vannangvn.123websitedev.com\/wp-content\/uploads\/2026\/02\/logo-van-nang-02.png\",\"width\":448,\"height\":111,\"caption\":\"Vannang.vn\"},\"image\":{\"@id\":\"https:\/\/vannangvn.123websitedev.com\/#\/schema\/logo\/image\/\"}}]}<\/script>\n<!-- \/ Yoast SEO Premium plugin. -->","yoast_head_json":{"title":"M\u00c1Y \u0110O \u0110\u1ed8 NH\u1edaT BIUGED MODEL BGD 159 ch\u00ednh h\u00e3ng | V\u1ea1n N\u0103ng","description":"Mua ngay M\u00c1Y \u0110O \u0110\u1ed8 NH\u1edaT BIUGED MODEL BGD 159 ch\u00ednh h\u00e3ng. Biuged BGD 159 kh\u00f4ng ch\u1ec9 cung c\u1ea5p k\u1ebft qu\u1ea3 ch\u00ednh x\u00e1c m\u00e0 c\u00f2n gi\u00fap ki\u1ec3m so\u00e1t... Gi\u00e1 t\u1ed1t!","robots":{"index":"noindex","follow":"follow","max-snippet":"max-snippet:-1","max-image-preview":"max-image-preview:large","max-video-preview":"max-video-preview:-1"},"og_locale":"en_US","og_type":"article","og_title":"M\u00c1Y \u0110O \u0110\u1ed8 NH\u1edaT BIUGED MODEL BGD 159","og_description":"Mua ngay M\u00c1Y \u0110O \u0110\u1ed8 NH\u1edaT BIUGED MODEL BGD 159 ch\u00ednh h\u00e3ng. Biuged BGD 159 kh\u00f4ng ch\u1ec9 cung c\u1ea5p k\u1ebft qu\u1ea3 ch\u00ednh x\u00e1c m\u00e0 c\u00f2n gi\u00fap ki\u1ec3m so\u00e1t... Gi\u00e1 t\u1ed1t!","og_url":"https:\/\/vannangvn.123websitedev.com\/en\/product\/may-do-do-nhot-biuged-model-bgd-159\/","og_site_name":"Vannang.vn","article_modified_time":"2026-03-30T11:27:58+00:00","og_image":[{"width":768,"height":576,"url":"http:\/\/vannangvn.123websitedev.com\/wp-content\/uploads\/2026\/03\/Biuged-Model-BGD-159-no.2-copy.jpg","type":"image\/jpeg"}],"twitter_card":"summary_large_image","twitter_misc":{"Est. reading time":"2 minutes"},"schema":{"@context":"https:\/\/schema.org","@graph":[{"@type":"WebPage","@id":"https:\/\/vannangvn.123websitedev.com\/san-pham\/may-do-do-nhot-biuged-model-bgd-159\/","url":"https:\/\/vannangvn.123websitedev.com\/san-pham\/may-do-do-nhot-biuged-model-bgd-159\/","name":"M\u00c1Y \u0110O \u0110\u1ed8 NH\u1edaT BIUGED MODEL BGD 159 ch\u00ednh h\u00e3ng | V\u1ea1n N\u0103ng","isPartOf":{"@id":"https:\/\/vannangvn.123websitedev.com\/#website"},"primaryImageOfPage":{"@id":"https:\/\/vannangvn.123websitedev.com\/san-pham\/may-do-do-nhot-biuged-model-bgd-159\/#primaryimage"},"image":{"@id":"https:\/\/vannangvn.123websitedev.com\/san-pham\/may-do-do-nhot-biuged-model-bgd-159\/#primaryimage"},"thumbnailUrl":"https:\/\/vannangvn.123websitedev.com\/wp-content\/uploads\/2026\/03\/Biuged-Model-BGD-159-no.2-copy.jpg","datePublished":"2026-03-20T10:36:26+00:00","dateModified":"2026-03-30T11:27:58+00:00","description":"Mua ngay M\u00c1Y \u0110O \u0110\u1ed8 NH\u1edaT BIUGED MODEL BGD 159 ch\u00ednh h\u00e3ng. Biuged BGD 159 kh\u00f4ng ch\u1ec9 cung c\u1ea5p k\u1ebft qu\u1ea3 ch\u00ednh x\u00e1c m\u00e0 c\u00f2n gi\u00fap ki\u1ec3m so\u00e1t... Gi\u00e1 t\u1ed1t!","breadcrumb":{"@id":"https:\/\/vannangvn.123websitedev.com\/san-pham\/may-do-do-nhot-biuged-model-bgd-159\/#breadcrumb"},"inLanguage":"en-US","potentialAction":[{"@type":"ReadAction","target":["https:\/\/vannangvn.123websitedev.com\/san-pham\/may-do-do-nhot-biuged-model-bgd-159\/"]}]},{"@type":"ImageObject","inLanguage":"en-US","@id":"https:\/\/vannangvn.123websitedev.com\/san-pham\/may-do-do-nhot-biuged-model-bgd-159\/#primaryimage","url":"https:\/\/vannangvn.123websitedev.com\/wp-content\/uploads\/2026\/03\/Biuged-Model-BGD-159-no.2-copy.jpg","contentUrl":"https:\/\/vannangvn.123websitedev.com\/wp-content\/uploads\/2026\/03\/Biuged-Model-BGD-159-no.2-copy.jpg","width":768,"height":576},{"@type":"BreadcrumbList","@id":"https:\/\/vannangvn.123websitedev.com\/san-pham\/may-do-do-nhot-biuged-model-bgd-159\/#breadcrumb","itemListElement":[{"@type":"ListItem","position":1,"name":"Trang ch\u1ee7","item":"https:\/\/vannangvn.123websitedev.com\/"},{"@type":"ListItem","position":2,"name":"S\u1ea3n ph\u1ea9m","item":"https:\/\/vannangvn.123websitedev.com\/cua-hang\/"},{"@type":"ListItem","position":3,"name":"M\u00c1Y \u0110O \u0110\u1ed8 NH\u1edaT BIUGED MODEL BGD 159"}]},{"@type":"WebSite","@id":"https:\/\/vannangvn.123websitedev.com\/#website","url":"https:\/\/vannangvn.123websitedev.com\/","name":"Vannang.vn","description":"","publisher":{"@id":"https:\/\/vannangvn.123websitedev.com\/#organization"},"potentialAction":[{"@type":"SearchAction","target":{"@type":"EntryPoint","urlTemplate":"https:\/\/vannangvn.123websitedev.com\/?s={search_term_string}"},"query-input":{"@type":"PropertyValueSpecification","valueRequired":true,"valueName":"search_term_string"}}],"inLanguage":"en-US"},{"@type":"Organization","@id":"https:\/\/vannangvn.123websitedev.com\/#organization","name":"Vannang.vn","url":"https:\/\/vannangvn.123websitedev.com\/","logo":{"@type":"ImageObject","inLanguage":"en-US","@id":"https:\/\/vannangvn.123websitedev.com\/#\/schema\/logo\/image\/","url":"https:\/\/vannangvn.123websitedev.com\/wp-content\/uploads\/2026\/02\/logo-van-nang-02.png","contentUrl":"https:\/\/vannangvn.123websitedev.com\/wp-content\/uploads\/2026\/02\/logo-van-nang-02.png","width":448,"height":111,"caption":"Vannang.vn"},"image":{"@id":"https:\/\/vannangvn.123websitedev.com\/#\/schema\/logo\/image\/"}}]}},"_links":{"self":[{"href":"https:\/\/vannangvn.123websitedev.com\/en\/wp-json\/wp\/v2\/product\/6770","targetHints":{"allow":["GET"]}}],"collection":[{"href":"https:\/\/vannangvn.123websitedev.com\/en\/wp-json\/wp\/v2\/product"}],"about":[{"href":"https:\/\/vannangvn.123websitedev.com\/en\/wp-json\/wp\/v2\/types\/product"}],"replies":[{"embeddable":true,"href":"https:\/\/vannangvn.123websitedev.com\/en\/wp-json\/wp\/v2\/comments?post=6770"}],"wp:featuredmedia":[{"embeddable":true,"href":"https:\/\/vannangvn.123websitedev.com\/en\/wp-json\/wp\/v2\/media\/9215"}],"wp:attachment":[{"href":"https:\/\/vannangvn.123websitedev.com\/en\/wp-json\/wp\/v2\/media?parent=6770"}],"wp:term":[{"taxonomy":"product_brand","embeddable":true,"href":"https:\/\/vannangvn.123websitedev.com\/en\/wp-json\/wp\/v2\/product_brand?post=6770"},{"taxonomy":"product_cat","embeddable":true,"href":"https:\/\/vannangvn.123websitedev.com\/en\/wp-json\/wp\/v2\/product_cat?post=6770"},{"taxonomy":"product_tag","embeddable":true,"href":"https:\/\/vannangvn.123websitedev.com\/en\/wp-json\/wp\/v2\/product_tag?post=6770"}],"curies":[{"name":"wp","href":"https:\/\/api.w.org\/{rel}","templated":true}]}}