{"id":6816,"date":"2026-03-20T17:37:20","date_gmt":"2026-03-20T10:37:20","guid":{"rendered":"https:\/\/vannangvn.123websitedev.com\/san-pham\/may-do-do-nhot-quay-anton-paar-model-viscoqc-300-r\/"},"modified":"2026-03-30T18:29:03","modified_gmt":"2026-03-30T11:29:03","slug":"may-do-do-nhot-quay-anton-paar-model-viscoqc-300-r","status":"publish","type":"product","link":"https:\/\/vannangvn.123websitedev.com\/en\/product\/may-do-do-nhot-quay-anton-paar-model-viscoqc-300-r\/","title":{"rendered":"M\u00c1Y \u0110O \u0110\u1ed8 NH\u1edaT QUAY ANTON PAAR MODEL VISCOQC 300 R"},"content":{"rendered":"<h1 style=\"color: red; font-weight: bold; font-size: 24px;\">T&#7893;ng quan s&#7843;n ph&#7849;m M&Aacute;Y &#272;O &#272;&#7896; NH&#7898;T QUAY ANTON PAAR MODEL VISCOQC 300 R<p>M&aacute;y &#272;o &#272;&#7897; Nh&#7899;t Quay (Rotational Viscometer) Anton Paar Model ViscoQC 300 R<br>\nM&aacute;y &#273;o &#273;&#7897; nh&#7899;t quay ViscoQC 300 R &#273;&#7871;n t&#7915; th&#432;&#417;ng hi&#7879;u n&#7893;i ti&#7871;ng Ch&acirc;u &Acirc;u &ndash; Anton Paar l&agrave; m&#7897;t c&ocirc;ng c&#7909; h&agrave;ng &#273;&#7847;u &#273;&#7875; x&aacute;c &#273;&#7883;nh &#273;&#7897; nh&#7899;t c&#7911;a ch&#7845;t l&#7887;ng ho&#7863;c ch&#7845;t b&aacute;n r&#7855;n. V&#7899;i thi&#7871;t k&#7871; &#273;&#417;n gi&#7843;n, c&#417; ch&#7871; trao &#273;&#7893;i tr&#7909;c nhanh ch&oacute;ng, v&agrave; t&iacute;nh n&#259;ng t&#7921; &#273;&#7897;ng nh&#7853;n di&#7879;n tr&#7909;c, ViscoQC 100 R gi&uacute;p ng&#432;&#7901;i d&ugrave;ng lo&#7841;i b&#7887; nguy c&#417; sai s&oacute;t trong &#273;o l&#432;&#7901;ng v&agrave; ti&#7871;t ki&#7879;m th&#7901;i gian c&#361;ng nh&#432; chi ph&iacute; cho doanh nghi&#7879;p. H&atilde;y c&ugrave;ng Thi&#7871;t B&#7883; C&ocirc;ng Ngh&#7879; V&#7841;n N&#259;ng Company t&igrave;m hi&#7875;u chi ti&#7871;t h&#417;n v&#7873; s&#7843;n ph&#7849;m th&ocirc;ng qua b&agrave;i vi&#7871;t d&#432;&#7899;i &#273;&acirc;y nh&eacute;!<\/p><p>Xem Th&ecirc;m: Thi&#7871;t B&#7883; Ki&#7875;m Tra Ph&acirc;n T&iacute;ch Nhi&#7879;t &#272;&#7897; Trong L&ograve; S&#7845;y S&#417;n B&#7897;t T&#297;nh &#272;i&#7879;n H&atilde;ng Phoenixtm, Xu&#7845;t X&#7913; Anh<\/p><h2 style=\"color: #2e7d32; font-weight: bold; font-size: 20px;\">&#272;&#7863;c &#272;i&#7875;m C&#7911;a M&aacute;y &#272;o &#272;&#7897; Nh&#7899;t Quay ViscoQC 300 R<\/h2><p>Thi&#7871;t l&#7853;p d&#7877; d&agrave;ng v&agrave; nhanh ch&oacute;ng<br>\nThi&#7871;t l&#7853;p trong v&ograve;ng hai ph&uacute;t: Thi&#7871;t b&#7883; &#273;o &#273;&#7897; nh&#7899;t ViscoQC 300 R &#273;&#432;&#7907;c l&#7855;p r&aacute;p ho&agrave;n thi&#7879;n s&#7861;n v&agrave; &#273;i k&egrave;m v&#7899;i m&#7897;t quy&#7875;n s&aacute;ch h&#432;&#7899;ng d&#7851;n SOP chi ti&#7871;t, gi&uacute;p ng&#432;&#7901;i d&ugrave;ng c&oacute; th&#7875; d&#7877; d&agrave;ng thi&#7871;t l&#7853;p v&agrave; b&#7855;t &#273;&#7847;u &#273;o l&#432;&#7901;ng ch&#7881; trong v&ograve;ng ch&#432;a &#273;&#7847;y hai ph&uacute;t. M&aacute;y &#273;o &#273;&#7897; nh&#7899;t c&oacute; giao di&#7879;n ng&#432;&#7901;i d&ugrave;ng tr&#7921;c quan, gi&uacute;p ng&#432;&#7901;i d&ugrave;ng d&#7877; d&agrave;ng th&#7921;c hi&#7879;n c&aacute;c ph&eacute;p &#273;o t&#7915; kh&acirc;u chu&#7849;n b&#7883; &#273;&#7871;n kh&#7903;i &#273;&#7897;ng v&agrave; k&#7871;t th&uacute;c.<br>\nS&#7917; d&#7909;ng SOP hi&#7879;n t&#7841;i: Ng&#432;&#7901;i d&ugrave;ng c&oacute; th&#7875; ti&#7871;p t&#7909;c s&#7917; d&#7909;ng c&aacute;c ph&#432;&#417;ng ph&aacute;p SOP c&#7911;a m&aacute;y &#273;o &#273;&#7897; nh&#7899;t quay hi&#7879;n t&#7841;i m&agrave; kh&ocirc;ng c&#7847;n b&#7845;t c&#7913; thay &#273;&#7893;i n&agrave;o. M&aacute;y &#273;o &#273;&#7897; nh&#7899;t ViscoQC 300 R s&#7917; d&#7909;ng c&ugrave;ng m&#7897;t thi&#7871;t l&#7853;p v&agrave; c&agrave;i &#273;&#7863;t &#273;o l&#432;&#7901;ng, mang l&#7841;i k&#7871;t qu&#7843; t&#432;&#417;ng t&#7921; nh&#432;ng v&#7899;i tr&#7843;i nghi&#7879;m ng&#432;&#7901;i d&ugrave;ng t&#7889;t h&#417;n.<\/p><p>Trao &#273;&#7893;i tr&#7909;c nhanh ch&oacute;ng v&agrave; an to&agrave;n<br>\nTr&#7909;c g&#7855;n t&#7915; t&iacute;nh: V&#7899;i c&#417; ch&#7871; g&#7855;n t&#7915; t&iacute;nh, M&aacute;y ViscoQC 300 R cho ph&eacute;p ng&#432;&#7901;i d&ugrave;ng thay &#273;&#7893;i tr&#7909;c m&#7897;t c&aacute;ch nhanh ch&oacute;ng, an to&agrave;n v&agrave; d&#7877; d&agrave;ng. &#272;i&#7873;u n&agrave;y kh&ocirc;ng ch&#7881; ti&#7871;t ki&#7879;m th&#7901;i gian m&agrave; c&ograve;n gi&#7843;m nguy c&#417; l&agrave;m h&#7887;ng tr&#7909;c ho&#7863;c m&aacute;y trong qu&aacute; tr&igrave;nh thay &#273;&#7893;i.<br>\nTruy xu&#7845;t ngu&#7891;n g&#7889;c ho&agrave;n ch&#7881;nh<br>\nT&iacute;nh n&#259;ng Toolmaster&trade;: ViscoQC-300 R &#273;&#432;&#7907;c trang b&#7883; t&iacute;nh n&#259;ng Toolmaster&trade;, t&#7921; &#273;&#7897;ng nh&#7853;n di&#7879;n tr&#7909;c ngay khi g&#7855;n v&agrave;o m&aacute;y &#273;o &#273;&#7897; nh&#7899;t, lo&#7841;i b&#7887; l&#7895;i v&agrave; &#273;&#7843;m b&#7843;o m&#7885;i ph&eacute;p &#273;o &#273;&#7873;u c&oacute; th&#7875; truy xu&#7845;t ngu&#7891;n g&#7889;c 100%. &#272;i&#7873;u n&agrave;y gi&uacute;p doanh nghi&#7879;p duy tr&igrave; ch&#7845;t l&#432;&#7907;ng v&agrave; &#273;&#7897; tin c&#7853;y c&#7911;a c&aacute;c ph&eacute;p &#273;o &#273;&#7897; nh&#7899;t m&#7897;t c&aacute;ch d&#7877; d&agrave;ng.<\/p><p>Xem Th&ecirc;m: Thi&#7871;t B&#7883; &#272;o &#272;&#7897; D&agrave;y L&#7899;p Ph&#7911; Antifinger KURABO Model NR2100IB<\/p><p>&#431;u &#272;i&#7875;m C&#7911;a M&aacute;y &#272;o &#272;&#7897; Nh&#7899;t ViscoQC 300 R<br>\n&#7912;ng d&#7909;ng &#273;a d&#7841;ng<\/p><p>Ng&agrave;nh th&#7921;c ph&#7849;m: Thi&#7871;t b&#7883; &#273;o &#273;&#7897; nh&#7899;t quay ViscoQC 300 R gi&uacute;p ki&#7875;m tra &#273;&#7897; nh&#7899;t c&#7911;a c&aacute;c s&#7843;n ph&#7849;m nh&#432; s&#7889;t, kem v&agrave; &#273;&#7891; u&#7889;ng, &#273;&#7843;m b&#7843;o ch&#7845;t l&#432;&#7907;ng s&#7843;n ph&#7849;m &#273;&#7891;ng &#273;&#7873;u v&agrave; &#273;&#7841;t ti&ecirc;u chu&#7849;n tr&#432;&#7899;c khi s&#7843;n xu&#7845;t h&agrave;ng lo&#7841;t ho&#7863;c &#273;&#432;a s&#7843;n ph&#7849;m ra th&#7883; tr&#432;&#7901;ng. Doanh nghi&#7879;p v&#7873; th&#7921;c ph&#7849;m c&oacute; th&#7875; y&ecirc;n t&acirc;m v&#7873; ch&#7845;t l&#432;&#7907;ng c&#7911;a m&aacute;y th&ocirc;ng qua c&aacute;c k&#7871;t qu&#7843; &#273;o &#273;&#7841;c &#273;&#432;&#7907;c.<br>\nNg&agrave;nh h&oacute;a ch&#7845;t: &#272;o &#273;&#7897; nh&#7899;t c&#7911;a c&aacute;c ch&#7845;t l&#7887;ng h&oacute;a h&#7885;c, d&#7847;u nh&#7901;n, v&agrave; c&aacute;c s&#7843;n ph&#7849;m c&ocirc;ng nghi&#7879;p kh&aacute;c, h&#7895; tr&#7907; quy tr&igrave;nh s&#7843;n xu&#7845;t v&agrave; ki&#7875;m so&aacute;t ch&#7845;t l&#432;&#7907;ng.<br>\nNg&agrave;nh m&#7929; ph&#7849;m: &#272;&#7843;m b&#7843;o &#273;&#7897; nh&#7899;t ph&ugrave; h&#7907;p cho c&aacute;c s&#7843;n ph&#7849;m nh&#432; kem d&#432;&#7905;ng da, s&#7919;a t&#7855;m v&agrave; d&#7847;u g&#7897;i, mang l&#7841;i tr&#7843;i nghi&#7879;m t&#7889;t nh&#7845;t cho ng&#432;&#7901;i ti&ecirc;u d&ugrave;ng.<br>\nNg&agrave;nh d&#432;&#7907;c ph&#7849;m: Ki&#7875;m tra &#273;&#7897; nh&#7899;t c&#7911;a c&aacute;c dung d&#7883;ch d&#432;&#7907;c ph&#7849;m, &#273;&#7843;m b&#7843;o ch&uacute;ng &#273;&#7841;t ti&ecirc;u chu&#7849;n an to&agrave;n v&agrave; hi&#7879;u qu&#7843;.<\/p><p>L&#7907;i &iacute;ch cho doanh nghi&#7879;p<\/p><p>Ti&#7871;t ki&#7879;m th&#7901;i gian v&agrave; chi ph&iacute;: V&#7899;i thi&#7871;t l&#7853;p nhanh ch&oacute;ng v&agrave; c&#417; ch&#7871; trao &#273;&#7893;i tr&#7909;c d&#7877; d&agrave;ng, Anton Paar model ViscoQC 300 R gi&uacute;p b&#7841;n ti&#7871;t ki&#7879;m th&#7901;i gian v&agrave; chi ph&iacute; cho m&#7895;i l&#7847;n &#273;o.<br>\n&#272;&#7897; ch&iacute;nh x&aacute;c cao: ViscoQC 300 R Anton Paar &#273;&#7843;m b&#7843;o c&aacute;c k&#7871;t qu&#7843; &#273;o l&#432;&#7901;ng ch&iacute;nh x&aacute;c v&agrave; &#273;&aacute;ng tin c&#7853;y, gi&uacute;p c&#7843;i thi&#7879;n ch&#7845;t l&#432;&#7907;ng s&#7843;n ph&#7849;m v&agrave; gi&#7843;m thi&#7875;u sai s&oacute;t trong quy tr&igrave;nh s&#7843;n xu&#7845;t.<\/p><p>Nh&#7919;ng L&yacute; Do N&ecirc;n Mua M&aacute;y &#272;o &#272;&#7897; Nh&#7899;t Quay T&#7841;i Thi&#7871;t B&#7883; C&ocirc;ng Ngh&#7879; V&#7841;n N&#259;ng<\/p><p>C&ocirc;ng ty Thi&#7871;t B&#7883; C&ocirc;ng Ngh&#7879; V&#7841;n N&#259;ng l&agrave; &#273;&#7889;i t&aacute;c ch&iacute;nh th&#7913;c ph&acirc;n ph&#7889;i M&aacute;y &#272;o &#272;&#7897; Nh&#7899;t Quay h&agrave;ng &#273;&#7847;u t&#7841;i Vi&#7879;t Nam, cam k&#7871;t cung c&#7845;p s&#7843;n ph&#7849;m ch&iacute;nh h&atilde;ng v&#7899;i gi&aacute; c&#7843; c&#7841;nh tranh nh&#7845;t th&#7883; tr&#432;&#7901;ng. V&#7899;i uy t&iacute;n tr&ecirc;n th&#7883; tr&#432;&#7901;ng v&agrave; ch&#7871; &#273;&#7897; h&#7851;u m&atilde;i t&#7889;t, Thi&#7871;t B&#7883; C&ocirc;ng Ngh&#7879; V&#7841;n N&#259;ng &#273;&atilde; nh&#7853;n &#273;&#432;&#7907;c s&#7921; tin t&#432;&#7903;ng t&#7915; kh&aacute;ch h&agrave;ng nh&#7901; v&agrave;o ch&#7845;t l&#432;&#7907;ng h&agrave;ng &#273;&#7847;u c&#7911;a c&aacute;c d&ograve;ng s&#7843;n ph&#7849;m.<br>\nS&#7843;n ph&#7849;m c&#7911;a ch&uacute;ng t&ocirc;i &#273;&#432;&#7907;c ki&#7875;m &#273;&#7883;nh ch&#7845;t l&#432;&#7907;ng, nh&#7853;p kh&#7849;u tr&#7921;c ti&#7871;p t&#7915; nh&agrave; m&aacute;y b&ecirc;n Ch&acirc;u &Acirc;u, M&#7929;, &Uacute;c, Nh&#7853;t B&#7843;n,&hellip; v&agrave; &#273;&aacute;p &#7913;ng nhu c&#7847;u &#273;a d&#7841;ng c&#7911;a th&#7883; tr&#432;&#7901;ng nh&#432;: M&aacute;y &#272;o &#272;&#7897; C&#7913;ng, M&aacute;y SpectroMaxx, M&aacute;y Ki&#7875;m Tra &#272;&#7897; B&#7873;n S&#417;n,&hellip; Ch&uacute;ng t&ocirc;i cam k&#7871;t cung c&#7845;p s&#7843;n ph&#7849;m n&agrave;y tr&ecirc;n to&agrave;n qu&#7889;c v&#7899;i gi&aacute; c&#7843; c&#7841;nh tranh nh&#7845;t.<br>\nCh&uacute;ng t&ocirc;i c&oacute; &#273;&#7897;i ng&#361; chuy&ecirc;n vi&ecirc;n t&#432; v&#7845;n chuy&ecirc;n s&acirc;u s&#7869; h&#7895; tr&#7907; kh&aacute;ch h&agrave;ng v&#7873; chi ti&#7871;t s&#7843;n ph&#7849;m, h&#432;&#7899;ng d&#7851;n s&#7917; d&#7909;ng hay nh&#7919;ng th&#7913; li&ecirc;n quan &#273;&#7871;n v&#7845;n &#273;&#7873; m&agrave; doanh nghi&#7879;p b&#7841;n &#273;ang g&#7863;p ph&#7843;i. Ch&uacute;ng t&ocirc;i s&#7869; cung c&#7845;p nh&#7919;ng gi&#7843;i ph&aacute;p t&#7889;i &#432;u nh&#7845;t !!!<br>\nNgo&agrave;i ra V&#7841;n N&#259;ng Company lu&ocirc;n h&#432;&#7899;ng &#273;&#7871;n tr&#7843;i nghi&#7879;m kh&aacute;ch h&agrave;ng, v&igrave; v&#7853;y ch&uacute;ng t&ocirc;i c&oacute; nh&#7919;ng ch&iacute;nh s&aacute;ch b&#7843;o h&agrave;nh, b&#7843;o tr&igrave; &ndash; b&#7843;o d&#432;&#7905;ng, hi&#7879;u chu&#7849;n v&#7899;i t&#7845;t c&#7843; c&aacute;c thi&#7871;t b&#7883;, m&aacute;y m&oacute;c m&agrave; ch&uacute;ng t&ocirc;i cung c&#7845;p. &#272;&#7843;m b&#7843;o mang &#273;&#7871;n cho Kh&aacute;ch h&agrave;ng s&#7921; y&ecirc;n t&acirc;m tuy&#7879;t &#273;&#7889;i v&#7873; d&#7883;ch v&#7909; khi mua h&agrave;ng.<\/p><p>Xem Th&ecirc;m: B&#7897; d&#7909;ng c&#7909; &#273;o &#273;&#7897; d&agrave;y s&#417;n chuy&ecirc;n d&#7909;ng ng&agrave;nh T&ocirc;n M&#7841; M&agrave;u Model Coil Coating<\/p><p>T&#7893;ng K&#7871;t<br>\nViscoQC 300 R c&#7911;a h&atilde;ng Anton Paar kh&ocirc;ng ch&#7881; mang l&#7841;i s&#7921; d&#7877; d&agrave;ng trong s&#7917; d&#7909;ng v&agrave; &#273;&#7897; ch&iacute;nh x&aacute;c cao m&agrave; c&ograve;n &#273;&#7843;m b&#7843;o r&#7857;ng m&#7885;i ph&eacute;p &#273;o c&#7911;a b&#7841;n &#273;&#7873;u &#273;&#432;&#7907;c truy xu&#7845;t ngu&#7891;n g&#7889;c v&agrave; tu&acirc;n th&#7911; c&aacute;c ti&ecirc;u chu&#7849;n qu&#7889;c t&#7871;. V&#7899;i c&aacute;c t&iacute;nh n&#259;ng v&#432;&#7907;t tr&#7897;i v&agrave; thi&#7871;t k&#7871; th&acirc;n thi&#7879;n v&#7899;i ng&#432;&#7901;i d&ugrave;ng, ViscoQC 300 R l&agrave; s&#7921; l&#7921;a ch&#7885;n ho&agrave;n h&#7843;o cho m&#7885;i nhu c&#7847;u &#273;o &#273;&#7897; nh&#7899;t c&#7911;a b&#7841;n. H&atilde;y li&ecirc;n h&#7879; v&#7899;i Thi&#7871;t B&#7883; C&ocirc;ng Ngh&#7879; V&#7841;n N&#259;ng ngay &#273;&#7875; &#273;&#432;&#7907;c t&#432; v&#7845;n chuy&ecirc;n s&acirc;u v&agrave; nh&#7853;n nh&#7919;ng &#432;u &#273;&atilde;i h&#7845;p d&#7851;n nh&#7845;t th&ocirc;ng qua hotline0903 991 335 !<\/p><div style=\"background-color: #f8fafc; border: 1px solid #e2e8f0; border-radius: 8px; padding: 25px; max-width: 800px; margin: 30px auto; color: #334155; line-height: 1.8; font-size: 17px; box-shadow: 0 4px 6px -1px rgba(0,0,0,0.05); text-align: left; clear: both;\">\nC&ocirc;ng ty TNHH Th&#432;&#417;ng M&#7841;i D&#7883;ch V&#7909; Thi&#7871;t B&#7883; C&ocirc;ng Ngh&#7879; V&#7841;n N&#259;ng\n<p style=\"margin: 0 0 10px 0;\">&#128205; <strong style=\"color: #1e293b;\">&#272;&#7883;a ch&#7881;:<\/strong> <a style=\"color: #059669; text-decoration: none; font-weight: bold;\" href=\"https:\/\/www.google.com\/maps\/search\/C%C3%B4ng+ty+TNHH+Th%C6%B0%C6%A1ng+M%E1%BA%A1i+D%E1%BB%8Bch+V%E1%BB%A5+Thi%E1%BA%BFt+B%E1%BB%8B+C%C3%B4ng+Ngh%E1%BB%87+V%E1%BA%A1n+N%C4%83ng+818+Tr%C6%B0%E1%BB%9Dng+Chinh\" target=\"_blank\" rel=\"noopener\">818 Tr&#432;&#7901;ng Chinh, Ph&#432;&#7901;ng T&acirc;n S&#417;n, Th&agrave;nh ph&#7889; H&#7891; Ch&iacute; Minh, Vi&#7879;t Nam<\/a><\/p>\n<p style=\"margin: 0 0 10px 0;\">&#128222; <strong style=\"color: #1e293b;\">S&#272;T &ndash; Zalo:<\/strong> <a style=\"color: #059669; text-decoration: none; font-weight: bold;\" href=\"https:\/\/zalo.me\/0903991335\" target=\"_blank\" rel=\"noopener\">0903 991 335<\/a> <span style=\"color: #64748b; font-style: italic;\">(Ms. H&#7841;nh &ndash; Gi&aacute;m &#272;&#7889;c Kinh Doanh)<\/span><\/p>\n<p style=\"margin: 0;\">&#9993;&#65039; <strong style=\"color: #1e293b;\">Email:<\/strong> <a style=\"color: #059669; text-decoration: none; font-weight: bold;\" href=\"mailto:hienhanh@vannangvn.com\">hienhanh@vannangvn.com<\/a><\/p>\n<\/div><\/h1>","protected":false},"excerpt":{"rendered":"<p><strong>Th&#432;&#417;ng hi&#7879;u:<\/strong> M&aacute;y &#273;o &#273;&#7897; nh&#7899;t quay ViscoQC 300 R&nbsp;&#273;&#7871;n t&#7915; th&#432;&#417;ng hi&#7879;u n&#7893;i ti&#7871;ng Ch&acirc;u &Acirc;u &ndash; Anton Paar l&agrave; m&#7897;t c&ocirc;ng c&#7909; h&agrave;ng &#273;&#7847;u &#273;&#7875; x&aacute;c &#273;&#7883;nh &#273;&#7897; nh&#7899;t c&#7911;a ch&#7845;t l&#7887;ng ho&#7863;c ch&#7845;t b&aacute;n r&#7855;n.<br>\n<strong>Model:<\/strong> ViscoQC-6<p>Product <strong>M&Aacute;Y &#272;O &#272;&#7896; NH&#7898;T QUAY ANTON PAAR MODEL VISCOQC 300 R<\/strong> ch&iacute;nh h&atilde;ng. M&aacute;y &#273;o &#273;&#7897; nh&#7899;t quay ViscoQC 300 R&nbsp;&#273;&#7871;n t&#7915; th&#432;&#417;ng hi&#7879;u n&#7893;i ti&#7871;ng Ch&acirc;u &Acirc;u &ndash; Anton Paar l&agrave; m&#7897;t c&ocirc;ng c&#7909; h&agrave;ng &#273;&#7847;u &#273;&#7875; x&aacute;c &#273;&#7883;nh &#273;&#7897; nh&#7899;t c&#7911;a ch&#7845;t l&#7887;ng ho&#7863;c ch&#7845;t b&aacute;n r&#7855;n.<\/p><\/p>","protected":false},"featured_media":9034,"comment_status":"open","ping_status":"closed","template":"","meta":[],"product_brand":[],"product_cat":[18],"product_tag":[1900,1902,109,116,181,366,464,465,1196,1274],"class_list":{"0":"post-6816","1":"product","2":"type-product","3":"status-publish","4":"has-post-thumbnail","6":"product_cat-chua-phan-loai","7":"product_tag-viscoqc","8":"product_tag-r","9":"product_tag-may","10":"product_tag-model","11":"product_tag-do","12":"product_tag-nhot","13":"product_tag-anton","14":"product_tag-paar","15":"product_tag-1196","16":"product_tag-quay","18":"first","19":"instock","20":"shipping-taxable","21":"product-type-simple"},"yoast_head":"<!-- This site is optimized with the Yoast SEO Premium plugin v24.8 (Yoast SEO v24.8) - https:\/\/yoast.com\/wordpress\/plugins\/seo\/ -->\n<title>M\u00c1Y \u0110O \u0110\u1ed8 NH\u1edaT QUAY ANTON PAAR MODE... ch\u00ednh h\u00e3ng | V\u1ea1n N\u0103ng<\/title>\n<meta name=\"description\" content=\"Mua ngay M\u00c1Y \u0110O \u0110\u1ed8 NH\u1edaT QUAY ANTON PAAR MODEL VISCOQC 300 R ch\u00ednh h\u00e3ng. Gi\u00e1 t\u1ed1t!\" \/>\n<meta name=\"robots\" content=\"noindex, follow, max-snippet:-1, max-image-preview:large, max-video-preview:-1\" \/>\n<meta property=\"og:locale\" content=\"en_US\" \/>\n<meta property=\"og:type\" content=\"article\" \/>\n<meta property=\"og:title\" content=\"M\u00c1Y \u0110O \u0110\u1ed8 NH\u1edaT QUAY ANTON PAAR MODEL VISCOQC 300 R\" \/>\n<meta property=\"og:description\" content=\"Mua ngay M\u00c1Y \u0110O \u0110\u1ed8 NH\u1edaT QUAY ANTON PAAR MODEL VISCOQC 300 R ch\u00ednh h\u00e3ng. Gi\u00e1 t\u1ed1t!\" \/>\n<meta property=\"og:url\" content=\"https:\/\/vannangvn.123websitedev.com\/en\/product\/may-do-do-nhot-quay-anton-paar-model-viscoqc-300-r\/\" \/>\n<meta property=\"og:site_name\" content=\"Vannang.vn\" \/>\n<meta property=\"article:modified_time\" content=\"2026-03-30T11:29:03+00:00\" \/>\n<meta property=\"og:image\" content=\"http:\/\/vannangvn.123websitedev.com\/wp-content\/uploads\/2026\/03\/ViscoQC-300-R-copy.jpg\" \/>\n\t<meta property=\"og:image:width\" content=\"768\" \/>\n\t<meta property=\"og:image:height\" content=\"576\" \/>\n\t<meta property=\"og:image:type\" content=\"image\/jpeg\" \/>\n<meta name=\"twitter:card\" content=\"summary_large_image\" \/>\n<meta name=\"twitter:label1\" content=\"Est. reading time\" \/>\n\t<meta name=\"twitter:data1\" content=\"9 minutes\" \/>\n<script type=\"application\/ld+json\" class=\"yoast-schema-graph\">{\"@context\":\"https:\/\/schema.org\",\"@graph\":[{\"@type\":\"WebPage\",\"@id\":\"https:\/\/vannangvn.123websitedev.com\/san-pham\/may-do-do-nhot-quay-anton-paar-model-viscoqc-300-r\/\",\"url\":\"https:\/\/vannangvn.123websitedev.com\/san-pham\/may-do-do-nhot-quay-anton-paar-model-viscoqc-300-r\/\",\"name\":\"M\u00c1Y \u0110O \u0110\u1ed8 NH\u1edaT QUAY ANTON PAAR MODE... ch\u00ednh h\u00e3ng | V\u1ea1n N\u0103ng\",\"isPartOf\":{\"@id\":\"https:\/\/vannangvn.123websitedev.com\/#website\"},\"primaryImageOfPage\":{\"@id\":\"https:\/\/vannangvn.123websitedev.com\/san-pham\/may-do-do-nhot-quay-anton-paar-model-viscoqc-300-r\/#primaryimage\"},\"image\":{\"@id\":\"https:\/\/vannangvn.123websitedev.com\/san-pham\/may-do-do-nhot-quay-anton-paar-model-viscoqc-300-r\/#primaryimage\"},\"thumbnailUrl\":\"https:\/\/vannangvn.123websitedev.com\/wp-content\/uploads\/2026\/03\/ViscoQC-300-R-copy.jpg\",\"datePublished\":\"2026-03-20T10:37:20+00:00\",\"dateModified\":\"2026-03-30T11:29:03+00:00\",\"description\":\"Mua ngay M\u00c1Y \u0110O \u0110\u1ed8 NH\u1edaT QUAY ANTON PAAR MODEL VISCOQC 300 R ch\u00ednh h\u00e3ng. Gi\u00e1 t\u1ed1t!\",\"breadcrumb\":{\"@id\":\"https:\/\/vannangvn.123websitedev.com\/san-pham\/may-do-do-nhot-quay-anton-paar-model-viscoqc-300-r\/#breadcrumb\"},\"inLanguage\":\"en-US\",\"potentialAction\":[{\"@type\":\"ReadAction\",\"target\":[\"https:\/\/vannangvn.123websitedev.com\/san-pham\/may-do-do-nhot-quay-anton-paar-model-viscoqc-300-r\/\"]}]},{\"@type\":\"ImageObject\",\"inLanguage\":\"en-US\",\"@id\":\"https:\/\/vannangvn.123websitedev.com\/san-pham\/may-do-do-nhot-quay-anton-paar-model-viscoqc-300-r\/#primaryimage\",\"url\":\"https:\/\/vannangvn.123websitedev.com\/wp-content\/uploads\/2026\/03\/ViscoQC-300-R-copy.jpg\",\"contentUrl\":\"https:\/\/vannangvn.123websitedev.com\/wp-content\/uploads\/2026\/03\/ViscoQC-300-R-copy.jpg\",\"width\":768,\"height\":576},{\"@type\":\"BreadcrumbList\",\"@id\":\"https:\/\/vannangvn.123websitedev.com\/san-pham\/may-do-do-nhot-quay-anton-paar-model-viscoqc-300-r\/#breadcrumb\",\"itemListElement\":[{\"@type\":\"ListItem\",\"position\":1,\"name\":\"Trang ch\u1ee7\",\"item\":\"https:\/\/vannangvn.123websitedev.com\/\"},{\"@type\":\"ListItem\",\"position\":2,\"name\":\"S\u1ea3n ph\u1ea9m\",\"item\":\"https:\/\/vannangvn.123websitedev.com\/cua-hang\/\"},{\"@type\":\"ListItem\",\"position\":3,\"name\":\"M\u00c1Y \u0110O \u0110\u1ed8 NH\u1edaT QUAY ANTON PAAR MODEL VISCOQC 300 R\"}]},{\"@type\":\"WebSite\",\"@id\":\"https:\/\/vannangvn.123websitedev.com\/#website\",\"url\":\"https:\/\/vannangvn.123websitedev.com\/\",\"name\":\"Vannang.vn\",\"description\":\"\",\"publisher\":{\"@id\":\"https:\/\/vannangvn.123websitedev.com\/#organization\"},\"potentialAction\":[{\"@type\":\"SearchAction\",\"target\":{\"@type\":\"EntryPoint\",\"urlTemplate\":\"https:\/\/vannangvn.123websitedev.com\/?s={search_term_string}\"},\"query-input\":{\"@type\":\"PropertyValueSpecification\",\"valueRequired\":true,\"valueName\":\"search_term_string\"}}],\"inLanguage\":\"en-US\"},{\"@type\":\"Organization\",\"@id\":\"https:\/\/vannangvn.123websitedev.com\/#organization\",\"name\":\"Vannang.vn\",\"url\":\"https:\/\/vannangvn.123websitedev.com\/\",\"logo\":{\"@type\":\"ImageObject\",\"inLanguage\":\"en-US\",\"@id\":\"https:\/\/vannangvn.123websitedev.com\/#\/schema\/logo\/image\/\",\"url\":\"https:\/\/vannangvn.123websitedev.com\/wp-content\/uploads\/2026\/02\/logo-van-nang-02.png\",\"contentUrl\":\"https:\/\/vannangvn.123websitedev.com\/wp-content\/uploads\/2026\/02\/logo-van-nang-02.png\",\"width\":448,\"height\":111,\"caption\":\"Vannang.vn\"},\"image\":{\"@id\":\"https:\/\/vannangvn.123websitedev.com\/#\/schema\/logo\/image\/\"}}]}<\/script>\n<!-- \/ Yoast SEO Premium plugin. -->","yoast_head_json":{"title":"M\u00c1Y \u0110O \u0110\u1ed8 NH\u1edaT QUAY ANTON PAAR MODE... ch\u00ednh h\u00e3ng | V\u1ea1n N\u0103ng","description":"Mua ngay M\u00c1Y \u0110O \u0110\u1ed8 NH\u1edaT QUAY ANTON PAAR MODEL VISCOQC 300 R ch\u00ednh h\u00e3ng. Gi\u00e1 t\u1ed1t!","robots":{"index":"noindex","follow":"follow","max-snippet":"max-snippet:-1","max-image-preview":"max-image-preview:large","max-video-preview":"max-video-preview:-1"},"og_locale":"en_US","og_type":"article","og_title":"M\u00c1Y \u0110O \u0110\u1ed8 NH\u1edaT QUAY ANTON PAAR MODEL VISCOQC 300 R","og_description":"Mua ngay M\u00c1Y \u0110O \u0110\u1ed8 NH\u1edaT QUAY ANTON PAAR MODEL VISCOQC 300 R ch\u00ednh h\u00e3ng. Gi\u00e1 t\u1ed1t!","og_url":"https:\/\/vannangvn.123websitedev.com\/en\/product\/may-do-do-nhot-quay-anton-paar-model-viscoqc-300-r\/","og_site_name":"Vannang.vn","article_modified_time":"2026-03-30T11:29:03+00:00","og_image":[{"width":768,"height":576,"url":"http:\/\/vannangvn.123websitedev.com\/wp-content\/uploads\/2026\/03\/ViscoQC-300-R-copy.jpg","type":"image\/jpeg"}],"twitter_card":"summary_large_image","twitter_misc":{"Est. reading time":"9 minutes"},"schema":{"@context":"https:\/\/schema.org","@graph":[{"@type":"WebPage","@id":"https:\/\/vannangvn.123websitedev.com\/san-pham\/may-do-do-nhot-quay-anton-paar-model-viscoqc-300-r\/","url":"https:\/\/vannangvn.123websitedev.com\/san-pham\/may-do-do-nhot-quay-anton-paar-model-viscoqc-300-r\/","name":"M\u00c1Y \u0110O \u0110\u1ed8 NH\u1edaT QUAY ANTON PAAR MODE... ch\u00ednh h\u00e3ng | V\u1ea1n N\u0103ng","isPartOf":{"@id":"https:\/\/vannangvn.123websitedev.com\/#website"},"primaryImageOfPage":{"@id":"https:\/\/vannangvn.123websitedev.com\/san-pham\/may-do-do-nhot-quay-anton-paar-model-viscoqc-300-r\/#primaryimage"},"image":{"@id":"https:\/\/vannangvn.123websitedev.com\/san-pham\/may-do-do-nhot-quay-anton-paar-model-viscoqc-300-r\/#primaryimage"},"thumbnailUrl":"https:\/\/vannangvn.123websitedev.com\/wp-content\/uploads\/2026\/03\/ViscoQC-300-R-copy.jpg","datePublished":"2026-03-20T10:37:20+00:00","dateModified":"2026-03-30T11:29:03+00:00","description":"Mua ngay M\u00c1Y \u0110O \u0110\u1ed8 NH\u1edaT QUAY ANTON PAAR MODEL VISCOQC 300 R ch\u00ednh h\u00e3ng. Gi\u00e1 t\u1ed1t!","breadcrumb":{"@id":"https:\/\/vannangvn.123websitedev.com\/san-pham\/may-do-do-nhot-quay-anton-paar-model-viscoqc-300-r\/#breadcrumb"},"inLanguage":"en-US","potentialAction":[{"@type":"ReadAction","target":["https:\/\/vannangvn.123websitedev.com\/san-pham\/may-do-do-nhot-quay-anton-paar-model-viscoqc-300-r\/"]}]},{"@type":"ImageObject","inLanguage":"en-US","@id":"https:\/\/vannangvn.123websitedev.com\/san-pham\/may-do-do-nhot-quay-anton-paar-model-viscoqc-300-r\/#primaryimage","url":"https:\/\/vannangvn.123websitedev.com\/wp-content\/uploads\/2026\/03\/ViscoQC-300-R-copy.jpg","contentUrl":"https:\/\/vannangvn.123websitedev.com\/wp-content\/uploads\/2026\/03\/ViscoQC-300-R-copy.jpg","width":768,"height":576},{"@type":"BreadcrumbList","@id":"https:\/\/vannangvn.123websitedev.com\/san-pham\/may-do-do-nhot-quay-anton-paar-model-viscoqc-300-r\/#breadcrumb","itemListElement":[{"@type":"ListItem","position":1,"name":"Trang ch\u1ee7","item":"https:\/\/vannangvn.123websitedev.com\/"},{"@type":"ListItem","position":2,"name":"S\u1ea3n ph\u1ea9m","item":"https:\/\/vannangvn.123websitedev.com\/cua-hang\/"},{"@type":"ListItem","position":3,"name":"M\u00c1Y \u0110O \u0110\u1ed8 NH\u1edaT QUAY ANTON PAAR MODEL VISCOQC 300 R"}]},{"@type":"WebSite","@id":"https:\/\/vannangvn.123websitedev.com\/#website","url":"https:\/\/vannangvn.123websitedev.com\/","name":"Vannang.vn","description":"","publisher":{"@id":"https:\/\/vannangvn.123websitedev.com\/#organization"},"potentialAction":[{"@type":"SearchAction","target":{"@type":"EntryPoint","urlTemplate":"https:\/\/vannangvn.123websitedev.com\/?s={search_term_string}"},"query-input":{"@type":"PropertyValueSpecification","valueRequired":true,"valueName":"search_term_string"}}],"inLanguage":"en-US"},{"@type":"Organization","@id":"https:\/\/vannangvn.123websitedev.com\/#organization","name":"Vannang.vn","url":"https:\/\/vannangvn.123websitedev.com\/","logo":{"@type":"ImageObject","inLanguage":"en-US","@id":"https:\/\/vannangvn.123websitedev.com\/#\/schema\/logo\/image\/","url":"https:\/\/vannangvn.123websitedev.com\/wp-content\/uploads\/2026\/02\/logo-van-nang-02.png","contentUrl":"https:\/\/vannangvn.123websitedev.com\/wp-content\/uploads\/2026\/02\/logo-van-nang-02.png","width":448,"height":111,"caption":"Vannang.vn"},"image":{"@id":"https:\/\/vannangvn.123websitedev.com\/#\/schema\/logo\/image\/"}}]}},"_links":{"self":[{"href":"https:\/\/vannangvn.123websitedev.com\/en\/wp-json\/wp\/v2\/product\/6816","targetHints":{"allow":["GET"]}}],"collection":[{"href":"https:\/\/vannangvn.123websitedev.com\/en\/wp-json\/wp\/v2\/product"}],"about":[{"href":"https:\/\/vannangvn.123websitedev.com\/en\/wp-json\/wp\/v2\/types\/product"}],"replies":[{"embeddable":true,"href":"https:\/\/vannangvn.123websitedev.com\/en\/wp-json\/wp\/v2\/comments?post=6816"}],"wp:featuredmedia":[{"embeddable":true,"href":"https:\/\/vannangvn.123websitedev.com\/en\/wp-json\/wp\/v2\/media\/9034"}],"wp:attachment":[{"href":"https:\/\/vannangvn.123websitedev.com\/en\/wp-json\/wp\/v2\/media?parent=6816"}],"wp:term":[{"taxonomy":"product_brand","embeddable":true,"href":"https:\/\/vannangvn.123websitedev.com\/en\/wp-json\/wp\/v2\/product_brand?post=6816"},{"taxonomy":"product_cat","embeddable":true,"href":"https:\/\/vannangvn.123websitedev.com\/en\/wp-json\/wp\/v2\/product_cat?post=6816"},{"taxonomy":"product_tag","embeddable":true,"href":"https:\/\/vannangvn.123websitedev.com\/en\/wp-json\/wp\/v2\/product_tag?post=6816"}],"curies":[{"name":"wp","href":"https:\/\/api.w.org\/{rel}","templated":true}]}}