{"id":6818,"date":"2026-03-20T17:37:23","date_gmt":"2026-03-20T10:37:23","guid":{"rendered":"https:\/\/vannangvn.123websitedev.com\/san-pham\/may-do-do-nhot-quy-trinh-atac-1077-viscometer\/"},"modified":"2026-03-30T18:29:04","modified_gmt":"2026-03-30T11:29:04","slug":"may-do-do-nhot-quy-trinh-atac-1077-viscometer","status":"publish","type":"product","link":"https:\/\/vannangvn.123websitedev.com\/en\/product\/may-do-do-nhot-quy-trinh-atac-1077-viscometer\/","title":{"rendered":"M\u00c1Y \u0110O \u0110\u1ed8 NH\u1edaT QUY TR\u00ccNH ATAC 1077 VISCOMETER"},"content":{"rendered":"<h1 style=\"color: red; font-weight: bold; font-size: 24px;\">T&#7893;ng quan s&#7843;n ph&#7849;m M&Aacute;Y &#272;O &#272;&#7896; NH&#7898;T QUY TR&Igrave;NH ATAC 1077 VISCOMETER<p>M&aacute;y &#272;o &#272;&#7897; Nh&#7899;t Quy Tr&igrave;nh ATAC Model 1077 VISCOMETER (For Low-Viscosity Samples)<br>\nTrong ng&agrave;nh d&#7847;u kh&iacute;, vi&#7879;c ki&#7875;m so&aacute;t v&agrave; &#273;&#7843;m b&#7843;o ch&#7845;t l&#432;&#7907;ng c&#7911;a c&aacute;c d&ograve;ng quy tr&igrave;nh l&agrave; y&#7871;u t&#7889; then ch&#7889;t &#273;&#7875; n&acirc;ng cao hi&#7879;u su&#7845;t v&agrave; t&#7889;i &#432;u h&oacute;a s&#7843;n xu&#7845;t. M&aacute;y &#273;o &#273;&#7897; nh&#7899;t ATAC 1077 l&agrave; m&#7897;t thi&#7871;t b&#7883; ti&ecirc;n ti&#7871;n, cung c&#7845;p gi&#7843;i ph&aacute;p to&agrave;n di&#7879;n cho vi&#7879;c ph&acirc;n t&iacute;ch t&#7921; &#273;&#7897;ng c&aacute;c d&ograve;ng quy tr&igrave;nh d&#7847;u kh&iacute;. Thi&#7871;t b&#7883; n&agrave;y kh&ocirc;ng ch&#7881; &#273;&aacute;p &#7913;ng c&aacute;c y&ecirc;u c&#7847;u k&#7929; thu&#7853;t kh&#7855;t khe m&agrave; c&ograve;n mang l&#7841;i s&#7921; tin c&#7853;y v&agrave; ch&iacute;nh x&aacute;c cao trong qu&aacute; tr&igrave;nh &#273;o l&#432;&#7901;ng. H&atilde;y c&ugrave;ng V&#7841;n N&#259;ng t&igrave;m hi&#7875;u chi ti&#7871;t h&#417;n v&#7873; s&#7843;n ph&#7849;m th&ocirc;ng qua b&agrave;i vi&#7871;t d&#432;&#7899;i &#273;&acirc;y nh&eacute;!<\/p><h2 style=\"color: #2e7d32; font-weight: bold; font-size: 20px;\">&#272;&#7863;c &#272;i&#7875;m N&#7893;i B&#7853;t C&#7911;a M&aacute;y &#272;o &#272;&#7897; Nh&#7899;t Quy Tr&igrave;nh ATAC 1077<\/h2><p>Thi&#7871;t k&#7871; &#7889;ng mao qu&#7843;n ti&ecirc;n ti&#7871;n<br>\nThi&#7871;t b&#7883; &#273;o &#273;&#7897; nh&#7899;t ATAC 1077 &#273;&#432;&#7907;c trang b&#7883; h&#7879; th&#7889;ng &#7889;ng mao qu&#7843;n c&oacute; l&#7895; h&#7865;p, ph&ugrave; h&#7907;p cho vi&#7879;c &#273;o c&aacute;c ch&#7845;t l&#7887;ng Newton. &#272;i&#7873;u n&agrave;y gi&uacute;p thi&#7871;t b&#7883; c&oacute; kh&#7843; n&#259;ng &#273;o ch&iacute;nh x&aacute;c &#273;&#7897; nh&#7899;t &#273;&#7897;ng (cP) c&#7911;a c&aacute;c s&#7843;n ph&#7849;m d&#7847;u m&#7887;, tu&acirc;n th&#7911; theo ti&ecirc;u chu&#7849;n ASTM D445. &#272;&#7891;ng th&#7901;i, thi&#7871;t b&#7883; c&ograve;n c&oacute; th&#7875; cung c&#7845;p &#273;&#7897; nh&#7899;t &#273;&#7897;ng h&#7885;c (cSt) n&#7871;u m&#7853;t &#273;&#7897; m&#7851;u &#273;&atilde; &#273;&#432;&#7907;c &#273;o ho&#7863;c gi&#7843; &#273;&#7883;nh &#7893;n &#273;&#7883;nh.<\/p><p>&#272;&#7897; an to&agrave;n cao trong m&ocirc;i tr&#432;&#7901;ng nguy hi&#7875;m<br>\nATAC 1077 &#273;&#432;&#7907;c thi&#7871;t k&#7871; &#273;&#7875; ho&#7841;t &#273;&#7897;ng an to&agrave;n trong c&aacute;c khu v&#7921;c nguy hi&#7875;m, &#273;&#7841;t x&#7871;p h&#7841;ng IIB+H2 v&ugrave;ng 1 m&agrave; kh&ocirc;ng c&#7847;n thanh l&#7885;c kh&ocirc;ng kh&iacute;. &#272;i&#7873;u n&agrave;y l&agrave;m cho thi&#7871;t b&#7883; tr&#7903; th&agrave;nh l&#7921;a ch&#7885;n l&yacute; t&#432;&#7903;ng cho c&aacute;c m&ocirc;i tr&#432;&#7901;ng l&agrave;m vi&#7879;c kh&#7855;c nghi&#7879;t v&agrave; nguy hi&#7875;m.<br>\nHi&#7879;u su&#7845;t v&#432;&#7907;t tr&#7897;i v&agrave; kh&#7843; n&#259;ng truy&#7873;n xung tr&#7921;c ti&#7871;p<br>\nM&aacute;y &#273;o &#273;&#7897; nh&#7899;t 1077 ATAC c&oacute; kh&#7843; n&#259;ng truy&#7873;n xung tr&#7921;c ti&#7871;p t&#7899;i m&aacute;y ph&aacute;t DP, gi&uacute;p n&acirc;ng cao hi&#7879;u su&#7845;t &#273;o l&#432;&#7901;ng v&agrave; ph&acirc;n t&iacute;ch. Kh&#7843; n&#259;ng n&agrave;y &#273;&#7843;m b&#7843;o d&#7919; li&#7879;u &#273;o &#273;&#432;&#7907;c truy&#7873;n t&#7843;i ch&iacute;nh x&aacute;c v&agrave; nhanh ch&oacute;ng, gi&uacute;p c&#7843;i thi&#7879;n qu&aacute; tr&igrave;nh gi&aacute;m s&aacute;t v&agrave; ki&#7875;m so&aacute;t ch&#7845;t l&#432;&#7907;ng.<\/p><p>&#7912;ng D&#7909;ng C&#7911;a M&aacute;y &#272;o &#272;&#7897; Nh&#7899;t Quy Tr&igrave;nh ATAC 1077<br>\nPha tr&#7897;n d&#7847;u b&ocirc;i tr&#417;n<br>\nTrong qu&aacute; tr&igrave;nh pha tr&#7897;n d&#7847;u b&ocirc;i tr&#417;n, vi&#7879;c ki&#7875;m so&aacute;t &#273;&#7897; nh&#7899;t l&agrave; r&#7845;t quan tr&#7885;ng &#273;&#7875; &#273;&#7843;m b&#7843;o s&#7843;n ph&#7849;m &#273;&#7841;t ti&ecirc;u chu&#7849;n ch&#7845;t l&#432;&#7907;ng cao. 1077 Viscometer gi&uacute;p theo d&otilde;i v&agrave; &#273;i&#7873;u ch&#7881;nh qu&aacute; tr&igrave;nh pha tr&#7897;n, &#273;&#7843;m b&#7843;o s&#7921; nh&#7845;t qu&aacute;n v&agrave; ch&#7845;t l&#432;&#7907;ng c&#7911;a s&#7843;n ph&#7849;m cu&#7889;i c&ugrave;ng.<br>\nPha tr&#7897;n d&#7847;u nhi&ecirc;n li&#7879;u<br>\nATAC Viscometer 1077 &#273;&#432;&#7907;c s&#7917; d&#7909;ng r&#7897;ng r&atilde;i trong qu&aacute; tr&igrave;nh pha tr&#7897;n d&#7847;u nhi&ecirc;n li&#7879;u. Thi&#7871;t b&#7883; n&agrave;y gi&uacute;p ki&#7875;m so&aacute;t v&agrave; &#273;i&#7873;u ch&#7881;nh &#273;&#7897; nh&#7899;t c&#7911;a s&#7843;n ph&#7849;m, &#273;&#7843;m b&#7843;o s&#7921; &#7893;n &#273;&#7883;nh v&agrave; hi&#7879;u qu&#7843; trong qu&aacute; tr&igrave;nh s&#7917; d&#7909;ng.<br>\nT&#7849;y l&ocirc;ng b&#7857;ng d&#7847;u b&ocirc;i tr&#417;n<br>\nTrong ng&agrave;nh c&ocirc;ng nghi&#7879;p t&#7849;y l&ocirc;ng, d&#7847;u b&ocirc;i tr&#417;n c&oacute; vai tr&ograve; quan tr&#7885;ng trong vi&#7879;c lo&#7841;i b&#7887; c&aacute;c t&#7841;p ch&#7845;t. Viscometer ATAC 1077 gi&uacute;p &#273;&#7843;m b&#7843;o t&iacute;nh nh&#7845;t qu&aacute;n v&agrave; ch&#7845;t l&#432;&#7907;ng c&#7911;a d&#7847;u b&ocirc;i tr&#417;n &#273;&#432;&#7907;c s&#7917; d&#7909;ng trong qu&aacute; tr&igrave;nh n&agrave;y.<\/p><h2 style=\"color: #0073aa; font-weight: bold; font-size: 20px;\">Ki&#7875;m so&aacute;t th&ocirc;ng s&#7889; s&#7843;n ph&#7849;m nhi&ecirc;n li&#7879;u ch&#432;ng c&#7845;t<\/h2><p>Thi&#7871;t b&#7883; n&agrave;y c&ograve;n gi&uacute;p &#273;o l&#432;&#7901;ng v&agrave; ki&#7875;m so&aacute;t c&aacute;c th&ocirc;ng s&#7889; c&#7911;a s&#7843;n ph&#7849;m nhi&ecirc;n li&#7879;u ch&#432;ng c&#7845;t, &#273;&#7843;m b&#7843;o &#273;&aacute;p &#7913;ng c&aacute;c y&ecirc;u c&#7847;u k&#7929; thu&#7853;t nghi&ecirc;m ng&#7863;t. Vi&#7879;c ki&#7875;m so&aacute;t ch&iacute;nh x&aacute;c c&aacute;c th&ocirc;ng s&#7889; n&agrave;y l&agrave; y&#7871;u t&#7889; quan tr&#7885;ng &#273;&#7875; &#273;&#7843;m b&#7843;o ch&#7845;t l&#432;&#7907;ng v&agrave; hi&#7879;u su&#7845;t c&#7911;a s&#7843;n ph&#7849;m.<br>\nCung c&#7845;p d&#7919; li&#7879;u cho Visbreaker<br>\nM&aacute;y &#273;o &#273;&#7897; nh&#7899;t ATAC model 1077 c&ograve;n &#273;&#432;&#7907;c s&#7917; d&#7909;ng trong qu&aacute; tr&igrave;nh cung c&#7845;p d&#7919; li&#7879;u cho Visbreaker, m&#7897;t thi&#7871;t b&#7883; gi&uacute;p gi&#7843;m &#273;&#7897; nh&#7899;t c&#7911;a d&#7847;u m&#7887;. Vi&#7879;c n&agrave;y gi&uacute;p n&acirc;ng cao hi&#7879;u qu&#7843; qu&aacute; tr&igrave;nh x&#7917; l&yacute; v&agrave; c&#7843;i thi&#7879;n ch&#7845;t l&#432;&#7907;ng s&#7843;n ph&#7849;m d&#7847;u m&#7887;.<\/p><p>&#431;u &#272;i&#7875;m V&#432;&#7907;t Tr&#7897;i C&#7911;a M&aacute;y &#272;o &#272;&#7897; Nh&#7899;t Quy Tr&igrave;nh ATAC 1077<br>\n&#272;&#7897; tin c&#7853;y v&agrave; ch&iacute;nh x&aacute;c cao<br>\nV&#7899;i thi&#7871;t k&#7871; ti&ecirc;n ti&#7871;n v&agrave; c&ocirc;ng ngh&#7879; hi&#7879;n &#273;&#7841;i, Model 1077 ATAC &#273;&#7843;m b&#7843;o &#273;&#7897; tin c&#7853;y v&agrave; ch&iacute;nh x&aacute;c cao trong qu&aacute; tr&igrave;nh &#273;o l&#432;&#7901;ng. &#272;i&#7873;u n&agrave;y gi&uacute;p c&aacute;c doanh nghi&#7879;p d&#7847;u kh&iacute; c&oacute; th&#7875; ki&#7875;m so&aacute;t ch&#7845;t l&#432;&#7907;ng s&#7843;n ph&#7849;m m&#7897;t c&aacute;ch hi&#7879;u qu&#7843;.<br>\nTi&#7871;t ki&#7879;m th&#7901;i gian v&agrave; chi ph&iacute;<br>\nVi&#7879;c t&#7921; &#273;&#7897;ng h&oacute;a qu&aacute; tr&igrave;nh &#273;o l&#432;&#7901;ng v&agrave; ph&acirc;n t&iacute;ch gi&uacute;p ti&#7871;t ki&#7879;m th&#7901;i gian v&agrave; chi ph&iacute; cho doanh nghi&#7879;p. M&aacute;y &#273;o &#273;&#7897; nh&#7899;t ATAC 1077 kh&ocirc;ng ch&#7881; gi&uacute;p gi&#7843;m thi&#7875;u sai s&oacute;t m&agrave; c&ograve;n n&acirc;ng cao hi&#7879;u su&#7845;t l&agrave;m vi&#7879;c.<br>\nD&#7877; d&agrave;ng v&#7853;n h&agrave;nh v&agrave; b&#7843;o tr&igrave;<br>\nThi&#7871;t b&#7883; Viscometer 1077 &#273;&#432;&#7907;c thi&#7871;t k&#7871; &#273;&#7875; d&#7877; d&agrave;ng v&#7853;n h&agrave;nh v&agrave; b&#7843;o tr&igrave;, gi&uacute;p gi&#7843;m b&#7899;t g&aacute;nh n&#7863;ng c&ocirc;ng vi&#7879;c cho nh&acirc;n vi&ecirc;n. &#272;i&#7873;u n&agrave;y c&#361;ng gi&uacute;p t&#259;ng tu&#7893;i th&#7885; v&agrave; &#273;&#7897; b&#7873;n c&#7911;a thi&#7871;t b&#7883;, mang l&#7841;i l&#7907;i &iacute;ch kinh t&#7871; l&acirc;u d&agrave;i cho doanh nghi&#7879;p.<\/p><p>Nh&#7919;ng L&yacute; Do N&ecirc;n Mua M&aacute;y &#272;o &#272;&#7897; Nh&#7899;t Quy Tr&igrave;nh T&#7841;i Thi&#7871;t B&#7883; C&ocirc;ng Ngh&#7879; V&#7841;n N&#259;ng<\/p><p>C&ocirc;ng ty Thi&#7871;t B&#7883; C&ocirc;ng Ngh&#7879; V&#7841;n N&#259;ng l&agrave; &#273;&#7889;i t&aacute;c ch&iacute;nh th&#7913;c ph&acirc;n ph&#7889;i M&aacute;y &#272;o &#272;&#7897; Nh&#7899;t Quy Tr&igrave;nh h&agrave;ng &#273;&#7847;u t&#7841;i Vi&#7879;t Nam, cam k&#7871;t cung c&#7845;p s&#7843;n ph&#7849;m ch&iacute;nh h&atilde;ng v&#7899;i gi&aacute; c&#7843; c&#7841;nh tranh nh&#7845;t th&#7883; tr&#432;&#7901;ng. V&#7899;i uy t&iacute;n tr&ecirc;n th&#7883; tr&#432;&#7901;ng v&agrave; ch&#7871; &#273;&#7897; h&#7851;u m&atilde;i t&#7889;t, V&#7841;n N&#259;ng &#273;&atilde; nh&#7853;n &#273;&#432;&#7907;c s&#7921; tin t&#432;&#7903;ng t&#7915; kh&aacute;ch h&agrave;ng nh&#7901; v&agrave;o ch&#7845;t l&#432;&#7907;ng h&agrave;ng &#273;&#7847;u c&#7911;a c&aacute;c d&ograve;ng s&#7843;n ph&#7849;m.<br>\nS&#7843;n ph&#7849;m c&#7911;a ch&uacute;ng t&ocirc;i &#273;&#432;&#7907;c ki&#7875;m &#273;&#7883;nh ch&#7845;t l&#432;&#7907;ng, nh&#7853;p kh&#7849;u tr&#7921;c ti&#7871;p t&#7915; nh&agrave; m&aacute;y b&ecirc;n Ch&acirc;u &Acirc;u, M&#7929;, &Uacute;c, Nh&#7853;t B&#7843;n,&hellip; v&agrave; &#273;&aacute;p &#7913;ng nhu c&#7847;u &#273;a d&#7841;ng c&#7911;a th&#7883; tr&#432;&#7901;ng nh&#432;: M&aacute;y &#272;o &#272;&#7897; C&#7913;ng, M&aacute;y SpectroMaxx, M&aacute;y Ki&#7875;m Tra &#272;&#432;&#7901;ng Gh&eacute;p M&iacute; Lon,&hellip; Ch&uacute;ng t&ocirc;i cam k&#7871;t cung c&#7845;p s&#7843;n ph&#7849;m n&agrave;y tr&ecirc;n to&agrave;n qu&#7889;c v&#7899;i gi&aacute; c&#7843; c&#7841;nh tranh nh&#7845;t.<br>\nCh&uacute;ng t&ocirc;i c&oacute; &#273;&#7897;i ng&#361; chuy&ecirc;n vi&ecirc;n t&#432; v&#7845;n chuy&ecirc;n s&acirc;u s&#7869; h&#7895; tr&#7907; kh&aacute;ch h&agrave;ng v&#7873; chi ti&#7871;t s&#7843;n ph&#7849;m, h&#432;&#7899;ng d&#7851;n s&#7917; d&#7909;ng hay nh&#7919;ng th&#7913; li&ecirc;n quan &#273;&#7871;n v&#7845;n &#273;&#7873; m&agrave; doanh nghi&#7879;p b&#7841;n &#273;ang g&#7863;p ph&#7843;i. Ch&uacute;ng t&ocirc;i s&#7869; cung c&#7845;p nh&#7919;ng gi&#7843;i ph&aacute;p t&#7889;i &#432;u nh&#7845;t !!!<br>\nNgo&agrave;i ra V&#7841;n N&#259;ng Company lu&ocirc;n h&#432;&#7899;ng &#273;&#7871;n tr&#7843;i nghi&#7879;m kh&aacute;ch h&agrave;ng, v&igrave; v&#7853;y ch&uacute;ng t&ocirc;i c&oacute; nh&#7919;ng ch&iacute;nh s&aacute;ch b&#7843;o h&agrave;nh, b&#7843;o tr&igrave; &ndash; b&#7843;o d&#432;&#7905;ng, hi&#7879;u chu&#7849;n v&#7899;i t&#7845;t c&#7843; c&aacute;c thi&#7871;t b&#7883;, m&aacute;y m&oacute;c m&agrave; ch&uacute;ng t&ocirc;i cung c&#7845;p. &#272;&#7843;m b&#7843;o mang &#273;&#7871;n cho Kh&aacute;ch h&agrave;ng s&#7921; y&ecirc;n t&acirc;m tuy&#7879;t &#273;&#7889;i v&#7873; d&#7883;ch v&#7909; khi mua h&agrave;ng.<\/p><p>T&#7893;ng K&#7871;t<br>\nM&aacute;y &#273;o &#273;&#7897; nh&#7899;t quy tr&igrave;nh ATAC 1077 l&agrave; gi&#7843;i ph&aacute;p ho&agrave;n ch&#7881;nh cho vi&#7879;c ph&acirc;n t&iacute;ch v&agrave; ki&#7875;m so&aacute;t &#273;&#7897; nh&#7899;t trong ng&agrave;nh d&#7847;u kh&iacute;. V&#7899;i thi&#7871;t k&#7871; ti&ecirc;n ti&#7871;n, t&iacute;nh n&#259;ng an to&agrave;n cao v&agrave; hi&#7879;u su&#7845;t v&#432;&#7907;t tr&#7897;i, thi&#7871;t b&#7883; n&agrave;y kh&ocirc;ng ch&#7881; &#273;&aacute;p &#7913;ng c&aacute;c y&ecirc;u c&#7847;u k&#7929; thu&#7853;t kh&#7855;t khe m&agrave; c&ograve;n n&acirc;ng cao hi&#7879;u qu&#7843; v&agrave; ch&#7845;t l&#432;&#7907;ng s&#7843;n ph&#7849;m. H&atilde;y li&ecirc;n h&#7879; v&#7899;i V&#7841;n N&#259;ng Company ngay &#273;&#7875; &#273;&#432;&#7907;c t&#432; v&#7845;n chuy&ecirc;n s&acirc;u v&agrave; nh&#7853;n c&aacute;c &#432;u &#273;&atilde;i h&#7845;p d&#7851;n nh&#7845;t th&ocirc;ng qua hotline\/zalo: <a href=\"https:\/\/zalo.me\/0903991335\" target=\"_blank\" rel=\"noopener\" style=\"color: #059669; font-weight: bold; text-decoration: none;\">0903 991 335<\/a>!<\/p><div style=\"background-color: #f8fafc; border: 1px solid #e2e8f0; border-radius: 8px; padding: 25px; max-width: 800px; margin: 30px auto; color: #334155; line-height: 1.8; font-size: 17px; box-shadow: 0 4px 6px -1px rgba(0,0,0,0.05); text-align: left; clear: both;\">\nC&ocirc;ng ty TNHH Th&#432;&#417;ng M&#7841;i D&#7883;ch V&#7909; Thi&#7871;t B&#7883; C&ocirc;ng Ngh&#7879; V&#7841;n N&#259;ng\n<p style=\"margin: 0 0 10px 0;\">&#128205; <strong style=\"color: #1e293b;\">&#272;&#7883;a ch&#7881;:<\/strong> <a style=\"color: #059669; text-decoration: none; font-weight: bold;\" href=\"https:\/\/www.google.com\/maps\/search\/C%C3%B4ng+ty+TNHH+Th%C6%B0%C6%A1ng+M%E1%BA%A1i+D%E1%BB%8Bch+V%E1%BB%A5+Thi%E1%BA%BFt+B%E1%BB%8B+C%C3%B4ng+Ngh%E1%BB%87+V%E1%BA%A1n+N%C4%83ng+818+Tr%C6%B0%E1%BB%9Dng+Chinh\" target=\"_blank\" rel=\"noopener\">818 Tr&#432;&#7901;ng Chinh, Ph&#432;&#7901;ng T&acirc;n S&#417;n, Th&agrave;nh ph&#7889; H&#7891; Ch&iacute; Minh, Vi&#7879;t Nam<\/a><\/p>\n<p style=\"margin: 0 0 10px 0;\">&#128222; <strong style=\"color: #1e293b;\">S&#272;T &ndash; Zalo:<\/strong> <a style=\"color: #059669; text-decoration: none; font-weight: bold;\" href=\"https:\/\/zalo.me\/0903991335\" target=\"_blank\" rel=\"noopener\">0903 991 335<\/a> <span style=\"color: #64748b; font-style: italic;\">(Ms. H&#7841;nh &ndash; Gi&aacute;m &#272;&#7889;c Kinh Doanh)<\/span><\/p>\n<p style=\"margin: 0;\">&#9993;&#65039; <strong style=\"color: #1e293b;\">Email:<\/strong> <a style=\"color: #059669; text-decoration: none; font-weight: bold;\" href=\"mailto:hienhanh@vannangvn.com\">hienhanh@vannangvn.com<\/a><\/p>\n<\/div><\/h1>","protected":false},"excerpt":{"rendered":"<p><strong>Th&#432;&#417;ng hi&#7879;u:<\/strong> OEM<br>\n<strong>Model:<\/strong> 1077<p>Product <strong>M&Aacute;Y &#272;O &#272;&#7896; NH&#7898;T QUY TR&Igrave;NH ATAC 1077 VISCOMETER<\/strong> ch&iacute;nh h&atilde;ng. <\/p><\/p>","protected":false},"featured_media":0,"comment_status":"open","ping_status":"closed","template":"","meta":[],"product_brand":[],"product_cat":[18],"product_tag":[326,366,1425,1904,1905,1906,109,181],"class_list":{"0":"post-6818","1":"product","2":"type-product","3":"status-publish","5":"product_cat-chua-phan-loai","6":"product_tag-trinh","7":"product_tag-nhot","8":"product_tag-atac","9":"product_tag-quy","10":"product_tag-1905","11":"product_tag-viscometer","12":"product_tag-may","13":"product_tag-do","15":"first","16":"instock","17":"shipping-taxable","18":"product-type-simple"},"yoast_head":"<!-- This site is optimized with the Yoast SEO Premium plugin v24.8 (Yoast SEO v24.8) - https:\/\/yoast.com\/wordpress\/plugins\/seo\/ -->\n<title>M\u00c1Y \u0110O \u0110\u1ed8 NH\u1edaT QUY TR\u00ccNH ATAC 1077 ... ch\u00ednh h\u00e3ng | V\u1ea1n N\u0103ng<\/title>\n<meta name=\"description\" content=\"Mua ngay M\u00c1Y \u0110O \u0110\u1ed8 NH\u1edaT QUY TR\u00ccNH ATAC 1077 VISCOMETER ch\u00ednh h\u00e3ng. Gi\u00e1 t\u1ed1t!\" \/>\n<meta name=\"robots\" content=\"noindex, follow, max-snippet:-1, max-image-preview:large, max-video-preview:-1\" \/>\n<meta property=\"og:locale\" content=\"en_US\" \/>\n<meta property=\"og:type\" content=\"article\" \/>\n<meta property=\"og:title\" content=\"M\u00c1Y \u0110O \u0110\u1ed8 NH\u1edaT QUY TR\u00ccNH ATAC 1077 VISCOMETER\" \/>\n<meta property=\"og:description\" content=\"Mua ngay M\u00c1Y \u0110O \u0110\u1ed8 NH\u1edaT QUY TR\u00ccNH ATAC 1077 VISCOMETER ch\u00ednh h\u00e3ng. Gi\u00e1 t\u1ed1t!\" \/>\n<meta property=\"og:url\" content=\"https:\/\/vannangvn.123websitedev.com\/en\/product\/may-do-do-nhot-quy-trinh-atac-1077-viscometer\/\" \/>\n<meta property=\"og:site_name\" content=\"Vannang.vn\" \/>\n<meta property=\"article:modified_time\" content=\"2026-03-30T11:29:04+00:00\" \/>\n<meta name=\"twitter:card\" content=\"summary_large_image\" \/>\n<meta name=\"twitter:label1\" content=\"Est. reading time\" \/>\n\t<meta name=\"twitter:data1\" content=\"10 minutes\" \/>\n<script type=\"application\/ld+json\" class=\"yoast-schema-graph\">{\"@context\":\"https:\/\/schema.org\",\"@graph\":[{\"@type\":\"WebPage\",\"@id\":\"https:\/\/vannangvn.123websitedev.com\/san-pham\/may-do-do-nhot-quy-trinh-atac-1077-viscometer\/\",\"url\":\"https:\/\/vannangvn.123websitedev.com\/san-pham\/may-do-do-nhot-quy-trinh-atac-1077-viscometer\/\",\"name\":\"M\u00c1Y \u0110O \u0110\u1ed8 NH\u1edaT QUY TR\u00ccNH ATAC 1077 ... ch\u00ednh h\u00e3ng | V\u1ea1n N\u0103ng\",\"isPartOf\":{\"@id\":\"https:\/\/vannangvn.123websitedev.com\/#website\"},\"datePublished\":\"2026-03-20T10:37:23+00:00\",\"dateModified\":\"2026-03-30T11:29:04+00:00\",\"description\":\"Mua ngay M\u00c1Y \u0110O \u0110\u1ed8 NH\u1edaT QUY TR\u00ccNH ATAC 1077 VISCOMETER ch\u00ednh h\u00e3ng. Gi\u00e1 t\u1ed1t!\",\"breadcrumb\":{\"@id\":\"https:\/\/vannangvn.123websitedev.com\/san-pham\/may-do-do-nhot-quy-trinh-atac-1077-viscometer\/#breadcrumb\"},\"inLanguage\":\"en-US\",\"potentialAction\":[{\"@type\":\"ReadAction\",\"target\":[\"https:\/\/vannangvn.123websitedev.com\/san-pham\/may-do-do-nhot-quy-trinh-atac-1077-viscometer\/\"]}]},{\"@type\":\"BreadcrumbList\",\"@id\":\"https:\/\/vannangvn.123websitedev.com\/san-pham\/may-do-do-nhot-quy-trinh-atac-1077-viscometer\/#breadcrumb\",\"itemListElement\":[{\"@type\":\"ListItem\",\"position\":1,\"name\":\"Trang ch\u1ee7\",\"item\":\"https:\/\/vannangvn.123websitedev.com\/\"},{\"@type\":\"ListItem\",\"position\":2,\"name\":\"S\u1ea3n ph\u1ea9m\",\"item\":\"https:\/\/vannangvn.123websitedev.com\/cua-hang\/\"},{\"@type\":\"ListItem\",\"position\":3,\"name\":\"M\u00c1Y \u0110O \u0110\u1ed8 NH\u1edaT QUY TR\u00ccNH ATAC 1077 VISCOMETER\"}]},{\"@type\":\"WebSite\",\"@id\":\"https:\/\/vannangvn.123websitedev.com\/#website\",\"url\":\"https:\/\/vannangvn.123websitedev.com\/\",\"name\":\"Vannang.vn\",\"description\":\"\",\"publisher\":{\"@id\":\"https:\/\/vannangvn.123websitedev.com\/#organization\"},\"potentialAction\":[{\"@type\":\"SearchAction\",\"target\":{\"@type\":\"EntryPoint\",\"urlTemplate\":\"https:\/\/vannangvn.123websitedev.com\/?s={search_term_string}\"},\"query-input\":{\"@type\":\"PropertyValueSpecification\",\"valueRequired\":true,\"valueName\":\"search_term_string\"}}],\"inLanguage\":\"en-US\"},{\"@type\":\"Organization\",\"@id\":\"https:\/\/vannangvn.123websitedev.com\/#organization\",\"name\":\"Vannang.vn\",\"url\":\"https:\/\/vannangvn.123websitedev.com\/\",\"logo\":{\"@type\":\"ImageObject\",\"inLanguage\":\"en-US\",\"@id\":\"https:\/\/vannangvn.123websitedev.com\/#\/schema\/logo\/image\/\",\"url\":\"https:\/\/vannangvn.123websitedev.com\/wp-content\/uploads\/2026\/02\/logo-van-nang-02.png\",\"contentUrl\":\"https:\/\/vannangvn.123websitedev.com\/wp-content\/uploads\/2026\/02\/logo-van-nang-02.png\",\"width\":448,\"height\":111,\"caption\":\"Vannang.vn\"},\"image\":{\"@id\":\"https:\/\/vannangvn.123websitedev.com\/#\/schema\/logo\/image\/\"}}]}<\/script>\n<!-- \/ Yoast SEO Premium plugin. -->","yoast_head_json":{"title":"M\u00c1Y \u0110O \u0110\u1ed8 NH\u1edaT QUY TR\u00ccNH ATAC 1077 ... ch\u00ednh h\u00e3ng | V\u1ea1n N\u0103ng","description":"Mua ngay M\u00c1Y \u0110O \u0110\u1ed8 NH\u1edaT QUY TR\u00ccNH ATAC 1077 VISCOMETER ch\u00ednh h\u00e3ng. Gi\u00e1 t\u1ed1t!","robots":{"index":"noindex","follow":"follow","max-snippet":"max-snippet:-1","max-image-preview":"max-image-preview:large","max-video-preview":"max-video-preview:-1"},"og_locale":"en_US","og_type":"article","og_title":"M\u00c1Y \u0110O \u0110\u1ed8 NH\u1edaT QUY TR\u00ccNH ATAC 1077 VISCOMETER","og_description":"Mua ngay M\u00c1Y \u0110O \u0110\u1ed8 NH\u1edaT QUY TR\u00ccNH ATAC 1077 VISCOMETER ch\u00ednh h\u00e3ng. Gi\u00e1 t\u1ed1t!","og_url":"https:\/\/vannangvn.123websitedev.com\/en\/product\/may-do-do-nhot-quy-trinh-atac-1077-viscometer\/","og_site_name":"Vannang.vn","article_modified_time":"2026-03-30T11:29:04+00:00","twitter_card":"summary_large_image","twitter_misc":{"Est. reading time":"10 minutes"},"schema":{"@context":"https:\/\/schema.org","@graph":[{"@type":"WebPage","@id":"https:\/\/vannangvn.123websitedev.com\/san-pham\/may-do-do-nhot-quy-trinh-atac-1077-viscometer\/","url":"https:\/\/vannangvn.123websitedev.com\/san-pham\/may-do-do-nhot-quy-trinh-atac-1077-viscometer\/","name":"M\u00c1Y \u0110O \u0110\u1ed8 NH\u1edaT QUY TR\u00ccNH ATAC 1077 ... ch\u00ednh h\u00e3ng | V\u1ea1n N\u0103ng","isPartOf":{"@id":"https:\/\/vannangvn.123websitedev.com\/#website"},"datePublished":"2026-03-20T10:37:23+00:00","dateModified":"2026-03-30T11:29:04+00:00","description":"Mua ngay M\u00c1Y \u0110O \u0110\u1ed8 NH\u1edaT QUY TR\u00ccNH ATAC 1077 VISCOMETER ch\u00ednh h\u00e3ng. Gi\u00e1 t\u1ed1t!","breadcrumb":{"@id":"https:\/\/vannangvn.123websitedev.com\/san-pham\/may-do-do-nhot-quy-trinh-atac-1077-viscometer\/#breadcrumb"},"inLanguage":"en-US","potentialAction":[{"@type":"ReadAction","target":["https:\/\/vannangvn.123websitedev.com\/san-pham\/may-do-do-nhot-quy-trinh-atac-1077-viscometer\/"]}]},{"@type":"BreadcrumbList","@id":"https:\/\/vannangvn.123websitedev.com\/san-pham\/may-do-do-nhot-quy-trinh-atac-1077-viscometer\/#breadcrumb","itemListElement":[{"@type":"ListItem","position":1,"name":"Trang ch\u1ee7","item":"https:\/\/vannangvn.123websitedev.com\/"},{"@type":"ListItem","position":2,"name":"S\u1ea3n ph\u1ea9m","item":"https:\/\/vannangvn.123websitedev.com\/cua-hang\/"},{"@type":"ListItem","position":3,"name":"M\u00c1Y \u0110O \u0110\u1ed8 NH\u1edaT QUY TR\u00ccNH ATAC 1077 VISCOMETER"}]},{"@type":"WebSite","@id":"https:\/\/vannangvn.123websitedev.com\/#website","url":"https:\/\/vannangvn.123websitedev.com\/","name":"Vannang.vn","description":"","publisher":{"@id":"https:\/\/vannangvn.123websitedev.com\/#organization"},"potentialAction":[{"@type":"SearchAction","target":{"@type":"EntryPoint","urlTemplate":"https:\/\/vannangvn.123websitedev.com\/?s={search_term_string}"},"query-input":{"@type":"PropertyValueSpecification","valueRequired":true,"valueName":"search_term_string"}}],"inLanguage":"en-US"},{"@type":"Organization","@id":"https:\/\/vannangvn.123websitedev.com\/#organization","name":"Vannang.vn","url":"https:\/\/vannangvn.123websitedev.com\/","logo":{"@type":"ImageObject","inLanguage":"en-US","@id":"https:\/\/vannangvn.123websitedev.com\/#\/schema\/logo\/image\/","url":"https:\/\/vannangvn.123websitedev.com\/wp-content\/uploads\/2026\/02\/logo-van-nang-02.png","contentUrl":"https:\/\/vannangvn.123websitedev.com\/wp-content\/uploads\/2026\/02\/logo-van-nang-02.png","width":448,"height":111,"caption":"Vannang.vn"},"image":{"@id":"https:\/\/vannangvn.123websitedev.com\/#\/schema\/logo\/image\/"}}]}},"_links":{"self":[{"href":"https:\/\/vannangvn.123websitedev.com\/en\/wp-json\/wp\/v2\/product\/6818","targetHints":{"allow":["GET"]}}],"collection":[{"href":"https:\/\/vannangvn.123websitedev.com\/en\/wp-json\/wp\/v2\/product"}],"about":[{"href":"https:\/\/vannangvn.123websitedev.com\/en\/wp-json\/wp\/v2\/types\/product"}],"replies":[{"embeddable":true,"href":"https:\/\/vannangvn.123websitedev.com\/en\/wp-json\/wp\/v2\/comments?post=6818"}],"wp:attachment":[{"href":"https:\/\/vannangvn.123websitedev.com\/en\/wp-json\/wp\/v2\/media?parent=6818"}],"wp:term":[{"taxonomy":"product_brand","embeddable":true,"href":"https:\/\/vannangvn.123websitedev.com\/en\/wp-json\/wp\/v2\/product_brand?post=6818"},{"taxonomy":"product_cat","embeddable":true,"href":"https:\/\/vannangvn.123websitedev.com\/en\/wp-json\/wp\/v2\/product_cat?post=6818"},{"taxonomy":"product_tag","embeddable":true,"href":"https:\/\/vannangvn.123websitedev.com\/en\/wp-json\/wp\/v2\/product_tag?post=6818"}],"curies":[{"name":"wp","href":"https:\/\/api.w.org\/{rel}","templated":true}]}}