{"id":6831,"date":"2026-03-20T17:37:41","date_gmt":"2026-03-20T10:37:41","guid":{"rendered":"https:\/\/vannangvn.123websitedev.com\/san-pham\/may-do-do-on-pce-instruments-model-pce-slt-trm\/"},"modified":"2026-03-30T18:29:24","modified_gmt":"2026-03-30T11:29:24","slug":"may-do-do-on-pce-instruments-model-pce-slt-trm","status":"publish","type":"product","link":"https:\/\/vannangvn.123websitedev.com\/en\/product\/may-do-do-on-pce-instruments-model-pce-slt-trm\/","title":{"rendered":"M\u00c1Y \u0110O \u0110\u1ed8 \u1ed2N PCE INSTRUMENTS MODEL PCE-SLT-TRM"},"content":{"rendered":"<h1 style=\"color: red; font-weight: bold; font-size: 24px;\">T&#7893;ng quan s&#7843;n ph&#7849;m M&Aacute;Y &#272;O &#272;&#7896; &#7890;N PCE INSTRUMENTS MODEL PCE-SLT-TRM<p>M&aacute;y &#272;o &#272;&#7897; &#7890;n (Decible Meter) PCE Instruments Model PCE-SLT-TRM<br>\nM&aacute;y &#272;o &#272;&#7897; &#7890;n PCE-SLT-TRM l&agrave; thi&#7871;t b&#7883; &#273;o &acirc;m thanh &#273;&#7841;t chu&#7849;n Class II (Type 2), chuy&ecirc;n d&ugrave;ng &#273;&#7875; gi&aacute;m s&aacute;t m&#7913;c &#273;&#7897; ti&#7871;ng &#7891;n trong m&ocirc;i tr&#432;&#7901;ng c&ocirc;ng nghi&#7879;p. &#272;&#432;&#7907;c trang b&#7883; kh&#7843; n&#259;ng c&#7843;nh b&aacute;o b&#7857;ng &acirc;m thanh ho&#7863;c h&igrave;nh &#7843;nh, thi&#7871;t b&#7883; &#273;&#7843;m b&#7843;o gi&aacute;m s&aacute;t li&ecirc;n t&#7909;c v&agrave; ch&iacute;nh x&aacute;c ti&#7871;ng &#7891;n trong c&aacute;c khu v&#7921;c nh&#432; nh&agrave; m&aacute;y, x&#432;&#7903;ng s&#7843;n xu&#7845;t, v&agrave; c&aacute;c c&#417; s&#7903; c&ocirc;ng nghi&#7879;p n&#7863;ng. H&atilde;y c&ugrave;ng V&#7841;n N&#259;ng t&igrave;m hi&#7875;u chi ti&#7871;t h&#417;n v&#7873; s&#7843;n ph&#7849;m th&ocirc;ng qua b&agrave;i vi&#7871;t d&#432;&#7899;i &#273;&acirc;y!<\/p><p>N&eacute;t &#272;&#7863;c Tr&#432;ng C&#7911;a PCE-SLT-TRM<\/p><p>Ph&#7841;m vi &#273;o r&#7897;ng: 30 &hellip; 130 dB, chia th&agrave;nh 3 d&#7843;i &#273;o, PCE SLT TRM ph&ugrave; h&#7907;p v&#7899;i nhi&#7873;u m&#7913;c &#273;&#7897; ti&#7871;ng &#7891;n kh&aacute;c nhau.<br>\n&#272;&#7897; ph&acirc;n gi&#7843;i cao: 0.1 dB, gi&uacute;p ph&aacute;t hi&#7879;n ch&iacute;nh x&aacute;c nh&#7919;ng bi&#7871;n &#273;&#7897;ng nh&#7887; nh&#7845;t c&#7911;a &acirc;m thanh.<\/p><p>&#272;&#7897; ch&iacute;nh x&aacute;c &#273;&aacute;ng tin c&#7853;y: &plusmn; 1.5 dB, &#273;&#7843;m b&#7843;o k&#7871;t qu&#7843; &#273;o &#273;&uacute;ng chu&#7849;n v&agrave; &#273;&aacute;p &#7913;ng y&ecirc;u c&#7847;u nghi&ecirc;m ng&#7863;t c&#7911;a c&aacute;c ti&ecirc;u chu&#7849;n an to&agrave;n lao &#273;&#7897;ng.<br>\nKh&#7843; n&#259;ng ch&#7889;ng b&#7909;i v&agrave; n&#432;&#7899;c &#273;&#7841;t chu&#7849;n IP54: Thi&#7871;t b&#7883; truy&#7873;n t&iacute;n hi&#7879;u c&oacute; kh&#7843; n&#259;ng ch&#7889;ng b&#7909;i v&agrave; ch&#7889;ng n&#432;&#7899;c b&#7855;n t&#7915; m&#7885;i h&#432;&#7899;ng, &#273;&#7843;m b&#7843;o &#273;&#7897; b&#7873;n v&agrave; hi&#7879;u su&#7845;t cao trong m&ocirc;i tr&#432;&#7901;ng c&ocirc;ng nghi&#7879;p kh&#7855;c nghi&#7879;t.<\/p><p>&#431;u &#272;i&#7875;m V&#432;&#7907;t TR&#7897;i C&#7911;a PCE-SLT-TRM<\/p><p>Gi&aacute;m s&aacute;t li&ecirc;n t&#7909;c, l&acirc;u d&agrave;i: M&aacute;y &#272;o C&#432;&#7901;ng &#272;&#7897; &Acirc;m Thanh PCE-SLT-TRM gi&uacute;p c&aacute;c doanh nghi&#7879;p ki&#7875;m so&aacute;t m&#7913;c ti&#7871;ng &#7891;n trong m&ocirc;i tr&#432;&#7901;ng l&agrave;m vi&#7879;c, &#273;&#7843;m b&#7843;o tu&acirc;n th&#7911; c&aacute;c ti&ecirc;u chu&#7849;n an to&agrave;n lao &#273;&#7897;ng v&agrave; s&#7913;c kh&#7887;e.<br>\n&#7912;ng d&#7909;ng &#273;a d&#7841;ng: L&yacute; t&#432;&#7903;ng cho c&aacute;c m&ocirc;i tr&#432;&#7901;ng c&ocirc;ng nghi&#7879;p nh&#432; x&#432;&#7903;ng &#273;&uacute;c, d&acirc;y chuy&#7873;n s&#7843;n xu&#7845;t, nh&agrave; m&aacute;y ch&#7871; t&#7841;o, n&#417;i ti&#7871;ng &#7891;n cao c&oacute; th&#7875; g&acirc;y h&#7841;i &#273;&#7871;n s&#7913;c kh&#7887;e ng&#432;&#7901;i lao &#273;&#7897;ng.<br>\nN&acirc;ng cao hi&#7879;u qu&#7843; qu&#7843;n l&yacute;: Thi&#7871;t b&#7883; PCE-SLT-TRM h&#7895; tr&#7907; doanh nghi&#7879;p nhanh ch&oacute;ng ph&aacute;t hi&#7879;n v&agrave; x&#7917; l&yacute; c&aacute;c ngu&#7891;n ti&#7871;ng &#7891;n v&#432;&#7907;t m&#7913;c, gi&#7843;m thi&#7875;u r&#7911;i ro ph&aacute;p l&yacute; v&agrave; c&#7843;i thi&#7879;n m&ocirc;i tr&#432;&#7901;ng l&agrave;m vi&#7879;c.<\/p><p>Nh&#7919;ng L&yacute; Do N&ecirc;n Mua M&aacute;y &#272;o &#272;&#7897; &#7890;n T&#7841;i Thi&#7871;t B&#7883; C&ocirc;ng Ngh&#7879; V&#7841;n N&#259;ng<\/p><p>C&ocirc;ng ty Thi&#7871;t B&#7883; C&ocirc;ng Ngh&#7879; V&#7841;n N&#259;ng l&agrave; &#273;&#7889;i t&aacute;c ch&iacute;nh th&#7913;c ph&acirc;n ph&#7889;i M&aacute;y &#272;o &#272;&#7897; &#7890;n h&agrave;ng &#273;&#7847;u t&#7841;i Vi&#7879;t Nam, cam k&#7871;t cung c&#7845;p s&#7843;n ph&#7849;m ch&iacute;nh h&atilde;ng v&#7899;i gi&aacute; c&#7843; c&#7841;nh tranh nh&#7845;t th&#7883; tr&#432;&#7901;ng. V&#7899;i uy t&iacute;n tr&ecirc;n th&#7883; tr&#432;&#7901;ng v&agrave; ch&#7871; &#273;&#7897; h&#7851;u m&atilde;i t&#7889;t, Thi&#7871;t B&#7883; C&ocirc;ng Ngh&#7879; V&#7841;n N&#259;ng &#273;&atilde; nh&#7853;n &#273;&#432;&#7907;c s&#7921; tin t&#432;&#7903;ng t&#7915; kh&aacute;ch h&agrave;ng nh&#7901; v&agrave;o ch&#7845;t l&#432;&#7907;ng h&agrave;ng &#273;&#7847;u c&#7911;a c&aacute;c d&ograve;ng s&#7843;n ph&#7849;m.<br>\nS&#7843;n ph&#7849;m c&#7911;a ch&uacute;ng t&ocirc;i &#273;&#432;&#7907;c ki&#7875;m &#273;&#7883;nh ch&#7845;t l&#432;&#7907;ng, nh&#7853;p kh&#7849;u tr&#7921;c ti&#7871;p t&#7915; nh&agrave; m&aacute;y b&ecirc;n Ch&acirc;u &Acirc;u, M&#7929;, &Uacute;c, Nh&#7853;t B&#7843;n,&hellip; v&agrave; &#273;&aacute;p &#7913;ng nhu c&#7847;u &#273;a d&#7841;ng c&#7911;a th&#7883; tr&#432;&#7901;ng nh&#432;: M&aacute;y &#272;o &#272;&#7897; C&#7913;ng, M&aacute;y SPECTROMAXx, M&aacute;y Ki&#7875;m Tra &#272;&#432;&#7901;ng Gh&eacute;p M&iacute; Lon,&hellip; Ch&uacute;ng t&ocirc;i cam k&#7871;t cung c&#7845;p s&#7843;n ph&#7849;m n&agrave;y tr&ecirc;n to&agrave;n qu&#7889;c v&#7899;i gi&aacute; c&#7843; c&#7841;nh tranh nh&#7845;t.<br>\nCh&uacute;ng t&ocirc;i c&oacute; &#273;&#7897;i ng&#361; chuy&ecirc;n vi&ecirc;n t&#432; v&#7845;n chuy&ecirc;n s&acirc;u s&#7869; h&#7895; tr&#7907; kh&aacute;ch h&agrave;ng v&#7873; chi ti&#7871;t s&#7843;n ph&#7849;m, h&#432;&#7899;ng d&#7851;n s&#7917; d&#7909;ng hay nh&#7919;ng th&#7913; li&ecirc;n quan &#273;&#7871;n v&#7845;n &#273;&#7873; m&agrave; doanh nghi&#7879;p b&#7841;n &#273;ang g&#7863;p ph&#7843;i. Ch&uacute;ng t&ocirc;i s&#7869; cung c&#7845;p nh&#7919;ng gi&#7843;i ph&aacute;p t&#7889;i &#432;u nh&#7845;t!<br>\nNgo&agrave;i ra Thi&#7871;t B&#7883; C&ocirc;ng Ngh&#7879; V&#7841;n N&#259;ng Ch&uacute;ng T&ocirc;i lu&ocirc;n h&#432;&#7899;ng &#273;&#7871;n tr&#7843;i nghi&#7879;m kh&aacute;ch h&agrave;ng, v&igrave; v&#7853;y ch&uacute;ng t&ocirc;i c&oacute; nh&#7919;ng ch&iacute;nh s&aacute;ch b&#7843;o h&agrave;nh, b&#7843;o tr&igrave; &ndash; b&#7843;o d&#432;&#7905;ng, hi&#7879;u chu&#7849;n v&#7899;i t&#7845;t c&#7843; c&aacute;c thi&#7871;t b&#7883;, m&aacute;y m&oacute;c m&agrave; ch&uacute;ng t&ocirc;i cung c&#7845;p. &#272;&#7843;m b&#7843;o mang &#273;&#7871;n cho Kh&aacute;ch h&agrave;ng s&#7921; y&ecirc;n t&acirc;m tuy&#7879;t &#273;&#7889;i v&#7873; d&#7883;ch v&#7909; khi mua h&agrave;ng.<\/p><p>T&#7893;ng K&#7871;t<br>\nThi&#7871;t B&#7883; &#272;o &#272;&#7897; &#7890;n PCE-SLT-TRM kh&ocirc;ng ch&#7881; mang l&#7841;i s&#7921; ch&iacute;nh x&aacute;c v&#432;&#7907;t tr&#7897;i m&agrave; c&ograve;n &#273;&#7843;m b&#7843;o t&iacute;nh &#7893;n &#273;&#7883;nh v&agrave; &#273;&#7897; b&#7873;n trong &#273;i&#7873;u ki&#7879;n kh&#7855;c nghi&#7879;t. PCE-SLT-TRM l&agrave; l&#7921;a ch&#7885;n ho&agrave;n h&#7843;o &#273;&#7875; gi&uacute;p doanh nghi&#7879;p n&acirc;ng cao hi&#7879;u qu&#7843; qu&#7843;n l&yacute; ti&#7871;ng &#7891;n v&agrave; b&#7843;o v&#7879; s&#7913;c kh&#7887;e ng&#432;&#7901;i lao &#273;&#7897;ng. H&atilde;y li&ecirc;n h&#7879; v&#7899;i V&#7841;n N&#259;ng Company &#273;&#7875; &#273;&#432;&#7907;c t&#432; v&#7845;n chi ti&#7871;t v&agrave; nh&#7853;n ngay &#432;u &#273;&atilde;i h&#7845;p d&#7851;n th&ocirc;ng qua hotline\/zalo: <a href=\"https:\/\/zalo.me\/0903991335\" target=\"_blank\" rel=\"noopener\" style=\"color: #059669; font-weight: bold; text-decoration: none;\">0903 991 335<\/a>!<\/p><div style=\"background-color: #f8fafc; border: 1px solid #e2e8f0; border-radius: 8px; padding: 25px; max-width: 800px; margin: 30px auto; color: #334155; line-height: 1.8; font-size: 17px; box-shadow: 0 4px 6px -1px rgba(0,0,0,0.05); text-align: left; clear: both;\">\nC&ocirc;ng ty TNHH Th&#432;&#417;ng M&#7841;i D&#7883;ch V&#7909; Thi&#7871;t B&#7883; C&ocirc;ng Ngh&#7879; V&#7841;n N&#259;ng\n<p style=\"margin: 0 0 10px 0;\">&#128205; <strong style=\"color: #1e293b;\">&#272;&#7883;a ch&#7881;:<\/strong> <a style=\"color: #059669; text-decoration: none; font-weight: bold;\" href=\"https:\/\/www.google.com\/maps\/search\/C%C3%B4ng+ty+TNHH+Th%C6%B0%C6%A1ng+M%E1%BA%A1i+D%E1%BB%8Bch+V%E1%BB%A5+Thi%E1%BA%BFt+B%E1%BB%8B+C%C3%B4ng+Ngh%E1%BB%87+V%E1%BA%A1n+N%C4%83ng+818+Tr%C6%B0%E1%BB%9Dng+Chinh\" target=\"_blank\" rel=\"noopener\">818 Tr&#432;&#7901;ng Chinh, Ph&#432;&#7901;ng T&acirc;n S&#417;n, Th&agrave;nh ph&#7889; H&#7891; Ch&iacute; Minh, Vi&#7879;t Nam<\/a><\/p>\n<p style=\"margin: 0 0 10px 0;\">&#128222; <strong style=\"color: #1e293b;\">S&#272;T &ndash; Zalo:<\/strong> <a style=\"color: #059669; text-decoration: none; font-weight: bold;\" href=\"https:\/\/zalo.me\/0903991335\" target=\"_blank\" rel=\"noopener\">0903 991 335<\/a> <span style=\"color: #64748b; font-style: italic;\">(Ms. H&#7841;nh &ndash; Gi&aacute;m &#272;&#7889;c Kinh Doanh)<\/span><\/p>\n<p style=\"margin: 0;\">&#9993;&#65039; <strong style=\"color: #1e293b;\">Email:<\/strong> <a style=\"color: #059669; text-decoration: none; font-weight: bold;\" href=\"mailto:hienhanh@vannangvn.com\">hienhanh@vannangvn.com<\/a><\/p>\n<\/div><\/h1>","protected":false},"excerpt":{"rendered":"<p><strong>Th&#432;&#417;ng hi&#7879;u:<\/strong> M&aacute;y &#272;o &#272;&#7897; &#7890;n PCE-SLT-TRM l&agrave; thi&#7871;t b&#7883; &#273;o &acirc;m thanh &#273;&#7841;t chu&#7849;n Class II , chuy&ecirc;n d&ugrave;ng &#273;&#7875; gi&aacute;m s&aacute;t m&#7913;c &#273;&#7897; ti&#7871;ng &#7891;n trong m&ocirc;i tr&#432;&#7901;ng c&ocirc;ng nghi&#7879;p.<br>\n<strong>Model:<\/strong> PCE-SLT-TRM<p>Product <strong>M&Aacute;Y &#272;O &#272;&#7896; &#7890;N PCE INSTRUMENTS MODEL PCE-SLT-TRM<\/strong> ch&iacute;nh h&atilde;ng. M&aacute;y &#272;o &#272;&#7897; &#7890;n PCE-SLT-TRM l&agrave; thi&#7871;t b&#7883; &#273;o &acirc;m thanh &#273;&#7841;t chu&#7849;n Class II (Type 2), chuy&ecirc;n d&ugrave;ng &#273;&#7875; gi&aacute;m s&aacute;t m&#7913;c &#273;&#7897; ti&#7871;ng &#7891;n trong m&ocirc;i tr&#432;&#7901;ng c&ocirc;ng nghi&#7879;p.<\/p><\/p>","protected":false},"featured_media":10465,"comment_status":"open","ping_status":"closed","template":"","meta":[],"product_brand":[],"product_cat":[18],"product_tag":[306,346,581,1922,109,116,181],"class_list":{"0":"post-6831","1":"product","2":"type-product","3":"status-publish","4":"has-post-thumbnail","6":"product_cat-chua-phan-loai","7":"product_tag-on","8":"product_tag-pce","9":"product_tag-instruments","10":"product_tag-pce-slt-trm","11":"product_tag-may","12":"product_tag-model","13":"product_tag-do","15":"first","16":"instock","17":"shipping-taxable","18":"product-type-simple"},"yoast_head":"<!-- This site is optimized with the Yoast SEO Premium plugin v24.8 (Yoast SEO v24.8) - https:\/\/yoast.com\/wordpress\/plugins\/seo\/ -->\n<title>M\u00c1Y \u0110O \u0110\u1ed8 \u1ed2N PCE INSTRUMENTS MODEL ... ch\u00ednh h\u00e3ng | V\u1ea1n N\u0103ng<\/title>\n<meta name=\"description\" content=\"Mua ngay M\u00c1Y \u0110O \u0110\u1ed8 \u1ed2N PCE INSTRUMENTS MODEL PCE-SLT-TRM ch\u00ednh h\u00e3ng. Gi\u00e1 t\u1ed1t!\" \/>\n<meta name=\"robots\" content=\"noindex, follow, max-snippet:-1, max-image-preview:large, max-video-preview:-1\" \/>\n<meta property=\"og:locale\" content=\"en_US\" \/>\n<meta property=\"og:type\" content=\"article\" \/>\n<meta property=\"og:title\" content=\"M\u00c1Y \u0110O \u0110\u1ed8 \u1ed2N PCE INSTRUMENTS MODEL PCE-SLT-TRM\" \/>\n<meta property=\"og:description\" content=\"Mua ngay M\u00c1Y \u0110O \u0110\u1ed8 \u1ed2N PCE INSTRUMENTS MODEL PCE-SLT-TRM ch\u00ednh h\u00e3ng. Gi\u00e1 t\u1ed1t!\" \/>\n<meta property=\"og:url\" content=\"https:\/\/vannangvn.123websitedev.com\/en\/product\/may-do-do-on-pce-instruments-model-pce-slt-trm\/\" \/>\n<meta property=\"og:site_name\" content=\"Vannang.vn\" \/>\n<meta property=\"article:modified_time\" content=\"2026-03-30T11:29:24+00:00\" \/>\n<meta property=\"og:image\" content=\"http:\/\/vannangvn.123websitedev.com\/wp-content\/uploads\/2026\/03\/PCE-SLT-TRM-no.1-copy.jpg\" \/>\n\t<meta property=\"og:image:width\" content=\"768\" \/>\n\t<meta property=\"og:image:height\" content=\"576\" \/>\n\t<meta property=\"og:image:type\" content=\"image\/jpeg\" \/>\n<meta name=\"twitter:card\" content=\"summary_large_image\" \/>\n<meta name=\"twitter:label1\" content=\"Est. reading time\" \/>\n\t<meta name=\"twitter:data1\" content=\"6 minutes\" \/>\n<script type=\"application\/ld+json\" class=\"yoast-schema-graph\">{\"@context\":\"https:\/\/schema.org\",\"@graph\":[{\"@type\":\"WebPage\",\"@id\":\"https:\/\/vannangvn.123websitedev.com\/san-pham\/may-do-do-on-pce-instruments-model-pce-slt-trm\/\",\"url\":\"https:\/\/vannangvn.123websitedev.com\/san-pham\/may-do-do-on-pce-instruments-model-pce-slt-trm\/\",\"name\":\"M\u00c1Y \u0110O \u0110\u1ed8 \u1ed2N PCE INSTRUMENTS MODEL ... ch\u00ednh h\u00e3ng | V\u1ea1n N\u0103ng\",\"isPartOf\":{\"@id\":\"https:\/\/vannangvn.123websitedev.com\/#website\"},\"primaryImageOfPage\":{\"@id\":\"https:\/\/vannangvn.123websitedev.com\/san-pham\/may-do-do-on-pce-instruments-model-pce-slt-trm\/#primaryimage\"},\"image\":{\"@id\":\"https:\/\/vannangvn.123websitedev.com\/san-pham\/may-do-do-on-pce-instruments-model-pce-slt-trm\/#primaryimage\"},\"thumbnailUrl\":\"https:\/\/vannangvn.123websitedev.com\/wp-content\/uploads\/2026\/03\/PCE-SLT-TRM-no.1-copy.jpg\",\"datePublished\":\"2026-03-20T10:37:41+00:00\",\"dateModified\":\"2026-03-30T11:29:24+00:00\",\"description\":\"Mua ngay M\u00c1Y \u0110O \u0110\u1ed8 \u1ed2N PCE INSTRUMENTS MODEL PCE-SLT-TRM ch\u00ednh h\u00e3ng. Gi\u00e1 t\u1ed1t!\",\"breadcrumb\":{\"@id\":\"https:\/\/vannangvn.123websitedev.com\/san-pham\/may-do-do-on-pce-instruments-model-pce-slt-trm\/#breadcrumb\"},\"inLanguage\":\"en-US\",\"potentialAction\":[{\"@type\":\"ReadAction\",\"target\":[\"https:\/\/vannangvn.123websitedev.com\/san-pham\/may-do-do-on-pce-instruments-model-pce-slt-trm\/\"]}]},{\"@type\":\"ImageObject\",\"inLanguage\":\"en-US\",\"@id\":\"https:\/\/vannangvn.123websitedev.com\/san-pham\/may-do-do-on-pce-instruments-model-pce-slt-trm\/#primaryimage\",\"url\":\"https:\/\/vannangvn.123websitedev.com\/wp-content\/uploads\/2026\/03\/PCE-SLT-TRM-no.1-copy.jpg\",\"contentUrl\":\"https:\/\/vannangvn.123websitedev.com\/wp-content\/uploads\/2026\/03\/PCE-SLT-TRM-no.1-copy.jpg\",\"width\":768,\"height\":576},{\"@type\":\"BreadcrumbList\",\"@id\":\"https:\/\/vannangvn.123websitedev.com\/san-pham\/may-do-do-on-pce-instruments-model-pce-slt-trm\/#breadcrumb\",\"itemListElement\":[{\"@type\":\"ListItem\",\"position\":1,\"name\":\"Trang ch\u1ee7\",\"item\":\"https:\/\/vannangvn.123websitedev.com\/\"},{\"@type\":\"ListItem\",\"position\":2,\"name\":\"S\u1ea3n ph\u1ea9m\",\"item\":\"https:\/\/vannangvn.123websitedev.com\/cua-hang\/\"},{\"@type\":\"ListItem\",\"position\":3,\"name\":\"M\u00c1Y \u0110O \u0110\u1ed8 \u1ed2N PCE INSTRUMENTS MODEL PCE-SLT-TRM\"}]},{\"@type\":\"WebSite\",\"@id\":\"https:\/\/vannangvn.123websitedev.com\/#website\",\"url\":\"https:\/\/vannangvn.123websitedev.com\/\",\"name\":\"Vannang.vn\",\"description\":\"\",\"publisher\":{\"@id\":\"https:\/\/vannangvn.123websitedev.com\/#organization\"},\"potentialAction\":[{\"@type\":\"SearchAction\",\"target\":{\"@type\":\"EntryPoint\",\"urlTemplate\":\"https:\/\/vannangvn.123websitedev.com\/?s={search_term_string}\"},\"query-input\":{\"@type\":\"PropertyValueSpecification\",\"valueRequired\":true,\"valueName\":\"search_term_string\"}}],\"inLanguage\":\"en-US\"},{\"@type\":\"Organization\",\"@id\":\"https:\/\/vannangvn.123websitedev.com\/#organization\",\"name\":\"Vannang.vn\",\"url\":\"https:\/\/vannangvn.123websitedev.com\/\",\"logo\":{\"@type\":\"ImageObject\",\"inLanguage\":\"en-US\",\"@id\":\"https:\/\/vannangvn.123websitedev.com\/#\/schema\/logo\/image\/\",\"url\":\"https:\/\/vannangvn.123websitedev.com\/wp-content\/uploads\/2026\/02\/logo-van-nang-02.png\",\"contentUrl\":\"https:\/\/vannangvn.123websitedev.com\/wp-content\/uploads\/2026\/02\/logo-van-nang-02.png\",\"width\":448,\"height\":111,\"caption\":\"Vannang.vn\"},\"image\":{\"@id\":\"https:\/\/vannangvn.123websitedev.com\/#\/schema\/logo\/image\/\"}}]}<\/script>\n<!-- \/ Yoast SEO Premium plugin. -->","yoast_head_json":{"title":"M\u00c1Y \u0110O \u0110\u1ed8 \u1ed2N PCE INSTRUMENTS MODEL ... ch\u00ednh h\u00e3ng | V\u1ea1n N\u0103ng","description":"Mua ngay M\u00c1Y \u0110O \u0110\u1ed8 \u1ed2N PCE INSTRUMENTS MODEL PCE-SLT-TRM ch\u00ednh h\u00e3ng. Gi\u00e1 t\u1ed1t!","robots":{"index":"noindex","follow":"follow","max-snippet":"max-snippet:-1","max-image-preview":"max-image-preview:large","max-video-preview":"max-video-preview:-1"},"og_locale":"en_US","og_type":"article","og_title":"M\u00c1Y \u0110O \u0110\u1ed8 \u1ed2N PCE INSTRUMENTS MODEL PCE-SLT-TRM","og_description":"Mua ngay M\u00c1Y \u0110O \u0110\u1ed8 \u1ed2N PCE INSTRUMENTS MODEL PCE-SLT-TRM ch\u00ednh h\u00e3ng. Gi\u00e1 t\u1ed1t!","og_url":"https:\/\/vannangvn.123websitedev.com\/en\/product\/may-do-do-on-pce-instruments-model-pce-slt-trm\/","og_site_name":"Vannang.vn","article_modified_time":"2026-03-30T11:29:24+00:00","og_image":[{"width":768,"height":576,"url":"http:\/\/vannangvn.123websitedev.com\/wp-content\/uploads\/2026\/03\/PCE-SLT-TRM-no.1-copy.jpg","type":"image\/jpeg"}],"twitter_card":"summary_large_image","twitter_misc":{"Est. reading time":"6 minutes"},"schema":{"@context":"https:\/\/schema.org","@graph":[{"@type":"WebPage","@id":"https:\/\/vannangvn.123websitedev.com\/san-pham\/may-do-do-on-pce-instruments-model-pce-slt-trm\/","url":"https:\/\/vannangvn.123websitedev.com\/san-pham\/may-do-do-on-pce-instruments-model-pce-slt-trm\/","name":"M\u00c1Y \u0110O \u0110\u1ed8 \u1ed2N PCE INSTRUMENTS MODEL ... ch\u00ednh h\u00e3ng | V\u1ea1n N\u0103ng","isPartOf":{"@id":"https:\/\/vannangvn.123websitedev.com\/#website"},"primaryImageOfPage":{"@id":"https:\/\/vannangvn.123websitedev.com\/san-pham\/may-do-do-on-pce-instruments-model-pce-slt-trm\/#primaryimage"},"image":{"@id":"https:\/\/vannangvn.123websitedev.com\/san-pham\/may-do-do-on-pce-instruments-model-pce-slt-trm\/#primaryimage"},"thumbnailUrl":"https:\/\/vannangvn.123websitedev.com\/wp-content\/uploads\/2026\/03\/PCE-SLT-TRM-no.1-copy.jpg","datePublished":"2026-03-20T10:37:41+00:00","dateModified":"2026-03-30T11:29:24+00:00","description":"Mua ngay M\u00c1Y \u0110O \u0110\u1ed8 \u1ed2N PCE INSTRUMENTS MODEL PCE-SLT-TRM ch\u00ednh h\u00e3ng. Gi\u00e1 t\u1ed1t!","breadcrumb":{"@id":"https:\/\/vannangvn.123websitedev.com\/san-pham\/may-do-do-on-pce-instruments-model-pce-slt-trm\/#breadcrumb"},"inLanguage":"en-US","potentialAction":[{"@type":"ReadAction","target":["https:\/\/vannangvn.123websitedev.com\/san-pham\/may-do-do-on-pce-instruments-model-pce-slt-trm\/"]}]},{"@type":"ImageObject","inLanguage":"en-US","@id":"https:\/\/vannangvn.123websitedev.com\/san-pham\/may-do-do-on-pce-instruments-model-pce-slt-trm\/#primaryimage","url":"https:\/\/vannangvn.123websitedev.com\/wp-content\/uploads\/2026\/03\/PCE-SLT-TRM-no.1-copy.jpg","contentUrl":"https:\/\/vannangvn.123websitedev.com\/wp-content\/uploads\/2026\/03\/PCE-SLT-TRM-no.1-copy.jpg","width":768,"height":576},{"@type":"BreadcrumbList","@id":"https:\/\/vannangvn.123websitedev.com\/san-pham\/may-do-do-on-pce-instruments-model-pce-slt-trm\/#breadcrumb","itemListElement":[{"@type":"ListItem","position":1,"name":"Trang ch\u1ee7","item":"https:\/\/vannangvn.123websitedev.com\/"},{"@type":"ListItem","position":2,"name":"S\u1ea3n ph\u1ea9m","item":"https:\/\/vannangvn.123websitedev.com\/cua-hang\/"},{"@type":"ListItem","position":3,"name":"M\u00c1Y \u0110O \u0110\u1ed8 \u1ed2N PCE INSTRUMENTS MODEL PCE-SLT-TRM"}]},{"@type":"WebSite","@id":"https:\/\/vannangvn.123websitedev.com\/#website","url":"https:\/\/vannangvn.123websitedev.com\/","name":"Vannang.vn","description":"","publisher":{"@id":"https:\/\/vannangvn.123websitedev.com\/#organization"},"potentialAction":[{"@type":"SearchAction","target":{"@type":"EntryPoint","urlTemplate":"https:\/\/vannangvn.123websitedev.com\/?s={search_term_string}"},"query-input":{"@type":"PropertyValueSpecification","valueRequired":true,"valueName":"search_term_string"}}],"inLanguage":"en-US"},{"@type":"Organization","@id":"https:\/\/vannangvn.123websitedev.com\/#organization","name":"Vannang.vn","url":"https:\/\/vannangvn.123websitedev.com\/","logo":{"@type":"ImageObject","inLanguage":"en-US","@id":"https:\/\/vannangvn.123websitedev.com\/#\/schema\/logo\/image\/","url":"https:\/\/vannangvn.123websitedev.com\/wp-content\/uploads\/2026\/02\/logo-van-nang-02.png","contentUrl":"https:\/\/vannangvn.123websitedev.com\/wp-content\/uploads\/2026\/02\/logo-van-nang-02.png","width":448,"height":111,"caption":"Vannang.vn"},"image":{"@id":"https:\/\/vannangvn.123websitedev.com\/#\/schema\/logo\/image\/"}}]}},"_links":{"self":[{"href":"https:\/\/vannangvn.123websitedev.com\/en\/wp-json\/wp\/v2\/product\/6831","targetHints":{"allow":["GET"]}}],"collection":[{"href":"https:\/\/vannangvn.123websitedev.com\/en\/wp-json\/wp\/v2\/product"}],"about":[{"href":"https:\/\/vannangvn.123websitedev.com\/en\/wp-json\/wp\/v2\/types\/product"}],"replies":[{"embeddable":true,"href":"https:\/\/vannangvn.123websitedev.com\/en\/wp-json\/wp\/v2\/comments?post=6831"}],"wp:featuredmedia":[{"embeddable":true,"href":"https:\/\/vannangvn.123websitedev.com\/en\/wp-json\/wp\/v2\/media\/10465"}],"wp:attachment":[{"href":"https:\/\/vannangvn.123websitedev.com\/en\/wp-json\/wp\/v2\/media?parent=6831"}],"wp:term":[{"taxonomy":"product_brand","embeddable":true,"href":"https:\/\/vannangvn.123websitedev.com\/en\/wp-json\/wp\/v2\/product_brand?post=6831"},{"taxonomy":"product_cat","embeddable":true,"href":"https:\/\/vannangvn.123websitedev.com\/en\/wp-json\/wp\/v2\/product_cat?post=6831"},{"taxonomy":"product_tag","embeddable":true,"href":"https:\/\/vannangvn.123websitedev.com\/en\/wp-json\/wp\/v2\/product_tag?post=6831"}],"curies":[{"name":"wp","href":"https:\/\/api.w.org\/{rel}","templated":true}]}}