{"id":6860,"date":"2026-03-20T17:38:21","date_gmt":"2026-03-20T10:38:21","guid":{"rendered":"https:\/\/vannangvn.123websitedev.com\/san-pham\/may-do-gia-toc-da-nang-pce-instruments-model-pce-vt-204\/"},"modified":"2026-03-30T18:30:03","modified_gmt":"2026-03-30T11:30:03","slug":"may-do-gia-toc-da-nang-pce-instruments-model-pce-vt-204","status":"publish","type":"product","link":"https:\/\/vannangvn.123websitedev.com\/en\/product\/may-do-gia-toc-da-nang-pce-instruments-model-pce-vt-204\/","title":{"rendered":"M\u00c1Y \u0110O GIA T\u1ed0C \u0110A N\u0102NG PCE INSTRUMENTS MODEL PCE-VT 204"},"content":{"rendered":"<h1 style=\"color: red; font-weight: bold; font-size: 24px;\">T&#7893;ng quan s&#7843;n ph&#7849;m M&Aacute;Y &#272;O GIA T&#7888;C &#272;A N&#258;NG PCE INSTRUMENTS MODEL PCE-VT 204<p>M&aacute;y &#272;o Gia T&#7889;c &#272;a N&#259;ng (Vibration Meter) PCE Instruments Model PCE-VT 204<br>\nM&aacute;y &#272;o Gia T&#7889;c PCE-VT 204 l&agrave; m&#7897;t thi&#7871;t b&#7883; c&#7847;m tay &#273;a ch&#7913;c n&#259;ng, &#273;&#432;&#7907;c thi&#7871;t k&#7871; &#273;&#7875; &#273;o ch&iacute;nh x&aacute;c rung &#273;&#7897;ng v&agrave; t&#7889;c &#273;&#7897; quay. &#272;&acirc;y l&agrave; c&ocirc;ng c&#7909; l&yacute; t&#432;&#7903;ng cho vi&#7879;c ki&#7875;m tra v&agrave; gi&aacute;m s&aacute;t c&aacute;c b&#7897; ph&#7853;n m&aacute;y m&oacute;c nh&#432; &#273;&#7897;ng c&#417;, h&#7897;p s&#7889;, b&aacute;nh r&#259;ng, v&agrave; b&aacute;nh xe.<br>\nThi&#7871;t b&#7883; PCE-VT 204 c&oacute; kh&#7843; n&#259;ng &#273;o rung &#273;&#7897;ng theo 3 tr&#7909;c, bao g&#7891;m:<\/p><p>T&#7889;c &#273;&#7897; rung &#273;&#7897;ng (velocity)<br>\nGia t&#7889;c rung &#273;&#7897;ng (acceleration)<br>\n&#272;&#7897; d&#7883;ch chuy&#7875;n (displacement)<\/p><p>Ngo&agrave;i ra, VT204 Tachometer c&ograve;n c&oacute; th&#7875; &#273;o t&#7889;c &#273;&#7897; quay (RPM) th&ocirc;ng qua hai ph&#432;&#417;ng ph&aacute;p: ti&#7871;p x&uacute;c c&#417; h&#7885;c ho&#7863;c kh&ocirc;ng ti&#7871;p x&uacute;c quang h&#7885;c. H&atilde;y c&ugrave;ng V&#7841;n N&#259;ng t&igrave;m hi&#7875;u chi ti&#7871;t h&#417;n v&#7873; s&#7843;n ph&#7849;m th&ocirc;ng qua b&agrave;i vi&#7871;t d&#432;&#7899;i &#273;&acirc;y!<\/p><h2 style=\"color: #2e7d32; font-weight: bold; font-size: 20px;\">C&aacute;c T&iacute;nh N&#259;ng Ch&iacute;nh C&#7911;a PCE-VT 204<\/h2><p>&#272;o l&#432;&#7901;ng rung &#273;&#7897;ng &#273;a d&#7841;ng: Vibration Meter VT204 &#273;o t&#7889;c &#273;&#7897; rung &#273;&#7897;ng, gia t&#7889;c v&agrave; &#273;&#7897; d&#7883;ch chuy&#7875;n.<br>\nCh&#7913;c n&#259;ng tachometer: M&aacute;y &#272;o T&#7889;c &#272;&#7897; V&ograve;ng Quay VT204 h&#7895; tr&#7907; &#273;o t&#7889;c &#273;&#7897; quay v&#7899;i t&ugrave;y ch&#7885;n ti&#7871;p x&uacute;c v&agrave; kh&ocirc;ng ti&#7871;p x&uacute;c.<br>\nL&#432;u tr&#7919; v&agrave; qu&#7843;n l&yacute; d&#7919; li&#7879;u: Ghi nh&#7899; t&#7889;i &#273;a 1.000 k&#7871;t qu&#7843; &#273;o, cho ph&eacute;p gi&#7919; li&#7879;u li&#7879;u t&#7889;i &#273;a cho ph&acirc;n t&iacute;ch sau n&agrave;y.<br>\nTi&#7879;n &iacute;ch b&#7893; sung: Ch&#7913;c n&#259;ng gi&#7919; d&#7919; li&#7879;u, hi&#7875;n th&#7883; gi&aacute; tr&#7883; t&#7889;i thi&#7875;u v&agrave; t&#7889;i &#273;a gi&uacute;p PCE-VT 204 theo d&otilde;i ch&iacute;nh x&aacute;c h&#417;n.<br>\nPh&#7909; ki&#7879;n &#273;a d&#7841;ng: Bao g&#7891;m c&#7843;m bi&#7871;n kim, c&#7843;m bi&#7871;n ph&#7859;ng, ch&acirc;n &#273;&#7871; nam ch&acirc;m c&oacute; th&#7875; &#273;i&#7873;u ch&#7881;nh, c&#7843;m bi&#7871;n b&aacute;nh xe c&#417; h&#7885;c v&agrave; c&#7843;m bi&#7871;n quang h&#7885;c t&iacute;ch h&#7907;p.<\/p><h2 style=\"color: #2e7d32; font-weight: bold; font-size: 20px;\">&#431;u &#272;i&#7875;m N&#7893;i B&#7853;t C&#7911;a PCE-VT 204<\/h2><p>&#272;o l&#432;&#7901;ng &#273;a ch&#7913;c n&#259;ng: M&aacute;y &#272;o VT204 kh&ocirc;ng ch&#7881; &#273;o rung &#273;&#7897;ng m&agrave; c&ograve;n ho&#7841;t &#273;&#7897;ng nh&#432; m&#7897;t M&aacute;y &#272;o T&#7889;c &#272;&#7897; Quay, th&iacute;ch h&#7907;p cho c&#7843; hai ph&#432;&#417;ng ph&aacute;p &#273;o ti&#7871;p x&uacute;c v&agrave; kh&ocirc;ng ti&#7871;p x&uacute;c.<br>\nL&#432;u tr&#7919; d&#7919; li&#7879;u l&#7899;n: VT204 c&oacute; b&#7897; nh&#7899; trong, cho ph&eacute;p l&#432;u tr&#7919; l&ecirc;n &#273;&#7871;n 1.000 k&#7871;t qu&#7843; &#273;o, ti&#7879;n l&#7907;i cho vi&#7879;c theo d&otilde;i v&agrave; ph&acirc;n t&iacute;ch d&#7919; li&#7879;u.<\/p><h2 style=\"color: #0073aa; font-weight: bold; font-size: 20px;\">M&agrave;n h&igrave;nh LCD d&#7877; &#273;&#7885;c: M&agrave;n h&igrave;nh hi&#7875;n th&#7883; r&otilde; r&agrave;ng gi&uacute;p ng&#432;&#7901;i d&ugrave;ng d&#7877; d&agrave;ng theo d&otilde;i c&aacute;c th&ocirc;ng s&#7889;.<\/h2><p>B&#7897; l&#7885;c t&#7847;n s&#7889; t&iacute;ch h&#7907;p: Gi&#7843;m thi&#7875;u nhi&#7877;u t&#7915; m&ocirc;i tr&#432;&#7901;ng, gi&uacute;p M&aacute;y &#272;o Rung VT204 ph&aacute;t hi&#7879;n ch&iacute;nh x&aacute;c c&aacute;c rung &#273;&#7897;ng c&#7909; th&#7875;.<br>\nC&#7893;ng k&#7871;t n&#7889;i RS-232: D&#7877; d&agrave;ng k&#7871;t n&#7889;i v&#7899;i m&aacute;y t&iacute;nh &#273;&#7875; ph&acirc;n t&iacute;ch d&#7919; li&#7879;u chi ti&#7871;t h&#417;n. (Ph&#7847;n m&#7873;m t&ugrave;y ch&#7885;n c&oacute; s&#7861;n n&#7871;u c&#7847;n chuy&#7875;n d&#7919; li&#7879;u).<br>\nH&#7895; tr&#7907; ph&#7909; ki&#7879;n:<\/p><p>Replacement Reflective Tape for<br>\nPCE-VT 204<br>\nReplacement Vibration Sensor<br>\nPCE-VT 204-Kab<br>\nSoftware for Vibration Meter<br>\nPCE VT 204<br>\nVibration Sensor Replacement Magnet<br>\nPCE-VT 204MG<\/p><p>&#7912;ng D&#7909;ng Th&#7921;c Ti&#7877;n C&#7911;a PCE-VT 204<br>\nM&aacute;y &#272;o &#272;&#7897; Rung, Gia T&#7889;c, T&#7889;c &#272;&#7897; V&ograve;ng Quay PCE-VT 204 &#273;&#432;&#7907;c s&#7917; d&#7909;ng r&#7897;ng r&atilde;i trong c&aacute;c l&#297;nh v&#7921;c c&ocirc;ng nghi&#7879;p v&agrave; b&#7843;o tr&igrave; m&aacute;y m&oacute;c. M&#7897;t s&#7889; &#7913;ng d&#7909;ng ti&ecirc;u bi&#7875;u :<\/p><p>Ki&#7875;m tra &#273;&#7897; &#7893;n &#273;&#7883;nh c&#7911;a &#273;&#7897;ng c&#417; v&agrave; m&aacute;y m&oacute;c.<br>\nPh&acirc;n t&iacute;ch t&igrave;nh tr&#7841;ng b&aacute;nh r&#259;ng v&agrave; h&#7897;p s&#7889;.<br>\nTheo d&otilde;i v&agrave; ch&#7849;n &#273;o&aacute;n rung &#273;&#7897;ng b&#7845;t th&#432;&#7901;ng trong c&aacute;c h&#7879; th&#7889;ng c&#417; kh&iacute;.<\/p><p>Nh&#7919;ng L&yacute; Do N&ecirc;n Mua M&aacute;y &#272;o Gia T&#7889;c &#272;a N&#259;ng T&#7841;i Thi&#7871;t B&#7883; C&ocirc;ng Ngh&#7879; V&#7841;n N&#259;ng<\/p><p>C&ocirc;ng ty Thi&#7871;t B&#7883; C&ocirc;ng Ngh&#7879; V&#7841;n N&#259;ng l&agrave; &#273;&#7889;i t&aacute;c ch&iacute;nh th&#7913;c ph&acirc;n ph&#7889;i M&aacute;y &#272;o Gia T&#7889;c &#272;a N&#259;ng h&agrave;ng &#273;&#7847;u t&#7841;i Vi&#7879;t Nam, cam k&#7871;t cung c&#7845;p s&#7843;n ph&#7849;m ch&iacute;nh h&atilde;ng v&#7899;i gi&aacute; c&#7843; c&#7841;nh tranh nh&#7845;t th&#7883; tr&#432;&#7901;ng. V&#7899;i uy t&iacute;n tr&ecirc;n th&#7883; tr&#432;&#7901;ng v&agrave; ch&#7871; &#273;&#7897; h&#7851;u m&atilde;i t&#7889;t, Thi&#7871;t B&#7883; C&ocirc;ng Ngh&#7879; V&#7841;n N&#259;ng &#273;&atilde; nh&#7853;n &#273;&#432;&#7907;c s&#7921; tin t&#432;&#7903;ng t&#7915; kh&aacute;ch h&agrave;ng nh&#7901; v&agrave;o ch&#7845;t l&#432;&#7907;ng h&agrave;ng &#273;&#7847;u c&#7911;a c&aacute;c d&ograve;ng s&#7843;n ph&#7849;m.<br>\nS&#7843;n ph&#7849;m c&#7911;a ch&uacute;ng t&ocirc;i &#273;&#432;&#7907;c ki&#7875;m &#273;&#7883;nh ch&#7845;t l&#432;&#7907;ng, nh&#7853;p kh&#7849;u tr&#7921;c ti&#7871;p t&#7915; nh&agrave; m&aacute;y b&ecirc;n Ch&acirc;u &Acirc;u, M&#7929;, &Uacute;c, Nh&#7853;t B&#7843;n,&hellip; v&agrave; &#273;&aacute;p &#7913;ng nhu c&#7847;u &#273;a d&#7841;ng c&#7911;a th&#7883; tr&#432;&#7901;ng nh&#432;: M&aacute;y &#272;o &#272;&#7897; C&#7913;ng, M&aacute;y SPECTROMAXx, M&aacute;y Ki&#7875;m Tra &#272;&#432;&#7901;ng Gh&eacute;p M&iacute; Lon,&hellip; Ch&uacute;ng t&ocirc;i cam k&#7871;t cung c&#7845;p s&#7843;n ph&#7849;m n&agrave;y tr&ecirc;n to&agrave;n qu&#7889;c v&#7899;i gi&aacute; c&#7843; c&#7841;nh tranh nh&#7845;t.<br>\nCh&uacute;ng t&ocirc;i c&oacute; &#273;&#7897;i ng&#361; chuy&ecirc;n vi&ecirc;n t&#432; v&#7845;n chuy&ecirc;n s&acirc;u s&#7869; h&#7895; tr&#7907; kh&aacute;ch h&agrave;ng v&#7873; chi ti&#7871;t s&#7843;n ph&#7849;m, h&#432;&#7899;ng d&#7851;n s&#7917; d&#7909;ng hay nh&#7919;ng th&#7913; li&ecirc;n quan &#273;&#7871;n v&#7845;n &#273;&#7873; m&agrave; doanh nghi&#7879;p b&#7841;n &#273;ang g&#7863;p ph&#7843;i. Ch&uacute;ng t&ocirc;i s&#7869; cung c&#7845;p nh&#7919;ng gi&#7843;i ph&aacute;p t&#7889;i &#432;u nh&#7845;t!<br>\nNgo&agrave;i ra Thi&#7871;t B&#7883; C&ocirc;ng Ngh&#7879; V&#7841;n N&#259;ng Ch&uacute;ng T&ocirc;i lu&ocirc;n h&#432;&#7899;ng &#273;&#7871;n tr&#7843;i nghi&#7879;m kh&aacute;ch h&agrave;ng, v&igrave; v&#7853;y ch&uacute;ng t&ocirc;i c&oacute; nh&#7919;ng ch&iacute;nh s&aacute;ch b&#7843;o h&agrave;nh, b&#7843;o tr&igrave; &ndash; b&#7843;o d&#432;&#7905;ng, hi&#7879;u chu&#7849;n v&#7899;i t&#7845;t c&#7843; c&aacute;c thi&#7871;t b&#7883;, m&aacute;y m&oacute;c m&agrave; ch&uacute;ng t&ocirc;i cung c&#7845;p. &#272;&#7843;m b&#7843;o mang &#273;&#7871;n cho Kh&aacute;ch h&agrave;ng s&#7921; y&ecirc;n t&acirc;m tuy&#7879;t &#273;&#7889;i v&#7873; d&#7883;ch v&#7909; khi mua h&agrave;ng.<\/p><p>T&#7893;ng K&#7871;t<br>\nM&aacute;y &#272;o Gia T&#7889;c &#272;a N&#259;ng PCE-VT 204 l&agrave; gi&#7843;i ph&aacute;p to&agrave;n di&#7879;n cho nhu c&#7847;u &#273;o l&#432;&#7901;ng rung &#273;&#7897;ng v&agrave; t&#7889;c &#273;&#7897; quay trong c&aacute;c m&ocirc;i tr&#432;&#7901;ng c&ocirc;ng nghi&#7879;p. V&#7899;i t&iacute;nh n&#259;ng &#273;a d&#7841;ng, &#273;&#7897; ch&iacute;nh x&aacute;c cao v&agrave; kh&#7843; n&#259;ng l&#432;u tr&#7919; d&#7919; li&#7879;u, M&aacute;y VT204 ch&#7855;c ch&#7855;n s&#7869; &#273;&aacute;p &#7913;ng t&#7889;t c&aacute;c y&ecirc;u c&#7847;u kh&#7855;t khe nh&#7845;t. H&atilde;y li&ecirc;n h&#7879; ngay v&#7899;i V&#7841;n N&#259;ng Company &#273;&#7875; &#273;&#432;&#7907;c t&#432; v&#7845;n chi ti&#7871;t v&agrave; nh&#7853;n ngay nh&#7919;ng &#432;u &#273;&atilde;i h&#7845;p d&#7851;n th&ocirc;ng qua hotline\/zalo: <a href=\"https:\/\/zalo.me\/0903991335\" target=\"_blank\" rel=\"noopener\" style=\"color: #059669; font-weight: bold; text-decoration: none;\">0903 991 335<\/a> !<\/p><div style=\"background-color: #f8fafc; border: 1px solid #e2e8f0; border-radius: 8px; padding: 25px; max-width: 800px; margin: 30px auto; color: #334155; line-height: 1.8; font-size: 17px; box-shadow: 0 4px 6px -1px rgba(0,0,0,0.05); text-align: left; clear: both;\">\nC&ocirc;ng ty TNHH Th&#432;&#417;ng M&#7841;i D&#7883;ch V&#7909; Thi&#7871;t B&#7883; C&ocirc;ng Ngh&#7879; V&#7841;n N&#259;ng\n<p style=\"margin: 0 0 10px 0;\">&#128205; <strong style=\"color: #1e293b;\">&#272;&#7883;a ch&#7881;:<\/strong> <a style=\"color: #059669; text-decoration: none; font-weight: bold;\" href=\"https:\/\/www.google.com\/maps\/search\/C%C3%B4ng+ty+TNHH+Th%C6%B0%C6%A1ng+M%E1%BA%A1i+D%E1%BB%8Bch+V%E1%BB%A5+Thi%E1%BA%BFt+B%E1%BB%8B+C%C3%B4ng+Ngh%E1%BB%87+V%E1%BA%A1n+N%C4%83ng+818+Tr%C6%B0%E1%BB%9Dng+Chinh\" target=\"_blank\" rel=\"noopener\">818 Tr&#432;&#7901;ng Chinh, Ph&#432;&#7901;ng T&acirc;n S&#417;n, Th&agrave;nh ph&#7889; H&#7891; Ch&iacute; Minh, Vi&#7879;t Nam<\/a><\/p>\n<p style=\"margin: 0 0 10px 0;\">&#128222; <strong style=\"color: #1e293b;\">S&#272;T &ndash; Zalo:<\/strong> <a style=\"color: #059669; text-decoration: none; font-weight: bold;\" href=\"https:\/\/zalo.me\/0903991335\" target=\"_blank\" rel=\"noopener\">0903 991 335<\/a> <span style=\"color: #64748b; font-style: italic;\">(Ms. H&#7841;nh &ndash; Gi&aacute;m &#272;&#7889;c Kinh Doanh)<\/span><\/p>\n<p style=\"margin: 0;\">&#9993;&#65039; <strong style=\"color: #1e293b;\">Email:<\/strong> <a style=\"color: #059669; text-decoration: none; font-weight: bold;\" href=\"mailto:hienhanh@vannangvn.com\">hienhanh@vannangvn.com<\/a><\/p>\n<\/div><\/h1>","protected":false},"excerpt":{"rendered":"<p><strong>Th&#432;&#417;ng hi&#7879;u:<\/strong> V&#7899;i kh&#7843; n&#259;ng &#273;o t&#7889;c &#273;&#7897; v&ograve;ng quay  v&agrave; &#273;&#7897; rung 3 tr&#7909;c , M&aacute;y &#272;o Gia T&#7889;c PCE-VT 204&nbsp;l&agrave; c&ocirc;ng c&#7909; l&yacute; t&#432;&#7903;ng &#273;&#7875; ki&#7875;m tra v&agrave; b&#7843;o d&#432;&#7905;ng c&aacute;c b&#7897; ph&#7853;n m&aacute;y m&oacute;c nh&#432; &#273;&#7897;ng c&#417;, h&#7897;p s&#7889;, b&aacute;nh r&#259;ng, h&#7897;p s&#7889; v&agrave; b&aacute;nh xe.<br>\n<strong>Model:<\/strong> PCE-VT 204<p>Product <strong>M&Aacute;Y &#272;O GIA T&#7888;C &#272;A N&#258;NG PCE INSTRUMENTS MODEL PCE-VT 204<\/strong> ch&iacute;nh h&atilde;ng. V&#7899;i kh&#7843; n&#259;ng &#273;o t&#7889;c &#273;&#7897; v&ograve;ng quay (RPM) v&agrave; &#273;&#7897; rung 3 tr&#7909;c (t&#7889;c &#273;&#7897;, &#273;&#7897; d&#7883;ch chuy&#7875;n v&agrave; gia t&#7889;c), M&aacute;y &#272;o Gia T&#7889;c PCE-VT 204&nbsp;l&agrave; c&ocirc;ng c&#7909; l&yacute; t&#432;&#7903;ng &#273;&#7875; ki&#7875;m tra v&agrave; b&#7843;o d&#432;&#7905;ng c&aacute;c b&#7897; ph&#7853;n m&aacute;y m&oacute;c nh&#432; &#273;&#7897;ng c&#417;, h&#7897;p s&#7889;, b&aacute;nh r&#259;ng, h&#7897;p s&#7889; v&agrave; b&aacute;nh xe.<\/p><\/p>","protected":false},"featured_media":9026,"comment_status":"open","ping_status":"closed","template":"","meta":[],"product_brand":[],"product_cat":[18],"product_tag":[581,1961,1962,109,116,181,222,223,274,304,346],"class_list":{"0":"post-6860","1":"product","2":"type-product","3":"status-publish","4":"has-post-thumbnail","6":"product_cat-chua-phan-loai","7":"product_tag-instruments","8":"product_tag-pce-vt","9":"product_tag-1962","10":"product_tag-may","11":"product_tag-model","12":"product_tag-do","13":"product_tag-da","14":"product_tag-nang","15":"product_tag-toc","16":"product_tag-gia","17":"product_tag-pce","19":"first","20":"instock","21":"shipping-taxable","22":"product-type-simple"},"yoast_head":"<!-- This site is optimized with the Yoast SEO Premium plugin v24.8 (Yoast SEO v24.8) - https:\/\/yoast.com\/wordpress\/plugins\/seo\/ -->\n<title>M\u00c1Y \u0110O GIA T\u1ed0C \u0110A N\u0102NG PCE INSTRUME... ch\u00ednh h\u00e3ng | V\u1ea1n N\u0103ng<\/title>\n<meta name=\"description\" content=\"Mua ngay M\u00c1Y \u0110O GIA T\u1ed0C \u0110A N\u0102NG PCE INSTRUMENTS MODEL PCE-VT 204 ch\u00ednh h\u00e3ng. Gi\u00e1 t\u1ed1t!\" \/>\n<meta name=\"robots\" content=\"noindex, follow, max-snippet:-1, max-image-preview:large, max-video-preview:-1\" \/>\n<meta property=\"og:locale\" content=\"en_US\" \/>\n<meta property=\"og:type\" content=\"article\" \/>\n<meta property=\"og:title\" content=\"M\u00c1Y \u0110O GIA T\u1ed0C \u0110A N\u0102NG PCE INSTRUMENTS MODEL PCE-VT 204\" \/>\n<meta property=\"og:description\" content=\"Mua ngay M\u00c1Y \u0110O GIA T\u1ed0C \u0110A N\u0102NG PCE INSTRUMENTS MODEL PCE-VT 204 ch\u00ednh h\u00e3ng. Gi\u00e1 t\u1ed1t!\" \/>\n<meta property=\"og:url\" content=\"https:\/\/vannangvn.123websitedev.com\/en\/product\/may-do-gia-toc-da-nang-pce-instruments-model-pce-vt-204\/\" \/>\n<meta property=\"og:site_name\" content=\"Vannang.vn\" \/>\n<meta property=\"article:modified_time\" content=\"2026-03-30T11:30:03+00:00\" \/>\n<meta property=\"og:image\" content=\"http:\/\/vannangvn.123websitedev.com\/wp-content\/uploads\/2026\/03\/Vibration-Meter-PCE-VT-204-no.1-copy.jpg\" \/>\n\t<meta property=\"og:image:width\" content=\"768\" \/>\n\t<meta property=\"og:image:height\" content=\"576\" \/>\n\t<meta property=\"og:image:type\" content=\"image\/jpeg\" \/>\n<meta name=\"twitter:card\" content=\"summary_large_image\" \/>\n<meta name=\"twitter:label1\" content=\"Est. reading time\" \/>\n\t<meta name=\"twitter:data1\" content=\"7 minutes\" \/>\n<script type=\"application\/ld+json\" class=\"yoast-schema-graph\">{\"@context\":\"https:\/\/schema.org\",\"@graph\":[{\"@type\":\"WebPage\",\"@id\":\"https:\/\/vannangvn.123websitedev.com\/san-pham\/may-do-gia-toc-da-nang-pce-instruments-model-pce-vt-204\/\",\"url\":\"https:\/\/vannangvn.123websitedev.com\/san-pham\/may-do-gia-toc-da-nang-pce-instruments-model-pce-vt-204\/\",\"name\":\"M\u00c1Y \u0110O GIA T\u1ed0C \u0110A N\u0102NG PCE INSTRUME... ch\u00ednh h\u00e3ng | V\u1ea1n N\u0103ng\",\"isPartOf\":{\"@id\":\"https:\/\/vannangvn.123websitedev.com\/#website\"},\"primaryImageOfPage\":{\"@id\":\"https:\/\/vannangvn.123websitedev.com\/san-pham\/may-do-gia-toc-da-nang-pce-instruments-model-pce-vt-204\/#primaryimage\"},\"image\":{\"@id\":\"https:\/\/vannangvn.123websitedev.com\/san-pham\/may-do-gia-toc-da-nang-pce-instruments-model-pce-vt-204\/#primaryimage\"},\"thumbnailUrl\":\"https:\/\/vannangvn.123websitedev.com\/wp-content\/uploads\/2026\/03\/Vibration-Meter-PCE-VT-204-no.1-copy.jpg\",\"datePublished\":\"2026-03-20T10:38:21+00:00\",\"dateModified\":\"2026-03-30T11:30:03+00:00\",\"description\":\"Mua ngay M\u00c1Y \u0110O GIA T\u1ed0C \u0110A N\u0102NG PCE INSTRUMENTS MODEL PCE-VT 204 ch\u00ednh h\u00e3ng. Gi\u00e1 t\u1ed1t!\",\"breadcrumb\":{\"@id\":\"https:\/\/vannangvn.123websitedev.com\/san-pham\/may-do-gia-toc-da-nang-pce-instruments-model-pce-vt-204\/#breadcrumb\"},\"inLanguage\":\"en-US\",\"potentialAction\":[{\"@type\":\"ReadAction\",\"target\":[\"https:\/\/vannangvn.123websitedev.com\/san-pham\/may-do-gia-toc-da-nang-pce-instruments-model-pce-vt-204\/\"]}]},{\"@type\":\"ImageObject\",\"inLanguage\":\"en-US\",\"@id\":\"https:\/\/vannangvn.123websitedev.com\/san-pham\/may-do-gia-toc-da-nang-pce-instruments-model-pce-vt-204\/#primaryimage\",\"url\":\"https:\/\/vannangvn.123websitedev.com\/wp-content\/uploads\/2026\/03\/Vibration-Meter-PCE-VT-204-no.1-copy.jpg\",\"contentUrl\":\"https:\/\/vannangvn.123websitedev.com\/wp-content\/uploads\/2026\/03\/Vibration-Meter-PCE-VT-204-no.1-copy.jpg\",\"width\":768,\"height\":576},{\"@type\":\"BreadcrumbList\",\"@id\":\"https:\/\/vannangvn.123websitedev.com\/san-pham\/may-do-gia-toc-da-nang-pce-instruments-model-pce-vt-204\/#breadcrumb\",\"itemListElement\":[{\"@type\":\"ListItem\",\"position\":1,\"name\":\"Trang ch\u1ee7\",\"item\":\"https:\/\/vannangvn.123websitedev.com\/\"},{\"@type\":\"ListItem\",\"position\":2,\"name\":\"S\u1ea3n ph\u1ea9m\",\"item\":\"https:\/\/vannangvn.123websitedev.com\/cua-hang\/\"},{\"@type\":\"ListItem\",\"position\":3,\"name\":\"M\u00c1Y \u0110O GIA T\u1ed0C \u0110A N\u0102NG PCE INSTRUMENTS MODEL PCE-VT 204\"}]},{\"@type\":\"WebSite\",\"@id\":\"https:\/\/vannangvn.123websitedev.com\/#website\",\"url\":\"https:\/\/vannangvn.123websitedev.com\/\",\"name\":\"Vannang.vn\",\"description\":\"\",\"publisher\":{\"@id\":\"https:\/\/vannangvn.123websitedev.com\/#organization\"},\"potentialAction\":[{\"@type\":\"SearchAction\",\"target\":{\"@type\":\"EntryPoint\",\"urlTemplate\":\"https:\/\/vannangvn.123websitedev.com\/?s={search_term_string}\"},\"query-input\":{\"@type\":\"PropertyValueSpecification\",\"valueRequired\":true,\"valueName\":\"search_term_string\"}}],\"inLanguage\":\"en-US\"},{\"@type\":\"Organization\",\"@id\":\"https:\/\/vannangvn.123websitedev.com\/#organization\",\"name\":\"Vannang.vn\",\"url\":\"https:\/\/vannangvn.123websitedev.com\/\",\"logo\":{\"@type\":\"ImageObject\",\"inLanguage\":\"en-US\",\"@id\":\"https:\/\/vannangvn.123websitedev.com\/#\/schema\/logo\/image\/\",\"url\":\"https:\/\/vannangvn.123websitedev.com\/wp-content\/uploads\/2026\/02\/logo-van-nang-02.png\",\"contentUrl\":\"https:\/\/vannangvn.123websitedev.com\/wp-content\/uploads\/2026\/02\/logo-van-nang-02.png\",\"width\":448,\"height\":111,\"caption\":\"Vannang.vn\"},\"image\":{\"@id\":\"https:\/\/vannangvn.123websitedev.com\/#\/schema\/logo\/image\/\"}}]}<\/script>\n<!-- \/ Yoast SEO Premium plugin. -->","yoast_head_json":{"title":"M\u00c1Y \u0110O GIA T\u1ed0C \u0110A N\u0102NG PCE INSTRUME... ch\u00ednh h\u00e3ng | V\u1ea1n N\u0103ng","description":"Mua ngay M\u00c1Y \u0110O GIA T\u1ed0C \u0110A N\u0102NG PCE INSTRUMENTS MODEL PCE-VT 204 ch\u00ednh h\u00e3ng. Gi\u00e1 t\u1ed1t!","robots":{"index":"noindex","follow":"follow","max-snippet":"max-snippet:-1","max-image-preview":"max-image-preview:large","max-video-preview":"max-video-preview:-1"},"og_locale":"en_US","og_type":"article","og_title":"M\u00c1Y \u0110O GIA T\u1ed0C \u0110A N\u0102NG PCE INSTRUMENTS MODEL PCE-VT 204","og_description":"Mua ngay M\u00c1Y \u0110O GIA T\u1ed0C \u0110A N\u0102NG PCE INSTRUMENTS MODEL PCE-VT 204 ch\u00ednh h\u00e3ng. Gi\u00e1 t\u1ed1t!","og_url":"https:\/\/vannangvn.123websitedev.com\/en\/product\/may-do-gia-toc-da-nang-pce-instruments-model-pce-vt-204\/","og_site_name":"Vannang.vn","article_modified_time":"2026-03-30T11:30:03+00:00","og_image":[{"width":768,"height":576,"url":"http:\/\/vannangvn.123websitedev.com\/wp-content\/uploads\/2026\/03\/Vibration-Meter-PCE-VT-204-no.1-copy.jpg","type":"image\/jpeg"}],"twitter_card":"summary_large_image","twitter_misc":{"Est. reading time":"7 minutes"},"schema":{"@context":"https:\/\/schema.org","@graph":[{"@type":"WebPage","@id":"https:\/\/vannangvn.123websitedev.com\/san-pham\/may-do-gia-toc-da-nang-pce-instruments-model-pce-vt-204\/","url":"https:\/\/vannangvn.123websitedev.com\/san-pham\/may-do-gia-toc-da-nang-pce-instruments-model-pce-vt-204\/","name":"M\u00c1Y \u0110O GIA T\u1ed0C \u0110A N\u0102NG PCE INSTRUME... ch\u00ednh h\u00e3ng | V\u1ea1n N\u0103ng","isPartOf":{"@id":"https:\/\/vannangvn.123websitedev.com\/#website"},"primaryImageOfPage":{"@id":"https:\/\/vannangvn.123websitedev.com\/san-pham\/may-do-gia-toc-da-nang-pce-instruments-model-pce-vt-204\/#primaryimage"},"image":{"@id":"https:\/\/vannangvn.123websitedev.com\/san-pham\/may-do-gia-toc-da-nang-pce-instruments-model-pce-vt-204\/#primaryimage"},"thumbnailUrl":"https:\/\/vannangvn.123websitedev.com\/wp-content\/uploads\/2026\/03\/Vibration-Meter-PCE-VT-204-no.1-copy.jpg","datePublished":"2026-03-20T10:38:21+00:00","dateModified":"2026-03-30T11:30:03+00:00","description":"Mua ngay M\u00c1Y \u0110O GIA T\u1ed0C \u0110A N\u0102NG PCE INSTRUMENTS MODEL PCE-VT 204 ch\u00ednh h\u00e3ng. Gi\u00e1 t\u1ed1t!","breadcrumb":{"@id":"https:\/\/vannangvn.123websitedev.com\/san-pham\/may-do-gia-toc-da-nang-pce-instruments-model-pce-vt-204\/#breadcrumb"},"inLanguage":"en-US","potentialAction":[{"@type":"ReadAction","target":["https:\/\/vannangvn.123websitedev.com\/san-pham\/may-do-gia-toc-da-nang-pce-instruments-model-pce-vt-204\/"]}]},{"@type":"ImageObject","inLanguage":"en-US","@id":"https:\/\/vannangvn.123websitedev.com\/san-pham\/may-do-gia-toc-da-nang-pce-instruments-model-pce-vt-204\/#primaryimage","url":"https:\/\/vannangvn.123websitedev.com\/wp-content\/uploads\/2026\/03\/Vibration-Meter-PCE-VT-204-no.1-copy.jpg","contentUrl":"https:\/\/vannangvn.123websitedev.com\/wp-content\/uploads\/2026\/03\/Vibration-Meter-PCE-VT-204-no.1-copy.jpg","width":768,"height":576},{"@type":"BreadcrumbList","@id":"https:\/\/vannangvn.123websitedev.com\/san-pham\/may-do-gia-toc-da-nang-pce-instruments-model-pce-vt-204\/#breadcrumb","itemListElement":[{"@type":"ListItem","position":1,"name":"Trang ch\u1ee7","item":"https:\/\/vannangvn.123websitedev.com\/"},{"@type":"ListItem","position":2,"name":"S\u1ea3n ph\u1ea9m","item":"https:\/\/vannangvn.123websitedev.com\/cua-hang\/"},{"@type":"ListItem","position":3,"name":"M\u00c1Y \u0110O GIA T\u1ed0C \u0110A N\u0102NG PCE INSTRUMENTS MODEL PCE-VT 204"}]},{"@type":"WebSite","@id":"https:\/\/vannangvn.123websitedev.com\/#website","url":"https:\/\/vannangvn.123websitedev.com\/","name":"Vannang.vn","description":"","publisher":{"@id":"https:\/\/vannangvn.123websitedev.com\/#organization"},"potentialAction":[{"@type":"SearchAction","target":{"@type":"EntryPoint","urlTemplate":"https:\/\/vannangvn.123websitedev.com\/?s={search_term_string}"},"query-input":{"@type":"PropertyValueSpecification","valueRequired":true,"valueName":"search_term_string"}}],"inLanguage":"en-US"},{"@type":"Organization","@id":"https:\/\/vannangvn.123websitedev.com\/#organization","name":"Vannang.vn","url":"https:\/\/vannangvn.123websitedev.com\/","logo":{"@type":"ImageObject","inLanguage":"en-US","@id":"https:\/\/vannangvn.123websitedev.com\/#\/schema\/logo\/image\/","url":"https:\/\/vannangvn.123websitedev.com\/wp-content\/uploads\/2026\/02\/logo-van-nang-02.png","contentUrl":"https:\/\/vannangvn.123websitedev.com\/wp-content\/uploads\/2026\/02\/logo-van-nang-02.png","width":448,"height":111,"caption":"Vannang.vn"},"image":{"@id":"https:\/\/vannangvn.123websitedev.com\/#\/schema\/logo\/image\/"}}]}},"_links":{"self":[{"href":"https:\/\/vannangvn.123websitedev.com\/en\/wp-json\/wp\/v2\/product\/6860","targetHints":{"allow":["GET"]}}],"collection":[{"href":"https:\/\/vannangvn.123websitedev.com\/en\/wp-json\/wp\/v2\/product"}],"about":[{"href":"https:\/\/vannangvn.123websitedev.com\/en\/wp-json\/wp\/v2\/types\/product"}],"replies":[{"embeddable":true,"href":"https:\/\/vannangvn.123websitedev.com\/en\/wp-json\/wp\/v2\/comments?post=6860"}],"wp:featuredmedia":[{"embeddable":true,"href":"https:\/\/vannangvn.123websitedev.com\/en\/wp-json\/wp\/v2\/media\/9026"}],"wp:attachment":[{"href":"https:\/\/vannangvn.123websitedev.com\/en\/wp-json\/wp\/v2\/media?parent=6860"}],"wp:term":[{"taxonomy":"product_brand","embeddable":true,"href":"https:\/\/vannangvn.123websitedev.com\/en\/wp-json\/wp\/v2\/product_brand?post=6860"},{"taxonomy":"product_cat","embeddable":true,"href":"https:\/\/vannangvn.123websitedev.com\/en\/wp-json\/wp\/v2\/product_cat?post=6860"},{"taxonomy":"product_tag","embeddable":true,"href":"https:\/\/vannangvn.123websitedev.com\/en\/wp-json\/wp\/v2\/product_tag?post=6860"}],"curies":[{"name":"wp","href":"https:\/\/api.w.org\/{rel}","templated":true}]}}