{"id":6864,"date":"2026-03-20T17:38:25","date_gmt":"2026-03-20T10:38:25","guid":{"rendered":"https:\/\/vannangvn.123websitedev.com\/san-pham\/may-do-goc-tiep-xuc-cheminstruments-contact-angle-meter-model-cam-plus\/"},"modified":"2026-03-30T18:30:10","modified_gmt":"2026-03-30T11:30:10","slug":"may-do-goc-tiep-xuc-cheminstruments-contact-angle-meter-model-cam-plus","status":"publish","type":"product","link":"https:\/\/vannangvn.123websitedev.com\/en\/product\/may-do-goc-tiep-xuc-cheminstruments-contact-angle-meter-model-cam-plus\/","title":{"rendered":"M\u00c1Y \u0110O G\u00d3C TI\u1ebeP X\u00daC CHEMINSTRUMENTS (CONTACT ANGLE METER) MODEL CAM-PLUS"},"content":{"rendered":"<h1 style=\"color: red; font-weight: bold; font-size: 24px;\">T&#7893;ng quan s&#7843;n ph&#7849;m M&Aacute;Y &#272;O G&Oacute;C TI&#7870;P X&Uacute;C CHEMINSTRUMENTS (CONTACT ANGLE METER) MODEL CAM-PLUS<p>M&aacute;y &#272;o G&oacute;c Ti&#7871;p X&uacute;c Cheminstruments (Contact Angle Meter) Model CAM-PLUS<br>\nM&aacute;y &#272;o G&oacute;c Ti&#7871;p X&uacute;c Cheminstruments (Contact Angle Meter) Model CAM-PLUS l&agrave; thi&#7871;t b&#7883; ki&#7875;m tra b&#7873; m&#7863;t chuy&ecirc;n d&#7909;ng, &#273;&#432;&#7907;c thi&#7871;t k&#7871; &#273;&#7875; &#273;o nhanh v&agrave; ch&iacute;nh x&aacute;c g&oacute;c ti&#7871;p x&uacute;c c&#7911;a gi&#7885;t ch&#7845;t l&#7887;ng tr&ecirc;n nhi&#7873;u lo&#7841;i v&#7853;t li&#7879;u m&#7887;ng nh&#432; gi&#7845;y, m&agrave;ng film, nh&#7921;a v&agrave; linh ki&#7879;n &#273;i&#7879;n t&#7917; v&#7899;i thao t&aacute;c &#273;&#417;n gi&#7843;n.<br>\nNh&#7901; &#273;&oacute;, vi&#7879;c x&aacute;c &#273;&#7883;nh n&#259;ng l&#432;&#7907;ng b&#7873; m&#7863;t tr&#7903; n&ecirc;n d&#7877; d&agrave;ng, &#7893;n &#273;&#7883;nh v&agrave; c&oacute; &#273;&#7897; l&#7863;p l&#7841;i cao, &#273;&#7863;c bi&#7879;t ph&ugrave; h&#7907;p cho c&aacute;c quy tr&igrave;nh ph&#7911;, in &#7845;n v&agrave; x&#7917; l&yacute; b&#7873; m&#7863;t v&#7853;t li&#7879;u. H&atilde;y c&ugrave;ng V&#7841;n N&#259;ng t&igrave;m hi&#7875;u chi ti&#7871;t h&#417;n v&#7873; s&#7843;n ph&#7849;m th&ocirc;ng qua b&agrave;i vi&#7871;t d&#432;&#7899;i &#273;&acirc;y!<\/p><h2 style=\"color: #2e7d32; font-weight: bold; font-size: 20px;\">&#272;&#7863;c &#272;i&#7875;m N&#7893;i B&#7853;t C&#7911;a M&aacute;y &#272;o G&oacute;c Ti&#7871;p X&uacute;c CAM-PLUS<\/h2><p>Ph&#432;&#417;ng ph&aacute;p &#273;o Half-Angle &#273;&#7897;c quy&#7873;n<br>\nC&ocirc;ng ngh&#7879; &ldquo;Half-Angle&rdquo; &#273;&#432;&#7907;c c&#7845;p b&#7857;ng s&aacute;ng ch&#7871; gi&uacute;p lo&#7841;i b&#7887; nh&#7919;ng kh&oacute; kh&#259;n c&#7911;a ph&#432;&#417;ng ph&aacute;p &#273;o ti&#7871;p tuy&#7871;n truy&#7873;n th&#7889;ng, cho k&#7871;t qu&#7843; &#273;o g&oacute;c ti&#7871;p x&uacute;c ch&iacute;nh x&aacute;c, nh&#7845;t qu&aacute;n v&agrave; &iacute;t ph&#7909; thu&#7897;c v&agrave;o ng&#432;&#7901;i v&#7853;n h&agrave;nh.<br>\n&#272;o n&#259;ng l&#432;&#7907;ng b&#7873; m&#7863;t nhanh v&agrave; tin c&#7853;y<br>\nThi&#7871;t b&#7883; &#273;o g&oacute;c ti&#7871;p x&uacute;c CAM-PLUS cho ph&eacute;p &#273;&#7885;c gi&aacute; tr&#7883; dyne trong d&#7843;i t&#7915; 10 &#273;&#7871;n 70, h&#7895; tr&#7907; &#273;&aacute;nh gi&aacute; kh&#7843; n&#259;ng b&aacute;m d&iacute;nh, ph&#7911; m&#7921;c, s&#417;n ho&#7863;c keo tr&ecirc;n b&#7873; m&#7863;t v&#7853;t li&#7879;u.<br>\nV&#7853;n h&agrave;nh &#273;&#417;n gi&#7843;n, d&#7877; quan s&aacute;t<br>\nM&agrave;n h&igrave;nh hi&#7875;n th&#7883; l&#7899;n, h&igrave;nh &#7843;nh s&aacute;ng r&otilde; gi&uacute;p ng&#432;&#7901;i d&ugrave;ng d&#7877; d&agrave;ng quan s&aacute;t h&igrave;nh d&#7841;ng gi&#7885;t ch&#7845;t l&#7887;ng v&agrave; x&aacute;c &#273;&#7883;nh g&oacute;c ti&#7871;p x&uacute;c m&#7897;t c&aacute;ch tr&#7921;c quan.<br>\nH&#7879; th&#7889;ng chi&#7871;u s&aacute;ng t&aacute;ch r&#7901;i, b&#7843;o v&#7879; m&#7851;u<br>\nNgu&#7891;n s&aacute;ng &#273;&#7863;t ngo&agrave;i gi&uacute;p h&#7841;n ch&#7871; sinh nhi&#7879;t, tr&aacute;nh &#7843;nh h&#432;&#7903;ng &#273;&#7871;n m&#7851;u th&#7917;, &#273;&#7863;c bi&#7879;t quan tr&#7885;ng v&#7899;i v&#7853;t li&#7879;u m&#7887;ng ho&#7863;c nh&#7841;y c&#7843;m nhi&#7879;t.<br>\nC&#417; c&#7845;u &#273;&#7863;t m&#7851;u linh ho&#7841;t<br>\nCheminstruments CAM-PLUS h&#7895; tr&#7907; nhi&#7873;u lo&#7841;i b&agrave;n v&agrave; gi&aacute; &#273;&#7905; cho m&#7851;u nh&#7887;, m&agrave;ng film, b&#7843;ng m&#7841;ch PCB, PBGA, c&#361;ng nh&#432; m&#7851;u d&#7841;ng tr&ograve;n, &#7889;ng ho&#7863;c h&igrave;nh c&#7847;u.<br>\nTu&acirc;n th&#7911; ti&ecirc;u chu&#7849;n th&#7917; nghi&#7879;m qu&#7889;c t&#7871;<br>\nThi&#7871;t b&#7883; &#273;&#432;&#7907;c thi&#7871;t k&#7871; ph&ugrave; h&#7907;p v&#7899;i c&aacute;c ph&#432;&#417;ng ph&aacute;p th&#7917; ASTM D20.19, ASTM D724, ASTM D5946 v&agrave; TAPPI T458 cm-94, &#273;&aacute;p &#7913;ng y&ecirc;u c&#7847;u ki&#7875;m tra trong ph&ograve;ng th&iacute; nghi&#7879;m v&agrave; s&#7843;n xu&#7845;t.<\/p><p>&#7912;ng D&#7909;ng Th&#7921;c T&#7871; C&#7911;a Thi&#7871;t B&#7883; &#272;o G&oacute;c Ti&#7871;p X&uacute;c CAM-PLUS<\/p><p>Ng&agrave;nh in &#7845;n v&agrave; bao b&igrave;: &#272;&aacute;nh gi&aacute; kh&#7843; n&#259;ng b&aacute;m m&#7921;c tr&ecirc;n gi&#7845;y, film, nh&#7921;a tr&#432;&#7899;c khi in, gi&uacute;p t&#7889;i &#432;u ch&#7845;t l&#432;&#7907;ng in v&agrave; gi&#7843;m l&#7895;i s&#7843;n xu&#7845;t.<br>\nNg&agrave;nh ph&#7911;, s&#417;n v&agrave; keo d&aacute;n: X&aacute;c &#273;&#7883;nh n&#259;ng l&#432;&#7907;ng b&#7873; m&#7863;t &#273;&#7875; d&#7921; &#273;o&aacute;n &#273;&#7897; b&aacute;m d&iacute;nh c&#7911;a s&#417;n, coating ho&#7863;c keo, h&#7841;n ch&#7871; th&#7917; nghi&#7879;m sai l&#7879;ch t&#7889;n k&eacute;m.<br>\nNg&agrave;nh nh&#7921;a v&agrave; v&#7853;t li&#7879;u polymer: Ki&#7875;m tra hi&#7879;u qu&#7843; x&#7917; l&yacute; b&#7873; m&#7863;t nh&#432; corona, plasma ho&#7863;c flame treatment.<br>\n&#272;i&#7879;n t&#7917; v&agrave; PCB: &#272;&aacute;nh gi&aacute; kh&#7843; n&#259;ng th&#7845;m &#432;&#7899;t b&#7873; m&#7863;t m&#7841;ch in, h&#7895; tr&#7907; quy tr&igrave;nh h&agrave;n v&agrave; ph&#7911; b&#7843;o v&#7879;.<br>\nNghi&ecirc;n c&#7913;u &amp; ph&aacute;t tri&#7875;n (R&amp;D): Ph&#7909;c v&#7909; nghi&ecirc;n c&#7913;u v&#7853;t li&#7879;u m&#7899;i, so s&aacute;nh v&agrave; ki&#7875;m so&aacute;t ch&#7845;t l&#432;&#7907;ng b&#7873; m&#7863;t trong ph&ograve;ng th&iacute; nghi&#7879;m<\/p><p>Nh&#7919;ng L&yacute; Do N&ecirc;n Mua M&aacute;y &#272;o G&oacute;c Ti&#7871;p X&uacute;c T&#7841;i Thi&#7871;t B&#7883; C&ocirc;ng Ngh&#7879; V&#7841;n N&#259;ng<\/p><p>C&ocirc;ng ty Thi&#7871;t B&#7883; C&ocirc;ng Ngh&#7879; V&#7841;n N&#259;ng l&agrave; &#273;&#7889;i t&aacute;c ch&iacute;nh th&#7913;c ph&acirc;n ph&#7889;i M&aacute;y &#273;o g&oacute;c ti&#7871;p x&uacute;c h&agrave;ng &#273;&#7847;u t&#7841;i Vi&#7879;t Nam, cam k&#7871;t cung c&#7845;p s&#7843;n ph&#7849;m ch&iacute;nh h&atilde;ng v&#7899;i gi&aacute; c&#7843; c&#7841;nh tranh nh&#7845;t th&#7883; tr&#432;&#7901;ng. V&#7899;i uy t&iacute;n tr&ecirc;n th&#7883; tr&#432;&#7901;ng v&agrave; ch&#7871; &#273;&#7897; h&#7851;u m&atilde;i t&#7889;t, Thi&#7871;t B&#7883; C&ocirc;ng Ngh&#7879; V&#7841;n N&#259;ng &#273;&atilde; nh&#7853;n&#273;&#432;&#7907;c s&#7921; tin t&#432;&#7903;ng t&#7915; kh&aacute;ch h&agrave;ng nh&#7901; v&agrave;o ch&#7845;t l&#432;&#7907;ng h&agrave;ng &#273;&#7847;u c&#7911;a c&aacute;c d&ograve;ng s&#7843;n ph&#7849;m.<br>\nS&#7843;n ph&#7849;m c&#7911;a ch&uacute;ng t&ocirc;i &#273;&#432;&#7907;c ki&#7875;m &#273;&#7883;nh ch&#7845;t l&#432;&#7907;ng, nh&#7853;p kh&#7849;u tr&#7921;c ti&#7871;p t&#7915; nh&agrave; m&aacute;y b&ecirc;n Ch&acirc;u &Acirc;u, M&#7929;, &Uacute;c, Nh&#7853;t B&#7843;n,&hellip; v&agrave; &#273;&aacute;p &#7913;ng nhu c&#7847;u &#273;a d&#7841;ng c&#7911;a th&#7883; tr&#432;&#7901;ng nh&#432;: M&aacute;y &#272;o &#272;&#7897; C&#7913;ng, M&aacute;y SPECTROMAXx, M&aacute;y Ki&#7875;m Tra &#272;&#432;&#7901;ng Gh&eacute;p M&iacute; Lon,&hellip; Ch&uacute;ng t&ocirc;i cam k&#7871;t cung c&#7845;p s&#7843;n ph&#7849;m n&agrave;y tr&ecirc;n to&agrave;n qu&#7889;c v&#7899;i gi&aacute; c&#7843; c&#7841;nh tranh nh&#7845;t.<br>\nCh&uacute;ng t&ocirc;i c&oacute; &#273;&#7897;i ng&#361; chuy&ecirc;n vi&ecirc;n t&#432; v&#7845;n chuy&ecirc;n s&acirc;u s&#7869; h&#7895; tr&#7907; kh&aacute;ch h&agrave;ng v&#7873; chi ti&#7871;t s&#7843;n ph&#7849;m, h&#432;&#7899;ng d&#7851;n s&#7917; d&#7909;ng hay nh&#7919;ng th&#7913; li&ecirc;n quan &#273;&#7871;n v&#7845;n &#273;&#7873; m&agrave; doanh nghi&#7879;p b&#7841;n &#273;ang g&#7863;p ph&#7843;i. Ch&uacute;ng t&ocirc;i s&#7869; cung c&#7845;p nh&#7919;ng gi&#7843;i ph&aacute;p t&#7889;i &#432;u nh&#7845;t!<br>\nNgo&agrave;i ra Thi&#7871;t B&#7883; C&ocirc;ng Ngh&#7879; V&#7841;n N&#259;ng Ch&uacute;ng T&ocirc;i lu&ocirc;n h&#432;&#7899;ng &#273;&#7871;n tr&#7843;i nghi&#7879;m kh&aacute;ch h&agrave;ng, v&igrave; v&#7853;y ch&uacute;ng t&ocirc;i c&oacute; nh&#7919;ng ch&iacute;nh s&aacute;ch b&#7843;o h&agrave;nh, b&#7843;o tr&igrave; &ndash; b&#7843;o d&#432;&#7905;ng, hi&#7879;u chu&#7849;n v&#7899;i t&#7845;t c&#7843; c&aacute;c thi&#7871;t b&#7883;, m&aacute;y m&oacute;c m&agrave; ch&uacute;ng t&ocirc;i cung c&#7845;p. &#272;&#7843;m b&#7843;o mang &#273;&#7871;n cho Kh&aacute;ch h&agrave;ng s&#7921; y&ecirc;n t&acirc;m tuy&#7879;t &#273;&#7889;i v&#7873; d&#7883;ch v&#7909; khi mua h&agrave;ng.<\/p><p>H&atilde;y li&ecirc;n h&#7879; v&#7899;i V&#7841;n N&#259;ng Company &#273;&#7875; &#273;&#432;&#7907;c t&#432; v&#7845;n chi ti&#7871;t v&agrave; nh&#7853;n ngay &#432;u &#273;&atilde;i h&#7845;p d&#7851;n th&ocirc;ng qua hotline\/zalo: <a href=\"https:\/\/zalo.me\/0903991335\" target=\"_blank\" rel=\"noopener\" style=\"color: #059669; font-weight: bold; text-decoration: none;\">0903 991 335<\/a>!<\/p><div style=\"background-color: #f8fafc; border: 1px solid #e2e8f0; border-radius: 8px; padding: 25px; max-width: 800px; margin: 30px auto; color: #334155; line-height: 1.8; font-size: 17px; box-shadow: 0 4px 6px -1px rgba(0,0,0,0.05); text-align: left; clear: both;\">\nC&ocirc;ng ty TNHH Th&#432;&#417;ng M&#7841;i D&#7883;ch V&#7909; Thi&#7871;t B&#7883; C&ocirc;ng Ngh&#7879; V&#7841;n N&#259;ng\n<p style=\"margin: 0 0 10px 0;\">&#128205; <strong style=\"color: #1e293b;\">&#272;&#7883;a ch&#7881;:<\/strong> <a style=\"color: #059669; text-decoration: none; font-weight: bold;\" href=\"https:\/\/www.google.com\/maps\/search\/C%C3%B4ng+ty+TNHH+Th%C6%B0%C6%A1ng+M%E1%BA%A1i+D%E1%BB%8Bch+V%E1%BB%A5+Thi%E1%BA%BFt+B%E1%BB%8B+C%C3%B4ng+Ngh%E1%BB%87+V%E1%BA%A1n+N%C4%83ng+818+Tr%C6%B0%E1%BB%9Dng+Chinh\" target=\"_blank\" rel=\"noopener\">818 Tr&#432;&#7901;ng Chinh, Ph&#432;&#7901;ng T&acirc;n S&#417;n, Th&agrave;nh ph&#7889; H&#7891; Ch&iacute; Minh, Vi&#7879;t Nam<\/a><\/p>\n<p style=\"margin: 0 0 10px 0;\">&#128222; <strong style=\"color: #1e293b;\">S&#272;T &ndash; Zalo:<\/strong> <a style=\"color: #059669; text-decoration: none; font-weight: bold;\" href=\"https:\/\/zalo.me\/0903991335\" target=\"_blank\" rel=\"noopener\">0903 991 335<\/a> <span style=\"color: #64748b; font-style: italic;\">(Ms. H&#7841;nh &ndash; Gi&aacute;m &#272;&#7889;c Kinh Doanh)<\/span><\/p>\n<p style=\"margin: 0;\">&#9993;&#65039; <strong style=\"color: #1e293b;\">Email:<\/strong> <a style=\"color: #059669; text-decoration: none; font-weight: bold;\" href=\"mailto:hienhanh@vannangvn.com\">hienhanh@vannangvn.com<\/a><\/p>\n<\/div><\/h1>","protected":false},"excerpt":{"rendered":"<p><strong>Th&#432;&#417;ng hi&#7879;u:<\/strong> Cheminstruments<br>\n<strong>Model:<\/strong> CAM-PLUS<p>Product <strong>M&Aacute;Y &#272;O G&Oacute;C TI&#7870;P X&Uacute;C CHEMINSTRUMENTS (CONTACT ANGLE METER) MODEL CAM-PLUS<\/strong> ch&iacute;nh h&atilde;ng. Cheminstruments (USA)<br>\nM&aacute;y &#273;o g&oacute;c ti&#7871;p x&uacute;c Cheminstruments Model CAM-PLUS gi&uacute;p x&aacute;c &#273;&#7883;nh n&#259;ng l&#432;&#7907;ng b&#7873; m&#7863;t nhanh v&agrave; ch&iacute;nh x&aacute;c b&#7857;ng ph&#432;&#417;ng ph&aacute;p Half-Angle &#273;&#7897;c quy&#7873;n, ph&ugrave; h&#7907;p cho in &#7845;n, ph&#7911;, keo d&aacute;n, nh&#7921;a v&agrave; ph&ograve;ng th&iacute; nghi&#7879;m R&amp;D.<\/p><\/p>","protected":false},"featured_media":9312,"comment_status":"open","ping_status":"closed","template":"","meta":[],"product_brand":[],"product_cat":[18],"product_tag":[179,181,831,832,1581,1966,1967,1968,1969,109,116],"class_list":{"0":"post-6864","1":"product","2":"type-product","3":"status-publish","4":"has-post-thumbnail","6":"product_cat-chua-phan-loai","7":"product_tag-cheminstruments","8":"product_tag-do","9":"product_tag-tiep","10":"product_tag-xuc","11":"product_tag-goc","12":"product_tag-contact","13":"product_tag-angle","14":"product_tag-meter","15":"product_tag-cam-plus","16":"product_tag-may","17":"product_tag-model","19":"first","20":"instock","21":"shipping-taxable","22":"product-type-simple"},"yoast_head":"<!-- This site is optimized with the Yoast SEO Premium plugin v24.8 (Yoast SEO v24.8) - https:\/\/yoast.com\/wordpress\/plugins\/seo\/ -->\n<title>M\u00c1Y \u0110O G\u00d3C TI\u1ebeP X\u00daC CHEMINSTRUMENTS... ch\u00ednh h\u00e3ng | V\u1ea1n N\u0103ng<\/title>\n<meta name=\"description\" content=\"Mua ngay M\u00c1Y \u0110O G\u00d3C TI\u1ebeP X\u00daC CHEMINSTRUMENTS (CONTACT ANGLE METER) MODEL CAM-PLUS ch\u00ednh h\u00e3ng. M\u00e1y \u0111o g\u00f3c ti\u1ebfp x\u00fac Cheminstruments... Gi\u00e1 t\u1ed1t!\" \/>\n<meta name=\"robots\" content=\"noindex, follow, max-snippet:-1, max-image-preview:large, max-video-preview:-1\" \/>\n<meta property=\"og:locale\" content=\"en_US\" \/>\n<meta property=\"og:type\" content=\"article\" \/>\n<meta property=\"og:title\" content=\"M\u00c1Y \u0110O G\u00d3C TI\u1ebeP X\u00daC CHEMINSTRUMENTS (CONTACT ANGLE METER) MODEL CAM-PLUS\" \/>\n<meta property=\"og:description\" content=\"Mua ngay M\u00c1Y \u0110O G\u00d3C TI\u1ebeP X\u00daC CHEMINSTRUMENTS (CONTACT ANGLE METER) MODEL CAM-PLUS ch\u00ednh h\u00e3ng. M\u00e1y \u0111o g\u00f3c ti\u1ebfp x\u00fac Cheminstruments... Gi\u00e1 t\u1ed1t!\" \/>\n<meta property=\"og:url\" content=\"https:\/\/vannangvn.123websitedev.com\/en\/product\/may-do-goc-tiep-xuc-cheminstruments-contact-angle-meter-model-cam-plus\/\" \/>\n<meta property=\"og:site_name\" content=\"Vannang.vn\" \/>\n<meta property=\"article:modified_time\" content=\"2026-03-30T11:30:10+00:00\" \/>\n<meta property=\"og:image\" content=\"http:\/\/vannangvn.123websitedev.com\/wp-content\/uploads\/2026\/03\/camplus-768x576-copy.jpg\" \/>\n\t<meta property=\"og:image:width\" content=\"768\" \/>\n\t<meta property=\"og:image:height\" content=\"576\" \/>\n\t<meta property=\"og:image:type\" content=\"image\/jpeg\" \/>\n<meta name=\"twitter:card\" content=\"summary_large_image\" \/>\n<meta name=\"twitter:label1\" content=\"Est. reading time\" \/>\n\t<meta name=\"twitter:data1\" content=\"7 minutes\" \/>\n<script type=\"application\/ld+json\" class=\"yoast-schema-graph\">{\"@context\":\"https:\/\/schema.org\",\"@graph\":[{\"@type\":\"WebPage\",\"@id\":\"https:\/\/vannangvn.123websitedev.com\/san-pham\/may-do-goc-tiep-xuc-cheminstruments-contact-angle-meter-model-cam-plus\/\",\"url\":\"https:\/\/vannangvn.123websitedev.com\/san-pham\/may-do-goc-tiep-xuc-cheminstruments-contact-angle-meter-model-cam-plus\/\",\"name\":\"M\u00c1Y \u0110O G\u00d3C TI\u1ebeP X\u00daC CHEMINSTRUMENTS... ch\u00ednh h\u00e3ng | V\u1ea1n N\u0103ng\",\"isPartOf\":{\"@id\":\"https:\/\/vannangvn.123websitedev.com\/#website\"},\"primaryImageOfPage\":{\"@id\":\"https:\/\/vannangvn.123websitedev.com\/san-pham\/may-do-goc-tiep-xuc-cheminstruments-contact-angle-meter-model-cam-plus\/#primaryimage\"},\"image\":{\"@id\":\"https:\/\/vannangvn.123websitedev.com\/san-pham\/may-do-goc-tiep-xuc-cheminstruments-contact-angle-meter-model-cam-plus\/#primaryimage\"},\"thumbnailUrl\":\"https:\/\/vannangvn.123websitedev.com\/wp-content\/uploads\/2026\/03\/camplus-768x576-copy.jpg\",\"datePublished\":\"2026-03-20T10:38:25+00:00\",\"dateModified\":\"2026-03-30T11:30:10+00:00\",\"description\":\"Mua ngay M\u00c1Y \u0110O G\u00d3C TI\u1ebeP X\u00daC CHEMINSTRUMENTS (CONTACT ANGLE METER) MODEL CAM-PLUS ch\u00ednh h\u00e3ng. M\u00e1y \u0111o g\u00f3c ti\u1ebfp x\u00fac Cheminstruments... Gi\u00e1 t\u1ed1t!\",\"breadcrumb\":{\"@id\":\"https:\/\/vannangvn.123websitedev.com\/san-pham\/may-do-goc-tiep-xuc-cheminstruments-contact-angle-meter-model-cam-plus\/#breadcrumb\"},\"inLanguage\":\"en-US\",\"potentialAction\":[{\"@type\":\"ReadAction\",\"target\":[\"https:\/\/vannangvn.123websitedev.com\/san-pham\/may-do-goc-tiep-xuc-cheminstruments-contact-angle-meter-model-cam-plus\/\"]}]},{\"@type\":\"ImageObject\",\"inLanguage\":\"en-US\",\"@id\":\"https:\/\/vannangvn.123websitedev.com\/san-pham\/may-do-goc-tiep-xuc-cheminstruments-contact-angle-meter-model-cam-plus\/#primaryimage\",\"url\":\"https:\/\/vannangvn.123websitedev.com\/wp-content\/uploads\/2026\/03\/camplus-768x576-copy.jpg\",\"contentUrl\":\"https:\/\/vannangvn.123websitedev.com\/wp-content\/uploads\/2026\/03\/camplus-768x576-copy.jpg\",\"width\":768,\"height\":576},{\"@type\":\"BreadcrumbList\",\"@id\":\"https:\/\/vannangvn.123websitedev.com\/san-pham\/may-do-goc-tiep-xuc-cheminstruments-contact-angle-meter-model-cam-plus\/#breadcrumb\",\"itemListElement\":[{\"@type\":\"ListItem\",\"position\":1,\"name\":\"Trang ch\u1ee7\",\"item\":\"https:\/\/vannangvn.123websitedev.com\/\"},{\"@type\":\"ListItem\",\"position\":2,\"name\":\"S\u1ea3n ph\u1ea9m\",\"item\":\"https:\/\/vannangvn.123websitedev.com\/cua-hang\/\"},{\"@type\":\"ListItem\",\"position\":3,\"name\":\"M\u00c1Y \u0110O G\u00d3C TI\u1ebeP X\u00daC CHEMINSTRUMENTS (CONTACT ANGLE METER) MODEL CAM-PLUS\"}]},{\"@type\":\"WebSite\",\"@id\":\"https:\/\/vannangvn.123websitedev.com\/#website\",\"url\":\"https:\/\/vannangvn.123websitedev.com\/\",\"name\":\"Vannang.vn\",\"description\":\"\",\"publisher\":{\"@id\":\"https:\/\/vannangvn.123websitedev.com\/#organization\"},\"potentialAction\":[{\"@type\":\"SearchAction\",\"target\":{\"@type\":\"EntryPoint\",\"urlTemplate\":\"https:\/\/vannangvn.123websitedev.com\/?s={search_term_string}\"},\"query-input\":{\"@type\":\"PropertyValueSpecification\",\"valueRequired\":true,\"valueName\":\"search_term_string\"}}],\"inLanguage\":\"en-US\"},{\"@type\":\"Organization\",\"@id\":\"https:\/\/vannangvn.123websitedev.com\/#organization\",\"name\":\"Vannang.vn\",\"url\":\"https:\/\/vannangvn.123websitedev.com\/\",\"logo\":{\"@type\":\"ImageObject\",\"inLanguage\":\"en-US\",\"@id\":\"https:\/\/vannangvn.123websitedev.com\/#\/schema\/logo\/image\/\",\"url\":\"https:\/\/vannangvn.123websitedev.com\/wp-content\/uploads\/2026\/02\/logo-van-nang-02.png\",\"contentUrl\":\"https:\/\/vannangvn.123websitedev.com\/wp-content\/uploads\/2026\/02\/logo-van-nang-02.png\",\"width\":448,\"height\":111,\"caption\":\"Vannang.vn\"},\"image\":{\"@id\":\"https:\/\/vannangvn.123websitedev.com\/#\/schema\/logo\/image\/\"}}]}<\/script>\n<!-- \/ Yoast SEO Premium plugin. -->","yoast_head_json":{"title":"M\u00c1Y \u0110O G\u00d3C TI\u1ebeP X\u00daC CHEMINSTRUMENTS... ch\u00ednh h\u00e3ng | V\u1ea1n N\u0103ng","description":"Mua ngay M\u00c1Y \u0110O G\u00d3C TI\u1ebeP X\u00daC CHEMINSTRUMENTS (CONTACT ANGLE METER) MODEL CAM-PLUS ch\u00ednh h\u00e3ng. M\u00e1y \u0111o g\u00f3c ti\u1ebfp x\u00fac Cheminstruments... Gi\u00e1 t\u1ed1t!","robots":{"index":"noindex","follow":"follow","max-snippet":"max-snippet:-1","max-image-preview":"max-image-preview:large","max-video-preview":"max-video-preview:-1"},"og_locale":"en_US","og_type":"article","og_title":"M\u00c1Y \u0110O G\u00d3C TI\u1ebeP X\u00daC CHEMINSTRUMENTS (CONTACT ANGLE METER) MODEL CAM-PLUS","og_description":"Mua ngay M\u00c1Y \u0110O G\u00d3C TI\u1ebeP X\u00daC CHEMINSTRUMENTS (CONTACT ANGLE METER) MODEL CAM-PLUS ch\u00ednh h\u00e3ng. M\u00e1y \u0111o g\u00f3c ti\u1ebfp x\u00fac Cheminstruments... Gi\u00e1 t\u1ed1t!","og_url":"https:\/\/vannangvn.123websitedev.com\/en\/product\/may-do-goc-tiep-xuc-cheminstruments-contact-angle-meter-model-cam-plus\/","og_site_name":"Vannang.vn","article_modified_time":"2026-03-30T11:30:10+00:00","og_image":[{"width":768,"height":576,"url":"http:\/\/vannangvn.123websitedev.com\/wp-content\/uploads\/2026\/03\/camplus-768x576-copy.jpg","type":"image\/jpeg"}],"twitter_card":"summary_large_image","twitter_misc":{"Est. reading time":"7 minutes"},"schema":{"@context":"https:\/\/schema.org","@graph":[{"@type":"WebPage","@id":"https:\/\/vannangvn.123websitedev.com\/san-pham\/may-do-goc-tiep-xuc-cheminstruments-contact-angle-meter-model-cam-plus\/","url":"https:\/\/vannangvn.123websitedev.com\/san-pham\/may-do-goc-tiep-xuc-cheminstruments-contact-angle-meter-model-cam-plus\/","name":"M\u00c1Y \u0110O G\u00d3C TI\u1ebeP X\u00daC CHEMINSTRUMENTS... ch\u00ednh h\u00e3ng | V\u1ea1n N\u0103ng","isPartOf":{"@id":"https:\/\/vannangvn.123websitedev.com\/#website"},"primaryImageOfPage":{"@id":"https:\/\/vannangvn.123websitedev.com\/san-pham\/may-do-goc-tiep-xuc-cheminstruments-contact-angle-meter-model-cam-plus\/#primaryimage"},"image":{"@id":"https:\/\/vannangvn.123websitedev.com\/san-pham\/may-do-goc-tiep-xuc-cheminstruments-contact-angle-meter-model-cam-plus\/#primaryimage"},"thumbnailUrl":"https:\/\/vannangvn.123websitedev.com\/wp-content\/uploads\/2026\/03\/camplus-768x576-copy.jpg","datePublished":"2026-03-20T10:38:25+00:00","dateModified":"2026-03-30T11:30:10+00:00","description":"Mua ngay M\u00c1Y \u0110O G\u00d3C TI\u1ebeP X\u00daC CHEMINSTRUMENTS (CONTACT ANGLE METER) MODEL CAM-PLUS ch\u00ednh h\u00e3ng. M\u00e1y \u0111o g\u00f3c ti\u1ebfp x\u00fac Cheminstruments... Gi\u00e1 t\u1ed1t!","breadcrumb":{"@id":"https:\/\/vannangvn.123websitedev.com\/san-pham\/may-do-goc-tiep-xuc-cheminstruments-contact-angle-meter-model-cam-plus\/#breadcrumb"},"inLanguage":"en-US","potentialAction":[{"@type":"ReadAction","target":["https:\/\/vannangvn.123websitedev.com\/san-pham\/may-do-goc-tiep-xuc-cheminstruments-contact-angle-meter-model-cam-plus\/"]}]},{"@type":"ImageObject","inLanguage":"en-US","@id":"https:\/\/vannangvn.123websitedev.com\/san-pham\/may-do-goc-tiep-xuc-cheminstruments-contact-angle-meter-model-cam-plus\/#primaryimage","url":"https:\/\/vannangvn.123websitedev.com\/wp-content\/uploads\/2026\/03\/camplus-768x576-copy.jpg","contentUrl":"https:\/\/vannangvn.123websitedev.com\/wp-content\/uploads\/2026\/03\/camplus-768x576-copy.jpg","width":768,"height":576},{"@type":"BreadcrumbList","@id":"https:\/\/vannangvn.123websitedev.com\/san-pham\/may-do-goc-tiep-xuc-cheminstruments-contact-angle-meter-model-cam-plus\/#breadcrumb","itemListElement":[{"@type":"ListItem","position":1,"name":"Trang ch\u1ee7","item":"https:\/\/vannangvn.123websitedev.com\/"},{"@type":"ListItem","position":2,"name":"S\u1ea3n ph\u1ea9m","item":"https:\/\/vannangvn.123websitedev.com\/cua-hang\/"},{"@type":"ListItem","position":3,"name":"M\u00c1Y \u0110O G\u00d3C TI\u1ebeP X\u00daC CHEMINSTRUMENTS (CONTACT ANGLE METER) MODEL CAM-PLUS"}]},{"@type":"WebSite","@id":"https:\/\/vannangvn.123websitedev.com\/#website","url":"https:\/\/vannangvn.123websitedev.com\/","name":"Vannang.vn","description":"","publisher":{"@id":"https:\/\/vannangvn.123websitedev.com\/#organization"},"potentialAction":[{"@type":"SearchAction","target":{"@type":"EntryPoint","urlTemplate":"https:\/\/vannangvn.123websitedev.com\/?s={search_term_string}"},"query-input":{"@type":"PropertyValueSpecification","valueRequired":true,"valueName":"search_term_string"}}],"inLanguage":"en-US"},{"@type":"Organization","@id":"https:\/\/vannangvn.123websitedev.com\/#organization","name":"Vannang.vn","url":"https:\/\/vannangvn.123websitedev.com\/","logo":{"@type":"ImageObject","inLanguage":"en-US","@id":"https:\/\/vannangvn.123websitedev.com\/#\/schema\/logo\/image\/","url":"https:\/\/vannangvn.123websitedev.com\/wp-content\/uploads\/2026\/02\/logo-van-nang-02.png","contentUrl":"https:\/\/vannangvn.123websitedev.com\/wp-content\/uploads\/2026\/02\/logo-van-nang-02.png","width":448,"height":111,"caption":"Vannang.vn"},"image":{"@id":"https:\/\/vannangvn.123websitedev.com\/#\/schema\/logo\/image\/"}}]}},"_links":{"self":[{"href":"https:\/\/vannangvn.123websitedev.com\/en\/wp-json\/wp\/v2\/product\/6864","targetHints":{"allow":["GET"]}}],"collection":[{"href":"https:\/\/vannangvn.123websitedev.com\/en\/wp-json\/wp\/v2\/product"}],"about":[{"href":"https:\/\/vannangvn.123websitedev.com\/en\/wp-json\/wp\/v2\/types\/product"}],"replies":[{"embeddable":true,"href":"https:\/\/vannangvn.123websitedev.com\/en\/wp-json\/wp\/v2\/comments?post=6864"}],"wp:featuredmedia":[{"embeddable":true,"href":"https:\/\/vannangvn.123websitedev.com\/en\/wp-json\/wp\/v2\/media\/9312"}],"wp:attachment":[{"href":"https:\/\/vannangvn.123websitedev.com\/en\/wp-json\/wp\/v2\/media?parent=6864"}],"wp:term":[{"taxonomy":"product_brand","embeddable":true,"href":"https:\/\/vannangvn.123websitedev.com\/en\/wp-json\/wp\/v2\/product_brand?post=6864"},{"taxonomy":"product_cat","embeddable":true,"href":"https:\/\/vannangvn.123websitedev.com\/en\/wp-json\/wp\/v2\/product_cat?post=6864"},{"taxonomy":"product_tag","embeddable":true,"href":"https:\/\/vannangvn.123websitedev.com\/en\/wp-json\/wp\/v2\/product_tag?post=6864"}],"curies":[{"name":"wp","href":"https:\/\/api.w.org\/{rel}","templated":true}]}}