{"id":6868,"date":"2026-03-20T17:38:29","date_gmt":"2026-03-20T10:38:29","guid":{"rendered":"https:\/\/vannangvn.123websitedev.com\/san-pham\/may-do-he-so-ma-sat-qualitest-model-q-cof-tester\/"},"modified":"2026-03-30T18:30:15","modified_gmt":"2026-03-30T11:30:15","slug":"may-do-he-so-ma-sat-qualitest-model-q-cof-tester","status":"publish","type":"product","link":"https:\/\/vannangvn.123websitedev.com\/en\/product\/may-do-he-so-ma-sat-qualitest-model-q-cof-tester\/","title":{"rendered":"M\u00c1Y \u0110O H\u1ec6 S\u1ed0 MA S\u00c1T QUALITEST MODEL Q-COF TESTER"},"content":{"rendered":"<h1 style=\"color: red; font-weight: bold; font-size: 24px;\">T&#7893;ng quan s&#7843;n ph&#7849;m M&Aacute;Y &#272;O H&#7878; S&#7888; MA S&Aacute;T QUALITEST MODEL Q-COF TESTER<p>M&aacute;y &#272;o H&#7879; S&#7889; Ma S&aacute;t (Coefficient of Friction Tester) Qualitest Model Q-COF Tester<br>\nQ-COF Tester l&agrave; m&aacute;y &#273;o h&#7879; s&#7889; ma s&aacute;t hi&#7879;n &#273;&#7841;i, &#273;&#432;&#7907;c thi&#7871;t k&#7871; chuy&ecirc;n d&#7909;ng &#273;&#7875; x&aacute;c &#273;&#7883;nh ch&iacute;nh x&aacute;c h&#7879; s&#7889; ma s&aacute;t t&#297;nh, &#273;&#7897;ng v&agrave; l&#7921;c b&oacute;c t&aacute;ch (peel strength) c&#7911;a nhi&#7873;u lo&#7841;i v&#7853;t li&#7879;u nh&#432; m&agrave;ng nh&#7921;a, gi&#7845;y, b&igrave;a carton, v&#7843;i kh&ocirc;ng d&#7879;t, cao su hay nh&ocirc;m l&aacute;. Thi&#7871;t b&#7883; &#273;&aacute;p &#7913;ng v&agrave; v&#432;&#7907;t qua c&aacute;c ti&ecirc;u chu&#7849;n qu&#7889;c t&#7871; quan tr&#7885;ng nh&#432; ASTM D1894, ISO 8295, &#273;&#7843;m b&#7843;o k&#7871;t qu&#7843; th&#7917; nghi&#7879;m &#273;&aacute;ng tin c&#7853;y cho c&#7843; nghi&ecirc;n c&#7913;u v&agrave; s&#7843;n xu&#7845;t.<br>\nV&#7899;i c&ocirc;ng ngh&#7879; ti&ecirc;n ti&#7871;n v&agrave; &#273;&#7897; ch&iacute;nh x&aacute;c v&#432;&#7907;t tr&#7897;i, M&aacute;y &#272;o H&#7879; S&#7889; Ma S&aacute;t Q-COF Tester mang l&#7841;i d&#7919; li&#7879;u quan tr&#7885;ng gi&uacute;p doanh nghi&#7879;p t&#7889;i &#432;u h&oacute;a quy tr&igrave;nh, c&#7843;i thi&#7879;n ch&#7845;t l&#432;&#7907;ng s&#7843;n ph&#7849;m v&agrave; h&#7841;n ch&#7871; l&#7895;i ph&aacute;t sinh trong qu&aacute; tr&igrave;nh &#273;&oacute;ng g&oacute;i, in &#7845;n ho&#7863;c x&#7917; l&yacute; b&#7873; m&#7863;t. H&atilde;y c&ugrave;ng V&#7841;n N&#259;ng t&igrave;m hi&#7875;u chi ti&#7871;t h&#417;n v&#7873; s&#7843;n ph&#7849;m th&ocirc;ng qua b&agrave;i vi&#7871;t d&#432;&#7899;i &#273;&acirc;y nh&eacute;!<\/p><p>Xem th&ecirc;m: M&aacute;y Ki&#7875;m Tra &#272;&#7897; Ph&#7845;n H&oacute;a NeurTek Instruments Model Chalking Tester<\/p><p>Nguy&ecirc;n L&yacute; Ho&#7841;t &#272;&#7897;ng<\/p><p>Thi&#7871;t B&#7883; &#272;o H&#7879; S&#7889; Ma S&aacute;t Q-COF Tester v&#7853;n h&agrave;nh theo c&#417; ch&#7871; tr&#432;&#7907;t b&#7873; m&#7863;t gi&#7919;a hai m&#7851;u th&#7917;, &#273;&#432;&#7907;c ki&#7875;m so&aacute;t b&#7857;ng &#273;&#7897;ng c&#417; ch&iacute;nh x&aacute;c:<\/p><p>Chu&#7849;n b&#7883; m&#7851;u th&#7917;: c&#7889; &#273;&#7883;nh m&#7851;u b&#7857;ng k&#7865;p chuy&ecirc;n d&#7909;ng.<br>\nL&#7855;p m&#7851;u l&ecirc;n b&#7879; th&#7917;: m&#7897;t ph&#7847;n m&#7851;u qu&#7845;n quanh thanh tr&#432;&#7907;t &#273;&#7875; t&#7841;o ti&#7871;p x&uacute;c.<br>\nK&iacute;ch ho&#7841;t b&#259;ng t&#7843;i: &#273;&#7897;ng c&#417; k&eacute;o thanh tr&#432;&#7907;t di chuy&#7875;n tr&ecirc;n b&#7873; m&#7863;t m&#7851;u.<br>\nC&#7843;m bi&#7871;n l&#7921;c ghi nh&#7853;n t&iacute;n hi&#7879;u: d&#7919; li&#7879;u l&#7921;c ma s&aacute;t &#273;&#432;&#7907;c x&#7917; l&yacute; v&agrave; truy&#7873;n &#273;i.<br>\nK&#7871;t qu&#7843; hi&#7875;n th&#7883; tr&#7921;c quan: h&#7879; s&#7889; ma s&aacute;t t&#297;nh v&agrave; &#273;&#7897;ng hi&#7875;n th&#7883; tr&ecirc;n m&agrave;n h&igrave;nh LCD k&egrave;m bi&#7875;u &#273;&#7891; ph&acirc;n t&iacute;ch.<\/p><p>Quy tr&igrave;nh n&agrave;y di&#7877;n ra t&#7921; &#273;&#7897;ng, nhanh g&#7885;n v&agrave; ch&iacute;nh x&aacute;c, gi&uacute;p lo&#7841;i b&#7887; sai s&#7889; do thao t&aacute;c th&#7911; c&ocirc;ng.<\/p><p>Xem th&ecirc;m: M&aacute;y &#272;o L&#7921;c Ma S&aacute;t B&#259;ng Keo (Coefficient of Friction Tester) Qualitest Model FX-7000<\/p><p>N&eacute;t &#272;&#7863;c Tr&#432;ng C&#7911;a Q-COF Tester<br>\nSo v&#7899;i c&aacute;c thi&#7871;t b&#7883; &#273;o h&#7879; s&#7889; ma s&aacute;t kh&aacute;c, Qualitest Q-COF Tester mang &#273;&#7871;n nhi&#7873;u l&#7907;i th&#7871; c&#7841;nh tranh:<\/p><p>Hi&#7875;n th&#7883; tr&#7921;c quan tr&ecirc;n m&agrave;n h&igrave;nh LCD: theo d&otilde;i k&#7871;t qu&#7843; &#273;o v&agrave; &#273;&#432;&#7901;ng cong ph&acirc;n t&iacute;ch theo th&#7901;i gian th&#7921;c.<br>\nPh&#7847;n m&#7873;m &#273;i&#7873;u khi&#7875;n d&#7877; s&#7917; d&#7909;ng: giao di&#7879;n th&acirc;n thi&#7879;n, h&#7895; tr&#7907; ph&acirc;n t&iacute;ch v&agrave; xu&#7845;t d&#7919; li&#7879;u nhanh.<br>\nHi&#7879;u chu&#7849;n nhanh ch&oacute;ng: s&#7917; d&#7909;ng kh&#7889;i chu&#7849;n chuy&ecirc;n d&#7909;ng &#273;&#7875; &#273;&#7843;m b&#7843;o &#273;&#7897; ch&iacute;nh x&aacute;c l&acirc;u d&agrave;i.<br>\nCh&#7913;c n&#259;ng b&#7843;o v&#7879; c&#7843;m bi&#7871;n: tr&aacute;nh qu&aacute; t&#7843;i, k&eacute;o d&agrave;i tu&#7893;i th&#7885; thi&#7871;t b&#7883;.<br>\nThi&#7871;t k&#7871; m&ocirc;-&#273;un: d&#7877; b&#7843;o tr&igrave;, thay th&#7871; khi c&#7847;n.<br>\nC&#417; ch&#7871; ch&#7889;ng tr&#432;&#7907;t m&#7851;u: gi&#7843;m thi&#7875;u t&igrave;nh tr&#7841;ng d&iacute;nh ho&#7863;c sai l&#7879;ch khi &#273;o v&#7853;t li&#7879;u c&oacute; &#273;&#7897; nh&#7899;t cao.<\/p><p>&#7912;ng D&#7909;ng &#272;a Ng&agrave;nh C&#7911;a Q-COF Tester<br>\nV&#7899;i t&iacute;nh linh ho&#7841;t cao, M&aacute;y &#272;o Ma S&aacute;t Qualitest Q-COF Tester &#273;&#432;&#7907;c &#7913;ng d&#7909;ng r&#7897;ng r&atilde;i trong nhi&#7873;u l&#297;nh v&#7921;c:<\/p><p>Bao b&igrave; nh&#7921;a d&#7867;o: m&agrave;ng &#273;&#417;n, m&agrave;ng gh&eacute;p, m&agrave;ng ph&#7911; nh&ocirc;m, aluminized film.<br>\nGi&#7845;y v&agrave; b&igrave;a carton: ki&#7875;m tra &#273;&#7897; ma s&aacute;t gi&#7845;y in, gi&#7845;y tr&aacute;ng ph&#7911;, bao b&igrave; carton.<br>\nNg&agrave;nh d&#7879;t may v&agrave; v&#7843;i kh&ocirc;ng d&#7879;t: &aacute;p d&#7909;ng cho t&uacute;i d&#7879;t, v&#7843;i c&ocirc;ng nghi&#7879;p, v&#7853;t li&#7879;u y t&#7871;.<br>\nKim lo&#7841;i m&#7887;ng v&agrave; nh&ocirc;m l&aacute;: d&ugrave;ng trong bao b&igrave; th&#7921;c ph&#7849;m, d&#432;&#7907;c ph&#7849;m, &#273;&#7891; u&#7889;ng.<br>\nCao su, g&#7889;m v&agrave; v&#7853;t li&#7879;u &#273;&#7863;c th&ugrave;: &#273;&#7843;m b&#7843;o t&iacute;nh &#7893;n &#273;&#7883;nh trong &#7913;ng d&#7909;ng k&#7929; thu&#7853;t.<\/p><p>Nh&#7901; ph&#7841;m vi &#7913;ng d&#7909;ng r&#7897;ng, thi&#7871;t b&#7883; n&agrave;y tr&#7903; th&agrave;nh gi&#7843;i ph&aacute;p l&yacute; t&#432;&#7903;ng cho c&aacute;c ph&ograve;ng th&iacute; nghi&#7879;m QA\/QC v&agrave; nh&agrave; m&aacute;y s&#7843;n xu&#7845;t v&#7853;t li&#7879;u hi&#7879;n &#273;&#7841;i.<\/p><p>Xem th&ecirc;m: M&aacute;y Ki&#7875;m Tra &#272;&#7897; X&#432;&#7899;c T&#7921; &#272;&#7897;ng (Automatic Scratch Tester) Biuged Model BGD 520\/2<\/p><p>&#431;u &#272;i&#7875;m C&#7911;a Q-COF Tester<br>\nS&#7917; d&#7909;ng M&aacute;y &#272;o H&#7879; S&#7889; Ma S&aacute;t Q-COF &ndash; Coefficient of Friction Tester mang l&#7841;i nhi&#7873;u l&#7907;i &iacute;ch thi&#7871;t th&#7921;c:<\/p><p>N&acirc;ng cao ch&#7845;t l&#432;&#7907;ng s&#7843;n ph&#7849;m: gi&#7843;m t&igrave;nh tr&#7841;ng k&#7865;t, d&iacute;nh, tr&#432;&#7907;t tr&ecirc;n d&acirc;y chuy&#7873;n.<br>\nT&#7889;i &#432;u s&#7843;n xu&#7845;t: h&#7895; tr&#7907; &#273;i&#7873;u ch&#7881;nh nguy&ecirc;n li&#7879;u v&agrave; quy tr&igrave;nh x&#7917; l&yacute; b&#7873; m&#7863;t.<br>\nGi&#7843;m chi ph&iacute;: h&#7841;n ch&#7871; ph&#7871; ph&#7849;m, ti&#7871;t ki&#7879;m th&#7901;i gian v&agrave; nguy&ecirc;n v&#7853;t li&#7879;u.<br>\n&#272;&aacute;p &#7913;ng ti&ecirc;u chu&#7849;n qu&#7889;c t&#7871;: ph&ugrave; h&#7907;p v&#7899;i y&ecirc;u c&#7847;u ki&#7875;m &#273;&#7883;nh ch&#7845;t l&#432;&#7907;ng to&agrave;n c&#7847;u.<br>\nT&#259;ng uy t&iacute;n th&#432;&#417;ng hi&#7879;u: s&#7843;n ph&#7849;m &#273;&#7841;t chu&#7849;n cao, n&acirc;ng cao kh&#7843; n&#259;ng c&#7841;nh tranh.<\/p><p>Nh&#7919;ng L&yacute; Do N&ecirc;n Mua M&aacute;y &#272;o H&#7879; S&#7889; Ma S&aacute;t T&#7841;i V&#7841;n N&#259;ng<\/p><p>C&ocirc;ng ty Thi&#7871;t B&#7883; C&ocirc;ng Ngh&#7879; V&#7841;n N&#259;ng l&agrave; &#273;&#7889;i t&aacute;c ch&iacute;nh th&#7913;c ph&acirc;n ph&#7889;i M&aacute;y &#272;o H&#7879; S&#7889; Ma S&aacute;t h&agrave;ng &#273;&#7847;u t&#7841;i Vi&#7879;t Nam, cam k&#7871;t cung c&#7845;p s&#7843;n ph&#7849;m ch&iacute;nh h&atilde;ng v&#7899;i gi&aacute; c&#7843; c&#7841;nh tranh nh&#7845;t th&#7883; tr&#432;&#7901;ng. V&#7899;i uy t&iacute;n tr&ecirc;n th&#7883; tr&#432;&#7901;ng v&agrave; ch&#7871; &#273;&#7897; h&#7851;u m&atilde;i t&#7889;t, Thi&#7871;t B&#7883; C&ocirc;ng Ngh&#7879; V&#7841;n N&#259;ng &#273;&atilde; nh&#7853;n &#273;&#432;&#7907;c s&#7921; tin t&#432;&#7903;ng t&#7915; kh&aacute;ch h&agrave;ng nh&#7901; v&agrave;o ch&#7845;t l&#432;&#7907;ng h&agrave;ng &#273;&#7847;u c&#7911;a c&aacute;c d&ograve;ng s&#7843;n ph&#7849;m.<br>\nS&#7843;n ph&#7849;m c&#7911;a ch&uacute;ng t&ocirc;i &#273;&#432;&#7907;c ki&#7875;m &#273;&#7883;nh ch&#7845;t l&#432;&#7907;ng, nh&#7853;p kh&#7849;u tr&#7921;c ti&#7871;p t&#7915; nh&agrave; m&aacute;y b&ecirc;n Ch&acirc;u &Acirc;u, M&#7929;, &Uacute;c, Nh&#7853;t B&#7843;n,&hellip; v&agrave; &#273;&aacute;p &#7913;ng nhu c&#7847;u &#273;a d&#7841;ng c&#7911;a th&#7883; tr&#432;&#7901;ng nh&#432;: M&aacute;y &#272;o &#272;&#7897; C&#7913;ng, M&aacute;y SPECTROMAXx, M&aacute;y Ki&#7875;m Tra &#272;&#432;&#7901;ng Gh&eacute;p M&iacute; Lon,&hellip; Ch&uacute;ng t&ocirc;i cam k&#7871;t cung c&#7845;p s&#7843;n ph&#7849;m n&agrave;y tr&ecirc;n to&agrave;n qu&#7889;c v&#7899;i gi&aacute; c&#7843; c&#7841;nh tranh nh&#7845;t.<br>\nCh&uacute;ng t&ocirc;i c&oacute; &#273;&#7897;i ng&#361; chuy&ecirc;n vi&ecirc;n t&#432; v&#7845;n chuy&ecirc;n s&acirc;u s&#7869; h&#7895; tr&#7907; kh&aacute;ch h&agrave;ng v&#7873; chi ti&#7871;t s&#7843;n ph&#7849;m, h&#432;&#7899;ng d&#7851;n s&#7917; d&#7909;ng hay nh&#7919;ng th&#7913; li&ecirc;n quan &#273;&#7871;n v&#7845;n &#273;&#7873; m&agrave; doanh nghi&#7879;p b&#7841;n &#273;ang g&#7863;p ph&#7843;i. Ch&uacute;ng t&ocirc;i s&#7869; cung c&#7845;p nh&#7919;ng gi&#7843;i ph&aacute;p t&#7889;i &#432;u nh&#7845;t!<br>\nNgo&agrave;i ra Thi&#7871;t B&#7883; C&ocirc;ng Ngh&#7879; V&#7841;n N&#259;ng Ch&uacute;ng T&ocirc;i lu&ocirc;n h&#432;&#7899;ng &#273;&#7871;n tr&#7843;i nghi&#7879;m kh&aacute;ch h&agrave;ng, v&igrave; v&#7853;y ch&uacute;ng t&ocirc;i c&oacute; nh&#7919;ng ch&iacute;nh s&aacute;ch b&#7843;o h&agrave;nh, b&#7843;o tr&igrave; &ndash; b&#7843;o d&#432;&#7905;ng, hi&#7879;u chu&#7849;n v&#7899;i t&#7845;t c&#7843; c&aacute;c thi&#7871;t b&#7883;, m&aacute;y m&oacute;c m&agrave; ch&uacute;ng t&ocirc;i cung c&#7845;p. &#272;&#7843;m b&#7843;o mang &#273;&#7871;n cho Kh&aacute;ch h&agrave;ng s&#7921; y&ecirc;n t&acirc;m tuy&#7879;t &#273;&#7889;i v&#7873; d&#7883;ch v&#7909; khi mua h&agrave;ng.<\/p><p>Xem th&ecirc;m: Thi&#7871;t B&#7883; Ki&#7875;m Tra C&#417; H&#7885;c B&#7873; M&#7863;t (Mechanical Surface Testing Platforms) Anton Paar Step 501<\/p><p>T&#7893;ng K&#7871;t<br>\nV&#7899;i kh&#7843; n&#259;ng &#273;o ma s&aacute;t t&#297;nh, &#273;&#7897;ng v&agrave; l&#7921;c b&oacute;c t&aacute;ch ch&iacute;nh x&aacute;c, Q-COF Tester Qualitest kh&ocirc;ng ch&#7881; gi&uacute;p doanh nghi&#7879;p ki&#7875;m so&aacute;t s&#7843;n ph&#7849;m m&agrave; c&ograve;n gi&#7843;m chi ph&iacute;, n&acirc;ng cao uy t&iacute;n v&agrave; c&#7841;nh tranh hi&#7879;u qu&#7843;. H&atilde;y li&ecirc;n h&#7879; v&#7899;i V&#7841;n N&#259;ng ngay &#273;&#7875; &#273;&#432;&#7907;c t&#432; v&#7845;n chuy&ecirc;n s&acirc;u v&agrave; nh&#7853;n nh&#7919;ng &#432;u &#273;&atilde;i h&#7845;p d&#7851;n nh&#7845;t th&ocirc;ng qua hotline0903 991 335 !<\/p><div style=\"background-color: #f8fafc; border: 1px solid #e2e8f0; border-radius: 8px; padding: 25px; max-width: 800px; margin: 30px auto; color: #334155; line-height: 1.8; font-size: 17px; box-shadow: 0 4px 6px -1px rgba(0,0,0,0.05); text-align: left; clear: both;\">\nC&ocirc;ng ty TNHH Th&#432;&#417;ng M&#7841;i D&#7883;ch V&#7909; Thi&#7871;t B&#7883; C&ocirc;ng Ngh&#7879; V&#7841;n N&#259;ng\n<p style=\"margin: 0 0 10px 0;\">&#128205; <strong style=\"color: #1e293b;\">&#272;&#7883;a ch&#7881;:<\/strong> <a style=\"color: #059669; text-decoration: none; font-weight: bold;\" href=\"https:\/\/www.google.com\/maps\/search\/C%C3%B4ng+ty+TNHH+Th%C6%B0%C6%A1ng+M%E1%BA%A1i+D%E1%BB%8Bch+V%E1%BB%A5+Thi%E1%BA%BFt+B%E1%BB%8B+C%C3%B4ng+Ngh%E1%BB%87+V%E1%BA%A1n+N%C4%83ng+818+Tr%C6%B0%E1%BB%9Dng+Chinh\" target=\"_blank\" rel=\"noopener\">818 Tr&#432;&#7901;ng Chinh, Ph&#432;&#7901;ng T&acirc;n S&#417;n, Th&agrave;nh ph&#7889; H&#7891; Ch&iacute; Minh, Vi&#7879;t Nam<\/a><\/p>\n<p style=\"margin: 0 0 10px 0;\">&#128222; <strong style=\"color: #1e293b;\">S&#272;T &ndash; Zalo:<\/strong> <a style=\"color: #059669; text-decoration: none; font-weight: bold;\" href=\"https:\/\/zalo.me\/0903991335\" target=\"_blank\" rel=\"noopener\">0903 991 335<\/a> <span style=\"color: #64748b; font-style: italic;\">(Ms. H&#7841;nh &ndash; Gi&aacute;m &#272;&#7889;c Kinh Doanh)<\/span><\/p>\n<p style=\"margin: 0;\">&#9993;&#65039; <strong style=\"color: #1e293b;\">Email:<\/strong> <a style=\"color: #059669; text-decoration: none; font-weight: bold;\" href=\"mailto:hienhanh@vannangvn.com\">hienhanh@vannangvn.com<\/a><\/p>\n<\/div><\/h1>","protected":false},"excerpt":{"rendered":"<p><strong>Th&#432;&#417;ng hi&#7879;u:<\/strong> Qualitest<br>\n<strong>Model:<\/strong> Q-COF Tester<p>Product <strong>M&Aacute;Y &#272;O H&#7878; S&#7888; MA S&Aacute;T QUALITEST MODEL Q-COF TESTER<\/strong> ch&iacute;nh h&atilde;ng. Qualitest (USA)<br>\nQ-COF Tester l&agrave; m&aacute;y &#273;o h&#7879; s&#7889; ma s&aacute;t t&#297;nh v&agrave; &#273;&#7897;ng theo chu&#7849;n ASTM, ISO. Thi&#7871;t b&#7883; gi&uacute;p ki&#7875;m so&aacute;t ch&#7845;t l&#432;&#7907;ng bao b&igrave;, m&agrave;ng nh&#7921;a, gi&#7845;y, kim lo&#7841;i v&#7899;i &#273;&#7897; ch&iacute;nh x&aacute;c cao.<\/p><\/p>","protected":false},"featured_media":8722,"comment_status":"open","ping_status":"closed","template":"","meta":[],"product_brand":[],"product_cat":[18],"product_tag":[129,181,374,1052,1268,1573,1980,1981,109,116],"class_list":{"0":"post-6868","1":"product","2":"type-product","3":"status-publish","4":"has-post-thumbnail","6":"product_cat-chua-phan-loai","7":"product_tag-so","8":"product_tag-do","9":"product_tag-ma","10":"product_tag-he","11":"product_tag-sat","12":"product_tag-tester-2","13":"product_tag-qualitest","14":"product_tag-q-cof","15":"product_tag-may","16":"product_tag-model","18":"first","19":"instock","20":"shipping-taxable","21":"product-type-simple"},"yoast_head":"<!-- This site is optimized with the Yoast SEO Premium plugin v24.8 (Yoast SEO v24.8) - https:\/\/yoast.com\/wordpress\/plugins\/seo\/ -->\n<title>M\u00c1Y \u0110O H\u1ec6 S\u1ed0 MA S\u00c1T QUALITEST MODEL... ch\u00ednh h\u00e3ng | V\u1ea1n N\u0103ng<\/title>\n<meta name=\"description\" content=\"Mua ngay M\u00c1Y \u0110O H\u1ec6 S\u1ed0 MA S\u00c1T QUALITEST MODEL Q-COF TESTER ch\u00ednh h\u00e3ng. Q-COF Tester l\u00e0 m\u00e1y \u0111o h\u1ec7 s\u1ed1 ma s\u00e1t t\u0129nh v\u00e0 \u0111\u1ed9ng theo chu\u1ea9n... Gi\u00e1 t\u1ed1t!\" \/>\n<meta name=\"robots\" content=\"noindex, follow, max-snippet:-1, max-image-preview:large, max-video-preview:-1\" \/>\n<meta property=\"og:locale\" content=\"en_US\" \/>\n<meta property=\"og:type\" content=\"article\" \/>\n<meta property=\"og:title\" content=\"M\u00c1Y \u0110O H\u1ec6 S\u1ed0 MA S\u00c1T QUALITEST MODEL Q-COF TESTER\" \/>\n<meta property=\"og:description\" content=\"Mua ngay M\u00c1Y \u0110O H\u1ec6 S\u1ed0 MA S\u00c1T QUALITEST MODEL Q-COF TESTER ch\u00ednh h\u00e3ng. Q-COF Tester l\u00e0 m\u00e1y \u0111o h\u1ec7 s\u1ed1 ma s\u00e1t t\u0129nh v\u00e0 \u0111\u1ed9ng theo chu\u1ea9n... Gi\u00e1 t\u1ed1t!\" \/>\n<meta property=\"og:url\" content=\"https:\/\/vannangvn.123websitedev.com\/en\/product\/may-do-he-so-ma-sat-qualitest-model-q-cof-tester\/\" \/>\n<meta property=\"og:site_name\" content=\"Vannang.vn\" \/>\n<meta property=\"article:modified_time\" content=\"2026-03-30T11:30:15+00:00\" \/>\n<meta property=\"og:image\" content=\"http:\/\/vannangvn.123websitedev.com\/wp-content\/uploads\/2026\/03\/Q-COF-Tester-no.2-768x576-copy.jpg\" \/>\n\t<meta property=\"og:image:width\" content=\"768\" \/>\n\t<meta property=\"og:image:height\" content=\"576\" \/>\n\t<meta property=\"og:image:type\" content=\"image\/jpeg\" \/>\n<meta name=\"twitter:card\" content=\"summary_large_image\" \/>\n<meta name=\"twitter:label1\" content=\"Est. reading time\" \/>\n\t<meta name=\"twitter:data1\" content=\"9 minutes\" \/>\n<script type=\"application\/ld+json\" class=\"yoast-schema-graph\">{\"@context\":\"https:\/\/schema.org\",\"@graph\":[{\"@type\":\"WebPage\",\"@id\":\"https:\/\/vannangvn.123websitedev.com\/san-pham\/may-do-he-so-ma-sat-qualitest-model-q-cof-tester\/\",\"url\":\"https:\/\/vannangvn.123websitedev.com\/san-pham\/may-do-he-so-ma-sat-qualitest-model-q-cof-tester\/\",\"name\":\"M\u00c1Y \u0110O H\u1ec6 S\u1ed0 MA S\u00c1T QUALITEST MODEL... ch\u00ednh h\u00e3ng | V\u1ea1n N\u0103ng\",\"isPartOf\":{\"@id\":\"https:\/\/vannangvn.123websitedev.com\/#website\"},\"primaryImageOfPage\":{\"@id\":\"https:\/\/vannangvn.123websitedev.com\/san-pham\/may-do-he-so-ma-sat-qualitest-model-q-cof-tester\/#primaryimage\"},\"image\":{\"@id\":\"https:\/\/vannangvn.123websitedev.com\/san-pham\/may-do-he-so-ma-sat-qualitest-model-q-cof-tester\/#primaryimage\"},\"thumbnailUrl\":\"https:\/\/vannangvn.123websitedev.com\/wp-content\/uploads\/2026\/03\/Q-COF-Tester-no.2-768x576-copy.jpg\",\"datePublished\":\"2026-03-20T10:38:29+00:00\",\"dateModified\":\"2026-03-30T11:30:15+00:00\",\"description\":\"Mua ngay M\u00c1Y \u0110O H\u1ec6 S\u1ed0 MA S\u00c1T QUALITEST MODEL Q-COF TESTER ch\u00ednh h\u00e3ng. Q-COF Tester l\u00e0 m\u00e1y \u0111o h\u1ec7 s\u1ed1 ma s\u00e1t t\u0129nh v\u00e0 \u0111\u1ed9ng theo chu\u1ea9n... Gi\u00e1 t\u1ed1t!\",\"breadcrumb\":{\"@id\":\"https:\/\/vannangvn.123websitedev.com\/san-pham\/may-do-he-so-ma-sat-qualitest-model-q-cof-tester\/#breadcrumb\"},\"inLanguage\":\"en-US\",\"potentialAction\":[{\"@type\":\"ReadAction\",\"target\":[\"https:\/\/vannangvn.123websitedev.com\/san-pham\/may-do-he-so-ma-sat-qualitest-model-q-cof-tester\/\"]}]},{\"@type\":\"ImageObject\",\"inLanguage\":\"en-US\",\"@id\":\"https:\/\/vannangvn.123websitedev.com\/san-pham\/may-do-he-so-ma-sat-qualitest-model-q-cof-tester\/#primaryimage\",\"url\":\"https:\/\/vannangvn.123websitedev.com\/wp-content\/uploads\/2026\/03\/Q-COF-Tester-no.2-768x576-copy.jpg\",\"contentUrl\":\"https:\/\/vannangvn.123websitedev.com\/wp-content\/uploads\/2026\/03\/Q-COF-Tester-no.2-768x576-copy.jpg\",\"width\":768,\"height\":576},{\"@type\":\"BreadcrumbList\",\"@id\":\"https:\/\/vannangvn.123websitedev.com\/san-pham\/may-do-he-so-ma-sat-qualitest-model-q-cof-tester\/#breadcrumb\",\"itemListElement\":[{\"@type\":\"ListItem\",\"position\":1,\"name\":\"Trang ch\u1ee7\",\"item\":\"https:\/\/vannangvn.123websitedev.com\/\"},{\"@type\":\"ListItem\",\"position\":2,\"name\":\"S\u1ea3n ph\u1ea9m\",\"item\":\"https:\/\/vannangvn.123websitedev.com\/cua-hang\/\"},{\"@type\":\"ListItem\",\"position\":3,\"name\":\"M\u00c1Y \u0110O H\u1ec6 S\u1ed0 MA S\u00c1T QUALITEST MODEL Q-COF TESTER\"}]},{\"@type\":\"WebSite\",\"@id\":\"https:\/\/vannangvn.123websitedev.com\/#website\",\"url\":\"https:\/\/vannangvn.123websitedev.com\/\",\"name\":\"Vannang.vn\",\"description\":\"\",\"publisher\":{\"@id\":\"https:\/\/vannangvn.123websitedev.com\/#organization\"},\"potentialAction\":[{\"@type\":\"SearchAction\",\"target\":{\"@type\":\"EntryPoint\",\"urlTemplate\":\"https:\/\/vannangvn.123websitedev.com\/?s={search_term_string}\"},\"query-input\":{\"@type\":\"PropertyValueSpecification\",\"valueRequired\":true,\"valueName\":\"search_term_string\"}}],\"inLanguage\":\"en-US\"},{\"@type\":\"Organization\",\"@id\":\"https:\/\/vannangvn.123websitedev.com\/#organization\",\"name\":\"Vannang.vn\",\"url\":\"https:\/\/vannangvn.123websitedev.com\/\",\"logo\":{\"@type\":\"ImageObject\",\"inLanguage\":\"en-US\",\"@id\":\"https:\/\/vannangvn.123websitedev.com\/#\/schema\/logo\/image\/\",\"url\":\"https:\/\/vannangvn.123websitedev.com\/wp-content\/uploads\/2026\/02\/logo-van-nang-02.png\",\"contentUrl\":\"https:\/\/vannangvn.123websitedev.com\/wp-content\/uploads\/2026\/02\/logo-van-nang-02.png\",\"width\":448,\"height\":111,\"caption\":\"Vannang.vn\"},\"image\":{\"@id\":\"https:\/\/vannangvn.123websitedev.com\/#\/schema\/logo\/image\/\"}}]}<\/script>\n<!-- \/ Yoast SEO Premium plugin. -->","yoast_head_json":{"title":"M\u00c1Y \u0110O H\u1ec6 S\u1ed0 MA S\u00c1T QUALITEST MODEL... ch\u00ednh h\u00e3ng | V\u1ea1n N\u0103ng","description":"Mua ngay M\u00c1Y \u0110O H\u1ec6 S\u1ed0 MA S\u00c1T QUALITEST MODEL Q-COF TESTER ch\u00ednh h\u00e3ng. Q-COF Tester l\u00e0 m\u00e1y \u0111o h\u1ec7 s\u1ed1 ma s\u00e1t t\u0129nh v\u00e0 \u0111\u1ed9ng theo chu\u1ea9n... Gi\u00e1 t\u1ed1t!","robots":{"index":"noindex","follow":"follow","max-snippet":"max-snippet:-1","max-image-preview":"max-image-preview:large","max-video-preview":"max-video-preview:-1"},"og_locale":"en_US","og_type":"article","og_title":"M\u00c1Y \u0110O H\u1ec6 S\u1ed0 MA S\u00c1T QUALITEST MODEL Q-COF TESTER","og_description":"Mua ngay M\u00c1Y \u0110O H\u1ec6 S\u1ed0 MA S\u00c1T QUALITEST MODEL Q-COF TESTER ch\u00ednh h\u00e3ng. Q-COF Tester l\u00e0 m\u00e1y \u0111o h\u1ec7 s\u1ed1 ma s\u00e1t t\u0129nh v\u00e0 \u0111\u1ed9ng theo chu\u1ea9n... Gi\u00e1 t\u1ed1t!","og_url":"https:\/\/vannangvn.123websitedev.com\/en\/product\/may-do-he-so-ma-sat-qualitest-model-q-cof-tester\/","og_site_name":"Vannang.vn","article_modified_time":"2026-03-30T11:30:15+00:00","og_image":[{"width":768,"height":576,"url":"http:\/\/vannangvn.123websitedev.com\/wp-content\/uploads\/2026\/03\/Q-COF-Tester-no.2-768x576-copy.jpg","type":"image\/jpeg"}],"twitter_card":"summary_large_image","twitter_misc":{"Est. reading time":"9 minutes"},"schema":{"@context":"https:\/\/schema.org","@graph":[{"@type":"WebPage","@id":"https:\/\/vannangvn.123websitedev.com\/san-pham\/may-do-he-so-ma-sat-qualitest-model-q-cof-tester\/","url":"https:\/\/vannangvn.123websitedev.com\/san-pham\/may-do-he-so-ma-sat-qualitest-model-q-cof-tester\/","name":"M\u00c1Y \u0110O H\u1ec6 S\u1ed0 MA S\u00c1T QUALITEST MODEL... ch\u00ednh h\u00e3ng | V\u1ea1n N\u0103ng","isPartOf":{"@id":"https:\/\/vannangvn.123websitedev.com\/#website"},"primaryImageOfPage":{"@id":"https:\/\/vannangvn.123websitedev.com\/san-pham\/may-do-he-so-ma-sat-qualitest-model-q-cof-tester\/#primaryimage"},"image":{"@id":"https:\/\/vannangvn.123websitedev.com\/san-pham\/may-do-he-so-ma-sat-qualitest-model-q-cof-tester\/#primaryimage"},"thumbnailUrl":"https:\/\/vannangvn.123websitedev.com\/wp-content\/uploads\/2026\/03\/Q-COF-Tester-no.2-768x576-copy.jpg","datePublished":"2026-03-20T10:38:29+00:00","dateModified":"2026-03-30T11:30:15+00:00","description":"Mua ngay M\u00c1Y \u0110O H\u1ec6 S\u1ed0 MA S\u00c1T QUALITEST MODEL Q-COF TESTER ch\u00ednh h\u00e3ng. Q-COF Tester l\u00e0 m\u00e1y \u0111o h\u1ec7 s\u1ed1 ma s\u00e1t t\u0129nh v\u00e0 \u0111\u1ed9ng theo chu\u1ea9n... Gi\u00e1 t\u1ed1t!","breadcrumb":{"@id":"https:\/\/vannangvn.123websitedev.com\/san-pham\/may-do-he-so-ma-sat-qualitest-model-q-cof-tester\/#breadcrumb"},"inLanguage":"en-US","potentialAction":[{"@type":"ReadAction","target":["https:\/\/vannangvn.123websitedev.com\/san-pham\/may-do-he-so-ma-sat-qualitest-model-q-cof-tester\/"]}]},{"@type":"ImageObject","inLanguage":"en-US","@id":"https:\/\/vannangvn.123websitedev.com\/san-pham\/may-do-he-so-ma-sat-qualitest-model-q-cof-tester\/#primaryimage","url":"https:\/\/vannangvn.123websitedev.com\/wp-content\/uploads\/2026\/03\/Q-COF-Tester-no.2-768x576-copy.jpg","contentUrl":"https:\/\/vannangvn.123websitedev.com\/wp-content\/uploads\/2026\/03\/Q-COF-Tester-no.2-768x576-copy.jpg","width":768,"height":576},{"@type":"BreadcrumbList","@id":"https:\/\/vannangvn.123websitedev.com\/san-pham\/may-do-he-so-ma-sat-qualitest-model-q-cof-tester\/#breadcrumb","itemListElement":[{"@type":"ListItem","position":1,"name":"Trang ch\u1ee7","item":"https:\/\/vannangvn.123websitedev.com\/"},{"@type":"ListItem","position":2,"name":"S\u1ea3n ph\u1ea9m","item":"https:\/\/vannangvn.123websitedev.com\/cua-hang\/"},{"@type":"ListItem","position":3,"name":"M\u00c1Y \u0110O H\u1ec6 S\u1ed0 MA S\u00c1T QUALITEST MODEL Q-COF TESTER"}]},{"@type":"WebSite","@id":"https:\/\/vannangvn.123websitedev.com\/#website","url":"https:\/\/vannangvn.123websitedev.com\/","name":"Vannang.vn","description":"","publisher":{"@id":"https:\/\/vannangvn.123websitedev.com\/#organization"},"potentialAction":[{"@type":"SearchAction","target":{"@type":"EntryPoint","urlTemplate":"https:\/\/vannangvn.123websitedev.com\/?s={search_term_string}"},"query-input":{"@type":"PropertyValueSpecification","valueRequired":true,"valueName":"search_term_string"}}],"inLanguage":"en-US"},{"@type":"Organization","@id":"https:\/\/vannangvn.123websitedev.com\/#organization","name":"Vannang.vn","url":"https:\/\/vannangvn.123websitedev.com\/","logo":{"@type":"ImageObject","inLanguage":"en-US","@id":"https:\/\/vannangvn.123websitedev.com\/#\/schema\/logo\/image\/","url":"https:\/\/vannangvn.123websitedev.com\/wp-content\/uploads\/2026\/02\/logo-van-nang-02.png","contentUrl":"https:\/\/vannangvn.123websitedev.com\/wp-content\/uploads\/2026\/02\/logo-van-nang-02.png","width":448,"height":111,"caption":"Vannang.vn"},"image":{"@id":"https:\/\/vannangvn.123websitedev.com\/#\/schema\/logo\/image\/"}}]}},"_links":{"self":[{"href":"https:\/\/vannangvn.123websitedev.com\/en\/wp-json\/wp\/v2\/product\/6868","targetHints":{"allow":["GET"]}}],"collection":[{"href":"https:\/\/vannangvn.123websitedev.com\/en\/wp-json\/wp\/v2\/product"}],"about":[{"href":"https:\/\/vannangvn.123websitedev.com\/en\/wp-json\/wp\/v2\/types\/product"}],"replies":[{"embeddable":true,"href":"https:\/\/vannangvn.123websitedev.com\/en\/wp-json\/wp\/v2\/comments?post=6868"}],"wp:featuredmedia":[{"embeddable":true,"href":"https:\/\/vannangvn.123websitedev.com\/en\/wp-json\/wp\/v2\/media\/8722"}],"wp:attachment":[{"href":"https:\/\/vannangvn.123websitedev.com\/en\/wp-json\/wp\/v2\/media?parent=6868"}],"wp:term":[{"taxonomy":"product_brand","embeddable":true,"href":"https:\/\/vannangvn.123websitedev.com\/en\/wp-json\/wp\/v2\/product_brand?post=6868"},{"taxonomy":"product_cat","embeddable":true,"href":"https:\/\/vannangvn.123websitedev.com\/en\/wp-json\/wp\/v2\/product_cat?post=6868"},{"taxonomy":"product_tag","embeddable":true,"href":"https:\/\/vannangvn.123websitedev.com\/en\/wp-json\/wp\/v2\/product_tag?post=6868"}],"curies":[{"name":"wp","href":"https:\/\/api.w.org\/{rel}","templated":true}]}}