{"id":6871,"date":"2026-03-20T17:38:33","date_gmt":"2026-03-20T10:38:33","guid":{"rendered":"https:\/\/vannangvn.123websitedev.com\/san-pham\/may-do-khi-carbon-monoxide-pce-instruments-model-gasman-co\/"},"modified":"2026-03-30T18:30:19","modified_gmt":"2026-03-30T11:30:19","slug":"may-do-khi-carbon-monoxide-pce-instruments-model-gasman-co","status":"publish","type":"product","link":"https:\/\/vannangvn.123websitedev.com\/en\/product\/may-do-khi-carbon-monoxide-pce-instruments-model-gasman-co\/","title":{"rendered":"M\u00c1Y \u0110O KH\u00cd CARBON MONOXIDE PCE INSTRUMENTS MODEL GASMAN-CO"},"content":{"rendered":"<h1 style=\"color: red; font-weight: bold; font-size: 24px;\">T&#7893;ng quan s&#7843;n ph&#7849;m M&Aacute;Y &#272;O KH&Iacute; CARBON MONOXIDE PCE INSTRUMENTS MODEL GASMAN-CO<p>M&aacute;y &#272;o Kh&iacute; Carbon Monoxide (Carbon Monoxide Meter) PCE Instruments Model Gasman-CO<br>\nM&aacute;y &#272;o Kh&iacute; Carbon Monoxide Gasman-CO l&agrave; m&#7897;t thi&#7871;t b&#7883; chuy&ecirc;n d&#7909;ng, &#273;&#7843;m b&#7843;o an to&agrave;n c&aacute; nh&acirc;n tr&#432;&#7899;c c&aacute;c lo&#7841;i kh&iacute; &#273;&#7897;c ho&#7863;c d&#7877; ch&aacute;y. V&#7899;i kh&#7843; n&#259;ng c&#7843;nh b&aacute;o m&#7841;nh m&#7869; b&#7857;ng &acirc;m thanh, t&iacute;n hi&#7879;u quang h&#7885;c v&agrave; m&agrave;n h&igrave;nh hi&#7875;n th&#7883;, M&aacute;y &#272;o Ch&#7845;t L&#432;&#7907;ng Kh&iacute; Gasman-CO kh&ocirc;ng ch&#7881; &#273;o l&#432;&#7901;ng ch&iacute;nh x&aacute;c m&agrave; c&ograve;n cung c&#7845;p t&iacute;nh n&#259;ng ghi d&#7919; li&#7879;u &#273;&#7875; ph&acirc;n t&iacute;ch sau. &#272;&acirc;y l&agrave; l&#7921;a ch&#7885;n l&yacute; t&#432;&#7903;ng cho c&aacute;c &#7913;ng d&#7909;ng trong c&ocirc;ng nghi&#7879;p, c&#7913;u h&#7887;a, v&agrave; nghi&ecirc;n c&#7913;u khoa h&#7885;c. H&atilde;y c&ugrave;ng V&#7841;n N&#259;ng t&igrave;m hi&#7875;u chi ti&#7871;t h&#417;n v&#7873; s&#7843;n ph&#7849;m th&ocirc;ng qua b&agrave;i vi&#7871;t d&#432;&#7899;i &#273;&acirc;y!<\/p><p>N&eacute;t &#272;&#7863;c Tr&#432;ng C&#7911;a Gasman-CO<br>\nC&#7843;nh b&aacute;o linh ho&#7841;t v&agrave; hi&#7879;u qu&#7843;<\/p><p>H&#7895; tr&#7907; c&agrave;i &#273;&#7863;t ng&#432;&#7905;ng c&#7843;nh b&aacute;o t&#7921; do, bao g&#7891;m c&#7843;nh b&aacute;o rung, &#273;&egrave;n LED v&agrave; &acirc;m thanh.<br>\nC&ograve;i b&aacute;o &#273;&#7897;ng to, ph&ugrave; h&#7907;p m&ocirc;i tr&#432;&#7901;ng c&oacute; ti&#7871;ng &#7891;n l&#7899;n.<\/p><p>Thi&#7871;t k&#7871; b&#7873;n b&#7881; v&agrave; an to&agrave;n<\/p><p>Ch&#7889;ng b&#7909;i v&agrave; ch&#7889;ng n&#432;&#7899;c &#273;&#7841;t chu&#7849;n IP65\/67.<br>\nV&#7887; m&aacute;y ch&#7855;c ch&#7855;n, ch&#7883;u &#273;&#432;&#7907;c m&ocirc;i tr&#432;&#7901;ng kh&#7855;c nghi&#7879;t.<br>\n&#272;&#7843;m b&#7843;o an to&agrave;n n&#7897;i b&#7897;, M&aacute;y &#272;o Kh&iacute; Gasman-CO s&#7917; d&#7909;ng &#273;&#432;&#7907;c trong c&aacute;c khu v&#7921;c c&oacute; nguy c&#417; ch&aacute;y n&#7893; (Ex-zone).<\/p><p>Hi&#7875;n th&#7883; v&agrave; hi&#7879;u ch&#7881;nh d&#7877; d&agrave;ng<\/p><p>M&agrave;n h&igrave;nh LCD c&oacute; &#273;&egrave;n n&#7873;n, hi&#7875;n th&#7883; r&otilde; r&agrave;ng trong m&#7885;i &#273;i&#7873;u ki&#7879;n &aacute;nh s&aacute;ng.<br>\nT&iacute;ch h&#7907;p ch&#7913;c n&#259;ng t&#7921; hi&#7879;u ch&#7881;nh qua b&agrave;n ph&iacute;m ph&iacute;a tr&#432;&#7899;c m&aacute;y.<\/p><p>Ghi v&agrave; ph&acirc;n t&iacute;ch d&#7919; li&#7879;u<\/p><p>T&iacute;nh n&#259;ng datalogger gi&uacute;p M&aacute;y &#272;o Gasman-CO l&#432;u tr&#7919; gi&aacute; tr&#7883; &#273;o trong kho&#7843;ng th&#7901;i gian t&#7915; 1 ph&uacute;t &#273;&#7871;n 900 gi&#7901;.<br>\nPh&#7847;n m&#7873;m t&ugrave;y ch&#7885;n h&#7895; tr&#7907; c&#7845;u h&igrave;nh, hi&#7879;u ch&#7881;nh v&agrave; xu&#7845;t d&#7919; li&#7879;u th&agrave;nh bi&#7875;u &#273;&#7891; ho&#7863;c b&#7843;ng &#273;&#7875; ph&acirc;n t&iacute;ch.<\/p><p>T&#432;&#417;ng th&iacute;ch cao<\/p><p>M&aacute;y D&ograve; Kh&iacute; GasmanCO k&#7871;t n&#7889;i v&#7899;i m&aacute;y t&iacute;nh qua c&aacute;p giao di&#7879;n.<br>\nPh&#7847;n m&#7873;m h&#7895; tr&#7907; h&#7879; &#273;i&#7873;u h&agrave;nh Windows, d&#7877; d&agrave;ng s&#7917; d&#7909;ng.<\/p><p>Ti&ecirc;u chu&#7849;n qu&#7889;c t&#7871;<\/p><p>&#272;&#432;&#7907;c ch&#7913;ng nh&#7853;n ATEX v&agrave; UL, PCE Instruments GasmanCO ph&ugrave; h&#7907;p ti&ecirc;u chu&#7849;n ch&acirc;u &Acirc;u v&agrave; qu&#7889;c t&#7871; v&#7873; an to&agrave;n ch&aacute;y n&#7893;.<br>\nH&#7895; tr&#7907; hi&#7879;u chu&#7849;n v&agrave; t&aacute;i ki&#7875;m tra &#273;&#7883;nh k&#7923; (2 n&#259;m\/l&#7847;n), M&aacute;y &#272;o L&#432;&#7901;ng Gasman-CO &#273;&#7843;m b&#7843;o &#273;&#7897; ch&iacute;nh x&aacute;c l&acirc;u d&agrave;i.<\/p><p>B&#7843;o tr&igrave; v&agrave; n&acirc;ng c&#7845;p<\/p><p>M&aacute;y Gasman-CO d&#7877; d&agrave;ng th&aacute;o l&#7855;p, v&#7879; sinh, v&agrave; hi&#7879;u ch&#7881;nh.<br>\nC&#7843;m bi&#7871;n thay th&#7871; c&oacute; s&#7861;n, &#273;&#7843;m b&#7843;o ho&#7841;t &#273;&#7897;ng li&ecirc;n t&#7909;c.<br>\nPh&#7847;n m&#7873;m t&ugrave;y ch&#7885;n gi&uacute;p c&agrave;i &#273;&#7863;t ng&#432;&#7905;ng c&#7843;nh b&aacute;o, ki&#7875;m tra d&#7919; li&#7879;u v&agrave; hi&#7879;u ch&#7881;nh thi&#7871;t b&#7883;.<\/p><p>&#7912;ng D&#7909;ng &#272;a D&#7841;ng C&#7911;a Gasman-CO<\/p><p>C&ocirc;ng nghi&#7879;p: Gi&aacute;m s&aacute;t n&#7891;ng &#273;&#7897; kh&iacute; &#273;&#7897;c trong c&aacute;c nh&agrave; m&aacute;y, x&#432;&#7903;ng s&#7843;n xu&#7845;t.<br>\nC&#7913;u h&#7887;a: S&#7917; d&#7909;ng c&#7843;m bi&#7871;n Ex &#273;&#7875; &#273;o kh&iacute; d&#7877; ch&aacute;y, h&#7895; tr&#7907; an to&agrave;n trong m&ocirc;i tr&#432;&#7901;ng nguy hi&#7875;m.<br>\nNghi&ecirc;n c&#7913;u khoa h&#7885;c: Thi&#7871;t B&#7883; Gasman-CO ph&acirc;n t&iacute;ch kh&iacute; Carbon Monoxide v&agrave; Ozone v&#7899;i c&#7843;m bi&#7871;n t&ugrave;y ch&#7885;n.<\/p><p>Nh&#7919;ng L&yacute; Do N&ecirc;n Mua M&aacute;y &#272;o Kh&iacute; Carbon Monoxide T&#7841;i Thi&#7871;t B&#7883; C&ocirc;ng Ngh&#7879; V&#7841;n N&#259;ng<\/p><p>C&ocirc;ng ty Thi&#7871;t B&#7883; C&ocirc;ng Ngh&#7879; V&#7841;n N&#259;ng l&agrave; &#273;&#7889;i t&aacute;c ch&iacute;nh th&#7913;c ph&acirc;n ph&#7889;i M&aacute;y &#272;o Kh&iacute; Carbon Monoxide h&agrave;ng &#273;&#7847;u t&#7841;i Vi&#7879;t Nam, cam k&#7871;t cung c&#7845;p s&#7843;n ph&#7849;m ch&iacute;nh h&atilde;ng v&#7899;i gi&aacute; c&#7843; c&#7841;nh tranh nh&#7845;t th&#7883; tr&#432;&#7901;ng. V&#7899;i uy t&iacute;n tr&ecirc;n th&#7883; tr&#432;&#7901;ng v&agrave; ch&#7871; &#273;&#7897; h&#7851;u m&atilde;i t&#7889;t, Thi&#7871;t B&#7883; C&ocirc;ng Ngh&#7879; V&#7841;n N&#259;ng &#273;&atilde; nh&#7853;n &#273;&#432;&#7907;c s&#7921; tin t&#432;&#7903;ng t&#7915; kh&aacute;ch h&agrave;ng nh&#7901; v&agrave;o ch&#7845;t l&#432;&#7907;ng h&agrave;ng &#273;&#7847;u c&#7911;a c&aacute;c d&ograve;ng s&#7843;n ph&#7849;m.<br>\nS&#7843;n ph&#7849;m c&#7911;a ch&uacute;ng t&ocirc;i &#273;&#432;&#7907;c ki&#7875;m &#273;&#7883;nh ch&#7845;t l&#432;&#7907;ng, nh&#7853;p kh&#7849;u tr&#7921;c ti&#7871;p t&#7915; nh&agrave; m&aacute;y b&ecirc;n Ch&acirc;u &Acirc;u, M&#7929;, &Uacute;c, Nh&#7853;t B&#7843;n,&hellip; v&agrave; &#273;&aacute;p &#7913;ng nhu c&#7847;u &#273;a d&#7841;ng c&#7911;a th&#7883; tr&#432;&#7901;ng nh&#432;: M&aacute;y &#272;o &#272;&#7897; C&#7913;ng, M&aacute;y SPECTROMAXx, M&aacute;y Ki&#7875;m Tra &#272;&#432;&#7901;ng Gh&eacute;p M&iacute; Lon,&hellip; Ch&uacute;ng t&ocirc;i cam k&#7871;t cung c&#7845;p s&#7843;n ph&#7849;m n&agrave;y tr&ecirc;n to&agrave;n qu&#7889;c v&#7899;i gi&aacute; c&#7843; c&#7841;nh tranh nh&#7845;t.<br>\nCh&uacute;ng t&ocirc;i c&oacute; &#273;&#7897;i ng&#361; chuy&ecirc;n vi&ecirc;n t&#432; v&#7845;n chuy&ecirc;n s&acirc;u s&#7869; h&#7895; tr&#7907; kh&aacute;ch h&agrave;ng v&#7873; chi ti&#7871;t s&#7843;n ph&#7849;m, h&#432;&#7899;ng d&#7851;n s&#7917; d&#7909;ng hay nh&#7919;ng th&#7913; li&ecirc;n quan &#273;&#7871;n v&#7845;n &#273;&#7873; m&agrave; doanh nghi&#7879;p b&#7841;n &#273;ang g&#7863;p ph&#7843;i. Ch&uacute;ng t&ocirc;i s&#7869; cung c&#7845;p nh&#7919;ng gi&#7843;i ph&aacute;p t&#7889;i &#432;u nh&#7845;t!<br>\nNgo&agrave;i ra Thi&#7871;t B&#7883; C&ocirc;ng Ngh&#7879; V&#7841;n N&#259;ng Ch&uacute;ng T&ocirc;i lu&ocirc;n h&#432;&#7899;ng &#273;&#7871;n tr&#7843;i nghi&#7879;m kh&aacute;ch h&agrave;ng, v&igrave; v&#7853;y ch&uacute;ng t&ocirc;i c&oacute; nh&#7919;ng ch&iacute;nh s&aacute;ch b&#7843;o h&agrave;nh, b&#7843;o tr&igrave; &ndash; b&#7843;o d&#432;&#7905;ng, hi&#7879;u chu&#7849;n v&#7899;i t&#7845;t c&#7843; c&aacute;c thi&#7871;t b&#7883;, m&aacute;y m&oacute;c m&agrave; ch&uacute;ng t&ocirc;i cung c&#7845;p. &#272;&#7843;m b&#7843;o mang &#273;&#7871;n cho Kh&aacute;ch h&agrave;ng s&#7921; y&ecirc;n t&acirc;m tuy&#7879;t &#273;&#7889;i v&#7873; d&#7883;ch v&#7909; khi mua h&agrave;ng.<\/p><p>T&#7893;ng K&#7871;t<br>\nM&aacute;y &#272;o Gasman-CO l&agrave; l&#7921;a ch&#7885;n t&#7889;i &#432;u cho c&aacute;c nhu c&#7847;u gi&aacute;m s&aacute;t kh&iacute; &#273;&#7897;c v&agrave; d&#7877; ch&aacute;y. V&#7899;i thi&#7871;t k&#7871; b&#7873;n b&#7881;, t&iacute;nh n&#259;ng &#273;a d&#7841;ng, v&agrave; ti&ecirc;u chu&#7849;n an to&agrave;n qu&#7889;c t&#7871;, GasmanCO kh&ocirc;ng ch&#7881; mang l&#7841;i s&#7921; an t&acirc;m m&agrave; c&ograve;n n&acirc;ng cao hi&#7879;u qu&#7843; l&agrave;m vi&#7879;c trong m&ocirc;i tr&#432;&#7901;ng nguy hi&#7875;m. H&atilde;y li&ecirc;n h&#7879; ngay v&#7899;i V&#7841;n N&#259;ng Company &#273;&#7875; &#273;&#432;&#7907;c t&#432; v&#7845;n chi ti&#7871;t v&agrave; nh&#7853;n ngay nh&#7919;ng &#432;u &#273;&atilde;i h&#7845;p d&#7851;n th&ocirc;ng qua hotline\/zalo: <a href=\"https:\/\/zalo.me\/0903991335\" target=\"_blank\" rel=\"noopener\" style=\"color: #059669; font-weight: bold; text-decoration: none;\">0903 991 335<\/a> !<\/p><div style=\"background-color: #f8fafc; border: 1px solid #e2e8f0; border-radius: 8px; padding: 25px; max-width: 800px; margin: 30px auto; color: #334155; line-height: 1.8; font-size: 17px; box-shadow: 0 4px 6px -1px rgba(0,0,0,0.05); text-align: left; clear: both;\">\nC&ocirc;ng ty TNHH Th&#432;&#417;ng M&#7841;i D&#7883;ch V&#7909; Thi&#7871;t B&#7883; C&ocirc;ng Ngh&#7879; V&#7841;n N&#259;ng\n<p style=\"margin: 0 0 10px 0;\">&#128205; <strong style=\"color: #1e293b;\">&#272;&#7883;a ch&#7881;:<\/strong> <a style=\"color: #059669; text-decoration: none; font-weight: bold;\" href=\"https:\/\/www.google.com\/maps\/search\/C%C3%B4ng+ty+TNHH+Th%C6%B0%C6%A1ng+M%E1%BA%A1i+D%E1%BB%8Bch+V%E1%BB%A5+Thi%E1%BA%BFt+B%E1%BB%8B+C%C3%B4ng+Ngh%E1%BB%87+V%E1%BA%A1n+N%C4%83ng+818+Tr%C6%B0%E1%BB%9Dng+Chinh\" target=\"_blank\" rel=\"noopener\">818 Tr&#432;&#7901;ng Chinh, Ph&#432;&#7901;ng T&acirc;n S&#417;n, Th&agrave;nh ph&#7889; H&#7891; Ch&iacute; Minh, Vi&#7879;t Nam<\/a><\/p>\n<p style=\"margin: 0 0 10px 0;\">&#128222; <strong style=\"color: #1e293b;\">S&#272;T &ndash; Zalo:<\/strong> <a style=\"color: #059669; text-decoration: none; font-weight: bold;\" href=\"https:\/\/zalo.me\/0903991335\" target=\"_blank\" rel=\"noopener\">0903 991 335<\/a> <span style=\"color: #64748b; font-style: italic;\">(Ms. H&#7841;nh &ndash; Gi&aacute;m &#272;&#7889;c Kinh Doanh)<\/span><\/p>\n<p style=\"margin: 0;\">&#9993;&#65039; <strong style=\"color: #1e293b;\">Email:<\/strong> <a style=\"color: #059669; text-decoration: none; font-weight: bold;\" href=\"mailto:hienhanh@vannangvn.com\">hienhanh@vannangvn.com<\/a><\/p>\n<\/div><\/h1>","protected":false},"excerpt":{"rendered":"<p><strong>Th&#432;&#417;ng hi&#7879;u:<\/strong> M&aacute;y &#272;o Kh&iacute; Carbon Monoxide Gasman-CO l&agrave; m&#7897;t thi&#7871;t b&#7883; chuy&ecirc;n d&#7909;ng, &#273;&#7843;m b&#7843;o an to&agrave;n c&aacute; nh&acirc;n tr&#432;&#7899;c c&aacute;c lo&#7841;i kh&iacute; &#273;&#7897;c ho&#7863;c d&#7877; ch&aacute;y.<br>\n<strong>Model:<\/strong> Gasman-CO<p>Product <strong>M&Aacute;Y &#272;O KH&Iacute; CARBON MONOXIDE PCE INSTRUMENTS MODEL GASMAN-CO<\/strong> ch&iacute;nh h&atilde;ng. M&aacute;y &#272;o Kh&iacute; Carbon Monoxide Gasman-CO l&agrave; m&#7897;t thi&#7871;t b&#7883; chuy&ecirc;n d&#7909;ng, &#273;&#7843;m b&#7843;o an to&agrave;n c&aacute; nh&acirc;n tr&#432;&#7899;c c&aacute;c lo&#7841;i kh&iacute; &#273;&#7897;c ho&#7863;c d&#7877; ch&aacute;y.<\/p><\/p>","protected":false},"featured_media":9613,"comment_status":"open","ping_status":"closed","template":"","meta":[],"product_brand":[],"product_cat":[18],"product_tag":[1984,109,116,181,346,361,581,1169,1983],"class_list":{"0":"post-6871","1":"product","2":"type-product","3":"status-publish","4":"has-post-thumbnail","6":"product_cat-chua-phan-loai","7":"product_tag-gasman-co","8":"product_tag-may","9":"product_tag-model","10":"product_tag-do","11":"product_tag-pce","12":"product_tag-khi","13":"product_tag-instruments","14":"product_tag-carbon","15":"product_tag-monoxide","17":"first","18":"instock","19":"shipping-taxable","20":"product-type-simple"},"yoast_head":"<!-- This site is optimized with the Yoast SEO Premium plugin v24.8 (Yoast SEO v24.8) - https:\/\/yoast.com\/wordpress\/plugins\/seo\/ -->\n<title>M\u00c1Y \u0110O KH\u00cd CARBON MONOXIDE PCE INST... ch\u00ednh h\u00e3ng | V\u1ea1n N\u0103ng<\/title>\n<meta name=\"description\" content=\"Mua ngay M\u00c1Y \u0110O KH\u00cd CARBON MONOXIDE PCE INSTRUMENTS MODEL GASMAN-CO ch\u00ednh h\u00e3ng. Gi\u00e1 t\u1ed1t!\" \/>\n<meta name=\"robots\" content=\"noindex, follow, max-snippet:-1, max-image-preview:large, max-video-preview:-1\" \/>\n<meta property=\"og:locale\" content=\"en_US\" \/>\n<meta property=\"og:type\" content=\"article\" \/>\n<meta property=\"og:title\" content=\"M\u00c1Y \u0110O KH\u00cd CARBON MONOXIDE PCE INSTRUMENTS MODEL GASMAN-CO\" \/>\n<meta property=\"og:description\" content=\"Mua ngay M\u00c1Y \u0110O KH\u00cd CARBON MONOXIDE PCE INSTRUMENTS MODEL GASMAN-CO ch\u00ednh h\u00e3ng. Gi\u00e1 t\u1ed1t!\" \/>\n<meta property=\"og:url\" content=\"https:\/\/vannangvn.123websitedev.com\/en\/product\/may-do-khi-carbon-monoxide-pce-instruments-model-gasman-co\/\" \/>\n<meta property=\"og:site_name\" content=\"Vannang.vn\" \/>\n<meta property=\"article:modified_time\" content=\"2026-03-30T11:30:19+00:00\" \/>\n<meta property=\"og:image\" content=\"http:\/\/vannangvn.123websitedev.com\/wp-content\/uploads\/2026\/03\/GASMA-CO-NO.1-copy.jpg\" \/>\n\t<meta property=\"og:image:width\" content=\"768\" \/>\n\t<meta property=\"og:image:height\" content=\"576\" \/>\n\t<meta property=\"og:image:type\" content=\"image\/jpeg\" \/>\n<meta name=\"twitter:card\" content=\"summary_large_image\" \/>\n<meta name=\"twitter:label1\" content=\"Est. reading time\" \/>\n\t<meta name=\"twitter:data1\" content=\"7 minutes\" \/>\n<script type=\"application\/ld+json\" class=\"yoast-schema-graph\">{\"@context\":\"https:\/\/schema.org\",\"@graph\":[{\"@type\":\"WebPage\",\"@id\":\"https:\/\/vannangvn.123websitedev.com\/san-pham\/may-do-khi-carbon-monoxide-pce-instruments-model-gasman-co\/\",\"url\":\"https:\/\/vannangvn.123websitedev.com\/san-pham\/may-do-khi-carbon-monoxide-pce-instruments-model-gasman-co\/\",\"name\":\"M\u00c1Y \u0110O KH\u00cd CARBON MONOXIDE PCE INST... ch\u00ednh h\u00e3ng | V\u1ea1n N\u0103ng\",\"isPartOf\":{\"@id\":\"https:\/\/vannangvn.123websitedev.com\/#website\"},\"primaryImageOfPage\":{\"@id\":\"https:\/\/vannangvn.123websitedev.com\/san-pham\/may-do-khi-carbon-monoxide-pce-instruments-model-gasman-co\/#primaryimage\"},\"image\":{\"@id\":\"https:\/\/vannangvn.123websitedev.com\/san-pham\/may-do-khi-carbon-monoxide-pce-instruments-model-gasman-co\/#primaryimage\"},\"thumbnailUrl\":\"https:\/\/vannangvn.123websitedev.com\/wp-content\/uploads\/2026\/03\/GASMA-CO-NO.1-copy.jpg\",\"datePublished\":\"2026-03-20T10:38:33+00:00\",\"dateModified\":\"2026-03-30T11:30:19+00:00\",\"description\":\"Mua ngay M\u00c1Y \u0110O KH\u00cd CARBON MONOXIDE PCE INSTRUMENTS MODEL GASMAN-CO ch\u00ednh h\u00e3ng. Gi\u00e1 t\u1ed1t!\",\"breadcrumb\":{\"@id\":\"https:\/\/vannangvn.123websitedev.com\/san-pham\/may-do-khi-carbon-monoxide-pce-instruments-model-gasman-co\/#breadcrumb\"},\"inLanguage\":\"en-US\",\"potentialAction\":[{\"@type\":\"ReadAction\",\"target\":[\"https:\/\/vannangvn.123websitedev.com\/san-pham\/may-do-khi-carbon-monoxide-pce-instruments-model-gasman-co\/\"]}]},{\"@type\":\"ImageObject\",\"inLanguage\":\"en-US\",\"@id\":\"https:\/\/vannangvn.123websitedev.com\/san-pham\/may-do-khi-carbon-monoxide-pce-instruments-model-gasman-co\/#primaryimage\",\"url\":\"https:\/\/vannangvn.123websitedev.com\/wp-content\/uploads\/2026\/03\/GASMA-CO-NO.1-copy.jpg\",\"contentUrl\":\"https:\/\/vannangvn.123websitedev.com\/wp-content\/uploads\/2026\/03\/GASMA-CO-NO.1-copy.jpg\",\"width\":768,\"height\":576},{\"@type\":\"BreadcrumbList\",\"@id\":\"https:\/\/vannangvn.123websitedev.com\/san-pham\/may-do-khi-carbon-monoxide-pce-instruments-model-gasman-co\/#breadcrumb\",\"itemListElement\":[{\"@type\":\"ListItem\",\"position\":1,\"name\":\"Trang ch\u1ee7\",\"item\":\"https:\/\/vannangvn.123websitedev.com\/\"},{\"@type\":\"ListItem\",\"position\":2,\"name\":\"S\u1ea3n ph\u1ea9m\",\"item\":\"https:\/\/vannangvn.123websitedev.com\/cua-hang\/\"},{\"@type\":\"ListItem\",\"position\":3,\"name\":\"M\u00c1Y \u0110O KH\u00cd CARBON MONOXIDE PCE INSTRUMENTS MODEL GASMAN-CO\"}]},{\"@type\":\"WebSite\",\"@id\":\"https:\/\/vannangvn.123websitedev.com\/#website\",\"url\":\"https:\/\/vannangvn.123websitedev.com\/\",\"name\":\"Vannang.vn\",\"description\":\"\",\"publisher\":{\"@id\":\"https:\/\/vannangvn.123websitedev.com\/#organization\"},\"potentialAction\":[{\"@type\":\"SearchAction\",\"target\":{\"@type\":\"EntryPoint\",\"urlTemplate\":\"https:\/\/vannangvn.123websitedev.com\/?s={search_term_string}\"},\"query-input\":{\"@type\":\"PropertyValueSpecification\",\"valueRequired\":true,\"valueName\":\"search_term_string\"}}],\"inLanguage\":\"en-US\"},{\"@type\":\"Organization\",\"@id\":\"https:\/\/vannangvn.123websitedev.com\/#organization\",\"name\":\"Vannang.vn\",\"url\":\"https:\/\/vannangvn.123websitedev.com\/\",\"logo\":{\"@type\":\"ImageObject\",\"inLanguage\":\"en-US\",\"@id\":\"https:\/\/vannangvn.123websitedev.com\/#\/schema\/logo\/image\/\",\"url\":\"https:\/\/vannangvn.123websitedev.com\/wp-content\/uploads\/2026\/02\/logo-van-nang-02.png\",\"contentUrl\":\"https:\/\/vannangvn.123websitedev.com\/wp-content\/uploads\/2026\/02\/logo-van-nang-02.png\",\"width\":448,\"height\":111,\"caption\":\"Vannang.vn\"},\"image\":{\"@id\":\"https:\/\/vannangvn.123websitedev.com\/#\/schema\/logo\/image\/\"}}]}<\/script>\n<!-- \/ Yoast SEO Premium plugin. -->","yoast_head_json":{"title":"M\u00c1Y \u0110O KH\u00cd CARBON MONOXIDE PCE INST... ch\u00ednh h\u00e3ng | V\u1ea1n N\u0103ng","description":"Mua ngay M\u00c1Y \u0110O KH\u00cd CARBON MONOXIDE PCE INSTRUMENTS MODEL GASMAN-CO ch\u00ednh h\u00e3ng. Gi\u00e1 t\u1ed1t!","robots":{"index":"noindex","follow":"follow","max-snippet":"max-snippet:-1","max-image-preview":"max-image-preview:large","max-video-preview":"max-video-preview:-1"},"og_locale":"en_US","og_type":"article","og_title":"M\u00c1Y \u0110O KH\u00cd CARBON MONOXIDE PCE INSTRUMENTS MODEL GASMAN-CO","og_description":"Mua ngay M\u00c1Y \u0110O KH\u00cd CARBON MONOXIDE PCE INSTRUMENTS MODEL GASMAN-CO ch\u00ednh h\u00e3ng. Gi\u00e1 t\u1ed1t!","og_url":"https:\/\/vannangvn.123websitedev.com\/en\/product\/may-do-khi-carbon-monoxide-pce-instruments-model-gasman-co\/","og_site_name":"Vannang.vn","article_modified_time":"2026-03-30T11:30:19+00:00","og_image":[{"width":768,"height":576,"url":"http:\/\/vannangvn.123websitedev.com\/wp-content\/uploads\/2026\/03\/GASMA-CO-NO.1-copy.jpg","type":"image\/jpeg"}],"twitter_card":"summary_large_image","twitter_misc":{"Est. reading time":"7 minutes"},"schema":{"@context":"https:\/\/schema.org","@graph":[{"@type":"WebPage","@id":"https:\/\/vannangvn.123websitedev.com\/san-pham\/may-do-khi-carbon-monoxide-pce-instruments-model-gasman-co\/","url":"https:\/\/vannangvn.123websitedev.com\/san-pham\/may-do-khi-carbon-monoxide-pce-instruments-model-gasman-co\/","name":"M\u00c1Y \u0110O KH\u00cd CARBON MONOXIDE PCE INST... ch\u00ednh h\u00e3ng | V\u1ea1n N\u0103ng","isPartOf":{"@id":"https:\/\/vannangvn.123websitedev.com\/#website"},"primaryImageOfPage":{"@id":"https:\/\/vannangvn.123websitedev.com\/san-pham\/may-do-khi-carbon-monoxide-pce-instruments-model-gasman-co\/#primaryimage"},"image":{"@id":"https:\/\/vannangvn.123websitedev.com\/san-pham\/may-do-khi-carbon-monoxide-pce-instruments-model-gasman-co\/#primaryimage"},"thumbnailUrl":"https:\/\/vannangvn.123websitedev.com\/wp-content\/uploads\/2026\/03\/GASMA-CO-NO.1-copy.jpg","datePublished":"2026-03-20T10:38:33+00:00","dateModified":"2026-03-30T11:30:19+00:00","description":"Mua ngay M\u00c1Y \u0110O KH\u00cd CARBON MONOXIDE PCE INSTRUMENTS MODEL GASMAN-CO ch\u00ednh h\u00e3ng. Gi\u00e1 t\u1ed1t!","breadcrumb":{"@id":"https:\/\/vannangvn.123websitedev.com\/san-pham\/may-do-khi-carbon-monoxide-pce-instruments-model-gasman-co\/#breadcrumb"},"inLanguage":"en-US","potentialAction":[{"@type":"ReadAction","target":["https:\/\/vannangvn.123websitedev.com\/san-pham\/may-do-khi-carbon-monoxide-pce-instruments-model-gasman-co\/"]}]},{"@type":"ImageObject","inLanguage":"en-US","@id":"https:\/\/vannangvn.123websitedev.com\/san-pham\/may-do-khi-carbon-monoxide-pce-instruments-model-gasman-co\/#primaryimage","url":"https:\/\/vannangvn.123websitedev.com\/wp-content\/uploads\/2026\/03\/GASMA-CO-NO.1-copy.jpg","contentUrl":"https:\/\/vannangvn.123websitedev.com\/wp-content\/uploads\/2026\/03\/GASMA-CO-NO.1-copy.jpg","width":768,"height":576},{"@type":"BreadcrumbList","@id":"https:\/\/vannangvn.123websitedev.com\/san-pham\/may-do-khi-carbon-monoxide-pce-instruments-model-gasman-co\/#breadcrumb","itemListElement":[{"@type":"ListItem","position":1,"name":"Trang ch\u1ee7","item":"https:\/\/vannangvn.123websitedev.com\/"},{"@type":"ListItem","position":2,"name":"S\u1ea3n ph\u1ea9m","item":"https:\/\/vannangvn.123websitedev.com\/cua-hang\/"},{"@type":"ListItem","position":3,"name":"M\u00c1Y \u0110O KH\u00cd CARBON MONOXIDE PCE INSTRUMENTS MODEL GASMAN-CO"}]},{"@type":"WebSite","@id":"https:\/\/vannangvn.123websitedev.com\/#website","url":"https:\/\/vannangvn.123websitedev.com\/","name":"Vannang.vn","description":"","publisher":{"@id":"https:\/\/vannangvn.123websitedev.com\/#organization"},"potentialAction":[{"@type":"SearchAction","target":{"@type":"EntryPoint","urlTemplate":"https:\/\/vannangvn.123websitedev.com\/?s={search_term_string}"},"query-input":{"@type":"PropertyValueSpecification","valueRequired":true,"valueName":"search_term_string"}}],"inLanguage":"en-US"},{"@type":"Organization","@id":"https:\/\/vannangvn.123websitedev.com\/#organization","name":"Vannang.vn","url":"https:\/\/vannangvn.123websitedev.com\/","logo":{"@type":"ImageObject","inLanguage":"en-US","@id":"https:\/\/vannangvn.123websitedev.com\/#\/schema\/logo\/image\/","url":"https:\/\/vannangvn.123websitedev.com\/wp-content\/uploads\/2026\/02\/logo-van-nang-02.png","contentUrl":"https:\/\/vannangvn.123websitedev.com\/wp-content\/uploads\/2026\/02\/logo-van-nang-02.png","width":448,"height":111,"caption":"Vannang.vn"},"image":{"@id":"https:\/\/vannangvn.123websitedev.com\/#\/schema\/logo\/image\/"}}]}},"_links":{"self":[{"href":"https:\/\/vannangvn.123websitedev.com\/en\/wp-json\/wp\/v2\/product\/6871","targetHints":{"allow":["GET"]}}],"collection":[{"href":"https:\/\/vannangvn.123websitedev.com\/en\/wp-json\/wp\/v2\/product"}],"about":[{"href":"https:\/\/vannangvn.123websitedev.com\/en\/wp-json\/wp\/v2\/types\/product"}],"replies":[{"embeddable":true,"href":"https:\/\/vannangvn.123websitedev.com\/en\/wp-json\/wp\/v2\/comments?post=6871"}],"wp:featuredmedia":[{"embeddable":true,"href":"https:\/\/vannangvn.123websitedev.com\/en\/wp-json\/wp\/v2\/media\/9613"}],"wp:attachment":[{"href":"https:\/\/vannangvn.123websitedev.com\/en\/wp-json\/wp\/v2\/media?parent=6871"}],"wp:term":[{"taxonomy":"product_brand","embeddable":true,"href":"https:\/\/vannangvn.123websitedev.com\/en\/wp-json\/wp\/v2\/product_brand?post=6871"},{"taxonomy":"product_cat","embeddable":true,"href":"https:\/\/vannangvn.123websitedev.com\/en\/wp-json\/wp\/v2\/product_cat?post=6871"},{"taxonomy":"product_tag","embeddable":true,"href":"https:\/\/vannangvn.123websitedev.com\/en\/wp-json\/wp\/v2\/product_tag?post=6871"}],"curies":[{"name":"wp","href":"https:\/\/api.w.org\/{rel}","templated":true}]}}