{"id":6883,"date":"2026-03-20T17:38:53","date_gmt":"2026-03-20T10:38:53","guid":{"rendered":"https:\/\/vannangvn.123websitedev.com\/san-pham\/may-do-khuc-xa-anton-paar-model-abbemat-performance-300\/"},"modified":"2026-03-30T18:30:39","modified_gmt":"2026-03-30T11:30:39","slug":"may-do-khuc-xa-anton-paar-model-abbemat-performance-300","status":"publish","type":"product","link":"https:\/\/vannangvn.123websitedev.com\/en\/product\/may-do-khuc-xa-anton-paar-model-abbemat-performance-300\/","title":{"rendered":"M\u00c1Y \u0110O KH\u00daC X\u1ea0 ANTON PAAR MODEL ABBEMAT PERFORMANCE 300"},"content":{"rendered":"<h1 style=\"color: red; font-weight: bold; font-size: 24px;\">T&#7893;ng quan s&#7843;n ph&#7849;m M&Aacute;Y &#272;O KH&Uacute;C X&#7840; ANTON PAAR MODEL ABBEMAT PERFORMANCE 300<p>M&aacute;y &#272;o Ch&#7881; S&#7889; Kh&uacute;c X&#7841; (Digital Performance Refractometer) Anton Paar Abbemat Performance 300<br>\nTrong xu th&#7871; c&ocirc;ng nghi&#7879;p ng&agrave;y nay, vi&#7879;c &#273;&#7843;m b&#7843;o ch&#7845;t l&#432;&#7907;ng s&#7843;n ph&#7849;m l&agrave; m&#7897;t y&#7871;u t&#7889; quan tr&#7885;ng v&agrave; kh&ocirc;ng th&#7875; ph&#7911; nh&#7853;n. &#272;&#7875; l&agrave;m t&#7889;t &#273;i&#7873;u n&agrave;y m&#7897;t c&aacute;ch hi&#7879;u qu&#7843; v&agrave; ch&iacute;nh x&aacute;c, c&aacute;c doanh nghi&#7879;p c&#7847;n &#273;&#7871;n m&#7897;t c&ocirc;ng c&#7909; &#273;o l&#432;&#7901;ng &#273;&aacute;ng tin c&#7853;y v&agrave; ti&ecirc;n ti&#7871;n. Abbemat Performance 300 &#273;&#7871;n t&#7915; th&#432;&#417;ng hi&#7879;u n&#7893;i ti&#7871;ng Ch&acirc;u &Acirc;u &ndash; Anton Paar l&agrave; s&#7921; l&#7921;a ch&#7885;n h&agrave;ng &#273;&#7847;u cho c&aacute;c doanh nghi&#7879;p mu&#7889;n th&#7921;c hi&#7879;n c&aacute;c bi&#7879;n ph&aacute;p ki&#7875;m so&aacute;t ch&#7845;t l&#432;&#7907;ng m&#7897;t c&aacute;ch ch&iacute;nh x&aacute;c v&agrave; &#273;&aacute;ng tin c&#7853;y.<br>\nM&#7897;t gi&#7843;i ph&aacute;p l&yacute; t&#432;&#7903;ng cho vi&#7879;c ph&acirc;n t&iacute;ch th&#432;&#7901;ng xuy&ecirc;n v&agrave; ki&#7875;m so&aacute;t ch&#7845;t l&#432;&#7907;ng, c&ugrave;ng v&#7899;i m&agrave;n h&igrave;nh hi&#7875;n th&#7883; r&otilde; r&agrave;ng pass\/fail k&#7871;t qu&#7843; ph&acirc;n t&iacute;ch s&#7889; l&#432;&#7907;ng l&#7899;n m&#7851;u trong th&#7901;i gian ng&#7855;n. H&atilde;y c&ugrave;ng Thi&#7871;t B&#7883; C&ocirc;ng Ngh&#7879; V&#7841;n N&#259;ng Company t&igrave;m hi&#7875;u chi ti&#7871;t h&#417;n v&#7873; s&#7843;n ph&#7849;m th&ocirc;ng qua b&agrave;i vi&#7871;t d&#432;&#7899;i &#273;&acirc;y nh&eacute;.<\/p><p>Xem Th&ecirc;m:<\/p><p>&#272;&#7863;c Tr&#432;ng c&#7911;a Abbemat Performance 300<br>\n&#272;&#7841;t &#272;&#7897; Ch&iacute;nh X&aacute;c H&#417;n Bao Gi&#7901; H&#7871;t<br>\nV&#7899;i m&#7913;c &#273;&#7897; ch&iacute;nh x&aacute;c kh&ocirc;ng th&#7875; ph&#7911; nh&#7853;n v&#7899;i &#273;&#7897; l&#7879;ch ch&#7881; &plusmn;0.0001 nD, M&aacute;y &#272;o Ch&#7881; S&#7889; Kh&uacute;c X&#7841; Abbemat Performance 300 kh&ocirc;ng ch&#7881; &#273;o l&#432;&#7901;ng ch&#7881; s&#7889; kh&uacute;c x&#7841; m&#7897;t c&aacute;ch ch&iacute;nh x&aacute;c m&agrave; c&ograve;n ki&#7875;m tra &#273;&#432;&#7907;c n&#7891;ng &#273;&#7897; ch&iacute;nh x&aacute;c cho c&aacute;c dung d&#7883;ch nh&#432; axit hay baz&#417; m&agrave; kh&ocirc;ng ph&aacute; h&#7911;y m&#7851;u.V&#7899;i t&iacute;nh n&#259;ng v&#432;&#7907;t tr&#7897;i v&#7873; &#273;o l&#432;&#7901;ng, m&aacute;y r&#7845;t ph&ugrave; h&#7907;p cho c&aacute;c ng&agrave;nh c&ocirc;ng nghi&#7879;p nh&#432; d&#432;&#7907;c ph&#7849;m, th&#7921;c ph&#7849;m v&agrave; h&oacute;a ch&#7845;t.<\/p><p>T&iacute;nh T&#432;&#417;ng Th&iacute;ch V&agrave; K&#7871;t N&#7889;i<br>\nPerformance 300 kh&ocirc;ng ch&#7881; l&agrave; m&#7897;t m&aacute;y &#273;o ch&#7881; s&#7889; kh&uacute;c x&#7841; &#273;&#417;n l&#7867; m&agrave; c&ograve;n l&agrave; m&#7897;t ph&#7847;n c&#7911;a m&#7897;t h&#7879; th&#7889;ng r&#7897;ng l&#7899;n. V&#7899;i kh&#7843; n&#259;ng k&#7871;t n&#7889;i c&ugrave;ng v&#7899;i c&aacute;c thi&#7871;t b&#7883; kh&aacute;c c&#7911;a Anton Paar h&#7895; tr&#7907; ng&#432;&#7901;i d&ugrave;ng th&#7921;c hi&#7879;n h&#417;n ph&#432;&#417;ng ph&aacute;p &#273;o &#273;a tham s&#7889; m&#7897;t c&aacute;ch d&#7877; d&agrave;ng v&agrave; hi&#7879;u qu&#7843;. &#272;i&#7873;u n&agrave;y gi&uacute;p t&#7889;i &#432;u h&oacute;a quy tr&igrave;nh l&agrave;m vi&#7879;c v&agrave; t&#259;ng c&#432;&#7901;ng n&#259;ng su&#7845;t.<\/p><p>Ch&#7913;ng Nh&#7853;n V&agrave; Ti&ecirc;u Chu&#7849;n<br>\nKh&ocirc;ng ch&#7881; &#273;&aacute;p &#7913;ng c&aacute;c ti&ecirc;u chu&#7849;n c&ocirc;ng nghi&#7879;p, M&aacute;y &#272;o Ch&#7881; S&#7889; Kh&uacute;c X&#7841; Abbemat c&ograve;n tu&acirc;n th&#7911; c&aacute;c y&ecirc;u c&#7847;u nghi&ecirc;m ng&#7863;t c&#7911;a ng&agrave;nh d&#432;&#7907;c ph&#7849;m b&#7857;ng c&aacute;ch cung c&#7845;p ph&#7847;n m&#7873;m h&#7895; tr&#7907; &#273;&#7847;y &#273;&#7911; c&aacute;c y&ecirc;u c&#7847;u GMP, 21 CFR Part 11 v&agrave; nhi&#7873;u ti&ecirc;u chu&#7849;n qu&#7889;c t&#7871; kh&aacute;c. &#272;em &#273;&#7871;n s&#7921; y&ecirc;n t&acirc;m v&#7873; ch&#7845;t l&#432;&#7907;ng v&agrave; &#273;&#7897; tin c&#7853;y c&#7911;a k&#7871;t qu&#7843; tr&#7843; v&#7873; m&#7895;i l&#7847;n &#273;o.<br>\nThi&#7871;t K&#7871; B&#7873;n V&#7919;ng<br>\nThi&#7871;t k&#7871; kh&ocirc;ng c&oacute; b&#7897; ph&#7853;n chuy&#7875;n &#273;&#7897;ng gi&uacute;p M&aacute;y &#272;o Ch&#7881; S&#7889; Kh&uacute;c X&#7841; tr&#7903; n&ecirc;n b&#7873;n b&#7881; v&agrave; &iacute;t h&#7887;ng h&oacute;c h&#417;n so v&#7899;i c&aacute;c m&aacute;y &#273;o kh&aacute;c. &#272;i&#7873;u n&agrave;y &#273;em &#273;&#7871;n s&#7921; kh&aacute;c bi&#7879;t v&#432;&#7907;t tr&#7897;i so v&#7899;i nh&#7919;ng m&aacute;y c&ugrave;ng ph&acirc;n kh&uacute;c. &#272;&egrave;n LED v&#7899;i tu&#7893;i th&#7885; l&ecirc;n &#273;&#7871;n 100,000 gi&#7901; v&agrave; m&#7863;t ph&acirc;n t&iacute;ch g&#7847;n nh&#432; c&#7913;ng nh&#432; kim c&#432;&#417;ng &#273;&#7843;m b&#7843;o r&#7857;ng b&#7841;n s&#7869; c&oacute; m&#7897;t c&ocirc;ng c&#7909; &#273;o l&#432;&#7901;ng &#273;&aacute;ng tin c&#7853;y v&agrave; b&#7873;n b&#7881; trong nhi&#7873;u n&#259;m t&#7899;i.<\/p><p>Xem Th&ecirc;m<\/p><p>&#272;o L&#432;&#7901;ng &#272;a D&#7841;ng M&#7851;u<br>\nThi&#7871;t b&#7883; &#273;o kh&uacute;c x&#7841; Abbemat Performance 300 c&oacute; th&#7875; &#273;o c&aacute;c m&#7851;u l&#7887;ng, s&#7879;t, polymer, r&#7855;n, m&#7901;, c&oacute; m&agrave;u ho&#7863;c kh&ocirc;ng trong su&#7889;t. V&#7899;i nhi&#7873;u ph&#432;&#417;ng ph&aacute;p kh&aacute;c nhau, thi&#7871;t b&#7883; cho ph&eacute;p &#273;o n&#7891;ng &#273;&#7897; nhanh ch&oacute;ng v&agrave; ch&iacute;nh x&aacute;c c&#7911;a c&aacute;c dung d&#7883;ch nh&#7883; ph&acirc;n.<\/p><p>Th&#7921;c Ph&#7849;m<br>\nV&iacute; d&#7909;: n&#432;&#7899;c s&#7889;t, n&#432;&#7899;c s&#7889;t tr&#7897;n salad, s&uacute;p, s&#7919;a, b&#417;, m&#7913;t, th&#7841;ch, m&#7853;t ong, s&#7889;t c&agrave; chua, s&#7889;t mayonnaise, khoai t&acirc;y nghi&#7873;n nhuy&#7877;n<br>\nV&iacute; d&#7909;ng &#7913;ng d&#7909;ng<br>\nT&#7893;ng ch&#7845;t r&#7855;n ho&#7863;c &#273;&#7897; &#7849;m, gi&aacute; tr&#7883; butyro fat\/oil, ki&#7875;m so&aacute;t ch&#7845;t l&#432;&#7907;ng d&#7847;u th&#7921;c ph&#7849;m, ch&#7881; s&#7889; i&#7889;t, Brix<\/p><p>H&oacute;a Ch&#7845;t<br>\nV&iacute; d&#7909;: axit v&agrave; baz&#417;, nh&#7921;a, keo, polyme, m&#7929; ph&#7849;m, x&agrave; ph&ograve;ng, mu&#7889;i<br>\nV&iacute; d&#7909;ng &#7913;ng d&#7909;ng<br>\nAxit sulfuric, natri hydroxit, amoni hydroxit, glycerol, c&#7891;n isopropyl<\/p><p>&#272;&#432;&#7901;ng<br>\nV&iacute; d&#7909;: m&iacute;a, c&#7911; c&#7843;i &#273;&#432;&#7901;ng, dung d&#7883;ch &#273;&#432;&#7901;ng tr&#7855;ng<br>\nV&iacute; d&#7909;ng &#7913;ng d&#7909;ng<br>\nBrix v&agrave; ch&#7845;t kh&ocirc;, glucose, fructose, h&agrave;m l&#432;&#7907;ng &#273;&#432;&#7901;ng ngh&#7883;ch chuy&#7875;n (h&agrave;m l&#432;&#7907;ng &#273;&#432;&#7901;ng ngh&#7883;ch chuy&#7875;n (invert sugar content) trong n&#432;&#7899;c, t&#7893;ng ch&#7845;t r&#7855;n, HFCS<\/p><p>D&#432;&#7907;c Ph&#7849;m<br>\nV&iacute; d&#7909;: thu&#7889;c, m&#7851;u y t&#7871;, d&#7883;ch c&#417; th&#7875;, dung d&#7883;ch truy&#7873;n<br>\nV&iacute; d&#7909;ng &#7913;ng d&#7909;ng<br>\nCh&#7881; s&#7889; kh&uacute;c x&#7841; theo &#273;&#432;&#7907;c &#273;i&#7875;n qu&#7889;c t&#7871; (v&iacute; d&#7909;: Ph. Eur, USP, JP), c&aacute;c th&ocirc;ng s&#7889; n&#432;&#7899;c ti&#7875;u quan tr&#7885;ng c&#7911;a con ng&#432;&#7901;i, protein huy&#7871;t thanh, magi&ecirc; clorua, natri clorua<\/p><p>&#272;&#7891; U&#7889;ng<br>\nV&iacute; d&#7909;: &#273;&#432;&#7901;ng, si-r&ocirc; &#273;&#432;&#7901;ng, n&#432;&#7899;c gi&#7843;i kh&aacute;t, n&#432;&#7899;c &eacute;p tr&aacute;i c&acirc;y, chi&#7871;t xu&#7845;t c&agrave; ph&ecirc;, n&#432;&#7899;c &eacute;p nho, h&egrave;m r&#432;&#7907;u<br>\nV&iacute; d&#7909;ng &#7913;ng d&#7909;ng<br>\nBrix v&agrave; ch&#7845;t kh&ocirc;, t&#7893;ng ch&#7845;t r&#7855;nm h&agrave;m l&#432;&#7907;ng chi&#7871;t xu&#7845;t, tr&#7885;ng l&#432;&#7907;ng h&egrave;m r&#432;&#7907;u (Oechsle, Baum&eacute;, Plato)<\/p><p>H&oacute;a D&#7847;u<br>\nV&iacute; d&#7909;: ch&#7845;t &#7913;c ch&#7871; &#273;&oacute;ng b&#259;ng nhi&ecirc;n li&#7879;u, ch&#7845;t ch&#7889;ng &#273;&ocirc;ng, d&#7847;u, ch&#7845;t b&ocirc;i tr&#417;n, s&aacute;p, m&#7905; b&ocirc;i tr&#417;n, nh&#7921;a<br>\nV&iacute; d&#7909;ng &#7913;ng d&#7909;ng<br>\n&#272;i&#7875;m &#273;&oacute;ng b&#259;ng c&#7911;a ch&#7845;t ch&#7889;ng &#273;&ocirc;ng (propylene v&agrave; ethylene glycol), th&agrave;nh ph&#7847;n lo&#7841;i carbon k&#7871;t h&#7907;p v&#7899;i nh&#7899;t k&#7871;<\/p><p>H&#432;&#417;ng Li&#7879;u &amp; N&#432;&#7899;c Hoa<br>\nV&iacute; d&#7909;: tinh d&#7847;u, n&#432;&#7899;c hoa, h&#432;&#417;ng li&#7879;u<br>\nV&iacute; d&#7909;ng &#7913;ng d&#7909;ng<br>\nKi&#7875;m so&aacute;t ch&#7845;t l&#432;&#7907;ng h&#432;&#417;ng li&#7879;u, m&ugrave;i th&#417;m &#273;&#7863;c t&iacute;nh s&#7843;n ph&#7849;m<\/p><p>&#7912;ng D&#7909;ng Kh&aacute;c<br>\nV&iacute; d&#7909;: th&#7911;y tinh, polyme, k&iacute;nh &aacute;p tr&ograve;ng<br>\nV&iacute; d&#7909;ng &#7913;ng d&#7909;ng<br>\nKi&#7875;m so&aacute;t ch&#7845;t l&#432;&#7907;ng, s&#7889; Abbe, &#273;&#7897; ph&acirc;n t&aacute;n, d&#7883; h&#432;&#7899;ng<\/p><p>Nh&#7919;ng L&yacute; Do N&ecirc;n Mua M&aacute;y &#272;o Ch&#7881; S&#7889; Kh&uacute;c X&#7841; T&#7841;i Thi&#7871;t B&#7883; C&ocirc;ng Ngh&#7879; V&#7841;n N&#259;ng<\/p><p>C&ocirc;ng ty Thi&#7871;t B&#7883; C&ocirc;ng Ngh&#7879; V&#7841;n N&#259;ng l&agrave; &#273;&#7889;i t&aacute;c ch&iacute;nh th&#7913;c ph&acirc;n ph&#7889;i M&aacute;y &#272;o Ch&#7881; S&#7889; Kh&uacute;c X&#7841; h&agrave;ng &#273;&#7847;u t&#7841;i Vi&#7879;t Nam, cam k&#7871;t cung c&#7845;p s&#7843;n ph&#7849;m ch&iacute;nh h&atilde;ng v&#7899;i gi&aacute; c&#7843; c&#7841;nh tranh nh&#7845;t th&#7883; tr&#432;&#7901;ng. V&#7899;i uy t&iacute;n tr&ecirc;n th&#7883; tr&#432;&#7901;ng v&agrave; ch&#7871; &#273;&#7897; h&#7851;u m&atilde;i t&#7889;t, Thi&#7871;t B&#7883; C&ocirc;ng Ngh&#7879; V&#7841;n N&#259;ng &#273;&atilde; nh&#7853;n &#273;&#432;&#7907;c s&#7921; tin t&#432;&#7903;ng t&#7915; kh&aacute;ch h&agrave;ng nh&#7901; v&agrave;o ch&#7845;t l&#432;&#7907;ng h&agrave;ng &#273;&#7847;u c&#7911;a c&aacute;c d&ograve;ng s&#7843;n ph&#7849;m.<br>\nS&#7843;n ph&#7849;m c&#7911;a ch&uacute;ng t&ocirc;i &#273;&#432;&#7907;c ki&#7875;m &#273;&#7883;nh ch&#7845;t l&#432;&#7907;ng, nh&#7853;p kh&#7849;u tr&#7921;c ti&#7871;p t&#7915; nh&agrave; m&aacute;y b&ecirc;n Ch&acirc;u &Acirc;u, M&#7929;, &Uacute;c, Nh&#7853;t B&#7843;n,&hellip; v&agrave; &#273;&aacute;p &#7913;ng nhu c&#7847;u &#273;a d&#7841;ng c&#7911;a th&#7883; tr&#432;&#7901;ng nh&#432;: M&aacute;y &#272;o &#272;&#7897; C&#7913;ng, M&aacute;y SpectroMaxx, M&aacute;y Ki&#7875;m Tra &#272;&#7897; B&#7873;n S&#417;n,&hellip; Ch&uacute;ng t&ocirc;i cam k&#7871;t cung c&#7845;p s&#7843;n ph&#7849;m n&agrave;y tr&ecirc;n to&agrave;n qu&#7889;c v&#7899;i gi&aacute; c&#7843; c&#7841;nh tranh nh&#7845;t.<br>\nCh&uacute;ng t&ocirc;i c&oacute; &#273;&#7897;i ng&#361; chuy&ecirc;n vi&ecirc;n t&#432; v&#7845;n chuy&ecirc;n s&acirc;u s&#7869; h&#7895; tr&#7907; kh&aacute;ch h&agrave;ng v&#7873; chi ti&#7871;t s&#7843;n ph&#7849;m, h&#432;&#7899;ng d&#7851;n s&#7917; d&#7909;ng hay nh&#7919;ng th&#7913; li&ecirc;n quan &#273;&#7871;n v&#7845;n &#273;&#7873; m&agrave; doanh nghi&#7879;p b&#7841;n &#273;ang g&#7863;p ph&#7843;i. Ch&uacute;ng t&ocirc;i s&#7869; cung c&#7845;p nh&#7919;ng gi&#7843;i ph&aacute;p t&#7889;i &#432;u nh&#7845;t !!!<br>\nNgo&agrave;i ra V&#7841;n N&#259;ng Company lu&ocirc;n h&#432;&#7899;ng &#273;&#7871;n tr&#7843;i nghi&#7879;m kh&aacute;ch h&agrave;ng, v&igrave; v&#7853;y ch&uacute;ng t&ocirc;i c&oacute; nh&#7919;ng ch&iacute;nh s&aacute;ch b&#7843;o h&agrave;nh, b&#7843;o tr&igrave; &ndash; b&#7843;o d&#432;&#7905;ng, hi&#7879;u chu&#7849;n v&#7899;i t&#7845;t c&#7843; c&aacute;c thi&#7871;t b&#7883;, m&aacute;y m&oacute;c m&agrave; ch&uacute;ng t&ocirc;i cung c&#7845;p. &#272;&#7843;m b&#7843;o mang &#273;&#7871;n cho Kh&aacute;ch h&agrave;ng s&#7921; y&ecirc;n t&acirc;m tuy&#7879;t &#273;&#7889;i v&#7873; d&#7883;ch v&#7909; khi mua h&agrave;ng.<\/p><p>T&#7893;ng K&#7871;t<br>\nV&#7899;i t&iacute;nh ch&iacute;nh x&aacute;c, t&iacute;nh t&#432;&#417;ng th&iacute;ch, v&agrave; &#273;&#7897; b&#7873;n b&#7881;, M&aacute;y &#272;o Ch&#7881; S&#7889; Kh&uacute;c X&#7841; Abbemat Performance 300 l&agrave; m&#7897;t s&#7921; &#273;&#7847;u t&#432; &#273;&aacute;ng gi&aacute; cho b&#7845;t k&#7923; doanh nghi&#7879;p mu&#7889;n n&acirc;ng cao ch&#7845;t l&#432;&#7907;ng s&#7843;n ph&#7849;m v&agrave; t&#7889;i &#432;u h&oacute;a quy tr&igrave;nh s&#7843;n xu&#7845;t c&#7911;a m&igrave;nh. H&atilde;y li&ecirc;n h&#7879; v&#7899;i Thi&#7871;t B&#7883; C&ocirc;ng Ngh&#7879; V&#7841;n N&#259;ng ngay &#273;&#7875; &#273;&#432;&#7907;c t&#432; v&#7845;n chuy&ecirc;n s&acirc;u v&agrave; nh&#7853;n nh&#7919;ng &#432;u &#273;&atilde;i h&#7845;p d&#7851;n nh&#7845;t th&ocirc;ng qua hotline0903 991 335 !<\/p><div style=\"background-color: #f8fafc; border: 1px solid #e2e8f0; border-radius: 8px; padding: 25px; max-width: 800px; margin: 30px auto; color: #334155; line-height: 1.8; font-size: 17px; box-shadow: 0 4px 6px -1px rgba(0,0,0,0.05); text-align: left; clear: both;\">\nC&ocirc;ng ty TNHH Th&#432;&#417;ng M&#7841;i D&#7883;ch V&#7909; Thi&#7871;t B&#7883; C&ocirc;ng Ngh&#7879; V&#7841;n N&#259;ng\n<p style=\"margin: 0 0 10px 0;\">&#128205; <strong style=\"color: #1e293b;\">&#272;&#7883;a ch&#7881;:<\/strong> <a style=\"color: #059669; text-decoration: none; font-weight: bold;\" href=\"https:\/\/www.google.com\/maps\/search\/C%C3%B4ng+ty+TNHH+Th%C6%B0%C6%A1ng+M%E1%BA%A1i+D%E1%BB%8Bch+V%E1%BB%A5+Thi%E1%BA%BFt+B%E1%BB%8B+C%C3%B4ng+Ngh%E1%BB%87+V%E1%BA%A1n+N%C4%83ng+818+Tr%C6%B0%E1%BB%9Dng+Chinh\" target=\"_blank\" rel=\"noopener\">818 Tr&#432;&#7901;ng Chinh, Ph&#432;&#7901;ng T&acirc;n S&#417;n, Th&agrave;nh ph&#7889; H&#7891; Ch&iacute; Minh, Vi&#7879;t Nam<\/a><\/p>\n<p style=\"margin: 0 0 10px 0;\">&#128222; <strong style=\"color: #1e293b;\">S&#272;T &ndash; Zalo:<\/strong> <a style=\"color: #059669; text-decoration: none; font-weight: bold;\" href=\"https:\/\/zalo.me\/0903991335\" target=\"_blank\" rel=\"noopener\">0903 991 335<\/a> <span style=\"color: #64748b; font-style: italic;\">(Ms. H&#7841;nh &ndash; Gi&aacute;m &#272;&#7889;c Kinh Doanh)<\/span><\/p>\n<p style=\"margin: 0;\">&#9993;&#65039; <strong style=\"color: #1e293b;\">Email:<\/strong> <a style=\"color: #059669; text-decoration: none; font-weight: bold;\" href=\"mailto:hienhanh@vannangvn.com\">hienhanh@vannangvn.com<\/a><\/p>\n<\/div><\/h1>","protected":false},"excerpt":{"rendered":"<p><strong>Th&#432;&#417;ng hi&#7879;u:<\/strong> Abbemat Performance 300&nbsp;&#273;&#7871;n t&#7915; th&#432;&#417;ng hi&#7879;u n&#7893;i ti&#7871;ng Ch&acirc;u &Acirc;u &ndash;&nbsp;Anton Paar&nbsp;l&agrave; s&#7921; l&#7921;a ch&#7885;n h&agrave;ng &#273;&#7847;u cho c&aacute;c doanh nghi&#7879;p mu&#7889;n th&#7921;c hi&#7879;n c&aacute;c bi&#7879;n ph&aacute;p ki&#7875;m so&aacute;t ch&#7845;t l&#432;&#7907;ng m&#7897;t c&aacute;ch ch&iacute;nh x&aacute;c v&agrave; &#273;&aacute;ng tin c&#7853;y.<br>\n<strong>Model:<\/strong> Abbemat-9<p>Product <strong>M&Aacute;Y &#272;O KH&Uacute;C X&#7840; ANTON PAAR MODEL ABBEMAT PERFORMANCE 300<\/strong> ch&iacute;nh h&atilde;ng. Abbemat Performance 300&nbsp;&#273;&#7871;n t&#7915; th&#432;&#417;ng hi&#7879;u n&#7893;i ti&#7871;ng Ch&acirc;u &Acirc;u &ndash;&nbsp;Anton Paar&nbsp;l&agrave; s&#7921; l&#7921;a ch&#7885;n h&agrave;ng &#273;&#7847;u cho c&aacute;c doanh nghi&#7879;p mu&#7889;n th&#7921;c hi&#7879;n c&aacute;c bi&#7879;n ph&aacute;p ki&#7875;m so&aacute;t ch&#7845;t l&#432;&#7907;ng m&#7897;t c&aacute;ch ch&iacute;nh x&aacute;c v&agrave; &#273;&aacute;ng tin c&#7853;y.<\/p><\/p>","protected":false},"featured_media":0,"comment_status":"open","ping_status":"closed","template":"","meta":[],"product_brand":[],"product_cat":[18],"product_tag":[181,464,465,1145,1196,1245,1250,1996,109,116],"class_list":{"0":"post-6883","1":"product","2":"type-product","3":"status-publish","5":"product_cat-chua-phan-loai","6":"product_tag-do","7":"product_tag-anton","8":"product_tag-paar","9":"product_tag-xa","10":"product_tag-1196","11":"product_tag-khuc","12":"product_tag-abbemat","13":"product_tag-performance","14":"product_tag-may","15":"product_tag-model","17":"first","18":"instock","19":"shipping-taxable","20":"product-type-simple"},"yoast_head":"<!-- This site is optimized with the Yoast SEO Premium plugin v24.8 (Yoast SEO v24.8) - https:\/\/yoast.com\/wordpress\/plugins\/seo\/ -->\n<title>M\u00c1Y \u0110O KH\u00daC X\u1ea0 ANTON PAAR MODEL ABB... ch\u00ednh h\u00e3ng | V\u1ea1n N\u0103ng<\/title>\n<meta name=\"description\" content=\"Mua ngay M\u00c1Y \u0110O KH\u00daC X\u1ea0 ANTON PAAR MODEL ABBEMAT PERFORMANCE 300 ch\u00ednh h\u00e3ng. Gi\u00e1 t\u1ed1t!\" \/>\n<meta name=\"robots\" content=\"noindex, follow, max-snippet:-1, max-image-preview:large, max-video-preview:-1\" \/>\n<meta property=\"og:locale\" content=\"en_US\" \/>\n<meta property=\"og:type\" content=\"article\" \/>\n<meta property=\"og:title\" content=\"M\u00c1Y \u0110O KH\u00daC X\u1ea0 ANTON PAAR MODEL ABBEMAT PERFORMANCE 300\" \/>\n<meta property=\"og:description\" content=\"Mua ngay M\u00c1Y \u0110O KH\u00daC X\u1ea0 ANTON PAAR MODEL ABBEMAT PERFORMANCE 300 ch\u00ednh h\u00e3ng. Gi\u00e1 t\u1ed1t!\" \/>\n<meta property=\"og:url\" content=\"https:\/\/vannangvn.123websitedev.com\/en\/product\/may-do-khuc-xa-anton-paar-model-abbemat-performance-300\/\" \/>\n<meta property=\"og:site_name\" content=\"Vannang.vn\" \/>\n<meta property=\"article:modified_time\" content=\"2026-03-30T11:30:39+00:00\" \/>\n<meta name=\"twitter:card\" content=\"summary_large_image\" \/>\n<meta name=\"twitter:label1\" content=\"Est. reading time\" \/>\n\t<meta name=\"twitter:data1\" content=\"10 minutes\" \/>\n<script type=\"application\/ld+json\" class=\"yoast-schema-graph\">{\"@context\":\"https:\/\/schema.org\",\"@graph\":[{\"@type\":\"WebPage\",\"@id\":\"https:\/\/vannangvn.123websitedev.com\/san-pham\/may-do-khuc-xa-anton-paar-model-abbemat-performance-300\/\",\"url\":\"https:\/\/vannangvn.123websitedev.com\/san-pham\/may-do-khuc-xa-anton-paar-model-abbemat-performance-300\/\",\"name\":\"M\u00c1Y \u0110O KH\u00daC X\u1ea0 ANTON PAAR MODEL ABB... ch\u00ednh h\u00e3ng | V\u1ea1n N\u0103ng\",\"isPartOf\":{\"@id\":\"https:\/\/vannangvn.123websitedev.com\/#website\"},\"datePublished\":\"2026-03-20T10:38:53+00:00\",\"dateModified\":\"2026-03-30T11:30:39+00:00\",\"description\":\"Mua ngay M\u00c1Y \u0110O KH\u00daC X\u1ea0 ANTON PAAR MODEL ABBEMAT PERFORMANCE 300 ch\u00ednh h\u00e3ng. Gi\u00e1 t\u1ed1t!\",\"breadcrumb\":{\"@id\":\"https:\/\/vannangvn.123websitedev.com\/san-pham\/may-do-khuc-xa-anton-paar-model-abbemat-performance-300\/#breadcrumb\"},\"inLanguage\":\"en-US\",\"potentialAction\":[{\"@type\":\"ReadAction\",\"target\":[\"https:\/\/vannangvn.123websitedev.com\/san-pham\/may-do-khuc-xa-anton-paar-model-abbemat-performance-300\/\"]}]},{\"@type\":\"BreadcrumbList\",\"@id\":\"https:\/\/vannangvn.123websitedev.com\/san-pham\/may-do-khuc-xa-anton-paar-model-abbemat-performance-300\/#breadcrumb\",\"itemListElement\":[{\"@type\":\"ListItem\",\"position\":1,\"name\":\"Trang ch\u1ee7\",\"item\":\"https:\/\/vannangvn.123websitedev.com\/\"},{\"@type\":\"ListItem\",\"position\":2,\"name\":\"S\u1ea3n ph\u1ea9m\",\"item\":\"https:\/\/vannangvn.123websitedev.com\/cua-hang\/\"},{\"@type\":\"ListItem\",\"position\":3,\"name\":\"M\u00c1Y \u0110O KH\u00daC X\u1ea0 ANTON PAAR MODEL ABBEMAT PERFORMANCE 300\"}]},{\"@type\":\"WebSite\",\"@id\":\"https:\/\/vannangvn.123websitedev.com\/#website\",\"url\":\"https:\/\/vannangvn.123websitedev.com\/\",\"name\":\"Vannang.vn\",\"description\":\"\",\"publisher\":{\"@id\":\"https:\/\/vannangvn.123websitedev.com\/#organization\"},\"potentialAction\":[{\"@type\":\"SearchAction\",\"target\":{\"@type\":\"EntryPoint\",\"urlTemplate\":\"https:\/\/vannangvn.123websitedev.com\/?s={search_term_string}\"},\"query-input\":{\"@type\":\"PropertyValueSpecification\",\"valueRequired\":true,\"valueName\":\"search_term_string\"}}],\"inLanguage\":\"en-US\"},{\"@type\":\"Organization\",\"@id\":\"https:\/\/vannangvn.123websitedev.com\/#organization\",\"name\":\"Vannang.vn\",\"url\":\"https:\/\/vannangvn.123websitedev.com\/\",\"logo\":{\"@type\":\"ImageObject\",\"inLanguage\":\"en-US\",\"@id\":\"https:\/\/vannangvn.123websitedev.com\/#\/schema\/logo\/image\/\",\"url\":\"https:\/\/vannangvn.123websitedev.com\/wp-content\/uploads\/2026\/02\/logo-van-nang-02.png\",\"contentUrl\":\"https:\/\/vannangvn.123websitedev.com\/wp-content\/uploads\/2026\/02\/logo-van-nang-02.png\",\"width\":448,\"height\":111,\"caption\":\"Vannang.vn\"},\"image\":{\"@id\":\"https:\/\/vannangvn.123websitedev.com\/#\/schema\/logo\/image\/\"}}]}<\/script>\n<!-- \/ Yoast SEO Premium plugin. -->","yoast_head_json":{"title":"M\u00c1Y \u0110O KH\u00daC X\u1ea0 ANTON PAAR MODEL ABB... ch\u00ednh h\u00e3ng | V\u1ea1n N\u0103ng","description":"Mua ngay M\u00c1Y \u0110O KH\u00daC X\u1ea0 ANTON PAAR MODEL ABBEMAT PERFORMANCE 300 ch\u00ednh h\u00e3ng. Gi\u00e1 t\u1ed1t!","robots":{"index":"noindex","follow":"follow","max-snippet":"max-snippet:-1","max-image-preview":"max-image-preview:large","max-video-preview":"max-video-preview:-1"},"og_locale":"en_US","og_type":"article","og_title":"M\u00c1Y \u0110O KH\u00daC X\u1ea0 ANTON PAAR MODEL ABBEMAT PERFORMANCE 300","og_description":"Mua ngay M\u00c1Y \u0110O KH\u00daC X\u1ea0 ANTON PAAR MODEL ABBEMAT PERFORMANCE 300 ch\u00ednh h\u00e3ng. Gi\u00e1 t\u1ed1t!","og_url":"https:\/\/vannangvn.123websitedev.com\/en\/product\/may-do-khuc-xa-anton-paar-model-abbemat-performance-300\/","og_site_name":"Vannang.vn","article_modified_time":"2026-03-30T11:30:39+00:00","twitter_card":"summary_large_image","twitter_misc":{"Est. reading time":"10 minutes"},"schema":{"@context":"https:\/\/schema.org","@graph":[{"@type":"WebPage","@id":"https:\/\/vannangvn.123websitedev.com\/san-pham\/may-do-khuc-xa-anton-paar-model-abbemat-performance-300\/","url":"https:\/\/vannangvn.123websitedev.com\/san-pham\/may-do-khuc-xa-anton-paar-model-abbemat-performance-300\/","name":"M\u00c1Y \u0110O KH\u00daC X\u1ea0 ANTON PAAR MODEL ABB... ch\u00ednh h\u00e3ng | V\u1ea1n N\u0103ng","isPartOf":{"@id":"https:\/\/vannangvn.123websitedev.com\/#website"},"datePublished":"2026-03-20T10:38:53+00:00","dateModified":"2026-03-30T11:30:39+00:00","description":"Mua ngay M\u00c1Y \u0110O KH\u00daC X\u1ea0 ANTON PAAR MODEL ABBEMAT PERFORMANCE 300 ch\u00ednh h\u00e3ng. Gi\u00e1 t\u1ed1t!","breadcrumb":{"@id":"https:\/\/vannangvn.123websitedev.com\/san-pham\/may-do-khuc-xa-anton-paar-model-abbemat-performance-300\/#breadcrumb"},"inLanguage":"en-US","potentialAction":[{"@type":"ReadAction","target":["https:\/\/vannangvn.123websitedev.com\/san-pham\/may-do-khuc-xa-anton-paar-model-abbemat-performance-300\/"]}]},{"@type":"BreadcrumbList","@id":"https:\/\/vannangvn.123websitedev.com\/san-pham\/may-do-khuc-xa-anton-paar-model-abbemat-performance-300\/#breadcrumb","itemListElement":[{"@type":"ListItem","position":1,"name":"Trang ch\u1ee7","item":"https:\/\/vannangvn.123websitedev.com\/"},{"@type":"ListItem","position":2,"name":"S\u1ea3n ph\u1ea9m","item":"https:\/\/vannangvn.123websitedev.com\/cua-hang\/"},{"@type":"ListItem","position":3,"name":"M\u00c1Y \u0110O KH\u00daC X\u1ea0 ANTON PAAR MODEL ABBEMAT PERFORMANCE 300"}]},{"@type":"WebSite","@id":"https:\/\/vannangvn.123websitedev.com\/#website","url":"https:\/\/vannangvn.123websitedev.com\/","name":"Vannang.vn","description":"","publisher":{"@id":"https:\/\/vannangvn.123websitedev.com\/#organization"},"potentialAction":[{"@type":"SearchAction","target":{"@type":"EntryPoint","urlTemplate":"https:\/\/vannangvn.123websitedev.com\/?s={search_term_string}"},"query-input":{"@type":"PropertyValueSpecification","valueRequired":true,"valueName":"search_term_string"}}],"inLanguage":"en-US"},{"@type":"Organization","@id":"https:\/\/vannangvn.123websitedev.com\/#organization","name":"Vannang.vn","url":"https:\/\/vannangvn.123websitedev.com\/","logo":{"@type":"ImageObject","inLanguage":"en-US","@id":"https:\/\/vannangvn.123websitedev.com\/#\/schema\/logo\/image\/","url":"https:\/\/vannangvn.123websitedev.com\/wp-content\/uploads\/2026\/02\/logo-van-nang-02.png","contentUrl":"https:\/\/vannangvn.123websitedev.com\/wp-content\/uploads\/2026\/02\/logo-van-nang-02.png","width":448,"height":111,"caption":"Vannang.vn"},"image":{"@id":"https:\/\/vannangvn.123websitedev.com\/#\/schema\/logo\/image\/"}}]}},"_links":{"self":[{"href":"https:\/\/vannangvn.123websitedev.com\/en\/wp-json\/wp\/v2\/product\/6883","targetHints":{"allow":["GET"]}}],"collection":[{"href":"https:\/\/vannangvn.123websitedev.com\/en\/wp-json\/wp\/v2\/product"}],"about":[{"href":"https:\/\/vannangvn.123websitedev.com\/en\/wp-json\/wp\/v2\/types\/product"}],"replies":[{"embeddable":true,"href":"https:\/\/vannangvn.123websitedev.com\/en\/wp-json\/wp\/v2\/comments?post=6883"}],"wp:attachment":[{"href":"https:\/\/vannangvn.123websitedev.com\/en\/wp-json\/wp\/v2\/media?parent=6883"}],"wp:term":[{"taxonomy":"product_brand","embeddable":true,"href":"https:\/\/vannangvn.123websitedev.com\/en\/wp-json\/wp\/v2\/product_brand?post=6883"},{"taxonomy":"product_cat","embeddable":true,"href":"https:\/\/vannangvn.123websitedev.com\/en\/wp-json\/wp\/v2\/product_cat?post=6883"},{"taxonomy":"product_tag","embeddable":true,"href":"https:\/\/vannangvn.123websitedev.com\/en\/wp-json\/wp\/v2\/product_tag?post=6883"}],"curies":[{"name":"wp","href":"https:\/\/api.w.org\/{rel}","templated":true}]}}