{"id":6904,"date":"2026-03-20T17:39:19","date_gmt":"2026-03-20T10:39:19","guid":{"rendered":"https:\/\/vannangvn.123websitedev.com\/san-pham\/may-do-luc-ma-sat-bang-keo-thwing-albert-model-fp-2260\/"},"modified":"2026-03-30T18:31:08","modified_gmt":"2026-03-30T11:31:08","slug":"may-do-luc-ma-sat-bang-keo-thwing-albert-model-fp-2260","status":"publish","type":"product","link":"https:\/\/vannangvn.123websitedev.com\/en\/product\/may-do-luc-ma-sat-bang-keo-thwing-albert-model-fp-2260\/","title":{"rendered":"M\u00c1Y \u0110O L\u1ef0C MA S\u00c1T B\u0102NG KEO THWING-ALBERT MODEL FP-2260"},"content":{"rendered":"<h1 style=\"color: red; font-weight: bold; font-size: 24px;\">T&#7893;ng quan s&#7843;n ph&#7849;m M&Aacute;Y &#272;O L&#7920;C MA S&Aacute;T B&#258;NG KEO THWING-ALBERT MODEL FP-2260<p>M&aacute;y &#272;o L&#7921;c Ma S&aacute;t B&#259;ng Keo Thwing-Albert (Friction\/Peel Tester) Model FP-2260<br>\nFeatures Of FP-2260<\/p><p>Multifunctional membrane keypad<br>\nEasy to read display (240 pixels x 64 pixels)<br>\nAutomatic load cell recognition<br>\nInterchangeable .5kg, 1kg, 2kg, 5kg and 10kg load cells<br>\nAdjustable crosshead and load cell (Vertically and Horizontally)<br>\nAutomatic Return of the crosshead<br>\n14&Prime; of Crosshead travel<br>\nStore 128 tests each for COF, Peel, and Tensile<br>\nUSB and RS-232 Data Communication Port<br>\nAvailable test area 225mm x 350mm<br>\nElectronic over travel switches<br>\nSelectable force units [g, kg, lbs, oz, N]<br>\nPreset industry-standard test method storage<br>\nAbility to save customized test setups<br>\nIndustry standards:<\/p><p>ASTM D1894 (COF for Plastics)<br>\nASTM D4521 (COF for Corrugated\/Fiberboard)<br>\nASTM D2534 (Coefficient of Kinetic Friction for Wax Coatings)<br>\nASTM D6862 (Standard Test Method for 90 Degree Peel Resistance of Adhesives)<br>\nASTM D6252 (Standard Test Method for Peel Adhesion of Pressure-Sensitive Label Stocks at a 90&deg; Angle)<br>\nASTM D3330 (Peel Adhesion for Pressure Sensitive Tape 180&deg;)<br>\nASTM D1876 (Standard Test Method for Peel Resistance of Adhesives &ndash; T-Peel Test)<br>\nASTM F88 (Seal Strength for Flexible Barrier Material)<br>\nAFERA: 4001 P11<br>\nFINAT: FTM 1-6, 10, 11<br>\nISO 8295 (COF for Plastics)<br>\nPSTC: 101 (A, B, C, D, E, F), 4, 15, 55<br>\nTAPPI T816 (COF for Corrugated and Paperboard)<br>\nTAPPI T549 (COF for Uncoated Writing &amp; Printing Paper)<br>\nTLMI: L-IA1, L-IA2, L-IA3<br>\nand more&hellip;<\/p><p>H&atilde;y li&ecirc;n h&#7879; v&#7899;i V&#7841;n N&#259;ng Company ngay &#273;&#7875; &#273;&#432;&#7907;c t&#432; v&#7845;n chuy&ecirc;n s&acirc;u v&agrave; nh&#7853;n c&aacute;c &#432;u &#273;&atilde;i h&#7845;p d&#7851;n nh&#7845;t th&ocirc;ng qua hotline\/zalo: <a href=\"https:\/\/zalo.me\/0903991335\" target=\"_blank\" rel=\"noopener\" style=\"color: #059669; font-weight: bold; text-decoration: none;\">0903 991 335<\/a>!<\/p><div style=\"background-color: #f8fafc; border: 1px solid #e2e8f0; border-radius: 8px; padding: 25px; max-width: 800px; margin: 30px auto; color: #334155; line-height: 1.8; font-size: 17px; box-shadow: 0 4px 6px -1px rgba(0,0,0,0.05); text-align: left; clear: both;\">\nC&ocirc;ng ty TNHH Th&#432;&#417;ng M&#7841;i D&#7883;ch V&#7909; Thi&#7871;t B&#7883; C&ocirc;ng Ngh&#7879; V&#7841;n N&#259;ng\n<p style=\"margin: 0 0 10px 0;\">&#128205; <strong style=\"color: #1e293b;\">&#272;&#7883;a ch&#7881;:<\/strong> <a style=\"color: #059669; text-decoration: none; font-weight: bold;\" href=\"https:\/\/www.google.com\/maps\/search\/C%C3%B4ng+ty+TNHH+Th%C6%B0%C6%A1ng+M%E1%BA%A1i+D%E1%BB%8Bch+V%E1%BB%A5+Thi%E1%BA%BFt+B%E1%BB%8B+C%C3%B4ng+Ngh%E1%BB%87+V%E1%BA%A1n+N%C4%83ng+818+Tr%C6%B0%E1%BB%9Dng+Chinh\" target=\"_blank\" rel=\"noopener\">818 Tr&#432;&#7901;ng Chinh, Ph&#432;&#7901;ng T&acirc;n S&#417;n, Th&agrave;nh ph&#7889; H&#7891; Ch&iacute; Minh, Vi&#7879;t Nam<\/a><\/p>\n<p style=\"margin: 0 0 10px 0;\">&#128222; <strong style=\"color: #1e293b;\">S&#272;T &ndash; Zalo:<\/strong> <a style=\"color: #059669; text-decoration: none; font-weight: bold;\" href=\"https:\/\/zalo.me\/0903991335\" target=\"_blank\" rel=\"noopener\">0903 991 335<\/a> <span style=\"color: #64748b; font-style: italic;\">(Ms. H&#7841;nh &ndash; Gi&aacute;m &#272;&#7889;c Kinh Doanh)<\/span><\/p>\n<p style=\"margin: 0;\">&#9993;&#65039; <strong style=\"color: #1e293b;\">Email:<\/strong> <a style=\"color: #059669; text-decoration: none; font-weight: bold;\" href=\"mailto:hienhanh@vannangvn.com\">hienhanh@vannangvn.com<\/a><\/p>\n<\/div><\/h1>","protected":false},"excerpt":{"rendered":"<p><strong>Th&#432;&#417;ng hi&#7879;u:<\/strong> FP-2260 COF Tester  \/ Peel Tester provides more information with fewer keystrokes and offers the capability to run the machine in five languages. It also provides the ability to create, save, and password-protect test setups. The COF test mode&nbsp;can be configured to measure the static and kinetic coefficient of friction as well as slide angle. The&nbsp;Peel Tester mode can test the seal strength, and peel properties of plastic film, paper, paperboard, adhesives, corrugated\/cardboard, labels, and packaging materials. The Peel Tester can be configured to perform 180&deg; peel tests, 90&deg; peel tests, and T-peel tests.<br>\n<strong>Model:<\/strong> FP-2260 Friction\/Peel Tester<p>Product <strong>M&Aacute;Y &#272;O L&#7920;C MA S&Aacute;T B&#258;NG KEO THWING-ALBERT MODEL FP-2260<\/strong> ch&iacute;nh h&atilde;ng. FP-2260 COF Tester (Coefficient of Friction Tester) \/ Peel Tester provides more information with fewer keystrokes and offers the capability to run the machine in five languages. It also provides the ability to create, save, and password-protect test setups. The COF test mode&nbsp;can be configured to measure the static and kinetic coefficient of friction as well as slide angle. The&nbsp;Peel Tester mode can test the seal strength, and peel properties of plastic film, paper, paperboard, adhesives, corrugated\/cardboard, labels, and packaging materials. The Peel Tester can be configured to perform 180&deg; peel tests, 90&deg; peel tests, and T-peel tests.<\/p><\/p>","protected":false},"featured_media":9603,"comment_status":"open","ping_status":"closed","template":"","meta":[],"product_brand":[],"product_cat":[18],"product_tag":[181,374,437,1268,2023,2024,109,116,166,176],"class_list":{"0":"post-6904","1":"product","2":"type-product","3":"status-publish","4":"has-post-thumbnail","6":"product_cat-chua-phan-loai","7":"product_tag-do","8":"product_tag-ma","9":"product_tag-luc","10":"product_tag-sat","11":"product_tag-thwing-albert","12":"product_tag-fp-2260","13":"product_tag-may","14":"product_tag-model","15":"product_tag-bang","16":"product_tag-keo","18":"first","19":"instock","20":"shipping-taxable","21":"product-type-simple"},"yoast_head":"<!-- This site is optimized with the Yoast SEO Premium plugin v24.8 (Yoast SEO v24.8) - https:\/\/yoast.com\/wordpress\/plugins\/seo\/ -->\n<title>M\u00c1Y \u0110O L\u1ef0C MA S\u00c1T B\u0102NG KEO THWING-A... ch\u00ednh h\u00e3ng | V\u1ea1n N\u0103ng<\/title>\n<meta name=\"description\" content=\"Mua ngay M\u00c1Y \u0110O L\u1ef0C MA S\u00c1T B\u0102NG KEO THWING-ALBERT MODEL FP-2260 ch\u00ednh h\u00e3ng. Gi\u00e1 t\u1ed1t!\" \/>\n<meta name=\"robots\" content=\"noindex, follow, max-snippet:-1, max-image-preview:large, max-video-preview:-1\" \/>\n<meta property=\"og:locale\" content=\"en_US\" \/>\n<meta property=\"og:type\" content=\"article\" \/>\n<meta property=\"og:title\" content=\"M\u00c1Y \u0110O L\u1ef0C MA S\u00c1T B\u0102NG KEO THWING-ALBERT MODEL FP-2260\" \/>\n<meta property=\"og:description\" content=\"Mua ngay M\u00c1Y \u0110O L\u1ef0C MA S\u00c1T B\u0102NG KEO THWING-ALBERT MODEL FP-2260 ch\u00ednh h\u00e3ng. Gi\u00e1 t\u1ed1t!\" \/>\n<meta property=\"og:url\" content=\"https:\/\/vannangvn.123websitedev.com\/en\/product\/may-do-luc-ma-sat-bang-keo-thwing-albert-model-fp-2260\/\" \/>\n<meta property=\"og:site_name\" content=\"Vannang.vn\" \/>\n<meta property=\"article:modified_time\" content=\"2026-03-30T11:31:08+00:00\" \/>\n<meta property=\"og:image\" content=\"http:\/\/vannangvn.123websitedev.com\/wp-content\/uploads\/2026\/03\/FP-2260-768x576-copy.jpg\" \/>\n\t<meta property=\"og:image:width\" content=\"768\" \/>\n\t<meta property=\"og:image:height\" content=\"576\" \/>\n\t<meta property=\"og:image:type\" content=\"image\/jpeg\" \/>\n<meta name=\"twitter:card\" content=\"summary_large_image\" \/>\n<meta name=\"twitter:label1\" content=\"Est. reading time\" \/>\n\t<meta name=\"twitter:data1\" content=\"2 minutes\" \/>\n<script type=\"application\/ld+json\" class=\"yoast-schema-graph\">{\"@context\":\"https:\/\/schema.org\",\"@graph\":[{\"@type\":\"WebPage\",\"@id\":\"https:\/\/vannangvn.123websitedev.com\/san-pham\/may-do-luc-ma-sat-bang-keo-thwing-albert-model-fp-2260\/\",\"url\":\"https:\/\/vannangvn.123websitedev.com\/san-pham\/may-do-luc-ma-sat-bang-keo-thwing-albert-model-fp-2260\/\",\"name\":\"M\u00c1Y \u0110O L\u1ef0C MA S\u00c1T B\u0102NG KEO THWING-A... ch\u00ednh h\u00e3ng | V\u1ea1n N\u0103ng\",\"isPartOf\":{\"@id\":\"https:\/\/vannangvn.123websitedev.com\/#website\"},\"primaryImageOfPage\":{\"@id\":\"https:\/\/vannangvn.123websitedev.com\/san-pham\/may-do-luc-ma-sat-bang-keo-thwing-albert-model-fp-2260\/#primaryimage\"},\"image\":{\"@id\":\"https:\/\/vannangvn.123websitedev.com\/san-pham\/may-do-luc-ma-sat-bang-keo-thwing-albert-model-fp-2260\/#primaryimage\"},\"thumbnailUrl\":\"https:\/\/vannangvn.123websitedev.com\/wp-content\/uploads\/2026\/03\/FP-2260-768x576-copy.jpg\",\"datePublished\":\"2026-03-20T10:39:19+00:00\",\"dateModified\":\"2026-03-30T11:31:08+00:00\",\"description\":\"Mua ngay M\u00c1Y \u0110O L\u1ef0C MA S\u00c1T B\u0102NG KEO THWING-ALBERT MODEL FP-2260 ch\u00ednh h\u00e3ng. Gi\u00e1 t\u1ed1t!\",\"breadcrumb\":{\"@id\":\"https:\/\/vannangvn.123websitedev.com\/san-pham\/may-do-luc-ma-sat-bang-keo-thwing-albert-model-fp-2260\/#breadcrumb\"},\"inLanguage\":\"en-US\",\"potentialAction\":[{\"@type\":\"ReadAction\",\"target\":[\"https:\/\/vannangvn.123websitedev.com\/san-pham\/may-do-luc-ma-sat-bang-keo-thwing-albert-model-fp-2260\/\"]}]},{\"@type\":\"ImageObject\",\"inLanguage\":\"en-US\",\"@id\":\"https:\/\/vannangvn.123websitedev.com\/san-pham\/may-do-luc-ma-sat-bang-keo-thwing-albert-model-fp-2260\/#primaryimage\",\"url\":\"https:\/\/vannangvn.123websitedev.com\/wp-content\/uploads\/2026\/03\/FP-2260-768x576-copy.jpg\",\"contentUrl\":\"https:\/\/vannangvn.123websitedev.com\/wp-content\/uploads\/2026\/03\/FP-2260-768x576-copy.jpg\",\"width\":768,\"height\":576},{\"@type\":\"BreadcrumbList\",\"@id\":\"https:\/\/vannangvn.123websitedev.com\/san-pham\/may-do-luc-ma-sat-bang-keo-thwing-albert-model-fp-2260\/#breadcrumb\",\"itemListElement\":[{\"@type\":\"ListItem\",\"position\":1,\"name\":\"Trang ch\u1ee7\",\"item\":\"https:\/\/vannangvn.123websitedev.com\/\"},{\"@type\":\"ListItem\",\"position\":2,\"name\":\"S\u1ea3n ph\u1ea9m\",\"item\":\"https:\/\/vannangvn.123websitedev.com\/cua-hang\/\"},{\"@type\":\"ListItem\",\"position\":3,\"name\":\"M\u00c1Y \u0110O L\u1ef0C MA S\u00c1T B\u0102NG KEO THWING-ALBERT MODEL FP-2260\"}]},{\"@type\":\"WebSite\",\"@id\":\"https:\/\/vannangvn.123websitedev.com\/#website\",\"url\":\"https:\/\/vannangvn.123websitedev.com\/\",\"name\":\"Vannang.vn\",\"description\":\"\",\"publisher\":{\"@id\":\"https:\/\/vannangvn.123websitedev.com\/#organization\"},\"potentialAction\":[{\"@type\":\"SearchAction\",\"target\":{\"@type\":\"EntryPoint\",\"urlTemplate\":\"https:\/\/vannangvn.123websitedev.com\/?s={search_term_string}\"},\"query-input\":{\"@type\":\"PropertyValueSpecification\",\"valueRequired\":true,\"valueName\":\"search_term_string\"}}],\"inLanguage\":\"en-US\"},{\"@type\":\"Organization\",\"@id\":\"https:\/\/vannangvn.123websitedev.com\/#organization\",\"name\":\"Vannang.vn\",\"url\":\"https:\/\/vannangvn.123websitedev.com\/\",\"logo\":{\"@type\":\"ImageObject\",\"inLanguage\":\"en-US\",\"@id\":\"https:\/\/vannangvn.123websitedev.com\/#\/schema\/logo\/image\/\",\"url\":\"https:\/\/vannangvn.123websitedev.com\/wp-content\/uploads\/2026\/02\/logo-van-nang-02.png\",\"contentUrl\":\"https:\/\/vannangvn.123websitedev.com\/wp-content\/uploads\/2026\/02\/logo-van-nang-02.png\",\"width\":448,\"height\":111,\"caption\":\"Vannang.vn\"},\"image\":{\"@id\":\"https:\/\/vannangvn.123websitedev.com\/#\/schema\/logo\/image\/\"}}]}<\/script>\n<!-- \/ Yoast SEO Premium plugin. -->","yoast_head_json":{"title":"M\u00c1Y \u0110O L\u1ef0C MA S\u00c1T B\u0102NG KEO THWING-A... ch\u00ednh h\u00e3ng | V\u1ea1n N\u0103ng","description":"Mua ngay M\u00c1Y \u0110O L\u1ef0C MA S\u00c1T B\u0102NG KEO THWING-ALBERT MODEL FP-2260 ch\u00ednh h\u00e3ng. Gi\u00e1 t\u1ed1t!","robots":{"index":"noindex","follow":"follow","max-snippet":"max-snippet:-1","max-image-preview":"max-image-preview:large","max-video-preview":"max-video-preview:-1"},"og_locale":"en_US","og_type":"article","og_title":"M\u00c1Y \u0110O L\u1ef0C MA S\u00c1T B\u0102NG KEO THWING-ALBERT MODEL FP-2260","og_description":"Mua ngay M\u00c1Y \u0110O L\u1ef0C MA S\u00c1T B\u0102NG KEO THWING-ALBERT MODEL FP-2260 ch\u00ednh h\u00e3ng. Gi\u00e1 t\u1ed1t!","og_url":"https:\/\/vannangvn.123websitedev.com\/en\/product\/may-do-luc-ma-sat-bang-keo-thwing-albert-model-fp-2260\/","og_site_name":"Vannang.vn","article_modified_time":"2026-03-30T11:31:08+00:00","og_image":[{"width":768,"height":576,"url":"http:\/\/vannangvn.123websitedev.com\/wp-content\/uploads\/2026\/03\/FP-2260-768x576-copy.jpg","type":"image\/jpeg"}],"twitter_card":"summary_large_image","twitter_misc":{"Est. reading time":"2 minutes"},"schema":{"@context":"https:\/\/schema.org","@graph":[{"@type":"WebPage","@id":"https:\/\/vannangvn.123websitedev.com\/san-pham\/may-do-luc-ma-sat-bang-keo-thwing-albert-model-fp-2260\/","url":"https:\/\/vannangvn.123websitedev.com\/san-pham\/may-do-luc-ma-sat-bang-keo-thwing-albert-model-fp-2260\/","name":"M\u00c1Y \u0110O L\u1ef0C MA S\u00c1T B\u0102NG KEO THWING-A... ch\u00ednh h\u00e3ng | V\u1ea1n N\u0103ng","isPartOf":{"@id":"https:\/\/vannangvn.123websitedev.com\/#website"},"primaryImageOfPage":{"@id":"https:\/\/vannangvn.123websitedev.com\/san-pham\/may-do-luc-ma-sat-bang-keo-thwing-albert-model-fp-2260\/#primaryimage"},"image":{"@id":"https:\/\/vannangvn.123websitedev.com\/san-pham\/may-do-luc-ma-sat-bang-keo-thwing-albert-model-fp-2260\/#primaryimage"},"thumbnailUrl":"https:\/\/vannangvn.123websitedev.com\/wp-content\/uploads\/2026\/03\/FP-2260-768x576-copy.jpg","datePublished":"2026-03-20T10:39:19+00:00","dateModified":"2026-03-30T11:31:08+00:00","description":"Mua ngay M\u00c1Y \u0110O L\u1ef0C MA S\u00c1T B\u0102NG KEO THWING-ALBERT MODEL FP-2260 ch\u00ednh h\u00e3ng. Gi\u00e1 t\u1ed1t!","breadcrumb":{"@id":"https:\/\/vannangvn.123websitedev.com\/san-pham\/may-do-luc-ma-sat-bang-keo-thwing-albert-model-fp-2260\/#breadcrumb"},"inLanguage":"en-US","potentialAction":[{"@type":"ReadAction","target":["https:\/\/vannangvn.123websitedev.com\/san-pham\/may-do-luc-ma-sat-bang-keo-thwing-albert-model-fp-2260\/"]}]},{"@type":"ImageObject","inLanguage":"en-US","@id":"https:\/\/vannangvn.123websitedev.com\/san-pham\/may-do-luc-ma-sat-bang-keo-thwing-albert-model-fp-2260\/#primaryimage","url":"https:\/\/vannangvn.123websitedev.com\/wp-content\/uploads\/2026\/03\/FP-2260-768x576-copy.jpg","contentUrl":"https:\/\/vannangvn.123websitedev.com\/wp-content\/uploads\/2026\/03\/FP-2260-768x576-copy.jpg","width":768,"height":576},{"@type":"BreadcrumbList","@id":"https:\/\/vannangvn.123websitedev.com\/san-pham\/may-do-luc-ma-sat-bang-keo-thwing-albert-model-fp-2260\/#breadcrumb","itemListElement":[{"@type":"ListItem","position":1,"name":"Trang ch\u1ee7","item":"https:\/\/vannangvn.123websitedev.com\/"},{"@type":"ListItem","position":2,"name":"S\u1ea3n ph\u1ea9m","item":"https:\/\/vannangvn.123websitedev.com\/cua-hang\/"},{"@type":"ListItem","position":3,"name":"M\u00c1Y \u0110O L\u1ef0C MA S\u00c1T B\u0102NG KEO THWING-ALBERT MODEL FP-2260"}]},{"@type":"WebSite","@id":"https:\/\/vannangvn.123websitedev.com\/#website","url":"https:\/\/vannangvn.123websitedev.com\/","name":"Vannang.vn","description":"","publisher":{"@id":"https:\/\/vannangvn.123websitedev.com\/#organization"},"potentialAction":[{"@type":"SearchAction","target":{"@type":"EntryPoint","urlTemplate":"https:\/\/vannangvn.123websitedev.com\/?s={search_term_string}"},"query-input":{"@type":"PropertyValueSpecification","valueRequired":true,"valueName":"search_term_string"}}],"inLanguage":"en-US"},{"@type":"Organization","@id":"https:\/\/vannangvn.123websitedev.com\/#organization","name":"Vannang.vn","url":"https:\/\/vannangvn.123websitedev.com\/","logo":{"@type":"ImageObject","inLanguage":"en-US","@id":"https:\/\/vannangvn.123websitedev.com\/#\/schema\/logo\/image\/","url":"https:\/\/vannangvn.123websitedev.com\/wp-content\/uploads\/2026\/02\/logo-van-nang-02.png","contentUrl":"https:\/\/vannangvn.123websitedev.com\/wp-content\/uploads\/2026\/02\/logo-van-nang-02.png","width":448,"height":111,"caption":"Vannang.vn"},"image":{"@id":"https:\/\/vannangvn.123websitedev.com\/#\/schema\/logo\/image\/"}}]}},"_links":{"self":[{"href":"https:\/\/vannangvn.123websitedev.com\/en\/wp-json\/wp\/v2\/product\/6904","targetHints":{"allow":["GET"]}}],"collection":[{"href":"https:\/\/vannangvn.123websitedev.com\/en\/wp-json\/wp\/v2\/product"}],"about":[{"href":"https:\/\/vannangvn.123websitedev.com\/en\/wp-json\/wp\/v2\/types\/product"}],"replies":[{"embeddable":true,"href":"https:\/\/vannangvn.123websitedev.com\/en\/wp-json\/wp\/v2\/comments?post=6904"}],"wp:featuredmedia":[{"embeddable":true,"href":"https:\/\/vannangvn.123websitedev.com\/en\/wp-json\/wp\/v2\/media\/9603"}],"wp:attachment":[{"href":"https:\/\/vannangvn.123websitedev.com\/en\/wp-json\/wp\/v2\/media?parent=6904"}],"wp:term":[{"taxonomy":"product_brand","embeddable":true,"href":"https:\/\/vannangvn.123websitedev.com\/en\/wp-json\/wp\/v2\/product_brand?post=6904"},{"taxonomy":"product_cat","embeddable":true,"href":"https:\/\/vannangvn.123websitedev.com\/en\/wp-json\/wp\/v2\/product_cat?post=6904"},{"taxonomy":"product_tag","embeddable":true,"href":"https:\/\/vannangvn.123websitedev.com\/en\/wp-json\/wp\/v2\/product_tag?post=6904"}],"curies":[{"name":"wp","href":"https:\/\/api.w.org\/{rel}","templated":true}]}}