{"id":6905,"date":"2026-03-20T17:39:20","date_gmt":"2026-03-20T10:39:20","guid":{"rendered":"https:\/\/vannangvn.123websitedev.com\/san-pham\/may-do-luong-hap-thu-dau-anton-paar-brabender-absorptometer\/"},"modified":"2026-03-30T18:31:08","modified_gmt":"2026-03-30T11:31:08","slug":"may-do-luong-hap-thu-dau-anton-paar-brabender-absorptometer","status":"publish","type":"product","link":"https:\/\/vannangvn.123websitedev.com\/en\/product\/may-do-luong-hap-thu-dau-anton-paar-brabender-absorptometer\/","title":{"rendered":"M\u00c1Y \u0110O L\u01af\u1ee2NG H\u1ea4P TH\u1ee4 D\u1ea6U ANTON PAAR BRABENDER ABSORPTOMETER"},"content":{"rendered":"<h1 style=\"color: red; font-weight: bold; font-size: 24px;\">T&#7893;ng quan s&#7843;n ph&#7849;m M&Aacute;Y &#272;O L&#431;&#7906;NG H&#7844;P TH&#7908; D&#7846;U ANTON PAAR BRABENDER ABSORPTOMETER<p>M&aacute;y &#272;o L&#432;&#7907;ng H&#7845;p Th&#7909; D&#7847;u (Oil Absorption Measuring Device) Anton Paar Brabender AbsorptoMeter<br>\nAnton Paar Brabender AbsorptoMeter l&agrave; thi&#7871;t b&#7883; h&agrave;ng &#273;&#7847;u trong vi&#7879;c &#273;o l&#432;&#7901;ng l&#432;&#7907;ng h&#7845;p th&#7909; d&#7847;u, tu&acirc;n th&#7911; c&aacute;c ti&ecirc;u chu&#7849;n qu&#7889;c t&#7871; nh&#432; ASTM. V&#7899;i s&#7921; h&#7895; tr&#7907; c&#7911;a ph&#7847;n m&#7873;m t&#7921; &#273;&#7897;ng h&oacute;a, thi&#7871;t b&#7883; n&agrave;y kh&ocirc;ng ch&#7881; gi&#7843;m thi&#7875;u sai s&oacute;t m&agrave; c&ograve;n n&acirc;ng cao &#273;&#7897; ch&iacute;nh x&aacute;c v&agrave; kh&#7843; n&#259;ng l&#7863;p l&#7841;i c&#7911;a c&aacute;c ph&eacute;p &#273;o, mang l&#7841;i hi&#7879;u qu&#7843; t&#7889;i &#432;u trong quy tr&igrave;nh th&#7917; nghi&#7879;m c&#7911;a ph&ograve;ng th&iacute; nghi&#7879;m. H&atilde;y c&ugrave;ng V&#7841;n N&#259;ng t&igrave;m hi&#7875;u chi ti&#7871;t h&#417;n v&#7873; s&#7843;n ph&#7849;m th&ocirc;ng qua b&agrave;i vi&#7871;t n&agrave;y!<\/p><p>&#272;&#7863;c Tr&#432;ng C&#7911;a Brabender AbsorptoMeter<br>\nThi&#7871;t K&#7871; B&#7873;n B&#7881; V&#7899;i V&#7887; Th&eacute;p Kh&ocirc;ng G&#7881;<br>\nAnton Paar AbsorptoMeter s&#7903; h&#7919;u thi&#7871;t k&#7871; v&#432;&#7907;t tr&#7897;i v&#7899;i v&#7887; b&#7885;c th&eacute;p kh&ocirc;ng g&#7881; cao c&#7845;p, &#273;&#7843;m b&#7843;o &#273;&#7897; b&#7873;n v&agrave; kh&#7843; n&#259;ng ch&#7889;ng l&#7841;i c&aacute;c &#273;i&#7873;u ki&#7879;n m&ocirc;i tr&#432;&#7901;ng kh&#7855;c nghi&#7879;t. Kh&ocirc;ng ch&#7881; mang l&#7841;i tu&#7893;i th&#7885; l&acirc;u d&agrave;i cho thi&#7871;t b&#7883;, v&#7887; th&eacute;p kh&ocirc;ng g&#7881; c&ograve;n gi&uacute;p thi&#7871;t b&#7883; d&#7877; d&agrave;ng v&#7879; sinh, t&#7915; &#273;&oacute; duy tr&igrave; ch&#7845;t l&#432;&#7907;ng &#273;o l&#432;&#7901;ng &#7893;n &#273;&#7883;nh qua th&#7901;i gian. &#272;&acirc;y l&agrave; l&#7921;a ch&#7885;n l&yacute; t&#432;&#7903;ng cho c&aacute;c ph&ograve;ng th&iacute; nghi&#7879;m &#273;&ograve;i h&#7887;i c&ocirc;ng c&#7909; c&oacute; &#273;&#7897; b&#7873;n cao, ho&#7841;t &#273;&#7897;ng &#273;&aacute;ng tin c&#7853;y v&agrave; &iacute;t y&ecirc;u c&#7847;u b&#7843;o tr&igrave;.<br>\nKh&#7843; N&#259;ng Chu&#7849;n &#272;&#7897; Linh Ho&#7841;t V&agrave; &#272;a D&#7841;ng<br>\nThi&#7871;t B&#7883; AbsorptoMeter mang &#273;&#7871;n c&aacute;c t&ugrave;y ch&#7885;n chu&#7849;n &#273;&#7897; d&#7847;u v&agrave;o c&aacute;c lo&#7841;i b&#7897;t h&oacute;a ch&#7845;t v&#7899;i nhi&#7873;u t&#7889;c &#273;&#7897; c&#7845;p li&#7879;u kh&aacute;c nhau, bao g&#7891;m c&#7843; kh&#7843; n&#259;ng x&#7917; l&yacute; &#273;&#7897; nh&#7899;t cao l&ecirc;n &#273;&#7871;n 1,000,000 mPas. &#272;i&#7873;u n&agrave;y mang l&#7841;i s&#7921; linh ho&#7841;t t&#7889;i &#273;a cho ng&#432;&#7901;i d&ugrave;ng trong vi&#7879;c &#273;i&#7873;u ch&#7881;nh quy tr&igrave;nh th&#7917; nghi&#7879;m ph&ugrave; h&#7907;p v&#7899;i t&#7915;ng lo&#7841;i m&#7851;u v&#7853;t.<\/p><p>H&#417;n th&#7871; n&#7919;a, thi&#7871;t b&#7883; c&ograve;n c&oacute; kh&#7843; n&#259;ng x&#7917; l&yacute; c&aacute;c dung m&ocirc;i m&#7841;nh nh&#432; NMP (N-Methyl-2-pyrrolidone), gi&uacute;p &#273;&#7843;m b&#7843;o k&#7871;t qu&#7843; th&#7917; nghi&#7879;m ch&iacute;nh x&aacute;c v&agrave; &#7893;n &#273;&#7883;nh ngay c&#7843; trong c&aacute;c t&igrave;nh hu&#7889;ng kh&oacute; kh&#259;n v&agrave; ph&#7913;c t&#7841;p nh&#7845;t.<br>\nPh&#7847;n M&#7873;m T&#7889;i &#431;u Cho Qu&#7843;n L&yacute; Quy Tr&igrave;nh<br>\nPh&#7847;n m&#7873;m &#273;&#432;&#7907;c t&iacute;ch h&#7907;p trong Model AbsorptoMeter kh&ocirc;ng ch&#7881; gi&uacute;p t&#7921; &#273;&#7897;ng h&oacute;a quy tr&igrave;nh m&agrave; c&ograve;n cung c&#7845;p nhi&#7873;u t&iacute;nh n&#259;ng h&#7895; tr&#7907; qu&#7843;n l&yacute; v&agrave; ph&acirc;n t&iacute;ch d&#7919; li&#7879;u hi&#7879;u qu&#7843;. Ng&#432;&#7901;i d&ugrave;ng c&oacute; th&#7875; so s&aacute;nh k&#7871;t qu&#7843; &#273;o hi&#7879;n t&#7841;i v&#7899;i c&aacute;c ph&eacute;p &#273;o tr&#432;&#7899;c &#273;&oacute; trong th&#7901;i gian th&#7921;c, t&#7915; &#273;&oacute; &#273;&#432;a ra c&aacute;c quy&#7871;t &#273;&#7883;nh nhanh ch&oacute;ng v&agrave; ch&iacute;nh x&aacute;c.<\/p><p>T&iacute;nh n&#259;ng xu&#7845;t d&#7919; li&#7879;u c&#361;ng gi&uacute;p d&#7877; d&agrave;ng chia s&#7867; th&ocirc;ng tin v&agrave; l&#432;u tr&#7919; k&#7871;t qu&#7843; &#273;o l&#432;&#7901;ng, t&#7889;i &#432;u h&oacute;a quy tr&igrave;nh l&agrave;m vi&#7879;c c&#7911;a ph&ograve;ng th&iacute; nghi&#7879;m. Vi&#7879;c l&ecirc;n l&#7883;ch tr&#432;&#7899;c c&aacute;c ph&eacute;p &#273;o c&#361;ng tr&#7903; n&ecirc;n &#273;&#417;n gi&#7843;n v&agrave; hi&#7879;u qu&#7843; h&#417;n, gi&uacute;p b&#7841;n ti&#7871;t ki&#7879;m th&#7901;i gian v&agrave; n&acirc;ng cao hi&#7879;u su&#7845;t l&agrave;m vi&#7879;c.<br>\nTu&acirc;n Th&#7911; Ti&ecirc;u Chu&#7849;n Qu&#7889;c T&#7871;<br>\nM&aacute;y AbsorptoMeter &#273;&#432;&#7907;c thi&#7871;t k&#7871; &#273;&#7875; &#273;&aacute;p &#7913;ng v&agrave; tu&acirc;n th&#7911; ho&agrave;n to&agrave;n c&aacute;c ti&ecirc;u chu&#7849;n qu&#7889;c t&#7871; kh&#7855;t khe v&#7873; th&#7917; nghi&#7879;m h&#7845;p th&#7909; d&#7847;u, bao g&#7891;m c&aacute;c ti&ecirc;u chu&#7849;n nh&#432; ASTM D2414, ASTM D3493, v&agrave; ASTM D6854. Vi&#7879;c tu&acirc;n th&#7911; c&aacute;c ti&ecirc;u chu&#7849;n n&agrave;y kh&ocirc;ng ch&#7881; gi&uacute;p &#273;&#7843;m b&#7843;o s&#7921; &#273;&#7891;ng b&#7897; trong s&#7843;n xu&#7845;t m&agrave; c&ograve;n mang l&#7841;i uy t&iacute;n cho doanh nghi&#7879;p trong vi&#7879;c cung c&#7845;p c&aacute;c s&#7843;n ph&#7849;m &#273;&#7841;t ch&#7845;t l&#432;&#7907;ng to&agrave;n c&#7847;u.<br>\nT&#7921; &#272;&#7897;ng H&oacute;a V&agrave; &#272;&#7897; Ch&iacute;nh X&aacute;c Tuy&#7879;t &#272;&#7889;i<br>\nM&#7897;t trong nh&#7919;ng &#432;u &#273;i&#7875;m l&#7899;n nh&#7845;t c&#7911;a Brabender AbsorptoMeter l&agrave; kh&#7843; n&#259;ng t&#7921; &#273;&#7897;ng h&oacute;a quy tr&igrave;nh ki&#7875;m tra, lo&#7841;i b&#7887; ho&agrave;n to&agrave;n s&#7921; can thi&#7879;p c&#7911;a con ng&#432;&#7901;i v&agrave;o qu&aacute; tr&igrave;nh &#273;o l&#432;&#7901;ng. Thay v&igrave; s&#7917; d&#7909;ng c&aacute;c ph&#432;&#417;ng ph&aacute;p th&#7911; c&ocirc;ng d&#7877; g&acirc;y ra sai s&oacute;t, thi&#7871;t b&#7883; n&agrave;y h&#7895; tr&#7907; t&#7921; &#273;&#7897;ng h&oacute;a th&ocirc;ng qua ph&#7847;n m&#7873;m ti&ecirc;n ti&#7871;n, gi&uacute;p gi&#7843;m thi&#7875;u s&#7921; &#7843;nh h&#432;&#7903;ng c&#7911;a ng&#432;&#7901;i v&#7853;n h&agrave;nh. Nh&#7901; &#273;&oacute;, quy tr&igrave;nh l&agrave;m vi&#7879;c tr&#7903; n&ecirc;n nhanh ch&oacute;ng v&agrave; tr&#417;n tru h&#417;n, &#273;&#7843;m b&#7843;o c&aacute;c k&#7871;t qu&#7843; th&#7917; nghi&#7879;m ch&iacute;nh x&aacute;c tuy&#7879;t &#273;&#7889;i, h&#7841;n ch&#7871; t&#7889;i &#273;a c&aacute;c l&#7895;i ti&#7873;m &#7849;n do y&#7871;u t&#7889; con ng&#432;&#7901;i.<\/p><p>&#431;u &#272;i&#7875;m V&#432;&#7907;t Tr&#7897;i C&#7911;a Brabender AbsorptoMeter<br>\n&#272;&#7897; Ch&iacute;nh X&aacute;c V&#432;&#7907;t Tr&#7897;i<br>\nV&#7899;i kh&#7843; n&#259;ng t&#7921; &#273;&#7897;ng h&oacute;a to&agrave;n di&#7879;n v&agrave; ph&#7847;n m&#7873;m h&#7895; tr&#7907; t&#7889;i &#432;u, AbsorptoMeter &#273;&#7843;m b&#7843;o &#273;&#7897; ch&iacute;nh x&aacute;c tuy&#7879;t &#273;&#7889;i trong m&#7885;i ph&eacute;p &#273;o. &#272;i&#7873;u n&agrave;y gi&uacute;p lo&#7841;i b&#7887; ho&agrave;n to&agrave;n c&aacute;c sai s&#7889; do y&#7871;u t&#7889; con ng&#432;&#7901;i v&agrave; &#273;&#7843;m b&#7843;o t&iacute;nh nh&#7845;t qu&aacute;n cho c&aacute;c k&#7871;t qu&#7843; &#273;o l&#432;&#7901;ng.<br>\nN&acirc;ng Cao Hi&#7879;u Su&#7845;t L&agrave;m Vi&#7879;c<br>\nNh&#7901; v&agrave;o h&#7879; th&#7889;ng t&#7921; &#273;&#7897;ng v&agrave; ph&#7847;n m&#7873;m t&iacute;ch h&#7907;p, thi&#7871;t b&#7883; gi&uacute;p gi&#7843;m thi&#7875;u th&#7901;i gian th&#7921;c hi&#7879;n th&#7917; nghi&#7879;m, &#273;&#7891;ng th&#7901;i gi&#7843;m kh&#7889;i l&#432;&#7907;ng c&ocirc;ng vi&#7879;c th&#7911; c&ocirc;ng. &#272;i&#7873;u n&agrave;y kh&ocirc;ng ch&#7881; gi&uacute;p t&#259;ng t&#7889;c &#273;&#7897; x&#7917; l&yacute; m&agrave; c&ograve;n c&#7843;i thi&#7879;n hi&#7879;u su&#7845;t l&agrave;m vi&#7879;c t&#7893;ng th&#7875; c&#7911;a ph&ograve;ng th&iacute; nghi&#7879;m.<\/p><p>Tu&#7893;i Th&#7885; Cao V&agrave; B&#7843;o Tr&igrave; D&#7877; D&agrave;ng<br>\nV&#7899;i thi&#7871;t k&#7871; v&#7887; th&eacute;p kh&ocirc;ng g&#7881;, AbsorptoMeter Anton Paar kh&ocirc;ng ch&#7881; b&#7873;n b&#7881; m&agrave; c&ograve;n d&#7877; d&agrave;ng v&#7879; sinh v&agrave; b&#7843;o tr&igrave;. &#272;i&#7873;u n&agrave;y gi&uacute;p thi&#7871;t b&#7883; c&oacute; th&#7875; ho&#7841;t &#273;&#7897;ng l&acirc;u d&agrave;i m&agrave; kh&ocirc;ng c&#7847;n nhi&#7873;u c&ocirc;ng s&#7913;c b&#7843;o d&#432;&#7905;ng, gi&uacute;p ti&#7871;t ki&#7879;m chi ph&iacute; v&agrave; th&#7901;i gian.<br>\nLinh Ho&#7841;t V&agrave; &#272;a D&#7841;ng Trong &#7912;ng D&#7909;ng<br>\nKh&#7843; n&#259;ng x&#7917; l&yacute; nhi&#7873;u lo&#7841;i ch&#7845;t kh&aacute;c nhau, t&#7915; c&aacute;c lo&#7841;i b&#7897;t c&oacute; &#273;&#7897; nh&#7899;t th&#7845;p &#273;&#7871;n c&aacute;c dung m&ocirc;i m&#7841;nh, gi&uacute;p thi&#7871;t b&#7883; tr&#7903; n&ecirc;n linh ho&#7841;t v&agrave; ph&ugrave; h&#7907;p v&#7899;i nhi&#7873;u lo&#7841;i &#7913;ng d&#7909;ng kh&aacute;c nhau. &#272;i&#7873;u n&agrave;y &#273;&#7843;m b&#7843;o r&#7857;ng b&#7841;n c&oacute; th&#7875; d&#7877; d&agrave;ng &#273;i&#7873;u ch&#7881;nh quy tr&igrave;nh &#273;&#7875; ph&ugrave; h&#7907;p v&#7899;i t&#7915;ng y&ecirc;u c&#7847;u c&#7909; th&#7875;.<br>\nH&#7895; Tr&#7907; Ph&#7847;n M&#7873;m To&agrave;n Di&#7879;n<br>\nPh&#7847;n m&#7873;m t&iacute;ch h&#7907;p gi&uacute;p c&#7843;i thi&#7879;n kh&#7843; n&#259;ng qu&#7843;n l&yacute; d&#7919; li&#7879;u, d&#7877; d&agrave;ng truy xu&#7845;t th&ocirc;ng tin, v&agrave; t&#7921; &#273;&#7897;ng h&oacute;a quy tr&igrave;nh th&#7917; nghi&#7879;m, t&#7915; &#273;&oacute; gi&uacute;p t&#7889;i &#432;u h&oacute;a hi&#7879;u qu&#7843; l&agrave;m vi&#7879;c v&agrave; n&acirc;ng cao &#273;&#7897; tin c&#7853;y c&#7911;a c&aacute;c ph&eacute;p &#273;o.<\/p><p>Nh&#7919;ng L&yacute; Do N&ecirc;n Mua M&aacute;y &#272;o L&#432;&#7907;ng H&#7845;p Th&#7909; D&#7847;u T&#7841;i Thi&#7871;t B&#7883; C&ocirc;ng Ngh&#7879; V&#7841;n N&#259;ng<\/p><p>C&ocirc;ng ty Thi&#7871;t B&#7883; C&ocirc;ng Ngh&#7879; V&#7841;n N&#259;ng l&agrave; &#273;&#7889;i t&aacute;c ch&iacute;nh th&#7913;c ph&acirc;n ph&#7889;i M&aacute;y &#272;o L&#432;&#7907;ng H&#7845;p Th&#7909; D&#7847;u h&agrave;ng &#273;&#7847;u t&#7841;i Vi&#7879;t Nam, cam k&#7871;t cung c&#7845;p s&#7843;n ph&#7849;m ch&iacute;nh h&atilde;ng v&#7899;i gi&aacute; c&#7843; c&#7841;nh tranh nh&#7845;t th&#7883; tr&#432;&#7901;ng. V&#7899;i uy t&iacute;n tr&ecirc;n th&#7883; tr&#432;&#7901;ng v&agrave; ch&#7871; &#273;&#7897; h&#7851;u m&atilde;i t&#7889;t, V&#7841;n N&#259;ng &#273;&atilde; nh&#7853;n &#273;&#432;&#7907;c s&#7921; tin t&#432;&#7903;ng t&#7915; kh&aacute;ch h&agrave;ng nh&#7901; v&agrave;o ch&#7845;t l&#432;&#7907;ng h&agrave;ng &#273;&#7847;u c&#7911;a c&aacute;c d&ograve;ng s&#7843;n ph&#7849;m.<br>\nS&#7843;n ph&#7849;m c&#7911;a ch&uacute;ng t&ocirc;i &#273;&#432;&#7907;c ki&#7875;m &#273;&#7883;nh ch&#7845;t l&#432;&#7907;ng, nh&#7853;p kh&#7849;u tr&#7921;c ti&#7871;p t&#7915; nh&agrave; m&aacute;y b&ecirc;n Ch&acirc;u &Acirc;u, M&#7929;, &Uacute;c, Nh&#7853;t B&#7843;n,&hellip; v&agrave; &#273;&aacute;p &#7913;ng nhu c&#7847;u &#273;a d&#7841;ng c&#7911;a th&#7883; tr&#432;&#7901;ng nh&#432;: M&aacute;y &#272;o &#272;&#7897; C&#7913;ng, M&aacute;y SpectroMaxx, M&aacute;y Ki&#7875;m Tra &#272;&#7897; B&#7873;n S&#417;n,&hellip; Ch&uacute;ng t&ocirc;i cam k&#7871;t cung c&#7845;p s&#7843;n ph&#7849;m n&agrave;y tr&ecirc;n to&agrave;n qu&#7889;c v&#7899;i gi&aacute; c&#7843; c&#7841;nh tranh nh&#7845;t.<br>\nCh&uacute;ng t&ocirc;i c&oacute; &#273;&#7897;i ng&#361; chuy&ecirc;n vi&ecirc;n t&#432; v&#7845;n chuy&ecirc;n s&acirc;u s&#7869; h&#7895; tr&#7907; kh&aacute;ch h&agrave;ng v&#7873; chi ti&#7871;t s&#7843;n ph&#7849;m, h&#432;&#7899;ng d&#7851;n s&#7917; d&#7909;ng hay nh&#7919;ng th&#7913; li&ecirc;n quan &#273;&#7871;n v&#7845;n &#273;&#7873; m&agrave; doanh nghi&#7879;p b&#7841;n &#273;ang g&#7863;p ph&#7843;i. Ch&uacute;ng t&ocirc;i s&#7869; cung c&#7845;p nh&#7919;ng gi&#7843;i ph&aacute;p t&#7889;i &#432;u nh&#7845;t !!!<br>\nNgo&agrave;i ra V&#7841;n N&#259;ng Company lu&ocirc;n h&#432;&#7899;ng &#273;&#7871;n tr&#7843;i nghi&#7879;m kh&aacute;ch h&agrave;ng, v&igrave; v&#7853;y ch&uacute;ng t&ocirc;i c&oacute; nh&#7919;ng ch&iacute;nh s&aacute;ch b&#7843;o h&agrave;nh, b&#7843;o tr&igrave; &ndash; b&#7843;o d&#432;&#7905;ng, hi&#7879;u chu&#7849;n v&#7899;i t&#7845;t c&#7843; c&aacute;c thi&#7871;t b&#7883;, m&aacute;y m&oacute;c m&agrave; ch&uacute;ng t&ocirc;i cung c&#7845;p. &#272;&#7843;m b&#7843;o mang &#273;&#7871;n cho Kh&aacute;ch h&agrave;ng s&#7921; y&ecirc;n t&acirc;m tuy&#7879;t &#273;&#7889;i v&#7873; d&#7883;ch v&#7909; khi mua h&agrave;ng.<\/p><p>T&#7893;ng K&#7871;t<br>\nThi&#7871;t B&#7883; Brabender AbsorptoMeter l&agrave; gi&#7843;i ph&aacute;p to&agrave;n di&#7879;n v&agrave; &#432;u vi&#7879;t cho c&aacute;c ph&ograve;ng th&iacute; nghi&#7879;m trong vi&#7879;c &#273;o l&#432;&#7901;ng kh&#7843; n&#259;ng h&#7845;p th&#7909; d&#7847;u c&#7911;a carbon &#273;en, silica v&agrave; c&aacute;c lo&#7841;i b&#7897;t h&oacute;a ch&#7845;t kh&aacute;c. V&#7899;i t&iacute;nh n&#259;ng t&#7921; &#273;&#7897;ng h&oacute;a ti&ecirc;n ti&#7871;n, ph&#7847;n m&#7873;m h&#7895; tr&#7907; m&#7841;nh m&#7869; v&agrave; thi&#7871;t k&#7871; b&#7873;n b&#7881;, thi&#7871;t b&#7883; n&agrave;y kh&ocirc;ng ch&#7881; gi&uacute;p n&acirc;ng cao &#273;&#7897; ch&iacute;nh x&aacute;c v&agrave; hi&#7879;u su&#7845;t l&agrave;m vi&#7879;c m&agrave; c&ograve;n &#273;&#7843;m b&#7843;o tu&acirc;n th&#7911; c&aacute;c ti&ecirc;u chu&#7849;n qu&#7889;c t&#7871;, mang l&#7841;i s&#7921; tin c&#7853;y tuy&#7879;t &#273;&#7889;i cho m&#7885;i ph&eacute;p th&#7917;. H&atilde;y li&ecirc;n h&#7879; v&#7899;i V&#7841;n N&#259;ng Company ngay &#273;&#7875; &#273;&#432;&#7907;c t&#432; v&#7845;n chuy&ecirc;n s&acirc;u v&agrave; nh&#7853;n c&aacute;c &#432;u &#273;&atilde;i h&#7845;p d&#7851;n nh&#7845;t th&ocirc;ng qua hotline\/zalo: <a href=\"https:\/\/zalo.me\/0903991335\" target=\"_blank\" rel=\"noopener\" style=\"color: #059669; font-weight: bold; text-decoration: none;\">0903 991 335<\/a>!<\/p><div style=\"background-color: #f8fafc; border: 1px solid #e2e8f0; border-radius: 8px; padding: 25px; max-width: 800px; margin: 30px auto; color: #334155; line-height: 1.8; font-size: 17px; box-shadow: 0 4px 6px -1px rgba(0,0,0,0.05); text-align: left; clear: both;\">\nC&ocirc;ng ty TNHH Th&#432;&#417;ng M&#7841;i D&#7883;ch V&#7909; Thi&#7871;t B&#7883; C&ocirc;ng Ngh&#7879; V&#7841;n N&#259;ng\n<p style=\"margin: 0 0 10px 0;\">&#128205; <strong style=\"color: #1e293b;\">&#272;&#7883;a ch&#7881;:<\/strong> <a style=\"color: #059669; text-decoration: none; font-weight: bold;\" href=\"https:\/\/www.google.com\/maps\/search\/C%C3%B4ng+ty+TNHH+Th%C6%B0%C6%A1ng+M%E1%BA%A1i+D%E1%BB%8Bch+V%E1%BB%A5+Thi%E1%BA%BFt+B%E1%BB%8B+C%C3%B4ng+Ngh%E1%BB%87+V%E1%BA%A1n+N%C4%83ng+818+Tr%C6%B0%E1%BB%9Dng+Chinh\" target=\"_blank\" rel=\"noopener\">818 Tr&#432;&#7901;ng Chinh, Ph&#432;&#7901;ng T&acirc;n S&#417;n, Th&agrave;nh ph&#7889; H&#7891; Ch&iacute; Minh, Vi&#7879;t Nam<\/a><\/p>\n<p style=\"margin: 0 0 10px 0;\">&#128222; <strong style=\"color: #1e293b;\">S&#272;T &ndash; Zalo:<\/strong> <a style=\"color: #059669; text-decoration: none; font-weight: bold;\" href=\"https:\/\/zalo.me\/0903991335\" target=\"_blank\" rel=\"noopener\">0903 991 335<\/a> <span style=\"color: #64748b; font-style: italic;\">(Ms. H&#7841;nh &ndash; Gi&aacute;m &#272;&#7889;c Kinh Doanh)<\/span><\/p>\n<p style=\"margin: 0;\">&#9993;&#65039; <strong style=\"color: #1e293b;\">Email:<\/strong> <a style=\"color: #059669; text-decoration: none; font-weight: bold;\" href=\"mailto:hienhanh@vannangvn.com\">hienhanh@vannangvn.com<\/a><\/p>\n<\/div><\/h1>","protected":false},"excerpt":{"rendered":"<p><strong>Th&#432;&#417;ng hi&#7879;u:<\/strong> OEM<br>\n<strong>Model:<\/strong> Brabender AbsorptoMeter<p>Product <strong>M&Aacute;Y &#272;O L&#431;&#7906;NG H&#7844;P TH&#7908; D&#7846;U ANTON PAAR BRABENDER ABSORPTOMETER<\/strong> ch&iacute;nh h&atilde;ng. <\/p><\/p>","protected":false},"featured_media":0,"comment_status":"open","ping_status":"closed","template":"","meta":[],"product_brand":[],"product_cat":[18],"product_tag":[465,1352,1805,2025,109,120,181,320,420,464],"class_list":{"0":"post-6905","1":"product","2":"type-product","3":"status-publish","5":"product_cat-chua-phan-loai","6":"product_tag-paar","7":"product_tag-brabender","8":"product_tag-hap","9":"product_tag-absorptometer","10":"product_tag-may","11":"product_tag-thu","12":"product_tag-do","13":"product_tag-luong","14":"product_tag-dau","15":"product_tag-anton","17":"first","18":"instock","19":"shipping-taxable","20":"product-type-simple"},"yoast_head":"<!-- This site is optimized with the Yoast SEO Premium plugin v24.8 (Yoast SEO v24.8) - https:\/\/yoast.com\/wordpress\/plugins\/seo\/ -->\n<title>M\u00c1Y \u0110O L\u01af\u1ee2NG H\u1ea4P TH\u1ee4 D\u1ea6U ANTON PAAR... ch\u00ednh h\u00e3ng | V\u1ea1n N\u0103ng<\/title>\n<meta name=\"description\" content=\"Mua ngay M\u00c1Y \u0110O L\u01af\u1ee2NG H\u1ea4P TH\u1ee4 D\u1ea6U ANTON PAAR BRABENDER ABSORPTOMETER ch\u00ednh h\u00e3ng. Gi\u00e1 t\u1ed1t!\" \/>\n<meta name=\"robots\" content=\"noindex, follow, max-snippet:-1, max-image-preview:large, max-video-preview:-1\" \/>\n<meta property=\"og:locale\" content=\"en_US\" \/>\n<meta property=\"og:type\" content=\"article\" \/>\n<meta property=\"og:title\" content=\"M\u00c1Y \u0110O L\u01af\u1ee2NG H\u1ea4P TH\u1ee4 D\u1ea6U ANTON PAAR BRABENDER ABSORPTOMETER\" \/>\n<meta property=\"og:description\" content=\"Mua ngay M\u00c1Y \u0110O L\u01af\u1ee2NG H\u1ea4P TH\u1ee4 D\u1ea6U ANTON PAAR BRABENDER ABSORPTOMETER ch\u00ednh h\u00e3ng. Gi\u00e1 t\u1ed1t!\" \/>\n<meta property=\"og:url\" content=\"https:\/\/vannangvn.123websitedev.com\/en\/product\/may-do-luong-hap-thu-dau-anton-paar-brabender-absorptometer\/\" \/>\n<meta property=\"og:site_name\" content=\"Vannang.vn\" \/>\n<meta property=\"article:modified_time\" content=\"2026-03-30T11:31:08+00:00\" \/>\n<meta name=\"twitter:card\" content=\"summary_large_image\" \/>\n<meta name=\"twitter:label1\" content=\"Est. reading time\" \/>\n\t<meta name=\"twitter:data1\" content=\"11 minutes\" \/>\n<script type=\"application\/ld+json\" class=\"yoast-schema-graph\">{\"@context\":\"https:\/\/schema.org\",\"@graph\":[{\"@type\":\"WebPage\",\"@id\":\"https:\/\/vannangvn.123websitedev.com\/san-pham\/may-do-luong-hap-thu-dau-anton-paar-brabender-absorptometer\/\",\"url\":\"https:\/\/vannangvn.123websitedev.com\/san-pham\/may-do-luong-hap-thu-dau-anton-paar-brabender-absorptometer\/\",\"name\":\"M\u00c1Y \u0110O L\u01af\u1ee2NG H\u1ea4P TH\u1ee4 D\u1ea6U ANTON PAAR... ch\u00ednh h\u00e3ng | V\u1ea1n N\u0103ng\",\"isPartOf\":{\"@id\":\"https:\/\/vannangvn.123websitedev.com\/#website\"},\"datePublished\":\"2026-03-20T10:39:20+00:00\",\"dateModified\":\"2026-03-30T11:31:08+00:00\",\"description\":\"Mua ngay M\u00c1Y \u0110O L\u01af\u1ee2NG H\u1ea4P TH\u1ee4 D\u1ea6U ANTON PAAR BRABENDER ABSORPTOMETER ch\u00ednh h\u00e3ng. Gi\u00e1 t\u1ed1t!\",\"breadcrumb\":{\"@id\":\"https:\/\/vannangvn.123websitedev.com\/san-pham\/may-do-luong-hap-thu-dau-anton-paar-brabender-absorptometer\/#breadcrumb\"},\"inLanguage\":\"en-US\",\"potentialAction\":[{\"@type\":\"ReadAction\",\"target\":[\"https:\/\/vannangvn.123websitedev.com\/san-pham\/may-do-luong-hap-thu-dau-anton-paar-brabender-absorptometer\/\"]}]},{\"@type\":\"BreadcrumbList\",\"@id\":\"https:\/\/vannangvn.123websitedev.com\/san-pham\/may-do-luong-hap-thu-dau-anton-paar-brabender-absorptometer\/#breadcrumb\",\"itemListElement\":[{\"@type\":\"ListItem\",\"position\":1,\"name\":\"Trang ch\u1ee7\",\"item\":\"https:\/\/vannangvn.123websitedev.com\/\"},{\"@type\":\"ListItem\",\"position\":2,\"name\":\"S\u1ea3n ph\u1ea9m\",\"item\":\"https:\/\/vannangvn.123websitedev.com\/cua-hang\/\"},{\"@type\":\"ListItem\",\"position\":3,\"name\":\"M\u00c1Y \u0110O L\u01af\u1ee2NG H\u1ea4P TH\u1ee4 D\u1ea6U ANTON PAAR BRABENDER ABSORPTOMETER\"}]},{\"@type\":\"WebSite\",\"@id\":\"https:\/\/vannangvn.123websitedev.com\/#website\",\"url\":\"https:\/\/vannangvn.123websitedev.com\/\",\"name\":\"Vannang.vn\",\"description\":\"\",\"publisher\":{\"@id\":\"https:\/\/vannangvn.123websitedev.com\/#organization\"},\"potentialAction\":[{\"@type\":\"SearchAction\",\"target\":{\"@type\":\"EntryPoint\",\"urlTemplate\":\"https:\/\/vannangvn.123websitedev.com\/?s={search_term_string}\"},\"query-input\":{\"@type\":\"PropertyValueSpecification\",\"valueRequired\":true,\"valueName\":\"search_term_string\"}}],\"inLanguage\":\"en-US\"},{\"@type\":\"Organization\",\"@id\":\"https:\/\/vannangvn.123websitedev.com\/#organization\",\"name\":\"Vannang.vn\",\"url\":\"https:\/\/vannangvn.123websitedev.com\/\",\"logo\":{\"@type\":\"ImageObject\",\"inLanguage\":\"en-US\",\"@id\":\"https:\/\/vannangvn.123websitedev.com\/#\/schema\/logo\/image\/\",\"url\":\"https:\/\/vannangvn.123websitedev.com\/wp-content\/uploads\/2026\/02\/logo-van-nang-02.png\",\"contentUrl\":\"https:\/\/vannangvn.123websitedev.com\/wp-content\/uploads\/2026\/02\/logo-van-nang-02.png\",\"width\":448,\"height\":111,\"caption\":\"Vannang.vn\"},\"image\":{\"@id\":\"https:\/\/vannangvn.123websitedev.com\/#\/schema\/logo\/image\/\"}}]}<\/script>\n<!-- \/ Yoast SEO Premium plugin. -->","yoast_head_json":{"title":"M\u00c1Y \u0110O L\u01af\u1ee2NG H\u1ea4P TH\u1ee4 D\u1ea6U ANTON PAAR... ch\u00ednh h\u00e3ng | V\u1ea1n N\u0103ng","description":"Mua ngay M\u00c1Y \u0110O L\u01af\u1ee2NG H\u1ea4P TH\u1ee4 D\u1ea6U ANTON PAAR BRABENDER ABSORPTOMETER ch\u00ednh h\u00e3ng. Gi\u00e1 t\u1ed1t!","robots":{"index":"noindex","follow":"follow","max-snippet":"max-snippet:-1","max-image-preview":"max-image-preview:large","max-video-preview":"max-video-preview:-1"},"og_locale":"en_US","og_type":"article","og_title":"M\u00c1Y \u0110O L\u01af\u1ee2NG H\u1ea4P TH\u1ee4 D\u1ea6U ANTON PAAR BRABENDER ABSORPTOMETER","og_description":"Mua ngay M\u00c1Y \u0110O L\u01af\u1ee2NG H\u1ea4P TH\u1ee4 D\u1ea6U ANTON PAAR BRABENDER ABSORPTOMETER ch\u00ednh h\u00e3ng. Gi\u00e1 t\u1ed1t!","og_url":"https:\/\/vannangvn.123websitedev.com\/en\/product\/may-do-luong-hap-thu-dau-anton-paar-brabender-absorptometer\/","og_site_name":"Vannang.vn","article_modified_time":"2026-03-30T11:31:08+00:00","twitter_card":"summary_large_image","twitter_misc":{"Est. reading time":"11 minutes"},"schema":{"@context":"https:\/\/schema.org","@graph":[{"@type":"WebPage","@id":"https:\/\/vannangvn.123websitedev.com\/san-pham\/may-do-luong-hap-thu-dau-anton-paar-brabender-absorptometer\/","url":"https:\/\/vannangvn.123websitedev.com\/san-pham\/may-do-luong-hap-thu-dau-anton-paar-brabender-absorptometer\/","name":"M\u00c1Y \u0110O L\u01af\u1ee2NG H\u1ea4P TH\u1ee4 D\u1ea6U ANTON PAAR... ch\u00ednh h\u00e3ng | V\u1ea1n N\u0103ng","isPartOf":{"@id":"https:\/\/vannangvn.123websitedev.com\/#website"},"datePublished":"2026-03-20T10:39:20+00:00","dateModified":"2026-03-30T11:31:08+00:00","description":"Mua ngay M\u00c1Y \u0110O L\u01af\u1ee2NG H\u1ea4P TH\u1ee4 D\u1ea6U ANTON PAAR BRABENDER ABSORPTOMETER ch\u00ednh h\u00e3ng. Gi\u00e1 t\u1ed1t!","breadcrumb":{"@id":"https:\/\/vannangvn.123websitedev.com\/san-pham\/may-do-luong-hap-thu-dau-anton-paar-brabender-absorptometer\/#breadcrumb"},"inLanguage":"en-US","potentialAction":[{"@type":"ReadAction","target":["https:\/\/vannangvn.123websitedev.com\/san-pham\/may-do-luong-hap-thu-dau-anton-paar-brabender-absorptometer\/"]}]},{"@type":"BreadcrumbList","@id":"https:\/\/vannangvn.123websitedev.com\/san-pham\/may-do-luong-hap-thu-dau-anton-paar-brabender-absorptometer\/#breadcrumb","itemListElement":[{"@type":"ListItem","position":1,"name":"Trang ch\u1ee7","item":"https:\/\/vannangvn.123websitedev.com\/"},{"@type":"ListItem","position":2,"name":"S\u1ea3n ph\u1ea9m","item":"https:\/\/vannangvn.123websitedev.com\/cua-hang\/"},{"@type":"ListItem","position":3,"name":"M\u00c1Y \u0110O L\u01af\u1ee2NG H\u1ea4P TH\u1ee4 D\u1ea6U ANTON PAAR BRABENDER ABSORPTOMETER"}]},{"@type":"WebSite","@id":"https:\/\/vannangvn.123websitedev.com\/#website","url":"https:\/\/vannangvn.123websitedev.com\/","name":"Vannang.vn","description":"","publisher":{"@id":"https:\/\/vannangvn.123websitedev.com\/#organization"},"potentialAction":[{"@type":"SearchAction","target":{"@type":"EntryPoint","urlTemplate":"https:\/\/vannangvn.123websitedev.com\/?s={search_term_string}"},"query-input":{"@type":"PropertyValueSpecification","valueRequired":true,"valueName":"search_term_string"}}],"inLanguage":"en-US"},{"@type":"Organization","@id":"https:\/\/vannangvn.123websitedev.com\/#organization","name":"Vannang.vn","url":"https:\/\/vannangvn.123websitedev.com\/","logo":{"@type":"ImageObject","inLanguage":"en-US","@id":"https:\/\/vannangvn.123websitedev.com\/#\/schema\/logo\/image\/","url":"https:\/\/vannangvn.123websitedev.com\/wp-content\/uploads\/2026\/02\/logo-van-nang-02.png","contentUrl":"https:\/\/vannangvn.123websitedev.com\/wp-content\/uploads\/2026\/02\/logo-van-nang-02.png","width":448,"height":111,"caption":"Vannang.vn"},"image":{"@id":"https:\/\/vannangvn.123websitedev.com\/#\/schema\/logo\/image\/"}}]}},"_links":{"self":[{"href":"https:\/\/vannangvn.123websitedev.com\/en\/wp-json\/wp\/v2\/product\/6905","targetHints":{"allow":["GET"]}}],"collection":[{"href":"https:\/\/vannangvn.123websitedev.com\/en\/wp-json\/wp\/v2\/product"}],"about":[{"href":"https:\/\/vannangvn.123websitedev.com\/en\/wp-json\/wp\/v2\/types\/product"}],"replies":[{"embeddable":true,"href":"https:\/\/vannangvn.123websitedev.com\/en\/wp-json\/wp\/v2\/comments?post=6905"}],"wp:attachment":[{"href":"https:\/\/vannangvn.123websitedev.com\/en\/wp-json\/wp\/v2\/media?parent=6905"}],"wp:term":[{"taxonomy":"product_brand","embeddable":true,"href":"https:\/\/vannangvn.123websitedev.com\/en\/wp-json\/wp\/v2\/product_brand?post=6905"},{"taxonomy":"product_cat","embeddable":true,"href":"https:\/\/vannangvn.123websitedev.com\/en\/wp-json\/wp\/v2\/product_cat?post=6905"},{"taxonomy":"product_tag","embeddable":true,"href":"https:\/\/vannangvn.123websitedev.com\/en\/wp-json\/wp\/v2\/product_tag?post=6905"}],"curies":[{"name":"wp","href":"https:\/\/api.w.org\/{rel}","templated":true}]}}