{"id":6911,"date":"2026-03-20T17:39:31","date_gmt":"2026-03-20T10:39:31","guid":{"rendered":"https:\/\/vannangvn.123websitedev.com\/san-pham\/may-do-luu-bien-anton-paar-model-mcr-503-power\/"},"modified":"2026-03-30T18:31:18","modified_gmt":"2026-03-30T11:31:18","slug":"may-do-luu-bien-anton-paar-model-mcr-503-power","status":"publish","type":"product","link":"https:\/\/vannangvn.123websitedev.com\/en\/product\/may-do-luu-bien-anton-paar-model-mcr-503-power\/","title":{"rendered":"M\u00c1Y \u0110O L\u01afU BI\u1ebeN ANTON PAAR MODEL MCR 503 POWER"},"content":{"rendered":"<h1 style=\"color: red; font-weight: bold; font-size: 24px;\">T&#7893;ng quan s&#7843;n ph&#7849;m M&Aacute;Y &#272;O L&#431;U BI&#7870;N ANTON PAAR MODEL MCR 503 POWER<p>M&aacute;y &#272;o L&#432;u Bi&#7871;n (Modular Compact Rheometer) Anton Paar Model MCR 503 Power<br>\nMCR Evolution Series l&agrave; d&ograve;ng m&aacute;y &#273;o l&#432;u bi&#7871;n ti&ecirc;n ti&#7871;n v&agrave; hi&#7879;n &#273;&#7841;i &#273;&#7871;n t&#7915; th&#432;&#417;ng hi&#7879;u n&#7893;i ti&#7871;ng Ch&acirc;u &Acirc;u &ndash; Anton Paar kh&ocirc;ng ch&#7881; l&agrave; m&#7897;t b&#432;&#7899;c ti&#7871;n m&#7899;i m&agrave; c&ograve;n l&agrave; m&#7897;t b&#432;&#7899;c nh&#7843;y v&#432;&#7907;t tr&#7897;i trong l&#297;nh v&#7921;c nghi&ecirc;n c&#7913;u v&agrave; ki&#7875;m tra ch&#7845;t l&#432;&#7907;ng. V&#7899;i s&#7913;c m&#7841;nh c&#7911;a c&aacute;c t&iacute;nh n&#259;ng v&#432;&#7907;t tr&#7897;i v&agrave; s&#7921; linh ho&#7841;t, d&ograve;ng s&#7843;n ph&#7849;m n&agrave;y m&#7903; ra nh&#7919;ng kh&#7843; n&#259;ng kh&ocirc;ng gi&#7899;i h&#7841;n cho c&aacute;c &#7913;ng d&#7909;ng &#273;a d&#7841;ng. H&atilde;y c&ugrave;ng Thi&#7871;t B&#7883; C&ocirc;ng Ngh&#7879; V&#7841;n N&#259;ng t&igrave;m hi&#7875;u chi ti&#7871;t v&#7873; d&ograve;ng m&aacute;y &#273;o l&#432;u bi&#7871;n MCR c&#7911;a Anton Paar ngay d&#432;&#7899;i b&agrave;i vi&#7871;t n&agrave;y.<\/p><p>&#272;&#7863;c Tr&#432;ng C&#7911;a M&aacute;y &#272;o L&#432;u Bi&#7871;n<br>\nS&#7913;c M&#7841;nh V&#432;&#7907;t Tr&#7897;i<br>\nV&#7899;i kh&#7843; n&#259;ng &#273;o l&#432;u bi&#7871;n m&#7841;nh m&#7869; v&agrave; ch&iacute;nh x&aacute;c, c&ugrave;ng v&#7899;i s&#7921; k&#7871;t h&#7907;p c&#7911;a &#273;&#7897;ng c&#417; EC (&#273;&#7897;ng c&#417; &#273;&#7891;ng b&#7897; nam ch&acirc;m v&#297;nh) s&#7917; d&#7909;ng &#7893; tr&#7909;c kh&ocirc;ng kh&iacute; c&oacute; &#273;&#7897; ch&iacute;nh x&aacute;c cao v&#7899;i kh&#7843; n&#259;ng qu&#7843;n l&yacute; nhi&#7879;t ch&#7911; &#273;&#7897;ng , t&iacute;ch h&#7907;p c&#7843;m bi&#7871;n l&#7921;c ph&aacute;p tuy&#7871;n t&iacute;ch h&#7907;p v&agrave; b&#7897; m&atilde; h&oacute;a quang h&#7885;c c&oacute; &#273;&#7897; ph&acirc;n gi&#7843;i cao, MCR cho ph&eacute;p &#273;o l&#432;u bi&#7871;n &#7903; m&ocirc; men xo&#7855;n th&#7845;p nh&#7845;t t&#7915; tr&#432;&#7899;c &#273;&#7871;n nay.<\/p><p>B&#7897; &#273;i&#7873;u khi&#7875;n th&iacute;ch &#7913;ng m&#7851;u &#273;&#7897;c &#273;&aacute;o &#273;&#7875; &#273;o khi xoay (TruRate&trade;) v&agrave; dao &#273;&#7897;ng (TruStrain&trade;) ho&#7841;t &#273;&#7897;ng v&#7899;i 99% t&#7845;t c&#7843; c&aacute;c m&#7851;u v&agrave; ph&eacute;p &#273;o &ldquo;ngay l&#7853;p t&#7913;c&rdquo; v&#7899;i s&#7921; k&#7871;t h&#7907;p ho&agrave;n h&#7843;o gi&#7919;a t&#7889;c &#273;&#7897; v&agrave; &#273;&#7897; ch&iacute;nh x&aacute;c gi&uacute;p ti&#7871;t ki&#7879;m th&#7901;i gian.<br>\nM&aacute;y &#272;o L&#432;u Bi&#7871;n MCR Evolution Series l&agrave; c&ocirc;ng c&#7909; l&yacute; t&#432;&#7903;ng cho nghi&ecirc;n c&#7913;u v&#7853;t li&#7879;u v&agrave; c&aacute;c &#7913;ng d&#7909;ng &#273;&#7863;c bi&#7879;t, d&ugrave;ng trong c&aacute;c nh&agrave; m&aacute;y hay th&#7853;m ch&iacute; l&agrave; ph&ograve;ng th&iacute; nghi&#7879;m. V&#7899;i kh&#7843; n&#259;ng &#273;o &#273;&#7841;c nhanh ch&#7881; trong m&#7897;t gi&acirc;y &ndash; ngay c&#7843; &#7903; nhi&#7879;t &#273;&#7897; kh&#7855;c nghi&#7879;t (-160 &deg;C &#273;&#7871;n 1000 &deg;C). V&#7899;i thi&#7871;t k&#7871; th&ocirc;ng minh, l&agrave; thi&#7871;t b&#7883; duy nh&#7845;t tr&ecirc;n th&#7883; tr&#432;&#7901;ng hi&#7879;n t&#7841;i &#273;&#432;&#7907;c trang b&#7883; camera 360o kh&ocirc;ng c&oacute; &#273;i&#7875;m m&ugrave;, gi&uacute;p tr&aacute;nh c&aacute;c l&#7895;i trong kh&acirc;u chu&#7849;n b&#7883; m&#7851;u v&agrave; mang l&#7841;i k&#7871;t qu&#7843; c&oacute; &#273;&#7897; t&aacute;i l&#7863;p cao, h&#7895; tr&#7907; ng&#432;&#7901;i d&ugrave;ng d&#7877; d&agrave;ng thay &#273;&#7893;i c&aacute;c c&#7909;m &#273;o v&agrave; ph&#7909; ki&#7879;n &#273;&#7875; ph&ugrave; h&#7907;p v&#7899;i nhu c&#7847;u c&#7909; th&#7875; c&#7911;a t&#7915;ng &#7913;ng d&#7909;ng.<\/p><p>&#272;a D&#7841;ng v&agrave; Linh Ho&#7841;t<br>\nD&ograve;ng M&aacute;y &#272;o L&#432;u Bi&#7871;n MCR &#273;i k&egrave;m c&ugrave;ng v&#7899;i h&#417;n 200 ph&#7909; ki&#7879;n, m&#7903; ra kh&ocirc;ng gian linh ho&#7841;t v&agrave; kh&ocirc;ng gi&#7899;i h&#7841;n cho ng&#432;&#7901;i d&ugrave;ng th&#7921;c hi&#7879;n c&aacute;c ph&eacute;p &#273;o v&agrave; nghi&ecirc;n c&#7913;u v&#7853;t li&#7879;u. &#272;o ch&iacute;nh x&aacute;c ngay c&#7843; c&aacute;c m&#7851;u c&oacute; &#273;&#7897; nh&#7899;t th&#7845;p v&#7899;i &#7897; nh&#7841;y cao h&#417;n (t&#7915; 7,5 nNm &#273;&#7871;n 2 nNm), &#273;&aacute;p &#7913;ng &#273;&#7847;y &#273;&#7911; nhu c&#7847;u &#273;a d&#7841;ng c&#7911;a ng&#432;&#7901;i s&#7917; d&#7909;ng.<\/p><p>Hi&#7879;u Su&#7845;t V&agrave; Ch&#7845;t L&#432;&#7907;ng<br>\nMCR s&#7903; h&#7919;u t&iacute;nh n&#259;ng k&#7871;t n&#7889;i nhanh ch&oacute;ng gi&uacute;p ti&#7871;t ki&#7879;m th&#7901;i gian v&agrave; n&acirc;ng cao hi&#7879;u su&#7845;t th&#7921;c hi&#7879;n c&aacute;c ph&eacute;p &#273;o. C&aacute;c d&ograve;ng m&aacute;y MCR Evolution s&#7917; d&#7909;ng c&ocirc;ng ngh&#7879; Toolmaster&trade; (&#273;&#432;&#7907;c c&#7845;p b&#7857;ng s&aacute;ng ch&#7871; t&#7921; &#273;&#7897;ng nh&#7853;n di&#7879;n h&#7879; th&#7889;ng &#273;o l&#432;&#7901;ng), h&#7895; tr&#7907; ng&#432;&#7901;i d&ugrave;ng theo d&otilde;i &#273;&#432;&#7907;c s&#7921; c&acirc;n b&#7857;ng nhi&#7879;t &#273;&#7897; m&#7851;u trong th&#7901;i gian th&#7921;c c&ugrave;ng v&#7899;i t&iacute;nh n&#259;ng TruGap&trade; ph&aacute;t hi&#7879;n kho&#7843;ng c&aacute;ch &#273;o th&#7921;c t&#7871; c&oacute; &#273;&#7897; nh&#7841;y cao cho ph&eacute;p &#273;o &#273;o l&#432;u bi&#7871;n c&#7911;a c&aacute;c m&#7851;u c&oacute; &#273;&#7863;c t&iacute;nh kh&aacute;c nhau v&#7899;i &#273;&#7897; ch&iacute;nh x&aacute;c cao.<\/p><p>Ti&#7879;n L&#7907;i v&agrave; D&#7877; S&#7917; D&#7909;ng<br>\nPh&#7847;n m&#7873;m RheoCompass &#273;i k&egrave;m theo m&aacute;y cung c&#7845;p c&aacute;c m&#7851;u ki&#7875;m tra v&agrave; b&#7897; l&#7885;c b&aacute;o c&aacute;o, h&#7895; tr&#7907; ng&#432;&#7901;i d&ugrave;ng c&oacute; th&#7875; xu&#7845;t d&#7919; li&#7879;u l&#432;u bi&#7871;n v&agrave; t&#7841;o b&aacute;o c&aacute;o ngay tr&ecirc;n ph&#7847;n m&#7873;m. D&#7919; li&#7879;u c&oacute; th&#7875; d&#7877; d&agrave;ng &#273;&#432;&#7907;c l&#7885;c theo v&iacute; d&#7909;: n&#259;m, s&#7889; l&ocirc; ho&#7863;c to&aacute;n t&#7917; v&agrave; &#273;&#432;&#7907;c hi&#7875;n th&#7883; trong v&ograve;ng v&agrave;i gi&acirc;y, c&ugrave;ng v&#7899;i kh&#7843; n&#259;ng &#273;i&#7873;u khi&#7875;n t&#7915; xa qua k&#7871;t n&#7889;i Ethernet, gi&uacute;p t&#7889;i &#432;u h&oacute;a qu&aacute; tr&igrave;nh ki&#7875;m so&aacute;t v&agrave; thu th&#7853;p d&#7919; li&#7879;u th&ocirc;ng qua m&aacute;y t&iacute;nh c&ocirc;ng ty m&agrave; kh&ocirc;ng c&#7847;n ph&#7843;i &#273;&#7871;n tr&#7921;c ti&#7871;p m&aacute;y &#273;&#7875; &#273;i&#7873;u ch&#7881;nh.<br>\nCh&#7845;t L&#432;&#7907;ng &#272;&#7843;m B&#7843;o v&agrave; Tu&acirc;n Th&#7911; Y T&#7871;<br>\nS&#7921; &#7893;n &#273;&#7883;nh v&agrave; ch&iacute;nh x&aacute;c c&#7911;a k&#7871;t qu&#7843; &#273;o c&#7911;a MCR &#273;&#432;&#7907;c &#273;&#7843;m b&#7843;o qua c&aacute;c t&iacute;nh n&#259;ng ti&ecirc;n ti&#7871;n v&agrave; qu&#7843;n l&yacute; nhi&#7879;t &#273;&#7897; th&ocirc;ng minh. MCR tu&acirc;n th&#7911; nghi&ecirc;m ng&#7863;t c&aacute;c y&ecirc;u c&#7847;u c&#7911;a ng&agrave;nh d&#432;&#7907;c ph&#7849;m c&ugrave;ng v&#7899;i b&#7897; ph&#7847;n m&#7873;m RheoCompass v&agrave; t&iacute;nh n&#259;ng ph&ugrave; h&#7907;p v&#7899;i chu&#7849;n ALCOA+.<\/p><p>Nh&#7919;ng L&yacute; Do N&ecirc;n Mua M&aacute;y &#272;o L&#432;u Bi&#7871;n T&#7841;i Thi&#7871;t B&#7883; C&ocirc;ng Ngh&#7879; V&#7841;n N&#259;ng<\/p><p>C&ocirc;ng ty Thi&#7871;t B&#7883; C&ocirc;ng Ngh&#7879; V&#7841;n N&#259;ng l&agrave; &#273;&#7889;i t&aacute;c ch&iacute;nh th&#7913;c ph&acirc;n ph&#7889;i M&aacute;y &#272;o L&#432;u Bi&#7871;n h&agrave;ng &#273;&#7847;u t&#7841;i Vi&#7879;t Nam, cam k&#7871;t cung c&#7845;p s&#7843;n ph&#7849;m ch&iacute;nh h&atilde;ng v&#7899;i gi&aacute; c&#7843; c&#7841;nh tranh nh&#7845;t th&#7883; tr&#432;&#7901;ng. V&#7899;i uy t&iacute;n tr&ecirc;n th&#7883; tr&#432;&#7901;ng v&agrave; ch&#7871; &#273;&#7897; h&#7851;u m&atilde;i t&#7889;t, Thi&#7871;t B&#7883; C&ocirc;ng Ngh&#7879; V&#7841;n N&#259;ng &#273;&atilde; nh&#7853;n &#273;&#432;&#7907;c s&#7921; tin t&#432;&#7903;ng t&#7915; kh&aacute;ch h&agrave;ng nh&#7901; v&agrave;o ch&#7845;t l&#432;&#7907;ng h&agrave;ng &#273;&#7847;u c&#7911;a c&aacute;c d&ograve;ng s&#7843;n ph&#7849;m.<br>\nS&#7843;n ph&#7849;m c&#7911;a ch&uacute;ng t&ocirc;i &#273;&#432;&#7907;c ki&#7875;m &#273;&#7883;nh ch&#7845;t l&#432;&#7907;ng, nh&#7853;p kh&#7849;u tr&#7921;c ti&#7871;p t&#7915; nh&agrave; m&aacute;y b&ecirc;n Ch&acirc;u &Acirc;u, M&#7929;, &Uacute;c, Nh&#7853;t B&#7843;n,&hellip; v&agrave; &#273;&aacute;p &#7913;ng nhu c&#7847;u &#273;a d&#7841;ng c&#7911;a th&#7883; tr&#432;&#7901;ng nh&#432;: M&aacute;y &#272;o &#272;&#7897; C&#7913;ng, M&aacute;y SPECTROMAXx, M&aacute;y &#272;o L&#432;u BI&#7871;n T&#7921; &#272;&#7897;ng,&hellip; Ch&uacute;ng t&ocirc;i cam k&#7871;t cung c&#7845;p s&#7843;n ph&#7849;m n&agrave;y tr&ecirc;n to&agrave;n qu&#7889;c v&#7899;i gi&aacute; c&#7843; c&#7841;nh tranh nh&#7845;t.<br>\nCh&uacute;ng t&ocirc;i c&oacute; &#273;&#7897;i ng&#361; chuy&ecirc;n vi&ecirc;n t&#432; v&#7845;n chuy&ecirc;n s&acirc;u s&#7869; h&#7895; tr&#7907; kh&aacute;ch h&agrave;ng v&#7873; chi ti&#7871;t s&#7843;n ph&#7849;m, h&#432;&#7899;ng d&#7851;n s&#7917; d&#7909;ng hay nh&#7919;ng th&#7913; li&ecirc;n quan &#273;&#7871;n v&#7845;n &#273;&#7873; m&agrave; doanh nghi&#7879;p b&#7841;n &#273;ang g&#7863;p ph&#7843;i. Ch&uacute;ng t&ocirc;i s&#7869; cung c&#7845;p nh&#7919;ng gi&#7843;i ph&aacute;p t&#7889;i &#432;u nh&#7845;t!<br>\nNgo&agrave;i ra Thi&#7871;t B&#7883; C&ocirc;ng Ngh&#7879; V&#7841;n N&#259;ng Ch&uacute;ng T&ocirc;i lu&ocirc;n h&#432;&#7899;ng &#273;&#7871;n tr&#7843;i nghi&#7879;m kh&aacute;ch h&agrave;ng, v&igrave; v&#7853;y ch&uacute;ng t&ocirc;i c&oacute; nh&#7919;ng ch&iacute;nh s&aacute;ch b&#7843;o h&agrave;nh, b&#7843;o tr&igrave; &ndash; b&#7843;o d&#432;&#7905;ng, hi&#7879;u chu&#7849;n v&#7899;i t&#7845;t c&#7843; c&aacute;c thi&#7871;t b&#7883;, m&aacute;y m&oacute;c m&agrave; ch&uacute;ng t&ocirc;i cung c&#7845;p. &#272;&#7843;m b&#7843;o mang &#273;&#7871;n cho Kh&aacute;ch h&agrave;ng s&#7921; y&ecirc;n t&acirc;m tuy&#7879;t &#273;&#7889;i v&#7873; d&#7883;ch v&#7909; khi mua h&agrave;ng.<\/p><p>T&#7893;ng K&#7871;t<br>\nD&ograve;ng m&aacute;y &#273;o l&#432;u bi&#7871;n MCR Evolution Series kh&ocirc;ng ch&#7881; l&agrave; m&#7897;t s&#7843;n ph&#7849;m m&#7899;i m&#7867; m&agrave; c&ograve;n l&agrave; m&#7897;t b&#432;&#7899;c ti&#7871;n l&#7899;n trong l&#297;nh v&#7921;c nghi&ecirc;n c&#7913;u v&agrave; ki&#7875;m tra v&#7853;t li&#7879;u. V&#7899;i s&#7921; k&#7871;t h&#7907;p ho&agrave;n h&#7843;o gi&#7919;a c&ocirc;ng ngh&#7879; ti&ecirc;n ti&#7871;n v&agrave; t&iacute;nh linh ho&#7841;t, ch&uacute;ng t&ocirc;i t&#7921; tin r&#7857;ng MCR s&#7869; l&agrave; ng&#432;&#7901;i b&#7841;n &#273;&#7891;ng h&agrave;nh tin c&#7853;y c&#7911;a b&#7841;n trong m&#7885;i &#7913;ng d&#7909;ng v&agrave; nghi&ecirc;n c&#7913;u &#273;a d&#7841;ng. H&atilde;y li&ecirc;n h&#7879; v&#7899;i Thi&#7871;t B&#7883; C&ocirc;ng Ngh&#7879; V&#7841;n N&#259;ng ngay &#273;&#7875; &#273;&#432;&#7907;c t&#432; v&#7845;n chuy&ecirc;n s&acirc;u v&agrave; nh&#7853;n c&aacute;c &#432;u &#273;&atilde;i h&#7845;p d&#7851;n nh&#7845;t th&ocirc;ng qua hotline\/zalo: <a href=\"https:\/\/zalo.me\/0903991335\" target=\"_blank\" rel=\"noopener\" style=\"color: #059669; font-weight: bold; text-decoration: none;\">0903 991 335<\/a>!<\/p><div style=\"background-color: #f8fafc; border: 1px solid #e2e8f0; border-radius: 8px; padding: 25px; max-width: 800px; margin: 30px auto; color: #334155; line-height: 1.8; font-size: 17px; box-shadow: 0 4px 6px -1px rgba(0,0,0,0.05); text-align: left; clear: both;\">\nC&ocirc;ng ty TNHH Th&#432;&#417;ng M&#7841;i D&#7883;ch V&#7909; Thi&#7871;t B&#7883; C&ocirc;ng Ngh&#7879; V&#7841;n N&#259;ng\n<p style=\"margin: 0 0 10px 0;\">&#128205; <strong style=\"color: #1e293b;\">&#272;&#7883;a ch&#7881;:<\/strong> <a style=\"color: #059669; text-decoration: none; font-weight: bold;\" href=\"https:\/\/www.google.com\/maps\/search\/C%C3%B4ng+ty+TNHH+Th%C6%B0%C6%A1ng+M%E1%BA%A1i+D%E1%BB%8Bch+V%E1%BB%A5+Thi%E1%BA%BFt+B%E1%BB%8B+C%C3%B4ng+Ngh%E1%BB%87+V%E1%BA%A1n+N%C4%83ng+818+Tr%C6%B0%E1%BB%9Dng+Chinh\" target=\"_blank\" rel=\"noopener\">818 Tr&#432;&#7901;ng Chinh, Ph&#432;&#7901;ng T&acirc;n S&#417;n, Th&agrave;nh ph&#7889; H&#7891; Ch&iacute; Minh, Vi&#7879;t Nam<\/a><\/p>\n<p style=\"margin: 0 0 10px 0;\">&#128222; <strong style=\"color: #1e293b;\">S&#272;T &ndash; Zalo:<\/strong> <a style=\"color: #059669; text-decoration: none; font-weight: bold;\" href=\"https:\/\/zalo.me\/0903991335\" target=\"_blank\" rel=\"noopener\">0903 991 335<\/a> <span style=\"color: #64748b; font-style: italic;\">(Ms. H&#7841;nh &ndash; Gi&aacute;m &#272;&#7889;c Kinh Doanh)<\/span><\/p>\n<p style=\"margin: 0;\">&#9993;&#65039; <strong style=\"color: #1e293b;\">Email:<\/strong> <a style=\"color: #059669; text-decoration: none; font-weight: bold;\" href=\"mailto:hienhanh@vannangvn.com\">hienhanh@vannangvn.com<\/a><\/p>\n<\/div><\/h1>","protected":false},"excerpt":{"rendered":"<p><strong>Th&#432;&#417;ng hi&#7879;u:<\/strong> D&ograve;ng m&aacute;y MCR Evolution&nbsp;l&agrave; s&#7843;n ph&#7849;m &#273;&#7881;nh cao trong l&#297;nh v&#7921;c &#273;o &#273;&#7897; nh&#7899;t.&nbsp;M&aacute;y s&#7903; h&#7919;u thi&#7871;t k&#7871; m&ocirc;-&#273;un linh ho&#7841;t v&agrave; c&ocirc;ng ngh&#7879; ti&ecirc;n ti&#7871;n, cho ph&eacute;p th&#7921;c hi&#7879;n nhi&#7873;u lo&#7841;i ph&eacute;p &#273;o v&agrave; nghi&ecirc;n c&#7913;u v&#7853;t li&#7879;u.&nbsp;V&#7899;i h&#417;n 200 ph&#7909; ki&#7879;n, MCR c&#7911;a Anton Paar&nbsp;&#273;&aacute;p &#7913;ng m&#7885;i nhu c&#7847;u t&#7915; nghi&ecirc;n c&#7913;u khoa h&#7885;c &#273;&#7871;n ki&#7875;m so&aacute;t ch&#7845;t l&#432;&#7907;ng.<br>\n<strong>Model:<\/strong> MCR-6<p>Product <strong>M&Aacute;Y &#272;O L&#431;U BI&#7870;N ANTON PAAR MODEL MCR 503 POWER<\/strong> ch&iacute;nh h&atilde;ng. D&ograve;ng m&aacute;y MCR Evolution&nbsp;l&agrave; s&#7843;n ph&#7849;m &#273;&#7881;nh cao trong l&#297;nh v&#7921;c &#273;o &#273;&#7897; nh&#7899;t.&nbsp;M&aacute;y s&#7903; h&#7919;u thi&#7871;t k&#7871; m&ocirc;-&#273;un linh ho&#7841;t v&agrave; c&ocirc;ng ngh&#7879; ti&ecirc;n ti&#7871;n, cho ph&eacute;p th&#7921;c hi&#7879;n nhi&#7873;u lo&#7841;i ph&eacute;p &#273;o v&agrave; nghi&ecirc;n c&#7913;u v&#7853;t li&#7879;u.&nbsp;V&#7899;i h&#417;n 200 ph&#7909; ki&#7879;n, MCR c&#7911;a Anton Paar&nbsp;&#273;&aacute;p &#7913;ng m&#7885;i nhu c&#7847;u t&#7915; nghi&ecirc;n c&#7913;u khoa h&#7885;c &#273;&#7871;n ki&#7875;m so&aacute;t ch&#7845;t l&#432;&#7907;ng.<\/p><\/p>","protected":false},"featured_media":8658,"comment_status":"open","ping_status":"closed","template":"","meta":[],"product_brand":[],"product_cat":[18],"product_tag":[2031,2032,109,116,181,464,465,575,702,2026],"class_list":{"0":"post-6911","1":"product","2":"type-product","3":"status-publish","4":"has-post-thumbnail","6":"product_cat-chua-phan-loai","7":"product_tag-power","8":"product_tag-2032","9":"product_tag-may","10":"product_tag-model","11":"product_tag-do","12":"product_tag-anton","13":"product_tag-paar","14":"product_tag-bien","15":"product_tag-luu","16":"product_tag-mcr","18":"first","19":"instock","20":"shipping-taxable","21":"product-type-simple"},"yoast_head":"<!-- This site is optimized with the Yoast SEO Premium plugin v24.8 (Yoast SEO v24.8) - https:\/\/yoast.com\/wordpress\/plugins\/seo\/ -->\n<title>M\u00c1Y \u0110O L\u01afU BI\u1ebeN ANTON PAAR MODEL MC... ch\u00ednh h\u00e3ng | V\u1ea1n N\u0103ng<\/title>\n<meta name=\"description\" content=\"Mua ngay M\u00c1Y \u0110O L\u01afU BI\u1ebeN ANTON PAAR MODEL MCR 503 POWER ch\u00ednh h\u00e3ng. Gi\u00e1 t\u1ed1t!\" \/>\n<meta name=\"robots\" content=\"noindex, follow, max-snippet:-1, max-image-preview:large, max-video-preview:-1\" \/>\n<meta property=\"og:locale\" content=\"en_US\" \/>\n<meta property=\"og:type\" content=\"article\" \/>\n<meta property=\"og:title\" content=\"M\u00c1Y \u0110O L\u01afU BI\u1ebeN ANTON PAAR MODEL MCR 503 POWER\" \/>\n<meta property=\"og:description\" content=\"Mua ngay M\u00c1Y \u0110O L\u01afU BI\u1ebeN ANTON PAAR MODEL MCR 503 POWER ch\u00ednh h\u00e3ng. Gi\u00e1 t\u1ed1t!\" \/>\n<meta property=\"og:url\" content=\"https:\/\/vannangvn.123websitedev.com\/en\/product\/may-do-luu-bien-anton-paar-model-mcr-503-power\/\" \/>\n<meta property=\"og:site_name\" content=\"Vannang.vn\" \/>\n<meta property=\"article:modified_time\" content=\"2026-03-30T11:31:18+00:00\" \/>\n<meta property=\"og:image\" content=\"http:\/\/vannangvn.123websitedev.com\/wp-content\/uploads\/2026\/03\/mcr-768x576-copy.jpg\" \/>\n\t<meta property=\"og:image:width\" content=\"768\" \/>\n\t<meta property=\"og:image:height\" content=\"576\" \/>\n\t<meta property=\"og:image:type\" content=\"image\/jpeg\" \/>\n<meta name=\"twitter:card\" content=\"summary_large_image\" \/>\n<meta name=\"twitter:label1\" content=\"Est. reading time\" \/>\n\t<meta name=\"twitter:data1\" content=\"9 minutes\" \/>\n<script type=\"application\/ld+json\" class=\"yoast-schema-graph\">{\"@context\":\"https:\/\/schema.org\",\"@graph\":[{\"@type\":\"WebPage\",\"@id\":\"https:\/\/vannangvn.123websitedev.com\/san-pham\/may-do-luu-bien-anton-paar-model-mcr-503-power\/\",\"url\":\"https:\/\/vannangvn.123websitedev.com\/san-pham\/may-do-luu-bien-anton-paar-model-mcr-503-power\/\",\"name\":\"M\u00c1Y \u0110O L\u01afU BI\u1ebeN ANTON PAAR MODEL MC... ch\u00ednh h\u00e3ng | V\u1ea1n N\u0103ng\",\"isPartOf\":{\"@id\":\"https:\/\/vannangvn.123websitedev.com\/#website\"},\"primaryImageOfPage\":{\"@id\":\"https:\/\/vannangvn.123websitedev.com\/san-pham\/may-do-luu-bien-anton-paar-model-mcr-503-power\/#primaryimage\"},\"image\":{\"@id\":\"https:\/\/vannangvn.123websitedev.com\/san-pham\/may-do-luu-bien-anton-paar-model-mcr-503-power\/#primaryimage\"},\"thumbnailUrl\":\"https:\/\/vannangvn.123websitedev.com\/wp-content\/uploads\/2026\/03\/mcr-768x576-copy.jpg\",\"datePublished\":\"2026-03-20T10:39:31+00:00\",\"dateModified\":\"2026-03-30T11:31:18+00:00\",\"description\":\"Mua ngay M\u00c1Y \u0110O L\u01afU BI\u1ebeN ANTON PAAR MODEL MCR 503 POWER ch\u00ednh h\u00e3ng. Gi\u00e1 t\u1ed1t!\",\"breadcrumb\":{\"@id\":\"https:\/\/vannangvn.123websitedev.com\/san-pham\/may-do-luu-bien-anton-paar-model-mcr-503-power\/#breadcrumb\"},\"inLanguage\":\"en-US\",\"potentialAction\":[{\"@type\":\"ReadAction\",\"target\":[\"https:\/\/vannangvn.123websitedev.com\/san-pham\/may-do-luu-bien-anton-paar-model-mcr-503-power\/\"]}]},{\"@type\":\"ImageObject\",\"inLanguage\":\"en-US\",\"@id\":\"https:\/\/vannangvn.123websitedev.com\/san-pham\/may-do-luu-bien-anton-paar-model-mcr-503-power\/#primaryimage\",\"url\":\"https:\/\/vannangvn.123websitedev.com\/wp-content\/uploads\/2026\/03\/mcr-768x576-copy.jpg\",\"contentUrl\":\"https:\/\/vannangvn.123websitedev.com\/wp-content\/uploads\/2026\/03\/mcr-768x576-copy.jpg\",\"width\":768,\"height\":576},{\"@type\":\"BreadcrumbList\",\"@id\":\"https:\/\/vannangvn.123websitedev.com\/san-pham\/may-do-luu-bien-anton-paar-model-mcr-503-power\/#breadcrumb\",\"itemListElement\":[{\"@type\":\"ListItem\",\"position\":1,\"name\":\"Trang ch\u1ee7\",\"item\":\"https:\/\/vannangvn.123websitedev.com\/\"},{\"@type\":\"ListItem\",\"position\":2,\"name\":\"S\u1ea3n ph\u1ea9m\",\"item\":\"https:\/\/vannangvn.123websitedev.com\/cua-hang\/\"},{\"@type\":\"ListItem\",\"position\":3,\"name\":\"M\u00c1Y \u0110O L\u01afU BI\u1ebeN ANTON PAAR MODEL MCR 503 POWER\"}]},{\"@type\":\"WebSite\",\"@id\":\"https:\/\/vannangvn.123websitedev.com\/#website\",\"url\":\"https:\/\/vannangvn.123websitedev.com\/\",\"name\":\"Vannang.vn\",\"description\":\"\",\"publisher\":{\"@id\":\"https:\/\/vannangvn.123websitedev.com\/#organization\"},\"potentialAction\":[{\"@type\":\"SearchAction\",\"target\":{\"@type\":\"EntryPoint\",\"urlTemplate\":\"https:\/\/vannangvn.123websitedev.com\/?s={search_term_string}\"},\"query-input\":{\"@type\":\"PropertyValueSpecification\",\"valueRequired\":true,\"valueName\":\"search_term_string\"}}],\"inLanguage\":\"en-US\"},{\"@type\":\"Organization\",\"@id\":\"https:\/\/vannangvn.123websitedev.com\/#organization\",\"name\":\"Vannang.vn\",\"url\":\"https:\/\/vannangvn.123websitedev.com\/\",\"logo\":{\"@type\":\"ImageObject\",\"inLanguage\":\"en-US\",\"@id\":\"https:\/\/vannangvn.123websitedev.com\/#\/schema\/logo\/image\/\",\"url\":\"https:\/\/vannangvn.123websitedev.com\/wp-content\/uploads\/2026\/02\/logo-van-nang-02.png\",\"contentUrl\":\"https:\/\/vannangvn.123websitedev.com\/wp-content\/uploads\/2026\/02\/logo-van-nang-02.png\",\"width\":448,\"height\":111,\"caption\":\"Vannang.vn\"},\"image\":{\"@id\":\"https:\/\/vannangvn.123websitedev.com\/#\/schema\/logo\/image\/\"}}]}<\/script>\n<!-- \/ Yoast SEO Premium plugin. -->","yoast_head_json":{"title":"M\u00c1Y \u0110O L\u01afU BI\u1ebeN ANTON PAAR MODEL MC... ch\u00ednh h\u00e3ng | V\u1ea1n N\u0103ng","description":"Mua ngay M\u00c1Y \u0110O L\u01afU BI\u1ebeN ANTON PAAR MODEL MCR 503 POWER ch\u00ednh h\u00e3ng. Gi\u00e1 t\u1ed1t!","robots":{"index":"noindex","follow":"follow","max-snippet":"max-snippet:-1","max-image-preview":"max-image-preview:large","max-video-preview":"max-video-preview:-1"},"og_locale":"en_US","og_type":"article","og_title":"M\u00c1Y \u0110O L\u01afU BI\u1ebeN ANTON PAAR MODEL MCR 503 POWER","og_description":"Mua ngay M\u00c1Y \u0110O L\u01afU BI\u1ebeN ANTON PAAR MODEL MCR 503 POWER ch\u00ednh h\u00e3ng. Gi\u00e1 t\u1ed1t!","og_url":"https:\/\/vannangvn.123websitedev.com\/en\/product\/may-do-luu-bien-anton-paar-model-mcr-503-power\/","og_site_name":"Vannang.vn","article_modified_time":"2026-03-30T11:31:18+00:00","og_image":[{"width":768,"height":576,"url":"http:\/\/vannangvn.123websitedev.com\/wp-content\/uploads\/2026\/03\/mcr-768x576-copy.jpg","type":"image\/jpeg"}],"twitter_card":"summary_large_image","twitter_misc":{"Est. reading time":"9 minutes"},"schema":{"@context":"https:\/\/schema.org","@graph":[{"@type":"WebPage","@id":"https:\/\/vannangvn.123websitedev.com\/san-pham\/may-do-luu-bien-anton-paar-model-mcr-503-power\/","url":"https:\/\/vannangvn.123websitedev.com\/san-pham\/may-do-luu-bien-anton-paar-model-mcr-503-power\/","name":"M\u00c1Y \u0110O L\u01afU BI\u1ebeN ANTON PAAR MODEL MC... ch\u00ednh h\u00e3ng | V\u1ea1n N\u0103ng","isPartOf":{"@id":"https:\/\/vannangvn.123websitedev.com\/#website"},"primaryImageOfPage":{"@id":"https:\/\/vannangvn.123websitedev.com\/san-pham\/may-do-luu-bien-anton-paar-model-mcr-503-power\/#primaryimage"},"image":{"@id":"https:\/\/vannangvn.123websitedev.com\/san-pham\/may-do-luu-bien-anton-paar-model-mcr-503-power\/#primaryimage"},"thumbnailUrl":"https:\/\/vannangvn.123websitedev.com\/wp-content\/uploads\/2026\/03\/mcr-768x576-copy.jpg","datePublished":"2026-03-20T10:39:31+00:00","dateModified":"2026-03-30T11:31:18+00:00","description":"Mua ngay M\u00c1Y \u0110O L\u01afU BI\u1ebeN ANTON PAAR MODEL MCR 503 POWER ch\u00ednh h\u00e3ng. Gi\u00e1 t\u1ed1t!","breadcrumb":{"@id":"https:\/\/vannangvn.123websitedev.com\/san-pham\/may-do-luu-bien-anton-paar-model-mcr-503-power\/#breadcrumb"},"inLanguage":"en-US","potentialAction":[{"@type":"ReadAction","target":["https:\/\/vannangvn.123websitedev.com\/san-pham\/may-do-luu-bien-anton-paar-model-mcr-503-power\/"]}]},{"@type":"ImageObject","inLanguage":"en-US","@id":"https:\/\/vannangvn.123websitedev.com\/san-pham\/may-do-luu-bien-anton-paar-model-mcr-503-power\/#primaryimage","url":"https:\/\/vannangvn.123websitedev.com\/wp-content\/uploads\/2026\/03\/mcr-768x576-copy.jpg","contentUrl":"https:\/\/vannangvn.123websitedev.com\/wp-content\/uploads\/2026\/03\/mcr-768x576-copy.jpg","width":768,"height":576},{"@type":"BreadcrumbList","@id":"https:\/\/vannangvn.123websitedev.com\/san-pham\/may-do-luu-bien-anton-paar-model-mcr-503-power\/#breadcrumb","itemListElement":[{"@type":"ListItem","position":1,"name":"Trang ch\u1ee7","item":"https:\/\/vannangvn.123websitedev.com\/"},{"@type":"ListItem","position":2,"name":"S\u1ea3n ph\u1ea9m","item":"https:\/\/vannangvn.123websitedev.com\/cua-hang\/"},{"@type":"ListItem","position":3,"name":"M\u00c1Y \u0110O L\u01afU BI\u1ebeN ANTON PAAR MODEL MCR 503 POWER"}]},{"@type":"WebSite","@id":"https:\/\/vannangvn.123websitedev.com\/#website","url":"https:\/\/vannangvn.123websitedev.com\/","name":"Vannang.vn","description":"","publisher":{"@id":"https:\/\/vannangvn.123websitedev.com\/#organization"},"potentialAction":[{"@type":"SearchAction","target":{"@type":"EntryPoint","urlTemplate":"https:\/\/vannangvn.123websitedev.com\/?s={search_term_string}"},"query-input":{"@type":"PropertyValueSpecification","valueRequired":true,"valueName":"search_term_string"}}],"inLanguage":"en-US"},{"@type":"Organization","@id":"https:\/\/vannangvn.123websitedev.com\/#organization","name":"Vannang.vn","url":"https:\/\/vannangvn.123websitedev.com\/","logo":{"@type":"ImageObject","inLanguage":"en-US","@id":"https:\/\/vannangvn.123websitedev.com\/#\/schema\/logo\/image\/","url":"https:\/\/vannangvn.123websitedev.com\/wp-content\/uploads\/2026\/02\/logo-van-nang-02.png","contentUrl":"https:\/\/vannangvn.123websitedev.com\/wp-content\/uploads\/2026\/02\/logo-van-nang-02.png","width":448,"height":111,"caption":"Vannang.vn"},"image":{"@id":"https:\/\/vannangvn.123websitedev.com\/#\/schema\/logo\/image\/"}}]}},"_links":{"self":[{"href":"https:\/\/vannangvn.123websitedev.com\/en\/wp-json\/wp\/v2\/product\/6911","targetHints":{"allow":["GET"]}}],"collection":[{"href":"https:\/\/vannangvn.123websitedev.com\/en\/wp-json\/wp\/v2\/product"}],"about":[{"href":"https:\/\/vannangvn.123websitedev.com\/en\/wp-json\/wp\/v2\/types\/product"}],"replies":[{"embeddable":true,"href":"https:\/\/vannangvn.123websitedev.com\/en\/wp-json\/wp\/v2\/comments?post=6911"}],"wp:featuredmedia":[{"embeddable":true,"href":"https:\/\/vannangvn.123websitedev.com\/en\/wp-json\/wp\/v2\/media\/8658"}],"wp:attachment":[{"href":"https:\/\/vannangvn.123websitedev.com\/en\/wp-json\/wp\/v2\/media?parent=6911"}],"wp:term":[{"taxonomy":"product_brand","embeddable":true,"href":"https:\/\/vannangvn.123websitedev.com\/en\/wp-json\/wp\/v2\/product_brand?post=6911"},{"taxonomy":"product_cat","embeddable":true,"href":"https:\/\/vannangvn.123websitedev.com\/en\/wp-json\/wp\/v2\/product_cat?post=6911"},{"taxonomy":"product_tag","embeddable":true,"href":"https:\/\/vannangvn.123websitedev.com\/en\/wp-json\/wp\/v2\/product_tag?post=6911"}],"curies":[{"name":"wp","href":"https:\/\/api.w.org\/{rel}","templated":true}]}}