{"id":6922,"date":"2026-03-20T17:39:45","date_gmt":"2026-03-20T10:39:45","guid":{"rendered":"https:\/\/vannangvn.123websitedev.com\/san-pham\/may-do-luu-bien-momen-xoan-anton-paar-model-metastation-16\/"},"modified":"2026-03-30T18:31:32","modified_gmt":"2026-03-30T11:31:32","slug":"may-do-luu-bien-momen-xoan-anton-paar-model-metastation-16","status":"publish","type":"product","link":"https:\/\/vannangvn.123websitedev.com\/en\/product\/may-do-luu-bien-momen-xoan-anton-paar-model-metastation-16\/","title":{"rendered":"M\u00c1Y \u0110O L\u01afU BI\u1ebeN MOMEN XO\u1eaeN ANTON PAAR MODEL METASTATION 16"},"content":{"rendered":"<h1 style=\"color: red; font-weight: bold; font-size: 24px;\">T&#7893;ng quan s&#7843;n ph&#7849;m M&Aacute;Y &#272;O L&#431;U BI&#7870;N MOMEN XO&#7854;N ANTON PAAR MODEL METASTATION 16<p>M&aacute;y &#272;o L&#432;u Bi&#7871;n Momen Xo&#7855;n (Modular Torque Rheometer) Anton Paar Model Brabrender MetaStation 16<br>\nMetaStation 16 l&agrave; m&#7897;t h&#7879; th&#7889;ng d&#7851;n &#273;&#7897;ng m&ocirc;-men xo&#7855;n v&agrave; &#273;o l&#432;&#7901;ng ti&ecirc;n ti&#7871;n, &#273;&#432;&#7907;c thi&#7871;t k&#7871; &#273;&#7875; ki&#7875;m tra t&iacute;nh ch&#7845;t v&agrave; kh&#7843; n&#259;ng gia c&ocirc;ng c&#7911;a c&aacute;c lo&#7841;i nh&#7921;a v&agrave; ch&#7845;t d&#7867;o kh&aacute;c nhau. V&#7899;i thi&#7871;t k&#7871; nh&#7887; g&#7885;n, M&aacute;y MetaStation 16 c&oacute; th&#7875; &#273;&#432;&#7907;c s&#7917; d&#7909;ng nh&#432; m&#7897;t thi&#7871;t b&#7883; &#273;&#7875; b&agrave;n, ph&ugrave; h&#7907;p v&#7899;i c&aacute;c ph&ograve;ng th&iacute; nghi&#7879;m v&agrave; c&#417; s&#7903; s&#7843;n xu&#7845;t quy m&ocirc; nh&#7887;. H&atilde;y c&ugrave;ng V&#7841;n N&#259;ng t&igrave;m hi&#7875;u chi ti&#7871;t h&#417;n v&#7873; s&#7843;n ph&#7849;m th&ocirc;ng qua b&agrave;i vi&#7871;t n&agrave;y nh&eacute;.<\/p><p>&#272;&#7863;c Tr&#432;ng C&#7911;a MetaStation 4<\/p><p>D&#7851;n &#273;&#7897;ng cho m&aacute;y tr&#7897;n nh&#7887;, m&aacute;y &#273;&ugrave;n &#273;&#417;n v&agrave; &#273;&ocirc;i tr&#7909;c v&iacute;t: Thi&#7871;t B&#7883; MetaStation 16 cung c&#7845;p gi&#7843;i ph&aacute;p ho&agrave;n h&#7843;o cho c&aacute;c quy tr&igrave;nh tr&#7897;n v&agrave; &#273;&ugrave;n, ph&ugrave; h&#7907;p v&#7899;i nhi&#7873;u &#7913;ng d&#7909;ng kh&aacute;c nhau.<br>\nThi&#7871;t k&#7871; nh&#7887; g&#7885;n: Thi&#7871;t k&#7871; ti&#7879;n l&#7907;i cho ph&eacute;p s&#7917; d&#7909;ng nh&#432; m&#7897;t thi&#7871;t b&#7883; &#273;&#7875; b&agrave;n, ti&#7871;t ki&#7879;m kh&ocirc;ng gian v&agrave; d&#7877; d&agrave;ng di chuy&#7875;n.<br>\n&#272;i&#7873;u khi&#7875;n t&#7889;c &#273;&#7897; linh ho&#7841;t: Ph&#7841;m vi &#273;i&#7873;u khi&#7875;n t&#7889;c &#273;&#7897; t&#7915; 0.2 &#273;&#7871;n 400 v&ograve;ng\/ph&uacute;t, v&#7899;i m&ocirc;-men xo&#7855;n c&#7921;c &#273;&#7841;i l&ecirc;n &#273;&#7871;n 500 Nm., &#273;&aacute;p &#7913;ng &#273;a d&#7841;ng y&ecirc;u c&#7847;u ki&#7875;m tra.<br>\n&#272;&#417;n v&#7883; &#273;i&#7873;u khi&#7875;n th&ocirc;ng minh: Cung c&#7845;p th&ocirc;ng tin s&acirc;u s&#7855;c v&#7873; quy tr&igrave;nh, gi&uacute;p t&#7889;i &#432;u h&oacute;a v&agrave; c&#7843;i thi&#7879;n ch&#7845;t l&#432;&#7907;ng s&#7843;n ph&#7849;m.<br>\nPh&#7847;n m&#7873;m MetaBridge: Ph&acirc;n t&iacute;ch c&aacute;c bi&#7871;n s&#7889; theo th&#7901;i gian, cho ph&eacute;p gi&aacute;m s&aacute;t v&agrave; t&#7889;i &#432;u h&oacute;a quy tr&igrave;nh.<\/p><p>&#7912;ng D&#7909;ng &#272;a D&#7841;ng V&#7899;i MetaStation 4<br>\nKi&#7875;m tra PVC, cao su v&agrave; nh&#7921;a nhi&#7879;t r&#7855;n<\/p><p>M&aacute;y &#272;o L&#432;u Bi&#7871;n MetaStation 16 &#273;&aacute;p &#7913;ng &#273;&#7847;y &#273;&#7911; c&aacute;c ti&ecirc;u chu&#7849;n qu&#7889;c t&#7871; v&agrave; qu&#7889;c gia v&#7873; tr&#7897;n c&aacute;c h&#7907;p ch&#7845;t nh&#7921;a v&agrave; cao su, bao g&#7891;m c&aacute;c ph&#432;&#417;ng ph&aacute;p chu&#7849;n ASTM quan tr&#7885;ng. &#272;i&#7873;u n&agrave;y gi&uacute;p s&#7843;n ph&#7849;m c&#7911;a b&#7841;n &#273;&aacute;p &#7913;ng c&aacute;c y&ecirc;u c&#7847;u nghi&ecirc;m ng&#7863;t c&#7911;a th&#7883; tr&#432;&#7901;ng to&agrave;n c&#7847;u.<br>\nC&ocirc;ng ngh&#7879; tr&#7897;n ti&ecirc;n ti&#7871;n<\/p><p>Chuy&#7875;n &#273;&#7893;i gi&#7919;a c&aacute;c m&ocirc;-&#273;un tr&#7897;n trong v&ograve;ng ch&#432;a &#273;&#7847;y 15 ph&uacute;t v&agrave; nhanh ch&oacute;ng bao qu&aacute;t nhi&#7873;u &#7913;ng d&#7909;ng kh&aacute;c nhau. MetaStation 16 cho ph&eacute;p t&ugrave;y ch&#7881;nh thi&#7871;t b&#7883; theo nhu c&#7847;u c&#7909; th&#7875; c&#7911;a b&#7841;n, v&#7899;i danh m&#7909;c c&aacute;c lo&#7841;i h&igrave;nh d&#7841;ng l&#432;&#7905;i tr&#7897;n, k&iacute;ch th&#432;&#7899;c m&aacute;y tr&#7897;n v&agrave; gi&#7843;i ph&aacute;p ki&#7875;m so&aacute;t nhi&#7879;t &#273;&#7897;.<\/p><p>Tr&#7897;n PVC: S&#7917; d&#7909;ng m&aacute;y tr&#7897;n lo&#7841;i W 50 EHT.<br>\nTr&#7897;n cao su: S&#7917; d&#7909;ng m&aacute;y tr&#7897;n lo&#7841;i 350SX.<br>\nTr&#7897;n nh&#7921;a nhi&#7879;t r&#7855;n: S&#7917; d&#7909;ng m&aacute;y tr&#7897;n lo&#7841;i MB 30.<\/p><p>Quy tr&igrave;nh &#273;&ugrave;n li&ecirc;n t&#7909;c<\/p><p>C&ugrave;ng v&#7899;i kh&#7843; n&#259;ng tr&#7897;n m&#7867;, Brabender MetaStation 16 m&#7903; ra c&#417; h&#7897;i cho c&aacute;c quy tr&igrave;nh x&#7917; l&yacute; li&ecirc;n t&#7909;c th&ocirc;ng qua c&aacute;c ph&#7909; ki&#7879;n &#273;&ugrave;n &#273;&#417;n v&agrave; &#273;&ocirc;i tr&#7909;c v&iacute;t v&#7899;i c&aacute;c k&iacute;ch th&#432;&#7899;c kh&aacute;c nhau. Kh&aacute;m ph&aacute; ti&#7873;m n&#259;ng ki&#7875;m tra v&#7853;t li&#7879;u c&#7911;a b&#7841;n th&ocirc;ng qua qu&aacute; tr&igrave;nh &#273;&ugrave;n &#7903; c&#7843; quy m&ocirc; ph&ograve;ng th&iacute; nghi&#7879;m v&agrave; th&iacute; &#273;i&#7875;m m&agrave; kh&ocirc;ng &#7843;nh h&#432;&#7903;ng &#273;&#7871;n t&agrave;i nguy&ecirc;n s&#7843;n xu&#7845;t c&#7911;a b&#7841;n.<br>\nPh&#7847;n m&#7873;m MetaBridge<\/p><p>Ph&#7847;n m&#7873;m MetaBridge &#273;&#7897;c quy&#7873;n c&#7911;a Anton Paar cho ph&eacute;p truy c&#7853;p d&#7919; li&#7879;u &#273;o l&#432;&#7901;ng t&#7915; b&#7845;t k&#7923; thi&#7871;t b&#7883; hay &#273;&#7883;a &#273;i&#7875;m n&agrave;o. Xu&#7845;t v&agrave; chia s&#7867; d&#7919; li&#7879;u d&#7877; d&agrave;ng v&#7899;i &#273;&#7891;ng nghi&#7879;p ho&#7863;c h&#7879; th&#7889;ng b&ecirc;n th&#7913; ba nh&#432; LIMS, ERP ho&#7863;c qua email. Tu&acirc;n th&#7911; c&aacute;c ti&ecirc;u chu&#7849;n ASTM &#432;a th&iacute;ch ch&#7881; v&#7899;i m&#7897;t c&uacute; nh&#7845;p chu&#7897;t v&agrave; chuy&#7875;n &#273;&#7893;i li&#7873;n m&#7841;ch gi&#7919;a c&aacute;c &#7913;ng d&#7909;ng tr&#7897;n v&agrave; &#273;&ugrave;n.<br>\nT&iacute;nh n&#259;ng &#273;&#432;&#7901;ng tham chi&#7871;u: Gi&aacute;m s&aacute;t ch&#7845;t l&#432;&#7907;ng v&#7853;t li&#7879;u theo th&#7901;i gian th&#7921;c, nh&#7853;n ph&#7843;n h&#7891;i t&#7921; &#273;&#7897;ng v&#7873; s&#7921; tu&acirc;n th&#7911; th&ocirc;ng s&#7889; k&#7929; thu&#7853;t.<br>\nTi&#7879;n &iacute;ch b&#7893; sung so s&aacute;nh: So s&aacute;nh m&#7897;t l&#432;&#7907;ng l&#7899;n c&aacute;c ph&eacute;p &#273;o, cung c&#7845;p s&#7921; hi&#7875;u bi&#7871;t t&#7889;i &#432;u v&#7873; v&#7853;t li&#7879;u c&#7911;a b&#7841;n.<br>\nGi&#7843;i Ph&aacute;p T&#7889;i T&acirc;n<\/p><p>Thi&#7871;t B&#7883; &#272;o L&#432;u Bi&#7871;n MetaStation 16 cung c&#7845;p m&#7897;t lo&#7841;t c&aacute;c h&#7907;p kim th&eacute;p v&agrave; v&#7853;t li&#7879;u ph&#7911; ti&ecirc;n ti&#7871;n cho m&aacute;y tr&#7897;n, &#273;&#7843;m b&#7843;o &#273;&#7897; ch&iacute;nh x&aacute;c v&agrave; &#273;&#7897; b&#7873;n &#273;o l&#432;&#7901;ng trong su&#7889;t v&ograve;ng &#273;&#7901;i c&#7911;a thi&#7871;t b&#7883;, ngay c&#7843; khi x&#7917; l&yacute; c&aacute;c ch&#7845;t &#259;n m&ograve;n v&agrave; m&agrave;i m&ograve;n cao. lu&ocirc;n l&agrave; gi&#7843;i ph&aacute;p h&agrave;ng &#273;&#7847;u cho vi&#7879;c x&aacute;c &#273;&#7883;nh ch&iacute;nh x&aacute;c c&aacute;c t&iacute;nh ch&#7845;t li&ecirc;n k&#7871;t ch&eacute;o c&#7911;a nh&#7921;a nhi&#7879;t r&#7855;n theo ti&ecirc;u chu&#7849;n DIN 53764.<\/p><p>Nh&#7919;ng L&yacute; Do N&ecirc;n Mua M&aacute;y &#272;o L&#432;u Bi&#7871;n Momen Xo&#7855;n T&#7841;i Thi&#7871;t B&#7883; C&ocirc;ng Ngh&#7879; V&#7841;n N&#259;ng<\/p><p>C&ocirc;ng ty Thi&#7871;t B&#7883; C&ocirc;ng Ngh&#7879; V&#7841;n N&#259;ng l&agrave; &#273;&#7889;i t&aacute;c ch&iacute;nh th&#7913;c ph&acirc;n ph&#7889;i M&aacute;y &#272;o L&#432;u Bi&#7871;n M&ocirc;-Men Xo&#7855;n h&agrave;ng &#273;&#7847;u t&#7841;i Vi&#7879;t Nam, cam k&#7871;t cung c&#7845;p s&#7843;n ph&#7849;m ch&iacute;nh h&atilde;ng v&#7899;i gi&aacute; c&#7843; c&#7841;nh tranh nh&#7845;t th&#7883; tr&#432;&#7901;ng. V&#7899;i uy t&iacute;n tr&ecirc;n th&#7883; tr&#432;&#7901;ng v&agrave; ch&#7871; &#273;&#7897; h&#7851;u m&atilde;i t&#7889;t, Thi&#7871;t B&#7883; C&ocirc;ng Ngh&#7879; V&#7841;n N&#259;ng &#273;&atilde; nh&#7853;n &#273;&#432;&#7907;c s&#7921; tin t&#432;&#7903;ng t&#7915; kh&aacute;ch h&agrave;ng nh&#7901; v&agrave;o ch&#7845;t l&#432;&#7907;ng h&agrave;ng &#273;&#7847;u c&#7911;a c&aacute;c d&ograve;ng s&#7843;n ph&#7849;m.<br>\nS&#7843;n ph&#7849;m c&#7911;a ch&uacute;ng t&ocirc;i &#273;&#432;&#7907;c ki&#7875;m &#273;&#7883;nh ch&#7845;t l&#432;&#7907;ng, nh&#7853;p kh&#7849;u tr&#7921;c ti&#7871;p t&#7915; nh&agrave; m&aacute;y b&ecirc;n Ch&acirc;u &Acirc;u, M&#7929;, &Uacute;c, Nh&#7853;t B&#7843;n,&hellip; v&agrave; &#273;&aacute;p &#7913;ng nhu c&#7847;u &#273;a d&#7841;ng c&#7911;a th&#7883; tr&#432;&#7901;ng nh&#432;: M&aacute;y &#272;o &#272;&#7897; C&#7913;ng, M&aacute;y SPECTROMAXx, M&aacute;y Ki&#7875;m Tra &#272;&#7897; B&#7873;n S&#417;n,&hellip; Ch&uacute;ng t&ocirc;i cam k&#7871;t cung c&#7845;p s&#7843;n ph&#7849;m n&agrave;y tr&ecirc;n to&agrave;n qu&#7889;c v&#7899;i gi&aacute; c&#7843; c&#7841;nh tranh nh&#7845;t.<br>\nCh&uacute;ng t&ocirc;i c&oacute; &#273;&#7897;i ng&#361; chuy&ecirc;n vi&ecirc;n t&#432; v&#7845;n chuy&ecirc;n s&acirc;u s&#7869; h&#7895; tr&#7907; kh&aacute;ch h&agrave;ng v&#7873; chi ti&#7871;t s&#7843;n ph&#7849;m, h&#432;&#7899;ng d&#7851;n s&#7917; d&#7909;ng hay nh&#7919;ng th&#7913; li&ecirc;n quan &#273;&#7871;n v&#7845;n &#273;&#7873; m&agrave; doanh nghi&#7879;p b&#7841;n &#273;ang g&#7863;p ph&#7843;i. Ch&uacute;ng t&ocirc;i s&#7869; cung c&#7845;p nh&#7919;ng gi&#7843;i ph&aacute;p t&#7889;i &#432;u nh&#7845;t!<br>\nNgo&agrave;i ra Thi&#7871;t B&#7883; C&ocirc;ng Ngh&#7879; V&#7841;n N&#259;ng Ch&uacute;ng T&ocirc;i lu&ocirc;n h&#432;&#7899;ng &#273;&#7871;n tr&#7843;i nghi&#7879;m kh&aacute;ch h&agrave;ng, v&igrave; v&#7853;y ch&uacute;ng t&ocirc;i c&oacute; nh&#7919;ng ch&iacute;nh s&aacute;ch b&#7843;o h&agrave;nh, b&#7843;o tr&igrave; &ndash; b&#7843;o d&#432;&#7905;ng, hi&#7879;u chu&#7849;n v&#7899;i t&#7845;t c&#7843; c&aacute;c thi&#7871;t b&#7883;, m&aacute;y m&oacute;c m&agrave; ch&uacute;ng t&ocirc;i cung c&#7845;p. &#272;&#7843;m b&#7843;o mang &#273;&#7871;n cho Kh&aacute;ch h&agrave;ng s&#7921; y&ecirc;n t&acirc;m tuy&#7879;t &#273;&#7889;i v&#7873; d&#7883;ch v&#7909; khi mua h&agrave;ng.<\/p><p>T&#7893;ng K&#7871;t<br>\nV&#7899;i t&iacute;nh linh ho&#7841;t trong c&#7845;u h&igrave;nh v&agrave; kh&#7843; n&#259;ng &#273;&aacute;p &#7913;ng c&aacute;c ti&ecirc;u chu&#7849;n qu&#7889;c t&#7871;, M&aacute;y &#272;o L&#432;u Bi&#7871;n Momen Xo&#7855;n MetaStation 16 kh&ocirc;ng ch&#7881; l&agrave; c&ocirc;ng c&#7909; &#273;o l&#432;&#7901;ng m&agrave; c&ograve;n l&agrave; gi&#7843;i ph&aacute;p to&agrave;n di&#7879;n gi&uacute;p b&#7841;n t&#7889;i &#432;u h&oacute;a quy tr&igrave;nh s&#7843;n xu&#7845;t v&agrave; n&acirc;ng cao ch&#7845;t l&#432;&#7907;ng s&#7843;n ph&#7849;m. H&atilde;y li&ecirc;n h&#7879; v&#7899;i Thi&#7871;t B&#7883; C&ocirc;ng Ngh&#7879; V&#7841;n N&#259;ng ngay &#273;&#7875; &#273;&#432;&#7907;c t&#432; v&#7845;n chuy&ecirc;n s&acirc;u v&agrave; nh&#7853;n c&aacute;c &#432;u &#273;&atilde;i h&#7845;p d&#7851;n nh&#7845;t th&ocirc;ng qua hotline\/zalo: <a href=\"https:\/\/zalo.me\/0903991335\" target=\"_blank\" rel=\"noopener\" style=\"color: #059669; font-weight: bold; text-decoration: none;\">0903 991 335<\/a>!<\/p><div style=\"background-color: #f8fafc; border: 1px solid #e2e8f0; border-radius: 8px; padding: 25px; max-width: 800px; margin: 30px auto; color: #334155; line-height: 1.8; font-size: 17px; box-shadow: 0 4px 6px -1px rgba(0,0,0,0.05); text-align: left; clear: both;\">\nC&ocirc;ng ty TNHH Th&#432;&#417;ng M&#7841;i D&#7883;ch V&#7909; Thi&#7871;t B&#7883; C&ocirc;ng Ngh&#7879; V&#7841;n N&#259;ng\n<p style=\"margin: 0 0 10px 0;\">&#128205; <strong style=\"color: #1e293b;\">&#272;&#7883;a ch&#7881;:<\/strong> <a style=\"color: #059669; text-decoration: none; font-weight: bold;\" href=\"https:\/\/www.google.com\/maps\/search\/C%C3%B4ng+ty+TNHH+Th%C6%B0%C6%A1ng+M%E1%BA%A1i+D%E1%BB%8Bch+V%E1%BB%A5+Thi%E1%BA%BFt+B%E1%BB%8B+C%C3%B4ng+Ngh%E1%BB%87+V%E1%BA%A1n+N%C4%83ng+818+Tr%C6%B0%E1%BB%9Dng+Chinh\" target=\"_blank\" rel=\"noopener\">818 Tr&#432;&#7901;ng Chinh, Ph&#432;&#7901;ng T&acirc;n S&#417;n, Th&agrave;nh ph&#7889; H&#7891; Ch&iacute; Minh, Vi&#7879;t Nam<\/a><\/p>\n<p style=\"margin: 0 0 10px 0;\">&#128222; <strong style=\"color: #1e293b;\">S&#272;T &ndash; Zalo:<\/strong> <a style=\"color: #059669; text-decoration: none; font-weight: bold;\" href=\"https:\/\/zalo.me\/0903991335\" target=\"_blank\" rel=\"noopener\">0903 991 335<\/a> <span style=\"color: #64748b; font-style: italic;\">(Ms. H&#7841;nh &ndash; Gi&aacute;m &#272;&#7889;c Kinh Doanh)<\/span><\/p>\n<p style=\"margin: 0;\">&#9993;&#65039; <strong style=\"color: #1e293b;\">Email:<\/strong> <a style=\"color: #059669; text-decoration: none; font-weight: bold;\" href=\"mailto:hienhanh@vannangvn.com\">hienhanh@vannangvn.com<\/a><\/p>\n<\/div><\/h1>","protected":false},"excerpt":{"rendered":"<p><strong>Th&#432;&#417;ng hi&#7879;u:<\/strong> M&aacute;y MetaStation Brabender c&#7911;a Anton Paar l&agrave; m&#7897;t thi&#7871;t b&#7883; &#273;a n&#259;ng, cho ph&eacute;p ki&#7875;m tra v&agrave; t&ugrave;y ch&#7881;nh c&aacute;c quy tr&igrave;nh s&#7843;n xu&#7845;t nh&#7921;a, cao su v&agrave; nh&#7921;a nhi&#7879;t r&#7855;n. M&aacute;y c&oacute; th&#7875; &#273;&aacute;p &#7913;ng nhi&#7873;u y&ecirc;u c&#7847;u kh&aacute;c nhau nh&#7901; c&#7845;u h&igrave;nh linh ho&#7841;t.<br>\n<strong>Model:<\/strong> MetaStation<p>Product <strong>M&Aacute;Y &#272;O L&#431;U BI&#7870;N MOMEN XO&#7854;N ANTON PAAR MODEL METASTATION 16<\/strong> ch&iacute;nh h&atilde;ng. M&aacute;y MetaStation Brabender c&#7911;a Anton Paar l&agrave; m&#7897;t thi&#7871;t b&#7883; &#273;a n&#259;ng, cho ph&eacute;p ki&#7875;m tra v&agrave; t&ugrave;y ch&#7881;nh c&aacute;c quy tr&igrave;nh s&#7843;n xu&#7845;t nh&#7921;a, cao su v&agrave; nh&#7921;a nhi&#7879;t r&#7855;n. M&aacute;y c&oacute; th&#7875; &#273;&aacute;p &#7913;ng nhi&#7873;u y&ecirc;u c&#7847;u kh&aacute;c nhau nh&#7901; c&#7845;u h&igrave;nh linh ho&#7841;t.<\/p><\/p>","protected":false},"featured_media":8567,"comment_status":"open","ping_status":"closed","template":"","meta":[],"product_brand":[],"product_cat":[18],"product_tag":[109,116,181,464,465,575,702,1118,1985,2042,2043],"class_list":{"0":"post-6922","1":"product","2":"type-product","3":"status-publish","4":"has-post-thumbnail","6":"product_cat-chua-phan-loai","7":"product_tag-may","8":"product_tag-model","9":"product_tag-do","10":"product_tag-anton","11":"product_tag-paar","12":"product_tag-bien","13":"product_tag-luu","14":"product_tag-xoan","15":"product_tag-1985","16":"product_tag-momen","17":"product_tag-metastation","19":"first","20":"instock","21":"shipping-taxable","22":"product-type-simple"},"yoast_head":"<!-- This site is optimized with the Yoast SEO Premium plugin v24.8 (Yoast SEO v24.8) - https:\/\/yoast.com\/wordpress\/plugins\/seo\/ -->\n<title>M\u00c1Y \u0110O L\u01afU BI\u1ebeN MOMEN XO\u1eaeN ANTON PA... ch\u00ednh h\u00e3ng | V\u1ea1n N\u0103ng<\/title>\n<meta name=\"description\" content=\"Mua ngay M\u00c1Y \u0110O L\u01afU BI\u1ebeN MOMEN XO\u1eaeN ANTON PAAR MODEL METASTATION 16 ch\u00ednh h\u00e3ng. Gi\u00e1 t\u1ed1t!\" \/>\n<meta name=\"robots\" content=\"noindex, follow, max-snippet:-1, max-image-preview:large, max-video-preview:-1\" \/>\n<meta property=\"og:locale\" content=\"en_US\" \/>\n<meta property=\"og:type\" content=\"article\" \/>\n<meta property=\"og:title\" content=\"M\u00c1Y \u0110O L\u01afU BI\u1ebeN MOMEN XO\u1eaeN ANTON PAAR MODEL METASTATION 16\" \/>\n<meta property=\"og:description\" content=\"Mua ngay M\u00c1Y \u0110O L\u01afU BI\u1ebeN MOMEN XO\u1eaeN ANTON PAAR MODEL METASTATION 16 ch\u00ednh h\u00e3ng. Gi\u00e1 t\u1ed1t!\" \/>\n<meta property=\"og:url\" content=\"https:\/\/vannangvn.123websitedev.com\/en\/product\/may-do-luu-bien-momen-xoan-anton-paar-model-metastation-16\/\" \/>\n<meta property=\"og:site_name\" content=\"Vannang.vn\" \/>\n<meta property=\"article:modified_time\" content=\"2026-03-30T11:31:32+00:00\" \/>\n<meta property=\"og:image\" content=\"http:\/\/vannangvn.123websitedev.com\/wp-content\/uploads\/2026\/03\/May-Do-Luu-Bien-Momen-Xoan-Anton-Paar-Model-MetaStation-48162-copy.jpg\" \/>\n\t<meta property=\"og:image:width\" content=\"768\" \/>\n\t<meta property=\"og:image:height\" content=\"576\" \/>\n\t<meta property=\"og:image:type\" content=\"image\/jpeg\" \/>\n<meta name=\"twitter:card\" content=\"summary_large_image\" \/>\n<meta name=\"twitter:label1\" content=\"Est. reading time\" \/>\n\t<meta name=\"twitter:data1\" content=\"9 minutes\" \/>\n<script type=\"application\/ld+json\" class=\"yoast-schema-graph\">{\"@context\":\"https:\/\/schema.org\",\"@graph\":[{\"@type\":\"WebPage\",\"@id\":\"https:\/\/vannangvn.123websitedev.com\/san-pham\/may-do-luu-bien-momen-xoan-anton-paar-model-metastation-16\/\",\"url\":\"https:\/\/vannangvn.123websitedev.com\/san-pham\/may-do-luu-bien-momen-xoan-anton-paar-model-metastation-16\/\",\"name\":\"M\u00c1Y \u0110O L\u01afU BI\u1ebeN MOMEN XO\u1eaeN ANTON PA... ch\u00ednh h\u00e3ng | V\u1ea1n N\u0103ng\",\"isPartOf\":{\"@id\":\"https:\/\/vannangvn.123websitedev.com\/#website\"},\"primaryImageOfPage\":{\"@id\":\"https:\/\/vannangvn.123websitedev.com\/san-pham\/may-do-luu-bien-momen-xoan-anton-paar-model-metastation-16\/#primaryimage\"},\"image\":{\"@id\":\"https:\/\/vannangvn.123websitedev.com\/san-pham\/may-do-luu-bien-momen-xoan-anton-paar-model-metastation-16\/#primaryimage\"},\"thumbnailUrl\":\"https:\/\/vannangvn.123websitedev.com\/wp-content\/uploads\/2026\/03\/May-Do-Luu-Bien-Momen-Xoan-Anton-Paar-Model-MetaStation-48162-copy.jpg\",\"datePublished\":\"2026-03-20T10:39:45+00:00\",\"dateModified\":\"2026-03-30T11:31:32+00:00\",\"description\":\"Mua ngay M\u00c1Y \u0110O L\u01afU BI\u1ebeN MOMEN XO\u1eaeN ANTON PAAR MODEL METASTATION 16 ch\u00ednh h\u00e3ng. Gi\u00e1 t\u1ed1t!\",\"breadcrumb\":{\"@id\":\"https:\/\/vannangvn.123websitedev.com\/san-pham\/may-do-luu-bien-momen-xoan-anton-paar-model-metastation-16\/#breadcrumb\"},\"inLanguage\":\"en-US\",\"potentialAction\":[{\"@type\":\"ReadAction\",\"target\":[\"https:\/\/vannangvn.123websitedev.com\/san-pham\/may-do-luu-bien-momen-xoan-anton-paar-model-metastation-16\/\"]}]},{\"@type\":\"ImageObject\",\"inLanguage\":\"en-US\",\"@id\":\"https:\/\/vannangvn.123websitedev.com\/san-pham\/may-do-luu-bien-momen-xoan-anton-paar-model-metastation-16\/#primaryimage\",\"url\":\"https:\/\/vannangvn.123websitedev.com\/wp-content\/uploads\/2026\/03\/May-Do-Luu-Bien-Momen-Xoan-Anton-Paar-Model-MetaStation-48162-copy.jpg\",\"contentUrl\":\"https:\/\/vannangvn.123websitedev.com\/wp-content\/uploads\/2026\/03\/May-Do-Luu-Bien-Momen-Xoan-Anton-Paar-Model-MetaStation-48162-copy.jpg\",\"width\":768,\"height\":576},{\"@type\":\"BreadcrumbList\",\"@id\":\"https:\/\/vannangvn.123websitedev.com\/san-pham\/may-do-luu-bien-momen-xoan-anton-paar-model-metastation-16\/#breadcrumb\",\"itemListElement\":[{\"@type\":\"ListItem\",\"position\":1,\"name\":\"Trang ch\u1ee7\",\"item\":\"https:\/\/vannangvn.123websitedev.com\/\"},{\"@type\":\"ListItem\",\"position\":2,\"name\":\"S\u1ea3n ph\u1ea9m\",\"item\":\"https:\/\/vannangvn.123websitedev.com\/cua-hang\/\"},{\"@type\":\"ListItem\",\"position\":3,\"name\":\"M\u00c1Y \u0110O L\u01afU BI\u1ebeN MOMEN XO\u1eaeN ANTON PAAR MODEL METASTATION 16\"}]},{\"@type\":\"WebSite\",\"@id\":\"https:\/\/vannangvn.123websitedev.com\/#website\",\"url\":\"https:\/\/vannangvn.123websitedev.com\/\",\"name\":\"Vannang.vn\",\"description\":\"\",\"publisher\":{\"@id\":\"https:\/\/vannangvn.123websitedev.com\/#organization\"},\"potentialAction\":[{\"@type\":\"SearchAction\",\"target\":{\"@type\":\"EntryPoint\",\"urlTemplate\":\"https:\/\/vannangvn.123websitedev.com\/?s={search_term_string}\"},\"query-input\":{\"@type\":\"PropertyValueSpecification\",\"valueRequired\":true,\"valueName\":\"search_term_string\"}}],\"inLanguage\":\"en-US\"},{\"@type\":\"Organization\",\"@id\":\"https:\/\/vannangvn.123websitedev.com\/#organization\",\"name\":\"Vannang.vn\",\"url\":\"https:\/\/vannangvn.123websitedev.com\/\",\"logo\":{\"@type\":\"ImageObject\",\"inLanguage\":\"en-US\",\"@id\":\"https:\/\/vannangvn.123websitedev.com\/#\/schema\/logo\/image\/\",\"url\":\"https:\/\/vannangvn.123websitedev.com\/wp-content\/uploads\/2026\/02\/logo-van-nang-02.png\",\"contentUrl\":\"https:\/\/vannangvn.123websitedev.com\/wp-content\/uploads\/2026\/02\/logo-van-nang-02.png\",\"width\":448,\"height\":111,\"caption\":\"Vannang.vn\"},\"image\":{\"@id\":\"https:\/\/vannangvn.123websitedev.com\/#\/schema\/logo\/image\/\"}}]}<\/script>\n<!-- \/ Yoast SEO Premium plugin. -->","yoast_head_json":{"title":"M\u00c1Y \u0110O L\u01afU BI\u1ebeN MOMEN XO\u1eaeN ANTON PA... ch\u00ednh h\u00e3ng | V\u1ea1n N\u0103ng","description":"Mua ngay M\u00c1Y \u0110O L\u01afU BI\u1ebeN MOMEN XO\u1eaeN ANTON PAAR MODEL METASTATION 16 ch\u00ednh h\u00e3ng. Gi\u00e1 t\u1ed1t!","robots":{"index":"noindex","follow":"follow","max-snippet":"max-snippet:-1","max-image-preview":"max-image-preview:large","max-video-preview":"max-video-preview:-1"},"og_locale":"en_US","og_type":"article","og_title":"M\u00c1Y \u0110O L\u01afU BI\u1ebeN MOMEN XO\u1eaeN ANTON PAAR MODEL METASTATION 16","og_description":"Mua ngay M\u00c1Y \u0110O L\u01afU BI\u1ebeN MOMEN XO\u1eaeN ANTON PAAR MODEL METASTATION 16 ch\u00ednh h\u00e3ng. Gi\u00e1 t\u1ed1t!","og_url":"https:\/\/vannangvn.123websitedev.com\/en\/product\/may-do-luu-bien-momen-xoan-anton-paar-model-metastation-16\/","og_site_name":"Vannang.vn","article_modified_time":"2026-03-30T11:31:32+00:00","og_image":[{"width":768,"height":576,"url":"http:\/\/vannangvn.123websitedev.com\/wp-content\/uploads\/2026\/03\/May-Do-Luu-Bien-Momen-Xoan-Anton-Paar-Model-MetaStation-48162-copy.jpg","type":"image\/jpeg"}],"twitter_card":"summary_large_image","twitter_misc":{"Est. reading time":"9 minutes"},"schema":{"@context":"https:\/\/schema.org","@graph":[{"@type":"WebPage","@id":"https:\/\/vannangvn.123websitedev.com\/san-pham\/may-do-luu-bien-momen-xoan-anton-paar-model-metastation-16\/","url":"https:\/\/vannangvn.123websitedev.com\/san-pham\/may-do-luu-bien-momen-xoan-anton-paar-model-metastation-16\/","name":"M\u00c1Y \u0110O L\u01afU BI\u1ebeN MOMEN XO\u1eaeN ANTON PA... ch\u00ednh h\u00e3ng | V\u1ea1n N\u0103ng","isPartOf":{"@id":"https:\/\/vannangvn.123websitedev.com\/#website"},"primaryImageOfPage":{"@id":"https:\/\/vannangvn.123websitedev.com\/san-pham\/may-do-luu-bien-momen-xoan-anton-paar-model-metastation-16\/#primaryimage"},"image":{"@id":"https:\/\/vannangvn.123websitedev.com\/san-pham\/may-do-luu-bien-momen-xoan-anton-paar-model-metastation-16\/#primaryimage"},"thumbnailUrl":"https:\/\/vannangvn.123websitedev.com\/wp-content\/uploads\/2026\/03\/May-Do-Luu-Bien-Momen-Xoan-Anton-Paar-Model-MetaStation-48162-copy.jpg","datePublished":"2026-03-20T10:39:45+00:00","dateModified":"2026-03-30T11:31:32+00:00","description":"Mua ngay M\u00c1Y \u0110O L\u01afU BI\u1ebeN MOMEN XO\u1eaeN ANTON PAAR MODEL METASTATION 16 ch\u00ednh h\u00e3ng. Gi\u00e1 t\u1ed1t!","breadcrumb":{"@id":"https:\/\/vannangvn.123websitedev.com\/san-pham\/may-do-luu-bien-momen-xoan-anton-paar-model-metastation-16\/#breadcrumb"},"inLanguage":"en-US","potentialAction":[{"@type":"ReadAction","target":["https:\/\/vannangvn.123websitedev.com\/san-pham\/may-do-luu-bien-momen-xoan-anton-paar-model-metastation-16\/"]}]},{"@type":"ImageObject","inLanguage":"en-US","@id":"https:\/\/vannangvn.123websitedev.com\/san-pham\/may-do-luu-bien-momen-xoan-anton-paar-model-metastation-16\/#primaryimage","url":"https:\/\/vannangvn.123websitedev.com\/wp-content\/uploads\/2026\/03\/May-Do-Luu-Bien-Momen-Xoan-Anton-Paar-Model-MetaStation-48162-copy.jpg","contentUrl":"https:\/\/vannangvn.123websitedev.com\/wp-content\/uploads\/2026\/03\/May-Do-Luu-Bien-Momen-Xoan-Anton-Paar-Model-MetaStation-48162-copy.jpg","width":768,"height":576},{"@type":"BreadcrumbList","@id":"https:\/\/vannangvn.123websitedev.com\/san-pham\/may-do-luu-bien-momen-xoan-anton-paar-model-metastation-16\/#breadcrumb","itemListElement":[{"@type":"ListItem","position":1,"name":"Trang ch\u1ee7","item":"https:\/\/vannangvn.123websitedev.com\/"},{"@type":"ListItem","position":2,"name":"S\u1ea3n ph\u1ea9m","item":"https:\/\/vannangvn.123websitedev.com\/cua-hang\/"},{"@type":"ListItem","position":3,"name":"M\u00c1Y \u0110O L\u01afU BI\u1ebeN MOMEN XO\u1eaeN ANTON PAAR MODEL METASTATION 16"}]},{"@type":"WebSite","@id":"https:\/\/vannangvn.123websitedev.com\/#website","url":"https:\/\/vannangvn.123websitedev.com\/","name":"Vannang.vn","description":"","publisher":{"@id":"https:\/\/vannangvn.123websitedev.com\/#organization"},"potentialAction":[{"@type":"SearchAction","target":{"@type":"EntryPoint","urlTemplate":"https:\/\/vannangvn.123websitedev.com\/?s={search_term_string}"},"query-input":{"@type":"PropertyValueSpecification","valueRequired":true,"valueName":"search_term_string"}}],"inLanguage":"en-US"},{"@type":"Organization","@id":"https:\/\/vannangvn.123websitedev.com\/#organization","name":"Vannang.vn","url":"https:\/\/vannangvn.123websitedev.com\/","logo":{"@type":"ImageObject","inLanguage":"en-US","@id":"https:\/\/vannangvn.123websitedev.com\/#\/schema\/logo\/image\/","url":"https:\/\/vannangvn.123websitedev.com\/wp-content\/uploads\/2026\/02\/logo-van-nang-02.png","contentUrl":"https:\/\/vannangvn.123websitedev.com\/wp-content\/uploads\/2026\/02\/logo-van-nang-02.png","width":448,"height":111,"caption":"Vannang.vn"},"image":{"@id":"https:\/\/vannangvn.123websitedev.com\/#\/schema\/logo\/image\/"}}]}},"_links":{"self":[{"href":"https:\/\/vannangvn.123websitedev.com\/en\/wp-json\/wp\/v2\/product\/6922","targetHints":{"allow":["GET"]}}],"collection":[{"href":"https:\/\/vannangvn.123websitedev.com\/en\/wp-json\/wp\/v2\/product"}],"about":[{"href":"https:\/\/vannangvn.123websitedev.com\/en\/wp-json\/wp\/v2\/types\/product"}],"replies":[{"embeddable":true,"href":"https:\/\/vannangvn.123websitedev.com\/en\/wp-json\/wp\/v2\/comments?post=6922"}],"wp:featuredmedia":[{"embeddable":true,"href":"https:\/\/vannangvn.123websitedev.com\/en\/wp-json\/wp\/v2\/media\/8567"}],"wp:attachment":[{"href":"https:\/\/vannangvn.123websitedev.com\/en\/wp-json\/wp\/v2\/media?parent=6922"}],"wp:term":[{"taxonomy":"product_brand","embeddable":true,"href":"https:\/\/vannangvn.123websitedev.com\/en\/wp-json\/wp\/v2\/product_brand?post=6922"},{"taxonomy":"product_cat","embeddable":true,"href":"https:\/\/vannangvn.123websitedev.com\/en\/wp-json\/wp\/v2\/product_cat?post=6922"},{"taxonomy":"product_tag","embeddable":true,"href":"https:\/\/vannangvn.123websitedev.com\/en\/wp-json\/wp\/v2\/product_tag?post=6922"}],"curies":[{"name":"wp","href":"https:\/\/api.w.org\/{rel}","templated":true}]}}