{"id":6947,"date":"2026-03-20T17:40:19","date_gmt":"2026-03-20T10:40:19","guid":{"rendered":"https:\/\/vannangvn.123websitedev.com\/san-pham\/may-do-mat-do-phan-xa-x-rite-model-exact\/"},"modified":"2026-03-30T18:47:44","modified_gmt":"2026-03-30T11:47:44","slug":"may-do-mat-do-phan-xa-x-rite-model-exact","status":"publish","type":"product","link":"https:\/\/vannangvn.123websitedev.com\/en\/product\/may-do-mat-do-phan-xa-x-rite-model-exact\/","title":{"rendered":"M\u00c1Y SO M\u00c0U QUANG PH\u1ed4 X-RITE MODEL EXACT 2"},"content":{"rendered":"<h1 style=\"color: red; font-weight: bold; font-size: 24px;\">T&#7893;ng quan s&#7843;n ph&#7849;m M&Aacute;Y SO M&Agrave;U QUANG PH&#7892; X-RITE MODEL EXACT 2<p>M&aacute;y So S&aacute;nh M&agrave;u Quang Ph&#7893; (Portable Spectrophotometer) X-Rite Model eXact&trade; 2<br>\nM&aacute;y So M&agrave;u Quang Ph&#7893; eXact 2 l&agrave; s&#7843;n ph&#7849;m &#273;&#7897;t ph&aacute; trong l&#297;nh v&#7921;c &#273;o m&agrave;u s&#7855;c, &#273;&#432;&#7907;c thi&#7871;t k&#7871; &#273;&#7863;c bi&#7879;t cho c&aacute;c lo&#7841;i v&#7853;t li&#7879;u nh&#432; gi&#7845;y, b&igrave;a carton, v&agrave; c&aacute;c ch&#7845;t li&#7879;u n&#7873;n kh&aacute;c. V&#7899;i c&ocirc;ng ngh&#7879; ti&ecirc;n ti&#7871;n, thi&#7871;t k&#7871; tr&#7921;c quan v&agrave; hi&#7879;u su&#7845;t v&#432;&#7907;t tr&#7897;i, thi&#7871;t b&#7883; n&agrave;y l&agrave; s&#7921; l&#7921;a ch&#7885;n h&agrave;ng &#273;&#7847;u cho c&aacute;c doanh nghi&#7879;p in &#7845;n v&agrave; bao b&igrave;. H&atilde;y c&ugrave;ng V&#7841;n N&#259;ng t&igrave;m hi&#7875;u chi ti&#7871;t h&#417;n v&#7873; s&#7843;n ph&#7849;m th&ocirc;ng qua b&agrave;i vi&#7871;t d&#432;&#7899;i &#273;&acirc;y!<\/p><p>Nh&#7919;ng N&eacute;t &#272;&#7863;c Tr&#432;ng C&#7911;a eXact&trade; 2<br>\nTh&#7871; h&#7879; m&#7899;i trong &#273;o m&agrave;u s&#7855;c<br>\nM&aacute;y eXact 2 &#273;&#432;&#7907;c cung c&#7845;p v&#7899;i ba m&#7851;u, mang &#273;&#7871;n &#273;&#7897; ch&iacute;nh x&aacute;c v&agrave; t&#7889;c &#273;&#7897; v&#432;&#7907;t tr&#7897;i. V&#7899;i c&ocirc;ng ngh&#7879; &#273;o video kh&ocirc;ng ti&#7871;p x&uacute;c, k&#7871;t n&#7889;i Wi-Fi t&iacute;ch h&#7907;p, thi&#7871;t b&#7883; n&agrave;y gi&uacute;p c&aacute;c nh&agrave; in &#273;&aacute;p &#7913;ng y&ecirc;u c&#7847;u ch&#7845;t l&#432;&#7907;ng in &#7845;n v&agrave; ti&ecirc;u chu&#7849;n ng&agrave;nh.<\/p><p>&#272;&#7897; t&#432;&#417;ng &#273;&#7891;ng gi&#7919;a c&aacute;c thi&#7871;t b&#7883;: 0.25 &Delta;Eab.<br>\nTh&#7901;i gian &#273;o: 0903 991 335!<\/p><div style=\"background-color: #f8fafc; border: 1px solid #e2e8f0; border-radius: 8px; padding: 25px; max-width: 800px; margin: 30px auto; color: #334155; line-height: 1.8; font-size: 17px; box-shadow: 0 4px 6px -1px rgba(0,0,0,0.05); text-align: left; clear: both;\">\nC&ocirc;ng ty TNHH Th&#432;&#417;ng M&#7841;i D&#7883;ch V&#7909; Thi&#7871;t B&#7883; C&ocirc;ng Ngh&#7879; V&#7841;n N&#259;ng\n<p style=\"margin: 0 0 10px 0;\">&#128205; <strong style=\"color: #1e293b;\">&#272;&#7883;a ch&#7881;:<\/strong> <a style=\"color: #059669; text-decoration: none; font-weight: bold;\" href=\"https:\/\/www.google.com\/maps\/search\/C%C3%B4ng+ty+TNHH+Th%C6%B0%C6%A1ng+M%E1%BA%A1i+D%E1%BB%8Bch+V%E1%BB%A5+Thi%E1%BA%BFt+B%E1%BB%8B+C%C3%B4ng+Ngh%E1%BB%87+V%E1%BA%A1n+N%C4%83ng+818+Tr%C6%B0%E1%BB%9Dng+Chinh\" target=\"_blank\" rel=\"noopener\">818 Tr&#432;&#7901;ng Chinh, Ph&#432;&#7901;ng T&acirc;n S&#417;n, Th&agrave;nh ph&#7889; H&#7891; Ch&iacute; Minh, Vi&#7879;t Nam<\/a><\/p>\n<p style=\"margin: 0 0 10px 0;\">&#128222; <strong style=\"color: #1e293b;\">S&#272;T &ndash; Zalo:<\/strong> <a style=\"color: #059669; text-decoration: none; font-weight: bold;\" href=\"https:\/\/zalo.me\/0903991335\" target=\"_blank\" rel=\"noopener\">0903 991 335<\/a> <span style=\"color: #64748b; font-style: italic;\">(Ms. H&#7841;nh &ndash; Gi&aacute;m &#272;&#7889;c Kinh Doanh)<\/span><\/p>\n<p style=\"margin: 0;\">&#9993;&#65039; <strong style=\"color: #1e293b;\">Email:<\/strong> <a style=\"color: #059669; text-decoration: none; font-weight: bold;\" href=\"mailto:hienhanh@vannangvn.com\">hienhanh@vannangvn.com<\/a><\/p>\n<\/div><\/h1>","protected":false},"excerpt":{"rendered":"<p><strong>Th&#432;&#417;ng hi&#7879;u:<\/strong> eXact 2 l&agrave; M&aacute;y So M&agrave;u Quang Ph&#7893; hi&#7879;n &#273;&#7841;i &#273;&#432;&#7907;c thi&#7871;t k&#7871; cho c&aacute;c v&#7853;t li&#7879;u nh&#432; gi&#7845;y, b&igrave;a carton, v&agrave; c&aacute;c ch&#7845;t li&#7879;u n&#7873;n kh&aacute;c.<br>\n<strong>Model:<\/strong> eXact&trade;<p>Product <strong>M&Aacute;Y SO M&Agrave;U QUANG PH&#7892; X-RITE MODEL EXACT 2<\/strong> ch&iacute;nh h&atilde;ng. eXact 2 l&agrave; M&aacute;y So M&agrave;u Quang Ph&#7893; hi&#7879;n &#273;&#7841;i &#273;&#432;&#7907;c thi&#7871;t k&#7871; cho c&aacute;c v&#7853;t li&#7879;u nh&#432; gi&#7845;y, b&igrave;a carton, v&agrave; c&aacute;c ch&#7845;t li&#7879;u n&#7873;n kh&aacute;c.<\/p><\/p>","protected":false},"featured_media":9058,"comment_status":"open","ping_status":"closed","template":"","meta":[],"product_brand":[],"product_cat":[18],"product_tag":[109,116,129,130,177,704,1088,1185,2068],"class_list":{"0":"post-6947","1":"product","2":"type-product","3":"status-publish","4":"has-post-thumbnail","6":"product_cat-chua-phan-loai","7":"product_tag-may","8":"product_tag-model","9":"product_tag-so","10":"product_tag-mau","11":"product_tag-177","12":"product_tag-quang","13":"product_tag-x-rite","14":"product_tag-pho","15":"product_tag-exact","17":"first","18":"instock","19":"shipping-taxable","20":"product-type-simple"},"yoast_head":"<!-- This site is optimized with the Yoast SEO Premium plugin v24.8 (Yoast SEO v24.8) - https:\/\/yoast.com\/wordpress\/plugins\/seo\/ -->\n<title>M\u00c1Y SO M\u00c0U QUANG PH\u1ed4 X-RITE MODEL E... ch\u00ednh h\u00e3ng | V\u1ea1n N\u0103ng<\/title>\n<meta name=\"description\" content=\"Mua ngay M\u00c1Y SO M\u00c0U QUANG PH\u1ed4 X-RITE MODEL EXACT 2 ch\u00ednh h\u00e3ng. Gi\u00e1 t\u1ed1t!\" \/>\n<meta name=\"robots\" content=\"noindex, follow, max-snippet:-1, max-image-preview:large, max-video-preview:-1\" \/>\n<meta property=\"og:locale\" content=\"en_US\" \/>\n<meta property=\"og:type\" content=\"article\" \/>\n<meta property=\"og:title\" content=\"M\u00c1Y SO M\u00c0U QUANG PH\u1ed4 X-RITE MODEL EXACT 2\" \/>\n<meta property=\"og:description\" content=\"Mua ngay M\u00c1Y SO M\u00c0U QUANG PH\u1ed4 X-RITE MODEL EXACT 2 ch\u00ednh h\u00e3ng. Gi\u00e1 t\u1ed1t!\" \/>\n<meta property=\"og:url\" content=\"https:\/\/vannangvn.123websitedev.com\/en\/product\/may-do-mat-do-phan-xa-x-rite-model-exact\/\" \/>\n<meta property=\"og:site_name\" content=\"Vannang.vn\" \/>\n<meta property=\"article:modified_time\" content=\"2026-03-30T11:47:44+00:00\" \/>\n<meta property=\"og:image\" content=\"http:\/\/vannangvn.123websitedev.com\/wp-content\/uploads\/2026\/03\/X-Rite-eXact-2-768x576-copy.jpg\" \/>\n\t<meta property=\"og:image:width\" content=\"768\" \/>\n\t<meta property=\"og:image:height\" content=\"576\" \/>\n\t<meta property=\"og:image:type\" content=\"image\/jpeg\" \/>\n<meta name=\"twitter:card\" content=\"summary_large_image\" \/>\n<meta name=\"twitter:label1\" content=\"Est. reading time\" \/>\n\t<meta name=\"twitter:data1\" content=\"7 minutes\" \/>\n<script type=\"application\/ld+json\" class=\"yoast-schema-graph\">{\"@context\":\"https:\/\/schema.org\",\"@graph\":[{\"@type\":\"WebPage\",\"@id\":\"https:\/\/vannangvn.123websitedev.com\/san-pham\/may-do-mat-do-phan-xa-x-rite-model-exact\/\",\"url\":\"https:\/\/vannangvn.123websitedev.com\/san-pham\/may-do-mat-do-phan-xa-x-rite-model-exact\/\",\"name\":\"M\u00c1Y SO M\u00c0U QUANG PH\u1ed4 X-RITE MODEL E... ch\u00ednh h\u00e3ng | V\u1ea1n N\u0103ng\",\"isPartOf\":{\"@id\":\"https:\/\/vannangvn.123websitedev.com\/#website\"},\"primaryImageOfPage\":{\"@id\":\"https:\/\/vannangvn.123websitedev.com\/san-pham\/may-do-mat-do-phan-xa-x-rite-model-exact\/#primaryimage\"},\"image\":{\"@id\":\"https:\/\/vannangvn.123websitedev.com\/san-pham\/may-do-mat-do-phan-xa-x-rite-model-exact\/#primaryimage\"},\"thumbnailUrl\":\"https:\/\/vannangvn.123websitedev.com\/wp-content\/uploads\/2026\/03\/X-Rite-eXact-2-768x576-copy.jpg\",\"datePublished\":\"2026-03-20T10:40:19+00:00\",\"dateModified\":\"2026-03-30T11:47:44+00:00\",\"description\":\"Mua ngay M\u00c1Y SO M\u00c0U QUANG PH\u1ed4 X-RITE MODEL EXACT 2 ch\u00ednh h\u00e3ng. Gi\u00e1 t\u1ed1t!\",\"breadcrumb\":{\"@id\":\"https:\/\/vannangvn.123websitedev.com\/san-pham\/may-do-mat-do-phan-xa-x-rite-model-exact\/#breadcrumb\"},\"inLanguage\":\"en-US\",\"potentialAction\":[{\"@type\":\"ReadAction\",\"target\":[\"https:\/\/vannangvn.123websitedev.com\/san-pham\/may-do-mat-do-phan-xa-x-rite-model-exact\/\"]}]},{\"@type\":\"ImageObject\",\"inLanguage\":\"en-US\",\"@id\":\"https:\/\/vannangvn.123websitedev.com\/san-pham\/may-do-mat-do-phan-xa-x-rite-model-exact\/#primaryimage\",\"url\":\"https:\/\/vannangvn.123websitedev.com\/wp-content\/uploads\/2026\/03\/X-Rite-eXact-2-768x576-copy.jpg\",\"contentUrl\":\"https:\/\/vannangvn.123websitedev.com\/wp-content\/uploads\/2026\/03\/X-Rite-eXact-2-768x576-copy.jpg\",\"width\":768,\"height\":576},{\"@type\":\"BreadcrumbList\",\"@id\":\"https:\/\/vannangvn.123websitedev.com\/san-pham\/may-do-mat-do-phan-xa-x-rite-model-exact\/#breadcrumb\",\"itemListElement\":[{\"@type\":\"ListItem\",\"position\":1,\"name\":\"Trang ch\u1ee7\",\"item\":\"https:\/\/vannangvn.123websitedev.com\/\"},{\"@type\":\"ListItem\",\"position\":2,\"name\":\"S\u1ea3n ph\u1ea9m\",\"item\":\"https:\/\/vannangvn.123websitedev.com\/cua-hang\/\"},{\"@type\":\"ListItem\",\"position\":3,\"name\":\"M\u00c1Y SO M\u00c0U QUANG PH\u1ed4 X-RITE MODEL EXACT 2\"}]},{\"@type\":\"WebSite\",\"@id\":\"https:\/\/vannangvn.123websitedev.com\/#website\",\"url\":\"https:\/\/vannangvn.123websitedev.com\/\",\"name\":\"Vannang.vn\",\"description\":\"\",\"publisher\":{\"@id\":\"https:\/\/vannangvn.123websitedev.com\/#organization\"},\"potentialAction\":[{\"@type\":\"SearchAction\",\"target\":{\"@type\":\"EntryPoint\",\"urlTemplate\":\"https:\/\/vannangvn.123websitedev.com\/?s={search_term_string}\"},\"query-input\":{\"@type\":\"PropertyValueSpecification\",\"valueRequired\":true,\"valueName\":\"search_term_string\"}}],\"inLanguage\":\"en-US\"},{\"@type\":\"Organization\",\"@id\":\"https:\/\/vannangvn.123websitedev.com\/#organization\",\"name\":\"Vannang.vn\",\"url\":\"https:\/\/vannangvn.123websitedev.com\/\",\"logo\":{\"@type\":\"ImageObject\",\"inLanguage\":\"en-US\",\"@id\":\"https:\/\/vannangvn.123websitedev.com\/#\/schema\/logo\/image\/\",\"url\":\"https:\/\/vannangvn.123websitedev.com\/wp-content\/uploads\/2026\/02\/logo-van-nang-02.png\",\"contentUrl\":\"https:\/\/vannangvn.123websitedev.com\/wp-content\/uploads\/2026\/02\/logo-van-nang-02.png\",\"width\":448,\"height\":111,\"caption\":\"Vannang.vn\"},\"image\":{\"@id\":\"https:\/\/vannangvn.123websitedev.com\/#\/schema\/logo\/image\/\"}}]}<\/script>\n<!-- \/ Yoast SEO Premium plugin. -->","yoast_head_json":{"title":"M\u00c1Y SO M\u00c0U QUANG PH\u1ed4 X-RITE MODEL E... ch\u00ednh h\u00e3ng | V\u1ea1n N\u0103ng","description":"Mua ngay M\u00c1Y SO M\u00c0U QUANG PH\u1ed4 X-RITE MODEL EXACT 2 ch\u00ednh h\u00e3ng. Gi\u00e1 t\u1ed1t!","robots":{"index":"noindex","follow":"follow","max-snippet":"max-snippet:-1","max-image-preview":"max-image-preview:large","max-video-preview":"max-video-preview:-1"},"og_locale":"en_US","og_type":"article","og_title":"M\u00c1Y SO M\u00c0U QUANG PH\u1ed4 X-RITE MODEL EXACT 2","og_description":"Mua ngay M\u00c1Y SO M\u00c0U QUANG PH\u1ed4 X-RITE MODEL EXACT 2 ch\u00ednh h\u00e3ng. Gi\u00e1 t\u1ed1t!","og_url":"https:\/\/vannangvn.123websitedev.com\/en\/product\/may-do-mat-do-phan-xa-x-rite-model-exact\/","og_site_name":"Vannang.vn","article_modified_time":"2026-03-30T11:47:44+00:00","og_image":[{"width":768,"height":576,"url":"http:\/\/vannangvn.123websitedev.com\/wp-content\/uploads\/2026\/03\/X-Rite-eXact-2-768x576-copy.jpg","type":"image\/jpeg"}],"twitter_card":"summary_large_image","twitter_misc":{"Est. reading time":"7 minutes"},"schema":{"@context":"https:\/\/schema.org","@graph":[{"@type":"WebPage","@id":"https:\/\/vannangvn.123websitedev.com\/san-pham\/may-do-mat-do-phan-xa-x-rite-model-exact\/","url":"https:\/\/vannangvn.123websitedev.com\/san-pham\/may-do-mat-do-phan-xa-x-rite-model-exact\/","name":"M\u00c1Y SO M\u00c0U QUANG PH\u1ed4 X-RITE MODEL E... ch\u00ednh h\u00e3ng | V\u1ea1n N\u0103ng","isPartOf":{"@id":"https:\/\/vannangvn.123websitedev.com\/#website"},"primaryImageOfPage":{"@id":"https:\/\/vannangvn.123websitedev.com\/san-pham\/may-do-mat-do-phan-xa-x-rite-model-exact\/#primaryimage"},"image":{"@id":"https:\/\/vannangvn.123websitedev.com\/san-pham\/may-do-mat-do-phan-xa-x-rite-model-exact\/#primaryimage"},"thumbnailUrl":"https:\/\/vannangvn.123websitedev.com\/wp-content\/uploads\/2026\/03\/X-Rite-eXact-2-768x576-copy.jpg","datePublished":"2026-03-20T10:40:19+00:00","dateModified":"2026-03-30T11:47:44+00:00","description":"Mua ngay M\u00c1Y SO M\u00c0U QUANG PH\u1ed4 X-RITE MODEL EXACT 2 ch\u00ednh h\u00e3ng. Gi\u00e1 t\u1ed1t!","breadcrumb":{"@id":"https:\/\/vannangvn.123websitedev.com\/san-pham\/may-do-mat-do-phan-xa-x-rite-model-exact\/#breadcrumb"},"inLanguage":"en-US","potentialAction":[{"@type":"ReadAction","target":["https:\/\/vannangvn.123websitedev.com\/san-pham\/may-do-mat-do-phan-xa-x-rite-model-exact\/"]}]},{"@type":"ImageObject","inLanguage":"en-US","@id":"https:\/\/vannangvn.123websitedev.com\/san-pham\/may-do-mat-do-phan-xa-x-rite-model-exact\/#primaryimage","url":"https:\/\/vannangvn.123websitedev.com\/wp-content\/uploads\/2026\/03\/X-Rite-eXact-2-768x576-copy.jpg","contentUrl":"https:\/\/vannangvn.123websitedev.com\/wp-content\/uploads\/2026\/03\/X-Rite-eXact-2-768x576-copy.jpg","width":768,"height":576},{"@type":"BreadcrumbList","@id":"https:\/\/vannangvn.123websitedev.com\/san-pham\/may-do-mat-do-phan-xa-x-rite-model-exact\/#breadcrumb","itemListElement":[{"@type":"ListItem","position":1,"name":"Trang ch\u1ee7","item":"https:\/\/vannangvn.123websitedev.com\/"},{"@type":"ListItem","position":2,"name":"S\u1ea3n ph\u1ea9m","item":"https:\/\/vannangvn.123websitedev.com\/cua-hang\/"},{"@type":"ListItem","position":3,"name":"M\u00c1Y SO M\u00c0U QUANG PH\u1ed4 X-RITE MODEL EXACT 2"}]},{"@type":"WebSite","@id":"https:\/\/vannangvn.123websitedev.com\/#website","url":"https:\/\/vannangvn.123websitedev.com\/","name":"Vannang.vn","description":"","publisher":{"@id":"https:\/\/vannangvn.123websitedev.com\/#organization"},"potentialAction":[{"@type":"SearchAction","target":{"@type":"EntryPoint","urlTemplate":"https:\/\/vannangvn.123websitedev.com\/?s={search_term_string}"},"query-input":{"@type":"PropertyValueSpecification","valueRequired":true,"valueName":"search_term_string"}}],"inLanguage":"en-US"},{"@type":"Organization","@id":"https:\/\/vannangvn.123websitedev.com\/#organization","name":"Vannang.vn","url":"https:\/\/vannangvn.123websitedev.com\/","logo":{"@type":"ImageObject","inLanguage":"en-US","@id":"https:\/\/vannangvn.123websitedev.com\/#\/schema\/logo\/image\/","url":"https:\/\/vannangvn.123websitedev.com\/wp-content\/uploads\/2026\/02\/logo-van-nang-02.png","contentUrl":"https:\/\/vannangvn.123websitedev.com\/wp-content\/uploads\/2026\/02\/logo-van-nang-02.png","width":448,"height":111,"caption":"Vannang.vn"},"image":{"@id":"https:\/\/vannangvn.123websitedev.com\/#\/schema\/logo\/image\/"}}]}},"_links":{"self":[{"href":"https:\/\/vannangvn.123websitedev.com\/en\/wp-json\/wp\/v2\/product\/6947","targetHints":{"allow":["GET"]}}],"collection":[{"href":"https:\/\/vannangvn.123websitedev.com\/en\/wp-json\/wp\/v2\/product"}],"about":[{"href":"https:\/\/vannangvn.123websitedev.com\/en\/wp-json\/wp\/v2\/types\/product"}],"replies":[{"embeddable":true,"href":"https:\/\/vannangvn.123websitedev.com\/en\/wp-json\/wp\/v2\/comments?post=6947"}],"wp:featuredmedia":[{"embeddable":true,"href":"https:\/\/vannangvn.123websitedev.com\/en\/wp-json\/wp\/v2\/media\/9058"}],"wp:attachment":[{"href":"https:\/\/vannangvn.123websitedev.com\/en\/wp-json\/wp\/v2\/media?parent=6947"}],"wp:term":[{"taxonomy":"product_brand","embeddable":true,"href":"https:\/\/vannangvn.123websitedev.com\/en\/wp-json\/wp\/v2\/product_brand?post=6947"},{"taxonomy":"product_cat","embeddable":true,"href":"https:\/\/vannangvn.123websitedev.com\/en\/wp-json\/wp\/v2\/product_cat?post=6947"},{"taxonomy":"product_tag","embeddable":true,"href":"https:\/\/vannangvn.123websitedev.com\/en\/wp-json\/wp\/v2\/product_tag?post=6947"}],"curies":[{"name":"wp","href":"https:\/\/api.w.org\/{rel}","templated":true}]}}