{"id":6953,"date":"2026-03-20T17:40:26","date_gmt":"2026-03-20T10:40:26","guid":{"rendered":"https:\/\/vannangvn.123websitedev.com\/san-pham\/may-do-mau-inline-inline-color-management-x-rite-model-colorxra-45\/"},"modified":"2026-03-30T18:32:14","modified_gmt":"2026-03-30T11:32:14","slug":"may-do-mau-inline-inline-color-management-x-rite-model-colorxra-45","status":"publish","type":"product","link":"https:\/\/vannangvn.123websitedev.com\/en\/product\/may-do-mau-inline-inline-color-management-x-rite-model-colorxra-45\/","title":{"rendered":"M\u00c1Y \u0110O M\u00c0U INLINE (INLINE COLOR MANAGEMENT) X-RITE MODEL COLORXRA 45"},"content":{"rendered":"<h1 style=\"color: red; font-weight: bold; font-size: 24px;\">T&#7893;ng quan s&#7843;n ph&#7849;m M&Aacute;Y &#272;O M&Agrave;U INLINE (INLINE COLOR MANAGEMENT) X-RITE MODEL COLORXRA 45<p>M&aacute;y &#272;o M&agrave;u Inline (Inline Color Management) X-Rite Model ColorXRA 45<br>\nTrong m&ocirc;i tr&#432;&#7901;ng s&#7843;n xu&#7845;t c&ocirc;ng nghi&#7879;p hi&#7879;n &#273;&#7841;i, vi&#7879;c qu&#7843;n l&yacute; v&agrave; ki&#7875;m so&aacute;t m&agrave;u s&#7855;c &#273;&oacute;ng vai tr&ograve; quan tr&#7885;ng &#273;&#7875; &#273;&#7843;m b&#7843;o ch&#7845;t l&#432;&#7907;ng s&#7843;n ph&#7849;m. M&aacute;y &#273;o m&agrave;u Inline ColorXRA 45 l&agrave; m&#7897;t thi&#7871;t b&#7883; ti&ecirc;n ti&#7871;n &#273;&#7871;n t&#7915; th&#432;&#417;ng hi&#7879;u n&#7893;i ti&#7871;ng X-Rite, mang &#273;&#7871;n gi&#7843;i ph&aacute;p &#273;o m&agrave;u kh&ocirc;ng ti&#7871;p x&uacute;c v&#432;&#7907;t tr&#7897;i cho c&aacute;c ng&agrave;nh c&ocirc;ng nghi&#7879;p gi&#7845;y v&agrave; nh&#7921;a.<br>\nV&#7899;i c&ocirc;ng ngh&#7879; hi&#7879;n &#273;&#7841;i v&agrave; kh&#7843; n&#259;ng ho&#7841;t &#273;&#7897;ng hi&#7879;u qu&#7843; tr&ecirc;n nhi&#7873;u lo&#7841;i v&#7853;t li&#7879;u, ColorXRA 45 gi&uacute;p n&acirc;ng cao ch&#7845;t l&#432;&#7907;ng s&#7843;n ph&#7849;m v&agrave; t&#7889;i &#432;u h&oacute;a quy tr&igrave;nh s&#7843;n xu&#7845;t. H&atilde;y c&ugrave;ng V&#7841;n N&#259;ng Company t&igrave;m hi&#7875;u chi ti&#7871;t h&#417;n v&#7873; s&#7843;n ph&#7849;m th&ocirc;ng qua b&agrave;i vi&#7871;t d&#432;&#7899;i &#273;&acirc;y nh&eacute;!<\/p><p>&#272;&#7863;c Tr&#432;ng C&#7911;a ColorXRA 45<br>\n&#272;o M&agrave;u Hi&#7879;n &#272;&#7841;i<br>\nM&aacute;y ColorXRA 45 &#273;&#432;&#7907;c thi&#7871;t k&#7871; &#273;&#7875; &#273;o m&agrave;u t&#7841;i c&aacute;c &#273;i&#7875;m quan tr&#7885;ng tr&ecirc;n d&acirc;y chuy&#7873;n s&#7843;n xu&#7845;t m&agrave; kh&ocirc;ng c&#7847;n d&#7915;ng quy tr&igrave;nh, gi&uacute;p duy tr&igrave; hi&#7879;u su&#7845;t v&agrave; ti&#7871;t ki&#7879;m th&#7901;i gian. Kh&#7843; n&#259;ng &#273;o m&agrave;u ch&iacute;nh x&aacute;c tr&ecirc;n c&aacute;c b&#7873; m&#7863;t c&oacute; h&#7885;a ti&#7871;t, hoa v&#259;n tinh t&#7871; v&agrave; b&oacute;ng lo&aacute;ng, k&#7875; c&#7843; nh&#7919;ng v&#7853;t li&#7879;u c&oacute; ch&#7913;a ch&#7845;t l&agrave;m s&aacute;ng quang h&#7885;c, gi&uacute;p &#273;&#7843;m b&#7843;o ch&#7845;t l&#432;&#7907;ng m&agrave;u s&#7855;c cao nh&#7845;t.<\/p><p>T&#7889;i &#431;u Th&#7901;i Gian Kh&#7903;i &#272;&#7897;ng V&agrave; Thay &#272;&#7893;i M&agrave;u S&#7855;c<br>\nV&#7899;i ColorXRA 45 Xrite, th&#7901;i gian kh&#7903;i &#273;&#7897;ng v&agrave; thay &#273;&#7893;i m&agrave;u s&#7855;c c&oacute; th&#7875; gi&#7843;m l&ecirc;n &#273;&#7871;n 50%. H&#7879; th&#7889;ng &#273;i&#7873;u khi&#7875;n m&agrave;u t&#7921; &#273;&#7897;ng kh&eacute;p k&iacute;n ESWin gi&uacute;p th&#7921;c hi&#7879;n c&aacute;c &#273;i&#7873;u ch&#7881;nh m&agrave;u s&#7855;c ch&iacute;nh x&aacute;c v&agrave; nhanh ch&oacute;ng, gi&#7843;m thi&#7875;u l&atilde;ng ph&iacute; nguy&ecirc;n li&#7879;u v&agrave; ti&#7871;t ki&#7879;m chi ph&iacute; s&#7917; d&#7909;ng thu&#7889;c nhu&#7897;m. &#272;i&#7873;u n&agrave;y kh&ocirc;ng ch&#7881; c&#7843;i thi&#7879;n ch&#7845;t l&#432;&#7907;ng s&#7843;n ph&#7849;m m&agrave; c&ograve;n t&#259;ng hi&#7879;u qu&#7843; kinh t&#7871;.<br>\nN&acirc;ng Cao &#7892;n &#272;&#7883;nh S&#7843;n Xu&#7845;t<br>\nModel ColorXRA 45 Xrite &#273;&#432;&#7907;c l&#7855;p &#273;&#7863;t tr&ecirc;n m&#7897;t khung t&ugrave;y ch&#7881;nh, &#273;&#7863;t &#7903; kho&#7843;ng c&aacute;ch l&yacute; t&#432;&#7903;ng tr&ecirc;n d&acirc;y chuy&#7873;n s&#7843;n xu&#7845;t &#273;&#7875; ph&aacute;t hi&#7879;n nh&#7919;ng sai l&#7879;ch m&agrave;u s&#7855;c nh&#7887; nh&#7845;t. Khi k&#7871;t h&#7907;p v&#7899;i ph&#7847;n m&#7873;m ESWin, c&aacute;c &#273;i&#7873;u ch&#7881;nh m&agrave;u s&#7855;c &#273;&#432;&#7907;c th&#7921;c hi&#7879;n t&#7921; &#273;&#7897;ng v&agrave; ch&iacute;nh x&aacute;c, gi&uacute;p lo&#7841;i b&#7887; c&aacute;c sai s&oacute;t do ph&#7887;ng &#273;o&aacute;n trong qu&aacute; tr&igrave;nh ki&#7875;m so&aacute;t m&agrave;u s&#7855;c. K&#7871;t qu&#7843; l&agrave; gi&#7843;m thi&#7875;u l&atilde;ng ph&iacute; v&agrave; t&#259;ng n&#259;ng su&#7845;t, &#273;&#7891;ng th&#7901;i mang l&#7841;i l&#7907;i t&#7913;c &#273;&#7847;u t&#432; nhanh ch&oacute;ng.<\/p><p>&#431;u &#272;i&#7875;m C&#7911;a ColorXRA 45<br>\nGi&#7843;m Thi&#7875;u Bi&#7871;n &#272;&#7893;i M&agrave;u S&#7855;c V&agrave; T&#7927; L&#7879; S&#7843;n Ph&#7849;m B&#7883; T&#7915; Ch&#7889;i<br>\nColorXRA 45 X-Rite s&#7917; d&#7909;ng h&igrave;nh h&#7885;c &#273;o chu&#7849;n 45&deg;:0&deg; v&agrave; &#273;&#7897; ph&acirc;n gi&#7843;i ph&#7893; 1 nm &#273;&#7875; duy tr&igrave; dung sai m&agrave;u s&#7855;c ch&#7863;t ch&#7869; trong su&#7889;t qu&aacute; tr&igrave;nh s&#7843;n xu&#7845;t m&agrave; kh&ocirc;ng c&#7847;n c&#7855;t m&#7851;u. C&#7843;m bi&#7871;n ph&aacute;t hi&#7879;n nhi&#7879;t &#273;&#7897; v&agrave; b&#7909;i b&#7849;n c&#7843;nh b&aacute;o k&#7883;p th&#7901;i v&#7873; c&aacute;c v&#7845;n &#273;&#7873; c&oacute; th&#7875; &#7843;nh h&#432;&#7903;ng &#273;&#7871;n m&agrave;u s&#7855;c cu&#7889;i c&ugrave;ng, gi&uacute;p ki&#7875;m so&aacute;t t&#7889;i &#432;u m&agrave;u c&#417; b&#7843;n v&agrave; ch&#7845;t l&agrave;m s&aacute;ng quang h&#7885;c.<br>\n&#272;&aacute;nh Gi&aacute; M&agrave;u S&#7855;c Kh&aacute;ch Quan Theo Ti&ecirc;u Chu&#7849;n ISO 9001<br>\nM&aacute;y &#273;o m&agrave;u Xrite ColorXRA 45 ghi l&#7841;i v&agrave; l&#432;u tr&#7919; t&#7845;t c&#7843; c&aacute;c t&agrave;i li&#7879;u v&#7873; ch&#7845;t l&#432;&#7907;ng m&agrave;u s&#7855;c &#273;&#7875; &#273;&aacute;nh gi&aacute; trong t&#432;&#417;ng lai theo ti&ecirc;u chu&#7849;n ISO 9001. &#272;i&#7873;u n&agrave;y gi&uacute;p &#273;&#7843;m b&#7843;o m&#7885;i quy tr&igrave;nh s&#7843;n xu&#7845;t &#273;&#7873;u &#273;&#432;&#7907;c ki&#7875;m so&aacute;t v&agrave; &#273;&aacute;nh gi&aacute; m&#7897;t c&aacute;ch kh&aacute;ch quan, n&acirc;ng cao ch&#7845;t l&#432;&#7907;ng s&#7843;n ph&#7849;m cu&#7889;i c&ugrave;ng v&agrave; t&#7841;o s&#7921; tin t&#432;&#7903;ng cho kh&aacute;ch h&agrave;ng.<br>\n&#272;&#7897; &#7892;n &#272;&#7883;nh Ng&#7855;n H&#7841;n V&agrave; D&agrave;i H&#7841;n Xu&#7845;t S&#7855;c<br>\nM&aacute;y &#273;o m&agrave;u ColorXRA 45 s&#7917; d&#7909;ng h&#7879; th&#7889;ng &#273;o ch&ugrave;m tia k&eacute;p v&agrave; hi&#7879;u chu&#7849;n b&#432;&#7899;c s&oacute;ng t&#7921; &#273;&#7897;ng &#273;&#7875; &#273;&#7843;m b&#7843;o &#273;&#7897; ch&iacute;nh x&aacute;c v&agrave; &#7893;n &#273;&#7883;nh &#273;o l&#432;&#7901;ng v&#432;&#7907;t tr&#7897;i. &#272;i&#7873;u n&agrave;y gi&uacute;p gi&#7843;m thi&#7875;u s&#7921; sai l&#7879;ch m&agrave;u s&#7855;c trong c&#7843; ng&#7855;n h&#7841;n v&agrave; d&agrave;i h&#7841;n, &#273;&#7843;m b&#7843;o s&#7843;n ph&#7849;m lu&ocirc;n &#273;&#7841;t ch&#7845;t l&#432;&#7907;ng cao nh&#7845;t.<br>\nTh&#7901;i Gian Ho&#7841;t &#272;&#7897;ng T&#7889;i &#272;a V&agrave; &#272;&#7897; Tin C&#7853;y Cao<br>\n&Aacute;nh s&aacute;ng m&ocirc;i tr&#432;&#7901;ng, t&#7889;c &#273;&#7897; d&acirc;y chuy&#7873;n v&agrave; s&#7921; rung l&#7855;c th&ocirc;ng th&#432;&#7901;ng kh&ocirc;ng &#7843;nh h&#432;&#7903;ng &#273;&#7871;n &#273;&#7897; ch&iacute;nh x&aacute;c &#273;o l&#432;&#7901;ng c&#7911;a ColorXRA 45. Vi&#7879;c hi&#7879;u chu&#7849;n b&ecirc;n ngo&agrave;i ch&#7881; c&#7847;n th&#7921;c hi&#7879;n m&#7895;i b&#7889;n tu&#7847;n, gi&uacute;p gi&#7843;m thi&#7875;u th&#7901;i gian ng&#7915;ng m&aacute;y v&agrave; t&#259;ng hi&#7879;u qu&#7843; s&#7843;n xu&#7845;t.<\/p><p>&#7912;ng D&#7909;ng Th&#7921;c Ti&#7877;n C&#7911;a ColorXRA 45<br>\nM&aacute;y &#273;o m&agrave;u inline X-rite ColorXRA 45 l&yacute; t&#432;&#7903;ng cho c&aacute;c &#7913;ng d&#7909;ng &#273;o m&agrave;u trong ng&agrave;nh c&ocirc;ng nghi&#7879;p gi&#7845;y v&agrave; nh&#7921;a, bao g&#7891;m s&#7843;n xu&#7845;t bao b&igrave;, nh&atilde;n m&aacute;c, gi&#7845;y in v&agrave; c&aacute;c s&#7843;n ph&#7849;m nh&#7921;a k&#7929; thu&#7853;t cao. Kh&#7843; n&#259;ng &#273;o m&agrave;u ch&iacute;nh x&aacute;c v&agrave; &#7893;n &#273;&#7883;nh tr&ecirc;n c&aacute;c v&#7853;t li&#7879;u ph&#7913;c t&#7841;p, bao g&#7891;m c&#7843; nh&#7919;ng b&#7873; m&#7863;t c&oacute; hoa v&#259;n v&agrave; ch&#7913;a ch&#7845;t l&agrave;m s&aacute;ng quang h&#7885;c, gi&uacute;p &#273;&#7843;m b&#7843;o r&#7857;ng m&#7895;i s&#7843;n ph&#7849;m &#273;&#7873;u &#273;&#7841;t ch&#7845;t l&#432;&#7907;ng m&agrave;u s&#7855;c cao nh&#7845;t, &#273;&aacute;p &#7913;ng c&aacute;c y&ecirc;u c&#7847;u kh&#7855;t khe c&#7911;a th&#7883; tr&#432;&#7901;ng.<\/p><p>Nh&#7919;ng L&yacute; Do N&ecirc;n Mua M&aacute;y &#272;o M&agrave;u Inline T&#7841;i Thi&#7871;t B&#7883; C&ocirc;ng Ngh&#7879; V&#7841;n N&#259;ng<\/p><p>C&ocirc;ng ty Thi&#7871;t B&#7883; C&ocirc;ng Ngh&#7879; V&#7841;n N&#259;ng l&agrave; &#273;&#7889;i t&aacute;c ch&iacute;nh th&#7913;c ph&acirc;n ph&#7889;i M&aacute;y &#272;o M&agrave;u Inline h&agrave;ng &#273;&#7847;u t&#7841;i Vi&#7879;t Nam, cam k&#7871;t cung c&#7845;p s&#7843;n ph&#7849;m ch&iacute;nh h&atilde;ng v&#7899;i gi&aacute; c&#7843; c&#7841;nh tranh nh&#7845;t th&#7883; tr&#432;&#7901;ng. V&#7899;i uy t&iacute;n tr&ecirc;n th&#7883; tr&#432;&#7901;ng v&agrave; ch&#7871; &#273;&#7897; h&#7851;u m&atilde;i t&#7889;t, Thi&#7871;t B&#7883; C&ocirc;ng Ngh&#7879; V&#7841;n N&#259;ng &#273;&atilde; nh&#7853;n &#273;&#432;&#7907;c s&#7921; tin t&#432;&#7903;ng t&#7915; kh&aacute;ch h&agrave;ng nh&#7901; v&agrave;o ch&#7845;t l&#432;&#7907;ng h&agrave;ng &#273;&#7847;u c&#7911;a c&aacute;c d&ograve;ng s&#7843;n ph&#7849;m.<br>\nS&#7843;n ph&#7849;m c&#7911;a ch&uacute;ng t&ocirc;i &#273;&#432;&#7907;c ki&#7875;m &#273;&#7883;nh ch&#7845;t l&#432;&#7907;ng, nh&#7853;p kh&#7849;u tr&#7921;c ti&#7871;p t&#7915; nh&agrave; m&aacute;y b&ecirc;n Ch&acirc;u &Acirc;u, M&#7929;, &Uacute;c, Nh&#7853;t B&#7843;n,&hellip; v&agrave; &#273;&aacute;p &#7913;ng nhu c&#7847;u &#273;a d&#7841;ng c&#7911;a th&#7883; tr&#432;&#7901;ng nh&#432;: M&aacute;y &#272;o &#272;&#7897; C&#7913;ng, M&aacute;y SPECTROMAXx, M&aacute;y Ki&#7875;m Tra &#272;&#7897; B&#7873;n S&#417;n,&hellip; Ch&uacute;ng t&ocirc;i cam k&#7871;t cung c&#7845;p s&#7843;n ph&#7849;m n&agrave;y tr&ecirc;n to&agrave;n qu&#7889;c v&#7899;i gi&aacute; c&#7843; c&#7841;nh tranh nh&#7845;t.<br>\nCh&uacute;ng t&ocirc;i c&oacute; &#273;&#7897;i ng&#361; chuy&ecirc;n vi&ecirc;n t&#432; v&#7845;n chuy&ecirc;n s&acirc;u s&#7869; h&#7895; tr&#7907; kh&aacute;ch h&agrave;ng v&#7873; chi ti&#7871;t s&#7843;n ph&#7849;m, h&#432;&#7899;ng d&#7851;n s&#7917; d&#7909;ng hay nh&#7919;ng th&#7913; li&ecirc;n quan &#273;&#7871;n v&#7845;n &#273;&#7873; m&agrave; doanh nghi&#7879;p b&#7841;n &#273;ang g&#7863;p ph&#7843;i. Ch&uacute;ng t&ocirc;i s&#7869; cung c&#7845;p nh&#7919;ng gi&#7843;i ph&aacute;p t&#7889;i &#432;u nh&#7845;t !!!<br>\nNgo&agrave;i ra Thi&#7871;t B&#7883; C&ocirc;ng Ngh&#7879; V&#7841;n N&#259;ng Ch&uacute;ng T&ocirc;i lu&ocirc;n h&#432;&#7899;ng &#273;&#7871;n tr&#7843;i nghi&#7879;m kh&aacute;ch h&agrave;ng, v&igrave; v&#7853;y ch&uacute;ng t&ocirc;i c&oacute; nh&#7919;ng ch&iacute;nh s&aacute;ch b&#7843;o h&agrave;nh, b&#7843;o tr&igrave; &ndash; b&#7843;o d&#432;&#7905;ng, hi&#7879;u chu&#7849;n v&#7899;i t&#7845;t c&#7843; c&aacute;c thi&#7871;t b&#7883;, m&aacute;y m&oacute;c m&agrave; ch&uacute;ng t&ocirc;i cung c&#7845;p. &#272;&#7843;m b&#7843;o mang &#273;&#7871;n cho Kh&aacute;ch h&agrave;ng s&#7921; y&ecirc;n t&acirc;m tuy&#7879;t &#273;&#7889;i v&#7873; d&#7883;ch v&#7909; khi mua h&agrave;ng.<\/p><p>T&#7893;ng K&#7871;t<br>\nColorXRA 45 kh&ocirc;ng ch&#7881; l&agrave; m&#7897;t c&ocirc;ng c&#7909; &#273;o m&agrave;u, m&agrave; c&ograve;n l&agrave; gi&#7843;i ph&aacute;p qu&#7843;n l&yacute; m&agrave;u s&#7855;c to&agrave;n di&#7879;n, gi&uacute;p c&aacute;c nh&agrave; s&#7843;n xu&#7845;t t&#7889;i &#432;u h&oacute;a quy tr&igrave;nh s&#7843;n xu&#7845;t, gi&#7843;m thi&#7875;u l&atilde;ng ph&iacute; v&agrave; n&acirc;ng cao ch&#7845;t l&#432;&#7907;ng s&#7843;n ph&#7849;m. V&#7899;i kh&#7843; n&#259;ng &#273;o m&agrave;u ch&iacute;nh x&aacute;c, ti&#7871;t ki&#7879;m chi ph&iacute; v&agrave; t&#259;ng hi&#7879;u qu&#7843; s&#7843;n xu&#7845;t, ColorXRA 45 l&agrave; l&#7921;a ch&#7885;n ho&agrave;n h&#7843;o &#273;&#7875; n&acirc;ng cao ch&#7845;t l&#432;&#7907;ng s&#7843;n ph&#7849;m v&agrave; &#273;&aacute;p &#7913;ng c&aacute;c ti&ecirc;u chu&#7849;n nghi&ecirc;m ng&#7863;t c&#7911;a ng&agrave;nh c&ocirc;ng nghi&#7879;p. H&atilde;y li&ecirc;n h&#7879; v&#7899;i V&#7841;n N&#259;ng ngay &#273;&#7875; &#273;&#432;&#7907;c t&#432; v&#7845;n chuy&ecirc;n s&acirc;u v&agrave; nh&#7853;n c&aacute;c &#432;u &#273;&atilde;i h&#7845;p d&#7851;n nh&#7845;t th&ocirc;ng qua hotline\/zalo: <a href=\"https:\/\/zalo.me\/0903991335\" target=\"_blank\" rel=\"noopener\" style=\"color: #059669; font-weight: bold; text-decoration: none;\">0903 991 335<\/a> !<\/p><div style=\"background-color: #f8fafc; border: 1px solid #e2e8f0; border-radius: 8px; padding: 25px; max-width: 800px; margin: 30px auto; color: #334155; line-height: 1.8; font-size: 17px; box-shadow: 0 4px 6px -1px rgba(0,0,0,0.05); text-align: left; clear: both;\">\nC&ocirc;ng ty TNHH Th&#432;&#417;ng M&#7841;i D&#7883;ch V&#7909; Thi&#7871;t B&#7883; C&ocirc;ng Ngh&#7879; V&#7841;n N&#259;ng\n<p style=\"margin: 0 0 10px 0;\">&#128205; <strong style=\"color: #1e293b;\">&#272;&#7883;a ch&#7881;:<\/strong> <a style=\"color: #059669; text-decoration: none; font-weight: bold;\" href=\"https:\/\/www.google.com\/maps\/search\/C%C3%B4ng+ty+TNHH+Th%C6%B0%C6%A1ng+M%E1%BA%A1i+D%E1%BB%8Bch+V%E1%BB%A5+Thi%E1%BA%BFt+B%E1%BB%8B+C%C3%B4ng+Ngh%E1%BB%87+V%E1%BA%A1n+N%C4%83ng+818+Tr%C6%B0%E1%BB%9Dng+Chinh\" target=\"_blank\" rel=\"noopener\">818 Tr&#432;&#7901;ng Chinh, Ph&#432;&#7901;ng T&acirc;n S&#417;n, Th&agrave;nh ph&#7889; H&#7891; Ch&iacute; Minh, Vi&#7879;t Nam<\/a><\/p>\n<p style=\"margin: 0 0 10px 0;\">&#128222; <strong style=\"color: #1e293b;\">S&#272;T &ndash; Zalo:<\/strong> <a style=\"color: #059669; text-decoration: none; font-weight: bold;\" href=\"https:\/\/zalo.me\/0903991335\" target=\"_blank\" rel=\"noopener\">0903 991 335<\/a> <span style=\"color: #64748b; font-style: italic;\">(Ms. H&#7841;nh &ndash; Gi&aacute;m &#272;&#7889;c Kinh Doanh)<\/span><\/p>\n<p style=\"margin: 0;\">&#9993;&#65039; <strong style=\"color: #1e293b;\">Email:<\/strong> <a style=\"color: #059669; text-decoration: none; font-weight: bold;\" href=\"mailto:hienhanh@vannangvn.com\">hienhanh@vannangvn.com<\/a><\/p>\n<\/div><\/h1>","protected":false},"excerpt":{"rendered":"<p><strong>Th&#432;&#417;ng hi&#7879;u:<\/strong> OEM<br>\n<strong>Model:<\/strong> ColorXRA 45<p>Product <strong>M&Aacute;Y &#272;O M&Agrave;U INLINE (INLINE COLOR MANAGEMENT) X-RITE MODEL COLORXRA 45<\/strong> ch&iacute;nh h&atilde;ng. <\/p><\/p>","protected":false},"featured_media":0,"comment_status":"open","ping_status":"closed","template":"","meta":[],"product_brand":[],"product_cat":[18],"product_tag":[2078,2079,2080,109,116,130,181,466,1088,1609,2077],"class_list":{"0":"post-6953","1":"product","2":"type-product","3":"status-publish","5":"product_cat-chua-phan-loai","6":"product_tag-color","7":"product_tag-management","8":"product_tag-colorxra","9":"product_tag-may","10":"product_tag-model","11":"product_tag-mau","12":"product_tag-do","13":"product_tag-inline","14":"product_tag-x-rite","15":"product_tag-1609","16":"product_tag-inline-2","18":"first","19":"instock","20":"shipping-taxable","21":"product-type-simple"},"yoast_head":"<!-- This site is optimized with the Yoast SEO Premium plugin v24.8 (Yoast SEO v24.8) - https:\/\/yoast.com\/wordpress\/plugins\/seo\/ -->\n<title>M\u00c1Y \u0110O M\u00c0U INLINE (INLINE COLOR MAN... ch\u00ednh h\u00e3ng | V\u1ea1n N\u0103ng<\/title>\n<meta name=\"description\" content=\"Mua ngay M\u00c1Y \u0110O M\u00c0U INLINE (INLINE COLOR MANAGEMENT) X-RITE MODEL COLORXRA 45 ch\u00ednh h\u00e3ng. Gi\u00e1 t\u1ed1t!\" \/>\n<meta name=\"robots\" content=\"noindex, follow, max-snippet:-1, max-image-preview:large, max-video-preview:-1\" \/>\n<meta property=\"og:locale\" content=\"en_US\" \/>\n<meta property=\"og:type\" content=\"article\" \/>\n<meta property=\"og:title\" content=\"M\u00c1Y \u0110O M\u00c0U INLINE (INLINE COLOR MANAGEMENT) X-RITE MODEL COLORXRA 45\" \/>\n<meta property=\"og:description\" content=\"Mua ngay M\u00c1Y \u0110O M\u00c0U INLINE (INLINE COLOR MANAGEMENT) X-RITE MODEL COLORXRA 45 ch\u00ednh h\u00e3ng. Gi\u00e1 t\u1ed1t!\" \/>\n<meta property=\"og:url\" content=\"https:\/\/vannangvn.123websitedev.com\/en\/product\/may-do-mau-inline-inline-color-management-x-rite-model-colorxra-45\/\" \/>\n<meta property=\"og:site_name\" content=\"Vannang.vn\" \/>\n<meta property=\"article:modified_time\" content=\"2026-03-30T11:32:14+00:00\" \/>\n<meta name=\"twitter:card\" content=\"summary_large_image\" \/>\n<meta name=\"twitter:label1\" content=\"Est. reading time\" \/>\n\t<meta name=\"twitter:data1\" content=\"10 minutes\" \/>\n<script type=\"application\/ld+json\" class=\"yoast-schema-graph\">{\"@context\":\"https:\/\/schema.org\",\"@graph\":[{\"@type\":\"WebPage\",\"@id\":\"https:\/\/vannangvn.123websitedev.com\/san-pham\/may-do-mau-inline-inline-color-management-x-rite-model-colorxra-45\/\",\"url\":\"https:\/\/vannangvn.123websitedev.com\/san-pham\/may-do-mau-inline-inline-color-management-x-rite-model-colorxra-45\/\",\"name\":\"M\u00c1Y \u0110O M\u00c0U INLINE (INLINE COLOR MAN... ch\u00ednh h\u00e3ng | V\u1ea1n N\u0103ng\",\"isPartOf\":{\"@id\":\"https:\/\/vannangvn.123websitedev.com\/#website\"},\"datePublished\":\"2026-03-20T10:40:26+00:00\",\"dateModified\":\"2026-03-30T11:32:14+00:00\",\"description\":\"Mua ngay M\u00c1Y \u0110O M\u00c0U INLINE (INLINE COLOR MANAGEMENT) X-RITE MODEL COLORXRA 45 ch\u00ednh h\u00e3ng. Gi\u00e1 t\u1ed1t!\",\"breadcrumb\":{\"@id\":\"https:\/\/vannangvn.123websitedev.com\/san-pham\/may-do-mau-inline-inline-color-management-x-rite-model-colorxra-45\/#breadcrumb\"},\"inLanguage\":\"en-US\",\"potentialAction\":[{\"@type\":\"ReadAction\",\"target\":[\"https:\/\/vannangvn.123websitedev.com\/san-pham\/may-do-mau-inline-inline-color-management-x-rite-model-colorxra-45\/\"]}]},{\"@type\":\"BreadcrumbList\",\"@id\":\"https:\/\/vannangvn.123websitedev.com\/san-pham\/may-do-mau-inline-inline-color-management-x-rite-model-colorxra-45\/#breadcrumb\",\"itemListElement\":[{\"@type\":\"ListItem\",\"position\":1,\"name\":\"Trang ch\u1ee7\",\"item\":\"https:\/\/vannangvn.123websitedev.com\/\"},{\"@type\":\"ListItem\",\"position\":2,\"name\":\"S\u1ea3n ph\u1ea9m\",\"item\":\"https:\/\/vannangvn.123websitedev.com\/cua-hang\/\"},{\"@type\":\"ListItem\",\"position\":3,\"name\":\"M\u00c1Y \u0110O M\u00c0U INLINE (INLINE COLOR MANAGEMENT) X-RITE MODEL COLORXRA 45\"}]},{\"@type\":\"WebSite\",\"@id\":\"https:\/\/vannangvn.123websitedev.com\/#website\",\"url\":\"https:\/\/vannangvn.123websitedev.com\/\",\"name\":\"Vannang.vn\",\"description\":\"\",\"publisher\":{\"@id\":\"https:\/\/vannangvn.123websitedev.com\/#organization\"},\"potentialAction\":[{\"@type\":\"SearchAction\",\"target\":{\"@type\":\"EntryPoint\",\"urlTemplate\":\"https:\/\/vannangvn.123websitedev.com\/?s={search_term_string}\"},\"query-input\":{\"@type\":\"PropertyValueSpecification\",\"valueRequired\":true,\"valueName\":\"search_term_string\"}}],\"inLanguage\":\"en-US\"},{\"@type\":\"Organization\",\"@id\":\"https:\/\/vannangvn.123websitedev.com\/#organization\",\"name\":\"Vannang.vn\",\"url\":\"https:\/\/vannangvn.123websitedev.com\/\",\"logo\":{\"@type\":\"ImageObject\",\"inLanguage\":\"en-US\",\"@id\":\"https:\/\/vannangvn.123websitedev.com\/#\/schema\/logo\/image\/\",\"url\":\"https:\/\/vannangvn.123websitedev.com\/wp-content\/uploads\/2026\/02\/logo-van-nang-02.png\",\"contentUrl\":\"https:\/\/vannangvn.123websitedev.com\/wp-content\/uploads\/2026\/02\/logo-van-nang-02.png\",\"width\":448,\"height\":111,\"caption\":\"Vannang.vn\"},\"image\":{\"@id\":\"https:\/\/vannangvn.123websitedev.com\/#\/schema\/logo\/image\/\"}}]}<\/script>\n<!-- \/ Yoast SEO Premium plugin. -->","yoast_head_json":{"title":"M\u00c1Y \u0110O M\u00c0U INLINE (INLINE COLOR MAN... ch\u00ednh h\u00e3ng | V\u1ea1n N\u0103ng","description":"Mua ngay M\u00c1Y \u0110O M\u00c0U INLINE (INLINE COLOR MANAGEMENT) X-RITE MODEL COLORXRA 45 ch\u00ednh h\u00e3ng. Gi\u00e1 t\u1ed1t!","robots":{"index":"noindex","follow":"follow","max-snippet":"max-snippet:-1","max-image-preview":"max-image-preview:large","max-video-preview":"max-video-preview:-1"},"og_locale":"en_US","og_type":"article","og_title":"M\u00c1Y \u0110O M\u00c0U INLINE (INLINE COLOR MANAGEMENT) X-RITE MODEL COLORXRA 45","og_description":"Mua ngay M\u00c1Y \u0110O M\u00c0U INLINE (INLINE COLOR MANAGEMENT) X-RITE MODEL COLORXRA 45 ch\u00ednh h\u00e3ng. Gi\u00e1 t\u1ed1t!","og_url":"https:\/\/vannangvn.123websitedev.com\/en\/product\/may-do-mau-inline-inline-color-management-x-rite-model-colorxra-45\/","og_site_name":"Vannang.vn","article_modified_time":"2026-03-30T11:32:14+00:00","twitter_card":"summary_large_image","twitter_misc":{"Est. reading time":"10 minutes"},"schema":{"@context":"https:\/\/schema.org","@graph":[{"@type":"WebPage","@id":"https:\/\/vannangvn.123websitedev.com\/san-pham\/may-do-mau-inline-inline-color-management-x-rite-model-colorxra-45\/","url":"https:\/\/vannangvn.123websitedev.com\/san-pham\/may-do-mau-inline-inline-color-management-x-rite-model-colorxra-45\/","name":"M\u00c1Y \u0110O M\u00c0U INLINE (INLINE COLOR MAN... ch\u00ednh h\u00e3ng | V\u1ea1n N\u0103ng","isPartOf":{"@id":"https:\/\/vannangvn.123websitedev.com\/#website"},"datePublished":"2026-03-20T10:40:26+00:00","dateModified":"2026-03-30T11:32:14+00:00","description":"Mua ngay M\u00c1Y \u0110O M\u00c0U INLINE (INLINE COLOR MANAGEMENT) X-RITE MODEL COLORXRA 45 ch\u00ednh h\u00e3ng. Gi\u00e1 t\u1ed1t!","breadcrumb":{"@id":"https:\/\/vannangvn.123websitedev.com\/san-pham\/may-do-mau-inline-inline-color-management-x-rite-model-colorxra-45\/#breadcrumb"},"inLanguage":"en-US","potentialAction":[{"@type":"ReadAction","target":["https:\/\/vannangvn.123websitedev.com\/san-pham\/may-do-mau-inline-inline-color-management-x-rite-model-colorxra-45\/"]}]},{"@type":"BreadcrumbList","@id":"https:\/\/vannangvn.123websitedev.com\/san-pham\/may-do-mau-inline-inline-color-management-x-rite-model-colorxra-45\/#breadcrumb","itemListElement":[{"@type":"ListItem","position":1,"name":"Trang ch\u1ee7","item":"https:\/\/vannangvn.123websitedev.com\/"},{"@type":"ListItem","position":2,"name":"S\u1ea3n ph\u1ea9m","item":"https:\/\/vannangvn.123websitedev.com\/cua-hang\/"},{"@type":"ListItem","position":3,"name":"M\u00c1Y \u0110O M\u00c0U INLINE (INLINE COLOR MANAGEMENT) X-RITE MODEL COLORXRA 45"}]},{"@type":"WebSite","@id":"https:\/\/vannangvn.123websitedev.com\/#website","url":"https:\/\/vannangvn.123websitedev.com\/","name":"Vannang.vn","description":"","publisher":{"@id":"https:\/\/vannangvn.123websitedev.com\/#organization"},"potentialAction":[{"@type":"SearchAction","target":{"@type":"EntryPoint","urlTemplate":"https:\/\/vannangvn.123websitedev.com\/?s={search_term_string}"},"query-input":{"@type":"PropertyValueSpecification","valueRequired":true,"valueName":"search_term_string"}}],"inLanguage":"en-US"},{"@type":"Organization","@id":"https:\/\/vannangvn.123websitedev.com\/#organization","name":"Vannang.vn","url":"https:\/\/vannangvn.123websitedev.com\/","logo":{"@type":"ImageObject","inLanguage":"en-US","@id":"https:\/\/vannangvn.123websitedev.com\/#\/schema\/logo\/image\/","url":"https:\/\/vannangvn.123websitedev.com\/wp-content\/uploads\/2026\/02\/logo-van-nang-02.png","contentUrl":"https:\/\/vannangvn.123websitedev.com\/wp-content\/uploads\/2026\/02\/logo-van-nang-02.png","width":448,"height":111,"caption":"Vannang.vn"},"image":{"@id":"https:\/\/vannangvn.123websitedev.com\/#\/schema\/logo\/image\/"}}]}},"_links":{"self":[{"href":"https:\/\/vannangvn.123websitedev.com\/en\/wp-json\/wp\/v2\/product\/6953","targetHints":{"allow":["GET"]}}],"collection":[{"href":"https:\/\/vannangvn.123websitedev.com\/en\/wp-json\/wp\/v2\/product"}],"about":[{"href":"https:\/\/vannangvn.123websitedev.com\/en\/wp-json\/wp\/v2\/types\/product"}],"replies":[{"embeddable":true,"href":"https:\/\/vannangvn.123websitedev.com\/en\/wp-json\/wp\/v2\/comments?post=6953"}],"wp:attachment":[{"href":"https:\/\/vannangvn.123websitedev.com\/en\/wp-json\/wp\/v2\/media?parent=6953"}],"wp:term":[{"taxonomy":"product_brand","embeddable":true,"href":"https:\/\/vannangvn.123websitedev.com\/en\/wp-json\/wp\/v2\/product_brand?post=6953"},{"taxonomy":"product_cat","embeddable":true,"href":"https:\/\/vannangvn.123websitedev.com\/en\/wp-json\/wp\/v2\/product_cat?post=6953"},{"taxonomy":"product_tag","embeddable":true,"href":"https:\/\/vannangvn.123websitedev.com\/en\/wp-json\/wp\/v2\/product_tag?post=6953"}],"curies":[{"name":"wp","href":"https:\/\/api.w.org\/{rel}","templated":true}]}}