{"id":6954,"date":"2026-03-20T17:40:28","date_gmt":"2026-03-20T10:40:28","guid":{"rendered":"https:\/\/vannangvn.123websitedev.com\/san-pham\/may-do-mau-khong-tiep-xuc-hunter-lab-model-spectratrend-ht\/"},"modified":"2026-03-30T18:32:16","modified_gmt":"2026-03-30T11:32:16","slug":"may-do-mau-khong-tiep-xuc-hunter-lab-model-spectratrend-ht","status":"publish","type":"product","link":"https:\/\/vannangvn.123websitedev.com\/en\/product\/may-do-mau-khong-tiep-xuc-hunter-lab-model-spectratrend-ht\/","title":{"rendered":"M\u00c1Y \u0110O M\u00c0U KH\u00d4NG TI\u1ebeP X\u00daC HUNTER LAB MODEL SPECTRATREND HT"},"content":{"rendered":"<h1 style=\"color: red; font-weight: bold; font-size: 24px;\">T&#7893;ng quan s&#7843;n ph&#7849;m M&Aacute;Y &#272;O M&Agrave;U KH&Ocirc;NG TI&#7870;P X&Uacute;C HUNTER LAB MODEL SPECTRATREND HT<p>M&aacute;y &#272;o M&agrave;u Kh&ocirc;ng Ti&#7871;p X&uacute;c Hunter Lab Model Spectratrend HT<br>\nSpectraTrend HT l&agrave; h&#7879; th&#7889;ng gi&aacute;m s&aacute;t v&agrave; ph&acirc;n t&iacute;ch m&agrave;u s&#7855;c quy tr&igrave;nh ti&ecirc;n ti&#7871;n, &#273;&#432;&#7907;c thi&#7871;t k&#7871; cho c&aacute;c d&acirc;y chuy&#7873;n s&#7843;n xu&#7845;t hi&#7879;n &#273;&#7841;i y&ecirc;u c&#7847;u &#273;&#7897; &#7893;n &#273;&#7883;nh m&agrave;u s&#7855;c cao, ki&#7875;m so&aacute;t ch&#7845;t l&#432;&#7907;ng li&ecirc;n t&#7909;c v&agrave; gi&#7843;m thi&#7875;u l&atilde;ng ph&iacute;.<br>\nThi&#7871;t b&#7883; &#7913;ng d&#7909;ng c&ocirc;ng ngh&#7879; &#273;o m&agrave;u kh&ocirc;ng ti&#7871;p x&uacute;c, k&#7871;t h&#7907;p &#273;&#7891;ng th&#7901;i c&#7843;m bi&#7871;n m&agrave;u v&agrave; c&#7843;m bi&#7871;n chi&#7873;u cao, mang l&#7841;i kh&#7843; n&#259;ng ki&#7875;m so&aacute;t m&agrave;u ch&iacute;nh x&aacute;c ngay tr&ecirc;n d&acirc;y chuy&#7873;n s&#7843;n xu&#7845;t m&agrave; kh&ocirc;ng l&agrave;m gi&aacute;n &#273;o&#7841;n qu&aacute; tr&igrave;nh v&#7853;n h&agrave;nh. H&atilde;y c&ugrave;ng V&#7841;n N&#259;ng t&igrave;m hi&#7875;u chi ti&#7871;t h&#417;n v&#7873; s&#7843;n ph&#7849;m th&ocirc;ng qua b&agrave;i vi&#7871;t d&#432;&#7899;i &#273;&acirc;y nh&eacute;!<\/p><p>N&eacute;t &#272;&#7863;c Tr&#432;ng C&#7911;a Spectratrend HT<\/p><p>H&#7879; th&#7889;ng &#273;o m&agrave;u quy tr&igrave;nh kh&ocirc;ng ti&#7871;p x&uacute;c, ph&ugrave; h&#7907;p gi&aacute;m s&aacute;t tr&#7921;c ti&#7871;p tr&ecirc;n d&acirc;y chuy&#7873;n s&#7843;n xu&#7845;t<br>\nThi&#7871;t k&#7871; quang h&#7885;c 0\/30 nh&#7887; g&#7885;n, k&#7871;t h&#7907;p t&iacute;nh linh ho&#7841;t, &#273;&#7897; ch&iacute;nh x&aacute;c v&agrave; t&#7889;c &#273;&#7897; cao<br>\nT&iacute;ch h&#7907;p &#273;&#7891;ng th&#7901;i c&#7843;m bi&#7871;n m&agrave;u v&agrave; c&#7843;m bi&#7871;n chi&#7873;u cao trong m&#7897;t thi&#7871;t b&#7883; duy nh&#7845;t<br>\nC&ocirc;ng ngh&#7879; chi&#7871;u s&aacute;ng Rapidfire, cho ph&eacute;p &#273;o li&ecirc;n t&#7909;c t&#7899;i 5 l&#7847;n m&#7895;i gi&acirc;y<br>\n&#272;&#7843;m b&#7843;o t&#432;&#417;ng quan Lab-to-Line, d&#7919; li&#7879;u &#273;o tr&ecirc;n d&acirc;y chuy&#7873;n nh&#7845;t qu&aacute;n v&#7899;i ph&ograve;ng th&iacute; nghi&#7879;m<br>\nThi&#7871;t k&#7871; c&ocirc;ng nghi&#7879;p &#273;&#7841;t chu&#7849;n NEMA 4 \/ IP56, ho&#7841;t &#273;&#7897;ng &#7893;n &#273;&#7883;nh trong m&ocirc;i tr&#432;&#7901;ng kh&#7855;c nghi&#7879;t<\/p><p>&#431;u &#272;i&#7875;m V&#432;&#7907;t Tr&#7897;i C&#7911;a Spectratrend HT<\/p><p>Gi&aacute;m s&aacute;t m&agrave;u s&#7855;c theo th&#7901;i gian th&#7921;c, M&aacute;y &#273;o m&agrave;u Spectratrend HT gi&uacute;p ph&aacute;t hi&#7879;n s&#7899;m sai l&#7879;ch v&agrave; gi&#7843;m l&atilde;ng ph&iacute; s&#7843;n xu&#7845;t<br>\n&#272;o ch&iacute;nh x&aacute;c m&agrave;u v&agrave; chi&#7873;u cao &#273;&#7891;ng th&#7901;i, t&#7921; &#273;&#7897;ng b&ugrave; sai l&#7879;ch do kho&#7843;ng c&aacute;ch m&#7851;u<br>\nHo&#7841;t &#273;&#7897;ng hi&#7879;u qu&#7843; tr&ecirc;n d&acirc;y chuy&#7873;n t&#7889;c &#273;&#7897; cao, k&#7875; c&#7843; v&#7899;i v&#7853;t li&#7879;u kh&ocirc;ng &#273;&#7891;ng nh&#7845;t ho&#7863;c b&#7873; m&#7863;t ph&#7913;c t&#7841;p<br>\nT&#259;ng t&iacute;nh nh&#7845;t qu&aacute;n v&agrave; kh&#7843; n&#259;ng d&#7921; &#273;o&aacute;n ch&#7845;t l&#432;&#7907;ng, h&#7895; tr&#7907; tri&#7875;n khai GMP, PAT, Six Sigma, DMAIC<br>\nD&#7877; d&agrave;ng t&iacute;ch h&#7907;p h&#7879; th&#7889;ng, v&#7853;n h&agrave;nh &#273;&#7897;c l&#7853;p ho&#7863;c k&#7871;t n&#7889;i m&#7841;ng &#273;i&#7873;u khi&#7875;n nh&agrave; m&aacute;y<\/p><p>&#7912;ng D&#7909;ng Th&#7921;c T&#7871; C&#7911;a Spectratrend HT<\/p><p>Ng&agrave;nh nh&#7921;a v&agrave; polymer: Gi&aacute;m s&aacute;t m&agrave;u s&#7855;c t&#7845;m nh&#7921;a, s&#7843;n ph&#7849;m &#273;&ugrave;n, m&agrave;ng nh&#7921;a trong qu&aacute; tr&igrave;nh s&#7843;n xu&#7845;t li&ecirc;n t&#7909;c.<br>\nNg&agrave;nh bao b&igrave;: Ki&#7875;m so&aacute;t m&agrave;u in, m&agrave;u v&#7853;t li&#7879;u bao b&igrave; nh&#7857;m &#273;&#7843;m b&#7843;o t&iacute;nh &#273;&#7891;ng nh&#7845;t gi&#7919;a c&aacute;c l&ocirc; s&#7843;n xu&#7845;t.<br>\nNg&agrave;nh h&oacute;a ch&#7845;t v&agrave; v&#7853;t li&#7879;u k&#7929; thu&#7853;t: Theo d&otilde;i m&agrave;u s&#7855;c s&#7843;n ph&#7849;m d&#7841;ng b&#7897;t, d&#7841;ng kh&#7889;i ho&#7863;c d&#7841;ng r&#7901;i.<br>\nNg&agrave;nh th&#7921;c ph&#7849;m v&agrave; d&#432;&#7907;c ph&#7849;m: H&#7895; tr&#7907; th&#7921;c h&agrave;nh GMP th&ocirc;ng qua ki&#7875;m so&aacute;t m&agrave;u v&agrave; h&igrave;nh d&#7841;ng s&#7843;n ph&#7849;m theo th&#7901;i gian th&#7921;c.<br>\nNg&agrave;nh v&#7853;t li&#7879;u c&ocirc;ng nghi&#7879;p: &#7912;ng d&#7909;ng cho v&#7853;t li&#7879;u d&#7841;ng cu&#7897;n, d&#7841;ng web ho&#7863;c s&#7843;n ph&#7849;m r&#7901;i tr&ecirc;n b&#259;ng t&#7843;i t&#7889;c &#273;&#7897; cao.<\/p><p>Nh&#7919;ng L&yacute; Do N&ecirc;n Mua M&aacute;y So M&agrave;u Chuy&ecirc;n D&#7909;ng Ng&agrave;nh T&ocirc;n T&#7841;i V&#7841;n N&#259;ng<\/p><p>C&ocirc;ng ty Thi&#7871;t B&#7883; C&ocirc;ng Ngh&#7879; V&#7841;n N&#259;ng l&agrave; &#273;&#7889;i t&aacute;c ch&iacute;nh th&#7913;c ph&acirc;n ph&#7889;i M&aacute;y So M&agrave;u Chuy&ecirc;n D&#7909;ng Ng&agrave;nh T&ocirc;n h&agrave;ng &#273;&#7847;u t&#7841;i Vi&#7879;t Nam, cam k&#7871;t cung c&#7845;p s&#7843;n ph&#7849;m ch&iacute;nh h&atilde;ng v&#7899;i gi&aacute; c&#7843; c&#7841;nh tranh nh&#7845;t th&#7883; tr&#432;&#7901;ng. V&#7899;i uy t&iacute;n tr&ecirc;n th&#7883; tr&#432;&#7901;ng v&agrave; ch&#7871; &#273;&#7897; h&#7851;u m&atilde;i t&#7889;t, Thi&#7871;t B&#7883; C&ocirc;ng Ngh&#7879; V&#7841;n N&#259;ng &#273;&atilde; nh&#7853;n &#273;&#432;&#7907;c s&#7921; tin t&#432;&#7903;ng t&#7915; kh&aacute;ch h&agrave;ng nh&#7901; v&agrave;o ch&#7845;t l&#432;&#7907;ng h&agrave;ng &#273;&#7847;u c&#7911;a c&aacute;c d&ograve;ng s&#7843;n ph&#7849;m.<br>\nS&#7843;n ph&#7849;m c&#7911;a ch&uacute;ng t&ocirc;i &#273;&#432;&#7907;c ki&#7875;m &#273;&#7883;nh ch&#7845;t l&#432;&#7907;ng, nh&#7853;p kh&#7849;u tr&#7921;c ti&#7871;p t&#7915; nh&agrave; m&aacute;y b&ecirc;n Ch&acirc;u &Acirc;u, M&#7929;, &Uacute;c, Nh&#7853;t B&#7843;n,&hellip; v&agrave; &#273;&aacute;p &#7913;ng nhu c&#7847;u &#273;a d&#7841;ng c&#7911;a th&#7883; tr&#432;&#7901;ng nh&#432;: M&aacute;y &#272;o &#272;&#7897; C&#7913;ng, M&aacute;y SPECTROMAXx, M&aacute;y Ki&#7875;m Tra &#272;&#432;&#7901;ng Gh&eacute;p M&iacute; Lon,&hellip; Ch&uacute;ng t&ocirc;i cam k&#7871;t cung c&#7845;p s&#7843;n ph&#7849;m n&agrave;y tr&ecirc;n to&agrave;n qu&#7889;c v&#7899;i gi&aacute; c&#7843; c&#7841;nh tranh nh&#7845;t.<br>\nCh&uacute;ng t&ocirc;i c&oacute; &#273;&#7897;i ng&#361; chuy&ecirc;n vi&ecirc;n t&#432; v&#7845;n chuy&ecirc;n s&acirc;u s&#7869; h&#7895; tr&#7907; kh&aacute;ch h&agrave;ng v&#7873; chi ti&#7871;t s&#7843;n ph&#7849;m, h&#432;&#7899;ng d&#7851;n s&#7917; d&#7909;ng hay nh&#7919;ng th&#7913; li&ecirc;n quan &#273;&#7871;n v&#7845;n &#273;&#7873; m&agrave; doanh nghi&#7879;p b&#7841;n &#273;ang g&#7863;p ph&#7843;i. Ch&uacute;ng t&ocirc;i s&#7869; cung c&#7845;p nh&#7919;ng gi&#7843;i ph&aacute;p t&#7889;i &#432;u nh&#7845;t!<br>\nNgo&agrave;i ra Thi&#7871;t B&#7883; C&ocirc;ng Ngh&#7879; V&#7841;n N&#259;ng Ch&uacute;ng T&ocirc;i lu&ocirc;n h&#432;&#7899;ng &#273;&#7871;n tr&#7843;i nghi&#7879;m kh&aacute;ch h&agrave;ng, v&igrave; v&#7853;y ch&uacute;ng t&ocirc;i c&oacute; nh&#7919;ng ch&iacute;nh s&aacute;ch b&#7843;o h&agrave;nh, b&#7843;o tr&igrave; &ndash; b&#7843;o d&#432;&#7905;ng, hi&#7879;u chu&#7849;n v&#7899;i t&#7845;t c&#7843; c&aacute;c thi&#7871;t b&#7883;, m&aacute;y m&oacute;c m&agrave; ch&uacute;ng t&ocirc;i cung c&#7845;p. &#272;&#7843;m b&#7843;o mang &#273;&#7871;n cho Kh&aacute;ch h&agrave;ng s&#7921; y&ecirc;n t&acirc;m tuy&#7879;t &#273;&#7889;i v&#7873; d&#7883;ch v&#7909; khi mua h&agrave;ng.<\/p><p>T&#7893;ng K&#7871;t<br>\nV&#7899;i kh&#7843; n&#259;ng &#273;o &#273;&#7891;ng th&#7901;i m&agrave;u v&agrave; chi&#7873;u cao, t&#7889;c &#273;&#7897; cao, &#273;&#7897; b&#7873;n c&ocirc;ng nghi&#7879;p v&agrave; kh&#7843; n&#259;ng t&iacute;ch h&#7907;p linh ho&#7841;t, SpectraTrend HT l&agrave; c&ocirc;ng c&#7909; l&yacute; t&#432;&#7903;ng cho c&aacute;c h&#7879; th&#7889;ng qu&#7843;n l&yacute; ch&#7845;t l&#432;&#7907;ng hi&#7879;n &#273;&#7841;i h&#432;&#7899;ng t&#7899;i s&#7843;n xu&#7845;t &#7893;n &#273;&#7883;nh v&agrave; b&#7873;n v&#7919;ng. H&atilde;y li&ecirc;n h&#7879; v&#7899;i V&#7841;n N&#259;ng ngay &#273;&#7875; &#273;&#432;&#7907;c t&#432; v&#7845;n chuy&ecirc;n s&acirc;u v&agrave; nh&#7853;n nh&#7919;ng &#432;u &#273;&atilde;i h&#7845;p d&#7851;n nh&#7845;t th&ocirc;ng qua hotline0903 991 335!<\/p><div style=\"background-color: #f8fafc; border: 1px solid #e2e8f0; border-radius: 8px; padding: 25px; max-width: 800px; margin: 30px auto; color: #334155; line-height: 1.8; font-size: 17px; box-shadow: 0 4px 6px -1px rgba(0,0,0,0.05); text-align: left; clear: both;\">\nC&ocirc;ng ty TNHH Th&#432;&#417;ng M&#7841;i D&#7883;ch V&#7909; Thi&#7871;t B&#7883; C&ocirc;ng Ngh&#7879; V&#7841;n N&#259;ng\n<p style=\"margin: 0 0 10px 0;\">&#128205; <strong style=\"color: #1e293b;\">&#272;&#7883;a ch&#7881;:<\/strong> <a style=\"color: #059669; text-decoration: none; font-weight: bold;\" href=\"https:\/\/www.google.com\/maps\/search\/C%C3%B4ng+ty+TNHH+Th%C6%B0%C6%A1ng+M%E1%BA%A1i+D%E1%BB%8Bch+V%E1%BB%A5+Thi%E1%BA%BFt+B%E1%BB%8B+C%C3%B4ng+Ngh%E1%BB%87+V%E1%BA%A1n+N%C4%83ng+818+Tr%C6%B0%E1%BB%9Dng+Chinh\" target=\"_blank\" rel=\"noopener\">818 Tr&#432;&#7901;ng Chinh, Ph&#432;&#7901;ng T&acirc;n S&#417;n, Th&agrave;nh ph&#7889; H&#7891; Ch&iacute; Minh, Vi&#7879;t Nam<\/a><\/p>\n<p style=\"margin: 0 0 10px 0;\">&#128222; <strong style=\"color: #1e293b;\">S&#272;T &ndash; Zalo:<\/strong> <a style=\"color: #059669; text-decoration: none; font-weight: bold;\" href=\"https:\/\/zalo.me\/0903991335\" target=\"_blank\" rel=\"noopener\">0903 991 335<\/a> <span style=\"color: #64748b; font-style: italic;\">(Ms. H&#7841;nh &ndash; Gi&aacute;m &#272;&#7889;c Kinh Doanh)<\/span><\/p>\n<p style=\"margin: 0;\">&#9993;&#65039; <strong style=\"color: #1e293b;\">Email:<\/strong> <a style=\"color: #059669; text-decoration: none; font-weight: bold;\" href=\"mailto:hienhanh@vannangvn.com\">hienhanh@vannangvn.com<\/a><\/p>\n<\/div><\/h1>","protected":false},"excerpt":{"rendered":"<p><strong>Th&#432;&#417;ng hi&#7879;u:<\/strong> Hunter Lab<br>\n<strong>Model:<\/strong> SpectraTrend HT<p>Product <strong>M&Aacute;Y &#272;O M&Agrave;U KH&Ocirc;NG TI&#7870;P X&Uacute;C HUNTER LAB MODEL SPECTRATREND HT<\/strong> ch&iacute;nh h&atilde;ng. Hunter Lab (USA)<br>\nM&aacute;y &#272;o M&agrave;u Kh&ocirc;ng Ti&#7871;p X&uacute;c Hunter Lab Model Spectratrend HT l&agrave; h&#7879; th&#7889;ng gi&aacute;m s&aacute;t m&agrave;u s&#7855;c quy tr&igrave;nh kh&ocirc;ng ti&#7871;p x&uacute;c, &#273;o m&agrave;u v&agrave; chi&#7873;u cao theo th&#7901;i gian th&#7921;c, ph&ugrave; h&#7907;p d&acirc;y chuy&#7873;n s&#7843;n xu&#7845;t t&#7889;c &#273;&#7897; cao, h&#7895; tr&#7907; GMP, Six Sigma v&agrave; ki&#7875;m so&aacute;t ch&#7845;t l&#432;&#7907;ng hi&#7879;u qu&#7843;.<\/p><\/p>","protected":false},"featured_media":0,"comment_status":"open","ping_status":"closed","template":"","meta":[],"product_brand":[],"product_cat":[18],"product_tag":[116,130,181,285,831,832,1150,1994,2081,2082,109],"class_list":{"0":"post-6954","1":"product","2":"type-product","3":"status-publish","5":"product_cat-chua-phan-loai","6":"product_tag-model","7":"product_tag-mau","8":"product_tag-do","9":"product_tag-khong","10":"product_tag-tiep","11":"product_tag-xuc","12":"product_tag-lab","13":"product_tag-ht","14":"product_tag-hunter","15":"product_tag-spectratrend","16":"product_tag-may","18":"first","19":"instock","20":"shipping-taxable","21":"product-type-simple"},"yoast_head":"<!-- This site is optimized with the Yoast SEO Premium plugin v24.8 (Yoast SEO v24.8) - https:\/\/yoast.com\/wordpress\/plugins\/seo\/ -->\n<title>M\u00c1Y \u0110O M\u00c0U KH\u00d4NG TI\u1ebeP X\u00daC HUNTER LA... ch\u00ednh h\u00e3ng | V\u1ea1n N\u0103ng<\/title>\n<meta name=\"description\" content=\"Mua ngay M\u00c1Y \u0110O M\u00c0U KH\u00d4NG TI\u1ebeP X\u00daC HUNTER LAB MODEL SPECTRATREND HT ch\u00ednh h\u00e3ng. M\u00e1y \u0110o M\u00e0u Kh\u00f4ng Ti\u1ebfp X\u00fac Hunter Lab Model Spectra... Gi\u00e1 t\u1ed1t!\" \/>\n<meta name=\"robots\" content=\"noindex, follow, max-snippet:-1, max-image-preview:large, max-video-preview:-1\" \/>\n<meta property=\"og:locale\" content=\"en_US\" \/>\n<meta property=\"og:type\" content=\"article\" \/>\n<meta property=\"og:title\" content=\"M\u00c1Y \u0110O M\u00c0U KH\u00d4NG TI\u1ebeP X\u00daC HUNTER LAB MODEL SPECTRATREND HT\" \/>\n<meta property=\"og:description\" content=\"Mua ngay M\u00c1Y \u0110O M\u00c0U KH\u00d4NG TI\u1ebeP X\u00daC HUNTER LAB MODEL SPECTRATREND HT ch\u00ednh h\u00e3ng. M\u00e1y \u0110o M\u00e0u Kh\u00f4ng Ti\u1ebfp X\u00fac Hunter Lab Model Spectra... Gi\u00e1 t\u1ed1t!\" \/>\n<meta property=\"og:url\" content=\"https:\/\/vannangvn.123websitedev.com\/en\/product\/may-do-mau-khong-tiep-xuc-hunter-lab-model-spectratrend-ht\/\" \/>\n<meta property=\"og:site_name\" content=\"Vannang.vn\" \/>\n<meta property=\"article:modified_time\" content=\"2026-03-30T11:32:16+00:00\" \/>\n<meta name=\"twitter:card\" content=\"summary_large_image\" \/>\n<meta name=\"twitter:label1\" content=\"Est. reading time\" \/>\n\t<meta name=\"twitter:data1\" content=\"7 minutes\" \/>\n<script type=\"application\/ld+json\" class=\"yoast-schema-graph\">{\"@context\":\"https:\/\/schema.org\",\"@graph\":[{\"@type\":\"WebPage\",\"@id\":\"https:\/\/vannangvn.123websitedev.com\/san-pham\/may-do-mau-khong-tiep-xuc-hunter-lab-model-spectratrend-ht\/\",\"url\":\"https:\/\/vannangvn.123websitedev.com\/san-pham\/may-do-mau-khong-tiep-xuc-hunter-lab-model-spectratrend-ht\/\",\"name\":\"M\u00c1Y \u0110O M\u00c0U KH\u00d4NG TI\u1ebeP X\u00daC HUNTER LA... ch\u00ednh h\u00e3ng | V\u1ea1n N\u0103ng\",\"isPartOf\":{\"@id\":\"https:\/\/vannangvn.123websitedev.com\/#website\"},\"datePublished\":\"2026-03-20T10:40:28+00:00\",\"dateModified\":\"2026-03-30T11:32:16+00:00\",\"description\":\"Mua ngay M\u00c1Y \u0110O M\u00c0U KH\u00d4NG TI\u1ebeP X\u00daC HUNTER LAB MODEL SPECTRATREND HT ch\u00ednh h\u00e3ng. M\u00e1y \u0110o M\u00e0u Kh\u00f4ng Ti\u1ebfp X\u00fac Hunter Lab Model Spectra... Gi\u00e1 t\u1ed1t!\",\"breadcrumb\":{\"@id\":\"https:\/\/vannangvn.123websitedev.com\/san-pham\/may-do-mau-khong-tiep-xuc-hunter-lab-model-spectratrend-ht\/#breadcrumb\"},\"inLanguage\":\"en-US\",\"potentialAction\":[{\"@type\":\"ReadAction\",\"target\":[\"https:\/\/vannangvn.123websitedev.com\/san-pham\/may-do-mau-khong-tiep-xuc-hunter-lab-model-spectratrend-ht\/\"]}]},{\"@type\":\"BreadcrumbList\",\"@id\":\"https:\/\/vannangvn.123websitedev.com\/san-pham\/may-do-mau-khong-tiep-xuc-hunter-lab-model-spectratrend-ht\/#breadcrumb\",\"itemListElement\":[{\"@type\":\"ListItem\",\"position\":1,\"name\":\"Trang ch\u1ee7\",\"item\":\"https:\/\/vannangvn.123websitedev.com\/\"},{\"@type\":\"ListItem\",\"position\":2,\"name\":\"S\u1ea3n ph\u1ea9m\",\"item\":\"https:\/\/vannangvn.123websitedev.com\/cua-hang\/\"},{\"@type\":\"ListItem\",\"position\":3,\"name\":\"M\u00c1Y \u0110O M\u00c0U KH\u00d4NG TI\u1ebeP X\u00daC HUNTER LAB MODEL SPECTRATREND HT\"}]},{\"@type\":\"WebSite\",\"@id\":\"https:\/\/vannangvn.123websitedev.com\/#website\",\"url\":\"https:\/\/vannangvn.123websitedev.com\/\",\"name\":\"Vannang.vn\",\"description\":\"\",\"publisher\":{\"@id\":\"https:\/\/vannangvn.123websitedev.com\/#organization\"},\"potentialAction\":[{\"@type\":\"SearchAction\",\"target\":{\"@type\":\"EntryPoint\",\"urlTemplate\":\"https:\/\/vannangvn.123websitedev.com\/?s={search_term_string}\"},\"query-input\":{\"@type\":\"PropertyValueSpecification\",\"valueRequired\":true,\"valueName\":\"search_term_string\"}}],\"inLanguage\":\"en-US\"},{\"@type\":\"Organization\",\"@id\":\"https:\/\/vannangvn.123websitedev.com\/#organization\",\"name\":\"Vannang.vn\",\"url\":\"https:\/\/vannangvn.123websitedev.com\/\",\"logo\":{\"@type\":\"ImageObject\",\"inLanguage\":\"en-US\",\"@id\":\"https:\/\/vannangvn.123websitedev.com\/#\/schema\/logo\/image\/\",\"url\":\"https:\/\/vannangvn.123websitedev.com\/wp-content\/uploads\/2026\/02\/logo-van-nang-02.png\",\"contentUrl\":\"https:\/\/vannangvn.123websitedev.com\/wp-content\/uploads\/2026\/02\/logo-van-nang-02.png\",\"width\":448,\"height\":111,\"caption\":\"Vannang.vn\"},\"image\":{\"@id\":\"https:\/\/vannangvn.123websitedev.com\/#\/schema\/logo\/image\/\"}}]}<\/script>\n<!-- \/ Yoast SEO Premium plugin. -->","yoast_head_json":{"title":"M\u00c1Y \u0110O M\u00c0U KH\u00d4NG TI\u1ebeP X\u00daC HUNTER LA... ch\u00ednh h\u00e3ng | V\u1ea1n N\u0103ng","description":"Mua ngay M\u00c1Y \u0110O M\u00c0U KH\u00d4NG TI\u1ebeP X\u00daC HUNTER LAB MODEL SPECTRATREND HT ch\u00ednh h\u00e3ng. M\u00e1y \u0110o M\u00e0u Kh\u00f4ng Ti\u1ebfp X\u00fac Hunter Lab Model Spectra... Gi\u00e1 t\u1ed1t!","robots":{"index":"noindex","follow":"follow","max-snippet":"max-snippet:-1","max-image-preview":"max-image-preview:large","max-video-preview":"max-video-preview:-1"},"og_locale":"en_US","og_type":"article","og_title":"M\u00c1Y \u0110O M\u00c0U KH\u00d4NG TI\u1ebeP X\u00daC HUNTER LAB MODEL SPECTRATREND HT","og_description":"Mua ngay M\u00c1Y \u0110O M\u00c0U KH\u00d4NG TI\u1ebeP X\u00daC HUNTER LAB MODEL SPECTRATREND HT ch\u00ednh h\u00e3ng. M\u00e1y \u0110o M\u00e0u Kh\u00f4ng Ti\u1ebfp X\u00fac Hunter Lab Model Spectra... Gi\u00e1 t\u1ed1t!","og_url":"https:\/\/vannangvn.123websitedev.com\/en\/product\/may-do-mau-khong-tiep-xuc-hunter-lab-model-spectratrend-ht\/","og_site_name":"Vannang.vn","article_modified_time":"2026-03-30T11:32:16+00:00","twitter_card":"summary_large_image","twitter_misc":{"Est. reading time":"7 minutes"},"schema":{"@context":"https:\/\/schema.org","@graph":[{"@type":"WebPage","@id":"https:\/\/vannangvn.123websitedev.com\/san-pham\/may-do-mau-khong-tiep-xuc-hunter-lab-model-spectratrend-ht\/","url":"https:\/\/vannangvn.123websitedev.com\/san-pham\/may-do-mau-khong-tiep-xuc-hunter-lab-model-spectratrend-ht\/","name":"M\u00c1Y \u0110O M\u00c0U KH\u00d4NG TI\u1ebeP X\u00daC HUNTER LA... ch\u00ednh h\u00e3ng | V\u1ea1n N\u0103ng","isPartOf":{"@id":"https:\/\/vannangvn.123websitedev.com\/#website"},"datePublished":"2026-03-20T10:40:28+00:00","dateModified":"2026-03-30T11:32:16+00:00","description":"Mua ngay M\u00c1Y \u0110O M\u00c0U KH\u00d4NG TI\u1ebeP X\u00daC HUNTER LAB MODEL SPECTRATREND HT ch\u00ednh h\u00e3ng. M\u00e1y \u0110o M\u00e0u Kh\u00f4ng Ti\u1ebfp X\u00fac Hunter Lab Model Spectra... Gi\u00e1 t\u1ed1t!","breadcrumb":{"@id":"https:\/\/vannangvn.123websitedev.com\/san-pham\/may-do-mau-khong-tiep-xuc-hunter-lab-model-spectratrend-ht\/#breadcrumb"},"inLanguage":"en-US","potentialAction":[{"@type":"ReadAction","target":["https:\/\/vannangvn.123websitedev.com\/san-pham\/may-do-mau-khong-tiep-xuc-hunter-lab-model-spectratrend-ht\/"]}]},{"@type":"BreadcrumbList","@id":"https:\/\/vannangvn.123websitedev.com\/san-pham\/may-do-mau-khong-tiep-xuc-hunter-lab-model-spectratrend-ht\/#breadcrumb","itemListElement":[{"@type":"ListItem","position":1,"name":"Trang ch\u1ee7","item":"https:\/\/vannangvn.123websitedev.com\/"},{"@type":"ListItem","position":2,"name":"S\u1ea3n ph\u1ea9m","item":"https:\/\/vannangvn.123websitedev.com\/cua-hang\/"},{"@type":"ListItem","position":3,"name":"M\u00c1Y \u0110O M\u00c0U KH\u00d4NG TI\u1ebeP X\u00daC HUNTER LAB MODEL SPECTRATREND HT"}]},{"@type":"WebSite","@id":"https:\/\/vannangvn.123websitedev.com\/#website","url":"https:\/\/vannangvn.123websitedev.com\/","name":"Vannang.vn","description":"","publisher":{"@id":"https:\/\/vannangvn.123websitedev.com\/#organization"},"potentialAction":[{"@type":"SearchAction","target":{"@type":"EntryPoint","urlTemplate":"https:\/\/vannangvn.123websitedev.com\/?s={search_term_string}"},"query-input":{"@type":"PropertyValueSpecification","valueRequired":true,"valueName":"search_term_string"}}],"inLanguage":"en-US"},{"@type":"Organization","@id":"https:\/\/vannangvn.123websitedev.com\/#organization","name":"Vannang.vn","url":"https:\/\/vannangvn.123websitedev.com\/","logo":{"@type":"ImageObject","inLanguage":"en-US","@id":"https:\/\/vannangvn.123websitedev.com\/#\/schema\/logo\/image\/","url":"https:\/\/vannangvn.123websitedev.com\/wp-content\/uploads\/2026\/02\/logo-van-nang-02.png","contentUrl":"https:\/\/vannangvn.123websitedev.com\/wp-content\/uploads\/2026\/02\/logo-van-nang-02.png","width":448,"height":111,"caption":"Vannang.vn"},"image":{"@id":"https:\/\/vannangvn.123websitedev.com\/#\/schema\/logo\/image\/"}}]}},"_links":{"self":[{"href":"https:\/\/vannangvn.123websitedev.com\/en\/wp-json\/wp\/v2\/product\/6954","targetHints":{"allow":["GET"]}}],"collection":[{"href":"https:\/\/vannangvn.123websitedev.com\/en\/wp-json\/wp\/v2\/product"}],"about":[{"href":"https:\/\/vannangvn.123websitedev.com\/en\/wp-json\/wp\/v2\/types\/product"}],"replies":[{"embeddable":true,"href":"https:\/\/vannangvn.123websitedev.com\/en\/wp-json\/wp\/v2\/comments?post=6954"}],"wp:attachment":[{"href":"https:\/\/vannangvn.123websitedev.com\/en\/wp-json\/wp\/v2\/media?parent=6954"}],"wp:term":[{"taxonomy":"product_brand","embeddable":true,"href":"https:\/\/vannangvn.123websitedev.com\/en\/wp-json\/wp\/v2\/product_brand?post=6954"},{"taxonomy":"product_cat","embeddable":true,"href":"https:\/\/vannangvn.123websitedev.com\/en\/wp-json\/wp\/v2\/product_cat?post=6954"},{"taxonomy":"product_tag","embeddable":true,"href":"https:\/\/vannangvn.123websitedev.com\/en\/wp-json\/wp\/v2\/product_tag?post=6954"}],"curies":[{"name":"wp","href":"https:\/\/api.w.org\/{rel}","templated":true}]}}